{"id":13366,"date":"2022-09-27T21:02:43","date_gmt":"2022-09-27T21:02:43","guid":{"rendered":"https:\/\/boutique-one-piece.com\/uncategorized\/figurine-one-piece-zoro-roronoa-film-z-edition\/"},"modified":"2024-09-16T13:15:13","modified_gmt":"2024-09-16T13:15:13","slug":"figur-one-piece-zoro-roronoa-film-z-edition","status":"publish","type":"product","link":"https:\/\/boutique-one-piece.com\/de\/one-piece-fanartikel\/lorenor-zorro-einteilige-leckereien\/figur-one-piece-zoro-roronoa-film-z-edition\/","title":{"rendered":"One Piece Zoro Roronoa Movie Z Edition Figur"},"content":{"rendered":"<h2>Junger Pirat, es ist an der Zeit, dass du dir diese One Piece Zoro Roronoa Movie Z Edition Figur holst.<\/h2>\n<p>Zur Erinnerung:, <strong>One Piece: Z<\/strong> ist ein Film von Tatsuya Nagamine aus dem Jahr 2012. In diesem Film m\u00fcssen sich Ruffy und seine Crew \u2026 <strong>ein ehemaliger Admiral der Marine<\/strong> namens Z, der alle Piraten in der Neuen Welt mit Hilfe von Steinen namens Dyna-Felsen ausl\u00f6schen will, deren Zerst\u00f6rungskraft der der Antiken Waffen ebenb\u00fcrtig ist. Was \u2026 betrifft \u2026 <strong>Zoro<\/strong>, Das ist Ihnen nicht unbekannt.<b> <\/b>dass er eine Figur aus One Piece ist.<\/p>\n<p>Dies ist ein <strong>Schwertk\u00e4mpfer<\/strong> Dessen Ziel es ist, der gr\u00f6\u00dfte Schwertk\u00e4mpfer der Welt zu werden, begibt er sich mit seinem Kapit\u00e4n und seiner Crew auf die Grand Line, um das One Piece zu finden. Und falls Sie Ihre Figurensammlung erweitern m\u00f6chten, <a title=\"ONE PIECE SANJI FILM Z FIGUR\" href=\"https:\/\/boutique-one-piece.com\/de\/one-piece-sanji-movie-z-figur\/\" target=\"_blank\" rel=\"noopener\">Sanji-Figur aus dem Film Z<\/a> ist in Ihrer Reichweite.<\/p>\n<h3>Sind Sie also von der Figur Zoro Roronoa aus dem Film Z fasziniert? Wenn ja, begleiten Sie ihn auf diesem spannenden Abenteuer.<\/h3>\n<p>Ob eingefleischter Fan oder erfahrener Sammler \u2013 diese legend\u00e4ren St\u00fccke sind genau das Richtige f\u00fcr Sie. Z\u00f6gern Sie also nicht l\u00e4nger und nutzen Sie die Gelegenheit, Ihre Sammlung zu erweitern.<strong> dein One Piece Universum<\/strong>. Dein Schicksal liegt nun in deinen H\u00e4nden, junger Pirat. Geh an Bord der Thousand Sunny und werde Teil der Crew der <strong>Kapit\u00e4n Monkey D. Luffy<\/strong>.<\/p>\n<h2>Informationen zur Zoro Roronoa Movie Z Edition Figur\u00a0<\/h2>\n<ul>\n<li><span><b><u>One Piece Figur<\/u><\/b>\u00a0Premium One Piece-Figur f\u00fcr echte Piraten<\/span><\/li>\n<\/ul>\n<ul>\n<li>\n<b>Gegenstand<\/b><span>\u00a0<\/span>PVC<\/li>\n<\/ul>\n<ul>\n<li><span><strong>Dimension<\/strong>\u00a023 cm<\/span><\/li>\n<\/ul>\n<ul>\n<li><span><strong>KOSTENLOSE LIEFERUNG<\/strong><\/span><\/li>\n<\/ul>","protected":false},"excerpt":{"rendered":"<p>Junger Pirat, es ist soweit! Schnapp dir diese One Piece Zoro Roronoa Movie Z Edition Figur. Zur Erinnerung: One Piece: Z ist ein Film aus dem Jahr 2012 unter der Regie von Tatsuya Nagamine. In diesem Film m\u00fcssen Ruffy und seine Crew sich einem ehemaligen Marineadmiral namens Z stellen, der \u2026<\/p>","protected":false},"featured_media":13368,"comment_status":"open","ping_status":"open","template":"","meta":[],"product_brand":[],"product_cat":[76,162,151],"product_tag":[113],"class_list":{"0":"post-13366","1":"product","2":"type-product","3":"status-publish","4":"has-post-thumbnail","6":"product_cat-figurines-one-piece","7":"product_cat-figurines-roronoa-zoro","8":"product_cat-goodies-roronoa-zoro-one-piece","9":"product_tag-zoro","11":"first","12":"instock","13":"purchasable","14":"product-type-simple"},"yoast_head":"<!-- This site is optimized with the Yoast SEO plugin v27.5 - https:\/\/yoast.com\/product\/yoast-seo-wordpress\/ -->\n<title>Figurine One Piece Zoro Roronoa Film Z \u00c9dition | Figurine One Piece \u2013 Boutique One Piece<\/title>\n<meta name=\"description\" content=\"Jeune pirate, le moment est venu pour toi de te procurer cette Figurine One Piece Zoro Roronoa Film Z \u00c9dition. Pour rappel, One Piece : Z est un film r\u00e9alis\u00e9 en 2012 par Tatsuya Nagamine. Dans ce film, Luffy et son \u00e9quipage vont devoir affronter un ancien amiral de la Marine baptis\u00e9 Z qui veut \u00e9liminer tous les pirates\" \/>\n<meta name=\"robots\" content=\"index, follow, max-snippet:-1, max-image-preview:large, max-video-preview:-1\" \/>\n<link rel=\"canonical\" href=\"https:\/\/boutique-one-piece.com\/de\/one-piece-figuren\/roronoa-zoro-figuren\/figur-one-piece-zoro-roronoa-film-z-edition\/\" \/>\n<meta property=\"og:locale\" content=\"de_DE\" \/>\n<meta property=\"og:type\" content=\"article\" \/>\n<meta property=\"og:title\" content=\"Figurine One Piece Zoro Roronoa Film Z \u00c9dition | Figurine One Piece \u2013 Boutique One Piece\" \/>\n<meta property=\"og:description\" content=\"Jeune pirate, le moment est venu pour toi de te procurer cette Figurine One Piece Zoro Roronoa Film Z \u00c9dition. Pour rappel, One Piece : Z est un film r\u00e9alis\u00e9 en 2012 par Tatsuya Nagamine. Dans ce film, Luffy et son \u00e9quipage vont devoir affronter un ancien amiral de la Marine baptis\u00e9 Z qui veut \u00e9liminer tous les pirates\" \/>\n<meta property=\"og:url\" content=\"https:\/\/boutique-one-piece.com\/de\/one-piece-figuren\/roronoa-zoro-figuren\/figur-one-piece-zoro-roronoa-film-z-edition\/\" \/>\n<meta property=\"og:site_name\" content=\"Boutique One Piece\" \/>\n<meta property=\"article:modified_time\" content=\"2024-09-16T13:15:13+00:00\" \/>\n<meta property=\"og:image\" content=\"https:\/\/boutique-one-piece.com\/wp-content\/uploads\/2022\/09\/Figurine-One-Piece-Zoro-Roronoa-Film-Z-Edition.jpg\" \/>\n\t<meta property=\"og:image:width\" content=\"400\" \/>\n\t<meta property=\"og:image:height\" content=\"400\" \/>\n\t<meta property=\"og:image:type\" content=\"image\/jpeg\" \/>\n<meta name=\"twitter:card\" content=\"summary_large_image\" \/>\n<meta name=\"twitter:label1\" content=\"Gesch\u00e4tzte Lesezeit\" \/>\n\t<meta name=\"twitter:data1\" content=\"1\u00a0Minute\" \/>\n<script type=\"application\/ld+json\" class=\"yoast-schema-graph\">{\"@context\":\"https:\\\/\\\/schema.org\",\"@graph\":[{\"@type\":\"WebPage\",\"@id\":\"https:\\\/\\\/boutique-one-piece.com\\\/figurines-one-piece\\\/figurines-roronoa-zoro\\\/figurine-one-piece-zoro-roronoa-film-z-edition\\\/\",\"url\":\"https:\\\/\\\/boutique-one-piece.com\\\/figurines-one-piece\\\/figurines-roronoa-zoro\\\/figurine-one-piece-zoro-roronoa-film-z-edition\\\/\",\"name\":\"Figurine One Piece Zoro Roronoa Film Z \u00c9dition | Figurine One Piece \u2013 Boutique One Piece\",\"isPartOf\":{\"@id\":\"https:\\\/\\\/boutique-one-piece.com\\\/#website\"},\"primaryImageOfPage\":{\"@id\":\"https:\\\/\\\/boutique-one-piece.com\\\/figurines-one-piece\\\/figurines-roronoa-zoro\\\/figurine-one-piece-zoro-roronoa-film-z-edition\\\/#primaryimage\"},\"image\":{\"@id\":\"https:\\\/\\\/boutique-one-piece.com\\\/figurines-one-piece\\\/figurines-roronoa-zoro\\\/figurine-one-piece-zoro-roronoa-film-z-edition\\\/#primaryimage\"},\"thumbnailUrl\":\"https:\\\/\\\/boutique-one-piece.com\\\/wp-content\\\/uploads\\\/2022\\\/09\\\/Figurine-One-Piece-Zoro-Roronoa-Film-Z-Edition.jpg\",\"datePublished\":\"2022-09-27T21:02:43+00:00\",\"dateModified\":\"2024-09-16T13:15:13+00:00\",\"description\":\"Jeune pirate, le moment est venu pour toi de te procurer cette Figurine One Piece Zoro Roronoa Film Z \u00c9dition. Pour rappel, One Piece : Z est un film r\u00e9alis\u00e9 en 2012 par Tatsuya Nagamine. Dans ce film, Luffy et son \u00e9quipage vont devoir affronter un ancien amiral de la Marine baptis\u00e9 Z qui veut \u00e9liminer tous les pirates\",\"breadcrumb\":{\"@id\":\"https:\\\/\\\/boutique-one-piece.com\\\/figurines-one-piece\\\/figurines-roronoa-zoro\\\/figurine-one-piece-zoro-roronoa-film-z-edition\\\/#breadcrumb\"},\"inLanguage\":\"de\",\"potentialAction\":[{\"@type\":\"ReadAction\",\"target\":[\"https:\\\/\\\/boutique-one-piece.com\\\/figurines-one-piece\\\/figurines-roronoa-zoro\\\/figurine-one-piece-zoro-roronoa-film-z-edition\\\/\"]}]},{\"@type\":\"ImageObject\",\"inLanguage\":\"de\",\"@id\":\"https:\\\/\\\/boutique-one-piece.com\\\/figurines-one-piece\\\/figurines-roronoa-zoro\\\/figurine-one-piece-zoro-roronoa-film-z-edition\\\/#primaryimage\",\"url\":\"https:\\\/\\\/boutique-one-piece.com\\\/wp-content\\\/uploads\\\/2022\\\/09\\\/Figurine-One-Piece-Zoro-Roronoa-Film-Z-Edition.jpg\",\"contentUrl\":\"https:\\\/\\\/boutique-one-piece.com\\\/wp-content\\\/uploads\\\/2022\\\/09\\\/Figurine-One-Piece-Zoro-Roronoa-Film-Z-Edition.jpg\",\"width\":400,\"height\":400,\"caption\":\"Figurine One Piece Zoro Roronoa Film Z \u00c9dition Default Title\"},{\"@type\":\"BreadcrumbList\",\"@id\":\"https:\\\/\\\/boutique-one-piece.com\\\/figurines-one-piece\\\/figurines-roronoa-zoro\\\/figurine-one-piece-zoro-roronoa-film-z-edition\\\/#breadcrumb\",\"itemListElement\":[{\"@type\":\"ListItem\",\"position\":1,\"name\":\"Home\",\"item\":\"https:\\\/\\\/boutique-one-piece.com\\\/\"},{\"@type\":\"ListItem\",\"position\":2,\"name\":\"Shop\",\"item\":\"https:\\\/\\\/boutique-one-piece.com\\\/shop\\\/\"},{\"@type\":\"ListItem\",\"position\":3,\"name\":\"Figurine One Piece Zoro Roronoa Film Z \u00c9dition\"}]},{\"@type\":\"WebSite\",\"@id\":\"https:\\\/\\\/boutique-one-piece.com\\\/#website\",\"url\":\"https:\\\/\\\/boutique-one-piece.com\\\/\",\"name\":\"Boutique One Piece\",\"description\":\"Magasin Sp\u00e9cialis\u00e9 du Manga et l&#039;Anime One Piece\",\"publisher\":{\"@id\":\"https:\\\/\\\/boutique-one-piece.com\\\/#organization\"},\"potentialAction\":[{\"@type\":\"SearchAction\",\"target\":{\"@type\":\"EntryPoint\",\"urlTemplate\":\"https:\\\/\\\/boutique-one-piece.com\\\/?s={search_term_string}\"},\"query-input\":{\"@type\":\"PropertyValueSpecification\",\"valueRequired\":true,\"valueName\":\"search_term_string\"}}],\"inLanguage\":\"de\"},{\"@type\":\"Organization\",\"@id\":\"https:\\\/\\\/boutique-one-piece.com\\\/#organization\",\"name\":\"Boutique One Piece\",\"url\":\"https:\\\/\\\/boutique-one-piece.com\\\/\",\"logo\":{\"@type\":\"ImageObject\",\"inLanguage\":\"de\",\"@id\":\"https:\\\/\\\/boutique-one-piece.com\\\/#\\\/schema\\\/logo\\\/image\\\/\",\"url\":\"https:\\\/\\\/boutique-one-piece.com\\\/wp-content\\\/uploads\\\/2022\\\/09\\\/Logo-01.png\",\"contentUrl\":\"https:\\\/\\\/boutique-one-piece.com\\\/wp-content\\\/uploads\\\/2022\\\/09\\\/Logo-01.png\",\"width\":2318,\"height\":957,\"caption\":\"Boutique One Piece\"},\"image\":{\"@id\":\"https:\\\/\\\/boutique-one-piece.com\\\/#\\\/schema\\\/logo\\\/image\\\/\"}}]}<\/script>\n<!-- \/ Yoast SEO plugin. -->","yoast_head_json":{"title":"One Piece Zoro Roronoa Movie Z Edition Figur | One Piece Figur \u2013 One Piece Shop","description":"Junger Pirat, es ist soweit! Schnapp dir diese One Piece Zoro Roronoa Movie Z Edition Figur. Zur Erinnerung: One Piece: Z ist ein Film aus dem Jahr 2012 unter der Regie von Tatsuya Nagamine. In diesem Film m\u00fcssen Ruffy und seine Crew sich einem ehemaligen Marineadmiral namens Z stellen, der alle Piraten ausl\u00f6schen will.","robots":{"index":"index","follow":"follow","max-snippet":"max-snippet:-1","max-image-preview":"max-image-preview:large","max-video-preview":"max-video-preview:-1"},"canonical":"https:\/\/boutique-one-piece.com\/de\/one-piece-figuren\/roronoa-zoro-figuren\/figur-one-piece-zoro-roronoa-film-z-edition\/","og_locale":"de_DE","og_type":"article","og_title":"Figurine One Piece Zoro Roronoa Film Z \u00c9dition | Figurine One Piece \u2013 Boutique One Piece","og_description":"Jeune pirate, le moment est venu pour toi de te procurer cette Figurine One Piece Zoro Roronoa Film Z \u00c9dition. Pour rappel, One Piece : Z est un film r\u00e9alis\u00e9 en 2012 par Tatsuya Nagamine. Dans ce film, Luffy et son \u00e9quipage vont devoir affronter un ancien amiral de la Marine baptis\u00e9 Z qui veut \u00e9liminer tous les pirates","og_url":"https:\/\/boutique-one-piece.com\/de\/one-piece-figuren\/roronoa-zoro-figuren\/figur-one-piece-zoro-roronoa-film-z-edition\/","og_site_name":"Boutique One Piece","article_modified_time":"2024-09-16T13:15:13+00:00","og_image":[{"width":400,"height":400,"url":"https:\/\/boutique-one-piece.com\/wp-content\/uploads\/2022\/09\/Figurine-One-Piece-Zoro-Roronoa-Film-Z-Edition.jpg","type":"image\/jpeg"}],"twitter_card":"summary_large_image","twitter_misc":{"Gesch\u00e4tzte Lesezeit":"1\u00a0Minute"},"schema":{"@context":"https:\/\/schema.org","@graph":[{"@type":"WebPage","@id":"https:\/\/boutique-one-piece.com\/figurines-one-piece\/figurines-roronoa-zoro\/figurine-one-piece-zoro-roronoa-film-z-edition\/","url":"https:\/\/boutique-one-piece.com\/figurines-one-piece\/figurines-roronoa-zoro\/figurine-one-piece-zoro-roronoa-film-z-edition\/","name":"One Piece Zoro Roronoa Movie Z Edition Figur | One Piece Figur \u2013 One Piece Shop","isPartOf":{"@id":"https:\/\/boutique-one-piece.com\/#website"},"primaryImageOfPage":{"@id":"https:\/\/boutique-one-piece.com\/figurines-one-piece\/figurines-roronoa-zoro\/figurine-one-piece-zoro-roronoa-film-z-edition\/#primaryimage"},"image":{"@id":"https:\/\/boutique-one-piece.com\/figurines-one-piece\/figurines-roronoa-zoro\/figurine-one-piece-zoro-roronoa-film-z-edition\/#primaryimage"},"thumbnailUrl":"https:\/\/boutique-one-piece.com\/wp-content\/uploads\/2022\/09\/Figurine-One-Piece-Zoro-Roronoa-Film-Z-Edition.jpg","datePublished":"2022-09-27T21:02:43+00:00","dateModified":"2024-09-16T13:15:13+00:00","description":"Junger Pirat, es ist soweit! Schnapp dir diese One Piece Zoro Roronoa Movie Z Edition Figur. Zur Erinnerung: One Piece: Z ist ein Film aus dem Jahr 2012 unter der Regie von Tatsuya Nagamine. In diesem Film m\u00fcssen Ruffy und seine Crew sich einem ehemaligen Marineadmiral namens Z stellen, der alle Piraten ausl\u00f6schen will.","breadcrumb":{"@id":"https:\/\/boutique-one-piece.com\/figurines-one-piece\/figurines-roronoa-zoro\/figurine-one-piece-zoro-roronoa-film-z-edition\/#breadcrumb"},"inLanguage":"de","potentialAction":[{"@type":"ReadAction","target":["https:\/\/boutique-one-piece.com\/figurines-one-piece\/figurines-roronoa-zoro\/figurine-one-piece-zoro-roronoa-film-z-edition\/"]}]},{"@type":"ImageObject","inLanguage":"de","@id":"https:\/\/boutique-one-piece.com\/figurines-one-piece\/figurines-roronoa-zoro\/figurine-one-piece-zoro-roronoa-film-z-edition\/#primaryimage","url":"https:\/\/boutique-one-piece.com\/wp-content\/uploads\/2022\/09\/Figurine-One-Piece-Zoro-Roronoa-Film-Z-Edition.jpg","contentUrl":"https:\/\/boutique-one-piece.com\/wp-content\/uploads\/2022\/09\/Figurine-One-Piece-Zoro-Roronoa-Film-Z-Edition.jpg","width":400,"height":400,"caption":"Figurine One Piece Zoro Roronoa Film Z \u00c9dition Default Title"},{"@type":"BreadcrumbList","@id":"https:\/\/boutique-one-piece.com\/figurines-one-piece\/figurines-roronoa-zoro\/figurine-one-piece-zoro-roronoa-film-z-edition\/#breadcrumb","itemListElement":[{"@type":"ListItem","position":1,"name":"Home","item":"https:\/\/boutique-one-piece.com\/"},{"@type":"ListItem","position":2,"name":"Shop","item":"https:\/\/boutique-one-piece.com\/shop\/"},{"@type":"ListItem","position":3,"name":"Figurine One Piece Zoro Roronoa Film Z \u00c9dition"}]},{"@type":"WebSite","@id":"https:\/\/boutique-one-piece.com\/#website","url":"https:\/\/boutique-one-piece.com\/","name":"One Piece Shop","description":"Fachgesch\u00e4ft f\u00fcr One Piece Manga und Anime","publisher":{"@id":"https:\/\/boutique-one-piece.com\/#organization"},"potentialAction":[{"@type":"SearchAction","target":{"@type":"EntryPoint","urlTemplate":"https:\/\/boutique-one-piece.com\/?s={search_term_string}"},"query-input":{"@type":"PropertyValueSpecification","valueRequired":true,"valueName":"search_term_string"}}],"inLanguage":"de"},{"@type":"Organization","@id":"https:\/\/boutique-one-piece.com\/#organization","name":"One Piece Shop","url":"https:\/\/boutique-one-piece.com\/","logo":{"@type":"ImageObject","inLanguage":"de","@id":"https:\/\/boutique-one-piece.com\/#\/schema\/logo\/image\/","url":"https:\/\/boutique-one-piece.com\/wp-content\/uploads\/2022\/09\/Logo-01.png","contentUrl":"https:\/\/boutique-one-piece.com\/wp-content\/uploads\/2022\/09\/Logo-01.png","width":2318,"height":957,"caption":"Boutique One Piece"},"image":{"@id":"https:\/\/boutique-one-piece.com\/#\/schema\/logo\/image\/"}}]}},"_links":{"self":[{"href":"https:\/\/boutique-one-piece.com\/de\/wp-json\/wp\/v2\/product\/13366","targetHints":{"allow":["GET"]}}],"collection":[{"href":"https:\/\/boutique-one-piece.com\/de\/wp-json\/wp\/v2\/product"}],"about":[{"href":"https:\/\/boutique-one-piece.com\/de\/wp-json\/wp\/v2\/types\/product"}],"replies":[{"embeddable":true,"href":"https:\/\/boutique-one-piece.com\/de\/wp-json\/wp\/v2\/comments?post=13366"}],"wp:featuredmedia":[{"embeddable":true,"href":"https:\/\/boutique-one-piece.com\/de\/wp-json\/wp\/v2\/media\/13368"}],"wp:attachment":[{"href":"https:\/\/boutique-one-piece.com\/de\/wp-json\/wp\/v2\/media?parent=13366"}],"wp:term":[{"taxonomy":"product_brand","embeddable":true,"href":"https:\/\/boutique-one-piece.com\/de\/wp-json\/wp\/v2\/product_brand?post=13366"},{"taxonomy":"product_cat","embeddable":true,"href":"https:\/\/boutique-one-piece.com\/de\/wp-json\/wp\/v2\/product_cat?post=13366"},{"taxonomy":"product_tag","embeddable":true,"href":"https:\/\/boutique-one-piece.com\/de\/wp-json\/wp\/v2\/product_tag?post=13366"}],"curies":[{"name":"wp","href":"https:\/\/api.w.org\/{rel}","templated":true}]}}