{"id":13477,"date":"2022-09-27T21:20:34","date_gmt":"2022-09-27T21:20:34","guid":{"rendered":"https:\/\/boutique-one-piece.com\/uncategorized\/figurine-one-piece-sanji-la-jambe-noire\/"},"modified":"2024-09-16T13:17:10","modified_gmt":"2024-09-16T13:17:10","slug":"one-piece-sanji-black-leg-figur","status":"publish","type":"product","link":"https:\/\/boutique-one-piece.com\/de\/one-piece-fanartikel\/goodies-vinsmoke-sanji-one-piece\/one-piece-sanji-black-leg-figur\/","title":{"rendered":"One Piece Sanji Black Leg Figur"},"content":{"rendered":"<h2>Junger Pirat, es ist an der Zeit, dass du dir diese One Piece Sanji Black Leg Figur sicherst.<\/h2>\n<p>Sanji, der vor seiner Namens\u00e4nderung Vinsmoke Sanji hie\u00df, tr\u00e4gt den Spitznamen <strong>Sanji, der Schwarze Bein<\/strong>. Es ist auch<strong> der Koch<\/strong> Er geh\u00f6rt zur Strohhutbande. Er ist der Erbe einer Kampfkunst, die sich dadurch auszeichnet, dass sie nur die Beine benutzt, und deren mutma\u00dflicher Sch\u00f6pfer Zeff ist.<\/p>\n<p>Wo wir gerade von Zeff sprechen: Er ist ein ehemaliger Pirat, bekannt als Rotbein-Zeff. Au\u00dferdem ist er der K\u00fcchenchef des Restaurantschiffs Baratie. Er ist auch Sanjis Mentor und scheint ihm seine Techniken beigebracht zu haben. \u00dcbrigens, falls ihr Fans dieses Duos seid, <a title=\"ONE PIECE ZEFF UND SANJI FIGUR\" href=\"https:\/\/boutique-one-piece.com\/de\/one-piece-zeff-und-sanji-figur\/\" target=\"_blank\" rel=\"noopener\">Sanji und Zelf Figur<\/a> ist in Ihrer Reichweite.<\/p>\n<h3>Sind Sie also von der Sanji-Figur fasziniert? Wenn ja, z\u00f6gern Sie nicht l\u00e4nger und nutzen Sie diese Gelegenheit, diese besondere Kampfkunst an seiner Seite zu erlernen.<\/h3>\n<p>Junger Pirat, es ist an der Zeit, dass du an Bord der Thousand Sunny gehst und dich auf die Suche nach dem\/der\/dem\/der\/dem\/der\/dem\/der\/den ...den\/der\/den\/den\/der\/den\/den\/der\/den\/den\/der\/den\/die\/den\/die\/das begibst\/in\/ <strong>One Piece-Schatz<\/strong> Sichere dir jetzt diese legend\u00e4ren Gegenst\u00e4nde! Sie eignen sich perfekt zum Verschenken, Dekorieren oder Sammeln und erweitern dein One Piece-Universum. Nimm dein Schicksal selbst in die Hand. <strong>junger Pirat,<\/strong> Viele Abenteuer erwarten dich!<\/p>\n<h2>Informationen zur Sanji-Figur mit schwarzem Bein\u00a0<\/h2>\n<ul>\n<li><span><b><u>One Piece Figur<\/u><\/b>\u00a0Premium One Piece-Figur f\u00fcr echte Piraten<\/span><\/li>\n<\/ul>\n<ul>\n<li>\n<b>Gegenstand<\/b><span>\u00a0<\/span>PVC<\/li>\n<\/ul>\n<ul>\n<li><span><strong>Dimension<\/strong>\u00a016 cm<\/span><\/li>\n<\/ul>\n<ul>\n<li><span><strong>KOSTENLOSE LIEFERUNG<\/strong><\/span><\/li>\n<\/ul>","protected":false},"excerpt":{"rendered":"<p>Junger Pirat, es ist an der Zeit, dir diese One Piece Black Leg Sanji-Figur zu sichern! Sanji, geboren als Vinsmoke Sanji, bevor er seinen Nachnamen ablegte, tr\u00e4gt den Spitznamen Black Leg Sanji. Er ist au\u00dferdem der Koch der Strohhutbande und der Erbe einer Kampfkunst, die [\u2026]<\/p>","protected":false},"featured_media":13479,"comment_status":"open","ping_status":"open","template":"","meta":[],"product_brand":[],"product_cat":[76,275,164],"product_tag":[112],"class_list":{"0":"post-13477","1":"product","2":"type-product","3":"status-publish","4":"has-post-thumbnail","6":"product_cat-figurines-one-piece","7":"product_cat-figurines-vinsmoke-sanji","8":"product_cat-goodies-vinsmoke-sanji-one-piece","9":"product_tag-sanji","11":"first","12":"instock","13":"purchasable","14":"product-type-simple"},"yoast_head":"<!-- This site is optimized with the Yoast SEO plugin v27.5 - https:\/\/yoast.com\/product\/yoast-seo-wordpress\/ -->\n<title>Figurine One Piece Sanji la Jambe Noire | Figurine One Piece \u2013 Boutique One Piece<\/title>\n<meta name=\"description\" content=\"Jeune pirate, le moment est venu pour toi de te procurer cette Figurine One Piece Sanji la Jambe Noire. Sanji, n\u00e9 Vinsmoke Sanji avant de renoncer \u00e0 son nom de famille, est surnomm\u00e9 Sanji la Jambe Noire. C&#039;est aussi le cuisinier de l&#039;\u00c9quipage de Chapeau de Paille. Il est l&#039;h\u00e9ritier d&#039;un art martial pr\u00e9sentant la partic\" \/>\n<meta name=\"robots\" content=\"index, follow, max-snippet:-1, max-image-preview:large, max-video-preview:-1\" \/>\n<link rel=\"canonical\" href=\"https:\/\/boutique-one-piece.com\/de\/one-piece-figuren\/vinsmoke-sanji-figuren\/one-piece-sanji-black-leg-figur\/\" \/>\n<meta property=\"og:locale\" content=\"de_DE\" \/>\n<meta property=\"og:type\" content=\"article\" \/>\n<meta property=\"og:title\" content=\"Figurine One Piece Sanji la Jambe Noire | Figurine One Piece \u2013 Boutique One Piece\" \/>\n<meta property=\"og:description\" content=\"Jeune pirate, le moment est venu pour toi de te procurer cette Figurine One Piece Sanji la Jambe Noire. Sanji, n\u00e9 Vinsmoke Sanji avant de renoncer \u00e0 son nom de famille, est surnomm\u00e9 Sanji la Jambe Noire. C&#039;est aussi le cuisinier de l&#039;\u00c9quipage de Chapeau de Paille. Il est l&#039;h\u00e9ritier d&#039;un art martial pr\u00e9sentant la partic\" \/>\n<meta property=\"og:url\" content=\"https:\/\/boutique-one-piece.com\/de\/one-piece-figuren\/vinsmoke-sanji-figuren\/one-piece-sanji-black-leg-figur\/\" \/>\n<meta property=\"og:site_name\" content=\"Boutique One Piece\" \/>\n<meta property=\"article:modified_time\" content=\"2024-09-16T13:17:10+00:00\" \/>\n<meta property=\"og:image\" content=\"https:\/\/boutique-one-piece.com\/wp-content\/uploads\/2022\/09\/Figurine-One-Piece-Sanji-la-Jambe-Noire-1.jpg\" \/>\n\t<meta property=\"og:image:width\" content=\"800\" \/>\n\t<meta property=\"og:image:height\" content=\"800\" \/>\n\t<meta property=\"og:image:type\" content=\"image\/jpeg\" \/>\n<meta name=\"twitter:card\" content=\"summary_large_image\" \/>\n<meta name=\"twitter:label1\" content=\"Gesch\u00e4tzte Lesezeit\" \/>\n\t<meta name=\"twitter:data1\" content=\"1\u00a0Minute\" \/>\n<script type=\"application\/ld+json\" class=\"yoast-schema-graph\">{\"@context\":\"https:\\\/\\\/schema.org\",\"@graph\":[{\"@type\":\"WebPage\",\"@id\":\"https:\\\/\\\/boutique-one-piece.com\\\/figurines-one-piece\\\/figurines-vinsmoke-sanji\\\/figurine-one-piece-sanji-la-jambe-noire\\\/\",\"url\":\"https:\\\/\\\/boutique-one-piece.com\\\/figurines-one-piece\\\/figurines-vinsmoke-sanji\\\/figurine-one-piece-sanji-la-jambe-noire\\\/\",\"name\":\"Figurine One Piece Sanji la Jambe Noire | Figurine One Piece \u2013 Boutique One Piece\",\"isPartOf\":{\"@id\":\"https:\\\/\\\/boutique-one-piece.com\\\/#website\"},\"primaryImageOfPage\":{\"@id\":\"https:\\\/\\\/boutique-one-piece.com\\\/figurines-one-piece\\\/figurines-vinsmoke-sanji\\\/figurine-one-piece-sanji-la-jambe-noire\\\/#primaryimage\"},\"image\":{\"@id\":\"https:\\\/\\\/boutique-one-piece.com\\\/figurines-one-piece\\\/figurines-vinsmoke-sanji\\\/figurine-one-piece-sanji-la-jambe-noire\\\/#primaryimage\"},\"thumbnailUrl\":\"https:\\\/\\\/boutique-one-piece.com\\\/wp-content\\\/uploads\\\/2022\\\/09\\\/Figurine-One-Piece-Sanji-la-Jambe-Noire-1.jpg\",\"datePublished\":\"2022-09-27T21:20:34+00:00\",\"dateModified\":\"2024-09-16T13:17:10+00:00\",\"description\":\"Jeune pirate, le moment est venu pour toi de te procurer cette Figurine One Piece Sanji la Jambe Noire. Sanji, n\u00e9 Vinsmoke Sanji avant de renoncer \u00e0 son nom de famille, est surnomm\u00e9 Sanji la Jambe Noire. C'est aussi le cuisinier de l'\u00c9quipage de Chapeau de Paille. Il est l'h\u00e9ritier d'un art martial pr\u00e9sentant la partic\",\"breadcrumb\":{\"@id\":\"https:\\\/\\\/boutique-one-piece.com\\\/figurines-one-piece\\\/figurines-vinsmoke-sanji\\\/figurine-one-piece-sanji-la-jambe-noire\\\/#breadcrumb\"},\"inLanguage\":\"de\",\"potentialAction\":[{\"@type\":\"ReadAction\",\"target\":[\"https:\\\/\\\/boutique-one-piece.com\\\/figurines-one-piece\\\/figurines-vinsmoke-sanji\\\/figurine-one-piece-sanji-la-jambe-noire\\\/\"]}]},{\"@type\":\"ImageObject\",\"inLanguage\":\"de\",\"@id\":\"https:\\\/\\\/boutique-one-piece.com\\\/figurines-one-piece\\\/figurines-vinsmoke-sanji\\\/figurine-one-piece-sanji-la-jambe-noire\\\/#primaryimage\",\"url\":\"https:\\\/\\\/boutique-one-piece.com\\\/wp-content\\\/uploads\\\/2022\\\/09\\\/Figurine-One-Piece-Sanji-la-Jambe-Noire-1.jpg\",\"contentUrl\":\"https:\\\/\\\/boutique-one-piece.com\\\/wp-content\\\/uploads\\\/2022\\\/09\\\/Figurine-One-Piece-Sanji-la-Jambe-Noire-1.jpg\",\"width\":800,\"height\":800},{\"@type\":\"BreadcrumbList\",\"@id\":\"https:\\\/\\\/boutique-one-piece.com\\\/figurines-one-piece\\\/figurines-vinsmoke-sanji\\\/figurine-one-piece-sanji-la-jambe-noire\\\/#breadcrumb\",\"itemListElement\":[{\"@type\":\"ListItem\",\"position\":1,\"name\":\"Home\",\"item\":\"https:\\\/\\\/boutique-one-piece.com\\\/\"},{\"@type\":\"ListItem\",\"position\":2,\"name\":\"Shop\",\"item\":\"https:\\\/\\\/boutique-one-piece.com\\\/shop\\\/\"},{\"@type\":\"ListItem\",\"position\":3,\"name\":\"Figurine One Piece Sanji la Jambe Noire\"}]},{\"@type\":\"WebSite\",\"@id\":\"https:\\\/\\\/boutique-one-piece.com\\\/#website\",\"url\":\"https:\\\/\\\/boutique-one-piece.com\\\/\",\"name\":\"Boutique One Piece\",\"description\":\"Magasin Sp\u00e9cialis\u00e9 du Manga et l&#039;Anime One Piece\",\"publisher\":{\"@id\":\"https:\\\/\\\/boutique-one-piece.com\\\/#organization\"},\"potentialAction\":[{\"@type\":\"SearchAction\",\"target\":{\"@type\":\"EntryPoint\",\"urlTemplate\":\"https:\\\/\\\/boutique-one-piece.com\\\/?s={search_term_string}\"},\"query-input\":{\"@type\":\"PropertyValueSpecification\",\"valueRequired\":true,\"valueName\":\"search_term_string\"}}],\"inLanguage\":\"de\"},{\"@type\":\"Organization\",\"@id\":\"https:\\\/\\\/boutique-one-piece.com\\\/#organization\",\"name\":\"Boutique One Piece\",\"url\":\"https:\\\/\\\/boutique-one-piece.com\\\/\",\"logo\":{\"@type\":\"ImageObject\",\"inLanguage\":\"de\",\"@id\":\"https:\\\/\\\/boutique-one-piece.com\\\/#\\\/schema\\\/logo\\\/image\\\/\",\"url\":\"https:\\\/\\\/boutique-one-piece.com\\\/wp-content\\\/uploads\\\/2022\\\/09\\\/Logo-01.png\",\"contentUrl\":\"https:\\\/\\\/boutique-one-piece.com\\\/wp-content\\\/uploads\\\/2022\\\/09\\\/Logo-01.png\",\"width\":2318,\"height\":957,\"caption\":\"Boutique One Piece\"},\"image\":{\"@id\":\"https:\\\/\\\/boutique-one-piece.com\\\/#\\\/schema\\\/logo\\\/image\\\/\"}}]}<\/script>\n<!-- \/ Yoast SEO plugin. -->","yoast_head_json":{"title":"One Piece Sanji Figur mit dem schwarzen Bein | One Piece Figur \u2013 One Piece Shop","description":"Junger Pirat, es ist an der Zeit, dir diese One Piece Black Leg Sanji-Figur zu sichern! Sanji, geboren als Vinsmoke Sanji, bevor er seinen Nachnamen ablegte, tr\u00e4gt den Spitznamen Black Leg Sanji. Er ist au\u00dferdem der Koch der Strohhutbande und der Erbe einer Kampfkunst, die unter anderem folgende Techniken beinhaltet: ...","robots":{"index":"index","follow":"follow","max-snippet":"max-snippet:-1","max-image-preview":"max-image-preview:large","max-video-preview":"max-video-preview:-1"},"canonical":"https:\/\/boutique-one-piece.com\/de\/one-piece-figuren\/vinsmoke-sanji-figuren\/one-piece-sanji-black-leg-figur\/","og_locale":"de_DE","og_type":"article","og_title":"Figurine One Piece Sanji la Jambe Noire | Figurine One Piece \u2013 Boutique One Piece","og_description":"Jeune pirate, le moment est venu pour toi de te procurer cette Figurine One Piece Sanji la Jambe Noire. Sanji, n\u00e9 Vinsmoke Sanji avant de renoncer \u00e0 son nom de famille, est surnomm\u00e9 Sanji la Jambe Noire. C'est aussi le cuisinier de l'\u00c9quipage de Chapeau de Paille. Il est l'h\u00e9ritier d'un art martial pr\u00e9sentant la partic","og_url":"https:\/\/boutique-one-piece.com\/de\/one-piece-figuren\/vinsmoke-sanji-figuren\/one-piece-sanji-black-leg-figur\/","og_site_name":"Boutique One Piece","article_modified_time":"2024-09-16T13:17:10+00:00","og_image":[{"width":800,"height":800,"url":"https:\/\/boutique-one-piece.com\/wp-content\/uploads\/2022\/09\/Figurine-One-Piece-Sanji-la-Jambe-Noire-1.jpg","type":"image\/jpeg"}],"twitter_card":"summary_large_image","twitter_misc":{"Gesch\u00e4tzte Lesezeit":"1\u00a0Minute"},"schema":{"@context":"https:\/\/schema.org","@graph":[{"@type":"WebPage","@id":"https:\/\/boutique-one-piece.com\/figurines-one-piece\/figurines-vinsmoke-sanji\/figurine-one-piece-sanji-la-jambe-noire\/","url":"https:\/\/boutique-one-piece.com\/figurines-one-piece\/figurines-vinsmoke-sanji\/figurine-one-piece-sanji-la-jambe-noire\/","name":"One Piece Sanji Figur mit dem schwarzen Bein | One Piece Figur \u2013 One Piece Shop","isPartOf":{"@id":"https:\/\/boutique-one-piece.com\/#website"},"primaryImageOfPage":{"@id":"https:\/\/boutique-one-piece.com\/figurines-one-piece\/figurines-vinsmoke-sanji\/figurine-one-piece-sanji-la-jambe-noire\/#primaryimage"},"image":{"@id":"https:\/\/boutique-one-piece.com\/figurines-one-piece\/figurines-vinsmoke-sanji\/figurine-one-piece-sanji-la-jambe-noire\/#primaryimage"},"thumbnailUrl":"https:\/\/boutique-one-piece.com\/wp-content\/uploads\/2022\/09\/Figurine-One-Piece-Sanji-la-Jambe-Noire-1.jpg","datePublished":"2022-09-27T21:20:34+00:00","dateModified":"2024-09-16T13:17:10+00:00","description":"Junger Pirat, es ist an der Zeit, dir diese One Piece Black Leg Sanji-Figur zu sichern! Sanji, geboren als Vinsmoke Sanji, bevor er seinen Nachnamen ablegte, tr\u00e4gt den Spitznamen Black Leg Sanji. Er ist au\u00dferdem der Koch der Strohhutbande und der Erbe einer Kampfkunst, die unter anderem folgende Techniken beinhaltet: ...","breadcrumb":{"@id":"https:\/\/boutique-one-piece.com\/figurines-one-piece\/figurines-vinsmoke-sanji\/figurine-one-piece-sanji-la-jambe-noire\/#breadcrumb"},"inLanguage":"de","potentialAction":[{"@type":"ReadAction","target":["https:\/\/boutique-one-piece.com\/figurines-one-piece\/figurines-vinsmoke-sanji\/figurine-one-piece-sanji-la-jambe-noire\/"]}]},{"@type":"ImageObject","inLanguage":"de","@id":"https:\/\/boutique-one-piece.com\/figurines-one-piece\/figurines-vinsmoke-sanji\/figurine-one-piece-sanji-la-jambe-noire\/#primaryimage","url":"https:\/\/boutique-one-piece.com\/wp-content\/uploads\/2022\/09\/Figurine-One-Piece-Sanji-la-Jambe-Noire-1.jpg","contentUrl":"https:\/\/boutique-one-piece.com\/wp-content\/uploads\/2022\/09\/Figurine-One-Piece-Sanji-la-Jambe-Noire-1.jpg","width":800,"height":800},{"@type":"BreadcrumbList","@id":"https:\/\/boutique-one-piece.com\/figurines-one-piece\/figurines-vinsmoke-sanji\/figurine-one-piece-sanji-la-jambe-noire\/#breadcrumb","itemListElement":[{"@type":"ListItem","position":1,"name":"Home","item":"https:\/\/boutique-one-piece.com\/"},{"@type":"ListItem","position":2,"name":"Shop","item":"https:\/\/boutique-one-piece.com\/shop\/"},{"@type":"ListItem","position":3,"name":"Figurine One Piece Sanji la Jambe Noire"}]},{"@type":"WebSite","@id":"https:\/\/boutique-one-piece.com\/#website","url":"https:\/\/boutique-one-piece.com\/","name":"One Piece Shop","description":"Fachgesch\u00e4ft f\u00fcr One Piece Manga und Anime","publisher":{"@id":"https:\/\/boutique-one-piece.com\/#organization"},"potentialAction":[{"@type":"SearchAction","target":{"@type":"EntryPoint","urlTemplate":"https:\/\/boutique-one-piece.com\/?s={search_term_string}"},"query-input":{"@type":"PropertyValueSpecification","valueRequired":true,"valueName":"search_term_string"}}],"inLanguage":"de"},{"@type":"Organization","@id":"https:\/\/boutique-one-piece.com\/#organization","name":"One Piece Shop","url":"https:\/\/boutique-one-piece.com\/","logo":{"@type":"ImageObject","inLanguage":"de","@id":"https:\/\/boutique-one-piece.com\/#\/schema\/logo\/image\/","url":"https:\/\/boutique-one-piece.com\/wp-content\/uploads\/2022\/09\/Logo-01.png","contentUrl":"https:\/\/boutique-one-piece.com\/wp-content\/uploads\/2022\/09\/Logo-01.png","width":2318,"height":957,"caption":"Boutique One Piece"},"image":{"@id":"https:\/\/boutique-one-piece.com\/#\/schema\/logo\/image\/"}}]}},"_links":{"self":[{"href":"https:\/\/boutique-one-piece.com\/de\/wp-json\/wp\/v2\/product\/13477","targetHints":{"allow":["GET"]}}],"collection":[{"href":"https:\/\/boutique-one-piece.com\/de\/wp-json\/wp\/v2\/product"}],"about":[{"href":"https:\/\/boutique-one-piece.com\/de\/wp-json\/wp\/v2\/types\/product"}],"replies":[{"embeddable":true,"href":"https:\/\/boutique-one-piece.com\/de\/wp-json\/wp\/v2\/comments?post=13477"}],"wp:featuredmedia":[{"embeddable":true,"href":"https:\/\/boutique-one-piece.com\/de\/wp-json\/wp\/v2\/media\/13479"}],"wp:attachment":[{"href":"https:\/\/boutique-one-piece.com\/de\/wp-json\/wp\/v2\/media?parent=13477"}],"wp:term":[{"taxonomy":"product_brand","embeddable":true,"href":"https:\/\/boutique-one-piece.com\/de\/wp-json\/wp\/v2\/product_brand?post=13477"},{"taxonomy":"product_cat","embeddable":true,"href":"https:\/\/boutique-one-piece.com\/de\/wp-json\/wp\/v2\/product_cat?post=13477"},{"taxonomy":"product_tag","embeddable":true,"href":"https:\/\/boutique-one-piece.com\/de\/wp-json\/wp\/v2\/product_tag?post=13477"}],"curies":[{"name":"wp","href":"https:\/\/api.w.org\/{rel}","templated":true}]}}