{"id":13549,"date":"2022-09-27T21:21:16","date_gmt":"2022-09-27T21:21:16","guid":{"rendered":"https:\/\/boutique-one-piece.com\/uncategorized\/figurine-one-piece-ace-accroupi\/"},"modified":"2024-09-16T13:18:32","modified_gmt":"2024-09-16T13:18:32","slug":"one-piece-ace-figur-in-geduckter-haltung","status":"publish","type":"product","link":"https:\/\/boutique-one-piece.com\/de\/one-piece-figuren\/portgas-dace-figuren\/one-piece-ace-figur-in-geduckter-haltung\/","title":{"rendered":"One Piece Ace kauernde Figur"},"content":{"rendered":"<h2>Junger Trainer, es ist an der Zeit, dass du dir diese One Piece Crouching Ace Figur holst.<\/h2>\n<p>Hier ist, was Sie dar\u00fcber wissen m\u00fcssen <strong>Ace<\/strong> ; m\u00eame s\u2019ils ne sont pas du m\u00eame sang, Luffy et Ace se consid\u00e8rent comme de vrais fr\u00e8res. Ils ont \u00e9chang\u00e9, avec Sabo, une coupe de sak\u00e9 pour symboliser <strong>ihre Br\u00fcderschaft<\/strong>. D\u00e9j\u00e0 enfant, Ace battait toujours Luffy quand ils se bagarraient, alors qu\u2019il n\u2019avait aucun pouvoir \u00e0 cette \u00e9poque tandis que Luffy, lui, avait d\u00e9j\u00e0 mang\u00e9 le Gomu Gomu no Mi, ce qui prouve ses \u00e9normes aptitudes au combat.<\/p>\n<p>Cependant, apr\u00e8s l\u2019ellipse, Luffy a beaucoup progress\u00e9, mais reste loin du niveau de son grand fr\u00e8re. Enfin, Ace a \u00e9t\u00e9 tu\u00e9 par l\u2019Amiral Akainu en voulant prot\u00e9ger Luffy durant l\u2019Arc Marineford. D\u2019ailleurs, la <a title=\"ONE PIECE MONKEY D LUFFY K\u00d6NIG DER PIRATEN FIGUR\" href=\"https:\/\/boutique-one-piece.com\/de\/one-piece-figur-monkey-d-luffy-konig-der-piraten\/\" target=\"_blank\" rel=\"noopener\">Monkey D. Luffy Figur<\/a> ist in Ihrer Reichweite.<\/p>\n<h3>Alors, conquis par la figurine de Ace ? N\u2019h\u00e9site plus et saisis cette opportunit\u00e9 de rencontrer ce brave Ace. Deviens un combattant aussi agile et puissante que lui.<\/h3>\n<p>Ob eingefleischter Fan oder erfahrener Sammler \u2013 diese Kultobjekte sind genau das Richtige f\u00fcr Sie. Sie eignen sich perfekt zum Verschenken, Sammeln oder Dekorieren und werden Ihre Sammlung bereichern. <strong>dein One Piece Universum<\/strong>. N\u2019attends plus une seconde et embraque \u00e0 bord du <strong>Tausend Sonnen<\/strong>, bien des aventures t\u2019y attendent !<\/p>\n<h2>Informationen zur Ace-Figur in der Hocke\u00a0<\/h2>\n<ul>\n<li><span><b><u>One Piece Figur<\/u><\/b>\u00a0: Figurine\u00a0 premium de l\u2019univers One Piece pour les vrais pirates<\/span><\/li>\n<\/ul>\n<ul>\n<li>\n<b>Gegenstand<\/b><span>\u00a0<\/span>PVC<\/li>\n<\/ul>\n<ul>\n<li><span><strong>Dimension<\/strong>\u00a0: 15 cm<\/span><\/li>\n<\/ul>\n<ul>\n<li><span><strong>KOSTENLOSE LIEFERUNG<\/strong><\/span><\/li>\n<\/ul>","protected":false},"excerpt":{"rendered":"<p>Jeune dresseur, le moment est venu pour toi de te procurer cette Figurine One Piece Ace Accroupi. Voici ce que tu dois savoir au sujet de Ace ; m\u00eame s\u2019ils ne sont pas du m\u00eame sang, Luffy et Ace se consid\u00e8rent comme de vrais fr\u00e8res. Ils ont \u00e9chang\u00e9, avec Sabo, une coupe de sak\u00e9 pour [&hellip;]<\/p>","protected":false},"featured_media":13551,"comment_status":"open","ping_status":"open","template":"","meta":[],"product_brand":[],"product_cat":[76,179],"product_tag":[176],"class_list":{"0":"post-13549","1":"product","2":"type-product","3":"status-publish","4":"has-post-thumbnail","6":"product_cat-figurines-one-piece","7":"product_cat-figurines-portgas-d-ace","8":"product_tag-ace","10":"first","11":"instock","12":"purchasable","13":"product-type-simple"},"yoast_head":"<!-- This site is optimized with the Yoast SEO plugin v27.5 - https:\/\/yoast.com\/product\/yoast-seo-wordpress\/ -->\n<title>Figurine One Piece Ace Accroupi | Figurine One Piece \u2013 Boutique One Piece<\/title>\n<meta name=\"description\" content=\"Jeune dresseur, le moment est venu pour toi de te procurer cette Figurine One Piece Ace Accroupi. Voici ce que tu dois savoir au sujet de Ace ; m\u00eame s&#039;ils ne sont pas du m\u00eame sang, Luffy et Ace se consid\u00e8rent comme de vrais fr\u00e8res. Ils ont \u00e9chang\u00e9, avec Sabo, une coupe de sak\u00e9 pour symboliser leur fraternit\u00e9. D\u00e9j\u00e0 enfa\" \/>\n<meta name=\"robots\" content=\"index, follow, max-snippet:-1, max-image-preview:large, max-video-preview:-1\" \/>\n<link rel=\"canonical\" href=\"https:\/\/boutique-one-piece.com\/de\/one-piece-figuren\/portgas-dace-figuren\/one-piece-ace-figur-in-geduckter-haltung\/\" \/>\n<meta property=\"og:locale\" content=\"de_DE\" \/>\n<meta property=\"og:type\" content=\"article\" \/>\n<meta property=\"og:title\" content=\"Figurine One Piece Ace Accroupi | Figurine One Piece \u2013 Boutique One Piece\" \/>\n<meta property=\"og:description\" content=\"Jeune dresseur, le moment est venu pour toi de te procurer cette Figurine One Piece Ace Accroupi. Voici ce que tu dois savoir au sujet de Ace ; m\u00eame s&#039;ils ne sont pas du m\u00eame sang, Luffy et Ace se consid\u00e8rent comme de vrais fr\u00e8res. Ils ont \u00e9chang\u00e9, avec Sabo, une coupe de sak\u00e9 pour symboliser leur fraternit\u00e9. D\u00e9j\u00e0 enfa\" \/>\n<meta property=\"og:url\" content=\"https:\/\/boutique-one-piece.com\/de\/one-piece-figuren\/portgas-dace-figuren\/one-piece-ace-figur-in-geduckter-haltung\/\" \/>\n<meta property=\"og:site_name\" content=\"Boutique One Piece\" \/>\n<meta property=\"article:modified_time\" content=\"2024-09-16T13:18:32+00:00\" \/>\n<meta property=\"og:image\" content=\"https:\/\/boutique-one-piece.com\/wp-content\/uploads\/2022\/09\/Figurine-One-Piece-Ace-Accroupi-1.jpg\" \/>\n\t<meta property=\"og:image:width\" content=\"776\" \/>\n\t<meta property=\"og:image:height\" content=\"721\" \/>\n\t<meta property=\"og:image:type\" content=\"image\/jpeg\" \/>\n<meta name=\"twitter:card\" content=\"summary_large_image\" \/>\n<meta name=\"twitter:label1\" content=\"Gesch\u00e4tzte Lesezeit\" \/>\n\t<meta name=\"twitter:data1\" content=\"1\u00a0Minute\" \/>\n<script type=\"application\/ld+json\" class=\"yoast-schema-graph\">{\"@context\":\"https:\\\/\\\/schema.org\",\"@graph\":[{\"@type\":\"WebPage\",\"@id\":\"https:\\\/\\\/boutique-one-piece.com\\\/figurines-one-piece\\\/figurines-portgas-d-ace\\\/figurine-one-piece-ace-accroupi\\\/\",\"url\":\"https:\\\/\\\/boutique-one-piece.com\\\/figurines-one-piece\\\/figurines-portgas-d-ace\\\/figurine-one-piece-ace-accroupi\\\/\",\"name\":\"Figurine One Piece Ace Accroupi | Figurine One Piece \u2013 Boutique One Piece\",\"isPartOf\":{\"@id\":\"https:\\\/\\\/boutique-one-piece.com\\\/#website\"},\"primaryImageOfPage\":{\"@id\":\"https:\\\/\\\/boutique-one-piece.com\\\/figurines-one-piece\\\/figurines-portgas-d-ace\\\/figurine-one-piece-ace-accroupi\\\/#primaryimage\"},\"image\":{\"@id\":\"https:\\\/\\\/boutique-one-piece.com\\\/figurines-one-piece\\\/figurines-portgas-d-ace\\\/figurine-one-piece-ace-accroupi\\\/#primaryimage\"},\"thumbnailUrl\":\"https:\\\/\\\/boutique-one-piece.com\\\/wp-content\\\/uploads\\\/2022\\\/09\\\/Figurine-One-Piece-Ace-Accroupi-1.jpg\",\"datePublished\":\"2022-09-27T21:21:16+00:00\",\"dateModified\":\"2024-09-16T13:18:32+00:00\",\"description\":\"Jeune dresseur, le moment est venu pour toi de te procurer cette Figurine One Piece Ace Accroupi. Voici ce que tu dois savoir au sujet de Ace ; m\u00eame s'ils ne sont pas du m\u00eame sang, Luffy et Ace se consid\u00e8rent comme de vrais fr\u00e8res. Ils ont \u00e9chang\u00e9, avec Sabo, une coupe de sak\u00e9 pour symboliser leur fraternit\u00e9. D\u00e9j\u00e0 enfa\",\"breadcrumb\":{\"@id\":\"https:\\\/\\\/boutique-one-piece.com\\\/figurines-one-piece\\\/figurines-portgas-d-ace\\\/figurine-one-piece-ace-accroupi\\\/#breadcrumb\"},\"inLanguage\":\"de\",\"potentialAction\":[{\"@type\":\"ReadAction\",\"target\":[\"https:\\\/\\\/boutique-one-piece.com\\\/figurines-one-piece\\\/figurines-portgas-d-ace\\\/figurine-one-piece-ace-accroupi\\\/\"]}]},{\"@type\":\"ImageObject\",\"inLanguage\":\"de\",\"@id\":\"https:\\\/\\\/boutique-one-piece.com\\\/figurines-one-piece\\\/figurines-portgas-d-ace\\\/figurine-one-piece-ace-accroupi\\\/#primaryimage\",\"url\":\"https:\\\/\\\/boutique-one-piece.com\\\/wp-content\\\/uploads\\\/2022\\\/09\\\/Figurine-One-Piece-Ace-Accroupi-1.jpg\",\"contentUrl\":\"https:\\\/\\\/boutique-one-piece.com\\\/wp-content\\\/uploads\\\/2022\\\/09\\\/Figurine-One-Piece-Ace-Accroupi-1.jpg\",\"width\":776,\"height\":721},{\"@type\":\"BreadcrumbList\",\"@id\":\"https:\\\/\\\/boutique-one-piece.com\\\/figurines-one-piece\\\/figurines-portgas-d-ace\\\/figurine-one-piece-ace-accroupi\\\/#breadcrumb\",\"itemListElement\":[{\"@type\":\"ListItem\",\"position\":1,\"name\":\"Home\",\"item\":\"https:\\\/\\\/boutique-one-piece.com\\\/\"},{\"@type\":\"ListItem\",\"position\":2,\"name\":\"Shop\",\"item\":\"https:\\\/\\\/boutique-one-piece.com\\\/shop\\\/\"},{\"@type\":\"ListItem\",\"position\":3,\"name\":\"Figurine One Piece Ace Accroupi\"}]},{\"@type\":\"WebSite\",\"@id\":\"https:\\\/\\\/boutique-one-piece.com\\\/#website\",\"url\":\"https:\\\/\\\/boutique-one-piece.com\\\/\",\"name\":\"Boutique One Piece\",\"description\":\"Magasin Sp\u00e9cialis\u00e9 du Manga et l&#039;Anime One Piece\",\"publisher\":{\"@id\":\"https:\\\/\\\/boutique-one-piece.com\\\/#organization\"},\"potentialAction\":[{\"@type\":\"SearchAction\",\"target\":{\"@type\":\"EntryPoint\",\"urlTemplate\":\"https:\\\/\\\/boutique-one-piece.com\\\/?s={search_term_string}\"},\"query-input\":{\"@type\":\"PropertyValueSpecification\",\"valueRequired\":true,\"valueName\":\"search_term_string\"}}],\"inLanguage\":\"de\"},{\"@type\":\"Organization\",\"@id\":\"https:\\\/\\\/boutique-one-piece.com\\\/#organization\",\"name\":\"Boutique One Piece\",\"url\":\"https:\\\/\\\/boutique-one-piece.com\\\/\",\"logo\":{\"@type\":\"ImageObject\",\"inLanguage\":\"de\",\"@id\":\"https:\\\/\\\/boutique-one-piece.com\\\/#\\\/schema\\\/logo\\\/image\\\/\",\"url\":\"https:\\\/\\\/boutique-one-piece.com\\\/wp-content\\\/uploads\\\/2022\\\/09\\\/Logo-01.png\",\"contentUrl\":\"https:\\\/\\\/boutique-one-piece.com\\\/wp-content\\\/uploads\\\/2022\\\/09\\\/Logo-01.png\",\"width\":2318,\"height\":957,\"caption\":\"Boutique One Piece\"},\"image\":{\"@id\":\"https:\\\/\\\/boutique-one-piece.com\\\/#\\\/schema\\\/logo\\\/image\\\/\"}}]}<\/script>\n<!-- \/ Yoast SEO plugin. -->","yoast_head_json":{"title":"One Piece Ace-Figur in der Hocke | One Piece-Figur \u2013 One Piece Shop","description":"Junger Trainer, es ist soweit! Hol dir jetzt die One Piece Crouching Ace Figur. Hier ist alles, was du \u00fcber Ace wissen musst: Obwohl sie nicht blutsverwandt sind, betrachten sich Ruffy und Ace als wahre Br\u00fcder. Sie teilten sich mit Sabo einen Becher Sake, um ihre Br\u00fcderlichkeit zu symbolisieren. Schon in ihrer Kindheit\u2026","robots":{"index":"index","follow":"follow","max-snippet":"max-snippet:-1","max-image-preview":"max-image-preview:large","max-video-preview":"max-video-preview:-1"},"canonical":"https:\/\/boutique-one-piece.com\/de\/one-piece-figuren\/portgas-dace-figuren\/one-piece-ace-figur-in-geduckter-haltung\/","og_locale":"de_DE","og_type":"article","og_title":"Figurine One Piece Ace Accroupi | Figurine One Piece \u2013 Boutique One Piece","og_description":"Jeune dresseur, le moment est venu pour toi de te procurer cette Figurine One Piece Ace Accroupi. Voici ce que tu dois savoir au sujet de Ace ; m\u00eame s'ils ne sont pas du m\u00eame sang, Luffy et Ace se consid\u00e8rent comme de vrais fr\u00e8res. Ils ont \u00e9chang\u00e9, avec Sabo, une coupe de sak\u00e9 pour symboliser leur fraternit\u00e9. D\u00e9j\u00e0 enfa","og_url":"https:\/\/boutique-one-piece.com\/de\/one-piece-figuren\/portgas-dace-figuren\/one-piece-ace-figur-in-geduckter-haltung\/","og_site_name":"Boutique One Piece","article_modified_time":"2024-09-16T13:18:32+00:00","og_image":[{"width":776,"height":721,"url":"https:\/\/boutique-one-piece.com\/wp-content\/uploads\/2022\/09\/Figurine-One-Piece-Ace-Accroupi-1.jpg","type":"image\/jpeg"}],"twitter_card":"summary_large_image","twitter_misc":{"Gesch\u00e4tzte Lesezeit":"1\u00a0Minute"},"schema":{"@context":"https:\/\/schema.org","@graph":[{"@type":"WebPage","@id":"https:\/\/boutique-one-piece.com\/figurines-one-piece\/figurines-portgas-d-ace\/figurine-one-piece-ace-accroupi\/","url":"https:\/\/boutique-one-piece.com\/figurines-one-piece\/figurines-portgas-d-ace\/figurine-one-piece-ace-accroupi\/","name":"One Piece Ace-Figur in der Hocke | One Piece-Figur \u2013 One Piece Shop","isPartOf":{"@id":"https:\/\/boutique-one-piece.com\/#website"},"primaryImageOfPage":{"@id":"https:\/\/boutique-one-piece.com\/figurines-one-piece\/figurines-portgas-d-ace\/figurine-one-piece-ace-accroupi\/#primaryimage"},"image":{"@id":"https:\/\/boutique-one-piece.com\/figurines-one-piece\/figurines-portgas-d-ace\/figurine-one-piece-ace-accroupi\/#primaryimage"},"thumbnailUrl":"https:\/\/boutique-one-piece.com\/wp-content\/uploads\/2022\/09\/Figurine-One-Piece-Ace-Accroupi-1.jpg","datePublished":"2022-09-27T21:21:16+00:00","dateModified":"2024-09-16T13:18:32+00:00","description":"Junger Trainer, es ist soweit! Hol dir jetzt die One Piece Crouching Ace Figur. Hier ist alles, was du \u00fcber Ace wissen musst: Obwohl sie nicht blutsverwandt sind, betrachten sich Ruffy und Ace als wahre Br\u00fcder. Sie teilten sich mit Sabo einen Becher Sake, um ihre Br\u00fcderlichkeit zu symbolisieren. Schon in ihrer Kindheit\u2026","breadcrumb":{"@id":"https:\/\/boutique-one-piece.com\/figurines-one-piece\/figurines-portgas-d-ace\/figurine-one-piece-ace-accroupi\/#breadcrumb"},"inLanguage":"de","potentialAction":[{"@type":"ReadAction","target":["https:\/\/boutique-one-piece.com\/figurines-one-piece\/figurines-portgas-d-ace\/figurine-one-piece-ace-accroupi\/"]}]},{"@type":"ImageObject","inLanguage":"de","@id":"https:\/\/boutique-one-piece.com\/figurines-one-piece\/figurines-portgas-d-ace\/figurine-one-piece-ace-accroupi\/#primaryimage","url":"https:\/\/boutique-one-piece.com\/wp-content\/uploads\/2022\/09\/Figurine-One-Piece-Ace-Accroupi-1.jpg","contentUrl":"https:\/\/boutique-one-piece.com\/wp-content\/uploads\/2022\/09\/Figurine-One-Piece-Ace-Accroupi-1.jpg","width":776,"height":721},{"@type":"BreadcrumbList","@id":"https:\/\/boutique-one-piece.com\/figurines-one-piece\/figurines-portgas-d-ace\/figurine-one-piece-ace-accroupi\/#breadcrumb","itemListElement":[{"@type":"ListItem","position":1,"name":"Home","item":"https:\/\/boutique-one-piece.com\/"},{"@type":"ListItem","position":2,"name":"Shop","item":"https:\/\/boutique-one-piece.com\/shop\/"},{"@type":"ListItem","position":3,"name":"Figurine One Piece Ace Accroupi"}]},{"@type":"WebSite","@id":"https:\/\/boutique-one-piece.com\/#website","url":"https:\/\/boutique-one-piece.com\/","name":"One Piece Shop","description":"Fachgesch\u00e4ft f\u00fcr One Piece Manga und Anime","publisher":{"@id":"https:\/\/boutique-one-piece.com\/#organization"},"potentialAction":[{"@type":"SearchAction","target":{"@type":"EntryPoint","urlTemplate":"https:\/\/boutique-one-piece.com\/?s={search_term_string}"},"query-input":{"@type":"PropertyValueSpecification","valueRequired":true,"valueName":"search_term_string"}}],"inLanguage":"de"},{"@type":"Organization","@id":"https:\/\/boutique-one-piece.com\/#organization","name":"One Piece Shop","url":"https:\/\/boutique-one-piece.com\/","logo":{"@type":"ImageObject","inLanguage":"de","@id":"https:\/\/boutique-one-piece.com\/#\/schema\/logo\/image\/","url":"https:\/\/boutique-one-piece.com\/wp-content\/uploads\/2022\/09\/Logo-01.png","contentUrl":"https:\/\/boutique-one-piece.com\/wp-content\/uploads\/2022\/09\/Logo-01.png","width":2318,"height":957,"caption":"Boutique One Piece"},"image":{"@id":"https:\/\/boutique-one-piece.com\/#\/schema\/logo\/image\/"}}]}},"_links":{"self":[{"href":"https:\/\/boutique-one-piece.com\/de\/wp-json\/wp\/v2\/product\/13549","targetHints":{"allow":["GET"]}}],"collection":[{"href":"https:\/\/boutique-one-piece.com\/de\/wp-json\/wp\/v2\/product"}],"about":[{"href":"https:\/\/boutique-one-piece.com\/de\/wp-json\/wp\/v2\/types\/product"}],"replies":[{"embeddable":true,"href":"https:\/\/boutique-one-piece.com\/de\/wp-json\/wp\/v2\/comments?post=13549"}],"wp:featuredmedia":[{"embeddable":true,"href":"https:\/\/boutique-one-piece.com\/de\/wp-json\/wp\/v2\/media\/13551"}],"wp:attachment":[{"href":"https:\/\/boutique-one-piece.com\/de\/wp-json\/wp\/v2\/media?parent=13549"}],"wp:term":[{"taxonomy":"product_brand","embeddable":true,"href":"https:\/\/boutique-one-piece.com\/de\/wp-json\/wp\/v2\/product_brand?post=13549"},{"taxonomy":"product_cat","embeddable":true,"href":"https:\/\/boutique-one-piece.com\/de\/wp-json\/wp\/v2\/product_cat?post=13549"},{"taxonomy":"product_tag","embeddable":true,"href":"https:\/\/boutique-one-piece.com\/de\/wp-json\/wp\/v2\/product_tag?post=13549"}],"curies":[{"name":"wp","href":"https:\/\/api.w.org\/{rel}","templated":true}]}}