{"id":13591,"date":"2022-09-27T21:21:39","date_gmt":"2022-09-27T21:21:39","guid":{"rendered":"https:\/\/boutique-one-piece.com\/uncategorized\/figurine-one-piece-chopper-dead-or-alive-sur-son-socle\/"},"modified":"2024-09-16T13:19:13","modified_gmt":"2024-09-16T13:19:13","slug":"one-piece-chopper-dead-or-alive-figur-auf-ihrem-sockel","status":"publish","type":"product","link":"https:\/\/boutique-one-piece.com\/de\/one-piece-fanartikel\/tony-goodies-tony-chopper-one-piece\/one-piece-chopper-dead-or-alive-figur-auf-ihrem-sockel\/","title":{"rendered":"One Piece Chopper Dead or Alive Figur auf ihrem Sockel"},"content":{"rendered":"<h2>Junger Pirat, es ist an der Zeit, dass du dir diese One Piece Chopper Dead or Alive Figur auf ihrem Sockel holst.<\/h2>\n<p>Zur Erinnerung: Tony Tony Chopper ist der Arzt der Strohhutbande. <strong>Chopper<\/strong> Er ist ein Rentier, das die Hito-Hito-Frucht gegessen hat und sich dadurch in einen Menschen verwandeln konnte. Er stammt urspr\u00fcnglich von Drum Island und ist somit das erste Mitglied der Strohhutbande, das dort geboren wurde. <strong>Die Stra\u00dfe aller Gefahren<\/strong>.<\/p>\n<p>Er ist das sechste Mitglied der Crew und der f\u00fcnfte, der sich ihr angeschlossen hat. W\u00e4hrend sein Kopfgeld vor dem Zeitsprung nur 50 Berry betrug, verdoppelte es sich nach den Ereignissen von Dressrosa einfach auf 100 Berry und ist damit das niedrigste der gesamten Reihe.<\/p>\n<p>Das niedrige Kopfgeld ist darauf zur\u00fcckzuf\u00fchren, dass die Marine ihn als Liebling der Besatzung betrachtet. Und falls Sie Ihre Figurensammlung erweitern m\u00f6chten, <a title=\"ONE PIECE DEAD OR ALIVE FRANKY NEW WORLD FIGUR\" href=\"https:\/\/boutique-one-piece.com\/de\/one-piece-dead-or-alive-franky-new-world-figur\/\" target=\"_blank\" rel=\"noopener\">Franky Wanted Figur<\/a> ist in Ihrer Reichweite.<\/p>\n<h3>Begeistert dich die Chopper-Kopfgeldfigur? Dann z\u00f6gere nicht l\u00e4nger und nutze die Gelegenheit, ein vollwertiges Mitglied von Monkey D. Luffys Crew zu werden.<\/h3>\n<p>Ob eingefleischter Fan oder erfahrener Sammler \u2013 hier sind Sie genau richtig! Diese Kultartikel eignen sich perfekt zum Verschenken, Dekorieren oder f\u00fcr Ihre Sammlung. Nutzen Sie diese Gelegenheit, Ihre Sammlung zu erweitern! <strong>dein One Piece Universum<\/strong>. Dein Schicksal liegt nun in deinen H\u00e4nden, junger Pirat. <strong>Der One Piece-Schatz<\/strong> Es wartet nur auf dich.<\/p>\n<h2>Informationen zur Dead or Alive Chopper-Figur auf ihrem Sockel\u00a0<\/h2>\n<ul>\n<li><span><b><u>One Piece Figur<\/u><\/b>\u00a0Premium One Piece-Figur f\u00fcr echte Piraten<\/span><\/li>\n<\/ul>\n<ul>\n<li>\n<b>Gegenstand<\/b><span>\u00a0<\/span>PVC<\/li>\n<\/ul>\n<ul>\n<li><span><strong>Dimension<\/strong>\u00a0: 10 cm<\/span><\/li>\n<\/ul>\n<ul>\n<li><span><strong>KOSTENLOSE LIEFERUNG<\/strong><\/span><\/li>\n<\/ul>","protected":false},"excerpt":{"rendered":"<p>Junger Pirat, es ist soweit! Schnapp dir diese One Piece Chopper Dead or Alive Figur mit Sockel. Zur Erinnerung: Tony Tony Chopper ist der Arzt der Strohhutbande. Chopper ist ein Rentier, das die Hito Hito no Mi gegessen hat und sich dadurch in einen Menschen verwandeln konnte. [\u2026]<\/p>","protected":false},"featured_media":13593,"comment_status":"open","ping_status":"open","template":"","meta":[],"product_brand":[],"product_cat":[76,333,163],"product_tag":[165],"class_list":{"0":"post-13591","1":"product","2":"type-product","3":"status-publish","4":"has-post-thumbnail","6":"product_cat-figurines-one-piece","7":"product_cat-figurines-tony-chopper","8":"product_cat-goodies-tony-tony-chopper-one-piece","9":"product_tag-chopper","11":"first","12":"outofstock","13":"purchasable","14":"product-type-simple"},"yoast_head":"<!-- This site is optimized with the Yoast SEO plugin v27.5 - https:\/\/yoast.com\/product\/yoast-seo-wordpress\/ -->\n<title>Figurine One Piece Chopper Dead or Alive Sur Son Socle | Figurine One Piece \u2013 Boutique One Piece<\/title>\n<meta name=\"description\" content=\"Jeune pirate, le moment est venu pour toi de te procurer cette Figurine One Piece Chopper Dead or Alive Sur Son Socle. Pour rappel, Tony Tony Chopper est le docteur de l&#039;\u00c9quipage du Chapeau de Paille. Chopper est un renne qui a mang\u00e9 le Hito Hito no Mi, lui permettant de se transformer en humain. Il est originaire de l\" \/>\n<meta name=\"robots\" content=\"index, follow, max-snippet:-1, max-image-preview:large, max-video-preview:-1\" \/>\n<link rel=\"canonical\" href=\"https:\/\/boutique-one-piece.com\/de\/one-piece-figuren\/tony-chopper-figuren\/one-piece-chopper-dead-or-alive-figur-auf-ihrem-sockel\/\" \/>\n<meta property=\"og:locale\" content=\"de_DE\" \/>\n<meta property=\"og:type\" content=\"article\" \/>\n<meta property=\"og:title\" content=\"Figurine One Piece Chopper Dead or Alive Sur Son Socle | Figurine One Piece \u2013 Boutique One Piece\" \/>\n<meta property=\"og:description\" content=\"Jeune pirate, le moment est venu pour toi de te procurer cette Figurine One Piece Chopper Dead or Alive Sur Son Socle. Pour rappel, Tony Tony Chopper est le docteur de l&#039;\u00c9quipage du Chapeau de Paille. Chopper est un renne qui a mang\u00e9 le Hito Hito no Mi, lui permettant de se transformer en humain. Il est originaire de l\" \/>\n<meta property=\"og:url\" content=\"https:\/\/boutique-one-piece.com\/de\/one-piece-figuren\/tony-chopper-figuren\/one-piece-chopper-dead-or-alive-figur-auf-ihrem-sockel\/\" \/>\n<meta property=\"og:site_name\" content=\"Boutique One Piece\" \/>\n<meta property=\"article:modified_time\" content=\"2024-09-16T13:19:13+00:00\" \/>\n<meta property=\"og:image\" content=\"https:\/\/boutique-one-piece.com\/wp-content\/uploads\/2022\/09\/Figurine-One-Piece-Chopper-Dead-or-Alive-Sur-Son-Socle.jpg\" \/>\n\t<meta property=\"og:image:width\" content=\"640\" \/>\n\t<meta property=\"og:image:height\" content=\"640\" \/>\n\t<meta property=\"og:image:type\" content=\"image\/jpeg\" \/>\n<meta name=\"twitter:card\" content=\"summary_large_image\" \/>\n<meta name=\"twitter:label1\" content=\"Gesch\u00e4tzte Lesezeit\" \/>\n\t<meta name=\"twitter:data1\" content=\"2\u00a0Minuten\" \/>\n<script type=\"application\/ld+json\" class=\"yoast-schema-graph\">{\"@context\":\"https:\\\/\\\/schema.org\",\"@graph\":[{\"@type\":\"WebPage\",\"@id\":\"https:\\\/\\\/boutique-one-piece.com\\\/figurines-one-piece\\\/figurines-tony-chopper\\\/figurine-one-piece-chopper-dead-or-alive-sur-son-socle\\\/\",\"url\":\"https:\\\/\\\/boutique-one-piece.com\\\/figurines-one-piece\\\/figurines-tony-chopper\\\/figurine-one-piece-chopper-dead-or-alive-sur-son-socle\\\/\",\"name\":\"Figurine One Piece Chopper Dead or Alive Sur Son Socle | Figurine One Piece \u2013 Boutique One Piece\",\"isPartOf\":{\"@id\":\"https:\\\/\\\/boutique-one-piece.com\\\/#website\"},\"primaryImageOfPage\":{\"@id\":\"https:\\\/\\\/boutique-one-piece.com\\\/figurines-one-piece\\\/figurines-tony-chopper\\\/figurine-one-piece-chopper-dead-or-alive-sur-son-socle\\\/#primaryimage\"},\"image\":{\"@id\":\"https:\\\/\\\/boutique-one-piece.com\\\/figurines-one-piece\\\/figurines-tony-chopper\\\/figurine-one-piece-chopper-dead-or-alive-sur-son-socle\\\/#primaryimage\"},\"thumbnailUrl\":\"https:\\\/\\\/boutique-one-piece.com\\\/wp-content\\\/uploads\\\/2022\\\/09\\\/Figurine-One-Piece-Chopper-Dead-or-Alive-Sur-Son-Socle.jpg\",\"datePublished\":\"2022-09-27T21:21:39+00:00\",\"dateModified\":\"2024-09-16T13:19:13+00:00\",\"description\":\"Jeune pirate, le moment est venu pour toi de te procurer cette Figurine One Piece Chopper Dead or Alive Sur Son Socle. Pour rappel, Tony Tony Chopper est le docteur de l'\u00c9quipage du Chapeau de Paille. Chopper est un renne qui a mang\u00e9 le Hito Hito no Mi, lui permettant de se transformer en humain. Il est originaire de l\",\"breadcrumb\":{\"@id\":\"https:\\\/\\\/boutique-one-piece.com\\\/figurines-one-piece\\\/figurines-tony-chopper\\\/figurine-one-piece-chopper-dead-or-alive-sur-son-socle\\\/#breadcrumb\"},\"inLanguage\":\"de\",\"potentialAction\":[{\"@type\":\"ReadAction\",\"target\":[\"https:\\\/\\\/boutique-one-piece.com\\\/figurines-one-piece\\\/figurines-tony-chopper\\\/figurine-one-piece-chopper-dead-or-alive-sur-son-socle\\\/\"]}]},{\"@type\":\"ImageObject\",\"inLanguage\":\"de\",\"@id\":\"https:\\\/\\\/boutique-one-piece.com\\\/figurines-one-piece\\\/figurines-tony-chopper\\\/figurine-one-piece-chopper-dead-or-alive-sur-son-socle\\\/#primaryimage\",\"url\":\"https:\\\/\\\/boutique-one-piece.com\\\/wp-content\\\/uploads\\\/2022\\\/09\\\/Figurine-One-Piece-Chopper-Dead-or-Alive-Sur-Son-Socle.jpg\",\"contentUrl\":\"https:\\\/\\\/boutique-one-piece.com\\\/wp-content\\\/uploads\\\/2022\\\/09\\\/Figurine-One-Piece-Chopper-Dead-or-Alive-Sur-Son-Socle.jpg\",\"width\":640,\"height\":640,\"caption\":\"Figurine One Piece Chopper Dead or Alive Sur Son Socle Default Title\"},{\"@type\":\"BreadcrumbList\",\"@id\":\"https:\\\/\\\/boutique-one-piece.com\\\/figurines-one-piece\\\/figurines-tony-chopper\\\/figurine-one-piece-chopper-dead-or-alive-sur-son-socle\\\/#breadcrumb\",\"itemListElement\":[{\"@type\":\"ListItem\",\"position\":1,\"name\":\"Home\",\"item\":\"https:\\\/\\\/boutique-one-piece.com\\\/\"},{\"@type\":\"ListItem\",\"position\":2,\"name\":\"Shop\",\"item\":\"https:\\\/\\\/boutique-one-piece.com\\\/shop\\\/\"},{\"@type\":\"ListItem\",\"position\":3,\"name\":\"Figurine One Piece Chopper Dead or Alive Sur Son Socle\"}]},{\"@type\":\"WebSite\",\"@id\":\"https:\\\/\\\/boutique-one-piece.com\\\/#website\",\"url\":\"https:\\\/\\\/boutique-one-piece.com\\\/\",\"name\":\"Boutique One Piece\",\"description\":\"Magasin Sp\u00e9cialis\u00e9 du Manga et l&#039;Anime One Piece\",\"publisher\":{\"@id\":\"https:\\\/\\\/boutique-one-piece.com\\\/#organization\"},\"potentialAction\":[{\"@type\":\"SearchAction\",\"target\":{\"@type\":\"EntryPoint\",\"urlTemplate\":\"https:\\\/\\\/boutique-one-piece.com\\\/?s={search_term_string}\"},\"query-input\":{\"@type\":\"PropertyValueSpecification\",\"valueRequired\":true,\"valueName\":\"search_term_string\"}}],\"inLanguage\":\"de\"},{\"@type\":\"Organization\",\"@id\":\"https:\\\/\\\/boutique-one-piece.com\\\/#organization\",\"name\":\"Boutique One Piece\",\"url\":\"https:\\\/\\\/boutique-one-piece.com\\\/\",\"logo\":{\"@type\":\"ImageObject\",\"inLanguage\":\"de\",\"@id\":\"https:\\\/\\\/boutique-one-piece.com\\\/#\\\/schema\\\/logo\\\/image\\\/\",\"url\":\"https:\\\/\\\/boutique-one-piece.com\\\/wp-content\\\/uploads\\\/2022\\\/09\\\/Logo-01.png\",\"contentUrl\":\"https:\\\/\\\/boutique-one-piece.com\\\/wp-content\\\/uploads\\\/2022\\\/09\\\/Logo-01.png\",\"width\":2318,\"height\":957,\"caption\":\"Boutique One Piece\"},\"image\":{\"@id\":\"https:\\\/\\\/boutique-one-piece.com\\\/#\\\/schema\\\/logo\\\/image\\\/\"}}]}<\/script>\n<!-- \/ Yoast SEO plugin. -->","yoast_head_json":{"title":"One Piece Chopper Dead or Alive Figur auf Sockel | One Piece Figur \u2013 One Piece Shop","description":"Junger Pirat, es ist soweit! Schnapp dir diese One Piece Chopper Dead or Alive Figur mit Sockel. Zur Erinnerung: Tony Tony Chopper ist der Arzt der Strohhutbande. Chopper ist ein Rentier, das die Hito Hito no Mi gegessen hat und sich dadurch in einen Menschen verwandeln konnte. Er stammt urspr\u00fcnglich aus...","robots":{"index":"index","follow":"follow","max-snippet":"max-snippet:-1","max-image-preview":"max-image-preview:large","max-video-preview":"max-video-preview:-1"},"canonical":"https:\/\/boutique-one-piece.com\/de\/one-piece-figuren\/tony-chopper-figuren\/one-piece-chopper-dead-or-alive-figur-auf-ihrem-sockel\/","og_locale":"de_DE","og_type":"article","og_title":"Figurine One Piece Chopper Dead or Alive Sur Son Socle | Figurine One Piece \u2013 Boutique One Piece","og_description":"Jeune pirate, le moment est venu pour toi de te procurer cette Figurine One Piece Chopper Dead or Alive Sur Son Socle. Pour rappel, Tony Tony Chopper est le docteur de l'\u00c9quipage du Chapeau de Paille. Chopper est un renne qui a mang\u00e9 le Hito Hito no Mi, lui permettant de se transformer en humain. Il est originaire de l","og_url":"https:\/\/boutique-one-piece.com\/de\/one-piece-figuren\/tony-chopper-figuren\/one-piece-chopper-dead-or-alive-figur-auf-ihrem-sockel\/","og_site_name":"Boutique One Piece","article_modified_time":"2024-09-16T13:19:13+00:00","og_image":[{"width":640,"height":640,"url":"https:\/\/boutique-one-piece.com\/wp-content\/uploads\/2022\/09\/Figurine-One-Piece-Chopper-Dead-or-Alive-Sur-Son-Socle.jpg","type":"image\/jpeg"}],"twitter_card":"summary_large_image","twitter_misc":{"Gesch\u00e4tzte Lesezeit":"2\u00a0Minuten"},"schema":{"@context":"https:\/\/schema.org","@graph":[{"@type":"WebPage","@id":"https:\/\/boutique-one-piece.com\/figurines-one-piece\/figurines-tony-chopper\/figurine-one-piece-chopper-dead-or-alive-sur-son-socle\/","url":"https:\/\/boutique-one-piece.com\/figurines-one-piece\/figurines-tony-chopper\/figurine-one-piece-chopper-dead-or-alive-sur-son-socle\/","name":"One Piece Chopper Dead or Alive Figur auf Sockel | One Piece Figur \u2013 One Piece Shop","isPartOf":{"@id":"https:\/\/boutique-one-piece.com\/#website"},"primaryImageOfPage":{"@id":"https:\/\/boutique-one-piece.com\/figurines-one-piece\/figurines-tony-chopper\/figurine-one-piece-chopper-dead-or-alive-sur-son-socle\/#primaryimage"},"image":{"@id":"https:\/\/boutique-one-piece.com\/figurines-one-piece\/figurines-tony-chopper\/figurine-one-piece-chopper-dead-or-alive-sur-son-socle\/#primaryimage"},"thumbnailUrl":"https:\/\/boutique-one-piece.com\/wp-content\/uploads\/2022\/09\/Figurine-One-Piece-Chopper-Dead-or-Alive-Sur-Son-Socle.jpg","datePublished":"2022-09-27T21:21:39+00:00","dateModified":"2024-09-16T13:19:13+00:00","description":"Junger Pirat, es ist soweit! Schnapp dir diese One Piece Chopper Dead or Alive Figur mit Sockel. Zur Erinnerung: Tony Tony Chopper ist der Arzt der Strohhutbande. Chopper ist ein Rentier, das die Hito Hito no Mi gegessen hat und sich dadurch in einen Menschen verwandeln konnte. Er stammt urspr\u00fcnglich aus...","breadcrumb":{"@id":"https:\/\/boutique-one-piece.com\/figurines-one-piece\/figurines-tony-chopper\/figurine-one-piece-chopper-dead-or-alive-sur-son-socle\/#breadcrumb"},"inLanguage":"de","potentialAction":[{"@type":"ReadAction","target":["https:\/\/boutique-one-piece.com\/figurines-one-piece\/figurines-tony-chopper\/figurine-one-piece-chopper-dead-or-alive-sur-son-socle\/"]}]},{"@type":"ImageObject","inLanguage":"de","@id":"https:\/\/boutique-one-piece.com\/figurines-one-piece\/figurines-tony-chopper\/figurine-one-piece-chopper-dead-or-alive-sur-son-socle\/#primaryimage","url":"https:\/\/boutique-one-piece.com\/wp-content\/uploads\/2022\/09\/Figurine-One-Piece-Chopper-Dead-or-Alive-Sur-Son-Socle.jpg","contentUrl":"https:\/\/boutique-one-piece.com\/wp-content\/uploads\/2022\/09\/Figurine-One-Piece-Chopper-Dead-or-Alive-Sur-Son-Socle.jpg","width":640,"height":640,"caption":"Figurine One Piece Chopper Dead or Alive Sur Son Socle Default Title"},{"@type":"BreadcrumbList","@id":"https:\/\/boutique-one-piece.com\/figurines-one-piece\/figurines-tony-chopper\/figurine-one-piece-chopper-dead-or-alive-sur-son-socle\/#breadcrumb","itemListElement":[{"@type":"ListItem","position":1,"name":"Home","item":"https:\/\/boutique-one-piece.com\/"},{"@type":"ListItem","position":2,"name":"Shop","item":"https:\/\/boutique-one-piece.com\/shop\/"},{"@type":"ListItem","position":3,"name":"Figurine One Piece Chopper Dead or Alive Sur Son Socle"}]},{"@type":"WebSite","@id":"https:\/\/boutique-one-piece.com\/#website","url":"https:\/\/boutique-one-piece.com\/","name":"One Piece Shop","description":"Fachgesch\u00e4ft f\u00fcr One Piece Manga und Anime","publisher":{"@id":"https:\/\/boutique-one-piece.com\/#organization"},"potentialAction":[{"@type":"SearchAction","target":{"@type":"EntryPoint","urlTemplate":"https:\/\/boutique-one-piece.com\/?s={search_term_string}"},"query-input":{"@type":"PropertyValueSpecification","valueRequired":true,"valueName":"search_term_string"}}],"inLanguage":"de"},{"@type":"Organization","@id":"https:\/\/boutique-one-piece.com\/#organization","name":"One Piece Shop","url":"https:\/\/boutique-one-piece.com\/","logo":{"@type":"ImageObject","inLanguage":"de","@id":"https:\/\/boutique-one-piece.com\/#\/schema\/logo\/image\/","url":"https:\/\/boutique-one-piece.com\/wp-content\/uploads\/2022\/09\/Logo-01.png","contentUrl":"https:\/\/boutique-one-piece.com\/wp-content\/uploads\/2022\/09\/Logo-01.png","width":2318,"height":957,"caption":"Boutique One Piece"},"image":{"@id":"https:\/\/boutique-one-piece.com\/#\/schema\/logo\/image\/"}}]}},"_links":{"self":[{"href":"https:\/\/boutique-one-piece.com\/de\/wp-json\/wp\/v2\/product\/13591","targetHints":{"allow":["GET"]}}],"collection":[{"href":"https:\/\/boutique-one-piece.com\/de\/wp-json\/wp\/v2\/product"}],"about":[{"href":"https:\/\/boutique-one-piece.com\/de\/wp-json\/wp\/v2\/types\/product"}],"replies":[{"embeddable":true,"href":"https:\/\/boutique-one-piece.com\/de\/wp-json\/wp\/v2\/comments?post=13591"}],"wp:featuredmedia":[{"embeddable":true,"href":"https:\/\/boutique-one-piece.com\/de\/wp-json\/wp\/v2\/media\/13593"}],"wp:attachment":[{"href":"https:\/\/boutique-one-piece.com\/de\/wp-json\/wp\/v2\/media?parent=13591"}],"wp:term":[{"taxonomy":"product_brand","embeddable":true,"href":"https:\/\/boutique-one-piece.com\/de\/wp-json\/wp\/v2\/product_brand?post=13591"},{"taxonomy":"product_cat","embeddable":true,"href":"https:\/\/boutique-one-piece.com\/de\/wp-json\/wp\/v2\/product_cat?post=13591"},{"taxonomy":"product_tag","embeddable":true,"href":"https:\/\/boutique-one-piece.com\/de\/wp-json\/wp\/v2\/product_tag?post=13591"}],"curies":[{"name":"wp","href":"https:\/\/api.w.org\/{rel}","templated":true}]}}