{"id":14002,"date":"2022-09-27T21:24:20","date_gmt":"2022-09-27T21:24:20","guid":{"rendered":"https:\/\/boutique-one-piece.com\/uncategorized\/coque-de-telephone-ace-aux-poing-ardent\/"},"modified":"2024-09-16T13:29:09","modified_gmt":"2024-09-16T13:29:09","slug":"handyhulle-ace-mit-feurigen-fausten","status":"publish","type":"product","link":"https:\/\/boutique-one-piece.com\/de\/one-piece-accessoires\/handyhulle-ace-mit-feurigen-fausten\/","title":{"rendered":"Ace Fire Fist Handyh\u00fclle"},"content":{"rendered":"<p><span><strong>Markenname:<\/strong> Nicerman<\/span><br \/><span><strong>Art:<\/strong> Halb verpackter Koffer<\/span><br \/><span><strong>Merkmale<\/strong> f\u00fcr Samsung Galaxy A50 A70 A40 A20e A9 A7 A8 A6 + Plus 2018<\/span><br \/><span><strong>Kompatible Marke:<\/strong> Samsung<\/span><br \/><span><strong>Kompatibles Samsung-Modell:<\/strong> GALAXY A9 2018<\/span><br \/><span><strong>Kompatibles Samsung-Modell:<\/strong> GALAXY A30<\/span><br \/><span><strong>Kompatibles Samsung-Modell:<\/strong> GALAXY A8+ 2018<\/span><br \/><span><strong>Kompatibles Samsung-Modell:<\/strong> GALAXY A8 2018<\/span><br \/><span><strong>Kompatibles Samsung-Modell:<\/strong> GALAXY A50<\/span><br \/><span><strong>Kompatibles Samsung-Modell:<\/strong> GALAXY A-SERIE<\/span><br \/><span><strong>Design:<\/strong> Zitate &amp; Botschaften<\/span><br \/><span><strong>Design:<\/strong> Blumen<\/span><br \/><span><strong>Design:<\/strong> Marmor<\/span><br \/><span><strong>Design:<\/strong> Matt<\/span><br \/><span><strong>Design:<\/strong> Schmucklos<\/span><br \/><span><strong>Design:<\/strong> Tier<\/span><br \/><span><strong>Design:<\/strong> Transparent<\/span><br \/><span><strong>Design:<\/strong> Geometrisch<\/span><br \/><span><strong>Funktion:<\/strong> Antiklopfmittel<\/span><br \/><span><strong>Farbe:<\/strong> Transparenter, durchsichtiger Hartplastik<\/span><br \/><span><strong>Stil\/Design:<\/strong> One Piece Comic<\/span><br \/><span><strong>Material:<\/strong> Hartplastik<\/span><br \/><span><strong>Kompatibel:<\/strong> f\u00fcr Samsung Galaxy A9 A7 A8 A6 2018<\/span><br \/><span><strong>Kompatibles Modell f\u00fcr Samsung Galaxy A:<\/strong> f\u00fcr Samsung Galaxy A10 A20 A30 A40<\/span><br \/><span><strong>f\u00fcr Samsung Galaxy A6 Plus 2018:<\/strong> f\u00fcr Samsung Galaxy A50 A70 A20e<\/span><br \/><span><strong>f\u00fcr Samsung Galaxy A8 Plus 2018:<\/strong> Fundas \/Capa \/Coque \/Cover \/Shell<\/span><br \/><span><strong>Anime\/Comic\/Cartoon\/Niedlich\/Tier:<\/strong> Luxus \/ Mode \/ Cool \/ Exotisch \/ Vintage<\/span><br \/><span><strong>Herkunftsort<\/strong> SHENZHEN, China (Festland)<\/span><\/p>","protected":false},"excerpt":{"rendered":"<p>Markenname: Nicerman Typ: Halbumschlie\u00dfende H\u00fclle Eigenschaften: F\u00fcr Samsung Galaxy A50, A70, A40, A20e, A9, A7, A8, A6+ Plus (2018) Kompatible Marke: Samsung Kompatible Samsung-Modelle: GALAXY A9 (2018), GALAXY A30, GALAXY A8+ (2018), GALAXY A8 (2018), GALAXY A50, GALAXY A-Serie Design: Zitate &amp; Spr\u00fcche, Blumenmuster, Marmormuster, Mattmuster, [\u2026]<\/p>","protected":false},"featured_media":14004,"comment_status":"open","ping_status":"open","template":"","meta":[],"product_brand":[],"product_cat":[409],"product_tag":[410],"class_list":{"0":"post-14002","1":"product","2":"type-product","3":"status-publish","4":"has-post-thumbnail","6":"product_cat-accessoires-one-piece","7":"product_tag-coque","9":"first","10":"instock","11":"purchasable","12":"product-type-variable","13":"has-default-attributes"},"yoast_head":"<!-- This site is optimized with the Yoast SEO plugin v27.5 - https:\/\/yoast.com\/product\/yoast-seo-wordpress\/ -->\n<title>Coque De T\u00e9l\u00e9phone Ace Aux Poing Ardent \u2013 Boutique One Piece<\/title>\n<meta name=\"description\" content=\"Brand Name: NicermanType: Half-wrapped CaseFeatures: for Samsung Galaxy A50 A70 A40 A20e A9 A7 A8 A6 + Plus 2018Compatible Brand: SamsungCompatible Samsung Model: GALAXY A9 2018Compatible Samsung Model: GALAXY A30Compatible Samsung Model: GALAXY A8+ 2018Compatible Samsung Model: GALAXY A8 2018Compatible Samsung Model:\" \/>\n<meta name=\"robots\" content=\"index, follow, max-snippet:-1, max-image-preview:large, max-video-preview:-1\" \/>\n<link rel=\"canonical\" href=\"https:\/\/boutique-one-piece.com\/de\/one-piece-accessoires\/handyhulle-ace-mit-feurigen-fausten\/\" \/>\n<meta property=\"og:locale\" content=\"de_DE\" \/>\n<meta property=\"og:type\" content=\"article\" \/>\n<meta property=\"og:title\" content=\"Coque De T\u00e9l\u00e9phone Ace Aux Poing Ardent \u2013 Boutique One Piece\" \/>\n<meta property=\"og:description\" content=\"Brand Name: NicermanType: Half-wrapped CaseFeatures: for Samsung Galaxy A50 A70 A40 A20e A9 A7 A8 A6 + Plus 2018Compatible Brand: SamsungCompatible Samsung Model: GALAXY A9 2018Compatible Samsung Model: GALAXY A30Compatible Samsung Model: GALAXY A8+ 2018Compatible Samsung Model: GALAXY A8 2018Compatible Samsung Model:\" \/>\n<meta property=\"og:url\" content=\"https:\/\/boutique-one-piece.com\/de\/one-piece-accessoires\/handyhulle-ace-mit-feurigen-fausten\/\" \/>\n<meta property=\"og:site_name\" content=\"Boutique One Piece\" \/>\n<meta property=\"article:modified_time\" content=\"2024-09-16T13:29:09+00:00\" \/>\n<meta property=\"og:image\" content=\"https:\/\/boutique-one-piece.com\/wp-content\/uploads\/2022\/09\/Coque-De-Telephone-Ace-Aux-Poing-Ardent.jpg\" \/>\n\t<meta property=\"og:image:width\" content=\"640\" \/>\n\t<meta property=\"og:image:height\" content=\"640\" \/>\n\t<meta property=\"og:image:type\" content=\"image\/jpeg\" \/>\n<meta name=\"twitter:card\" content=\"summary_large_image\" \/>\n<meta name=\"twitter:label1\" content=\"Gesch\u00e4tzte Lesezeit\" \/>\n\t<meta name=\"twitter:data1\" content=\"1\u00a0Minute\" \/>\n<script type=\"application\/ld+json\" class=\"yoast-schema-graph\">{\"@context\":\"https:\\\/\\\/schema.org\",\"@graph\":[{\"@type\":\"WebPage\",\"@id\":\"https:\\\/\\\/boutique-one-piece.com\\\/accessoires-one-piece\\\/coque-de-telephone-ace-aux-poing-ardent\\\/\",\"url\":\"https:\\\/\\\/boutique-one-piece.com\\\/accessoires-one-piece\\\/coque-de-telephone-ace-aux-poing-ardent\\\/\",\"name\":\"Coque De T\u00e9l\u00e9phone Ace Aux Poing Ardent \u2013 Boutique One Piece\",\"isPartOf\":{\"@id\":\"https:\\\/\\\/boutique-one-piece.com\\\/#website\"},\"primaryImageOfPage\":{\"@id\":\"https:\\\/\\\/boutique-one-piece.com\\\/accessoires-one-piece\\\/coque-de-telephone-ace-aux-poing-ardent\\\/#primaryimage\"},\"image\":{\"@id\":\"https:\\\/\\\/boutique-one-piece.com\\\/accessoires-one-piece\\\/coque-de-telephone-ace-aux-poing-ardent\\\/#primaryimage\"},\"thumbnailUrl\":\"https:\\\/\\\/boutique-one-piece.com\\\/wp-content\\\/uploads\\\/2022\\\/09\\\/Coque-De-Telephone-Ace-Aux-Poing-Ardent.jpg\",\"datePublished\":\"2022-09-27T21:24:20+00:00\",\"dateModified\":\"2024-09-16T13:29:09+00:00\",\"description\":\"Brand Name: NicermanType: Half-wrapped CaseFeatures: for Samsung Galaxy A50 A70 A40 A20e A9 A7 A8 A6 + Plus 2018Compatible Brand: SamsungCompatible Samsung Model: GALAXY A9 2018Compatible Samsung Model: GALAXY A30Compatible Samsung Model: GALAXY A8+ 2018Compatible Samsung Model: GALAXY A8 2018Compatible Samsung Model:\",\"breadcrumb\":{\"@id\":\"https:\\\/\\\/boutique-one-piece.com\\\/accessoires-one-piece\\\/coque-de-telephone-ace-aux-poing-ardent\\\/#breadcrumb\"},\"inLanguage\":\"de\",\"potentialAction\":[{\"@type\":\"ReadAction\",\"target\":[\"https:\\\/\\\/boutique-one-piece.com\\\/accessoires-one-piece\\\/coque-de-telephone-ace-aux-poing-ardent\\\/\"]}]},{\"@type\":\"ImageObject\",\"inLanguage\":\"de\",\"@id\":\"https:\\\/\\\/boutique-one-piece.com\\\/accessoires-one-piece\\\/coque-de-telephone-ace-aux-poing-ardent\\\/#primaryimage\",\"url\":\"https:\\\/\\\/boutique-one-piece.com\\\/wp-content\\\/uploads\\\/2022\\\/09\\\/Coque-De-Telephone-Ace-Aux-Poing-Ardent.jpg\",\"contentUrl\":\"https:\\\/\\\/boutique-one-piece.com\\\/wp-content\\\/uploads\\\/2022\\\/09\\\/Coque-De-Telephone-Ace-Aux-Poing-Ardent.jpg\",\"width\":640,\"height\":640,\"caption\":\"Coque De T\u00e9l\u00e9phone Ace Aux Poing Ardent for Samsung A50s H08\"},{\"@type\":\"BreadcrumbList\",\"@id\":\"https:\\\/\\\/boutique-one-piece.com\\\/accessoires-one-piece\\\/coque-de-telephone-ace-aux-poing-ardent\\\/#breadcrumb\",\"itemListElement\":[{\"@type\":\"ListItem\",\"position\":1,\"name\":\"Home\",\"item\":\"https:\\\/\\\/boutique-one-piece.com\\\/\"},{\"@type\":\"ListItem\",\"position\":2,\"name\":\"Shop\",\"item\":\"https:\\\/\\\/boutique-one-piece.com\\\/shop\\\/\"},{\"@type\":\"ListItem\",\"position\":3,\"name\":\"Coque De T\u00e9l\u00e9phone Ace Aux Poing Ardent\"}]},{\"@type\":\"WebSite\",\"@id\":\"https:\\\/\\\/boutique-one-piece.com\\\/#website\",\"url\":\"https:\\\/\\\/boutique-one-piece.com\\\/\",\"name\":\"Boutique One Piece\",\"description\":\"Magasin Sp\u00e9cialis\u00e9 du Manga et l&#039;Anime One Piece\",\"publisher\":{\"@id\":\"https:\\\/\\\/boutique-one-piece.com\\\/#organization\"},\"potentialAction\":[{\"@type\":\"SearchAction\",\"target\":{\"@type\":\"EntryPoint\",\"urlTemplate\":\"https:\\\/\\\/boutique-one-piece.com\\\/?s={search_term_string}\"},\"query-input\":{\"@type\":\"PropertyValueSpecification\",\"valueRequired\":true,\"valueName\":\"search_term_string\"}}],\"inLanguage\":\"de\"},{\"@type\":\"Organization\",\"@id\":\"https:\\\/\\\/boutique-one-piece.com\\\/#organization\",\"name\":\"Boutique One Piece\",\"url\":\"https:\\\/\\\/boutique-one-piece.com\\\/\",\"logo\":{\"@type\":\"ImageObject\",\"inLanguage\":\"de\",\"@id\":\"https:\\\/\\\/boutique-one-piece.com\\\/#\\\/schema\\\/logo\\\/image\\\/\",\"url\":\"https:\\\/\\\/boutique-one-piece.com\\\/wp-content\\\/uploads\\\/2022\\\/09\\\/Logo-01.png\",\"contentUrl\":\"https:\\\/\\\/boutique-one-piece.com\\\/wp-content\\\/uploads\\\/2022\\\/09\\\/Logo-01.png\",\"width\":2318,\"height\":957,\"caption\":\"Boutique One Piece\"},\"image\":{\"@id\":\"https:\\\/\\\/boutique-one-piece.com\\\/#\\\/schema\\\/logo\\\/image\\\/\"}}]}<\/script>\n<!-- \/ Yoast SEO plugin. -->","yoast_head_json":{"title":"Ace Fire Fist Handyh\u00fclle \u2013 One Piece Shop","description":"Markenname: Nicerman Typ: Halbumschlie\u00dfende H\u00fclle Eigenschaften: F\u00fcr Samsung Galaxy A50, A70, A40, A20e, A9, A7, A8, A6+ Plus (2018) Kompatible Marke: Samsung Kompatible Samsung-Modelle: GALAXY A9 (2018), GALAXY A30, GALAXY A8+ (2018), GALAXY A8 (2018)","robots":{"index":"index","follow":"follow","max-snippet":"max-snippet:-1","max-image-preview":"max-image-preview:large","max-video-preview":"max-video-preview:-1"},"canonical":"https:\/\/boutique-one-piece.com\/de\/one-piece-accessoires\/handyhulle-ace-mit-feurigen-fausten\/","og_locale":"de_DE","og_type":"article","og_title":"Coque De T\u00e9l\u00e9phone Ace Aux Poing Ardent \u2013 Boutique One Piece","og_description":"Brand Name: NicermanType: Half-wrapped CaseFeatures: for Samsung Galaxy A50 A70 A40 A20e A9 A7 A8 A6 + Plus 2018Compatible Brand: SamsungCompatible Samsung Model: GALAXY A9 2018Compatible Samsung Model: GALAXY A30Compatible Samsung Model: GALAXY A8+ 2018Compatible Samsung Model: GALAXY A8 2018Compatible Samsung Model:","og_url":"https:\/\/boutique-one-piece.com\/de\/one-piece-accessoires\/handyhulle-ace-mit-feurigen-fausten\/","og_site_name":"Boutique One Piece","article_modified_time":"2024-09-16T13:29:09+00:00","og_image":[{"width":640,"height":640,"url":"https:\/\/boutique-one-piece.com\/wp-content\/uploads\/2022\/09\/Coque-De-Telephone-Ace-Aux-Poing-Ardent.jpg","type":"image\/jpeg"}],"twitter_card":"summary_large_image","twitter_misc":{"Gesch\u00e4tzte Lesezeit":"1\u00a0Minute"},"schema":{"@context":"https:\/\/schema.org","@graph":[{"@type":"WebPage","@id":"https:\/\/boutique-one-piece.com\/accessoires-one-piece\/coque-de-telephone-ace-aux-poing-ardent\/","url":"https:\/\/boutique-one-piece.com\/accessoires-one-piece\/coque-de-telephone-ace-aux-poing-ardent\/","name":"Ace Fire Fist Handyh\u00fclle \u2013 One Piece Shop","isPartOf":{"@id":"https:\/\/boutique-one-piece.com\/#website"},"primaryImageOfPage":{"@id":"https:\/\/boutique-one-piece.com\/accessoires-one-piece\/coque-de-telephone-ace-aux-poing-ardent\/#primaryimage"},"image":{"@id":"https:\/\/boutique-one-piece.com\/accessoires-one-piece\/coque-de-telephone-ace-aux-poing-ardent\/#primaryimage"},"thumbnailUrl":"https:\/\/boutique-one-piece.com\/wp-content\/uploads\/2022\/09\/Coque-De-Telephone-Ace-Aux-Poing-Ardent.jpg","datePublished":"2022-09-27T21:24:20+00:00","dateModified":"2024-09-16T13:29:09+00:00","description":"Markenname: Nicerman Typ: Halbumschlie\u00dfende H\u00fclle Eigenschaften: F\u00fcr Samsung Galaxy A50, A70, A40, A20e, A9, A7, A8, A6+ Plus (2018) Kompatible Marke: Samsung Kompatible Samsung-Modelle: GALAXY A9 (2018), GALAXY A30, GALAXY A8+ (2018), GALAXY A8 (2018)","breadcrumb":{"@id":"https:\/\/boutique-one-piece.com\/accessoires-one-piece\/coque-de-telephone-ace-aux-poing-ardent\/#breadcrumb"},"inLanguage":"de","potentialAction":[{"@type":"ReadAction","target":["https:\/\/boutique-one-piece.com\/accessoires-one-piece\/coque-de-telephone-ace-aux-poing-ardent\/"]}]},{"@type":"ImageObject","inLanguage":"de","@id":"https:\/\/boutique-one-piece.com\/accessoires-one-piece\/coque-de-telephone-ace-aux-poing-ardent\/#primaryimage","url":"https:\/\/boutique-one-piece.com\/wp-content\/uploads\/2022\/09\/Coque-De-Telephone-Ace-Aux-Poing-Ardent.jpg","contentUrl":"https:\/\/boutique-one-piece.com\/wp-content\/uploads\/2022\/09\/Coque-De-Telephone-Ace-Aux-Poing-Ardent.jpg","width":640,"height":640,"caption":"Coque De T\u00e9l\u00e9phone Ace Aux Poing Ardent for Samsung A50s H08"},{"@type":"BreadcrumbList","@id":"https:\/\/boutique-one-piece.com\/accessoires-one-piece\/coque-de-telephone-ace-aux-poing-ardent\/#breadcrumb","itemListElement":[{"@type":"ListItem","position":1,"name":"Home","item":"https:\/\/boutique-one-piece.com\/"},{"@type":"ListItem","position":2,"name":"Shop","item":"https:\/\/boutique-one-piece.com\/shop\/"},{"@type":"ListItem","position":3,"name":"Coque De T\u00e9l\u00e9phone Ace Aux Poing Ardent"}]},{"@type":"WebSite","@id":"https:\/\/boutique-one-piece.com\/#website","url":"https:\/\/boutique-one-piece.com\/","name":"One Piece Shop","description":"Fachgesch\u00e4ft f\u00fcr One Piece Manga und Anime","publisher":{"@id":"https:\/\/boutique-one-piece.com\/#organization"},"potentialAction":[{"@type":"SearchAction","target":{"@type":"EntryPoint","urlTemplate":"https:\/\/boutique-one-piece.com\/?s={search_term_string}"},"query-input":{"@type":"PropertyValueSpecification","valueRequired":true,"valueName":"search_term_string"}}],"inLanguage":"de"},{"@type":"Organization","@id":"https:\/\/boutique-one-piece.com\/#organization","name":"One Piece Shop","url":"https:\/\/boutique-one-piece.com\/","logo":{"@type":"ImageObject","inLanguage":"de","@id":"https:\/\/boutique-one-piece.com\/#\/schema\/logo\/image\/","url":"https:\/\/boutique-one-piece.com\/wp-content\/uploads\/2022\/09\/Logo-01.png","contentUrl":"https:\/\/boutique-one-piece.com\/wp-content\/uploads\/2022\/09\/Logo-01.png","width":2318,"height":957,"caption":"Boutique One Piece"},"image":{"@id":"https:\/\/boutique-one-piece.com\/#\/schema\/logo\/image\/"}}]}},"_links":{"self":[{"href":"https:\/\/boutique-one-piece.com\/de\/wp-json\/wp\/v2\/product\/14002","targetHints":{"allow":["GET"]}}],"collection":[{"href":"https:\/\/boutique-one-piece.com\/de\/wp-json\/wp\/v2\/product"}],"about":[{"href":"https:\/\/boutique-one-piece.com\/de\/wp-json\/wp\/v2\/types\/product"}],"replies":[{"embeddable":true,"href":"https:\/\/boutique-one-piece.com\/de\/wp-json\/wp\/v2\/comments?post=14002"}],"wp:featuredmedia":[{"embeddable":true,"href":"https:\/\/boutique-one-piece.com\/de\/wp-json\/wp\/v2\/media\/14004"}],"wp:attachment":[{"href":"https:\/\/boutique-one-piece.com\/de\/wp-json\/wp\/v2\/media?parent=14002"}],"wp:term":[{"taxonomy":"product_brand","embeddable":true,"href":"https:\/\/boutique-one-piece.com\/de\/wp-json\/wp\/v2\/product_brand?post=14002"},{"taxonomy":"product_cat","embeddable":true,"href":"https:\/\/boutique-one-piece.com\/de\/wp-json\/wp\/v2\/product_cat?post=14002"},{"taxonomy":"product_tag","embeddable":true,"href":"https:\/\/boutique-one-piece.com\/de\/wp-json\/wp\/v2\/product_tag?post=14002"}],"curies":[{"name":"wp","href":"https:\/\/api.w.org\/{rel}","templated":true}]}}