{"id":14637,"date":"2022-09-27T21:33:27","date_gmt":"2022-09-27T21:33:27","guid":{"rendered":"https:\/\/boutique-one-piece.com\/uncategorized\/tableau-one-piece-corazon-le-frere-de-doflammingo\/"},"modified":"2024-09-16T13:46:29","modified_gmt":"2024-09-16T13:46:29","slug":"one-piece-gemalde-von-corazon-doflamingos-bruder","status":"publish","type":"product","link":"https:\/\/boutique-one-piece.com\/de\/one-piece-dekorationen\/one-piece-gemalde-von-corazon-doflamingos-bruder\/","title":{"rendered":"One Piece Corazon Gem\u00e4lde: Doflammingos Bruder"},"content":{"rendered":"<p><span><strong>Art:<\/strong> Leinwanddrucke<\/span><br \/><span><strong>Themen:<\/strong> Animation<\/span><br \/><span><strong>Rahmenmodus:<\/strong> Gerahmte Spiegel<\/span><br \/><span><strong>Material:<\/strong> Leinwand<\/span><br \/><span><strong>Stil:<\/strong> Klassisch<\/span><br \/><span><strong>Rahmen:<\/strong> Ja<\/span><br \/><span><strong>Medium:<\/strong> \u00d6l<\/span><br \/><span><strong>Basisunterst\u00fctzung:<\/strong> Leinwand<\/span><br \/><span><strong>Bilden:<\/strong> Kombiniert<\/span><br \/><span><strong>Technik:<\/strong> Spr\u00fchlackierung<\/span><br \/><span><strong>Modellnummer:<\/strong> Malerei<\/span><br \/><span><strong>Form:<\/strong> Irregul\u00e4r<\/span><br \/><span><strong>Original:<\/strong> Ja<\/span><br \/><span><strong>Kalligrafie- und Malereiart:<\/strong> Leinwandgem\u00e4lde<\/span><br \/><span><strong>Moderne Malerei:<\/strong> Gedrucktes \u00d6lgem\u00e4lde<\/span><br \/><span><strong>Malstil und Technik:<\/strong> Moderne dekorative Leinwanddrucke<\/span><br \/><span><strong>\u00d6lmalstil:<\/strong> Moderne Wandkunst-Gicl\u00e9e-Drucke<\/span><br \/><span><strong>Moderne Wandkunst-Gicl\u00e9e-Drucke:<\/strong> Gr\u00fcner Tintenstrahldruck auf Leinwand<\/span><br \/><span><strong>Beschichtung:<\/strong> UV-best\u00e4ndig, wasserdicht, feuchtigkeitsbest\u00e4ndig<\/span><br \/><span><strong>Rahmen:<\/strong> Mit Rahmen<\/span><br \/><span><strong>Material:<\/strong> Leinwand<\/span><br \/><span><strong>Bild:<\/strong> Wandkunst<\/span><br \/><span><strong>Kunstwerk:<\/strong> Leinwanddrucke<\/span><\/p>","protected":false},"excerpt":{"rendered":"<p>Typ: Leinwanddrucke; Motive: Animation; Rahmenmodus: Gerahmte Spiegel; Material: Leinwand; Stil: Klassisch; Rahmen: Ja; Medium: \u00d6l; Tr\u00e4ger: Leinwand; Form: Kombiniert; Technik: Spritzlackierung; Modellnummer: Gem\u00e4lde; Form: Unregelm\u00e4\u00dfig; Original: Ja; Kalligrafie- und Malart: Leinwandgem\u00e4lde; Moderne Malerei: Gedrucktes \u00d6lgem\u00e4lde; Malstil und -technik: Moderne dekorative Leinwanddrucke; \u00d6lmalereistil: Moderne Wandkunst-Gicl\u00e9e-Drucke; Moderne Wandkunst-Gicl\u00e9e-Drucke: Druck mit gr\u00fcner Tinte auf Leinwand; Beschichtung: [\u2026]<\/p>","protected":false},"featured_media":14639,"comment_status":"open","ping_status":"open","template":"","meta":[],"product_brand":[],"product_cat":[150],"product_tag":[],"class_list":{"0":"post-14637","1":"product","2":"type-product","3":"status-publish","4":"has-post-thumbnail","6":"product_cat-decorations-one-piece","8":"first","9":"instock","10":"purchasable","11":"product-type-variable","12":"has-default-attributes"},"yoast_head":"<!-- This site is optimized with the Yoast SEO plugin v27.5 - https:\/\/yoast.com\/product\/yoast-seo-wordpress\/ -->\n<title>Tableau One Piece Corazon Le Fr\u00e8re de Doflammingo \u2013 Boutique One Piece<\/title>\n<meta name=\"description\" content=\"Type: Canvas PrintingsSubjects: AnimationFrame mode: Framed MirrorsMaterial: CanvasStyle: ClassicalFrame: YesMedium: OilSupport Base: CanvasForm: CombinedTechnics: Spray PaintingModel Number: PaintingShape: IrregularOriginal: YesCalligraphy and painting type: Canvas PaintingModern Painting : Printed Oil PaintingPaintin\" \/>\n<meta name=\"robots\" content=\"index, follow, max-snippet:-1, max-image-preview:large, max-video-preview:-1\" \/>\n<link rel=\"canonical\" href=\"https:\/\/boutique-one-piece.com\/de\/one-piece-dekorationen\/one-piece-gemalde-von-corazon-doflamingos-bruder\/\" \/>\n<meta property=\"og:locale\" content=\"de_DE\" \/>\n<meta property=\"og:type\" content=\"article\" \/>\n<meta property=\"og:title\" content=\"Tableau One Piece Corazon Le Fr\u00e8re de Doflammingo \u2013 Boutique One Piece\" \/>\n<meta property=\"og:description\" content=\"Type: Canvas PrintingsSubjects: AnimationFrame mode: Framed MirrorsMaterial: CanvasStyle: ClassicalFrame: YesMedium: OilSupport Base: CanvasForm: CombinedTechnics: Spray PaintingModel Number: PaintingShape: IrregularOriginal: YesCalligraphy and painting type: Canvas PaintingModern Painting : Printed Oil PaintingPaintin\" \/>\n<meta property=\"og:url\" content=\"https:\/\/boutique-one-piece.com\/de\/one-piece-dekorationen\/one-piece-gemalde-von-corazon-doflamingos-bruder\/\" \/>\n<meta property=\"og:site_name\" content=\"Boutique One Piece\" \/>\n<meta property=\"article:modified_time\" content=\"2024-09-16T13:46:29+00:00\" \/>\n<meta property=\"og:image\" content=\"https:\/\/boutique-one-piece.com\/wp-content\/uploads\/2022\/09\/Tableau-One-Piece-Corazon-Le-Frere-de-Doflammingo-1.jpg\" \/>\n\t<meta property=\"og:image:width\" content=\"800\" \/>\n\t<meta property=\"og:image:height\" content=\"800\" \/>\n\t<meta property=\"og:image:type\" content=\"image\/jpeg\" \/>\n<meta name=\"twitter:card\" content=\"summary_large_image\" \/>\n<script type=\"application\/ld+json\" class=\"yoast-schema-graph\">{\"@context\":\"https:\\\/\\\/schema.org\",\"@graph\":[{\"@type\":\"WebPage\",\"@id\":\"https:\\\/\\\/boutique-one-piece.com\\\/decorations-one-piece\\\/tableau-one-piece-corazon-le-frere-de-doflammingo\\\/\",\"url\":\"https:\\\/\\\/boutique-one-piece.com\\\/decorations-one-piece\\\/tableau-one-piece-corazon-le-frere-de-doflammingo\\\/\",\"name\":\"Tableau One Piece Corazon Le Fr\u00e8re de Doflammingo \u2013 Boutique One Piece\",\"isPartOf\":{\"@id\":\"https:\\\/\\\/boutique-one-piece.com\\\/#website\"},\"primaryImageOfPage\":{\"@id\":\"https:\\\/\\\/boutique-one-piece.com\\\/decorations-one-piece\\\/tableau-one-piece-corazon-le-frere-de-doflammingo\\\/#primaryimage\"},\"image\":{\"@id\":\"https:\\\/\\\/boutique-one-piece.com\\\/decorations-one-piece\\\/tableau-one-piece-corazon-le-frere-de-doflammingo\\\/#primaryimage\"},\"thumbnailUrl\":\"https:\\\/\\\/boutique-one-piece.com\\\/wp-content\\\/uploads\\\/2022\\\/09\\\/Tableau-One-Piece-Corazon-Le-Frere-de-Doflammingo-1.jpg\",\"datePublished\":\"2022-09-27T21:33:27+00:00\",\"dateModified\":\"2024-09-16T13:46:29+00:00\",\"description\":\"Type: Canvas PrintingsSubjects: AnimationFrame mode: Framed MirrorsMaterial: CanvasStyle: ClassicalFrame: YesMedium: OilSupport Base: CanvasForm: CombinedTechnics: Spray PaintingModel Number: PaintingShape: IrregularOriginal: YesCalligraphy and painting type: Canvas PaintingModern Painting : Printed Oil PaintingPaintin\",\"breadcrumb\":{\"@id\":\"https:\\\/\\\/boutique-one-piece.com\\\/decorations-one-piece\\\/tableau-one-piece-corazon-le-frere-de-doflammingo\\\/#breadcrumb\"},\"inLanguage\":\"de\",\"potentialAction\":[{\"@type\":\"ReadAction\",\"target\":[\"https:\\\/\\\/boutique-one-piece.com\\\/decorations-one-piece\\\/tableau-one-piece-corazon-le-frere-de-doflammingo\\\/\"]}]},{\"@type\":\"ImageObject\",\"inLanguage\":\"de\",\"@id\":\"https:\\\/\\\/boutique-one-piece.com\\\/decorations-one-piece\\\/tableau-one-piece-corazon-le-frere-de-doflammingo\\\/#primaryimage\",\"url\":\"https:\\\/\\\/boutique-one-piece.com\\\/wp-content\\\/uploads\\\/2022\\\/09\\\/Tableau-One-Piece-Corazon-Le-Frere-de-Doflammingo-1.jpg\",\"contentUrl\":\"https:\\\/\\\/boutique-one-piece.com\\\/wp-content\\\/uploads\\\/2022\\\/09\\\/Tableau-One-Piece-Corazon-Le-Frere-de-Doflammingo-1.jpg\",\"width\":800,\"height\":800},{\"@type\":\"BreadcrumbList\",\"@id\":\"https:\\\/\\\/boutique-one-piece.com\\\/decorations-one-piece\\\/tableau-one-piece-corazon-le-frere-de-doflammingo\\\/#breadcrumb\",\"itemListElement\":[{\"@type\":\"ListItem\",\"position\":1,\"name\":\"Home\",\"item\":\"https:\\\/\\\/boutique-one-piece.com\\\/\"},{\"@type\":\"ListItem\",\"position\":2,\"name\":\"Shop\",\"item\":\"https:\\\/\\\/boutique-one-piece.com\\\/shop\\\/\"},{\"@type\":\"ListItem\",\"position\":3,\"name\":\"Tableau One Piece Corazon Le Fr\u00e8re de Doflammingo\"}]},{\"@type\":\"WebSite\",\"@id\":\"https:\\\/\\\/boutique-one-piece.com\\\/#website\",\"url\":\"https:\\\/\\\/boutique-one-piece.com\\\/\",\"name\":\"Boutique One Piece\",\"description\":\"Magasin Sp\u00e9cialis\u00e9 du Manga et l&#039;Anime One Piece\",\"publisher\":{\"@id\":\"https:\\\/\\\/boutique-one-piece.com\\\/#organization\"},\"potentialAction\":[{\"@type\":\"SearchAction\",\"target\":{\"@type\":\"EntryPoint\",\"urlTemplate\":\"https:\\\/\\\/boutique-one-piece.com\\\/?s={search_term_string}\"},\"query-input\":{\"@type\":\"PropertyValueSpecification\",\"valueRequired\":true,\"valueName\":\"search_term_string\"}}],\"inLanguage\":\"de\"},{\"@type\":\"Organization\",\"@id\":\"https:\\\/\\\/boutique-one-piece.com\\\/#organization\",\"name\":\"Boutique One Piece\",\"url\":\"https:\\\/\\\/boutique-one-piece.com\\\/\",\"logo\":{\"@type\":\"ImageObject\",\"inLanguage\":\"de\",\"@id\":\"https:\\\/\\\/boutique-one-piece.com\\\/#\\\/schema\\\/logo\\\/image\\\/\",\"url\":\"https:\\\/\\\/boutique-one-piece.com\\\/wp-content\\\/uploads\\\/2022\\\/09\\\/Logo-01.png\",\"contentUrl\":\"https:\\\/\\\/boutique-one-piece.com\\\/wp-content\\\/uploads\\\/2022\\\/09\\\/Logo-01.png\",\"width\":2318,\"height\":957,\"caption\":\"Boutique One Piece\"},\"image\":{\"@id\":\"https:\\\/\\\/boutique-one-piece.com\\\/#\\\/schema\\\/logo\\\/image\\\/\"}}]}<\/script>\n<!-- \/ Yoast SEO plugin. -->","yoast_head_json":{"title":"One Piece Corazon (Doflammingos Bruder) Gem\u00e4lde \u2013 One Piece Shop","description":"Typ: Leinwanddrucke; Motive: Animation; Rahmenmodus: Gerahmte Spiegel; Material: Leinwand; Stil: Klassisch; Rahmen: Ja; Medium: \u00d6l; Tr\u00e4ger: Leinwand; Form: Kombiniert; Technik: Spritzlackierung; Modellnummer: Gem\u00e4lde; Form: Unregelm\u00e4\u00dfig; Original: Ja; Kalligrafie- und Malart: Leinwandgem\u00e4lde; Moderne Malerei: Gedrucktes \u00d6lgem\u00e4lde","robots":{"index":"index","follow":"follow","max-snippet":"max-snippet:-1","max-image-preview":"max-image-preview:large","max-video-preview":"max-video-preview:-1"},"canonical":"https:\/\/boutique-one-piece.com\/de\/one-piece-dekorationen\/one-piece-gemalde-von-corazon-doflamingos-bruder\/","og_locale":"de_DE","og_type":"article","og_title":"Tableau One Piece Corazon Le Fr\u00e8re de Doflammingo \u2013 Boutique One Piece","og_description":"Type: Canvas PrintingsSubjects: AnimationFrame mode: Framed MirrorsMaterial: CanvasStyle: ClassicalFrame: YesMedium: OilSupport Base: CanvasForm: CombinedTechnics: Spray PaintingModel Number: PaintingShape: IrregularOriginal: YesCalligraphy and painting type: Canvas PaintingModern Painting : Printed Oil PaintingPaintin","og_url":"https:\/\/boutique-one-piece.com\/de\/one-piece-dekorationen\/one-piece-gemalde-von-corazon-doflamingos-bruder\/","og_site_name":"Boutique One Piece","article_modified_time":"2024-09-16T13:46:29+00:00","og_image":[{"width":800,"height":800,"url":"https:\/\/boutique-one-piece.com\/wp-content\/uploads\/2022\/09\/Tableau-One-Piece-Corazon-Le-Frere-de-Doflammingo-1.jpg","type":"image\/jpeg"}],"twitter_card":"summary_large_image","schema":{"@context":"https:\/\/schema.org","@graph":[{"@type":"WebPage","@id":"https:\/\/boutique-one-piece.com\/decorations-one-piece\/tableau-one-piece-corazon-le-frere-de-doflammingo\/","url":"https:\/\/boutique-one-piece.com\/decorations-one-piece\/tableau-one-piece-corazon-le-frere-de-doflammingo\/","name":"One Piece Corazon (Doflammingos Bruder) Gem\u00e4lde \u2013 One Piece Shop","isPartOf":{"@id":"https:\/\/boutique-one-piece.com\/#website"},"primaryImageOfPage":{"@id":"https:\/\/boutique-one-piece.com\/decorations-one-piece\/tableau-one-piece-corazon-le-frere-de-doflammingo\/#primaryimage"},"image":{"@id":"https:\/\/boutique-one-piece.com\/decorations-one-piece\/tableau-one-piece-corazon-le-frere-de-doflammingo\/#primaryimage"},"thumbnailUrl":"https:\/\/boutique-one-piece.com\/wp-content\/uploads\/2022\/09\/Tableau-One-Piece-Corazon-Le-Frere-de-Doflammingo-1.jpg","datePublished":"2022-09-27T21:33:27+00:00","dateModified":"2024-09-16T13:46:29+00:00","description":"Typ: Leinwanddrucke; Motive: Animation; Rahmenmodus: Gerahmte Spiegel; Material: Leinwand; Stil: Klassisch; Rahmen: Ja; Medium: \u00d6l; Tr\u00e4ger: Leinwand; Form: Kombiniert; Technik: Spritzlackierung; Modellnummer: Gem\u00e4lde; Form: Unregelm\u00e4\u00dfig; Original: Ja; Kalligrafie- und Malart: Leinwandgem\u00e4lde; Moderne Malerei: Gedrucktes \u00d6lgem\u00e4lde","breadcrumb":{"@id":"https:\/\/boutique-one-piece.com\/decorations-one-piece\/tableau-one-piece-corazon-le-frere-de-doflammingo\/#breadcrumb"},"inLanguage":"de","potentialAction":[{"@type":"ReadAction","target":["https:\/\/boutique-one-piece.com\/decorations-one-piece\/tableau-one-piece-corazon-le-frere-de-doflammingo\/"]}]},{"@type":"ImageObject","inLanguage":"de","@id":"https:\/\/boutique-one-piece.com\/decorations-one-piece\/tableau-one-piece-corazon-le-frere-de-doflammingo\/#primaryimage","url":"https:\/\/boutique-one-piece.com\/wp-content\/uploads\/2022\/09\/Tableau-One-Piece-Corazon-Le-Frere-de-Doflammingo-1.jpg","contentUrl":"https:\/\/boutique-one-piece.com\/wp-content\/uploads\/2022\/09\/Tableau-One-Piece-Corazon-Le-Frere-de-Doflammingo-1.jpg","width":800,"height":800},{"@type":"BreadcrumbList","@id":"https:\/\/boutique-one-piece.com\/decorations-one-piece\/tableau-one-piece-corazon-le-frere-de-doflammingo\/#breadcrumb","itemListElement":[{"@type":"ListItem","position":1,"name":"Home","item":"https:\/\/boutique-one-piece.com\/"},{"@type":"ListItem","position":2,"name":"Shop","item":"https:\/\/boutique-one-piece.com\/shop\/"},{"@type":"ListItem","position":3,"name":"Tableau One Piece Corazon Le Fr\u00e8re de Doflammingo"}]},{"@type":"WebSite","@id":"https:\/\/boutique-one-piece.com\/#website","url":"https:\/\/boutique-one-piece.com\/","name":"One Piece Shop","description":"Fachgesch\u00e4ft f\u00fcr One Piece Manga und Anime","publisher":{"@id":"https:\/\/boutique-one-piece.com\/#organization"},"potentialAction":[{"@type":"SearchAction","target":{"@type":"EntryPoint","urlTemplate":"https:\/\/boutique-one-piece.com\/?s={search_term_string}"},"query-input":{"@type":"PropertyValueSpecification","valueRequired":true,"valueName":"search_term_string"}}],"inLanguage":"de"},{"@type":"Organization","@id":"https:\/\/boutique-one-piece.com\/#organization","name":"One Piece Shop","url":"https:\/\/boutique-one-piece.com\/","logo":{"@type":"ImageObject","inLanguage":"de","@id":"https:\/\/boutique-one-piece.com\/#\/schema\/logo\/image\/","url":"https:\/\/boutique-one-piece.com\/wp-content\/uploads\/2022\/09\/Logo-01.png","contentUrl":"https:\/\/boutique-one-piece.com\/wp-content\/uploads\/2022\/09\/Logo-01.png","width":2318,"height":957,"caption":"Boutique One Piece"},"image":{"@id":"https:\/\/boutique-one-piece.com\/#\/schema\/logo\/image\/"}}]}},"_links":{"self":[{"href":"https:\/\/boutique-one-piece.com\/de\/wp-json\/wp\/v2\/product\/14637","targetHints":{"allow":["GET"]}}],"collection":[{"href":"https:\/\/boutique-one-piece.com\/de\/wp-json\/wp\/v2\/product"}],"about":[{"href":"https:\/\/boutique-one-piece.com\/de\/wp-json\/wp\/v2\/types\/product"}],"replies":[{"embeddable":true,"href":"https:\/\/boutique-one-piece.com\/de\/wp-json\/wp\/v2\/comments?post=14637"}],"wp:featuredmedia":[{"embeddable":true,"href":"https:\/\/boutique-one-piece.com\/de\/wp-json\/wp\/v2\/media\/14639"}],"wp:attachment":[{"href":"https:\/\/boutique-one-piece.com\/de\/wp-json\/wp\/v2\/media?parent=14637"}],"wp:term":[{"taxonomy":"product_brand","embeddable":true,"href":"https:\/\/boutique-one-piece.com\/de\/wp-json\/wp\/v2\/product_brand?post=14637"},{"taxonomy":"product_cat","embeddable":true,"href":"https:\/\/boutique-one-piece.com\/de\/wp-json\/wp\/v2\/product_cat?post=14637"},{"taxonomy":"product_tag","embeddable":true,"href":"https:\/\/boutique-one-piece.com\/de\/wp-json\/wp\/v2\/product_tag?post=14637"}],"curies":[{"name":"wp","href":"https:\/\/api.w.org\/{rel}","templated":true}]}}