{"id":16135,"date":"2022-09-27T21:42:48","date_gmt":"2022-09-27T21:42:48","guid":{"rendered":"https:\/\/boutique-one-piece.com\/uncategorized\/tableau-one-piece-supernova-manga-2\/"},"modified":"2024-09-16T15:23:29","modified_gmt":"2024-09-16T15:23:29","slug":"one-piece-gemalde-supernova-manga-2","status":"publish","type":"product","link":"https:\/\/boutique-one-piece.com\/de\/one-piece-fanartikel\/lorenor-zorro-einteilige-leckereien\/one-piece-gemalde-supernova-manga-2\/","title":{"rendered":"One Piece Supernova Manga-Gem\u00e4lde"},"content":{"rendered":"<h2>One Piece 5-teiliger Leinwanddruck mit den Mitgliedern der Schlimmsten Generation \u2013 ein hochwertiger Leinwanddruck f\u00fcr einen Piraten wie dich!<\/h2>\n<p>Wenn Sie ein&nbsp;<strong>echter Pirat<\/strong>, Sie werden es zu sch\u00e4tzen wissen&nbsp;<strong>Qualit\u00e4t<\/strong>&nbsp;Leinwand, Farbe und ein Rahmen f\u00fcr ihre&nbsp;<strong>Designs&nbsp;<\/strong>Und&nbsp;<strong>3D-Leinwanddruck<\/strong>&nbsp;davon&nbsp;<strong>One Piece 5-teiliges Gem\u00e4lde<\/strong>&nbsp;Aber am wichtigsten ist, dass Sie mit dieser Grafik Teil davon sein werden&nbsp;<strong>die Fan-Crew<\/strong>&nbsp;von&nbsp;<strong>Piraten-Manga<\/strong>&nbsp;und Sie erhalten:<\/p>\n<ul>\n<li>&nbsp;<strong>Bewunderung<\/strong>&nbsp;aller Fans von&nbsp;<strong>Mugiwara<\/strong>&nbsp;die Sie zu sich nach Hause einladen werden<\/li>\n<\/ul>\n<ul>\n<li>Ein echter&nbsp;<strong>5-teilige gedruckte Tabelle<\/strong>&nbsp;mit dem Sie<strong>&nbsp;sich vorstellen&nbsp;<\/strong>um zu k\u00e4mpfen&nbsp;<b>Supernovae<\/b><\/li>\n<\/ul>\n<p>Also, bereit, die&nbsp;<strong>Farben <\/strong>der <strong>Schreckliche Generation<\/strong>&nbsp;?<\/p>\n<h2>Bist du ein Fan des One Piece Mangas oder Animes? Zeig es mit diesem 5-teiligen One Piece Leinwanddruck!<\/h2>\n<p>Wenn du&nbsp;<strong>lesen<\/strong>&nbsp;oder wo auch immer Sie hinschauen&nbsp;<strong>der Anime&nbsp;<\/strong><strong>japanisch<\/strong>, Die Wahrscheinlichkeit ist gro\u00df, dass du geworden bist&nbsp;<strong>Ich bin total verr\u00fcckt nach One Piece.<\/strong>&nbsp;Damit!&nbsp;<strong>5-teiliges Supernova-Manga-Gem\u00e4lde<\/strong>, schlie\u00df dich der an\u2019<strong>Eine Gruppe von Fans der Franchise<\/strong><\/p>\n<p>Das&nbsp;<strong>Malerei<\/strong>&nbsp;ist verf\u00fcgbar mit einem&nbsp;<strong>Holzrahmen<\/strong>&nbsp;die Variante &quot;\u00ab\u00a0<strong>Mit Rahmen<\/strong>\u00abEs ist auch m\u00f6glich, nur das zu haben&nbsp;<strong>Tuch<\/strong>&nbsp;mit der Variante &quot;\u00ab\u00a0<strong>Rahmenlos<\/strong>\u00abDie Gr\u00f6\u00dfentabelle finden Sie in der Gr\u00f6\u00dfentabelle.\u201c&nbsp;<strong>Wenig<\/strong>,<strong>&nbsp;DURCHSCHNITT<\/strong>,<strong>&nbsp;Gro\u00df<\/strong>,<strong>&nbsp;XL<\/strong>, Es eignet sich f\u00fcr alle Arten von Piraten, auch wenn man keine hat&nbsp;<strong>Schwert<\/strong>&nbsp;oder&nbsp;<strong>Teufelsfrucht<\/strong>&nbsp;Man kann es immer noch stolz zu Hause aufh\u00e4ngen<\/p>\n<p>Der Name &quot;\u00ab\u00a0<strong>Supernova<\/strong>\u00ab&quot;, wird verwendet f\u00fcr die <strong>elf Piraten<\/strong> der <strong>Schreckliche Generation<\/strong> kamen gleichzeitig an am <strong>der Sabaody-Archipel<\/strong>. Diese <strong>Piraten<\/strong> haben <strong>globaler Ruf<\/strong>,mit einem <strong>Haupt<\/strong> was \u00fcbersteigt <strong>100 Millionen<\/strong>, sie sind <strong>\u00c4ngste<\/strong> Und <strong>respektiert<\/strong> auf <strong>Meere<\/strong><\/p>\n<h2>Informationen zum Gem\u00e4lde:<\/h2>\n<ul>\n<li>\n<strong>Hochwertige bedruckte Leinwand&nbsp;<\/strong>: Wandbild aus <strong>Baumwolle<\/strong> Und <strong>Leinen<\/strong>, um ein <strong>Tuch<\/strong> des Namens w\u00fcrdig<\/li>\n<\/ul>\n<ul>\n<li>\n<strong>Ultra Design Malerei<\/strong>&nbsp;Die f\u00fcnfteilige Tabelle bietet eine Menge Informationen. <strong>Stil<\/strong> zu einem <strong>St\u00fcck<\/strong>, Die Fans k\u00f6nnen nicht anders, als es zu lieben.<\/li>\n<\/ul>\n<ul style=\"font-weight: 400\">\n<li>\n<strong>Farbe und Druck&nbsp;<\/strong>One Piece Gem\u00e4lde mit einem Druck <strong>Canva<\/strong> der Ma\u00dfstab im Leinwanddruck<\/li>\n<\/ul>\n<ul style=\"font-weight: 400\">\n<li>\n<strong>Leichte Wandkunst<\/strong>&nbsp;Tolle Lage <strong>Licht,<\/strong> Es braucht nur einen <strong>Nagel<\/strong> oder von <strong>festes Bein<\/strong> f\u00fcr die <strong>pflegen<\/strong> Bei <strong>Wand<\/strong><\/li>\n<\/ul>\n<ul style=\"font-weight: 400\">\n<li>\n<strong>Holzrahmen<\/strong>&nbsp;: die Variante &quot;\u00ab\u00a0<strong>Mit Rahmen<\/strong>\u00a0\u00bb wird begleitet von einem <strong>Holzrahmen<\/strong> und die Version &quot;\u00ab\u00a0<strong>Rahmenlos<\/strong>\u00a0\u00bb wird geliefert <strong>ohne den Holzrahmen<\/strong><\/li>\n<\/ul>\n<ul style=\"font-weight: 400\">\n<li>\n<strong>Kostenloser Versand&nbsp;<\/strong>f\u00fcr jeden Kauf<strong>&nbsp;<\/strong><\/li>\n<\/ul>\n<h3>Vergessen Sie nicht, einen Blick auf die unten stehende Gr\u00f6\u00dfentabelle zu werfen.<\/h3>\n<h2>\n<strong style=\"font-size: 15px\">One Piece 5-teiliges Gem\u00e4lde<\/strong><span style=\"font-size: 15px\">,<\/span><strong style=\"font-size: 15px\"> <\/strong><span style=\"font-size: 15px\">Gr\u00f6\u00dfe<\/span><strong style=\"font-size: 15px\"> <\/strong><span style=\"font-size: 15px\">: <\/span><strong style=\"font-size: 15px\">Wenig<\/strong><\/h2>\n<p>&nbsp;<img decoding=\"async\" src=\"https:\/\/cdn.shopify.com\/s\/files\/1\/0087\/7556\/5348\/files\/guide_taille_tableau_one_piece_petit_boutique_one_piece_large.jpg?v=1560247451\" alt=\"Gr\u00f6\u00dfenratgeber f\u00fcr 5-teilige Sets (Klein)\"><\/p>\n<p><strong>One Piece 5-teiliges Gem\u00e4lde<\/strong>, Gr\u00f6\u00dfe<strong> <\/strong>:<strong> DURCHSCHNITT<\/strong><\/p>\n<p>&nbsp;<img decoding=\"async\" src=\"https:\/\/cdn.shopify.com\/s\/files\/1\/0087\/7556\/5348\/files\/guide_taille_tableau_one_piece_moyen_boutique_one_piece_large.jpg?v=1560247519\" alt=\"Gr\u00f6\u00dfentabelle (1 St\u00fcck, 5 St\u00fcck) Medium\"><\/p>\n<p><strong>One Piece 5-teiliges Gem\u00e4lde<\/strong>, Gr\u00f6\u00dfe<strong> <\/strong>: <strong>Gro\u00df<\/strong><\/p>\n<p>&nbsp;<img decoding=\"async\" src=\"https:\/\/cdn.shopify.com\/s\/files\/1\/0087\/7556\/5348\/files\/guide_taille_tableau_one_piece_grand_boutique_one_piece_large.jpg?v=1560247582\" alt=\"One Piece 5-teilige Gr\u00f6\u00dfentabelle (gro\u00df)\"><\/p>\n<p><strong>One Piece 5-teiliges Gem\u00e4lde<\/strong>, Gr\u00f6\u00dfe: <strong>XL<\/strong><\/p>\n<p><img decoding=\"async\" src=\"https:\/\/cdn.shopify.com\/s\/files\/1\/0087\/7556\/5348\/files\/guide_taille_tableau_one_piece_xl_boutique_one_piece_large.jpg?v=1560247610\" alt=\"One Piece 5-teilige XL Gr\u00f6\u00dfentabelle\"><\/p>","protected":false},"excerpt":{"rendered":"<p>One Piece 5-teiliger Leinwanddruck mit den Mitgliedern der Schlimmsten Generation: Ein hochwertiger Druck f\u00fcr echte Piraten! Als waschechter Pirat wirst du die Qualit\u00e4t von Leinwand, Farben und Rahmen sowie den 3D-Leinwanddruck dieses 5-teiligen One Piece-Drucks zu sch\u00e4tzen wissen! Aber am wichtigsten: Mit diesem Druck geh\u00f6rst du zur Crew der Manga-Fans \u2026<\/p>","protected":false},"featured_media":19255,"comment_status":"open","ping_status":"open","template":"","meta":[],"product_brand":[],"product_cat":[151],"product_tag":[280,201,202,92,142,143,113],"class_list":{"0":"post-16135","1":"product","2":"type-product","3":"status-publish","4":"has-post-thumbnail","6":"product_cat-goodies-roronoa-zoro-one-piece","7":"product_tag-bepo","8":"product_tag-kid","9":"product_tag-law","10":"product_tag-luffy","11":"product_tag-tableau-5-pieces","12":"product_tag-toile","13":"product_tag-zoro","14":"pa_color-9105xx01","15":"pa_size-inch-size-1-no-framed","17":"first","18":"instock","19":"purchasable","20":"product-type-variable"},"yoast_head":"<!-- This site is optimized with the Yoast SEO plugin v27.5 - https:\/\/yoast.com\/product\/yoast-seo-wordpress\/ -->\n<title>Tableau Supernova Manga | Boutique One Piece<\/title>\n<meta name=\"description\" content=\"Tableau 5 Pi\u00e8ces One Piece avec Zoro, Luffy, Law et Kid de la G\u00e9n\u00e9ration Terrible Tr\u00e8s Haute Qualit\u00e9 Fan du Manga de Pirates ce Tableau 5 Panneaux est Pour Vous\" \/>\n<meta name=\"robots\" content=\"index, follow, max-snippet:-1, max-image-preview:large, max-video-preview:-1\" \/>\n<link rel=\"canonical\" href=\"https:\/\/boutique-one-piece.com\/de\/one-piece-fanartikel\/lorenor-zorro-einteilige-leckereien\/one-piece-gemalde-supernova-manga-2\/\" \/>\n<meta property=\"og:locale\" content=\"de_DE\" \/>\n<meta property=\"og:type\" content=\"article\" \/>\n<meta property=\"og:title\" content=\"Tableau Supernova Manga | Boutique One Piece\" \/>\n<meta property=\"og:description\" content=\"Tableau 5 Pi\u00e8ces One Piece avec Zoro, Luffy, Law et Kid de la G\u00e9n\u00e9ration Terrible Tr\u00e8s Haute Qualit\u00e9 Fan du Manga de Pirates ce Tableau 5 Panneaux est Pour Vous\" \/>\n<meta property=\"og:url\" content=\"https:\/\/boutique-one-piece.com\/de\/one-piece-fanartikel\/lorenor-zorro-einteilige-leckereien\/one-piece-gemalde-supernova-manga-2\/\" \/>\n<meta property=\"og:site_name\" content=\"Boutique One Piece\" \/>\n<meta property=\"article:modified_time\" content=\"2024-09-16T15:23:29+00:00\" \/>\n<meta property=\"og:image\" content=\"https:\/\/boutique-one-piece.com\/wp-content\/uploads\/2022\/09\/Une-pi-ce-Anime-toile-peinture-mur-Art-d-cor-la-maison-pour-salon-5-pi.jpg_.jpg\" \/>\n\t<meta property=\"og:image:width\" content=\"850\" \/>\n\t<meta property=\"og:image:height\" content=\"850\" \/>\n\t<meta property=\"og:image:type\" content=\"image\/jpeg\" \/>\n<meta name=\"twitter:card\" content=\"summary_large_image\" \/>\n<meta name=\"twitter:label1\" content=\"Gesch\u00e4tzte Lesezeit\" \/>\n\t<meta name=\"twitter:data1\" content=\"4\u00a0Minuten\" \/>\n<script type=\"application\/ld+json\" class=\"yoast-schema-graph\">{\"@context\":\"https:\\\/\\\/schema.org\",\"@graph\":[{\"@type\":\"WebPage\",\"@id\":\"https:\\\/\\\/boutique-one-piece.com\\\/goodies-one-piece\\\/goodies-roronoa-zoro-one-piece\\\/tableau-one-piece-supernova-manga-2\\\/\",\"url\":\"https:\\\/\\\/boutique-one-piece.com\\\/goodies-one-piece\\\/goodies-roronoa-zoro-one-piece\\\/tableau-one-piece-supernova-manga-2\\\/\",\"name\":\"Tableau Supernova Manga | Boutique One Piece\",\"isPartOf\":{\"@id\":\"https:\\\/\\\/boutique-one-piece.com\\\/#website\"},\"primaryImageOfPage\":{\"@id\":\"https:\\\/\\\/boutique-one-piece.com\\\/goodies-one-piece\\\/goodies-roronoa-zoro-one-piece\\\/tableau-one-piece-supernova-manga-2\\\/#primaryimage\"},\"image\":{\"@id\":\"https:\\\/\\\/boutique-one-piece.com\\\/goodies-one-piece\\\/goodies-roronoa-zoro-one-piece\\\/tableau-one-piece-supernova-manga-2\\\/#primaryimage\"},\"thumbnailUrl\":\"https:\\\/\\\/boutique-one-piece.com\\\/wp-content\\\/uploads\\\/2022\\\/09\\\/Une-pi-ce-Anime-toile-peinture-mur-Art-d-cor-la-maison-pour-salon-5-pi.jpg_.jpg\",\"datePublished\":\"2022-09-27T21:42:48+00:00\",\"dateModified\":\"2024-09-16T15:23:29+00:00\",\"description\":\"Tableau 5 Pi\u00e8ces One Piece avec Zoro, Luffy, Law et Kid de la G\u00e9n\u00e9ration Terrible Tr\u00e8s Haute Qualit\u00e9 Fan du Manga de Pirates ce Tableau 5 Panneaux est Pour Vous\",\"breadcrumb\":{\"@id\":\"https:\\\/\\\/boutique-one-piece.com\\\/goodies-one-piece\\\/goodies-roronoa-zoro-one-piece\\\/tableau-one-piece-supernova-manga-2\\\/#breadcrumb\"},\"inLanguage\":\"de\",\"potentialAction\":[{\"@type\":\"ReadAction\",\"target\":[\"https:\\\/\\\/boutique-one-piece.com\\\/goodies-one-piece\\\/goodies-roronoa-zoro-one-piece\\\/tableau-one-piece-supernova-manga-2\\\/\"]}]},{\"@type\":\"ImageObject\",\"inLanguage\":\"de\",\"@id\":\"https:\\\/\\\/boutique-one-piece.com\\\/goodies-one-piece\\\/goodies-roronoa-zoro-one-piece\\\/tableau-one-piece-supernova-manga-2\\\/#primaryimage\",\"url\":\"https:\\\/\\\/boutique-one-piece.com\\\/wp-content\\\/uploads\\\/2022\\\/09\\\/Une-pi-ce-Anime-toile-peinture-mur-Art-d-cor-la-maison-pour-salon-5-pi.jpg_.jpg\",\"contentUrl\":\"https:\\\/\\\/boutique-one-piece.com\\\/wp-content\\\/uploads\\\/2022\\\/09\\\/Une-pi-ce-Anime-toile-peinture-mur-Art-d-cor-la-maison-pour-salon-5-pi.jpg_.jpg\",\"width\":850,\"height\":850},{\"@type\":\"BreadcrumbList\",\"@id\":\"https:\\\/\\\/boutique-one-piece.com\\\/goodies-one-piece\\\/goodies-roronoa-zoro-one-piece\\\/tableau-one-piece-supernova-manga-2\\\/#breadcrumb\",\"itemListElement\":[{\"@type\":\"ListItem\",\"position\":1,\"name\":\"Home\",\"item\":\"https:\\\/\\\/boutique-one-piece.com\\\/\"},{\"@type\":\"ListItem\",\"position\":2,\"name\":\"Shop\",\"item\":\"https:\\\/\\\/boutique-one-piece.com\\\/shop\\\/\"},{\"@type\":\"ListItem\",\"position\":3,\"name\":\"Tableau One Piece Supernova Manga\"}]},{\"@type\":\"WebSite\",\"@id\":\"https:\\\/\\\/boutique-one-piece.com\\\/#website\",\"url\":\"https:\\\/\\\/boutique-one-piece.com\\\/\",\"name\":\"Boutique One Piece\",\"description\":\"Magasin Sp\u00e9cialis\u00e9 du Manga et l&#039;Anime One Piece\",\"publisher\":{\"@id\":\"https:\\\/\\\/boutique-one-piece.com\\\/#organization\"},\"potentialAction\":[{\"@type\":\"SearchAction\",\"target\":{\"@type\":\"EntryPoint\",\"urlTemplate\":\"https:\\\/\\\/boutique-one-piece.com\\\/?s={search_term_string}\"},\"query-input\":{\"@type\":\"PropertyValueSpecification\",\"valueRequired\":true,\"valueName\":\"search_term_string\"}}],\"inLanguage\":\"de\"},{\"@type\":\"Organization\",\"@id\":\"https:\\\/\\\/boutique-one-piece.com\\\/#organization\",\"name\":\"Boutique One Piece\",\"url\":\"https:\\\/\\\/boutique-one-piece.com\\\/\",\"logo\":{\"@type\":\"ImageObject\",\"inLanguage\":\"de\",\"@id\":\"https:\\\/\\\/boutique-one-piece.com\\\/#\\\/schema\\\/logo\\\/image\\\/\",\"url\":\"https:\\\/\\\/boutique-one-piece.com\\\/wp-content\\\/uploads\\\/2022\\\/09\\\/Logo-01.png\",\"contentUrl\":\"https:\\\/\\\/boutique-one-piece.com\\\/wp-content\\\/uploads\\\/2022\\\/09\\\/Logo-01.png\",\"width\":2318,\"height\":957,\"caption\":\"Boutique One Piece\"},\"image\":{\"@id\":\"https:\\\/\\\/boutique-one-piece.com\\\/#\\\/schema\\\/logo\\\/image\\\/\"}}]}<\/script>\n<!-- \/ Yoast SEO plugin. -->","yoast_head_json":{"title":"Supernova-Manga-Gem\u00e4lde | One Piece Shop","description":"5-teiliger One Piece Leinwanddruck mit Zoro, Ruffy, Law und Kid aus der Schrecklichen Generation. Sehr hohe Qualit\u00e4t. Ein Muss f\u00fcr Fans des Piraten-Mangas!","robots":{"index":"index","follow":"follow","max-snippet":"max-snippet:-1","max-image-preview":"max-image-preview:large","max-video-preview":"max-video-preview:-1"},"canonical":"https:\/\/boutique-one-piece.com\/de\/one-piece-fanartikel\/lorenor-zorro-einteilige-leckereien\/one-piece-gemalde-supernova-manga-2\/","og_locale":"de_DE","og_type":"article","og_title":"Tableau Supernova Manga | Boutique One Piece","og_description":"Tableau 5 Pi\u00e8ces One Piece avec Zoro, Luffy, Law et Kid de la G\u00e9n\u00e9ration Terrible Tr\u00e8s Haute Qualit\u00e9 Fan du Manga de Pirates ce Tableau 5 Panneaux est Pour Vous","og_url":"https:\/\/boutique-one-piece.com\/de\/one-piece-fanartikel\/lorenor-zorro-einteilige-leckereien\/one-piece-gemalde-supernova-manga-2\/","og_site_name":"Boutique One Piece","article_modified_time":"2024-09-16T15:23:29+00:00","og_image":[{"width":850,"height":850,"url":"https:\/\/boutique-one-piece.com\/wp-content\/uploads\/2022\/09\/Une-pi-ce-Anime-toile-peinture-mur-Art-d-cor-la-maison-pour-salon-5-pi.jpg_.jpg","type":"image\/jpeg"}],"twitter_card":"summary_large_image","twitter_misc":{"Gesch\u00e4tzte Lesezeit":"4\u00a0Minuten"},"schema":{"@context":"https:\/\/schema.org","@graph":[{"@type":"WebPage","@id":"https:\/\/boutique-one-piece.com\/goodies-one-piece\/goodies-roronoa-zoro-one-piece\/tableau-one-piece-supernova-manga-2\/","url":"https:\/\/boutique-one-piece.com\/goodies-one-piece\/goodies-roronoa-zoro-one-piece\/tableau-one-piece-supernova-manga-2\/","name":"Supernova-Manga-Gem\u00e4lde | One Piece Shop","isPartOf":{"@id":"https:\/\/boutique-one-piece.com\/#website"},"primaryImageOfPage":{"@id":"https:\/\/boutique-one-piece.com\/goodies-one-piece\/goodies-roronoa-zoro-one-piece\/tableau-one-piece-supernova-manga-2\/#primaryimage"},"image":{"@id":"https:\/\/boutique-one-piece.com\/goodies-one-piece\/goodies-roronoa-zoro-one-piece\/tableau-one-piece-supernova-manga-2\/#primaryimage"},"thumbnailUrl":"https:\/\/boutique-one-piece.com\/wp-content\/uploads\/2022\/09\/Une-pi-ce-Anime-toile-peinture-mur-Art-d-cor-la-maison-pour-salon-5-pi.jpg_.jpg","datePublished":"2022-09-27T21:42:48+00:00","dateModified":"2024-09-16T15:23:29+00:00","description":"5-teiliger One Piece Leinwanddruck mit Zoro, Ruffy, Law und Kid aus der Schrecklichen Generation. Sehr hohe Qualit\u00e4t. Ein Muss f\u00fcr Fans des Piraten-Mangas!","breadcrumb":{"@id":"https:\/\/boutique-one-piece.com\/goodies-one-piece\/goodies-roronoa-zoro-one-piece\/tableau-one-piece-supernova-manga-2\/#breadcrumb"},"inLanguage":"de","potentialAction":[{"@type":"ReadAction","target":["https:\/\/boutique-one-piece.com\/goodies-one-piece\/goodies-roronoa-zoro-one-piece\/tableau-one-piece-supernova-manga-2\/"]}]},{"@type":"ImageObject","inLanguage":"de","@id":"https:\/\/boutique-one-piece.com\/goodies-one-piece\/goodies-roronoa-zoro-one-piece\/tableau-one-piece-supernova-manga-2\/#primaryimage","url":"https:\/\/boutique-one-piece.com\/wp-content\/uploads\/2022\/09\/Une-pi-ce-Anime-toile-peinture-mur-Art-d-cor-la-maison-pour-salon-5-pi.jpg_.jpg","contentUrl":"https:\/\/boutique-one-piece.com\/wp-content\/uploads\/2022\/09\/Une-pi-ce-Anime-toile-peinture-mur-Art-d-cor-la-maison-pour-salon-5-pi.jpg_.jpg","width":850,"height":850},{"@type":"BreadcrumbList","@id":"https:\/\/boutique-one-piece.com\/goodies-one-piece\/goodies-roronoa-zoro-one-piece\/tableau-one-piece-supernova-manga-2\/#breadcrumb","itemListElement":[{"@type":"ListItem","position":1,"name":"Home","item":"https:\/\/boutique-one-piece.com\/"},{"@type":"ListItem","position":2,"name":"Shop","item":"https:\/\/boutique-one-piece.com\/shop\/"},{"@type":"ListItem","position":3,"name":"Tableau One Piece Supernova Manga"}]},{"@type":"WebSite","@id":"https:\/\/boutique-one-piece.com\/#website","url":"https:\/\/boutique-one-piece.com\/","name":"One Piece Shop","description":"Fachgesch\u00e4ft f\u00fcr One Piece Manga und Anime","publisher":{"@id":"https:\/\/boutique-one-piece.com\/#organization"},"potentialAction":[{"@type":"SearchAction","target":{"@type":"EntryPoint","urlTemplate":"https:\/\/boutique-one-piece.com\/?s={search_term_string}"},"query-input":{"@type":"PropertyValueSpecification","valueRequired":true,"valueName":"search_term_string"}}],"inLanguage":"de"},{"@type":"Organization","@id":"https:\/\/boutique-one-piece.com\/#organization","name":"One Piece Shop","url":"https:\/\/boutique-one-piece.com\/","logo":{"@type":"ImageObject","inLanguage":"de","@id":"https:\/\/boutique-one-piece.com\/#\/schema\/logo\/image\/","url":"https:\/\/boutique-one-piece.com\/wp-content\/uploads\/2022\/09\/Logo-01.png","contentUrl":"https:\/\/boutique-one-piece.com\/wp-content\/uploads\/2022\/09\/Logo-01.png","width":2318,"height":957,"caption":"Boutique One Piece"},"image":{"@id":"https:\/\/boutique-one-piece.com\/#\/schema\/logo\/image\/"}}]}},"_links":{"self":[{"href":"https:\/\/boutique-one-piece.com\/de\/wp-json\/wp\/v2\/product\/16135","targetHints":{"allow":["GET"]}}],"collection":[{"href":"https:\/\/boutique-one-piece.com\/de\/wp-json\/wp\/v2\/product"}],"about":[{"href":"https:\/\/boutique-one-piece.com\/de\/wp-json\/wp\/v2\/types\/product"}],"replies":[{"embeddable":true,"href":"https:\/\/boutique-one-piece.com\/de\/wp-json\/wp\/v2\/comments?post=16135"}],"wp:featuredmedia":[{"embeddable":true,"href":"https:\/\/boutique-one-piece.com\/de\/wp-json\/wp\/v2\/media\/19255"}],"wp:attachment":[{"href":"https:\/\/boutique-one-piece.com\/de\/wp-json\/wp\/v2\/media?parent=16135"}],"wp:term":[{"taxonomy":"product_brand","embeddable":true,"href":"https:\/\/boutique-one-piece.com\/de\/wp-json\/wp\/v2\/product_brand?post=16135"},{"taxonomy":"product_cat","embeddable":true,"href":"https:\/\/boutique-one-piece.com\/de\/wp-json\/wp\/v2\/product_cat?post=16135"},{"taxonomy":"product_tag","embeddable":true,"href":"https:\/\/boutique-one-piece.com\/de\/wp-json\/wp\/v2\/product_tag?post=16135"}],"curies":[{"name":"wp","href":"https:\/\/api.w.org\/{rel}","templated":true}]}}