{"id":17109,"date":"2022-09-27T21:57:41","date_gmt":"2022-09-27T21:57:41","guid":{"rendered":"https:\/\/boutique-one-piece.com\/uncategorized\/avis-de-recherche-zeff-wanted\/"},"modified":"2024-09-16T14:58:47","modified_gmt":"2024-09-16T14:58:47","slug":"zeff-wollte-eine-benachrichtigung","status":"publish","type":"product","link":"https:\/\/boutique-one-piece.com\/de\/steckbrief-aus-one-piece\/zeff-wollte-eine-benachrichtigung\/","title":{"rendered":"Zeff \u2013 Fahndungsaufruf"},"content":{"rendered":"<h2>Versch\u00f6nere dein B\u00fcro mit einem Poster einer liebenswerten Figur aus deinem Lieblingsmanga. Dieses Zeff-Wanted-Poster ist perfekt f\u00fcr alle, die den Baratie-Arc geliebt haben.<\/h2>\n<p>Rotfu\u00df-Zeff ist der <strong>Chef<\/strong> des Restaurants, das ein Boot ist, das <strong>Baratie<\/strong>. Er ist ein Mann mit einem langen geflochtenen Schnurrbart. <strong>Sanjis Mentor<\/strong>. Man k\u00f6nnte sagen, sie haben eine echte Vater-Sohn-Beziehung, und Sanji wird ihm ewig dankbar sein. Vergleicht man die Spitznamen der beiden, Sanji der Schwarzbeinige und Zeff der Rotf\u00fc\u00dfige, versteht man, dass Zeff Sanji seinen Kampfstil beigebracht hat und dass er mit den F\u00fc\u00dfen k\u00e4mpft, um seine H\u00e4nde nicht zu verletzen, denn seiner Meinung nach sind H\u00e4nde zum Kochen da.<\/p>\n<h3>Zeigen Sie Ihre Leidenschaft f\u00fcr One Piece mit diesem Steckbrief f\u00fcr einen freundlichen Charakter.<\/h3>\n<p>Bevor Zeff die Baratie \u00fcbernahm, sank sein Schiff in einem Sturm, und er und Sanji waren die einzigen \u00dcberlebenden, gestrandet auf einer einsamen Insel. Zeff rettete Sanji vor dem Ertrinken. Er gab Sanji die wenigen Lebensmittel in einem Beutel und gab vor, sie gerecht zwischen ihnen aufgeteilt zu haben. Als der hungernde Sanji jedoch z\u00f6gerte, den Beutel zu stehlen, entdeckte Zeff, dass er leer war und dass er sein Bein gegessen hatte, um zu \u00fcberleben.<\/p>\n<p>Es ist <strong>Haupt<\/strong> liegt bei 60 Millionen Beeren.<\/p>\n<p>Wenn Ihnen unsere Poster gefallen, sollte Ihnen das hier auch gefallen. <a href=\"https:\/\/boutique-one-piece.com\/de\/steckbrief-aus-one-piece\/produkte\/one-piece-steckbrief-portgas-d-ace\/\" target=\"_blank\" title=\"Ace \u2013 Gesucht!\" rel=\"noopener noreferrer\">Ace-Steckbrief<\/a>.<\/p>\n<h2>Informationen zum One Piece Wanted Zeff-Poster<\/h2>\n<ul>\n<li><span><b><u>One Piece Steckbrief<\/u><\/b>&nbsp;Ein originaler One Piece Steckbrief f\u00fcr echte Piraten.<\/span><\/li>\n<\/ul>\n<ul>\n<li>\n<b><u>Zeffs Bonus<\/u><\/b>&nbsp;60.000.000 Beeren<\/li>\n<\/ul>\n<ul>\n<li><span><strong>Hochwertiger Druck<\/strong>&nbsp;akkurate Farben<\/span><\/li>\n<\/ul>\n<ul>\n<li>\n<strong>Dimension<\/strong>&nbsp;: 30 cm x 21 cm und 42 cm x 30 cm<\/li>\n<\/ul>\n<ul>\n<li><span><strong>KOSTENLOSE LIEFERUNG<\/strong><\/span><\/li>\n<\/ul>","protected":false},"excerpt":{"rendered":"<p>Versch\u00f6nere deinen Schreibtisch mit einem Poster einer liebenswerten Figur aus deinem Lieblingsmanga. Dieses Zeff-Wanted-Poster ist perfekt f\u00fcr alle Fans des Baratie-Arcs. Der rotf\u00fc\u00dfige Zeff ist der K\u00fcchenchef des Restaurants, das sich auf einem Schiff namens Baratie befindet. Er ist ein Mann mit einem langen, geflochtenen Schnurrbart und der Mentor [\u2026]<\/p>","protected":false},"featured_media":19279,"comment_status":"open","ping_status":"open","template":"","meta":[],"product_brand":[],"product_cat":[171],"product_tag":[],"class_list":{"0":"post-17109","1":"product","2":"type-product","3":"status-publish","4":"has-post-thumbnail","6":"product_cat-avis-de-recherche-one-piece","8":"first","9":"outofstock","10":"purchasable","11":"product-type-variable"},"yoast_head":"<!-- This site is optimized with the Yoast SEO plugin v27.5 - https:\/\/yoast.com\/product\/yoast-seo-wordpress\/ -->\n<title>Avis De Recherche Zeff Wanted | D\u00e9coration One Piece \u2013 Boutique One Piece<\/title>\n<meta name=\"description\" content=\"D\u00e9core ton bureau avec le poster d&#039;un homme attachant de ton manga pr\u00e9f\u00e9r\u00e9. Cet Avis de Recherche Zeff Wanted est parfait pour ceux qui ont aim\u00e9 l&#039;arc Baratie. Zeff aux pieds rouges est le chef du restaurant qui est un bateau, le Baratie. C&#039;est un homme avec une longue moustache tress\u00e9e qui est le mentor de Sanji. On p\" \/>\n<meta name=\"robots\" content=\"index, follow, max-snippet:-1, max-image-preview:large, max-video-preview:-1\" \/>\n<link rel=\"canonical\" href=\"https:\/\/boutique-one-piece.com\/de\/steckbrief-aus-one-piece\/zeff-wollte-eine-benachrichtigung\/\" \/>\n<meta property=\"og:locale\" content=\"de_DE\" \/>\n<meta property=\"og:type\" content=\"article\" \/>\n<meta property=\"og:title\" content=\"Avis De Recherche Zeff Wanted | D\u00e9coration One Piece \u2013 Boutique One Piece\" \/>\n<meta property=\"og:description\" content=\"D\u00e9core ton bureau avec le poster d&#039;un homme attachant de ton manga pr\u00e9f\u00e9r\u00e9. Cet Avis de Recherche Zeff Wanted est parfait pour ceux qui ont aim\u00e9 l&#039;arc Baratie. Zeff aux pieds rouges est le chef du restaurant qui est un bateau, le Baratie. C&#039;est un homme avec une longue moustache tress\u00e9e qui est le mentor de Sanji. On p\" \/>\n<meta property=\"og:url\" content=\"https:\/\/boutique-one-piece.com\/de\/steckbrief-aus-one-piece\/zeff-wollte-eine-benachrichtigung\/\" \/>\n<meta property=\"og:site_name\" content=\"Boutique One Piece\" \/>\n<meta property=\"article:modified_time\" content=\"2024-09-16T14:58:47+00:00\" \/>\n<meta property=\"og:image\" content=\"https:\/\/boutique-one-piece.com\/wp-content\/uploads\/2022\/09\/Affiche-murale-imprim-e-en-papier-kraft-Luffy-Zoro-Nami-Franky-Boa-Law-Wanted-affiche-d.jpg_640x640.jpg\" \/>\n\t<meta property=\"og:image:width\" content=\"453\" \/>\n\t<meta property=\"og:image:height\" content=\"640\" \/>\n\t<meta property=\"og:image:type\" content=\"image\/jpeg\" \/>\n<meta name=\"twitter:card\" content=\"summary_large_image\" \/>\n<meta name=\"twitter:label1\" content=\"Gesch\u00e4tzte Lesezeit\" \/>\n\t<meta name=\"twitter:data1\" content=\"3\u00a0Minuten\" \/>\n<script type=\"application\/ld+json\" class=\"yoast-schema-graph\">{\"@context\":\"https:\\\/\\\/schema.org\",\"@graph\":[{\"@type\":\"WebPage\",\"@id\":\"https:\\\/\\\/boutique-one-piece.com\\\/avis-de-recherche-one-piece\\\/avis-de-recherche-zeff-wanted\\\/\",\"url\":\"https:\\\/\\\/boutique-one-piece.com\\\/avis-de-recherche-one-piece\\\/avis-de-recherche-zeff-wanted\\\/\",\"name\":\"Avis De Recherche Zeff Wanted | D\u00e9coration One Piece \u2013 Boutique One Piece\",\"isPartOf\":{\"@id\":\"https:\\\/\\\/boutique-one-piece.com\\\/#website\"},\"primaryImageOfPage\":{\"@id\":\"https:\\\/\\\/boutique-one-piece.com\\\/avis-de-recherche-one-piece\\\/avis-de-recherche-zeff-wanted\\\/#primaryimage\"},\"image\":{\"@id\":\"https:\\\/\\\/boutique-one-piece.com\\\/avis-de-recherche-one-piece\\\/avis-de-recherche-zeff-wanted\\\/#primaryimage\"},\"thumbnailUrl\":\"https:\\\/\\\/boutique-one-piece.com\\\/wp-content\\\/uploads\\\/2022\\\/09\\\/Affiche-murale-imprim-e-en-papier-kraft-Luffy-Zoro-Nami-Franky-Boa-Law-Wanted-affiche-d.jpg_640x640.jpg\",\"datePublished\":\"2022-09-27T21:57:41+00:00\",\"dateModified\":\"2024-09-16T14:58:47+00:00\",\"description\":\"D\u00e9core ton bureau avec le poster d'un homme attachant de ton manga pr\u00e9f\u00e9r\u00e9. Cet Avis de Recherche Zeff Wanted est parfait pour ceux qui ont aim\u00e9 l'arc Baratie. Zeff aux pieds rouges est le chef du restaurant qui est un bateau, le Baratie. C'est un homme avec une longue moustache tress\u00e9e qui est le mentor de Sanji. On p\",\"breadcrumb\":{\"@id\":\"https:\\\/\\\/boutique-one-piece.com\\\/avis-de-recherche-one-piece\\\/avis-de-recherche-zeff-wanted\\\/#breadcrumb\"},\"inLanguage\":\"de\",\"potentialAction\":[{\"@type\":\"ReadAction\",\"target\":[\"https:\\\/\\\/boutique-one-piece.com\\\/avis-de-recherche-one-piece\\\/avis-de-recherche-zeff-wanted\\\/\"]}]},{\"@type\":\"ImageObject\",\"inLanguage\":\"de\",\"@id\":\"https:\\\/\\\/boutique-one-piece.com\\\/avis-de-recherche-one-piece\\\/avis-de-recherche-zeff-wanted\\\/#primaryimage\",\"url\":\"https:\\\/\\\/boutique-one-piece.com\\\/wp-content\\\/uploads\\\/2022\\\/09\\\/Affiche-murale-imprim-e-en-papier-kraft-Luffy-Zoro-Nami-Franky-Boa-Law-Wanted-affiche-d.jpg_640x640.jpg\",\"contentUrl\":\"https:\\\/\\\/boutique-one-piece.com\\\/wp-content\\\/uploads\\\/2022\\\/09\\\/Affiche-murale-imprim-e-en-papier-kraft-Luffy-Zoro-Nami-Franky-Boa-Law-Wanted-affiche-d.jpg_640x640.jpg\",\"width\":453,\"height\":640},{\"@type\":\"BreadcrumbList\",\"@id\":\"https:\\\/\\\/boutique-one-piece.com\\\/avis-de-recherche-one-piece\\\/avis-de-recherche-zeff-wanted\\\/#breadcrumb\",\"itemListElement\":[{\"@type\":\"ListItem\",\"position\":1,\"name\":\"Home\",\"item\":\"https:\\\/\\\/boutique-one-piece.com\\\/\"},{\"@type\":\"ListItem\",\"position\":2,\"name\":\"Shop\",\"item\":\"https:\\\/\\\/boutique-one-piece.com\\\/shop\\\/\"},{\"@type\":\"ListItem\",\"position\":3,\"name\":\"Avis De Recherche Zeff Wanted\"}]},{\"@type\":\"WebSite\",\"@id\":\"https:\\\/\\\/boutique-one-piece.com\\\/#website\",\"url\":\"https:\\\/\\\/boutique-one-piece.com\\\/\",\"name\":\"Boutique One Piece\",\"description\":\"Magasin Sp\u00e9cialis\u00e9 du Manga et l&#039;Anime One Piece\",\"publisher\":{\"@id\":\"https:\\\/\\\/boutique-one-piece.com\\\/#organization\"},\"potentialAction\":[{\"@type\":\"SearchAction\",\"target\":{\"@type\":\"EntryPoint\",\"urlTemplate\":\"https:\\\/\\\/boutique-one-piece.com\\\/?s={search_term_string}\"},\"query-input\":{\"@type\":\"PropertyValueSpecification\",\"valueRequired\":true,\"valueName\":\"search_term_string\"}}],\"inLanguage\":\"de\"},{\"@type\":\"Organization\",\"@id\":\"https:\\\/\\\/boutique-one-piece.com\\\/#organization\",\"name\":\"Boutique One Piece\",\"url\":\"https:\\\/\\\/boutique-one-piece.com\\\/\",\"logo\":{\"@type\":\"ImageObject\",\"inLanguage\":\"de\",\"@id\":\"https:\\\/\\\/boutique-one-piece.com\\\/#\\\/schema\\\/logo\\\/image\\\/\",\"url\":\"https:\\\/\\\/boutique-one-piece.com\\\/wp-content\\\/uploads\\\/2022\\\/09\\\/Logo-01.png\",\"contentUrl\":\"https:\\\/\\\/boutique-one-piece.com\\\/wp-content\\\/uploads\\\/2022\\\/09\\\/Logo-01.png\",\"width\":2318,\"height\":957,\"caption\":\"Boutique One Piece\"},\"image\":{\"@id\":\"https:\\\/\\\/boutique-one-piece.com\\\/#\\\/schema\\\/logo\\\/image\\\/\"}}]}<\/script>\n<!-- \/ Yoast SEO plugin. -->","yoast_head_json":{"title":"Zeff-Fahndungsaufruf | One Piece Dekorationen \u2013 One Piece Shop","description":"Versch\u00f6nere deinen Schreibtisch mit einem Poster einer liebenswerten Figur aus deinem Lieblingsmanga. Dieses \u201eZeff Wanted\u201c-Poster ist perfekt f\u00fcr alle Fans des Baratie-Arcs. Der rotf\u00fc\u00dfige Zeff ist der Koch des Restaurants, das sich auf einem Boot namens Baratie befindet. Er ist ein Mann mit einem langen geflochtenen Schnurrbart und Sanjis Mentor.","robots":{"index":"index","follow":"follow","max-snippet":"max-snippet:-1","max-image-preview":"max-image-preview:large","max-video-preview":"max-video-preview:-1"},"canonical":"https:\/\/boutique-one-piece.com\/de\/steckbrief-aus-one-piece\/zeff-wollte-eine-benachrichtigung\/","og_locale":"de_DE","og_type":"article","og_title":"Avis De Recherche Zeff Wanted | D\u00e9coration One Piece \u2013 Boutique One Piece","og_description":"D\u00e9core ton bureau avec le poster d'un homme attachant de ton manga pr\u00e9f\u00e9r\u00e9. Cet Avis de Recherche Zeff Wanted est parfait pour ceux qui ont aim\u00e9 l'arc Baratie. Zeff aux pieds rouges est le chef du restaurant qui est un bateau, le Baratie. C'est un homme avec une longue moustache tress\u00e9e qui est le mentor de Sanji. On p","og_url":"https:\/\/boutique-one-piece.com\/de\/steckbrief-aus-one-piece\/zeff-wollte-eine-benachrichtigung\/","og_site_name":"Boutique One Piece","article_modified_time":"2024-09-16T14:58:47+00:00","og_image":[{"width":453,"height":640,"url":"https:\/\/boutique-one-piece.com\/wp-content\/uploads\/2022\/09\/Affiche-murale-imprim-e-en-papier-kraft-Luffy-Zoro-Nami-Franky-Boa-Law-Wanted-affiche-d.jpg_640x640.jpg","type":"image\/jpeg"}],"twitter_card":"summary_large_image","twitter_misc":{"Gesch\u00e4tzte Lesezeit":"3\u00a0Minuten"},"schema":{"@context":"https:\/\/schema.org","@graph":[{"@type":"WebPage","@id":"https:\/\/boutique-one-piece.com\/avis-de-recherche-one-piece\/avis-de-recherche-zeff-wanted\/","url":"https:\/\/boutique-one-piece.com\/avis-de-recherche-one-piece\/avis-de-recherche-zeff-wanted\/","name":"Zeff-Fahndungsaufruf | One Piece Dekorationen \u2013 One Piece Shop","isPartOf":{"@id":"https:\/\/boutique-one-piece.com\/#website"},"primaryImageOfPage":{"@id":"https:\/\/boutique-one-piece.com\/avis-de-recherche-one-piece\/avis-de-recherche-zeff-wanted\/#primaryimage"},"image":{"@id":"https:\/\/boutique-one-piece.com\/avis-de-recherche-one-piece\/avis-de-recherche-zeff-wanted\/#primaryimage"},"thumbnailUrl":"https:\/\/boutique-one-piece.com\/wp-content\/uploads\/2022\/09\/Affiche-murale-imprim-e-en-papier-kraft-Luffy-Zoro-Nami-Franky-Boa-Law-Wanted-affiche-d.jpg_640x640.jpg","datePublished":"2022-09-27T21:57:41+00:00","dateModified":"2024-09-16T14:58:47+00:00","description":"Versch\u00f6nere deinen Schreibtisch mit einem Poster einer liebenswerten Figur aus deinem Lieblingsmanga. Dieses \u201eZeff Wanted\u201c-Poster ist perfekt f\u00fcr alle Fans des Baratie-Arcs. Der rotf\u00fc\u00dfige Zeff ist der Koch des Restaurants, das sich auf einem Boot namens Baratie befindet. Er ist ein Mann mit einem langen geflochtenen Schnurrbart und Sanjis Mentor.","breadcrumb":{"@id":"https:\/\/boutique-one-piece.com\/avis-de-recherche-one-piece\/avis-de-recherche-zeff-wanted\/#breadcrumb"},"inLanguage":"de","potentialAction":[{"@type":"ReadAction","target":["https:\/\/boutique-one-piece.com\/avis-de-recherche-one-piece\/avis-de-recherche-zeff-wanted\/"]}]},{"@type":"ImageObject","inLanguage":"de","@id":"https:\/\/boutique-one-piece.com\/avis-de-recherche-one-piece\/avis-de-recherche-zeff-wanted\/#primaryimage","url":"https:\/\/boutique-one-piece.com\/wp-content\/uploads\/2022\/09\/Affiche-murale-imprim-e-en-papier-kraft-Luffy-Zoro-Nami-Franky-Boa-Law-Wanted-affiche-d.jpg_640x640.jpg","contentUrl":"https:\/\/boutique-one-piece.com\/wp-content\/uploads\/2022\/09\/Affiche-murale-imprim-e-en-papier-kraft-Luffy-Zoro-Nami-Franky-Boa-Law-Wanted-affiche-d.jpg_640x640.jpg","width":453,"height":640},{"@type":"BreadcrumbList","@id":"https:\/\/boutique-one-piece.com\/avis-de-recherche-one-piece\/avis-de-recherche-zeff-wanted\/#breadcrumb","itemListElement":[{"@type":"ListItem","position":1,"name":"Home","item":"https:\/\/boutique-one-piece.com\/"},{"@type":"ListItem","position":2,"name":"Shop","item":"https:\/\/boutique-one-piece.com\/shop\/"},{"@type":"ListItem","position":3,"name":"Avis De Recherche Zeff Wanted"}]},{"@type":"WebSite","@id":"https:\/\/boutique-one-piece.com\/#website","url":"https:\/\/boutique-one-piece.com\/","name":"One Piece Shop","description":"Fachgesch\u00e4ft f\u00fcr One Piece Manga und Anime","publisher":{"@id":"https:\/\/boutique-one-piece.com\/#organization"},"potentialAction":[{"@type":"SearchAction","target":{"@type":"EntryPoint","urlTemplate":"https:\/\/boutique-one-piece.com\/?s={search_term_string}"},"query-input":{"@type":"PropertyValueSpecification","valueRequired":true,"valueName":"search_term_string"}}],"inLanguage":"de"},{"@type":"Organization","@id":"https:\/\/boutique-one-piece.com\/#organization","name":"One Piece Shop","url":"https:\/\/boutique-one-piece.com\/","logo":{"@type":"ImageObject","inLanguage":"de","@id":"https:\/\/boutique-one-piece.com\/#\/schema\/logo\/image\/","url":"https:\/\/boutique-one-piece.com\/wp-content\/uploads\/2022\/09\/Logo-01.png","contentUrl":"https:\/\/boutique-one-piece.com\/wp-content\/uploads\/2022\/09\/Logo-01.png","width":2318,"height":957,"caption":"Boutique One Piece"},"image":{"@id":"https:\/\/boutique-one-piece.com\/#\/schema\/logo\/image\/"}}]}},"_links":{"self":[{"href":"https:\/\/boutique-one-piece.com\/de\/wp-json\/wp\/v2\/product\/17109","targetHints":{"allow":["GET"]}}],"collection":[{"href":"https:\/\/boutique-one-piece.com\/de\/wp-json\/wp\/v2\/product"}],"about":[{"href":"https:\/\/boutique-one-piece.com\/de\/wp-json\/wp\/v2\/types\/product"}],"replies":[{"embeddable":true,"href":"https:\/\/boutique-one-piece.com\/de\/wp-json\/wp\/v2\/comments?post=17109"}],"wp:featuredmedia":[{"embeddable":true,"href":"https:\/\/boutique-one-piece.com\/de\/wp-json\/wp\/v2\/media\/19279"}],"wp:attachment":[{"href":"https:\/\/boutique-one-piece.com\/de\/wp-json\/wp\/v2\/media?parent=17109"}],"wp:term":[{"taxonomy":"product_brand","embeddable":true,"href":"https:\/\/boutique-one-piece.com\/de\/wp-json\/wp\/v2\/product_brand?post=17109"},{"taxonomy":"product_cat","embeddable":true,"href":"https:\/\/boutique-one-piece.com\/de\/wp-json\/wp\/v2\/product_cat?post=17109"},{"taxonomy":"product_tag","embeddable":true,"href":"https:\/\/boutique-one-piece.com\/de\/wp-json\/wp\/v2\/product_tag?post=17109"}],"curies":[{"name":"wp","href":"https:\/\/api.w.org\/{rel}","templated":true}]}}