{"id":17480,"date":"2022-09-27T22:01:49","date_gmt":"2022-09-27T22:01:49","guid":{"rendered":"https:\/\/boutique-one-piece.com\/uncategorized\/avis-de-recherche-capone-bege-wanted\/"},"modified":"2024-09-16T15:09:34","modified_gmt":"2024-09-16T15:09:34","slug":"capone-bege-steckbrief","status":"publish","type":"product","link":"https:\/\/boutique-one-piece.com\/de\/steckbrief-aus-one-piece\/capone-bege-steckbrief\/","title":{"rendered":"Capone Bege \u2013 Fahndungsaufruf"},"content":{"rendered":"<h2>Vermischen Sie Mafia und Piraterie, indem Sie auf dieses Steckbriefplakat von Capone Bege hereinfallen.<\/h2>\n<p>Capone Gang Bege ist einer der <strong>Supernova<\/strong> der schlimmsten Generation. Er ist daher der Kapit\u00e4n seiner eigenen Mannschaft, der <strong>Feuerl\u00f6schtanks<\/strong>. Sowohl das Design als auch der Name sind stark von der Mafia inspiriert.<strong> Al Capone<\/strong>. Er ist ein Pirat, der es vorzieht, im Verborgenen zu bleiben und im Schatten zu operieren.<\/p>\n<p>Er ist kein Feigling; es ist Teil seiner Strategie, seine Feinde zu \u00fcberraschen und schnell auszuschalten. Capone Bege ist skrupellos und sadistisch, aber er kennt gute Manieren und erwartet von anderen absolute Integrit\u00e4t.<\/p>\n<h3>Zeigen Sie Ihre Verbundenheit zu einem skrupellosen One Piece-Piraten mit diesem Steckbrief f\u00fcr Capone Gang Bege.<\/h3>\n<p>Capone Bege a\u00df die Teufelsfrucht. <strong>Shiro Shiro no mi<\/strong>, Das macht ihn zu einem Festungsmann. Obwohl er zornig werden kann, wenn seine M\u00e4nner seinen Willen nicht respektieren, erlaubt ihm seine Frucht, eine gro\u00dfe Anzahl seiner M\u00e4nner, die er in seinem K\u00f6rper verkleinert, aufzunehmen.<\/p>\n<p>Sie nehmen wieder ihr normales Aussehen an, sobald diese M\u00e4nner seinen K\u00f6rper verlassen. Dies ist zentral f\u00fcr seine Strategie, die, wie bereits erw\u00e4hnt, darin besteht, seine Gegner zu \u00fcberraschen, um sie schnell zu eliminieren. Auf seinen Kopf ist ein Kopfgeld von 300 Millionen Berry ausgesetzt.<\/p>\n<p>Wenn Sie sich f\u00fcr Boni begeistern, dann ist dies genau das Richtige f\u00fcr Sie. <a href=\"https:\/\/boutique-one-piece.com\/de\/one-piece-steckbrief-tony-tony-chopper\/\" target=\"_blank\" title=\"Tony Tony Chopper wollte\" rel=\"noopener noreferrer\">Chopper-Fahndungsplakat<\/a> Das k\u00f6nnte Sie interessieren.<\/p>\n<p>\u00a0<\/p>\n<h2>Informationen zum One Piece Wanted Capone Bege-Poster<\/h2>\n<ul>\n<li><span><b><u>One Piece Steckbrief<\/u><\/b>\u00a0Ein originaler One Piece Steckbrief f\u00fcr echte Piraten.<\/span><\/li>\n<\/ul>\n<ul>\n<li>\n<b><u>Capone Beges Kopfgeld<\/u><\/b>\u00a0: 300.000.000 Beeren und 180.000.000 Beeren<\/li>\n<\/ul>\n<ul>\n<li><span><strong>Hochwertiger Druck<\/strong>\u00a0akkurate Farben<\/span><\/li>\n<\/ul>\n<ul>\n<li>\n<strong>Dimension<\/strong>\u00a0300 Millionen Beeren (51 cm x 36 cm) und 180 Millionen Beeren (42 cm x 30 cm)<\/li>\n<\/ul>\n<ul>\n<li><span><strong>KOSTENLOSE LIEFERUNG<\/strong><\/span><\/li>\n<\/ul>","protected":false},"excerpt":{"rendered":"<p>Verbinde Mafia und Piraterie mit diesem Capone Bege Steckbrief. Capone Gang Bege ist einer der Supernovae der Schlimmsten Generation. Er ist der Anf\u00fchrer seiner eigenen Crew, den Fire Tanks. Sein Design ist stark von Gangstern inspiriert, ebenso wie sein Name; er basiert auf dem ber\u00fcchtigten Gangster [\u2026]<\/p>","protected":false},"featured_media":17482,"comment_status":"open","ping_status":"open","template":"","meta":[],"product_brand":[],"product_cat":[171],"product_tag":[],"class_list":{"0":"post-17480","1":"product","2":"type-product","3":"status-publish","4":"has-post-thumbnail","6":"product_cat-avis-de-recherche-one-piece","8":"first","9":"instock","10":"purchasable","11":"product-type-variable","12":"has-default-attributes"},"yoast_head":"<!-- This site is optimized with the Yoast SEO plugin v27.5 - https:\/\/yoast.com\/product\/yoast-seo-wordpress\/ -->\n<title>Avis De Recherche Capone Bege Wanted | D\u00e9coration One Piece \u2013 Boutique One Piece<\/title>\n<meta name=\"description\" content=\"M\u00eale la mafia et la piraterie en craquant pour cet Avis de Recherche Capone Bege Wanted. Capone Gang Bege est un des supernovae de la pire g\u00e9n\u00e9ration. Il est donc le capitaine de son propre \u00e9quipage, les Fire Tanks. Avec son design fortement inspir\u00e9 des mafieux, ainsi que son nom, il est inspir\u00e9 du bandit Al Capone. C&#039;\" \/>\n<meta name=\"robots\" content=\"index, follow, max-snippet:-1, max-image-preview:large, max-video-preview:-1\" \/>\n<link rel=\"canonical\" href=\"https:\/\/boutique-one-piece.com\/de\/steckbrief-aus-one-piece\/capone-bege-steckbrief\/\" \/>\n<meta property=\"og:locale\" content=\"de_DE\" \/>\n<meta property=\"og:type\" content=\"article\" \/>\n<meta property=\"og:title\" content=\"Avis De Recherche Capone Bege Wanted | D\u00e9coration One Piece \u2013 Boutique One Piece\" \/>\n<meta property=\"og:description\" content=\"M\u00eale la mafia et la piraterie en craquant pour cet Avis de Recherche Capone Bege Wanted. Capone Gang Bege est un des supernovae de la pire g\u00e9n\u00e9ration. Il est donc le capitaine de son propre \u00e9quipage, les Fire Tanks. Avec son design fortement inspir\u00e9 des mafieux, ainsi que son nom, il est inspir\u00e9 du bandit Al Capone. C&#039;\" \/>\n<meta property=\"og:url\" content=\"https:\/\/boutique-one-piece.com\/de\/steckbrief-aus-one-piece\/capone-bege-steckbrief\/\" \/>\n<meta property=\"og:site_name\" content=\"Boutique One Piece\" \/>\n<meta property=\"article:modified_time\" content=\"2024-09-16T15:09:34+00:00\" \/>\n<meta property=\"og:image\" content=\"https:\/\/boutique-one-piece.com\/wp-content\/uploads\/2022\/09\/Avis-De-Recherche-Capone-Bege-Wanted.jpg\" \/>\n\t<meta property=\"og:image:width\" content=\"800\" \/>\n\t<meta property=\"og:image:height\" content=\"800\" \/>\n\t<meta property=\"og:image:type\" content=\"image\/jpeg\" \/>\n<meta name=\"twitter:card\" content=\"summary_large_image\" \/>\n<meta name=\"twitter:label1\" content=\"Gesch\u00e4tzte Lesezeit\" \/>\n\t<meta name=\"twitter:data1\" content=\"2\u00a0Minuten\" \/>\n<script type=\"application\/ld+json\" class=\"yoast-schema-graph\">{\"@context\":\"https:\\\/\\\/schema.org\",\"@graph\":[{\"@type\":\"WebPage\",\"@id\":\"https:\\\/\\\/boutique-one-piece.com\\\/avis-de-recherche-one-piece\\\/avis-de-recherche-capone-bege-wanted\\\/\",\"url\":\"https:\\\/\\\/boutique-one-piece.com\\\/avis-de-recherche-one-piece\\\/avis-de-recherche-capone-bege-wanted\\\/\",\"name\":\"Avis De Recherche Capone Bege Wanted | D\u00e9coration One Piece \u2013 Boutique One Piece\",\"isPartOf\":{\"@id\":\"https:\\\/\\\/boutique-one-piece.com\\\/#website\"},\"primaryImageOfPage\":{\"@id\":\"https:\\\/\\\/boutique-one-piece.com\\\/avis-de-recherche-one-piece\\\/avis-de-recherche-capone-bege-wanted\\\/#primaryimage\"},\"image\":{\"@id\":\"https:\\\/\\\/boutique-one-piece.com\\\/avis-de-recherche-one-piece\\\/avis-de-recherche-capone-bege-wanted\\\/#primaryimage\"},\"thumbnailUrl\":\"https:\\\/\\\/boutique-one-piece.com\\\/wp-content\\\/uploads\\\/2022\\\/09\\\/Avis-De-Recherche-Capone-Bege-Wanted.jpg\",\"datePublished\":\"2022-09-27T22:01:49+00:00\",\"dateModified\":\"2024-09-16T15:09:34+00:00\",\"description\":\"M\u00eale la mafia et la piraterie en craquant pour cet Avis de Recherche Capone Bege Wanted. Capone Gang Bege est un des supernovae de la pire g\u00e9n\u00e9ration. Il est donc le capitaine de son propre \u00e9quipage, les Fire Tanks. Avec son design fortement inspir\u00e9 des mafieux, ainsi que son nom, il est inspir\u00e9 du bandit Al Capone. C'\",\"breadcrumb\":{\"@id\":\"https:\\\/\\\/boutique-one-piece.com\\\/avis-de-recherche-one-piece\\\/avis-de-recherche-capone-bege-wanted\\\/#breadcrumb\"},\"inLanguage\":\"de\",\"potentialAction\":[{\"@type\":\"ReadAction\",\"target\":[\"https:\\\/\\\/boutique-one-piece.com\\\/avis-de-recherche-one-piece\\\/avis-de-recherche-capone-bege-wanted\\\/\"]}]},{\"@type\":\"ImageObject\",\"inLanguage\":\"de\",\"@id\":\"https:\\\/\\\/boutique-one-piece.com\\\/avis-de-recherche-one-piece\\\/avis-de-recherche-capone-bege-wanted\\\/#primaryimage\",\"url\":\"https:\\\/\\\/boutique-one-piece.com\\\/wp-content\\\/uploads\\\/2022\\\/09\\\/Avis-De-Recherche-Capone-Bege-Wanted.jpg\",\"contentUrl\":\"https:\\\/\\\/boutique-one-piece.com\\\/wp-content\\\/uploads\\\/2022\\\/09\\\/Avis-De-Recherche-Capone-Bege-Wanted.jpg\",\"width\":800,\"height\":800,\"caption\":\"000\"},{\"@type\":\"BreadcrumbList\",\"@id\":\"https:\\\/\\\/boutique-one-piece.com\\\/avis-de-recherche-one-piece\\\/avis-de-recherche-capone-bege-wanted\\\/#breadcrumb\",\"itemListElement\":[{\"@type\":\"ListItem\",\"position\":1,\"name\":\"Home\",\"item\":\"https:\\\/\\\/boutique-one-piece.com\\\/\"},{\"@type\":\"ListItem\",\"position\":2,\"name\":\"Shop\",\"item\":\"https:\\\/\\\/boutique-one-piece.com\\\/shop\\\/\"},{\"@type\":\"ListItem\",\"position\":3,\"name\":\"Avis De Recherche Capone Bege Wanted\"}]},{\"@type\":\"WebSite\",\"@id\":\"https:\\\/\\\/boutique-one-piece.com\\\/#website\",\"url\":\"https:\\\/\\\/boutique-one-piece.com\\\/\",\"name\":\"Boutique One Piece\",\"description\":\"Magasin Sp\u00e9cialis\u00e9 du Manga et l&#039;Anime One Piece\",\"publisher\":{\"@id\":\"https:\\\/\\\/boutique-one-piece.com\\\/#organization\"},\"potentialAction\":[{\"@type\":\"SearchAction\",\"target\":{\"@type\":\"EntryPoint\",\"urlTemplate\":\"https:\\\/\\\/boutique-one-piece.com\\\/?s={search_term_string}\"},\"query-input\":{\"@type\":\"PropertyValueSpecification\",\"valueRequired\":true,\"valueName\":\"search_term_string\"}}],\"inLanguage\":\"de\"},{\"@type\":\"Organization\",\"@id\":\"https:\\\/\\\/boutique-one-piece.com\\\/#organization\",\"name\":\"Boutique One Piece\",\"url\":\"https:\\\/\\\/boutique-one-piece.com\\\/\",\"logo\":{\"@type\":\"ImageObject\",\"inLanguage\":\"de\",\"@id\":\"https:\\\/\\\/boutique-one-piece.com\\\/#\\\/schema\\\/logo\\\/image\\\/\",\"url\":\"https:\\\/\\\/boutique-one-piece.com\\\/wp-content\\\/uploads\\\/2022\\\/09\\\/Logo-01.png\",\"contentUrl\":\"https:\\\/\\\/boutique-one-piece.com\\\/wp-content\\\/uploads\\\/2022\\\/09\\\/Logo-01.png\",\"width\":2318,\"height\":957,\"caption\":\"Boutique One Piece\"},\"image\":{\"@id\":\"https:\\\/\\\/boutique-one-piece.com\\\/#\\\/schema\\\/logo\\\/image\\\/\"}}]}<\/script>\n<!-- \/ Yoast SEO plugin. -->","yoast_head_json":{"title":"Capone Bege Steckbrief | One Piece Deko \u2013 One Piece Shop","description":"Verbinde Mafia und Piraterie mit diesem Capone-Bege-Fahndungsplakat. Capone Bege ist einer der Supernovae der Schlimmsten Generation. Er ist der Anf\u00fchrer seiner eigenen Crew, den Fire Tanks. Sein Design ist stark von Gangstern inspiriert, und auch sein Name basiert auf dem Gangster Al Capone.'","robots":{"index":"index","follow":"follow","max-snippet":"max-snippet:-1","max-image-preview":"max-image-preview:large","max-video-preview":"max-video-preview:-1"},"canonical":"https:\/\/boutique-one-piece.com\/de\/steckbrief-aus-one-piece\/capone-bege-steckbrief\/","og_locale":"de_DE","og_type":"article","og_title":"Avis De Recherche Capone Bege Wanted | D\u00e9coration One Piece \u2013 Boutique One Piece","og_description":"M\u00eale la mafia et la piraterie en craquant pour cet Avis de Recherche Capone Bege Wanted. Capone Gang Bege est un des supernovae de la pire g\u00e9n\u00e9ration. Il est donc le capitaine de son propre \u00e9quipage, les Fire Tanks. Avec son design fortement inspir\u00e9 des mafieux, ainsi que son nom, il est inspir\u00e9 du bandit Al Capone. C'","og_url":"https:\/\/boutique-one-piece.com\/de\/steckbrief-aus-one-piece\/capone-bege-steckbrief\/","og_site_name":"Boutique One Piece","article_modified_time":"2024-09-16T15:09:34+00:00","og_image":[{"width":800,"height":800,"url":"https:\/\/boutique-one-piece.com\/wp-content\/uploads\/2022\/09\/Avis-De-Recherche-Capone-Bege-Wanted.jpg","type":"image\/jpeg"}],"twitter_card":"summary_large_image","twitter_misc":{"Gesch\u00e4tzte Lesezeit":"2\u00a0Minuten"},"schema":{"@context":"https:\/\/schema.org","@graph":[{"@type":"WebPage","@id":"https:\/\/boutique-one-piece.com\/avis-de-recherche-one-piece\/avis-de-recherche-capone-bege-wanted\/","url":"https:\/\/boutique-one-piece.com\/avis-de-recherche-one-piece\/avis-de-recherche-capone-bege-wanted\/","name":"Capone Bege Steckbrief | One Piece Deko \u2013 One Piece Shop","isPartOf":{"@id":"https:\/\/boutique-one-piece.com\/#website"},"primaryImageOfPage":{"@id":"https:\/\/boutique-one-piece.com\/avis-de-recherche-one-piece\/avis-de-recherche-capone-bege-wanted\/#primaryimage"},"image":{"@id":"https:\/\/boutique-one-piece.com\/avis-de-recherche-one-piece\/avis-de-recherche-capone-bege-wanted\/#primaryimage"},"thumbnailUrl":"https:\/\/boutique-one-piece.com\/wp-content\/uploads\/2022\/09\/Avis-De-Recherche-Capone-Bege-Wanted.jpg","datePublished":"2022-09-27T22:01:49+00:00","dateModified":"2024-09-16T15:09:34+00:00","description":"Verbinde Mafia und Piraterie mit diesem Capone-Bege-Fahndungsplakat. Capone Bege ist einer der Supernovae der Schlimmsten Generation. Er ist der Anf\u00fchrer seiner eigenen Crew, den Fire Tanks. Sein Design ist stark von Gangstern inspiriert, und auch sein Name basiert auf dem Gangster Al Capone.'","breadcrumb":{"@id":"https:\/\/boutique-one-piece.com\/avis-de-recherche-one-piece\/avis-de-recherche-capone-bege-wanted\/#breadcrumb"},"inLanguage":"de","potentialAction":[{"@type":"ReadAction","target":["https:\/\/boutique-one-piece.com\/avis-de-recherche-one-piece\/avis-de-recherche-capone-bege-wanted\/"]}]},{"@type":"ImageObject","inLanguage":"de","@id":"https:\/\/boutique-one-piece.com\/avis-de-recherche-one-piece\/avis-de-recherche-capone-bege-wanted\/#primaryimage","url":"https:\/\/boutique-one-piece.com\/wp-content\/uploads\/2022\/09\/Avis-De-Recherche-Capone-Bege-Wanted.jpg","contentUrl":"https:\/\/boutique-one-piece.com\/wp-content\/uploads\/2022\/09\/Avis-De-Recherche-Capone-Bege-Wanted.jpg","width":800,"height":800,"caption":"000"},{"@type":"BreadcrumbList","@id":"https:\/\/boutique-one-piece.com\/avis-de-recherche-one-piece\/avis-de-recherche-capone-bege-wanted\/#breadcrumb","itemListElement":[{"@type":"ListItem","position":1,"name":"Home","item":"https:\/\/boutique-one-piece.com\/"},{"@type":"ListItem","position":2,"name":"Shop","item":"https:\/\/boutique-one-piece.com\/shop\/"},{"@type":"ListItem","position":3,"name":"Avis De Recherche Capone Bege Wanted"}]},{"@type":"WebSite","@id":"https:\/\/boutique-one-piece.com\/#website","url":"https:\/\/boutique-one-piece.com\/","name":"One Piece Shop","description":"Fachgesch\u00e4ft f\u00fcr One Piece Manga und Anime","publisher":{"@id":"https:\/\/boutique-one-piece.com\/#organization"},"potentialAction":[{"@type":"SearchAction","target":{"@type":"EntryPoint","urlTemplate":"https:\/\/boutique-one-piece.com\/?s={search_term_string}"},"query-input":{"@type":"PropertyValueSpecification","valueRequired":true,"valueName":"search_term_string"}}],"inLanguage":"de"},{"@type":"Organization","@id":"https:\/\/boutique-one-piece.com\/#organization","name":"One Piece Shop","url":"https:\/\/boutique-one-piece.com\/","logo":{"@type":"ImageObject","inLanguage":"de","@id":"https:\/\/boutique-one-piece.com\/#\/schema\/logo\/image\/","url":"https:\/\/boutique-one-piece.com\/wp-content\/uploads\/2022\/09\/Logo-01.png","contentUrl":"https:\/\/boutique-one-piece.com\/wp-content\/uploads\/2022\/09\/Logo-01.png","width":2318,"height":957,"caption":"Boutique One Piece"},"image":{"@id":"https:\/\/boutique-one-piece.com\/#\/schema\/logo\/image\/"}}]}},"_links":{"self":[{"href":"https:\/\/boutique-one-piece.com\/de\/wp-json\/wp\/v2\/product\/17480","targetHints":{"allow":["GET"]}}],"collection":[{"href":"https:\/\/boutique-one-piece.com\/de\/wp-json\/wp\/v2\/product"}],"about":[{"href":"https:\/\/boutique-one-piece.com\/de\/wp-json\/wp\/v2\/types\/product"}],"replies":[{"embeddable":true,"href":"https:\/\/boutique-one-piece.com\/de\/wp-json\/wp\/v2\/comments?post=17480"}],"wp:featuredmedia":[{"embeddable":true,"href":"https:\/\/boutique-one-piece.com\/de\/wp-json\/wp\/v2\/media\/17482"}],"wp:attachment":[{"href":"https:\/\/boutique-one-piece.com\/de\/wp-json\/wp\/v2\/media?parent=17480"}],"wp:term":[{"taxonomy":"product_brand","embeddable":true,"href":"https:\/\/boutique-one-piece.com\/de\/wp-json\/wp\/v2\/product_brand?post=17480"},{"taxonomy":"product_cat","embeddable":true,"href":"https:\/\/boutique-one-piece.com\/de\/wp-json\/wp\/v2\/product_cat?post=17480"},{"taxonomy":"product_tag","embeddable":true,"href":"https:\/\/boutique-one-piece.com\/de\/wp-json\/wp\/v2\/product_tag?post=17480"}],"curies":[{"name":"wp","href":"https:\/\/api.w.org\/{rel}","templated":true}]}}