{"id":17539,"date":"2022-09-27T22:02:16","date_gmt":"2022-09-27T22:02:16","guid":{"rendered":"https:\/\/boutique-one-piece.com\/uncategorized\/avis-de-recherche-urouge-wanted\/"},"modified":"2024-09-16T15:11:00","modified_gmt":"2024-09-16T15:11:00","slug":"gesucht-wird-ein-mann","status":"publish","type":"product","link":"https:\/\/boutique-one-piece.com\/de\/steckbrief-aus-one-piece\/gesucht-wird-ein-mann\/","title":{"rendered":"Urouge Fahndungsaufruf"},"content":{"rendered":"<h2>Appr\u00e9cies-tu les pirates qui sortent de l\u2019ordinaire, m\u00eame dans One Piece ? Si tel est le cas, cet Avis de Recherche Urouge Wanted est ce qu\u2019il te faut pour parfaire ta d\u00e9coration.<\/h2>\n<p>Urouge, das den Spitznamen &quot;\u00ab\u00a0<strong>der verr\u00fcckte M\u00f6nch<\/strong>\u00a0\u00bb est un des pirates de la pire g\u00e9n\u00e9ration et le capitaine de son propre \u00e9quipage. C\u2019est un personnage assez atypique physiquement puisqu\u2019il a des ailes dans le dos, qui prouve qu\u2019il a des racines du peuple des <strong>himmlische Inseln<\/strong>, mais il est aussi tr\u00e8s grand et tr\u00e8s muscl\u00e9. C\u2019est un <strong>Supernova<\/strong> qui n\u2019a peur de rien et qui aime se battre. Ses motivations restent myst\u00e9rieuses puisqu\u2019on ne sait pas vraiment quels ont \u00e9t\u00e9 ses agissements pendant l\u2019aventure de Luffy avant l\u2019ellipse, m\u00eame si on le voit sur Sabaody.<\/p>\n<h3>Accroche cet avis de recherche d\u2019Urouge \u00e0 un mur pour pouvoir garder \u00e0 vue un accessoire pr\u00e9cieux de ton manga pr\u00e9f\u00e9r\u00e9.<\/h3>\n<p>Par contre, nous savons que durant l\u2019ellipse, Urouge a tent\u00e9 d\u2019envahir le territoire de Big Mom, Whole Cake Island et qu\u2019il a battu un des \u00ab\u00a0sweet commander\u00a0\u00bb avant de se faire battre par Charlotte Cracker, ce qui t\u00e9moigne de sa confiance en lui et de sa belle puissance. Ensuite, il se retire sur une \u00eele c\u00e9leste o\u00f9 il soigne ses blessures, en attendant de se remettre en action. Sa <strong>Haupt<\/strong> Das sind 108 Millionen Beeren.<\/p>\n<p>Wenn Sie Boni m\u00f6gen, dann ist dies genau das Richtige f\u00fcr Sie. <a href=\"https:\/\/boutique-one-piece.com\/de\/steckbrief-aus-one-piece\/produkte\/one-piece-steckbrief-vinsmoke-sanji\/\" target=\"_blank\" title=\"Gesucht: Sanji Vinsmoke\" rel=\"noopener noreferrer\">Steckbrief von Vinsmoke Sanji<\/a> Es sollte dir gefallen.<\/p>\n<h2>Informations sur l\u2019Affiche One Piece Wanted Urouge<\/h2>\n<ul>\n<li><span><b><u>One Piece Steckbrief<\/u><\/b>\u00a0: v\u00e9ritable Avis De Recherche de l\u2019univers One Piece pour les vrais pirates<\/span><\/li>\n<\/ul>\n<ul>\n<li>\n<b><u>Urouge Prime<\/u><\/b>\u00a0108.000.000 Beeren<\/li>\n<\/ul>\n<ul>\n<li><span><strong>Hochwertiger Druck<\/strong>\u00a0akkurate Farben<\/span><\/li>\n<\/ul>\n<ul>\n<li>\n<strong>Dimension<\/strong>\u00a0: 51 cm x 36 cm<\/li>\n<\/ul>\n<ul>\n<li><span><strong>KOSTENLOSE LIEFERUNG<\/strong><\/span><\/li>\n<\/ul>","protected":false},"excerpt":{"rendered":"<p>Appr\u00e9cies-tu les pirates qui sortent de l\u2019ordinaire, m\u00eame dans One Piece ? Si tel est le cas, cet Avis de Recherche Urouge Wanted est ce qu\u2019il te faut pour parfaire ta d\u00e9coration. Urouge, qui est surnomm\u00e9 \u00ab\u00a0le moine fou\u00a0\u00bb est un des pirates de la pire g\u00e9n\u00e9ration et le capitaine de son propre \u00e9quipage. C\u2019est [&hellip;]<\/p>","protected":false},"featured_media":17541,"comment_status":"open","ping_status":"open","template":"","meta":[],"product_brand":[],"product_cat":[171],"product_tag":[],"class_list":{"0":"post-17539","1":"product","2":"type-product","3":"status-publish","4":"has-post-thumbnail","6":"product_cat-avis-de-recherche-one-piece","8":"first","9":"instock","10":"purchasable","11":"product-type-simple"},"yoast_head":"<!-- This site is optimized with the Yoast SEO plugin v27.5 - https:\/\/yoast.com\/product\/yoast-seo-wordpress\/ -->\n<title>Avis De Recherche Urouge Wanted | D\u00e9coration One Piece \u2013 Boutique One Piece<\/title>\n<meta name=\"description\" content=\"Appr\u00e9cies-tu les pirates qui sortent de l&#039;ordinaire, m\u00eame dans One Piece ? Si tel est le cas, cet Avis de Recherche Urouge Wanted est ce qu&#039;il te faut pour parfaire ta d\u00e9coration. Urouge, qui est surnomm\u00e9 &quot;le moine fou&quot; est un des pirates de la pire g\u00e9n\u00e9ration et le capitaine de son propre \u00e9quipage. C&#039;est un personnage\" \/>\n<meta name=\"robots\" content=\"index, follow, max-snippet:-1, max-image-preview:large, max-video-preview:-1\" \/>\n<link rel=\"canonical\" href=\"https:\/\/boutique-one-piece.com\/de\/steckbrief-aus-one-piece\/gesucht-wird-ein-mann\/\" \/>\n<meta property=\"og:locale\" content=\"de_DE\" \/>\n<meta property=\"og:type\" content=\"article\" \/>\n<meta property=\"og:title\" content=\"Avis De Recherche Urouge Wanted | D\u00e9coration One Piece \u2013 Boutique One Piece\" \/>\n<meta property=\"og:description\" content=\"Appr\u00e9cies-tu les pirates qui sortent de l&#039;ordinaire, m\u00eame dans One Piece ? Si tel est le cas, cet Avis de Recherche Urouge Wanted est ce qu&#039;il te faut pour parfaire ta d\u00e9coration. Urouge, qui est surnomm\u00e9 &quot;le moine fou&quot; est un des pirates de la pire g\u00e9n\u00e9ration et le capitaine de son propre \u00e9quipage. C&#039;est un personnage\" \/>\n<meta property=\"og:url\" content=\"https:\/\/boutique-one-piece.com\/de\/steckbrief-aus-one-piece\/gesucht-wird-ein-mann\/\" \/>\n<meta property=\"og:site_name\" content=\"Boutique One Piece\" \/>\n<meta property=\"article:modified_time\" content=\"2024-09-16T15:11:00+00:00\" \/>\n<meta property=\"og:image\" content=\"https:\/\/boutique-one-piece.com\/wp-content\/uploads\/2022\/09\/Avis-De-Recherche-Urouge-Wanted-1.jpg\" \/>\n\t<meta property=\"og:image:width\" content=\"640\" \/>\n\t<meta property=\"og:image:height\" content=\"640\" \/>\n\t<meta property=\"og:image:type\" content=\"image\/jpeg\" \/>\n<meta name=\"twitter:card\" content=\"summary_large_image\" \/>\n<meta name=\"twitter:label1\" content=\"Gesch\u00e4tzte Lesezeit\" \/>\n\t<meta name=\"twitter:data1\" content=\"1\u00a0Minute\" \/>\n<script type=\"application\/ld+json\" class=\"yoast-schema-graph\">{\"@context\":\"https:\\\/\\\/schema.org\",\"@graph\":[{\"@type\":\"WebPage\",\"@id\":\"https:\\\/\\\/boutique-one-piece.com\\\/avis-de-recherche-one-piece\\\/avis-de-recherche-urouge-wanted\\\/\",\"url\":\"https:\\\/\\\/boutique-one-piece.com\\\/avis-de-recherche-one-piece\\\/avis-de-recherche-urouge-wanted\\\/\",\"name\":\"Avis De Recherche Urouge Wanted | D\u00e9coration One Piece \u2013 Boutique One Piece\",\"isPartOf\":{\"@id\":\"https:\\\/\\\/boutique-one-piece.com\\\/#website\"},\"primaryImageOfPage\":{\"@id\":\"https:\\\/\\\/boutique-one-piece.com\\\/avis-de-recherche-one-piece\\\/avis-de-recherche-urouge-wanted\\\/#primaryimage\"},\"image\":{\"@id\":\"https:\\\/\\\/boutique-one-piece.com\\\/avis-de-recherche-one-piece\\\/avis-de-recherche-urouge-wanted\\\/#primaryimage\"},\"thumbnailUrl\":\"https:\\\/\\\/boutique-one-piece.com\\\/wp-content\\\/uploads\\\/2022\\\/09\\\/Avis-De-Recherche-Urouge-Wanted-1.jpg\",\"datePublished\":\"2022-09-27T22:02:16+00:00\",\"dateModified\":\"2024-09-16T15:11:00+00:00\",\"description\":\"Appr\u00e9cies-tu les pirates qui sortent de l'ordinaire, m\u00eame dans One Piece ? Si tel est le cas, cet Avis de Recherche Urouge Wanted est ce qu'il te faut pour parfaire ta d\u00e9coration. Urouge, qui est surnomm\u00e9 \\\"le moine fou\\\" est un des pirates de la pire g\u00e9n\u00e9ration et le capitaine de son propre \u00e9quipage. C'est un personnage\",\"breadcrumb\":{\"@id\":\"https:\\\/\\\/boutique-one-piece.com\\\/avis-de-recherche-one-piece\\\/avis-de-recherche-urouge-wanted\\\/#breadcrumb\"},\"inLanguage\":\"de\",\"potentialAction\":[{\"@type\":\"ReadAction\",\"target\":[\"https:\\\/\\\/boutique-one-piece.com\\\/avis-de-recherche-one-piece\\\/avis-de-recherche-urouge-wanted\\\/\"]}]},{\"@type\":\"ImageObject\",\"inLanguage\":\"de\",\"@id\":\"https:\\\/\\\/boutique-one-piece.com\\\/avis-de-recherche-one-piece\\\/avis-de-recherche-urouge-wanted\\\/#primaryimage\",\"url\":\"https:\\\/\\\/boutique-one-piece.com\\\/wp-content\\\/uploads\\\/2022\\\/09\\\/Avis-De-Recherche-Urouge-Wanted-1.jpg\",\"contentUrl\":\"https:\\\/\\\/boutique-one-piece.com\\\/wp-content\\\/uploads\\\/2022\\\/09\\\/Avis-De-Recherche-Urouge-Wanted-1.jpg\",\"width\":640,\"height\":640},{\"@type\":\"BreadcrumbList\",\"@id\":\"https:\\\/\\\/boutique-one-piece.com\\\/avis-de-recherche-one-piece\\\/avis-de-recherche-urouge-wanted\\\/#breadcrumb\",\"itemListElement\":[{\"@type\":\"ListItem\",\"position\":1,\"name\":\"Home\",\"item\":\"https:\\\/\\\/boutique-one-piece.com\\\/\"},{\"@type\":\"ListItem\",\"position\":2,\"name\":\"Shop\",\"item\":\"https:\\\/\\\/boutique-one-piece.com\\\/shop\\\/\"},{\"@type\":\"ListItem\",\"position\":3,\"name\":\"Avis De Recherche Urouge Wanted\"}]},{\"@type\":\"WebSite\",\"@id\":\"https:\\\/\\\/boutique-one-piece.com\\\/#website\",\"url\":\"https:\\\/\\\/boutique-one-piece.com\\\/\",\"name\":\"Boutique One Piece\",\"description\":\"Magasin Sp\u00e9cialis\u00e9 du Manga et l&#039;Anime One Piece\",\"publisher\":{\"@id\":\"https:\\\/\\\/boutique-one-piece.com\\\/#organization\"},\"potentialAction\":[{\"@type\":\"SearchAction\",\"target\":{\"@type\":\"EntryPoint\",\"urlTemplate\":\"https:\\\/\\\/boutique-one-piece.com\\\/?s={search_term_string}\"},\"query-input\":{\"@type\":\"PropertyValueSpecification\",\"valueRequired\":true,\"valueName\":\"search_term_string\"}}],\"inLanguage\":\"de\"},{\"@type\":\"Organization\",\"@id\":\"https:\\\/\\\/boutique-one-piece.com\\\/#organization\",\"name\":\"Boutique One Piece\",\"url\":\"https:\\\/\\\/boutique-one-piece.com\\\/\",\"logo\":{\"@type\":\"ImageObject\",\"inLanguage\":\"de\",\"@id\":\"https:\\\/\\\/boutique-one-piece.com\\\/#\\\/schema\\\/logo\\\/image\\\/\",\"url\":\"https:\\\/\\\/boutique-one-piece.com\\\/wp-content\\\/uploads\\\/2022\\\/09\\\/Logo-01.png\",\"contentUrl\":\"https:\\\/\\\/boutique-one-piece.com\\\/wp-content\\\/uploads\\\/2022\\\/09\\\/Logo-01.png\",\"width\":2318,\"height\":957,\"caption\":\"Boutique One Piece\"},\"image\":{\"@id\":\"https:\\\/\\\/boutique-one-piece.com\\\/#\\\/schema\\\/logo\\\/image\\\/\"}}]}<\/script>\n<!-- \/ Yoast SEO plugin. -->","yoast_head_json":{"title":"Gesucht: Urouge | One Piece Dekorationen \u2013 One Piece Shop","description":"Stehst du auf au\u00dfergew\u00f6hnliche Piraten, selbst in One Piece? Dann ist dieses Urouge-Steckbriefplakat genau das Richtige f\u00fcr deine Deko. Urouge, auch bekannt als \"der verr\u00fcckte M\u00f6nch\", ist einer der Piraten der Schlimmsten Generation und Kapit\u00e4n seiner eigenen Crew. Er ist ein Charakter","robots":{"index":"index","follow":"follow","max-snippet":"max-snippet:-1","max-image-preview":"max-image-preview:large","max-video-preview":"max-video-preview:-1"},"canonical":"https:\/\/boutique-one-piece.com\/de\/steckbrief-aus-one-piece\/gesucht-wird-ein-mann\/","og_locale":"de_DE","og_type":"article","og_title":"Avis De Recherche Urouge Wanted | D\u00e9coration One Piece \u2013 Boutique One Piece","og_description":"Appr\u00e9cies-tu les pirates qui sortent de l'ordinaire, m\u00eame dans One Piece ? Si tel est le cas, cet Avis de Recherche Urouge Wanted est ce qu'il te faut pour parfaire ta d\u00e9coration. Urouge, qui est surnomm\u00e9 \"le moine fou\" est un des pirates de la pire g\u00e9n\u00e9ration et le capitaine de son propre \u00e9quipage. C'est un personnage","og_url":"https:\/\/boutique-one-piece.com\/de\/steckbrief-aus-one-piece\/gesucht-wird-ein-mann\/","og_site_name":"Boutique One Piece","article_modified_time":"2024-09-16T15:11:00+00:00","og_image":[{"width":640,"height":640,"url":"https:\/\/boutique-one-piece.com\/wp-content\/uploads\/2022\/09\/Avis-De-Recherche-Urouge-Wanted-1.jpg","type":"image\/jpeg"}],"twitter_card":"summary_large_image","twitter_misc":{"Gesch\u00e4tzte Lesezeit":"1\u00a0Minute"},"schema":{"@context":"https:\/\/schema.org","@graph":[{"@type":"WebPage","@id":"https:\/\/boutique-one-piece.com\/avis-de-recherche-one-piece\/avis-de-recherche-urouge-wanted\/","url":"https:\/\/boutique-one-piece.com\/avis-de-recherche-one-piece\/avis-de-recherche-urouge-wanted\/","name":"Gesucht: Urouge | One Piece Dekorationen \u2013 One Piece Shop","isPartOf":{"@id":"https:\/\/boutique-one-piece.com\/#website"},"primaryImageOfPage":{"@id":"https:\/\/boutique-one-piece.com\/avis-de-recherche-one-piece\/avis-de-recherche-urouge-wanted\/#primaryimage"},"image":{"@id":"https:\/\/boutique-one-piece.com\/avis-de-recherche-one-piece\/avis-de-recherche-urouge-wanted\/#primaryimage"},"thumbnailUrl":"https:\/\/boutique-one-piece.com\/wp-content\/uploads\/2022\/09\/Avis-De-Recherche-Urouge-Wanted-1.jpg","datePublished":"2022-09-27T22:02:16+00:00","dateModified":"2024-09-16T15:11:00+00:00","description":"Stehst du auf au\u00dfergew\u00f6hnliche Piraten, selbst in One Piece? Dann ist dieses Urouge-Steckbriefplakat genau das Richtige f\u00fcr deine Deko. Urouge, auch bekannt als \"der verr\u00fcckte M\u00f6nch\", ist einer der Piraten der Schlimmsten Generation und Kapit\u00e4n seiner eigenen Crew. Er ist ein Charakter","breadcrumb":{"@id":"https:\/\/boutique-one-piece.com\/avis-de-recherche-one-piece\/avis-de-recherche-urouge-wanted\/#breadcrumb"},"inLanguage":"de","potentialAction":[{"@type":"ReadAction","target":["https:\/\/boutique-one-piece.com\/avis-de-recherche-one-piece\/avis-de-recherche-urouge-wanted\/"]}]},{"@type":"ImageObject","inLanguage":"de","@id":"https:\/\/boutique-one-piece.com\/avis-de-recherche-one-piece\/avis-de-recherche-urouge-wanted\/#primaryimage","url":"https:\/\/boutique-one-piece.com\/wp-content\/uploads\/2022\/09\/Avis-De-Recherche-Urouge-Wanted-1.jpg","contentUrl":"https:\/\/boutique-one-piece.com\/wp-content\/uploads\/2022\/09\/Avis-De-Recherche-Urouge-Wanted-1.jpg","width":640,"height":640},{"@type":"BreadcrumbList","@id":"https:\/\/boutique-one-piece.com\/avis-de-recherche-one-piece\/avis-de-recherche-urouge-wanted\/#breadcrumb","itemListElement":[{"@type":"ListItem","position":1,"name":"Home","item":"https:\/\/boutique-one-piece.com\/"},{"@type":"ListItem","position":2,"name":"Shop","item":"https:\/\/boutique-one-piece.com\/shop\/"},{"@type":"ListItem","position":3,"name":"Avis De Recherche Urouge Wanted"}]},{"@type":"WebSite","@id":"https:\/\/boutique-one-piece.com\/#website","url":"https:\/\/boutique-one-piece.com\/","name":"One Piece Shop","description":"Fachgesch\u00e4ft f\u00fcr One Piece Manga und Anime","publisher":{"@id":"https:\/\/boutique-one-piece.com\/#organization"},"potentialAction":[{"@type":"SearchAction","target":{"@type":"EntryPoint","urlTemplate":"https:\/\/boutique-one-piece.com\/?s={search_term_string}"},"query-input":{"@type":"PropertyValueSpecification","valueRequired":true,"valueName":"search_term_string"}}],"inLanguage":"de"},{"@type":"Organization","@id":"https:\/\/boutique-one-piece.com\/#organization","name":"One Piece Shop","url":"https:\/\/boutique-one-piece.com\/","logo":{"@type":"ImageObject","inLanguage":"de","@id":"https:\/\/boutique-one-piece.com\/#\/schema\/logo\/image\/","url":"https:\/\/boutique-one-piece.com\/wp-content\/uploads\/2022\/09\/Logo-01.png","contentUrl":"https:\/\/boutique-one-piece.com\/wp-content\/uploads\/2022\/09\/Logo-01.png","width":2318,"height":957,"caption":"Boutique One Piece"},"image":{"@id":"https:\/\/boutique-one-piece.com\/#\/schema\/logo\/image\/"}}]}},"_links":{"self":[{"href":"https:\/\/boutique-one-piece.com\/de\/wp-json\/wp\/v2\/product\/17539","targetHints":{"allow":["GET"]}}],"collection":[{"href":"https:\/\/boutique-one-piece.com\/de\/wp-json\/wp\/v2\/product"}],"about":[{"href":"https:\/\/boutique-one-piece.com\/de\/wp-json\/wp\/v2\/types\/product"}],"replies":[{"embeddable":true,"href":"https:\/\/boutique-one-piece.com\/de\/wp-json\/wp\/v2\/comments?post=17539"}],"wp:featuredmedia":[{"embeddable":true,"href":"https:\/\/boutique-one-piece.com\/de\/wp-json\/wp\/v2\/media\/17541"}],"wp:attachment":[{"href":"https:\/\/boutique-one-piece.com\/de\/wp-json\/wp\/v2\/media?parent=17539"}],"wp:term":[{"taxonomy":"product_brand","embeddable":true,"href":"https:\/\/boutique-one-piece.com\/de\/wp-json\/wp\/v2\/product_brand?post=17539"},{"taxonomy":"product_cat","embeddable":true,"href":"https:\/\/boutique-one-piece.com\/de\/wp-json\/wp\/v2\/product_cat?post=17539"},{"taxonomy":"product_tag","embeddable":true,"href":"https:\/\/boutique-one-piece.com\/de\/wp-json\/wp\/v2\/product_tag?post=17539"}],"curies":[{"name":"wp","href":"https:\/\/api.w.org\/{rel}","templated":true}]}}