{"id":8318,"date":"2022-09-27T18:54:00","date_gmt":"2022-09-27T18:54:00","guid":{"rendered":"https:\/\/boutique-one-piece.com\/uncategorized\/figurine-one-piece-zoro-roronoa-technique-a-3-sabres\/"},"modified":"2024-09-16T11:16:13","modified_gmt":"2024-09-16T11:16:13","slug":"one-piece-figur-zoro-roronoa-technik-mit-3-sabeln","status":"publish","type":"product","link":"https:\/\/boutique-one-piece.com\/de\/one-piece-fanartikel\/lorenor-zorro-einteilige-leckereien\/one-piece-figur-zoro-roronoa-technik-mit-3-sabeln\/","title":{"rendered":"One Piece Zoro Roronoa Drei-Schwert-Stil Figur"},"content":{"rendered":"<h2>Jeune pirate, le moment est venu pour toi d\u2019acqu\u00e9rir cette Figurine One Piece Zoro Roronoa Technique \u00e0 3 Sabres.<\/h2>\n<p>Hier ist, was Sie \u00fcber ihn wissen m\u00fcssen; ; <strong>Lorenor Zorro<\/strong> fut le premier membre \u00e0 rejoindre l\u2019\u00c9quipage du Chapeau de Paille. Il en est d\u2019ailleurs le premier et principal \u00e9p\u00e9iste. Son ambition est de devenir <strong>der beste Schwertk\u00e4mpfer<\/strong> au monde et il a d\u2019ailleurs montr\u00e9 une volont\u00e9 de fer dans le but d\u2019y parvenir.<\/p>\n<p>C\u2019est un ma\u00eetre escrimeur qui peut utiliser plusieurs styles de combat dont la particularit\u00e9 repose sur le nombre d\u2019\u00e9p\u00e9es. Ses capacit\u00e9s au combat sont telles qu\u2019il donne parfois l\u2019impression aux personnes ext\u00e9rieures \u00e0 l\u2019\u00e9quipage d\u2019\u00eatre le v\u00e9ritable Capitaine. D\u2019ailleurs, si tu affectionnes particuli\u00e8rement ce personnage, la <a title=\"EINTEILIGE ZORO HAKI BEWAFFNUNGSFIGUR\" href=\"https:\/\/boutique-one-piece.com\/de\/one-piece-%20zoro-haki-de-larmement\/\" target=\"_blank\" rel=\"noopener\">figurine Zoro Haki de l\u2019armement<\/a> ist in Ihrer Reichweite.<\/p>\n<h3>Alors, conquis par la figurine de cet \u00e9p\u00e9iste de renom ? Si tel est le cas, n\u2019h\u00e9site plus et combats \u00e0 ses c\u00f4t\u00e9s. Bien des aventures t\u2019attendent.<\/h3>\n<p><strong>Ein St\u00fcck<\/strong> est le manga le plus vendu au monde. Sois fier de faire partie de l\u2019aventure et continue de revendiquer ta passion pour cet univers. Ces objets sont parfaits pour offrir, collectionner ou d\u00e9corer. N\u2019attends plus<strong> junger Pirat<\/strong>, Nehmen Sie Ihr Schicksal selbst in die Hand und gehen Sie an Bord der Thousand Sunny.<\/p>\n<h2>Informationen zur Zoro Roronoa Dreischwert-Figur\u00a0<\/h2>\n<ul>\n<li><span><b><u>One Piece Figur<\/u><\/b>\u00a0: Figurine\u00a0 premium de l\u2019univers One Piece pour les vrais pirates<\/span><\/li>\n<\/ul>\n<ul>\n<li>\n<b>Gegenstand<\/b><span>\u00a0<\/span>PVC<\/li>\n<\/ul>\n<ul>\n<li><span><strong>Dimension<\/strong>\u00a020 cm<\/span><\/li>\n<\/ul>\n<ul>\n<li><span><strong>KOSTENLOSE LIEFERUNG<\/strong><\/span><\/li>\n<\/ul>","protected":false},"excerpt":{"rendered":"<p>Jeune pirate, le moment est venu pour toi d\u2019acqu\u00e9rir cette Figurine One Piece Zoro Roronoa Technique \u00e0 3 Sabres. Voici ce que tu dois savoir \u00e0 son sujet ; Roronoa Zoro fut le premier membre \u00e0 rejoindre l\u2019\u00c9quipage du Chapeau de Paille. Il en est d\u2019ailleurs le premier et principal \u00e9p\u00e9iste. Son ambition est de [&hellip;]<\/p>","protected":false},"featured_media":8320,"comment_status":"open","ping_status":"open","template":"","meta":[],"product_brand":[],"product_cat":[76,162,151],"product_tag":[113],"class_list":{"0":"post-8318","1":"product","2":"type-product","3":"status-publish","4":"has-post-thumbnail","6":"product_cat-figurines-one-piece","7":"product_cat-figurines-roronoa-zoro","8":"product_cat-goodies-roronoa-zoro-one-piece","9":"product_tag-zoro","11":"first","12":"instock","13":"purchasable","14":"product-type-simple"},"yoast_head":"<!-- This site is optimized with the Yoast SEO plugin v27.5 - https:\/\/yoast.com\/product\/yoast-seo-wordpress\/ -->\n<title>Figurine One Piece Zoro Roronoa Technique \u00e0 3 Sabres | Figurine One Piece \u2013 Boutique One Piece<\/title>\n<meta name=\"description\" content=\"Jeune pirate, le moment est venu pour toi d&#039;acqu\u00e9rir cette Figurine One Piece Zoro Roronoa Technique \u00e0 3 Sabres. Voici ce que tu dois savoir \u00e0 son sujet ; Roronoa Zoro fut le premier membre \u00e0 rejoindre l&#039;\u00c9quipage du Chapeau de Paille. Il en est d&#039;ailleurs le premier et principal \u00e9p\u00e9iste. Son ambition est de devenir le\" \/>\n<meta name=\"robots\" content=\"index, follow, max-snippet:-1, max-image-preview:large, max-video-preview:-1\" \/>\n<link rel=\"canonical\" href=\"https:\/\/boutique-one-piece.com\/de\/one-piece-figuren\/roronoa-zoro-figuren\/one-piece-figur-zoro-roronoa-technik-mit-3-sabeln\/\" \/>\n<meta property=\"og:locale\" content=\"de_DE\" \/>\n<meta property=\"og:type\" content=\"article\" \/>\n<meta property=\"og:title\" content=\"Figurine One Piece Zoro Roronoa Technique \u00e0 3 Sabres | Figurine One Piece \u2013 Boutique One Piece\" \/>\n<meta property=\"og:description\" content=\"Jeune pirate, le moment est venu pour toi d&#039;acqu\u00e9rir cette Figurine One Piece Zoro Roronoa Technique \u00e0 3 Sabres. Voici ce que tu dois savoir \u00e0 son sujet ; Roronoa Zoro fut le premier membre \u00e0 rejoindre l&#039;\u00c9quipage du Chapeau de Paille. Il en est d&#039;ailleurs le premier et principal \u00e9p\u00e9iste. Son ambition est de devenir le\" \/>\n<meta property=\"og:url\" content=\"https:\/\/boutique-one-piece.com\/de\/one-piece-figuren\/roronoa-zoro-figuren\/one-piece-figur-zoro-roronoa-technik-mit-3-sabeln\/\" \/>\n<meta property=\"og:site_name\" content=\"Boutique One Piece\" \/>\n<meta property=\"article:modified_time\" content=\"2024-09-16T11:16:13+00:00\" \/>\n<meta property=\"og:image\" content=\"https:\/\/boutique-one-piece.com\/wp-content\/uploads\/2022\/09\/Figurine-One-Piece-Zoro-Roronoa-Technique-a-3-Sabres-1.jpg\" \/>\n\t<meta property=\"og:image:width\" content=\"960\" \/>\n\t<meta property=\"og:image:height\" content=\"960\" \/>\n\t<meta property=\"og:image:type\" content=\"image\/jpeg\" \/>\n<meta name=\"twitter:card\" content=\"summary_large_image\" \/>\n<meta name=\"twitter:label1\" content=\"Gesch\u00e4tzte Lesezeit\" \/>\n\t<meta name=\"twitter:data1\" content=\"1\u00a0Minute\" \/>\n<script type=\"application\/ld+json\" class=\"yoast-schema-graph\">{\"@context\":\"https:\\\/\\\/schema.org\",\"@graph\":[{\"@type\":\"WebPage\",\"@id\":\"https:\\\/\\\/boutique-one-piece.com\\\/figurines-one-piece\\\/figurines-roronoa-zoro\\\/figurine-one-piece-zoro-roronoa-technique-a-3-sabres\\\/\",\"url\":\"https:\\\/\\\/boutique-one-piece.com\\\/figurines-one-piece\\\/figurines-roronoa-zoro\\\/figurine-one-piece-zoro-roronoa-technique-a-3-sabres\\\/\",\"name\":\"Figurine One Piece Zoro Roronoa Technique \u00e0 3 Sabres | Figurine One Piece \u2013 Boutique One Piece\",\"isPartOf\":{\"@id\":\"https:\\\/\\\/boutique-one-piece.com\\\/#website\"},\"primaryImageOfPage\":{\"@id\":\"https:\\\/\\\/boutique-one-piece.com\\\/figurines-one-piece\\\/figurines-roronoa-zoro\\\/figurine-one-piece-zoro-roronoa-technique-a-3-sabres\\\/#primaryimage\"},\"image\":{\"@id\":\"https:\\\/\\\/boutique-one-piece.com\\\/figurines-one-piece\\\/figurines-roronoa-zoro\\\/figurine-one-piece-zoro-roronoa-technique-a-3-sabres\\\/#primaryimage\"},\"thumbnailUrl\":\"https:\\\/\\\/boutique-one-piece.com\\\/wp-content\\\/uploads\\\/2022\\\/09\\\/Figurine-One-Piece-Zoro-Roronoa-Technique-a-3-Sabres-1.jpg\",\"datePublished\":\"2022-09-27T18:54:00+00:00\",\"dateModified\":\"2024-09-16T11:16:13+00:00\",\"description\":\"Jeune pirate, le moment est venu pour toi d'acqu\u00e9rir cette Figurine One Piece Zoro Roronoa Technique \u00e0 3 Sabres. Voici ce que tu dois savoir \u00e0 son sujet ; Roronoa Zoro fut le premier membre \u00e0 rejoindre l'\u00c9quipage du Chapeau de Paille. Il en est d'ailleurs le premier et principal \u00e9p\u00e9iste. Son ambition est de devenir le\",\"breadcrumb\":{\"@id\":\"https:\\\/\\\/boutique-one-piece.com\\\/figurines-one-piece\\\/figurines-roronoa-zoro\\\/figurine-one-piece-zoro-roronoa-technique-a-3-sabres\\\/#breadcrumb\"},\"inLanguage\":\"de\",\"potentialAction\":[{\"@type\":\"ReadAction\",\"target\":[\"https:\\\/\\\/boutique-one-piece.com\\\/figurines-one-piece\\\/figurines-roronoa-zoro\\\/figurine-one-piece-zoro-roronoa-technique-a-3-sabres\\\/\"]}]},{\"@type\":\"ImageObject\",\"inLanguage\":\"de\",\"@id\":\"https:\\\/\\\/boutique-one-piece.com\\\/figurines-one-piece\\\/figurines-roronoa-zoro\\\/figurine-one-piece-zoro-roronoa-technique-a-3-sabres\\\/#primaryimage\",\"url\":\"https:\\\/\\\/boutique-one-piece.com\\\/wp-content\\\/uploads\\\/2022\\\/09\\\/Figurine-One-Piece-Zoro-Roronoa-Technique-a-3-Sabres-1.jpg\",\"contentUrl\":\"https:\\\/\\\/boutique-one-piece.com\\\/wp-content\\\/uploads\\\/2022\\\/09\\\/Figurine-One-Piece-Zoro-Roronoa-Technique-a-3-Sabres-1.jpg\",\"width\":960,\"height\":960},{\"@type\":\"BreadcrumbList\",\"@id\":\"https:\\\/\\\/boutique-one-piece.com\\\/figurines-one-piece\\\/figurines-roronoa-zoro\\\/figurine-one-piece-zoro-roronoa-technique-a-3-sabres\\\/#breadcrumb\",\"itemListElement\":[{\"@type\":\"ListItem\",\"position\":1,\"name\":\"Home\",\"item\":\"https:\\\/\\\/boutique-one-piece.com\\\/\"},{\"@type\":\"ListItem\",\"position\":2,\"name\":\"Shop\",\"item\":\"https:\\\/\\\/boutique-one-piece.com\\\/shop\\\/\"},{\"@type\":\"ListItem\",\"position\":3,\"name\":\"Figurine One Piece Zoro Roronoa Technique \u00e0 3 Sabres\"}]},{\"@type\":\"WebSite\",\"@id\":\"https:\\\/\\\/boutique-one-piece.com\\\/#website\",\"url\":\"https:\\\/\\\/boutique-one-piece.com\\\/\",\"name\":\"Boutique One Piece\",\"description\":\"Magasin Sp\u00e9cialis\u00e9 du Manga et l&#039;Anime One Piece\",\"publisher\":{\"@id\":\"https:\\\/\\\/boutique-one-piece.com\\\/#organization\"},\"potentialAction\":[{\"@type\":\"SearchAction\",\"target\":{\"@type\":\"EntryPoint\",\"urlTemplate\":\"https:\\\/\\\/boutique-one-piece.com\\\/?s={search_term_string}\"},\"query-input\":{\"@type\":\"PropertyValueSpecification\",\"valueRequired\":true,\"valueName\":\"search_term_string\"}}],\"inLanguage\":\"de\"},{\"@type\":\"Organization\",\"@id\":\"https:\\\/\\\/boutique-one-piece.com\\\/#organization\",\"name\":\"Boutique One Piece\",\"url\":\"https:\\\/\\\/boutique-one-piece.com\\\/\",\"logo\":{\"@type\":\"ImageObject\",\"inLanguage\":\"de\",\"@id\":\"https:\\\/\\\/boutique-one-piece.com\\\/#\\\/schema\\\/logo\\\/image\\\/\",\"url\":\"https:\\\/\\\/boutique-one-piece.com\\\/wp-content\\\/uploads\\\/2022\\\/09\\\/Logo-01.png\",\"contentUrl\":\"https:\\\/\\\/boutique-one-piece.com\\\/wp-content\\\/uploads\\\/2022\\\/09\\\/Logo-01.png\",\"width\":2318,\"height\":957,\"caption\":\"Boutique One Piece\"},\"image\":{\"@id\":\"https:\\\/\\\/boutique-one-piece.com\\\/#\\\/schema\\\/logo\\\/image\\\/\"}}]}<\/script>\n<!-- \/ Yoast SEO plugin. -->","yoast_head_json":{"title":"One Piece Zoro Roronoa 3-Schwert-Technik Figur | One Piece Figur \u2013 One Piece Shop","description":"Junger Pirat, es ist an der Zeit, dass du dir diese One Piece Zoro Roronoa Dreischwert-Technik-Figur sicherst. Hier sind die wichtigsten Infos \u00fcber ihn: Roronoa Zoro war das erste Mitglied der Strohhutbande und ist ihr erster und wichtigster Schwertk\u00e4mpfer. Sein Ziel ist es, der \u2026 zu werden.","robots":{"index":"index","follow":"follow","max-snippet":"max-snippet:-1","max-image-preview":"max-image-preview:large","max-video-preview":"max-video-preview:-1"},"canonical":"https:\/\/boutique-one-piece.com\/de\/one-piece-figuren\/roronoa-zoro-figuren\/one-piece-figur-zoro-roronoa-technik-mit-3-sabeln\/","og_locale":"de_DE","og_type":"article","og_title":"Figurine One Piece Zoro Roronoa Technique \u00e0 3 Sabres | Figurine One Piece \u2013 Boutique One Piece","og_description":"Jeune pirate, le moment est venu pour toi d'acqu\u00e9rir cette Figurine One Piece Zoro Roronoa Technique \u00e0 3 Sabres. Voici ce que tu dois savoir \u00e0 son sujet ; Roronoa Zoro fut le premier membre \u00e0 rejoindre l'\u00c9quipage du Chapeau de Paille. Il en est d'ailleurs le premier et principal \u00e9p\u00e9iste. Son ambition est de devenir le","og_url":"https:\/\/boutique-one-piece.com\/de\/one-piece-figuren\/roronoa-zoro-figuren\/one-piece-figur-zoro-roronoa-technik-mit-3-sabeln\/","og_site_name":"Boutique One Piece","article_modified_time":"2024-09-16T11:16:13+00:00","og_image":[{"width":960,"height":960,"url":"https:\/\/boutique-one-piece.com\/wp-content\/uploads\/2022\/09\/Figurine-One-Piece-Zoro-Roronoa-Technique-a-3-Sabres-1.jpg","type":"image\/jpeg"}],"twitter_card":"summary_large_image","twitter_misc":{"Gesch\u00e4tzte Lesezeit":"1\u00a0Minute"},"schema":{"@context":"https:\/\/schema.org","@graph":[{"@type":"WebPage","@id":"https:\/\/boutique-one-piece.com\/figurines-one-piece\/figurines-roronoa-zoro\/figurine-one-piece-zoro-roronoa-technique-a-3-sabres\/","url":"https:\/\/boutique-one-piece.com\/figurines-one-piece\/figurines-roronoa-zoro\/figurine-one-piece-zoro-roronoa-technique-a-3-sabres\/","name":"One Piece Zoro Roronoa 3-Schwert-Technik Figur | One Piece Figur \u2013 One Piece Shop","isPartOf":{"@id":"https:\/\/boutique-one-piece.com\/#website"},"primaryImageOfPage":{"@id":"https:\/\/boutique-one-piece.com\/figurines-one-piece\/figurines-roronoa-zoro\/figurine-one-piece-zoro-roronoa-technique-a-3-sabres\/#primaryimage"},"image":{"@id":"https:\/\/boutique-one-piece.com\/figurines-one-piece\/figurines-roronoa-zoro\/figurine-one-piece-zoro-roronoa-technique-a-3-sabres\/#primaryimage"},"thumbnailUrl":"https:\/\/boutique-one-piece.com\/wp-content\/uploads\/2022\/09\/Figurine-One-Piece-Zoro-Roronoa-Technique-a-3-Sabres-1.jpg","datePublished":"2022-09-27T18:54:00+00:00","dateModified":"2024-09-16T11:16:13+00:00","description":"Junger Pirat, es ist an der Zeit, dass du dir diese One Piece Zoro Roronoa Dreischwert-Technik-Figur sicherst. Hier sind die wichtigsten Infos \u00fcber ihn: Roronoa Zoro war das erste Mitglied der Strohhutbande und ist ihr erster und wichtigster Schwertk\u00e4mpfer. Sein Ziel ist es, der \u2026 zu werden.","breadcrumb":{"@id":"https:\/\/boutique-one-piece.com\/figurines-one-piece\/figurines-roronoa-zoro\/figurine-one-piece-zoro-roronoa-technique-a-3-sabres\/#breadcrumb"},"inLanguage":"de","potentialAction":[{"@type":"ReadAction","target":["https:\/\/boutique-one-piece.com\/figurines-one-piece\/figurines-roronoa-zoro\/figurine-one-piece-zoro-roronoa-technique-a-3-sabres\/"]}]},{"@type":"ImageObject","inLanguage":"de","@id":"https:\/\/boutique-one-piece.com\/figurines-one-piece\/figurines-roronoa-zoro\/figurine-one-piece-zoro-roronoa-technique-a-3-sabres\/#primaryimage","url":"https:\/\/boutique-one-piece.com\/wp-content\/uploads\/2022\/09\/Figurine-One-Piece-Zoro-Roronoa-Technique-a-3-Sabres-1.jpg","contentUrl":"https:\/\/boutique-one-piece.com\/wp-content\/uploads\/2022\/09\/Figurine-One-Piece-Zoro-Roronoa-Technique-a-3-Sabres-1.jpg","width":960,"height":960},{"@type":"BreadcrumbList","@id":"https:\/\/boutique-one-piece.com\/figurines-one-piece\/figurines-roronoa-zoro\/figurine-one-piece-zoro-roronoa-technique-a-3-sabres\/#breadcrumb","itemListElement":[{"@type":"ListItem","position":1,"name":"Home","item":"https:\/\/boutique-one-piece.com\/"},{"@type":"ListItem","position":2,"name":"Shop","item":"https:\/\/boutique-one-piece.com\/shop\/"},{"@type":"ListItem","position":3,"name":"Figurine One Piece Zoro Roronoa Technique \u00e0 3 Sabres"}]},{"@type":"WebSite","@id":"https:\/\/boutique-one-piece.com\/#website","url":"https:\/\/boutique-one-piece.com\/","name":"One Piece Shop","description":"Fachgesch\u00e4ft f\u00fcr One Piece Manga und Anime","publisher":{"@id":"https:\/\/boutique-one-piece.com\/#organization"},"potentialAction":[{"@type":"SearchAction","target":{"@type":"EntryPoint","urlTemplate":"https:\/\/boutique-one-piece.com\/?s={search_term_string}"},"query-input":{"@type":"PropertyValueSpecification","valueRequired":true,"valueName":"search_term_string"}}],"inLanguage":"de"},{"@type":"Organization","@id":"https:\/\/boutique-one-piece.com\/#organization","name":"One Piece Shop","url":"https:\/\/boutique-one-piece.com\/","logo":{"@type":"ImageObject","inLanguage":"de","@id":"https:\/\/boutique-one-piece.com\/#\/schema\/logo\/image\/","url":"https:\/\/boutique-one-piece.com\/wp-content\/uploads\/2022\/09\/Logo-01.png","contentUrl":"https:\/\/boutique-one-piece.com\/wp-content\/uploads\/2022\/09\/Logo-01.png","width":2318,"height":957,"caption":"Boutique One Piece"},"image":{"@id":"https:\/\/boutique-one-piece.com\/#\/schema\/logo\/image\/"}}]}},"_links":{"self":[{"href":"https:\/\/boutique-one-piece.com\/de\/wp-json\/wp\/v2\/product\/8318","targetHints":{"allow":["GET"]}}],"collection":[{"href":"https:\/\/boutique-one-piece.com\/de\/wp-json\/wp\/v2\/product"}],"about":[{"href":"https:\/\/boutique-one-piece.com\/de\/wp-json\/wp\/v2\/types\/product"}],"replies":[{"embeddable":true,"href":"https:\/\/boutique-one-piece.com\/de\/wp-json\/wp\/v2\/comments?post=8318"}],"wp:featuredmedia":[{"embeddable":true,"href":"https:\/\/boutique-one-piece.com\/de\/wp-json\/wp\/v2\/media\/8320"}],"wp:attachment":[{"href":"https:\/\/boutique-one-piece.com\/de\/wp-json\/wp\/v2\/media?parent=8318"}],"wp:term":[{"taxonomy":"product_brand","embeddable":true,"href":"https:\/\/boutique-one-piece.com\/de\/wp-json\/wp\/v2\/product_brand?post=8318"},{"taxonomy":"product_cat","embeddable":true,"href":"https:\/\/boutique-one-piece.com\/de\/wp-json\/wp\/v2\/product_cat?post=8318"},{"taxonomy":"product_tag","embeddable":true,"href":"https:\/\/boutique-one-piece.com\/de\/wp-json\/wp\/v2\/product_tag?post=8318"}],"curies":[{"name":"wp","href":"https:\/\/api.w.org\/{rel}","templated":true}]}}