{"id":8525,"date":"2022-09-27T20:13:30","date_gmt":"2022-09-27T20:13:30","guid":{"rendered":"https:\/\/boutique-one-piece.com\/uncategorized\/ensemble-one-piece-les-mugiwara\/"},"modified":"2024-09-16T11:21:20","modified_gmt":"2024-09-16T11:21:20","slug":"ein-stuck-set-die-mugiwara","status":"publish","type":"product","link":"https:\/\/boutique-one-piece.com\/de\/one-piece-fanartikel\/lorenor-zorro-einteilige-leckereien\/ein-stuck-set-die-mugiwara\/","title":{"rendered":"Mugiwara Einteiliges Set"},"content":{"rendered":"<h2>Informationen zum One Piece Trainingsanzug:&nbsp;<\/h2>\n<ul>\n<li>&nbsp;<strong>Set in Premiumqualit\u00e4t&nbsp;<\/strong>Hergestellt aus hochwertigen Materialien<\/li>\n<\/ul>\n<ul>\n<li>\n<strong>Lockere Passform<\/strong>&nbsp;: mit lockerer Passform f\u00fcr zus\u00e4tzlichen Komfort<\/li>\n<\/ul>\n<ul>\n<li>\n<strong>Sehr komfortabel&nbsp;<\/strong>Dank dieser superweichen Baumwollfasern gibt es kein Scheuern.<\/li>\n<\/ul>\n<ul>\n<li>\n<strong>3D-Digitaldruck<\/strong>&nbsp;Bedruckter Trainingsanzug mit originellem Design, Leinwanddruck<\/li>\n<\/ul>\n<ul>\n<li>\n<strong>Kostenloser Versand&nbsp;<\/strong>f\u00fcr jeden Kauf<\/li>\n<\/ul>\n<h2><strong>Vergessen Sie nicht, einen Blick auf die unten stehende Gr\u00f6\u00dfentabelle zu werfen.<\/strong><\/h2>\n<p><!--\n.content-table {\n  border-collapse: collapse;\n  margin: 25px 0;\n  font-size: 0.9em;\n  min-width: 400px;\n  border-radius: 5px 5px 0 0;\n  overflow: hidden;\n  box-shadow: 0 0 20px rgba(0, 0, 0, 0.15);\n  text-align: center;\n}\n.content-table thead tr {\n  background-color: #E6B96E;\n  color: #ffffff;\n  text-align: left;\n  font-weight: bold;\n}\n.content-table th,\n.content-table td {\n  padding: 12px 15px;\n}\n.content-table tbody tr {\n  border-bottom: 1px solid #dddddd;\n}\n.content-table tbody tr:nth-of-type(even) {\n  background-color: #f3f3f3;\n}\n.content-table tbody tr:last-of-type {\n  border-bottom: 2px solid #E6B96E;\n}\n--><\/p>\n<table class=\"content-table\">\n<thead>\n<tr>\n<th colspan=\"4\" style=\"text-align: center\">JACKENGR\u00d6SSENBERATUNG \u2013 W\u00c4HLEN SIE IHRE GR\u00d6SSE<\/th>\n<\/tr>\n<tr>\n<th style=\"text-align: center\">Gr\u00f6\u00dfe<\/th>\n<th style=\"text-align: center\">B\u00fcste<\/th>\n<th style=\"text-align: center\">L\u00e4nge<\/th>\n<th style=\"text-align: center\">\u00c4rmel<\/th>\n<\/tr>\n<\/thead>\n<tbody>\n<tr>\n<td style=\"text-align: center\"><strong>S<\/strong><\/td>\n<td style=\"text-align: center\">102<\/td>\n<td style=\"text-align: center\">65<\/td>\n<td style=\"text-align: center\">59<\/td>\n<\/tr>\n<tr class=\"active-row\">\n<td style=\"text-align: center\"><strong>M<\/strong><\/td>\n<td style=\"text-align: center\">106<\/td>\n<td style=\"text-align: center\">68<\/td>\n<td style=\"text-align: center\">60<\/td>\n<\/tr>\n<tr>\n<td style=\"text-align: center\"><strong>L<\/strong><\/td>\n<td style=\"text-align: center\">114<\/td>\n<td style=\"text-align: center\">71<\/td>\n<td style=\"text-align: center\">64<\/td>\n<\/tr>\n<tr class=\"active-row\">\n<td style=\"text-align: center\"><strong>XL<\/strong><\/td>\n<td style=\"text-align: center\">122<\/td>\n<td style=\"text-align: center\">73<\/td>\n<td style=\"text-align: center\">67<\/td>\n<\/tr>\n<tr>\n<td style=\"text-align: center\"><strong>XXL<\/strong><\/td>\n<td style=\"text-align: center\">128<\/td>\n<td style=\"text-align: center\">77<\/td>\n<td style=\"text-align: center\">69<\/td>\n<\/tr>\n<\/tbody>\n<\/table>\n<table class=\"content-table\">\n<thead>\n<tr>\n<th colspan=\"4\" style=\"text-align: center\">Gr\u00f6\u00dfenratgeber f\u00fcr Joggingbekleidung \u2013 W\u00e4hlen Sie Ihre Gr\u00f6\u00dfe<\/th>\n<\/tr>\n<tr>\n<th style=\"text-align: center\">Gr\u00f6\u00dfe<\/th>\n<th style=\"text-align: center\">L\u00e4nge<\/th>\n<th style=\"text-align: center\">H\u00f6he<\/th>\n<\/tr>\n<\/thead>\n<tbody>\n<tr>\n<td style=\"text-align: center\"><strong>S<\/strong><\/td>\n<td style=\"text-align: center\">94<\/td>\n<td style=\"text-align: center\">160-165 cm<\/td>\n<\/tr>\n<tr class=\"active-row\">\n<td style=\"text-align: center\"><strong>M<\/strong><\/td>\n<td style=\"text-align: center\">96<\/td>\n<td style=\"text-align: center\">165\u2013170 cm<\/td>\n<\/tr>\n<tr>\n<td style=\"text-align: center\"><strong>L<\/strong><\/td>\n<td style=\"text-align: center\">98<\/td>\n<td style=\"text-align: center\">170-175 cm<\/td>\n<\/tr>\n<tr class=\"active-row\">\n<td style=\"text-align: center\"><strong>XL<\/strong><\/td>\n<td style=\"text-align: center\">100<\/td>\n<td style=\"text-align: center\">175\u2013180 cm<\/td>\n<\/tr>\n<tr>\n<td style=\"text-align: center\"><strong>XXL<\/strong><\/td>\n<td style=\"text-align: center\">102<\/td>\n<td style=\"text-align: center\">180-185 cm<\/td>\n<\/tr>\n<\/tbody>\n<\/table>\n<h3>Waschanleitung:<\/h3>\n<ul>\n<li>Maschinenw\u00e4sche bei 30\u00b0C, Schonwaschgang<\/li>\n<\/ul>\n<ul>\n<li>Von der R\u00fcckseite b\u00fcgeln<\/li>\n<\/ul>\n<p>Um die Qualit\u00e4t dieses Produkts zu erhalten <strong>Einteiliges Set<\/strong>, Wir empfehlen Ihnen, die Waschanleitung zu beachten.<\/p>","protected":false},"excerpt":{"rendered":"<p>Informationen zum Einteiler-Trainingsanzug: Premium-Qualit\u00e4t: Hergestellt aus hochwertigen Materialien. Bequeme Passform: Bequeme Passform f\u00fcr optimalen Tragekomfort. Besonders komfortabel: Dank der superweichen Baumwollfasern entsteht kein Scheuern. 3D-Digitaldruck: Trainingsanzug mit originellem Canvas-Print. Kostenloser Versand. Bitte beachten Sie die Gr\u00f6\u00dfentabelle unten. [\u2026]<\/p>","protected":false},"featured_media":8527,"comment_status":"open","ping_status":"open","template":"","meta":[],"product_brand":[],"product_cat":[151],"product_tag":[165,92,154,112,113],"class_list":{"0":"post-8525","1":"product","2":"type-product","3":"status-publish","4":"has-post-thumbnail","6":"product_cat-goodies-roronoa-zoro-one-piece","7":"product_tag-chopper","8":"product_tag-luffy","9":"product_tag-nami","10":"product_tag-sanji","11":"product_tag-zoro","13":"first","14":"instock","15":"purchasable","16":"product-type-variable"},"yoast_head":"<!-- This site is optimized with the Yoast SEO plugin v27.5 - https:\/\/yoast.com\/product\/yoast-seo-wordpress\/ -->\n<title>Ensemble One Piece Les Mugiwara | V\u00eatement One Piece<\/title>\n<meta name=\"description\" content=\"Informations sur le Surv\u00eatement One Piece :\u00a0 \u00a0Ensemble de qualit\u00e9 sup\u00e9rieure\u00a0:\u00a0fabriqu\u00e9 avec des mat\u00e9riaux de qualit\u00e9s Coupe Ample\u00a0:\u00a0 ensemble\u00a0avec une\u00a0coupe\u00a0large, pour plus de confort Tr\u00e8s confortable\u00a0: avec ces\u00a0fibres\u00a0de\u00a0coton super\u00a0doux, il n&#039;y a pas\u00a0de\u00a0frottements Impression digitale 3D\u00a0:\u00a0surv\u00eatement imprim\u00e9\u00a0avec\" \/>\n<meta name=\"robots\" content=\"index, follow, max-snippet:-1, max-image-preview:large, max-video-preview:-1\" \/>\n<link rel=\"canonical\" href=\"https:\/\/boutique-one-piece.com\/de\/one-piece-fanartikel\/lorenor-zorro-einteilige-leckereien\/ein-stuck-set-die-mugiwara\/\" \/>\n<meta property=\"og:locale\" content=\"de_DE\" \/>\n<meta property=\"og:type\" content=\"article\" \/>\n<meta property=\"og:title\" content=\"Ensemble One Piece Les Mugiwara | V\u00eatement One Piece\" \/>\n<meta property=\"og:description\" content=\"Informations sur le Surv\u00eatement One Piece :\u00a0 \u00a0Ensemble de qualit\u00e9 sup\u00e9rieure\u00a0:\u00a0fabriqu\u00e9 avec des mat\u00e9riaux de qualit\u00e9s Coupe Ample\u00a0:\u00a0 ensemble\u00a0avec une\u00a0coupe\u00a0large, pour plus de confort Tr\u00e8s confortable\u00a0: avec ces\u00a0fibres\u00a0de\u00a0coton super\u00a0doux, il n&#039;y a pas\u00a0de\u00a0frottements Impression digitale 3D\u00a0:\u00a0surv\u00eatement imprim\u00e9\u00a0avec\" \/>\n<meta property=\"og:url\" content=\"https:\/\/boutique-one-piece.com\/de\/one-piece-fanartikel\/lorenor-zorro-einteilige-leckereien\/ein-stuck-set-die-mugiwara\/\" \/>\n<meta property=\"og:site_name\" content=\"Boutique One Piece\" \/>\n<meta property=\"article:modified_time\" content=\"2024-09-16T11:21:20+00:00\" \/>\n<meta property=\"og:image\" content=\"https:\/\/boutique-one-piece.com\/wp-content\/uploads\/2022\/09\/Ensemble-One-Piece-Les-Mugiwara.jpg\" \/>\n\t<meta property=\"og:image:width\" content=\"640\" \/>\n\t<meta property=\"og:image:height\" content=\"640\" \/>\n\t<meta property=\"og:image:type\" content=\"image\/jpeg\" \/>\n<meta name=\"twitter:card\" content=\"summary_large_image\" \/>\n<meta name=\"twitter:label1\" content=\"Gesch\u00e4tzte Lesezeit\" \/>\n\t<meta name=\"twitter:data1\" content=\"1\u00a0Minute\" \/>\n<script type=\"application\/ld+json\" class=\"yoast-schema-graph\">{\"@context\":\"https:\\\/\\\/schema.org\",\"@graph\":[{\"@type\":\"WebPage\",\"@id\":\"https:\\\/\\\/boutique-one-piece.com\\\/goodies-one-piece\\\/goodies-roronoa-zoro-one-piece\\\/ensemble-one-piece-les-mugiwara\\\/\",\"url\":\"https:\\\/\\\/boutique-one-piece.com\\\/goodies-one-piece\\\/goodies-roronoa-zoro-one-piece\\\/ensemble-one-piece-les-mugiwara\\\/\",\"name\":\"Ensemble One Piece Les Mugiwara | V\u00eatement One Piece\",\"isPartOf\":{\"@id\":\"https:\\\/\\\/boutique-one-piece.com\\\/#website\"},\"primaryImageOfPage\":{\"@id\":\"https:\\\/\\\/boutique-one-piece.com\\\/goodies-one-piece\\\/goodies-roronoa-zoro-one-piece\\\/ensemble-one-piece-les-mugiwara\\\/#primaryimage\"},\"image\":{\"@id\":\"https:\\\/\\\/boutique-one-piece.com\\\/goodies-one-piece\\\/goodies-roronoa-zoro-one-piece\\\/ensemble-one-piece-les-mugiwara\\\/#primaryimage\"},\"thumbnailUrl\":\"https:\\\/\\\/boutique-one-piece.com\\\/wp-content\\\/uploads\\\/2022\\\/09\\\/Ensemble-One-Piece-Les-Mugiwara.jpg\",\"datePublished\":\"2022-09-27T20:13:30+00:00\",\"dateModified\":\"2024-09-16T11:21:20+00:00\",\"description\":\"Informations sur le Surv\u00eatement One Piece :\u00a0 \u00a0Ensemble de qualit\u00e9 sup\u00e9rieure\u00a0:\u00a0fabriqu\u00e9 avec des mat\u00e9riaux de qualit\u00e9s Coupe Ample\u00a0:\u00a0 ensemble\u00a0avec une\u00a0coupe\u00a0large, pour plus de confort Tr\u00e8s confortable\u00a0: avec ces\u00a0fibres\u00a0de\u00a0coton super\u00a0doux, il n'y a pas\u00a0de\u00a0frottements Impression digitale 3D\u00a0:\u00a0surv\u00eatement imprim\u00e9\u00a0avec\",\"breadcrumb\":{\"@id\":\"https:\\\/\\\/boutique-one-piece.com\\\/goodies-one-piece\\\/goodies-roronoa-zoro-one-piece\\\/ensemble-one-piece-les-mugiwara\\\/#breadcrumb\"},\"inLanguage\":\"de\",\"potentialAction\":[{\"@type\":\"ReadAction\",\"target\":[\"https:\\\/\\\/boutique-one-piece.com\\\/goodies-one-piece\\\/goodies-roronoa-zoro-one-piece\\\/ensemble-one-piece-les-mugiwara\\\/\"]}]},{\"@type\":\"ImageObject\",\"inLanguage\":\"de\",\"@id\":\"https:\\\/\\\/boutique-one-piece.com\\\/goodies-one-piece\\\/goodies-roronoa-zoro-one-piece\\\/ensemble-one-piece-les-mugiwara\\\/#primaryimage\",\"url\":\"https:\\\/\\\/boutique-one-piece.com\\\/wp-content\\\/uploads\\\/2022\\\/09\\\/Ensemble-One-Piece-Les-Mugiwara.jpg\",\"contentUrl\":\"https:\\\/\\\/boutique-one-piece.com\\\/wp-content\\\/uploads\\\/2022\\\/09\\\/Ensemble-One-Piece-Les-Mugiwara.jpg\",\"width\":640,\"height\":640,\"caption\":\"Ensemble One Piece Les Mugiwara Noir XXL\"},{\"@type\":\"BreadcrumbList\",\"@id\":\"https:\\\/\\\/boutique-one-piece.com\\\/goodies-one-piece\\\/goodies-roronoa-zoro-one-piece\\\/ensemble-one-piece-les-mugiwara\\\/#breadcrumb\",\"itemListElement\":[{\"@type\":\"ListItem\",\"position\":1,\"name\":\"Home\",\"item\":\"https:\\\/\\\/boutique-one-piece.com\\\/\"},{\"@type\":\"ListItem\",\"position\":2,\"name\":\"Shop\",\"item\":\"https:\\\/\\\/boutique-one-piece.com\\\/shop\\\/\"},{\"@type\":\"ListItem\",\"position\":3,\"name\":\"Ensemble One Piece Les Mugiwara\"}]},{\"@type\":\"WebSite\",\"@id\":\"https:\\\/\\\/boutique-one-piece.com\\\/#website\",\"url\":\"https:\\\/\\\/boutique-one-piece.com\\\/\",\"name\":\"Boutique One Piece\",\"description\":\"Magasin Sp\u00e9cialis\u00e9 du Manga et l&#039;Anime One Piece\",\"publisher\":{\"@id\":\"https:\\\/\\\/boutique-one-piece.com\\\/#organization\"},\"potentialAction\":[{\"@type\":\"SearchAction\",\"target\":{\"@type\":\"EntryPoint\",\"urlTemplate\":\"https:\\\/\\\/boutique-one-piece.com\\\/?s={search_term_string}\"},\"query-input\":{\"@type\":\"PropertyValueSpecification\",\"valueRequired\":true,\"valueName\":\"search_term_string\"}}],\"inLanguage\":\"de\"},{\"@type\":\"Organization\",\"@id\":\"https:\\\/\\\/boutique-one-piece.com\\\/#organization\",\"name\":\"Boutique One Piece\",\"url\":\"https:\\\/\\\/boutique-one-piece.com\\\/\",\"logo\":{\"@type\":\"ImageObject\",\"inLanguage\":\"de\",\"@id\":\"https:\\\/\\\/boutique-one-piece.com\\\/#\\\/schema\\\/logo\\\/image\\\/\",\"url\":\"https:\\\/\\\/boutique-one-piece.com\\\/wp-content\\\/uploads\\\/2022\\\/09\\\/Logo-01.png\",\"contentUrl\":\"https:\\\/\\\/boutique-one-piece.com\\\/wp-content\\\/uploads\\\/2022\\\/09\\\/Logo-01.png\",\"width\":2318,\"height\":957,\"caption\":\"Boutique One Piece\"},\"image\":{\"@id\":\"https:\\\/\\\/boutique-one-piece.com\\\/#\\\/schema\\\/logo\\\/image\\\/\"}}]}<\/script>\n<!-- \/ Yoast SEO plugin. -->","yoast_head_json":{"title":"One Piece Strohhut-Crew-Outfit | One Piece Kleidung","description":"Informationen zum Einteiler-Trainingsanzug: Premium-Qualit\u00e4t: Hergestellt aus hochwertigen Materialien. Bequeme Passform: Bequeme Passform f\u00fcr optimalen Tragekomfort. Besonders komfortabel: Hergestellt aus superweichen Baumwollfasern, um Reibung zu vermeiden. 3D-Digitaldruck: Trainingsanzug bedruckt mit","robots":{"index":"index","follow":"follow","max-snippet":"max-snippet:-1","max-image-preview":"max-image-preview:large","max-video-preview":"max-video-preview:-1"},"canonical":"https:\/\/boutique-one-piece.com\/de\/one-piece-fanartikel\/lorenor-zorro-einteilige-leckereien\/ein-stuck-set-die-mugiwara\/","og_locale":"de_DE","og_type":"article","og_title":"Ensemble One Piece Les Mugiwara | V\u00eatement One Piece","og_description":"Informations sur le Surv\u00eatement One Piece :\u00a0 \u00a0Ensemble de qualit\u00e9 sup\u00e9rieure\u00a0:\u00a0fabriqu\u00e9 avec des mat\u00e9riaux de qualit\u00e9s Coupe Ample\u00a0:\u00a0 ensemble\u00a0avec une\u00a0coupe\u00a0large, pour plus de confort Tr\u00e8s confortable\u00a0: avec ces\u00a0fibres\u00a0de\u00a0coton super\u00a0doux, il n'y a pas\u00a0de\u00a0frottements Impression digitale 3D\u00a0:\u00a0surv\u00eatement imprim\u00e9\u00a0avec","og_url":"https:\/\/boutique-one-piece.com\/de\/one-piece-fanartikel\/lorenor-zorro-einteilige-leckereien\/ein-stuck-set-die-mugiwara\/","og_site_name":"Boutique One Piece","article_modified_time":"2024-09-16T11:21:20+00:00","og_image":[{"width":640,"height":640,"url":"https:\/\/boutique-one-piece.com\/wp-content\/uploads\/2022\/09\/Ensemble-One-Piece-Les-Mugiwara.jpg","type":"image\/jpeg"}],"twitter_card":"summary_large_image","twitter_misc":{"Gesch\u00e4tzte Lesezeit":"1\u00a0Minute"},"schema":{"@context":"https:\/\/schema.org","@graph":[{"@type":"WebPage","@id":"https:\/\/boutique-one-piece.com\/goodies-one-piece\/goodies-roronoa-zoro-one-piece\/ensemble-one-piece-les-mugiwara\/","url":"https:\/\/boutique-one-piece.com\/goodies-one-piece\/goodies-roronoa-zoro-one-piece\/ensemble-one-piece-les-mugiwara\/","name":"One Piece Strohhut-Crew-Outfit | One Piece Kleidung","isPartOf":{"@id":"https:\/\/boutique-one-piece.com\/#website"},"primaryImageOfPage":{"@id":"https:\/\/boutique-one-piece.com\/goodies-one-piece\/goodies-roronoa-zoro-one-piece\/ensemble-one-piece-les-mugiwara\/#primaryimage"},"image":{"@id":"https:\/\/boutique-one-piece.com\/goodies-one-piece\/goodies-roronoa-zoro-one-piece\/ensemble-one-piece-les-mugiwara\/#primaryimage"},"thumbnailUrl":"https:\/\/boutique-one-piece.com\/wp-content\/uploads\/2022\/09\/Ensemble-One-Piece-Les-Mugiwara.jpg","datePublished":"2022-09-27T20:13:30+00:00","dateModified":"2024-09-16T11:21:20+00:00","description":"Informationen zum Einteiler-Trainingsanzug: Premium-Qualit\u00e4t: Hergestellt aus hochwertigen Materialien. Bequeme Passform: Bequeme Passform f\u00fcr optimalen Tragekomfort. Besonders komfortabel: Hergestellt aus superweichen Baumwollfasern, um Reibung zu vermeiden. 3D-Digitaldruck: Trainingsanzug bedruckt mit","breadcrumb":{"@id":"https:\/\/boutique-one-piece.com\/goodies-one-piece\/goodies-roronoa-zoro-one-piece\/ensemble-one-piece-les-mugiwara\/#breadcrumb"},"inLanguage":"de","potentialAction":[{"@type":"ReadAction","target":["https:\/\/boutique-one-piece.com\/goodies-one-piece\/goodies-roronoa-zoro-one-piece\/ensemble-one-piece-les-mugiwara\/"]}]},{"@type":"ImageObject","inLanguage":"de","@id":"https:\/\/boutique-one-piece.com\/goodies-one-piece\/goodies-roronoa-zoro-one-piece\/ensemble-one-piece-les-mugiwara\/#primaryimage","url":"https:\/\/boutique-one-piece.com\/wp-content\/uploads\/2022\/09\/Ensemble-One-Piece-Les-Mugiwara.jpg","contentUrl":"https:\/\/boutique-one-piece.com\/wp-content\/uploads\/2022\/09\/Ensemble-One-Piece-Les-Mugiwara.jpg","width":640,"height":640,"caption":"Ensemble One Piece Les Mugiwara Noir XXL"},{"@type":"BreadcrumbList","@id":"https:\/\/boutique-one-piece.com\/goodies-one-piece\/goodies-roronoa-zoro-one-piece\/ensemble-one-piece-les-mugiwara\/#breadcrumb","itemListElement":[{"@type":"ListItem","position":1,"name":"Home","item":"https:\/\/boutique-one-piece.com\/"},{"@type":"ListItem","position":2,"name":"Shop","item":"https:\/\/boutique-one-piece.com\/shop\/"},{"@type":"ListItem","position":3,"name":"Ensemble One Piece Les Mugiwara"}]},{"@type":"WebSite","@id":"https:\/\/boutique-one-piece.com\/#website","url":"https:\/\/boutique-one-piece.com\/","name":"One Piece Shop","description":"Fachgesch\u00e4ft f\u00fcr One Piece Manga und Anime","publisher":{"@id":"https:\/\/boutique-one-piece.com\/#organization"},"potentialAction":[{"@type":"SearchAction","target":{"@type":"EntryPoint","urlTemplate":"https:\/\/boutique-one-piece.com\/?s={search_term_string}"},"query-input":{"@type":"PropertyValueSpecification","valueRequired":true,"valueName":"search_term_string"}}],"inLanguage":"de"},{"@type":"Organization","@id":"https:\/\/boutique-one-piece.com\/#organization","name":"One Piece Shop","url":"https:\/\/boutique-one-piece.com\/","logo":{"@type":"ImageObject","inLanguage":"de","@id":"https:\/\/boutique-one-piece.com\/#\/schema\/logo\/image\/","url":"https:\/\/boutique-one-piece.com\/wp-content\/uploads\/2022\/09\/Logo-01.png","contentUrl":"https:\/\/boutique-one-piece.com\/wp-content\/uploads\/2022\/09\/Logo-01.png","width":2318,"height":957,"caption":"Boutique One Piece"},"image":{"@id":"https:\/\/boutique-one-piece.com\/#\/schema\/logo\/image\/"}}]}},"_links":{"self":[{"href":"https:\/\/boutique-one-piece.com\/de\/wp-json\/wp\/v2\/product\/8525","targetHints":{"allow":["GET"]}}],"collection":[{"href":"https:\/\/boutique-one-piece.com\/de\/wp-json\/wp\/v2\/product"}],"about":[{"href":"https:\/\/boutique-one-piece.com\/de\/wp-json\/wp\/v2\/types\/product"}],"replies":[{"embeddable":true,"href":"https:\/\/boutique-one-piece.com\/de\/wp-json\/wp\/v2\/comments?post=8525"}],"wp:featuredmedia":[{"embeddable":true,"href":"https:\/\/boutique-one-piece.com\/de\/wp-json\/wp\/v2\/media\/8527"}],"wp:attachment":[{"href":"https:\/\/boutique-one-piece.com\/de\/wp-json\/wp\/v2\/media?parent=8525"}],"wp:term":[{"taxonomy":"product_brand","embeddable":true,"href":"https:\/\/boutique-one-piece.com\/de\/wp-json\/wp\/v2\/product_brand?post=8525"},{"taxonomy":"product_cat","embeddable":true,"href":"https:\/\/boutique-one-piece.com\/de\/wp-json\/wp\/v2\/product_cat?post=8525"},{"taxonomy":"product_tag","embeddable":true,"href":"https:\/\/boutique-one-piece.com\/de\/wp-json\/wp\/v2\/product_tag?post=8525"}],"curies":[{"name":"wp","href":"https:\/\/api.w.org\/{rel}","templated":true}]}}