{"id":8684,"date":"2022-09-27T20:14:22","date_gmt":"2022-09-27T20:14:22","guid":{"rendered":"https:\/\/boutique-one-piece.com\/uncategorized\/peluche-trafalgar-law\/"},"modified":"2025-06-10T03:37:09","modified_gmt":"2025-06-10T03:37:09","slug":"trafalgar-law-pluschtier","status":"publish","type":"product","link":"https:\/\/boutique-one-piece.com\/de\/one-piece-pluschtiere\/trafalgar-law-pluschtier\/","title":{"rendered":"Trafalgar Law Pl\u00fcschtier"},"content":{"rendered":"<h2>Jeune pirate, pars \u00e0 la rencontre du Capitaine de l\u2019\u00c9quipage du Heart. Pour ce faire, procure-toi sans plus attendre cette Peluche Trafalgar Law.<\/h2>\n<p><strong>Trafalgar-Gesetz<\/strong>, dessen richtiger Name Trafalgar D. Water Law lautet, ist der <strong>Capitaine et Docteur de L\u2019\u00c9quipage du Heart<\/strong>, un \u00e9quipage pirate constitu\u00e9 surtout de docteurs. Il vient de la Ville Blanche, une \u00eele de North Blue. Il fait partie d\u2019un groupe de onze pirates qu\u2019on surnomme les Onze Supernovae sur L\u2019Archipel Sabaody, des pirates de renom dont la prime d\u00e9passe 100 000 000 Berry.<\/p>\n<p>Tu dois \u00e9galement savoir qu\u2019il est l\u2019un des alli\u00e9s centraux des Pirates du Chapeau de Paille pendant les Sagas Dressrosa et Quatres Empereurs. Il agit \u00e9galement en tant qu\u2019alli\u00e9 de Luffy pendant le film One Piece: Stampede. D\u2019ailleurs, la <a title=\"LUFFY PL\u00dcSCHTIER\" href=\"https:\/\/boutique-one-piece.com\/de\/luffy-pluschtier\/\" target=\"_blank\" rel=\"noopener\">Luffy Pl\u00fcschtier<\/a> ist in greifbarer N\u00e4he und kommt genau zum richtigen Zeitpunkt, wenn Sie Ihre Pl\u00fcschtiersammlung erweitern m\u00f6chten.<\/p>\n<h3>Embarque le temps d\u2019un instant \u00e0 bord de l\u2019\u00e9quipage de Heart. Le Capitaine Trafalgar Law t\u2019attend \u00e0 bord de son navire. N\u2019h\u00e9site plus et procure-toi la peluche \u00e0 son effigie. Tu vivras des aventures tr\u00e9pidantes \u00e0 ses c\u00f4t\u00e9s.<\/h3>\n<p>Junger Pirat, nimm dein Schicksal selbst in die Hand. Sei ehrlich. <strong>l\u2019univers fantastique de Luffy<\/strong>. Diese legend\u00e4ren St\u00fccke entf\u00fchren Sie in eine Welt, in der Piraten das Sagen haben. Ob Sie ein erfahrener Sammler oder ein lebenslanger Fan sind, hier sind Sie genau richtig; diese St\u00fccke werden Ihre Sammlung bereichern. <strong>dein One Piece Universum<\/strong>.<\/p>\n<h2>Informationen zum One Piece Law Pl\u00fcschtier:<\/h2>\n<ul>\n<li>\u00a0<b>Produkttyp<\/b><span>\u00a0<\/span>One Piece Manga-Pl\u00fcschtier<\/li>\n<\/ul>\n<ul>\n<li>\n<b>Verwendung der Peluce<\/b>\u00a0Spielzeug, Dekorationen, Sammlerst\u00fccke, Geschenke<\/li>\n<\/ul>\n<ul>\n<li>\n<b>Charaktername<\/b>\u00a0Trafalgar-Gesetz<\/li>\n<\/ul>\n<ul>\n<li>\n<b>Pl\u00fcschtiergr\u00f6\u00dfe<\/b>\u00a025 Zentimeter<\/li>\n<\/ul>\n<ul>\n<li>\n<b>Gegenstand<\/b>\u00a0: Baumwolle<\/li>\n<\/ul>\n<ul>\n<li>\n<b>Empfohlenes Alter<\/b>\u00a0: mehr als 3 Jahre<\/li>\n<\/ul>\n<ul>\n<li>\n<b>Kostenloser Versand<\/b> f\u00fcr jeden Kauf<\/li>\n<\/ul>","protected":false},"excerpt":{"rendered":"<p>Jeune pirate, pars \u00e0 la rencontre du Capitaine de l\u2019\u00c9quipage du Heart. Pour ce faire, procure-toi sans plus attendre cette Peluche Trafalgar Law. Trafalgar Law, de son vrai nom Trafalgar D. Water Law, est le Capitaine et Docteur de L\u2019\u00c9quipage du Heart, un \u00e9quipage pirate constitu\u00e9 surtout de docteurs. Il vient de la Ville Blanche, [&hellip;]<\/p>","protected":false},"featured_media":8686,"comment_status":"open","ping_status":"open","template":"","meta":[],"product_brand":[],"product_cat":[177],"product_tag":[202],"class_list":{"0":"post-8684","1":"product","2":"type-product","3":"status-publish","4":"has-post-thumbnail","6":"product_cat-peluches-one-piece","7":"product_tag-law","9":"first","10":"instock","11":"purchasable","12":"product-type-simple"},"yoast_head":"<!-- This site is optimized with the Yoast SEO plugin v27.5 - https:\/\/yoast.com\/product\/yoast-seo-wordpress\/ -->\n<title>Peluche Trafalgar Law | Boutique One Piece<\/title>\n<meta name=\"description\" content=\"D\u00e9couvrez la peluche One Piece Trafalgar Law, elle est aussi douce que mignonne ! Commencez votre aventure de pirate \u00e0 la recherche du One Piece dans l&#039;\u00e9quipage du Chapeau de Paille\" \/>\n<meta name=\"robots\" content=\"index, follow, max-snippet:-1, max-image-preview:large, max-video-preview:-1\" \/>\n<link rel=\"canonical\" href=\"https:\/\/boutique-one-piece.com\/de\/one-piece-pluschtiere\/trafalgar-law-pluschtier\/\" \/>\n<meta property=\"og:locale\" content=\"de_DE\" \/>\n<meta property=\"og:type\" content=\"article\" \/>\n<meta property=\"og:title\" content=\"Peluche Trafalgar Law | Boutique One Piece\" \/>\n<meta property=\"og:description\" content=\"D\u00e9couvrez la peluche One Piece Trafalgar Law, elle est aussi douce que mignonne ! Commencez votre aventure de pirate \u00e0 la recherche du One Piece dans l&#039;\u00e9quipage du Chapeau de Paille\" \/>\n<meta property=\"og:url\" content=\"https:\/\/boutique-one-piece.com\/de\/one-piece-pluschtiere\/trafalgar-law-pluschtier\/\" \/>\n<meta property=\"og:site_name\" content=\"Boutique One Piece\" \/>\n<meta property=\"article:modified_time\" content=\"2025-06-10T03:37:09+00:00\" \/>\n<meta property=\"og:image\" content=\"https:\/\/boutique-one-piece.com\/wp-content\/uploads\/2022\/09\/Peluche-Trafalgar-Law-1.png\" \/>\n\t<meta property=\"og:image:width\" content=\"500\" \/>\n\t<meta property=\"og:image:height\" content=\"500\" \/>\n\t<meta property=\"og:image:type\" content=\"image\/png\" \/>\n<meta name=\"twitter:card\" content=\"summary_large_image\" \/>\n<meta name=\"twitter:label1\" content=\"Gesch\u00e4tzte Lesezeit\" \/>\n\t<meta name=\"twitter:data1\" content=\"1\u00a0Minute\" \/>\n<script type=\"application\/ld+json\" class=\"yoast-schema-graph\">{\"@context\":\"https:\\\/\\\/schema.org\",\"@graph\":[{\"@type\":\"WebPage\",\"@id\":\"https:\\\/\\\/boutique-one-piece.com\\\/peluches-one-piece\\\/peluche-trafalgar-law\\\/\",\"url\":\"https:\\\/\\\/boutique-one-piece.com\\\/peluches-one-piece\\\/peluche-trafalgar-law\\\/\",\"name\":\"Peluche Trafalgar Law | Boutique One Piece\",\"isPartOf\":{\"@id\":\"https:\\\/\\\/boutique-one-piece.com\\\/#website\"},\"primaryImageOfPage\":{\"@id\":\"https:\\\/\\\/boutique-one-piece.com\\\/peluches-one-piece\\\/peluche-trafalgar-law\\\/#primaryimage\"},\"image\":{\"@id\":\"https:\\\/\\\/boutique-one-piece.com\\\/peluches-one-piece\\\/peluche-trafalgar-law\\\/#primaryimage\"},\"thumbnailUrl\":\"https:\\\/\\\/boutique-one-piece.com\\\/wp-content\\\/uploads\\\/2022\\\/09\\\/Peluche-Trafalgar-Law-1.png\",\"datePublished\":\"2022-09-27T20:14:22+00:00\",\"dateModified\":\"2025-06-10T03:37:09+00:00\",\"description\":\"D\u00e9couvrez la peluche One Piece Trafalgar Law, elle est aussi douce que mignonne ! Commencez votre aventure de pirate \u00e0 la recherche du One Piece dans l'\u00e9quipage du Chapeau de Paille\",\"breadcrumb\":{\"@id\":\"https:\\\/\\\/boutique-one-piece.com\\\/peluches-one-piece\\\/peluche-trafalgar-law\\\/#breadcrumb\"},\"inLanguage\":\"de\",\"potentialAction\":[{\"@type\":\"ReadAction\",\"target\":[\"https:\\\/\\\/boutique-one-piece.com\\\/peluches-one-piece\\\/peluche-trafalgar-law\\\/\"]}]},{\"@type\":\"ImageObject\",\"inLanguage\":\"de\",\"@id\":\"https:\\\/\\\/boutique-one-piece.com\\\/peluches-one-piece\\\/peluche-trafalgar-law\\\/#primaryimage\",\"url\":\"https:\\\/\\\/boutique-one-piece.com\\\/wp-content\\\/uploads\\\/2022\\\/09\\\/Peluche-Trafalgar-Law-1.png\",\"contentUrl\":\"https:\\\/\\\/boutique-one-piece.com\\\/wp-content\\\/uploads\\\/2022\\\/09\\\/Peluche-Trafalgar-Law-1.png\",\"width\":500,\"height\":500},{\"@type\":\"BreadcrumbList\",\"@id\":\"https:\\\/\\\/boutique-one-piece.com\\\/peluches-one-piece\\\/peluche-trafalgar-law\\\/#breadcrumb\",\"itemListElement\":[{\"@type\":\"ListItem\",\"position\":1,\"name\":\"Home\",\"item\":\"https:\\\/\\\/boutique-one-piece.com\\\/\"},{\"@type\":\"ListItem\",\"position\":2,\"name\":\"Shop\",\"item\":\"https:\\\/\\\/boutique-one-piece.com\\\/shop\\\/\"},{\"@type\":\"ListItem\",\"position\":3,\"name\":\"Peluche Trafalgar Law\"}]},{\"@type\":\"WebSite\",\"@id\":\"https:\\\/\\\/boutique-one-piece.com\\\/#website\",\"url\":\"https:\\\/\\\/boutique-one-piece.com\\\/\",\"name\":\"Boutique One Piece\",\"description\":\"Magasin Sp\u00e9cialis\u00e9 du Manga et l&#039;Anime One Piece\",\"publisher\":{\"@id\":\"https:\\\/\\\/boutique-one-piece.com\\\/#organization\"},\"potentialAction\":[{\"@type\":\"SearchAction\",\"target\":{\"@type\":\"EntryPoint\",\"urlTemplate\":\"https:\\\/\\\/boutique-one-piece.com\\\/?s={search_term_string}\"},\"query-input\":{\"@type\":\"PropertyValueSpecification\",\"valueRequired\":true,\"valueName\":\"search_term_string\"}}],\"inLanguage\":\"de\"},{\"@type\":\"Organization\",\"@id\":\"https:\\\/\\\/boutique-one-piece.com\\\/#organization\",\"name\":\"Boutique One Piece\",\"url\":\"https:\\\/\\\/boutique-one-piece.com\\\/\",\"logo\":{\"@type\":\"ImageObject\",\"inLanguage\":\"de\",\"@id\":\"https:\\\/\\\/boutique-one-piece.com\\\/#\\\/schema\\\/logo\\\/image\\\/\",\"url\":\"https:\\\/\\\/boutique-one-piece.com\\\/wp-content\\\/uploads\\\/2022\\\/09\\\/Logo-01.png\",\"contentUrl\":\"https:\\\/\\\/boutique-one-piece.com\\\/wp-content\\\/uploads\\\/2022\\\/09\\\/Logo-01.png\",\"width\":2318,\"height\":957,\"caption\":\"Boutique One Piece\"},\"image\":{\"@id\":\"https:\\\/\\\/boutique-one-piece.com\\\/#\\\/schema\\\/logo\\\/image\\\/\"}}]}<\/script>\n<!-- \/ Yoast SEO plugin. -->","yoast_head_json":{"title":"Trafalgar Law Pl\u00fcschtier | One Piece Shop","description":"Entdecke das One Piece Trafalgar Law Pl\u00fcschtier \u2013 es ist so weich wie niedlich! Starte dein Piratenabenteuer auf der Suche nach dem One Piece mit der Strohhutbande.","robots":{"index":"index","follow":"follow","max-snippet":"max-snippet:-1","max-image-preview":"max-image-preview:large","max-video-preview":"max-video-preview:-1"},"canonical":"https:\/\/boutique-one-piece.com\/de\/one-piece-pluschtiere\/trafalgar-law-pluschtier\/","og_locale":"de_DE","og_type":"article","og_title":"Peluche Trafalgar Law | Boutique One Piece","og_description":"D\u00e9couvrez la peluche One Piece Trafalgar Law, elle est aussi douce que mignonne ! Commencez votre aventure de pirate \u00e0 la recherche du One Piece dans l'\u00e9quipage du Chapeau de Paille","og_url":"https:\/\/boutique-one-piece.com\/de\/one-piece-pluschtiere\/trafalgar-law-pluschtier\/","og_site_name":"Boutique One Piece","article_modified_time":"2025-06-10T03:37:09+00:00","og_image":[{"width":500,"height":500,"url":"https:\/\/boutique-one-piece.com\/wp-content\/uploads\/2022\/09\/Peluche-Trafalgar-Law-1.png","type":"image\/png"}],"twitter_card":"summary_large_image","twitter_misc":{"Gesch\u00e4tzte Lesezeit":"1\u00a0Minute"},"schema":{"@context":"https:\/\/schema.org","@graph":[{"@type":"WebPage","@id":"https:\/\/boutique-one-piece.com\/peluches-one-piece\/peluche-trafalgar-law\/","url":"https:\/\/boutique-one-piece.com\/peluches-one-piece\/peluche-trafalgar-law\/","name":"Trafalgar Law Pl\u00fcschtier | One Piece Shop","isPartOf":{"@id":"https:\/\/boutique-one-piece.com\/#website"},"primaryImageOfPage":{"@id":"https:\/\/boutique-one-piece.com\/peluches-one-piece\/peluche-trafalgar-law\/#primaryimage"},"image":{"@id":"https:\/\/boutique-one-piece.com\/peluches-one-piece\/peluche-trafalgar-law\/#primaryimage"},"thumbnailUrl":"https:\/\/boutique-one-piece.com\/wp-content\/uploads\/2022\/09\/Peluche-Trafalgar-Law-1.png","datePublished":"2022-09-27T20:14:22+00:00","dateModified":"2025-06-10T03:37:09+00:00","description":"Entdecke das One Piece Trafalgar Law Pl\u00fcschtier \u2013 es ist so weich wie niedlich! Starte dein Piratenabenteuer auf der Suche nach dem One Piece mit der Strohhutbande.","breadcrumb":{"@id":"https:\/\/boutique-one-piece.com\/peluches-one-piece\/peluche-trafalgar-law\/#breadcrumb"},"inLanguage":"de","potentialAction":[{"@type":"ReadAction","target":["https:\/\/boutique-one-piece.com\/peluches-one-piece\/peluche-trafalgar-law\/"]}]},{"@type":"ImageObject","inLanguage":"de","@id":"https:\/\/boutique-one-piece.com\/peluches-one-piece\/peluche-trafalgar-law\/#primaryimage","url":"https:\/\/boutique-one-piece.com\/wp-content\/uploads\/2022\/09\/Peluche-Trafalgar-Law-1.png","contentUrl":"https:\/\/boutique-one-piece.com\/wp-content\/uploads\/2022\/09\/Peluche-Trafalgar-Law-1.png","width":500,"height":500},{"@type":"BreadcrumbList","@id":"https:\/\/boutique-one-piece.com\/peluches-one-piece\/peluche-trafalgar-law\/#breadcrumb","itemListElement":[{"@type":"ListItem","position":1,"name":"Home","item":"https:\/\/boutique-one-piece.com\/"},{"@type":"ListItem","position":2,"name":"Shop","item":"https:\/\/boutique-one-piece.com\/shop\/"},{"@type":"ListItem","position":3,"name":"Peluche Trafalgar Law"}]},{"@type":"WebSite","@id":"https:\/\/boutique-one-piece.com\/#website","url":"https:\/\/boutique-one-piece.com\/","name":"One Piece Shop","description":"Fachgesch\u00e4ft f\u00fcr One Piece Manga und Anime","publisher":{"@id":"https:\/\/boutique-one-piece.com\/#organization"},"potentialAction":[{"@type":"SearchAction","target":{"@type":"EntryPoint","urlTemplate":"https:\/\/boutique-one-piece.com\/?s={search_term_string}"},"query-input":{"@type":"PropertyValueSpecification","valueRequired":true,"valueName":"search_term_string"}}],"inLanguage":"de"},{"@type":"Organization","@id":"https:\/\/boutique-one-piece.com\/#organization","name":"One Piece Shop","url":"https:\/\/boutique-one-piece.com\/","logo":{"@type":"ImageObject","inLanguage":"de","@id":"https:\/\/boutique-one-piece.com\/#\/schema\/logo\/image\/","url":"https:\/\/boutique-one-piece.com\/wp-content\/uploads\/2022\/09\/Logo-01.png","contentUrl":"https:\/\/boutique-one-piece.com\/wp-content\/uploads\/2022\/09\/Logo-01.png","width":2318,"height":957,"caption":"Boutique One Piece"},"image":{"@id":"https:\/\/boutique-one-piece.com\/#\/schema\/logo\/image\/"}}]}},"_links":{"self":[{"href":"https:\/\/boutique-one-piece.com\/de\/wp-json\/wp\/v2\/product\/8684","targetHints":{"allow":["GET"]}}],"collection":[{"href":"https:\/\/boutique-one-piece.com\/de\/wp-json\/wp\/v2\/product"}],"about":[{"href":"https:\/\/boutique-one-piece.com\/de\/wp-json\/wp\/v2\/types\/product"}],"replies":[{"embeddable":true,"href":"https:\/\/boutique-one-piece.com\/de\/wp-json\/wp\/v2\/comments?post=8684"}],"wp:featuredmedia":[{"embeddable":true,"href":"https:\/\/boutique-one-piece.com\/de\/wp-json\/wp\/v2\/media\/8686"}],"wp:attachment":[{"href":"https:\/\/boutique-one-piece.com\/de\/wp-json\/wp\/v2\/media?parent=8684"}],"wp:term":[{"taxonomy":"product_brand","embeddable":true,"href":"https:\/\/boutique-one-piece.com\/de\/wp-json\/wp\/v2\/product_brand?post=8684"},{"taxonomy":"product_cat","embeddable":true,"href":"https:\/\/boutique-one-piece.com\/de\/wp-json\/wp\/v2\/product_cat?post=8684"},{"taxonomy":"product_tag","embeddable":true,"href":"https:\/\/boutique-one-piece.com\/de\/wp-json\/wp\/v2\/product_tag?post=8684"}],"curies":[{"name":"wp","href":"https:\/\/api.w.org\/{rel}","templated":true}]}}