{"id":8775,"date":"2022-09-27T20:15:13","date_gmt":"2022-09-27T20:15:13","guid":{"rendered":"https:\/\/boutique-one-piece.com\/uncategorized\/tableau-one-piece-couleur-mugiwara\/"},"modified":"2024-09-18T01:20:45","modified_gmt":"2024-09-18T01:20:45","slug":"one-piece-mugiwara-farbtabelle","status":"publish","type":"product","link":"https:\/\/boutique-one-piece.com\/de\/one-piece-dekorationen\/one-piece-gemalde\/one-piece-mugiwara-farbtabelle\/","title":{"rendered":"One Piece Mugiwara Farbtabelle"},"content":{"rendered":"<h2>One Piece 5-teiliger Leinwanddruck mit den Strohhutpiraten und ihren Lieblingsfarben - Ein hochwertiger Leinwanddruck f\u00fcr einen Piraten wie dich!<\/h2>\n<h2><b><\/b><\/h2>\n<p>Wenn Sie ein\u00a0<strong>echter Pirat<\/strong>, du wirst sein<span>\u00a0<\/span>anerkennen<span>\u00a0<\/span>Dort\u00a0<strong>Qualit\u00e4t<\/strong>\u00a0Leinwand, Farbe und ein Rahmen f\u00fcr ihre\u00a0<strong>Designs\u00a0<\/strong>Und\u00a0<strong>3D-Leinwanddruck<\/strong>\u00a0davon\u00a0<strong>One Piece 5-teiliges Gem\u00e4lde<\/strong>\u00a0Das Wichtigste an diesem Gem\u00e4lde ist jedoch, dass<span>\u00a0<\/span>Sie werden Teil davon sein\u00a0<strong>die Fan-Crew<\/strong>\u00a0von\u00a0<strong>Piraten-Manga<\/strong>\u00a0und Sie erhalten:<\/p>\n<ul>\n<li>\u00a0<strong>Bewunderung<\/strong>\u00a0aller Fans von\u00a0<strong>Mugiwara<\/strong>\u00a0die Sie zu sich nach Hause einladen werden<\/li>\n<\/ul>\n<ul>\n<li>Ein echter\u00a0<strong>5-teilige gedruckte Tabelle<\/strong>\u00a0mit dem Sie<strong>\u00a0sich vorstellen\u00a0<\/strong>mit\u00a0<strong><\/strong><strong>die Besatzung<\/strong> <strong>Bei<\/strong> <strong>Strohhut<\/strong>\n<\/li>\n<\/ul>\n<p>Also, bereit, die\u00a0<strong>Mugiwara No Luffy Farben<\/strong>\u00a0?<\/p>\n<h2>Bist du ein Fan des One Piece Mangas oder Animes? Zeig es mit diesem 5-teiligen One Piece Leinwanddruck!<\/h2>\n<p>Wenn du\u00a0<strong>lesen<\/strong>\u00a0oder wo auch immer Sie hinschauen\u00a0<strong>der Anime\u00a0<\/strong><strong>japanisch<\/strong>, Die Wahrscheinlichkeit ist gro\u00df, dass du geworden bist\u00a0<strong>Ich bin total verr\u00fcckt nach One Piece.<\/strong>\u00a0Damit!\u00a0<strong>Mugiwara 5-teiliges Gem\u00e4lde<\/strong>, schlie\u00df dich der an\u2019<strong>Eine Gruppe von Fans der Franchise<\/strong><\/p>\n<p>Das\u00a0<strong>Malerei<\/strong>\u00a0ist verf\u00fcgbar mit einem\u00a0<strong>Holzrahmen<\/strong>\u00a0die Variante &quot;\u00ab\u00a0<strong>Mit Rahmen<\/strong>\u00abEs ist auch m\u00f6glich, nur das zu haben\u00a0<strong>Tuch<\/strong>\u00a0mit der Variante &quot;\u00ab\u00a0<strong>Rahmenlos<\/strong>\u00abDie Gr\u00f6\u00dfentabelle finden Sie in der Gr\u00f6\u00dfentabelle.\u201c\u00a0<strong>Wenig<\/strong>,<strong>\u00a0DURCHSCHNITT<\/strong>,<strong>\u00a0Gro\u00df<\/strong>,<strong>\u00a0XL<\/strong>, Es eignet sich f\u00fcr alle Arten von Piraten, auch wenn man keine hat\u00a0<strong>Schwert<\/strong>\u00a0oder\u00a0<strong>Teufelsfrucht<\/strong>\u00a0Man kann es immer noch stolz zu Hause aufh\u00e4ngen<\/p>\n<p>DER <strong>Piraten<\/strong> Bei <strong>Strohhut<\/strong>, Die Crew, die selbst die h\u00f6chsten Autorit\u00e4ten der One Piece-Welt erzittern l\u00e4sst. Monkey D. Luffy, zuk\u00fcnftiger K\u00f6nig der Piraten, der Auserw\u00e4hlte, dessen <strong>Gol D. Roger<\/strong> Speiche. <strong>Luffy<\/strong> Er wird von seinen treuen Anh\u00e4ngern begleitet. <strong>Nakamas <\/strong>die sind, <strong>Zoro<\/strong>, <strong>Sanji<\/strong>, <strong>Nami<\/strong>, <strong>Robin<\/strong>, <strong>Chopper<\/strong>, <strong>Brook<\/strong>, <strong>Usopp<\/strong> Und <strong>Franky<\/strong>. Sie sind auf eine bestimmte Gruppe ausgerichtet. <strong>Farbe<\/strong> f\u00fcr jeden <strong>Mitglieder<\/strong> Crew<\/p>\n<ul>\n<li>\n<strong>Hochwertige bedruckte Leinwand\u00a0<\/strong>: Wandbild aus <strong>Baumwolle<\/strong> Und <strong>Leinen<\/strong>, um ein <strong>Tuch<\/strong> <strong>w\u00fcrdig<\/strong> davon <strong>Name<\/strong>\n<\/li>\n<\/ul>\n<ul>\n<li>\n<strong>Ultra Design Malerei<\/strong>\u00a0Die f\u00fcnfteilige Tabelle bietet eine Menge Informationen. <strong>Stil<\/strong> zu einem <strong>St\u00fcck<\/strong>, Die Fans k\u00f6nnen nicht anders, als es zu lieben.<\/li>\n<\/ul>\n<ul style=\"font-weight: 400\">\n<li>\n<strong>Farbe und Druck\u00a0<\/strong>One Piece Gem\u00e4lde mit einem Druck <strong>Canva<\/strong> der Ma\u00dfstab im Leinwanddruck<\/li>\n<\/ul>\n<ul style=\"font-weight: 400\">\n<li>\n<strong>Leichte Wandkunst<\/strong>\u00a0Tolle Lage <strong>Licht<\/strong>, Alles, was es braucht, ist einer <strong>Nagel<\/strong> oder von <strong>festes Bein<\/strong> f\u00fcr die <strong>pflegen<\/strong> an der Wand<\/li>\n<\/ul>\n<ul style=\"font-weight: 400\">\n<li>\n<strong>Holzrahmen<\/strong>\u00a0: die Variante &quot;\u00ab\u00a0<strong>Mit Rahmen<\/strong>\u00a0\u00bb wird begleitet von einem <strong>Holzrahmen<\/strong> und die Version &quot;\u00ab\u00a0<strong>Rahmenlos<\/strong>\u00a0\u00bb wird geliefert <strong>ohne den Holzrahmen<\/strong>\n<\/li>\n<\/ul>\n<ul style=\"font-weight: 400\">\n<li>\n<strong>Kostenloser Versand\u00a0<\/strong>f\u00fcr jeden Kauf<strong>\u00a0<\/strong>\n<\/li>\n<\/ul>\n<h3>Vergessen Sie nicht, einen Blick auf die unten stehende Gr\u00f6\u00dfentabelle zu werfen.<\/h3>\n<h2>\n<strong style=\"font-size: 15px\">One Piece 5-teiliges Gem\u00e4lde<\/strong><span style=\"font-size: 15px\">,<\/span><strong style=\"font-size: 15px\"> <\/strong><span style=\"font-size: 15px\">Gr\u00f6\u00dfe<\/span><strong style=\"font-size: 15px\"> <\/strong><span style=\"font-size: 15px\">: <\/span><strong style=\"font-size: 15px\">Wenig<\/strong><br \/>\n<\/h2>\n<p>\u00a0<img decoding=\"async\" src=\"https:\/\/cdn.shopify.com\/s\/files\/1\/0087\/7556\/5348\/files\/guide_taille_tableau_one_piece_petit_boutique_one_piece_large.jpg?v=1560247451\" alt=\"Gr\u00f6\u00dfenratgeber f\u00fcr 5-teilige Sets (Klein)\"><\/p>\n<p><strong>One Piece 5-teiliges Gem\u00e4lde<\/strong>, Gr\u00f6\u00dfe<strong> <\/strong>:<strong> DURCHSCHNITT<\/strong><\/p>\n<p>\u00a0<img decoding=\"async\" src=\"https:\/\/cdn.shopify.com\/s\/files\/1\/0087\/7556\/5348\/files\/guide_taille_tableau_one_piece_moyen_boutique_one_piece_large.jpg?v=1560247519\" alt=\"Gr\u00f6\u00dfentabelle (1 St\u00fcck, 5 St\u00fcck) Medium\"><\/p>\n<p><strong>One Piece 5-teiliges Gem\u00e4lde<\/strong>, Gr\u00f6\u00dfe<strong> <\/strong>: <strong>Gro\u00df<\/strong><\/p>\n<p>\u00a0<img decoding=\"async\" src=\"https:\/\/cdn.shopify.com\/s\/files\/1\/0087\/7556\/5348\/files\/guide_taille_tableau_one_piece_grand_boutique_one_piece_large.jpg?v=1560247582\" alt=\"One Piece 5-teilige Gr\u00f6\u00dfentabelle (gro\u00df)\"><\/p>\n<p><strong>One Piece 5-teiliges Gem\u00e4lde<\/strong>, Gr\u00f6\u00dfe: <strong>XL<\/strong><\/p>\n<p><img decoding=\"async\" src=\"https:\/\/cdn.shopify.com\/s\/files\/1\/0087\/7556\/5348\/files\/guide_taille_tableau_one_piece_xl_boutique_one_piece_large.jpg?v=1560247610\" alt=\"One Piece 5-teilige XL Gr\u00f6\u00dfentabelle\"><\/p>","protected":false},"excerpt":{"rendered":"<p>One Piece 5-teiliger Leinwanddruck mit den Strohhutpiraten und ihren charakteristischen Farben \u2013 ein hochwertiges Sammlerst\u00fcck f\u00fcr echte Piraten! Als waschechter Pirat wirst du die Qualit\u00e4t von Leinwand, Farben und Rahmen sowie den 3D-Druck dieses 5-teiligen One Piece Leinwanddrucks zu sch\u00e4tzen wissen! Aber das Wichtigste: Mit diesem Leinwanddruck wirst du Teil der gro\u00dfen Fangemeinde des Piraten-Mangas und erh\u00e4ltst: [\u2026]<\/p>","protected":false},"featured_media":8777,"comment_status":"open","ping_status":"open","template":"","meta":[],"product_brand":[],"product_cat":[141],"product_tag":[158,165,129,92,154,205,112,142,143,144,113],"class_list":{"0":"post-8775","1":"product","2":"type-product","3":"status-publish","4":"has-post-thumbnail","6":"product_cat-tableaux-one-piece","7":"product_tag-brook","8":"product_tag-chopper","9":"product_tag-franky","10":"product_tag-luffy","11":"product_tag-nami","12":"product_tag-robin","13":"product_tag-sanji","14":"product_tag-tableau-5-pieces","15":"product_tag-toile","16":"product_tag-usopp","17":"product_tag-zoro","19":"first","20":"instock","21":"purchasable","22":"product-type-variable"},"yoast_head":"<!-- This site is optimized with the Yoast SEO plugin v27.5 - https:\/\/yoast.com\/product\/yoast-seo-wordpress\/ -->\n<title>Tableau One Piece Couleur Mugiwara \u2013 Boutique One Piece<\/title>\n<meta name=\"description\" content=\"Tableau 5 Pi\u00e8ces One Piece avec une Couleur pour Chaque Membres d&#039;\u00c9quipage de Luffy Tr\u00e8s Haute Qualit\u00e9 Fan de Pirates ce Tableau 5 Panneaux est Fait Pour Vous !\" \/>\n<meta name=\"robots\" content=\"index, follow, max-snippet:-1, max-image-preview:large, max-video-preview:-1\" \/>\n<link rel=\"canonical\" href=\"https:\/\/boutique-one-piece.com\/de\/one-piece-dekorationen\/one-piece-gemalde\/one-piece-mugiwara-farbtabelle\/\" \/>\n<meta property=\"og:locale\" content=\"de_DE\" \/>\n<meta property=\"og:type\" content=\"article\" \/>\n<meta property=\"og:title\" content=\"Tableau One Piece Couleur Mugiwara \u2013 Boutique One Piece\" \/>\n<meta property=\"og:description\" content=\"Tableau 5 Pi\u00e8ces One Piece avec une Couleur pour Chaque Membres d&#039;\u00c9quipage de Luffy Tr\u00e8s Haute Qualit\u00e9 Fan de Pirates ce Tableau 5 Panneaux est Fait Pour Vous !\" \/>\n<meta property=\"og:url\" content=\"https:\/\/boutique-one-piece.com\/de\/one-piece-dekorationen\/one-piece-gemalde\/one-piece-mugiwara-farbtabelle\/\" \/>\n<meta property=\"og:site_name\" content=\"Boutique One Piece\" \/>\n<meta property=\"article:modified_time\" content=\"2024-09-18T01:20:45+00:00\" \/>\n<meta property=\"og:image\" content=\"https:\/\/boutique-one-piece.com\/wp-content\/uploads\/2022\/09\/Tableau-One-Piece-Couleur-Mugiwara.jpg\" \/>\n\t<meta property=\"og:image:width\" content=\"600\" \/>\n\t<meta property=\"og:image:height\" content=\"600\" \/>\n\t<meta property=\"og:image:type\" content=\"image\/jpeg\" \/>\n<meta name=\"twitter:card\" content=\"summary_large_image\" \/>\n<meta name=\"twitter:label1\" content=\"Gesch\u00e4tzte Lesezeit\" \/>\n\t<meta name=\"twitter:data1\" content=\"4\u00a0Minuten\" \/>\n<script type=\"application\/ld+json\" class=\"yoast-schema-graph\">{\"@context\":\"https:\\\/\\\/schema.org\",\"@graph\":[{\"@type\":\"WebPage\",\"@id\":\"https:\\\/\\\/boutique-one-piece.com\\\/decorations-one-piece\\\/tableaux-one-piece\\\/tableau-one-piece-couleur-mugiwara\\\/\",\"url\":\"https:\\\/\\\/boutique-one-piece.com\\\/decorations-one-piece\\\/tableaux-one-piece\\\/tableau-one-piece-couleur-mugiwara\\\/\",\"name\":\"Tableau One Piece Couleur Mugiwara \u2013 Boutique One Piece\",\"isPartOf\":{\"@id\":\"https:\\\/\\\/boutique-one-piece.com\\\/#website\"},\"primaryImageOfPage\":{\"@id\":\"https:\\\/\\\/boutique-one-piece.com\\\/decorations-one-piece\\\/tableaux-one-piece\\\/tableau-one-piece-couleur-mugiwara\\\/#primaryimage\"},\"image\":{\"@id\":\"https:\\\/\\\/boutique-one-piece.com\\\/decorations-one-piece\\\/tableaux-one-piece\\\/tableau-one-piece-couleur-mugiwara\\\/#primaryimage\"},\"thumbnailUrl\":\"https:\\\/\\\/boutique-one-piece.com\\\/wp-content\\\/uploads\\\/2022\\\/09\\\/Tableau-One-Piece-Couleur-Mugiwara.jpg\",\"datePublished\":\"2022-09-27T20:15:13+00:00\",\"dateModified\":\"2024-09-18T01:20:45+00:00\",\"description\":\"Tableau 5 Pi\u00e8ces One Piece avec une Couleur pour Chaque Membres d'\u00c9quipage de Luffy Tr\u00e8s Haute Qualit\u00e9 Fan de Pirates ce Tableau 5 Panneaux est Fait Pour Vous !\",\"breadcrumb\":{\"@id\":\"https:\\\/\\\/boutique-one-piece.com\\\/decorations-one-piece\\\/tableaux-one-piece\\\/tableau-one-piece-couleur-mugiwara\\\/#breadcrumb\"},\"inLanguage\":\"de\",\"potentialAction\":[{\"@type\":\"ReadAction\",\"target\":[\"https:\\\/\\\/boutique-one-piece.com\\\/decorations-one-piece\\\/tableaux-one-piece\\\/tableau-one-piece-couleur-mugiwara\\\/\"]}]},{\"@type\":\"ImageObject\",\"inLanguage\":\"de\",\"@id\":\"https:\\\/\\\/boutique-one-piece.com\\\/decorations-one-piece\\\/tableaux-one-piece\\\/tableau-one-piece-couleur-mugiwara\\\/#primaryimage\",\"url\":\"https:\\\/\\\/boutique-one-piece.com\\\/wp-content\\\/uploads\\\/2022\\\/09\\\/Tableau-One-Piece-Couleur-Mugiwara.jpg\",\"contentUrl\":\"https:\\\/\\\/boutique-one-piece.com\\\/wp-content\\\/uploads\\\/2022\\\/09\\\/Tableau-One-Piece-Couleur-Mugiwara.jpg\",\"width\":600,\"height\":600,\"caption\":\"Tableau One Piece Couleur Mugiwara XL Avec Cadre\"},{\"@type\":\"BreadcrumbList\",\"@id\":\"https:\\\/\\\/boutique-one-piece.com\\\/decorations-one-piece\\\/tableaux-one-piece\\\/tableau-one-piece-couleur-mugiwara\\\/#breadcrumb\",\"itemListElement\":[{\"@type\":\"ListItem\",\"position\":1,\"name\":\"Home\",\"item\":\"https:\\\/\\\/boutique-one-piece.com\\\/\"},{\"@type\":\"ListItem\",\"position\":2,\"name\":\"Shop\",\"item\":\"https:\\\/\\\/boutique-one-piece.com\\\/shop\\\/\"},{\"@type\":\"ListItem\",\"position\":3,\"name\":\"Tableau One Piece Couleur Mugiwara\"}]},{\"@type\":\"WebSite\",\"@id\":\"https:\\\/\\\/boutique-one-piece.com\\\/#website\",\"url\":\"https:\\\/\\\/boutique-one-piece.com\\\/\",\"name\":\"Boutique One Piece\",\"description\":\"Magasin Sp\u00e9cialis\u00e9 du Manga et l&#039;Anime One Piece\",\"publisher\":{\"@id\":\"https:\\\/\\\/boutique-one-piece.com\\\/#organization\"},\"potentialAction\":[{\"@type\":\"SearchAction\",\"target\":{\"@type\":\"EntryPoint\",\"urlTemplate\":\"https:\\\/\\\/boutique-one-piece.com\\\/?s={search_term_string}\"},\"query-input\":{\"@type\":\"PropertyValueSpecification\",\"valueRequired\":true,\"valueName\":\"search_term_string\"}}],\"inLanguage\":\"de\"},{\"@type\":\"Organization\",\"@id\":\"https:\\\/\\\/boutique-one-piece.com\\\/#organization\",\"name\":\"Boutique One Piece\",\"url\":\"https:\\\/\\\/boutique-one-piece.com\\\/\",\"logo\":{\"@type\":\"ImageObject\",\"inLanguage\":\"de\",\"@id\":\"https:\\\/\\\/boutique-one-piece.com\\\/#\\\/schema\\\/logo\\\/image\\\/\",\"url\":\"https:\\\/\\\/boutique-one-piece.com\\\/wp-content\\\/uploads\\\/2022\\\/09\\\/Logo-01.png\",\"contentUrl\":\"https:\\\/\\\/boutique-one-piece.com\\\/wp-content\\\/uploads\\\/2022\\\/09\\\/Logo-01.png\",\"width\":2318,\"height\":957,\"caption\":\"Boutique One Piece\"},\"image\":{\"@id\":\"https:\\\/\\\/boutique-one-piece.com\\\/#\\\/schema\\\/logo\\\/image\\\/\"}}]}<\/script>\n<!-- \/ Yoast SEO plugin. -->","yoast_head_json":{"title":"One Piece Mugiwara Farbgem\u00e4lde \u2013 One Piece Shop","description":"One Piece 5-teiliger Leinwanddruck mit einer Farbe f\u00fcr jedes Mitglied von Ruffys Crew - Sehr hohe Qualit\u00e4t - Piratenfan, dieser 5-teilige Leinwanddruck ist genau das Richtige f\u00fcr Sie!","robots":{"index":"index","follow":"follow","max-snippet":"max-snippet:-1","max-image-preview":"max-image-preview:large","max-video-preview":"max-video-preview:-1"},"canonical":"https:\/\/boutique-one-piece.com\/de\/one-piece-dekorationen\/one-piece-gemalde\/one-piece-mugiwara-farbtabelle\/","og_locale":"de_DE","og_type":"article","og_title":"Tableau One Piece Couleur Mugiwara \u2013 Boutique One Piece","og_description":"Tableau 5 Pi\u00e8ces One Piece avec une Couleur pour Chaque Membres d'\u00c9quipage de Luffy Tr\u00e8s Haute Qualit\u00e9 Fan de Pirates ce Tableau 5 Panneaux est Fait Pour Vous !","og_url":"https:\/\/boutique-one-piece.com\/de\/one-piece-dekorationen\/one-piece-gemalde\/one-piece-mugiwara-farbtabelle\/","og_site_name":"Boutique One Piece","article_modified_time":"2024-09-18T01:20:45+00:00","og_image":[{"width":600,"height":600,"url":"https:\/\/boutique-one-piece.com\/wp-content\/uploads\/2022\/09\/Tableau-One-Piece-Couleur-Mugiwara.jpg","type":"image\/jpeg"}],"twitter_card":"summary_large_image","twitter_misc":{"Gesch\u00e4tzte Lesezeit":"4\u00a0Minuten"},"schema":{"@context":"https:\/\/schema.org","@graph":[{"@type":"WebPage","@id":"https:\/\/boutique-one-piece.com\/decorations-one-piece\/tableaux-one-piece\/tableau-one-piece-couleur-mugiwara\/","url":"https:\/\/boutique-one-piece.com\/decorations-one-piece\/tableaux-one-piece\/tableau-one-piece-couleur-mugiwara\/","name":"One Piece Mugiwara Farbgem\u00e4lde \u2013 One Piece Shop","isPartOf":{"@id":"https:\/\/boutique-one-piece.com\/#website"},"primaryImageOfPage":{"@id":"https:\/\/boutique-one-piece.com\/decorations-one-piece\/tableaux-one-piece\/tableau-one-piece-couleur-mugiwara\/#primaryimage"},"image":{"@id":"https:\/\/boutique-one-piece.com\/decorations-one-piece\/tableaux-one-piece\/tableau-one-piece-couleur-mugiwara\/#primaryimage"},"thumbnailUrl":"https:\/\/boutique-one-piece.com\/wp-content\/uploads\/2022\/09\/Tableau-One-Piece-Couleur-Mugiwara.jpg","datePublished":"2022-09-27T20:15:13+00:00","dateModified":"2024-09-18T01:20:45+00:00","description":"One Piece 5-teiliger Leinwanddruck mit einer Farbe f\u00fcr jedes Mitglied von Ruffys Crew - Sehr hohe Qualit\u00e4t - Piratenfan, dieser 5-teilige Leinwanddruck ist genau das Richtige f\u00fcr Sie!","breadcrumb":{"@id":"https:\/\/boutique-one-piece.com\/decorations-one-piece\/tableaux-one-piece\/tableau-one-piece-couleur-mugiwara\/#breadcrumb"},"inLanguage":"de","potentialAction":[{"@type":"ReadAction","target":["https:\/\/boutique-one-piece.com\/decorations-one-piece\/tableaux-one-piece\/tableau-one-piece-couleur-mugiwara\/"]}]},{"@type":"ImageObject","inLanguage":"de","@id":"https:\/\/boutique-one-piece.com\/decorations-one-piece\/tableaux-one-piece\/tableau-one-piece-couleur-mugiwara\/#primaryimage","url":"https:\/\/boutique-one-piece.com\/wp-content\/uploads\/2022\/09\/Tableau-One-Piece-Couleur-Mugiwara.jpg","contentUrl":"https:\/\/boutique-one-piece.com\/wp-content\/uploads\/2022\/09\/Tableau-One-Piece-Couleur-Mugiwara.jpg","width":600,"height":600,"caption":"Tableau One Piece Couleur Mugiwara XL Avec Cadre"},{"@type":"BreadcrumbList","@id":"https:\/\/boutique-one-piece.com\/decorations-one-piece\/tableaux-one-piece\/tableau-one-piece-couleur-mugiwara\/#breadcrumb","itemListElement":[{"@type":"ListItem","position":1,"name":"Home","item":"https:\/\/boutique-one-piece.com\/"},{"@type":"ListItem","position":2,"name":"Shop","item":"https:\/\/boutique-one-piece.com\/shop\/"},{"@type":"ListItem","position":3,"name":"Tableau One Piece Couleur Mugiwara"}]},{"@type":"WebSite","@id":"https:\/\/boutique-one-piece.com\/#website","url":"https:\/\/boutique-one-piece.com\/","name":"One Piece Shop","description":"Fachgesch\u00e4ft f\u00fcr One Piece Manga und Anime","publisher":{"@id":"https:\/\/boutique-one-piece.com\/#organization"},"potentialAction":[{"@type":"SearchAction","target":{"@type":"EntryPoint","urlTemplate":"https:\/\/boutique-one-piece.com\/?s={search_term_string}"},"query-input":{"@type":"PropertyValueSpecification","valueRequired":true,"valueName":"search_term_string"}}],"inLanguage":"de"},{"@type":"Organization","@id":"https:\/\/boutique-one-piece.com\/#organization","name":"One Piece Shop","url":"https:\/\/boutique-one-piece.com\/","logo":{"@type":"ImageObject","inLanguage":"de","@id":"https:\/\/boutique-one-piece.com\/#\/schema\/logo\/image\/","url":"https:\/\/boutique-one-piece.com\/wp-content\/uploads\/2022\/09\/Logo-01.png","contentUrl":"https:\/\/boutique-one-piece.com\/wp-content\/uploads\/2022\/09\/Logo-01.png","width":2318,"height":957,"caption":"Boutique One Piece"},"image":{"@id":"https:\/\/boutique-one-piece.com\/#\/schema\/logo\/image\/"}}]}},"_links":{"self":[{"href":"https:\/\/boutique-one-piece.com\/de\/wp-json\/wp\/v2\/product\/8775","targetHints":{"allow":["GET"]}}],"collection":[{"href":"https:\/\/boutique-one-piece.com\/de\/wp-json\/wp\/v2\/product"}],"about":[{"href":"https:\/\/boutique-one-piece.com\/de\/wp-json\/wp\/v2\/types\/product"}],"replies":[{"embeddable":true,"href":"https:\/\/boutique-one-piece.com\/de\/wp-json\/wp\/v2\/comments?post=8775"}],"wp:featuredmedia":[{"embeddable":true,"href":"https:\/\/boutique-one-piece.com\/de\/wp-json\/wp\/v2\/media\/8777"}],"wp:attachment":[{"href":"https:\/\/boutique-one-piece.com\/de\/wp-json\/wp\/v2\/media?parent=8775"}],"wp:term":[{"taxonomy":"product_brand","embeddable":true,"href":"https:\/\/boutique-one-piece.com\/de\/wp-json\/wp\/v2\/product_brand?post=8775"},{"taxonomy":"product_cat","embeddable":true,"href":"https:\/\/boutique-one-piece.com\/de\/wp-json\/wp\/v2\/product_cat?post=8775"},{"taxonomy":"product_tag","embeddable":true,"href":"https:\/\/boutique-one-piece.com\/de\/wp-json\/wp\/v2\/product_tag?post=8775"}],"curies":[{"name":"wp","href":"https:\/\/api.w.org\/{rel}","templated":true}]}}