{"id":8887,"date":"2022-09-27T20:16:06","date_gmt":"2022-09-27T20:16:06","guid":{"rendered":"https:\/\/boutique-one-piece.com\/uncategorized\/figurine-one-piece-sabo-mera-mera-no-mi\/"},"modified":"2024-09-16T11:29:27","modified_gmt":"2024-09-16T11:29:27","slug":"one-piece-sabo-mera-mera-no-mi-figur","status":"publish","type":"product","link":"https:\/\/boutique-one-piece.com\/de\/one-piece-figuren\/sabo-figuren\/one-piece-sabo-mera-mera-no-mi-figur\/","title":{"rendered":"One Piece Sabo Mera Mera No Mi Figur"},"content":{"rendered":"<h2>Junger Pirat, es ist an der Zeit, dass du dir diese One Piece Sabo Mera Mera No Mi Figur holst.<\/h2>\n<p>Hier ist, was Sie wissen m\u00fcssen; ; <strong>Die Mera Mera no Mi<\/strong>, est un Fruit du D\u00e9mon de type Logia, qui permet \u00e0 son utilisateur de cr\u00e9er, contr\u00f4ler et de se transformer en feu \u00e0 volont\u00e9, changeant l\u2019utilisateur en un Homme-Feu. Ce fruit fut mang\u00e9 par <strong>Portgas D. Ace<\/strong> dann, nach dem Tod des Letzteren, durch <strong>Sabo<\/strong>.<\/p>\n<p>D\u2019ailleurs, si tu souhaites agrandir ta collection de figurine, <a title=\"ONE PIECE PORTGAS D. ACE MERA MERA NO MI FIGUR\" href=\"https:\/\/boutique-one-piece.com\/de\/one-piece-figuren\/produkte\/figur-one-piece-portgas-d-ace-mera-mera-no-mi\/\" target=\"_blank\" rel=\"noopener\">Ace-Figur nutzt seine Mera Mera No Mi voll aus.<\/a> est \u00e0 ta port\u00e9e de main. Pour en revenir \u00e0 Sabo, tu dois savoir que c\u2019est une personne de bon sens et qu\u0092il porte le privil\u00e8ge sur ceux qu\u2019il aime (comme Luffy). Il est loyal durant les combats.<\/p>\n<p>D\u2019ailleurs, comme ses fr\u00e8res, il avait le m\u00eame r\u00eave de devenir pirate (ce qui ne s\u2019est pas produit) mais \u00e9tant enfant, il avait de la d\u00e9termination pour r\u00e9aliser son r\u00eave. Enfin, selon Luffy, Sabo est un fr\u00e8re plus gentil qu\u2019Ace. Il est gentil et diplomate.<\/p>\n<h3>Alors, conquis par la figurine de Sabo ? Si tel est le cas, n\u2019h\u00e9site plus et saute sur l\u2019occasion de rejoindre Sabo, ce fr\u00e8re encourageant et loyal.<\/h3>\n<p>One Piece ist der weltweit meistverkaufte Manga. Egal, ob du ein eingefleischter Fan oder ein leidenschaftlicher Sammler bist, diese Artikel sind genau das Richtige f\u00fcr dich. Sie eignen sich perfekt zum Verschenken, Dekorieren oder einfach zum Erg\u00e4nzen deiner Sammlung und werden diese bereichern. <strong>dein One Piece Universum<\/strong>. Dein Schicksal liegt nun in deinen H\u00e4nden. <strong>junger Pirat<\/strong> !<\/p>\n<h2>Informationen zur Sabo Mera Mera No Mi Figur\u00a0<\/h2>\n<ul>\n<li><span><b><u>One Piece Figur<\/u><\/b>\u00a0: Figurine\u00a0 premium de l\u2019univers One Piece pour les vrais pirates<\/span><\/li>\n<\/ul>\n<ul>\n<li>\n<b>Gegenstand<\/b><span>\u00a0<\/span>PVC<\/li>\n<\/ul>\n<ul>\n<li><span><strong>Dimension<\/strong>\u00a021 cm<\/span><\/li>\n<\/ul>\n<ul>\n<li><span><strong>KOSTENLOSE LIEFERUNG<\/strong><\/span><\/li>\n<\/ul>","protected":false},"excerpt":{"rendered":"<p>Junger Pirat, es ist soweit! Schnapp dir diese One Piece Sabo Mera Mera no Mi Figur. Hier die wichtigsten Infos: Die Mera Mera no Mi ist eine Logia-Teufelsfrucht, die es ihrem Nutzer erm\u00f6glicht, Feuer zu erzeugen, zu kontrollieren und sich in Feuer zu verwandeln\u2026<\/p>","protected":false},"featured_media":8889,"comment_status":"open","ping_status":"open","template":"","meta":[],"product_brand":[],"product_cat":[76,178],"product_tag":[180],"class_list":{"0":"post-8887","1":"product","2":"type-product","3":"status-publish","4":"has-post-thumbnail","6":"product_cat-figurines-one-piece","7":"product_cat-figurines-sabo","8":"product_tag-sabo","10":"first","11":"instock","12":"purchasable","13":"product-type-simple"},"yoast_head":"<!-- This site is optimized with the Yoast SEO plugin v27.5 - https:\/\/yoast.com\/product\/yoast-seo-wordpress\/ -->\n<title>Figurine One Piece Sabo Mera Mera No Mi | Figurine One Piece \u2013 Boutique One Piece<\/title>\n<meta name=\"description\" content=\"Jeune pirate, le moment est venu pour toi de te procurer cette Figurine One Piece Sabo Mera Mera No Mi. Voici ce que tu dois savoir ; Le Mera Mera no Mi, est un Fruit du D\u00e9mon de type Logia, qui permet \u00e0 son utilisateur de cr\u00e9er, contr\u00f4ler et de se transformer en feu \u00e0 volont\u00e9, changeant l&#039;utilisateur en un Homme-Feu.\" \/>\n<meta name=\"robots\" content=\"index, follow, max-snippet:-1, max-image-preview:large, max-video-preview:-1\" \/>\n<link rel=\"canonical\" href=\"https:\/\/boutique-one-piece.com\/de\/one-piece-figuren\/sabo-figuren\/one-piece-sabo-mera-mera-no-mi-figur\/\" \/>\n<meta property=\"og:locale\" content=\"de_DE\" \/>\n<meta property=\"og:type\" content=\"article\" \/>\n<meta property=\"og:title\" content=\"Figurine One Piece Sabo Mera Mera No Mi | Figurine One Piece \u2013 Boutique One Piece\" \/>\n<meta property=\"og:description\" content=\"Jeune pirate, le moment est venu pour toi de te procurer cette Figurine One Piece Sabo Mera Mera No Mi. Voici ce que tu dois savoir ; Le Mera Mera no Mi, est un Fruit du D\u00e9mon de type Logia, qui permet \u00e0 son utilisateur de cr\u00e9er, contr\u00f4ler et de se transformer en feu \u00e0 volont\u00e9, changeant l&#039;utilisateur en un Homme-Feu.\" \/>\n<meta property=\"og:url\" content=\"https:\/\/boutique-one-piece.com\/de\/one-piece-figuren\/sabo-figuren\/one-piece-sabo-mera-mera-no-mi-figur\/\" \/>\n<meta property=\"og:site_name\" content=\"Boutique One Piece\" \/>\n<meta property=\"article:modified_time\" content=\"2024-09-16T11:29:27+00:00\" \/>\n<meta property=\"og:image\" content=\"https:\/\/boutique-one-piece.com\/wp-content\/uploads\/2022\/09\/Figurine-One-Piece-Sabo-Mera-Mera-No-Mi-1.jpg\" \/>\n\t<meta property=\"og:image:width\" content=\"1125\" \/>\n\t<meta property=\"og:image:height\" content=\"1500\" \/>\n\t<meta property=\"og:image:type\" content=\"image\/jpeg\" \/>\n<meta name=\"twitter:card\" content=\"summary_large_image\" \/>\n<meta name=\"twitter:label1\" content=\"Gesch\u00e4tzte Lesezeit\" \/>\n\t<meta name=\"twitter:data1\" content=\"2\u00a0Minuten\" \/>\n<script type=\"application\/ld+json\" class=\"yoast-schema-graph\">{\"@context\":\"https:\\\/\\\/schema.org\",\"@graph\":[{\"@type\":\"WebPage\",\"@id\":\"https:\\\/\\\/boutique-one-piece.com\\\/figurines-one-piece\\\/figurines-sabo\\\/figurine-one-piece-sabo-mera-mera-no-mi\\\/\",\"url\":\"https:\\\/\\\/boutique-one-piece.com\\\/figurines-one-piece\\\/figurines-sabo\\\/figurine-one-piece-sabo-mera-mera-no-mi\\\/\",\"name\":\"Figurine One Piece Sabo Mera Mera No Mi | Figurine One Piece \u2013 Boutique One Piece\",\"isPartOf\":{\"@id\":\"https:\\\/\\\/boutique-one-piece.com\\\/#website\"},\"primaryImageOfPage\":{\"@id\":\"https:\\\/\\\/boutique-one-piece.com\\\/figurines-one-piece\\\/figurines-sabo\\\/figurine-one-piece-sabo-mera-mera-no-mi\\\/#primaryimage\"},\"image\":{\"@id\":\"https:\\\/\\\/boutique-one-piece.com\\\/figurines-one-piece\\\/figurines-sabo\\\/figurine-one-piece-sabo-mera-mera-no-mi\\\/#primaryimage\"},\"thumbnailUrl\":\"https:\\\/\\\/boutique-one-piece.com\\\/wp-content\\\/uploads\\\/2022\\\/09\\\/Figurine-One-Piece-Sabo-Mera-Mera-No-Mi-1.jpg\",\"datePublished\":\"2022-09-27T20:16:06+00:00\",\"dateModified\":\"2024-09-16T11:29:27+00:00\",\"description\":\"Jeune pirate, le moment est venu pour toi de te procurer cette Figurine One Piece Sabo Mera Mera No Mi. Voici ce que tu dois savoir ; Le Mera Mera no Mi, est un Fruit du D\u00e9mon de type Logia, qui permet \u00e0 son utilisateur de cr\u00e9er, contr\u00f4ler et de se transformer en feu \u00e0 volont\u00e9, changeant l'utilisateur en un Homme-Feu.\",\"breadcrumb\":{\"@id\":\"https:\\\/\\\/boutique-one-piece.com\\\/figurines-one-piece\\\/figurines-sabo\\\/figurine-one-piece-sabo-mera-mera-no-mi\\\/#breadcrumb\"},\"inLanguage\":\"de\",\"potentialAction\":[{\"@type\":\"ReadAction\",\"target\":[\"https:\\\/\\\/boutique-one-piece.com\\\/figurines-one-piece\\\/figurines-sabo\\\/figurine-one-piece-sabo-mera-mera-no-mi\\\/\"]}]},{\"@type\":\"ImageObject\",\"inLanguage\":\"de\",\"@id\":\"https:\\\/\\\/boutique-one-piece.com\\\/figurines-one-piece\\\/figurines-sabo\\\/figurine-one-piece-sabo-mera-mera-no-mi\\\/#primaryimage\",\"url\":\"https:\\\/\\\/boutique-one-piece.com\\\/wp-content\\\/uploads\\\/2022\\\/09\\\/Figurine-One-Piece-Sabo-Mera-Mera-No-Mi-1.jpg\",\"contentUrl\":\"https:\\\/\\\/boutique-one-piece.com\\\/wp-content\\\/uploads\\\/2022\\\/09\\\/Figurine-One-Piece-Sabo-Mera-Mera-No-Mi-1.jpg\",\"width\":1125,\"height\":1500},{\"@type\":\"BreadcrumbList\",\"@id\":\"https:\\\/\\\/boutique-one-piece.com\\\/figurines-one-piece\\\/figurines-sabo\\\/figurine-one-piece-sabo-mera-mera-no-mi\\\/#breadcrumb\",\"itemListElement\":[{\"@type\":\"ListItem\",\"position\":1,\"name\":\"Home\",\"item\":\"https:\\\/\\\/boutique-one-piece.com\\\/\"},{\"@type\":\"ListItem\",\"position\":2,\"name\":\"Shop\",\"item\":\"https:\\\/\\\/boutique-one-piece.com\\\/shop\\\/\"},{\"@type\":\"ListItem\",\"position\":3,\"name\":\"Figurine One Piece Sabo Mera Mera No Mi\"}]},{\"@type\":\"WebSite\",\"@id\":\"https:\\\/\\\/boutique-one-piece.com\\\/#website\",\"url\":\"https:\\\/\\\/boutique-one-piece.com\\\/\",\"name\":\"Boutique One Piece\",\"description\":\"Magasin Sp\u00e9cialis\u00e9 du Manga et l&#039;Anime One Piece\",\"publisher\":{\"@id\":\"https:\\\/\\\/boutique-one-piece.com\\\/#organization\"},\"potentialAction\":[{\"@type\":\"SearchAction\",\"target\":{\"@type\":\"EntryPoint\",\"urlTemplate\":\"https:\\\/\\\/boutique-one-piece.com\\\/?s={search_term_string}\"},\"query-input\":{\"@type\":\"PropertyValueSpecification\",\"valueRequired\":true,\"valueName\":\"search_term_string\"}}],\"inLanguage\":\"de\"},{\"@type\":\"Organization\",\"@id\":\"https:\\\/\\\/boutique-one-piece.com\\\/#organization\",\"name\":\"Boutique One Piece\",\"url\":\"https:\\\/\\\/boutique-one-piece.com\\\/\",\"logo\":{\"@type\":\"ImageObject\",\"inLanguage\":\"de\",\"@id\":\"https:\\\/\\\/boutique-one-piece.com\\\/#\\\/schema\\\/logo\\\/image\\\/\",\"url\":\"https:\\\/\\\/boutique-one-piece.com\\\/wp-content\\\/uploads\\\/2022\\\/09\\\/Logo-01.png\",\"contentUrl\":\"https:\\\/\\\/boutique-one-piece.com\\\/wp-content\\\/uploads\\\/2022\\\/09\\\/Logo-01.png\",\"width\":2318,\"height\":957,\"caption\":\"Boutique One Piece\"},\"image\":{\"@id\":\"https:\\\/\\\/boutique-one-piece.com\\\/#\\\/schema\\\/logo\\\/image\\\/\"}}]}<\/script>\n<!-- \/ Yoast SEO plugin. -->","yoast_head_json":{"title":"One Piece Sabo Mera Mera No Mi Figur | One Piece Figur \u2013 One Piece Shop","description":"Junger Pirat, es ist soweit! Schnapp dir diese One Piece Sabo Mera Mera No Mi Figur. Hier die wichtigsten Infos: Die Mera Mera no Mi ist eine Logia-Teufelsfrucht, die es ihrem Nutzer erm\u00f6glicht, Feuer nach Belieben zu erzeugen, zu kontrollieren und sich in Feuer zu verwandeln \u2013 und ihn so in einen Feuermann verwandelt.","robots":{"index":"index","follow":"follow","max-snippet":"max-snippet:-1","max-image-preview":"max-image-preview:large","max-video-preview":"max-video-preview:-1"},"canonical":"https:\/\/boutique-one-piece.com\/de\/one-piece-figuren\/sabo-figuren\/one-piece-sabo-mera-mera-no-mi-figur\/","og_locale":"de_DE","og_type":"article","og_title":"Figurine One Piece Sabo Mera Mera No Mi | Figurine One Piece \u2013 Boutique One Piece","og_description":"Jeune pirate, le moment est venu pour toi de te procurer cette Figurine One Piece Sabo Mera Mera No Mi. Voici ce que tu dois savoir ; Le Mera Mera no Mi, est un Fruit du D\u00e9mon de type Logia, qui permet \u00e0 son utilisateur de cr\u00e9er, contr\u00f4ler et de se transformer en feu \u00e0 volont\u00e9, changeant l'utilisateur en un Homme-Feu.","og_url":"https:\/\/boutique-one-piece.com\/de\/one-piece-figuren\/sabo-figuren\/one-piece-sabo-mera-mera-no-mi-figur\/","og_site_name":"Boutique One Piece","article_modified_time":"2024-09-16T11:29:27+00:00","og_image":[{"width":1125,"height":1500,"url":"https:\/\/boutique-one-piece.com\/wp-content\/uploads\/2022\/09\/Figurine-One-Piece-Sabo-Mera-Mera-No-Mi-1.jpg","type":"image\/jpeg"}],"twitter_card":"summary_large_image","twitter_misc":{"Gesch\u00e4tzte Lesezeit":"2\u00a0Minuten"},"schema":{"@context":"https:\/\/schema.org","@graph":[{"@type":"WebPage","@id":"https:\/\/boutique-one-piece.com\/figurines-one-piece\/figurines-sabo\/figurine-one-piece-sabo-mera-mera-no-mi\/","url":"https:\/\/boutique-one-piece.com\/figurines-one-piece\/figurines-sabo\/figurine-one-piece-sabo-mera-mera-no-mi\/","name":"One Piece Sabo Mera Mera No Mi Figur | One Piece Figur \u2013 One Piece Shop","isPartOf":{"@id":"https:\/\/boutique-one-piece.com\/#website"},"primaryImageOfPage":{"@id":"https:\/\/boutique-one-piece.com\/figurines-one-piece\/figurines-sabo\/figurine-one-piece-sabo-mera-mera-no-mi\/#primaryimage"},"image":{"@id":"https:\/\/boutique-one-piece.com\/figurines-one-piece\/figurines-sabo\/figurine-one-piece-sabo-mera-mera-no-mi\/#primaryimage"},"thumbnailUrl":"https:\/\/boutique-one-piece.com\/wp-content\/uploads\/2022\/09\/Figurine-One-Piece-Sabo-Mera-Mera-No-Mi-1.jpg","datePublished":"2022-09-27T20:16:06+00:00","dateModified":"2024-09-16T11:29:27+00:00","description":"Junger Pirat, es ist soweit! Schnapp dir diese One Piece Sabo Mera Mera No Mi Figur. Hier die wichtigsten Infos: Die Mera Mera no Mi ist eine Logia-Teufelsfrucht, die es ihrem Nutzer erm\u00f6glicht, Feuer nach Belieben zu erzeugen, zu kontrollieren und sich in Feuer zu verwandeln \u2013 und ihn so in einen Feuermann verwandelt.","breadcrumb":{"@id":"https:\/\/boutique-one-piece.com\/figurines-one-piece\/figurines-sabo\/figurine-one-piece-sabo-mera-mera-no-mi\/#breadcrumb"},"inLanguage":"de","potentialAction":[{"@type":"ReadAction","target":["https:\/\/boutique-one-piece.com\/figurines-one-piece\/figurines-sabo\/figurine-one-piece-sabo-mera-mera-no-mi\/"]}]},{"@type":"ImageObject","inLanguage":"de","@id":"https:\/\/boutique-one-piece.com\/figurines-one-piece\/figurines-sabo\/figurine-one-piece-sabo-mera-mera-no-mi\/#primaryimage","url":"https:\/\/boutique-one-piece.com\/wp-content\/uploads\/2022\/09\/Figurine-One-Piece-Sabo-Mera-Mera-No-Mi-1.jpg","contentUrl":"https:\/\/boutique-one-piece.com\/wp-content\/uploads\/2022\/09\/Figurine-One-Piece-Sabo-Mera-Mera-No-Mi-1.jpg","width":1125,"height":1500},{"@type":"BreadcrumbList","@id":"https:\/\/boutique-one-piece.com\/figurines-one-piece\/figurines-sabo\/figurine-one-piece-sabo-mera-mera-no-mi\/#breadcrumb","itemListElement":[{"@type":"ListItem","position":1,"name":"Home","item":"https:\/\/boutique-one-piece.com\/"},{"@type":"ListItem","position":2,"name":"Shop","item":"https:\/\/boutique-one-piece.com\/shop\/"},{"@type":"ListItem","position":3,"name":"Figurine One Piece Sabo Mera Mera No Mi"}]},{"@type":"WebSite","@id":"https:\/\/boutique-one-piece.com\/#website","url":"https:\/\/boutique-one-piece.com\/","name":"One Piece Shop","description":"Fachgesch\u00e4ft f\u00fcr One Piece Manga und Anime","publisher":{"@id":"https:\/\/boutique-one-piece.com\/#organization"},"potentialAction":[{"@type":"SearchAction","target":{"@type":"EntryPoint","urlTemplate":"https:\/\/boutique-one-piece.com\/?s={search_term_string}"},"query-input":{"@type":"PropertyValueSpecification","valueRequired":true,"valueName":"search_term_string"}}],"inLanguage":"de"},{"@type":"Organization","@id":"https:\/\/boutique-one-piece.com\/#organization","name":"One Piece Shop","url":"https:\/\/boutique-one-piece.com\/","logo":{"@type":"ImageObject","inLanguage":"de","@id":"https:\/\/boutique-one-piece.com\/#\/schema\/logo\/image\/","url":"https:\/\/boutique-one-piece.com\/wp-content\/uploads\/2022\/09\/Logo-01.png","contentUrl":"https:\/\/boutique-one-piece.com\/wp-content\/uploads\/2022\/09\/Logo-01.png","width":2318,"height":957,"caption":"Boutique One Piece"},"image":{"@id":"https:\/\/boutique-one-piece.com\/#\/schema\/logo\/image\/"}}]}},"_links":{"self":[{"href":"https:\/\/boutique-one-piece.com\/de\/wp-json\/wp\/v2\/product\/8887","targetHints":{"allow":["GET"]}}],"collection":[{"href":"https:\/\/boutique-one-piece.com\/de\/wp-json\/wp\/v2\/product"}],"about":[{"href":"https:\/\/boutique-one-piece.com\/de\/wp-json\/wp\/v2\/types\/product"}],"replies":[{"embeddable":true,"href":"https:\/\/boutique-one-piece.com\/de\/wp-json\/wp\/v2\/comments?post=8887"}],"wp:featuredmedia":[{"embeddable":true,"href":"https:\/\/boutique-one-piece.com\/de\/wp-json\/wp\/v2\/media\/8889"}],"wp:attachment":[{"href":"https:\/\/boutique-one-piece.com\/de\/wp-json\/wp\/v2\/media?parent=8887"}],"wp:term":[{"taxonomy":"product_brand","embeddable":true,"href":"https:\/\/boutique-one-piece.com\/de\/wp-json\/wp\/v2\/product_brand?post=8887"},{"taxonomy":"product_cat","embeddable":true,"href":"https:\/\/boutique-one-piece.com\/de\/wp-json\/wp\/v2\/product_cat?post=8887"},{"taxonomy":"product_tag","embeddable":true,"href":"https:\/\/boutique-one-piece.com\/de\/wp-json\/wp\/v2\/product_tag?post=8887"}],"curies":[{"name":"wp","href":"https:\/\/api.w.org\/{rel}","templated":true}]}}