{"id":9048,"date":"2022-09-27T20:17:16","date_gmt":"2022-09-27T20:17:16","guid":{"rendered":"https:\/\/boutique-one-piece.com\/uncategorized\/veste-one-piece-avis-de-recherche-mugiwara-no-luffy\/"},"modified":"2025-04-11T14:57:21","modified_gmt":"2025-04-11T14:57:21","slug":"one-piece-jacke-steckbrief-fur-mugiwara-no-ruffy","status":"publish","type":"product","link":"https:\/\/boutique-one-piece.com\/de\/einteilige-kleidung\/einteilige-jacken\/one-piece-jacke-steckbrief-fur-mugiwara-no-ruffy\/","title":{"rendered":"One Piece Wanted Jacket - Mugiwara no Luffy"},"content":{"rendered":"<h2 data-mce-fragment=\"1\">Jackeninformationen:&nbsp;<\/h2>\n<ul data-mce-fragment=\"1\">\n<li data-mce-fragment=\"1\">&nbsp;<strong data-mce-fragment=\"1\">Hochwertige Kapuzenjacke&nbsp;<\/strong>: hat ein&nbsp;<strong data-mce-fragment=\"1\">hohes Grammatur<\/strong>, mit hochwertigen Materialien<\/li>\n<\/ul>\n<ul data-mce-fragment=\"1\">\n<li data-mce-fragment=\"1\">\n<strong data-mce-fragment=\"1\">Sehr komfortabel&nbsp;<\/strong>: mit<span data-mce-fragment=\"1\">&nbsp;<\/span>sein&nbsp;<strong data-mce-fragment=\"1\">Fasern<\/strong>&nbsp;von&nbsp;<strong data-mce-fragment=\"1\">Baumwolle<\/strong>&nbsp;Gro\u00dfartig&nbsp;<strong data-mce-fragment=\"1\">weich<\/strong>, Es gibt keins&nbsp;<strong data-mce-fragment=\"1\">Reibung<\/strong><\/li>\n<\/ul>\n<ul data-mce-fragment=\"1\">\n<li data-mce-fragment=\"1\">\n<strong data-mce-fragment=\"1\">3D-Digitaldruck<\/strong>&nbsp;:&nbsp;<strong data-mce-fragment=\"1\">bedruckte Jacke<\/strong>&nbsp;mit einem originellen Design,&nbsp;<strong data-mce-fragment=\"1\">Leinwanddruck<\/strong><\/li>\n<\/ul>\n<ul data-mce-fragment=\"1\">\n<li data-mce-fragment=\"1\">\n<strong data-mce-fragment=\"1\">Bio-Baumwolle&nbsp;<\/strong>: hochwertige Baumwolle mit&nbsp;<strong data-mce-fragment=\"1\">extra lange Fasern<\/strong><\/li>\n<\/ul>\n<ul data-mce-fragment=\"1\">\n<li data-mce-fragment=\"1\">\n<strong data-mce-fragment=\"1\">Kostenloser Versand&nbsp;<\/strong>f\u00fcr jeden Kauf<\/li>\n<\/ul>","protected":false},"excerpt":{"rendered":"<p>Jackeninformationen: Premium-Kapuzenjacke: Hochwertiger, schwerer Stoff. Sehr komfortabel: Superweiche Baumwollfasern verhindern Reibung. 3D-Digitaldruck: Jacke mit originellem Design bedruckt. Canvas-Druck. Bio-Baumwolle: Hochwertige Baumwolle mit extra langen Fasern. Kostenloser Versand f\u00fcr alle Bestellungen.<\/p>","protected":false},"featured_media":9050,"comment_status":"open","ping_status":"open","template":"","meta":[],"product_brand":[],"product_cat":[183],"product_tag":[],"class_list":{"0":"post-9048","1":"product","2":"type-product","3":"status-publish","4":"has-post-thumbnail","6":"product_cat-vestes-one-piece","8":"first","9":"instock","10":"purchasable","11":"product-type-variable"},"yoast_head":"<!-- This site is optimized with the Yoast SEO plugin v27.5 - https:\/\/yoast.com\/product\/yoast-seo-wordpress\/ -->\n<title>Veste One Piece Avis de Recherche Mugiwara no Luffy | Veste One Piece<\/title>\n<meta name=\"description\" content=\"Informations sur la Veste :\u00a0 \u00a0Veste \u00e0 capuche\u00a0de qualit\u00e9 sup\u00e9rieure\u00a0:\u00a0poss\u00e8de un\u00a0grammage \u00e9lev\u00e9, avec des mat\u00e9riaux de qualit\u00e9s Tr\u00e8s confortable\u00a0: avec\u00a0ses\u00a0fibres\u00a0de\u00a0coton\u00a0super\u00a0doux, il n&#039;y a pas\u00a0de\u00a0frottements Impression digitale 3D\u00a0:\u00a0veste\u00a0imprim\u00e9e\u00a0avec un design original,\u00a0Impression Canvas Coton\u00a0organique\u00a0: coton d\" \/>\n<meta name=\"robots\" content=\"index, follow, max-snippet:-1, max-image-preview:large, max-video-preview:-1\" \/>\n<link rel=\"canonical\" href=\"https:\/\/boutique-one-piece.com\/de\/einteilige-kleidung\/einteilige-jacken\/one-piece-jacke-steckbrief-fur-mugiwara-no-ruffy\/\" \/>\n<meta property=\"og:locale\" content=\"de_DE\" \/>\n<meta property=\"og:type\" content=\"article\" \/>\n<meta property=\"og:title\" content=\"Veste One Piece Avis de Recherche Mugiwara no Luffy | Veste One Piece\" \/>\n<meta property=\"og:description\" content=\"Informations sur la Veste :\u00a0 \u00a0Veste \u00e0 capuche\u00a0de qualit\u00e9 sup\u00e9rieure\u00a0:\u00a0poss\u00e8de un\u00a0grammage \u00e9lev\u00e9, avec des mat\u00e9riaux de qualit\u00e9s Tr\u00e8s confortable\u00a0: avec\u00a0ses\u00a0fibres\u00a0de\u00a0coton\u00a0super\u00a0doux, il n&#039;y a pas\u00a0de\u00a0frottements Impression digitale 3D\u00a0:\u00a0veste\u00a0imprim\u00e9e\u00a0avec un design original,\u00a0Impression Canvas Coton\u00a0organique\u00a0: coton d\" \/>\n<meta property=\"og:url\" content=\"https:\/\/boutique-one-piece.com\/de\/einteilige-kleidung\/einteilige-jacken\/one-piece-jacke-steckbrief-fur-mugiwara-no-ruffy\/\" \/>\n<meta property=\"og:site_name\" content=\"Boutique One Piece\" \/>\n<meta property=\"article:modified_time\" content=\"2025-04-11T14:57:21+00:00\" \/>\n<meta property=\"og:image\" content=\"https:\/\/boutique-one-piece.com\/wp-content\/uploads\/2022\/09\/Veste-One-Piece-Avis-de-Recherche-Mugiwara-no-Luffy.jpg\" \/>\n\t<meta property=\"og:image:width\" content=\"640\" \/>\n\t<meta property=\"og:image:height\" content=\"640\" \/>\n\t<meta property=\"og:image:type\" content=\"image\/jpeg\" \/>\n<meta name=\"twitter:card\" content=\"summary_large_image\" \/>\n<meta name=\"twitter:label1\" content=\"Gesch\u00e4tzte Lesezeit\" \/>\n\t<meta name=\"twitter:data1\" content=\"1\u00a0Minute\" \/>\n<script type=\"application\/ld+json\" class=\"yoast-schema-graph\">{\"@context\":\"https:\\\/\\\/schema.org\",\"@graph\":[{\"@type\":\"WebPage\",\"@id\":\"https:\\\/\\\/boutique-one-piece.com\\\/vetements-one-piece\\\/vestes-one-piece\\\/veste-one-piece-avis-de-recherche-mugiwara-no-luffy\\\/\",\"url\":\"https:\\\/\\\/boutique-one-piece.com\\\/vetements-one-piece\\\/vestes-one-piece\\\/veste-one-piece-avis-de-recherche-mugiwara-no-luffy\\\/\",\"name\":\"Veste One Piece Avis de Recherche Mugiwara no Luffy | Veste One Piece\",\"isPartOf\":{\"@id\":\"https:\\\/\\\/boutique-one-piece.com\\\/#website\"},\"primaryImageOfPage\":{\"@id\":\"https:\\\/\\\/boutique-one-piece.com\\\/vetements-one-piece\\\/vestes-one-piece\\\/veste-one-piece-avis-de-recherche-mugiwara-no-luffy\\\/#primaryimage\"},\"image\":{\"@id\":\"https:\\\/\\\/boutique-one-piece.com\\\/vetements-one-piece\\\/vestes-one-piece\\\/veste-one-piece-avis-de-recherche-mugiwara-no-luffy\\\/#primaryimage\"},\"thumbnailUrl\":\"https:\\\/\\\/boutique-one-piece.com\\\/wp-content\\\/uploads\\\/2022\\\/09\\\/Veste-One-Piece-Avis-de-Recherche-Mugiwara-no-Luffy.jpg\",\"datePublished\":\"2022-09-27T20:17:16+00:00\",\"dateModified\":\"2025-04-11T14:57:21+00:00\",\"description\":\"Informations sur la Veste :\u00a0 \u00a0Veste \u00e0 capuche\u00a0de qualit\u00e9 sup\u00e9rieure\u00a0:\u00a0poss\u00e8de un\u00a0grammage \u00e9lev\u00e9, avec des mat\u00e9riaux de qualit\u00e9s Tr\u00e8s confortable\u00a0: avec\u00a0ses\u00a0fibres\u00a0de\u00a0coton\u00a0super\u00a0doux, il n'y a pas\u00a0de\u00a0frottements Impression digitale 3D\u00a0:\u00a0veste\u00a0imprim\u00e9e\u00a0avec un design original,\u00a0Impression Canvas Coton\u00a0organique\u00a0: coton d\",\"breadcrumb\":{\"@id\":\"https:\\\/\\\/boutique-one-piece.com\\\/vetements-one-piece\\\/vestes-one-piece\\\/veste-one-piece-avis-de-recherche-mugiwara-no-luffy\\\/#breadcrumb\"},\"inLanguage\":\"de\",\"potentialAction\":[{\"@type\":\"ReadAction\",\"target\":[\"https:\\\/\\\/boutique-one-piece.com\\\/vetements-one-piece\\\/vestes-one-piece\\\/veste-one-piece-avis-de-recherche-mugiwara-no-luffy\\\/\"]}]},{\"@type\":\"ImageObject\",\"inLanguage\":\"de\",\"@id\":\"https:\\\/\\\/boutique-one-piece.com\\\/vetements-one-piece\\\/vestes-one-piece\\\/veste-one-piece-avis-de-recherche-mugiwara-no-luffy\\\/#primaryimage\",\"url\":\"https:\\\/\\\/boutique-one-piece.com\\\/wp-content\\\/uploads\\\/2022\\\/09\\\/Veste-One-Piece-Avis-de-Recherche-Mugiwara-no-Luffy.jpg\",\"contentUrl\":\"https:\\\/\\\/boutique-one-piece.com\\\/wp-content\\\/uploads\\\/2022\\\/09\\\/Veste-One-Piece-Avis-de-Recherche-Mugiwara-no-Luffy.jpg\",\"width\":640,\"height\":640,\"caption\":\"Veste One Piece Avis de Recherche Mugiwara no Luffy Noire 5XL\"},{\"@type\":\"BreadcrumbList\",\"@id\":\"https:\\\/\\\/boutique-one-piece.com\\\/vetements-one-piece\\\/vestes-one-piece\\\/veste-one-piece-avis-de-recherche-mugiwara-no-luffy\\\/#breadcrumb\",\"itemListElement\":[{\"@type\":\"ListItem\",\"position\":1,\"name\":\"Home\",\"item\":\"https:\\\/\\\/boutique-one-piece.com\\\/\"},{\"@type\":\"ListItem\",\"position\":2,\"name\":\"Shop\",\"item\":\"https:\\\/\\\/boutique-one-piece.com\\\/shop\\\/\"},{\"@type\":\"ListItem\",\"position\":3,\"name\":\"Veste One Piece Avis de Recherche Mugiwara no Luffy\"}]},{\"@type\":\"WebSite\",\"@id\":\"https:\\\/\\\/boutique-one-piece.com\\\/#website\",\"url\":\"https:\\\/\\\/boutique-one-piece.com\\\/\",\"name\":\"Boutique One Piece\",\"description\":\"Magasin Sp\u00e9cialis\u00e9 du Manga et l&#039;Anime One Piece\",\"publisher\":{\"@id\":\"https:\\\/\\\/boutique-one-piece.com\\\/#organization\"},\"potentialAction\":[{\"@type\":\"SearchAction\",\"target\":{\"@type\":\"EntryPoint\",\"urlTemplate\":\"https:\\\/\\\/boutique-one-piece.com\\\/?s={search_term_string}\"},\"query-input\":{\"@type\":\"PropertyValueSpecification\",\"valueRequired\":true,\"valueName\":\"search_term_string\"}}],\"inLanguage\":\"de\"},{\"@type\":\"Organization\",\"@id\":\"https:\\\/\\\/boutique-one-piece.com\\\/#organization\",\"name\":\"Boutique One Piece\",\"url\":\"https:\\\/\\\/boutique-one-piece.com\\\/\",\"logo\":{\"@type\":\"ImageObject\",\"inLanguage\":\"de\",\"@id\":\"https:\\\/\\\/boutique-one-piece.com\\\/#\\\/schema\\\/logo\\\/image\\\/\",\"url\":\"https:\\\/\\\/boutique-one-piece.com\\\/wp-content\\\/uploads\\\/2022\\\/09\\\/Logo-01.png\",\"contentUrl\":\"https:\\\/\\\/boutique-one-piece.com\\\/wp-content\\\/uploads\\\/2022\\\/09\\\/Logo-01.png\",\"width\":2318,\"height\":957,\"caption\":\"Boutique One Piece\"},\"image\":{\"@id\":\"https:\\\/\\\/boutique-one-piece.com\\\/#\\\/schema\\\/logo\\\/image\\\/\"}}]}<\/script>\n<!-- \/ Yoast SEO plugin. -->","yoast_head_json":{"title":"One Piece Jacke gesucht Mugiwara no Ruffy | One Piece Jacke","description":"Jackeninformationen: Premium-Kapuzenjacke: Hohes Gewicht, gefertigt aus hochwertigen Materialien. Sehr komfortabel: Dank der superweichen Baumwollfasern entsteht kein Scheuern. 3D-Digitaldruck: Jacke mit originellem Canvas-Print. Bio-Baumwolle: Baumwolle aus","robots":{"index":"index","follow":"follow","max-snippet":"max-snippet:-1","max-image-preview":"max-image-preview:large","max-video-preview":"max-video-preview:-1"},"canonical":"https:\/\/boutique-one-piece.com\/de\/einteilige-kleidung\/einteilige-jacken\/one-piece-jacke-steckbrief-fur-mugiwara-no-ruffy\/","og_locale":"de_DE","og_type":"article","og_title":"Veste One Piece Avis de Recherche Mugiwara no Luffy | Veste One Piece","og_description":"Informations sur la Veste :\u00a0 \u00a0Veste \u00e0 capuche\u00a0de qualit\u00e9 sup\u00e9rieure\u00a0:\u00a0poss\u00e8de un\u00a0grammage \u00e9lev\u00e9, avec des mat\u00e9riaux de qualit\u00e9s Tr\u00e8s confortable\u00a0: avec\u00a0ses\u00a0fibres\u00a0de\u00a0coton\u00a0super\u00a0doux, il n'y a pas\u00a0de\u00a0frottements Impression digitale 3D\u00a0:\u00a0veste\u00a0imprim\u00e9e\u00a0avec un design original,\u00a0Impression Canvas Coton\u00a0organique\u00a0: coton d","og_url":"https:\/\/boutique-one-piece.com\/de\/einteilige-kleidung\/einteilige-jacken\/one-piece-jacke-steckbrief-fur-mugiwara-no-ruffy\/","og_site_name":"Boutique One Piece","article_modified_time":"2025-04-11T14:57:21+00:00","og_image":[{"width":640,"height":640,"url":"https:\/\/boutique-one-piece.com\/wp-content\/uploads\/2022\/09\/Veste-One-Piece-Avis-de-Recherche-Mugiwara-no-Luffy.jpg","type":"image\/jpeg"}],"twitter_card":"summary_large_image","twitter_misc":{"Gesch\u00e4tzte Lesezeit":"1\u00a0Minute"},"schema":{"@context":"https:\/\/schema.org","@graph":[{"@type":"WebPage","@id":"https:\/\/boutique-one-piece.com\/vetements-one-piece\/vestes-one-piece\/veste-one-piece-avis-de-recherche-mugiwara-no-luffy\/","url":"https:\/\/boutique-one-piece.com\/vetements-one-piece\/vestes-one-piece\/veste-one-piece-avis-de-recherche-mugiwara-no-luffy\/","name":"One Piece Jacke gesucht Mugiwara no Ruffy | One Piece Jacke","isPartOf":{"@id":"https:\/\/boutique-one-piece.com\/#website"},"primaryImageOfPage":{"@id":"https:\/\/boutique-one-piece.com\/vetements-one-piece\/vestes-one-piece\/veste-one-piece-avis-de-recherche-mugiwara-no-luffy\/#primaryimage"},"image":{"@id":"https:\/\/boutique-one-piece.com\/vetements-one-piece\/vestes-one-piece\/veste-one-piece-avis-de-recherche-mugiwara-no-luffy\/#primaryimage"},"thumbnailUrl":"https:\/\/boutique-one-piece.com\/wp-content\/uploads\/2022\/09\/Veste-One-Piece-Avis-de-Recherche-Mugiwara-no-Luffy.jpg","datePublished":"2022-09-27T20:17:16+00:00","dateModified":"2025-04-11T14:57:21+00:00","description":"Jackeninformationen: Premium-Kapuzenjacke: Hohes Gewicht, gefertigt aus hochwertigen Materialien. Sehr komfortabel: Dank der superweichen Baumwollfasern entsteht kein Scheuern. 3D-Digitaldruck: Jacke mit originellem Canvas-Print. Bio-Baumwolle: Baumwolle aus","breadcrumb":{"@id":"https:\/\/boutique-one-piece.com\/vetements-one-piece\/vestes-one-piece\/veste-one-piece-avis-de-recherche-mugiwara-no-luffy\/#breadcrumb"},"inLanguage":"de","potentialAction":[{"@type":"ReadAction","target":["https:\/\/boutique-one-piece.com\/vetements-one-piece\/vestes-one-piece\/veste-one-piece-avis-de-recherche-mugiwara-no-luffy\/"]}]},{"@type":"ImageObject","inLanguage":"de","@id":"https:\/\/boutique-one-piece.com\/vetements-one-piece\/vestes-one-piece\/veste-one-piece-avis-de-recherche-mugiwara-no-luffy\/#primaryimage","url":"https:\/\/boutique-one-piece.com\/wp-content\/uploads\/2022\/09\/Veste-One-Piece-Avis-de-Recherche-Mugiwara-no-Luffy.jpg","contentUrl":"https:\/\/boutique-one-piece.com\/wp-content\/uploads\/2022\/09\/Veste-One-Piece-Avis-de-Recherche-Mugiwara-no-Luffy.jpg","width":640,"height":640,"caption":"Veste One Piece Avis de Recherche Mugiwara no Luffy Noire 5XL"},{"@type":"BreadcrumbList","@id":"https:\/\/boutique-one-piece.com\/vetements-one-piece\/vestes-one-piece\/veste-one-piece-avis-de-recherche-mugiwara-no-luffy\/#breadcrumb","itemListElement":[{"@type":"ListItem","position":1,"name":"Home","item":"https:\/\/boutique-one-piece.com\/"},{"@type":"ListItem","position":2,"name":"Shop","item":"https:\/\/boutique-one-piece.com\/shop\/"},{"@type":"ListItem","position":3,"name":"Veste One Piece Avis de Recherche Mugiwara no Luffy"}]},{"@type":"WebSite","@id":"https:\/\/boutique-one-piece.com\/#website","url":"https:\/\/boutique-one-piece.com\/","name":"One Piece Shop","description":"Fachgesch\u00e4ft f\u00fcr One Piece Manga und Anime","publisher":{"@id":"https:\/\/boutique-one-piece.com\/#organization"},"potentialAction":[{"@type":"SearchAction","target":{"@type":"EntryPoint","urlTemplate":"https:\/\/boutique-one-piece.com\/?s={search_term_string}"},"query-input":{"@type":"PropertyValueSpecification","valueRequired":true,"valueName":"search_term_string"}}],"inLanguage":"de"},{"@type":"Organization","@id":"https:\/\/boutique-one-piece.com\/#organization","name":"One Piece Shop","url":"https:\/\/boutique-one-piece.com\/","logo":{"@type":"ImageObject","inLanguage":"de","@id":"https:\/\/boutique-one-piece.com\/#\/schema\/logo\/image\/","url":"https:\/\/boutique-one-piece.com\/wp-content\/uploads\/2022\/09\/Logo-01.png","contentUrl":"https:\/\/boutique-one-piece.com\/wp-content\/uploads\/2022\/09\/Logo-01.png","width":2318,"height":957,"caption":"Boutique One Piece"},"image":{"@id":"https:\/\/boutique-one-piece.com\/#\/schema\/logo\/image\/"}}]}},"_links":{"self":[{"href":"https:\/\/boutique-one-piece.com\/de\/wp-json\/wp\/v2\/product\/9048","targetHints":{"allow":["GET"]}}],"collection":[{"href":"https:\/\/boutique-one-piece.com\/de\/wp-json\/wp\/v2\/product"}],"about":[{"href":"https:\/\/boutique-one-piece.com\/de\/wp-json\/wp\/v2\/types\/product"}],"replies":[{"embeddable":true,"href":"https:\/\/boutique-one-piece.com\/de\/wp-json\/wp\/v2\/comments?post=9048"}],"wp:featuredmedia":[{"embeddable":true,"href":"https:\/\/boutique-one-piece.com\/de\/wp-json\/wp\/v2\/media\/9050"}],"wp:attachment":[{"href":"https:\/\/boutique-one-piece.com\/de\/wp-json\/wp\/v2\/media?parent=9048"}],"wp:term":[{"taxonomy":"product_brand","embeddable":true,"href":"https:\/\/boutique-one-piece.com\/de\/wp-json\/wp\/v2\/product_brand?post=9048"},{"taxonomy":"product_cat","embeddable":true,"href":"https:\/\/boutique-one-piece.com\/de\/wp-json\/wp\/v2\/product_cat?post=9048"},{"taxonomy":"product_tag","embeddable":true,"href":"https:\/\/boutique-one-piece.com\/de\/wp-json\/wp\/v2\/product_tag?post=9048"}],"curies":[{"name":"wp","href":"https:\/\/api.w.org\/{rel}","templated":true}]}}