{"id":9282,"date":"2022-09-27T20:18:42","date_gmt":"2022-09-27T20:18:42","guid":{"rendered":"https:\/\/boutique-one-piece.com\/uncategorized\/figurine-one-piece-dead-or-alive-franky-nouveau-monde\/"},"modified":"2024-09-16T11:39:21","modified_gmt":"2024-09-16T11:39:21","slug":"one-piece-dead-or-alive-franky-new-world-figur","status":"publish","type":"product","link":"https:\/\/boutique-one-piece.com\/de\/one-piece-figuren\/franky-figuren\/one-piece-dead-or-alive-franky-new-world-figur\/","title":{"rendered":"One Piece Dead or Alive Franky New World Figur"},"content":{"rendered":"<h2>Junger Pirat, es ist an der Zeit, dass du dir diese One Piece Dead or Alive Franky New World Figur holst.<\/h2>\n<p>Zur Erinnerung: Franky, dessen richtiger Name ist <strong>Cutty Flam<\/strong>, est le charpentier de L\u2019\u00c9quipage du Chapeau de Paille. <strong>Franky<\/strong> est un cyborg recrut\u00e9 \u00e0 Water Seven et fut introduit dans l\u2019histoire comme \u00e9tant le chef de la Franky Family, un groupe de d\u00e9sosseurs de bateaux. Il est aussi <strong>der erste Cyborg<\/strong> war in der Serie vertreten.<\/p>\n<p>\u00c0 la requ\u00eate de la Franky Family, Franky se joindra \u00e0 L\u2019\u00c9quipage du Chapeau de Paille pour accomplir son r\u00eave. Concernant sa prime, elle \u00e9tait de 44.000.000 Berry avant l\u2019ellipse, celle-ci atteint d\u00e9sormais 94.000.000 apr\u00e8s les \u00e9v\u00e9nements survenus \u00e0 Dressrosa. D\u2019ailleurs si tu souhaites agrandir ta collection de figurines, la <a title=\"ONE PIECE DEAD OR ALIVE NAMI FIGUR AUF SOCKEL\" href=\"https:\/\/boutique-one-piece.com\/de\/one-piece-figuren\/produkte\/one-piece-dead-or-alive-nami-figur-auf-ihrem-sockel\/\" target=\"_blank\" rel=\"noopener\">Nami Wanted Figur<\/a> ist in Ihrer Reichweite.<\/p>\n<h3>Alors, conquis par la figurine \u00ab\u00a0Dead or Alive\u00a0\u00bb de Franky ? Si tel est le cas, n\u2019h\u00e9site plus et saute sur l\u2019occasion de devenir un membre \u00e0 part enti\u00e8re de l\u2019\u00c9quipage de Chapeau de Paille.<\/h3>\n<p>Ob eingefleischter Fan oder erfahrener Sammler \u2013 diese Artikel sind genau das Richtige f\u00fcr Sie. Sie eignen sich perfekt zum Verschenken, Dekorieren oder Sammeln und werden Ihre Sammlung bereichern. <strong>dein One Piece Universum<\/strong>. Junger Pirat, nimm dein Schicksal selbst in die Hand und erlebe viele Abenteuer an Bord der <strong>Tausend Sonnen<\/strong>.<\/p>\n<h2>Informationen zur Dead or Alive Franky New World Figur\u00a0<\/h2>\n<ul>\n<li><span><b><u>One Piece Figur<\/u><\/b>\u00a0: Figurine\u00a0 premium de l\u2019univers One Piece pour les vrais pirates<\/span><\/li>\n<\/ul>\n<ul>\n<li>\n<b>Gegenstand<\/b><span>\u00a0<\/span>PVC<\/li>\n<\/ul>\n<ul>\n<li><span><strong>Dimension<\/strong>\u00a016 cm<\/span><\/li>\n<\/ul>\n<ul>\n<li><span><strong>KOSTENLOSE LIEFERUNG<\/strong><\/span><\/li>\n<\/ul>","protected":false},"excerpt":{"rendered":"<p>Jeune pirate, le moment est venu pour toi de te procurer cette Figurine One Piece Dead or Alive Franky Nouveau Monde. Pour rappel, Franky, de son vrai nom Cutty Flam, est le charpentier de L\u2019\u00c9quipage du Chapeau de Paille. Franky est un cyborg recrut\u00e9 \u00e0 Water Seven et fut introduit dans l\u2019histoire comme \u00e9tant le [&hellip;]<\/p>","protected":false},"featured_media":9284,"comment_status":"open","ping_status":"open","template":"","meta":[],"product_brand":[],"product_cat":[281,76],"product_tag":[129],"class_list":{"0":"post-9282","1":"product","2":"type-product","3":"status-publish","4":"has-post-thumbnail","6":"product_cat-figurines-franky","7":"product_cat-figurines-one-piece","8":"product_tag-franky","10":"first","11":"instock","12":"purchasable","13":"product-type-simple"},"yoast_head":"<!-- This site is optimized with the Yoast SEO plugin v27.5 - https:\/\/yoast.com\/product\/yoast-seo-wordpress\/ -->\n<title>Figurine One Piece Dead or Alive Franky Nouveau Monde | Figurine One Piece \u2013 Boutique One Piece<\/title>\n<meta name=\"description\" content=\"Jeune pirate, le moment est venu pour toi de te procurer cette Figurine One Piece Dead or Alive Franky Nouveau Monde. Pour rappel, Franky, de son vrai nom Cutty Flam, est le charpentier de L&#039;\u00c9quipage du Chapeau de Paille. Franky est un cyborg recrut\u00e9 \u00e0 Water Seven et fut introduit dans l&#039;histoire comme \u00e9tant le chef de\" \/>\n<meta name=\"robots\" content=\"index, follow, max-snippet:-1, max-image-preview:large, max-video-preview:-1\" \/>\n<link rel=\"canonical\" href=\"https:\/\/boutique-one-piece.com\/de\/one-piece-figuren\/franky-figuren\/one-piece-dead-or-alive-franky-new-world-figur\/\" \/>\n<meta property=\"og:locale\" content=\"de_DE\" \/>\n<meta property=\"og:type\" content=\"article\" \/>\n<meta property=\"og:title\" content=\"Figurine One Piece Dead or Alive Franky Nouveau Monde | Figurine One Piece \u2013 Boutique One Piece\" \/>\n<meta property=\"og:description\" content=\"Jeune pirate, le moment est venu pour toi de te procurer cette Figurine One Piece Dead or Alive Franky Nouveau Monde. Pour rappel, Franky, de son vrai nom Cutty Flam, est le charpentier de L&#039;\u00c9quipage du Chapeau de Paille. Franky est un cyborg recrut\u00e9 \u00e0 Water Seven et fut introduit dans l&#039;histoire comme \u00e9tant le chef de\" \/>\n<meta property=\"og:url\" content=\"https:\/\/boutique-one-piece.com\/de\/one-piece-figuren\/franky-figuren\/one-piece-dead-or-alive-franky-new-world-figur\/\" \/>\n<meta property=\"og:site_name\" content=\"Boutique One Piece\" \/>\n<meta property=\"article:modified_time\" content=\"2024-09-16T11:39:21+00:00\" \/>\n<meta property=\"og:image\" content=\"https:\/\/boutique-one-piece.com\/wp-content\/uploads\/2022\/09\/Figurine-One-Piece-Dead-or-Alive-Franky-Nouveau-Monde.jpg\" \/>\n\t<meta property=\"og:image:width\" content=\"640\" \/>\n\t<meta property=\"og:image:height\" content=\"640\" \/>\n\t<meta property=\"og:image:type\" content=\"image\/jpeg\" \/>\n<meta name=\"twitter:card\" content=\"summary_large_image\" \/>\n<meta name=\"twitter:label1\" content=\"Gesch\u00e4tzte Lesezeit\" \/>\n\t<meta name=\"twitter:data1\" content=\"2\u00a0Minuten\" \/>\n<script type=\"application\/ld+json\" class=\"yoast-schema-graph\">{\"@context\":\"https:\\\/\\\/schema.org\",\"@graph\":[{\"@type\":\"WebPage\",\"@id\":\"https:\\\/\\\/boutique-one-piece.com\\\/figurines-one-piece\\\/figurines-franky\\\/figurine-one-piece-dead-or-alive-franky-nouveau-monde\\\/\",\"url\":\"https:\\\/\\\/boutique-one-piece.com\\\/figurines-one-piece\\\/figurines-franky\\\/figurine-one-piece-dead-or-alive-franky-nouveau-monde\\\/\",\"name\":\"Figurine One Piece Dead or Alive Franky Nouveau Monde | Figurine One Piece \u2013 Boutique One Piece\",\"isPartOf\":{\"@id\":\"https:\\\/\\\/boutique-one-piece.com\\\/#website\"},\"primaryImageOfPage\":{\"@id\":\"https:\\\/\\\/boutique-one-piece.com\\\/figurines-one-piece\\\/figurines-franky\\\/figurine-one-piece-dead-or-alive-franky-nouveau-monde\\\/#primaryimage\"},\"image\":{\"@id\":\"https:\\\/\\\/boutique-one-piece.com\\\/figurines-one-piece\\\/figurines-franky\\\/figurine-one-piece-dead-or-alive-franky-nouveau-monde\\\/#primaryimage\"},\"thumbnailUrl\":\"https:\\\/\\\/boutique-one-piece.com\\\/wp-content\\\/uploads\\\/2022\\\/09\\\/Figurine-One-Piece-Dead-or-Alive-Franky-Nouveau-Monde.jpg\",\"datePublished\":\"2022-09-27T20:18:42+00:00\",\"dateModified\":\"2024-09-16T11:39:21+00:00\",\"description\":\"Jeune pirate, le moment est venu pour toi de te procurer cette Figurine One Piece Dead or Alive Franky Nouveau Monde. Pour rappel, Franky, de son vrai nom Cutty Flam, est le charpentier de L'\u00c9quipage du Chapeau de Paille. Franky est un cyborg recrut\u00e9 \u00e0 Water Seven et fut introduit dans l'histoire comme \u00e9tant le chef de\",\"breadcrumb\":{\"@id\":\"https:\\\/\\\/boutique-one-piece.com\\\/figurines-one-piece\\\/figurines-franky\\\/figurine-one-piece-dead-or-alive-franky-nouveau-monde\\\/#breadcrumb\"},\"inLanguage\":\"de\",\"potentialAction\":[{\"@type\":\"ReadAction\",\"target\":[\"https:\\\/\\\/boutique-one-piece.com\\\/figurines-one-piece\\\/figurines-franky\\\/figurine-one-piece-dead-or-alive-franky-nouveau-monde\\\/\"]}]},{\"@type\":\"ImageObject\",\"inLanguage\":\"de\",\"@id\":\"https:\\\/\\\/boutique-one-piece.com\\\/figurines-one-piece\\\/figurines-franky\\\/figurine-one-piece-dead-or-alive-franky-nouveau-monde\\\/#primaryimage\",\"url\":\"https:\\\/\\\/boutique-one-piece.com\\\/wp-content\\\/uploads\\\/2022\\\/09\\\/Figurine-One-Piece-Dead-or-Alive-Franky-Nouveau-Monde.jpg\",\"contentUrl\":\"https:\\\/\\\/boutique-one-piece.com\\\/wp-content\\\/uploads\\\/2022\\\/09\\\/Figurine-One-Piece-Dead-or-Alive-Franky-Nouveau-Monde.jpg\",\"width\":640,\"height\":640,\"caption\":\"Figurine One Piece Dead or Alive Franky Nouveau Monde Default Title\"},{\"@type\":\"BreadcrumbList\",\"@id\":\"https:\\\/\\\/boutique-one-piece.com\\\/figurines-one-piece\\\/figurines-franky\\\/figurine-one-piece-dead-or-alive-franky-nouveau-monde\\\/#breadcrumb\",\"itemListElement\":[{\"@type\":\"ListItem\",\"position\":1,\"name\":\"Home\",\"item\":\"https:\\\/\\\/boutique-one-piece.com\\\/\"},{\"@type\":\"ListItem\",\"position\":2,\"name\":\"Shop\",\"item\":\"https:\\\/\\\/boutique-one-piece.com\\\/shop\\\/\"},{\"@type\":\"ListItem\",\"position\":3,\"name\":\"Figurine One Piece Dead or Alive Franky Nouveau Monde\"}]},{\"@type\":\"WebSite\",\"@id\":\"https:\\\/\\\/boutique-one-piece.com\\\/#website\",\"url\":\"https:\\\/\\\/boutique-one-piece.com\\\/\",\"name\":\"Boutique One Piece\",\"description\":\"Magasin Sp\u00e9cialis\u00e9 du Manga et l&#039;Anime One Piece\",\"publisher\":{\"@id\":\"https:\\\/\\\/boutique-one-piece.com\\\/#organization\"},\"potentialAction\":[{\"@type\":\"SearchAction\",\"target\":{\"@type\":\"EntryPoint\",\"urlTemplate\":\"https:\\\/\\\/boutique-one-piece.com\\\/?s={search_term_string}\"},\"query-input\":{\"@type\":\"PropertyValueSpecification\",\"valueRequired\":true,\"valueName\":\"search_term_string\"}}],\"inLanguage\":\"de\"},{\"@type\":\"Organization\",\"@id\":\"https:\\\/\\\/boutique-one-piece.com\\\/#organization\",\"name\":\"Boutique One Piece\",\"url\":\"https:\\\/\\\/boutique-one-piece.com\\\/\",\"logo\":{\"@type\":\"ImageObject\",\"inLanguage\":\"de\",\"@id\":\"https:\\\/\\\/boutique-one-piece.com\\\/#\\\/schema\\\/logo\\\/image\\\/\",\"url\":\"https:\\\/\\\/boutique-one-piece.com\\\/wp-content\\\/uploads\\\/2022\\\/09\\\/Logo-01.png\",\"contentUrl\":\"https:\\\/\\\/boutique-one-piece.com\\\/wp-content\\\/uploads\\\/2022\\\/09\\\/Logo-01.png\",\"width\":2318,\"height\":957,\"caption\":\"Boutique One Piece\"},\"image\":{\"@id\":\"https:\\\/\\\/boutique-one-piece.com\\\/#\\\/schema\\\/logo\\\/image\\\/\"}}]}<\/script>\n<!-- \/ Yoast SEO plugin. -->","yoast_head_json":{"title":"One Piece Dead or Alive Franky New World Figur | One Piece Figur \u2013 One Piece Shop","description":"Junger Pirat, es ist an der Zeit, dir diese One Piece Dead or Alive Franky New World Figur zu sichern! Zur Erinnerung: Franky, dessen richtiger Name Cutty Flam ist, ist der Schiffszimmermann der Strohhutbande. Franky ist ein Cyborg, der in Water Seven rekrutiert wurde und in der Geschichte als Anf\u00fchrer der Strohhutbande eingef\u00fchrt wurde.","robots":{"index":"index","follow":"follow","max-snippet":"max-snippet:-1","max-image-preview":"max-image-preview:large","max-video-preview":"max-video-preview:-1"},"canonical":"https:\/\/boutique-one-piece.com\/de\/one-piece-figuren\/franky-figuren\/one-piece-dead-or-alive-franky-new-world-figur\/","og_locale":"de_DE","og_type":"article","og_title":"Figurine One Piece Dead or Alive Franky Nouveau Monde | Figurine One Piece \u2013 Boutique One Piece","og_description":"Jeune pirate, le moment est venu pour toi de te procurer cette Figurine One Piece Dead or Alive Franky Nouveau Monde. Pour rappel, Franky, de son vrai nom Cutty Flam, est le charpentier de L'\u00c9quipage du Chapeau de Paille. Franky est un cyborg recrut\u00e9 \u00e0 Water Seven et fut introduit dans l'histoire comme \u00e9tant le chef de","og_url":"https:\/\/boutique-one-piece.com\/de\/one-piece-figuren\/franky-figuren\/one-piece-dead-or-alive-franky-new-world-figur\/","og_site_name":"Boutique One Piece","article_modified_time":"2024-09-16T11:39:21+00:00","og_image":[{"width":640,"height":640,"url":"https:\/\/boutique-one-piece.com\/wp-content\/uploads\/2022\/09\/Figurine-One-Piece-Dead-or-Alive-Franky-Nouveau-Monde.jpg","type":"image\/jpeg"}],"twitter_card":"summary_large_image","twitter_misc":{"Gesch\u00e4tzte Lesezeit":"2\u00a0Minuten"},"schema":{"@context":"https:\/\/schema.org","@graph":[{"@type":"WebPage","@id":"https:\/\/boutique-one-piece.com\/figurines-one-piece\/figurines-franky\/figurine-one-piece-dead-or-alive-franky-nouveau-monde\/","url":"https:\/\/boutique-one-piece.com\/figurines-one-piece\/figurines-franky\/figurine-one-piece-dead-or-alive-franky-nouveau-monde\/","name":"One Piece Dead or Alive Franky New World Figur | One Piece Figur \u2013 One Piece Shop","isPartOf":{"@id":"https:\/\/boutique-one-piece.com\/#website"},"primaryImageOfPage":{"@id":"https:\/\/boutique-one-piece.com\/figurines-one-piece\/figurines-franky\/figurine-one-piece-dead-or-alive-franky-nouveau-monde\/#primaryimage"},"image":{"@id":"https:\/\/boutique-one-piece.com\/figurines-one-piece\/figurines-franky\/figurine-one-piece-dead-or-alive-franky-nouveau-monde\/#primaryimage"},"thumbnailUrl":"https:\/\/boutique-one-piece.com\/wp-content\/uploads\/2022\/09\/Figurine-One-Piece-Dead-or-Alive-Franky-Nouveau-Monde.jpg","datePublished":"2022-09-27T20:18:42+00:00","dateModified":"2024-09-16T11:39:21+00:00","description":"Junger Pirat, es ist an der Zeit, dir diese One Piece Dead or Alive Franky New World Figur zu sichern! Zur Erinnerung: Franky, dessen richtiger Name Cutty Flam ist, ist der Schiffszimmermann der Strohhutbande. Franky ist ein Cyborg, der in Water Seven rekrutiert wurde und in der Geschichte als Anf\u00fchrer der Strohhutbande eingef\u00fchrt wurde.","breadcrumb":{"@id":"https:\/\/boutique-one-piece.com\/figurines-one-piece\/figurines-franky\/figurine-one-piece-dead-or-alive-franky-nouveau-monde\/#breadcrumb"},"inLanguage":"de","potentialAction":[{"@type":"ReadAction","target":["https:\/\/boutique-one-piece.com\/figurines-one-piece\/figurines-franky\/figurine-one-piece-dead-or-alive-franky-nouveau-monde\/"]}]},{"@type":"ImageObject","inLanguage":"de","@id":"https:\/\/boutique-one-piece.com\/figurines-one-piece\/figurines-franky\/figurine-one-piece-dead-or-alive-franky-nouveau-monde\/#primaryimage","url":"https:\/\/boutique-one-piece.com\/wp-content\/uploads\/2022\/09\/Figurine-One-Piece-Dead-or-Alive-Franky-Nouveau-Monde.jpg","contentUrl":"https:\/\/boutique-one-piece.com\/wp-content\/uploads\/2022\/09\/Figurine-One-Piece-Dead-or-Alive-Franky-Nouveau-Monde.jpg","width":640,"height":640,"caption":"Figurine One Piece Dead or Alive Franky Nouveau Monde Default Title"},{"@type":"BreadcrumbList","@id":"https:\/\/boutique-one-piece.com\/figurines-one-piece\/figurines-franky\/figurine-one-piece-dead-or-alive-franky-nouveau-monde\/#breadcrumb","itemListElement":[{"@type":"ListItem","position":1,"name":"Home","item":"https:\/\/boutique-one-piece.com\/"},{"@type":"ListItem","position":2,"name":"Shop","item":"https:\/\/boutique-one-piece.com\/shop\/"},{"@type":"ListItem","position":3,"name":"Figurine One Piece Dead or Alive Franky Nouveau Monde"}]},{"@type":"WebSite","@id":"https:\/\/boutique-one-piece.com\/#website","url":"https:\/\/boutique-one-piece.com\/","name":"One Piece Shop","description":"Fachgesch\u00e4ft f\u00fcr One Piece Manga und Anime","publisher":{"@id":"https:\/\/boutique-one-piece.com\/#organization"},"potentialAction":[{"@type":"SearchAction","target":{"@type":"EntryPoint","urlTemplate":"https:\/\/boutique-one-piece.com\/?s={search_term_string}"},"query-input":{"@type":"PropertyValueSpecification","valueRequired":true,"valueName":"search_term_string"}}],"inLanguage":"de"},{"@type":"Organization","@id":"https:\/\/boutique-one-piece.com\/#organization","name":"One Piece Shop","url":"https:\/\/boutique-one-piece.com\/","logo":{"@type":"ImageObject","inLanguage":"de","@id":"https:\/\/boutique-one-piece.com\/#\/schema\/logo\/image\/","url":"https:\/\/boutique-one-piece.com\/wp-content\/uploads\/2022\/09\/Logo-01.png","contentUrl":"https:\/\/boutique-one-piece.com\/wp-content\/uploads\/2022\/09\/Logo-01.png","width":2318,"height":957,"caption":"Boutique One Piece"},"image":{"@id":"https:\/\/boutique-one-piece.com\/#\/schema\/logo\/image\/"}}]}},"_links":{"self":[{"href":"https:\/\/boutique-one-piece.com\/de\/wp-json\/wp\/v2\/product\/9282","targetHints":{"allow":["GET"]}}],"collection":[{"href":"https:\/\/boutique-one-piece.com\/de\/wp-json\/wp\/v2\/product"}],"about":[{"href":"https:\/\/boutique-one-piece.com\/de\/wp-json\/wp\/v2\/types\/product"}],"replies":[{"embeddable":true,"href":"https:\/\/boutique-one-piece.com\/de\/wp-json\/wp\/v2\/comments?post=9282"}],"wp:featuredmedia":[{"embeddable":true,"href":"https:\/\/boutique-one-piece.com\/de\/wp-json\/wp\/v2\/media\/9284"}],"wp:attachment":[{"href":"https:\/\/boutique-one-piece.com\/de\/wp-json\/wp\/v2\/media?parent=9282"}],"wp:term":[{"taxonomy":"product_brand","embeddable":true,"href":"https:\/\/boutique-one-piece.com\/de\/wp-json\/wp\/v2\/product_brand?post=9282"},{"taxonomy":"product_cat","embeddable":true,"href":"https:\/\/boutique-one-piece.com\/de\/wp-json\/wp\/v2\/product_cat?post=9282"},{"taxonomy":"product_tag","embeddable":true,"href":"https:\/\/boutique-one-piece.com\/de\/wp-json\/wp\/v2\/product_tag?post=9282"}],"curies":[{"name":"wp","href":"https:\/\/api.w.org\/{rel}","templated":true}]}}