{"id":9328,"date":"2022-09-27T20:19:09","date_gmt":"2022-09-27T20:19:09","guid":{"rendered":"https:\/\/boutique-one-piece.com\/uncategorized\/avis-de-recherche-crocodile-wanted\/"},"modified":"2024-09-16T11:40:33","modified_gmt":"2024-09-16T11:40:33","slug":"krokodil-steckbrief","status":"publish","type":"product","link":"https:\/\/boutique-one-piece.com\/de\/steckbrief-aus-one-piece\/krokodil-steckbrief\/","title":{"rendered":"Krokodil-Fahndungsaufruf"},"content":{"rendered":"<h2>As-tu particuli\u00e8rement l\u2019arc d\u2019Alabasta ? Dans ce cas, cet Avis de Recherche Crocodile Wanted va te faire plaisir.<\/h2>\n<p>Das Krokodil ist eines der <strong>Antagonisten<\/strong> Er ist der charismatischste und beliebteste Charakter in One Piece. Er a\u00df die Teufelsfrucht. <strong>Suna Suna no mi<\/strong> qui lui permet de se transformer en homme-sable et de contr\u00f4ler le sable comme il le d\u00e9sire. C\u2019est un <strong>Shichibukai<\/strong> qui profite de son statut pour ne pas \u00eatre emb\u00eat\u00e9 par la Marine et faire son trafic de \u00ab\u00a0Dance Powder\u00a0\u00bb pour gagner un maximum d\u2019argent. Celle-ci permet, quand on la tire sur un nuage, de faire tomber la pluie.<\/p>\n<p>Cela a pour cons\u00e9quence d\u2019ass\u00e9cher le pays puisque les nuages ne parviennent plus dans tout le pays et permet \u00e0 Crocodile de contr\u00f4ler la population en contr\u00f4lant l\u2019eau. C\u2019est ainsi qu\u2019il a pris le contr\u00f4le du pays, cr\u00e9ant une guerre civile contre l\u2019ancien roi d\u2019Alabasta.<\/p>\n<h3>D\u00e9core ta pi\u00e8ce avec cette prime sur la t\u00eate d\u2019un des meilleurs m\u00e9chants avant l\u2019ellipse, Crocodile.<\/h3>\n<p>C\u2019est lui qui est \u00e0 la t\u00eate de la <strong>Barockwerke<\/strong>, organisation criminelle dans laquelle sont d\u2019ailleurs Nico Robin sous le pseudonyme Miss Allsunday et Nefertari Vivi, qui est la princesse d\u2019Alabasta et a infiltr\u00e9 Baroque Works pour faire tomber Crocodile. Crocodile croisera la route de Luffy, qui, avec la princesse Nefertari Vivi, fera chuter Crocodile en le battant. Crocodile a une prime sur sa t\u00eate de 81 millions de Berry.<\/p>\n<p>Wenn du ein gro\u00dfer Fan von Kopfgeldjagden bist, solltest du dir das unbedingt ansehen. <a href=\"https:\/\/boutique-one-piece.com\/de\/baggy-fahndungsplakat\/\" target=\"_blank\" title=\"Baggy \u2013 Gesucht!\" rel=\"noopener noreferrer\">Baggy-Fahndungsplakat<\/a>.<\/p>\n<h2>Informations sur l\u2019Affiche One Piece Wanted\u00a0Crocodile<\/h2>\n<ul>\n<li><span><b><u>One Piece Steckbrief<\/u><\/b>\u00a0: v\u00e9ritable Avis De Recherche de l\u2019univers One Piece pour les vrais pirates<\/span><\/li>\n<\/ul>\n<ul>\n<li>\n<b><u>Krokodil-Premium<\/u><\/b>\u00a081.000.000 Beeren<\/li>\n<\/ul>\n<ul>\n<li><span><strong>Hochwertiger Druck<\/strong>\u00a0akkurate Farben<\/span><\/li>\n<\/ul>\n<ul>\n<li>\n<strong>Dimension<\/strong>\u00a0: 30 cm x 21 cm und 42 cm x 30 cm<\/li>\n<\/ul>\n<ul>\n<li><span><strong>KOSTENLOSE LIEFERUNG<\/strong><\/span><\/li>\n<\/ul>\n<div id=\"gtx-trans\" style=\"position: absolute; left: 678px; top: 49px;\">\n<div class=\"gtx-trans-icon\"><\/div>\n<\/div>","protected":false},"excerpt":{"rendered":"<p>As-tu particuli\u00e8rement l\u2019arc d\u2019Alabasta ? Dans ce cas, cet Avis de Recherche Crocodile Wanted va te faire plaisir. Crocodile est un des antagonistes les plus charismatiques et appr\u00e9ci\u00e9s de One Piece. Il a mang\u00e9 le fruit du d\u00e9mon du Suna Suna no mi qui lui permet de se transformer en homme-sable et de contr\u00f4ler le [&hellip;]<\/p>","protected":false},"featured_media":9330,"comment_status":"open","ping_status":"open","template":"","meta":[],"product_brand":[],"product_cat":[171],"product_tag":[],"class_list":{"0":"post-9328","1":"product","2":"type-product","3":"status-publish","4":"has-post-thumbnail","6":"product_cat-avis-de-recherche-one-piece","8":"first","9":"instock","10":"purchasable","11":"product-type-variable","12":"has-default-attributes"},"yoast_head":"<!-- This site is optimized with the Yoast SEO plugin v27.5 - https:\/\/yoast.com\/product\/yoast-seo-wordpress\/ -->\n<title>Avis De Recherche Crocodile Wanted | D\u00e9coration One Piece \u2013 Boutique One Piece<\/title>\n<meta name=\"description\" content=\"As-tu particuli\u00e8rement l&#039;arc d&#039;Alabasta ? Dans ce cas, cet Avis de Recherche Crocodile Wanted va te faire plaisir. Crocodile est un des antagonistes les plus charismatiques et appr\u00e9ci\u00e9s de One Piece. Il a mang\u00e9 le fruit du d\u00e9mon du Suna Suna no mi qui lui permet de se transformer en homme-sable et de contr\u00f4ler le sable\" \/>\n<meta name=\"robots\" content=\"index, follow, max-snippet:-1, max-image-preview:large, max-video-preview:-1\" \/>\n<link rel=\"canonical\" href=\"https:\/\/boutique-one-piece.com\/de\/steckbrief-aus-one-piece\/krokodil-steckbrief\/\" \/>\n<meta property=\"og:locale\" content=\"de_DE\" \/>\n<meta property=\"og:type\" content=\"article\" \/>\n<meta property=\"og:title\" content=\"Avis De Recherche Crocodile Wanted | D\u00e9coration One Piece \u2013 Boutique One Piece\" \/>\n<meta property=\"og:description\" content=\"As-tu particuli\u00e8rement l&#039;arc d&#039;Alabasta ? Dans ce cas, cet Avis de Recherche Crocodile Wanted va te faire plaisir. Crocodile est un des antagonistes les plus charismatiques et appr\u00e9ci\u00e9s de One Piece. Il a mang\u00e9 le fruit du d\u00e9mon du Suna Suna no mi qui lui permet de se transformer en homme-sable et de contr\u00f4ler le sable\" \/>\n<meta property=\"og:url\" content=\"https:\/\/boutique-one-piece.com\/de\/steckbrief-aus-one-piece\/krokodil-steckbrief\/\" \/>\n<meta property=\"og:site_name\" content=\"Boutique One Piece\" \/>\n<meta property=\"article:modified_time\" content=\"2024-09-16T11:40:33+00:00\" \/>\n<meta property=\"og:image\" content=\"https:\/\/boutique-one-piece.com\/wp-content\/uploads\/2022\/09\/Avis-De-Recherche-Crocodile-Wanted.jpg\" \/>\n\t<meta property=\"og:image:width\" content=\"800\" \/>\n\t<meta property=\"og:image:height\" content=\"800\" \/>\n\t<meta property=\"og:image:type\" content=\"image\/jpeg\" \/>\n<meta name=\"twitter:card\" content=\"summary_large_image\" \/>\n<meta name=\"twitter:label1\" content=\"Gesch\u00e4tzte Lesezeit\" \/>\n\t<meta name=\"twitter:data1\" content=\"2\u00a0Minuten\" \/>\n<script type=\"application\/ld+json\" class=\"yoast-schema-graph\">{\"@context\":\"https:\\\/\\\/schema.org\",\"@graph\":[{\"@type\":\"WebPage\",\"@id\":\"https:\\\/\\\/boutique-one-piece.com\\\/avis-de-recherche-one-piece\\\/avis-de-recherche-crocodile-wanted\\\/\",\"url\":\"https:\\\/\\\/boutique-one-piece.com\\\/avis-de-recherche-one-piece\\\/avis-de-recherche-crocodile-wanted\\\/\",\"name\":\"Avis De Recherche Crocodile Wanted | D\u00e9coration One Piece \u2013 Boutique One Piece\",\"isPartOf\":{\"@id\":\"https:\\\/\\\/boutique-one-piece.com\\\/#website\"},\"primaryImageOfPage\":{\"@id\":\"https:\\\/\\\/boutique-one-piece.com\\\/avis-de-recherche-one-piece\\\/avis-de-recherche-crocodile-wanted\\\/#primaryimage\"},\"image\":{\"@id\":\"https:\\\/\\\/boutique-one-piece.com\\\/avis-de-recherche-one-piece\\\/avis-de-recherche-crocodile-wanted\\\/#primaryimage\"},\"thumbnailUrl\":\"https:\\\/\\\/boutique-one-piece.com\\\/wp-content\\\/uploads\\\/2022\\\/09\\\/Avis-De-Recherche-Crocodile-Wanted.jpg\",\"datePublished\":\"2022-09-27T20:19:09+00:00\",\"dateModified\":\"2024-09-16T11:40:33+00:00\",\"description\":\"As-tu particuli\u00e8rement l'arc d'Alabasta ? Dans ce cas, cet Avis de Recherche Crocodile Wanted va te faire plaisir. Crocodile est un des antagonistes les plus charismatiques et appr\u00e9ci\u00e9s de One Piece. Il a mang\u00e9 le fruit du d\u00e9mon du Suna Suna no mi qui lui permet de se transformer en homme-sable et de contr\u00f4ler le sable\",\"breadcrumb\":{\"@id\":\"https:\\\/\\\/boutique-one-piece.com\\\/avis-de-recherche-one-piece\\\/avis-de-recherche-crocodile-wanted\\\/#breadcrumb\"},\"inLanguage\":\"de\",\"potentialAction\":[{\"@type\":\"ReadAction\",\"target\":[\"https:\\\/\\\/boutique-one-piece.com\\\/avis-de-recherche-one-piece\\\/avis-de-recherche-crocodile-wanted\\\/\"]}]},{\"@type\":\"ImageObject\",\"inLanguage\":\"de\",\"@id\":\"https:\\\/\\\/boutique-one-piece.com\\\/avis-de-recherche-one-piece\\\/avis-de-recherche-crocodile-wanted\\\/#primaryimage\",\"url\":\"https:\\\/\\\/boutique-one-piece.com\\\/wp-content\\\/uploads\\\/2022\\\/09\\\/Avis-De-Recherche-Crocodile-Wanted.jpg\",\"contentUrl\":\"https:\\\/\\\/boutique-one-piece.com\\\/wp-content\\\/uploads\\\/2022\\\/09\\\/Avis-De-Recherche-Crocodile-Wanted.jpg\",\"width\":800,\"height\":800,\"caption\":\"Avis De Recherche Crocodile Wanted 42X30cm\"},{\"@type\":\"BreadcrumbList\",\"@id\":\"https:\\\/\\\/boutique-one-piece.com\\\/avis-de-recherche-one-piece\\\/avis-de-recherche-crocodile-wanted\\\/#breadcrumb\",\"itemListElement\":[{\"@type\":\"ListItem\",\"position\":1,\"name\":\"Home\",\"item\":\"https:\\\/\\\/boutique-one-piece.com\\\/\"},{\"@type\":\"ListItem\",\"position\":2,\"name\":\"Shop\",\"item\":\"https:\\\/\\\/boutique-one-piece.com\\\/shop\\\/\"},{\"@type\":\"ListItem\",\"position\":3,\"name\":\"Avis De Recherche Crocodile Wanted\"}]},{\"@type\":\"WebSite\",\"@id\":\"https:\\\/\\\/boutique-one-piece.com\\\/#website\",\"url\":\"https:\\\/\\\/boutique-one-piece.com\\\/\",\"name\":\"Boutique One Piece\",\"description\":\"Magasin Sp\u00e9cialis\u00e9 du Manga et l&#039;Anime One Piece\",\"publisher\":{\"@id\":\"https:\\\/\\\/boutique-one-piece.com\\\/#organization\"},\"potentialAction\":[{\"@type\":\"SearchAction\",\"target\":{\"@type\":\"EntryPoint\",\"urlTemplate\":\"https:\\\/\\\/boutique-one-piece.com\\\/?s={search_term_string}\"},\"query-input\":{\"@type\":\"PropertyValueSpecification\",\"valueRequired\":true,\"valueName\":\"search_term_string\"}}],\"inLanguage\":\"de\"},{\"@type\":\"Organization\",\"@id\":\"https:\\\/\\\/boutique-one-piece.com\\\/#organization\",\"name\":\"Boutique One Piece\",\"url\":\"https:\\\/\\\/boutique-one-piece.com\\\/\",\"logo\":{\"@type\":\"ImageObject\",\"inLanguage\":\"de\",\"@id\":\"https:\\\/\\\/boutique-one-piece.com\\\/#\\\/schema\\\/logo\\\/image\\\/\",\"url\":\"https:\\\/\\\/boutique-one-piece.com\\\/wp-content\\\/uploads\\\/2022\\\/09\\\/Logo-01.png\",\"contentUrl\":\"https:\\\/\\\/boutique-one-piece.com\\\/wp-content\\\/uploads\\\/2022\\\/09\\\/Logo-01.png\",\"width\":2318,\"height\":957,\"caption\":\"Boutique One Piece\"},\"image\":{\"@id\":\"https:\\\/\\\/boutique-one-piece.com\\\/#\\\/schema\\\/logo\\\/image\\\/\"}}]}<\/script>\n<!-- \/ Yoast SEO plugin. -->","yoast_head_json":{"title":"Krokodil-Fahndungsaufruf | One Piece Dekoration \u2013 One Piece Shop","description":"Bist du ein gro\u00dfer Fan des Alabasta-Arcs? Dann ist dieses Steckbriefplakat von Crocodile genau das Richtige f\u00fcr dich! Crocodile ist einer der charismatischsten und beliebtesten Antagonisten in One Piece. Er a\u00df die Suna Suna no Mi Teufelsfrucht, die es ihm erm\u00f6glicht, sich in einen Sandmann zu verwandeln und Sand zu kontrollieren.","robots":{"index":"index","follow":"follow","max-snippet":"max-snippet:-1","max-image-preview":"max-image-preview:large","max-video-preview":"max-video-preview:-1"},"canonical":"https:\/\/boutique-one-piece.com\/de\/steckbrief-aus-one-piece\/krokodil-steckbrief\/","og_locale":"de_DE","og_type":"article","og_title":"Avis De Recherche Crocodile Wanted | D\u00e9coration One Piece \u2013 Boutique One Piece","og_description":"As-tu particuli\u00e8rement l'arc d'Alabasta ? Dans ce cas, cet Avis de Recherche Crocodile Wanted va te faire plaisir. Crocodile est un des antagonistes les plus charismatiques et appr\u00e9ci\u00e9s de One Piece. Il a mang\u00e9 le fruit du d\u00e9mon du Suna Suna no mi qui lui permet de se transformer en homme-sable et de contr\u00f4ler le sable","og_url":"https:\/\/boutique-one-piece.com\/de\/steckbrief-aus-one-piece\/krokodil-steckbrief\/","og_site_name":"Boutique One Piece","article_modified_time":"2024-09-16T11:40:33+00:00","og_image":[{"width":800,"height":800,"url":"https:\/\/boutique-one-piece.com\/wp-content\/uploads\/2022\/09\/Avis-De-Recherche-Crocodile-Wanted.jpg","type":"image\/jpeg"}],"twitter_card":"summary_large_image","twitter_misc":{"Gesch\u00e4tzte Lesezeit":"2\u00a0Minuten"},"schema":{"@context":"https:\/\/schema.org","@graph":[{"@type":"WebPage","@id":"https:\/\/boutique-one-piece.com\/avis-de-recherche-one-piece\/avis-de-recherche-crocodile-wanted\/","url":"https:\/\/boutique-one-piece.com\/avis-de-recherche-one-piece\/avis-de-recherche-crocodile-wanted\/","name":"Krokodil-Fahndungsaufruf | One Piece Dekoration \u2013 One Piece Shop","isPartOf":{"@id":"https:\/\/boutique-one-piece.com\/#website"},"primaryImageOfPage":{"@id":"https:\/\/boutique-one-piece.com\/avis-de-recherche-one-piece\/avis-de-recherche-crocodile-wanted\/#primaryimage"},"image":{"@id":"https:\/\/boutique-one-piece.com\/avis-de-recherche-one-piece\/avis-de-recherche-crocodile-wanted\/#primaryimage"},"thumbnailUrl":"https:\/\/boutique-one-piece.com\/wp-content\/uploads\/2022\/09\/Avis-De-Recherche-Crocodile-Wanted.jpg","datePublished":"2022-09-27T20:19:09+00:00","dateModified":"2024-09-16T11:40:33+00:00","description":"Bist du ein gro\u00dfer Fan des Alabasta-Arcs? Dann ist dieses Steckbriefplakat von Crocodile genau das Richtige f\u00fcr dich! Crocodile ist einer der charismatischsten und beliebtesten Antagonisten in One Piece. Er a\u00df die Suna Suna no Mi Teufelsfrucht, die es ihm erm\u00f6glicht, sich in einen Sandmann zu verwandeln und Sand zu kontrollieren.","breadcrumb":{"@id":"https:\/\/boutique-one-piece.com\/avis-de-recherche-one-piece\/avis-de-recherche-crocodile-wanted\/#breadcrumb"},"inLanguage":"de","potentialAction":[{"@type":"ReadAction","target":["https:\/\/boutique-one-piece.com\/avis-de-recherche-one-piece\/avis-de-recherche-crocodile-wanted\/"]}]},{"@type":"ImageObject","inLanguage":"de","@id":"https:\/\/boutique-one-piece.com\/avis-de-recherche-one-piece\/avis-de-recherche-crocodile-wanted\/#primaryimage","url":"https:\/\/boutique-one-piece.com\/wp-content\/uploads\/2022\/09\/Avis-De-Recherche-Crocodile-Wanted.jpg","contentUrl":"https:\/\/boutique-one-piece.com\/wp-content\/uploads\/2022\/09\/Avis-De-Recherche-Crocodile-Wanted.jpg","width":800,"height":800,"caption":"Avis De Recherche Crocodile Wanted 42X30cm"},{"@type":"BreadcrumbList","@id":"https:\/\/boutique-one-piece.com\/avis-de-recherche-one-piece\/avis-de-recherche-crocodile-wanted\/#breadcrumb","itemListElement":[{"@type":"ListItem","position":1,"name":"Home","item":"https:\/\/boutique-one-piece.com\/"},{"@type":"ListItem","position":2,"name":"Shop","item":"https:\/\/boutique-one-piece.com\/shop\/"},{"@type":"ListItem","position":3,"name":"Avis De Recherche Crocodile Wanted"}]},{"@type":"WebSite","@id":"https:\/\/boutique-one-piece.com\/#website","url":"https:\/\/boutique-one-piece.com\/","name":"One Piece Shop","description":"Fachgesch\u00e4ft f\u00fcr One Piece Manga und Anime","publisher":{"@id":"https:\/\/boutique-one-piece.com\/#organization"},"potentialAction":[{"@type":"SearchAction","target":{"@type":"EntryPoint","urlTemplate":"https:\/\/boutique-one-piece.com\/?s={search_term_string}"},"query-input":{"@type":"PropertyValueSpecification","valueRequired":true,"valueName":"search_term_string"}}],"inLanguage":"de"},{"@type":"Organization","@id":"https:\/\/boutique-one-piece.com\/#organization","name":"One Piece Shop","url":"https:\/\/boutique-one-piece.com\/","logo":{"@type":"ImageObject","inLanguage":"de","@id":"https:\/\/boutique-one-piece.com\/#\/schema\/logo\/image\/","url":"https:\/\/boutique-one-piece.com\/wp-content\/uploads\/2022\/09\/Logo-01.png","contentUrl":"https:\/\/boutique-one-piece.com\/wp-content\/uploads\/2022\/09\/Logo-01.png","width":2318,"height":957,"caption":"Boutique One Piece"},"image":{"@id":"https:\/\/boutique-one-piece.com\/#\/schema\/logo\/image\/"}}]}},"_links":{"self":[{"href":"https:\/\/boutique-one-piece.com\/de\/wp-json\/wp\/v2\/product\/9328","targetHints":{"allow":["GET"]}}],"collection":[{"href":"https:\/\/boutique-one-piece.com\/de\/wp-json\/wp\/v2\/product"}],"about":[{"href":"https:\/\/boutique-one-piece.com\/de\/wp-json\/wp\/v2\/types\/product"}],"replies":[{"embeddable":true,"href":"https:\/\/boutique-one-piece.com\/de\/wp-json\/wp\/v2\/comments?post=9328"}],"wp:featuredmedia":[{"embeddable":true,"href":"https:\/\/boutique-one-piece.com\/de\/wp-json\/wp\/v2\/media\/9330"}],"wp:attachment":[{"href":"https:\/\/boutique-one-piece.com\/de\/wp-json\/wp\/v2\/media?parent=9328"}],"wp:term":[{"taxonomy":"product_brand","embeddable":true,"href":"https:\/\/boutique-one-piece.com\/de\/wp-json\/wp\/v2\/product_brand?post=9328"},{"taxonomy":"product_cat","embeddable":true,"href":"https:\/\/boutique-one-piece.com\/de\/wp-json\/wp\/v2\/product_cat?post=9328"},{"taxonomy":"product_tag","embeddable":true,"href":"https:\/\/boutique-one-piece.com\/de\/wp-json\/wp\/v2\/product_tag?post=9328"}],"curies":[{"name":"wp","href":"https:\/\/api.w.org\/{rel}","templated":true}]}}