{"id":9395,"date":"2022-09-27T20:19:39","date_gmt":"2022-09-27T20:19:39","guid":{"rendered":"https:\/\/boutique-one-piece.com\/uncategorized\/figurine-one-piece-lattaque-de-luffy\/"},"modified":"2024-09-16T11:42:07","modified_gmt":"2024-09-16T11:42:07","slug":"one-piece-figurenangriff-auf-ruffy","status":"publish","type":"product","link":"https:\/\/boutique-one-piece.com\/de\/one-piece-figuren\/monkey-d-luffy-figuren\/one-piece-figurenangriff-auf-ruffy\/","title":{"rendered":"One Piece Figur Angriff von Ruffy"},"content":{"rendered":"<h2>Junger Pirat, es ist an der Zeit, dass du dir diese One Piece Luffy&#039;s Attack Figur sicherst.<\/h2>\n<p>Als Held des Mangas hat er oft bewiesen, dass er mit seinen F\u00e4usten Felsen zerschlagen und sogar Schwertklingen mit den Z\u00e4hnen zersplittern kann. Luffy scheint keine bestimmte Kampfkunst wie Zoro und Sanji zu beherrschen. Er k\u00e4mpft mit jedem K\u00f6rperteil, das ihm gerade passt. Sein Stil ist improvisatorisch und ziemlich unberechenbar, was es ihm erm\u00f6glicht, seine Gegner zu \u00fcberraschen.<strong> Luffy<\/strong> nutzt in erster Linie die Kr\u00e4fte der<strong> Gomu Gomu no Mi<\/strong> zu k\u00e4mpfen.<\/p>\n<p>Alle seine Angriffe folgen diesem Muster: Sie beginnen mit \u00abGomu Gomu no\u00bb und enden mit einem Wort, das mit dem Angriff in Zusammenhang steht (z. B. Gomu Gomu no Pistole). Die meisten seiner Angriffe basieren auf Pistolen und anderen Schusswaffen. Einige seiner Angriffe basieren jedoch auf anderen Konzepten oder Objekten. Dar\u00fcber hinaus <a title=\"ONE PIECE LUFFY DET GUN FIGUR\" href=\"https:\/\/boutique-one-piece.com\/de\/one-piece-luffy-jet-gun-figur\/\" target=\"_blank\" rel=\"noopener\">Figur von Ruffy und seiner Attacke Gomu Gomu no Pistol<\/a> ist in Ihrer Reichweite.<\/p>\n<h3>Bist du also fasziniert von der Ruffy-Actionfigur mitten im Angriff? Wenn ja, lerne zusammen mit ihm. Ruffy ist ein gewaltiger Gegner.<\/h3>\n<p><strong>Junger Pirat<\/strong>, Worauf wartest du noch? Geh an Bord der Thousand Sunny! Ruffy und seine Crew erwarten dich. Erlebe diesen Anime mit diesen legend\u00e4ren Artikeln neu. Ob zum Verschenken, Dekorieren oder Sammeln \u2013 diese Artikel bereichern jede Sammlung. <strong>dein One Piece Universum<\/strong>. Das Zeitalter der Piraterie ist nie zu Ende!<\/p>\n<h2>Informationen zur Luffy&#039;s Attack-Figur\u00a0<\/h2>\n<ul data-mce-fragment=\"1\">\n<li data-mce-fragment=\"1\"><span data-mce-fragment=\"1\"><b data-mce-fragment=\"1\"><u data-mce-fragment=\"1\">One Piece Figur<\/u><\/b>\u00a0Premium One Piece-Figur f\u00fcr echte Piraten<\/span><\/li>\n<\/ul>\n<ul data-mce-fragment=\"1\">\n<li data-mce-fragment=\"1\">\n<b data-mce-fragment=\"1\">Gegenstand<\/b><span data-mce-fragment=\"1\">\u00a0<\/span>PVC<\/li>\n<\/ul>\n<ul data-mce-fragment=\"1\">\n<li data-mce-fragment=\"1\"><span data-mce-fragment=\"1\"><strong data-mce-fragment=\"1\">Dimension<\/strong>\u00a016 cm<\/span><\/li>\n<\/ul>\n<ul data-mce-fragment=\"1\">\n<li data-mce-fragment=\"1\"><span data-mce-fragment=\"1\"><strong data-mce-fragment=\"1\">KOSTENLOSE LIEFERUNG<\/strong><\/span><\/li>\n<\/ul>","protected":false},"excerpt":{"rendered":"<p>Junger Pirat, es ist an der Zeit, dass du dir diese One Piece Ruffy-Angriffsfigur sicherst. Als Held des Mangas hat er oft bewiesen, dass er Felsen mit seinen F\u00e4usten zerschlagen oder sogar Schwertklingen mit seinen Z\u00e4hnen zersplittern kann. Ruffy scheint keine Kampfkunst zu trainieren [\u2026]<\/p>","protected":false},"featured_media":9397,"comment_status":"open","ping_status":"open","template":"","meta":[],"product_brand":[],"product_cat":[181,76],"product_tag":[92],"class_list":{"0":"post-9395","1":"product","2":"type-product","3":"status-publish","4":"has-post-thumbnail","6":"product_cat-figurines-monkey-d-luffy","7":"product_cat-figurines-one-piece","8":"product_tag-luffy","10":"first","11":"instock","12":"purchasable","13":"product-type-simple"},"yoast_head":"<!-- This site is optimized with the Yoast SEO plugin v27.5 - https:\/\/yoast.com\/product\/yoast-seo-wordpress\/ -->\n<title>Figurine One Piece L&#039;Attaque de Luffy | Figurine One Piece \u2013 Boutique One Piece<\/title>\n<meta name=\"description\" content=\"Jeune pirate, le moment est venu pour toi d&#039;acqu\u00e9rir cette Figurine One Piece L&#039;Attaque de Luffy. \u00c9tant le h\u00e9ros du manga, il a souvent d\u00e9montr\u00e9 \u00eatre \u00e0 m\u00eame de briser de la roche \u00e0 coups de poing, voire de briser des lames d&#039;\u00e9p\u00e9es avec les dents. Luffy ne semble pas pratiquer un quelconque art martial comme le font Zor\" \/>\n<meta name=\"robots\" content=\"index, follow, max-snippet:-1, max-image-preview:large, max-video-preview:-1\" \/>\n<link rel=\"canonical\" href=\"https:\/\/boutique-one-piece.com\/de\/one-piece-figuren\/monkey-d-luffy-figuren\/one-piece-figurenangriff-auf-ruffy\/\" \/>\n<meta property=\"og:locale\" content=\"de_DE\" \/>\n<meta property=\"og:type\" content=\"article\" \/>\n<meta property=\"og:title\" content=\"Figurine One Piece L&#039;Attaque de Luffy | Figurine One Piece \u2013 Boutique One Piece\" \/>\n<meta property=\"og:description\" content=\"Jeune pirate, le moment est venu pour toi d&#039;acqu\u00e9rir cette Figurine One Piece L&#039;Attaque de Luffy. \u00c9tant le h\u00e9ros du manga, il a souvent d\u00e9montr\u00e9 \u00eatre \u00e0 m\u00eame de briser de la roche \u00e0 coups de poing, voire de briser des lames d&#039;\u00e9p\u00e9es avec les dents. Luffy ne semble pas pratiquer un quelconque art martial comme le font Zor\" \/>\n<meta property=\"og:url\" content=\"https:\/\/boutique-one-piece.com\/de\/one-piece-figuren\/monkey-d-luffy-figuren\/one-piece-figurenangriff-auf-ruffy\/\" \/>\n<meta property=\"og:site_name\" content=\"Boutique One Piece\" \/>\n<meta property=\"article:modified_time\" content=\"2024-09-16T11:42:07+00:00\" \/>\n<meta property=\"og:image\" content=\"https:\/\/boutique-one-piece.com\/wp-content\/uploads\/2022\/09\/Figurine-One-Piece-LAttaque-de-Luffy-1.jpg\" \/>\n\t<meta property=\"og:image:width\" content=\"640\" \/>\n\t<meta property=\"og:image:height\" content=\"640\" \/>\n\t<meta property=\"og:image:type\" content=\"image\/jpeg\" \/>\n<meta name=\"twitter:card\" content=\"summary_large_image\" \/>\n<meta name=\"twitter:label1\" content=\"Gesch\u00e4tzte Lesezeit\" \/>\n\t<meta name=\"twitter:data1\" content=\"1\u00a0Minute\" \/>\n<script type=\"application\/ld+json\" class=\"yoast-schema-graph\">{\"@context\":\"https:\\\/\\\/schema.org\",\"@graph\":[{\"@type\":\"WebPage\",\"@id\":\"https:\\\/\\\/boutique-one-piece.com\\\/figurines-one-piece\\\/figurines-monkey-d-luffy\\\/figurine-one-piece-lattaque-de-luffy\\\/\",\"url\":\"https:\\\/\\\/boutique-one-piece.com\\\/figurines-one-piece\\\/figurines-monkey-d-luffy\\\/figurine-one-piece-lattaque-de-luffy\\\/\",\"name\":\"Figurine One Piece L'Attaque de Luffy | Figurine One Piece \u2013 Boutique One Piece\",\"isPartOf\":{\"@id\":\"https:\\\/\\\/boutique-one-piece.com\\\/#website\"},\"primaryImageOfPage\":{\"@id\":\"https:\\\/\\\/boutique-one-piece.com\\\/figurines-one-piece\\\/figurines-monkey-d-luffy\\\/figurine-one-piece-lattaque-de-luffy\\\/#primaryimage\"},\"image\":{\"@id\":\"https:\\\/\\\/boutique-one-piece.com\\\/figurines-one-piece\\\/figurines-monkey-d-luffy\\\/figurine-one-piece-lattaque-de-luffy\\\/#primaryimage\"},\"thumbnailUrl\":\"https:\\\/\\\/boutique-one-piece.com\\\/wp-content\\\/uploads\\\/2022\\\/09\\\/Figurine-One-Piece-LAttaque-de-Luffy-1.jpg\",\"datePublished\":\"2022-09-27T20:19:39+00:00\",\"dateModified\":\"2024-09-16T11:42:07+00:00\",\"description\":\"Jeune pirate, le moment est venu pour toi d'acqu\u00e9rir cette Figurine One Piece L'Attaque de Luffy. \u00c9tant le h\u00e9ros du manga, il a souvent d\u00e9montr\u00e9 \u00eatre \u00e0 m\u00eame de briser de la roche \u00e0 coups de poing, voire de briser des lames d'\u00e9p\u00e9es avec les dents. Luffy ne semble pas pratiquer un quelconque art martial comme le font Zor\",\"breadcrumb\":{\"@id\":\"https:\\\/\\\/boutique-one-piece.com\\\/figurines-one-piece\\\/figurines-monkey-d-luffy\\\/figurine-one-piece-lattaque-de-luffy\\\/#breadcrumb\"},\"inLanguage\":\"de\",\"potentialAction\":[{\"@type\":\"ReadAction\",\"target\":[\"https:\\\/\\\/boutique-one-piece.com\\\/figurines-one-piece\\\/figurines-monkey-d-luffy\\\/figurine-one-piece-lattaque-de-luffy\\\/\"]}]},{\"@type\":\"ImageObject\",\"inLanguage\":\"de\",\"@id\":\"https:\\\/\\\/boutique-one-piece.com\\\/figurines-one-piece\\\/figurines-monkey-d-luffy\\\/figurine-one-piece-lattaque-de-luffy\\\/#primaryimage\",\"url\":\"https:\\\/\\\/boutique-one-piece.com\\\/wp-content\\\/uploads\\\/2022\\\/09\\\/Figurine-One-Piece-LAttaque-de-Luffy-1.jpg\",\"contentUrl\":\"https:\\\/\\\/boutique-one-piece.com\\\/wp-content\\\/uploads\\\/2022\\\/09\\\/Figurine-One-Piece-LAttaque-de-Luffy-1.jpg\",\"width\":640,\"height\":640},{\"@type\":\"BreadcrumbList\",\"@id\":\"https:\\\/\\\/boutique-one-piece.com\\\/figurines-one-piece\\\/figurines-monkey-d-luffy\\\/figurine-one-piece-lattaque-de-luffy\\\/#breadcrumb\",\"itemListElement\":[{\"@type\":\"ListItem\",\"position\":1,\"name\":\"Home\",\"item\":\"https:\\\/\\\/boutique-one-piece.com\\\/\"},{\"@type\":\"ListItem\",\"position\":2,\"name\":\"Shop\",\"item\":\"https:\\\/\\\/boutique-one-piece.com\\\/shop\\\/\"},{\"@type\":\"ListItem\",\"position\":3,\"name\":\"Figurine One Piece L&#8217;Attaque de Luffy\"}]},{\"@type\":\"WebSite\",\"@id\":\"https:\\\/\\\/boutique-one-piece.com\\\/#website\",\"url\":\"https:\\\/\\\/boutique-one-piece.com\\\/\",\"name\":\"Boutique One Piece\",\"description\":\"Magasin Sp\u00e9cialis\u00e9 du Manga et l&#039;Anime One Piece\",\"publisher\":{\"@id\":\"https:\\\/\\\/boutique-one-piece.com\\\/#organization\"},\"potentialAction\":[{\"@type\":\"SearchAction\",\"target\":{\"@type\":\"EntryPoint\",\"urlTemplate\":\"https:\\\/\\\/boutique-one-piece.com\\\/?s={search_term_string}\"},\"query-input\":{\"@type\":\"PropertyValueSpecification\",\"valueRequired\":true,\"valueName\":\"search_term_string\"}}],\"inLanguage\":\"de\"},{\"@type\":\"Organization\",\"@id\":\"https:\\\/\\\/boutique-one-piece.com\\\/#organization\",\"name\":\"Boutique One Piece\",\"url\":\"https:\\\/\\\/boutique-one-piece.com\\\/\",\"logo\":{\"@type\":\"ImageObject\",\"inLanguage\":\"de\",\"@id\":\"https:\\\/\\\/boutique-one-piece.com\\\/#\\\/schema\\\/logo\\\/image\\\/\",\"url\":\"https:\\\/\\\/boutique-one-piece.com\\\/wp-content\\\/uploads\\\/2022\\\/09\\\/Logo-01.png\",\"contentUrl\":\"https:\\\/\\\/boutique-one-piece.com\\\/wp-content\\\/uploads\\\/2022\\\/09\\\/Logo-01.png\",\"width\":2318,\"height\":957,\"caption\":\"Boutique One Piece\"},\"image\":{\"@id\":\"https:\\\/\\\/boutique-one-piece.com\\\/#\\\/schema\\\/logo\\\/image\\\/\"}}]}<\/script>\n<!-- \/ Yoast SEO plugin. -->","yoast_head_json":{"title":"One Piece Figur: Ruffys Angriff | One Piece Figur \u2013 One Piece Shop","description":"Junger Pirat, es ist an der Zeit, dir diese One Piece Luffy Attack Figur zu sichern! Als Held des Mangas hat er schon oft bewiesen, dass er Felsen mit seinen F\u00e4usten zerschlagen oder sogar Schwertklingen mit seinen Z\u00e4hnen zersplittern kann. Luffy scheint im Gegensatz zu Zoro keine Kampfkunst zu trainieren.","robots":{"index":"index","follow":"follow","max-snippet":"max-snippet:-1","max-image-preview":"max-image-preview:large","max-video-preview":"max-video-preview:-1"},"canonical":"https:\/\/boutique-one-piece.com\/de\/one-piece-figuren\/monkey-d-luffy-figuren\/one-piece-figurenangriff-auf-ruffy\/","og_locale":"de_DE","og_type":"article","og_title":"Figurine One Piece L'Attaque de Luffy | Figurine One Piece \u2013 Boutique One Piece","og_description":"Jeune pirate, le moment est venu pour toi d'acqu\u00e9rir cette Figurine One Piece L'Attaque de Luffy. \u00c9tant le h\u00e9ros du manga, il a souvent d\u00e9montr\u00e9 \u00eatre \u00e0 m\u00eame de briser de la roche \u00e0 coups de poing, voire de briser des lames d'\u00e9p\u00e9es avec les dents. Luffy ne semble pas pratiquer un quelconque art martial comme le font Zor","og_url":"https:\/\/boutique-one-piece.com\/de\/one-piece-figuren\/monkey-d-luffy-figuren\/one-piece-figurenangriff-auf-ruffy\/","og_site_name":"Boutique One Piece","article_modified_time":"2024-09-16T11:42:07+00:00","og_image":[{"width":640,"height":640,"url":"https:\/\/boutique-one-piece.com\/wp-content\/uploads\/2022\/09\/Figurine-One-Piece-LAttaque-de-Luffy-1.jpg","type":"image\/jpeg"}],"twitter_card":"summary_large_image","twitter_misc":{"Gesch\u00e4tzte Lesezeit":"1\u00a0Minute"},"schema":{"@context":"https:\/\/schema.org","@graph":[{"@type":"WebPage","@id":"https:\/\/boutique-one-piece.com\/figurines-one-piece\/figurines-monkey-d-luffy\/figurine-one-piece-lattaque-de-luffy\/","url":"https:\/\/boutique-one-piece.com\/figurines-one-piece\/figurines-monkey-d-luffy\/figurine-one-piece-lattaque-de-luffy\/","name":"One Piece Figur: Ruffys Angriff | One Piece Figur \u2013 One Piece Shop","isPartOf":{"@id":"https:\/\/boutique-one-piece.com\/#website"},"primaryImageOfPage":{"@id":"https:\/\/boutique-one-piece.com\/figurines-one-piece\/figurines-monkey-d-luffy\/figurine-one-piece-lattaque-de-luffy\/#primaryimage"},"image":{"@id":"https:\/\/boutique-one-piece.com\/figurines-one-piece\/figurines-monkey-d-luffy\/figurine-one-piece-lattaque-de-luffy\/#primaryimage"},"thumbnailUrl":"https:\/\/boutique-one-piece.com\/wp-content\/uploads\/2022\/09\/Figurine-One-Piece-LAttaque-de-Luffy-1.jpg","datePublished":"2022-09-27T20:19:39+00:00","dateModified":"2024-09-16T11:42:07+00:00","description":"Junger Pirat, es ist an der Zeit, dir diese One Piece Luffy Attack Figur zu sichern! Als Held des Mangas hat er schon oft bewiesen, dass er Felsen mit seinen F\u00e4usten zerschlagen oder sogar Schwertklingen mit seinen Z\u00e4hnen zersplittern kann. Luffy scheint im Gegensatz zu Zoro keine Kampfkunst zu trainieren.","breadcrumb":{"@id":"https:\/\/boutique-one-piece.com\/figurines-one-piece\/figurines-monkey-d-luffy\/figurine-one-piece-lattaque-de-luffy\/#breadcrumb"},"inLanguage":"de","potentialAction":[{"@type":"ReadAction","target":["https:\/\/boutique-one-piece.com\/figurines-one-piece\/figurines-monkey-d-luffy\/figurine-one-piece-lattaque-de-luffy\/"]}]},{"@type":"ImageObject","inLanguage":"de","@id":"https:\/\/boutique-one-piece.com\/figurines-one-piece\/figurines-monkey-d-luffy\/figurine-one-piece-lattaque-de-luffy\/#primaryimage","url":"https:\/\/boutique-one-piece.com\/wp-content\/uploads\/2022\/09\/Figurine-One-Piece-LAttaque-de-Luffy-1.jpg","contentUrl":"https:\/\/boutique-one-piece.com\/wp-content\/uploads\/2022\/09\/Figurine-One-Piece-LAttaque-de-Luffy-1.jpg","width":640,"height":640},{"@type":"BreadcrumbList","@id":"https:\/\/boutique-one-piece.com\/figurines-one-piece\/figurines-monkey-d-luffy\/figurine-one-piece-lattaque-de-luffy\/#breadcrumb","itemListElement":[{"@type":"ListItem","position":1,"name":"Home","item":"https:\/\/boutique-one-piece.com\/"},{"@type":"ListItem","position":2,"name":"Shop","item":"https:\/\/boutique-one-piece.com\/shop\/"},{"@type":"ListItem","position":3,"name":"Figurine One Piece L&#8217;Attaque de Luffy"}]},{"@type":"WebSite","@id":"https:\/\/boutique-one-piece.com\/#website","url":"https:\/\/boutique-one-piece.com\/","name":"One Piece Shop","description":"Fachgesch\u00e4ft f\u00fcr One Piece Manga und Anime","publisher":{"@id":"https:\/\/boutique-one-piece.com\/#organization"},"potentialAction":[{"@type":"SearchAction","target":{"@type":"EntryPoint","urlTemplate":"https:\/\/boutique-one-piece.com\/?s={search_term_string}"},"query-input":{"@type":"PropertyValueSpecification","valueRequired":true,"valueName":"search_term_string"}}],"inLanguage":"de"},{"@type":"Organization","@id":"https:\/\/boutique-one-piece.com\/#organization","name":"One Piece Shop","url":"https:\/\/boutique-one-piece.com\/","logo":{"@type":"ImageObject","inLanguage":"de","@id":"https:\/\/boutique-one-piece.com\/#\/schema\/logo\/image\/","url":"https:\/\/boutique-one-piece.com\/wp-content\/uploads\/2022\/09\/Logo-01.png","contentUrl":"https:\/\/boutique-one-piece.com\/wp-content\/uploads\/2022\/09\/Logo-01.png","width":2318,"height":957,"caption":"Boutique One Piece"},"image":{"@id":"https:\/\/boutique-one-piece.com\/#\/schema\/logo\/image\/"}}]}},"_links":{"self":[{"href":"https:\/\/boutique-one-piece.com\/de\/wp-json\/wp\/v2\/product\/9395","targetHints":{"allow":["GET"]}}],"collection":[{"href":"https:\/\/boutique-one-piece.com\/de\/wp-json\/wp\/v2\/product"}],"about":[{"href":"https:\/\/boutique-one-piece.com\/de\/wp-json\/wp\/v2\/types\/product"}],"replies":[{"embeddable":true,"href":"https:\/\/boutique-one-piece.com\/de\/wp-json\/wp\/v2\/comments?post=9395"}],"wp:featuredmedia":[{"embeddable":true,"href":"https:\/\/boutique-one-piece.com\/de\/wp-json\/wp\/v2\/media\/9397"}],"wp:attachment":[{"href":"https:\/\/boutique-one-piece.com\/de\/wp-json\/wp\/v2\/media?parent=9395"}],"wp:term":[{"taxonomy":"product_brand","embeddable":true,"href":"https:\/\/boutique-one-piece.com\/de\/wp-json\/wp\/v2\/product_brand?post=9395"},{"taxonomy":"product_cat","embeddable":true,"href":"https:\/\/boutique-one-piece.com\/de\/wp-json\/wp\/v2\/product_cat?post=9395"},{"taxonomy":"product_tag","embeddable":true,"href":"https:\/\/boutique-one-piece.com\/de\/wp-json\/wp\/v2\/product_tag?post=9395"}],"curies":[{"name":"wp","href":"https:\/\/api.w.org\/{rel}","templated":true}]}}