{"id":9494,"date":"2022-09-27T20:20:29","date_gmt":"2022-09-27T20:20:29","guid":{"rendered":"https:\/\/boutique-one-piece.com\/uncategorized\/drapeau-portgas-d-ace\/"},"modified":"2024-09-16T15:23:43","modified_gmt":"2024-09-16T15:23:43","slug":"portgas-dace-flagge","status":"publish","type":"product","link":"https:\/\/boutique-one-piece.com\/de\/one-piece-dekorationen\/one-piece-flaggen\/portgas-dace-flagge\/","title":{"rendered":"Portgas D Ace Flag"},"content":{"rendered":"<h2>Junger Seemann, schnapp dir diese Portgas D Ace-Flagge ohne weitere Verz\u00f6gerung.<\/h2>\n<p>Hier ist die pers\u00f6nliche Flagge von <strong>Portgas D Ace<\/strong>. Zur Erinnerung: Portgas D. Ace, bekannt als \u00bbFeuerfaust-Ace\u00bb, ist der Blutsbruder von Monkey D. Luffy und Sabo. Er ist der einzige Sohn des verstorbenen Piratenk\u00f6nigs Gol D. Roger. <a href=\"https:\/\/boutique-one-piece.com\/de\/goodie-monkey-d-luffy\/produkte\/luffy-flagge\/\" title=\"LUFFY-FLAGGE\" target=\"_blank\" rel=\"noopener\">Ruffys Flagge<\/a> ist in greifbarer N\u00e4he. Um auf Ace zur\u00fcckzukommen: Du wei\u00dft sicherlich, dass er etwa hundertmal versucht hat, Whitebeard zu t\u00f6ten, aber jedes Mal gescheitert ist.<\/p>\n<p>Auf Anraten von Marco und Thatch, den Kommandanten der 1. bzw. 4. Flotte der Whitebeard-Piraten, f\u00fcgte er sich seinem Schicksal und wurde einer seiner \u00abS\u00f6hne\u00bb. Er sollte diese Entscheidung nie bereuen, denn <strong>Whitebeard, wie sein richtiger Vater<\/strong>. Er wurde schnell zum Kommandanten von Whitebeards 2. Flotte ernannt, eine Position, die schon seit geraumer Zeit vakant gewesen war.<\/p>\n<h3>Pr\u00e4sentieren Sie stolz Portgas D Aces pers\u00f6nliche Flagge. Diese Flagge mit seinem Bild wird sch\u00f6ne Erinnerungen wecken.<\/h3>\n<p><strong>Junger Pirat<\/strong>, Hier sind Sie genau richtig. Hier beginnt alles. Tauchen Sie ein in Ihr liebstes Animationsuniversum oder entdecken Sie es neu mit diesen Kultartikeln. Ob als Geschenk, zur Dekoration oder einfach zum eigenen Vergn\u00fcgen \u2013 diese Artikel sind eine Bereicherung f\u00fcr jede Sammlung. <strong>Ein St\u00fcck<\/strong>. Z\u00f6gern Sie also nicht l\u00e4nger und nutzen Sie die Gelegenheit, weiterhin aufregendere Abenteuer als je zuvor zu erleben.<\/p>\n<h2>Informationen zur Ace-Flagge mit den feurigen F\u00e4usten:<\/h2>\n<ul>\n<li>\n<strong><u>One Piece Flagge<\/u><\/strong>\u00a0Eine originale One Piece Piratenflagge f\u00fcr wahre Fans<\/li>\n<\/ul>\n<ul>\n<li>\n<strong>Hochwertiger Druck<\/strong>\u00a0akkurate Farben<\/li>\n<\/ul>\n<ul>\n<li>\n<strong>Gegenstand<\/strong>\u00a0Polyester<\/li>\n<\/ul>\n<ul>\n<li>\n<strong>Dimension<\/strong>\u00a0: 100 cm x 100 cm oder 90 cm x 150 cm<\/li>\n<\/ul>\n<ul>\n<li><strong>KOSTENLOSE LIEFERUNG<\/strong><\/li>\n<\/ul>\n<p><\/p>","protected":false},"excerpt":{"rendered":"<p>Junger Kumpel, schnapp dir diese Portgas D. Ace-Flagge sofort! Das ist Portgas D. Aces pers\u00f6nliche Flagge. Zur Erinnerung: Portgas D. Ace, auch bekannt als \u00bbFeuerfaust-Ace\u00bb, ist der Blutsbruder von Monkey D. Luffy und Sabo. Er ist der einzige Sohn des verstorbenen Piratenk\u00f6nigs Gol D. [\u2026]<\/p>","protected":false},"featured_media":9496,"comment_status":"open","ping_status":"open","template":"","meta":[],"product_brand":[],"product_cat":[212],"product_tag":[176],"class_list":{"0":"post-9494","1":"product","2":"type-product","3":"status-publish","4":"has-post-thumbnail","6":"product_cat-drapeaux-one-piece","7":"product_tag-ace","9":"first","10":"instock","11":"purchasable","12":"product-type-variable"},"yoast_head":"<!-- This site is optimized with the Yoast SEO plugin v27.5 - https:\/\/yoast.com\/product\/yoast-seo-wordpress\/ -->\n<title>Drapeau Portgas D Ace | Boutique One Piece<\/title>\n<meta name=\"description\" content=\"D\u00e9couvrez le Drapeau One Piece Ace, d\u00e9corez votre pi\u00e8ce en rejoignant la flotte de Portagas D Ace ! Commencez votre aventure recherche du One Piece dans l&#039;\u00e9quipage de Barbe Blanche\" \/>\n<meta name=\"robots\" content=\"index, follow, max-snippet:-1, max-image-preview:large, max-video-preview:-1\" \/>\n<link rel=\"canonical\" href=\"https:\/\/boutique-one-piece.com\/de\/one-piece-dekorationen\/one-piece-flaggen\/portgas-dace-flagge\/\" \/>\n<meta property=\"og:locale\" content=\"de_DE\" \/>\n<meta property=\"og:type\" content=\"article\" \/>\n<meta property=\"og:title\" content=\"Drapeau Portgas D Ace | Boutique One Piece\" \/>\n<meta property=\"og:description\" content=\"D\u00e9couvrez le Drapeau One Piece Ace, d\u00e9corez votre pi\u00e8ce en rejoignant la flotte de Portagas D Ace ! Commencez votre aventure recherche du One Piece dans l&#039;\u00e9quipage de Barbe Blanche\" \/>\n<meta property=\"og:url\" content=\"https:\/\/boutique-one-piece.com\/de\/one-piece-dekorationen\/one-piece-flaggen\/portgas-dace-flagge\/\" \/>\n<meta property=\"og:site_name\" content=\"Boutique One Piece\" \/>\n<meta property=\"article:modified_time\" content=\"2024-09-16T15:23:43+00:00\" \/>\n<meta property=\"og:image\" content=\"https:\/\/boutique-one-piece.com\/wp-content\/uploads\/2022\/09\/Drapeau-Portgas-D-Ace.jpg\" \/>\n\t<meta property=\"og:image:width\" content=\"482\" \/>\n\t<meta property=\"og:image:height\" content=\"478\" \/>\n\t<meta property=\"og:image:type\" content=\"image\/jpeg\" \/>\n<meta name=\"twitter:card\" content=\"summary_large_image\" \/>\n<meta name=\"twitter:label1\" content=\"Gesch\u00e4tzte Lesezeit\" \/>\n\t<meta name=\"twitter:data1\" content=\"2\u00a0Minuten\" \/>\n<script type=\"application\/ld+json\" class=\"yoast-schema-graph\">{\"@context\":\"https:\\\/\\\/schema.org\",\"@graph\":[{\"@type\":\"WebPage\",\"@id\":\"https:\\\/\\\/boutique-one-piece.com\\\/decorations-one-piece\\\/drapeaux-one-piece\\\/drapeau-portgas-d-ace\\\/\",\"url\":\"https:\\\/\\\/boutique-one-piece.com\\\/decorations-one-piece\\\/drapeaux-one-piece\\\/drapeau-portgas-d-ace\\\/\",\"name\":\"Drapeau Portgas D Ace | Boutique One Piece\",\"isPartOf\":{\"@id\":\"https:\\\/\\\/boutique-one-piece.com\\\/#website\"},\"primaryImageOfPage\":{\"@id\":\"https:\\\/\\\/boutique-one-piece.com\\\/decorations-one-piece\\\/drapeaux-one-piece\\\/drapeau-portgas-d-ace\\\/#primaryimage\"},\"image\":{\"@id\":\"https:\\\/\\\/boutique-one-piece.com\\\/decorations-one-piece\\\/drapeaux-one-piece\\\/drapeau-portgas-d-ace\\\/#primaryimage\"},\"thumbnailUrl\":\"https:\\\/\\\/boutique-one-piece.com\\\/wp-content\\\/uploads\\\/2022\\\/09\\\/Drapeau-Portgas-D-Ace.jpg\",\"datePublished\":\"2022-09-27T20:20:29+00:00\",\"dateModified\":\"2024-09-16T15:23:43+00:00\",\"description\":\"D\u00e9couvrez le Drapeau One Piece Ace, d\u00e9corez votre pi\u00e8ce en rejoignant la flotte de Portagas D Ace ! Commencez votre aventure recherche du One Piece dans l'\u00e9quipage de Barbe Blanche\",\"breadcrumb\":{\"@id\":\"https:\\\/\\\/boutique-one-piece.com\\\/decorations-one-piece\\\/drapeaux-one-piece\\\/drapeau-portgas-d-ace\\\/#breadcrumb\"},\"inLanguage\":\"de\",\"potentialAction\":[{\"@type\":\"ReadAction\",\"target\":[\"https:\\\/\\\/boutique-one-piece.com\\\/decorations-one-piece\\\/drapeaux-one-piece\\\/drapeau-portgas-d-ace\\\/\"]}]},{\"@type\":\"ImageObject\",\"inLanguage\":\"de\",\"@id\":\"https:\\\/\\\/boutique-one-piece.com\\\/decorations-one-piece\\\/drapeaux-one-piece\\\/drapeau-portgas-d-ace\\\/#primaryimage\",\"url\":\"https:\\\/\\\/boutique-one-piece.com\\\/wp-content\\\/uploads\\\/2022\\\/09\\\/Drapeau-Portgas-D-Ace.jpg\",\"contentUrl\":\"https:\\\/\\\/boutique-one-piece.com\\\/wp-content\\\/uploads\\\/2022\\\/09\\\/Drapeau-Portgas-D-Ace.jpg\",\"width\":482,\"height\":478,\"caption\":\"Drapeau Portgas D Ace 90x150cm\"},{\"@type\":\"BreadcrumbList\",\"@id\":\"https:\\\/\\\/boutique-one-piece.com\\\/decorations-one-piece\\\/drapeaux-one-piece\\\/drapeau-portgas-d-ace\\\/#breadcrumb\",\"itemListElement\":[{\"@type\":\"ListItem\",\"position\":1,\"name\":\"Home\",\"item\":\"https:\\\/\\\/boutique-one-piece.com\\\/\"},{\"@type\":\"ListItem\",\"position\":2,\"name\":\"Shop\",\"item\":\"https:\\\/\\\/boutique-one-piece.com\\\/shop\\\/\"},{\"@type\":\"ListItem\",\"position\":3,\"name\":\"Drapeau Portgas D Ace\"}]},{\"@type\":\"WebSite\",\"@id\":\"https:\\\/\\\/boutique-one-piece.com\\\/#website\",\"url\":\"https:\\\/\\\/boutique-one-piece.com\\\/\",\"name\":\"Boutique One Piece\",\"description\":\"Magasin Sp\u00e9cialis\u00e9 du Manga et l&#039;Anime One Piece\",\"publisher\":{\"@id\":\"https:\\\/\\\/boutique-one-piece.com\\\/#organization\"},\"potentialAction\":[{\"@type\":\"SearchAction\",\"target\":{\"@type\":\"EntryPoint\",\"urlTemplate\":\"https:\\\/\\\/boutique-one-piece.com\\\/?s={search_term_string}\"},\"query-input\":{\"@type\":\"PropertyValueSpecification\",\"valueRequired\":true,\"valueName\":\"search_term_string\"}}],\"inLanguage\":\"de\"},{\"@type\":\"Organization\",\"@id\":\"https:\\\/\\\/boutique-one-piece.com\\\/#organization\",\"name\":\"Boutique One Piece\",\"url\":\"https:\\\/\\\/boutique-one-piece.com\\\/\",\"logo\":{\"@type\":\"ImageObject\",\"inLanguage\":\"de\",\"@id\":\"https:\\\/\\\/boutique-one-piece.com\\\/#\\\/schema\\\/logo\\\/image\\\/\",\"url\":\"https:\\\/\\\/boutique-one-piece.com\\\/wp-content\\\/uploads\\\/2022\\\/09\\\/Logo-01.png\",\"contentUrl\":\"https:\\\/\\\/boutique-one-piece.com\\\/wp-content\\\/uploads\\\/2022\\\/09\\\/Logo-01.png\",\"width\":2318,\"height\":957,\"caption\":\"Boutique One Piece\"},\"image\":{\"@id\":\"https:\\\/\\\/boutique-one-piece.com\\\/#\\\/schema\\\/logo\\\/image\\\/\"}}]}<\/script>\n<!-- \/ Yoast SEO plugin. -->","yoast_head_json":{"title":"Portgas D. Ace Flagge | One Piece Shop","description":"Entdecke die One Piece Ace-Flagge und dekoriere dein Zimmer, indem du dich Portagas D. Aces Flotte anschlie\u00dft! Beginne dein One Piece-Abenteuer mit Whitebeards Crew.","robots":{"index":"index","follow":"follow","max-snippet":"max-snippet:-1","max-image-preview":"max-image-preview:large","max-video-preview":"max-video-preview:-1"},"canonical":"https:\/\/boutique-one-piece.com\/de\/one-piece-dekorationen\/one-piece-flaggen\/portgas-dace-flagge\/","og_locale":"de_DE","og_type":"article","og_title":"Drapeau Portgas D Ace | Boutique One Piece","og_description":"D\u00e9couvrez le Drapeau One Piece Ace, d\u00e9corez votre pi\u00e8ce en rejoignant la flotte de Portagas D Ace ! Commencez votre aventure recherche du One Piece dans l'\u00e9quipage de Barbe Blanche","og_url":"https:\/\/boutique-one-piece.com\/de\/one-piece-dekorationen\/one-piece-flaggen\/portgas-dace-flagge\/","og_site_name":"Boutique One Piece","article_modified_time":"2024-09-16T15:23:43+00:00","og_image":[{"width":482,"height":478,"url":"https:\/\/boutique-one-piece.com\/wp-content\/uploads\/2022\/09\/Drapeau-Portgas-D-Ace.jpg","type":"image\/jpeg"}],"twitter_card":"summary_large_image","twitter_misc":{"Gesch\u00e4tzte Lesezeit":"2\u00a0Minuten"},"schema":{"@context":"https:\/\/schema.org","@graph":[{"@type":"WebPage","@id":"https:\/\/boutique-one-piece.com\/decorations-one-piece\/drapeaux-one-piece\/drapeau-portgas-d-ace\/","url":"https:\/\/boutique-one-piece.com\/decorations-one-piece\/drapeaux-one-piece\/drapeau-portgas-d-ace\/","name":"Portgas D. Ace Flagge | One Piece Shop","isPartOf":{"@id":"https:\/\/boutique-one-piece.com\/#website"},"primaryImageOfPage":{"@id":"https:\/\/boutique-one-piece.com\/decorations-one-piece\/drapeaux-one-piece\/drapeau-portgas-d-ace\/#primaryimage"},"image":{"@id":"https:\/\/boutique-one-piece.com\/decorations-one-piece\/drapeaux-one-piece\/drapeau-portgas-d-ace\/#primaryimage"},"thumbnailUrl":"https:\/\/boutique-one-piece.com\/wp-content\/uploads\/2022\/09\/Drapeau-Portgas-D-Ace.jpg","datePublished":"2022-09-27T20:20:29+00:00","dateModified":"2024-09-16T15:23:43+00:00","description":"Entdecke die One Piece Ace-Flagge und dekoriere dein Zimmer, indem du dich Portagas D. Aces Flotte anschlie\u00dft! Beginne dein One Piece-Abenteuer mit Whitebeards Crew.","breadcrumb":{"@id":"https:\/\/boutique-one-piece.com\/decorations-one-piece\/drapeaux-one-piece\/drapeau-portgas-d-ace\/#breadcrumb"},"inLanguage":"de","potentialAction":[{"@type":"ReadAction","target":["https:\/\/boutique-one-piece.com\/decorations-one-piece\/drapeaux-one-piece\/drapeau-portgas-d-ace\/"]}]},{"@type":"ImageObject","inLanguage":"de","@id":"https:\/\/boutique-one-piece.com\/decorations-one-piece\/drapeaux-one-piece\/drapeau-portgas-d-ace\/#primaryimage","url":"https:\/\/boutique-one-piece.com\/wp-content\/uploads\/2022\/09\/Drapeau-Portgas-D-Ace.jpg","contentUrl":"https:\/\/boutique-one-piece.com\/wp-content\/uploads\/2022\/09\/Drapeau-Portgas-D-Ace.jpg","width":482,"height":478,"caption":"Drapeau Portgas D Ace 90x150cm"},{"@type":"BreadcrumbList","@id":"https:\/\/boutique-one-piece.com\/decorations-one-piece\/drapeaux-one-piece\/drapeau-portgas-d-ace\/#breadcrumb","itemListElement":[{"@type":"ListItem","position":1,"name":"Home","item":"https:\/\/boutique-one-piece.com\/"},{"@type":"ListItem","position":2,"name":"Shop","item":"https:\/\/boutique-one-piece.com\/shop\/"},{"@type":"ListItem","position":3,"name":"Drapeau Portgas D Ace"}]},{"@type":"WebSite","@id":"https:\/\/boutique-one-piece.com\/#website","url":"https:\/\/boutique-one-piece.com\/","name":"One Piece Shop","description":"Fachgesch\u00e4ft f\u00fcr One Piece Manga und Anime","publisher":{"@id":"https:\/\/boutique-one-piece.com\/#organization"},"potentialAction":[{"@type":"SearchAction","target":{"@type":"EntryPoint","urlTemplate":"https:\/\/boutique-one-piece.com\/?s={search_term_string}"},"query-input":{"@type":"PropertyValueSpecification","valueRequired":true,"valueName":"search_term_string"}}],"inLanguage":"de"},{"@type":"Organization","@id":"https:\/\/boutique-one-piece.com\/#organization","name":"One Piece Shop","url":"https:\/\/boutique-one-piece.com\/","logo":{"@type":"ImageObject","inLanguage":"de","@id":"https:\/\/boutique-one-piece.com\/#\/schema\/logo\/image\/","url":"https:\/\/boutique-one-piece.com\/wp-content\/uploads\/2022\/09\/Logo-01.png","contentUrl":"https:\/\/boutique-one-piece.com\/wp-content\/uploads\/2022\/09\/Logo-01.png","width":2318,"height":957,"caption":"Boutique One Piece"},"image":{"@id":"https:\/\/boutique-one-piece.com\/#\/schema\/logo\/image\/"}}]}},"_links":{"self":[{"href":"https:\/\/boutique-one-piece.com\/de\/wp-json\/wp\/v2\/product\/9494","targetHints":{"allow":["GET"]}}],"collection":[{"href":"https:\/\/boutique-one-piece.com\/de\/wp-json\/wp\/v2\/product"}],"about":[{"href":"https:\/\/boutique-one-piece.com\/de\/wp-json\/wp\/v2\/types\/product"}],"replies":[{"embeddable":true,"href":"https:\/\/boutique-one-piece.com\/de\/wp-json\/wp\/v2\/comments?post=9494"}],"wp:featuredmedia":[{"embeddable":true,"href":"https:\/\/boutique-one-piece.com\/de\/wp-json\/wp\/v2\/media\/9496"}],"wp:attachment":[{"href":"https:\/\/boutique-one-piece.com\/de\/wp-json\/wp\/v2\/media?parent=9494"}],"wp:term":[{"taxonomy":"product_brand","embeddable":true,"href":"https:\/\/boutique-one-piece.com\/de\/wp-json\/wp\/v2\/product_brand?post=9494"},{"taxonomy":"product_cat","embeddable":true,"href":"https:\/\/boutique-one-piece.com\/de\/wp-json\/wp\/v2\/product_cat?post=9494"},{"taxonomy":"product_tag","embeddable":true,"href":"https:\/\/boutique-one-piece.com\/de\/wp-json\/wp\/v2\/product_tag?post=9494"}],"curies":[{"name":"wp","href":"https:\/\/api.w.org\/{rel}","templated":true}]}}