{"id":9676,"date":"2022-09-27T20:21:42","date_gmt":"2022-09-27T20:21:42","guid":{"rendered":"https:\/\/boutique-one-piece.com\/uncategorized\/figurine-one-piece-monkey-d-luffy-et-trafalgar-d-water-law\/"},"modified":"2024-09-16T11:48:44","modified_gmt":"2024-09-16T11:48:44","slug":"one-piece-figuren-monkey-d-luffy-und-trafalgar-d-water-law","status":"publish","type":"product","link":"https:\/\/boutique-one-piece.com\/de\/one-piece-figuren\/one-piece-figuren-monkey-d-luffy-und-trafalgar-d-water-law\/","title":{"rendered":"One Piece Monkey D. Luffy und Trafalgar D. Water Law Figur"},"content":{"rendered":"<h2>Junger Pirat, es ist an der Zeit, dass du dir diese One Piece Monkey D. Luffy und Trafalgar D. Water Law Figur holst.<\/h2>\n<p>Um den Kontext zu verdeutlichen, hier die wichtigsten Informationen zu Monkey D. Luffy und Trafalgar D. Water Law: In Kapitel 667, <strong>Law<\/strong> kommt zu Hilfe <strong>Luffy<\/strong> Um die Yeti Cool Brothers zu besiegen, schl\u00e4gt er ihnen eine Allianz vor und behauptet, einen Plan zu haben, einen der Vier Kaiser der Neuen Welt zu st\u00fcrzen. Die Yeti Cool Brothers sind zwei von ihm angeheuerte Attent\u00e4ter. <strong>Caesar Clown<\/strong>.<\/p>\n<p>Ils sont d\u2019ailleurs surnomm\u00e9s \u00ab\u00a0Les Tueurs des montagnes enneig\u00e9es\u00a0\u00bb. Ils font partie d\u2019une certaine race de G\u00e9ants. Pour en revenir aux deux protagonistes, sache que dans le chapitre 668, Luffy accepte l\u2019alliance de Law au grand dam de son \u00e9quipage. Law accepte donc d\u2019aider Luffy \u00e0 trouver un m\u00e9dicament pour gu\u00e9rir les enfants qui \u00e9taient retenus prisonniers par C\u00e9sar Clown, mais en \u00e9change, il leur demande de capturer celui-ci. D\u2019ailleurs, si tu affectionnes particuli\u00e8rement Law, la <a title=\"ONE PIECE LAW POP! FIGUR\" href=\"https:\/\/boutique-one-piece.com\/de\/one-piece-law-pop-figur\/\" target=\"_blank\" rel=\"noopener\">Trafalgar Law Pop! Vinylfigur<\/a> ist in Ihrer Reichweite.<\/p>\n<h3>Alors conquis par la figurine de ce duo de pirates ? Si tel est le cas, n\u2019h\u00e9site plus et rejoins-les dans leurs aventures !<\/h3>\n<p><strong>Ein St\u00fcck<\/strong> ist der weltweit meistverkaufte Manga. Egal, ob du ein eingefleischter Fan oder ein leidenschaftlicher Sammler bist, diese Artikel sind genau das Richtige f\u00fcr dich. Erweitere dein Universum! <strong>Ein St\u00fcck<\/strong> avec ces objets mythiques. Prends ton destin entre tes mains jeune dresseur et fais partie de l\u2019\u00e9quipage du <strong>Strohhut<\/strong>.<\/p>\n<h2>Informationen zu den Figuren von Monkey D. Luffy und Trafalgar D. Water Law\u00a0<\/h2>\n<ul data-mce-fragment=\"1\">\n<li data-mce-fragment=\"1\"><span data-mce-fragment=\"1\"><b data-mce-fragment=\"1\"><u data-mce-fragment=\"1\">One Piece Figur<\/u><\/b>\u00a0: Figurine\u00a0 premium de l\u2019univers One Piece pour les vrais pirates<\/span><\/li>\n<\/ul>\n<ul data-mce-fragment=\"1\">\n<li data-mce-fragment=\"1\">\n<b data-mce-fragment=\"1\">Gegenstand<\/b><span data-mce-fragment=\"1\">\u00a0<\/span>PVC<\/li>\n<\/ul>\n<ul data-mce-fragment=\"1\">\n<li data-mce-fragment=\"1\"><span data-mce-fragment=\"1\"><strong data-mce-fragment=\"1\">Dimension<\/strong>\u00a016 cm<\/span><\/li>\n<\/ul>\n<ul data-mce-fragment=\"1\">\n<li data-mce-fragment=\"1\"><span data-mce-fragment=\"1\"><strong data-mce-fragment=\"1\">KOSTENLOSE LIEFERUNG<\/strong><\/span><\/li>\n<\/ul>","protected":false},"excerpt":{"rendered":"<p>Junger Pirat, es ist soweit! Schnapp dir diese One Piece Monkey D. Luffy und Trafalgar D. Water Law Figur. Zur Erkl\u00e4rung: In Kapitel 667 eilt Law [\u2026] zu Hilfe.<\/p>","protected":false},"featured_media":9678,"comment_status":"open","ping_status":"open","template":"","meta":[],"product_brand":[],"product_cat":[181,76],"product_tag":[92],"class_list":{"0":"post-9676","1":"product","2":"type-product","3":"status-publish","4":"has-post-thumbnail","6":"product_cat-figurines-monkey-d-luffy","7":"product_cat-figurines-one-piece","8":"product_tag-luffy","10":"first","11":"outofstock","12":"purchasable","13":"product-type-simple"},"yoast_head":"<!-- This site is optimized with the Yoast SEO plugin v27.5 - https:\/\/yoast.com\/product\/yoast-seo-wordpress\/ -->\n<title>Figurine One Piece Monkey D Luffy et Trafalgar D Water Law | Figurine One Piece \u2013 Boutique One Piece<\/title>\n<meta name=\"description\" content=\"Jeune pirate, le moment est venu pour toi de te procurer cette Figurine One Piece Monkey D Luffy et Trafalgar D Water Law. Pour resituer le contexte, voici ce que tu dois savoir au sujet de Monkey D Luffy et de Trafalgar D Water Law ; Dans le chapitre 667, Law vient en aide \u00e0 Luffy pour venir \u00e0 bout des Yeti Cool Broth\" \/>\n<meta name=\"robots\" content=\"index, follow, max-snippet:-1, max-image-preview:large, max-video-preview:-1\" \/>\n<link rel=\"canonical\" href=\"https:\/\/boutique-one-piece.com\/de\/one-piece-figuren\/one-piece-figuren-monkey-d-luffy-und-trafalgar-d-water-law\/\" \/>\n<meta property=\"og:locale\" content=\"de_DE\" \/>\n<meta property=\"og:type\" content=\"article\" \/>\n<meta property=\"og:title\" content=\"Figurine One Piece Monkey D Luffy et Trafalgar D Water Law | Figurine One Piece \u2013 Boutique One Piece\" \/>\n<meta property=\"og:description\" content=\"Jeune pirate, le moment est venu pour toi de te procurer cette Figurine One Piece Monkey D Luffy et Trafalgar D Water Law. Pour resituer le contexte, voici ce que tu dois savoir au sujet de Monkey D Luffy et de Trafalgar D Water Law ; Dans le chapitre 667, Law vient en aide \u00e0 Luffy pour venir \u00e0 bout des Yeti Cool Broth\" \/>\n<meta property=\"og:url\" content=\"https:\/\/boutique-one-piece.com\/de\/one-piece-figuren\/one-piece-figuren-monkey-d-luffy-und-trafalgar-d-water-law\/\" \/>\n<meta property=\"og:site_name\" content=\"Boutique One Piece\" \/>\n<meta property=\"article:modified_time\" content=\"2024-09-16T11:48:44+00:00\" \/>\n<meta property=\"og:image\" content=\"https:\/\/boutique-one-piece.com\/wp-content\/uploads\/2022\/09\/Figurine-One-Piece-Monkey-D-Luffy-et-Trafalgar-D-Water-Law.jpg\" \/>\n\t<meta property=\"og:image:width\" content=\"450\" \/>\n\t<meta property=\"og:image:height\" content=\"450\" \/>\n\t<meta property=\"og:image:type\" content=\"image\/jpeg\" \/>\n<meta name=\"twitter:card\" content=\"summary_large_image\" \/>\n<meta name=\"twitter:label1\" content=\"Gesch\u00e4tzte Lesezeit\" \/>\n\t<meta name=\"twitter:data1\" content=\"2\u00a0Minuten\" \/>\n<script type=\"application\/ld+json\" class=\"yoast-schema-graph\">{\"@context\":\"https:\\\/\\\/schema.org\",\"@graph\":[{\"@type\":\"WebPage\",\"@id\":\"https:\\\/\\\/boutique-one-piece.com\\\/figurines-one-piece\\\/figurine-one-piece-monkey-d-luffy-et-trafalgar-d-water-law\\\/\",\"url\":\"https:\\\/\\\/boutique-one-piece.com\\\/figurines-one-piece\\\/figurine-one-piece-monkey-d-luffy-et-trafalgar-d-water-law\\\/\",\"name\":\"Figurine One Piece Monkey D Luffy et Trafalgar D Water Law | Figurine One Piece \u2013 Boutique One Piece\",\"isPartOf\":{\"@id\":\"https:\\\/\\\/boutique-one-piece.com\\\/#website\"},\"primaryImageOfPage\":{\"@id\":\"https:\\\/\\\/boutique-one-piece.com\\\/figurines-one-piece\\\/figurine-one-piece-monkey-d-luffy-et-trafalgar-d-water-law\\\/#primaryimage\"},\"image\":{\"@id\":\"https:\\\/\\\/boutique-one-piece.com\\\/figurines-one-piece\\\/figurine-one-piece-monkey-d-luffy-et-trafalgar-d-water-law\\\/#primaryimage\"},\"thumbnailUrl\":\"https:\\\/\\\/boutique-one-piece.com\\\/wp-content\\\/uploads\\\/2022\\\/09\\\/Figurine-One-Piece-Monkey-D-Luffy-et-Trafalgar-D-Water-Law.jpg\",\"datePublished\":\"2022-09-27T20:21:42+00:00\",\"dateModified\":\"2024-09-16T11:48:44+00:00\",\"description\":\"Jeune pirate, le moment est venu pour toi de te procurer cette Figurine One Piece Monkey D Luffy et Trafalgar D Water Law. Pour resituer le contexte, voici ce que tu dois savoir au sujet de Monkey D Luffy et de Trafalgar D Water Law ; Dans le chapitre 667, Law vient en aide \u00e0 Luffy pour venir \u00e0 bout des Yeti Cool Broth\",\"breadcrumb\":{\"@id\":\"https:\\\/\\\/boutique-one-piece.com\\\/figurines-one-piece\\\/figurine-one-piece-monkey-d-luffy-et-trafalgar-d-water-law\\\/#breadcrumb\"},\"inLanguage\":\"de\",\"potentialAction\":[{\"@type\":\"ReadAction\",\"target\":[\"https:\\\/\\\/boutique-one-piece.com\\\/figurines-one-piece\\\/figurine-one-piece-monkey-d-luffy-et-trafalgar-d-water-law\\\/\"]}]},{\"@type\":\"ImageObject\",\"inLanguage\":\"de\",\"@id\":\"https:\\\/\\\/boutique-one-piece.com\\\/figurines-one-piece\\\/figurine-one-piece-monkey-d-luffy-et-trafalgar-d-water-law\\\/#primaryimage\",\"url\":\"https:\\\/\\\/boutique-one-piece.com\\\/wp-content\\\/uploads\\\/2022\\\/09\\\/Figurine-One-Piece-Monkey-D-Luffy-et-Trafalgar-D-Water-Law.jpg\",\"contentUrl\":\"https:\\\/\\\/boutique-one-piece.com\\\/wp-content\\\/uploads\\\/2022\\\/09\\\/Figurine-One-Piece-Monkey-D-Luffy-et-Trafalgar-D-Water-Law.jpg\",\"width\":450,\"height\":450,\"caption\":\"Figurine One Piece Monkey D Luffy et Trafalgar D Water Law Default Title\"},{\"@type\":\"BreadcrumbList\",\"@id\":\"https:\\\/\\\/boutique-one-piece.com\\\/figurines-one-piece\\\/figurine-one-piece-monkey-d-luffy-et-trafalgar-d-water-law\\\/#breadcrumb\",\"itemListElement\":[{\"@type\":\"ListItem\",\"position\":1,\"name\":\"Home\",\"item\":\"https:\\\/\\\/boutique-one-piece.com\\\/\"},{\"@type\":\"ListItem\",\"position\":2,\"name\":\"Shop\",\"item\":\"https:\\\/\\\/boutique-one-piece.com\\\/shop\\\/\"},{\"@type\":\"ListItem\",\"position\":3,\"name\":\"Figurine One Piece Monkey D Luffy et Trafalgar D Water Law\"}]},{\"@type\":\"WebSite\",\"@id\":\"https:\\\/\\\/boutique-one-piece.com\\\/#website\",\"url\":\"https:\\\/\\\/boutique-one-piece.com\\\/\",\"name\":\"Boutique One Piece\",\"description\":\"Magasin Sp\u00e9cialis\u00e9 du Manga et l&#039;Anime One Piece\",\"publisher\":{\"@id\":\"https:\\\/\\\/boutique-one-piece.com\\\/#organization\"},\"potentialAction\":[{\"@type\":\"SearchAction\",\"target\":{\"@type\":\"EntryPoint\",\"urlTemplate\":\"https:\\\/\\\/boutique-one-piece.com\\\/?s={search_term_string}\"},\"query-input\":{\"@type\":\"PropertyValueSpecification\",\"valueRequired\":true,\"valueName\":\"search_term_string\"}}],\"inLanguage\":\"de\"},{\"@type\":\"Organization\",\"@id\":\"https:\\\/\\\/boutique-one-piece.com\\\/#organization\",\"name\":\"Boutique One Piece\",\"url\":\"https:\\\/\\\/boutique-one-piece.com\\\/\",\"logo\":{\"@type\":\"ImageObject\",\"inLanguage\":\"de\",\"@id\":\"https:\\\/\\\/boutique-one-piece.com\\\/#\\\/schema\\\/logo\\\/image\\\/\",\"url\":\"https:\\\/\\\/boutique-one-piece.com\\\/wp-content\\\/uploads\\\/2022\\\/09\\\/Logo-01.png\",\"contentUrl\":\"https:\\\/\\\/boutique-one-piece.com\\\/wp-content\\\/uploads\\\/2022\\\/09\\\/Logo-01.png\",\"width\":2318,\"height\":957,\"caption\":\"Boutique One Piece\"},\"image\":{\"@id\":\"https:\\\/\\\/boutique-one-piece.com\\\/#\\\/schema\\\/logo\\\/image\\\/\"}}]}<\/script>\n<!-- \/ Yoast SEO plugin. -->","yoast_head_json":{"title":"One Piece Monkey D. Luffy und Trafalgar D. Water Law Figuren | One Piece Figuren \u2013 One Piece Shop","description":"Junger Pirat, es ist soweit! Schnapp dir diese One Piece Monkey D. Luffy und Trafalgar D. Water Law Figur. Zur Erkl\u00e4rung: In Kapitel 667 eilt Law Luffy zu Hilfe, um den Yeti Cool Broth zu besiegen.","robots":{"index":"index","follow":"follow","max-snippet":"max-snippet:-1","max-image-preview":"max-image-preview:large","max-video-preview":"max-video-preview:-1"},"canonical":"https:\/\/boutique-one-piece.com\/de\/one-piece-figuren\/one-piece-figuren-monkey-d-luffy-und-trafalgar-d-water-law\/","og_locale":"de_DE","og_type":"article","og_title":"Figurine One Piece Monkey D Luffy et Trafalgar D Water Law | Figurine One Piece \u2013 Boutique One Piece","og_description":"Jeune pirate, le moment est venu pour toi de te procurer cette Figurine One Piece Monkey D Luffy et Trafalgar D Water Law. Pour resituer le contexte, voici ce que tu dois savoir au sujet de Monkey D Luffy et de Trafalgar D Water Law ; Dans le chapitre 667, Law vient en aide \u00e0 Luffy pour venir \u00e0 bout des Yeti Cool Broth","og_url":"https:\/\/boutique-one-piece.com\/de\/one-piece-figuren\/one-piece-figuren-monkey-d-luffy-und-trafalgar-d-water-law\/","og_site_name":"Boutique One Piece","article_modified_time":"2024-09-16T11:48:44+00:00","og_image":[{"width":450,"height":450,"url":"https:\/\/boutique-one-piece.com\/wp-content\/uploads\/2022\/09\/Figurine-One-Piece-Monkey-D-Luffy-et-Trafalgar-D-Water-Law.jpg","type":"image\/jpeg"}],"twitter_card":"summary_large_image","twitter_misc":{"Gesch\u00e4tzte Lesezeit":"2\u00a0Minuten"},"schema":{"@context":"https:\/\/schema.org","@graph":[{"@type":"WebPage","@id":"https:\/\/boutique-one-piece.com\/figurines-one-piece\/figurine-one-piece-monkey-d-luffy-et-trafalgar-d-water-law\/","url":"https:\/\/boutique-one-piece.com\/figurines-one-piece\/figurine-one-piece-monkey-d-luffy-et-trafalgar-d-water-law\/","name":"One Piece Monkey D. Luffy und Trafalgar D. Water Law Figuren | One Piece Figuren \u2013 One Piece Shop","isPartOf":{"@id":"https:\/\/boutique-one-piece.com\/#website"},"primaryImageOfPage":{"@id":"https:\/\/boutique-one-piece.com\/figurines-one-piece\/figurine-one-piece-monkey-d-luffy-et-trafalgar-d-water-law\/#primaryimage"},"image":{"@id":"https:\/\/boutique-one-piece.com\/figurines-one-piece\/figurine-one-piece-monkey-d-luffy-et-trafalgar-d-water-law\/#primaryimage"},"thumbnailUrl":"https:\/\/boutique-one-piece.com\/wp-content\/uploads\/2022\/09\/Figurine-One-Piece-Monkey-D-Luffy-et-Trafalgar-D-Water-Law.jpg","datePublished":"2022-09-27T20:21:42+00:00","dateModified":"2024-09-16T11:48:44+00:00","description":"Junger Pirat, es ist soweit! Schnapp dir diese One Piece Monkey D. Luffy und Trafalgar D. Water Law Figur. Zur Erkl\u00e4rung: In Kapitel 667 eilt Law Luffy zu Hilfe, um den Yeti Cool Broth zu besiegen.","breadcrumb":{"@id":"https:\/\/boutique-one-piece.com\/figurines-one-piece\/figurine-one-piece-monkey-d-luffy-et-trafalgar-d-water-law\/#breadcrumb"},"inLanguage":"de","potentialAction":[{"@type":"ReadAction","target":["https:\/\/boutique-one-piece.com\/figurines-one-piece\/figurine-one-piece-monkey-d-luffy-et-trafalgar-d-water-law\/"]}]},{"@type":"ImageObject","inLanguage":"de","@id":"https:\/\/boutique-one-piece.com\/figurines-one-piece\/figurine-one-piece-monkey-d-luffy-et-trafalgar-d-water-law\/#primaryimage","url":"https:\/\/boutique-one-piece.com\/wp-content\/uploads\/2022\/09\/Figurine-One-Piece-Monkey-D-Luffy-et-Trafalgar-D-Water-Law.jpg","contentUrl":"https:\/\/boutique-one-piece.com\/wp-content\/uploads\/2022\/09\/Figurine-One-Piece-Monkey-D-Luffy-et-Trafalgar-D-Water-Law.jpg","width":450,"height":450,"caption":"Figurine One Piece Monkey D Luffy et Trafalgar D Water Law Default Title"},{"@type":"BreadcrumbList","@id":"https:\/\/boutique-one-piece.com\/figurines-one-piece\/figurine-one-piece-monkey-d-luffy-et-trafalgar-d-water-law\/#breadcrumb","itemListElement":[{"@type":"ListItem","position":1,"name":"Home","item":"https:\/\/boutique-one-piece.com\/"},{"@type":"ListItem","position":2,"name":"Shop","item":"https:\/\/boutique-one-piece.com\/shop\/"},{"@type":"ListItem","position":3,"name":"Figurine One Piece Monkey D Luffy et Trafalgar D Water Law"}]},{"@type":"WebSite","@id":"https:\/\/boutique-one-piece.com\/#website","url":"https:\/\/boutique-one-piece.com\/","name":"One Piece Shop","description":"Fachgesch\u00e4ft f\u00fcr One Piece Manga und Anime","publisher":{"@id":"https:\/\/boutique-one-piece.com\/#organization"},"potentialAction":[{"@type":"SearchAction","target":{"@type":"EntryPoint","urlTemplate":"https:\/\/boutique-one-piece.com\/?s={search_term_string}"},"query-input":{"@type":"PropertyValueSpecification","valueRequired":true,"valueName":"search_term_string"}}],"inLanguage":"de"},{"@type":"Organization","@id":"https:\/\/boutique-one-piece.com\/#organization","name":"One Piece Shop","url":"https:\/\/boutique-one-piece.com\/","logo":{"@type":"ImageObject","inLanguage":"de","@id":"https:\/\/boutique-one-piece.com\/#\/schema\/logo\/image\/","url":"https:\/\/boutique-one-piece.com\/wp-content\/uploads\/2022\/09\/Logo-01.png","contentUrl":"https:\/\/boutique-one-piece.com\/wp-content\/uploads\/2022\/09\/Logo-01.png","width":2318,"height":957,"caption":"Boutique One Piece"},"image":{"@id":"https:\/\/boutique-one-piece.com\/#\/schema\/logo\/image\/"}}]}},"_links":{"self":[{"href":"https:\/\/boutique-one-piece.com\/de\/wp-json\/wp\/v2\/product\/9676","targetHints":{"allow":["GET"]}}],"collection":[{"href":"https:\/\/boutique-one-piece.com\/de\/wp-json\/wp\/v2\/product"}],"about":[{"href":"https:\/\/boutique-one-piece.com\/de\/wp-json\/wp\/v2\/types\/product"}],"replies":[{"embeddable":true,"href":"https:\/\/boutique-one-piece.com\/de\/wp-json\/wp\/v2\/comments?post=9676"}],"wp:featuredmedia":[{"embeddable":true,"href":"https:\/\/boutique-one-piece.com\/de\/wp-json\/wp\/v2\/media\/9678"}],"wp:attachment":[{"href":"https:\/\/boutique-one-piece.com\/de\/wp-json\/wp\/v2\/media?parent=9676"}],"wp:term":[{"taxonomy":"product_brand","embeddable":true,"href":"https:\/\/boutique-one-piece.com\/de\/wp-json\/wp\/v2\/product_brand?post=9676"},{"taxonomy":"product_cat","embeddable":true,"href":"https:\/\/boutique-one-piece.com\/de\/wp-json\/wp\/v2\/product_cat?post=9676"},{"taxonomy":"product_tag","embeddable":true,"href":"https:\/\/boutique-one-piece.com\/de\/wp-json\/wp\/v2\/product_tag?post=9676"}],"curies":[{"name":"wp","href":"https:\/\/api.w.org\/{rel}","templated":true}]}}