{"id":9870,"date":"2022-09-27T20:23:09","date_gmt":"2022-09-27T20:23:09","guid":{"rendered":"https:\/\/boutique-one-piece.com\/uncategorized\/figurine-one-piece-jinbe-karate-homme-poisson\/"},"modified":"2024-09-16T11:52:45","modified_gmt":"2024-09-16T11:52:45","slug":"one-piece-figur-jinbe-karate-fischmann","status":"publish","type":"product","link":"https:\/\/boutique-one-piece.com\/de\/one-piece-figuren\/jinbe-figuren\/one-piece-figur-jinbe-karate-fischmann\/","title":{"rendered":"One Piece Jinbe Fischmensch Karate-Figur"},"content":{"rendered":"<h2>Junger Pirat, es ist an der Zeit, dass du dir diese One Piece Jinbe Fischmensch Karate-Figur holst.<\/h2>\n<p>Hier ist, was Sie \u00fcber ihn wissen m\u00fcssen; Jinbe, auch bekannt als &quot;\u00ab\u00a0<strong>Der Paladin der Meere<\/strong>\u00a0\u00bb est le timonier de l\u2019\u00c9quipage du Chapeau de Paille. Un timonier ou un barreur, est la personne qui dirige le navire.<strong> Jinbe<\/strong> est officiellement le dixi\u00e8me membre de l\u2019\u00e9quipage du Chapeau de Paille et le neuvi\u00e8me \u00e0 rejoindre l\u2019\u00e9quipage de Luffy.<\/p>\n<p>Dar\u00fcber hinaus <a title=\"POK\u00c9MON-FIGUR KAPIT\u00c4N STROHHUT LUFFY\" href=\"https:\/\/boutique-one-piece.com\/de\/pokemon-figur-von-kapitan-ruffy-mit-strohhut\/\" target=\"_blank\" rel=\"noopener\">Figur von Kapit\u00e4n Strohhut<\/a> est \u00e0 ta port\u00e9e de main. Pour en revenir \u00e0 Jinbe tu dois savoir que c\u2019est un ma\u00eetre du <strong>Amphibien-Karate<\/strong>. Il utilise donc cet art martial pour terrasser plusieurs hommes \u00e0 la fois. Ses coups sont si forts qu\u2019il n\u2019a pas besoin d\u2019avoir un contact physique avec l\u2019ennemi puisque l\u2019air m\u00eame les fait repousser.<\/p>\n<h3>Sind Sie also von der Figur \u00abPaladin der Meere\u00bb fasziniert? Wenn ja, erleben Sie viele Abenteuer an seiner Seite an Bord der Thousand Sunny.<\/h3>\n<p>Ob eingefleischter Fan oder passionierter Sammler \u2013 diese Artikel sind genau das Richtige f\u00fcr Sie. Sie eignen sich perfekt zum Verschenken, Tragen oder Sammeln und werden Ihre Sammlung bereichern. <strong>dein One Piece Universum<\/strong>. Nimm dein Schicksal selbst in die Hand, junger Pirat, und begib dich auf die Reise\u2026 <strong>Thomas Sunny<\/strong>, bien des aventures t\u2019y attendent.<\/p>\n<h2>Informationen \u00fcber die Jinbe Fisch-Mann Karatefigur\u00a0<\/h2>\n<ul>\n<li><span><b><u>One Piece Figur<\/u><\/b>\u00a0: Figurine\u00a0 premium de l\u2019univers One Piece pour les vrais pirates<\/span><\/li>\n<\/ul>\n<ul>\n<li>\n<b>Gegenstand<\/b><span>\u00a0<\/span>PVC<\/li>\n<\/ul>\n<ul>\n<li><span><strong>Dimension<\/strong>\u00a018 cm<\/span><\/li>\n<\/ul>\n<ul>\n<li><span><strong>KOSTENLOSE LIEFERUNG<\/strong><\/span><\/li>\n<\/ul>","protected":false},"excerpt":{"rendered":"<p>Jeune pirate, le moment est venu pour toi de te procurer cette Figurine One Piece Jinbe Karat\u00e9 Des Hommes Poisson. Voici ce que tu dois savoir \u00e0 son sujet ; Jinbe \u00e9galement appel\u00e9 \u00ab\u00a0Le Paladin des Mers\u00a0\u00bb est le timonier de l\u2019\u00c9quipage du Chapeau de Paille. Un timonier ou un barreur, est la personne qui [&hellip;]<\/p>","protected":false},"featured_media":19236,"comment_status":"open","ping_status":"open","template":"","meta":[],"product_brand":[],"product_cat":[301,76],"product_tag":[274],"class_list":{"0":"post-9870","1":"product","2":"type-product","3":"status-publish","4":"has-post-thumbnail","6":"product_cat-figurines-jinbe","7":"product_cat-figurines-one-piece","8":"product_tag-jinbe","10":"first","11":"instock","12":"purchasable","13":"product-type-simple"},"yoast_head":"<!-- This site is optimized with the Yoast SEO plugin v27.5 - https:\/\/yoast.com\/product\/yoast-seo-wordpress\/ -->\n<title>Figurine One Piece Jinbe Karat\u00e9 Des Hommes Poisson | Figurine One Piece \u2013 Boutique One Piece<\/title>\n<meta name=\"description\" content=\"Jeune pirate, le moment est venu pour toi de te procurer cette Figurine One Piece Jinbe Karat\u00e9 Des Hommes Poisson. Voici ce que tu dois savoir \u00e0 son sujet ; Jinbe \u00e9galement appel\u00e9 &quot;Le Paladin des Mers&quot; est le timonier de l&#039;\u00c9quipage du Chapeau de Paille. Un timonier ou un barreur, est la personne qui dirige le navire. J\" \/>\n<meta name=\"robots\" content=\"index, follow, max-snippet:-1, max-image-preview:large, max-video-preview:-1\" \/>\n<link rel=\"canonical\" href=\"https:\/\/boutique-one-piece.com\/de\/one-piece-figuren\/jinbe-figuren\/one-piece-figur-jinbe-karate-fischmann\/\" \/>\n<meta property=\"og:locale\" content=\"de_DE\" \/>\n<meta property=\"og:type\" content=\"article\" \/>\n<meta property=\"og:title\" content=\"Figurine One Piece Jinbe Karat\u00e9 Des Hommes Poisson | Figurine One Piece \u2013 Boutique One Piece\" \/>\n<meta property=\"og:description\" content=\"Jeune pirate, le moment est venu pour toi de te procurer cette Figurine One Piece Jinbe Karat\u00e9 Des Hommes Poisson. Voici ce que tu dois savoir \u00e0 son sujet ; Jinbe \u00e9galement appel\u00e9 &quot;Le Paladin des Mers&quot; est le timonier de l&#039;\u00c9quipage du Chapeau de Paille. Un timonier ou un barreur, est la personne qui dirige le navire. J\" \/>\n<meta property=\"og:url\" content=\"https:\/\/boutique-one-piece.com\/de\/one-piece-figuren\/jinbe-figuren\/one-piece-figur-jinbe-karate-fischmann\/\" \/>\n<meta property=\"og:site_name\" content=\"Boutique One Piece\" \/>\n<meta property=\"article:modified_time\" content=\"2024-09-16T11:52:45+00:00\" \/>\n<meta property=\"og:image\" content=\"https:\/\/boutique-one-piece.com\/wp-content\/uploads\/2022\/09\/H8d6545effc834a45ba219f8e12ee17a0U.jpg\" \/>\n\t<meta property=\"og:image:width\" content=\"800\" \/>\n\t<meta property=\"og:image:height\" content=\"800\" \/>\n\t<meta property=\"og:image:type\" content=\"image\/jpeg\" \/>\n<meta name=\"twitter:card\" content=\"summary_large_image\" \/>\n<meta name=\"twitter:label1\" content=\"Gesch\u00e4tzte Lesezeit\" \/>\n\t<meta name=\"twitter:data1\" content=\"2\u00a0Minuten\" \/>\n<script type=\"application\/ld+json\" class=\"yoast-schema-graph\">{\"@context\":\"https:\\\/\\\/schema.org\",\"@graph\":[{\"@type\":\"WebPage\",\"@id\":\"https:\\\/\\\/boutique-one-piece.com\\\/figurines-one-piece\\\/figurines-jinbe\\\/figurine-one-piece-jinbe-karate-homme-poisson\\\/\",\"url\":\"https:\\\/\\\/boutique-one-piece.com\\\/figurines-one-piece\\\/figurines-jinbe\\\/figurine-one-piece-jinbe-karate-homme-poisson\\\/\",\"name\":\"Figurine One Piece Jinbe Karat\u00e9 Des Hommes Poisson | Figurine One Piece \u2013 Boutique One Piece\",\"isPartOf\":{\"@id\":\"https:\\\/\\\/boutique-one-piece.com\\\/#website\"},\"primaryImageOfPage\":{\"@id\":\"https:\\\/\\\/boutique-one-piece.com\\\/figurines-one-piece\\\/figurines-jinbe\\\/figurine-one-piece-jinbe-karate-homme-poisson\\\/#primaryimage\"},\"image\":{\"@id\":\"https:\\\/\\\/boutique-one-piece.com\\\/figurines-one-piece\\\/figurines-jinbe\\\/figurine-one-piece-jinbe-karate-homme-poisson\\\/#primaryimage\"},\"thumbnailUrl\":\"https:\\\/\\\/boutique-one-piece.com\\\/wp-content\\\/uploads\\\/2022\\\/09\\\/H8d6545effc834a45ba219f8e12ee17a0U.jpg\",\"datePublished\":\"2022-09-27T20:23:09+00:00\",\"dateModified\":\"2024-09-16T11:52:45+00:00\",\"description\":\"Jeune pirate, le moment est venu pour toi de te procurer cette Figurine One Piece Jinbe Karat\u00e9 Des Hommes Poisson. Voici ce que tu dois savoir \u00e0 son sujet ; Jinbe \u00e9galement appel\u00e9 \\\"Le Paladin des Mers\\\" est le timonier de l'\u00c9quipage du Chapeau de Paille. Un timonier ou un barreur, est la personne qui dirige le navire. J\",\"breadcrumb\":{\"@id\":\"https:\\\/\\\/boutique-one-piece.com\\\/figurines-one-piece\\\/figurines-jinbe\\\/figurine-one-piece-jinbe-karate-homme-poisson\\\/#breadcrumb\"},\"inLanguage\":\"de\",\"potentialAction\":[{\"@type\":\"ReadAction\",\"target\":[\"https:\\\/\\\/boutique-one-piece.com\\\/figurines-one-piece\\\/figurines-jinbe\\\/figurine-one-piece-jinbe-karate-homme-poisson\\\/\"]}]},{\"@type\":\"ImageObject\",\"inLanguage\":\"de\",\"@id\":\"https:\\\/\\\/boutique-one-piece.com\\\/figurines-one-piece\\\/figurines-jinbe\\\/figurine-one-piece-jinbe-karate-homme-poisson\\\/#primaryimage\",\"url\":\"https:\\\/\\\/boutique-one-piece.com\\\/wp-content\\\/uploads\\\/2022\\\/09\\\/H8d6545effc834a45ba219f8e12ee17a0U.jpg\",\"contentUrl\":\"https:\\\/\\\/boutique-one-piece.com\\\/wp-content\\\/uploads\\\/2022\\\/09\\\/H8d6545effc834a45ba219f8e12ee17a0U.jpg\",\"width\":800,\"height\":800},{\"@type\":\"BreadcrumbList\",\"@id\":\"https:\\\/\\\/boutique-one-piece.com\\\/figurines-one-piece\\\/figurines-jinbe\\\/figurine-one-piece-jinbe-karate-homme-poisson\\\/#breadcrumb\",\"itemListElement\":[{\"@type\":\"ListItem\",\"position\":1,\"name\":\"Home\",\"item\":\"https:\\\/\\\/boutique-one-piece.com\\\/\"},{\"@type\":\"ListItem\",\"position\":2,\"name\":\"Shop\",\"item\":\"https:\\\/\\\/boutique-one-piece.com\\\/shop\\\/\"},{\"@type\":\"ListItem\",\"position\":3,\"name\":\"Figurine One Piece Jinbe Karat\u00e9 Des Hommes Poisson\"}]},{\"@type\":\"WebSite\",\"@id\":\"https:\\\/\\\/boutique-one-piece.com\\\/#website\",\"url\":\"https:\\\/\\\/boutique-one-piece.com\\\/\",\"name\":\"Boutique One Piece\",\"description\":\"Magasin Sp\u00e9cialis\u00e9 du Manga et l&#039;Anime One Piece\",\"publisher\":{\"@id\":\"https:\\\/\\\/boutique-one-piece.com\\\/#organization\"},\"potentialAction\":[{\"@type\":\"SearchAction\",\"target\":{\"@type\":\"EntryPoint\",\"urlTemplate\":\"https:\\\/\\\/boutique-one-piece.com\\\/?s={search_term_string}\"},\"query-input\":{\"@type\":\"PropertyValueSpecification\",\"valueRequired\":true,\"valueName\":\"search_term_string\"}}],\"inLanguage\":\"de\"},{\"@type\":\"Organization\",\"@id\":\"https:\\\/\\\/boutique-one-piece.com\\\/#organization\",\"name\":\"Boutique One Piece\",\"url\":\"https:\\\/\\\/boutique-one-piece.com\\\/\",\"logo\":{\"@type\":\"ImageObject\",\"inLanguage\":\"de\",\"@id\":\"https:\\\/\\\/boutique-one-piece.com\\\/#\\\/schema\\\/logo\\\/image\\\/\",\"url\":\"https:\\\/\\\/boutique-one-piece.com\\\/wp-content\\\/uploads\\\/2022\\\/09\\\/Logo-01.png\",\"contentUrl\":\"https:\\\/\\\/boutique-one-piece.com\\\/wp-content\\\/uploads\\\/2022\\\/09\\\/Logo-01.png\",\"width\":2318,\"height\":957,\"caption\":\"Boutique One Piece\"},\"image\":{\"@id\":\"https:\\\/\\\/boutique-one-piece.com\\\/#\\\/schema\\\/logo\\\/image\\\/\"}}]}<\/script>\n<!-- \/ Yoast SEO plugin. -->","yoast_head_json":{"title":"One Piece Jinbe Fischmensch Karate-Figur | One Piece Figur \u2013 One Piece Shop","description":"Junger Pirat, es ist soweit! Schnapp dir diese One Piece Jinbe Fischmensch-Karate-Figur. Hier sind alle Infos zu ihm: Jinbe, auch bekannt als \"Paladin der Meere\", ist der Steuermann der Strohhutbande. Ein Steuermann ist die Person, die das Schiff lenkt.","robots":{"index":"index","follow":"follow","max-snippet":"max-snippet:-1","max-image-preview":"max-image-preview:large","max-video-preview":"max-video-preview:-1"},"canonical":"https:\/\/boutique-one-piece.com\/de\/one-piece-figuren\/jinbe-figuren\/one-piece-figur-jinbe-karate-fischmann\/","og_locale":"de_DE","og_type":"article","og_title":"Figurine One Piece Jinbe Karat\u00e9 Des Hommes Poisson | Figurine One Piece \u2013 Boutique One Piece","og_description":"Jeune pirate, le moment est venu pour toi de te procurer cette Figurine One Piece Jinbe Karat\u00e9 Des Hommes Poisson. Voici ce que tu dois savoir \u00e0 son sujet ; Jinbe \u00e9galement appel\u00e9 \"Le Paladin des Mers\" est le timonier de l'\u00c9quipage du Chapeau de Paille. Un timonier ou un barreur, est la personne qui dirige le navire. J","og_url":"https:\/\/boutique-one-piece.com\/de\/one-piece-figuren\/jinbe-figuren\/one-piece-figur-jinbe-karate-fischmann\/","og_site_name":"Boutique One Piece","article_modified_time":"2024-09-16T11:52:45+00:00","og_image":[{"width":800,"height":800,"url":"https:\/\/boutique-one-piece.com\/wp-content\/uploads\/2022\/09\/H8d6545effc834a45ba219f8e12ee17a0U.jpg","type":"image\/jpeg"}],"twitter_card":"summary_large_image","twitter_misc":{"Gesch\u00e4tzte Lesezeit":"2\u00a0Minuten"},"schema":{"@context":"https:\/\/schema.org","@graph":[{"@type":"WebPage","@id":"https:\/\/boutique-one-piece.com\/figurines-one-piece\/figurines-jinbe\/figurine-one-piece-jinbe-karate-homme-poisson\/","url":"https:\/\/boutique-one-piece.com\/figurines-one-piece\/figurines-jinbe\/figurine-one-piece-jinbe-karate-homme-poisson\/","name":"One Piece Jinbe Fischmensch Karate-Figur | One Piece Figur \u2013 One Piece Shop","isPartOf":{"@id":"https:\/\/boutique-one-piece.com\/#website"},"primaryImageOfPage":{"@id":"https:\/\/boutique-one-piece.com\/figurines-one-piece\/figurines-jinbe\/figurine-one-piece-jinbe-karate-homme-poisson\/#primaryimage"},"image":{"@id":"https:\/\/boutique-one-piece.com\/figurines-one-piece\/figurines-jinbe\/figurine-one-piece-jinbe-karate-homme-poisson\/#primaryimage"},"thumbnailUrl":"https:\/\/boutique-one-piece.com\/wp-content\/uploads\/2022\/09\/H8d6545effc834a45ba219f8e12ee17a0U.jpg","datePublished":"2022-09-27T20:23:09+00:00","dateModified":"2024-09-16T11:52:45+00:00","description":"Junger Pirat, es ist soweit! Schnapp dir diese One Piece Jinbe Fischmensch-Karate-Figur. Hier sind alle Infos zu ihm: Jinbe, auch bekannt als \"Paladin der Meere\", ist der Steuermann der Strohhutbande. Ein Steuermann ist die Person, die das Schiff lenkt.","breadcrumb":{"@id":"https:\/\/boutique-one-piece.com\/figurines-one-piece\/figurines-jinbe\/figurine-one-piece-jinbe-karate-homme-poisson\/#breadcrumb"},"inLanguage":"de","potentialAction":[{"@type":"ReadAction","target":["https:\/\/boutique-one-piece.com\/figurines-one-piece\/figurines-jinbe\/figurine-one-piece-jinbe-karate-homme-poisson\/"]}]},{"@type":"ImageObject","inLanguage":"de","@id":"https:\/\/boutique-one-piece.com\/figurines-one-piece\/figurines-jinbe\/figurine-one-piece-jinbe-karate-homme-poisson\/#primaryimage","url":"https:\/\/boutique-one-piece.com\/wp-content\/uploads\/2022\/09\/H8d6545effc834a45ba219f8e12ee17a0U.jpg","contentUrl":"https:\/\/boutique-one-piece.com\/wp-content\/uploads\/2022\/09\/H8d6545effc834a45ba219f8e12ee17a0U.jpg","width":800,"height":800},{"@type":"BreadcrumbList","@id":"https:\/\/boutique-one-piece.com\/figurines-one-piece\/figurines-jinbe\/figurine-one-piece-jinbe-karate-homme-poisson\/#breadcrumb","itemListElement":[{"@type":"ListItem","position":1,"name":"Home","item":"https:\/\/boutique-one-piece.com\/"},{"@type":"ListItem","position":2,"name":"Shop","item":"https:\/\/boutique-one-piece.com\/shop\/"},{"@type":"ListItem","position":3,"name":"Figurine One Piece Jinbe Karat\u00e9 Des Hommes Poisson"}]},{"@type":"WebSite","@id":"https:\/\/boutique-one-piece.com\/#website","url":"https:\/\/boutique-one-piece.com\/","name":"One Piece Shop","description":"Fachgesch\u00e4ft f\u00fcr One Piece Manga und Anime","publisher":{"@id":"https:\/\/boutique-one-piece.com\/#organization"},"potentialAction":[{"@type":"SearchAction","target":{"@type":"EntryPoint","urlTemplate":"https:\/\/boutique-one-piece.com\/?s={search_term_string}"},"query-input":{"@type":"PropertyValueSpecification","valueRequired":true,"valueName":"search_term_string"}}],"inLanguage":"de"},{"@type":"Organization","@id":"https:\/\/boutique-one-piece.com\/#organization","name":"One Piece Shop","url":"https:\/\/boutique-one-piece.com\/","logo":{"@type":"ImageObject","inLanguage":"de","@id":"https:\/\/boutique-one-piece.com\/#\/schema\/logo\/image\/","url":"https:\/\/boutique-one-piece.com\/wp-content\/uploads\/2022\/09\/Logo-01.png","contentUrl":"https:\/\/boutique-one-piece.com\/wp-content\/uploads\/2022\/09\/Logo-01.png","width":2318,"height":957,"caption":"Boutique One Piece"},"image":{"@id":"https:\/\/boutique-one-piece.com\/#\/schema\/logo\/image\/"}}]}},"_links":{"self":[{"href":"https:\/\/boutique-one-piece.com\/de\/wp-json\/wp\/v2\/product\/9870","targetHints":{"allow":["GET"]}}],"collection":[{"href":"https:\/\/boutique-one-piece.com\/de\/wp-json\/wp\/v2\/product"}],"about":[{"href":"https:\/\/boutique-one-piece.com\/de\/wp-json\/wp\/v2\/types\/product"}],"replies":[{"embeddable":true,"href":"https:\/\/boutique-one-piece.com\/de\/wp-json\/wp\/v2\/comments?post=9870"}],"wp:featuredmedia":[{"embeddable":true,"href":"https:\/\/boutique-one-piece.com\/de\/wp-json\/wp\/v2\/media\/19236"}],"wp:attachment":[{"href":"https:\/\/boutique-one-piece.com\/de\/wp-json\/wp\/v2\/media?parent=9870"}],"wp:term":[{"taxonomy":"product_brand","embeddable":true,"href":"https:\/\/boutique-one-piece.com\/de\/wp-json\/wp\/v2\/product_brand?post=9870"},{"taxonomy":"product_cat","embeddable":true,"href":"https:\/\/boutique-one-piece.com\/de\/wp-json\/wp\/v2\/product_cat?post=9870"},{"taxonomy":"product_tag","embeddable":true,"href":"https:\/\/boutique-one-piece.com\/de\/wp-json\/wp\/v2\/product_tag?post=9870"}],"curies":[{"name":"wp","href":"https:\/\/api.w.org\/{rel}","templated":true}]}}