{"id":9976,"date":"2022-09-27T20:23:52","date_gmt":"2022-09-27T20:23:52","guid":{"rendered":"https:\/\/boutique-one-piece.com\/uncategorized\/cosplay-one-piece-shanks-le-roux\/"},"modified":"2024-09-16T11:54:53","modified_gmt":"2024-09-16T11:54:53","slug":"cosplay-one-piece-shanks-le-roux","status":"publish","type":"product","link":"https:\/\/boutique-one-piece.com\/de\/one-piece-kostume-und-cosplays\/cosplay-one-piece-shanks-le-roux\/","title":{"rendered":"One Piece Shank&#039;s Le Roux Cosplay"},"content":{"rendered":"<ul>\n<li><span><b><u>One Piece Cosplay<\/u><\/b>\u00a0One Piece-Universum-Cosplay f\u00fcr echte Piraten, ideal, um deinen Lieblingscharakter zu verk\u00f6rpern<\/span><\/li>\n<\/ul>\n<ul>\n<li>\n<b>Materialien<\/b><span>\u00a0<\/span>Polyester<\/li>\n<\/ul>\n<ul>\n<li>\n<b>Gr\u00f6\u00dfe<\/b><span>\u00a0<\/span>SML XL\u00a0<\/li>\n<\/ul>\n<ul>\n<li><span><strong>KOSTENLOSE LIEFERUNG<\/strong><\/span><\/li>\n<\/ul>","protected":false},"excerpt":{"rendered":"<p>One Piece Cosplay: Cosplay aus dem One Piece-Universum f\u00fcr echte Piraten \u2013 ideal, um deinen Lieblingscharakter zu verk\u00f6rpern. Material: Polyester. Gr\u00f6\u00dfen: S, M, L, XL. Kostenloser Versand.<\/p>","protected":false},"featured_media":9978,"comment_status":"open","ping_status":"open","template":"","meta":[],"product_brand":[],"product_cat":[207],"product_tag":[],"class_list":{"0":"post-9976","1":"product","2":"type-product","3":"status-publish","4":"has-post-thumbnail","6":"product_cat-deguisements-et-cosplays-one-piece","8":"first","9":"instock","10":"purchasable","11":"product-type-variable"},"yoast_head":"<!-- This site is optimized with the Yoast SEO plugin v27.5 - https:\/\/yoast.com\/product\/yoast-seo-wordpress\/ -->\n<title>Cosplay One Piece Shank&#039;s Le Roux | Cosplay One Piece \u2013 Boutique One Piece<\/title>\n<meta name=\"description\" content=\"Cosplay One Piece\u00a0: Cosplay de l&#039;univers One Piece pour les vrais pirates, id\u00e9al pour incarn\u00e9 ton personnage pr\u00e9f\u00e9r\u00e9 Mati\u00e8res\u00a0: Polyester Taille\u00a0: S M L\u00a0XL\u00a0 LIVRAISON OFFERTE\" \/>\n<meta name=\"robots\" content=\"index, follow, max-snippet:-1, max-image-preview:large, max-video-preview:-1\" \/>\n<link rel=\"canonical\" href=\"https:\/\/boutique-one-piece.com\/de\/one-piece-kostume-und-cosplays\/cosplay-one-piece-shanks-le-roux\/\" \/>\n<meta property=\"og:locale\" content=\"de_DE\" \/>\n<meta property=\"og:type\" content=\"article\" \/>\n<meta property=\"og:title\" content=\"Cosplay One Piece Shank&#039;s Le Roux | Cosplay One Piece \u2013 Boutique One Piece\" \/>\n<meta property=\"og:description\" content=\"Cosplay One Piece\u00a0: Cosplay de l&#039;univers One Piece pour les vrais pirates, id\u00e9al pour incarn\u00e9 ton personnage pr\u00e9f\u00e9r\u00e9 Mati\u00e8res\u00a0: Polyester Taille\u00a0: S M L\u00a0XL\u00a0 LIVRAISON OFFERTE\" \/>\n<meta property=\"og:url\" content=\"https:\/\/boutique-one-piece.com\/de\/one-piece-kostume-und-cosplays\/cosplay-one-piece-shanks-le-roux\/\" \/>\n<meta property=\"og:site_name\" content=\"Boutique One Piece\" \/>\n<meta property=\"article:modified_time\" content=\"2024-09-16T11:54:53+00:00\" \/>\n<meta property=\"og:image\" content=\"https:\/\/boutique-one-piece.com\/wp-content\/uploads\/2022\/09\/Cosplay-One-Piece-Shanks-Le-Roux.jpg\" \/>\n\t<meta property=\"og:image:width\" content=\"486\" \/>\n\t<meta property=\"og:image:height\" content=\"640\" \/>\n\t<meta property=\"og:image:type\" content=\"image\/jpeg\" \/>\n<meta name=\"twitter:card\" content=\"summary_large_image\" \/>\n<meta name=\"twitter:label1\" content=\"Gesch\u00e4tzte Lesezeit\" \/>\n\t<meta name=\"twitter:data1\" content=\"1\u00a0Minute\" \/>\n<script type=\"application\/ld+json\" class=\"yoast-schema-graph\">{\"@context\":\"https:\\\/\\\/schema.org\",\"@graph\":[{\"@type\":\"WebPage\",\"@id\":\"https:\\\/\\\/boutique-one-piece.com\\\/deguisements-et-cosplays-one-piece\\\/cosplay-one-piece-shanks-le-roux\\\/\",\"url\":\"https:\\\/\\\/boutique-one-piece.com\\\/deguisements-et-cosplays-one-piece\\\/cosplay-one-piece-shanks-le-roux\\\/\",\"name\":\"Cosplay One Piece Shank's Le Roux | Cosplay One Piece \u2013 Boutique One Piece\",\"isPartOf\":{\"@id\":\"https:\\\/\\\/boutique-one-piece.com\\\/#website\"},\"primaryImageOfPage\":{\"@id\":\"https:\\\/\\\/boutique-one-piece.com\\\/deguisements-et-cosplays-one-piece\\\/cosplay-one-piece-shanks-le-roux\\\/#primaryimage\"},\"image\":{\"@id\":\"https:\\\/\\\/boutique-one-piece.com\\\/deguisements-et-cosplays-one-piece\\\/cosplay-one-piece-shanks-le-roux\\\/#primaryimage\"},\"thumbnailUrl\":\"https:\\\/\\\/boutique-one-piece.com\\\/wp-content\\\/uploads\\\/2022\\\/09\\\/Cosplay-One-Piece-Shanks-Le-Roux.jpg\",\"datePublished\":\"2022-09-27T20:23:52+00:00\",\"dateModified\":\"2024-09-16T11:54:53+00:00\",\"description\":\"Cosplay One Piece\u00a0: Cosplay de l'univers One Piece pour les vrais pirates, id\u00e9al pour incarn\u00e9 ton personnage pr\u00e9f\u00e9r\u00e9 Mati\u00e8res\u00a0: Polyester Taille\u00a0: S M L\u00a0XL\u00a0 LIVRAISON OFFERTE\",\"breadcrumb\":{\"@id\":\"https:\\\/\\\/boutique-one-piece.com\\\/deguisements-et-cosplays-one-piece\\\/cosplay-one-piece-shanks-le-roux\\\/#breadcrumb\"},\"inLanguage\":\"de\",\"potentialAction\":[{\"@type\":\"ReadAction\",\"target\":[\"https:\\\/\\\/boutique-one-piece.com\\\/deguisements-et-cosplays-one-piece\\\/cosplay-one-piece-shanks-le-roux\\\/\"]}]},{\"@type\":\"ImageObject\",\"inLanguage\":\"de\",\"@id\":\"https:\\\/\\\/boutique-one-piece.com\\\/deguisements-et-cosplays-one-piece\\\/cosplay-one-piece-shanks-le-roux\\\/#primaryimage\",\"url\":\"https:\\\/\\\/boutique-one-piece.com\\\/wp-content\\\/uploads\\\/2022\\\/09\\\/Cosplay-One-Piece-Shanks-Le-Roux.jpg\",\"contentUrl\":\"https:\\\/\\\/boutique-one-piece.com\\\/wp-content\\\/uploads\\\/2022\\\/09\\\/Cosplay-One-Piece-Shanks-Le-Roux.jpg\",\"width\":486,\"height\":640,\"caption\":\"Cosplay One Piece Shank's Le Roux XL\"},{\"@type\":\"BreadcrumbList\",\"@id\":\"https:\\\/\\\/boutique-one-piece.com\\\/deguisements-et-cosplays-one-piece\\\/cosplay-one-piece-shanks-le-roux\\\/#breadcrumb\",\"itemListElement\":[{\"@type\":\"ListItem\",\"position\":1,\"name\":\"Home\",\"item\":\"https:\\\/\\\/boutique-one-piece.com\\\/\"},{\"@type\":\"ListItem\",\"position\":2,\"name\":\"Shop\",\"item\":\"https:\\\/\\\/boutique-one-piece.com\\\/shop\\\/\"},{\"@type\":\"ListItem\",\"position\":3,\"name\":\"Cosplay One Piece Shank&#8217;s Le Roux\"}]},{\"@type\":\"WebSite\",\"@id\":\"https:\\\/\\\/boutique-one-piece.com\\\/#website\",\"url\":\"https:\\\/\\\/boutique-one-piece.com\\\/\",\"name\":\"Boutique One Piece\",\"description\":\"Magasin Sp\u00e9cialis\u00e9 du Manga et l&#039;Anime One Piece\",\"publisher\":{\"@id\":\"https:\\\/\\\/boutique-one-piece.com\\\/#organization\"},\"potentialAction\":[{\"@type\":\"SearchAction\",\"target\":{\"@type\":\"EntryPoint\",\"urlTemplate\":\"https:\\\/\\\/boutique-one-piece.com\\\/?s={search_term_string}\"},\"query-input\":{\"@type\":\"PropertyValueSpecification\",\"valueRequired\":true,\"valueName\":\"search_term_string\"}}],\"inLanguage\":\"de\"},{\"@type\":\"Organization\",\"@id\":\"https:\\\/\\\/boutique-one-piece.com\\\/#organization\",\"name\":\"Boutique One Piece\",\"url\":\"https:\\\/\\\/boutique-one-piece.com\\\/\",\"logo\":{\"@type\":\"ImageObject\",\"inLanguage\":\"de\",\"@id\":\"https:\\\/\\\/boutique-one-piece.com\\\/#\\\/schema\\\/logo\\\/image\\\/\",\"url\":\"https:\\\/\\\/boutique-one-piece.com\\\/wp-content\\\/uploads\\\/2022\\\/09\\\/Logo-01.png\",\"contentUrl\":\"https:\\\/\\\/boutique-one-piece.com\\\/wp-content\\\/uploads\\\/2022\\\/09\\\/Logo-01.png\",\"width\":2318,\"height\":957,\"caption\":\"Boutique One Piece\"},\"image\":{\"@id\":\"https:\\\/\\\/boutique-one-piece.com\\\/#\\\/schema\\\/logo\\\/image\\\/\"}}]}<\/script>\n<!-- \/ Yoast SEO plugin. -->","yoast_head_json":{"title":"One Piece Shank&#039;s Le Roux Cosplay | One Piece Cosplay \u2013 One Piece Shop","description":"One Piece Cosplay: Cosplay aus dem One Piece-Universum f\u00fcr echte Piraten \u2013 ideal, um deinen Lieblingscharakter zu verk\u00f6rpern. Material: Polyester. Gr\u00f6\u00dfen: S, M, L, XL. Kostenloser Versand.","robots":{"index":"index","follow":"follow","max-snippet":"max-snippet:-1","max-image-preview":"max-image-preview:large","max-video-preview":"max-video-preview:-1"},"canonical":"https:\/\/boutique-one-piece.com\/de\/one-piece-kostume-und-cosplays\/cosplay-one-piece-shanks-le-roux\/","og_locale":"de_DE","og_type":"article","og_title":"Cosplay One Piece Shank's Le Roux | Cosplay One Piece \u2013 Boutique One Piece","og_description":"Cosplay One Piece\u00a0: Cosplay de l'univers One Piece pour les vrais pirates, id\u00e9al pour incarn\u00e9 ton personnage pr\u00e9f\u00e9r\u00e9 Mati\u00e8res\u00a0: Polyester Taille\u00a0: S M L\u00a0XL\u00a0 LIVRAISON OFFERTE","og_url":"https:\/\/boutique-one-piece.com\/de\/one-piece-kostume-und-cosplays\/cosplay-one-piece-shanks-le-roux\/","og_site_name":"Boutique One Piece","article_modified_time":"2024-09-16T11:54:53+00:00","og_image":[{"width":486,"height":640,"url":"https:\/\/boutique-one-piece.com\/wp-content\/uploads\/2022\/09\/Cosplay-One-Piece-Shanks-Le-Roux.jpg","type":"image\/jpeg"}],"twitter_card":"summary_large_image","twitter_misc":{"Gesch\u00e4tzte Lesezeit":"1\u00a0Minute"},"schema":{"@context":"https:\/\/schema.org","@graph":[{"@type":"WebPage","@id":"https:\/\/boutique-one-piece.com\/deguisements-et-cosplays-one-piece\/cosplay-one-piece-shanks-le-roux\/","url":"https:\/\/boutique-one-piece.com\/deguisements-et-cosplays-one-piece\/cosplay-one-piece-shanks-le-roux\/","name":"One Piece Shank&#039;s Le Roux Cosplay | One Piece Cosplay \u2013 One Piece Shop","isPartOf":{"@id":"https:\/\/boutique-one-piece.com\/#website"},"primaryImageOfPage":{"@id":"https:\/\/boutique-one-piece.com\/deguisements-et-cosplays-one-piece\/cosplay-one-piece-shanks-le-roux\/#primaryimage"},"image":{"@id":"https:\/\/boutique-one-piece.com\/deguisements-et-cosplays-one-piece\/cosplay-one-piece-shanks-le-roux\/#primaryimage"},"thumbnailUrl":"https:\/\/boutique-one-piece.com\/wp-content\/uploads\/2022\/09\/Cosplay-One-Piece-Shanks-Le-Roux.jpg","datePublished":"2022-09-27T20:23:52+00:00","dateModified":"2024-09-16T11:54:53+00:00","description":"One Piece Cosplay: Cosplay aus dem One Piece-Universum f\u00fcr echte Piraten \u2013 ideal, um deinen Lieblingscharakter zu verk\u00f6rpern. Material: Polyester. Gr\u00f6\u00dfen: S, M, L, XL. Kostenloser Versand.","breadcrumb":{"@id":"https:\/\/boutique-one-piece.com\/deguisements-et-cosplays-one-piece\/cosplay-one-piece-shanks-le-roux\/#breadcrumb"},"inLanguage":"de","potentialAction":[{"@type":"ReadAction","target":["https:\/\/boutique-one-piece.com\/deguisements-et-cosplays-one-piece\/cosplay-one-piece-shanks-le-roux\/"]}]},{"@type":"ImageObject","inLanguage":"de","@id":"https:\/\/boutique-one-piece.com\/deguisements-et-cosplays-one-piece\/cosplay-one-piece-shanks-le-roux\/#primaryimage","url":"https:\/\/boutique-one-piece.com\/wp-content\/uploads\/2022\/09\/Cosplay-One-Piece-Shanks-Le-Roux.jpg","contentUrl":"https:\/\/boutique-one-piece.com\/wp-content\/uploads\/2022\/09\/Cosplay-One-Piece-Shanks-Le-Roux.jpg","width":486,"height":640,"caption":"Cosplay One Piece Shank's Le Roux XL"},{"@type":"BreadcrumbList","@id":"https:\/\/boutique-one-piece.com\/deguisements-et-cosplays-one-piece\/cosplay-one-piece-shanks-le-roux\/#breadcrumb","itemListElement":[{"@type":"ListItem","position":1,"name":"Home","item":"https:\/\/boutique-one-piece.com\/"},{"@type":"ListItem","position":2,"name":"Shop","item":"https:\/\/boutique-one-piece.com\/shop\/"},{"@type":"ListItem","position":3,"name":"Cosplay One Piece Shank&#8217;s Le Roux"}]},{"@type":"WebSite","@id":"https:\/\/boutique-one-piece.com\/#website","url":"https:\/\/boutique-one-piece.com\/","name":"One Piece Shop","description":"Fachgesch\u00e4ft f\u00fcr One Piece Manga und Anime","publisher":{"@id":"https:\/\/boutique-one-piece.com\/#organization"},"potentialAction":[{"@type":"SearchAction","target":{"@type":"EntryPoint","urlTemplate":"https:\/\/boutique-one-piece.com\/?s={search_term_string}"},"query-input":{"@type":"PropertyValueSpecification","valueRequired":true,"valueName":"search_term_string"}}],"inLanguage":"de"},{"@type":"Organization","@id":"https:\/\/boutique-one-piece.com\/#organization","name":"One Piece Shop","url":"https:\/\/boutique-one-piece.com\/","logo":{"@type":"ImageObject","inLanguage":"de","@id":"https:\/\/boutique-one-piece.com\/#\/schema\/logo\/image\/","url":"https:\/\/boutique-one-piece.com\/wp-content\/uploads\/2022\/09\/Logo-01.png","contentUrl":"https:\/\/boutique-one-piece.com\/wp-content\/uploads\/2022\/09\/Logo-01.png","width":2318,"height":957,"caption":"Boutique One Piece"},"image":{"@id":"https:\/\/boutique-one-piece.com\/#\/schema\/logo\/image\/"}}]}},"_links":{"self":[{"href":"https:\/\/boutique-one-piece.com\/de\/wp-json\/wp\/v2\/product\/9976","targetHints":{"allow":["GET"]}}],"collection":[{"href":"https:\/\/boutique-one-piece.com\/de\/wp-json\/wp\/v2\/product"}],"about":[{"href":"https:\/\/boutique-one-piece.com\/de\/wp-json\/wp\/v2\/types\/product"}],"replies":[{"embeddable":true,"href":"https:\/\/boutique-one-piece.com\/de\/wp-json\/wp\/v2\/comments?post=9976"}],"wp:featuredmedia":[{"embeddable":true,"href":"https:\/\/boutique-one-piece.com\/de\/wp-json\/wp\/v2\/media\/9978"}],"wp:attachment":[{"href":"https:\/\/boutique-one-piece.com\/de\/wp-json\/wp\/v2\/media?parent=9976"}],"wp:term":[{"taxonomy":"product_brand","embeddable":true,"href":"https:\/\/boutique-one-piece.com\/de\/wp-json\/wp\/v2\/product_brand?post=9976"},{"taxonomy":"product_cat","embeddable":true,"href":"https:\/\/boutique-one-piece.com\/de\/wp-json\/wp\/v2\/product_cat?post=9976"},{"taxonomy":"product_tag","embeddable":true,"href":"https:\/\/boutique-one-piece.com\/de\/wp-json\/wp\/v2\/product_tag?post=9976"}],"curies":[{"name":"wp","href":"https:\/\/api.w.org\/{rel}","templated":true}]}}