{"id":10130,"date":"2022-09-27T20:32:36","date_gmt":"2022-09-27T20:32:36","guid":{"rendered":"https:\/\/boutique-one-piece.com\/uncategorized\/replique-one-piece-vogue-merry\/"},"modified":"2024-09-16T11:58:32","modified_gmt":"2024-09-16T11:58:32","slug":"%ce%b1%ce%bd%cf%84%ce%af%ce%b3%cf%81%ce%b1%cf%86%ce%bf-%ce%b5%ce%bd%cf%8c%cf%82-%cf%84%ce%b5%ce%bc%ce%b1%cf%87%ce%af%ce%bf%cf%85-vogue-merry","status":"publish","type":"product","link":"https:\/\/boutique-one-piece.com\/el\/%cf%86%ce%b9%ce%b3%ce%bf%cf%8d%cf%81%ce%b5%cf%82-one-piece\/%ce%b1%ce%bd%cf%84%ce%af%ce%b3%cf%81%ce%b1%cf%86%ce%bf-%ce%b5%ce%bd%cf%8c%cf%82-%cf%84%ce%b5%ce%bc%ce%b1%cf%87%ce%af%ce%bf%cf%85-vogue-merry\/","title":{"rendered":"Vogue Merry Boat"},"content":{"rendered":"<h2>\u039d\u03b5\u03b1\u03c1\u03ad \u03c0\u03b5\u03b9\u03c1\u03b1\u03c4\u03ae, \u03ae\u03c1\u03b8\u03b5 \u03b7 \u03ce\u03c1\u03b1 \u03bd\u03b1 \u03b1\u03c0\u03bf\u03ba\u03c4\u03ae\u03c3\u03b5\u03b9\u03c2 \u03b1\u03c5\u03c4\u03cc \u03c4\u03bf One Piece Vogue Merry Figurine.<\/h2>\n<p>\u03a5\u03c0\u03b5\u03bd\u03b8\u03c5\u03bc\u03af\u03b6\u03b5\u03c4\u03b1\u03b9 \u03cc\u03c4\u03b9 \u03c4\u03bf <strong>Vogue Merry<\/strong>, \u03a4\u03bf \u03c0\u03bb\u03bf\u03af\u03bf, \u03c0\u03bf\u03c5 \u03c3\u03c5\u03c7\u03bd\u03ac \u03b1\u03c0\u03bf\u03ba\u03b1\u03bb\u03bf\u03cd\u03bd\u03c4\u03b1\u03bd \u03bc\u03b5 \u03c7\u03b1\u03ca\u03b4\u03b5\u03c5\u03c4\u03b9\u03ba\u03ac Merry, \u03ae\u03c4\u03b1\u03bd \u03c4\u03bf \u03c0\u03c1\u03ce\u03c4\u03bf \u03c0\u03bb\u03bf\u03af\u03bf \u03c4\u03bf\u03c5 \u03c0\u03bb\u03b7\u03c1\u03ce\u03bc\u03b1\u03c4\u03bf\u03c2 Straw Hat. \u039c\u03b5 \u03c4\u03b7\u03bd \u03c0\u03ac\u03c1\u03bf\u03b4\u03bf \u03c4\u03bf\u03c5 \u03c7\u03c1\u03cc\u03bd\u03bf\u03c5, \u03c4\u03bf \u03c0\u03bb\u03bf\u03af\u03bf \u03ad\u03b3\u03b9\u03bd\u03b5 \u03c4\u03cc\u03c3\u03bf \u03b1\u03b3\u03b1\u03c0\u03b7\u03c4\u03cc \u03c3\u03c4\u03bf \u03c0\u03bb\u03ae\u03c1\u03c9\u03bc\u03b1 \u03c9\u03c2 \u03c3\u03c0\u03af\u03c4\u03b9 \u03c0\u03bf\u03c5 \u03b1\u03bd\u03ad\u03c0\u03c4\u03c5\u03be\u03b5 \u03ba\u03c5\u03c1\u03b9\u03bf\u03bb\u03b5\u03ba\u03c4\u03b9\u03ba\u03ac \u03bc\u03b9\u03b1 \u03b4\u03b9\u03ba\u03ae \u03c4\u03bf\u03c5 \u03c0\u03c1\u03bf\u03c3\u03c9\u03c0\u03b9\u03ba\u03cc\u03c4\u03b7\u03c4\u03b1 \u03ba\u03b1\u03b9 \u03b8\u03b5\u03c9\u03c1\u03bf\u03cd\u03bd\u03c4\u03b1\u03bd \u03bc\u03ad\u03c1\u03bf\u03c2 \u03c4\u03bf\u03c5 \u03c0\u03bb\u03b7\u03c1\u03ce\u03bc\u03b1\u03c4\u03bf\u03c2 \u03cc\u03c0\u03c9\u03c2 \u03ba\u03ac\u03b8\u03b5 \u03ac\u03bb\u03bb\u03bf \u03bc\u03ad\u03bb\u03bf\u03c2.<\/p>\n<p>\u0394\u03c5\u03c3\u03c4\u03c5\u03c7\u03ce\u03c2, \u03c4\u03bf Going Merry \u03c5\u03c0\u03ad\u03c3\u03c4\u03b7 \u03b1\u03c0\u03af\u03c3\u03c4\u03b5\u03c5\u03c4\u03b5\u03c2 \u03b6\u03b7\u03bc\u03b9\u03ad\u03c2 \u03ba\u03b1\u03c4\u03ac \u03c4\u03b7 \u03b4\u03b9\u03ac\u03c1\u03ba\u03b5\u03b9\u03b1 \u03c4\u03b7\u03c2 \u03c5\u03c0\u03b7\u03c1\u03b5\u03c3\u03b9\u03b1\u03ba\u03ae\u03c2 \u03c4\u03bf\u03c5 \u03b6\u03c9\u03ae\u03c2. \u03a0\u03c1\u03bf\u03c6\u03b1\u03bd\u03ce\u03c2, \u03c4\u03bf \u03c0\u03bb\u03bf\u03af\u03bf \u03b4\u03b5\u03bd \u03bc\u03c0\u03bf\u03c1\u03bf\u03cd\u03c3\u03b5 \u03c0\u03bb\u03ad\u03bf\u03bd \u03bd\u03b1 \u03c3\u03c5\u03bd\u03b5\u03c7\u03af\u03c3\u03b5\u03b9. \u03a9\u03c2 \u03b5\u03ba \u03c4\u03bf\u03cd\u03c4\u03bf\u03c5, \u03b1\u03c6\u03bf\u03cd \u03ad\u03c6\u03c4\u03b1\u03c3\u03b5 \u03c3\u03c4\u03bf Water 7, \u03ad\u03bb\u03b1\u03b2\u03b5 \u03bc\u03b9\u03b1 \u03ba\u03b7\u03b4\u03b5\u03af\u03b1 \u0392\u03af\u03ba\u03b9\u03bd\u03b3\u03ba. \u0391\u03c5\u03c4\u03cc \u03c4\u03bf \u03c0\u03bb\u03bf\u03af\u03bf \u03b1\u03c1\u03b3\u03cc\u03c4\u03b5\u03c1\u03b1 \u03b1\u03bd\u03c4\u03b9\u03ba\u03b1\u03c4\u03b1\u03c3\u03c4\u03ac\u03b8\u03b7\u03ba\u03b5 \u03b1\u03c0\u03cc \u03c4\u03bf <strong>\u03a7\u03af\u03bb\u03b9\u03b5\u03c2 \u03b7\u03bb\u03b9\u03cc\u03bb\u03bf\u03c5\u03c3\u03c4\u03b5\u03c2<\/strong>. \u0395\u03c0\u03b9\u03c0\u03bb\u03ad\u03bf\u03bd, \u03c4\u03bf <a title=\"\u0391\u039d\u03a4\u0399\u0393\u03a1\u0391\u03a6\u039f ONE PIECE THOUSAND SUNNY\" href=\"https:\/\/boutique-one-piece.com\/el\/%ce%b1%ce%bd%cf%84%ce%af%ce%b3%cf%81%ce%b1%cf%86%ce%bf-%ce%b5%ce%bd%cf%8c%cf%82-%ce%ba%ce%bf%ce%bc%ce%bc%ce%b1%cf%84%ce%b9%ce%bf%cf%8d-%cf%87%ce%b9%ce%bb%ce%b9%ce%ac%ce%b4%cf%89%ce%bd-%ce%b7%ce%bb\/\" target=\"_blank\" rel=\"noopener\">\u03b1\u03bd\u03c4\u03af\u03b3\u03c1\u03b1\u03c6\u03bf \u03c4\u03bf\u03c5 Thousand Sunny<\/a> \u03b5\u03af\u03bd\u03b1\u03b9 \u03b5\u03bd\u03c4\u03cc\u03c2 \u03c4\u03c9\u03bd \u03b4\u03c5\u03bd\u03b1\u03c4\u03bf\u03c4\u03ae\u03c4\u03c9\u03bd \u03c3\u03b1\u03c2.<\/p>\n<h3>\u03a3\u03b1\u03c2 \u03c3\u03c5\u03bd\u03b5\u03c0\u03b1\u03af\u03c1\u03bd\u03b5\u03b9, \u03bb\u03bf\u03b9\u03c0\u03cc\u03bd, \u03c4\u03bf \u03b5\u03bc\u03b2\u03bb\u03b7\u03bc\u03b1\u03c4\u03b9\u03ba\u03cc Going Merry; \u0391\u03bd \u03bd\u03b1\u03b9, \u03c4\u03b9 \u03c0\u03b5\u03c1\u03b9\u03bc\u03ad\u03bd\u03b5\u03c4\u03b5; \u0391\u03bd\u03b5\u03b2\u03b5\u03af\u03c4\u03b5 \u03c3\u03c4\u03bf \u03c0\u03bb\u03bf\u03af\u03bf \u03ba\u03b1\u03b9 \u03b3\u03af\u03bd\u03b5\u03c4\u03b5 \u03bc\u03ad\u03bb\u03bf\u03c2 \u03c4\u03bf\u03c5 \u03c0\u03bb\u03b7\u03c1\u03ce\u03bc\u03b1\u03c4\u03bf\u03c2 \u03c4\u03bf\u03c5 Monkey D. Luffy.<\/h3>\n<p>\u03a4\u03bf One Piece \u03b5\u03af\u03bd\u03b1\u03b9 \u03bc\u03b9\u03b1 \u03c3\u03b5\u03b9\u03c1\u03ac \u03b1\u03c0\u03cc <strong>\u03bc\u03ac\u03bd\u03b3\u03ba\u03b1 \u03c3\u03bf\u03bd\u03ad\u03bd<\/strong>. \u0393\u03af\u03bd\u03b5 \u03bc\u03ad\u03c1\u03bf\u03c2 \u03c4\u03b7\u03c2 \u03c0\u03b5\u03c1\u03b9\u03c0\u03ad\u03c4\u03b5\u03b9\u03b1\u03c2 \u03ba\u03b1\u03b9 \u03b3\u03af\u03bd\u03b5 \u03ad\u03bd\u03b1 \u03b1\u03c0\u03cc \u03c4\u03b1 \u03bc\u03ad\u03bb\u03b7 \u03c4\u03bf\u03c5 \u03c0\u03bb\u03b7\u03c1\u03ce\u03bc\u03b1\u03c4\u03bf\u03c2 \u03c4\u03bf\u03c5 <strong>\u03a8\u03ac\u03b8\u03b9\u03bd\u03bf \u03ba\u03b1\u03c0\u03ad\u03bb\u03bf<\/strong>. \u0391\u03c5\u03c4\u03ac \u03c4\u03b1 \u03b1\u03bd\u03c4\u03b9\u03ba\u03b5\u03af\u03bc\u03b5\u03bd\u03b1 \u03b8\u03b1 \u03c3\u03b1\u03c2 \u03b2\u03c5\u03b8\u03af\u03c3\u03bf\u03c5\u03bd \u03c3\u03c4\u03bf \u03b1\u03b3\u03b1\u03c0\u03b7\u03bc\u03ad\u03bd\u03bf \u03c3\u03b1\u03c2 \u03ba\u03b9\u03bd\u03bf\u03cd\u03bc\u03b5\u03bd\u03bf \u03c3\u03cd\u03bc\u03c0\u03b1\u03bd. \u039c\u03b7\u03bd \u03c0\u03b5\u03c1\u03b9\u03bc\u03ad\u03bd\u03b5\u03c4\u03b5 \u03bb\u03bf\u03b9\u03c0\u03cc\u03bd \u03ac\u03bb\u03bb\u03bf \u03ba\u03b1\u03b9 \u03b1\u03b4\u03c1\u03ac\u03be\u03c4\u03b5 \u03b1\u03c5\u03c4\u03ae \u03c4\u03b7\u03bd \u03b5\u03c5\u03ba\u03b1\u03b9\u03c1\u03af\u03b1 \u03b3\u03b9\u03b1 \u03bd\u03b1 \u03b6\u03ae\u03c3\u03b5\u03c4\u03b5 \u03c3\u03c5\u03bd\u03b1\u03c1\u03c0\u03b1\u03c3\u03c4\u03b9\u03ba\u03ad\u03c2 \u03c0\u03b5\u03c1\u03b9\u03c0\u03ad\u03c4\u03b5\u03b9\u03b5\u03c2.<\/p>\n<h2>\u03a0\u03bb\u03b7\u03c1\u03bf\u03c6\u03bf\u03c1\u03af\u03b5\u03c2 \u03b3\u03b9\u03b1 \u03c4\u03bf Vogue Merry Figurine\u00a0<\/h2>\n<ul>\n<li><span><b><u>\u039f\u03bb\u03cc\u03c3\u03c9\u03bc\u03bf \u03b5\u03b9\u03b4\u03ce\u03bb\u03b9\u03bf<\/u><\/b>\u00a0\u03a6\u03b9\u03b3\u03bf\u03cd\u03c1\u03b1 One Piece Premium \u03b3\u03b9\u03b1 \u03b1\u03bb\u03b7\u03b8\u03b9\u03bd\u03bf\u03cd\u03c2 \u03c0\u03b5\u03b9\u03c1\u03b1\u03c4\u03ad\u03c2<\/span><\/li>\n<\/ul>\n<ul>\n<li>\n<b>\u03a5\u03bb\u03b7<\/b><span>\u00a0<\/span>PVC<\/li>\n<\/ul>\n<ul>\n<li><span><strong>\u0394\u03b9\u03ac\u03c3\u03c4\u03b1\u03c3\u03b7<\/strong>\u00a0: 28 \u03b5\u03ba.<\/span><\/li>\n<\/ul>\n<ul>\n<li><span><strong>\u0394\u03a9\u03a1\u0395\u0391\u039d \u03a0\u0391\u03a1\u0391\u0394\u039f\u03a3\u0397<\/strong><\/span><\/li>\n<\/ul>","protected":false},"excerpt":{"rendered":"<p>Jeune pirate, le moment est venu pour toi de te procurer cette\u00a0Figurine One piece Vogue Merry. Pour rappel, Le Vogue Merry, souvent tendrement appel\u00e9 Merry, \u00e9tait le premier navire de L&rsquo;\u00c9quipage du Chapeau de Paille. Au fil du temps, le navire se fait si aimer par l&rsquo;\u00e9quipage en tant que maison qu&rsquo;il s&rsquo;est litt\u00e9ralement constitu\u00e9 [&hellip;]<\/p>","protected":false},"featured_media":10132,"comment_status":"open","ping_status":"open","template":"","meta":[],"product_brand":[],"product_cat":[76],"product_tag":[138,324],"class_list":{"0":"post-10130","1":"product","2":"type-product","3":"status-publish","4":"has-post-thumbnail","6":"product_cat-figurines-one-piece","7":"product_tag-bateau","8":"product_tag-vogue-merry","10":"first","11":"instock","12":"purchasable","13":"product-type-simple"},"yoast_head":"<!-- This site is optimized with the Yoast SEO plugin v27.5 - https:\/\/yoast.com\/product\/yoast-seo-wordpress\/ -->\n<title>Figurine Vogue Merry One Piece | Boutique One Piece<\/title>\n<meta name=\"description\" content=\"Jeune pirate, le moment est venu pour toi de te procurer cette\u00a0Figurine One piece Vogue Merry. Pour rappel, Le Vogue Merry, souvent tendrement appel\u00e9 Merry, \u00e9tait le premier navire de L&#039;\u00c9quipage du Chapeau de Paille. Au fil du temps, le navire se fait si aimer par l&#039;\u00e9quipage en tant que maison qu&#039;il s&#039;est litt\u00e9ralement\" \/>\n<meta name=\"robots\" content=\"index, follow, max-snippet:-1, max-image-preview:large, max-video-preview:-1\" \/>\n<link rel=\"canonical\" href=\"https:\/\/boutique-one-piece.com\/el\/\u03c6\u03b9\u03b3\u03bf\u03cd\u03c1\u03b5\u03c2-one-piece\/\u03b1\u03bd\u03c4\u03af\u03b3\u03c1\u03b1\u03c6\u03bf-\u03b5\u03bd\u03cc\u03c2-\u03c4\u03b5\u03bc\u03b1\u03c7\u03af\u03bf\u03c5-vogue-merry\/\" \/>\n<meta property=\"og:locale\" content=\"el_GR\" \/>\n<meta property=\"og:type\" content=\"article\" \/>\n<meta property=\"og:title\" content=\"Figurine Vogue Merry One Piece | Boutique One Piece\" \/>\n<meta property=\"og:description\" content=\"Jeune pirate, le moment est venu pour toi de te procurer cette\u00a0Figurine One piece Vogue Merry. Pour rappel, Le Vogue Merry, souvent tendrement appel\u00e9 Merry, \u00e9tait le premier navire de L&#039;\u00c9quipage du Chapeau de Paille. Au fil du temps, le navire se fait si aimer par l&#039;\u00e9quipage en tant que maison qu&#039;il s&#039;est litt\u00e9ralement\" \/>\n<meta property=\"og:url\" content=\"https:\/\/boutique-one-piece.com\/el\/\u03c6\u03b9\u03b3\u03bf\u03cd\u03c1\u03b5\u03c2-one-piece\/\u03b1\u03bd\u03c4\u03af\u03b3\u03c1\u03b1\u03c6\u03bf-\u03b5\u03bd\u03cc\u03c2-\u03c4\u03b5\u03bc\u03b1\u03c7\u03af\u03bf\u03c5-vogue-merry\/\" \/>\n<meta property=\"og:site_name\" content=\"Boutique One Piece\" \/>\n<meta property=\"article:modified_time\" content=\"2024-09-16T11:58:32+00:00\" \/>\n<meta property=\"og:image\" content=\"https:\/\/boutique-one-piece.com\/wp-content\/uploads\/2022\/09\/Bateau-Vogue-Merry-1.jpg\" \/>\n\t<meta property=\"og:image:width\" content=\"800\" \/>\n\t<meta property=\"og:image:height\" content=\"800\" \/>\n\t<meta property=\"og:image:type\" content=\"image\/jpeg\" \/>\n<meta name=\"twitter:card\" content=\"summary_large_image\" \/>\n<meta name=\"twitter:label1\" content=\"\u0395\u03ba\u03c4\u03b9\u03bc\u03ce\u03bc\u03b5\u03bd\u03bf\u03c2 \u03c7\u03c1\u03cc\u03bd\u03bf\u03c2 \u03b1\u03bd\u03ac\u03b3\u03bd\u03c9\u03c3\u03b7\u03c2\" \/>\n\t<meta name=\"twitter:data1\" content=\"1 \u03bb\u03b5\u03c0\u03c4\u03cc\" \/>\n<script type=\"application\/ld+json\" class=\"yoast-schema-graph\">{\"@context\":\"https:\\\/\\\/schema.org\",\"@graph\":[{\"@type\":\"WebPage\",\"@id\":\"https:\\\/\\\/boutique-one-piece.com\\\/figurines-one-piece\\\/replique-one-piece-vogue-merry\\\/\",\"url\":\"https:\\\/\\\/boutique-one-piece.com\\\/figurines-one-piece\\\/replique-one-piece-vogue-merry\\\/\",\"name\":\"Figurine Vogue Merry One Piece | Boutique One Piece\",\"isPartOf\":{\"@id\":\"https:\\\/\\\/boutique-one-piece.com\\\/#website\"},\"primaryImageOfPage\":{\"@id\":\"https:\\\/\\\/boutique-one-piece.com\\\/figurines-one-piece\\\/replique-one-piece-vogue-merry\\\/#primaryimage\"},\"image\":{\"@id\":\"https:\\\/\\\/boutique-one-piece.com\\\/figurines-one-piece\\\/replique-one-piece-vogue-merry\\\/#primaryimage\"},\"thumbnailUrl\":\"https:\\\/\\\/boutique-one-piece.com\\\/wp-content\\\/uploads\\\/2022\\\/09\\\/Bateau-Vogue-Merry-1.jpg\",\"datePublished\":\"2022-09-27T20:32:36+00:00\",\"dateModified\":\"2024-09-16T11:58:32+00:00\",\"description\":\"Jeune pirate, le moment est venu pour toi de te procurer cette\u00a0Figurine One piece Vogue Merry. Pour rappel, Le Vogue Merry, souvent tendrement appel\u00e9 Merry, \u00e9tait le premier navire de L'\u00c9quipage du Chapeau de Paille. Au fil du temps, le navire se fait si aimer par l'\u00e9quipage en tant que maison qu'il s'est litt\u00e9ralement\",\"breadcrumb\":{\"@id\":\"https:\\\/\\\/boutique-one-piece.com\\\/figurines-one-piece\\\/replique-one-piece-vogue-merry\\\/#breadcrumb\"},\"inLanguage\":\"el\",\"potentialAction\":[{\"@type\":\"ReadAction\",\"target\":[\"https:\\\/\\\/boutique-one-piece.com\\\/figurines-one-piece\\\/replique-one-piece-vogue-merry\\\/\"]}]},{\"@type\":\"ImageObject\",\"inLanguage\":\"el\",\"@id\":\"https:\\\/\\\/boutique-one-piece.com\\\/figurines-one-piece\\\/replique-one-piece-vogue-merry\\\/#primaryimage\",\"url\":\"https:\\\/\\\/boutique-one-piece.com\\\/wp-content\\\/uploads\\\/2022\\\/09\\\/Bateau-Vogue-Merry-1.jpg\",\"contentUrl\":\"https:\\\/\\\/boutique-one-piece.com\\\/wp-content\\\/uploads\\\/2022\\\/09\\\/Bateau-Vogue-Merry-1.jpg\",\"width\":800,\"height\":800},{\"@type\":\"BreadcrumbList\",\"@id\":\"https:\\\/\\\/boutique-one-piece.com\\\/figurines-one-piece\\\/replique-one-piece-vogue-merry\\\/#breadcrumb\",\"itemListElement\":[{\"@type\":\"ListItem\",\"position\":1,\"name\":\"Home\",\"item\":\"https:\\\/\\\/boutique-one-piece.com\\\/\"},{\"@type\":\"ListItem\",\"position\":2,\"name\":\"Shop\",\"item\":\"https:\\\/\\\/boutique-one-piece.com\\\/shop\\\/\"},{\"@type\":\"ListItem\",\"position\":3,\"name\":\"Bateau Vogue Merry\"}]},{\"@type\":\"WebSite\",\"@id\":\"https:\\\/\\\/boutique-one-piece.com\\\/#website\",\"url\":\"https:\\\/\\\/boutique-one-piece.com\\\/\",\"name\":\"Boutique One Piece\",\"description\":\"Magasin Sp\u00e9cialis\u00e9 du Manga et l&#039;Anime One Piece\",\"publisher\":{\"@id\":\"https:\\\/\\\/boutique-one-piece.com\\\/#organization\"},\"potentialAction\":[{\"@type\":\"SearchAction\",\"target\":{\"@type\":\"EntryPoint\",\"urlTemplate\":\"https:\\\/\\\/boutique-one-piece.com\\\/?s={search_term_string}\"},\"query-input\":{\"@type\":\"PropertyValueSpecification\",\"valueRequired\":true,\"valueName\":\"search_term_string\"}}],\"inLanguage\":\"el\"},{\"@type\":\"Organization\",\"@id\":\"https:\\\/\\\/boutique-one-piece.com\\\/#organization\",\"name\":\"Boutique One Piece\",\"url\":\"https:\\\/\\\/boutique-one-piece.com\\\/\",\"logo\":{\"@type\":\"ImageObject\",\"inLanguage\":\"el\",\"@id\":\"https:\\\/\\\/boutique-one-piece.com\\\/#\\\/schema\\\/logo\\\/image\\\/\",\"url\":\"https:\\\/\\\/boutique-one-piece.com\\\/wp-content\\\/uploads\\\/2022\\\/09\\\/Logo-01.png\",\"contentUrl\":\"https:\\\/\\\/boutique-one-piece.com\\\/wp-content\\\/uploads\\\/2022\\\/09\\\/Logo-01.png\",\"width\":2318,\"height\":957,\"caption\":\"Boutique One Piece\"},\"image\":{\"@id\":\"https:\\\/\\\/boutique-one-piece.com\\\/#\\\/schema\\\/logo\\\/image\\\/\"}}]}<\/script>\n<!-- \/ Yoast SEO plugin. -->","yoast_head_json":{"title":"Vogue Merry \u03a6\u03b9\u03b3\u03bf\u03cd\u03c1\u03b1 \u039f\u03bb\u03cc\u03c3\u03c9\u03bc\u03bf\u03c5 | \u039a\u03b1\u03c4\u03ac\u03c3\u03c4\u03b7\u03bc\u03b1 \u039f\u03bb\u03cc\u03c3\u03c9\u03bc\u03c9\u03bd \u03a0\u03b9\u03ac\u03c4\u03c9\u03bd","description":"\u039d\u03b5\u03b1\u03c1\u03ad \u03c0\u03b5\u03b9\u03c1\u03b1\u03c4\u03ae, \u03ae\u03c1\u03b8\u03b5 \u03b7 \u03ce\u03c1\u03b1 \u03bd\u03b1 \u03b1\u03c0\u03bf\u03ba\u03c4\u03ae\u03c3\u03b5\u03b9\u03c2 \u03b1\u03c5\u03c4\u03ae \u03c4\u03b7 \u03c6\u03b9\u03b3\u03bf\u03cd\u03c1\u03b1 One Piece Going Merry. \u03a5\u03c0\u03b5\u03bd\u03b8\u03c5\u03bc\u03af\u03b6\u03bf\u03c5\u03bc\u03b5 \u03cc\u03c4\u03b9 \u03c4\u03bf Going Merry, \u03c0\u03bf\u03c5 \u03c3\u03c5\u03c7\u03bd\u03ac \u03b1\u03c0\u03bf\u03ba\u03b1\u03bb\u03b5\u03af\u03c4\u03b1\u03b9 \u03c7\u03b1\u03ca\u03b4\u03b5\u03c5\u03c4\u03b9\u03ba\u03ac Merry, \u03ae\u03c4\u03b1\u03bd \u03c4\u03bf \u03c0\u03c1\u03ce\u03c4\u03bf \u03c0\u03bb\u03bf\u03af\u03bf \u03c4\u03bf\u03c5 \u03c0\u03bb\u03b7\u03c1\u03ce\u03bc\u03b1\u03c4\u03bf\u03c2 Straw Hat. \u039c\u03b5 \u03c4\u03b7\u03bd \u03c0\u03ac\u03c1\u03bf\u03b4\u03bf \u03c4\u03bf\u03c5 \u03c7\u03c1\u03cc\u03bd\u03bf\u03c5, \u03c4\u03bf \u03c0\u03bb\u03bf\u03af\u03bf \u03ad\u03b3\u03b9\u03bd\u03b5 \u03c4\u03cc\u03c3\u03bf \u03b1\u03b3\u03b1\u03c0\u03b7\u03c4\u03cc \u03c3\u03c4\u03bf \u03c0\u03bb\u03ae\u03c1\u03c9\u03bc\u03b1 \u03c9\u03c2 \u03c4\u03bf \u03c3\u03c0\u03af\u03c4\u03b9 \u03c4\u03bf\u03c5\u03c2 \u03c0\u03bf\u03c5 \u03ba\u03c5\u03c1\u03b9\u03bf\u03bb\u03b5\u03ba\u03c4\u03b9\u03ba\u03ac \u03ad\u03b3\u03b9\u03bd\u03b5...","robots":{"index":"index","follow":"follow","max-snippet":"max-snippet:-1","max-image-preview":"max-image-preview:large","max-video-preview":"max-video-preview:-1"},"canonical":"https:\/\/boutique-one-piece.com\/el\/\u03c6\u03b9\u03b3\u03bf\u03cd\u03c1\u03b5\u03c2-one-piece\/\u03b1\u03bd\u03c4\u03af\u03b3\u03c1\u03b1\u03c6\u03bf-\u03b5\u03bd\u03cc\u03c2-\u03c4\u03b5\u03bc\u03b1\u03c7\u03af\u03bf\u03c5-vogue-merry\/","og_locale":"el_GR","og_type":"article","og_title":"Figurine Vogue Merry One Piece | Boutique One Piece","og_description":"Jeune pirate, le moment est venu pour toi de te procurer cette\u00a0Figurine One piece Vogue Merry. Pour rappel, Le Vogue Merry, souvent tendrement appel\u00e9 Merry, \u00e9tait le premier navire de L'\u00c9quipage du Chapeau de Paille. Au fil du temps, le navire se fait si aimer par l'\u00e9quipage en tant que maison qu'il s'est litt\u00e9ralement","og_url":"https:\/\/boutique-one-piece.com\/el\/\u03c6\u03b9\u03b3\u03bf\u03cd\u03c1\u03b5\u03c2-one-piece\/\u03b1\u03bd\u03c4\u03af\u03b3\u03c1\u03b1\u03c6\u03bf-\u03b5\u03bd\u03cc\u03c2-\u03c4\u03b5\u03bc\u03b1\u03c7\u03af\u03bf\u03c5-vogue-merry\/","og_site_name":"Boutique One Piece","article_modified_time":"2024-09-16T11:58:32+00:00","og_image":[{"width":800,"height":800,"url":"https:\/\/boutique-one-piece.com\/wp-content\/uploads\/2022\/09\/Bateau-Vogue-Merry-1.jpg","type":"image\/jpeg"}],"twitter_card":"summary_large_image","twitter_misc":{"\u0395\u03ba\u03c4\u03b9\u03bc\u03ce\u03bc\u03b5\u03bd\u03bf\u03c2 \u03c7\u03c1\u03cc\u03bd\u03bf\u03c2 \u03b1\u03bd\u03ac\u03b3\u03bd\u03c9\u03c3\u03b7\u03c2":"1 \u03bb\u03b5\u03c0\u03c4\u03cc"},"schema":{"@context":"https:\/\/schema.org","@graph":[{"@type":"WebPage","@id":"https:\/\/boutique-one-piece.com\/figurines-one-piece\/replique-one-piece-vogue-merry\/","url":"https:\/\/boutique-one-piece.com\/figurines-one-piece\/replique-one-piece-vogue-merry\/","name":"Vogue Merry \u03a6\u03b9\u03b3\u03bf\u03cd\u03c1\u03b1 \u039f\u03bb\u03cc\u03c3\u03c9\u03bc\u03bf\u03c5 | \u039a\u03b1\u03c4\u03ac\u03c3\u03c4\u03b7\u03bc\u03b1 \u039f\u03bb\u03cc\u03c3\u03c9\u03bc\u03c9\u03bd \u03a0\u03b9\u03ac\u03c4\u03c9\u03bd","isPartOf":{"@id":"https:\/\/boutique-one-piece.com\/#website"},"primaryImageOfPage":{"@id":"https:\/\/boutique-one-piece.com\/figurines-one-piece\/replique-one-piece-vogue-merry\/#primaryimage"},"image":{"@id":"https:\/\/boutique-one-piece.com\/figurines-one-piece\/replique-one-piece-vogue-merry\/#primaryimage"},"thumbnailUrl":"https:\/\/boutique-one-piece.com\/wp-content\/uploads\/2022\/09\/Bateau-Vogue-Merry-1.jpg","datePublished":"2022-09-27T20:32:36+00:00","dateModified":"2024-09-16T11:58:32+00:00","description":"\u039d\u03b5\u03b1\u03c1\u03ad \u03c0\u03b5\u03b9\u03c1\u03b1\u03c4\u03ae, \u03ae\u03c1\u03b8\u03b5 \u03b7 \u03ce\u03c1\u03b1 \u03bd\u03b1 \u03b1\u03c0\u03bf\u03ba\u03c4\u03ae\u03c3\u03b5\u03b9\u03c2 \u03b1\u03c5\u03c4\u03ae \u03c4\u03b7 \u03c6\u03b9\u03b3\u03bf\u03cd\u03c1\u03b1 One Piece Going Merry. \u03a5\u03c0\u03b5\u03bd\u03b8\u03c5\u03bc\u03af\u03b6\u03bf\u03c5\u03bc\u03b5 \u03cc\u03c4\u03b9 \u03c4\u03bf Going Merry, \u03c0\u03bf\u03c5 \u03c3\u03c5\u03c7\u03bd\u03ac \u03b1\u03c0\u03bf\u03ba\u03b1\u03bb\u03b5\u03af\u03c4\u03b1\u03b9 \u03c7\u03b1\u03ca\u03b4\u03b5\u03c5\u03c4\u03b9\u03ba\u03ac Merry, \u03ae\u03c4\u03b1\u03bd \u03c4\u03bf \u03c0\u03c1\u03ce\u03c4\u03bf \u03c0\u03bb\u03bf\u03af\u03bf \u03c4\u03bf\u03c5 \u03c0\u03bb\u03b7\u03c1\u03ce\u03bc\u03b1\u03c4\u03bf\u03c2 Straw Hat. \u039c\u03b5 \u03c4\u03b7\u03bd \u03c0\u03ac\u03c1\u03bf\u03b4\u03bf \u03c4\u03bf\u03c5 \u03c7\u03c1\u03cc\u03bd\u03bf\u03c5, \u03c4\u03bf \u03c0\u03bb\u03bf\u03af\u03bf \u03ad\u03b3\u03b9\u03bd\u03b5 \u03c4\u03cc\u03c3\u03bf \u03b1\u03b3\u03b1\u03c0\u03b7\u03c4\u03cc \u03c3\u03c4\u03bf \u03c0\u03bb\u03ae\u03c1\u03c9\u03bc\u03b1 \u03c9\u03c2 \u03c4\u03bf \u03c3\u03c0\u03af\u03c4\u03b9 \u03c4\u03bf\u03c5\u03c2 \u03c0\u03bf\u03c5 \u03ba\u03c5\u03c1\u03b9\u03bf\u03bb\u03b5\u03ba\u03c4\u03b9\u03ba\u03ac \u03ad\u03b3\u03b9\u03bd\u03b5...","breadcrumb":{"@id":"https:\/\/boutique-one-piece.com\/figurines-one-piece\/replique-one-piece-vogue-merry\/#breadcrumb"},"inLanguage":"el","potentialAction":[{"@type":"ReadAction","target":["https:\/\/boutique-one-piece.com\/figurines-one-piece\/replique-one-piece-vogue-merry\/"]}]},{"@type":"ImageObject","inLanguage":"el","@id":"https:\/\/boutique-one-piece.com\/figurines-one-piece\/replique-one-piece-vogue-merry\/#primaryimage","url":"https:\/\/boutique-one-piece.com\/wp-content\/uploads\/2022\/09\/Bateau-Vogue-Merry-1.jpg","contentUrl":"https:\/\/boutique-one-piece.com\/wp-content\/uploads\/2022\/09\/Bateau-Vogue-Merry-1.jpg","width":800,"height":800},{"@type":"BreadcrumbList","@id":"https:\/\/boutique-one-piece.com\/figurines-one-piece\/replique-one-piece-vogue-merry\/#breadcrumb","itemListElement":[{"@type":"ListItem","position":1,"name":"Home","item":"https:\/\/boutique-one-piece.com\/"},{"@type":"ListItem","position":2,"name":"Shop","item":"https:\/\/boutique-one-piece.com\/shop\/"},{"@type":"ListItem","position":3,"name":"Bateau Vogue Merry"}]},{"@type":"WebSite","@id":"https:\/\/boutique-one-piece.com\/#website","url":"https:\/\/boutique-one-piece.com\/","name":"\u039a\u03b1\u03c4\u03ac\u03c3\u03c4\u03b7\u03bc\u03b1 One Piece","description":"\u0395\u03be\u03b5\u03b9\u03b4\u03b9\u03ba\u03b5\u03c5\u03bc\u03ad\u03bd\u03bf \u03ba\u03b1\u03c4\u03ac\u03c3\u03c4\u03b7\u03bc\u03b1 \u03b3\u03b9\u03b1 One Piece Manga \u03ba\u03b1\u03b9 Anime","publisher":{"@id":"https:\/\/boutique-one-piece.com\/#organization"},"potentialAction":[{"@type":"SearchAction","target":{"@type":"EntryPoint","urlTemplate":"https:\/\/boutique-one-piece.com\/?s={search_term_string}"},"query-input":{"@type":"PropertyValueSpecification","valueRequired":true,"valueName":"search_term_string"}}],"inLanguage":"el"},{"@type":"Organization","@id":"https:\/\/boutique-one-piece.com\/#organization","name":"\u039a\u03b1\u03c4\u03ac\u03c3\u03c4\u03b7\u03bc\u03b1 One Piece","url":"https:\/\/boutique-one-piece.com\/","logo":{"@type":"ImageObject","inLanguage":"el","@id":"https:\/\/boutique-one-piece.com\/#\/schema\/logo\/image\/","url":"https:\/\/boutique-one-piece.com\/wp-content\/uploads\/2022\/09\/Logo-01.png","contentUrl":"https:\/\/boutique-one-piece.com\/wp-content\/uploads\/2022\/09\/Logo-01.png","width":2318,"height":957,"caption":"Boutique One Piece"},"image":{"@id":"https:\/\/boutique-one-piece.com\/#\/schema\/logo\/image\/"}}]}},"_links":{"self":[{"href":"https:\/\/boutique-one-piece.com\/el\/wp-json\/wp\/v2\/product\/10130","targetHints":{"allow":["GET"]}}],"collection":[{"href":"https:\/\/boutique-one-piece.com\/el\/wp-json\/wp\/v2\/product"}],"about":[{"href":"https:\/\/boutique-one-piece.com\/el\/wp-json\/wp\/v2\/types\/product"}],"replies":[{"embeddable":true,"href":"https:\/\/boutique-one-piece.com\/el\/wp-json\/wp\/v2\/comments?post=10130"}],"wp:featuredmedia":[{"embeddable":true,"href":"https:\/\/boutique-one-piece.com\/el\/wp-json\/wp\/v2\/media\/10132"}],"wp:attachment":[{"href":"https:\/\/boutique-one-piece.com\/el\/wp-json\/wp\/v2\/media?parent=10130"}],"wp:term":[{"taxonomy":"product_brand","embeddable":true,"href":"https:\/\/boutique-one-piece.com\/el\/wp-json\/wp\/v2\/product_brand?post=10130"},{"taxonomy":"product_cat","embeddable":true,"href":"https:\/\/boutique-one-piece.com\/el\/wp-json\/wp\/v2\/product_cat?post=10130"},{"taxonomy":"product_tag","embeddable":true,"href":"https:\/\/boutique-one-piece.com\/el\/wp-json\/wp\/v2\/product_tag?post=10130"}],"curies":[{"name":"\u03b5\u03c1\u03b3\u03b1\u03c3\u03af\u03b1","href":"https:\/\/api.w.org\/{rel}","templated":true}]}}