{"id":10582,"date":"2022-09-27T20:35:13","date_gmt":"2022-09-27T20:35:13","guid":{"rendered":"https:\/\/boutique-one-piece.com\/uncategorized\/puzzle-1000-pieeces-one-piece-marco-le-phenix\/"},"modified":"2024-09-16T12:09:16","modified_gmt":"2024-09-16T12:09:16","slug":"%cf%80%ce%b1%ce%b6%ce%bb-1000-%cf%84%ce%b5%ce%bc%ce%b1%cf%87%ce%af%cf%89%ce%bd-%ce%ad%ce%bd%ce%b1-%ce%ba%ce%bf%ce%bc%ce%bc%ce%ac%cf%84%ce%b9-%ce%bc%ce%ac%cf%81%ce%ba%ce%bf-%ce%bf-%cf%86%ce%bf%ce%af","status":"publish","type":"product","link":"https:\/\/boutique-one-piece.com\/el\/%cf%80%ce%b1%ce%b6%ce%bb-one-piece\/%cf%80%ce%b1%ce%b6%ce%bb-1000-%cf%84%ce%b5%ce%bc%ce%b1%cf%87%ce%af%cf%89%ce%bd-%ce%ad%ce%bd%ce%b1-%ce%ba%ce%bf%ce%bc%ce%bc%ce%ac%cf%84%ce%b9-%ce%bc%ce%ac%cf%81%ce%ba%ce%bf-%ce%bf-%cf%86%ce%bf%ce%af\/","title":{"rendered":"\u0388\u03bd\u03b1 \u03ba\u03bf\u03bc\u03bc\u03ac\u03c4\u03b9 \u03c0\u03b1\u03b6\u03bb 1000 \u03c4\u03b5\u03bc\u03b1\u03c7\u03af\u03c9\u03bd: \u039c\u03ac\u03c1\u03ba\u03bf \u03bf \u03a6\u03bf\u03af\u03bd\u03b9\u03ba\u03b1\u03c2"},"content":{"rendered":"<p><meta charset=\"utf-8\"><\/p>\n<h2><b>\u0388\u03bd\u03b1 \u03c4\u03c5\u03c0\u03c9\u03bc\u03ad\u03bd\u03bf \u03c0\u03b1\u03b6\u03bb 1000 \u03c4\u03b5\u03bc\u03b1\u03c7\u03af\u03c9\u03bd \u03bc\u03b5 \u03c4\u03bf\u03bd \u039c\u03ac\u03c1\u03ba\u03bf \u03c4\u03bf\u03bd \u03a6\u03bf\u03af\u03bd\u03b9\u03ba\u03b1, \u03c4\u03bf\u03bd \u03c0\u03c1\u03ce\u03b7\u03bd \u03a0\u03c1\u03ce\u03c4\u03bf \u0394\u03b9\u03bf\u03b9\u03ba\u03b7\u03c4\u03ae \u03c4\u03bf\u03c5 \u03a3\u03c4\u03cc\u03bb\u03bf\u03c5 \u03c4\u03c9\u03bd \u039b\u03b5\u03c5\u03ba\u03bf\u03b3\u03ad\u03bd\u03b5\u03b9\u03c9\u03bd\u00a0<\/b><\/h2>\n<p><meta charset=\"utf-8\"><\/p>\n<h2>\n<b>,\u00a0<\/b>\u0388\u03bd\u03b1 \u03c3\u03bf\u03cd\u03c0\u03b5\u03c1 \u03c0\u03b1\u03b9\u03c7\u03bd\u03af\u03b4\u03b9 \u03b3\u03b9\u03b1 \u03ad\u03bd\u03b1\u03bd \u03c0\u03b5\u03b9\u03c1\u03b1\u03c4\u03ae \u03c3\u03b1\u03bd \u03b5\u03c3\u03ad\u03bd\u03b1!<\/h2>\n<p>\u0391\u03bd \u03b5\u03af\u03c3\u03c4\u03b5\u00a0<strong>\u03c0\u03c1\u03b1\u03b3\u03bc\u03b1\u03c4\u03b9\u03ba\u03cc\u03c2 \u03c0\u03b5\u03b9\u03c1\u03b1\u03c4\u03ae\u03c2<\/strong>,\u00a0<strong>\u03bb\u03af\u03b3\u03bf<\/strong>\u00a0\u0389\u00a0<strong>\u03bc\u03b5\u03b3\u03ac\u03bb\u03bf\u03c2<\/strong>,\u0398\u03b1 \u03c4\u03bf \u03b5\u03ba\u03c4\u03b9\u03bc\u03ae\u03c3\u03b5\u03b9\u03c2<span>\u00a0<\/span>\u03b5\u03ba\u03b5\u03af\u00a0<strong>\u03c0\u03bf\u03b9\u03cc\u03c4\u03b7\u03c4\u03b1<\/strong>\u00a0\u03c4\u03bf\u03c5\u00a0<strong>\u03be\u03cd\u03bb\u03b9\u03bd\u03b1 \u03ba\u03bf\u03bc\u03bc\u03ac\u03c4\u03b9\u03b1<\/strong>, \u03c4\u03bf\u03c5\u00a0<strong>\u03c7\u03c1\u03ce\u03bc\u03b1<\/strong>\u00a0\u039a\u03b1\u03b9\u00a0<strong>\u03c4\u03c1\u03b9\u03c3\u03b4\u03b9\u03ac\u03c3\u03c4\u03b1\u03c4\u03b7 \u03b5\u03ba\u03c4\u03cd\u03c0\u03c9\u03c3\u03b7<\/strong>\u00a0\u03b1\u03c5\u03c4\u03bf\u03cd\u00a0<strong>\u03a0\u03b1\u03b6\u03bb \u03b5\u03bd\u03cc\u03c2 \u03ba\u03bf\u03bc\u03bc\u03b1\u03c4\u03b9\u03bf\u03cd 1000 \u03c4\u03b5\u03bc\u03b1\u03c7\u03af\u03c9\u03bd<\/strong>\u00a0\u0391\u03bb\u03bb\u03ac \u03c4\u03bf \u03c0\u03b9\u03bf \u03c3\u03b7\u03bc\u03b1\u03bd\u03c4\u03b9\u03ba\u03cc, \u03bc\u03b5 \u03b1\u03c5\u03c4\u03cc \u03c4\u03bf \u03c0\u03b1\u03b9\u03c7\u03bd\u03af\u03b4\u03b9 \u03c0\u03b1\u03b6\u03bb, \u03b8\u03b1 \u03b5\u03af\u03c3\u03c4\u03b5 \u03bc\u03ad\u03c1\u03bf\u03c2 \u03c4\u03bf\u03c5\u00a0<strong>\u03b7 \u03bf\u03bc\u03ac\u03b4\u03b1 \u03c4\u03c9\u03bd \u03bf\u03c0\u03b1\u03b4\u03ce\u03bd<\/strong>\u00a0\u03c4\u03bf\u03c5\u00a0<strong>\u03c0\u03b5\u03b9\u03c1\u03b1\u03c4\u03b9\u03ba\u03cc \u03bc\u03ac\u03bd\u03b3\u03ba\u03b1<\/strong>\u00a0\u03ba\u03b1\u03b9 \u03b8\u03b1 \u03b1\u03c0\u03bf\u03ba\u03c4\u03ae\u03c3\u03b5\u03c4\u03b5:<\/p>\n<ul>\n<li>\u00a0<strong>\u0398\u03b1\u03c5\u03bc\u03b1\u03c3\u03bc\u03cc\u03c2<\/strong>\u00a0\u03cc\u03bb\u03c9\u03bd \u03c4\u03c9\u03bd \u03bf\u03c0\u03b1\u03b4\u03ce\u03bd \u03c4\u03bf\u03c5\u00a0<strong>mugiwara<\/strong>\u00a0\u03c0\u03bf\u03c5 \u03b8\u03b1 \u03c0\u03c1\u03bf\u03c3\u03ba\u03b1\u03bb\u03ad\u03c3\u03b5\u03b9\u03c2 \u03bd\u03b1 \u03c0\u03b1\u03af\u03be\u03bf\u03c5\u03bd \u03c3\u03c4\u03bf \u03c3\u03c0\u03af\u03c4\u03b9 \u03c3\u03bf\u03c5<\/li>\n<\/ul>\n<ul>\n<li>\u0388\u03bd\u03b1 \u03c0\u03c1\u03b1\u03b3\u03bc\u03b1\u03c4\u03b9\u03ba\u03cc\u00a0<strong>\u03c4\u03c5\u03c0\u03c9\u03bc\u03ad\u03bd\u03bf \u03c0\u03b1\u03b6\u03bb<\/strong>\u00a0\u03bc\u03b5 \u03c4\u03bf \u03bf\u03c0\u03bf\u03af\u03bf \u03bc\u03c0\u03bf\u03c1\u03b5\u03af\u03c4\u03b5<strong>\u00a0\u03b4\u03b9\u03b1\u03c3\u03ba\u03ad\u03b4\u03b1\u03c3\u03b5<\/strong><span>\u00a0<\/span>\u03bd\u03b1 \u03bc\u03b1\u03b6\u03ad\u03c8\u03c9 \u03cc\u03bb\u03b1 \u03c4\u03b1 \u03ba\u03bf\u03bc\u03bc\u03ac\u03c4\u03b9\u03b1 \u03b3\u03b9\u03b1<strong>\u00a0\u03b1\u03c0\u03bf\u03ba\u03b1\u03bb\u03cd\u03c0\u03c4\u03c9 \u03c4\u03bf\u03bd \u039c\u03ac\u03c1\u03ba\u03bf<\/strong>\n<\/li>\n<\/ul>\n<p>\u00a0\u0388\u03c4\u03bf\u03b9\u03bc\u03bf\u03b9, \u03bb\u03bf\u03b9\u03c0\u03cc\u03bd, \u03bd\u03b1<span>\u00a0<\/span><strong>\u03c0\u03b1\u03b9\u03c7\u03bd\u03af\u03b4\u03b9<\/strong><span>\u00a0<\/span>\u03bc\u03b5 \u03ad\u03bd\u03b1 \u03c0\u03b1\u03b9\u03c7\u03bd\u03af\u03b4\u03b9<span>\u00a0<\/span><strong>\u039c\u03bf\u03bd\u03bf\u03ba\u03cc\u03bc\u03bc\u03b1\u03c4\u03bf\u03c2<\/strong>\u00a0?<\/p>\n<h2>\u0395\u03af\u03c3\u03b1\u03b9 \u03c6\u03b1\u03bd \u03c4\u03bf\u03c5 manga \u03ae \u03c4\u03bf\u03c5 anime One Piece; \u0394\u03b5\u03af\u03be\u03b5 \u03c4\u03bf \u03bc\u03b5 \u03b1\u03c5\u03c4\u03cc!<span>\u00a0<\/span>\u0388\u03bd\u03b1 \u03ba\u03bf\u03bc\u03bc\u03ac\u03c4\u03b9 \u03c0\u03b1\u03b6\u03bb 1000 \u03ba\u03bf\u03bc\u03bc\u03b1\u03c4\u03b9\u03ce\u03bd!<\/h2>\n<p>\u0391\u03bd \u03b5\u03c3\u03cd\u00a0<strong>\u03b1\u03bd\u03ac\u03b3\u03bd\u03c9\u03c3\u03b7<\/strong>\u00a0\u03ae \u03cc\u03c0\u03bf\u03c5 \u03ba\u03b9 \u03b1\u03bd \u03ba\u03bf\u03b9\u03c4\u03ac\u03be\u03b5\u03b9\u03c2\u00a0<strong>\u03c4\u03bf anime\u00a0<\/strong><strong>\u0399\u03b1\u03c0\u03c9\u03bd\u03b9\u03ba\u03ac<\/strong>, \u03a5\u03c0\u03ac\u03c1\u03c7\u03b5\u03b9 \u03bc\u03b5\u03b3\u03ac\u03bb\u03b7 \u03c0\u03b9\u03b8\u03b1\u03bd\u03cc\u03c4\u03b7\u03c4\u03b1 \u03bd\u03b1 \u03ad\u03c7\u03b5\u03b9\u03c2 \u03b3\u03af\u03bd\u03b5\u03b9\u00a0<strong>\u03c4\u03c1\u03b5\u03bb\u03b1\u03af\u03bd\u03bf\u03bc\u03b1\u03b9 \u03b3\u03b9\u03b1 \u03c4\u03bf One Piece<\/strong>\u00a0\u039c\u03b5 \u03b1\u03c5\u03c4\u03cc!\u00a0<strong>One Piece \u03c0\u03b1\u03b6\u03bb 1000 \u03c4\u03b5\u03bc\u03b1\u03c7\u03af\u03c9\u03bd Marco the Phoenix<\/strong>, \u03b3\u03af\u03bd\u03b5\u03c4\u03b5 \u03bc\u03ad\u03bb\u03bf\u03c2 \u03c4\u03bf\u03c5\u2019<strong>\u03bf\u03bc\u03ac\u03b4\u03b1 \u03b8\u03b1\u03c5\u03bc\u03b1\u03c3\u03c4\u03ce\u03bd \u03c4\u03bf\u03c5 franchise<\/strong><\/p>\n<h2><strong>\u03a0\u03bb\u03b7\u03c1\u03bf\u03c6\u03bf\u03c1\u03af\u03b5\u03c2 \u03b3\u03b9\u03b1 \u03c4\u03bf \u03c0\u03b1\u03b6\u03bb:<\/strong><\/h2>\n<ul>\n<li>\n<strong>\u03a5\u03c8\u03b7\u03bb\u03ae\u03c2 \u03c0\u03bf\u03b9\u03cc\u03c4\u03b7\u03c4\u03b1\u03c2 \u03c4\u03c5\u03c0\u03c9\u03bc\u03ad\u03bd\u03bf \u03c0\u03b1\u03b6\u03bb\u00a0<\/strong>\u03a4\u03b1 \u03ba\u03bf\u03bc\u03bc\u03ac\u03c4\u03b9\u03b1 \u03b5\u03af\u03bd\u03b1\u03b9 \u03ba\u03b1\u03c4\u03b1\u03c3\u03ba\u03b5\u03c5\u03b1\u03c3\u03bc\u03ad\u03bd\u03b1 \u03b1\u03c0\u03cc \u03be\u03cd\u03bb\u03bf.<\/li>\n<\/ul>\n<ul>\n<li>\n<strong>\u03a0\u03b1\u03b6\u03bb \u03a5\u03c0\u03b5\u03c1-\u03a3\u03c7\u03b5\u03b4\u03b9\u03b1\u03c3\u03bc\u03bf\u03cd<\/strong>\u00a0\u0391\u03c5\u03c4\u03cc \u03c4\u03bf \u03c0\u03b1\u03b6\u03bb 1000 \u03c4\u03b5\u03bc\u03b1\u03c7\u03af\u03c9\u03bd \u03b5\u03af\u03bd\u03b1\u03b9 \u03b1\u03c0\u03bf\u03bb\u03cd\u03c4\u03c9\u03c2 \u03c0\u03b1\u03bd\u03ad\u03bc\u03bf\u03c1\u03c6\u03bf \u03bc\u03cc\u03bb\u03b9\u03c2 \u03bf\u03bb\u03bf\u03ba\u03bb\u03b7\u03c1\u03c9\u03b8\u03b5\u03af.\u00a0<strong>\u03c0\u03b5\u03c0\u03b5\u03c1\u03b1\u03c3\u03bc\u03ad\u03bd\u03bf\u03c2<\/strong>\u00a0\u03bc\u03c0\u03bf\u03c1\u03b5\u03af\u03c4\u03b5 \u03bd\u03b1 \u03c4\u03bf \u03c7\u03c1\u03b7\u03c3\u03b9\u03bc\u03bf\u03c0\u03bf\u03b9\u03ae\u03c3\u03b5\u03c4\u03b5 \u03c9\u03c2\u00a0<strong>\u03b6\u03c9\u03b3\u03c1\u03b1\u03c6\u03b9\u03ba\u03ae<\/strong>, \u039f\u03b9 \u03b8\u03b1\u03c5\u03bc\u03b1\u03c3\u03c4\u03ad\u03c2 \u03b4\u03b5\u03bd \u03bc\u03c0\u03bf\u03c1\u03bf\u03cd\u03bd \u03c0\u03b1\u03c1\u03ac \u03bd\u03b1 \u03c4\u03bf \u03bb\u03b1\u03c4\u03c1\u03ad\u03c8\u03bf\u03c5\u03bd<\/li>\n<\/ul>\n<ul>\n<li>\n<strong>\u03a7\u03c1\u03ce\u03bc\u03b1 \u03ba\u03b1\u03b9 \u03b5\u03ba\u03c4\u03cd\u03c0\u03c9\u03c3\u03b7\u00a0<\/strong>\u03a0\u03b1\u03b6\u03bb One Piece \u03bc\u03b5 \u03b5\u03ba\u03c4\u03cd\u03c0\u03c9\u03c3\u03b7\u00a0<strong>\u039a\u03b1\u03bc\u03b2\u03ac\u03c2<\/strong>\u00a0\u03c4\u03bf \u03c3\u03b7\u03bc\u03b5\u03af\u03bf \u03b1\u03bd\u03b1\u03c6\u03bf\u03c1\u03ac\u03c2 \u03c3\u03c4\u03b7\u03bd \u03b5\u03ba\u03c4\u03cd\u03c0\u03c9\u03c3\u03b7<\/li>\n<\/ul>\n<ul>\n<li>\n<strong>\u039c\u03ad\u03c4\u03c1\u03b9\u03b1 \u0394\u03c5\u03c3\u03ba\u03bf\u03bb\u03af\u03b1<\/strong>\u00a0: \u03b1\u03c0\u03cc\u03bb\u03c5\u03c4\u03b1 \u03ba\u03b1\u03c4\u03ac\u03bb\u03bb\u03b7\u03bb\u03bf \u03b3\u03b9\u03b1 \u03c0\u03b1\u03b9\u03b4\u03b9\u03ac \u03b1\u03c0\u03cc\u00a0<strong>6 \u03c7\u03c1\u03cc\u03bd\u03b9\u03b1<\/strong>. \u03a0\u03c1\u03b9\u03bd \u03b1\u03c0\u03cc \u03b1\u03c5\u03c4\u03ae \u03c4\u03b7\u03bd \u03b7\u03bb\u03b9\u03ba\u03af\u03b1, \u03c4\u03bf\u00a0<strong>\u03c0\u03b1\u03c1\u03b1\u03ba\u03bf\u03bb\u03bf\u03cd\u03b8\u03b7\u03c3\u03b7<\/strong>\u00a0\u03b5\u03bd\u03cc\u03c2\u00a0<strong>\u03b5\u03bd\u03ae\u03bb\u03b9\u03ba\u03b1\u03c2<\/strong>\u00a0\u0391\u03bd\u03b1\u03c4\u03bf\u03bb\u03ae\u00a0<strong>\u03c3\u03c5\u03bd\u03b9\u03c3\u03c4\u03ac\u03c4\u03b1\u03b9<\/strong>\n<\/li>\n<\/ul>\n<ul>\n<li>\n<strong>\u0393\u03b9\u03b1 \u03c0\u03b1\u03b9\u03b4\u03b9\u03ac \u03ba\u03b1\u03b9 \u03b5\u03bd\u03ae\u03bb\u03b9\u03ba\u03b5\u03c2<\/strong>\u00a0\u0391\u03c5\u03c4\u03ae \u03b5\u03af\u03bd\u03b1\u03b9 \u03bc\u03b9\u03b1 \u03ba\u03b1\u03bb\u03ae \u03b5\u03c5\u03ba\u03b1\u03b9\u03c1\u03af\u03b1 \u03bd\u03b1 \u03ba\u03ac\u03bd\u03b5\u03c4\u03b5 \u03bc\u03b9\u03b1\u00a0<strong>\u03b4\u03b9\u03b1\u03c3\u03ba\u03b5\u03b4\u03b1\u03c3\u03c4\u03b9\u03ba\u03ae \u03b4\u03c1\u03b1\u03c3\u03c4\u03b7\u03c1\u03b9\u03cc\u03c4\u03b7\u03c4\u03b1<\/strong>\u00a0\u039a\u03b1\u03b9\u00a0<strong>\u03c3\u03c5\u03bd\u03b1\u03c1\u03c0\u03b1\u03c3\u03c4\u03b9\u03ba\u03cc\u03c2<\/strong>\u00a0\u03bc\u03b5 \u03c4\u03bf \u03b4\u03b9\u03ba\u03cc \u03c3\u03bf\u03c5\u00a0<strong>\u03c0\u03b1\u03b9\u03b4\u03af<\/strong>\u00a0\u03ae \u03bc\u03b5 \u03c4\u03bf \u03b4\u03b9\u03ba\u03cc \u03c3\u03b1\u03c2\u00a0<strong>\u03b3\u03bf\u03bd\u03b5\u03af\u03c2<\/strong>\n<\/li>\n<\/ul>\n<ul>\n<li>\n<strong>\u0394\u03b9\u03ac\u03c3\u03c4\u03b1\u03c3\u03b7\u00a0<\/strong>: \u03cd\u03c8\u03bf\u03c2\u00a0<strong>50 \u03b5\u03ba.<\/strong>, \u03c0\u03bb\u03ac\u03c4\u03bf\u03c2\u00a0<strong>75 \u03b5\u03ba.<\/strong>, \u03c0\u03ac\u03c7\u03bf\u03c2\u00a0<strong>2 \u03c7\u03b9\u03bb\u03b9\u03bf\u03c3\u03c4\u03ac<\/strong>\n<\/li>\n<\/ul>\n<ul>\n<li>\n<strong>\u0394\u03c9\u03c1\u03b5\u03ac\u03bd \u03c0\u03b1\u03c1\u03ac\u03b4\u03bf\u03c3\u03b7\u00a0<\/strong>\u03b3\u03b9\u03b1 \u03bf\u03c0\u03bf\u03b9\u03b1\u03b4\u03ae\u03c0\u03bf\u03c4\u03b5 \u03b1\u03b3\u03bf\u03c1\u03ac<\/li>\n<\/ul>\n<h2><b><img fetchpriority=\"high\" decoding=\"async\" src=\"https:\/\/cdn.shopify.com\/s\/files\/1\/0087\/7556\/5348\/files\/puzzle_one_piece_1000_pieces_en_bois_large.jpg?v=1561382263\" alt=\"\u039e\u03cd\u03bb\u03b9\u03bd\u03bf \u03c0\u03b1\u03b9\u03c7\u03bd\u03af\u03b4\u03b9 One Piece\" width=\"287\" height=\"283\"><\/b><\/h2>\n<ul><\/ul>","protected":false},"excerpt":{"rendered":"<p>Puzzle Imprim\u00e9 1000 Pi\u00e8ces\u00a0One Piece\u00a0avec\u00a0Marco le Ph\u00e9nix l&rsquo;Ancien Premier Commandant de la Flotte de Barbe Blanche\u00a0 ,\u00a0Un Super Jeu pour un Pirate Comme Toi\u00a0! Si tu es un\u00a0v\u00e9ritable pirate,\u00a0petit\u00a0ou\u00a0grand,\u00a0tu sauras appr\u00e9cier\u00a0la\u00a0qualit\u00e9\u00a0des\u00a0pi\u00e8ces en bois,\u00a0de la\u00a0peinture\u00a0et\u00a0l&rsquo;impression 3D\u00a0de ce\u00a0Puzzle 1000 pi\u00e8ces\u00a0One Piece\u00a0!\u00a0Mais le plus important, avec ce jeu de r\u00e9flexion ou casse t\u00eate,\u00a0tu\u00a0feras partie de\u00a0l&rsquo;\u00e9quipage\u00a0des fans\u00a0du\u00a0manga de pirates\u00a0et [&hellip;]<\/p>","protected":false},"featured_media":10584,"comment_status":"open","ping_status":"open","template":"","meta":[],"product_brand":[],"product_cat":[197],"product_tag":[210,203],"class_list":{"0":"post-10582","1":"product","2":"type-product","3":"status-publish","4":"has-post-thumbnail","6":"product_cat-puzzles-one-piece","7":"product_tag-marco","8":"product_tag-puzzle-1000-pieces","10":"first","11":"instock","12":"purchasable","13":"product-type-simple"},"yoast_head":"<!-- This site is optimized with the Yoast SEO plugin v27.5 - https:\/\/yoast.com\/product\/yoast-seo-wordpress\/ -->\n<title>Puzzle 1000 Pi\u00e8eces Marco Le Ph\u00e9nix | Boutique One Piece<\/title>\n<meta name=\"description\" content=\"Puzzle Imprim\u00e9 1000 Pi\u00e8ces One Piece avec Marco le Ph\u00e9nix l&#039;Ancien Premier Commandant de la Flotte de Barbe Blanche de Tr\u00e8s Haute Qualit\u00e9 Jeux Puzzle One Piece\" \/>\n<meta name=\"robots\" content=\"index, follow, max-snippet:-1, max-image-preview:large, max-video-preview:-1\" \/>\n<link rel=\"canonical\" href=\"https:\/\/boutique-one-piece.com\/el\/\u03c0\u03b1\u03b6\u03bb-one-piece\/\u03c0\u03b1\u03b6\u03bb-1000-\u03c4\u03b5\u03bc\u03b1\u03c7\u03af\u03c9\u03bd-\u03ad\u03bd\u03b1-\u03ba\u03bf\u03bc\u03bc\u03ac\u03c4\u03b9-\u03bc\u03ac\u03c1\u03ba\u03bf-\u03bf-\u03c6\u03bf\u03af\/\" \/>\n<meta property=\"og:locale\" content=\"el_GR\" \/>\n<meta property=\"og:type\" content=\"article\" \/>\n<meta property=\"og:title\" content=\"Puzzle 1000 Pi\u00e8eces Marco Le Ph\u00e9nix | Boutique One Piece\" \/>\n<meta property=\"og:description\" content=\"Puzzle Imprim\u00e9 1000 Pi\u00e8ces One Piece avec Marco le Ph\u00e9nix l&#039;Ancien Premier Commandant de la Flotte de Barbe Blanche de Tr\u00e8s Haute Qualit\u00e9 Jeux Puzzle One Piece\" \/>\n<meta property=\"og:url\" content=\"https:\/\/boutique-one-piece.com\/el\/\u03c0\u03b1\u03b6\u03bb-one-piece\/\u03c0\u03b1\u03b6\u03bb-1000-\u03c4\u03b5\u03bc\u03b1\u03c7\u03af\u03c9\u03bd-\u03ad\u03bd\u03b1-\u03ba\u03bf\u03bc\u03bc\u03ac\u03c4\u03b9-\u03bc\u03ac\u03c1\u03ba\u03bf-\u03bf-\u03c6\u03bf\u03af\/\" \/>\n<meta property=\"og:site_name\" content=\"Boutique One Piece\" \/>\n<meta property=\"article:modified_time\" content=\"2024-09-16T12:09:16+00:00\" \/>\n<meta property=\"og:image\" content=\"https:\/\/boutique-one-piece.com\/wp-content\/uploads\/2022\/09\/Puzzle-1000-Pieeces-One-Piece-Marco-Le-Phenix-1.jpg\" \/>\n\t<meta property=\"og:image:width\" content=\"599\" \/>\n\t<meta property=\"og:image:height\" content=\"399\" \/>\n\t<meta property=\"og:image:type\" content=\"image\/jpeg\" \/>\n<meta name=\"twitter:card\" content=\"summary_large_image\" \/>\n<meta name=\"twitter:label1\" content=\"\u0395\u03ba\u03c4\u03b9\u03bc\u03ce\u03bc\u03b5\u03bd\u03bf\u03c2 \u03c7\u03c1\u03cc\u03bd\u03bf\u03c2 \u03b1\u03bd\u03ac\u03b3\u03bd\u03c9\u03c3\u03b7\u03c2\" \/>\n\t<meta name=\"twitter:data1\" content=\"2 \u03bb\u03b5\u03c0\u03c4\u03ac\" \/>\n<script type=\"application\/ld+json\" class=\"yoast-schema-graph\">{\"@context\":\"https:\\\/\\\/schema.org\",\"@graph\":[{\"@type\":\"WebPage\",\"@id\":\"https:\\\/\\\/boutique-one-piece.com\\\/puzzles-one-piece\\\/puzzle-1000-pieeces-one-piece-marco-le-phenix\\\/\",\"url\":\"https:\\\/\\\/boutique-one-piece.com\\\/puzzles-one-piece\\\/puzzle-1000-pieeces-one-piece-marco-le-phenix\\\/\",\"name\":\"Puzzle 1000 Pi\u00e8eces Marco Le Ph\u00e9nix | Boutique One Piece\",\"isPartOf\":{\"@id\":\"https:\\\/\\\/boutique-one-piece.com\\\/#website\"},\"primaryImageOfPage\":{\"@id\":\"https:\\\/\\\/boutique-one-piece.com\\\/puzzles-one-piece\\\/puzzle-1000-pieeces-one-piece-marco-le-phenix\\\/#primaryimage\"},\"image\":{\"@id\":\"https:\\\/\\\/boutique-one-piece.com\\\/puzzles-one-piece\\\/puzzle-1000-pieeces-one-piece-marco-le-phenix\\\/#primaryimage\"},\"thumbnailUrl\":\"https:\\\/\\\/boutique-one-piece.com\\\/wp-content\\\/uploads\\\/2022\\\/09\\\/Puzzle-1000-Pieeces-One-Piece-Marco-Le-Phenix-1.jpg\",\"datePublished\":\"2022-09-27T20:35:13+00:00\",\"dateModified\":\"2024-09-16T12:09:16+00:00\",\"description\":\"Puzzle Imprim\u00e9 1000 Pi\u00e8ces One Piece avec Marco le Ph\u00e9nix l'Ancien Premier Commandant de la Flotte de Barbe Blanche de Tr\u00e8s Haute Qualit\u00e9 Jeux Puzzle One Piece\",\"breadcrumb\":{\"@id\":\"https:\\\/\\\/boutique-one-piece.com\\\/puzzles-one-piece\\\/puzzle-1000-pieeces-one-piece-marco-le-phenix\\\/#breadcrumb\"},\"inLanguage\":\"el\",\"potentialAction\":[{\"@type\":\"ReadAction\",\"target\":[\"https:\\\/\\\/boutique-one-piece.com\\\/puzzles-one-piece\\\/puzzle-1000-pieeces-one-piece-marco-le-phenix\\\/\"]}]},{\"@type\":\"ImageObject\",\"inLanguage\":\"el\",\"@id\":\"https:\\\/\\\/boutique-one-piece.com\\\/puzzles-one-piece\\\/puzzle-1000-pieeces-one-piece-marco-le-phenix\\\/#primaryimage\",\"url\":\"https:\\\/\\\/boutique-one-piece.com\\\/wp-content\\\/uploads\\\/2022\\\/09\\\/Puzzle-1000-Pieeces-One-Piece-Marco-Le-Phenix-1.jpg\",\"contentUrl\":\"https:\\\/\\\/boutique-one-piece.com\\\/wp-content\\\/uploads\\\/2022\\\/09\\\/Puzzle-1000-Pieeces-One-Piece-Marco-Le-Phenix-1.jpg\",\"width\":599,\"height\":399},{\"@type\":\"BreadcrumbList\",\"@id\":\"https:\\\/\\\/boutique-one-piece.com\\\/puzzles-one-piece\\\/puzzle-1000-pieeces-one-piece-marco-le-phenix\\\/#breadcrumb\",\"itemListElement\":[{\"@type\":\"ListItem\",\"position\":1,\"name\":\"Home\",\"item\":\"https:\\\/\\\/boutique-one-piece.com\\\/\"},{\"@type\":\"ListItem\",\"position\":2,\"name\":\"Shop\",\"item\":\"https:\\\/\\\/boutique-one-piece.com\\\/shop\\\/\"},{\"@type\":\"ListItem\",\"position\":3,\"name\":\"Puzzle 1000 Pi\u00e8eces One Piece Marco Le Ph\u00e9nix\"}]},{\"@type\":\"WebSite\",\"@id\":\"https:\\\/\\\/boutique-one-piece.com\\\/#website\",\"url\":\"https:\\\/\\\/boutique-one-piece.com\\\/\",\"name\":\"Boutique One Piece\",\"description\":\"Magasin Sp\u00e9cialis\u00e9 du Manga et l&#039;Anime One Piece\",\"publisher\":{\"@id\":\"https:\\\/\\\/boutique-one-piece.com\\\/#organization\"},\"potentialAction\":[{\"@type\":\"SearchAction\",\"target\":{\"@type\":\"EntryPoint\",\"urlTemplate\":\"https:\\\/\\\/boutique-one-piece.com\\\/?s={search_term_string}\"},\"query-input\":{\"@type\":\"PropertyValueSpecification\",\"valueRequired\":true,\"valueName\":\"search_term_string\"}}],\"inLanguage\":\"el\"},{\"@type\":\"Organization\",\"@id\":\"https:\\\/\\\/boutique-one-piece.com\\\/#organization\",\"name\":\"Boutique One Piece\",\"url\":\"https:\\\/\\\/boutique-one-piece.com\\\/\",\"logo\":{\"@type\":\"ImageObject\",\"inLanguage\":\"el\",\"@id\":\"https:\\\/\\\/boutique-one-piece.com\\\/#\\\/schema\\\/logo\\\/image\\\/\",\"url\":\"https:\\\/\\\/boutique-one-piece.com\\\/wp-content\\\/uploads\\\/2022\\\/09\\\/Logo-01.png\",\"contentUrl\":\"https:\\\/\\\/boutique-one-piece.com\\\/wp-content\\\/uploads\\\/2022\\\/09\\\/Logo-01.png\",\"width\":2318,\"height\":957,\"caption\":\"Boutique One Piece\"},\"image\":{\"@id\":\"https:\\\/\\\/boutique-one-piece.com\\\/#\\\/schema\\\/logo\\\/image\\\/\"}}]}<\/script>\n<!-- \/ Yoast SEO plugin. -->","yoast_head_json":{"title":"\u03a0\u03b1\u03b6\u03bb 1000 \u03c4\u03b5\u03bc\u03b1\u03c7\u03af\u03c9\u03bd \u039c\u03ac\u03c1\u03ba\u03bf \u03bf \u03a6\u03bf\u03af\u03bd\u03b9\u03ba\u03b1\u03c2 | One Piece Shop","description":"\u03a4\u03c5\u03c0\u03c9\u03bc\u03ad\u03bd\u03bf \u03c0\u03b1\u03b6\u03bb 1000 \u03c4\u03b5\u03bc\u03b1\u03c7\u03af\u03c9\u03bd \u03bc\u03b5 \u03c4\u03bf\u03bd \u039c\u03ac\u03c1\u03ba\u03bf \u03c4\u03bf\u03bd \u03a6\u03bf\u03af\u03bd\u03b9\u03ba\u03b1, \u03c4\u03bf\u03bd \u03c0\u03c1\u03ce\u03b7\u03bd \u03a0\u03c1\u03ce\u03c4\u03bf \u0394\u03b9\u03bf\u03b9\u03ba\u03b7\u03c4\u03ae \u03c4\u03bf\u03c5 \u03a3\u03c4\u03cc\u03bb\u03bf\u03c5 \u03c4\u03c9\u03bd \u039b\u03b5\u03c5\u03ba\u03bf\u03b3\u03ad\u03bd\u03b5\u03b9\u03c9\u03bd - \u03a0\u03b1\u03b9\u03c7\u03bd\u03af\u03b4\u03b9\u03b1 \u03a0\u03b1\u03b6\u03bb \u03a0\u03bf\u03bb\u03cd \u03a5\u03c8\u03b7\u03bb\u03ae\u03c2 \u03a0\u03bf\u03b9\u03cc\u03c4\u03b7\u03c4\u03b1\u03c2 \u03bc\u03b5 \u0388\u03bd\u03b1 \u03a4\u03b5\u03bc\u03ac\u03c7\u03b9\u03bf","robots":{"index":"index","follow":"follow","max-snippet":"max-snippet:-1","max-image-preview":"max-image-preview:large","max-video-preview":"max-video-preview:-1"},"canonical":"https:\/\/boutique-one-piece.com\/el\/\u03c0\u03b1\u03b6\u03bb-one-piece\/\u03c0\u03b1\u03b6\u03bb-1000-\u03c4\u03b5\u03bc\u03b1\u03c7\u03af\u03c9\u03bd-\u03ad\u03bd\u03b1-\u03ba\u03bf\u03bc\u03bc\u03ac\u03c4\u03b9-\u03bc\u03ac\u03c1\u03ba\u03bf-\u03bf-\u03c6\u03bf\u03af\/","og_locale":"el_GR","og_type":"article","og_title":"Puzzle 1000 Pi\u00e8eces Marco Le Ph\u00e9nix | Boutique One Piece","og_description":"Puzzle Imprim\u00e9 1000 Pi\u00e8ces One Piece avec Marco le Ph\u00e9nix l'Ancien Premier Commandant de la Flotte de Barbe Blanche de Tr\u00e8s Haute Qualit\u00e9 Jeux Puzzle One Piece","og_url":"https:\/\/boutique-one-piece.com\/el\/\u03c0\u03b1\u03b6\u03bb-one-piece\/\u03c0\u03b1\u03b6\u03bb-1000-\u03c4\u03b5\u03bc\u03b1\u03c7\u03af\u03c9\u03bd-\u03ad\u03bd\u03b1-\u03ba\u03bf\u03bc\u03bc\u03ac\u03c4\u03b9-\u03bc\u03ac\u03c1\u03ba\u03bf-\u03bf-\u03c6\u03bf\u03af\/","og_site_name":"Boutique One Piece","article_modified_time":"2024-09-16T12:09:16+00:00","og_image":[{"width":599,"height":399,"url":"https:\/\/boutique-one-piece.com\/wp-content\/uploads\/2022\/09\/Puzzle-1000-Pieeces-One-Piece-Marco-Le-Phenix-1.jpg","type":"image\/jpeg"}],"twitter_card":"summary_large_image","twitter_misc":{"\u0395\u03ba\u03c4\u03b9\u03bc\u03ce\u03bc\u03b5\u03bd\u03bf\u03c2 \u03c7\u03c1\u03cc\u03bd\u03bf\u03c2 \u03b1\u03bd\u03ac\u03b3\u03bd\u03c9\u03c3\u03b7\u03c2":"2 \u03bb\u03b5\u03c0\u03c4\u03ac"},"schema":{"@context":"https:\/\/schema.org","@graph":[{"@type":"WebPage","@id":"https:\/\/boutique-one-piece.com\/puzzles-one-piece\/puzzle-1000-pieeces-one-piece-marco-le-phenix\/","url":"https:\/\/boutique-one-piece.com\/puzzles-one-piece\/puzzle-1000-pieeces-one-piece-marco-le-phenix\/","name":"\u03a0\u03b1\u03b6\u03bb 1000 \u03c4\u03b5\u03bc\u03b1\u03c7\u03af\u03c9\u03bd \u039c\u03ac\u03c1\u03ba\u03bf \u03bf \u03a6\u03bf\u03af\u03bd\u03b9\u03ba\u03b1\u03c2 | One Piece Shop","isPartOf":{"@id":"https:\/\/boutique-one-piece.com\/#website"},"primaryImageOfPage":{"@id":"https:\/\/boutique-one-piece.com\/puzzles-one-piece\/puzzle-1000-pieeces-one-piece-marco-le-phenix\/#primaryimage"},"image":{"@id":"https:\/\/boutique-one-piece.com\/puzzles-one-piece\/puzzle-1000-pieeces-one-piece-marco-le-phenix\/#primaryimage"},"thumbnailUrl":"https:\/\/boutique-one-piece.com\/wp-content\/uploads\/2022\/09\/Puzzle-1000-Pieeces-One-Piece-Marco-Le-Phenix-1.jpg","datePublished":"2022-09-27T20:35:13+00:00","dateModified":"2024-09-16T12:09:16+00:00","description":"\u03a4\u03c5\u03c0\u03c9\u03bc\u03ad\u03bd\u03bf \u03c0\u03b1\u03b6\u03bb 1000 \u03c4\u03b5\u03bc\u03b1\u03c7\u03af\u03c9\u03bd \u03bc\u03b5 \u03c4\u03bf\u03bd \u039c\u03ac\u03c1\u03ba\u03bf \u03c4\u03bf\u03bd \u03a6\u03bf\u03af\u03bd\u03b9\u03ba\u03b1, \u03c4\u03bf\u03bd \u03c0\u03c1\u03ce\u03b7\u03bd \u03a0\u03c1\u03ce\u03c4\u03bf \u0394\u03b9\u03bf\u03b9\u03ba\u03b7\u03c4\u03ae \u03c4\u03bf\u03c5 \u03a3\u03c4\u03cc\u03bb\u03bf\u03c5 \u03c4\u03c9\u03bd \u039b\u03b5\u03c5\u03ba\u03bf\u03b3\u03ad\u03bd\u03b5\u03b9\u03c9\u03bd - \u03a0\u03b1\u03b9\u03c7\u03bd\u03af\u03b4\u03b9\u03b1 \u03a0\u03b1\u03b6\u03bb \u03a0\u03bf\u03bb\u03cd \u03a5\u03c8\u03b7\u03bb\u03ae\u03c2 \u03a0\u03bf\u03b9\u03cc\u03c4\u03b7\u03c4\u03b1\u03c2 \u03bc\u03b5 \u0388\u03bd\u03b1 \u03a4\u03b5\u03bc\u03ac\u03c7\u03b9\u03bf","breadcrumb":{"@id":"https:\/\/boutique-one-piece.com\/puzzles-one-piece\/puzzle-1000-pieeces-one-piece-marco-le-phenix\/#breadcrumb"},"inLanguage":"el","potentialAction":[{"@type":"ReadAction","target":["https:\/\/boutique-one-piece.com\/puzzles-one-piece\/puzzle-1000-pieeces-one-piece-marco-le-phenix\/"]}]},{"@type":"ImageObject","inLanguage":"el","@id":"https:\/\/boutique-one-piece.com\/puzzles-one-piece\/puzzle-1000-pieeces-one-piece-marco-le-phenix\/#primaryimage","url":"https:\/\/boutique-one-piece.com\/wp-content\/uploads\/2022\/09\/Puzzle-1000-Pieeces-One-Piece-Marco-Le-Phenix-1.jpg","contentUrl":"https:\/\/boutique-one-piece.com\/wp-content\/uploads\/2022\/09\/Puzzle-1000-Pieeces-One-Piece-Marco-Le-Phenix-1.jpg","width":599,"height":399},{"@type":"BreadcrumbList","@id":"https:\/\/boutique-one-piece.com\/puzzles-one-piece\/puzzle-1000-pieeces-one-piece-marco-le-phenix\/#breadcrumb","itemListElement":[{"@type":"ListItem","position":1,"name":"Home","item":"https:\/\/boutique-one-piece.com\/"},{"@type":"ListItem","position":2,"name":"Shop","item":"https:\/\/boutique-one-piece.com\/shop\/"},{"@type":"ListItem","position":3,"name":"Puzzle 1000 Pi\u00e8eces One Piece Marco Le Ph\u00e9nix"}]},{"@type":"WebSite","@id":"https:\/\/boutique-one-piece.com\/#website","url":"https:\/\/boutique-one-piece.com\/","name":"\u039a\u03b1\u03c4\u03ac\u03c3\u03c4\u03b7\u03bc\u03b1 One Piece","description":"\u0395\u03be\u03b5\u03b9\u03b4\u03b9\u03ba\u03b5\u03c5\u03bc\u03ad\u03bd\u03bf \u03ba\u03b1\u03c4\u03ac\u03c3\u03c4\u03b7\u03bc\u03b1 \u03b3\u03b9\u03b1 One Piece Manga \u03ba\u03b1\u03b9 Anime","publisher":{"@id":"https:\/\/boutique-one-piece.com\/#organization"},"potentialAction":[{"@type":"SearchAction","target":{"@type":"EntryPoint","urlTemplate":"https:\/\/boutique-one-piece.com\/?s={search_term_string}"},"query-input":{"@type":"PropertyValueSpecification","valueRequired":true,"valueName":"search_term_string"}}],"inLanguage":"el"},{"@type":"Organization","@id":"https:\/\/boutique-one-piece.com\/#organization","name":"\u039a\u03b1\u03c4\u03ac\u03c3\u03c4\u03b7\u03bc\u03b1 One Piece","url":"https:\/\/boutique-one-piece.com\/","logo":{"@type":"ImageObject","inLanguage":"el","@id":"https:\/\/boutique-one-piece.com\/#\/schema\/logo\/image\/","url":"https:\/\/boutique-one-piece.com\/wp-content\/uploads\/2022\/09\/Logo-01.png","contentUrl":"https:\/\/boutique-one-piece.com\/wp-content\/uploads\/2022\/09\/Logo-01.png","width":2318,"height":957,"caption":"Boutique One Piece"},"image":{"@id":"https:\/\/boutique-one-piece.com\/#\/schema\/logo\/image\/"}}]}},"_links":{"self":[{"href":"https:\/\/boutique-one-piece.com\/el\/wp-json\/wp\/v2\/product\/10582","targetHints":{"allow":["GET"]}}],"collection":[{"href":"https:\/\/boutique-one-piece.com\/el\/wp-json\/wp\/v2\/product"}],"about":[{"href":"https:\/\/boutique-one-piece.com\/el\/wp-json\/wp\/v2\/types\/product"}],"replies":[{"embeddable":true,"href":"https:\/\/boutique-one-piece.com\/el\/wp-json\/wp\/v2\/comments?post=10582"}],"wp:featuredmedia":[{"embeddable":true,"href":"https:\/\/boutique-one-piece.com\/el\/wp-json\/wp\/v2\/media\/10584"}],"wp:attachment":[{"href":"https:\/\/boutique-one-piece.com\/el\/wp-json\/wp\/v2\/media?parent=10582"}],"wp:term":[{"taxonomy":"product_brand","embeddable":true,"href":"https:\/\/boutique-one-piece.com\/el\/wp-json\/wp\/v2\/product_brand?post=10582"},{"taxonomy":"product_cat","embeddable":true,"href":"https:\/\/boutique-one-piece.com\/el\/wp-json\/wp\/v2\/product_cat?post=10582"},{"taxonomy":"product_tag","embeddable":true,"href":"https:\/\/boutique-one-piece.com\/el\/wp-json\/wp\/v2\/product_tag?post=10582"}],"curies":[{"name":"\u03b5\u03c1\u03b3\u03b1\u03c3\u03af\u03b1","href":"https:\/\/api.w.org\/{rel}","templated":true}]}}