{"id":10623,"date":"2022-09-27T20:35:25","date_gmt":"2022-09-27T20:35:25","guid":{"rendered":"https:\/\/boutique-one-piece.com\/uncategorized\/peluche-chopper-cosplay-sabo\/"},"modified":"2024-09-16T12:09:54","modified_gmt":"2024-09-16T12:09:54","slug":"%cf%84%cf%83%cf%8c%cf%80%ce%b5%cf%81-%ce%b2%ce%b5%ce%bb%ce%bf%cf%8d%ce%b4%ce%b9%ce%bd%ce%bf-cosplay-sabo","status":"publish","type":"product","link":"https:\/\/boutique-one-piece.com\/el\/%ce%ba%ce%b1%ce%bb%ce%bf%cf%8d%ce%b4%ce%b9%ce%b1-one-piece\/%ce%ba%ce%b1%ce%bb%ce%bf%cf%8d%ce%b4%ce%b9%ce%b1-tony-tony-chopper-%ce%ad%ce%bd%ce%b1-%ce%ba%ce%bf%ce%bc%ce%bc%ce%ac%cf%84%ce%b9\/%cf%84%cf%83%cf%8c%cf%80%ce%b5%cf%81-%ce%b2%ce%b5%ce%bb%ce%bf%cf%8d%ce%b4%ce%b9%ce%bd%ce%bf-cosplay-sabo\/","title":{"rendered":"\u039b\u03bf\u03cd\u03c4\u03c1\u03b9\u03bd\u03bf Chopper Cosplay Sabo"},"content":{"rendered":"<h2>\u039d\u03b5\u03b1\u03c1\u03ad\/\u03bd\u03b5\u03b1\u03c1\u03ae \u03bb\u03ac\u03c4\u03c1\u03b7, \u03c4\u03b9 \u03b8\u03b1 \u03bb\u03ad\u03b3\u03b1\u03c4\u03b5 \u03b3\u03b9\u03b1 \u03ad\u03bd\u03b1\u03bd \u03bc\u03b5\u03c4\u03b1\u03bc\u03c6\u03b9\u03b5\u03c3\u03bc\u03ad\u03bd\u03bf \u03c0\u03b5\u03b9\u03c1\u03b1\u03c4\u03ae; \u0391\u03bd \u03bd\u03b1\u03b9, \u03b1\u03c0\u03bf\u03ba\u03c4\u03ae\u03c3\u03c4\u03b5 \u03c4\u03ce\u03c1\u03b1 \u03b1\u03c5\u03c4\u03cc \u03c4\u03bf \u03bb\u03bf\u03cd\u03c4\u03c1\u03b9\u03bd\u03bf Chopper Cosplay Sabo.<\/h2>\n<p>\u03a9\u03c2 \u03c5\u03c0\u03b5\u03bd\u03b8\u03cd\u03bc\u03b9\u03c3\u03b7, <strong>Chopper<\/strong> \u0395\u03af\u03bd\u03b1\u03b9 \u03bf \u03b3\u03b9\u03b1\u03c4\u03c1\u03cc\u03c2 \u03c4\u03b7\u03c2 \u03bf\u03bc\u03ac\u03b4\u03b1\u03c2 Straw Hat Crew. \u0395\u03af\u03bd\u03b1\u03b9 \u03b5\u03c0\u03af\u03c3\u03b7\u03c2 \u03ad\u03bd\u03b1\u03c2 \u03c4\u03ac\u03c1\u03b1\u03bd\u03b4\u03bf\u03c2 \u03c0\u03bf\u03c5 \u03ad\u03c6\u03b1\u03b3\u03b5 \u03c4\u03bf Hito Hito no Mi, \u03b5\u03c0\u03b9\u03c4\u03c1\u03ad\u03c0\u03bf\u03bd\u03c4\u03ac\u03c2 \u03c4\u03bf\u03c5 \u03bd\u03b1 \u03bc\u03b5\u03c4\u03b1\u03bc\u03bf\u03c1\u03c6\u03c9\u03b8\u03b5\u03af \u03c3\u03b5 \u03ac\u03bd\u03b8\u03c1\u03c9\u03c0\u03bf. \u039a\u03b1\u03c4\u03ac\u03b3\u03b5\u03c4\u03b1\u03b9 \u03b1\u03c0\u03cc \u03c4\u03bf \u039d\u03b7\u03c3\u03af Drum. \u03a3\u03b5 \u03b1\u03c5\u03c4\u03cc \u03c4\u03bf \u03bd\u03b7\u03c3\u03af \u03ad\u03bc\u03b1\u03b8\u03b5 \u03b9\u03b1\u03c4\u03c1\u03b9\u03ba\u03ae \u03c5\u03c0\u03cc \u03c4\u03b7\u03bd \u03ba\u03b1\u03b8\u03bf\u03b4\u03ae\u03b3\u03b7\u03c3\u03b7 \u03c4\u03bf\u03c5 Kureha, \u03c4\u03bf\u03bd \u03bf\u03c0\u03bf\u03af\u03bf \u03b1\u03c0\u03bf\u03ba\u03b1\u03bb\u03b5\u03af &quot;Doctorine&quot;.<\/p>\n<p>\u038c\u03c3\u03bf \u03b3\u03b9\u03b1<strong> Sabo<\/strong>, \u0395\u03af\u03bd\u03b1\u03b9 \u03c4\u03bf \u03b4\u03b5\u03cd\u03c4\u03b5\u03c1\u03bf \u03c0\u03b9\u03bf \u03c3\u03b7\u03bc\u03b1\u03bd\u03c4\u03b9\u03ba\u03cc \u03bc\u03ad\u03bb\u03bf\u03c2 \u03c4\u03bf\u03c5 \u0395\u03c0\u03b1\u03bd\u03b1\u03c3\u03c4\u03b1\u03c4\u03b9\u03ba\u03bf\u03cd \u03a3\u03c4\u03c1\u03b1\u03c4\u03bf\u03cd \u03bc\u03b5\u03c4\u03ac \u03c4\u03bf\u03bd Monkey D. Dragon. \u0395\u03af\u03bd\u03b1\u03b9 \u03b5\u03c0\u03af\u03c3\u03b7\u03c2 \u03bf <strong>\u03c0\u03bd\u03b5\u03c5\u03bc\u03b1\u03c4\u03b9\u03ba\u03cc\u03c2 \u03b1\u03b4\u03b5\u03bb\u03c6\u03cc\u03c2<\/strong> \u03c4\u03c9\u03bd Monkey D. Luffy \u03ba\u03b1\u03b9 Portgas D. Ace. \u0395\u03c0\u03b9\u03c0\u03bb\u03ad\u03bf\u03bd, \u03c4\u03bf <a title=\"\u039b\u039f\u03a5\u03a4\u03a1\u0399\u039d\u039f \u039a\u039f\u03a0\u0395\u03a1 COSPLAY PORTGAS D ACE\" href=\"https:\/\/boutique-one-piece.com\/el\/%ce%b2%ce%b5%ce%bb%ce%bf%cf%8d%ce%b4%ce%b9%ce%bd%ce%bf-%ce%b5%ce%bb%ce%b9%ce%ba%cf%8c%cf%80%cf%84%ce%b5%cf%81%ce%bf-cosplay-portgas-d-ace\/\" target=\"_blank\" rel=\"noopener\">\u039b\u03bf\u03cd\u03c4\u03c1\u03b9\u03bd\u03bf Chopper \u03c3\u03b5 cosplay \u03c4\u03bf\u03c5 Portgas D. Ace<\/a> \u03b5\u03af\u03bd\u03b1\u03b9 \u03b5\u03bd\u03c4\u03cc\u03c2 \u03c4\u03c9\u03bd \u03b4\u03c5\u03bd\u03b1\u03c4\u03bf\u03c4\u03ae\u03c4\u03c9\u03bd \u03c3\u03b1\u03c2.<\/p>\n<h3>\u039d\u03b5\u03b1\u03c1\u03ad \u03c0\u03b5\u03b9\u03c1\u03b1\u03c4\u03ae, \u03ac\u03c6\u03b7\u03c3\u03b5 \u03c4\u03bf\u03bd \u03b5\u03b1\u03c5\u03c4\u03cc \u03c3\u03bf\u03c5 \u03bd\u03b1 \u03bc\u03b1\u03b3\u03b5\u03c5\u03c4\u03b5\u03af \u03b1\u03c0\u03cc \u03b1\u03c5\u03c4\u03cc \u03c4\u03bf \u03bb\u03bf\u03cd\u03c4\u03c1\u03b9\u03bd\u03bf Chopper \u03c0\u03bf\u03c5 \u03ba\u03ac\u03bd\u03b5\u03b9 cosplay \u03bc\u03b5 \u03c4\u03bf\u03bd Sabo. \u0391\u03c5\u03c4\u03cc \u03c4\u03bf \u03bb\u03bf\u03cd\u03c4\u03c1\u03b9\u03bd\u03bf \u03b8\u03b1 \u03b5\u03af\u03bd\u03b1\u03b9 \u03c3\u03c4\u03bf \u03c0\u03bb\u03b5\u03c5\u03c1\u03cc \u03c3\u03bf\u03c5 \u03c3\u03c4\u03b9\u03c2 \u03bd\u03ad\u03b5\u03c2 \u03c3\u03bf\u03c5 \u03c0\u03b5\u03c1\u03b9\u03c0\u03ad\u03c4\u03b5\u03b9\u03b5\u03c2 \u03c3\u03c4\u03bf\u03bd \u03c6\u03b1\u03bd\u03c4\u03b1\u03c3\u03c4\u03b9\u03ba\u03cc \u03ba\u03cc\u03c3\u03bc\u03bf \u03c4\u03bf\u03c5 One Piece.<\/h3>\n<p>\u0395\u03af\u03c4\u03b5 \u03b5\u03af\u03c3\u03c4\u03b5 \u03c6\u03b1\u03bd\u03b1\u03c4\u03b9\u03ba\u03cc\u03c2 \u03b8\u03b1\u03c5\u03bc\u03b1\u03c3\u03c4\u03ae\u03c2 \u03b5\u03af\u03c4\u03b5 \u03c3\u03bf\u03b2\u03b1\u03c1\u03cc\u03c2 \u03c3\u03c5\u03bb\u03bb\u03ad\u03ba\u03c4\u03b7\u03c2, \u03b1\u03c5\u03c4\u03ac \u03c4\u03b1 \u03b1\u03bd\u03c4\u03b9\u03ba\u03b5\u03af\u03bc\u03b5\u03bd\u03b1 \u03b5\u03af\u03bd\u03b1\u03b9 \u03c3\u03af\u03b3\u03bf\u03c5\u03c1\u03b1 \u03b3\u03b9\u03b1 \u03b5\u03c3\u03ac\u03c2. \u0399\u03b4\u03b1\u03bd\u03b9\u03ba\u03ac \u03b3\u03b9\u03b1 \u03b4\u03ce\u03c1\u03bf, \u03c3\u03c5\u03bb\u03bb\u03bf\u03b3\u03ae \u03ae \u03b1\u03c0\u03bb\u03ce\u03c2 \u03b3\u03b9\u03b1 \u03b4\u03b9\u03b1\u03c3\u03ba\u03ad\u03b4\u03b1\u03c3\u03b7, \u03b1\u03c5\u03c4\u03ac \u03c4\u03b1 \u03b1\u03bd\u03c4\u03b9\u03ba\u03b5\u03af\u03bc\u03b5\u03bd\u03b1 \u03b8\u03b1 \u03b2\u03c1\u03bf\u03c5\u03bd \u03c4\u03b7 \u03b8\u03ad\u03c3\u03b7 \u03c4\u03bf\u03c5\u03c2 \u03c3\u03c4\u03b7 \u03c3\u03c5\u03bb\u03bb\u03bf\u03b3\u03ae \u03c3\u03b1\u03c2. <strong>\u03c4\u03bf \u03c3\u03cd\u03bc\u03c0\u03b1\u03bd One Piece \u03c3\u03bf\u03c5<\/strong>. \u0388\u03bd\u03b1 \u03c0\u03c1\u03ac\u03b3\u03bc\u03b1 \u03b5\u03af\u03bd\u03b1\u03b9 \u03c3\u03af\u03b3\u03bf\u03c5\u03c1\u03bf, \u03b7 \u03bc\u03bf\u03af\u03c1\u03b1 \u03c3\u03bf\u03c5 \u03b5\u03af\u03bd\u03b1\u03b9 <strong>\u03c0\u03b5\u03b9\u03c1\u03b1\u03c4\u03ae\u03c2<\/strong> \u03b5\u03af\u03bd\u03b1\u03b9 \u03c4\u03ce\u03c1\u03b1 \u03c3\u03c4\u03b1 \u03c7\u03ad\u03c1\u03b9\u03b1 \u03c3\u03b1\u03c2.<\/p>\n<h2>\u03a0\u03bb\u03b7\u03c1\u03bf\u03c6\u03bf\u03c1\u03af\u03b5\u03c2 \u03b3\u03b9\u03b1 \u03c4\u03bf \u03b2\u03b5\u03bb\u03bf\u03cd\u03b4\u03b9\u03bd\u03bf \u03bf\u03bb\u03cc\u03c3\u03c9\u03bc\u03bf \u03c4\u03c3\u03cc\u03c0\u03b5\u03c1:<\/h2>\n<ul>\n<li>\u00a0<b>\u03a4\u03cd\u03c0\u03bf\u03c2 \u03c0\u03c1\u03bf\u03ca\u03cc\u03bd\u03c4\u03bf\u03c2<\/b><span>\u00a0<\/span>\u039b\u03bf\u03cd\u03c4\u03c1\u03b9\u03bd\u03bf \u03c0\u03b1\u03b9\u03c7\u03bd\u03af\u03b4\u03b9 manga One Piece<\/li>\n<\/ul>\n<ul>\n<li>\n<b>\u03a7\u03c1\u03ae\u03c3\u03b7 \u03c4\u03bf\u03c5 Peluce<\/b>\u00a0\u03a0\u03b1\u03b9\u03c7\u03bd\u03af\u03b4\u03b9\u03b1, \u03b4\u03b9\u03b1\u03ba\u03bf\u03c3\u03bc\u03b7\u03c4\u03b9\u03ba\u03ac, \u03c3\u03c5\u03bb\u03bb\u03b5\u03ba\u03c4\u03b9\u03ba\u03ac \u03b5\u03af\u03b4\u03b7, \u03b4\u03ce\u03c1\u03b1<\/li>\n<\/ul>\n<ul>\n<li>\n<b>\u038c\u03bd\u03bf\u03bc\u03b1 \u03c7\u03b1\u03c1\u03b1\u03ba\u03c4\u03ae\u03c1\u03b1<\/b>\u00a0\u03a4\u03cc\u03bd\u03b9 \u03a4\u03c3\u03cc\u03c0\u03b5\u03c1<\/li>\n<\/ul>\n<ul>\n<li>\n<b>\u039c\u03ad\u03b3\u03b5\u03b8\u03bf\u03c2 \u03bb\u03bf\u03cd\u03c4\u03c1\u03b9\u03bd\u03bf\u03c5 \u03c0\u03b1\u03b9\u03c7\u03bd\u03b9\u03b4\u03b9\u03bf\u03cd<\/b>\u00a0: 25 \u03ae 30 \u03b5\u03ba\u03b1\u03c4\u03bf\u03c3\u03c4\u03ac<\/li>\n<\/ul>\n<ul>\n<li>\n<b>\u03a5\u03bb\u03b7<\/b>\u00a0\u0392\u03b1\u03bc\u03b2\u03ac\u03ba\u03b9<\/li>\n<\/ul>\n<ul>\n<li>\n<b>\u03a3\u03c5\u03bd\u03b9\u03c3\u03c4\u03ce\u03bc\u03b5\u03bd\u03b7 \u03b7\u03bb\u03b9\u03ba\u03af\u03b1<\/b>\u00a0: \u03c0\u03b5\u03c1\u03b9\u03c3\u03c3\u03cc\u03c4\u03b5\u03c1\u03bf \u03b1\u03c0\u03cc 3 \u03c7\u03c1\u03cc\u03bd\u03b9\u03b1<\/li>\n<\/ul>\n<ul>\n<li>\n<b>\u0394\u03c9\u03c1\u03b5\u03ac\u03bd \u03c0\u03b1\u03c1\u03ac\u03b4\u03bf\u03c3\u03b7<\/b> \u03b3\u03b9\u03b1 \u03bf\u03c0\u03bf\u03b9\u03b1\u03b4\u03ae\u03c0\u03bf\u03c4\u03b5 \u03b1\u03b3\u03bf\u03c1\u03ac<\/li>\n<\/ul>","protected":false},"excerpt":{"rendered":"<p>Jeune passionn\u00e9, un pirate d\u00e9guis\u00e9, \u00e7a te dit ? Si oui, procure-toi d\u00e8s maintenant cette Peluche Chopper Cosplay Sabo. Pour rappel, Chopper est le docteur de l&rsquo;\u00c9quipage du Chapeau de Paille. C&rsquo;est aussi un renne qui a mang\u00e9 le Hito Hito no Mi, lui permettant de se transformer en humain. Il est originaire de l&rsquo;\u00cele [&hellip;]<\/p>","protected":false},"featured_media":10625,"comment_status":"open","ping_status":"open","template":"","meta":[],"product_brand":[],"product_cat":[163,177],"product_tag":[165],"class_list":{"0":"post-10623","1":"product","2":"type-product","3":"status-publish","4":"has-post-thumbnail","6":"product_cat-goodies-tony-tony-chopper-one-piece","7":"product_cat-peluches-one-piece","8":"product_tag-chopper","10":"first","11":"instock","12":"purchasable","13":"product-type-variable","14":"has-default-attributes"},"yoast_head":"<!-- This site is optimized with the Yoast SEO plugin v27.5 - https:\/\/yoast.com\/product\/yoast-seo-wordpress\/ -->\n<title>Peluche Chopper Cosplay Sabo | Boutique One Piece<\/title>\n<meta name=\"description\" content=\"D\u00e9couvrez la peluche One Piece Tony Chopper d\u00e9guis\u00e9 en Sabo, elle est aussi douce que mignonne ! Commencez votre aventure de pirate \u00e0 la recherche du One Piece dans l&#039;\u00e9quipage du Chapeau de Paille\" \/>\n<meta name=\"robots\" content=\"index, follow, max-snippet:-1, max-image-preview:large, max-video-preview:-1\" \/>\n<link rel=\"canonical\" href=\"https:\/\/boutique-one-piece.com\/el\/\u03bb\u03bf\u03cd\u03c4\u03c1\u03b9\u03bd\u03b1-\u03c0\u03b1\u03b9\u03c7\u03bd\u03af\u03b4\u03b9\u03b1-one-piece\/\u03c4\u03c3\u03cc\u03c0\u03b5\u03c1-\u03b2\u03b5\u03bb\u03bf\u03cd\u03b4\u03b9\u03bd\u03bf-cosplay-sabo\/\" \/>\n<meta property=\"og:locale\" content=\"el_GR\" \/>\n<meta property=\"og:type\" content=\"article\" \/>\n<meta property=\"og:title\" content=\"Peluche Chopper Cosplay Sabo | Boutique One Piece\" \/>\n<meta property=\"og:description\" content=\"D\u00e9couvrez la peluche One Piece Tony Chopper d\u00e9guis\u00e9 en Sabo, elle est aussi douce que mignonne ! Commencez votre aventure de pirate \u00e0 la recherche du One Piece dans l&#039;\u00e9quipage du Chapeau de Paille\" \/>\n<meta property=\"og:url\" content=\"https:\/\/boutique-one-piece.com\/el\/\u03bb\u03bf\u03cd\u03c4\u03c1\u03b9\u03bd\u03b1-\u03c0\u03b1\u03b9\u03c7\u03bd\u03af\u03b4\u03b9\u03b1-one-piece\/\u03c4\u03c3\u03cc\u03c0\u03b5\u03c1-\u03b2\u03b5\u03bb\u03bf\u03cd\u03b4\u03b9\u03bd\u03bf-cosplay-sabo\/\" \/>\n<meta property=\"og:site_name\" content=\"Boutique One Piece\" \/>\n<meta property=\"article:modified_time\" content=\"2024-09-16T12:09:54+00:00\" \/>\n<meta property=\"og:image\" content=\"https:\/\/boutique-one-piece.com\/wp-content\/uploads\/2022\/09\/Peluche-Chopper-Cosplay-Sabo.png\" \/>\n\t<meta property=\"og:image:width\" content=\"500\" \/>\n\t<meta property=\"og:image:height\" content=\"500\" \/>\n\t<meta property=\"og:image:type\" content=\"image\/png\" \/>\n<meta name=\"twitter:card\" content=\"summary_large_image\" \/>\n<meta name=\"twitter:label1\" content=\"\u0395\u03ba\u03c4\u03b9\u03bc\u03ce\u03bc\u03b5\u03bd\u03bf\u03c2 \u03c7\u03c1\u03cc\u03bd\u03bf\u03c2 \u03b1\u03bd\u03ac\u03b3\u03bd\u03c9\u03c3\u03b7\u03c2\" \/>\n\t<meta name=\"twitter:data1\" content=\"1 \u03bb\u03b5\u03c0\u03c4\u03cc\" \/>\n<script type=\"application\/ld+json\" class=\"yoast-schema-graph\">{\"@context\":\"https:\\\/\\\/schema.org\",\"@graph\":[{\"@type\":\"WebPage\",\"@id\":\"https:\\\/\\\/boutique-one-piece.com\\\/peluches-one-piece\\\/peluche-chopper-cosplay-sabo\\\/\",\"url\":\"https:\\\/\\\/boutique-one-piece.com\\\/peluches-one-piece\\\/peluche-chopper-cosplay-sabo\\\/\",\"name\":\"Peluche Chopper Cosplay Sabo | Boutique One Piece\",\"isPartOf\":{\"@id\":\"https:\\\/\\\/boutique-one-piece.com\\\/#website\"},\"primaryImageOfPage\":{\"@id\":\"https:\\\/\\\/boutique-one-piece.com\\\/peluches-one-piece\\\/peluche-chopper-cosplay-sabo\\\/#primaryimage\"},\"image\":{\"@id\":\"https:\\\/\\\/boutique-one-piece.com\\\/peluches-one-piece\\\/peluche-chopper-cosplay-sabo\\\/#primaryimage\"},\"thumbnailUrl\":\"https:\\\/\\\/boutique-one-piece.com\\\/wp-content\\\/uploads\\\/2022\\\/09\\\/Peluche-Chopper-Cosplay-Sabo.png\",\"datePublished\":\"2022-09-27T20:35:25+00:00\",\"dateModified\":\"2024-09-16T12:09:54+00:00\",\"description\":\"D\u00e9couvrez la peluche One Piece Tony Chopper d\u00e9guis\u00e9 en Sabo, elle est aussi douce que mignonne ! Commencez votre aventure de pirate \u00e0 la recherche du One Piece dans l'\u00e9quipage du Chapeau de Paille\",\"breadcrumb\":{\"@id\":\"https:\\\/\\\/boutique-one-piece.com\\\/peluches-one-piece\\\/peluche-chopper-cosplay-sabo\\\/#breadcrumb\"},\"inLanguage\":\"el\",\"potentialAction\":[{\"@type\":\"ReadAction\",\"target\":[\"https:\\\/\\\/boutique-one-piece.com\\\/peluches-one-piece\\\/peluche-chopper-cosplay-sabo\\\/\"]}]},{\"@type\":\"ImageObject\",\"inLanguage\":\"el\",\"@id\":\"https:\\\/\\\/boutique-one-piece.com\\\/peluches-one-piece\\\/peluche-chopper-cosplay-sabo\\\/#primaryimage\",\"url\":\"https:\\\/\\\/boutique-one-piece.com\\\/wp-content\\\/uploads\\\/2022\\\/09\\\/Peluche-Chopper-Cosplay-Sabo.png\",\"contentUrl\":\"https:\\\/\\\/boutique-one-piece.com\\\/wp-content\\\/uploads\\\/2022\\\/09\\\/Peluche-Chopper-Cosplay-Sabo.png\",\"width\":500,\"height\":500,\"caption\":\"Peluche Chopper Cosplay Sabo 30cm\"},{\"@type\":\"BreadcrumbList\",\"@id\":\"https:\\\/\\\/boutique-one-piece.com\\\/peluches-one-piece\\\/peluche-chopper-cosplay-sabo\\\/#breadcrumb\",\"itemListElement\":[{\"@type\":\"ListItem\",\"position\":1,\"name\":\"Home\",\"item\":\"https:\\\/\\\/boutique-one-piece.com\\\/\"},{\"@type\":\"ListItem\",\"position\":2,\"name\":\"Shop\",\"item\":\"https:\\\/\\\/boutique-one-piece.com\\\/shop\\\/\"},{\"@type\":\"ListItem\",\"position\":3,\"name\":\"Peluche Chopper Cosplay Sabo\"}]},{\"@type\":\"WebSite\",\"@id\":\"https:\\\/\\\/boutique-one-piece.com\\\/#website\",\"url\":\"https:\\\/\\\/boutique-one-piece.com\\\/\",\"name\":\"Boutique One Piece\",\"description\":\"Magasin Sp\u00e9cialis\u00e9 du Manga et l&#039;Anime One Piece\",\"publisher\":{\"@id\":\"https:\\\/\\\/boutique-one-piece.com\\\/#organization\"},\"potentialAction\":[{\"@type\":\"SearchAction\",\"target\":{\"@type\":\"EntryPoint\",\"urlTemplate\":\"https:\\\/\\\/boutique-one-piece.com\\\/?s={search_term_string}\"},\"query-input\":{\"@type\":\"PropertyValueSpecification\",\"valueRequired\":true,\"valueName\":\"search_term_string\"}}],\"inLanguage\":\"el\"},{\"@type\":\"Organization\",\"@id\":\"https:\\\/\\\/boutique-one-piece.com\\\/#organization\",\"name\":\"Boutique One Piece\",\"url\":\"https:\\\/\\\/boutique-one-piece.com\\\/\",\"logo\":{\"@type\":\"ImageObject\",\"inLanguage\":\"el\",\"@id\":\"https:\\\/\\\/boutique-one-piece.com\\\/#\\\/schema\\\/logo\\\/image\\\/\",\"url\":\"https:\\\/\\\/boutique-one-piece.com\\\/wp-content\\\/uploads\\\/2022\\\/09\\\/Logo-01.png\",\"contentUrl\":\"https:\\\/\\\/boutique-one-piece.com\\\/wp-content\\\/uploads\\\/2022\\\/09\\\/Logo-01.png\",\"width\":2318,\"height\":957,\"caption\":\"Boutique One Piece\"},\"image\":{\"@id\":\"https:\\\/\\\/boutique-one-piece.com\\\/#\\\/schema\\\/logo\\\/image\\\/\"}}]}<\/script>\n<!-- \/ Yoast SEO plugin. -->","yoast_head_json":{"title":"\u039b\u03bf\u03cd\u03c4\u03c1\u03b9\u03bd\u03bf Chopper Cosplay Sabo | One Piece Shop","description":"\u0391\u03bd\u03b1\u03ba\u03b1\u03bb\u03cd\u03c8\u03c4\u03b5 \u03c4\u03bf \u03bb\u03bf\u03cd\u03c4\u03c1\u03b9\u03bd\u03bf \u03b1\u03c1\u03ba\u03bf\u03c5\u03b4\u03ac\u03ba\u03b9 One Piece Tony Chopper \u03bd\u03c4\u03c5\u03bc\u03ad\u03bd\u03bf \u03c9\u03c2 Sabo \u2013 \u03b5\u03af\u03bd\u03b1\u03b9 \u03c4\u03cc\u03c3\u03bf \u03b1\u03c0\u03b1\u03bb\u03cc \u03cc\u03c3\u03bf \u03ba\u03b1\u03b9 \u03c7\u03b1\u03c1\u03b9\u03c4\u03c9\u03bc\u03ad\u03bd\u03bf! \u039e\u03b5\u03ba\u03b9\u03bd\u03ae\u03c3\u03c4\u03b5 \u03c4\u03b7\u03bd \u03c0\u03b5\u03b9\u03c1\u03b1\u03c4\u03b9\u03ba\u03ae \u03c3\u03b1\u03c2 \u03c0\u03b5\u03c1\u03b9\u03c0\u03ad\u03c4\u03b5\u03b9\u03b1 \u03b1\u03bd\u03b1\u03b6\u03b7\u03c4\u03ce\u03bd\u03c4\u03b1\u03c2 \u03c4\u03bf One Piece \u03bc\u03b5 \u03c4\u03b7\u03bd \u03bf\u03bc\u03ac\u03b4\u03b1 Straw Hat.","robots":{"index":"index","follow":"follow","max-snippet":"max-snippet:-1","max-image-preview":"max-image-preview:large","max-video-preview":"max-video-preview:-1"},"canonical":"https:\/\/boutique-one-piece.com\/el\/\u03bb\u03bf\u03cd\u03c4\u03c1\u03b9\u03bd\u03b1-\u03c0\u03b1\u03b9\u03c7\u03bd\u03af\u03b4\u03b9\u03b1-one-piece\/\u03c4\u03c3\u03cc\u03c0\u03b5\u03c1-\u03b2\u03b5\u03bb\u03bf\u03cd\u03b4\u03b9\u03bd\u03bf-cosplay-sabo\/","og_locale":"el_GR","og_type":"article","og_title":"Peluche Chopper Cosplay Sabo | Boutique One Piece","og_description":"D\u00e9couvrez la peluche One Piece Tony Chopper d\u00e9guis\u00e9 en Sabo, elle est aussi douce que mignonne ! Commencez votre aventure de pirate \u00e0 la recherche du One Piece dans l'\u00e9quipage du Chapeau de Paille","og_url":"https:\/\/boutique-one-piece.com\/el\/\u03bb\u03bf\u03cd\u03c4\u03c1\u03b9\u03bd\u03b1-\u03c0\u03b1\u03b9\u03c7\u03bd\u03af\u03b4\u03b9\u03b1-one-piece\/\u03c4\u03c3\u03cc\u03c0\u03b5\u03c1-\u03b2\u03b5\u03bb\u03bf\u03cd\u03b4\u03b9\u03bd\u03bf-cosplay-sabo\/","og_site_name":"Boutique One Piece","article_modified_time":"2024-09-16T12:09:54+00:00","og_image":[{"width":500,"height":500,"url":"https:\/\/boutique-one-piece.com\/wp-content\/uploads\/2022\/09\/Peluche-Chopper-Cosplay-Sabo.png","type":"image\/png"}],"twitter_card":"summary_large_image","twitter_misc":{"\u0395\u03ba\u03c4\u03b9\u03bc\u03ce\u03bc\u03b5\u03bd\u03bf\u03c2 \u03c7\u03c1\u03cc\u03bd\u03bf\u03c2 \u03b1\u03bd\u03ac\u03b3\u03bd\u03c9\u03c3\u03b7\u03c2":"1 \u03bb\u03b5\u03c0\u03c4\u03cc"},"schema":{"@context":"https:\/\/schema.org","@graph":[{"@type":"WebPage","@id":"https:\/\/boutique-one-piece.com\/peluches-one-piece\/peluche-chopper-cosplay-sabo\/","url":"https:\/\/boutique-one-piece.com\/peluches-one-piece\/peluche-chopper-cosplay-sabo\/","name":"\u039b\u03bf\u03cd\u03c4\u03c1\u03b9\u03bd\u03bf Chopper Cosplay Sabo | One Piece Shop","isPartOf":{"@id":"https:\/\/boutique-one-piece.com\/#website"},"primaryImageOfPage":{"@id":"https:\/\/boutique-one-piece.com\/peluches-one-piece\/peluche-chopper-cosplay-sabo\/#primaryimage"},"image":{"@id":"https:\/\/boutique-one-piece.com\/peluches-one-piece\/peluche-chopper-cosplay-sabo\/#primaryimage"},"thumbnailUrl":"https:\/\/boutique-one-piece.com\/wp-content\/uploads\/2022\/09\/Peluche-Chopper-Cosplay-Sabo.png","datePublished":"2022-09-27T20:35:25+00:00","dateModified":"2024-09-16T12:09:54+00:00","description":"\u0391\u03bd\u03b1\u03ba\u03b1\u03bb\u03cd\u03c8\u03c4\u03b5 \u03c4\u03bf \u03bb\u03bf\u03cd\u03c4\u03c1\u03b9\u03bd\u03bf \u03b1\u03c1\u03ba\u03bf\u03c5\u03b4\u03ac\u03ba\u03b9 One Piece Tony Chopper \u03bd\u03c4\u03c5\u03bc\u03ad\u03bd\u03bf \u03c9\u03c2 Sabo \u2013 \u03b5\u03af\u03bd\u03b1\u03b9 \u03c4\u03cc\u03c3\u03bf \u03b1\u03c0\u03b1\u03bb\u03cc \u03cc\u03c3\u03bf \u03ba\u03b1\u03b9 \u03c7\u03b1\u03c1\u03b9\u03c4\u03c9\u03bc\u03ad\u03bd\u03bf! \u039e\u03b5\u03ba\u03b9\u03bd\u03ae\u03c3\u03c4\u03b5 \u03c4\u03b7\u03bd \u03c0\u03b5\u03b9\u03c1\u03b1\u03c4\u03b9\u03ba\u03ae \u03c3\u03b1\u03c2 \u03c0\u03b5\u03c1\u03b9\u03c0\u03ad\u03c4\u03b5\u03b9\u03b1 \u03b1\u03bd\u03b1\u03b6\u03b7\u03c4\u03ce\u03bd\u03c4\u03b1\u03c2 \u03c4\u03bf One Piece \u03bc\u03b5 \u03c4\u03b7\u03bd \u03bf\u03bc\u03ac\u03b4\u03b1 Straw Hat.","breadcrumb":{"@id":"https:\/\/boutique-one-piece.com\/peluches-one-piece\/peluche-chopper-cosplay-sabo\/#breadcrumb"},"inLanguage":"el","potentialAction":[{"@type":"ReadAction","target":["https:\/\/boutique-one-piece.com\/peluches-one-piece\/peluche-chopper-cosplay-sabo\/"]}]},{"@type":"ImageObject","inLanguage":"el","@id":"https:\/\/boutique-one-piece.com\/peluches-one-piece\/peluche-chopper-cosplay-sabo\/#primaryimage","url":"https:\/\/boutique-one-piece.com\/wp-content\/uploads\/2022\/09\/Peluche-Chopper-Cosplay-Sabo.png","contentUrl":"https:\/\/boutique-one-piece.com\/wp-content\/uploads\/2022\/09\/Peluche-Chopper-Cosplay-Sabo.png","width":500,"height":500,"caption":"Peluche Chopper Cosplay Sabo 30cm"},{"@type":"BreadcrumbList","@id":"https:\/\/boutique-one-piece.com\/peluches-one-piece\/peluche-chopper-cosplay-sabo\/#breadcrumb","itemListElement":[{"@type":"ListItem","position":1,"name":"Home","item":"https:\/\/boutique-one-piece.com\/"},{"@type":"ListItem","position":2,"name":"Shop","item":"https:\/\/boutique-one-piece.com\/shop\/"},{"@type":"ListItem","position":3,"name":"Peluche Chopper Cosplay Sabo"}]},{"@type":"WebSite","@id":"https:\/\/boutique-one-piece.com\/#website","url":"https:\/\/boutique-one-piece.com\/","name":"\u039a\u03b1\u03c4\u03ac\u03c3\u03c4\u03b7\u03bc\u03b1 One Piece","description":"\u0395\u03be\u03b5\u03b9\u03b4\u03b9\u03ba\u03b5\u03c5\u03bc\u03ad\u03bd\u03bf \u03ba\u03b1\u03c4\u03ac\u03c3\u03c4\u03b7\u03bc\u03b1 \u03b3\u03b9\u03b1 One Piece Manga \u03ba\u03b1\u03b9 Anime","publisher":{"@id":"https:\/\/boutique-one-piece.com\/#organization"},"potentialAction":[{"@type":"SearchAction","target":{"@type":"EntryPoint","urlTemplate":"https:\/\/boutique-one-piece.com\/?s={search_term_string}"},"query-input":{"@type":"PropertyValueSpecification","valueRequired":true,"valueName":"search_term_string"}}],"inLanguage":"el"},{"@type":"Organization","@id":"https:\/\/boutique-one-piece.com\/#organization","name":"\u039a\u03b1\u03c4\u03ac\u03c3\u03c4\u03b7\u03bc\u03b1 One Piece","url":"https:\/\/boutique-one-piece.com\/","logo":{"@type":"ImageObject","inLanguage":"el","@id":"https:\/\/boutique-one-piece.com\/#\/schema\/logo\/image\/","url":"https:\/\/boutique-one-piece.com\/wp-content\/uploads\/2022\/09\/Logo-01.png","contentUrl":"https:\/\/boutique-one-piece.com\/wp-content\/uploads\/2022\/09\/Logo-01.png","width":2318,"height":957,"caption":"Boutique One Piece"},"image":{"@id":"https:\/\/boutique-one-piece.com\/#\/schema\/logo\/image\/"}}]}},"_links":{"self":[{"href":"https:\/\/boutique-one-piece.com\/el\/wp-json\/wp\/v2\/product\/10623","targetHints":{"allow":["GET"]}}],"collection":[{"href":"https:\/\/boutique-one-piece.com\/el\/wp-json\/wp\/v2\/product"}],"about":[{"href":"https:\/\/boutique-one-piece.com\/el\/wp-json\/wp\/v2\/types\/product"}],"replies":[{"embeddable":true,"href":"https:\/\/boutique-one-piece.com\/el\/wp-json\/wp\/v2\/comments?post=10623"}],"wp:featuredmedia":[{"embeddable":true,"href":"https:\/\/boutique-one-piece.com\/el\/wp-json\/wp\/v2\/media\/10625"}],"wp:attachment":[{"href":"https:\/\/boutique-one-piece.com\/el\/wp-json\/wp\/v2\/media?parent=10623"}],"wp:term":[{"taxonomy":"product_brand","embeddable":true,"href":"https:\/\/boutique-one-piece.com\/el\/wp-json\/wp\/v2\/product_brand?post=10623"},{"taxonomy":"product_cat","embeddable":true,"href":"https:\/\/boutique-one-piece.com\/el\/wp-json\/wp\/v2\/product_cat?post=10623"},{"taxonomy":"product_tag","embeddable":true,"href":"https:\/\/boutique-one-piece.com\/el\/wp-json\/wp\/v2\/product_tag?post=10623"}],"curies":[{"name":"\u03b5\u03c1\u03b3\u03b1\u03c3\u03af\u03b1","href":"https:\/\/api.w.org\/{rel}","templated":true}]}}