{"id":10940,"date":"2022-09-27T20:37:33","date_gmt":"2022-09-27T20:37:33","guid":{"rendered":"https:\/\/boutique-one-piece.com\/uncategorized\/figurine-one-piece-luffy-arc-wano-kuni\/"},"modified":"2026-03-16T03:36:28","modified_gmt":"2026-03-16T03:36:28","slug":"%ce%b5%ce%b9%ce%b4%cf%8e%ce%bb%ce%b9%ce%bf-%ce%bc%ce%bf%ce%bd%ce%bf%ce%ba%cf%8c%ce%bc%ce%bc%ce%b1%cf%84%ce%bf-%ce%b1%cf%88%ce%b9%ce%b4%cf%89%cf%84%cf%8c-%cf%84%cf%8c%ce%be%ce%bf-wano-kuni","status":"publish","type":"product","link":"https:\/\/boutique-one-piece.com\/el\/%ce%ba%ce%b1%ce%bb%ce%bf%cf%8d%ce%b4%ce%b9%ce%b1-one-piece\/%ce%ba%ce%b1%ce%bb%ce%bf%cf%8d%ce%b4%ce%b9%ce%b1-monkey-d-luffy-%ce%ad%ce%bd%ce%b1-%ce%ba%ce%bf%ce%bc%ce%bc%ce%ac%cf%84%ce%b9\/%ce%b5%ce%b9%ce%b4%cf%8e%ce%bb%ce%b9%ce%bf-%ce%bc%ce%bf%ce%bd%ce%bf%ce%ba%cf%8c%ce%bc%ce%bc%ce%b1%cf%84%ce%bf-%ce%b1%cf%88%ce%b9%ce%b4%cf%89%cf%84%cf%8c-%cf%84%cf%8c%ce%be%ce%bf-wano-kuni\/","title":{"rendered":"\u03a6\u03b9\u03b3\u03bf\u03cd\u03c1\u03b1 One Piece Luffy Arc Wano Kuni"},"content":{"rendered":"<h2>\u039d\u03b5\u03b1\u03c1\u03ad \u03c0\u03b5\u03b9\u03c1\u03b1\u03c4\u03ae, \u03ae\u03c1\u03b8\u03b5 \u03b7 \u03ce\u03c1\u03b1 \u03bd\u03b1 \u03b1\u03c0\u03bf\u03ba\u03c4\u03ae\u03c3\u03b5\u03b9\u03c2 \u03b1\u03c5\u03c4\u03cc \u03c4\u03bf One Piece Luffy Wano Kuni Arc Figurine.<\/h2>\n<p>\u0391\u03ba\u03cc\u03bc\u03b1 \u03ba\u03b9 \u03b1\u03bd <strong>\u039b\u03ac\u03c6\u03b9<\/strong> \u0394\u03b5\u03bd \u03c7\u03c1\u03b5\u03b9\u03ac\u03b6\u03b5\u03c4\u03b1\u03b9 \u03c3\u03c5\u03c3\u03c4\u03ac\u03c3\u03b5\u03b9\u03c2, \u03bd\u03b1 \u03c4\u03b9 \u03c0\u03c1\u03ad\u03c0\u03b5\u03b9 \u03bd\u03b1 \u03be\u03ad\u03c1\u03b5\u03c4\u03b5 \u03b3\u03b9&#039; \u03b1\u03c5\u03c4\u03cc\u03bd: \u03b5\u03af\u03bd\u03b1\u03b9 \u03b3\u03b9\u03bf\u03c2 \u03c4\u03bf\u03c5 \u03b1\u03c1\u03c7\u03b7\u03b3\u03bf\u03cd \u03c4\u03bf\u03c5 \u0395\u03c0\u03b1\u03bd\u03b1\u03c3\u03c4\u03b1\u03c4\u03b9\u03ba\u03bf\u03cd \u03a3\u03c4\u03c1\u03b1\u03c4\u03bf\u03cd, Monkey D. Dragon, \u03ba\u03b1\u03b9 \u03b5\u03b3\u03b3\u03bf\u03bd\u03cc\u03c2 \u03c4\u03bf\u03c5 \u03b4\u03b9\u03ac\u03c3\u03b7\u03bc\u03bf\u03c5 \u0391\u03bd\u03c4\u03b9\u03bd\u03b1\u03c5\u03ac\u03c1\u03c7\u03bf\u03c5 \u03a0\u03b5\u03b6\u03bf\u03bd\u03b1\u03c5\u03c4\u03ce\u03bd, Monkey D. Garp. \u0395\u03af\u03bd\u03b1\u03b9 \u03b5\u03c0\u03af\u03c3\u03b7\u03c2 \u03bf \u03c5\u03b9\u03bf\u03b8\u03b5\u03c4\u03b7\u03bc\u03ad\u03bd\u03bf\u03c2 \u03b1\u03b4\u03b5\u03bb\u03c6\u03cc\u03c2 \u03c4\u03bf\u03c5 \u03b5\u03ba\u03bb\u03b9\u03c0\u03cc\u03bd\u03c4\u03bf\u03c2. <strong>\u03a0\u03cc\u03c1\u03c4\u03b3\u03ba\u03b1\u03c2 \u039d\u03c4. \u0386\u03c3\u03b5 \u03ba\u03b1\u03b9 \u03a3\u03ac\u03bc\u03c0\u03bf<\/strong>. \u03a4\u03bf \u03c0\u03b9\u03bf \u03b1\u03b3\u03b1\u03c0\u03b7\u03bc\u03ad\u03bd\u03bf \u03c4\u03bf\u03c5 \u03cc\u03bd\u03b5\u03b9\u03c1\u03bf \u03b5\u03af\u03bd\u03b1\u03b9 \u03bd\u03b1 \u03b3\u03af\u03bd\u03b5\u03b9 \u03bf \u0392\u03b1\u03c3\u03b9\u03bb\u03b9\u03ac\u03c2 \u03c4\u03c9\u03bd \u03a0\u03b5\u03b9\u03c1\u03b1\u03c4\u03ce\u03bd \u03b2\u03c1\u03af\u03c3\u03ba\u03bf\u03bd\u03c4\u03b1\u03c2 \u03c4\u03bf\u03bd \u03b8\u03c1\u03c5\u03bb\u03b9\u03ba\u03cc \u03b8\u03b7\u03c3\u03b1\u03c5\u03c1\u03cc.<strong> \u039c\u03bf\u03bd\u03bf\u03ba\u03cc\u03bc\u03bc\u03b1\u03c4\u03bf\u03c2<\/strong>, \u03ba\u03c1\u03c5\u03bc\u03bc\u03ad\u03bd\u03bf \u03ba\u03ac\u03c0\u03bf\u03c5 \u03c3\u03c4\u03bf\u03bd \u03ba\u03cc\u03c3\u03bc\u03bf \u03b1\u03c0\u03cc \u03c4\u03bf\u03bd Gol D. Roger.<\/p>\n<p>\u038c\u03c3\u03bf \u03b3\u03b9\u03b1 \u03c4\u03bf arc \u03c4\u03b7\u03c2 \u03a7\u03ce\u03c1\u03b1\u03c2 Wano, \u03b8\u03b1 \u03c0\u03c1\u03ad\u03c0\u03b5\u03b9 \u03bd\u03b1 \u03b3\u03bd\u03c9\u03c1\u03af\u03b6\u03b5\u03c4\u03b5 \u03cc\u03c4\u03b9 \u03bf\u03b9 \u03a0\u03b5\u03b9\u03c1\u03b1\u03c4\u03ad\u03c2 Straw Hat \u03ba\u03b1\u03b9 Heart, \u03bc\u03b1\u03b6\u03af \u03bc\u03b5 \u03c4\u03bf\u03c5\u03c2 Kin&#039;emon, Raizo, Kanjuro Momonosuke \u03ba\u03b1\u03b9 \u03bc\u03b5\u03c1\u03b9\u03ba\u03bf\u03cd\u03c2 Minks, \u03b5\u03af\u03bd\u03b1\u03b9 \u03cc\u03bb\u03bf\u03b9 \u03c3\u03c5\u03b3\u03ba\u03b5\u03bd\u03c4\u03c1\u03c9\u03bc\u03ad\u03bd\u03bf\u03b9 \u03c3\u03c4\u03bf Wano \u03ba\u03b1\u03b9 \u03ad\u03c4\u03bf\u03b9\u03bc\u03bf\u03b9 \u03bd\u03b1 \u03bd\u03b9\u03ba\u03ae\u03c3\u03bf\u03c5\u03bd \u03c4\u03bf\u03bd Kaido! \u038c\u03c4\u03b1\u03bd \u03bf Kaido \u03c6\u03c4\u03ac\u03bd\u03b5\u03b9 \u03bc\u03b5 \u03c4\u03b7 \u03bc\u03bf\u03c1\u03c6\u03ae \u03b4\u03c1\u03ac\u03ba\u03bf\u03c5 \u03c4\u03bf\u03c5, \u03bc\u03b1\u03b8\u03b1\u03af\u03bd\u03bf\u03c5\u03bc\u03b5 \u03c0\u03b5\u03c1\u03b9\u03c3\u03c3\u03cc\u03c4\u03b5\u03c1\u03b1 \u03b3\u03b9\u03b1 \u03c4\u03bf \u03c4\u03b9 \u03c3\u03c5\u03bd\u03ad\u03b2\u03b7 \u03c0\u03c1\u03b9\u03bd \u03b1\u03c0\u03cc 20 \u03c7\u03c1\u03cc\u03bd\u03b9\u03b1 \u03c3\u03c4\u03bf \u03ba\u03ac\u03c3\u03c4\u03c1\u03bf \u03c4\u03bf\u03c5 Oden Kozuki... \u0395\u03c0\u03b9\u03c0\u03bb\u03ad\u03bf\u03bd, \u03c4\u03bf <a title=\"\u03a6\u0399\u0393\u039f\u03a5\u03a1\u0391 ONE PIECE RORONOA ZORO WANO KUNI\" href=\"https:\/\/boutique-one-piece.com\/el\/%ce%bc%ce%bf%ce%bd%ce%bf%ce%ba%cf%8c%ce%bc%ce%bc%ce%b1%cf%84%ce%bf-%ce%b5%ce%b9%ce%b4%cf%8e%ce%bb%ce%b9%ce%bf-roronoa-zoro-wano-kuni\/\" target=\"_blank\" rel=\"noopener\">\u03b5\u03b9\u03b4\u03ce\u03bb\u03b9\u03bf \u03c4\u03bf\u03c5 \u0396\u03bf\u03c1\u03cc \u03c3\u03c4\u03bf \u03c4\u03cc\u03be\u03bf Wano Kuni<\/a> \u03b5\u03af\u03bd\u03b1\u03b9 \u03b5\u03bd\u03c4\u03cc\u03c2 \u03c4\u03c9\u03bd \u03b4\u03c5\u03bd\u03b1\u03c4\u03bf\u03c4\u03ae\u03c4\u03c9\u03bd \u03c3\u03b1\u03c2.<\/p>\n<h3>\u039b\u03bf\u03b9\u03c0\u03cc\u03bd, \u03c3\u03b1\u03c2 \u03ad\u03c7\u03b5\u03b9 \u03b3\u03bf\u03b7\u03c4\u03b5\u03cd\u03c3\u03b5\u03b9 \u03b7 \u03c6\u03b9\u03b3\u03bf\u03cd\u03c1\u03b1 \u03c4\u03bf\u03c5 Luffy \u03b1\u03c0\u03cc \u03c4\u03bf Wano Country Arc; \u0391\u03bd \u03bd\u03b1\u03b9, \u03bc\u03b7\u03bd \u03c0\u03b5\u03c1\u03b9\u03bc\u03ad\u03bd\u03b5\u03c4\u03b5 \u03ac\u03bb\u03bb\u03bf \u03ba\u03b1\u03b9 \u03b5\u03bb\u03ac\u03c4\u03b5 \u03bd\u03b1 \u03c4\u03bf\u03bd \u03b1\u03ba\u03bf\u03bb\u03bf\u03c5\u03b8\u03ae\u03c3\u03b5\u03c4\u03b5. \u03a0\u03bf\u03bb\u03bb\u03ad\u03c2 \u03c0\u03b5\u03c1\u03b9\u03c0\u03ad\u03c4\u03b5\u03b9\u03b5\u03c2 \u03c3\u03b1\u03c2 \u03c0\u03b5\u03c1\u03b9\u03bc\u03ad\u03bd\u03bf\u03c5\u03bd \u03c3\u03c4\u03bf \u03c0\u03bb\u03b5\u03c5\u03c1\u03cc \u03c4\u03bf\u03c5.<\/h3>\n<p>\u0395\u03af\u03c4\u03b5 \u03b5\u03af\u03c3\u03c4\u03b5 \u03bc\u03b1\u03ba\u03c1\u03bf\u03c7\u03c1\u03cc\u03bd\u03b9\u03bf\u03c2 \u03b8\u03b1\u03c5\u03bc\u03b1\u03c3\u03c4\u03ae\u03c2 \u03b5\u03af\u03c4\u03b5 \u03c3\u03bf\u03b2\u03b1\u03c1\u03cc\u03c2 \u03c3\u03c5\u03bb\u03bb\u03ad\u03ba\u03c4\u03b7\u03c2, \u03b1\u03c5\u03c4\u03ac <strong>\u03bc\u03c5\u03b8\u03b9\u03ba\u03ac \u03b1\u03bd\u03c4\u03b9\u03ba\u03b5\u03af\u03bc\u03b5\u03bd\u03b1<\/strong> \u0391\u03c5\u03c4\u03ac \u03b5\u03af\u03bd\u03b1\u03b9 \u03c6\u03c4\u03b9\u03b1\u03b3\u03bc\u03ad\u03bd\u03b1 \u03b3\u03b9\u03b1 \u03b5\u03c3\u03ac\u03c2. \u0391\u03c1\u03c0\u03ac\u03be\u03c4\u03b5 \u03c4\u03b7\u03bd \u03b5\u03c5\u03ba\u03b1\u03b9\u03c1\u03af\u03b1 \u03bd\u03b1 \u03b5\u03c0\u03b5\u03ba\u03c4\u03b5\u03af\u03bd\u03b5\u03c4\u03b5 \u03c4\u03bf \u03c3\u03cd\u03bc\u03c0\u03b1\u03bd One Piece. \u03a4\u03bf \u03c0\u03b5\u03c0\u03c1\u03c9\u03bc\u03ad\u03bd\u03bf \u03c3\u03bf\u03c5 \u03b5\u03af\u03bd\u03b1\u03b9 \u03c4\u03ce\u03c1\u03b1 \u03c3\u03c4\u03b1 \u03c7\u03ad\u03c1\u03b9\u03b1 \u03c3\u03b1\u03c2, \u03bd\u03b5\u03b1\u03c1\u03ad \u03c0\u03b5\u03b9\u03c1\u03b1\u03c4\u03ae!<strong> \u0397 \u03bf\u03bc\u03ac\u03b4\u03b1 \u03c4\u03bf\u03c5 \u03c8\u03ac\u03b8\u03b9\u03bd\u03bf\u03c5 \u03ba\u03b1\u03c0\u03ad\u03bb\u03bf\u03c5<\/strong> \u0391\u03c0\u03bb\u03ce\u03c2 \u03c3\u03b5 \u03c0\u03b5\u03c1\u03b9\u03bc\u03ad\u03bd\u03b5\u03b9.<\/p>\n<h2>\u03a0\u03bb\u03b7\u03c1\u03bf\u03c6\u03bf\u03c1\u03af\u03b5\u03c2 \u03b3\u03b9\u03b1 \u03c4\u03bf\u03bd Luffy Arc Wano Kuni\u00a0<\/h2>\n<ul>\n<li><span><b><u>\u039f\u03bb\u03cc\u03c3\u03c9\u03bc\u03bf \u03b5\u03b9\u03b4\u03ce\u03bb\u03b9\u03bf<\/u><\/b>\u00a0\u03a6\u03b9\u03b3\u03bf\u03cd\u03c1\u03b1 One Piece Premium \u03b3\u03b9\u03b1 \u03b1\u03bb\u03b7\u03b8\u03b9\u03bd\u03bf\u03cd\u03c2 \u03c0\u03b5\u03b9\u03c1\u03b1\u03c4\u03ad\u03c2<\/span><\/li>\n<\/ul>\n<ul>\n<li>\n<b>\u03a5\u03bb\u03b7<\/b><span>\u00a0<\/span>PVC<\/li>\n<\/ul>\n<ul>\n<li><span><strong>\u0394\u03b9\u03ac\u03c3\u03c4\u03b1\u03c3\u03b7<\/strong>\u00a0: 18 \u03b5\u03ba.<\/span><\/li>\n<\/ul>\n<ul>\n<li><span><strong>\u0394\u03a9\u03a1\u0395\u0391\u039d \u03a0\u0391\u03a1\u0391\u0394\u039f\u03a3\u0397<\/strong><\/span><\/li>\n<\/ul>","protected":false},"excerpt":{"rendered":"<p>Jeune pirate, le moment est venu pour toi de te procurer cette Figurine One Piece Luffy Arc Wano Kuni. M\u00eame si Luffy n&rsquo;est plus \u00e0 pr\u00e9senter, voici ce que tu dois savoir \u00e0 son sujet ; c&rsquo;est le fils du chef de l&rsquo;Arm\u00e9e R\u00e9volutionnaire, Monkey D. Dragon et le petit-fils du c\u00e9l\u00e8bre Vice-Amiral de la [&hellip;]<\/p>","protected":false},"featured_media":10942,"comment_status":"open","ping_status":"open","template":"","meta":[],"product_brand":[],"product_cat":[181,76,215,80],"product_tag":[92,217],"class_list":{"0":"post-10940","1":"product","2":"type-product","3":"status-publish","4":"has-post-thumbnail","6":"product_cat-figurines-monkey-d-luffy","7":"product_cat-figurines-one-piece","8":"product_cat-figurines-one-piece-wano-kuni","9":"product_cat-goodies-monkey-d-luffy-one-piece","10":"product_tag-luffy","11":"product_tag-wano-kuni","13":"first","14":"instock","15":"purchasable","16":"product-type-simple"},"yoast_head":"<!-- This site is optimized with the Yoast SEO plugin v27.5 - https:\/\/yoast.com\/product\/yoast-seo-wordpress\/ -->\n<title>Figurine One Piece Luffy Arc Wano Kuni | Figurine One Piece \u2013 Boutique One Piece<\/title>\n<meta name=\"description\" content=\"Jeune pirate, le moment est venu pour toi de te procurer cette Figurine One Piece Luffy Arc Wano Kuni. M\u00eame si Luffy n&#039;est plus \u00e0 pr\u00e9senter, voici ce que tu dois savoir \u00e0 son sujet ; c&#039;est le fils du chef de l&#039;Arm\u00e9e R\u00e9volutionnaire, Monkey D. Dragon et le petit-fils du c\u00e9l\u00e8bre Vice-Amiral de la Marine, Monkey D. Garp.\" \/>\n<meta name=\"robots\" content=\"index, follow, max-snippet:-1, max-image-preview:large, max-video-preview:-1\" \/>\n<link rel=\"canonical\" href=\"https:\/\/boutique-one-piece.com\/el\/\u03c6\u03b9\u03b3\u03bf\u03cd\u03c1\u03b5\u03c2-one-piece\/\u03c6\u03b9\u03b3\u03bf\u03cd\u03c1\u03b5\u03c2-one-piece-wano-kuni\/\u03b5\u03b9\u03b4\u03ce\u03bb\u03b9\u03bf-\u03bc\u03bf\u03bd\u03bf\u03ba\u03cc\u03bc\u03bc\u03b1\u03c4\u03bf-\u03b1\u03c8\u03b9\u03b4\u03c9\u03c4\u03cc-\u03c4\u03cc\u03be\u03bf-wano-kuni\/\" \/>\n<meta property=\"og:locale\" content=\"el_GR\" \/>\n<meta property=\"og:type\" content=\"article\" \/>\n<meta property=\"og:title\" content=\"Figurine One Piece Luffy Arc Wano Kuni | Figurine One Piece \u2013 Boutique One Piece\" \/>\n<meta property=\"og:description\" content=\"Jeune pirate, le moment est venu pour toi de te procurer cette Figurine One Piece Luffy Arc Wano Kuni. M\u00eame si Luffy n&#039;est plus \u00e0 pr\u00e9senter, voici ce que tu dois savoir \u00e0 son sujet ; c&#039;est le fils du chef de l&#039;Arm\u00e9e R\u00e9volutionnaire, Monkey D. Dragon et le petit-fils du c\u00e9l\u00e8bre Vice-Amiral de la Marine, Monkey D. Garp.\" \/>\n<meta property=\"og:url\" content=\"https:\/\/boutique-one-piece.com\/el\/\u03c6\u03b9\u03b3\u03bf\u03cd\u03c1\u03b5\u03c2-one-piece\/\u03c6\u03b9\u03b3\u03bf\u03cd\u03c1\u03b5\u03c2-one-piece-wano-kuni\/\u03b5\u03b9\u03b4\u03ce\u03bb\u03b9\u03bf-\u03bc\u03bf\u03bd\u03bf\u03ba\u03cc\u03bc\u03bc\u03b1\u03c4\u03bf-\u03b1\u03c8\u03b9\u03b4\u03c9\u03c4\u03cc-\u03c4\u03cc\u03be\u03bf-wano-kuni\/\" \/>\n<meta property=\"og:site_name\" content=\"Boutique One Piece\" \/>\n<meta property=\"article:modified_time\" content=\"2026-03-16T03:36:28+00:00\" \/>\n<meta property=\"og:image\" content=\"https:\/\/boutique-one-piece.com\/wp-content\/uploads\/2022\/09\/Figurine-One-Piece-Luffy-Arc-Wano-Kuni-1.jpg\" \/>\n\t<meta property=\"og:image:width\" content=\"805\" \/>\n\t<meta property=\"og:image:height\" content=\"805\" \/>\n\t<meta property=\"og:image:type\" content=\"image\/jpeg\" \/>\n<meta name=\"twitter:card\" content=\"summary_large_image\" \/>\n<meta name=\"twitter:label1\" content=\"\u0395\u03ba\u03c4\u03b9\u03bc\u03ce\u03bc\u03b5\u03bd\u03bf\u03c2 \u03c7\u03c1\u03cc\u03bd\u03bf\u03c2 \u03b1\u03bd\u03ac\u03b3\u03bd\u03c9\u03c3\u03b7\u03c2\" \/>\n\t<meta name=\"twitter:data1\" content=\"2 \u03bb\u03b5\u03c0\u03c4\u03ac\" \/>\n<script type=\"application\/ld+json\" class=\"yoast-schema-graph\">{\"@context\":\"https:\\\/\\\/schema.org\",\"@graph\":[{\"@type\":\"WebPage\",\"@id\":\"https:\\\/\\\/boutique-one-piece.com\\\/figurines-one-piece\\\/figurines-one-piece-wano-kuni\\\/figurine-one-piece-luffy-arc-wano-kuni\\\/\",\"url\":\"https:\\\/\\\/boutique-one-piece.com\\\/figurines-one-piece\\\/figurines-one-piece-wano-kuni\\\/figurine-one-piece-luffy-arc-wano-kuni\\\/\",\"name\":\"Figurine One Piece Luffy Arc Wano Kuni | Figurine One Piece \u2013 Boutique One Piece\",\"isPartOf\":{\"@id\":\"https:\\\/\\\/boutique-one-piece.com\\\/#website\"},\"primaryImageOfPage\":{\"@id\":\"https:\\\/\\\/boutique-one-piece.com\\\/figurines-one-piece\\\/figurines-one-piece-wano-kuni\\\/figurine-one-piece-luffy-arc-wano-kuni\\\/#primaryimage\"},\"image\":{\"@id\":\"https:\\\/\\\/boutique-one-piece.com\\\/figurines-one-piece\\\/figurines-one-piece-wano-kuni\\\/figurine-one-piece-luffy-arc-wano-kuni\\\/#primaryimage\"},\"thumbnailUrl\":\"https:\\\/\\\/boutique-one-piece.com\\\/wp-content\\\/uploads\\\/2022\\\/09\\\/Figurine-One-Piece-Luffy-Arc-Wano-Kuni-1.jpg\",\"datePublished\":\"2022-09-27T20:37:33+00:00\",\"dateModified\":\"2026-03-16T03:36:28+00:00\",\"description\":\"Jeune pirate, le moment est venu pour toi de te procurer cette Figurine One Piece Luffy Arc Wano Kuni. M\u00eame si Luffy n'est plus \u00e0 pr\u00e9senter, voici ce que tu dois savoir \u00e0 son sujet ; c'est le fils du chef de l'Arm\u00e9e R\u00e9volutionnaire, Monkey D. Dragon et le petit-fils du c\u00e9l\u00e8bre Vice-Amiral de la Marine, Monkey D. Garp.\",\"breadcrumb\":{\"@id\":\"https:\\\/\\\/boutique-one-piece.com\\\/figurines-one-piece\\\/figurines-one-piece-wano-kuni\\\/figurine-one-piece-luffy-arc-wano-kuni\\\/#breadcrumb\"},\"inLanguage\":\"el\",\"potentialAction\":[{\"@type\":\"ReadAction\",\"target\":[\"https:\\\/\\\/boutique-one-piece.com\\\/figurines-one-piece\\\/figurines-one-piece-wano-kuni\\\/figurine-one-piece-luffy-arc-wano-kuni\\\/\"]}]},{\"@type\":\"ImageObject\",\"inLanguage\":\"el\",\"@id\":\"https:\\\/\\\/boutique-one-piece.com\\\/figurines-one-piece\\\/figurines-one-piece-wano-kuni\\\/figurine-one-piece-luffy-arc-wano-kuni\\\/#primaryimage\",\"url\":\"https:\\\/\\\/boutique-one-piece.com\\\/wp-content\\\/uploads\\\/2022\\\/09\\\/Figurine-One-Piece-Luffy-Arc-Wano-Kuni-1.jpg\",\"contentUrl\":\"https:\\\/\\\/boutique-one-piece.com\\\/wp-content\\\/uploads\\\/2022\\\/09\\\/Figurine-One-Piece-Luffy-Arc-Wano-Kuni-1.jpg\",\"width\":805,\"height\":805},{\"@type\":\"BreadcrumbList\",\"@id\":\"https:\\\/\\\/boutique-one-piece.com\\\/figurines-one-piece\\\/figurines-one-piece-wano-kuni\\\/figurine-one-piece-luffy-arc-wano-kuni\\\/#breadcrumb\",\"itemListElement\":[{\"@type\":\"ListItem\",\"position\":1,\"name\":\"Home\",\"item\":\"https:\\\/\\\/boutique-one-piece.com\\\/\"},{\"@type\":\"ListItem\",\"position\":2,\"name\":\"Shop\",\"item\":\"https:\\\/\\\/boutique-one-piece.com\\\/shop\\\/\"},{\"@type\":\"ListItem\",\"position\":3,\"name\":\"Figurine One Piece Luffy Arc Wano Kuni\"}]},{\"@type\":\"WebSite\",\"@id\":\"https:\\\/\\\/boutique-one-piece.com\\\/#website\",\"url\":\"https:\\\/\\\/boutique-one-piece.com\\\/\",\"name\":\"Boutique One Piece\",\"description\":\"Magasin Sp\u00e9cialis\u00e9 du Manga et l&#039;Anime One Piece\",\"publisher\":{\"@id\":\"https:\\\/\\\/boutique-one-piece.com\\\/#organization\"},\"potentialAction\":[{\"@type\":\"SearchAction\",\"target\":{\"@type\":\"EntryPoint\",\"urlTemplate\":\"https:\\\/\\\/boutique-one-piece.com\\\/?s={search_term_string}\"},\"query-input\":{\"@type\":\"PropertyValueSpecification\",\"valueRequired\":true,\"valueName\":\"search_term_string\"}}],\"inLanguage\":\"el\"},{\"@type\":\"Organization\",\"@id\":\"https:\\\/\\\/boutique-one-piece.com\\\/#organization\",\"name\":\"Boutique One Piece\",\"url\":\"https:\\\/\\\/boutique-one-piece.com\\\/\",\"logo\":{\"@type\":\"ImageObject\",\"inLanguage\":\"el\",\"@id\":\"https:\\\/\\\/boutique-one-piece.com\\\/#\\\/schema\\\/logo\\\/image\\\/\",\"url\":\"https:\\\/\\\/boutique-one-piece.com\\\/wp-content\\\/uploads\\\/2022\\\/09\\\/Logo-01.png\",\"contentUrl\":\"https:\\\/\\\/boutique-one-piece.com\\\/wp-content\\\/uploads\\\/2022\\\/09\\\/Logo-01.png\",\"width\":2318,\"height\":957,\"caption\":\"Boutique One Piece\"},\"image\":{\"@id\":\"https:\\\/\\\/boutique-one-piece.com\\\/#\\\/schema\\\/logo\\\/image\\\/\"}}]}<\/script>\n<!-- \/ Yoast SEO plugin. -->","yoast_head_json":{"title":"\u03a6\u03b9\u03b3\u03bf\u03cd\u03c1\u03b1 One Piece Luffy Arc Wano Kuni | \u03a6\u03b9\u03b3\u03bf\u03cd\u03c1\u03b1 One Piece \u2013 One Piece Shop","description":"\u039d\u03b5\u03b1\u03c1\u03ad \u03c0\u03b5\u03b9\u03c1\u03b1\u03c4\u03ae, \u03ae\u03c1\u03b8\u03b5 \u03b7 \u03ce\u03c1\u03b1 \u03bd\u03b1 \u03b1\u03c0\u03bf\u03ba\u03c4\u03ae\u03c3\u03b5\u03b9\u03c2 \u03b1\u03c5\u03c4\u03ae \u03c4\u03b7\u03bd One Piece Luffy Wano Country Arc \u03c6\u03b9\u03b3\u03bf\u03cd\u03c1\u03b1. \u03a0\u03b1\u03c1\u03cc\u03bb\u03bf \u03c0\u03bf\u03c5 \u03bf Luffy \u03b4\u03b5\u03bd \u03c7\u03c1\u03b5\u03b9\u03ac\u03b6\u03b5\u03c4\u03b1\u03b9 \u03c3\u03c5\u03c3\u03c4\u03ac\u03c3\u03b5\u03b9\u03c2, \u03bd\u03b1 \u03c4\u03b9 \u03c0\u03c1\u03ad\u03c0\u03b5\u03b9 \u03bd\u03b1 \u03be\u03ad\u03c1\u03b5\u03b9\u03c2 \u03b3\u03b9&#039; \u03b1\u03c5\u03c4\u03cc\u03bd: \u03b5\u03af\u03bd\u03b1\u03b9 \u03bf \u03b3\u03b9\u03bf\u03c2 \u03c4\u03bf\u03c5 \u03b1\u03c1\u03c7\u03b7\u03b3\u03bf\u03cd \u03c4\u03bf\u03c5 \u0395\u03c0\u03b1\u03bd\u03b1\u03c3\u03c4\u03b1\u03c4\u03b9\u03ba\u03bf\u03cd \u03a3\u03c4\u03c1\u03b1\u03c4\u03bf\u03cd, Monkey D. Dragon, \u03ba\u03b1\u03b9 \u03bf \u03b5\u03b3\u03b3\u03bf\u03bd\u03cc\u03c2 \u03c4\u03bf\u03c5 \u03b4\u03b9\u03ac\u03c3\u03b7\u03bc\u03bf\u03c5 \u0391\u03bd\u03c4\u03b9\u03bd\u03b1\u03c5\u03ac\u03c1\u03c7\u03bf\u03c5 \u03c4\u03c9\u03bd \u03a0\u03b5\u03b6\u03bf\u03bd\u03b1\u03c5\u03c4\u03ce\u03bd, Monkey D. Garp.","robots":{"index":"index","follow":"follow","max-snippet":"max-snippet:-1","max-image-preview":"max-image-preview:large","max-video-preview":"max-video-preview:-1"},"canonical":"https:\/\/boutique-one-piece.com\/el\/\u03c6\u03b9\u03b3\u03bf\u03cd\u03c1\u03b5\u03c2-one-piece\/\u03c6\u03b9\u03b3\u03bf\u03cd\u03c1\u03b5\u03c2-one-piece-wano-kuni\/\u03b5\u03b9\u03b4\u03ce\u03bb\u03b9\u03bf-\u03bc\u03bf\u03bd\u03bf\u03ba\u03cc\u03bc\u03bc\u03b1\u03c4\u03bf-\u03b1\u03c8\u03b9\u03b4\u03c9\u03c4\u03cc-\u03c4\u03cc\u03be\u03bf-wano-kuni\/","og_locale":"el_GR","og_type":"article","og_title":"Figurine One Piece Luffy Arc Wano Kuni | Figurine One Piece \u2013 Boutique One Piece","og_description":"Jeune pirate, le moment est venu pour toi de te procurer cette Figurine One Piece Luffy Arc Wano Kuni. M\u00eame si Luffy n'est plus \u00e0 pr\u00e9senter, voici ce que tu dois savoir \u00e0 son sujet ; c'est le fils du chef de l'Arm\u00e9e R\u00e9volutionnaire, Monkey D. Dragon et le petit-fils du c\u00e9l\u00e8bre Vice-Amiral de la Marine, Monkey D. Garp.","og_url":"https:\/\/boutique-one-piece.com\/el\/\u03c6\u03b9\u03b3\u03bf\u03cd\u03c1\u03b5\u03c2-one-piece\/\u03c6\u03b9\u03b3\u03bf\u03cd\u03c1\u03b5\u03c2-one-piece-wano-kuni\/\u03b5\u03b9\u03b4\u03ce\u03bb\u03b9\u03bf-\u03bc\u03bf\u03bd\u03bf\u03ba\u03cc\u03bc\u03bc\u03b1\u03c4\u03bf-\u03b1\u03c8\u03b9\u03b4\u03c9\u03c4\u03cc-\u03c4\u03cc\u03be\u03bf-wano-kuni\/","og_site_name":"Boutique One Piece","article_modified_time":"2026-03-16T03:36:28+00:00","og_image":[{"width":805,"height":805,"url":"https:\/\/boutique-one-piece.com\/wp-content\/uploads\/2022\/09\/Figurine-One-Piece-Luffy-Arc-Wano-Kuni-1.jpg","type":"image\/jpeg"}],"twitter_card":"summary_large_image","twitter_misc":{"\u0395\u03ba\u03c4\u03b9\u03bc\u03ce\u03bc\u03b5\u03bd\u03bf\u03c2 \u03c7\u03c1\u03cc\u03bd\u03bf\u03c2 \u03b1\u03bd\u03ac\u03b3\u03bd\u03c9\u03c3\u03b7\u03c2":"2 \u03bb\u03b5\u03c0\u03c4\u03ac"},"schema":{"@context":"https:\/\/schema.org","@graph":[{"@type":"WebPage","@id":"https:\/\/boutique-one-piece.com\/figurines-one-piece\/figurines-one-piece-wano-kuni\/figurine-one-piece-luffy-arc-wano-kuni\/","url":"https:\/\/boutique-one-piece.com\/figurines-one-piece\/figurines-one-piece-wano-kuni\/figurine-one-piece-luffy-arc-wano-kuni\/","name":"\u03a6\u03b9\u03b3\u03bf\u03cd\u03c1\u03b1 One Piece Luffy Arc Wano Kuni | \u03a6\u03b9\u03b3\u03bf\u03cd\u03c1\u03b1 One Piece \u2013 One Piece Shop","isPartOf":{"@id":"https:\/\/boutique-one-piece.com\/#website"},"primaryImageOfPage":{"@id":"https:\/\/boutique-one-piece.com\/figurines-one-piece\/figurines-one-piece-wano-kuni\/figurine-one-piece-luffy-arc-wano-kuni\/#primaryimage"},"image":{"@id":"https:\/\/boutique-one-piece.com\/figurines-one-piece\/figurines-one-piece-wano-kuni\/figurine-one-piece-luffy-arc-wano-kuni\/#primaryimage"},"thumbnailUrl":"https:\/\/boutique-one-piece.com\/wp-content\/uploads\/2022\/09\/Figurine-One-Piece-Luffy-Arc-Wano-Kuni-1.jpg","datePublished":"2022-09-27T20:37:33+00:00","dateModified":"2026-03-16T03:36:28+00:00","description":"\u039d\u03b5\u03b1\u03c1\u03ad \u03c0\u03b5\u03b9\u03c1\u03b1\u03c4\u03ae, \u03ae\u03c1\u03b8\u03b5 \u03b7 \u03ce\u03c1\u03b1 \u03bd\u03b1 \u03b1\u03c0\u03bf\u03ba\u03c4\u03ae\u03c3\u03b5\u03b9\u03c2 \u03b1\u03c5\u03c4\u03ae \u03c4\u03b7\u03bd One Piece Luffy Wano Country Arc \u03c6\u03b9\u03b3\u03bf\u03cd\u03c1\u03b1. \u03a0\u03b1\u03c1\u03cc\u03bb\u03bf \u03c0\u03bf\u03c5 \u03bf Luffy \u03b4\u03b5\u03bd \u03c7\u03c1\u03b5\u03b9\u03ac\u03b6\u03b5\u03c4\u03b1\u03b9 \u03c3\u03c5\u03c3\u03c4\u03ac\u03c3\u03b5\u03b9\u03c2, \u03bd\u03b1 \u03c4\u03b9 \u03c0\u03c1\u03ad\u03c0\u03b5\u03b9 \u03bd\u03b1 \u03be\u03ad\u03c1\u03b5\u03b9\u03c2 \u03b3\u03b9&#039; \u03b1\u03c5\u03c4\u03cc\u03bd: \u03b5\u03af\u03bd\u03b1\u03b9 \u03bf \u03b3\u03b9\u03bf\u03c2 \u03c4\u03bf\u03c5 \u03b1\u03c1\u03c7\u03b7\u03b3\u03bf\u03cd \u03c4\u03bf\u03c5 \u0395\u03c0\u03b1\u03bd\u03b1\u03c3\u03c4\u03b1\u03c4\u03b9\u03ba\u03bf\u03cd \u03a3\u03c4\u03c1\u03b1\u03c4\u03bf\u03cd, Monkey D. Dragon, \u03ba\u03b1\u03b9 \u03bf \u03b5\u03b3\u03b3\u03bf\u03bd\u03cc\u03c2 \u03c4\u03bf\u03c5 \u03b4\u03b9\u03ac\u03c3\u03b7\u03bc\u03bf\u03c5 \u0391\u03bd\u03c4\u03b9\u03bd\u03b1\u03c5\u03ac\u03c1\u03c7\u03bf\u03c5 \u03c4\u03c9\u03bd \u03a0\u03b5\u03b6\u03bf\u03bd\u03b1\u03c5\u03c4\u03ce\u03bd, Monkey D. Garp.","breadcrumb":{"@id":"https:\/\/boutique-one-piece.com\/figurines-one-piece\/figurines-one-piece-wano-kuni\/figurine-one-piece-luffy-arc-wano-kuni\/#breadcrumb"},"inLanguage":"el","potentialAction":[{"@type":"ReadAction","target":["https:\/\/boutique-one-piece.com\/figurines-one-piece\/figurines-one-piece-wano-kuni\/figurine-one-piece-luffy-arc-wano-kuni\/"]}]},{"@type":"ImageObject","inLanguage":"el","@id":"https:\/\/boutique-one-piece.com\/figurines-one-piece\/figurines-one-piece-wano-kuni\/figurine-one-piece-luffy-arc-wano-kuni\/#primaryimage","url":"https:\/\/boutique-one-piece.com\/wp-content\/uploads\/2022\/09\/Figurine-One-Piece-Luffy-Arc-Wano-Kuni-1.jpg","contentUrl":"https:\/\/boutique-one-piece.com\/wp-content\/uploads\/2022\/09\/Figurine-One-Piece-Luffy-Arc-Wano-Kuni-1.jpg","width":805,"height":805},{"@type":"BreadcrumbList","@id":"https:\/\/boutique-one-piece.com\/figurines-one-piece\/figurines-one-piece-wano-kuni\/figurine-one-piece-luffy-arc-wano-kuni\/#breadcrumb","itemListElement":[{"@type":"ListItem","position":1,"name":"Home","item":"https:\/\/boutique-one-piece.com\/"},{"@type":"ListItem","position":2,"name":"Shop","item":"https:\/\/boutique-one-piece.com\/shop\/"},{"@type":"ListItem","position":3,"name":"Figurine One Piece Luffy Arc Wano Kuni"}]},{"@type":"WebSite","@id":"https:\/\/boutique-one-piece.com\/#website","url":"https:\/\/boutique-one-piece.com\/","name":"\u039a\u03b1\u03c4\u03ac\u03c3\u03c4\u03b7\u03bc\u03b1 One Piece","description":"\u0395\u03be\u03b5\u03b9\u03b4\u03b9\u03ba\u03b5\u03c5\u03bc\u03ad\u03bd\u03bf \u03ba\u03b1\u03c4\u03ac\u03c3\u03c4\u03b7\u03bc\u03b1 \u03b3\u03b9\u03b1 One Piece Manga \u03ba\u03b1\u03b9 Anime","publisher":{"@id":"https:\/\/boutique-one-piece.com\/#organization"},"potentialAction":[{"@type":"SearchAction","target":{"@type":"EntryPoint","urlTemplate":"https:\/\/boutique-one-piece.com\/?s={search_term_string}"},"query-input":{"@type":"PropertyValueSpecification","valueRequired":true,"valueName":"search_term_string"}}],"inLanguage":"el"},{"@type":"Organization","@id":"https:\/\/boutique-one-piece.com\/#organization","name":"\u039a\u03b1\u03c4\u03ac\u03c3\u03c4\u03b7\u03bc\u03b1 One Piece","url":"https:\/\/boutique-one-piece.com\/","logo":{"@type":"ImageObject","inLanguage":"el","@id":"https:\/\/boutique-one-piece.com\/#\/schema\/logo\/image\/","url":"https:\/\/boutique-one-piece.com\/wp-content\/uploads\/2022\/09\/Logo-01.png","contentUrl":"https:\/\/boutique-one-piece.com\/wp-content\/uploads\/2022\/09\/Logo-01.png","width":2318,"height":957,"caption":"Boutique One Piece"},"image":{"@id":"https:\/\/boutique-one-piece.com\/#\/schema\/logo\/image\/"}}]}},"_links":{"self":[{"href":"https:\/\/boutique-one-piece.com\/el\/wp-json\/wp\/v2\/product\/10940","targetHints":{"allow":["GET"]}}],"collection":[{"href":"https:\/\/boutique-one-piece.com\/el\/wp-json\/wp\/v2\/product"}],"about":[{"href":"https:\/\/boutique-one-piece.com\/el\/wp-json\/wp\/v2\/types\/product"}],"replies":[{"embeddable":true,"href":"https:\/\/boutique-one-piece.com\/el\/wp-json\/wp\/v2\/comments?post=10940"}],"wp:featuredmedia":[{"embeddable":true,"href":"https:\/\/boutique-one-piece.com\/el\/wp-json\/wp\/v2\/media\/10942"}],"wp:attachment":[{"href":"https:\/\/boutique-one-piece.com\/el\/wp-json\/wp\/v2\/media?parent=10940"}],"wp:term":[{"taxonomy":"product_brand","embeddable":true,"href":"https:\/\/boutique-one-piece.com\/el\/wp-json\/wp\/v2\/product_brand?post=10940"},{"taxonomy":"product_cat","embeddable":true,"href":"https:\/\/boutique-one-piece.com\/el\/wp-json\/wp\/v2\/product_cat?post=10940"},{"taxonomy":"product_tag","embeddable":true,"href":"https:\/\/boutique-one-piece.com\/el\/wp-json\/wp\/v2\/product_tag?post=10940"}],"curies":[{"name":"\u03b5\u03c1\u03b3\u03b1\u03c3\u03af\u03b1","href":"https:\/\/api.w.org\/{rel}","templated":true}]}}