{"id":10971,"date":"2022-09-27T20:37:51","date_gmt":"2022-09-27T20:37:51","guid":{"rendered":"https:\/\/boutique-one-piece.com\/uncategorized\/short-de-bain-one-piece-nico-robin\/"},"modified":"2024-09-16T12:18:24","modified_gmt":"2024-09-16T12:18:24","slug":"%cf%83%ce%bf%cf%81%cf%84%cf%82-%ce%bc%ce%b1%ce%b3%ce%b9%cf%8c-nico-robin-%ce%b1%cf%80%cf%8c-%ce%ad%ce%bd%ce%b1-%ce%ba%ce%bf%ce%bc%ce%bc%ce%ac%cf%84%ce%b9","status":"publish","type":"product","link":"https:\/\/boutique-one-piece.com\/el\/%ce%ba%ce%b1%ce%bb%ce%bf%cf%8d%ce%b4%ce%b9%ce%b1-one-piece\/nico-robin-one-piece-%ce%b5%ce%bc%cf%80%ce%bf%cf%81%ce%b5%cf%8d%ce%bc%ce%b1%cf%84%ce%b1\/%cf%83%ce%bf%cf%81%cf%84%cf%82-%ce%bc%ce%b1%ce%b3%ce%b9%cf%8c-nico-robin-%ce%b1%cf%80%cf%8c-%ce%ad%ce%bd%ce%b1-%ce%ba%ce%bf%ce%bc%ce%bc%ce%ac%cf%84%ce%b9\/","title":{"rendered":"\u03a3\u03bf\u03c1\u03c4\u03c2 \u03bc\u03b1\u03b3\u03b9\u03cc Nico Robin \u03bc\u03b5 \u03bf\u03bb\u03cc\u03c3\u03c9\u03bc\u03bf \u03c3\u03c7\u03ad\u03b4\u03b9\u03bf"},"content":{"rendered":"<p><meta charset=\"utf-8\"><\/p>\n<h2>\u039f\u03bb\u03cc\u03c3\u03c9\u03bc\u03bf \u03bc\u03b1\u03b3\u03b9\u03cc \u03bc\u03b5 \u03c4\u03bf\u03bd \u03a1\u03cc\u03bc\u03c0\u03b9\u03bd, \u03c4\u03bf \u03a0\u03b1\u03b9\u03b4\u03af-\u0394\u03b1\u03af\u03bc\u03bf\u03bd\u03b1 \u03c4\u03b7\u03c2 \u03a7\u03cc\u03b1\u03c1\u03b1, \u03ad\u03bd\u03b1 \u03c0\u03bf\u03b9\u03bf\u03c4\u03b9\u03ba\u03cc \u03bc\u03b1\u03b3\u03b9\u03cc \u03b3\u03b9\u03b1 \u03ad\u03bd\u03b1\u03bd \u03c0\u03b5\u03b9\u03c1\u03b1\u03c4\u03ae \u03c3\u03b1\u03bd \u03b5\u03c3\u03ad\u03bd\u03b1!<\/h2>\n<p>\u0391\u03bd \u03b5\u03af\u03c3\u03c4\u03b5 <strong>\u03c0\u03c1\u03b1\u03b3\u03bc\u03b1\u03c4\u03b9\u03ba\u03cc\u03c2 \u03c0\u03b5\u03b9\u03c1\u03b1\u03c4\u03ae\u03c2<\/strong>, \u0398\u03b1 \u03c3\u03b5 \u03b5\u03ba\u03c4\u03b9\u03bc\u03ae\u03c3\u03bf\u03c5\u03bd <strong>\u03c0\u03bf\u03b9\u03cc\u03c4\u03b7\u03c4\u03b1 \u03c5\u03bb\u03b9\u03ba\u03ce\u03bd,<\/strong>\u00a0\u03c4\u03bf\u03c5 <strong>\u03c3\u03c7\u03ad\u03b4\u03b9\u03bf <\/strong>\u03ba\u03b1\u03b9<strong> \u03c4\u03c1\u03b9\u03c3\u03b4\u03b9\u03ac\u03c3\u03c4\u03b1\u03c4\u03b7 \u03b5\u03ba\u03c4\u03cd\u03c0\u03c9\u03c3\u03b7<\/strong>\u00a0\u03b1\u03c5\u03c4\u03bf\u03cd <strong>\u03a3\u03bf\u03c1\u03c4\u03c2 \u03bc\u03b1\u03b3\u03b9\u03cc \u03bf\u03bb\u03cc\u03c3\u03c9\u03bc\u03bf<\/strong> \u0391\u03bb\u03bb\u03ac \u03c4\u03bf \u03c0\u03b9\u03bf \u03c3\u03b7\u03bc\u03b1\u03bd\u03c4\u03b9\u03ba\u03cc, \u03bc\u03b5 \u03b1\u03c5\u03c4\u03ac \u03c4\u03b1 \u03c3\u03bf\u03c1\u03c4\u03c2 \u03b8\u03b1 \u03b5\u03af\u03c3\u03c4\u03b5 \u03bc\u03ad\u03c1\u03bf\u03c2 \u03c4\u03bf\u03c5 <strong>\u03b7 \u03bf\u03bc\u03ac\u03b4\u03b1 \u03c4\u03c9\u03bd \u03bf\u03c0\u03b1\u03b4\u03ce\u03bd<\/strong> \u03c4\u03bf\u03c5 <strong>\u03c0\u03b5\u03b9\u03c1\u03b1\u03c4\u03b9\u03ba\u03cc \u03bc\u03ac\u03bd\u03b3\u03ba\u03b1<\/strong> \u03ba\u03b1\u03b9 \u03b8\u03b1 \u03b1\u03c0\u03bf\u03ba\u03c4\u03ae\u03c3\u03b5\u03c4\u03b5:<\/p>\n<ul>\n<li>\u00a0<strong>\u0398\u03b1\u03c5\u03bc\u03b1\u03c3\u03bc\u03cc\u03c2<\/strong> \u03cc\u03bb\u03c9\u03bd \u03c4\u03c9\u03bd \u03bf\u03c0\u03b1\u03b4\u03ce\u03bd \u03c4\u03bf\u03c5 <strong>mugiwara<\/strong> \u03c0\u03bf\u03c5 \u03b8\u03b1 \u03c3\u03c5\u03bd\u03b1\u03bd\u03c4\u03ae\u03c3\u03b5\u03b9\u03c2<\/li>\n<\/ul>\n<ul>\n<li>\u0388\u03bd\u03b1 \u03c0\u03c1\u03b1\u03b3\u03bc\u03b1\u03c4\u03b9\u03ba\u03cc <strong>\u03c4\u03c5\u03c0\u03c9\u03bc\u03ad\u03bd\u03bf \u03bc\u03b1\u03b3\u03b9\u03cc \u03c3\u03bf\u03c1\u03c4\u03c2<\/strong> \u03bc\u03b5 \u03c4\u03bf \u03bf\u03c0\u03bf\u03af\u03bf \u03bc\u03c0\u03bf\u03c1\u03b5\u03af\u03c4\u03b5 \u03bd\u03b1 \u03ba\u03bf\u03bb\u03c5\u03bc\u03c0\u03ae\u03c3\u03b5\u03c4\u03b5 <strong>\u0393\u03ba\u03c1\u03b1\u03bd\u03c4 \u03bb\u03ac\u03b9\u03bd<\/strong>, \u0391\u03bb\u03bb\u03ac \u03c0\u03c1\u03bf\u03c3\u03ad\u03be\u03c4\u03b5, \u03b4\u03b5\u03bd \u03c3\u03c5\u03bd\u03b9\u03c3\u03c4\u03ac\u03c4\u03b1\u03b9 \u03bd\u03b1 \u03bc\u03c0\u03b5\u03af\u03c4\u03b5 \u03c3\u03c4\u03b7 \u03b8\u03ac\u03bb\u03b1\u03c3\u03c3\u03b1 \u03b1\u03bd \u03ad\u03c7\u03b5\u03c4\u03b5 \u03c6\u03ac\u03b5\u03b9 \u03bc\u03af\u03b1. <strong>\u03c6\u03c1\u03bf\u03cd\u03c4\u03bf \u03c4\u03bf\u03c5 \u03b4\u03b9\u03b1\u03b2\u03cc\u03bb\u03bf\u03c5<\/strong>\n<\/li>\n<\/ul>\n<p>\u0388\u03c4\u03bf\u03b9\u03bc\u03bf\u03b9, \u03bb\u03bf\u03b9\u03c0\u03cc\u03bd, \u03bd\u03b1 \u03c6\u03bf\u03c1\u03ad\u03c3\u03bf\u03c5\u03bc\u03b5 \u03c4\u03bf <strong>\u03c7\u03c1\u03c9\u03bc\u03b1\u03c4\u03b9\u03c3\u03c4\u03ac<\/strong>\u00a0\u03c4\u03bf\u03c5 <strong>\u03c4\u03b5\u03bb\u03b5\u03c5\u03c4\u03b1\u03af\u03bf\u03c2<\/strong><strong>\u00a0\u0394\u03b1\u03af\u03bc\u03bf\u03bd\u03b5\u03c2 \u03c4\u03b7\u03c2 \u03a7\u03cc\u03b1\u03c1\u03b1<\/strong>\u00a0?<\/p>\n<h2>\u0395\u03af\u03c3\u03b1\u03b9 \u03c6\u03b1\u03bd \u03c4\u03bf\u03c5 manga \u03ae \u03c4\u03bf\u03c5 anime One Piece; \u0394\u03b5\u03af\u03be\u03c4\u03b5 \u03c4\u03bf \u03bc\u03b5 \u03b1\u03c5\u03c4\u03ac \u03c4\u03b1 \u03bc\u03b1\u03b3\u03b9\u03cc-\u03c3\u03bf\u03c1\u03c4\u03c2!<\/h2>\n<p>\u0391\u03bd \u03b5\u03c3\u03cd <strong>\u03b1\u03bd\u03ac\u03b3\u03bd\u03c9\u03c3\u03b7<\/strong> \u03ae \u03cc\u03c0\u03bf\u03c5 \u03ba\u03b9 \u03b1\u03bd \u03ba\u03bf\u03b9\u03c4\u03ac\u03be\u03b5\u03b9\u03c2\u00a0<strong>\u0399\u03b1\u03c0\u03c9\u03bd\u03b9\u03ba\u03ac \u03ac\u03bd\u03b9\u03bc\u03b5<\/strong>, \u03a5\u03c0\u03ac\u03c1\u03c7\u03b5\u03b9 \u03bc\u03b5\u03b3\u03ac\u03bb\u03b7 \u03c0\u03b9\u03b8\u03b1\u03bd\u03cc\u03c4\u03b7\u03c4\u03b1 \u03bd\u03b1 \u03ad\u03c7\u03b5\u03b9\u03c2 \u03b3\u03af\u03bd\u03b5\u03b9 <strong>\u03c4\u03c1\u03b5\u03bb\u03b1\u03af\u03bd\u03bf\u03bc\u03b1\u03b9 \u03b3\u03b9\u03b1 \u03c4\u03bf One Piece<\/strong> \u039c\u03b5 \u03b1\u03c5\u03c4\u03cc! <strong>\u03bc\u03b1\u03b3\u03b9\u03cc \u03c3\u03bf\u03c1\u03c4\u03c2<\/strong> <strong>\u039d\u03af\u03ba\u03bf \u03a1\u03cc\u03bc\u03c0\u03b9\u03bd<\/strong>, \u03b3\u03af\u03bd\u03b5\u03c4\u03b5 \u03bc\u03ad\u03bb\u03bf\u03c2 \u03c4\u03bf\u03c5\u2019<strong>\u03bf\u03bc\u03ac\u03b4\u03b1 \u03b8\u03b1\u03c5\u03bc\u03b1\u03c3\u03c4\u03ce\u03bd \u03c4\u03bf\u03c5 franchise<\/strong><\/p>\n<p>\u0391\u03c5\u03c4\u03ac \u03c4\u03b1 \u03c3\u03bf\u03c1\u03c4\u03c2 \u03b4\u03b9\u03b1\u03c4\u03af\u03b8\u03b5\u03bd\u03c4\u03b1\u03b9 \u03c3\u03b5 \u03bc\u03b5\u03b3\u03ad\u03b8\u03b7<span>\u00a0<\/span><strong>XXS, XS, S, M, L, XL<\/strong>, \u0398\u03b1 \u03c4\u03b1\u03b9\u03c1\u03b9\u03ac\u03be\u03b5\u03b9 \u03c3\u03b5 \u03cc\u03bb\u03bf\u03c5\u03c2 \u03c4\u03bf\u03c5\u03c2 \u03c4\u03cd\u03c0\u03bf\u03c5\u03c2 \u03c0\u03b5\u03b9\u03c1\u03b1\u03c4\u03ce\u03bd, \u03b1\u03ba\u03cc\u03bc\u03b1 \u03ba\u03b9 \u03b1\u03bd \u03b4\u03b5\u03bd \u03ad\u03c7\u03b5\u03c4\u03b5 <strong>\u03c3\u03c0\u03b1\u03b8\u03af<\/strong>\u00a0\u03ae <strong>\u03c6\u03c1\u03bf\u03cd\u03c4\u03bf \u03c4\u03bf\u03c5 \u03b4\u03b9\u03b1\u03b2\u03cc\u03bb\u03bf\u03c5<\/strong> \u03bc\u03c0\u03bf\u03c1\u03b5\u03af\u03c2 \u03b1\u03ba\u03cc\u03bc\u03b1 \u03bd\u03b1 \u03c4\u03bf \u03c6\u03bf\u03c1\u03ad\u03c3\u03b5\u03b9\u03c2\u00a0<\/p>\n<p><strong>\u039d\u03af\u03ba\u03bf \u03a1\u03cc\u03bc\u03c0\u03b9\u03bd<\/strong> \u03bf\u03bd\u03bf\u03bc\u03ac\u03b6\u03b5\u03c4\u03b1\u03b9 \u03b5\u03c0\u03af\u03c3\u03b7\u03c2 <strong>\u03c4\u03bf \u03b4\u03b1\u03b9\u03bc\u03bf\u03bd\u03b9\u03ba\u03cc \u03c0\u03b1\u03b9\u03b4\u03af<\/strong>, \u03b5\u03af\u03bd\u03b1\u03b9 \u03b1\u03c1\u03c7\u03b9\u03ba\u03ac \u03b1\u03c0\u03cc <strong>\u03bd\u03c4&#039;\u03a7\u03bf\u03ac\u03c1\u03b1<\/strong>. \u03a4\u03bf\u03c5 <strong>\u03ba\u03b5\u03c6\u03ac\u03bb\u03b9<\/strong> \u0391\u03bd\u03b1\u03c4\u03bf\u03bb\u03ae <strong>\u03c4\u03b9\u03bc\u03ae \u03b5\u03ba\u03ba\u03af\u03bd\u03b7\u03c3\u03b7\u03c2<\/strong> \u03b1\u03c0\u03cc \u03c4\u03cc\u03c4\u03b5 \u03c0\u03bf\u03c5 \u03b1\u03c5\u03c4\u03ae <strong>8 \u03c7\u03c1\u03cc\u03bd\u03b9\u03b1<\/strong>, \u03b3\u03b9\u03b1\u03c4\u03af \u03b5\u03af\u03bd\u03b1\u03b9 \u03ad\u03bd\u03b1 \u03b1\u03c0\u03cc \u03c4\u03b1 \u03bb\u03af\u03b3\u03b1\u00a0<strong>\u03b1\u03c1\u03c7\u03b1\u03b9\u03bf\u03bb\u03cc\u03b3\u03bf\u03c2<\/strong>\u00a0\u03c3\u03c4\u03bf \u03c3\u03cd\u03bc\u03c0\u03b1\u03bd \u03c4\u03bf\u03c5 <strong>\u039c\u03bf\u03bd\u03bf\u03ba\u03cc\u03bc\u03bc\u03b1\u03c4\u03bf\u03c2<\/strong> \u03c0\u03bf\u03b9\u03bf\u03c2 \u03ad\u03c7\u03b5\u03b9 \u03c4\u03b7\u03bd \u03b9\u03ba\u03b1\u03bd\u03cc\u03c4\u03b7\u03c4\u03b1 \u03bd\u03b1 \u03b4\u03b9\u03b1\u03b2\u03ac\u03b6\u03b5\u03b9 <strong>\u03a0\u03bf\u03bd\u03b5\u03b3\u03ba\u03bb\u03af\u03c6\u03b5\u03c2<\/strong><\/p>\n<p><meta charset=\"utf-8\"><\/p>\n<h3>\u039c\u03b7\u03bd \u03be\u03b5\u03c7\u03ac\u03c3\u03b5\u03c4\u03b5 \u03bd\u03b1 \u03c1\u03af\u03be\u03b5\u03c4\u03b5 \u03bc\u03b9\u03b1 \u03bc\u03b1\u03c4\u03b9\u03ac \u03c3\u03c4\u03bf\u03bd \u03c0\u03b1\u03c1\u03b1\u03ba\u03ac\u03c4\u03c9 \u03bf\u03b4\u03b7\u03b3\u03cc \u03bc\u03b5\u03b3\u03b5\u03b8\u03ce\u03bd.<\/h3>\n<p style=\"text-align: left;\"><span><img decoding=\"async\" alt=\"\u03a0\u03af\u03bd\u03b1\u03ba\u03b1\u03c2 \u03bf\u03b4\u03b7\u03b3\u03ce\u03bd \u03bc\u03b5\u03b3\u03b5\u03b8\u03ce\u03bd, \u03bf\u03bb\u03cc\u03c3\u03c9\u03bc\u03bf \u03c3\u03bf\u03c1\u03c4\u03c2 baim xxs, xs, s, m, l, xl\" src=\"\/\/cdn.shopify.com\/s\/files\/1\/0087\/7556\/5348\/files\/boutque_one__piece_tableau_taille_short_de_bain_large.jpg?v=1560446518\" style=\"float: none;\"><\/span><\/p>\n<h3>\u039f\u03b4\u03b7\u03b3\u03af\u03b5\u03c2 \u03c0\u03bb\u03cd\u03c3\u03b7\u03c2:<\/h3>\n<ul>\n<li>\u03a0\u03bb\u03cd\u03c3\u03b9\u03bc\u03bf \u03c3\u03c4\u03bf \u03c0\u03bb\u03c5\u03bd\u03c4\u03ae\u03c1\u03b9\u03bf \u03c3\u03c4\u03bf\u03c5\u03c2 30\u00b0C, \u03b5\u03c5\u03b1\u03af\u03c3\u03b8\u03b7\u03c4\u03bf \u03c0\u03c1\u03cc\u03b3\u03c1\u03b1\u03bc\u03bc\u03b1<\/li>\n<\/ul>\n<ul>\n<li>\u03a3\u03b9\u03b4\u03b5\u03c1\u03ce\u03c3\u03c4\u03b5 \u03c3\u03c4\u03b7\u03bd \u03c0\u03af\u03c3\u03c9 \u03c0\u03bb\u03b5\u03c5\u03c1\u03ac<\/li>\n<\/ul>\n<p>\u0393\u03b9\u03b1 <strong>\u03b4\u03b9\u03b1\u03c4\u03b7\u03c1\u03ae\u03c3\u03c4\u03b5 \u03c4\u03b7\u03bd \u03c0\u03bf\u03b9\u03cc\u03c4\u03b7\u03c4\u03b1<\/strong> \u03b1\u03c5\u03c4\u03bf\u03cd\u00a0<strong>\u03a3\u03bf\u03c1\u03c4\u03c2 \u03bc\u03b1\u03b3\u03b9\u03cc \u03bf\u03bb\u03cc\u03c3\u03c9\u03bc\u03bf<\/strong>, \u03a3\u03b1\u03c2 \u03c3\u03c5\u03bd\u03b9\u03c3\u03c4\u03bf\u03cd\u03bc\u03b5 \u03bd\u03b1 <strong>\u03c3\u03b5\u03b2\u03b1\u03c3\u03bc\u03cc\u03c2<\/strong> \u039f <strong>\u03bf\u03b4\u03b7\u03b3\u03af\u03b5\u03c2 \u03c0\u03bb\u03cd\u03c3\u03b7\u03c2<\/strong>.<\/p>","protected":false},"excerpt":{"rendered":"<p>Short de Bain One Piece avec Robin l&rsquo;Enfant D\u00e9moniaque d&rsquo;Hoara, Un\u00a0Maillot de Bain de qualit\u00e9 pour un pirate comme\u00a0toi\u00a0! Si tu es un v\u00e9ritable pirate, tu seras appr\u00e9ci\u00e9 la qualit\u00e9 des mat\u00e9riaux,\u00a0de la conception et de l&rsquo;impression 3D\u00a0de ce short de bain One Piece !\u00a0Mais le plus important, avec ce short tu\u00a0feras partie de l&rsquo;\u00e9quipage\u00a0des [&hellip;]<\/p>","protected":false},"featured_media":10973,"comment_status":"open","ping_status":"open","template":"","meta":[],"product_brand":[],"product_cat":[198,66],"product_tag":[205],"class_list":{"0":"post-10971","1":"product","2":"type-product","3":"status-publish","4":"has-post-thumbnail","6":"product_cat-goodies-nico-robin-one-piece","7":"product_cat-shorts-de-bain-one-piece","8":"product_tag-robin","10":"first","11":"instock","12":"purchasable","13":"product-type-variable","14":"has-default-attributes"},"yoast_head":"<!-- This site is optimized with the Yoast SEO plugin v27.5 - https:\/\/yoast.com\/product\/yoast-seo-wordpress\/ -->\n<title>Short de Bain Nico Robin | Boutique One Piece<\/title>\n<meta name=\"description\" content=\"Maillot de Bain du Manga One Piece Haute Qualit\u00e9 avec Nico Robin l&#039;Enfant D\u00e9moniaque le Short de Bain parfait pour les Pirates qui vont \u00e0 la Mer ou \u00e0 la Piscine\" \/>\n<meta name=\"robots\" content=\"index, follow, max-snippet:-1, max-image-preview:large, max-video-preview:-1\" \/>\n<link rel=\"canonical\" href=\"https:\/\/boutique-one-piece.com\/el\/\u03ba\u03b1\u03bb\u03bf\u03cd\u03b4\u03b9\u03b1-one-piece\/nico-robin-one-piece-\u03b5\u03bc\u03c0\u03bf\u03c1\u03b5\u03cd\u03bc\u03b1\u03c4\u03b1\/\u03c3\u03bf\u03c1\u03c4\u03c2-\u03bc\u03b1\u03b3\u03b9\u03cc-nico-robin-\u03b1\u03c0\u03cc-\u03ad\u03bd\u03b1-\u03ba\u03bf\u03bc\u03bc\u03ac\u03c4\u03b9\/\" \/>\n<meta property=\"og:locale\" content=\"el_GR\" \/>\n<meta property=\"og:type\" content=\"article\" \/>\n<meta property=\"og:title\" content=\"Short de Bain Nico Robin | Boutique One Piece\" \/>\n<meta property=\"og:description\" content=\"Maillot de Bain du Manga One Piece Haute Qualit\u00e9 avec Nico Robin l&#039;Enfant D\u00e9moniaque le Short de Bain parfait pour les Pirates qui vont \u00e0 la Mer ou \u00e0 la Piscine\" \/>\n<meta property=\"og:url\" content=\"https:\/\/boutique-one-piece.com\/el\/\u03ba\u03b1\u03bb\u03bf\u03cd\u03b4\u03b9\u03b1-one-piece\/nico-robin-one-piece-\u03b5\u03bc\u03c0\u03bf\u03c1\u03b5\u03cd\u03bc\u03b1\u03c4\u03b1\/\u03c3\u03bf\u03c1\u03c4\u03c2-\u03bc\u03b1\u03b3\u03b9\u03cc-nico-robin-\u03b1\u03c0\u03cc-\u03ad\u03bd\u03b1-\u03ba\u03bf\u03bc\u03bc\u03ac\u03c4\u03b9\/\" \/>\n<meta property=\"og:site_name\" content=\"Boutique One Piece\" \/>\n<meta property=\"article:modified_time\" content=\"2024-09-16T12:18:24+00:00\" \/>\n<meta property=\"og:image\" content=\"https:\/\/boutique-one-piece.com\/wp-content\/uploads\/2022\/09\/Short-de-Bain-One-Piece-Nico-Robin.jpg\" \/>\n\t<meta property=\"og:image:width\" content=\"640\" \/>\n\t<meta property=\"og:image:height\" content=\"635\" \/>\n\t<meta property=\"og:image:type\" content=\"image\/jpeg\" \/>\n<meta name=\"twitter:card\" content=\"summary_large_image\" \/>\n<meta name=\"twitter:label1\" content=\"\u0395\u03ba\u03c4\u03b9\u03bc\u03ce\u03bc\u03b5\u03bd\u03bf\u03c2 \u03c7\u03c1\u03cc\u03bd\u03bf\u03c2 \u03b1\u03bd\u03ac\u03b3\u03bd\u03c9\u03c3\u03b7\u03c2\" \/>\n\t<meta name=\"twitter:data1\" content=\"2 \u03bb\u03b5\u03c0\u03c4\u03ac\" \/>\n<script type=\"application\/ld+json\" class=\"yoast-schema-graph\">{\"@context\":\"https:\\\/\\\/schema.org\",\"@graph\":[{\"@type\":\"WebPage\",\"@id\":\"https:\\\/\\\/boutique-one-piece.com\\\/goodies-one-piece\\\/goodies-nico-robin-one-piece\\\/short-de-bain-one-piece-nico-robin\\\/\",\"url\":\"https:\\\/\\\/boutique-one-piece.com\\\/goodies-one-piece\\\/goodies-nico-robin-one-piece\\\/short-de-bain-one-piece-nico-robin\\\/\",\"name\":\"Short de Bain Nico Robin | Boutique One Piece\",\"isPartOf\":{\"@id\":\"https:\\\/\\\/boutique-one-piece.com\\\/#website\"},\"primaryImageOfPage\":{\"@id\":\"https:\\\/\\\/boutique-one-piece.com\\\/goodies-one-piece\\\/goodies-nico-robin-one-piece\\\/short-de-bain-one-piece-nico-robin\\\/#primaryimage\"},\"image\":{\"@id\":\"https:\\\/\\\/boutique-one-piece.com\\\/goodies-one-piece\\\/goodies-nico-robin-one-piece\\\/short-de-bain-one-piece-nico-robin\\\/#primaryimage\"},\"thumbnailUrl\":\"https:\\\/\\\/boutique-one-piece.com\\\/wp-content\\\/uploads\\\/2022\\\/09\\\/Short-de-Bain-One-Piece-Nico-Robin.jpg\",\"datePublished\":\"2022-09-27T20:37:51+00:00\",\"dateModified\":\"2024-09-16T12:18:24+00:00\",\"description\":\"Maillot de Bain du Manga One Piece Haute Qualit\u00e9 avec Nico Robin l'Enfant D\u00e9moniaque le Short de Bain parfait pour les Pirates qui vont \u00e0 la Mer ou \u00e0 la Piscine\",\"breadcrumb\":{\"@id\":\"https:\\\/\\\/boutique-one-piece.com\\\/goodies-one-piece\\\/goodies-nico-robin-one-piece\\\/short-de-bain-one-piece-nico-robin\\\/#breadcrumb\"},\"inLanguage\":\"el\",\"potentialAction\":[{\"@type\":\"ReadAction\",\"target\":[\"https:\\\/\\\/boutique-one-piece.com\\\/goodies-one-piece\\\/goodies-nico-robin-one-piece\\\/short-de-bain-one-piece-nico-robin\\\/\"]}]},{\"@type\":\"ImageObject\",\"inLanguage\":\"el\",\"@id\":\"https:\\\/\\\/boutique-one-piece.com\\\/goodies-one-piece\\\/goodies-nico-robin-one-piece\\\/short-de-bain-one-piece-nico-robin\\\/#primaryimage\",\"url\":\"https:\\\/\\\/boutique-one-piece.com\\\/wp-content\\\/uploads\\\/2022\\\/09\\\/Short-de-Bain-One-Piece-Nico-Robin.jpg\",\"contentUrl\":\"https:\\\/\\\/boutique-one-piece.com\\\/wp-content\\\/uploads\\\/2022\\\/09\\\/Short-de-Bain-One-Piece-Nico-Robin.jpg\",\"width\":640,\"height\":635,\"caption\":\"Short de Bain One Piece Nico Robin xl\"},{\"@type\":\"BreadcrumbList\",\"@id\":\"https:\\\/\\\/boutique-one-piece.com\\\/goodies-one-piece\\\/goodies-nico-robin-one-piece\\\/short-de-bain-one-piece-nico-robin\\\/#breadcrumb\",\"itemListElement\":[{\"@type\":\"ListItem\",\"position\":1,\"name\":\"Home\",\"item\":\"https:\\\/\\\/boutique-one-piece.com\\\/\"},{\"@type\":\"ListItem\",\"position\":2,\"name\":\"Shop\",\"item\":\"https:\\\/\\\/boutique-one-piece.com\\\/shop\\\/\"},{\"@type\":\"ListItem\",\"position\":3,\"name\":\"Short de Bain One Piece Nico Robin\"}]},{\"@type\":\"WebSite\",\"@id\":\"https:\\\/\\\/boutique-one-piece.com\\\/#website\",\"url\":\"https:\\\/\\\/boutique-one-piece.com\\\/\",\"name\":\"Boutique One Piece\",\"description\":\"Magasin Sp\u00e9cialis\u00e9 du Manga et l&#039;Anime One Piece\",\"publisher\":{\"@id\":\"https:\\\/\\\/boutique-one-piece.com\\\/#organization\"},\"potentialAction\":[{\"@type\":\"SearchAction\",\"target\":{\"@type\":\"EntryPoint\",\"urlTemplate\":\"https:\\\/\\\/boutique-one-piece.com\\\/?s={search_term_string}\"},\"query-input\":{\"@type\":\"PropertyValueSpecification\",\"valueRequired\":true,\"valueName\":\"search_term_string\"}}],\"inLanguage\":\"el\"},{\"@type\":\"Organization\",\"@id\":\"https:\\\/\\\/boutique-one-piece.com\\\/#organization\",\"name\":\"Boutique One Piece\",\"url\":\"https:\\\/\\\/boutique-one-piece.com\\\/\",\"logo\":{\"@type\":\"ImageObject\",\"inLanguage\":\"el\",\"@id\":\"https:\\\/\\\/boutique-one-piece.com\\\/#\\\/schema\\\/logo\\\/image\\\/\",\"url\":\"https:\\\/\\\/boutique-one-piece.com\\\/wp-content\\\/uploads\\\/2022\\\/09\\\/Logo-01.png\",\"contentUrl\":\"https:\\\/\\\/boutique-one-piece.com\\\/wp-content\\\/uploads\\\/2022\\\/09\\\/Logo-01.png\",\"width\":2318,\"height\":957,\"caption\":\"Boutique One Piece\"},\"image\":{\"@id\":\"https:\\\/\\\/boutique-one-piece.com\\\/#\\\/schema\\\/logo\\\/image\\\/\"}}]}<\/script>\n<!-- \/ Yoast SEO plugin. -->","yoast_head_json":{"title":"\u03a3\u03bf\u03c1\u03c4\u03c2 \u03bc\u03b1\u03b3\u03b9\u03cc Nico Robin | One Piece Shop","description":"\u03a5\u03c8\u03b7\u03bb\u03ae\u03c2 \u03c0\u03bf\u03b9\u03cc\u03c4\u03b7\u03c4\u03b1\u03c2 \u03bc\u03b1\u03b3\u03b9\u03cc manga One Piece \u03bc\u03b5 \u03c4\u03bf\u03bd Nico Robin \u03c4\u03bf Demon Child. \u03a4\u03bf \u03c4\u03ad\u03bb\u03b5\u03b9\u03bf \u03c3\u03bf\u03c1\u03c4\u03c2 \u03bc\u03b1\u03b3\u03b9\u03cc \u03b3\u03b9\u03b1 \u03c0\u03b5\u03b9\u03c1\u03b1\u03c4\u03ad\u03c2 \u03c0\u03bf\u03c5 \u03c0\u03b7\u03b3\u03b1\u03af\u03bd\u03bf\u03c5\u03bd \u03c3\u03c4\u03b7 \u03b8\u03ac\u03bb\u03b1\u03c3\u03c3\u03b1 \u03ae \u03c4\u03b7\u03bd \u03c0\u03b9\u03c3\u03af\u03bd\u03b1.","robots":{"index":"index","follow":"follow","max-snippet":"max-snippet:-1","max-image-preview":"max-image-preview:large","max-video-preview":"max-video-preview:-1"},"canonical":"https:\/\/boutique-one-piece.com\/el\/\u03ba\u03b1\u03bb\u03bf\u03cd\u03b4\u03b9\u03b1-one-piece\/nico-robin-one-piece-\u03b5\u03bc\u03c0\u03bf\u03c1\u03b5\u03cd\u03bc\u03b1\u03c4\u03b1\/\u03c3\u03bf\u03c1\u03c4\u03c2-\u03bc\u03b1\u03b3\u03b9\u03cc-nico-robin-\u03b1\u03c0\u03cc-\u03ad\u03bd\u03b1-\u03ba\u03bf\u03bc\u03bc\u03ac\u03c4\u03b9\/","og_locale":"el_GR","og_type":"article","og_title":"Short de Bain Nico Robin | Boutique One Piece","og_description":"Maillot de Bain du Manga One Piece Haute Qualit\u00e9 avec Nico Robin l'Enfant D\u00e9moniaque le Short de Bain parfait pour les Pirates qui vont \u00e0 la Mer ou \u00e0 la Piscine","og_url":"https:\/\/boutique-one-piece.com\/el\/\u03ba\u03b1\u03bb\u03bf\u03cd\u03b4\u03b9\u03b1-one-piece\/nico-robin-one-piece-\u03b5\u03bc\u03c0\u03bf\u03c1\u03b5\u03cd\u03bc\u03b1\u03c4\u03b1\/\u03c3\u03bf\u03c1\u03c4\u03c2-\u03bc\u03b1\u03b3\u03b9\u03cc-nico-robin-\u03b1\u03c0\u03cc-\u03ad\u03bd\u03b1-\u03ba\u03bf\u03bc\u03bc\u03ac\u03c4\u03b9\/","og_site_name":"Boutique One Piece","article_modified_time":"2024-09-16T12:18:24+00:00","og_image":[{"width":640,"height":635,"url":"https:\/\/boutique-one-piece.com\/wp-content\/uploads\/2022\/09\/Short-de-Bain-One-Piece-Nico-Robin.jpg","type":"image\/jpeg"}],"twitter_card":"summary_large_image","twitter_misc":{"\u0395\u03ba\u03c4\u03b9\u03bc\u03ce\u03bc\u03b5\u03bd\u03bf\u03c2 \u03c7\u03c1\u03cc\u03bd\u03bf\u03c2 \u03b1\u03bd\u03ac\u03b3\u03bd\u03c9\u03c3\u03b7\u03c2":"2 \u03bb\u03b5\u03c0\u03c4\u03ac"},"schema":{"@context":"https:\/\/schema.org","@graph":[{"@type":"WebPage","@id":"https:\/\/boutique-one-piece.com\/goodies-one-piece\/goodies-nico-robin-one-piece\/short-de-bain-one-piece-nico-robin\/","url":"https:\/\/boutique-one-piece.com\/goodies-one-piece\/goodies-nico-robin-one-piece\/short-de-bain-one-piece-nico-robin\/","name":"\u03a3\u03bf\u03c1\u03c4\u03c2 \u03bc\u03b1\u03b3\u03b9\u03cc Nico Robin | One Piece Shop","isPartOf":{"@id":"https:\/\/boutique-one-piece.com\/#website"},"primaryImageOfPage":{"@id":"https:\/\/boutique-one-piece.com\/goodies-one-piece\/goodies-nico-robin-one-piece\/short-de-bain-one-piece-nico-robin\/#primaryimage"},"image":{"@id":"https:\/\/boutique-one-piece.com\/goodies-one-piece\/goodies-nico-robin-one-piece\/short-de-bain-one-piece-nico-robin\/#primaryimage"},"thumbnailUrl":"https:\/\/boutique-one-piece.com\/wp-content\/uploads\/2022\/09\/Short-de-Bain-One-Piece-Nico-Robin.jpg","datePublished":"2022-09-27T20:37:51+00:00","dateModified":"2024-09-16T12:18:24+00:00","description":"\u03a5\u03c8\u03b7\u03bb\u03ae\u03c2 \u03c0\u03bf\u03b9\u03cc\u03c4\u03b7\u03c4\u03b1\u03c2 \u03bc\u03b1\u03b3\u03b9\u03cc manga One Piece \u03bc\u03b5 \u03c4\u03bf\u03bd Nico Robin \u03c4\u03bf Demon Child. \u03a4\u03bf \u03c4\u03ad\u03bb\u03b5\u03b9\u03bf \u03c3\u03bf\u03c1\u03c4\u03c2 \u03bc\u03b1\u03b3\u03b9\u03cc \u03b3\u03b9\u03b1 \u03c0\u03b5\u03b9\u03c1\u03b1\u03c4\u03ad\u03c2 \u03c0\u03bf\u03c5 \u03c0\u03b7\u03b3\u03b1\u03af\u03bd\u03bf\u03c5\u03bd \u03c3\u03c4\u03b7 \u03b8\u03ac\u03bb\u03b1\u03c3\u03c3\u03b1 \u03ae \u03c4\u03b7\u03bd \u03c0\u03b9\u03c3\u03af\u03bd\u03b1.","breadcrumb":{"@id":"https:\/\/boutique-one-piece.com\/goodies-one-piece\/goodies-nico-robin-one-piece\/short-de-bain-one-piece-nico-robin\/#breadcrumb"},"inLanguage":"el","potentialAction":[{"@type":"ReadAction","target":["https:\/\/boutique-one-piece.com\/goodies-one-piece\/goodies-nico-robin-one-piece\/short-de-bain-one-piece-nico-robin\/"]}]},{"@type":"ImageObject","inLanguage":"el","@id":"https:\/\/boutique-one-piece.com\/goodies-one-piece\/goodies-nico-robin-one-piece\/short-de-bain-one-piece-nico-robin\/#primaryimage","url":"https:\/\/boutique-one-piece.com\/wp-content\/uploads\/2022\/09\/Short-de-Bain-One-Piece-Nico-Robin.jpg","contentUrl":"https:\/\/boutique-one-piece.com\/wp-content\/uploads\/2022\/09\/Short-de-Bain-One-Piece-Nico-Robin.jpg","width":640,"height":635,"caption":"Short de Bain One Piece Nico Robin xl"},{"@type":"BreadcrumbList","@id":"https:\/\/boutique-one-piece.com\/goodies-one-piece\/goodies-nico-robin-one-piece\/short-de-bain-one-piece-nico-robin\/#breadcrumb","itemListElement":[{"@type":"ListItem","position":1,"name":"Home","item":"https:\/\/boutique-one-piece.com\/"},{"@type":"ListItem","position":2,"name":"Shop","item":"https:\/\/boutique-one-piece.com\/shop\/"},{"@type":"ListItem","position":3,"name":"Short de Bain One Piece Nico Robin"}]},{"@type":"WebSite","@id":"https:\/\/boutique-one-piece.com\/#website","url":"https:\/\/boutique-one-piece.com\/","name":"\u039a\u03b1\u03c4\u03ac\u03c3\u03c4\u03b7\u03bc\u03b1 One Piece","description":"\u0395\u03be\u03b5\u03b9\u03b4\u03b9\u03ba\u03b5\u03c5\u03bc\u03ad\u03bd\u03bf \u03ba\u03b1\u03c4\u03ac\u03c3\u03c4\u03b7\u03bc\u03b1 \u03b3\u03b9\u03b1 One Piece Manga \u03ba\u03b1\u03b9 Anime","publisher":{"@id":"https:\/\/boutique-one-piece.com\/#organization"},"potentialAction":[{"@type":"SearchAction","target":{"@type":"EntryPoint","urlTemplate":"https:\/\/boutique-one-piece.com\/?s={search_term_string}"},"query-input":{"@type":"PropertyValueSpecification","valueRequired":true,"valueName":"search_term_string"}}],"inLanguage":"el"},{"@type":"Organization","@id":"https:\/\/boutique-one-piece.com\/#organization","name":"\u039a\u03b1\u03c4\u03ac\u03c3\u03c4\u03b7\u03bc\u03b1 One Piece","url":"https:\/\/boutique-one-piece.com\/","logo":{"@type":"ImageObject","inLanguage":"el","@id":"https:\/\/boutique-one-piece.com\/#\/schema\/logo\/image\/","url":"https:\/\/boutique-one-piece.com\/wp-content\/uploads\/2022\/09\/Logo-01.png","contentUrl":"https:\/\/boutique-one-piece.com\/wp-content\/uploads\/2022\/09\/Logo-01.png","width":2318,"height":957,"caption":"Boutique One Piece"},"image":{"@id":"https:\/\/boutique-one-piece.com\/#\/schema\/logo\/image\/"}}]}},"_links":{"self":[{"href":"https:\/\/boutique-one-piece.com\/el\/wp-json\/wp\/v2\/product\/10971","targetHints":{"allow":["GET"]}}],"collection":[{"href":"https:\/\/boutique-one-piece.com\/el\/wp-json\/wp\/v2\/product"}],"about":[{"href":"https:\/\/boutique-one-piece.com\/el\/wp-json\/wp\/v2\/types\/product"}],"replies":[{"embeddable":true,"href":"https:\/\/boutique-one-piece.com\/el\/wp-json\/wp\/v2\/comments?post=10971"}],"wp:featuredmedia":[{"embeddable":true,"href":"https:\/\/boutique-one-piece.com\/el\/wp-json\/wp\/v2\/media\/10973"}],"wp:attachment":[{"href":"https:\/\/boutique-one-piece.com\/el\/wp-json\/wp\/v2\/media?parent=10971"}],"wp:term":[{"taxonomy":"product_brand","embeddable":true,"href":"https:\/\/boutique-one-piece.com\/el\/wp-json\/wp\/v2\/product_brand?post=10971"},{"taxonomy":"product_cat","embeddable":true,"href":"https:\/\/boutique-one-piece.com\/el\/wp-json\/wp\/v2\/product_cat?post=10971"},{"taxonomy":"product_tag","embeddable":true,"href":"https:\/\/boutique-one-piece.com\/el\/wp-json\/wp\/v2\/product_tag?post=10971"}],"curies":[{"name":"\u03b5\u03c1\u03b3\u03b1\u03c3\u03af\u03b1","href":"https:\/\/api.w.org\/{rel}","templated":true}]}}