{"id":11091,"date":"2022-09-27T20:38:37","date_gmt":"2022-09-27T20:38:37","guid":{"rendered":"https:\/\/boutique-one-piece.com\/uncategorized\/figurine-one-piece-barbe-blanche\/"},"modified":"2024-09-16T12:21:36","modified_gmt":"2024-09-16T12:21:36","slug":"%ce%bb%ce%b5%cf%85%ce%ba%ce%ae-%ce%b3%ce%b5%ce%bd%ce%b5%ce%b9%ce%ac%ce%b4%ce%b1-%ce%bc%ce%bf%ce%bd%ce%bf%ce%ba%cf%8c%ce%bc%ce%bc%ce%b1%cf%84%ce%bf-%ce%b5%ce%b9%ce%b4%cf%8e%ce%bb%ce%b9%ce%bf","status":"publish","type":"product","link":"https:\/\/boutique-one-piece.com\/el\/%cf%86%ce%b9%ce%b3%ce%bf%cf%8d%cf%81%ce%b5%cf%82-one-piece\/%cf%86%ce%b9%ce%b3%ce%bf%cf%8d%cf%81%ce%b5%cf%82-%cf%84%ce%bf%cf%85-%ce%ad%ce%bd%cf%84%ce%bf%cf%85%ce%b1%cf%81%ce%bd%cf%84-%ce%bd%ce%b9%ce%bf%cf%8d%ce%b3%ce%ba%ce%b5%cf%8a%cf%84\/%ce%bb%ce%b5%cf%85%ce%ba%ce%ae-%ce%b3%ce%b5%ce%bd%ce%b5%ce%b9%ce%ac%ce%b4%ce%b1-%ce%bc%ce%bf%ce%bd%ce%bf%ce%ba%cf%8c%ce%bc%ce%bc%ce%b1%cf%84%ce%bf-%ce%b5%ce%b9%ce%b4%cf%8e%ce%bb%ce%b9%ce%bf\/","title":{"rendered":"One Piece Whitebeard \u03a6\u03b9\u03b3\u03bf\u03cd\u03c1\u03b1"},"content":{"rendered":"<h2>\u039d\u03b5\u03b1\u03c1\u03ad \u03c0\u03b5\u03b9\u03c1\u03b1\u03c4\u03ae, \u03ae\u03c1\u03b8\u03b5 \u03b7 \u03ce\u03c1\u03b1 \u03bd\u03b1 \u03b1\u03c0\u03bf\u03ba\u03c4\u03ae\u03c3\u03b5\u03b9\u03c2 \u03b1\u03c5\u03c4\u03cc \u03c4\u03bf \u039f\u03bb\u03cc\u03c3\u03c9\u03bc\u03bf \u03a6\u03b9\u03b3\u03bf\u03cd\u03c1\u03b9 \u0391\u03c3\u03c0\u03c1\u03bf\u03b3\u03ad\u03bd\u03b7 \u03c4\u03ce\u03c1\u03b1.<\/h2>\n<p>\u0391\u03bd\u03b1\u03bc\u03c6\u03af\u03b2\u03bf\u03bb\u03b1 \u03b3\u03bd\u03c9\u03c1\u03af\u03b6\u03b5\u03c4\u03b5 \u03cc\u03c4\u03b9 \u03bf \u0388\u03bd\u03c4\u03bf\u03c5\u03b1\u03c1\u03bd\u03c4 \u039d\u03b9\u03bf\u03cd\u03b3\u03ba\u03b5\u03ca\u03c4, \u03b3\u03bd\u03c9\u03c3\u03c4\u03cc\u03c2 \u03ba\u03b1\u03b9 \u03c9\u03c2 <strong>Whitebeard, \u00ab\u039f \u03c0\u03b9\u03bf \u03b4\u03c5\u03bd\u03b1\u03c4\u03cc\u03c2 \u03ac\u03bd\u03b8\u03c1\u03c9\u03c0\u03bf\u03c2 \u03c3\u03c4\u03bf\u03bd \u03ba\u03cc\u03c3\u03bc\u03bf\u00bb<\/strong>, \u03c0\u03bf\u03c5 \u03b8\u03b5\u03c9\u03c1\u03b5\u03af\u03c4\u03b1\u03b9 \u03b5\u03c0\u03af\u03c3\u03b7\u03c2 \u03bf \u03ac\u03bd\u03b8\u03c1\u03c9\u03c0\u03bf\u03c2 \u00ab\u03c0\u03bf\u03c5 \u03b5\u03af\u03bd\u03b1\u03b9 \u03c0\u03b9\u03bf \u03ba\u03bf\u03bd\u03c4\u03ac \u03c3\u03c4\u03bf One Piece\u00bb, \u03ae\u03c4\u03b1\u03bd \u03bf \u03b1\u03c1\u03c7\u03b7\u03b3\u03cc\u03c2 \u03c4\u03c9\u03bd \u03a0\u03b5\u03b9\u03c1\u03b1\u03c4\u03ce\u03bd Whitebeard. \u039f Whitebeard \u03ae\u03c4\u03b1\u03bd \u03ad\u03bd\u03b1\u03c2 \u03b1\u03c0\u03cc \u03c4\u03bf\u03c5\u03c2 <strong>\u03a4\u03ad\u03c3\u03c3\u03b5\u03c1\u03b9\u03c2 \u0391\u03c5\u03c4\u03bf\u03ba\u03c1\u03ac\u03c4\u03bf\u03c1\u03b5\u03c2<\/strong> \u03ba\u03b1\u03c4\u03ac \u03c4\u03b7 \u03b4\u03b9\u03ac\u03c1\u03ba\u03b5\u03b9\u03b1 \u03c4\u03b7\u03c2 \u03b6\u03c9\u03ae\u03c2 \u03c4\u03bf\u03c5, \u03b1\u03bb\u03bb\u03ac \u03c3\u03ba\u03bf\u03c4\u03ce\u03b8\u03b7\u03ba\u03b5 \u03c3\u03c4\u03b7 \u039c\u03ac\u03c7\u03b7 \u03c4\u03bf\u03c5 \u039c\u03ac\u03c1\u03b9\u03bd\u03c6\u03bf\u03c1\u03bd\u03c4 \u03b1\u03c0\u03cc \u03c4\u03bf\u03bd \u03c0\u03c1\u03ce\u03b7\u03bd \u03c5\u03c6\u03b9\u03c3\u03c4\u03ac\u03bc\u03b5\u03bd\u03cc \u03c4\u03bf\u03c5, \u039c\u03ac\u03c1\u03c3\u03b1\u03bb \u039d\u03c4. \u03a4\u03b9\u03c4\u03c2 (\u03ba\u03b1\u03b9 \u03c4\u03bf \u03c0\u03bb\u03ae\u03c1\u03c9\u03bc\u03ac \u03c4\u03bf\u03c5). \u0393\u03bd\u03ce\u03c1\u03b9\u03b6\u03b5 \u03c4\u03b7 \u03c3\u03b7\u03bc\u03b1\u03c3\u03af\u03b1 \u03c4\u03b7\u03c2 \u03b4\u03b9\u03b1\u03b8\u03ae\u03ba\u03b7\u03c2 \u03c4\u03bf\u03c5 \u039d\u03c4.<\/p>\n<p>\u03a4\u03b1 \u03c4\u03b5\u03bb\u03b5\u03c5\u03c4\u03b1\u03af\u03b1 \u03c4\u03bf\u03c5 \u03bb\u03cc\u03b3\u03b9\u03b1 \u03ae\u03c4\u03b1\u03bd \u03bd\u03b1 \u03c0\u03c1\u03bf\u03b2\u03bb\u03ad\u03c8\u03b5\u03b9 \u03cc\u03c4\u03b9 \u03ad\u03bd\u03b1 \u03ac\u03c4\u03bf\u03bc\u03bf \u03b8\u03b1 \u03c0\u03c1\u03bf\u03ba\u03b1\u03bb\u03bf\u03cd\u03c3\u03b5 \u03bf\u03bb\u03cc\u03ba\u03bb\u03b7\u03c1\u03bf \u03c4\u03bf\u03bd \u03ba\u03cc\u03c3\u03bc\u03bf, \u03ad\u03bd\u03b1\u03bd \u03c0\u03cc\u03bb\u03b5\u03bc\u03bf \u03b1\u03ba\u03cc\u03bc\u03b7 \u03bc\u03b5\u03b3\u03b1\u03bb\u03cd\u03c4\u03b5\u03c1\u03bf \u03b1\u03c0\u03cc \u03b1\u03c5\u03c4\u03cc\u03bd \u03c4\u03bf\u03c5 <strong>\u039c\u03b1\u03c1\u03af\u03bd\u03c6\u03bf\u03c1\u03bd\u03c4<\/strong> \u03b8\u03b1 \u03ad\u03c1\u03b8\u03b5\u03b9 \u03ba\u03b1\u03b9 \u03c4\u03b5\u03bb\u03b9\u03ba\u03ac \u03b8\u03b1 \u03b4\u03b7\u03bb\u03ce\u03c3\u03b5\u03b9 \u03cc\u03c4\u03b9 \u03c4\u03bf One Piece \u03c0\u03c1\u03b1\u03b3\u03bc\u03b1\u03c4\u03b9\u03ba\u03ac \u03c5\u03c0\u03ae\u03c1\u03c7\u03b5. \u0395\u03af\u03bd\u03b1\u03b9 \u03bf \u03c0\u03c1\u03ce\u03c4\u03bf\u03c2 \u03c0\u03c1\u03c9\u03c4\u03b1\u03b3\u03c9\u03bd\u03b9\u03c3\u03c4\u03ae\u03c2 \u03c4\u03bf\u03c5 Marineford Arc, \u03b1\u03ba\u03bf\u03bb\u03bf\u03c5\u03b8\u03bf\u03cd\u03bc\u03b5\u03bd\u03bf\u03c2 \u03b1\u03c0\u03cc \u03c4\u03bf\u03bd Luffy \u03c3\u03c4\u03b7 \u03b4\u03b5\u03cd\u03c4\u03b5\u03c1\u03b7 \u03b8\u03ad\u03c3\u03b7 \u03ba\u03b1\u03b9 \u03c4\u03bf\u03bd Ace \u03c3\u03c4\u03b7\u03bd \u03c4\u03c1\u03af\u03c4\u03b7. \u03a0\u03b1\u03c1\u03b5\u03bc\u03c0\u03b9\u03c0\u03c4\u03cc\u03bd\u03c4\u03c9\u03c2, \u03b1\u03bd \u03b8\u03ad\u03bb\u03b5\u03c4\u03b5 \u03bd\u03b1 \u03b5\u03c0\u03b5\u03ba\u03c4\u03b5\u03af\u03bd\u03b5\u03c4\u03b5 \u03c4\u03b7 \u03c3\u03c5\u03bb\u03bb\u03bf\u03b3\u03ae \u03c3\u03b1\u03c2 \u03b1\u03c0\u03cc \u03c6\u03b9\u03b3\u03bf\u03cd\u03c1\u03b5\u03c2, \u03c4\u03bf <a title=\"\u03a6\u0399\u0393\u039f\u03a5\u03a1\u0391 ONE PIECE ACE \u039c\u0395 \u03a3\u039a\u03a5\u039b\u039f\" href=\"https:\/\/boutique-one-piece.com\/el\/%ce%bc%ce%bf%ce%bd%ce%bf%ce%ba%cf%8c%ce%bc%ce%bc%ce%b1%cf%84%ce%bf-%cf%86%ce%b9%ce%b3%ce%bf%cf%85%cf%81%ce%b1%cf%84%ce%b6%ce%af%ce%b4%ce%b9%ce%ba%ce%bf-%ce%ac%cf%83%cf%83%ce%bf-%cf%80%ce%bf%cf%85\/\" target=\"_blank\" rel=\"noopener\">\u0386\u03c3\u03c3\u03bf\u03c2 \u03c6\u03b9\u03b3\u03bf\u03cd\u03c1\u03b1 &quot;\u03c3\u03ba\u03c5\u03bc\u03bc\u03ad\u03bd\u03bf\u03c2&quot;\u00ab<\/a> \u03b5\u03af\u03bd\u03b1\u03b9 \u03b5\u03bd\u03c4\u03cc\u03c2 \u03c4\u03c9\u03bd \u03b4\u03c5\u03bd\u03b1\u03c4\u03bf\u03c4\u03ae\u03c4\u03c9\u03bd \u03c3\u03b1\u03c2.<\/p>\n<h3>\u03a3\u03b1\u03c2 \u03ad\u03c7\u03b5\u03b9 \u03ba\u03b5\u03c1\u03b4\u03af\u03c3\u03b5\u03b9, \u03bb\u03bf\u03b9\u03c0\u03cc\u03bd, \u03b7 \u03c6\u03b9\u03b3\u03bf\u03cd\u03c1\u03b1 \u03c4\u03bf\u03c5 \u039b\u03b5\u03c5\u03ba\u03bf\u03b3\u03ad\u03bd\u03b7; \u0391\u03bd \u03bd\u03b1\u03b9, \u03bc\u03b7\u03bd \u03c0\u03b5\u03c1\u03b9\u03bc\u03ad\u03bd\u03b5\u03c4\u03b5 \u03ac\u03bb\u03bb\u03bf \u03ba\u03b1\u03b9 \u03b1\u03b4\u03c1\u03ac\u03be\u03c4\u03b5 \u03c4\u03b7\u03bd \u03b5\u03c5\u03ba\u03b1\u03b9\u03c1\u03af\u03b1 \u03bd\u03b1 \u03be\u03b1\u03bd\u03b1\u03b6\u03ae\u03c3\u03b5\u03c4\u03b5 \u03c4\u03bf\u03bd \u03c0\u03cc\u03bb\u03b5\u03bc\u03bf \u03c4\u03c9\u03bd Marineford \u03b4\u03af\u03c0\u03bb\u03b1 \u03c4\u03bf\u03c5.<\/h3>\n<p>\u039d\u03b5\u03b1\u03c1\u03ad \u03c0\u03b5\u03b9\u03c1\u03b1\u03c4\u03ae, \u03ae\u03c1\u03b8\u03b5 \u03b7 \u03ce\u03c1\u03b1 \u03bd\u03b1 \u03c0\u03ac\u03c1\u03b5\u03b9\u03c2 \u03c4\u03b7 \u03bc\u03bf\u03af\u03c1\u03b1 \u03c3\u03bf\u03c5 \u03c3\u03c4\u03b1 \u03c7\u03ad\u03c1\u03b9\u03b1 \u03c3\u03bf\u03c5. \u0395\u03af\u03c4\u03b5 \u03b5\u03af\u03c3\u03b1\u03b9 \u03c6\u03b1\u03bd\u03b1\u03c4\u03b9\u03ba\u03cc\u03c2 \u03b8\u03b1\u03c5\u03bc\u03b1\u03c3\u03c4\u03ae\u03c2 \u03b5\u03af\u03c4\u03b5 \u03ad\u03bc\u03c0\u03b5\u03b9\u03c1\u03bf\u03c2 \u03c3\u03c5\u03bb\u03bb\u03ad\u03ba\u03c4\u03b7\u03c2, \u03bc\u03b7\u03bd \u03c8\u03ac\u03c7\u03bd\u03b5\u03b9\u03c2 \u03b1\u03bb\u03bb\u03bf\u03cd \u03b3\u03b9\u03b1 \u03b1\u03c5\u03c4\u03ac. <strong>\u03bc\u03c5\u03b8\u03b9\u03ba\u03ac \u03b1\u03bd\u03c4\u03b9\u03ba\u03b5\u03af\u03bc\u03b5\u03bd\u03b1<\/strong> \u03b5\u03af\u03bd\u03b1\u03b9 \u03c3\u03af\u03b3\u03bf\u03c5\u03c1\u03b1 \u03b3\u03b9\u03b1 \u03b5\u03c3\u03ac\u03c2. \u0399\u03b4\u03b1\u03bd\u03b9\u03ba\u03ac \u03b3\u03b9\u03b1 \u03b4\u03ce\u03c1\u03bf, \u03b4\u03b9\u03b1\u03ba\u03cc\u03c3\u03bc\u03b7\u03c3\u03b7 \u03ae \u03c3\u03c5\u03bb\u03bb\u03bf\u03b3\u03ae, \u03b1\u03c5\u03c4\u03ac \u03c4\u03b1 \u03b1\u03bd\u03c4\u03b9\u03ba\u03b5\u03af\u03bc\u03b5\u03bd\u03b1 \u03b8\u03b1 \u03b1\u03bd\u03b1\u03b2\u03b1\u03b8\u03bc\u03af\u03c3\u03bf\u03c5\u03bd <strong>\u03c4\u03bf \u03c3\u03cd\u03bc\u03c0\u03b1\u03bd One Piece \u03c3\u03bf\u03c5<\/strong>.<\/p>\n<h2>\u03a0\u03bb\u03b7\u03c1\u03bf\u03c6\u03bf\u03c1\u03af\u03b5\u03c2 \u03b3\u03b9\u03b1 \u03c4\u03bf \u03b5\u03b9\u03b4\u03ce\u03bb\u03b9\u03bf Whitebeard\u00a0<\/h2>\n<ul>\n<li><span><b><u>\u039f\u03bb\u03cc\u03c3\u03c9\u03bc\u03bf \u03b5\u03b9\u03b4\u03ce\u03bb\u03b9\u03bf<\/u><\/b>\u00a0\u03a6\u03b9\u03b3\u03bf\u03cd\u03c1\u03b1 One Piece Premium \u03b3\u03b9\u03b1 \u03b1\u03bb\u03b7\u03b8\u03b9\u03bd\u03bf\u03cd\u03c2 \u03c0\u03b5\u03b9\u03c1\u03b1\u03c4\u03ad\u03c2<\/span><\/li>\n<\/ul>\n<ul>\n<li>\n<b>\u03a5\u03bb\u03b7<\/b><span>\u00a0<\/span>PVC<\/li>\n<\/ul>\n<ul>\n<li><span><strong>\u0394\u03b9\u03ac\u03c3\u03c4\u03b1\u03c3\u03b7<\/strong>\u00a0: 23 \u03b5\u03ba.<\/span><\/li>\n<\/ul>\n<ul>\n<li><span><strong>\u0394\u03a9\u03a1\u0395\u0391\u039d \u03a0\u0391\u03a1\u0391\u0394\u039f\u03a3\u0397<\/strong><\/span><\/li>\n<\/ul>","protected":false},"excerpt":{"rendered":"<p>Jeune pirate, le moment est venu pour toi de te procurer d\u00e8s maintenant cette Figurine One Piece Barbe Blanche. Tu n&rsquo;es pas sans savoir qu&rsquo;Edward Newgate, aussi appel\u00e9 Barbe Blanche, \u00ab\u00a0L&rsquo;Homme le Plus Fort au Monde\u00a0\u00bb, \u00e9galement consid\u00e9r\u00e9 comme \u00e9tant l&rsquo;homme \u00ab\u00a0le plus proche du One Piece\u00a0\u00bb, \u00e9tait le capitaine de L&rsquo;\u00c9quipage de Barbe Blanche. [&hellip;]<\/p>","protected":false},"featured_media":11093,"comment_status":"open","ping_status":"open","template":"","meta":[],"product_brand":[],"product_cat":[310],"product_tag":[199],"class_list":{"0":"post-11091","1":"product","2":"type-product","3":"status-publish","4":"has-post-thumbnail","6":"product_cat-figurines-edward-newgate","7":"product_tag-barbe-blanche","9":"first","10":"instock","11":"purchasable","12":"product-type-simple"},"yoast_head":"<!-- This site is optimized with the Yoast SEO plugin v27.5 - https:\/\/yoast.com\/product\/yoast-seo-wordpress\/ -->\n<title>Figurine One Piece Barbe Blanche | Figurine One Piece \u2013 Boutique One Piece<\/title>\n<meta name=\"description\" content=\"Jeune pirate, le moment est venu pour toi de te procurer d\u00e8s maintenant cette Figurine One Piece Barbe Blanche. Tu n&#039;es pas sans savoir qu&#039;Edward Newgate, aussi appel\u00e9 Barbe Blanche, &quot;L&#039;Homme le Plus Fort au Monde&quot;, \u00e9galement consid\u00e9r\u00e9 comme \u00e9tant l&#039;homme &quot;le plus proche du One Piece&quot;, \u00e9tait le capitaine de L&#039;\u00c9quipage\" \/>\n<meta name=\"robots\" content=\"index, follow, max-snippet:-1, max-image-preview:large, max-video-preview:-1\" \/>\n<link rel=\"canonical\" href=\"https:\/\/boutique-one-piece.com\/el\/\u03c6\u03b9\u03b3\u03bf\u03cd\u03c1\u03b5\u03c2-one-piece\/\u03c6\u03b9\u03b3\u03bf\u03cd\u03c1\u03b5\u03c2-\u03c4\u03bf\u03c5-\u03ad\u03bd\u03c4\u03bf\u03c5\u03b1\u03c1\u03bd\u03c4-\u03bd\u03b9\u03bf\u03cd\u03b3\u03ba\u03b5\u03ca\u03c4\/\u03bb\u03b5\u03c5\u03ba\u03ae-\u03b3\u03b5\u03bd\u03b5\u03b9\u03ac\u03b4\u03b1-\u03bc\u03bf\u03bd\u03bf\u03ba\u03cc\u03bc\u03bc\u03b1\u03c4\u03bf-\u03b5\u03b9\u03b4\u03ce\u03bb\u03b9\u03bf\/\" \/>\n<meta property=\"og:locale\" content=\"el_GR\" \/>\n<meta property=\"og:type\" content=\"article\" \/>\n<meta property=\"og:title\" content=\"Figurine One Piece Barbe Blanche | Figurine One Piece \u2013 Boutique One Piece\" \/>\n<meta property=\"og:description\" content=\"Jeune pirate, le moment est venu pour toi de te procurer d\u00e8s maintenant cette Figurine One Piece Barbe Blanche. Tu n&#039;es pas sans savoir qu&#039;Edward Newgate, aussi appel\u00e9 Barbe Blanche, &quot;L&#039;Homme le Plus Fort au Monde&quot;, \u00e9galement consid\u00e9r\u00e9 comme \u00e9tant l&#039;homme &quot;le plus proche du One Piece&quot;, \u00e9tait le capitaine de L&#039;\u00c9quipage\" \/>\n<meta property=\"og:url\" content=\"https:\/\/boutique-one-piece.com\/el\/\u03c6\u03b9\u03b3\u03bf\u03cd\u03c1\u03b5\u03c2-one-piece\/\u03c6\u03b9\u03b3\u03bf\u03cd\u03c1\u03b5\u03c2-\u03c4\u03bf\u03c5-\u03ad\u03bd\u03c4\u03bf\u03c5\u03b1\u03c1\u03bd\u03c4-\u03bd\u03b9\u03bf\u03cd\u03b3\u03ba\u03b5\u03ca\u03c4\/\u03bb\u03b5\u03c5\u03ba\u03ae-\u03b3\u03b5\u03bd\u03b5\u03b9\u03ac\u03b4\u03b1-\u03bc\u03bf\u03bd\u03bf\u03ba\u03cc\u03bc\u03bc\u03b1\u03c4\u03bf-\u03b5\u03b9\u03b4\u03ce\u03bb\u03b9\u03bf\/\" \/>\n<meta property=\"og:site_name\" content=\"Boutique One Piece\" \/>\n<meta property=\"article:modified_time\" content=\"2024-09-16T12:21:36+00:00\" \/>\n<meta property=\"og:image\" content=\"https:\/\/boutique-one-piece.com\/wp-content\/uploads\/2022\/09\/Figurine-One-Piece-Barbe-Blanche.jpg\" \/>\n\t<meta property=\"og:image:width\" content=\"400\" \/>\n\t<meta property=\"og:image:height\" content=\"400\" \/>\n\t<meta property=\"og:image:type\" content=\"image\/jpeg\" \/>\n<meta name=\"twitter:card\" content=\"summary_large_image\" \/>\n<meta name=\"twitter:label1\" content=\"\u0395\u03ba\u03c4\u03b9\u03bc\u03ce\u03bc\u03b5\u03bd\u03bf\u03c2 \u03c7\u03c1\u03cc\u03bd\u03bf\u03c2 \u03b1\u03bd\u03ac\u03b3\u03bd\u03c9\u03c3\u03b7\u03c2\" \/>\n\t<meta name=\"twitter:data1\" content=\"1 \u03bb\u03b5\u03c0\u03c4\u03cc\" \/>\n<script type=\"application\/ld+json\" class=\"yoast-schema-graph\">{\"@context\":\"https:\\\/\\\/schema.org\",\"@graph\":[{\"@type\":\"WebPage\",\"@id\":\"https:\\\/\\\/boutique-one-piece.com\\\/figurines-one-piece\\\/figurines-edward-newgate\\\/figurine-one-piece-barbe-blanche\\\/\",\"url\":\"https:\\\/\\\/boutique-one-piece.com\\\/figurines-one-piece\\\/figurines-edward-newgate\\\/figurine-one-piece-barbe-blanche\\\/\",\"name\":\"Figurine One Piece Barbe Blanche | Figurine One Piece \u2013 Boutique One Piece\",\"isPartOf\":{\"@id\":\"https:\\\/\\\/boutique-one-piece.com\\\/#website\"},\"primaryImageOfPage\":{\"@id\":\"https:\\\/\\\/boutique-one-piece.com\\\/figurines-one-piece\\\/figurines-edward-newgate\\\/figurine-one-piece-barbe-blanche\\\/#primaryimage\"},\"image\":{\"@id\":\"https:\\\/\\\/boutique-one-piece.com\\\/figurines-one-piece\\\/figurines-edward-newgate\\\/figurine-one-piece-barbe-blanche\\\/#primaryimage\"},\"thumbnailUrl\":\"https:\\\/\\\/boutique-one-piece.com\\\/wp-content\\\/uploads\\\/2022\\\/09\\\/Figurine-One-Piece-Barbe-Blanche.jpg\",\"datePublished\":\"2022-09-27T20:38:37+00:00\",\"dateModified\":\"2024-09-16T12:21:36+00:00\",\"description\":\"Jeune pirate, le moment est venu pour toi de te procurer d\u00e8s maintenant cette Figurine One Piece Barbe Blanche. Tu n'es pas sans savoir qu'Edward Newgate, aussi appel\u00e9 Barbe Blanche, \\\"L'Homme le Plus Fort au Monde\\\", \u00e9galement consid\u00e9r\u00e9 comme \u00e9tant l'homme \\\"le plus proche du One Piece\\\", \u00e9tait le capitaine de L'\u00c9quipage\",\"breadcrumb\":{\"@id\":\"https:\\\/\\\/boutique-one-piece.com\\\/figurines-one-piece\\\/figurines-edward-newgate\\\/figurine-one-piece-barbe-blanche\\\/#breadcrumb\"},\"inLanguage\":\"el\",\"potentialAction\":[{\"@type\":\"ReadAction\",\"target\":[\"https:\\\/\\\/boutique-one-piece.com\\\/figurines-one-piece\\\/figurines-edward-newgate\\\/figurine-one-piece-barbe-blanche\\\/\"]}]},{\"@type\":\"ImageObject\",\"inLanguage\":\"el\",\"@id\":\"https:\\\/\\\/boutique-one-piece.com\\\/figurines-one-piece\\\/figurines-edward-newgate\\\/figurine-one-piece-barbe-blanche\\\/#primaryimage\",\"url\":\"https:\\\/\\\/boutique-one-piece.com\\\/wp-content\\\/uploads\\\/2022\\\/09\\\/Figurine-One-Piece-Barbe-Blanche.jpg\",\"contentUrl\":\"https:\\\/\\\/boutique-one-piece.com\\\/wp-content\\\/uploads\\\/2022\\\/09\\\/Figurine-One-Piece-Barbe-Blanche.jpg\",\"width\":400,\"height\":400,\"caption\":\"Figurine One Piece Barbe Blanche Default Title\"},{\"@type\":\"BreadcrumbList\",\"@id\":\"https:\\\/\\\/boutique-one-piece.com\\\/figurines-one-piece\\\/figurines-edward-newgate\\\/figurine-one-piece-barbe-blanche\\\/#breadcrumb\",\"itemListElement\":[{\"@type\":\"ListItem\",\"position\":1,\"name\":\"Home\",\"item\":\"https:\\\/\\\/boutique-one-piece.com\\\/\"},{\"@type\":\"ListItem\",\"position\":2,\"name\":\"Shop\",\"item\":\"https:\\\/\\\/boutique-one-piece.com\\\/shop\\\/\"},{\"@type\":\"ListItem\",\"position\":3,\"name\":\"Figurine One Piece Barbe Blanche\"}]},{\"@type\":\"WebSite\",\"@id\":\"https:\\\/\\\/boutique-one-piece.com\\\/#website\",\"url\":\"https:\\\/\\\/boutique-one-piece.com\\\/\",\"name\":\"Boutique One Piece\",\"description\":\"Magasin Sp\u00e9cialis\u00e9 du Manga et l&#039;Anime One Piece\",\"publisher\":{\"@id\":\"https:\\\/\\\/boutique-one-piece.com\\\/#organization\"},\"potentialAction\":[{\"@type\":\"SearchAction\",\"target\":{\"@type\":\"EntryPoint\",\"urlTemplate\":\"https:\\\/\\\/boutique-one-piece.com\\\/?s={search_term_string}\"},\"query-input\":{\"@type\":\"PropertyValueSpecification\",\"valueRequired\":true,\"valueName\":\"search_term_string\"}}],\"inLanguage\":\"el\"},{\"@type\":\"Organization\",\"@id\":\"https:\\\/\\\/boutique-one-piece.com\\\/#organization\",\"name\":\"Boutique One Piece\",\"url\":\"https:\\\/\\\/boutique-one-piece.com\\\/\",\"logo\":{\"@type\":\"ImageObject\",\"inLanguage\":\"el\",\"@id\":\"https:\\\/\\\/boutique-one-piece.com\\\/#\\\/schema\\\/logo\\\/image\\\/\",\"url\":\"https:\\\/\\\/boutique-one-piece.com\\\/wp-content\\\/uploads\\\/2022\\\/09\\\/Logo-01.png\",\"contentUrl\":\"https:\\\/\\\/boutique-one-piece.com\\\/wp-content\\\/uploads\\\/2022\\\/09\\\/Logo-01.png\",\"width\":2318,\"height\":957,\"caption\":\"Boutique One Piece\"},\"image\":{\"@id\":\"https:\\\/\\\/boutique-one-piece.com\\\/#\\\/schema\\\/logo\\\/image\\\/\"}}]}<\/script>\n<!-- \/ Yoast SEO plugin. -->","yoast_head_json":{"title":"One Piece \u03a6\u03b9\u03b3\u03bf\u03cd\u03c1\u03b1 Whitebeard | One Piece \u03a6\u03b9\u03b3\u03bf\u03cd\u03c1\u03b1 \u2013 One Piece Shop","description":"\u039d\u03b5\u03b1\u03c1\u03ad \u03c0\u03b5\u03b9\u03c1\u03b1\u03c4\u03ae, \u03ae\u03c1\u03b8\u03b5 \u03b7 \u03ce\u03c1\u03b1 \u03bd\u03b1 \u03b1\u03c0\u03bf\u03ba\u03c4\u03ae\u03c3\u03b5\u03b9\u03c2 \u03b1\u03c5\u03c4\u03ae \u03c4\u03b7 \u03c6\u03b9\u03b3\u03bf\u03cd\u03c1\u03b1 One Piece Whitebeard. \u03a3\u03af\u03b3\u03bf\u03c5\u03c1\u03b1 \u03b3\u03bd\u03c9\u03c1\u03af\u03b6\u03b5\u03b9\u03c2 \u03cc\u03c4\u03b9 \u03bf Edward Newgate, \u03b3\u03bd\u03c9\u03c3\u03c4\u03cc\u03c2 \u03ba\u03b1\u03b9 \u03c9\u03c2 Whitebeard, &quot;\u039f \u0394\u03c5\u03bd\u03b1\u03c4\u03cc\u03c4\u03b5\u03c1\u03bf\u03c2 \u0386\u03bd\u03c4\u03c1\u03b1\u03c2 \u03c3\u03c4\u03bf\u03bd \u039a\u03cc\u03c3\u03bc\u03bf&quot;, \u03c0\u03bf\u03c5 \u03b8\u03b5\u03c9\u03c1\u03b5\u03af\u03c4\u03b1\u03b9 \u03b5\u03c0\u03af\u03c3\u03b7\u03c2 \u03bf \u03ac\u03bd\u03b8\u03c1\u03c9\u03c0\u03bf\u03c2 &quot;\u03c0\u03bf\u03c5 \u03b5\u03af\u03bd\u03b1\u03b9 \u03c0\u03b9\u03bf \u03ba\u03bf\u03bd\u03c4\u03ac \u03c3\u03c4\u03bf One Piece&quot;, \u03ae\u03c4\u03b1\u03bd \u03bf \u03b1\u03c1\u03c7\u03b7\u03b3\u03cc\u03c2 \u03c4\u03c9\u03bd \u03a0\u03b5\u03b9\u03c1\u03b1\u03c4\u03ce\u03bd.","robots":{"index":"index","follow":"follow","max-snippet":"max-snippet:-1","max-image-preview":"max-image-preview:large","max-video-preview":"max-video-preview:-1"},"canonical":"https:\/\/boutique-one-piece.com\/el\/\u03c6\u03b9\u03b3\u03bf\u03cd\u03c1\u03b5\u03c2-one-piece\/\u03c6\u03b9\u03b3\u03bf\u03cd\u03c1\u03b5\u03c2-\u03c4\u03bf\u03c5-\u03ad\u03bd\u03c4\u03bf\u03c5\u03b1\u03c1\u03bd\u03c4-\u03bd\u03b9\u03bf\u03cd\u03b3\u03ba\u03b5\u03ca\u03c4\/\u03bb\u03b5\u03c5\u03ba\u03ae-\u03b3\u03b5\u03bd\u03b5\u03b9\u03ac\u03b4\u03b1-\u03bc\u03bf\u03bd\u03bf\u03ba\u03cc\u03bc\u03bc\u03b1\u03c4\u03bf-\u03b5\u03b9\u03b4\u03ce\u03bb\u03b9\u03bf\/","og_locale":"el_GR","og_type":"article","og_title":"Figurine One Piece Barbe Blanche | Figurine One Piece \u2013 Boutique One Piece","og_description":"Jeune pirate, le moment est venu pour toi de te procurer d\u00e8s maintenant cette Figurine One Piece Barbe Blanche. Tu n'es pas sans savoir qu'Edward Newgate, aussi appel\u00e9 Barbe Blanche, \"L'Homme le Plus Fort au Monde\", \u00e9galement consid\u00e9r\u00e9 comme \u00e9tant l'homme \"le plus proche du One Piece\", \u00e9tait le capitaine de L'\u00c9quipage","og_url":"https:\/\/boutique-one-piece.com\/el\/\u03c6\u03b9\u03b3\u03bf\u03cd\u03c1\u03b5\u03c2-one-piece\/\u03c6\u03b9\u03b3\u03bf\u03cd\u03c1\u03b5\u03c2-\u03c4\u03bf\u03c5-\u03ad\u03bd\u03c4\u03bf\u03c5\u03b1\u03c1\u03bd\u03c4-\u03bd\u03b9\u03bf\u03cd\u03b3\u03ba\u03b5\u03ca\u03c4\/\u03bb\u03b5\u03c5\u03ba\u03ae-\u03b3\u03b5\u03bd\u03b5\u03b9\u03ac\u03b4\u03b1-\u03bc\u03bf\u03bd\u03bf\u03ba\u03cc\u03bc\u03bc\u03b1\u03c4\u03bf-\u03b5\u03b9\u03b4\u03ce\u03bb\u03b9\u03bf\/","og_site_name":"Boutique One Piece","article_modified_time":"2024-09-16T12:21:36+00:00","og_image":[{"width":400,"height":400,"url":"https:\/\/boutique-one-piece.com\/wp-content\/uploads\/2022\/09\/Figurine-One-Piece-Barbe-Blanche.jpg","type":"image\/jpeg"}],"twitter_card":"summary_large_image","twitter_misc":{"\u0395\u03ba\u03c4\u03b9\u03bc\u03ce\u03bc\u03b5\u03bd\u03bf\u03c2 \u03c7\u03c1\u03cc\u03bd\u03bf\u03c2 \u03b1\u03bd\u03ac\u03b3\u03bd\u03c9\u03c3\u03b7\u03c2":"1 \u03bb\u03b5\u03c0\u03c4\u03cc"},"schema":{"@context":"https:\/\/schema.org","@graph":[{"@type":"WebPage","@id":"https:\/\/boutique-one-piece.com\/figurines-one-piece\/figurines-edward-newgate\/figurine-one-piece-barbe-blanche\/","url":"https:\/\/boutique-one-piece.com\/figurines-one-piece\/figurines-edward-newgate\/figurine-one-piece-barbe-blanche\/","name":"One Piece \u03a6\u03b9\u03b3\u03bf\u03cd\u03c1\u03b1 Whitebeard | One Piece \u03a6\u03b9\u03b3\u03bf\u03cd\u03c1\u03b1 \u2013 One Piece Shop","isPartOf":{"@id":"https:\/\/boutique-one-piece.com\/#website"},"primaryImageOfPage":{"@id":"https:\/\/boutique-one-piece.com\/figurines-one-piece\/figurines-edward-newgate\/figurine-one-piece-barbe-blanche\/#primaryimage"},"image":{"@id":"https:\/\/boutique-one-piece.com\/figurines-one-piece\/figurines-edward-newgate\/figurine-one-piece-barbe-blanche\/#primaryimage"},"thumbnailUrl":"https:\/\/boutique-one-piece.com\/wp-content\/uploads\/2022\/09\/Figurine-One-Piece-Barbe-Blanche.jpg","datePublished":"2022-09-27T20:38:37+00:00","dateModified":"2024-09-16T12:21:36+00:00","description":"\u039d\u03b5\u03b1\u03c1\u03ad \u03c0\u03b5\u03b9\u03c1\u03b1\u03c4\u03ae, \u03ae\u03c1\u03b8\u03b5 \u03b7 \u03ce\u03c1\u03b1 \u03bd\u03b1 \u03b1\u03c0\u03bf\u03ba\u03c4\u03ae\u03c3\u03b5\u03b9\u03c2 \u03b1\u03c5\u03c4\u03ae \u03c4\u03b7 \u03c6\u03b9\u03b3\u03bf\u03cd\u03c1\u03b1 One Piece Whitebeard. \u03a3\u03af\u03b3\u03bf\u03c5\u03c1\u03b1 \u03b3\u03bd\u03c9\u03c1\u03af\u03b6\u03b5\u03b9\u03c2 \u03cc\u03c4\u03b9 \u03bf Edward Newgate, \u03b3\u03bd\u03c9\u03c3\u03c4\u03cc\u03c2 \u03ba\u03b1\u03b9 \u03c9\u03c2 Whitebeard, &quot;\u039f \u0394\u03c5\u03bd\u03b1\u03c4\u03cc\u03c4\u03b5\u03c1\u03bf\u03c2 \u0386\u03bd\u03c4\u03c1\u03b1\u03c2 \u03c3\u03c4\u03bf\u03bd \u039a\u03cc\u03c3\u03bc\u03bf&quot;, \u03c0\u03bf\u03c5 \u03b8\u03b5\u03c9\u03c1\u03b5\u03af\u03c4\u03b1\u03b9 \u03b5\u03c0\u03af\u03c3\u03b7\u03c2 \u03bf \u03ac\u03bd\u03b8\u03c1\u03c9\u03c0\u03bf\u03c2 &quot;\u03c0\u03bf\u03c5 \u03b5\u03af\u03bd\u03b1\u03b9 \u03c0\u03b9\u03bf \u03ba\u03bf\u03bd\u03c4\u03ac \u03c3\u03c4\u03bf One Piece&quot;, \u03ae\u03c4\u03b1\u03bd \u03bf \u03b1\u03c1\u03c7\u03b7\u03b3\u03cc\u03c2 \u03c4\u03c9\u03bd \u03a0\u03b5\u03b9\u03c1\u03b1\u03c4\u03ce\u03bd.","breadcrumb":{"@id":"https:\/\/boutique-one-piece.com\/figurines-one-piece\/figurines-edward-newgate\/figurine-one-piece-barbe-blanche\/#breadcrumb"},"inLanguage":"el","potentialAction":[{"@type":"ReadAction","target":["https:\/\/boutique-one-piece.com\/figurines-one-piece\/figurines-edward-newgate\/figurine-one-piece-barbe-blanche\/"]}]},{"@type":"ImageObject","inLanguage":"el","@id":"https:\/\/boutique-one-piece.com\/figurines-one-piece\/figurines-edward-newgate\/figurine-one-piece-barbe-blanche\/#primaryimage","url":"https:\/\/boutique-one-piece.com\/wp-content\/uploads\/2022\/09\/Figurine-One-Piece-Barbe-Blanche.jpg","contentUrl":"https:\/\/boutique-one-piece.com\/wp-content\/uploads\/2022\/09\/Figurine-One-Piece-Barbe-Blanche.jpg","width":400,"height":400,"caption":"Figurine One Piece Barbe Blanche Default Title"},{"@type":"BreadcrumbList","@id":"https:\/\/boutique-one-piece.com\/figurines-one-piece\/figurines-edward-newgate\/figurine-one-piece-barbe-blanche\/#breadcrumb","itemListElement":[{"@type":"ListItem","position":1,"name":"Home","item":"https:\/\/boutique-one-piece.com\/"},{"@type":"ListItem","position":2,"name":"Shop","item":"https:\/\/boutique-one-piece.com\/shop\/"},{"@type":"ListItem","position":3,"name":"Figurine One Piece Barbe Blanche"}]},{"@type":"WebSite","@id":"https:\/\/boutique-one-piece.com\/#website","url":"https:\/\/boutique-one-piece.com\/","name":"\u039a\u03b1\u03c4\u03ac\u03c3\u03c4\u03b7\u03bc\u03b1 One Piece","description":"\u0395\u03be\u03b5\u03b9\u03b4\u03b9\u03ba\u03b5\u03c5\u03bc\u03ad\u03bd\u03bf \u03ba\u03b1\u03c4\u03ac\u03c3\u03c4\u03b7\u03bc\u03b1 \u03b3\u03b9\u03b1 One Piece Manga \u03ba\u03b1\u03b9 Anime","publisher":{"@id":"https:\/\/boutique-one-piece.com\/#organization"},"potentialAction":[{"@type":"SearchAction","target":{"@type":"EntryPoint","urlTemplate":"https:\/\/boutique-one-piece.com\/?s={search_term_string}"},"query-input":{"@type":"PropertyValueSpecification","valueRequired":true,"valueName":"search_term_string"}}],"inLanguage":"el"},{"@type":"Organization","@id":"https:\/\/boutique-one-piece.com\/#organization","name":"\u039a\u03b1\u03c4\u03ac\u03c3\u03c4\u03b7\u03bc\u03b1 One Piece","url":"https:\/\/boutique-one-piece.com\/","logo":{"@type":"ImageObject","inLanguage":"el","@id":"https:\/\/boutique-one-piece.com\/#\/schema\/logo\/image\/","url":"https:\/\/boutique-one-piece.com\/wp-content\/uploads\/2022\/09\/Logo-01.png","contentUrl":"https:\/\/boutique-one-piece.com\/wp-content\/uploads\/2022\/09\/Logo-01.png","width":2318,"height":957,"caption":"Boutique One Piece"},"image":{"@id":"https:\/\/boutique-one-piece.com\/#\/schema\/logo\/image\/"}}]}},"_links":{"self":[{"href":"https:\/\/boutique-one-piece.com\/el\/wp-json\/wp\/v2\/product\/11091","targetHints":{"allow":["GET"]}}],"collection":[{"href":"https:\/\/boutique-one-piece.com\/el\/wp-json\/wp\/v2\/product"}],"about":[{"href":"https:\/\/boutique-one-piece.com\/el\/wp-json\/wp\/v2\/types\/product"}],"replies":[{"embeddable":true,"href":"https:\/\/boutique-one-piece.com\/el\/wp-json\/wp\/v2\/comments?post=11091"}],"wp:featuredmedia":[{"embeddable":true,"href":"https:\/\/boutique-one-piece.com\/el\/wp-json\/wp\/v2\/media\/11093"}],"wp:attachment":[{"href":"https:\/\/boutique-one-piece.com\/el\/wp-json\/wp\/v2\/media?parent=11091"}],"wp:term":[{"taxonomy":"product_brand","embeddable":true,"href":"https:\/\/boutique-one-piece.com\/el\/wp-json\/wp\/v2\/product_brand?post=11091"},{"taxonomy":"product_cat","embeddable":true,"href":"https:\/\/boutique-one-piece.com\/el\/wp-json\/wp\/v2\/product_cat?post=11091"},{"taxonomy":"product_tag","embeddable":true,"href":"https:\/\/boutique-one-piece.com\/el\/wp-json\/wp\/v2\/product_tag?post=11091"}],"curies":[{"name":"\u03b5\u03c1\u03b3\u03b1\u03c3\u03af\u03b1","href":"https:\/\/api.w.org\/{rel}","templated":true}]}}