{"id":11228,"date":"2022-09-27T20:39:31","date_gmt":"2022-09-27T20:39:31","guid":{"rendered":"https:\/\/boutique-one-piece.com\/uncategorized\/figurine-one-piece-big-mom-sur-son-trone-26-cm\/"},"modified":"2024-09-16T12:25:21","modified_gmt":"2024-09-16T12:25:21","slug":"%ce%bc%ce%bf%ce%bd%ce%bf%ce%ba%cf%8c%ce%bc%ce%bc%ce%b1%cf%84%ce%bf-%ce%b5%ce%b9%ce%b4%cf%8e%ce%bb%ce%b9%ce%bf-%ce%bc%ce%b5%ce%b3%ce%ac%ce%bb%ce%b7%cf%82-%ce%bc%ce%b1%ce%bc%ce%ac%cf%82-%cf%83%cf%84","status":"publish","type":"product","link":"https:\/\/boutique-one-piece.com\/el\/%cf%86%ce%b9%ce%b3%ce%bf%cf%8d%cf%81%ce%b5%cf%82-one-piece\/%ce%bc%ce%bf%ce%bd%ce%bf%ce%ba%cf%8c%ce%bc%ce%bc%ce%b1%cf%84%ce%bf-%ce%b5%ce%b9%ce%b4%cf%8e%ce%bb%ce%b9%ce%bf-%ce%bc%ce%b5%ce%b3%ce%ac%ce%bb%ce%b7%cf%82-%ce%bc%ce%b1%ce%bc%ce%ac%cf%82-%cf%83%cf%84\/","title":{"rendered":"One Piece Big Mom \u03c3\u03c4\u03bf\u03bd \u0398\u03c1\u03cc\u03bd\u03bf \u03c4\u03b7\u03c2 \u03c6\u03b9\u03b3\u03bf\u03cd\u03c1\u03b1"},"content":{"rendered":"<h2>\u039d\u03b5\u03b1\u03c1\u03ad \u03c0\u03b5\u03b9\u03c1\u03b1\u03c4\u03ae, \u03ae\u03c1\u03b8\u03b5 \u03b7 \u03ce\u03c1\u03b1 \u03bd\u03b1 \u03b1\u03c0\u03bf\u03ba\u03c4\u03ae\u03c3\u03b5\u03b9\u03c2 \u03b1\u03c5\u03c4\u03cc \u03c4\u03bf One Piece Big Mom \u03c3\u03c4\u03bf \u0398\u03c1\u03cc\u03bd\u03bf \u03c4\u03b7\u03c2.<\/h2>\n<p>\u0391\u03bd\u03b1\u03bc\u03c6\u03af\u03b2\u03bf\u03bb\u03b1 \u03b3\u03bd\u03c9\u03c1\u03af\u03b6\u03b5\u03c4\u03b5 \u03cc\u03c4\u03b9 <strong>\u0397 \u03bf\u03bc\u03ac\u03b4\u03b1 \u03c4\u03b7\u03c2 \u039c\u03b5\u03b3\u03ac\u03bb\u03b7\u03c2 \u039c\u03b1\u03bc\u03ac\u03c2<\/strong> \u03b5\u03af\u03bd\u03b1\u03b9 \u03bc\u03b9\u03b1 \u03b4\u03b9\u03b1\u03b2\u03cc\u03b7\u03c4\u03b7 \u03ba\u03b1\u03b9 \u03b9\u03c3\u03c7\u03c5\u03c1\u03ae \u03c0\u03b5\u03b9\u03c1\u03b1\u03c4\u03b9\u03ba\u03ae \u03bf\u03bc\u03ac\u03b4\u03b1 \u03bc\u03b5 \u03b5\u03c0\u03b9\u03ba\u03b5\u03c6\u03b1\u03bb\u03ae\u03c2 \u03c4\u03bf\u03bd \u0391\u03c5\u03c4\u03bf\u03ba\u03c1\u03ac\u03c4\u03bf\u03c1\u03b1<strong> \u03a3\u03b1\u03c1\u03bb\u03cc\u03c4 \u039b\u03af\u03bd\u03bb\u03b9\u03bd<\/strong>, \u03c0\u03b9\u03bf \u03b3\u03bd\u03c9\u03c3\u03c4\u03cc \u03c9\u03c2 &quot;\u039c\u03b5\u03b3\u03ac\u03bb\u03b7 \u039c\u03b1\u03bc\u03ac&quot;. \u03a4\u03bf \u03c0\u03bb\u03ae\u03c1\u03c9\u03bc\u03b1 \u03ba\u03c5\u03b2\u03b5\u03c1\u03bd\u03ac \u03c4\u03bf \u03b9\u03c3\u03c7\u03c5\u03c1\u03cc \u03ad\u03b8\u03bd\u03bf\u03c2 \u03c4\u03b7\u03c2 \u0393\u03b7\u03c2 \u03a4\u03cc\u03c4\u03c4\u03bf, \u03bc\u03b5 \u03c4\u03b7\u03bd \u03ba\u03b1\u03c0\u03b5\u03c4\u03ac\u03bd\u03b9\u03c3\u03c3\u03ac \u03c4\u03bf\u03c5\u03c2 \u03bd\u03b1 \u03ba\u03c5\u03b2\u03b5\u03c1\u03bd\u03ac \u03c9\u03c2 \u03b2\u03b1\u03c3\u03af\u03bb\u03b9\u03c3\u03c3\u03b1 \u03ba\u03b1\u03b9 \u03c4\u03b7 \u03b2\u03ac\u03c3\u03b7 \u03c4\u03c9\u03bd \u03b5\u03c0\u03b9\u03c7\u03b5\u03b9\u03c1\u03ae\u03c3\u03b5\u03c9\u03bd \u03c4\u03bf\u03c5\u03c2 \u03bd\u03b1 \u03b2\u03c1\u03af\u03c3\u03ba\u03b5\u03c4\u03b1\u03b9 \u03c3\u03c4\u03bf \u039d\u03b7\u03c3\u03af \u039f\u03bb\u03cc\u03ba\u03bb\u03b7\u03c1\u03bf\u03c5 \u03c4\u03bf\u03c5 \u039a\u03ad\u03b9\u03ba. \u0395\u03af\u03bd\u03b1\u03b9 \u03b7 \u03ba\u03cd\u03c1\u03b9\u03b1 \u03b1\u03bd\u03c4\u03b1\u03b3\u03c9\u03bd\u03b9\u03c3\u03c4\u03b9\u03ba\u03ae \u03bf\u03bc\u03ac\u03b4\u03b1 \u03c4\u03bf\u03c5 \u03a4\u03cc\u03be\u03bf\u03c5 \u03c4\u03bf\u03c5 \u039d\u03b7\u03c3\u03b9\u03bf\u03cd \u039f\u03bb\u03cc\u03ba\u03bb\u03b7\u03c1\u03bf\u03c5 \u03c4\u03bf\u03c5 \u039a\u03ad\u03b9\u03ba \u03ba\u03b1\u03b9 \u03bc\u03af\u03b1 \u03b1\u03c0\u03cc \u03c4\u03b9\u03c2 \u03ba\u03cd\u03c1\u03b9\u03b5\u03c2 \u03b1\u03bd\u03c4\u03b1\u03b3\u03c9\u03bd\u03b9\u03c3\u03c4\u03b9\u03ba\u03ad\u03c2 \u03bf\u03bc\u03ac\u03b4\u03b5\u03c2 \u03c4\u03b7\u03c2 \u03a3\u03ac\u03b3\u03ba\u03b1 \u03c4\u03c9\u03bd \u03a4\u03b5\u03c3\u03c3\u03ac\u03c1\u03c9\u03bd \u0391\u03c5\u03c4\u03bf\u03ba\u03c1\u03b1\u03c4\u03cc\u03c1\u03c9\u03bd.<\/p>\n<p>\u039c\u03b9\u03b1 \u03bc\u03b9\u03ba\u03c1\u03ae \u03b9\u03c3\u03c4\u03bf\u03c1\u03af\u03b1 \u03b3\u03b9\u03b1 \u03c4\u03b7\u03bd \u03c3\u03c4\u03c1\u03b1\u03c4\u03bf\u03bb\u03cc\u03b3\u03b7\u03c3\u03b7 \u03c3\u03b5 \u03b1\u03c5\u03c4\u03cc \u03c4\u03bf \u03c0\u03bb\u03ae\u03c1\u03c9\u03bc\u03b1: \u0393\u03b9\u03b1 \u03bd\u03b1 \u03c0\u03bb\u03b5\u03cd\u03c3\u03bf\u03c5\u03bd \u03bc\u03b5 \u03c4\u03bf \u03cc\u03bd\u03bf\u03bc\u03b1 Big Mom, \u03bf\u03b9 \u03bd\u03b5\u03bf\u03c3\u03cd\u03bb\u03bb\u03b5\u03ba\u03c4\u03bf\u03b9 \u03c0\u03c1\u03ad\u03c0\u03b5\u03b9 \u03bd\u03b1 \u03ad\u03c7\u03bf\u03c5\u03bd \u03c3\u03c5\u03b3\u03b3\u03ad\u03bd\u03b5\u03b9\u03b1 \u03bc\u03b5 \u03c4\u03bf \u03c0\u03bb\u03ae\u03c1\u03c9\u03bc\u03b1 \u03b5\u03be \u03b1\u03af\u03bc\u03b1\u03c4\u03bf\u03c2. \u0391\u03c5\u03c4\u03cc \u03c3\u03b7\u03bc\u03b1\u03af\u03bd\u03b5\u03b9 \u03cc\u03c4\u03b9 \u03c0\u03c1\u03ad\u03c0\u03b5\u03b9 \u03bd\u03b1 \u03c0\u03b1\u03bd\u03c4\u03c1\u03b5\u03c5\u03c4\u03bf\u03cd\u03bd \u03ad\u03bd\u03b1\u03bd \u03b3\u03b9\u03bf \u03ae \u03bc\u03b9\u03b1 \u03ba\u03cc\u03c1\u03b7 \u03c4\u03bf\u03c5...<strong> \u0397 \u03bf\u03b9\u03ba\u03bf\u03b3\u03ad\u03bd\u03b5\u03b9\u03b1 \u03a3\u03ac\u03c1\u03bb\u03bf\u03c4<\/strong>, \u03bf \u03bf\u03c0\u03bf\u03af\u03bf\u03c2 \u03b3\u03af\u03bd\u03b5\u03c4\u03b1\u03b9 \u03c0\u03bf\u03bb\u03b9\u03c4\u03b9\u03ba\u03cc\u03c2 \u03b3\u03ac\u03bc\u03bf\u03c2. \u039c\u03ad\u03c7\u03c1\u03b9 \u03c3\u03c4\u03b9\u03b3\u03bc\u03ae\u03c2, \u03b4\u03b5\u03bd \u03ad\u03c7\u03b5\u03b9 \u03b1\u03bd\u03b1\u03c6\u03b5\u03c1\u03b8\u03b5\u03af \u03b5\u03ac\u03bd \u03cc\u03bb\u03b1 \u03c4\u03b1 \u03bd\u03ad\u03b1 \u03bc\u03ad\u03bb\u03b7 \u03c0\u03c1\u03ad\u03c0\u03b5\u03b9 \u03bd\u03b1 \u03c0\u03b1\u03bd\u03c4\u03c1\u03b5\u03c5\u03c4\u03bf\u03cd\u03bd \u03ad\u03bd\u03b1 \u03bc\u03ad\u03bb\u03bf\u03c2 \u03c4\u03b7\u03c2 \u03bf\u03b9\u03ba\u03bf\u03b3\u03ad\u03bd\u03b5\u03b9\u03b1\u03c2 \u03ae \u03b5\u03ac\u03bd \u03b1\u03c1\u03ba\u03b5\u03af \u03bf \u03b3\u03ac\u03bc\u03bf\u03c2 \u03bc\u03b5 \u03ad\u03bd\u03b1 \u03bc\u03ad\u03bb\u03bf\u03c2 \u03c4\u03bf\u03c5 \u03c0\u03bb\u03b7\u03c1\u03ce\u03bc\u03b1\u03c4\u03bf\u03c2 \u03c0\u03bf\u03c5 \u03b4\u03b5\u03bd \u03b5\u03af\u03bd\u03b1\u03b9 \u03bc\u03ad\u03bb\u03bf\u03c2 \u03c4\u03b7\u03c2 \u03b5\u03bd \u03bb\u03cc\u03b3\u03c9 \u03bf\u03b9\u03ba\u03bf\u03b3\u03ad\u03bd\u03b5\u03b9\u03b1\u03c2. \u0395\u03c0\u03b9\u03c0\u03bb\u03ad\u03bf\u03bd, \u03c4\u03bf <a title=\"\u03a6\u03b9\u03b3\u03bf\u03cd\u03c1\u03b1 One Piece Charlotte Katakuri, \u03bf \u03bc\u03b5\u03b3\u03b1\u03bb\u03cd\u03c4\u03b5\u03c1\u03bf\u03c2 \u03b3\u03b9\u03bf\u03c2 \u03c4\u03b7\u03c2 \u039c\u03b5\u03b3\u03ac\u03bb\u03b7\u03c2 \u039c\u03b1\u03bc\u03ac\u03c2\" href=\"https:\/\/boutique-one-piece.com\/el\/%ce%bf%ce%bb%cf%8c%cf%83%cf%89%ce%bc%ce%bf-%ce%b5%ce%b9%ce%b4%cf%8e%ce%bb%ce%b9%ce%bf-charlotte-katakuri-%ce%bf-%ce%bc%ce%b5%ce%b3%ce%b1%ce%bb%cf%8d%cf%84%ce%b5%cf%81%ce%bf%cf%82-%ce%b3%ce%b9%ce%bf\/\" target=\"_blank\" rel=\"noopener\">\u03b5\u03b9\u03b4\u03ce\u03bb\u03b9\u03bf \u03c4\u03b7\u03c2 Charlotte Katakuri<\/a> \u03b5\u03af\u03bd\u03b1\u03b9 \u03b5\u03bd\u03c4\u03cc\u03c2 \u03c4\u03c9\u03bd \u03b4\u03c5\u03bd\u03b1\u03c4\u03bf\u03c4\u03ae\u03c4\u03c9\u03bd \u03c3\u03b1\u03c2.<\/p>\n<h3>\u039b\u03bf\u03b9\u03c0\u03cc\u03bd, \u03c3\u03b1\u03c2 \u03ad\u03c7\u03b5\u03b9 \u03b3\u03bf\u03b7\u03c4\u03b5\u03cd\u03c3\u03b5\u03b9 \u03b7 \u03c6\u03b9\u03b3\u03bf\u03cd\u03c1\u03b1 \u03c4\u03b7\u03c2 \u039c\u03b5\u03b3\u03ac\u03bb\u03b7\u03c2 \u039c\u03b1\u03bc\u03ac\u03c2 \u03c3\u03c4\u03bf \u03b8\u03c1\u03cc\u03bd\u03bf \u03c4\u03b7\u03c2; \u0391\u03bd \u03bd\u03b1\u03b9, \u03be\u03ad\u03c1\u03b5\u03c4\u03b5 \u03c4\u03b9 \u03c0\u03c1\u03ad\u03c0\u03b5\u03b9 \u03bd\u03b1 \u03ba\u03ac\u03bd\u03b5\u03c4\u03b5 \u03b3\u03b9\u03b1 \u03bd\u03b1 \u03b5\u03bd\u03c4\u03b1\u03c7\u03b8\u03b5\u03af\u03c4\u03b5 \u03c3\u03c4\u03bf \u03c0\u03bb\u03ae\u03c1\u03c9\u03bc\u03b1 \u03c4\u03b7\u03c2 \u039c\u03b5\u03b3\u03ac\u03bb\u03b7\u03c2 \u039c\u03b1\u03bc\u03ac\u03c2.<\/h3>\n<p><strong>\u039d\u03b5\u03b1\u03c1\u03cc\u03c2 \u03c0\u03b5\u03b9\u03c1\u03b1\u03c4\u03ae\u03c2<\/strong>, \u0391\u03c0\u03bf\u03ba\u03c4\u03ae\u03c3\u03c4\u03b5 \u03c4\u03ce\u03c1\u03b1 \u03b1\u03c5\u03c4\u03ac \u03c4\u03b1 \u03b8\u03c1\u03c5\u03bb\u03b9\u03ba\u03ac \u03b1\u03bd\u03c4\u03b9\u03ba\u03b5\u03af\u03bc\u03b5\u03bd\u03b1. \u0399\u03b4\u03b1\u03bd\u03b9\u03ba\u03ac \u03b3\u03b9\u03b1 \u03b4\u03ce\u03c1\u03b1, \u03b4\u03b9\u03b1\u03ba\u03cc\u03c3\u03bc\u03b7\u03c3\u03b7 \u03ae \u03c3\u03c5\u03bb\u03bb\u03bf\u03b3\u03ae, \u03b1\u03c5\u03c4\u03ac \u03c4\u03b1 \u03b1\u03bd\u03c4\u03b9\u03ba\u03b5\u03af\u03bc\u03b5\u03bd\u03b1 \u03b8\u03b1 \u03b5\u03bc\u03c0\u03bb\u03bf\u03c5\u03c4\u03af\u03c3\u03bf\u03c5\u03bd \u03c4\u03b7 \u03c3\u03c5\u03bb\u03bb\u03bf\u03b3\u03ae \u03c3\u03b1\u03c2. <strong>\u03c4\u03bf \u03c3\u03cd\u03bc\u03c0\u03b1\u03bd One Piece \u03c3\u03bf\u03c5<\/strong>. \u03a4\u03b9 \u03c0\u03b5\u03c1\u03b9\u03bc\u03ad\u03bd\u03b5\u03c4\u03b5, \u03bb\u03bf\u03b9\u03c0\u03cc\u03bd; \u0391\u03b4\u03c1\u03ac\u03be\u03c4\u03b5 \u03b1\u03c5\u03c4\u03ae \u03c4\u03b7\u03bd \u03b5\u03c5\u03ba\u03b1\u03b9\u03c1\u03af\u03b1 \u03b3\u03b9\u03b1 \u03bd\u03b1 \u03b6\u03ae\u03c3\u03b5\u03c4\u03b5 \u03c4\u03b7 \u03bc\u03af\u03b1 \u03c3\u03c5\u03bd\u03b1\u03c1\u03c0\u03b1\u03c3\u03c4\u03b9\u03ba\u03ae \u03c0\u03b5\u03c1\u03b9\u03c0\u03ad\u03c4\u03b5\u03b9\u03b1 \u03bc\u03b5\u03c4\u03ac \u03c4\u03b7\u03bd \u03ac\u03bb\u03bb\u03b7.<\/p>\n<h2>\u03a0\u03bb\u03b7\u03c1\u03bf\u03c6\u03bf\u03c1\u03af\u03b5\u03c2 \u03b3\u03b9\u03b1 \u03c4\u03bf \u03b5\u03b9\u03b4\u03ce\u03bb\u03b9\u03bf \u03c4\u03b7\u03c2 \u039c\u03b5\u03b3\u03ac\u03bb\u03b7\u03c2 \u039c\u03b1\u03bc\u03ac\u03c2 \u03c3\u03c4\u03bf\u03bd \u03b8\u03c1\u03cc\u03bd\u03bf \u03c4\u03b7\u03c2&nbsp;<\/h2>\n<ul>\n<li><span><b><u>\u039f\u03bb\u03cc\u03c3\u03c9\u03bc\u03bf \u03b5\u03b9\u03b4\u03ce\u03bb\u03b9\u03bf<\/u><\/b>&nbsp;\u03a6\u03b9\u03b3\u03bf\u03cd\u03c1\u03b1 One Piece Premium \u03b3\u03b9\u03b1 \u03b1\u03bb\u03b7\u03b8\u03b9\u03bd\u03bf\u03cd\u03c2 \u03c0\u03b5\u03b9\u03c1\u03b1\u03c4\u03ad\u03c2<\/span><\/li>\n<\/ul>\n<ul>\n<li>\n<b>\u03a5\u03bb\u03b7<\/b><span>&nbsp;<\/span>PVC<\/li>\n<\/ul>\n<ul>\n<li><span><strong>\u0394\u03b9\u03ac\u03c3\u03c4\u03b1\u03c3\u03b7<\/strong>&nbsp;: 23 \u03b5\u03ba.<\/span><\/li>\n<\/ul>\n<ul>\n<li><span><strong>\u0394\u03a9\u03a1\u0395\u0391\u039d \u03a0\u0391\u03a1\u0391\u0394\u039f\u03a3\u0397<\/strong><\/span><\/li>\n<\/ul>","protected":false},"excerpt":{"rendered":"<p>Jeune pirate, le moment est venu pour toi de te procurer cette Figurine One Piece Big Mom sur son Tr\u00f4ne. Tu n&rsquo;es pas sans savoir que L&rsquo;\u00c9quipage de Big Mom est un \u00e9quipage pirate inf\u00e2me et puissant dirig\u00e9 par l&rsquo;Empereur Charlotte Linlin, mieux connue sous le nom de \u00ab\u00a0Big Mom\u00a0\u00bb. L&rsquo;\u00e9quipage dirige la puissante nation [&hellip;]<\/p>","protected":false},"featured_media":11230,"comment_status":"open","ping_status":"open","template":"","meta":[],"product_brand":[],"product_cat":[76],"product_tag":[351],"class_list":{"0":"post-11228","1":"product","2":"type-product","3":"status-publish","4":"has-post-thumbnail","6":"product_cat-figurines-one-piece","7":"product_tag-big-mom","9":"first","10":"instock","11":"purchasable","12":"product-type-simple"},"yoast_head":"<!-- This site is optimized with the Yoast SEO plugin v27.5 - https:\/\/yoast.com\/product\/yoast-seo-wordpress\/ -->\n<title>Figurine One Piece Big Mom sur son Tr\u00f4ne | Figurine One Piece \u2013 Boutique One Piece<\/title>\n<meta name=\"description\" content=\"Jeune pirate, le moment est venu pour toi de te procurer cette Figurine One Piece Big Mom sur son Tr\u00f4ne. Tu n&#039;es pas sans savoir que L&#039;\u00c9quipage de Big Mom est un \u00e9quipage pirate inf\u00e2me et puissant dirig\u00e9 par l&#039;Empereur Charlotte Linlin, mieux connue sous le nom de &quot;Big Mom&quot;. L&#039;\u00e9quipage dirige la puissante nation de Tot\" \/>\n<meta name=\"robots\" content=\"index, follow, max-snippet:-1, max-image-preview:large, max-video-preview:-1\" \/>\n<link rel=\"canonical\" href=\"https:\/\/boutique-one-piece.com\/el\/\u03c6\u03b9\u03b3\u03bf\u03cd\u03c1\u03b5\u03c2-one-piece\/\u03bc\u03bf\u03bd\u03bf\u03ba\u03cc\u03bc\u03bc\u03b1\u03c4\u03bf-\u03b5\u03b9\u03b4\u03ce\u03bb\u03b9\u03bf-\u03bc\u03b5\u03b3\u03ac\u03bb\u03b7\u03c2-\u03bc\u03b1\u03bc\u03ac\u03c2-\u03c3\u03c4\/\" \/>\n<meta property=\"og:locale\" content=\"el_GR\" \/>\n<meta property=\"og:type\" content=\"article\" \/>\n<meta property=\"og:title\" content=\"Figurine One Piece Big Mom sur son Tr\u00f4ne | Figurine One Piece \u2013 Boutique One Piece\" \/>\n<meta property=\"og:description\" content=\"Jeune pirate, le moment est venu pour toi de te procurer cette Figurine One Piece Big Mom sur son Tr\u00f4ne. Tu n&#039;es pas sans savoir que L&#039;\u00c9quipage de Big Mom est un \u00e9quipage pirate inf\u00e2me et puissant dirig\u00e9 par l&#039;Empereur Charlotte Linlin, mieux connue sous le nom de &quot;Big Mom&quot;. L&#039;\u00e9quipage dirige la puissante nation de Tot\" \/>\n<meta property=\"og:url\" content=\"https:\/\/boutique-one-piece.com\/el\/\u03c6\u03b9\u03b3\u03bf\u03cd\u03c1\u03b5\u03c2-one-piece\/\u03bc\u03bf\u03bd\u03bf\u03ba\u03cc\u03bc\u03bc\u03b1\u03c4\u03bf-\u03b5\u03b9\u03b4\u03ce\u03bb\u03b9\u03bf-\u03bc\u03b5\u03b3\u03ac\u03bb\u03b7\u03c2-\u03bc\u03b1\u03bc\u03ac\u03c2-\u03c3\u03c4\/\" \/>\n<meta property=\"og:site_name\" content=\"Boutique One Piece\" \/>\n<meta property=\"article:modified_time\" content=\"2024-09-16T12:25:21+00:00\" \/>\n<meta property=\"og:image\" content=\"https:\/\/boutique-one-piece.com\/wp-content\/uploads\/2022\/09\/Figurine-One-Piece-Big-Mom-sur-son-Trone-1.jpg\" \/>\n\t<meta property=\"og:image:width\" content=\"960\" \/>\n\t<meta property=\"og:image:height\" content=\"960\" \/>\n\t<meta property=\"og:image:type\" content=\"image\/jpeg\" \/>\n<meta name=\"twitter:card\" content=\"summary_large_image\" \/>\n<meta name=\"twitter:label1\" content=\"\u0395\u03ba\u03c4\u03b9\u03bc\u03ce\u03bc\u03b5\u03bd\u03bf\u03c2 \u03c7\u03c1\u03cc\u03bd\u03bf\u03c2 \u03b1\u03bd\u03ac\u03b3\u03bd\u03c9\u03c3\u03b7\u03c2\" \/>\n\t<meta name=\"twitter:data1\" content=\"2 \u03bb\u03b5\u03c0\u03c4\u03ac\" \/>\n<script type=\"application\/ld+json\" class=\"yoast-schema-graph\">{\"@context\":\"https:\\\/\\\/schema.org\",\"@graph\":[{\"@type\":\"WebPage\",\"@id\":\"https:\\\/\\\/boutique-one-piece.com\\\/figurines-one-piece\\\/figurine-one-piece-big-mom-sur-son-trone-26-cm\\\/\",\"url\":\"https:\\\/\\\/boutique-one-piece.com\\\/figurines-one-piece\\\/figurine-one-piece-big-mom-sur-son-trone-26-cm\\\/\",\"name\":\"Figurine One Piece Big Mom sur son Tr\u00f4ne | Figurine One Piece \u2013 Boutique One Piece\",\"isPartOf\":{\"@id\":\"https:\\\/\\\/boutique-one-piece.com\\\/#website\"},\"primaryImageOfPage\":{\"@id\":\"https:\\\/\\\/boutique-one-piece.com\\\/figurines-one-piece\\\/figurine-one-piece-big-mom-sur-son-trone-26-cm\\\/#primaryimage\"},\"image\":{\"@id\":\"https:\\\/\\\/boutique-one-piece.com\\\/figurines-one-piece\\\/figurine-one-piece-big-mom-sur-son-trone-26-cm\\\/#primaryimage\"},\"thumbnailUrl\":\"https:\\\/\\\/boutique-one-piece.com\\\/wp-content\\\/uploads\\\/2022\\\/09\\\/Figurine-One-Piece-Big-Mom-sur-son-Trone-1.jpg\",\"datePublished\":\"2022-09-27T20:39:31+00:00\",\"dateModified\":\"2024-09-16T12:25:21+00:00\",\"description\":\"Jeune pirate, le moment est venu pour toi de te procurer cette Figurine One Piece Big Mom sur son Tr\u00f4ne. Tu n'es pas sans savoir que L'\u00c9quipage de Big Mom est un \u00e9quipage pirate inf\u00e2me et puissant dirig\u00e9 par l'Empereur Charlotte Linlin, mieux connue sous le nom de \\\"Big Mom\\\". L'\u00e9quipage dirige la puissante nation de Tot\",\"breadcrumb\":{\"@id\":\"https:\\\/\\\/boutique-one-piece.com\\\/figurines-one-piece\\\/figurine-one-piece-big-mom-sur-son-trone-26-cm\\\/#breadcrumb\"},\"inLanguage\":\"el\",\"potentialAction\":[{\"@type\":\"ReadAction\",\"target\":[\"https:\\\/\\\/boutique-one-piece.com\\\/figurines-one-piece\\\/figurine-one-piece-big-mom-sur-son-trone-26-cm\\\/\"]}]},{\"@type\":\"ImageObject\",\"inLanguage\":\"el\",\"@id\":\"https:\\\/\\\/boutique-one-piece.com\\\/figurines-one-piece\\\/figurine-one-piece-big-mom-sur-son-trone-26-cm\\\/#primaryimage\",\"url\":\"https:\\\/\\\/boutique-one-piece.com\\\/wp-content\\\/uploads\\\/2022\\\/09\\\/Figurine-One-Piece-Big-Mom-sur-son-Trone-1.jpg\",\"contentUrl\":\"https:\\\/\\\/boutique-one-piece.com\\\/wp-content\\\/uploads\\\/2022\\\/09\\\/Figurine-One-Piece-Big-Mom-sur-son-Trone-1.jpg\",\"width\":960,\"height\":960},{\"@type\":\"BreadcrumbList\",\"@id\":\"https:\\\/\\\/boutique-one-piece.com\\\/figurines-one-piece\\\/figurine-one-piece-big-mom-sur-son-trone-26-cm\\\/#breadcrumb\",\"itemListElement\":[{\"@type\":\"ListItem\",\"position\":1,\"name\":\"Home\",\"item\":\"https:\\\/\\\/boutique-one-piece.com\\\/\"},{\"@type\":\"ListItem\",\"position\":2,\"name\":\"Shop\",\"item\":\"https:\\\/\\\/boutique-one-piece.com\\\/shop\\\/\"},{\"@type\":\"ListItem\",\"position\":3,\"name\":\"Figurine One Piece Big Mom sur son Tr\u00f4ne\"}]},{\"@type\":\"WebSite\",\"@id\":\"https:\\\/\\\/boutique-one-piece.com\\\/#website\",\"url\":\"https:\\\/\\\/boutique-one-piece.com\\\/\",\"name\":\"Boutique One Piece\",\"description\":\"Magasin Sp\u00e9cialis\u00e9 du Manga et l&#039;Anime One Piece\",\"publisher\":{\"@id\":\"https:\\\/\\\/boutique-one-piece.com\\\/#organization\"},\"potentialAction\":[{\"@type\":\"SearchAction\",\"target\":{\"@type\":\"EntryPoint\",\"urlTemplate\":\"https:\\\/\\\/boutique-one-piece.com\\\/?s={search_term_string}\"},\"query-input\":{\"@type\":\"PropertyValueSpecification\",\"valueRequired\":true,\"valueName\":\"search_term_string\"}}],\"inLanguage\":\"el\"},{\"@type\":\"Organization\",\"@id\":\"https:\\\/\\\/boutique-one-piece.com\\\/#organization\",\"name\":\"Boutique One Piece\",\"url\":\"https:\\\/\\\/boutique-one-piece.com\\\/\",\"logo\":{\"@type\":\"ImageObject\",\"inLanguage\":\"el\",\"@id\":\"https:\\\/\\\/boutique-one-piece.com\\\/#\\\/schema\\\/logo\\\/image\\\/\",\"url\":\"https:\\\/\\\/boutique-one-piece.com\\\/wp-content\\\/uploads\\\/2022\\\/09\\\/Logo-01.png\",\"contentUrl\":\"https:\\\/\\\/boutique-one-piece.com\\\/wp-content\\\/uploads\\\/2022\\\/09\\\/Logo-01.png\",\"width\":2318,\"height\":957,\"caption\":\"Boutique One Piece\"},\"image\":{\"@id\":\"https:\\\/\\\/boutique-one-piece.com\\\/#\\\/schema\\\/logo\\\/image\\\/\"}}]}<\/script>\n<!-- \/ Yoast SEO plugin. -->","yoast_head_json":{"title":"\u03a6\u03b9\u03b3\u03bf\u03cd\u03c1\u03b1 One Piece Big Mom on Her Throne | \u03a6\u03b9\u03b3\u03bf\u03cd\u03c1\u03b1 One Piece \u2013 One Piece Shop","description":"\u039d\u03b5\u03b1\u03c1\u03ad \u03c0\u03b5\u03b9\u03c1\u03b1\u03c4\u03ae, \u03ae\u03c1\u03b8\u03b5 \u03b7 \u03ce\u03c1\u03b1 \u03bd\u03b1 \u03b1\u03c0\u03bf\u03ba\u03c4\u03ae\u03c3\u03b5\u03b9\u03c2 \u03b1\u03c5\u03c4\u03ae \u03c4\u03b7 \u03c6\u03b9\u03b3\u03bf\u03cd\u03c1\u03b1 One Piece Big Mom on Her Throne. \u03a3\u03af\u03b3\u03bf\u03c5\u03c1\u03b1 \u03b3\u03bd\u03c9\u03c1\u03af\u03b6\u03b5\u03b9\u03c2 \u03cc\u03c4\u03b9 \u03bf\u03b9 \u03a0\u03b5\u03b9\u03c1\u03b1\u03c4\u03ad\u03c2 Big Mom \u03b5\u03af\u03bd\u03b1\u03b9 \u03bc\u03b9\u03b1 \u03b4\u03b9\u03b1\u03b2\u03cc\u03b7\u03c4\u03b7 \u03ba\u03b1\u03b9 \u03b9\u03c3\u03c7\u03c5\u03c1\u03ae \u03c0\u03b5\u03b9\u03c1\u03b1\u03c4\u03b9\u03ba\u03ae \u03bf\u03bc\u03ac\u03b4\u03b1 \u03bc\u03b5 \u03b5\u03c0\u03b9\u03ba\u03b5\u03c6\u03b1\u03bb\u03ae\u03c2 \u03c4\u03b7\u03bd \u0391\u03c5\u03c4\u03bf\u03ba\u03c1\u03ac\u03c4\u03bf\u03c1\u03b1 \u03a3\u03b1\u03c1\u03bb\u03cc\u03c4 \u039b\u03af\u03bd\u03bb\u03b9\u03bd, \u03c0\u03b9\u03bf \u03b3\u03bd\u03c9\u03c3\u03c4\u03ae \u03c9\u03c2 &quot;Big Mom&quot;. \u0397 \u03bf\u03bc\u03ac\u03b4\u03b1 \u03ba\u03c5\u03b2\u03b5\u03c1\u03bd\u03ac \u03c4\u03bf \u03b9\u03c3\u03c7\u03c5\u03c1\u03cc \u03ad\u03b8\u03bd\u03bf\u03c2 \u03c4\u03bf\u03c5 \u03a4\u03bf\u03c4.","robots":{"index":"index","follow":"follow","max-snippet":"max-snippet:-1","max-image-preview":"max-image-preview:large","max-video-preview":"max-video-preview:-1"},"canonical":"https:\/\/boutique-one-piece.com\/el\/\u03c6\u03b9\u03b3\u03bf\u03cd\u03c1\u03b5\u03c2-one-piece\/\u03bc\u03bf\u03bd\u03bf\u03ba\u03cc\u03bc\u03bc\u03b1\u03c4\u03bf-\u03b5\u03b9\u03b4\u03ce\u03bb\u03b9\u03bf-\u03bc\u03b5\u03b3\u03ac\u03bb\u03b7\u03c2-\u03bc\u03b1\u03bc\u03ac\u03c2-\u03c3\u03c4\/","og_locale":"el_GR","og_type":"article","og_title":"Figurine One Piece Big Mom sur son Tr\u00f4ne | Figurine One Piece \u2013 Boutique One Piece","og_description":"Jeune pirate, le moment est venu pour toi de te procurer cette Figurine One Piece Big Mom sur son Tr\u00f4ne. Tu n'es pas sans savoir que L'\u00c9quipage de Big Mom est un \u00e9quipage pirate inf\u00e2me et puissant dirig\u00e9 par l'Empereur Charlotte Linlin, mieux connue sous le nom de \"Big Mom\". L'\u00e9quipage dirige la puissante nation de Tot","og_url":"https:\/\/boutique-one-piece.com\/el\/\u03c6\u03b9\u03b3\u03bf\u03cd\u03c1\u03b5\u03c2-one-piece\/\u03bc\u03bf\u03bd\u03bf\u03ba\u03cc\u03bc\u03bc\u03b1\u03c4\u03bf-\u03b5\u03b9\u03b4\u03ce\u03bb\u03b9\u03bf-\u03bc\u03b5\u03b3\u03ac\u03bb\u03b7\u03c2-\u03bc\u03b1\u03bc\u03ac\u03c2-\u03c3\u03c4\/","og_site_name":"Boutique One Piece","article_modified_time":"2024-09-16T12:25:21+00:00","og_image":[{"width":960,"height":960,"url":"https:\/\/boutique-one-piece.com\/wp-content\/uploads\/2022\/09\/Figurine-One-Piece-Big-Mom-sur-son-Trone-1.jpg","type":"image\/jpeg"}],"twitter_card":"summary_large_image","twitter_misc":{"\u0395\u03ba\u03c4\u03b9\u03bc\u03ce\u03bc\u03b5\u03bd\u03bf\u03c2 \u03c7\u03c1\u03cc\u03bd\u03bf\u03c2 \u03b1\u03bd\u03ac\u03b3\u03bd\u03c9\u03c3\u03b7\u03c2":"2 \u03bb\u03b5\u03c0\u03c4\u03ac"},"schema":{"@context":"https:\/\/schema.org","@graph":[{"@type":"WebPage","@id":"https:\/\/boutique-one-piece.com\/figurines-one-piece\/figurine-one-piece-big-mom-sur-son-trone-26-cm\/","url":"https:\/\/boutique-one-piece.com\/figurines-one-piece\/figurine-one-piece-big-mom-sur-son-trone-26-cm\/","name":"\u03a6\u03b9\u03b3\u03bf\u03cd\u03c1\u03b1 One Piece Big Mom on Her Throne | \u03a6\u03b9\u03b3\u03bf\u03cd\u03c1\u03b1 One Piece \u2013 One Piece Shop","isPartOf":{"@id":"https:\/\/boutique-one-piece.com\/#website"},"primaryImageOfPage":{"@id":"https:\/\/boutique-one-piece.com\/figurines-one-piece\/figurine-one-piece-big-mom-sur-son-trone-26-cm\/#primaryimage"},"image":{"@id":"https:\/\/boutique-one-piece.com\/figurines-one-piece\/figurine-one-piece-big-mom-sur-son-trone-26-cm\/#primaryimage"},"thumbnailUrl":"https:\/\/boutique-one-piece.com\/wp-content\/uploads\/2022\/09\/Figurine-One-Piece-Big-Mom-sur-son-Trone-1.jpg","datePublished":"2022-09-27T20:39:31+00:00","dateModified":"2024-09-16T12:25:21+00:00","description":"\u039d\u03b5\u03b1\u03c1\u03ad \u03c0\u03b5\u03b9\u03c1\u03b1\u03c4\u03ae, \u03ae\u03c1\u03b8\u03b5 \u03b7 \u03ce\u03c1\u03b1 \u03bd\u03b1 \u03b1\u03c0\u03bf\u03ba\u03c4\u03ae\u03c3\u03b5\u03b9\u03c2 \u03b1\u03c5\u03c4\u03ae \u03c4\u03b7 \u03c6\u03b9\u03b3\u03bf\u03cd\u03c1\u03b1 One Piece Big Mom on Her Throne. \u03a3\u03af\u03b3\u03bf\u03c5\u03c1\u03b1 \u03b3\u03bd\u03c9\u03c1\u03af\u03b6\u03b5\u03b9\u03c2 \u03cc\u03c4\u03b9 \u03bf\u03b9 \u03a0\u03b5\u03b9\u03c1\u03b1\u03c4\u03ad\u03c2 Big Mom \u03b5\u03af\u03bd\u03b1\u03b9 \u03bc\u03b9\u03b1 \u03b4\u03b9\u03b1\u03b2\u03cc\u03b7\u03c4\u03b7 \u03ba\u03b1\u03b9 \u03b9\u03c3\u03c7\u03c5\u03c1\u03ae \u03c0\u03b5\u03b9\u03c1\u03b1\u03c4\u03b9\u03ba\u03ae \u03bf\u03bc\u03ac\u03b4\u03b1 \u03bc\u03b5 \u03b5\u03c0\u03b9\u03ba\u03b5\u03c6\u03b1\u03bb\u03ae\u03c2 \u03c4\u03b7\u03bd \u0391\u03c5\u03c4\u03bf\u03ba\u03c1\u03ac\u03c4\u03bf\u03c1\u03b1 \u03a3\u03b1\u03c1\u03bb\u03cc\u03c4 \u039b\u03af\u03bd\u03bb\u03b9\u03bd, \u03c0\u03b9\u03bf \u03b3\u03bd\u03c9\u03c3\u03c4\u03ae \u03c9\u03c2 &quot;Big Mom&quot;. \u0397 \u03bf\u03bc\u03ac\u03b4\u03b1 \u03ba\u03c5\u03b2\u03b5\u03c1\u03bd\u03ac \u03c4\u03bf \u03b9\u03c3\u03c7\u03c5\u03c1\u03cc \u03ad\u03b8\u03bd\u03bf\u03c2 \u03c4\u03bf\u03c5 \u03a4\u03bf\u03c4.","breadcrumb":{"@id":"https:\/\/boutique-one-piece.com\/figurines-one-piece\/figurine-one-piece-big-mom-sur-son-trone-26-cm\/#breadcrumb"},"inLanguage":"el","potentialAction":[{"@type":"ReadAction","target":["https:\/\/boutique-one-piece.com\/figurines-one-piece\/figurine-one-piece-big-mom-sur-son-trone-26-cm\/"]}]},{"@type":"ImageObject","inLanguage":"el","@id":"https:\/\/boutique-one-piece.com\/figurines-one-piece\/figurine-one-piece-big-mom-sur-son-trone-26-cm\/#primaryimage","url":"https:\/\/boutique-one-piece.com\/wp-content\/uploads\/2022\/09\/Figurine-One-Piece-Big-Mom-sur-son-Trone-1.jpg","contentUrl":"https:\/\/boutique-one-piece.com\/wp-content\/uploads\/2022\/09\/Figurine-One-Piece-Big-Mom-sur-son-Trone-1.jpg","width":960,"height":960},{"@type":"BreadcrumbList","@id":"https:\/\/boutique-one-piece.com\/figurines-one-piece\/figurine-one-piece-big-mom-sur-son-trone-26-cm\/#breadcrumb","itemListElement":[{"@type":"ListItem","position":1,"name":"Home","item":"https:\/\/boutique-one-piece.com\/"},{"@type":"ListItem","position":2,"name":"Shop","item":"https:\/\/boutique-one-piece.com\/shop\/"},{"@type":"ListItem","position":3,"name":"Figurine One Piece Big Mom sur son Tr\u00f4ne"}]},{"@type":"WebSite","@id":"https:\/\/boutique-one-piece.com\/#website","url":"https:\/\/boutique-one-piece.com\/","name":"\u039a\u03b1\u03c4\u03ac\u03c3\u03c4\u03b7\u03bc\u03b1 One Piece","description":"\u0395\u03be\u03b5\u03b9\u03b4\u03b9\u03ba\u03b5\u03c5\u03bc\u03ad\u03bd\u03bf \u03ba\u03b1\u03c4\u03ac\u03c3\u03c4\u03b7\u03bc\u03b1 \u03b3\u03b9\u03b1 One Piece Manga \u03ba\u03b1\u03b9 Anime","publisher":{"@id":"https:\/\/boutique-one-piece.com\/#organization"},"potentialAction":[{"@type":"SearchAction","target":{"@type":"EntryPoint","urlTemplate":"https:\/\/boutique-one-piece.com\/?s={search_term_string}"},"query-input":{"@type":"PropertyValueSpecification","valueRequired":true,"valueName":"search_term_string"}}],"inLanguage":"el"},{"@type":"Organization","@id":"https:\/\/boutique-one-piece.com\/#organization","name":"\u039a\u03b1\u03c4\u03ac\u03c3\u03c4\u03b7\u03bc\u03b1 One Piece","url":"https:\/\/boutique-one-piece.com\/","logo":{"@type":"ImageObject","inLanguage":"el","@id":"https:\/\/boutique-one-piece.com\/#\/schema\/logo\/image\/","url":"https:\/\/boutique-one-piece.com\/wp-content\/uploads\/2022\/09\/Logo-01.png","contentUrl":"https:\/\/boutique-one-piece.com\/wp-content\/uploads\/2022\/09\/Logo-01.png","width":2318,"height":957,"caption":"Boutique One Piece"},"image":{"@id":"https:\/\/boutique-one-piece.com\/#\/schema\/logo\/image\/"}}]}},"_links":{"self":[{"href":"https:\/\/boutique-one-piece.com\/el\/wp-json\/wp\/v2\/product\/11228","targetHints":{"allow":["GET"]}}],"collection":[{"href":"https:\/\/boutique-one-piece.com\/el\/wp-json\/wp\/v2\/product"}],"about":[{"href":"https:\/\/boutique-one-piece.com\/el\/wp-json\/wp\/v2\/types\/product"}],"replies":[{"embeddable":true,"href":"https:\/\/boutique-one-piece.com\/el\/wp-json\/wp\/v2\/comments?post=11228"}],"wp:featuredmedia":[{"embeddable":true,"href":"https:\/\/boutique-one-piece.com\/el\/wp-json\/wp\/v2\/media\/11230"}],"wp:attachment":[{"href":"https:\/\/boutique-one-piece.com\/el\/wp-json\/wp\/v2\/media?parent=11228"}],"wp:term":[{"taxonomy":"product_brand","embeddable":true,"href":"https:\/\/boutique-one-piece.com\/el\/wp-json\/wp\/v2\/product_brand?post=11228"},{"taxonomy":"product_cat","embeddable":true,"href":"https:\/\/boutique-one-piece.com\/el\/wp-json\/wp\/v2\/product_cat?post=11228"},{"taxonomy":"product_tag","embeddable":true,"href":"https:\/\/boutique-one-piece.com\/el\/wp-json\/wp\/v2\/product_tag?post=11228"}],"curies":[{"name":"\u03b5\u03c1\u03b3\u03b1\u03c3\u03af\u03b1","href":"https:\/\/api.w.org\/{rel}","templated":true}]}}