{"id":11408,"date":"2022-09-27T20:41:01","date_gmt":"2022-09-27T20:41:01","guid":{"rendered":"https:\/\/boutique-one-piece.com\/uncategorized\/figurine-chopper-le-roi-des-animaux\/"},"modified":"2024-09-16T12:29:36","modified_gmt":"2024-09-16T12:29:36","slug":"%cf%86%ce%b9%ce%b3%ce%bf%cf%8d%cf%81%ce%b1-chopper-%ce%bf-%ce%b2%ce%b1%cf%83%ce%b9%ce%bb%ce%b9%ce%ac%cf%82-%cf%84%cf%89%ce%bd-%ce%b6%cf%8e%cf%89%ce%bd","status":"publish","type":"product","link":"https:\/\/boutique-one-piece.com\/el\/%ce%ba%ce%b1%ce%bb%ce%bf%cf%8d%ce%b4%ce%b9%ce%b1-one-piece\/%ce%ba%ce%b1%ce%bb%ce%bf%cf%8d%ce%b4%ce%b9%ce%b1-tony-tony-chopper-%ce%ad%ce%bd%ce%b1-%ce%ba%ce%bf%ce%bc%ce%bc%ce%ac%cf%84%ce%b9\/%cf%86%ce%b9%ce%b3%ce%bf%cf%8d%cf%81%ce%b1-chopper-%ce%bf-%ce%b2%ce%b1%cf%83%ce%b9%ce%bb%ce%b9%ce%ac%cf%82-%cf%84%cf%89%ce%bd-%ce%b6%cf%8e%cf%89%ce%bd\/","title":{"rendered":"\u03a6\u03b9\u03b3\u03bf\u03cd\u03c1\u03b1 Chopper, \u03bf \u0392\u03b1\u03c3\u03b9\u03bb\u03b9\u03ac\u03c2 \u03c4\u03c9\u03bd \u0396\u03ce\u03c9\u03bd"},"content":{"rendered":"<h2>\u039d\u03b5\u03b1\u03c1\u03ad \u03c0\u03b5\u03b9\u03c1\u03b1\u03c4\u03ae, \u03ae\u03c1\u03b8\u03b5 \u03b7 \u03ce\u03c1\u03b1 \u03bd\u03b1 \u03b1\u03c0\u03bf\u03ba\u03c4\u03ae\u03c3\u03b5\u03b9\u03c2 \u03b1\u03c5\u03c4\u03cc \u03c4\u03bf \u03c6\u03b9\u03b3\u03bf\u03cd\u03c1\u03b1 \u03c4\u03bf\u03c5 \u03a4\u03c3\u03cc\u03c0\u03b5\u03c1, \u03c4\u03bf\u03c5 \u0392\u03b1\u03c3\u03b9\u03bb\u03b9\u03ac \u03c4\u03c9\u03bd \u0396\u03ce\u03c9\u03bd.<\/h2>\n<p>\u03a5\u03c0\u03b5\u03bd\u03b8\u03c5\u03bc\u03af\u03b6\u03bf\u03c5\u03bc\u03b5 \u03cc\u03c4\u03b9 \u03bf \u03a4\u03cc\u03bd\u03b9 \u03a4\u03cc\u03bd\u03b9 \u03a4\u03c3\u03cc\u03c0\u03b5\u03c1 \u03b5\u03af\u03bd\u03b1\u03b9 \u03bf \u03b3\u03b9\u03b1\u03c4\u03c1\u03cc\u03c2 \u03c4\u03b7\u03c2 \u03bf\u03bc\u03ac\u03b4\u03b1\u03c2 Straw Hat. <strong>Chopper<\/strong> \u0395\u03af\u03bd\u03b1\u03b9 \u03ad\u03bd\u03b1\u03c2 \u03c4\u03ac\u03c1\u03b1\u03bd\u03b4\u03bf\u03c2 \u03c0\u03bf\u03c5 \u03ad\u03c6\u03b1\u03b3\u03b5 \u03c4\u03bf Hito Hito no Mi, \u03b5\u03c0\u03b9\u03c4\u03c1\u03ad\u03c0\u03bf\u03bd\u03c4\u03ac\u03c2 \u03c4\u03bf\u03c5 \u03bd\u03b1 \u03bc\u03b5\u03c4\u03b1\u03bc\u03bf\u03c1\u03c6\u03c9\u03b8\u03b5\u03af \u03c3\u03b5 \u03ac\u03bd\u03b8\u03c1\u03c9\u03c0\u03bf. \u039a\u03b1\u03c4\u03ac\u03b3\u03b5\u03c4\u03b1\u03b9 \u03b1\u03c0\u03cc \u03c4\u03bf Drum Island, \u03b3\u03b5\u03b3\u03bf\u03bd\u03cc\u03c2 \u03c0\u03bf\u03c5 \u03c4\u03bf\u03bd \u03ba\u03b1\u03b8\u03b9\u03c3\u03c4\u03ac \u03c4\u03bf \u03c0\u03c1\u03ce\u03c4\u03bf \u03bc\u03ad\u03bb\u03bf\u03c2 \u03c4\u03bf\u03c5 \u03c0\u03bb\u03b7\u03c1\u03ce\u03bc\u03b1\u03c4\u03bf\u03c2 Straw Hat \u03c0\u03bf\u03c5 \u03b3\u03b5\u03bd\u03bd\u03ae\u03b8\u03b7\u03ba\u03b5 \u03b5\u03ba\u03b5\u03af. <strong>\u039f \u0394\u03c1\u03cc\u03bc\u03bf\u03c2 \u038c\u03bb\u03c9\u03bd \u03c4\u03c9\u03bd \u039a\u03b9\u03bd\u03b4\u03cd\u03bd\u03c9\u03bd<\/strong>.<\/p>\n<p>\u0395\u03af\u03bd\u03b1\u03b9 \u03c4\u03bf \u03ad\u03ba\u03c4\u03bf \u03bc\u03ad\u03bb\u03bf\u03c2 \u03c4\u03bf\u03c5 \u03c0\u03bb\u03b7\u03c1\u03ce\u03bc\u03b1\u03c4\u03bf\u03c2 \u03ba\u03b1\u03b9 \u03c4\u03bf \u03c0\u03ad\u03bc\u03c0\u03c4\u03bf \u03c0\u03bf\u03c5 \u03b5\u03bd\u03c4\u03ac\u03c3\u03c3\u03b5\u03c4\u03b1\u03b9. \u0395\u03bd\u03ce \u03b7 \u03b1\u03bc\u03bf\u03b9\u03b2\u03ae \u03c4\u03bf\u03c5 \u03c0\u03c1\u03b9\u03bd \u03b1\u03c0\u03cc \u03c4\u03bf \u03c7\u03c1\u03bf\u03bd\u03b9\u03ba\u03cc \u03ac\u03bb\u03bc\u03b1 \u03ae\u03c4\u03b1\u03bd \u03bc\u03cc\u03bb\u03b9\u03c2 50 \u039c\u03bf\u03cd\u03c1\u03b1, \u03b1\u03c0\u03bb\u03ce\u03c2 \u03b4\u03b9\u03c0\u03bb\u03b1\u03c3\u03b9\u03ac\u03c3\u03c4\u03b7\u03ba\u03b5 \u03c3\u03b5 100 \u039c\u03bf\u03cd\u03c1\u03b1 \u03bc\u03b5\u03c4\u03ac \u03c4\u03b1 \u03b3\u03b5\u03b3\u03bf\u03bd\u03cc\u03c4\u03b1 \u03c4\u03bf\u03c5 Dressrosa, \u03ba\u03b1\u03b8\u03b9\u03c3\u03c4\u03ce\u03bd\u03c4\u03b1\u03c2 \u03c4\u03b7\u03bd \u03c4\u03b7 \u03c7\u03b1\u03bc\u03b7\u03bb\u03cc\u03c4\u03b5\u03c1\u03b7 \u03b1\u03bc\u03bf\u03b9\u03b2\u03ae \u03c4\u03b7\u03c2 \u03c3\u03b5\u03b9\u03c1\u03ac\u03c2.<\/p>\n<p>\u0391\u03c5\u03c4\u03ae \u03b7 \u03c7\u03b1\u03bc\u03b7\u03bb\u03ae \u03b1\u03bc\u03bf\u03b9\u03b2\u03ae \u03b5\u03be\u03b7\u03b3\u03b5\u03af\u03c4\u03b1\u03b9 \u03b1\u03c0\u03cc \u03c4\u03bf \u03b3\u03b5\u03b3\u03bf\u03bd\u03cc\u03c2 \u03cc\u03c4\u03b9 \u03c4\u03bf \u039d\u03b1\u03c5\u03c4\u03b9\u03ba\u03cc \u03c4\u03bf\u03bd \u03b8\u03b5\u03c9\u03c1\u03b5\u03af \u03c4\u03bf \u03b1\u03b3\u03b1\u03c0\u03b7\u03bc\u03ad\u03bd\u03bf \u03c4\u03bf\u03c5 \u03c0\u03bb\u03b7\u03c1\u03ce\u03bc\u03b1\u03c4\u03bf\u03c2. \u0386\u03bb\u03bb\u03c9\u03c3\u03c4\u03b5, \u03b1\u03bd \u03c3\u03b1\u03c2 \u03b1\u03c1\u03ad\u03c3\u03b5\u03b9 \u03b1\u03c5\u03c4\u03cc\u03c2 \u03bf \u03c7\u03b1\u03c1\u03b1\u03ba\u03c4\u03ae\u03c1\u03b1\u03c2, \u03bf <a title=\"\u039c\u039f\u039d\u039f\u039a\u039f\u039c\u039c\u0391\u03a4\u0399 \u03a7\u0391\u03a1\u039f\u03a5\u039c\u0395\u039d\u0397 \u03a6\u0399\u0393\u039f\u03a5\u03a1\u0391 \u039a\u039f\u03a0\u0395\u03a1\" href=\"https:\/\/boutique-one-piece.com\/el\/%ce%ad%ce%bd%ce%b1-%ce%ba%ce%bf%ce%bc%ce%bc%ce%ac%cf%84%ce%b9-%cf%87%ce%b1%cf%81%ce%b9%cf%84%cf%89%ce%bc%ce%ad%ce%bd%ce%bf-%ce%b5%ce%b9%ce%b4%cf%8e%ce%bb%ce%b9%ce%bf-%ce%b5%ce%bb%ce%b9%ce%ba%cf%8c\/\" target=\"_blank\" rel=\"noopener\">\u03a6\u03b9\u03b3\u03bf\u03cd\u03c1\u03b1 Chopper \u03c0\u03bf\u03bb\u03cd \u00ab\u03c7\u03b1\u03c1\u03b9\u03c4\u03c9\u03bc\u03ad\u03bd\u03b7\u00bb<\/a> \u03b5\u03af\u03bd\u03b1\u03b9 \u03b5\u03bd\u03c4\u03cc\u03c2 \u03c4\u03c9\u03bd \u03b4\u03c5\u03bd\u03b1\u03c4\u03bf\u03c4\u03ae\u03c4\u03c9\u03bd \u03c3\u03b1\u03c2.<\/p>\n<h3>\u03a3\u03b1\u03c2 \u03ad\u03c7\u03b5\u03b9 \u03ba\u03b5\u03c1\u03b4\u03af\u03c3\u03b5\u03b9, \u03bb\u03bf\u03b9\u03c0\u03cc\u03bd, \u03b7 \u03c6\u03b9\u03b3\u03bf\u03cd\u03c1\u03b1 \u03c4\u03bf\u03c5 \u03a4\u03c3\u03cc\u03c0\u03b5\u03c1; \u0391\u03bd \u03bd\u03b1\u03b9, \u03b3\u03af\u03bd\u03b5\u03c4\u03b5 \u03bc\u03ad\u03bb\u03bf\u03c2 \u03c4\u03bf\u03c5 \u03b3\u03b9\u03b1\u03c4\u03c1\u03bf\u03cd \u03c4\u03bf\u03c5 \u03c0\u03bb\u03b7\u03c1\u03ce\u03bc\u03b1\u03c4\u03bf\u03c2 \u03c4\u03bf\u03c5 Straw Hat. \u03a0\u03bf\u03bb\u03bb\u03ad\u03c2 \u03c0\u03b5\u03c1\u03b9\u03c0\u03ad\u03c4\u03b5\u03b9\u03b5\u03c2 \u03c3\u03b1\u03c2 \u03c0\u03b5\u03c1\u03b9\u03bc\u03ad\u03bd\u03bf\u03c5\u03bd \u03c3\u03c4\u03bf Thousand Sunny.<\/h3>\n<p><strong>\u039d\u03b5\u03b1\u03c1\u03cc\u03c2 \u03c0\u03b5\u03b9\u03c1\u03b1\u03c4\u03ae\u03c2<\/strong>, \u039c\u03b7\u03bd \u03c8\u03ac\u03c7\u03bd\u03b5\u03c4\u03b5 \u03ac\u03bb\u03bb\u03bf. \u0391\u03c5\u03c4\u03ac \u03c4\u03b1 \u03b8\u03c1\u03c5\u03bb\u03b9\u03ba\u03ac \u03b1\u03bd\u03c4\u03b9\u03ba\u03b5\u03af\u03bc\u03b5\u03bd\u03b1 \u03b5\u03af\u03bd\u03b1\u03b9 \u03c3\u03af\u03b3\u03bf\u03c5\u03c1\u03b1 \u03b3\u03b9\u03b1 \u03b5\u03c3\u03ac\u03c2. \u0399\u03b4\u03b1\u03bd\u03b9\u03ba\u03ac \u03b3\u03b9\u03b1 \u03c3\u03c5\u03bb\u03bb\u03bf\u03b3\u03ae, \u03b4\u03ce\u03c1\u03bf \u03ae \u03b4\u03b9\u03b1\u03ba\u03cc\u03c3\u03bc\u03b7\u03c3\u03b7, \u03b1\u03c5\u03c4\u03ac \u03c4\u03b1 \u03b1\u03bd\u03c4\u03b9\u03ba\u03b5\u03af\u03bc\u03b5\u03bd\u03b1 \u03b8\u03b1 \u03b5\u03c0\u03b5\u03ba\u03c4\u03b5\u03af\u03bd\u03bf\u03c5\u03bd \u03c4\u03bf \u03c3\u03cd\u03bc\u03c0\u03b1\u03bd \u03c4\u03bf\u03c5 One Piece. \u039c\u03b7\u03bd \u03c0\u03b5\u03c1\u03b9\u03bc\u03ad\u03bd\u03b5\u03c4\u03b5 \u03bb\u03bf\u03b9\u03c0\u03cc\u03bd \u03ac\u03bb\u03bb\u03bf \u03ba\u03b1\u03b9 \u03b1\u03b4\u03c1\u03ac\u03be\u03c4\u03b5 \u03c4\u03b7\u03bd \u03b5\u03c5\u03ba\u03b1\u03b9\u03c1\u03af\u03b1 \u03bd\u03b1 \u03b2\u03c1\u03b5\u03af\u03c4\u03b5 \u03c4\u03bf <strong>\u0388\u03bd\u03b1 \u039a\u03bf\u03bc\u03bc\u03ac\u03c4\u03b9 \u0398\u03b7\u03c3\u03b1\u03c5\u03c1\u03bf\u03cd<\/strong> \u03b4\u03af\u03c0\u03bb\u03b1 \u03c3\u03c4\u03bf\u03bd \u039b\u03ac\u03c6\u03b9 \u03ba\u03b1\u03b9 \u03c4\u03bf \u03c0\u03bb\u03ae\u03c1\u03c9\u03bc\u03ac \u03c4\u03bf\u03c5.<\/p>\n<h2>\u03a0\u03bb\u03b7\u03c1\u03bf\u03c6\u03bf\u03c1\u03af\u03b5\u03c2 \u03b3\u03b9\u03b1 \u03c4\u03bf \u03b5\u03b9\u03b4\u03ce\u03bb\u03b9\u03bf Chopper, \u03c4\u03bf\u03c5 \u0392\u03b1\u03c3\u03b9\u03bb\u03b9\u03ac \u03c4\u03c9\u03bd \u0396\u03ce\u03c9\u03bd\u00a0<\/h2>\n<ul>\n<li><span><b><u>\u039f\u03bb\u03cc\u03c3\u03c9\u03bc\u03bf \u03b5\u03b9\u03b4\u03ce\u03bb\u03b9\u03bf<\/u><\/b>\u00a0\u03a6\u03b9\u03b3\u03bf\u03cd\u03c1\u03b1 One Piece Premium \u03b3\u03b9\u03b1 \u03b1\u03bb\u03b7\u03b8\u03b9\u03bd\u03bf\u03cd\u03c2 \u03c0\u03b5\u03b9\u03c1\u03b1\u03c4\u03ad\u03c2<\/span><\/li>\n<\/ul>\n<ul>\n<li>\n<b>\u03a5\u03bb\u03b7<\/b><span>\u00a0<\/span>PVC<\/li>\n<\/ul>\n<ul>\n<li><span><strong>\u0394\u03b9\u03ac\u03c3\u03c4\u03b1\u03c3\u03b7<\/strong>\u00a0: 10 \u03b5\u03ba.<\/span><\/li>\n<\/ul>\n<ul>\n<li><span><strong>\u0394\u03a9\u03a1\u0395\u0391\u039d \u03a0\u0391\u03a1\u0391\u0394\u039f\u03a3\u0397<\/strong><\/span><\/li>\n<\/ul>","protected":false},"excerpt":{"rendered":"<p>Jeune pirate, le moment est venu pour toi de te procurer cette Figurine Chopper Le Roi Des Animaux. Pour rappel, Tony Tony Chopper est le docteur de l&rsquo;\u00c9quipage du Chapeau de Paille. Chopper est un renne qui a mang\u00e9 le Hito Hito no Mi, lui permettant de se transformer en humain. Il est originaire de [&hellip;]<\/p>","protected":false},"featured_media":11410,"comment_status":"open","ping_status":"open","template":"","meta":[],"product_brand":[],"product_cat":[76,333,163],"product_tag":[165],"class_list":{"0":"post-11408","1":"product","2":"type-product","3":"status-publish","4":"has-post-thumbnail","6":"product_cat-figurines-one-piece","7":"product_cat-figurines-tony-chopper","8":"product_cat-goodies-tony-tony-chopper-one-piece","9":"product_tag-chopper","11":"first","12":"instock","13":"purchasable","14":"product-type-simple"},"yoast_head":"<!-- This site is optimized with the Yoast SEO plugin v27.5 - https:\/\/yoast.com\/product\/yoast-seo-wordpress\/ -->\n<title>Figurine Chopper Le Roi Des Animaux | Figurine One Piece \u2013 Boutique One Piece<\/title>\n<meta name=\"description\" content=\"Jeune pirate, le moment est venu pour toi de te procurer cette Figurine Chopper Le Roi Des Animaux. Pour rappel, Tony Tony Chopper est le docteur de l&#039;\u00c9quipage du Chapeau de Paille. Chopper est un renne qui a mang\u00e9 le Hito Hito no Mi, lui permettant de se transformer en humain. Il est originaire de l&#039;\u00cele de Drum, ce qu\" \/>\n<meta name=\"robots\" content=\"index, follow, max-snippet:-1, max-image-preview:large, max-video-preview:-1\" \/>\n<link rel=\"canonical\" href=\"https:\/\/boutique-one-piece.com\/el\/\u03c6\u03b9\u03b3\u03bf\u03cd\u03c1\u03b5\u03c2-one-piece\/\u03c6\u03b9\u03b3\u03bf\u03cd\u03c1\u03b5\u03c2-\u03c4\u03bf\u03c5-\u03c4\u03cc\u03bd\u03b9-\u03c4\u03c3\u03cc\u03c0\u03b5\u03c1\/\u03c6\u03b9\u03b3\u03bf\u03cd\u03c1\u03b1-chopper-\u03bf-\u03b2\u03b1\u03c3\u03b9\u03bb\u03b9\u03ac\u03c2-\u03c4\u03c9\u03bd-\u03b6\u03ce\u03c9\u03bd\/\" \/>\n<meta property=\"og:locale\" content=\"el_GR\" \/>\n<meta property=\"og:type\" content=\"article\" \/>\n<meta property=\"og:title\" content=\"Figurine Chopper Le Roi Des Animaux | Figurine One Piece \u2013 Boutique One Piece\" \/>\n<meta property=\"og:description\" content=\"Jeune pirate, le moment est venu pour toi de te procurer cette Figurine Chopper Le Roi Des Animaux. Pour rappel, Tony Tony Chopper est le docteur de l&#039;\u00c9quipage du Chapeau de Paille. Chopper est un renne qui a mang\u00e9 le Hito Hito no Mi, lui permettant de se transformer en humain. Il est originaire de l&#039;\u00cele de Drum, ce qu\" \/>\n<meta property=\"og:url\" content=\"https:\/\/boutique-one-piece.com\/el\/\u03c6\u03b9\u03b3\u03bf\u03cd\u03c1\u03b5\u03c2-one-piece\/\u03c6\u03b9\u03b3\u03bf\u03cd\u03c1\u03b5\u03c2-\u03c4\u03bf\u03c5-\u03c4\u03cc\u03bd\u03b9-\u03c4\u03c3\u03cc\u03c0\u03b5\u03c1\/\u03c6\u03b9\u03b3\u03bf\u03cd\u03c1\u03b1-chopper-\u03bf-\u03b2\u03b1\u03c3\u03b9\u03bb\u03b9\u03ac\u03c2-\u03c4\u03c9\u03bd-\u03b6\u03ce\u03c9\u03bd\/\" \/>\n<meta property=\"og:site_name\" content=\"Boutique One Piece\" \/>\n<meta property=\"article:modified_time\" content=\"2024-09-16T12:29:36+00:00\" \/>\n<meta property=\"og:image\" content=\"https:\/\/boutique-one-piece.com\/wp-content\/uploads\/2022\/09\/Figurine-Chopper-Le-Roi-Des-Animaux.jpg\" \/>\n\t<meta property=\"og:image:width\" content=\"640\" \/>\n\t<meta property=\"og:image:height\" content=\"640\" \/>\n\t<meta property=\"og:image:type\" content=\"image\/jpeg\" \/>\n<meta name=\"twitter:card\" content=\"summary_large_image\" \/>\n<meta name=\"twitter:label1\" content=\"\u0395\u03ba\u03c4\u03b9\u03bc\u03ce\u03bc\u03b5\u03bd\u03bf\u03c2 \u03c7\u03c1\u03cc\u03bd\u03bf\u03c2 \u03b1\u03bd\u03ac\u03b3\u03bd\u03c9\u03c3\u03b7\u03c2\" \/>\n\t<meta name=\"twitter:data1\" content=\"1 \u03bb\u03b5\u03c0\u03c4\u03cc\" \/>\n<script type=\"application\/ld+json\" class=\"yoast-schema-graph\">{\"@context\":\"https:\\\/\\\/schema.org\",\"@graph\":[{\"@type\":\"WebPage\",\"@id\":\"https:\\\/\\\/boutique-one-piece.com\\\/figurines-one-piece\\\/figurines-tony-chopper\\\/figurine-chopper-le-roi-des-animaux\\\/\",\"url\":\"https:\\\/\\\/boutique-one-piece.com\\\/figurines-one-piece\\\/figurines-tony-chopper\\\/figurine-chopper-le-roi-des-animaux\\\/\",\"name\":\"Figurine Chopper Le Roi Des Animaux | Figurine One Piece \u2013 Boutique One Piece\",\"isPartOf\":{\"@id\":\"https:\\\/\\\/boutique-one-piece.com\\\/#website\"},\"primaryImageOfPage\":{\"@id\":\"https:\\\/\\\/boutique-one-piece.com\\\/figurines-one-piece\\\/figurines-tony-chopper\\\/figurine-chopper-le-roi-des-animaux\\\/#primaryimage\"},\"image\":{\"@id\":\"https:\\\/\\\/boutique-one-piece.com\\\/figurines-one-piece\\\/figurines-tony-chopper\\\/figurine-chopper-le-roi-des-animaux\\\/#primaryimage\"},\"thumbnailUrl\":\"https:\\\/\\\/boutique-one-piece.com\\\/wp-content\\\/uploads\\\/2022\\\/09\\\/Figurine-Chopper-Le-Roi-Des-Animaux.jpg\",\"datePublished\":\"2022-09-27T20:41:01+00:00\",\"dateModified\":\"2024-09-16T12:29:36+00:00\",\"description\":\"Jeune pirate, le moment est venu pour toi de te procurer cette Figurine Chopper Le Roi Des Animaux. Pour rappel, Tony Tony Chopper est le docteur de l'\u00c9quipage du Chapeau de Paille. Chopper est un renne qui a mang\u00e9 le Hito Hito no Mi, lui permettant de se transformer en humain. Il est originaire de l'\u00cele de Drum, ce qu\",\"breadcrumb\":{\"@id\":\"https:\\\/\\\/boutique-one-piece.com\\\/figurines-one-piece\\\/figurines-tony-chopper\\\/figurine-chopper-le-roi-des-animaux\\\/#breadcrumb\"},\"inLanguage\":\"el\",\"potentialAction\":[{\"@type\":\"ReadAction\",\"target\":[\"https:\\\/\\\/boutique-one-piece.com\\\/figurines-one-piece\\\/figurines-tony-chopper\\\/figurine-chopper-le-roi-des-animaux\\\/\"]}]},{\"@type\":\"ImageObject\",\"inLanguage\":\"el\",\"@id\":\"https:\\\/\\\/boutique-one-piece.com\\\/figurines-one-piece\\\/figurines-tony-chopper\\\/figurine-chopper-le-roi-des-animaux\\\/#primaryimage\",\"url\":\"https:\\\/\\\/boutique-one-piece.com\\\/wp-content\\\/uploads\\\/2022\\\/09\\\/Figurine-Chopper-Le-Roi-Des-Animaux.jpg\",\"contentUrl\":\"https:\\\/\\\/boutique-one-piece.com\\\/wp-content\\\/uploads\\\/2022\\\/09\\\/Figurine-Chopper-Le-Roi-Des-Animaux.jpg\",\"width\":640,\"height\":640,\"caption\":\"Figurine Chopper Le Roi Des Animaux 4 in box\"},{\"@type\":\"BreadcrumbList\",\"@id\":\"https:\\\/\\\/boutique-one-piece.com\\\/figurines-one-piece\\\/figurines-tony-chopper\\\/figurine-chopper-le-roi-des-animaux\\\/#breadcrumb\",\"itemListElement\":[{\"@type\":\"ListItem\",\"position\":1,\"name\":\"Home\",\"item\":\"https:\\\/\\\/boutique-one-piece.com\\\/\"},{\"@type\":\"ListItem\",\"position\":2,\"name\":\"Shop\",\"item\":\"https:\\\/\\\/boutique-one-piece.com\\\/shop\\\/\"},{\"@type\":\"ListItem\",\"position\":3,\"name\":\"Figurine Chopper Le Roi Des Animaux\"}]},{\"@type\":\"WebSite\",\"@id\":\"https:\\\/\\\/boutique-one-piece.com\\\/#website\",\"url\":\"https:\\\/\\\/boutique-one-piece.com\\\/\",\"name\":\"Boutique One Piece\",\"description\":\"Magasin Sp\u00e9cialis\u00e9 du Manga et l&#039;Anime One Piece\",\"publisher\":{\"@id\":\"https:\\\/\\\/boutique-one-piece.com\\\/#organization\"},\"potentialAction\":[{\"@type\":\"SearchAction\",\"target\":{\"@type\":\"EntryPoint\",\"urlTemplate\":\"https:\\\/\\\/boutique-one-piece.com\\\/?s={search_term_string}\"},\"query-input\":{\"@type\":\"PropertyValueSpecification\",\"valueRequired\":true,\"valueName\":\"search_term_string\"}}],\"inLanguage\":\"el\"},{\"@type\":\"Organization\",\"@id\":\"https:\\\/\\\/boutique-one-piece.com\\\/#organization\",\"name\":\"Boutique One Piece\",\"url\":\"https:\\\/\\\/boutique-one-piece.com\\\/\",\"logo\":{\"@type\":\"ImageObject\",\"inLanguage\":\"el\",\"@id\":\"https:\\\/\\\/boutique-one-piece.com\\\/#\\\/schema\\\/logo\\\/image\\\/\",\"url\":\"https:\\\/\\\/boutique-one-piece.com\\\/wp-content\\\/uploads\\\/2022\\\/09\\\/Logo-01.png\",\"contentUrl\":\"https:\\\/\\\/boutique-one-piece.com\\\/wp-content\\\/uploads\\\/2022\\\/09\\\/Logo-01.png\",\"width\":2318,\"height\":957,\"caption\":\"Boutique One Piece\"},\"image\":{\"@id\":\"https:\\\/\\\/boutique-one-piece.com\\\/#\\\/schema\\\/logo\\\/image\\\/\"}}]}<\/script>\n<!-- \/ Yoast SEO plugin. -->","yoast_head_json":{"title":"\u03a6\u03b9\u03b3\u03bf\u03cd\u03c1\u03b1 Chopper \u03bf \u0392\u03b1\u03c3\u03b9\u03bb\u03b9\u03ac\u03c2 \u03c4\u03c9\u03bd \u0396\u03ce\u03c9\u03bd | \u03a6\u03b9\u03b3\u03bf\u03cd\u03c1\u03b1 One Piece \u2013 One Piece Shop","description":"\u039d\u03b5\u03b1\u03c1\u03ad \u03c0\u03b5\u03b9\u03c1\u03b1\u03c4\u03ae, \u03ae\u03c1\u03b8\u03b5 \u03b7 \u03ce\u03c1\u03b1 \u03bd\u03b1 \u03b1\u03c0\u03bf\u03ba\u03c4\u03ae\u03c3\u03b5\u03b9\u03c2 \u03b1\u03c5\u03c4\u03ae \u03c4\u03b7\u03bd \u03c6\u03b9\u03b3\u03bf\u03cd\u03c1\u03b1 \u03c4\u03bf\u03c5 \u03a4\u03c3\u03cc\u03c0\u03b5\u03c1, \u03c4\u03bf\u03c5 \u0392\u03b1\u03c3\u03b9\u03bb\u03b9\u03ac \u03c4\u03c9\u03bd \u0396\u03ce\u03c9\u03bd. \u03a5\u03c0\u03b5\u03bd\u03b8\u03c5\u03bc\u03af\u03b6\u03bf\u03c5\u03bc\u03b5 \u03cc\u03c4\u03b9 \u03bf \u03a4\u03cc\u03bd\u03b9 \u03a4\u03cc\u03bd\u03b9 \u03a4\u03c3\u03cc\u03c0\u03b5\u03c1 \u03b5\u03af\u03bd\u03b1\u03b9 \u03bf \u03b3\u03b9\u03b1\u03c4\u03c1\u03cc\u03c2 \u03c4\u03b7\u03c2 \u03bf\u03bc\u03ac\u03b4\u03b1\u03c2 Straw Hat. \u039f \u03a4\u03c3\u03cc\u03c0\u03b5\u03c1 \u03b5\u03af\u03bd\u03b1\u03b9 \u03ad\u03bd\u03b1\u03c2 \u03c4\u03ac\u03c1\u03b1\u03bd\u03b4\u03bf\u03c2 \u03c0\u03bf\u03c5 \u03ad\u03c6\u03b1\u03b3\u03b5 \u03c4\u03bf\u03bd \u03a7\u03af\u03c4\u03bf \u03a7\u03af\u03c4\u03bf \u03bd\u03bf \u039c\u03b9, \u03b5\u03c0\u03b9\u03c4\u03c1\u03ad\u03c0\u03bf\u03bd\u03c4\u03ac\u03c2 \u03c4\u03bf\u03c5 \u03bd\u03b1 \u03bc\u03b5\u03c4\u03b1\u03bc\u03bf\u03c1\u03c6\u03c9\u03b8\u03b5\u03af \u03c3\u03b5 \u03ac\u03bd\u03b8\u03c1\u03c9\u03c0\u03bf. \u039a\u03b1\u03c4\u03ac\u03b3\u03b5\u03c4\u03b1\u03b9 \u03b1\u03c0\u03cc \u03c4\u03bf \u039d\u03b7\u03c3\u03af Drum, \u03c4\u03bf \u03bf\u03c0\u03bf\u03af\u03bf","robots":{"index":"index","follow":"follow","max-snippet":"max-snippet:-1","max-image-preview":"max-image-preview:large","max-video-preview":"max-video-preview:-1"},"canonical":"https:\/\/boutique-one-piece.com\/el\/\u03c6\u03b9\u03b3\u03bf\u03cd\u03c1\u03b5\u03c2-one-piece\/\u03c6\u03b9\u03b3\u03bf\u03cd\u03c1\u03b5\u03c2-\u03c4\u03bf\u03c5-\u03c4\u03cc\u03bd\u03b9-\u03c4\u03c3\u03cc\u03c0\u03b5\u03c1\/\u03c6\u03b9\u03b3\u03bf\u03cd\u03c1\u03b1-chopper-\u03bf-\u03b2\u03b1\u03c3\u03b9\u03bb\u03b9\u03ac\u03c2-\u03c4\u03c9\u03bd-\u03b6\u03ce\u03c9\u03bd\/","og_locale":"el_GR","og_type":"article","og_title":"Figurine Chopper Le Roi Des Animaux | Figurine One Piece \u2013 Boutique One Piece","og_description":"Jeune pirate, le moment est venu pour toi de te procurer cette Figurine Chopper Le Roi Des Animaux. Pour rappel, Tony Tony Chopper est le docteur de l'\u00c9quipage du Chapeau de Paille. Chopper est un renne qui a mang\u00e9 le Hito Hito no Mi, lui permettant de se transformer en humain. Il est originaire de l'\u00cele de Drum, ce qu","og_url":"https:\/\/boutique-one-piece.com\/el\/\u03c6\u03b9\u03b3\u03bf\u03cd\u03c1\u03b5\u03c2-one-piece\/\u03c6\u03b9\u03b3\u03bf\u03cd\u03c1\u03b5\u03c2-\u03c4\u03bf\u03c5-\u03c4\u03cc\u03bd\u03b9-\u03c4\u03c3\u03cc\u03c0\u03b5\u03c1\/\u03c6\u03b9\u03b3\u03bf\u03cd\u03c1\u03b1-chopper-\u03bf-\u03b2\u03b1\u03c3\u03b9\u03bb\u03b9\u03ac\u03c2-\u03c4\u03c9\u03bd-\u03b6\u03ce\u03c9\u03bd\/","og_site_name":"Boutique One Piece","article_modified_time":"2024-09-16T12:29:36+00:00","og_image":[{"width":640,"height":640,"url":"https:\/\/boutique-one-piece.com\/wp-content\/uploads\/2022\/09\/Figurine-Chopper-Le-Roi-Des-Animaux.jpg","type":"image\/jpeg"}],"twitter_card":"summary_large_image","twitter_misc":{"\u0395\u03ba\u03c4\u03b9\u03bc\u03ce\u03bc\u03b5\u03bd\u03bf\u03c2 \u03c7\u03c1\u03cc\u03bd\u03bf\u03c2 \u03b1\u03bd\u03ac\u03b3\u03bd\u03c9\u03c3\u03b7\u03c2":"1 \u03bb\u03b5\u03c0\u03c4\u03cc"},"schema":{"@context":"https:\/\/schema.org","@graph":[{"@type":"WebPage","@id":"https:\/\/boutique-one-piece.com\/figurines-one-piece\/figurines-tony-chopper\/figurine-chopper-le-roi-des-animaux\/","url":"https:\/\/boutique-one-piece.com\/figurines-one-piece\/figurines-tony-chopper\/figurine-chopper-le-roi-des-animaux\/","name":"\u03a6\u03b9\u03b3\u03bf\u03cd\u03c1\u03b1 Chopper \u03bf \u0392\u03b1\u03c3\u03b9\u03bb\u03b9\u03ac\u03c2 \u03c4\u03c9\u03bd \u0396\u03ce\u03c9\u03bd | \u03a6\u03b9\u03b3\u03bf\u03cd\u03c1\u03b1 One Piece \u2013 One Piece Shop","isPartOf":{"@id":"https:\/\/boutique-one-piece.com\/#website"},"primaryImageOfPage":{"@id":"https:\/\/boutique-one-piece.com\/figurines-one-piece\/figurines-tony-chopper\/figurine-chopper-le-roi-des-animaux\/#primaryimage"},"image":{"@id":"https:\/\/boutique-one-piece.com\/figurines-one-piece\/figurines-tony-chopper\/figurine-chopper-le-roi-des-animaux\/#primaryimage"},"thumbnailUrl":"https:\/\/boutique-one-piece.com\/wp-content\/uploads\/2022\/09\/Figurine-Chopper-Le-Roi-Des-Animaux.jpg","datePublished":"2022-09-27T20:41:01+00:00","dateModified":"2024-09-16T12:29:36+00:00","description":"\u039d\u03b5\u03b1\u03c1\u03ad \u03c0\u03b5\u03b9\u03c1\u03b1\u03c4\u03ae, \u03ae\u03c1\u03b8\u03b5 \u03b7 \u03ce\u03c1\u03b1 \u03bd\u03b1 \u03b1\u03c0\u03bf\u03ba\u03c4\u03ae\u03c3\u03b5\u03b9\u03c2 \u03b1\u03c5\u03c4\u03ae \u03c4\u03b7\u03bd \u03c6\u03b9\u03b3\u03bf\u03cd\u03c1\u03b1 \u03c4\u03bf\u03c5 \u03a4\u03c3\u03cc\u03c0\u03b5\u03c1, \u03c4\u03bf\u03c5 \u0392\u03b1\u03c3\u03b9\u03bb\u03b9\u03ac \u03c4\u03c9\u03bd \u0396\u03ce\u03c9\u03bd. \u03a5\u03c0\u03b5\u03bd\u03b8\u03c5\u03bc\u03af\u03b6\u03bf\u03c5\u03bc\u03b5 \u03cc\u03c4\u03b9 \u03bf \u03a4\u03cc\u03bd\u03b9 \u03a4\u03cc\u03bd\u03b9 \u03a4\u03c3\u03cc\u03c0\u03b5\u03c1 \u03b5\u03af\u03bd\u03b1\u03b9 \u03bf \u03b3\u03b9\u03b1\u03c4\u03c1\u03cc\u03c2 \u03c4\u03b7\u03c2 \u03bf\u03bc\u03ac\u03b4\u03b1\u03c2 Straw Hat. \u039f \u03a4\u03c3\u03cc\u03c0\u03b5\u03c1 \u03b5\u03af\u03bd\u03b1\u03b9 \u03ad\u03bd\u03b1\u03c2 \u03c4\u03ac\u03c1\u03b1\u03bd\u03b4\u03bf\u03c2 \u03c0\u03bf\u03c5 \u03ad\u03c6\u03b1\u03b3\u03b5 \u03c4\u03bf\u03bd \u03a7\u03af\u03c4\u03bf \u03a7\u03af\u03c4\u03bf \u03bd\u03bf \u039c\u03b9, \u03b5\u03c0\u03b9\u03c4\u03c1\u03ad\u03c0\u03bf\u03bd\u03c4\u03ac\u03c2 \u03c4\u03bf\u03c5 \u03bd\u03b1 \u03bc\u03b5\u03c4\u03b1\u03bc\u03bf\u03c1\u03c6\u03c9\u03b8\u03b5\u03af \u03c3\u03b5 \u03ac\u03bd\u03b8\u03c1\u03c9\u03c0\u03bf. \u039a\u03b1\u03c4\u03ac\u03b3\u03b5\u03c4\u03b1\u03b9 \u03b1\u03c0\u03cc \u03c4\u03bf \u039d\u03b7\u03c3\u03af Drum, \u03c4\u03bf \u03bf\u03c0\u03bf\u03af\u03bf","breadcrumb":{"@id":"https:\/\/boutique-one-piece.com\/figurines-one-piece\/figurines-tony-chopper\/figurine-chopper-le-roi-des-animaux\/#breadcrumb"},"inLanguage":"el","potentialAction":[{"@type":"ReadAction","target":["https:\/\/boutique-one-piece.com\/figurines-one-piece\/figurines-tony-chopper\/figurine-chopper-le-roi-des-animaux\/"]}]},{"@type":"ImageObject","inLanguage":"el","@id":"https:\/\/boutique-one-piece.com\/figurines-one-piece\/figurines-tony-chopper\/figurine-chopper-le-roi-des-animaux\/#primaryimage","url":"https:\/\/boutique-one-piece.com\/wp-content\/uploads\/2022\/09\/Figurine-Chopper-Le-Roi-Des-Animaux.jpg","contentUrl":"https:\/\/boutique-one-piece.com\/wp-content\/uploads\/2022\/09\/Figurine-Chopper-Le-Roi-Des-Animaux.jpg","width":640,"height":640,"caption":"Figurine Chopper Le Roi Des Animaux 4 in box"},{"@type":"BreadcrumbList","@id":"https:\/\/boutique-one-piece.com\/figurines-one-piece\/figurines-tony-chopper\/figurine-chopper-le-roi-des-animaux\/#breadcrumb","itemListElement":[{"@type":"ListItem","position":1,"name":"Home","item":"https:\/\/boutique-one-piece.com\/"},{"@type":"ListItem","position":2,"name":"Shop","item":"https:\/\/boutique-one-piece.com\/shop\/"},{"@type":"ListItem","position":3,"name":"Figurine Chopper Le Roi Des Animaux"}]},{"@type":"WebSite","@id":"https:\/\/boutique-one-piece.com\/#website","url":"https:\/\/boutique-one-piece.com\/","name":"\u039a\u03b1\u03c4\u03ac\u03c3\u03c4\u03b7\u03bc\u03b1 One Piece","description":"\u0395\u03be\u03b5\u03b9\u03b4\u03b9\u03ba\u03b5\u03c5\u03bc\u03ad\u03bd\u03bf \u03ba\u03b1\u03c4\u03ac\u03c3\u03c4\u03b7\u03bc\u03b1 \u03b3\u03b9\u03b1 One Piece Manga \u03ba\u03b1\u03b9 Anime","publisher":{"@id":"https:\/\/boutique-one-piece.com\/#organization"},"potentialAction":[{"@type":"SearchAction","target":{"@type":"EntryPoint","urlTemplate":"https:\/\/boutique-one-piece.com\/?s={search_term_string}"},"query-input":{"@type":"PropertyValueSpecification","valueRequired":true,"valueName":"search_term_string"}}],"inLanguage":"el"},{"@type":"Organization","@id":"https:\/\/boutique-one-piece.com\/#organization","name":"\u039a\u03b1\u03c4\u03ac\u03c3\u03c4\u03b7\u03bc\u03b1 One Piece","url":"https:\/\/boutique-one-piece.com\/","logo":{"@type":"ImageObject","inLanguage":"el","@id":"https:\/\/boutique-one-piece.com\/#\/schema\/logo\/image\/","url":"https:\/\/boutique-one-piece.com\/wp-content\/uploads\/2022\/09\/Logo-01.png","contentUrl":"https:\/\/boutique-one-piece.com\/wp-content\/uploads\/2022\/09\/Logo-01.png","width":2318,"height":957,"caption":"Boutique One Piece"},"image":{"@id":"https:\/\/boutique-one-piece.com\/#\/schema\/logo\/image\/"}}]}},"_links":{"self":[{"href":"https:\/\/boutique-one-piece.com\/el\/wp-json\/wp\/v2\/product\/11408","targetHints":{"allow":["GET"]}}],"collection":[{"href":"https:\/\/boutique-one-piece.com\/el\/wp-json\/wp\/v2\/product"}],"about":[{"href":"https:\/\/boutique-one-piece.com\/el\/wp-json\/wp\/v2\/types\/product"}],"replies":[{"embeddable":true,"href":"https:\/\/boutique-one-piece.com\/el\/wp-json\/wp\/v2\/comments?post=11408"}],"wp:featuredmedia":[{"embeddable":true,"href":"https:\/\/boutique-one-piece.com\/el\/wp-json\/wp\/v2\/media\/11410"}],"wp:attachment":[{"href":"https:\/\/boutique-one-piece.com\/el\/wp-json\/wp\/v2\/media?parent=11408"}],"wp:term":[{"taxonomy":"product_brand","embeddable":true,"href":"https:\/\/boutique-one-piece.com\/el\/wp-json\/wp\/v2\/product_brand?post=11408"},{"taxonomy":"product_cat","embeddable":true,"href":"https:\/\/boutique-one-piece.com\/el\/wp-json\/wp\/v2\/product_cat?post=11408"},{"taxonomy":"product_tag","embeddable":true,"href":"https:\/\/boutique-one-piece.com\/el\/wp-json\/wp\/v2\/product_tag?post=11408"}],"curies":[{"name":"\u03b5\u03c1\u03b3\u03b1\u03c3\u03af\u03b1","href":"https:\/\/api.w.org\/{rel}","templated":true}]}}