{"id":11550,"date":"2022-09-27T20:41:57","date_gmt":"2022-09-27T20:41:57","guid":{"rendered":"https:\/\/boutique-one-piece.com\/uncategorized\/avis-de-recherche-mr-2-wanted\/"},"modified":"2026-02-13T15:08:17","modified_gmt":"2026-02-13T15:08:17","slug":"%ce%b5%ce%b9%ce%b4%ce%bf%cf%80%ce%bf%ce%af%ce%b7%cf%83%ce%b7-%ce%ba%ce%b1%cf%84%ce%b1%ce%b6%ce%b7%cf%84%ce%bf%cf%8d%ce%bc%ce%b5%ce%bd%ce%bf%cf%85-%ce%ba-2","status":"publish","type":"product","link":"https:\/\/boutique-one-piece.com\/el\/%ce%b1%cf%86%ce%af%cf%83%ce%b1-%cf%80%ce%bf%cf%85-%ce%b6%ce%b7%cf%84%ce%ae%ce%b8%ce%b7%ce%ba%ce%b5-%ce%b1%cf%80%cf%8c-%cf%84%ce%bf-one-piece\/%ce%b5%ce%b9%ce%b4%ce%bf%cf%80%ce%bf%ce%af%ce%b7%cf%83%ce%b7-%ce%ba%ce%b1%cf%84%ce%b1%ce%b6%ce%b7%cf%84%ce%bf%cf%8d%ce%bc%ce%b5%ce%bd%ce%bf%cf%85-%ce%ba-2\/","title":{"rendered":"\u0391\u03bd\u03b1\u03ba\u03bf\u03af\u03bd\u03c9\u03c3\u03b7 \u03ba\u03b1\u03c4\u03b1\u03b6\u03b7\u03c4\u03bf\u03cd\u03bc\u03b5\u03bd\u03bf\u03c5: Bon Clay"},"content":{"rendered":"<h2>\u0391\u03c0\u03bf\u03c4\u03af\u03c3\u03c4\u03b5 \u03c6\u03cc\u03c1\u03bf \u03c4\u03b9\u03bc\u03ae\u03c2 \u03c3\u03c4\u03b7 \u03b4\u03cd\u03bd\u03b1\u03bc\u03b7 \u03c4\u03b7\u03c2 \u03c6\u03b9\u03bb\u03af\u03b1\u03c2 \u03bc\u03b5 \u03b1\u03c5\u03c4\u03ae\u03bd \u03c4\u03b7\u03bd \u03b1\u03c6\u03af\u03c3\u03b1 Bon Clay Wanted.<\/h2>\n<p>\u039c\u03c0\u03bf\u03bd \u039a\u03bb\u03ad\u03b9, \u03c4\u03bf\u03c5 \u03bf\u03c0\u03bf\u03af\u03bf\u03c5 \u03c4\u03bf \u03c0\u03c1\u03b1\u03b3\u03bc\u03b1\u03c4\u03b9\u03ba\u03cc \u03cc\u03bd\u03bf\u03bc\u03b1 <strong>\u039c\u03c0\u03ad\u03bd\u03b8\u03b1\u03bc<\/strong>, \u03b5\u03af\u03bd\u03b1\u03b9 \u03ad\u03bd\u03b1\u03c2 \u03c0\u03bf\u03bb\u03cd \u03b4\u03b7\u03bc\u03bf\u03c6\u03b9\u03bb\u03ae\u03c2 \u03c7\u03b1\u03c1\u03b1\u03ba\u03c4\u03ae\u03c1\u03b1\u03c2 \u03c3\u03c4\u03bf One Piece \u03bb\u03cc\u03b3\u03c9 \u03c4\u03b7\u03c2 \u03b5\u03ba\u03ba\u03b5\u03bd\u03c4\u03c1\u03b9\u03ba\u03ae\u03c2 \u03ba\u03b1\u03b9 \u03c7\u03b1\u03c1\u03bf\u03cd\u03bc\u03b5\u03bd\u03b7\u03c2 \u03c0\u03c1\u03bf\u03c3\u03c9\u03c0\u03b9\u03ba\u03cc\u03c4\u03b7\u03c4\u03ac\u03c2 \u03c4\u03bf\u03c5. \u0391\u03bd \u03ba\u03b1\u03b9 \u03b5\u03af\u03bd\u03b1\u03b9 \u03b5\u03c7\u03b8\u03c1\u03cc\u03c2 \u03c4\u03bf\u03c5 Luffy \u03ba\u03b1\u03c4\u03ac \u03c4\u03b7\u03bd \u03c0\u03c1\u03ce\u03c4\u03b7 \u03c4\u03bf\u03c5\u03c2 \u03c3\u03c5\u03bd\u03ac\u03bd\u03c4\u03b7\u03c3\u03b7 \u03bc\u03b5 \u03c4\u03bf \u03c8\u03b5\u03c5\u03b4\u03ce\u03bd\u03c5\u03bc\u03bf <strong>\u039a\u03cd\u03c1\u03b9\u03bf\u03c2 \u0394\u03cd\u03bf<\/strong> \u0395\u03c1\u03b3\u03b1\u03b6\u03cc\u03bc\u03b5\u03bd\u03bf\u03c2 \u03b3\u03b9\u03b1 \u03c4\u03b7\u03bd Baroque Works, \u03bc\u03b9\u03b1 \u03b5\u03b3\u03ba\u03bb\u03b7\u03bc\u03b1\u03c4\u03b9\u03ba\u03ae \u03bf\u03c1\u03b3\u03ac\u03bd\u03c9\u03c3\u03b7, \u03b3\u03c1\u03ae\u03b3\u03bf\u03c1\u03b1 \u03b3\u03af\u03bd\u03b5\u03c4\u03b1\u03b9 \u03c6\u03af\u03bb\u03bf\u03c2 \u03bc\u03b5 \u03c4\u03bf\u03bd \u03ae\u03c1\u03c9\u03b1 \u03c4\u03b7\u03c2 \u03b9\u03c3\u03c4\u03bf\u03c1\u03af\u03b1\u03c2.<\/p>\n<p>\u0398\u03b1\u03c5\u03bc\u03ac\u03b6\u03b5\u03b9 \u03c4\u03b7\u03bd \u03b1\u03c6\u03bf\u03c3\u03af\u03c9\u03c3\u03ae \u03c4\u03bf\u03c5 \u03c3\u03c4\u03bf\u03c5\u03c2 \u03c6\u03af\u03bb\u03bf\u03c5\u03c2 \u03c4\u03bf\u03c5 \u03ba\u03b1\u03b9 \u03c6\u03c4\u03ac\u03bd\u03b5\u03b9 \u03c3\u03c4\u03bf \u03c3\u03b7\u03bc\u03b5\u03af\u03bf \u03bd\u03b1 \u03c3\u03ce\u03c3\u03b5\u03b9 \u03c4\u03bf\u03bd Luffy \u03b4\u03cd\u03bf \u03c6\u03bf\u03c1\u03ad\u03c2, \u03c3\u03c4\u03b7\u03bd Alabasta, \u03b1\u03bb\u03bb\u03ac \u03ba\u03c5\u03c1\u03af\u03c9\u03c2 \u03c3\u03c4\u03b7 \u03c6\u03c5\u03bb\u03b1\u03ba\u03ae \u03c4\u03bf\u03c5 Impel Down, \u03cc\u03c0\u03bf\u03c5 \u03b5\u03c0\u03b9\u03c4\u03c1\u03ad\u03c0\u03b5\u03b9 \u03c3\u03b5 \u03cc\u03bb\u03bf\u03c5\u03c2 \u03c4\u03bf\u03c5\u03c2 \u03b4\u03c1\u03b1\u03c0\u03ad\u03c4\u03b5\u03c2 \u03bd\u03b1 \u03b4\u03c1\u03b1\u03c0\u03b5\u03c4\u03b5\u03cd\u03c3\u03bf\u03c5\u03bd \u03b8\u03c5\u03c3\u03b9\u03ac\u03b6\u03bf\u03bd\u03c4\u03b1\u03c2 \u03c4\u03bf\u03bd \u03b5\u03b1\u03c5\u03c4\u03cc \u03c4\u03bf\u03c5, \u03b1\u03ba\u03cc\u03bc\u03b1 \u03ba\u03b9 \u03b1\u03bd \u03b4\u03b5\u03bd \u03c0\u03b5\u03b8\u03ac\u03bd\u03b5\u03b9.\u00a0<\/p>\n<h3>\u0394\u03b9\u03b1\u03ba\u03bf\u03c3\u03bc\u03ae\u03c3\u03c4\u03b5 \u03c4\u03bf \u03b4\u03c9\u03bc\u03ac\u03c4\u03b9\u03cc \u03c3\u03b1\u03c2 \u03bc\u03b5 \u03c4\u03bf\u03bd \u03c3\u03c5\u03b3\u03ba\u03b9\u03bd\u03b7\u03c4\u03b9\u03ba\u03cc \u03c7\u03b1\u03c1\u03b1\u03ba\u03c4\u03ae\u03c1\u03b1 \u03c4\u03bf\u03c5 \u039c\u03c0\u03bf\u03bd \u039a\u03bb\u03ad\u03b9 \u03c7\u03ac\u03c1\u03b7 \u03c3\u03c4\u03b7\u03bd \u03b1\u03c6\u03af\u03c3\u03b1 \u03c0\u03bf\u03c5 \u03ba\u03b1\u03c4\u03b1\u03b6\u03b7\u03c4\u03b5\u03af\u03c4\u03b1\u03b9.<\/h3>\n<p>\u039f \u039c\u03c0\u03bf\u03bd \u039a\u03bb\u03ad\u03b9 \u03b5\u03af\u03bd\u03b1\u03b9 \u03ad\u03bd\u03b1\u03c2 \u03c0\u03bf\u03bb\u03cd\u03c7\u03c1\u03c9\u03bc\u03bf\u03c2 \u03c7\u03b1\u03c1\u03b1\u03ba\u03c4\u03ae\u03c1\u03b1\u03c2, \u03b5\u03af\u03bd\u03b1\u03b9 \u03ad\u03bd\u03b1\u03c2 <strong>\u03c4\u03c1\u03b1\u03b2\u03b5\u03c3\u03c4\u03af<\/strong>. \u0398\u03b1\u03c5\u03bc\u03ac\u03b6\u03b5\u03b9 \u03c4\u03bf\u03bd \u03b5\u03c0\u03b1\u03bd\u03b1\u03c3\u03c4\u03ac\u03c4\u03b7 \u0399\u03b2\u03ac\u03bd\u03ba\u03bf\u03c6, \u03bf \u03bf\u03c0\u03bf\u03af\u03bf\u03c2 \u03b5\u03af\u03bd\u03b1\u03b9 \u03bf \u03b7\u03b3\u03ad\u03c4\u03b7\u03c2 \u03c4\u03c9\u03bd \u039f\u03ba\u03ac\u03bc\u03b1. \u03a4\u03bf \u03ba\u03b5\u03c6\u03ac\u03bb\u03b9 \u03c4\u03bf\u03c5 \u03b1\u03be\u03af\u03b6\u03b5\u03b9 32 \u03b5\u03ba\u03b1\u03c4\u03bf\u03bc\u03bc\u03cd\u03c1\u03b9\u03b1 \u03bc\u03bf\u03cd\u03c1\u03b1.<\/p>\n<p>\u0388\u03c6\u03b1\u03b3\u03b5 \u03ad\u03bd\u03b1 \u03a6\u03c1\u03bf\u03cd\u03c4\u03bf \u03c4\u03bf\u03c5 \u0394\u03b9\u03b1\u03b2\u03cc\u03bb\u03bf\u03c5 \u03c0\u03bf\u03c5 \u03c4\u03bf\u03c5 \u03c4\u03b1\u03af\u03c1\u03b9\u03b1\u03b6\u03b5 \u03b1\u03c0\u03cc\u03bb\u03c5\u03c4\u03b1, \u03c4\u03bf <strong>\u039c\u03b1\u03bd\u03ad \u039c\u03b1\u03bd\u03ad \u03bd\u03bf \u03bc\u03af<\/strong> \u03ba\u03ac\u03c4\u03b9 \u03c0\u03bf\u03c5 \u03c4\u03bf\u03c5 \u03b5\u03c0\u03b9\u03c4\u03c1\u03ad\u03c0\u03b5\u03b9 \u03bd\u03b1 \u03c0\u03b1\u03af\u03c1\u03bd\u03b5\u03b9 \u03c4\u03b7\u03bd \u03b5\u03bc\u03c6\u03ac\u03bd\u03b9\u03c3\u03b7, \u03c7\u03c1\u03b7\u03c3\u03b9\u03bc\u03bf\u03c0\u03bf\u03b9\u03ce\u03bd\u03c4\u03b1\u03c2 \u03c4\u03bf \u03b4\u03b5\u03be\u03af \u03c4\u03bf\u03c5 \u03c7\u03ad\u03c1\u03b9, \u03bf\u03c0\u03bf\u03b9\u03bf\u03c5\u03b4\u03ae\u03c0\u03bf\u03c4\u03b5 \u03ad\u03c7\u03b5\u03b9 \u03b1\u03b3\u03b3\u03af\u03be\u03b5\u03b9 \u03bc\u03b5 \u03c4\u03bf \u03b1\u03c1\u03b9\u03c3\u03c4\u03b5\u03c1\u03cc \u03c4\u03bf\u03c5. \u03a7\u03ac\u03c1\u03b7 \u03c3\u03b5 \u03b1\u03c5\u03c4\u03ae \u03c4\u03b7 \u03b4\u03cd\u03bd\u03b1\u03bc\u03b7 \u03bc\u03c0\u03cc\u03c1\u03b5\u03c3\u03b5 \u03bd\u03b1 \u03c5\u03c0\u03bf\u03b4\u03c5\u03b8\u03b5\u03af \u03c4\u03bf\u03bd \u039c\u03b1\u03b3\u03b3\u03b5\u03bb\u03ac\u03bd\u03bf \u03ba\u03b1\u03b9 \u03bd\u03b1 \u03b5\u03c0\u03b9\u03c4\u03c1\u03ad\u03c8\u03b5\u03b9 \u03c3\u03c4\u03bf\u03c5\u03c2 \u03b4\u03c1\u03b1\u03c0\u03ad\u03c4\u03b5\u03c2 \u03bd\u03b1 \u03c6\u03cd\u03b3\u03bf\u03c5\u03bd \u03b1\u03c0\u03cc \u03c4\u03bf Impel Down.<\/p>\n<p>\u0391\u03bd \u03c3\u03b1\u03c2 \u03b1\u03c1\u03ad\u03c3\u03bf\u03c5\u03bd \u03c4\u03b1 \u03bc\u03c0\u03cc\u03bd\u03bf\u03c5\u03c2, \u03b1\u03be\u03af\u03b6\u03b5\u03b9 \u03bd\u03b1 \u03c4\u03bf \u03b4\u03b5\u03af\u03c4\u03b5. <a href=\"https:\/\/boutique-one-piece.com\/el\/%ce%b1%cf%86%ce%af%cf%83%ce%b1-%cf%80%ce%bf%cf%85-%ce%b6%ce%b7%cf%84%ce%b5%ce%af%cf%84%ce%b1%ce%b9-%ce%b1%cf%80%cf%8c-%cf%84%ce%bf-one-piece-%ce%b6%ce%b7%cf%84%ce%b5%ce%af%cf%84%ce%b1%ce%b9-%ce%bf-sa\/\" target=\"_blank\" title=\"\u0391\u03c6\u03af\u03c3\u03b1 \u03c0\u03bf\u03c5 \u03b6\u03b7\u03c4\u03ae\u03b8\u03b7\u03ba\u03b5 \u03b1\u03c0\u03cc \u03c4\u03bf\u03bd Sabo\" rel=\"noopener noreferrer\">\u0391\u03c6\u03af\u03c3\u03b1 \u03c0\u03bf\u03c5 \u03b6\u03b7\u03c4\u03ae\u03b8\u03b7\u03ba\u03b5 \u03b1\u03c0\u03cc \u03c4\u03bf\u03bd Sabo<\/a>.<\/p>\n<p>\u00a0<\/p>\n<h2>\u03a0\u03bb\u03b7\u03c1\u03bf\u03c6\u03bf\u03c1\u03af\u03b5\u03c2 \u03b3\u03b9\u03b1 \u03c4\u03b7\u03bd \u03b1\u03c6\u03af\u03c3\u03b1 \u03c4\u03bf\u03c5 One Piece Wanted: Bon Clay \u03ae \u03b1\u03bb\u03bb\u03b9\u03ce\u03c2 Mr. 2<\/h2>\n<ul>\n<li><span><b><u>\u0391\u03c6\u03af\u03c3\u03b1 One Piece Wanted<\/u><\/b>\u00a0\u039c\u03b9\u03b1 \u03b3\u03bd\u03ae\u03c3\u03b9\u03b1 \u03b1\u03c6\u03af\u03c3\u03b1 \u03c4\u03bf\u03c5 One Piece \u03c0\u03bf\u03c5 \u03b1\u03bd\u03b1\u03b6\u03b7\u03c4\u03b5\u03af\u03c4\u03b1\u03b9 \u03b3\u03b9\u03b1 \u03b1\u03bb\u03b7\u03b8\u03b9\u03bd\u03bf\u03cd\u03c2 \u03c0\u03b5\u03b9\u03c1\u03b1\u03c4\u03ad\u03c2<\/span><\/li>\n<\/ul>\n<ul>\n<li>\n<b><u>Bon Clay&#039;s Prime<\/u><\/b>\u00a036.000.000 \u039c\u03bf\u03cd\u03c1\u03b1<\/li>\n<\/ul>\n<ul>\n<li><span><strong>\u0395\u03ba\u03c4\u03cd\u03c0\u03c9\u03c3\u03b7 \u03c5\u03c8\u03b7\u03bb\u03ae\u03c2 \u03c0\u03bf\u03b9\u03cc\u03c4\u03b7\u03c4\u03b1\u03c2<\/strong>\u00a0\u03b1\u03ba\u03c1\u03b9\u03b2\u03ae \u03c7\u03c1\u03ce\u03bc\u03b1\u03c4\u03b1<\/span><\/li>\n<\/ul>\n<ul>\n<li>\n<strong>\u0394\u03b9\u03ac\u03c3\u03c4\u03b1\u03c3\u03b7<\/strong>\u00a0: 51 \u03b5\u03ba. x 36 \u03b5\u03ba.<\/li>\n<\/ul>\n<ul>\n<li><span><strong>\u0394\u03a9\u03a1\u0395\u0391\u039d \u03a0\u0391\u03a1\u0391\u0394\u039f\u03a3\u0397<\/strong><\/span><\/li>\n<\/ul>","protected":false},"excerpt":{"rendered":"<p>Rend hommage \u00e0 la puissance de l&rsquo;amiti\u00e9 avec cet Avis de Recherche Bon Clay Wanted. Bon Clay, de son vrai nom Bentham, est un personnage tr\u00e8s appr\u00e9ci\u00e9 dans One Piece par rapport \u00e0 son caract\u00e8re excentrique et enjou\u00e9. Bien qu&rsquo;il soit un ennemi de Luffy lors de leur premi\u00e8re rencontre sous le pseudonyme de Mister [&hellip;]<\/p>","protected":false},"featured_media":11552,"comment_status":"open","ping_status":"open","template":"","meta":[],"product_brand":[],"product_cat":[171],"product_tag":[],"class_list":{"0":"post-11550","1":"product","2":"type-product","3":"status-publish","4":"has-post-thumbnail","6":"product_cat-avis-de-recherche-one-piece","8":"first","9":"outofstock","10":"purchasable","11":"product-type-simple"},"yoast_head":"<!-- This site is optimized with the Yoast SEO plugin v27.5 - https:\/\/yoast.com\/product\/yoast-seo-wordpress\/ -->\n<title>Avis De Recherche Bon Clay Wanted | D\u00e9coration One Piece \u2013 Boutique One Piece<\/title>\n<meta name=\"description\" content=\"Rend hommage \u00e0 la puissance de l&#039;amiti\u00e9 avec cet Avis de Recherche Bon Clay Wanted. Bon Clay, de son vrai nom Bentham, est un personnage tr\u00e8s appr\u00e9ci\u00e9 dans One Piece par rapport \u00e0 son caract\u00e8re excentrique et enjou\u00e9. Bien qu&#039;il soit un ennemi de Luffy lors de leur premi\u00e8re rencontre sous le pseudonyme de Mister Two pou\" \/>\n<meta name=\"robots\" content=\"index, follow, max-snippet:-1, max-image-preview:large, max-video-preview:-1\" \/>\n<link rel=\"canonical\" href=\"https:\/\/boutique-one-piece.com\/el\/\u03b1\u03c6\u03af\u03c3\u03b1-\u03c0\u03bf\u03c5-\u03b6\u03b7\u03c4\u03ae\u03b8\u03b7\u03ba\u03b5-\u03b1\u03c0\u03cc-\u03c4\u03bf-one-piece\/\u03b5\u03b9\u03b4\u03bf\u03c0\u03bf\u03af\u03b7\u03c3\u03b7-\u03ba\u03b1\u03c4\u03b1\u03b6\u03b7\u03c4\u03bf\u03cd\u03bc\u03b5\u03bd\u03bf\u03c5-\u03ba-2\/\" \/>\n<meta property=\"og:locale\" content=\"el_GR\" \/>\n<meta property=\"og:type\" content=\"article\" \/>\n<meta property=\"og:title\" content=\"Avis De Recherche Bon Clay Wanted | D\u00e9coration One Piece \u2013 Boutique One Piece\" \/>\n<meta property=\"og:description\" content=\"Rend hommage \u00e0 la puissance de l&#039;amiti\u00e9 avec cet Avis de Recherche Bon Clay Wanted. Bon Clay, de son vrai nom Bentham, est un personnage tr\u00e8s appr\u00e9ci\u00e9 dans One Piece par rapport \u00e0 son caract\u00e8re excentrique et enjou\u00e9. Bien qu&#039;il soit un ennemi de Luffy lors de leur premi\u00e8re rencontre sous le pseudonyme de Mister Two pou\" \/>\n<meta property=\"og:url\" content=\"https:\/\/boutique-one-piece.com\/el\/\u03b1\u03c6\u03af\u03c3\u03b1-\u03c0\u03bf\u03c5-\u03b6\u03b7\u03c4\u03ae\u03b8\u03b7\u03ba\u03b5-\u03b1\u03c0\u03cc-\u03c4\u03bf-one-piece\/\u03b5\u03b9\u03b4\u03bf\u03c0\u03bf\u03af\u03b7\u03c3\u03b7-\u03ba\u03b1\u03c4\u03b1\u03b6\u03b7\u03c4\u03bf\u03cd\u03bc\u03b5\u03bd\u03bf\u03c5-\u03ba-2\/\" \/>\n<meta property=\"og:site_name\" content=\"Boutique One Piece\" \/>\n<meta property=\"article:modified_time\" content=\"2026-02-13T15:08:17+00:00\" \/>\n<meta property=\"og:image\" content=\"https:\/\/boutique-one-piece.com\/wp-content\/uploads\/2022\/09\/Avis-De-Recherche-Bon-Clay-Wanted-1.jpg\" \/>\n\t<meta property=\"og:image:width\" content=\"798\" \/>\n\t<meta property=\"og:image:height\" content=\"798\" \/>\n\t<meta property=\"og:image:type\" content=\"image\/jpeg\" \/>\n<meta name=\"twitter:card\" content=\"summary_large_image\" \/>\n<meta name=\"twitter:label1\" content=\"\u0395\u03ba\u03c4\u03b9\u03bc\u03ce\u03bc\u03b5\u03bd\u03bf\u03c2 \u03c7\u03c1\u03cc\u03bd\u03bf\u03c2 \u03b1\u03bd\u03ac\u03b3\u03bd\u03c9\u03c3\u03b7\u03c2\" \/>\n\t<meta name=\"twitter:data1\" content=\"2 \u03bb\u03b5\u03c0\u03c4\u03ac\" \/>\n<script type=\"application\/ld+json\" class=\"yoast-schema-graph\">{\"@context\":\"https:\\\/\\\/schema.org\",\"@graph\":[{\"@type\":\"WebPage\",\"@id\":\"https:\\\/\\\/boutique-one-piece.com\\\/avis-de-recherche-one-piece\\\/avis-de-recherche-mr-2-wanted\\\/\",\"url\":\"https:\\\/\\\/boutique-one-piece.com\\\/avis-de-recherche-one-piece\\\/avis-de-recherche-mr-2-wanted\\\/\",\"name\":\"Avis De Recherche Bon Clay Wanted | D\u00e9coration One Piece \u2013 Boutique One Piece\",\"isPartOf\":{\"@id\":\"https:\\\/\\\/boutique-one-piece.com\\\/#website\"},\"primaryImageOfPage\":{\"@id\":\"https:\\\/\\\/boutique-one-piece.com\\\/avis-de-recherche-one-piece\\\/avis-de-recherche-mr-2-wanted\\\/#primaryimage\"},\"image\":{\"@id\":\"https:\\\/\\\/boutique-one-piece.com\\\/avis-de-recherche-one-piece\\\/avis-de-recherche-mr-2-wanted\\\/#primaryimage\"},\"thumbnailUrl\":\"https:\\\/\\\/boutique-one-piece.com\\\/wp-content\\\/uploads\\\/2022\\\/09\\\/Avis-De-Recherche-Bon-Clay-Wanted-1.jpg\",\"datePublished\":\"2022-09-27T20:41:57+00:00\",\"dateModified\":\"2026-02-13T15:08:17+00:00\",\"description\":\"Rend hommage \u00e0 la puissance de l'amiti\u00e9 avec cet Avis de Recherche Bon Clay Wanted. Bon Clay, de son vrai nom Bentham, est un personnage tr\u00e8s appr\u00e9ci\u00e9 dans One Piece par rapport \u00e0 son caract\u00e8re excentrique et enjou\u00e9. Bien qu'il soit un ennemi de Luffy lors de leur premi\u00e8re rencontre sous le pseudonyme de Mister Two pou\",\"breadcrumb\":{\"@id\":\"https:\\\/\\\/boutique-one-piece.com\\\/avis-de-recherche-one-piece\\\/avis-de-recherche-mr-2-wanted\\\/#breadcrumb\"},\"inLanguage\":\"el\",\"potentialAction\":[{\"@type\":\"ReadAction\",\"target\":[\"https:\\\/\\\/boutique-one-piece.com\\\/avis-de-recherche-one-piece\\\/avis-de-recherche-mr-2-wanted\\\/\"]}]},{\"@type\":\"ImageObject\",\"inLanguage\":\"el\",\"@id\":\"https:\\\/\\\/boutique-one-piece.com\\\/avis-de-recherche-one-piece\\\/avis-de-recherche-mr-2-wanted\\\/#primaryimage\",\"url\":\"https:\\\/\\\/boutique-one-piece.com\\\/wp-content\\\/uploads\\\/2022\\\/09\\\/Avis-De-Recherche-Bon-Clay-Wanted-1.jpg\",\"contentUrl\":\"https:\\\/\\\/boutique-one-piece.com\\\/wp-content\\\/uploads\\\/2022\\\/09\\\/Avis-De-Recherche-Bon-Clay-Wanted-1.jpg\",\"width\":798,\"height\":798},{\"@type\":\"BreadcrumbList\",\"@id\":\"https:\\\/\\\/boutique-one-piece.com\\\/avis-de-recherche-one-piece\\\/avis-de-recherche-mr-2-wanted\\\/#breadcrumb\",\"itemListElement\":[{\"@type\":\"ListItem\",\"position\":1,\"name\":\"Home\",\"item\":\"https:\\\/\\\/boutique-one-piece.com\\\/\"},{\"@type\":\"ListItem\",\"position\":2,\"name\":\"Shop\",\"item\":\"https:\\\/\\\/boutique-one-piece.com\\\/shop\\\/\"},{\"@type\":\"ListItem\",\"position\":3,\"name\":\"Avis De Recherche Bon Clay Wanted\"}]},{\"@type\":\"WebSite\",\"@id\":\"https:\\\/\\\/boutique-one-piece.com\\\/#website\",\"url\":\"https:\\\/\\\/boutique-one-piece.com\\\/\",\"name\":\"Boutique One Piece\",\"description\":\"Magasin Sp\u00e9cialis\u00e9 du Manga et l&#039;Anime One Piece\",\"publisher\":{\"@id\":\"https:\\\/\\\/boutique-one-piece.com\\\/#organization\"},\"potentialAction\":[{\"@type\":\"SearchAction\",\"target\":{\"@type\":\"EntryPoint\",\"urlTemplate\":\"https:\\\/\\\/boutique-one-piece.com\\\/?s={search_term_string}\"},\"query-input\":{\"@type\":\"PropertyValueSpecification\",\"valueRequired\":true,\"valueName\":\"search_term_string\"}}],\"inLanguage\":\"el\"},{\"@type\":\"Organization\",\"@id\":\"https:\\\/\\\/boutique-one-piece.com\\\/#organization\",\"name\":\"Boutique One Piece\",\"url\":\"https:\\\/\\\/boutique-one-piece.com\\\/\",\"logo\":{\"@type\":\"ImageObject\",\"inLanguage\":\"el\",\"@id\":\"https:\\\/\\\/boutique-one-piece.com\\\/#\\\/schema\\\/logo\\\/image\\\/\",\"url\":\"https:\\\/\\\/boutique-one-piece.com\\\/wp-content\\\/uploads\\\/2022\\\/09\\\/Logo-01.png\",\"contentUrl\":\"https:\\\/\\\/boutique-one-piece.com\\\/wp-content\\\/uploads\\\/2022\\\/09\\\/Logo-01.png\",\"width\":2318,\"height\":957,\"caption\":\"Boutique One Piece\"},\"image\":{\"@id\":\"https:\\\/\\\/boutique-one-piece.com\\\/#\\\/schema\\\/logo\\\/image\\\/\"}}]}<\/script>\n<!-- \/ Yoast SEO plugin. -->","yoast_head_json":{"title":"\u0391\u03bd\u03b1\u03ba\u03bf\u03af\u03bd\u03c9\u03c3\u03b7 \u0396\u03b7\u03c4\u03b5\u03af\u03c4\u03b1\u03b9: \u0396\u03b7\u03c4\u03b5\u03af\u03c4\u03b1\u03b9 \u039a\u03b1\u03bb\u03cc\u03c2 \u03a0\u03b7\u03bb\u03cc\u03c2 | \u0394\u03b9\u03b1\u03ba\u03cc\u03c3\u03bc\u03b7\u03c3\u03b7 \u039f\u03bb\u03cc\u03c3\u03c9\u03bc\u03bf\u03c5 \u2013 \u039a\u03b1\u03c4\u03ac\u03c3\u03c4\u03b7\u03bc\u03b1 \u039f\u03bb\u03cc\u03c3\u03c9\u03bc\u03c9\u03bd \u03a0\u03bf\u03b9\u03ba\u03b9\u03bb\u03b9\u03ce\u03bd","description":"\u0391\u03c0\u03bf\u03c4\u03af\u03c3\u03c4\u03b5 \u03c6\u03cc\u03c1\u03bf \u03c4\u03b9\u03bc\u03ae\u03c2 \u03c3\u03c4\u03b7 \u03b4\u03cd\u03bd\u03b1\u03bc\u03b7 \u03c4\u03b7\u03c2 \u03c6\u03b9\u03bb\u03af\u03b1\u03c2 \u03bc\u03b5 \u03b1\u03c5\u03c4\u03ae\u03bd \u03c4\u03b7\u03bd \u03b1\u03c6\u03af\u03c3\u03b1 Bon Clay Wanted. \u039f Bon Clay, \u03c4\u03bf\u03c5 \u03bf\u03c0\u03bf\u03af\u03bf\u03c5 \u03c4\u03bf \u03c0\u03c1\u03b1\u03b3\u03bc\u03b1\u03c4\u03b9\u03ba\u03cc \u03cc\u03bd\u03bf\u03bc\u03b1 \u03b5\u03af\u03bd\u03b1\u03b9 Bentham, \u03b5\u03af\u03bd\u03b1\u03b9 \u03ad\u03bd\u03b1\u03c2 \u03b1\u03b3\u03b1\u03c0\u03b7\u03bc\u03ad\u03bd\u03bf\u03c2 \u03c7\u03b1\u03c1\u03b1\u03ba\u03c4\u03ae\u03c1\u03b1\u03c2 \u03c3\u03c4\u03bf One Piece \u03bb\u03cc\u03b3\u03c9 \u03c4\u03b7\u03c2 \u03b5\u03ba\u03ba\u03b5\u03bd\u03c4\u03c1\u03b9\u03ba\u03ae\u03c2 \u03ba\u03b1\u03b9 \u03c7\u03b1\u03c1\u03bf\u03cd\u03bc\u03b5\u03bd\u03b7\u03c2 \u03c0\u03c1\u03bf\u03c3\u03c9\u03c0\u03b9\u03ba\u03cc\u03c4\u03b7\u03c4\u03ac\u03c2 \u03c4\u03bf\u03c5. \u0391\u03bd \u03ba\u03b1\u03b9 \u03b5\u03af\u03bd\u03b1\u03b9 \u03b5\u03c7\u03b8\u03c1\u03cc\u03c2 \u03c4\u03bf\u03c5 Luffy \u03ba\u03b1\u03c4\u03ac \u03c4\u03b7\u03bd \u03c0\u03c1\u03ce\u03c4\u03b7 \u03c4\u03bf\u03c5\u03c2 \u03c3\u03c5\u03bd\u03ac\u03bd\u03c4\u03b7\u03c3\u03b7 \u03bc\u03b5 \u03c4\u03bf \u03c8\u03b5\u03c5\u03b4\u03ce\u03bd\u03c5\u03bc\u03bf Mister Two...","robots":{"index":"index","follow":"follow","max-snippet":"max-snippet:-1","max-image-preview":"max-image-preview:large","max-video-preview":"max-video-preview:-1"},"canonical":"https:\/\/boutique-one-piece.com\/el\/\u03b1\u03c6\u03af\u03c3\u03b1-\u03c0\u03bf\u03c5-\u03b6\u03b7\u03c4\u03ae\u03b8\u03b7\u03ba\u03b5-\u03b1\u03c0\u03cc-\u03c4\u03bf-one-piece\/\u03b5\u03b9\u03b4\u03bf\u03c0\u03bf\u03af\u03b7\u03c3\u03b7-\u03ba\u03b1\u03c4\u03b1\u03b6\u03b7\u03c4\u03bf\u03cd\u03bc\u03b5\u03bd\u03bf\u03c5-\u03ba-2\/","og_locale":"el_GR","og_type":"article","og_title":"Avis De Recherche Bon Clay Wanted | D\u00e9coration One Piece \u2013 Boutique One Piece","og_description":"Rend hommage \u00e0 la puissance de l'amiti\u00e9 avec cet Avis de Recherche Bon Clay Wanted. Bon Clay, de son vrai nom Bentham, est un personnage tr\u00e8s appr\u00e9ci\u00e9 dans One Piece par rapport \u00e0 son caract\u00e8re excentrique et enjou\u00e9. Bien qu'il soit un ennemi de Luffy lors de leur premi\u00e8re rencontre sous le pseudonyme de Mister Two pou","og_url":"https:\/\/boutique-one-piece.com\/el\/\u03b1\u03c6\u03af\u03c3\u03b1-\u03c0\u03bf\u03c5-\u03b6\u03b7\u03c4\u03ae\u03b8\u03b7\u03ba\u03b5-\u03b1\u03c0\u03cc-\u03c4\u03bf-one-piece\/\u03b5\u03b9\u03b4\u03bf\u03c0\u03bf\u03af\u03b7\u03c3\u03b7-\u03ba\u03b1\u03c4\u03b1\u03b6\u03b7\u03c4\u03bf\u03cd\u03bc\u03b5\u03bd\u03bf\u03c5-\u03ba-2\/","og_site_name":"Boutique One Piece","article_modified_time":"2026-02-13T15:08:17+00:00","og_image":[{"width":798,"height":798,"url":"https:\/\/boutique-one-piece.com\/wp-content\/uploads\/2022\/09\/Avis-De-Recherche-Bon-Clay-Wanted-1.jpg","type":"image\/jpeg"}],"twitter_card":"summary_large_image","twitter_misc":{"\u0395\u03ba\u03c4\u03b9\u03bc\u03ce\u03bc\u03b5\u03bd\u03bf\u03c2 \u03c7\u03c1\u03cc\u03bd\u03bf\u03c2 \u03b1\u03bd\u03ac\u03b3\u03bd\u03c9\u03c3\u03b7\u03c2":"2 \u03bb\u03b5\u03c0\u03c4\u03ac"},"schema":{"@context":"https:\/\/schema.org","@graph":[{"@type":"WebPage","@id":"https:\/\/boutique-one-piece.com\/avis-de-recherche-one-piece\/avis-de-recherche-mr-2-wanted\/","url":"https:\/\/boutique-one-piece.com\/avis-de-recherche-one-piece\/avis-de-recherche-mr-2-wanted\/","name":"\u0391\u03bd\u03b1\u03ba\u03bf\u03af\u03bd\u03c9\u03c3\u03b7 \u0396\u03b7\u03c4\u03b5\u03af\u03c4\u03b1\u03b9: \u0396\u03b7\u03c4\u03b5\u03af\u03c4\u03b1\u03b9 \u039a\u03b1\u03bb\u03cc\u03c2 \u03a0\u03b7\u03bb\u03cc\u03c2 | \u0394\u03b9\u03b1\u03ba\u03cc\u03c3\u03bc\u03b7\u03c3\u03b7 \u039f\u03bb\u03cc\u03c3\u03c9\u03bc\u03bf\u03c5 \u2013 \u039a\u03b1\u03c4\u03ac\u03c3\u03c4\u03b7\u03bc\u03b1 \u039f\u03bb\u03cc\u03c3\u03c9\u03bc\u03c9\u03bd \u03a0\u03bf\u03b9\u03ba\u03b9\u03bb\u03b9\u03ce\u03bd","isPartOf":{"@id":"https:\/\/boutique-one-piece.com\/#website"},"primaryImageOfPage":{"@id":"https:\/\/boutique-one-piece.com\/avis-de-recherche-one-piece\/avis-de-recherche-mr-2-wanted\/#primaryimage"},"image":{"@id":"https:\/\/boutique-one-piece.com\/avis-de-recherche-one-piece\/avis-de-recherche-mr-2-wanted\/#primaryimage"},"thumbnailUrl":"https:\/\/boutique-one-piece.com\/wp-content\/uploads\/2022\/09\/Avis-De-Recherche-Bon-Clay-Wanted-1.jpg","datePublished":"2022-09-27T20:41:57+00:00","dateModified":"2026-02-13T15:08:17+00:00","description":"\u0391\u03c0\u03bf\u03c4\u03af\u03c3\u03c4\u03b5 \u03c6\u03cc\u03c1\u03bf \u03c4\u03b9\u03bc\u03ae\u03c2 \u03c3\u03c4\u03b7 \u03b4\u03cd\u03bd\u03b1\u03bc\u03b7 \u03c4\u03b7\u03c2 \u03c6\u03b9\u03bb\u03af\u03b1\u03c2 \u03bc\u03b5 \u03b1\u03c5\u03c4\u03ae\u03bd \u03c4\u03b7\u03bd \u03b1\u03c6\u03af\u03c3\u03b1 Bon Clay Wanted. \u039f Bon Clay, \u03c4\u03bf\u03c5 \u03bf\u03c0\u03bf\u03af\u03bf\u03c5 \u03c4\u03bf \u03c0\u03c1\u03b1\u03b3\u03bc\u03b1\u03c4\u03b9\u03ba\u03cc \u03cc\u03bd\u03bf\u03bc\u03b1 \u03b5\u03af\u03bd\u03b1\u03b9 Bentham, \u03b5\u03af\u03bd\u03b1\u03b9 \u03ad\u03bd\u03b1\u03c2 \u03b1\u03b3\u03b1\u03c0\u03b7\u03bc\u03ad\u03bd\u03bf\u03c2 \u03c7\u03b1\u03c1\u03b1\u03ba\u03c4\u03ae\u03c1\u03b1\u03c2 \u03c3\u03c4\u03bf One Piece \u03bb\u03cc\u03b3\u03c9 \u03c4\u03b7\u03c2 \u03b5\u03ba\u03ba\u03b5\u03bd\u03c4\u03c1\u03b9\u03ba\u03ae\u03c2 \u03ba\u03b1\u03b9 \u03c7\u03b1\u03c1\u03bf\u03cd\u03bc\u03b5\u03bd\u03b7\u03c2 \u03c0\u03c1\u03bf\u03c3\u03c9\u03c0\u03b9\u03ba\u03cc\u03c4\u03b7\u03c4\u03ac\u03c2 \u03c4\u03bf\u03c5. \u0391\u03bd \u03ba\u03b1\u03b9 \u03b5\u03af\u03bd\u03b1\u03b9 \u03b5\u03c7\u03b8\u03c1\u03cc\u03c2 \u03c4\u03bf\u03c5 Luffy \u03ba\u03b1\u03c4\u03ac \u03c4\u03b7\u03bd \u03c0\u03c1\u03ce\u03c4\u03b7 \u03c4\u03bf\u03c5\u03c2 \u03c3\u03c5\u03bd\u03ac\u03bd\u03c4\u03b7\u03c3\u03b7 \u03bc\u03b5 \u03c4\u03bf \u03c8\u03b5\u03c5\u03b4\u03ce\u03bd\u03c5\u03bc\u03bf Mister Two...","breadcrumb":{"@id":"https:\/\/boutique-one-piece.com\/avis-de-recherche-one-piece\/avis-de-recherche-mr-2-wanted\/#breadcrumb"},"inLanguage":"el","potentialAction":[{"@type":"ReadAction","target":["https:\/\/boutique-one-piece.com\/avis-de-recherche-one-piece\/avis-de-recherche-mr-2-wanted\/"]}]},{"@type":"ImageObject","inLanguage":"el","@id":"https:\/\/boutique-one-piece.com\/avis-de-recherche-one-piece\/avis-de-recherche-mr-2-wanted\/#primaryimage","url":"https:\/\/boutique-one-piece.com\/wp-content\/uploads\/2022\/09\/Avis-De-Recherche-Bon-Clay-Wanted-1.jpg","contentUrl":"https:\/\/boutique-one-piece.com\/wp-content\/uploads\/2022\/09\/Avis-De-Recherche-Bon-Clay-Wanted-1.jpg","width":798,"height":798},{"@type":"BreadcrumbList","@id":"https:\/\/boutique-one-piece.com\/avis-de-recherche-one-piece\/avis-de-recherche-mr-2-wanted\/#breadcrumb","itemListElement":[{"@type":"ListItem","position":1,"name":"Home","item":"https:\/\/boutique-one-piece.com\/"},{"@type":"ListItem","position":2,"name":"Shop","item":"https:\/\/boutique-one-piece.com\/shop\/"},{"@type":"ListItem","position":3,"name":"Avis De Recherche Bon Clay Wanted"}]},{"@type":"WebSite","@id":"https:\/\/boutique-one-piece.com\/#website","url":"https:\/\/boutique-one-piece.com\/","name":"\u039a\u03b1\u03c4\u03ac\u03c3\u03c4\u03b7\u03bc\u03b1 One Piece","description":"\u0395\u03be\u03b5\u03b9\u03b4\u03b9\u03ba\u03b5\u03c5\u03bc\u03ad\u03bd\u03bf \u03ba\u03b1\u03c4\u03ac\u03c3\u03c4\u03b7\u03bc\u03b1 \u03b3\u03b9\u03b1 One Piece Manga \u03ba\u03b1\u03b9 Anime","publisher":{"@id":"https:\/\/boutique-one-piece.com\/#organization"},"potentialAction":[{"@type":"SearchAction","target":{"@type":"EntryPoint","urlTemplate":"https:\/\/boutique-one-piece.com\/?s={search_term_string}"},"query-input":{"@type":"PropertyValueSpecification","valueRequired":true,"valueName":"search_term_string"}}],"inLanguage":"el"},{"@type":"Organization","@id":"https:\/\/boutique-one-piece.com\/#organization","name":"\u039a\u03b1\u03c4\u03ac\u03c3\u03c4\u03b7\u03bc\u03b1 One Piece","url":"https:\/\/boutique-one-piece.com\/","logo":{"@type":"ImageObject","inLanguage":"el","@id":"https:\/\/boutique-one-piece.com\/#\/schema\/logo\/image\/","url":"https:\/\/boutique-one-piece.com\/wp-content\/uploads\/2022\/09\/Logo-01.png","contentUrl":"https:\/\/boutique-one-piece.com\/wp-content\/uploads\/2022\/09\/Logo-01.png","width":2318,"height":957,"caption":"Boutique One Piece"},"image":{"@id":"https:\/\/boutique-one-piece.com\/#\/schema\/logo\/image\/"}}]}},"_links":{"self":[{"href":"https:\/\/boutique-one-piece.com\/el\/wp-json\/wp\/v2\/product\/11550","targetHints":{"allow":["GET"]}}],"collection":[{"href":"https:\/\/boutique-one-piece.com\/el\/wp-json\/wp\/v2\/product"}],"about":[{"href":"https:\/\/boutique-one-piece.com\/el\/wp-json\/wp\/v2\/types\/product"}],"replies":[{"embeddable":true,"href":"https:\/\/boutique-one-piece.com\/el\/wp-json\/wp\/v2\/comments?post=11550"}],"wp:featuredmedia":[{"embeddable":true,"href":"https:\/\/boutique-one-piece.com\/el\/wp-json\/wp\/v2\/media\/11552"}],"wp:attachment":[{"href":"https:\/\/boutique-one-piece.com\/el\/wp-json\/wp\/v2\/media?parent=11550"}],"wp:term":[{"taxonomy":"product_brand","embeddable":true,"href":"https:\/\/boutique-one-piece.com\/el\/wp-json\/wp\/v2\/product_brand?post=11550"},{"taxonomy":"product_cat","embeddable":true,"href":"https:\/\/boutique-one-piece.com\/el\/wp-json\/wp\/v2\/product_cat?post=11550"},{"taxonomy":"product_tag","embeddable":true,"href":"https:\/\/boutique-one-piece.com\/el\/wp-json\/wp\/v2\/product_tag?post=11550"}],"curies":[{"name":"\u03b5\u03c1\u03b3\u03b1\u03c3\u03af\u03b1","href":"https:\/\/api.w.org\/{rel}","templated":true}]}}