{"id":11650,"date":"2022-09-27T20:42:27","date_gmt":"2022-09-27T20:42:27","guid":{"rendered":"https:\/\/boutique-one-piece.com\/uncategorized\/drapeau-equipage-de-barbe-noire\/"},"modified":"2024-09-16T12:35:41","modified_gmt":"2024-09-16T12:35:41","slug":"%cf%83%ce%b7%ce%bc%ce%b1%ce%af%ce%b1-%cf%80%ce%bb%ce%b7%cf%81%cf%8e%ce%bc%ce%b1%cf%84%ce%bf%cf%82-%cf%84%ce%bf%cf%85-%ce%bc%ce%b1%cf%85%cf%81%ce%bf%ce%b3%ce%ad%ce%bd%ce%b7","status":"publish","type":"product","link":"https:\/\/boutique-one-piece.com\/el\/%ce%b4%ce%b9%ce%b1%ce%ba%ce%bf%cf%83%ce%bc%ce%ae%cf%83%ce%b5%ce%b9%cf%82-%ce%b1%cf%80%cf%8c-%ce%ad%ce%bd%ce%b1-%ce%ba%ce%bf%ce%bc%ce%bc%ce%ac%cf%84%ce%b9\/%cf%83%ce%b7%ce%bc%ce%b1%ce%af%ce%b5%cf%82-one-piece\/%cf%83%ce%b7%ce%bc%ce%b1%ce%af%ce%b1-%cf%80%ce%bb%ce%b7%cf%81%cf%8e%ce%bc%ce%b1%cf%84%ce%bf%cf%82-%cf%84%ce%bf%cf%85-%ce%bc%ce%b1%cf%85%cf%81%ce%bf%ce%b3%ce%ad%ce%bd%ce%b7\/","title":{"rendered":"\u03a3\u03b7\u03bc\u03b1\u03af\u03b1 \u03c0\u03bb\u03b7\u03c1\u03ce\u03bc\u03b1\u03c4\u03bf\u03c2 \u03c4\u03bf\u03c5 \u039c\u03b1\u03c5\u03c1\u03bf\u03b3\u03ad\u03bd\u03b7"},"content":{"rendered":"<h2>\u039d\u03b5\u03b1\u03c1\u03ad \u039d\u03b1\u03ba\u03ac\u03bc\u03b1, \u03c0\u03ac\u03c1\u03b5 \u03c4\u03ce\u03c1\u03b1 \u03c3\u03c4\u03b1 \u03c7\u03ad\u03c1\u03b9\u03b1 \u03c3\u03bf\u03c5 \u03b1\u03c5\u03c4\u03ae \u03c4\u03b7 \u03a3\u03b7\u03bc\u03b1\u03af\u03b1 \u03c4\u03c9\u03bd \u03a0\u03b5\u03b9\u03c1\u03b1\u03c4\u03ce\u03bd \u03c4\u03bf\u03c5 \u039c\u03b1\u03c5\u03c1\u03bf\u03b3\u03ad\u03bd\u03b7.<\/h2>\n<p>\u03a4\u03bf \u03c0\u03bb\u03ae\u03c1\u03c9\u03bc\u03b1 \u03c4\u03bf\u03c5 \u039c\u03b1\u03c5\u03c1\u03bf\u03b3\u03ad\u03bd\u03b7 \u03b7\u03b3\u03b5\u03af\u03c4\u03b1\u03b9 \u03bf \u0391\u03c5\u03c4\u03bf\u03ba\u03c1\u03ac\u03c4\u03bf\u03c1\u03b1\u03c2\u00a0<strong>\u039c\u03ac\u03c1\u03c3\u03b1\u03bb \u039d\u03c4. \u03a4\u03b9\u03c4\u03c2<\/strong>, \u03c0\u03b9\u03bf \u03b3\u03bd\u03c9\u03c3\u03c4\u03cc \u03c9\u03c2<strong> \u039c\u03b1\u03c5\u03c1\u03bf\u03b3\u03ad\u03bd\u03b7\u03c2<\/strong>. \u0391\u03c5\u03c4\u03ae \u03c4\u03b7 \u03c3\u03c4\u03b9\u03b3\u03bc\u03ae \u03b5\u03af\u03bd\u03b1\u03b9 \u03ad\u03bd\u03b1\u03c2 \u03b1\u03c0\u03cc \u03c4\u03bf\u03c5\u03c2 \u03a4\u03ad\u03c3\u03c3\u03b5\u03c1\u03b9\u03c2 \u0391\u03c5\u03c4\u03bf\u03ba\u03c1\u03ac\u03c4\u03bf\u03c1\u03b5\u03c2. \u038c\u03c3\u03bf\u03bd \u03b1\u03c6\u03bf\u03c1\u03ac \u03c4\u03b7 \u03c3\u03b7\u03bc\u03b1\u03af\u03b1 \u03b1\u03c5\u03c4\u03bf\u03cd \u03c4\u03bf\u03c5 \u03c0\u03bb\u03b7\u03c1\u03ce\u03bc\u03b1\u03c4\u03bf\u03c2, \u03cc\u03c0\u03c9\u03c2 \u03bc\u03c0\u03bf\u03c1\u03b5\u03af\u03c4\u03b5 \u03bd\u03b1 \u03b4\u03b5\u03af\u03c4\u03b5, \u03c0\u03b5\u03c1\u03b9\u03ad\u03c7\u03b5\u03b9 \u03c4\u03c1\u03af\u03b1 \u03ba\u03c1\u03b1\u03bd\u03af\u03b1: \u03ad\u03bd\u03b1 \u03c3\u03c4\u03bf \u03ba\u03ad\u03bd\u03c4\u03c1\u03bf, \u03ad\u03bd\u03b1 \u03c3\u03c4\u03b1 \u03b4\u03b5\u03be\u03b9\u03ac \u03ba\u03b1\u03b9 \u03ad\u03bd\u03b1 \u03c3\u03c4\u03b1 \u03b1\u03c1\u03b9\u03c3\u03c4\u03b5\u03c1\u03ac. \u03a0\u03af\u03c3\u03c9 \u03c4\u03bf\u03c5\u03c2 \u03c5\u03c0\u03ac\u03c1\u03c7\u03bf\u03c5\u03bd \u03c4\u03ad\u03c3\u03c3\u03b5\u03c1\u03b1 \u03c3\u03c4\u03b1\u03c5\u03c1\u03c9\u03c4\u03ac \u03ba\u03cc\u03ba\u03b1\u03bb\u03b1 \u03b1\u03bd\u03c4\u03af \u03b3\u03b9\u03b1 \u03c4\u03b1 \u03c3\u03c5\u03bd\u03b7\u03b8\u03b9\u03c3\u03bc\u03ad\u03bd\u03b1 \u03b4\u03cd\u03bf.<\/p>\n<p>\u0398\u03b1 \u03c0\u03c1\u03ad\u03c0\u03b5\u03b9 \u03b5\u03c0\u03af\u03c3\u03b7\u03c2 \u03bd\u03b1 \u03b3\u03bd\u03c9\u03c1\u03af\u03b6\u03b5\u03c4\u03b5 \u03cc\u03c4\u03b9<strong> \u039f\u03b9 \u03a0\u03b5\u03b9\u03c1\u03b1\u03c4\u03ad\u03c2 \u03c4\u03bf\u03c5 \u039c\u03b1\u03c5\u03c1\u03bf\u03b3\u03ad\u03bd\u03b7<\/strong> \u03b5\u03af\u03bd\u03b1\u03b9 \u03c0\u03bf\u03bb\u03cd \u03c0\u03b9\u03bf \u03b4\u03c5\u03bd\u03b1\u03c4\u03bf\u03af \u03b1\u03c0\u03cc \u03bf\u03c0\u03bf\u03b9\u03bf\u03b4\u03ae\u03c0\u03bf\u03c4\u03b5 \u03ac\u03bb\u03bb\u03bf \u03c0\u03bb\u03ae\u03c1\u03c9\u03bc\u03b1. \u039a\u03b1\u03c4\u03ac \u03bc\u03af\u03b1 \u03ad\u03bd\u03bd\u03bf\u03b9\u03b1, \u03b5\u03af\u03bd\u03b1\u03b9 \u03b7 \u03ba\u03b1\u03ba\u03b9\u03ac \u03b5\u03ba\u03b4\u03bf\u03c7\u03ae \u03c4\u03c9\u03bd \u03a0\u03b5\u03b9\u03c1\u03b1\u03c4\u03ce\u03bd \u03bc\u03b5 \u03c4\u03b1 \u03a8\u03ac\u03b8\u03b9\u03bd\u03b1 \u039a\u03b1\u03c0\u03ad\u03bb\u03b1: \u03ba\u03b1\u03b9 \u03c4\u03b1 \u03b4\u03cd\u03bf \u03c0\u03bb\u03b7\u03c1\u03ce\u03bc\u03b1\u03c4\u03b1 \u03b5\u03af\u03bd\u03b1\u03b9 \u03b1\u03c3\u03c5\u03bd\u03ae\u03b8\u03b9\u03c3\u03c4\u03b1 \u03b4\u03c5\u03bd\u03b1\u03c4\u03ac \u03c0\u03b1\u03c1\u03ac \u03c4\u03bf \u03b1\u03bd\u03c4\u03af\u03c3\u03c4\u03bf\u03b9\u03c7\u03bf \u03bc\u03ad\u03b3\u03b5\u03b8\u03cc\u03c2 \u03c4\u03bf\u03c5\u03c2 \u03ba\u03b1\u03b9 \u03c3\u03c4\u03c1\u03b1\u03c4\u03bf\u03bb\u03bf\u03b3\u03bf\u03cd\u03bd \u03bc\u03cc\u03bd\u03bf \u03bc\u03ad\u03bb\u03b7 \u03bc\u03b5 \u03c5\u03c8\u03b7\u03bb\u03ae \u03b5\u03be\u03b5\u03b9\u03b4\u03af\u03ba\u03b5\u03c5\u03c3\u03b7. \u0395\u03c0\u03b9\u03c0\u03bb\u03ad\u03bf\u03bd, \u03bf\u03b9 <a href=\"https:\/\/boutique-one-piece.com\/el\/%ce%ba%ce%b1%ce%bb%cf%8c%cf%82-%ce%bc%ce%b1%cf%8a%ce%bc%ce%bf%cf%8d-d-luffy\/%cf%80%cf%81%ce%bf%cf%8a%cf%8c%ce%bd%cf%84%ce%b1\/drapeau-equipage-du-chapeau-de-paille\/\" title=\"\u03a3\u0397\u039c\u0391\u0399\u0391 \u03a0\u039b\u0397\u03a1\u03a9\u039c\u0397\u03a3 \u039c\u0395 \u03a8\u0391\u0398\u0399\u039d\u039f \u039a\u0391\u03a0\u0395\u039b\u039f\" target=\"_blank\" rel=\"noopener\">\u03a3\u03b7\u03bc\u03b1\u03af\u03b1 \u03c0\u03bb\u03b7\u03c1\u03ce\u03bc\u03b1\u03c4\u03bf\u03c2 \u03bc\u03b5 \u03c8\u03ac\u03b8\u03b9\u03bd\u03bf \u03ba\u03b1\u03c0\u03ad\u03bb\u03bf<\/a> \u03b5\u03af\u03bd\u03b1\u03b9 \u03b5\u03bd\u03c4\u03cc\u03c2 \u03c4\u03c9\u03bd \u03b4\u03c5\u03bd\u03b1\u03c4\u03bf\u03c4\u03ae\u03c4\u03c9\u03bd \u03c3\u03b1\u03c2.<\/p>\n<h3>\u039d\u03b5\u03b1\u03c1\u03ad \u03c0\u03b5\u03b9\u03c1\u03b1\u03c4\u03ae, \u03b7 \u03b5\u03c0\u03b9\u03bb\u03bf\u03b3\u03ae \u03c3\u03bf\u03c5 \u03ad\u03b3\u03b9\u03bd\u03b5. \u0395\u03af\u03c3\u03b1\u03b9 \u03c0\u03bb\u03ad\u03bf\u03bd \u03bc\u03ad\u03bb\u03bf\u03c2 \u03c4\u03c9\u03bd \u03a0\u03b5\u03b9\u03c1\u03b1\u03c4\u03ce\u03bd \u03c4\u03bf\u03c5 \u039c\u03b1\u03c5\u03c1\u03bf\u03b3\u03ad\u03bd\u03b7. \u0394\u03b5\u03af\u03be\u03b5 \u03bc\u03b5 \u03c5\u03c0\u03b5\u03c1\u03b7\u03c6\u03ac\u03bd\u03b5\u03b9\u03b1 \u03c4\u03b7\u03bd \u03b1\u03c6\u03bf\u03c3\u03af\u03c9\u03c3\u03ae \u03c3\u03bf\u03c5 \u03bc\u03b5 \u03b1\u03c5\u03c4\u03ae \u03c4\u03b7 \u03c3\u03b7\u03bc\u03b1\u03af\u03b1.<\/h3>\n<p>\u0395\u03af\u03c4\u03b5 \u03b5\u03af\u03c3\u03c4\u03b5 \u03c6\u03b1\u03bd\u03b1\u03c4\u03b9\u03ba\u03cc\u03c2 \u03b8\u03b1\u03c5\u03bc\u03b1\u03c3\u03c4\u03ae\u03c2 \u03b5\u03af\u03c4\u03b5 \u03c3\u03bf\u03b2\u03b1\u03c1\u03cc\u03c2 \u03c3\u03c5\u03bb\u03bb\u03ad\u03ba\u03c4\u03b7\u03c2, \u03ba\u03b1\u03bb\u03ac \u03bd\u03ad\u03b1, \u03b2\u03c1\u03af\u03c3\u03ba\u03b5\u03c3\u03c4\u03b5 \u03c3\u03c4\u03bf \u03c3\u03c9\u03c3\u03c4\u03cc \u03bc\u03ad\u03c1\u03bf\u03c2. \u0395\u03b4\u03ce, \u03b8\u03b1 \u03b2\u03c1\u03b5\u03af\u03c4\u03b5 \u03c4\u03b1 \u03c0\u03ac\u03bd\u03c4\u03b1.<strong> \u03bc\u03c5\u03b8\u03b9\u03ba\u03ac \u03b1\u03bd\u03c4\u03b9\u03ba\u03b5\u03af\u03bc\u03b5\u03bd\u03b1<\/strong> \u03c0\u03bf\u03c5 \u03b8\u03b1 \u03c3\u03b1\u03c2 \u03b5\u03c0\u03b9\u03c4\u03c1\u03ad\u03c8\u03b5\u03b9 \u03bd\u03b1 \u03b5\u03c0\u03b5\u03ba\u03c4\u03b5\u03af\u03bd\u03b5\u03c4\u03b5 \u03c4\u03bf \u03c3\u03cd\u03bc\u03c0\u03b1\u03bd One Piece. \u03a0\u03ac\u03c1\u03c4\u03b5 \u03c4\u03bf \u03c0\u03b5\u03b9\u03c1\u03b1\u03c4\u03b9\u03ba\u03cc \u03c3\u03b1\u03c2 \u03c0\u03b5\u03c0\u03c1\u03c9\u03bc\u03ad\u03bd\u03bf \u03c3\u03c4\u03b1 \u03c7\u03ad\u03c1\u03b9\u03b1 \u03c3\u03b1\u03c2 \u03ba\u03b1\u03b9 \u03c3\u03c5\u03bd\u03b5\u03c7\u03af\u03c3\u03c4\u03b5 \u03bd\u03b1 \u03b6\u03b5\u03af\u03c4\u03b5. <strong>\u03c0\u03b5\u03c1\u03b9\u03c0\u03ad\u03c4\u03b5\u03b9\u03b5\u03c2<\/strong> \u03c4\u03bf \u03ba\u03b1\u03b8\u03ad\u03bd\u03b1 \u03c0\u03b9\u03bf \u03c3\u03c5\u03bd\u03b1\u03c1\u03c0\u03b1\u03c3\u03c4\u03b9\u03ba\u03cc \u03b1\u03c0\u03cc \u03c4\u03bf \u03c0\u03c1\u03bf\u03b7\u03b3\u03bf\u03cd\u03bc\u03b5\u03bd\u03bf.<\/p>\n<h2>\u03a0\u03bb\u03b7\u03c1\u03bf\u03c6\u03bf\u03c1\u03af\u03b5\u03c2 \u03b3\u03b9\u03b1 \u03c4\u03b7 \u03a3\u03b7\u03bc\u03b1\u03af\u03b1 \u03c4\u03c9\u03bd \u03a0\u03b5\u03b9\u03c1\u03b1\u03c4\u03ce\u03bd \u03c4\u03bf\u03c5 \u039c\u03b1\u03c5\u03c1\u03bf\u03b3\u03ad\u03bd\u03b7:<\/h2>\n<ul>\n<li>\n<strong><u>\u03a3\u03b7\u03bc\u03b1\u03af\u03b1 One Piece<\/u><\/strong>\u00a0\u039c\u03b9\u03b1 \u03b3\u03bd\u03ae\u03c3\u03b9\u03b1 \u03c0\u03b5\u03b9\u03c1\u03b1\u03c4\u03b9\u03ba\u03ae \u03c3\u03b7\u03bc\u03b1\u03af\u03b1 \u03c4\u03bf\u03c5 One Piece \u03b3\u03b9\u03b1 \u03b1\u03bb\u03b7\u03b8\u03b9\u03bd\u03bf\u03cd\u03c2 \u03b8\u03b1\u03c5\u03bc\u03b1\u03c3\u03c4\u03ad\u03c2<\/li>\n<\/ul>\n<ul>\n<li>\n<strong>\u0395\u03ba\u03c4\u03cd\u03c0\u03c9\u03c3\u03b7 \u03c5\u03c8\u03b7\u03bb\u03ae\u03c2 \u03c0\u03bf\u03b9\u03cc\u03c4\u03b7\u03c4\u03b1\u03c2<\/strong>\u00a0\u03b1\u03ba\u03c1\u03b9\u03b2\u03ae \u03c7\u03c1\u03ce\u03bc\u03b1\u03c4\u03b1<\/li>\n<\/ul>\n<ul>\n<li>\n<strong>\u03a5\u03bb\u03b7<\/strong> \u03a0\u03bf\u03bb\u03c5\u03b5\u03c3\u03c4\u03ad\u03c1\u03b1\u03c2<\/li>\n<\/ul>\n<ul>\n<li>\n<strong>\u0394\u03b9\u03ac\u03c3\u03c4\u03b1\u03c3\u03b7<\/strong>\u00a0: 65 \u03b5\u03ba. X 90<\/li>\n<\/ul>\n<ul>\n<li><strong>\u0394\u03a9\u03a1\u0395\u0391\u039d \u03a0\u0391\u03a1\u0391\u0394\u039f\u03a3\u0397<\/strong><\/li>\n<\/ul>","protected":false},"excerpt":{"rendered":"<p>Jeune Nakama, procure-toi d\u00e8s maintenant ce Drapeau \u00c9quipage de Barbe Noire. L&rsquo;\u00e9quipage de Barbe Noire est dirig\u00e9 par l&rsquo;Empereur\u00a0Marshall D. Teach, mieux connu sous le nom de Barbe Noire. Il fait actuellement partie des Quatre Empereurs. Concernant le drapeau de cet \u00e9quipage, comme tu peux le voir, il contient trois cr\u00e2nes : Un au centre, [&hellip;]<\/p>","protected":false},"featured_media":11652,"comment_status":"open","ping_status":"open","template":"","meta":[],"product_brand":[],"product_cat":[212],"product_tag":[286],"class_list":{"0":"post-11650","1":"product","2":"type-product","3":"status-publish","4":"has-post-thumbnail","6":"product_cat-drapeaux-one-piece","7":"product_tag-barbe-noire","9":"first","10":"instock","11":"purchasable","12":"product-type-simple"},"yoast_head":"<!-- This site is optimized with the Yoast SEO plugin v27.5 - https:\/\/yoast.com\/product\/yoast-seo-wordpress\/ -->\n<title>Drapeau \u00c9quipage de Barbe Noire | Boutique One Piece<\/title>\n<meta name=\"description\" content=\"D\u00e9couvrez le Drapeau One Piece Barbe Noire, d\u00e9corez votre pi\u00e8ce en portant les couleurs de l&#039;empereur Marshall D. Teach ! Commencez votre aventure recherche du One Piece dans l&#039;\u00e9quipage de Barbe Noire\" \/>\n<meta name=\"robots\" content=\"index, follow, max-snippet:-1, max-image-preview:large, max-video-preview:-1\" \/>\n<link rel=\"canonical\" href=\"https:\/\/boutique-one-piece.com\/el\/\u03b4\u03b9\u03b1\u03ba\u03bf\u03c3\u03bc\u03ae\u03c3\u03b5\u03b9\u03c2-\u03b1\u03c0\u03cc-\u03ad\u03bd\u03b1-\u03ba\u03bf\u03bc\u03bc\u03ac\u03c4\u03b9\/\u03c3\u03b7\u03bc\u03b1\u03af\u03b5\u03c2-one-piece\/\u03c3\u03b7\u03bc\u03b1\u03af\u03b1-\u03c0\u03bb\u03b7\u03c1\u03ce\u03bc\u03b1\u03c4\u03bf\u03c2-\u03c4\u03bf\u03c5-\u03bc\u03b1\u03c5\u03c1\u03bf\u03b3\u03ad\u03bd\u03b7\/\" \/>\n<meta property=\"og:locale\" content=\"el_GR\" \/>\n<meta property=\"og:type\" content=\"article\" \/>\n<meta property=\"og:title\" content=\"Drapeau \u00c9quipage de Barbe Noire | Boutique One Piece\" \/>\n<meta property=\"og:description\" content=\"D\u00e9couvrez le Drapeau One Piece Barbe Noire, d\u00e9corez votre pi\u00e8ce en portant les couleurs de l&#039;empereur Marshall D. Teach ! Commencez votre aventure recherche du One Piece dans l&#039;\u00e9quipage de Barbe Noire\" \/>\n<meta property=\"og:url\" content=\"https:\/\/boutique-one-piece.com\/el\/\u03b4\u03b9\u03b1\u03ba\u03bf\u03c3\u03bc\u03ae\u03c3\u03b5\u03b9\u03c2-\u03b1\u03c0\u03cc-\u03ad\u03bd\u03b1-\u03ba\u03bf\u03bc\u03bc\u03ac\u03c4\u03b9\/\u03c3\u03b7\u03bc\u03b1\u03af\u03b5\u03c2-one-piece\/\u03c3\u03b7\u03bc\u03b1\u03af\u03b1-\u03c0\u03bb\u03b7\u03c1\u03ce\u03bc\u03b1\u03c4\u03bf\u03c2-\u03c4\u03bf\u03c5-\u03bc\u03b1\u03c5\u03c1\u03bf\u03b3\u03ad\u03bd\u03b7\/\" \/>\n<meta property=\"og:site_name\" content=\"Boutique One Piece\" \/>\n<meta property=\"article:modified_time\" content=\"2024-09-16T12:35:41+00:00\" \/>\n<meta property=\"og:image\" content=\"https:\/\/boutique-one-piece.com\/wp-content\/uploads\/2022\/09\/Drapeau-Equipage-de-Barbe-Noire-1.jpg\" \/>\n\t<meta property=\"og:image:width\" content=\"800\" \/>\n\t<meta property=\"og:image:height\" content=\"800\" \/>\n\t<meta property=\"og:image:type\" content=\"image\/jpeg\" \/>\n<meta name=\"twitter:card\" content=\"summary_large_image\" \/>\n<meta name=\"twitter:label1\" content=\"\u0395\u03ba\u03c4\u03b9\u03bc\u03ce\u03bc\u03b5\u03bd\u03bf\u03c2 \u03c7\u03c1\u03cc\u03bd\u03bf\u03c2 \u03b1\u03bd\u03ac\u03b3\u03bd\u03c9\u03c3\u03b7\u03c2\" \/>\n\t<meta name=\"twitter:data1\" content=\"1 \u03bb\u03b5\u03c0\u03c4\u03cc\" \/>\n<script type=\"application\/ld+json\" class=\"yoast-schema-graph\">{\"@context\":\"https:\\\/\\\/schema.org\",\"@graph\":[{\"@type\":\"WebPage\",\"@id\":\"https:\\\/\\\/boutique-one-piece.com\\\/decorations-one-piece\\\/drapeaux-one-piece\\\/drapeau-equipage-de-barbe-noire\\\/\",\"url\":\"https:\\\/\\\/boutique-one-piece.com\\\/decorations-one-piece\\\/drapeaux-one-piece\\\/drapeau-equipage-de-barbe-noire\\\/\",\"name\":\"Drapeau \u00c9quipage de Barbe Noire | Boutique One Piece\",\"isPartOf\":{\"@id\":\"https:\\\/\\\/boutique-one-piece.com\\\/#website\"},\"primaryImageOfPage\":{\"@id\":\"https:\\\/\\\/boutique-one-piece.com\\\/decorations-one-piece\\\/drapeaux-one-piece\\\/drapeau-equipage-de-barbe-noire\\\/#primaryimage\"},\"image\":{\"@id\":\"https:\\\/\\\/boutique-one-piece.com\\\/decorations-one-piece\\\/drapeaux-one-piece\\\/drapeau-equipage-de-barbe-noire\\\/#primaryimage\"},\"thumbnailUrl\":\"https:\\\/\\\/boutique-one-piece.com\\\/wp-content\\\/uploads\\\/2022\\\/09\\\/Drapeau-Equipage-de-Barbe-Noire-1.jpg\",\"datePublished\":\"2022-09-27T20:42:27+00:00\",\"dateModified\":\"2024-09-16T12:35:41+00:00\",\"description\":\"D\u00e9couvrez le Drapeau One Piece Barbe Noire, d\u00e9corez votre pi\u00e8ce en portant les couleurs de l'empereur Marshall D. Teach ! Commencez votre aventure recherche du One Piece dans l'\u00e9quipage de Barbe Noire\",\"breadcrumb\":{\"@id\":\"https:\\\/\\\/boutique-one-piece.com\\\/decorations-one-piece\\\/drapeaux-one-piece\\\/drapeau-equipage-de-barbe-noire\\\/#breadcrumb\"},\"inLanguage\":\"el\",\"potentialAction\":[{\"@type\":\"ReadAction\",\"target\":[\"https:\\\/\\\/boutique-one-piece.com\\\/decorations-one-piece\\\/drapeaux-one-piece\\\/drapeau-equipage-de-barbe-noire\\\/\"]}]},{\"@type\":\"ImageObject\",\"inLanguage\":\"el\",\"@id\":\"https:\\\/\\\/boutique-one-piece.com\\\/decorations-one-piece\\\/drapeaux-one-piece\\\/drapeau-equipage-de-barbe-noire\\\/#primaryimage\",\"url\":\"https:\\\/\\\/boutique-one-piece.com\\\/wp-content\\\/uploads\\\/2022\\\/09\\\/Drapeau-Equipage-de-Barbe-Noire-1.jpg\",\"contentUrl\":\"https:\\\/\\\/boutique-one-piece.com\\\/wp-content\\\/uploads\\\/2022\\\/09\\\/Drapeau-Equipage-de-Barbe-Noire-1.jpg\",\"width\":800,\"height\":800},{\"@type\":\"BreadcrumbList\",\"@id\":\"https:\\\/\\\/boutique-one-piece.com\\\/decorations-one-piece\\\/drapeaux-one-piece\\\/drapeau-equipage-de-barbe-noire\\\/#breadcrumb\",\"itemListElement\":[{\"@type\":\"ListItem\",\"position\":1,\"name\":\"Home\",\"item\":\"https:\\\/\\\/boutique-one-piece.com\\\/\"},{\"@type\":\"ListItem\",\"position\":2,\"name\":\"Shop\",\"item\":\"https:\\\/\\\/boutique-one-piece.com\\\/shop\\\/\"},{\"@type\":\"ListItem\",\"position\":3,\"name\":\"Drapeau \u00c9quipage de Barbe Noire\"}]},{\"@type\":\"WebSite\",\"@id\":\"https:\\\/\\\/boutique-one-piece.com\\\/#website\",\"url\":\"https:\\\/\\\/boutique-one-piece.com\\\/\",\"name\":\"Boutique One Piece\",\"description\":\"Magasin Sp\u00e9cialis\u00e9 du Manga et l&#039;Anime One Piece\",\"publisher\":{\"@id\":\"https:\\\/\\\/boutique-one-piece.com\\\/#organization\"},\"potentialAction\":[{\"@type\":\"SearchAction\",\"target\":{\"@type\":\"EntryPoint\",\"urlTemplate\":\"https:\\\/\\\/boutique-one-piece.com\\\/?s={search_term_string}\"},\"query-input\":{\"@type\":\"PropertyValueSpecification\",\"valueRequired\":true,\"valueName\":\"search_term_string\"}}],\"inLanguage\":\"el\"},{\"@type\":\"Organization\",\"@id\":\"https:\\\/\\\/boutique-one-piece.com\\\/#organization\",\"name\":\"Boutique One Piece\",\"url\":\"https:\\\/\\\/boutique-one-piece.com\\\/\",\"logo\":{\"@type\":\"ImageObject\",\"inLanguage\":\"el\",\"@id\":\"https:\\\/\\\/boutique-one-piece.com\\\/#\\\/schema\\\/logo\\\/image\\\/\",\"url\":\"https:\\\/\\\/boutique-one-piece.com\\\/wp-content\\\/uploads\\\/2022\\\/09\\\/Logo-01.png\",\"contentUrl\":\"https:\\\/\\\/boutique-one-piece.com\\\/wp-content\\\/uploads\\\/2022\\\/09\\\/Logo-01.png\",\"width\":2318,\"height\":957,\"caption\":\"Boutique One Piece\"},\"image\":{\"@id\":\"https:\\\/\\\/boutique-one-piece.com\\\/#\\\/schema\\\/logo\\\/image\\\/\"}}]}<\/script>\n<!-- \/ Yoast SEO plugin. -->","yoast_head_json":{"title":"\u03a3\u03b7\u03bc\u03b1\u03af\u03b1 \u03c4\u03c9\u03bd \u03a0\u03b5\u03b9\u03c1\u03b1\u03c4\u03ce\u03bd \u03c4\u03bf\u03c5 \u039c\u03b1\u03c5\u03c1\u03bf\u03b3\u03ad\u03bd\u03b7 | \u039a\u03b1\u03c4\u03ac\u03c3\u03c4\u03b7\u03bc\u03b1 One Piece","description":"\u0391\u03bd\u03b1\u03ba\u03b1\u03bb\u03cd\u03c8\u03c4\u03b5 \u03c4\u03b7 \u03a3\u03b7\u03bc\u03b1\u03af\u03b1 \u03c4\u03bf\u03c5 One Piece Blackbeard, \u03b4\u03b9\u03b1\u03ba\u03bf\u03c3\u03bc\u03ae\u03c3\u03c4\u03b5 \u03c4\u03bf \u03b4\u03c9\u03bc\u03ac\u03c4\u03b9\u03cc \u03c3\u03b1\u03c2 \u03bc\u03b5 \u03c4\u03b1 \u03c7\u03c1\u03ce\u03bc\u03b1\u03c4\u03b1 \u03c4\u03bf\u03c5 \u0391\u03c5\u03c4\u03bf\u03ba\u03c1\u03ac\u03c4\u03bf\u03c1\u03b1 Marshall D. Teach! \u039e\u03b5\u03ba\u03b9\u03bd\u03ae\u03c3\u03c4\u03b5 \u03c4\u03b7\u03bd \u03c0\u03b5\u03c1\u03b9\u03c0\u03ad\u03c4\u03b5\u03b9\u03b1 \u03b1\u03c0\u03bf\u03c3\u03c4\u03bf\u03bb\u03ae\u03c2 \u03c3\u03b1\u03c2 \u03c3\u03c4\u03bf One Piece \u03bc\u03b5 \u03c4\u03bf \u03c0\u03bb\u03ae\u03c1\u03c9\u03bc\u03b1 \u03c4\u03bf\u03c5 Blackbeard!","robots":{"index":"index","follow":"follow","max-snippet":"max-snippet:-1","max-image-preview":"max-image-preview:large","max-video-preview":"max-video-preview:-1"},"canonical":"https:\/\/boutique-one-piece.com\/el\/\u03b4\u03b9\u03b1\u03ba\u03bf\u03c3\u03bc\u03ae\u03c3\u03b5\u03b9\u03c2-\u03b1\u03c0\u03cc-\u03ad\u03bd\u03b1-\u03ba\u03bf\u03bc\u03bc\u03ac\u03c4\u03b9\/\u03c3\u03b7\u03bc\u03b1\u03af\u03b5\u03c2-one-piece\/\u03c3\u03b7\u03bc\u03b1\u03af\u03b1-\u03c0\u03bb\u03b7\u03c1\u03ce\u03bc\u03b1\u03c4\u03bf\u03c2-\u03c4\u03bf\u03c5-\u03bc\u03b1\u03c5\u03c1\u03bf\u03b3\u03ad\u03bd\u03b7\/","og_locale":"el_GR","og_type":"article","og_title":"Drapeau \u00c9quipage de Barbe Noire | Boutique One Piece","og_description":"D\u00e9couvrez le Drapeau One Piece Barbe Noire, d\u00e9corez votre pi\u00e8ce en portant les couleurs de l'empereur Marshall D. Teach ! Commencez votre aventure recherche du One Piece dans l'\u00e9quipage de Barbe Noire","og_url":"https:\/\/boutique-one-piece.com\/el\/\u03b4\u03b9\u03b1\u03ba\u03bf\u03c3\u03bc\u03ae\u03c3\u03b5\u03b9\u03c2-\u03b1\u03c0\u03cc-\u03ad\u03bd\u03b1-\u03ba\u03bf\u03bc\u03bc\u03ac\u03c4\u03b9\/\u03c3\u03b7\u03bc\u03b1\u03af\u03b5\u03c2-one-piece\/\u03c3\u03b7\u03bc\u03b1\u03af\u03b1-\u03c0\u03bb\u03b7\u03c1\u03ce\u03bc\u03b1\u03c4\u03bf\u03c2-\u03c4\u03bf\u03c5-\u03bc\u03b1\u03c5\u03c1\u03bf\u03b3\u03ad\u03bd\u03b7\/","og_site_name":"Boutique One Piece","article_modified_time":"2024-09-16T12:35:41+00:00","og_image":[{"width":800,"height":800,"url":"https:\/\/boutique-one-piece.com\/wp-content\/uploads\/2022\/09\/Drapeau-Equipage-de-Barbe-Noire-1.jpg","type":"image\/jpeg"}],"twitter_card":"summary_large_image","twitter_misc":{"\u0395\u03ba\u03c4\u03b9\u03bc\u03ce\u03bc\u03b5\u03bd\u03bf\u03c2 \u03c7\u03c1\u03cc\u03bd\u03bf\u03c2 \u03b1\u03bd\u03ac\u03b3\u03bd\u03c9\u03c3\u03b7\u03c2":"1 \u03bb\u03b5\u03c0\u03c4\u03cc"},"schema":{"@context":"https:\/\/schema.org","@graph":[{"@type":"WebPage","@id":"https:\/\/boutique-one-piece.com\/decorations-one-piece\/drapeaux-one-piece\/drapeau-equipage-de-barbe-noire\/","url":"https:\/\/boutique-one-piece.com\/decorations-one-piece\/drapeaux-one-piece\/drapeau-equipage-de-barbe-noire\/","name":"\u03a3\u03b7\u03bc\u03b1\u03af\u03b1 \u03c4\u03c9\u03bd \u03a0\u03b5\u03b9\u03c1\u03b1\u03c4\u03ce\u03bd \u03c4\u03bf\u03c5 \u039c\u03b1\u03c5\u03c1\u03bf\u03b3\u03ad\u03bd\u03b7 | \u039a\u03b1\u03c4\u03ac\u03c3\u03c4\u03b7\u03bc\u03b1 One Piece","isPartOf":{"@id":"https:\/\/boutique-one-piece.com\/#website"},"primaryImageOfPage":{"@id":"https:\/\/boutique-one-piece.com\/decorations-one-piece\/drapeaux-one-piece\/drapeau-equipage-de-barbe-noire\/#primaryimage"},"image":{"@id":"https:\/\/boutique-one-piece.com\/decorations-one-piece\/drapeaux-one-piece\/drapeau-equipage-de-barbe-noire\/#primaryimage"},"thumbnailUrl":"https:\/\/boutique-one-piece.com\/wp-content\/uploads\/2022\/09\/Drapeau-Equipage-de-Barbe-Noire-1.jpg","datePublished":"2022-09-27T20:42:27+00:00","dateModified":"2024-09-16T12:35:41+00:00","description":"\u0391\u03bd\u03b1\u03ba\u03b1\u03bb\u03cd\u03c8\u03c4\u03b5 \u03c4\u03b7 \u03a3\u03b7\u03bc\u03b1\u03af\u03b1 \u03c4\u03bf\u03c5 One Piece Blackbeard, \u03b4\u03b9\u03b1\u03ba\u03bf\u03c3\u03bc\u03ae\u03c3\u03c4\u03b5 \u03c4\u03bf \u03b4\u03c9\u03bc\u03ac\u03c4\u03b9\u03cc \u03c3\u03b1\u03c2 \u03bc\u03b5 \u03c4\u03b1 \u03c7\u03c1\u03ce\u03bc\u03b1\u03c4\u03b1 \u03c4\u03bf\u03c5 \u0391\u03c5\u03c4\u03bf\u03ba\u03c1\u03ac\u03c4\u03bf\u03c1\u03b1 Marshall D. Teach! \u039e\u03b5\u03ba\u03b9\u03bd\u03ae\u03c3\u03c4\u03b5 \u03c4\u03b7\u03bd \u03c0\u03b5\u03c1\u03b9\u03c0\u03ad\u03c4\u03b5\u03b9\u03b1 \u03b1\u03c0\u03bf\u03c3\u03c4\u03bf\u03bb\u03ae\u03c2 \u03c3\u03b1\u03c2 \u03c3\u03c4\u03bf One Piece \u03bc\u03b5 \u03c4\u03bf \u03c0\u03bb\u03ae\u03c1\u03c9\u03bc\u03b1 \u03c4\u03bf\u03c5 Blackbeard!","breadcrumb":{"@id":"https:\/\/boutique-one-piece.com\/decorations-one-piece\/drapeaux-one-piece\/drapeau-equipage-de-barbe-noire\/#breadcrumb"},"inLanguage":"el","potentialAction":[{"@type":"ReadAction","target":["https:\/\/boutique-one-piece.com\/decorations-one-piece\/drapeaux-one-piece\/drapeau-equipage-de-barbe-noire\/"]}]},{"@type":"ImageObject","inLanguage":"el","@id":"https:\/\/boutique-one-piece.com\/decorations-one-piece\/drapeaux-one-piece\/drapeau-equipage-de-barbe-noire\/#primaryimage","url":"https:\/\/boutique-one-piece.com\/wp-content\/uploads\/2022\/09\/Drapeau-Equipage-de-Barbe-Noire-1.jpg","contentUrl":"https:\/\/boutique-one-piece.com\/wp-content\/uploads\/2022\/09\/Drapeau-Equipage-de-Barbe-Noire-1.jpg","width":800,"height":800},{"@type":"BreadcrumbList","@id":"https:\/\/boutique-one-piece.com\/decorations-one-piece\/drapeaux-one-piece\/drapeau-equipage-de-barbe-noire\/#breadcrumb","itemListElement":[{"@type":"ListItem","position":1,"name":"Home","item":"https:\/\/boutique-one-piece.com\/"},{"@type":"ListItem","position":2,"name":"Shop","item":"https:\/\/boutique-one-piece.com\/shop\/"},{"@type":"ListItem","position":3,"name":"Drapeau \u00c9quipage de Barbe Noire"}]},{"@type":"WebSite","@id":"https:\/\/boutique-one-piece.com\/#website","url":"https:\/\/boutique-one-piece.com\/","name":"\u039a\u03b1\u03c4\u03ac\u03c3\u03c4\u03b7\u03bc\u03b1 One Piece","description":"\u0395\u03be\u03b5\u03b9\u03b4\u03b9\u03ba\u03b5\u03c5\u03bc\u03ad\u03bd\u03bf \u03ba\u03b1\u03c4\u03ac\u03c3\u03c4\u03b7\u03bc\u03b1 \u03b3\u03b9\u03b1 One Piece Manga \u03ba\u03b1\u03b9 Anime","publisher":{"@id":"https:\/\/boutique-one-piece.com\/#organization"},"potentialAction":[{"@type":"SearchAction","target":{"@type":"EntryPoint","urlTemplate":"https:\/\/boutique-one-piece.com\/?s={search_term_string}"},"query-input":{"@type":"PropertyValueSpecification","valueRequired":true,"valueName":"search_term_string"}}],"inLanguage":"el"},{"@type":"Organization","@id":"https:\/\/boutique-one-piece.com\/#organization","name":"\u039a\u03b1\u03c4\u03ac\u03c3\u03c4\u03b7\u03bc\u03b1 One Piece","url":"https:\/\/boutique-one-piece.com\/","logo":{"@type":"ImageObject","inLanguage":"el","@id":"https:\/\/boutique-one-piece.com\/#\/schema\/logo\/image\/","url":"https:\/\/boutique-one-piece.com\/wp-content\/uploads\/2022\/09\/Logo-01.png","contentUrl":"https:\/\/boutique-one-piece.com\/wp-content\/uploads\/2022\/09\/Logo-01.png","width":2318,"height":957,"caption":"Boutique One Piece"},"image":{"@id":"https:\/\/boutique-one-piece.com\/#\/schema\/logo\/image\/"}}]}},"_links":{"self":[{"href":"https:\/\/boutique-one-piece.com\/el\/wp-json\/wp\/v2\/product\/11650","targetHints":{"allow":["GET"]}}],"collection":[{"href":"https:\/\/boutique-one-piece.com\/el\/wp-json\/wp\/v2\/product"}],"about":[{"href":"https:\/\/boutique-one-piece.com\/el\/wp-json\/wp\/v2\/types\/product"}],"replies":[{"embeddable":true,"href":"https:\/\/boutique-one-piece.com\/el\/wp-json\/wp\/v2\/comments?post=11650"}],"wp:featuredmedia":[{"embeddable":true,"href":"https:\/\/boutique-one-piece.com\/el\/wp-json\/wp\/v2\/media\/11652"}],"wp:attachment":[{"href":"https:\/\/boutique-one-piece.com\/el\/wp-json\/wp\/v2\/media?parent=11650"}],"wp:term":[{"taxonomy":"product_brand","embeddable":true,"href":"https:\/\/boutique-one-piece.com\/el\/wp-json\/wp\/v2\/product_brand?post=11650"},{"taxonomy":"product_cat","embeddable":true,"href":"https:\/\/boutique-one-piece.com\/el\/wp-json\/wp\/v2\/product_cat?post=11650"},{"taxonomy":"product_tag","embeddable":true,"href":"https:\/\/boutique-one-piece.com\/el\/wp-json\/wp\/v2\/product_tag?post=11650"}],"curies":[{"name":"\u03b5\u03c1\u03b3\u03b1\u03c3\u03af\u03b1","href":"https:\/\/api.w.org\/{rel}","templated":true}]}}