{"id":11806,"date":"2022-09-27T20:43:27","date_gmt":"2022-09-27T20:43:27","guid":{"rendered":"https:\/\/boutique-one-piece.com\/uncategorized\/tee-shirt-one-piece-luffy-gear-4-fourth\/"},"modified":"2024-09-16T12:40:24","modified_gmt":"2024-09-16T12:40:24","slug":"%ce%bf%ce%bb%cf%8c%cf%83%cf%89%ce%bc%ce%bf-%ce%bc%cf%80%ce%bb%ce%bf%cf%85%ce%b6%ce%ac%ce%ba%ce%b9-luffy-gear-4-fourth","status":"publish","type":"product","link":"https:\/\/boutique-one-piece.com\/el\/%ce%bf%ce%bb%cf%8c%cf%83%cf%89%ce%bc%ce%b1-%cf%81%ce%bf%cf%8d%cf%87%ce%b1\/%ce%bc%cf%80%ce%bb%ce%bf%cf%85%ce%b6%ce%ac%ce%ba%ce%b9%ce%b1-one-piece\/%ce%bf%ce%bb%cf%8c%cf%83%cf%89%ce%bc%ce%bf-%ce%bc%cf%80%ce%bb%ce%bf%cf%85%ce%b6%ce%ac%ce%ba%ce%b9-luffy-gear-4-fourth\/","title":{"rendered":"\u039c\u03c0\u03bb\u03bf\u03cd\u03b6\u03b1 One Piece Luffy Gear 4"},"content":{"rendered":"<p><meta charset=\"utf-8\"><\/p>\n<h2>\n<b>\u039c\u03c0\u03bb\u03bf\u03c5\u03b6\u03ac\u03ba\u03b9 One Piece Luffy Gear Fourth, \u039d\u03b9\u03ce\u03b8\u03b5\u03b9\u03c2 \u03c4\u03b7 \u03b4\u03cd\u03bd\u03b1\u03bc\u03b7 \u03c4\u03bf\u03c5 Luffy \u03c3\u03c4\u03bf Gear 4, \u03ad\u03c4\u03bf\u03b9\u03bc\u03bf\u03c2 \u03bd\u03b1 \u03bd\u03b9\u03ba\u03ae\u03c3\u03b5\u03b9\u03c2 \u03c4\u03bf\u03bd Doflamingo;<\/b><b>\u00a0<\/b>\u0388\u03bd\u03b1 \u03bc\u03c0\u03bb\u03bf\u03c5\u03b6\u03ac\u03ba\u03b9 \u03b5\u03be\u03b1\u03b9\u03c1\u03b5\u03c4\u03b9\u03ba\u03ae\u03c2 \u03c0\u03bf\u03b9\u03cc\u03c4\u03b7\u03c4\u03b1\u03c2 \u03b3\u03b9\u03b1 \u03ad\u03bd\u03b1\u03bd \u03c0\u03b5\u03b9\u03c1\u03b1\u03c4\u03ae \u03c3\u03b1\u03bd \u03b5\u03c3\u03ad\u03bd\u03b1!<\/h2>\n<p>\u0391\u03bd \u03b5\u03af\u03c3\u03c4\u03b5\u00a0<strong>\u03c0\u03c1\u03b1\u03b3\u03bc\u03b1\u03c4\u03b9\u03ba\u03cc\u03c2 \u03c0\u03b5\u03b9\u03c1\u03b1\u03c4\u03ae\u03c2<\/strong>, \u0398\u03b1 \u03b5\u03ba\u03c4\u03b9\u03bc\u03ae\u03c3\u03b5\u03c4\u03b5 \u03c4\u03bf\u00a0<strong>\u03c0\u03bf\u03b9\u03cc\u03c4\u03b7\u03c4\u03b1<\/strong>\u00a0\u03cd\u03c6\u03b1\u03c3\u03bc\u03b1 \u03ba\u03b1\u03b9\u00a0<strong>\u0395\u03ba\u03c4\u03cd\u03c0\u03c9\u03c3\u03b7 \u03c3\u03b5 \u03ba\u03b1\u03bc\u03b2\u03ac 3D<\/strong>\u00a0\u03b1\u03c5\u03c4\u03bf\u03cd\u00a0<strong>\u039f\u03bb\u03cc\u03c3\u03c9\u03bc\u03bf \u03bc\u03c0\u03bb\u03bf\u03c5\u03b6\u03ac\u03ba\u03b9<\/strong>\u00a0\u0391\u03bb\u03bb\u03ac \u03c4\u03bf \u03c0\u03b9\u03bf \u03c3\u03b7\u03bc\u03b1\u03bd\u03c4\u03b9\u03ba\u03cc, \u03bc\u03b5 \u03b1\u03c5\u03c4\u03cc\u00a0<strong>\u03c4\u03c5\u03c0\u03c9\u03bc\u03ad\u03bd\u03bf \u03c4\u03b6\u03ad\u03c1\u03c3\u03b5\u03ca<\/strong>\u00a0\u03b1\u03c5\u03c4\u03cc \u03c3\u03c5\u03bc\u03b2\u03b1\u03af\u03bd\u03b5\u03b9 \u03b5\u03c0\u03b5\u03b9\u03b4\u03ae \u03b8\u03b1 \u03b5\u03af\u03c3\u03b1\u03b9 \u03bc\u03ad\u03c1\u03bf\u03c2 \u03c4\u03bf\u03c5\u00a0<strong>\u03b7 \u03bf\u03bc\u03ac\u03b4\u03b1 \u03c4\u03c9\u03bd \u03bf\u03c0\u03b1\u03b4\u03ce\u03bd<\/strong>\u00a0\u03c4\u03bf\u03c5\u00a0<strong>\u03c0\u03b5\u03b9\u03c1\u03b1\u03c4\u03b9\u03ba\u03cc \u03bc\u03ac\u03bd\u03b3\u03ba\u03b1<\/strong>\u00a0\u03ba\u03b1\u03b9 \u03b8\u03b1 \u03b1\u03c0\u03bf\u03ba\u03c4\u03ae\u03c3\u03b5\u03c4\u03b5:<\/p>\n<ul>\n<li>\u00a0<strong>\u0398\u03b1\u03c5\u03bc\u03b1\u03c3\u03bc\u03cc\u03c2<\/strong>\u00a0\u03cc\u03bb\u03c9\u03bd \u03c4\u03c9\u03bd \u03bf\u03c0\u03b1\u03b4\u03ce\u03bd \u03c4\u03bf\u03c5\u00a0<strong>mugiwara<\/strong>\u00a0\u03c0\u03bf\u03c5 \u03b8\u03b1 \u03c3\u03c5\u03bd\u03b1\u03bd\u03c4\u03ae\u03c3\u03b5\u03c4\u03b5<\/li>\n<\/ul>\n<ul>\n<li>\u0388\u03bd\u03b1 \u03c0\u03c1\u03b1\u03b3\u03bc\u03b1\u03c4\u03b9\u03ba\u03cc\u00a0<strong>\u03c4\u03c5\u03c0\u03c9\u03bc\u03ad\u03bd\u03bf \u03bc\u03c0\u03bb\u03bf\u03c5\u03b6\u03ac\u03ba\u03b9<\/strong>\u00a0\u03bc\u03b5 \u03c4\u03bf \u03bf\u03c0\u03bf\u03af\u03bf \u03bc\u03c0\u03bf\u03c1\u03b5\u03af\u03c4\u03b5 \u03bd\u03b1 \u03b2\u03bf\u03b7\u03b8\u03ae\u03c3\u03b5\u03c4\u03b5 <strong>\u039b\u03ac\u03c6\u03b9<\/strong> \u03ba\u03b1\u03c4\u03ac \u03c4\u03b7 \u03b4\u03b9\u03ac\u03c1\u03ba\u03b5\u03b9\u03b1 \u03b1\u03c5\u03c4\u03ce\u03bd <strong>\u03bc\u03ac\u03c7\u03b5\u03c2<\/strong>\n<\/li>\n<\/ul>\n<p>\u0388\u03c4\u03bf\u03b9\u03bc\u03bf\u03b9 \u03bb\u03bf\u03b9\u03c0\u03cc\u03bd \u03bd\u03b1 \u03c6\u03bf\u03c1\u03ad\u03c3\u03bf\u03c5\u03bc\u03b5 \u03c4\u03bf\u00a0<strong>\u03c7\u03c1\u03c9\u03bc\u03b1\u03c4\u03b9\u03c3\u03c4\u03ac\u00a0<\/strong>\u03c4\u03bf\u03c5<b>\u00a0<\/b>\u03c3\u03b1\u03c2<b><span>\u00a0\u03ae\u03c1\u03c9\u03b1\u03c2<\/span>\u00a0\u03b5\u03c5\u03bd\u03bf\u03bf\u03cd\u03bc\u03b5\u03bd\u03bf\u03c2<\/b>\u00a0?<\/p>\n<h2>\u0395\u03af\u03c3\u03b1\u03b9 \u03c6\u03b1\u03bd \u03c4\u03bf\u03c5 manga \u03ae \u03c4\u03bf\u03c5 anime One Piece; \u0394\u03b5\u03af\u03be\u03c4\u03b5 \u03c4\u03bf \u03bc\u03b5 \u03b1\u03c5\u03c4\u03cc \u03c4\u03bf \u03bc\u03c0\u03bb\u03bf\u03c5\u03b6\u03ac\u03ba\u03b9 \u03bc\u03b5 \u03c3\u03c4\u03ac\u03bc\u03c0\u03b1 One Piece!<\/h2>\n<p>\u0391\u03bd \u03b5\u03c3\u03cd\u00a0<strong>\u03b1\u03bd\u03ac\u03b3\u03bd\u03c9\u03c3\u03b7<\/strong>\u00a0\u03ae \u03cc\u03c0\u03bf\u03c5 \u03ba\u03b9 \u03b1\u03bd \u03ba\u03bf\u03b9\u03c4\u03ac\u03be\u03b5\u03b9\u03c2\u00a0<span>\u00a0<\/span><strong>\u0399\u03b1\u03c0\u03c9\u03bd\u03b9\u03ba\u03ac \u03ac\u03bd\u03b9\u03bc\u03b5<\/strong>, \u03a5\u03c0\u03ac\u03c1\u03c7\u03b5\u03b9 \u03bc\u03b5\u03b3\u03ac\u03bb\u03b7 \u03c0\u03b9\u03b8\u03b1\u03bd\u03cc\u03c4\u03b7\u03c4\u03b1 \u03bd\u03b1 \u03ad\u03c7\u03b5\u03b9\u03c2 \u03b3\u03af\u03bd\u03b5\u03b9\u00a0<strong>\u03c4\u03c1\u03b5\u03bb\u03b1\u03af\u03bd\u03bf\u03bc\u03b1\u03b9 \u03b3\u03b9\u03b1 \u03c4\u03bf One Piece<\/strong>\u00a0\u039c\u03b5 \u03b1\u03c5\u03c4\u03cc!<span>\u00a0<\/span><strong>\u039f\u03bb\u03cc\u03c3\u03c9\u03bc\u03bf \u03bc\u03c0\u03bb\u03bf\u03c5\u03b6\u03ac\u03ba\u03b9<span>\u00a0Luffy Gear 4<\/span><\/strong>, \u03b3\u03af\u03bd\u03b5\u03c4\u03b5 \u03bc\u03ad\u03bb\u03bf\u03c2 \u03c4\u03bf\u03c5\u2019<strong>\u03bf\u03bc\u03ac\u03b4\u03b1 \u03b8\u03b1\u03c5\u03bc\u03b1\u03c3\u03c4\u03ce\u03bd \u03c4\u03bf\u03c5 franchise<\/strong><\/p>\n<p>\u0391\u03c5\u03c4\u03cc\u00a0<strong>\u03bb\u03b5\u03c5\u03ba\u03cc \u03bc\u03c0\u03bb\u03bf\u03c5\u03b6\u03ac\u03ba\u03b9<\/strong>\u00a0\u03b4\u03b9\u03b1\u03c4\u03af\u03b8\u03b5\u03c4\u03b1\u03b9 \u03c3\u03b5 \u03bc\u03b5\u03b3\u03ad\u03b8\u03b7\u00a0<strong>XS<\/strong>,<strong>\u00a0S<\/strong>,<strong>\u00a0M<\/strong>,<strong>\u00a0L<\/strong>,\u00a0<strong>XL<\/strong>,\u00a0<strong>XXL<\/strong>, \u0398\u03b1 \u03c4\u03b1\u03b9\u03c1\u03b9\u03ac\u03b6\u03b5\u03b9 \u03c3\u03b5 \u03cc\u03bb\u03b5\u03c2 \u03c4\u03b9\u03c2 \u03ba\u03b1\u03c4\u03b7\u03b3\u03bf\u03c1\u03af\u03b5\u03c2 \u03c0\u03b5\u03b9\u03c1\u03b1\u03c4\u03ce\u03bd.,<span>\u00a0<\/span><strong>\u03ac\u03bd\u03b8\u03c1\u03c9\u03c0\u03bf\u03c2<\/strong>\u00a0\u0389<span>\u00a0<\/span><strong>\u03b3\u03c5\u03bd\u03b1\u03af\u03ba\u03b5\u03c2<\/strong>, \u03b1\u03ba\u03cc\u03bc\u03b1 \u03ba\u03b9 \u03b1\u03bd \u03b4\u03b5\u03bd \u03ad\u03c7\u03b5\u03b9\u03c2\u00a0<strong>\u03c3\u03c0\u03b1\u03b8\u03af<\/strong>\u00a0\u03ae\u00a0<strong>\u03c6\u03c1\u03bf\u03cd\u03c4\u03bf \u03c4\u03bf\u03c5 \u03b4\u03b9\u03b1\u03b2\u03cc\u03bb\u03bf\u03c5<\/strong>\u00a0\u039c\u03c0\u03bf\u03c1\u03b5\u03af\u03c2 \u03b1\u03ba\u03cc\u03bc\u03b1 \u03bd\u03b1 \u03c4\u03bf \u03c6\u03bf\u03c1\u03ac\u03c2 \u03bc\u03b5 \u03c5\u03c0\u03b5\u03c1\u03b7\u03c6\u03ac\u03bd\u03b5\u03b9\u03b1.<\/p>\n<h2>\u03a0\u03bb\u03b7\u03c1\u03bf\u03c6\u03bf\u03c1\u03af\u03b5\u03c2 \u03b3\u03b9\u03b1 \u03c4\u03bf \u03bc\u03c0\u03bb\u03bf\u03c5\u03b6\u03ac\u03ba\u03b9:\u00a0<\/h2>\n<ul>\n<li>\u00a0<strong>\u03a4\u03b6\u03ad\u03c1\u03c3\u03b5\u03ca \u03c5\u03c8\u03b7\u03bb\u03ae\u03c2 \u03c0\u03bf\u03b9\u03cc\u03c4\u03b7\u03c4\u03b1\u03c2\u00a0<\/strong>: \u03ad\u03c7\u03b5\u03b9 \u03ad\u03bd\u03b1\u00a0<strong>\u03c5\u03c8\u03b7\u03bb\u03cc \u03b2\u03ac\u03c1\u03bf\u03c2<\/strong>, \u03bc\u03b5 \u03c0\u03bf\u03b9\u03bf\u03c4\u03b9\u03ba\u03ac \u03c5\u03bb\u03b9\u03ba\u03ac<\/li>\n<\/ul>\n<ul>\n<li>\n<strong>\u03a7\u03b1\u03bb\u03b1\u03c1\u03ae \u03b5\u03c6\u03b1\u03c1\u03bc\u03bf\u03b3\u03ae<\/strong>\u00a0:\u00a0\u00a0<strong>\u03bc\u03c0\u03bb\u03bf\u03c5\u03b6\u03ac\u03ba\u03b9<\/strong>\u00a0\u03bc\u03b5 \u03ad\u03bd\u03b1\u00a0<strong>\u03c6\u03b1\u03c1\u03b4\u03b9\u03ac \u03ba\u03bf\u03c0\u03ae<\/strong>, \u03b3\u03b9\u03b1 \u03b5\u03c0\u03b9\u03c0\u03bb\u03ad\u03bf\u03bd \u03ac\u03bd\u03b5\u03c3\u03b7<\/li>\n<\/ul>\n<ul>\n<li>\n<strong>\u03a0\u03bf\u03bb\u03cd \u03ac\u03bd\u03b5\u03c4\u03bf\u00a0<\/strong>\u03bc\u03b5 \u03b1\u03c5\u03c4\u03ac\u00a0<strong>\u03af\u03bd\u03b5\u03c2<\/strong>\u00a0\u03c4\u03bf\u03c5\u00a0<strong>\u03b2\u03b1\u03bc\u03b2\u03ac\u03ba\u03b9<\/strong>\u00a0\u03bc\u03b5\u03b3\u03ac\u03bb\u03bf\u03c2\u00a0<strong>\u03bc\u03b1\u03bb\u03b1\u03ba\u03cc\u03c2<\/strong>, \u03b4\u03b5\u03bd \u03c5\u03c0\u03ac\u03c1\u03c7\u03b5\u03b9\u00a0<strong>\u03c4\u03c1\u03b9\u03b2\u03ae<\/strong>\n<\/li>\n<\/ul>\n<ul>\n<li>\n<strong>\u03a4\u03c1\u03b9\u03c3\u03b4\u03b9\u03ac\u03c3\u03c4\u03b1\u03c4\u03b7 \u03c8\u03b7\u03c6\u03b9\u03b1\u03ba\u03ae \u03b5\u03ba\u03c4\u03cd\u03c0\u03c9\u03c3\u03b7<\/strong>\u00a0:\u00a0<strong>\u03c4\u03c5\u03c0\u03c9\u03bc\u03ad\u03bd\u03bf \u03bc\u03c0\u03bb\u03bf\u03c5\u03b6\u03ac\u03ba\u03b9<\/strong>\u00a0\u03bc\u03b5 \u03c0\u03c1\u03c9\u03c4\u03cc\u03c4\u03c5\u03c0\u03bf \u03c3\u03c7\u03ad\u03b4\u03b9\u03bf,\u00a0<strong>\u0395\u03ba\u03c4\u03cd\u03c0\u03c9\u03c3\u03b7 \u03c3\u03b5 \u03ba\u03b1\u03bc\u03b2\u03ac<\/strong>\n<\/li>\n<\/ul>\n<ul>\n<li>\n<strong>\u039f\u03c1\u03b3\u03b1\u03bd\u03b9\u03ba\u03cc \u03b2\u03b1\u03bc\u03b2\u03ac\u03ba\u03b9\u00a0<\/strong>: \u03c0\u03bf\u03b9\u03bf\u03c4\u03b9\u03ba\u03cc \u03b2\u03b1\u03bc\u03b2\u03ac\u03ba\u03b9 \u03bc\u03b5\u00a0<strong>\u03b5\u03be\u03b1\u03b9\u03c1\u03b5\u03c4\u03b9\u03ba\u03ac \u03bc\u03b1\u03ba\u03c1\u03b9\u03ad\u03c2 \u03af\u03bd\u03b5\u03c2<\/strong>\n<\/li>\n<\/ul>\n<ul>\n<li>\n<strong>\u0394\u03c9\u03c1\u03b5\u03ac\u03bd \u03c0\u03b1\u03c1\u03ac\u03b4\u03bf\u03c3\u03b7\u00a0<\/strong>\u03b3\u03b9\u03b1 \u03bf\u03c0\u03bf\u03b9\u03b1\u03b4\u03ae\u03c0\u03bf\u03c4\u03b5 \u03b1\u03b3\u03bf\u03c1\u03ac<\/li>\n<\/ul>\n<h2><strong>\u039c\u03b7\u03bd \u03be\u03b5\u03c7\u03ac\u03c3\u03b5\u03c4\u03b5 \u03bd\u03b1 \u03c1\u03af\u03be\u03b5\u03c4\u03b5 \u03bc\u03b9\u03b1 \u03bc\u03b1\u03c4\u03b9\u03ac \u03c3\u03c4\u03bf\u03bd \u03c0\u03b1\u03c1\u03b1\u03ba\u03ac\u03c4\u03c9 \u03bf\u03b4\u03b7\u03b3\u03cc \u03bc\u03b5\u03b3\u03b5\u03b8\u03ce\u03bd.<\/strong><\/h2>\n<p><span>\u00a0<img decoding=\"async\" src=\"https:\/\/cdn.shopify.com\/s\/files\/1\/0087\/7556\/5348\/files\/boutque__one__piece__tableau__taille__t-shirt_large.jpg?v=1559655065\" alt=\"\u039f\u03b4\u03b7\u03b3\u03cc\u03c2 \u039c\u03b5\u03b3\u03b5\u03b8\u03ce\u03bd T-shirt One Piece Luffy Future King of the Pirates\"><\/span><\/p>\n<p><meta charset=\"utf-8\"><meta charset=\"utf-8\"><\/p>\n<h3>\u039f\u03b4\u03b7\u03b3\u03af\u03b5\u03c2 \u03c0\u03bb\u03cd\u03c3\u03b7\u03c2:<\/h3>\n<ul>\n<li>\u03a0\u03bb\u03cd\u03c3\u03b9\u03bc\u03bf \u03c3\u03c4\u03bf \u03c0\u03bb\u03c5\u03bd\u03c4\u03ae\u03c1\u03b9\u03bf \u03c3\u03c4\u03bf\u03c5\u03c2 30\u00b0C, \u03b5\u03c5\u03b1\u03af\u03c3\u03b8\u03b7\u03c4\u03bf \u03c0\u03c1\u03cc\u03b3\u03c1\u03b1\u03bc\u03bc\u03b1<\/li>\n<\/ul>\n<ul>\n<li>\u0395\u03c0\u03b9\u03c3\u03c4\u03c1\u03bf\u03c6\u03ae \u03c3\u03c4\u03bf<span>\u00a0<\/span>\u03c4\u03bf \u03b1\u03bd\u03c4\u03af\u03c3\u03c4\u03c1\u03bf\u03c6\u03bf<\/li>\n<\/ul>\n<p>\u0393\u03b9\u03b1<span>\u00a0<\/span><strong>\u03b4\u03b9\u03b1\u03c4\u03b7\u03c1\u03ae\u03c3\u03c4\u03b5 \u03c4\u03b7\u03bd \u03c0\u03bf\u03b9\u03cc\u03c4\u03b7\u03c4\u03b1<\/strong><span>\u00a0<\/span>\u03b1\u03c5\u03c4\u03bf\u03cd<span>\u00a0<\/span><strong>\u039f\u03bb\u03cc\u03c3\u03c9\u03bc\u03bf \u03bc\u03c0\u03bb\u03bf\u03c5\u03b6\u03ac\u03ba\u03b9<\/strong>, \u03c3\u03b1\u03c2 \u03c3\u03c5\u03bd\u03b9\u03c3\u03c4\u03bf\u03cd\u03bc\u03b5 \u03bd\u03b1<span>\u00a0<\/span><strong>\u03c3\u03b5\u03b2\u03b1\u03c3\u03bc\u03cc\u03c2<\/strong><span>\u00a0<\/span>\u039f<span>\u00a0<\/span><strong>\u03bf\u03b4\u03b7\u03b3\u03af\u03b5\u03c2 \u03c0\u03bb\u03cd\u03c3\u03b7\u03c2<\/strong>.<\/p>","protected":false},"excerpt":{"rendered":"<p>T-Shirt One Piece Luffy Gear Fourth, Ressens-tu la Puissance\u00a0de Luffy en Gear 4 Pr\u00eat \u00e0 Faire Tomber Doflamingo ?\u00a0Un\u00a0Tee-Shirt\u00a0de super qualit\u00e9 pour un pirate comme\u00a0toi\u00a0! Si tu es un\u00a0v\u00e9ritable pirate, tu sauras appr\u00e9cier la\u00a0qualit\u00e9\u00a0du tissu et de\u00a0l&rsquo;impression 3D Canvas\u00a0de ce\u00a0t-shirt\u00a0One Piece\u00a0!\u00a0Mais le plus important, avec ce\u00a0maillot\u00a0imprim\u00e9\u00a0c\u0092est que tu\u00a0feras partie de\u00a0l&rsquo;\u00e9quipage\u00a0des fans\u00a0du\u00a0manga de pirates\u00a0et tu obtiendras\u00a0: [&hellip;]<\/p>","protected":false},"featured_media":11808,"comment_status":"open","ping_status":"open","template":"","meta":[],"product_brand":[],"product_cat":[53],"product_tag":[92],"class_list":{"0":"post-11806","1":"product","2":"type-product","3":"status-publish","4":"has-post-thumbnail","6":"product_cat-t-shirts-one-piece","7":"product_tag-luffy","9":"first","10":"instock","11":"purchasable","12":"product-type-variable","13":"has-default-attributes"},"yoast_head":"<!-- This site is optimized with the Yoast SEO plugin v27.5 - https:\/\/yoast.com\/product\/yoast-seo-wordpress\/ -->\n<title>T-Shirt One Piece Luffy Tranformation Gear 4 Kong \u2013 Boutique One Piece<\/title>\n<meta name=\"description\" content=\"T-Shirt One Piece Luffy Gear Fourth de Tr\u00e8s Haute Qualit\u00e9 : Ressentez la Puissance de Luffy Transform\u00e9 en Gear 4 100% coton - Ultra Doux - Livraion Offerte\" \/>\n<meta name=\"robots\" content=\"index, follow, max-snippet:-1, max-image-preview:large, max-video-preview:-1\" \/>\n<link rel=\"canonical\" href=\"https:\/\/boutique-one-piece.com\/el\/\u03bf\u03bb\u03cc\u03c3\u03c9\u03bc\u03b1-\u03c1\u03bf\u03cd\u03c7\u03b1\/\u03bc\u03c0\u03bb\u03bf\u03c5\u03b6\u03ac\u03ba\u03b9\u03b1-one-piece\/\u03bf\u03bb\u03cc\u03c3\u03c9\u03bc\u03bf-\u03bc\u03c0\u03bb\u03bf\u03c5\u03b6\u03ac\u03ba\u03b9-luffy-gear-4-fourth\/\" \/>\n<meta property=\"og:locale\" content=\"el_GR\" \/>\n<meta property=\"og:type\" content=\"article\" \/>\n<meta property=\"og:title\" content=\"T-Shirt One Piece Luffy Tranformation Gear 4 Kong \u2013 Boutique One Piece\" \/>\n<meta property=\"og:description\" content=\"T-Shirt One Piece Luffy Gear Fourth de Tr\u00e8s Haute Qualit\u00e9 : Ressentez la Puissance de Luffy Transform\u00e9 en Gear 4 100% coton - Ultra Doux - Livraion Offerte\" \/>\n<meta property=\"og:url\" content=\"https:\/\/boutique-one-piece.com\/el\/\u03bf\u03bb\u03cc\u03c3\u03c9\u03bc\u03b1-\u03c1\u03bf\u03cd\u03c7\u03b1\/\u03bc\u03c0\u03bb\u03bf\u03c5\u03b6\u03ac\u03ba\u03b9\u03b1-one-piece\/\u03bf\u03bb\u03cc\u03c3\u03c9\u03bc\u03bf-\u03bc\u03c0\u03bb\u03bf\u03c5\u03b6\u03ac\u03ba\u03b9-luffy-gear-4-fourth\/\" \/>\n<meta property=\"og:site_name\" content=\"Boutique One Piece\" \/>\n<meta property=\"article:modified_time\" content=\"2024-09-16T12:40:24+00:00\" \/>\n<meta property=\"og:image\" content=\"https:\/\/boutique-one-piece.com\/wp-content\/uploads\/2022\/09\/T-Shirt-One-Piece-Luffy-Gear-4.jpg\" \/>\n\t<meta property=\"og:image:width\" content=\"600\" \/>\n\t<meta property=\"og:image:height\" content=\"600\" \/>\n\t<meta property=\"og:image:type\" content=\"image\/jpeg\" \/>\n<meta name=\"twitter:card\" content=\"summary_large_image\" \/>\n<meta name=\"twitter:label1\" content=\"\u0395\u03ba\u03c4\u03b9\u03bc\u03ce\u03bc\u03b5\u03bd\u03bf\u03c2 \u03c7\u03c1\u03cc\u03bd\u03bf\u03c2 \u03b1\u03bd\u03ac\u03b3\u03bd\u03c9\u03c3\u03b7\u03c2\" \/>\n\t<meta name=\"twitter:data1\" content=\"2 \u03bb\u03b5\u03c0\u03c4\u03ac\" \/>\n<script type=\"application\/ld+json\" class=\"yoast-schema-graph\">{\"@context\":\"https:\\\/\\\/schema.org\",\"@graph\":[{\"@type\":\"WebPage\",\"@id\":\"https:\\\/\\\/boutique-one-piece.com\\\/vetements-one-piece\\\/t-shirts-one-piece\\\/tee-shirt-one-piece-luffy-gear-4-fourth\\\/\",\"url\":\"https:\\\/\\\/boutique-one-piece.com\\\/vetements-one-piece\\\/t-shirts-one-piece\\\/tee-shirt-one-piece-luffy-gear-4-fourth\\\/\",\"name\":\"T-Shirt One Piece Luffy Tranformation Gear 4 Kong \u2013 Boutique One Piece\",\"isPartOf\":{\"@id\":\"https:\\\/\\\/boutique-one-piece.com\\\/#website\"},\"primaryImageOfPage\":{\"@id\":\"https:\\\/\\\/boutique-one-piece.com\\\/vetements-one-piece\\\/t-shirts-one-piece\\\/tee-shirt-one-piece-luffy-gear-4-fourth\\\/#primaryimage\"},\"image\":{\"@id\":\"https:\\\/\\\/boutique-one-piece.com\\\/vetements-one-piece\\\/t-shirts-one-piece\\\/tee-shirt-one-piece-luffy-gear-4-fourth\\\/#primaryimage\"},\"thumbnailUrl\":\"https:\\\/\\\/boutique-one-piece.com\\\/wp-content\\\/uploads\\\/2022\\\/09\\\/T-Shirt-One-Piece-Luffy-Gear-4.jpg\",\"datePublished\":\"2022-09-27T20:43:27+00:00\",\"dateModified\":\"2024-09-16T12:40:24+00:00\",\"description\":\"T-Shirt One Piece Luffy Gear Fourth de Tr\u00e8s Haute Qualit\u00e9 : Ressentez la Puissance de Luffy Transform\u00e9 en Gear 4 100% coton - Ultra Doux - Livraion Offerte\",\"breadcrumb\":{\"@id\":\"https:\\\/\\\/boutique-one-piece.com\\\/vetements-one-piece\\\/t-shirts-one-piece\\\/tee-shirt-one-piece-luffy-gear-4-fourth\\\/#breadcrumb\"},\"inLanguage\":\"el\",\"potentialAction\":[{\"@type\":\"ReadAction\",\"target\":[\"https:\\\/\\\/boutique-one-piece.com\\\/vetements-one-piece\\\/t-shirts-one-piece\\\/tee-shirt-one-piece-luffy-gear-4-fourth\\\/\"]}]},{\"@type\":\"ImageObject\",\"inLanguage\":\"el\",\"@id\":\"https:\\\/\\\/boutique-one-piece.com\\\/vetements-one-piece\\\/t-shirts-one-piece\\\/tee-shirt-one-piece-luffy-gear-4-fourth\\\/#primaryimage\",\"url\":\"https:\\\/\\\/boutique-one-piece.com\\\/wp-content\\\/uploads\\\/2022\\\/09\\\/T-Shirt-One-Piece-Luffy-Gear-4.jpg\",\"contentUrl\":\"https:\\\/\\\/boutique-one-piece.com\\\/wp-content\\\/uploads\\\/2022\\\/09\\\/T-Shirt-One-Piece-Luffy-Gear-4.jpg\",\"width\":600,\"height\":600,\"caption\":\"T-Shirt One Piece Luffy Gear 4 xxl\"},{\"@type\":\"BreadcrumbList\",\"@id\":\"https:\\\/\\\/boutique-one-piece.com\\\/vetements-one-piece\\\/t-shirts-one-piece\\\/tee-shirt-one-piece-luffy-gear-4-fourth\\\/#breadcrumb\",\"itemListElement\":[{\"@type\":\"ListItem\",\"position\":1,\"name\":\"Home\",\"item\":\"https:\\\/\\\/boutique-one-piece.com\\\/\"},{\"@type\":\"ListItem\",\"position\":2,\"name\":\"Shop\",\"item\":\"https:\\\/\\\/boutique-one-piece.com\\\/shop\\\/\"},{\"@type\":\"ListItem\",\"position\":3,\"name\":\"T-Shirt One Piece Luffy Gear 4\"}]},{\"@type\":\"WebSite\",\"@id\":\"https:\\\/\\\/boutique-one-piece.com\\\/#website\",\"url\":\"https:\\\/\\\/boutique-one-piece.com\\\/\",\"name\":\"Boutique One Piece\",\"description\":\"Magasin Sp\u00e9cialis\u00e9 du Manga et l&#039;Anime One Piece\",\"publisher\":{\"@id\":\"https:\\\/\\\/boutique-one-piece.com\\\/#organization\"},\"potentialAction\":[{\"@type\":\"SearchAction\",\"target\":{\"@type\":\"EntryPoint\",\"urlTemplate\":\"https:\\\/\\\/boutique-one-piece.com\\\/?s={search_term_string}\"},\"query-input\":{\"@type\":\"PropertyValueSpecification\",\"valueRequired\":true,\"valueName\":\"search_term_string\"}}],\"inLanguage\":\"el\"},{\"@type\":\"Organization\",\"@id\":\"https:\\\/\\\/boutique-one-piece.com\\\/#organization\",\"name\":\"Boutique One Piece\",\"url\":\"https:\\\/\\\/boutique-one-piece.com\\\/\",\"logo\":{\"@type\":\"ImageObject\",\"inLanguage\":\"el\",\"@id\":\"https:\\\/\\\/boutique-one-piece.com\\\/#\\\/schema\\\/logo\\\/image\\\/\",\"url\":\"https:\\\/\\\/boutique-one-piece.com\\\/wp-content\\\/uploads\\\/2022\\\/09\\\/Logo-01.png\",\"contentUrl\":\"https:\\\/\\\/boutique-one-piece.com\\\/wp-content\\\/uploads\\\/2022\\\/09\\\/Logo-01.png\",\"width\":2318,\"height\":957,\"caption\":\"Boutique One Piece\"},\"image\":{\"@id\":\"https:\\\/\\\/boutique-one-piece.com\\\/#\\\/schema\\\/logo\\\/image\\\/\"}}]}<\/script>\n<!-- \/ Yoast SEO plugin. -->","yoast_head_json":{"title":"\u039c\u03c0\u03bb\u03bf\u03cd\u03b6\u03b1 One Piece Luffy Transformation Gear 4 Kong \u2013 One Piece Shop","description":"\u039f\u03bb\u03cc\u03c3\u03c9\u03bc\u03bf T-shirt Luffy Gear Fourth - \u03a5\u03c8\u03b7\u03bb\u03ae\u03c2 \u03c0\u03bf\u03b9\u03cc\u03c4\u03b7\u03c4\u03b1\u03c2: \u039d\u03b9\u03ce\u03c3\u03c4\u03b5 \u03c4\u03b7 \u03b4\u03cd\u03bd\u03b1\u03bc\u03b7 \u03c4\u03bf\u03c5 Luffy Transformed into Gear 4 - 100% \u0392\u03b1\u03bc\u03b2\u03ac\u03ba\u03b9 - \u0395\u03be\u03b1\u03b9\u03c1\u03b5\u03c4\u03b9\u03ba\u03ac \u03bc\u03b1\u03bb\u03b1\u03ba\u03cc - \u0394\u03c9\u03c1\u03b5\u03ac\u03bd \u03b1\u03c0\u03bf\u03c3\u03c4\u03bf\u03bb\u03ae","robots":{"index":"index","follow":"follow","max-snippet":"max-snippet:-1","max-image-preview":"max-image-preview:large","max-video-preview":"max-video-preview:-1"},"canonical":"https:\/\/boutique-one-piece.com\/el\/\u03bf\u03bb\u03cc\u03c3\u03c9\u03bc\u03b1-\u03c1\u03bf\u03cd\u03c7\u03b1\/\u03bc\u03c0\u03bb\u03bf\u03c5\u03b6\u03ac\u03ba\u03b9\u03b1-one-piece\/\u03bf\u03bb\u03cc\u03c3\u03c9\u03bc\u03bf-\u03bc\u03c0\u03bb\u03bf\u03c5\u03b6\u03ac\u03ba\u03b9-luffy-gear-4-fourth\/","og_locale":"el_GR","og_type":"article","og_title":"T-Shirt One Piece Luffy Tranformation Gear 4 Kong \u2013 Boutique One Piece","og_description":"T-Shirt One Piece Luffy Gear Fourth de Tr\u00e8s Haute Qualit\u00e9 : Ressentez la Puissance de Luffy Transform\u00e9 en Gear 4 100% coton - Ultra Doux - Livraion Offerte","og_url":"https:\/\/boutique-one-piece.com\/el\/\u03bf\u03bb\u03cc\u03c3\u03c9\u03bc\u03b1-\u03c1\u03bf\u03cd\u03c7\u03b1\/\u03bc\u03c0\u03bb\u03bf\u03c5\u03b6\u03ac\u03ba\u03b9\u03b1-one-piece\/\u03bf\u03bb\u03cc\u03c3\u03c9\u03bc\u03bf-\u03bc\u03c0\u03bb\u03bf\u03c5\u03b6\u03ac\u03ba\u03b9-luffy-gear-4-fourth\/","og_site_name":"Boutique One Piece","article_modified_time":"2024-09-16T12:40:24+00:00","og_image":[{"width":600,"height":600,"url":"https:\/\/boutique-one-piece.com\/wp-content\/uploads\/2022\/09\/T-Shirt-One-Piece-Luffy-Gear-4.jpg","type":"image\/jpeg"}],"twitter_card":"summary_large_image","twitter_misc":{"\u0395\u03ba\u03c4\u03b9\u03bc\u03ce\u03bc\u03b5\u03bd\u03bf\u03c2 \u03c7\u03c1\u03cc\u03bd\u03bf\u03c2 \u03b1\u03bd\u03ac\u03b3\u03bd\u03c9\u03c3\u03b7\u03c2":"2 \u03bb\u03b5\u03c0\u03c4\u03ac"},"schema":{"@context":"https:\/\/schema.org","@graph":[{"@type":"WebPage","@id":"https:\/\/boutique-one-piece.com\/vetements-one-piece\/t-shirts-one-piece\/tee-shirt-one-piece-luffy-gear-4-fourth\/","url":"https:\/\/boutique-one-piece.com\/vetements-one-piece\/t-shirts-one-piece\/tee-shirt-one-piece-luffy-gear-4-fourth\/","name":"\u039c\u03c0\u03bb\u03bf\u03cd\u03b6\u03b1 One Piece Luffy Transformation Gear 4 Kong \u2013 One Piece Shop","isPartOf":{"@id":"https:\/\/boutique-one-piece.com\/#website"},"primaryImageOfPage":{"@id":"https:\/\/boutique-one-piece.com\/vetements-one-piece\/t-shirts-one-piece\/tee-shirt-one-piece-luffy-gear-4-fourth\/#primaryimage"},"image":{"@id":"https:\/\/boutique-one-piece.com\/vetements-one-piece\/t-shirts-one-piece\/tee-shirt-one-piece-luffy-gear-4-fourth\/#primaryimage"},"thumbnailUrl":"https:\/\/boutique-one-piece.com\/wp-content\/uploads\/2022\/09\/T-Shirt-One-Piece-Luffy-Gear-4.jpg","datePublished":"2022-09-27T20:43:27+00:00","dateModified":"2024-09-16T12:40:24+00:00","description":"\u039f\u03bb\u03cc\u03c3\u03c9\u03bc\u03bf T-shirt Luffy Gear Fourth - \u03a5\u03c8\u03b7\u03bb\u03ae\u03c2 \u03c0\u03bf\u03b9\u03cc\u03c4\u03b7\u03c4\u03b1\u03c2: \u039d\u03b9\u03ce\u03c3\u03c4\u03b5 \u03c4\u03b7 \u03b4\u03cd\u03bd\u03b1\u03bc\u03b7 \u03c4\u03bf\u03c5 Luffy Transformed into Gear 4 - 100% \u0392\u03b1\u03bc\u03b2\u03ac\u03ba\u03b9 - \u0395\u03be\u03b1\u03b9\u03c1\u03b5\u03c4\u03b9\u03ba\u03ac \u03bc\u03b1\u03bb\u03b1\u03ba\u03cc - \u0394\u03c9\u03c1\u03b5\u03ac\u03bd \u03b1\u03c0\u03bf\u03c3\u03c4\u03bf\u03bb\u03ae","breadcrumb":{"@id":"https:\/\/boutique-one-piece.com\/vetements-one-piece\/t-shirts-one-piece\/tee-shirt-one-piece-luffy-gear-4-fourth\/#breadcrumb"},"inLanguage":"el","potentialAction":[{"@type":"ReadAction","target":["https:\/\/boutique-one-piece.com\/vetements-one-piece\/t-shirts-one-piece\/tee-shirt-one-piece-luffy-gear-4-fourth\/"]}]},{"@type":"ImageObject","inLanguage":"el","@id":"https:\/\/boutique-one-piece.com\/vetements-one-piece\/t-shirts-one-piece\/tee-shirt-one-piece-luffy-gear-4-fourth\/#primaryimage","url":"https:\/\/boutique-one-piece.com\/wp-content\/uploads\/2022\/09\/T-Shirt-One-Piece-Luffy-Gear-4.jpg","contentUrl":"https:\/\/boutique-one-piece.com\/wp-content\/uploads\/2022\/09\/T-Shirt-One-Piece-Luffy-Gear-4.jpg","width":600,"height":600,"caption":"T-Shirt One Piece Luffy Gear 4 xxl"},{"@type":"BreadcrumbList","@id":"https:\/\/boutique-one-piece.com\/vetements-one-piece\/t-shirts-one-piece\/tee-shirt-one-piece-luffy-gear-4-fourth\/#breadcrumb","itemListElement":[{"@type":"ListItem","position":1,"name":"Home","item":"https:\/\/boutique-one-piece.com\/"},{"@type":"ListItem","position":2,"name":"Shop","item":"https:\/\/boutique-one-piece.com\/shop\/"},{"@type":"ListItem","position":3,"name":"T-Shirt One Piece Luffy Gear 4"}]},{"@type":"WebSite","@id":"https:\/\/boutique-one-piece.com\/#website","url":"https:\/\/boutique-one-piece.com\/","name":"\u039a\u03b1\u03c4\u03ac\u03c3\u03c4\u03b7\u03bc\u03b1 One Piece","description":"\u0395\u03be\u03b5\u03b9\u03b4\u03b9\u03ba\u03b5\u03c5\u03bc\u03ad\u03bd\u03bf \u03ba\u03b1\u03c4\u03ac\u03c3\u03c4\u03b7\u03bc\u03b1 \u03b3\u03b9\u03b1 One Piece Manga \u03ba\u03b1\u03b9 Anime","publisher":{"@id":"https:\/\/boutique-one-piece.com\/#organization"},"potentialAction":[{"@type":"SearchAction","target":{"@type":"EntryPoint","urlTemplate":"https:\/\/boutique-one-piece.com\/?s={search_term_string}"},"query-input":{"@type":"PropertyValueSpecification","valueRequired":true,"valueName":"search_term_string"}}],"inLanguage":"el"},{"@type":"Organization","@id":"https:\/\/boutique-one-piece.com\/#organization","name":"\u039a\u03b1\u03c4\u03ac\u03c3\u03c4\u03b7\u03bc\u03b1 One Piece","url":"https:\/\/boutique-one-piece.com\/","logo":{"@type":"ImageObject","inLanguage":"el","@id":"https:\/\/boutique-one-piece.com\/#\/schema\/logo\/image\/","url":"https:\/\/boutique-one-piece.com\/wp-content\/uploads\/2022\/09\/Logo-01.png","contentUrl":"https:\/\/boutique-one-piece.com\/wp-content\/uploads\/2022\/09\/Logo-01.png","width":2318,"height":957,"caption":"Boutique One Piece"},"image":{"@id":"https:\/\/boutique-one-piece.com\/#\/schema\/logo\/image\/"}}]}},"_links":{"self":[{"href":"https:\/\/boutique-one-piece.com\/el\/wp-json\/wp\/v2\/product\/11806","targetHints":{"allow":["GET"]}}],"collection":[{"href":"https:\/\/boutique-one-piece.com\/el\/wp-json\/wp\/v2\/product"}],"about":[{"href":"https:\/\/boutique-one-piece.com\/el\/wp-json\/wp\/v2\/types\/product"}],"replies":[{"embeddable":true,"href":"https:\/\/boutique-one-piece.com\/el\/wp-json\/wp\/v2\/comments?post=11806"}],"wp:featuredmedia":[{"embeddable":true,"href":"https:\/\/boutique-one-piece.com\/el\/wp-json\/wp\/v2\/media\/11808"}],"wp:attachment":[{"href":"https:\/\/boutique-one-piece.com\/el\/wp-json\/wp\/v2\/media?parent=11806"}],"wp:term":[{"taxonomy":"product_brand","embeddable":true,"href":"https:\/\/boutique-one-piece.com\/el\/wp-json\/wp\/v2\/product_brand?post=11806"},{"taxonomy":"product_cat","embeddable":true,"href":"https:\/\/boutique-one-piece.com\/el\/wp-json\/wp\/v2\/product_cat?post=11806"},{"taxonomy":"product_tag","embeddable":true,"href":"https:\/\/boutique-one-piece.com\/el\/wp-json\/wp\/v2\/product_tag?post=11806"}],"curies":[{"name":"\u03b5\u03c1\u03b3\u03b1\u03c3\u03af\u03b1","href":"https:\/\/api.w.org\/{rel}","templated":true}]}}