{"id":12012,"date":"2022-09-27T20:53:01","date_gmt":"2022-09-27T20:53:01","guid":{"rendered":"https:\/\/boutique-one-piece.com\/uncategorized\/figurine-one-piece-dead-or-alive-zoro-nouveau-monde\/"},"modified":"2024-09-16T12:45:17","modified_gmt":"2024-09-16T12:45:17","slug":"%ce%bc%ce%bf%ce%bd%ce%bf%ce%ba%cf%8c%ce%bc%ce%bc%ce%b1%cf%84%ce%bf-%ce%b5%ce%b9%ce%b4%cf%8e%ce%bb%ce%b9%ce%bf-%ce%b6%cf%8c%cf%81%ce%bf-%cf%84%ce%bf%cf%85-%ce%bd%ce%ad%ce%bf%cf%85-%ce%ba%cf%8c%cf%83","status":"publish","type":"product","link":"https:\/\/boutique-one-piece.com\/el\/%ce%ba%ce%b1%ce%bb%ce%bf%cf%8d%ce%b4%ce%b9%ce%b1-one-piece\/roronoa-zoro-%ce%ad%ce%bd%ce%b1-%ce%ba%ce%bf%ce%bc%ce%bc%ce%ac%cf%84%ce%b9-%ce%ba%ce%b1%ce%bb%ce%bf%cf%8d%ce%b4%ce%b9%ce%b1\/%ce%bc%ce%bf%ce%bd%ce%bf%ce%ba%cf%8c%ce%bc%ce%bc%ce%b1%cf%84%ce%bf-%ce%b5%ce%b9%ce%b4%cf%8e%ce%bb%ce%b9%ce%bf-%ce%b6%cf%8c%cf%81%ce%bf-%cf%84%ce%bf%cf%85-%ce%bd%ce%ad%ce%bf%cf%85-%ce%ba%cf%8c%cf%83\/","title":{"rendered":"\u03a6\u03b9\u03b3\u03bf\u03cd\u03c1\u03b1 One Piece Dead or Alive Zoro New World"},"content":{"rendered":"<h2>\u039d\u03b5\u03b1\u03c1\u03ad \u03c0\u03b5\u03b9\u03c1\u03b1\u03c4\u03ae, \u03ae\u03c1\u03b8\u03b5 \u03b7 \u03ce\u03c1\u03b1 \u03bd\u03b1 \u03b1\u03c0\u03bf\u03ba\u03c4\u03ae\u03c3\u03b5\u03b9\u03c2 \u03b1\u03c5\u03c4\u03cc \u03c4\u03bf \u03c6\u03b9\u03b3\u03bf\u03cd\u03c1\u03b1 One Piece Dead or Alive Zoro New World.<\/h2>\n<p>\u0391\u03bd\u03b1\u03bc\u03c6\u03af\u03b2\u03bf\u03bb\u03b1 \u03b3\u03bd\u03c9\u03c1\u03af\u03b6\u03b5\u03c4\u03b5 \u03cc\u03c4\u03b9 \u03c3\u03c4\u03bf \u03b5\u03c0\u03b5\u03b9\u03c3\u03cc\u03b4\u03b9\u03bf 320, \u03b7 \u03a0\u03b1\u03b3\u03ba\u03cc\u03c3\u03bc\u03b9\u03b1 \u039a\u03c5\u03b2\u03ad\u03c1\u03bd\u03b7\u03c3\u03b7 \u03ad\u03b2\u03b1\u03bb\u03b5 \u03b1\u03bc\u03bf\u03b9\u03b2\u03ae \u03c3\u03c4\u03bf \u03c0\u03bb\u03ae\u03c1\u03c9\u03bc\u03b1 \u03c4\u03bf\u03c5 Straw Hat. \u0397 \u03c3\u03c5\u03bd\u03bf\u03bb\u03b9\u03ba\u03ae \u03b1\u03bc\u03bf\u03b9\u03b2\u03ae \u03b1\u03bd\u03ad\u03c1\u03c7\u03b5\u03c4\u03b1\u03b9 \u03c3\u03b5 600.000.050 \u039c\u03bf\u03cd\u03c1\u03b1.<strong> \u0397 \u03b5\u03c0\u03b9\u03ba\u03b7\u03c1\u03c5\u03b3\u03bc\u03ad\u03bd\u03b7 \u03b1\u03bc\u03bf\u03b9\u03b2\u03ae \u03c4\u03bf\u03c5 \u0396\u03cc\u03c1\u03bf<\/strong>, \u0391\u03c5\u03c4\u03cc \u03b1\u03bd\u03ad\u03c1\u03c7\u03b5\u03c4\u03b1\u03b9 \u03c3\u03b5 120.000.000 \u039c\u03bf\u03cd\u03c1\u03b1. \u038c\u03c3\u03bf \u03b3\u03b9\u03b1 \u03c4\u03bf <strong>\u03bd\u03ad\u03bf\u03c2 \u03ba\u03cc\u03c3\u03bc\u03bf\u03c2<\/strong>, \u0391\u03c5\u03c4\u03cc \u03c4\u03bf \u03cc\u03bd\u03bf\u03bc\u03b1 \u03b1\u03bd\u03b1\u03c6\u03ad\u03c1\u03b5\u03c4\u03b1\u03b9 \u03c3\u03c4\u03bf \u03b4\u03b5\u03cd\u03c4\u03b5\u03c1\u03bf \u03bc\u03b9\u03c3\u03cc \u03c4\u03b7\u03c2 Grand Line. \u0395\u03af\u03bd\u03b1\u03b9 \u03b5\u03c0\u03bf\u03bc\u03ad\u03bd\u03c9\u03c2 \u03ad\u03bd\u03b1\u03c2 \u03c9\u03ba\u03b5\u03b1\u03bd\u03cc\u03c2 \u03c3\u03c4\u03bf\u03bd \u03bf\u03c0\u03bf\u03af\u03bf \u03b4\u03b9\u03b1\u03b4\u03c1\u03b1\u03bc\u03b1\u03c4\u03af\u03b6\u03b5\u03c4\u03b1\u03b9 \u03c4\u03bf \u03bc\u03b5\u03b3\u03b1\u03bb\u03cd\u03c4\u03b5\u03c1\u03bf \u03bc\u03ad\u03c1\u03bf\u03c2 \u03c4\u03b7\u03c2 \u03b9\u03c3\u03c4\u03bf\u03c1\u03af\u03b1\u03c2 \u03c4\u03bf\u03c5 manga \u03ba\u03b1\u03b9 \u03c4\u03bf\u03c5 anime One Piece.<\/p>\n<p>\u03a0\u03c1\u03bf\u03c2 \u03c4\u03bf \u03c0\u03b1\u03c1\u03cc\u03bd, \u03b4\u03b5\u03bd \u03b3\u03bd\u03c9\u03c1\u03af\u03b6\u03bf\u03c5\u03bc\u03b5 \u03c0\u03bf\u03bb\u03bb\u03ac \u03b3\u03b9\u03b1 \u03b1\u03c5\u03c4\u03cc \u03c4\u03bf \u03bc\u03ad\u03c1\u03bf\u03c2 \u03c4\u03bf\u03c5 \u03c9\u03ba\u03b5\u03b1\u03bd\u03bf\u03cd. \u03a9\u03c3\u03c4\u03cc\u03c3\u03bf, \u03c6\u03b1\u03af\u03bd\u03b5\u03c4\u03b1\u03b9 \u03cc\u03c4\u03b9 \u03cc\u03c3\u03bf\u03b9 \u03ad\u03c7\u03bf\u03c5\u03bd \u03b2\u03c1\u03b5\u03b8\u03b5\u03af \u03b5\u03ba\u03b5\u03af \u03b8\u03b5\u03c9\u03c1\u03bf\u03cd\u03bd \u03c4\u03bf \u03c0\u03c1\u03ce\u03c4\u03bf \u03bc\u03b9\u03c3\u03cc \u03c0\u03b1\u03c1\u03ac\u03b4\u03b5\u03b9\u03c3\u03bf \u03c3\u03b5 \u03c3\u03cd\u03b3\u03ba\u03c1\u03b9\u03c3\u03b7. \u039f\u03b9 \u03bc\u03cc\u03bd\u03bf\u03b9 \u03ac\u03bd\u03b8\u03c1\u03c9\u03c0\u03bf\u03b9 \u03c0\u03bf\u03c5 \u03ad\u03c7\u03bf\u03c5\u03bd \u03b4\u03b9\u03b1\u03c3\u03c7\u03af\u03c3\u03b5\u03b9 \u03c4\u03b7 \u0393\u03ba\u03c1\u03b1\u03bd\u03c4 \u0393\u03c1\u03b1\u03bc\u03bc\u03ae \u03b5\u03af\u03bd\u03b1\u03b9 \u03bf \u0393\u03ba\u03bf\u03bb \u039d\u03c4. \u03a1\u03cc\u03c4\u03b6\u03b5\u03c1 \u03ba\u03b1\u03b9 \u03c4\u03bf \u03c0\u03bb\u03ae\u03c1\u03c9\u03bc\u03ac \u03c4\u03bf\u03c5. \u03a0\u03b1\u03c1\u03b5\u03bc\u03c0\u03b9\u03c0\u03c4\u03cc\u03bd\u03c4\u03c9\u03c2, \u03b1\u03bd \u03b5\u03af\u03c3\u03c4\u03b5 \u03c6\u03b1\u03bd \u03c4\u03bf\u03c5 \u0396\u03cc\u03c1\u03bf, \u03c4\u03bf <a title=\"\u03a6\u0399\u0393\u039f\u03a5\u03a1\u0391 \u039f\u03a0\u039b\u0399\u03a3\u039c\u039f\u03a5 ONE PIECE ZORO HAKI\" href=\"https:\/\/boutique-one-piece.com\/el\/one-piece-%20zoro-haki-de-larmement\/\" target=\"_blank\" rel=\"noopener\">\u0396\u03bf\u03c1\u03cc \u03a7\u03b1\u03ba\u03af \u03b5\u03b9\u03b4\u03ce\u03bb\u03b9\u03bf \u039f\u03c0\u03bb\u03b9\u03c3\u03bc\u03bf\u03cd<\/a> \u03b5\u03af\u03bd\u03b1\u03b9 \u03b5\u03bd\u03c4\u03cc\u03c2 \u03c4\u03c9\u03bd \u03b4\u03c5\u03bd\u03b1\u03c4\u03bf\u03c4\u03ae\u03c4\u03c9\u03bd \u03c3\u03b1\u03c2.<\/p>\n<h3>\u03a3\u03b1\u03c2 \u03ad\u03c7\u03b5\u03b9 \u03b3\u03bf\u03b7\u03c4\u03b5\u03cd\u03c3\u03b5\u03b9, \u03bb\u03bf\u03b9\u03c0\u03cc\u03bd, \u03b1\u03c5\u03c4\u03ae \u03b7 \u03c6\u03b9\u03b3\u03bf\u03cd\u03c1\u03b1 \u03c0\u03bf\u03c5 \u03b1\u03c0\u03b5\u03b9\u03ba\u03bf\u03bd\u03af\u03b6\u03b5\u03b9 \u03c4\u03b7\u03bd \u03b1\u03bc\u03bf\u03b9\u03b2\u03ae \u03c4\u03bf\u03c5 \u0396\u03cc\u03c1\u03bf; \u0391\u03bd \u03bd\u03b1\u03b9, \u03bc\u03b7\u03bd \u03b4\u03b9\u03c3\u03c4\u03ac\u03c3\u03b5\u03c4\u03b5 \u03ac\u03bb\u03bb\u03bf \u03ba\u03b1\u03b9 \u03b1\u03b4\u03c1\u03ac\u03be\u03c4\u03b5 \u03c4\u03b7\u03bd \u03b5\u03c5\u03ba\u03b1\u03b9\u03c1\u03af\u03b1 \u03bd\u03b1 \u03c4\u03b7\u03bd \u03b1\u03c0\u03bf\u03ba\u03c4\u03ae\u03c3\u03b5\u03c4\u03b5. \u03a0\u03b1\u03c1\u03ac \u03c4\u03b7\u03bd \u03b1\u03bc\u03bf\u03b9\u03b2\u03ae, \u03b7 \u03c0\u03b5\u03c1\u03b9\u03c0\u03ad\u03c4\u03b5\u03b9\u03b1 \u03c3\u03c5\u03bd\u03b5\u03c7\u03af\u03b6\u03b5\u03c4\u03b1\u03b9 \u03b3\u03b9\u03b1 \u03c4\u03bf \u03c0\u03bb\u03ae\u03c1\u03c9\u03bc\u03b1 \u03c4\u03bf\u03c5 Straw Hat.<\/h3>\n<p>\u0395\u03af\u03c4\u03b5 \u03b5\u03af\u03c3\u03c4\u03b5 \u03bc\u03b1\u03ba\u03c1\u03bf\u03c7\u03c1\u03cc\u03bd\u03b9\u03bf\u03c2 \u03b8\u03b1\u03c5\u03bc\u03b1\u03c3\u03c4\u03ae\u03c2 \u03b5\u03af\u03c4\u03b5 <strong>\u03bd\u03b5\u03b1\u03c1\u03cc\u03c2 \u03c0\u03b5\u03b9\u03c1\u03b1\u03c4\u03ae\u03c2<\/strong>, \u0391\u03c5\u03c4\u03ac \u03c4\u03b1 \u03b1\u03bd\u03c4\u03b9\u03ba\u03b5\u03af\u03bc\u03b5\u03bd\u03b1 \u03b5\u03af\u03bd\u03b1\u03b9 \u03c3\u03af\u03b3\u03bf\u03c5\u03c1\u03b1 \u03b3\u03b9\u03b1 \u03b5\u03c3\u03ac\u03c2. \u0399\u03b4\u03b1\u03bd\u03b9\u03ba\u03ac \u03b3\u03b9\u03b1 \u03b4\u03ce\u03c1\u03bf, \u03b4\u03b9\u03b1\u03ba\u03cc\u03c3\u03bc\u03b7\u03c3\u03b7 \u03ae \u03c3\u03c5\u03bb\u03bb\u03bf\u03b3\u03ae, \u03b1\u03c5\u03c4\u03ac \u03c4\u03b1 \u03b1\u03bd\u03c4\u03b9\u03ba\u03b5\u03af\u03bc\u03b5\u03bd\u03b1 \u03b8\u03b1 \u03b1\u03bd\u03b1\u03b2\u03b1\u03b8\u03bc\u03af\u03c3\u03bf\u03c5\u03bd<strong> \u03c4\u03bf \u03c3\u03cd\u03bc\u03c0\u03b1\u03bd One Piece \u03c3\u03bf\u03c5<\/strong>. \u039c\u03b7\u03bd \u03c0\u03b5\u03c1\u03b9\u03bc\u03ad\u03bd\u03b5\u03c4\u03b5 \u03ac\u03bb\u03bb\u03bf, \u03c0\u03ac\u03c1\u03c4\u03b5 \u03bb\u03bf\u03b9\u03c0\u03cc\u03bd \u03c4\u03b7\u03bd \u03c4\u03cd\u03c7\u03b7 \u03c3\u03b1\u03c2 \u03c3\u03c4\u03b1 \u03c7\u03ad\u03c1\u03b9\u03b1 \u03c3\u03b1\u03c2 \u03ba\u03b1\u03b9 \u03b5\u03c0\u03b9\u03b2\u03b9\u03b2\u03b1\u03c3\u03c4\u03b5\u03af\u03c4\u03b5 \u03c3\u03c4\u03bf Thousand Sunny, \u03c0\u03bf\u03bb\u03bb\u03ad\u03c2 \u03c0\u03b5\u03c1\u03b9\u03c0\u03ad\u03c4\u03b5\u03b9\u03b5\u03c2 \u03c3\u03b1\u03c2 \u03c0\u03b5\u03c1\u03b9\u03bc\u03ad\u03bd\u03bf\u03c5\u03bd \u03b5\u03ba\u03b5\u03af.<\/p>\n<h2>\u03a0\u03bb\u03b7\u03c1\u03bf\u03c6\u03bf\u03c1\u03af\u03b5\u03c2 \u03b3\u03b9\u03b1 \u03c4\u03bf \u03b5\u03b9\u03b4\u03ce\u03bb\u03b9\u03bf \u03c4\u03bf\u03c5 \u0396\u03cc\u03c1\u03bf \u03c4\u03bf\u03c5 \u039d\u03ad\u03bf\u03c5 \u039a\u03cc\u03c3\u03bc\u03bf\u03c5\u00a0<\/h2>\n<ul>\n<li><span><b><u>\u039f\u03bb\u03cc\u03c3\u03c9\u03bc\u03bf \u03b5\u03b9\u03b4\u03ce\u03bb\u03b9\u03bf<\/u><\/b>\u00a0\u03a6\u03b9\u03b3\u03bf\u03cd\u03c1\u03b1 One Piece Premium \u03b3\u03b9\u03b1 \u03b1\u03bb\u03b7\u03b8\u03b9\u03bd\u03bf\u03cd\u03c2 \u03c0\u03b5\u03b9\u03c1\u03b1\u03c4\u03ad\u03c2<\/span><\/li>\n<\/ul>\n<ul>\n<li>\n<b>\u03a5\u03bb\u03b7<\/b><span>\u00a0<\/span>PVC<\/li>\n<\/ul>\n<ul>\n<li><span><strong>\u0394\u03b9\u03ac\u03c3\u03c4\u03b1\u03c3\u03b7<\/strong>\u00a0: 13 \u03b5\u03ba.<\/span><\/li>\n<\/ul>\n<ul>\n<li><span><strong>\u0394\u03a9\u03a1\u0395\u0391\u039d \u03a0\u0391\u03a1\u0391\u0394\u039f\u03a3\u0397<\/strong><\/span><\/li>\n<\/ul>","protected":false},"excerpt":{"rendered":"<p>Jeune pirate, le moment est venu pour toi de te procurer cette Figurine One Piece Dead or Alive Zoro Nouveau Monde. Tu n&rsquo;es pas sans savoir que le Gouvernement mondial lors de l&rsquo;\u00e9pisode 320, a mis sur la t\u00eate de l&rsquo;\u00e9quipage du Chapeau de Paille des primes. Le total de cette prime s&rsquo;\u00e9l\u00e8ve \u00e0 600 [&hellip;]<\/p>","protected":false},"featured_media":12014,"comment_status":"open","ping_status":"open","template":"","meta":[],"product_brand":[],"product_cat":[76,162,151],"product_tag":[113],"class_list":{"0":"post-12012","1":"product","2":"type-product","3":"status-publish","4":"has-post-thumbnail","6":"product_cat-figurines-one-piece","7":"product_cat-figurines-roronoa-zoro","8":"product_cat-goodies-roronoa-zoro-one-piece","9":"product_tag-zoro","11":"first","12":"outofstock","13":"purchasable","14":"product-type-simple"},"yoast_head":"<!-- This site is optimized with the Yoast SEO plugin v27.5 - https:\/\/yoast.com\/product\/yoast-seo-wordpress\/ -->\n<title>Figurine One Piece Dead or Alive Zoro Nouveau Monde | Figurine One Piece \u2013 Boutique One Piece<\/title>\n<meta name=\"description\" content=\"Jeune pirate, le moment est venu pour toi de te procurer cette Figurine One Piece Dead or Alive Zoro Nouveau Monde. Tu n&#039;es pas sans savoir que le Gouvernement mondial lors de l&#039;\u00e9pisode 320, a mis sur la t\u00eate de l&#039;\u00e9quipage du Chapeau de Paille des primes. Le total de cette prime s&#039;\u00e9l\u00e8ve \u00e0 600 000 050 Berrys. Concernant\" \/>\n<meta name=\"robots\" content=\"index, follow, max-snippet:-1, max-image-preview:large, max-video-preview:-1\" \/>\n<link rel=\"canonical\" href=\"https:\/\/boutique-one-piece.com\/el\/\u03c6\u03b9\u03b3\u03bf\u03cd\u03c1\u03b5\u03c2-one-piece\/\u03b5\u03b9\u03b4\u03ce\u03bb\u03b9\u03b1-roronoa-zoro\/\u03bc\u03bf\u03bd\u03bf\u03ba\u03cc\u03bc\u03bc\u03b1\u03c4\u03bf-\u03b5\u03b9\u03b4\u03ce\u03bb\u03b9\u03bf-\u03b6\u03cc\u03c1\u03bf-\u03c4\u03bf\u03c5-\u03bd\u03ad\u03bf\u03c5-\u03ba\u03cc\u03c3\/\" \/>\n<meta property=\"og:locale\" content=\"el_GR\" \/>\n<meta property=\"og:type\" content=\"article\" \/>\n<meta property=\"og:title\" content=\"Figurine One Piece Dead or Alive Zoro Nouveau Monde | Figurine One Piece \u2013 Boutique One Piece\" \/>\n<meta property=\"og:description\" content=\"Jeune pirate, le moment est venu pour toi de te procurer cette Figurine One Piece Dead or Alive Zoro Nouveau Monde. Tu n&#039;es pas sans savoir que le Gouvernement mondial lors de l&#039;\u00e9pisode 320, a mis sur la t\u00eate de l&#039;\u00e9quipage du Chapeau de Paille des primes. Le total de cette prime s&#039;\u00e9l\u00e8ve \u00e0 600 000 050 Berrys. Concernant\" \/>\n<meta property=\"og:url\" content=\"https:\/\/boutique-one-piece.com\/el\/\u03c6\u03b9\u03b3\u03bf\u03cd\u03c1\u03b5\u03c2-one-piece\/\u03b5\u03b9\u03b4\u03ce\u03bb\u03b9\u03b1-roronoa-zoro\/\u03bc\u03bf\u03bd\u03bf\u03ba\u03cc\u03bc\u03bc\u03b1\u03c4\u03bf-\u03b5\u03b9\u03b4\u03ce\u03bb\u03b9\u03bf-\u03b6\u03cc\u03c1\u03bf-\u03c4\u03bf\u03c5-\u03bd\u03ad\u03bf\u03c5-\u03ba\u03cc\u03c3\/\" \/>\n<meta property=\"og:site_name\" content=\"Boutique One Piece\" \/>\n<meta property=\"article:modified_time\" content=\"2024-09-16T12:45:17+00:00\" \/>\n<meta property=\"og:image\" content=\"https:\/\/boutique-one-piece.com\/wp-content\/uploads\/2022\/09\/Figurine-One-Piece-Dead-or-Alive-Zoro-Nouveau-Monde.jpg\" \/>\n\t<meta property=\"og:image:width\" content=\"640\" \/>\n\t<meta property=\"og:image:height\" content=\"640\" \/>\n\t<meta property=\"og:image:type\" content=\"image\/jpeg\" \/>\n<meta name=\"twitter:card\" content=\"summary_large_image\" \/>\n<meta name=\"twitter:label1\" content=\"\u0395\u03ba\u03c4\u03b9\u03bc\u03ce\u03bc\u03b5\u03bd\u03bf\u03c2 \u03c7\u03c1\u03cc\u03bd\u03bf\u03c2 \u03b1\u03bd\u03ac\u03b3\u03bd\u03c9\u03c3\u03b7\u03c2\" \/>\n\t<meta name=\"twitter:data1\" content=\"2 \u03bb\u03b5\u03c0\u03c4\u03ac\" \/>\n<script type=\"application\/ld+json\" class=\"yoast-schema-graph\">{\"@context\":\"https:\\\/\\\/schema.org\",\"@graph\":[{\"@type\":\"WebPage\",\"@id\":\"https:\\\/\\\/boutique-one-piece.com\\\/figurines-one-piece\\\/figurines-roronoa-zoro\\\/figurine-one-piece-dead-or-alive-zoro-nouveau-monde\\\/\",\"url\":\"https:\\\/\\\/boutique-one-piece.com\\\/figurines-one-piece\\\/figurines-roronoa-zoro\\\/figurine-one-piece-dead-or-alive-zoro-nouveau-monde\\\/\",\"name\":\"Figurine One Piece Dead or Alive Zoro Nouveau Monde | Figurine One Piece \u2013 Boutique One Piece\",\"isPartOf\":{\"@id\":\"https:\\\/\\\/boutique-one-piece.com\\\/#website\"},\"primaryImageOfPage\":{\"@id\":\"https:\\\/\\\/boutique-one-piece.com\\\/figurines-one-piece\\\/figurines-roronoa-zoro\\\/figurine-one-piece-dead-or-alive-zoro-nouveau-monde\\\/#primaryimage\"},\"image\":{\"@id\":\"https:\\\/\\\/boutique-one-piece.com\\\/figurines-one-piece\\\/figurines-roronoa-zoro\\\/figurine-one-piece-dead-or-alive-zoro-nouveau-monde\\\/#primaryimage\"},\"thumbnailUrl\":\"https:\\\/\\\/boutique-one-piece.com\\\/wp-content\\\/uploads\\\/2022\\\/09\\\/Figurine-One-Piece-Dead-or-Alive-Zoro-Nouveau-Monde.jpg\",\"datePublished\":\"2022-09-27T20:53:01+00:00\",\"dateModified\":\"2024-09-16T12:45:17+00:00\",\"description\":\"Jeune pirate, le moment est venu pour toi de te procurer cette Figurine One Piece Dead or Alive Zoro Nouveau Monde. Tu n'es pas sans savoir que le Gouvernement mondial lors de l'\u00e9pisode 320, a mis sur la t\u00eate de l'\u00e9quipage du Chapeau de Paille des primes. Le total de cette prime s'\u00e9l\u00e8ve \u00e0 600 000 050 Berrys. Concernant\",\"breadcrumb\":{\"@id\":\"https:\\\/\\\/boutique-one-piece.com\\\/figurines-one-piece\\\/figurines-roronoa-zoro\\\/figurine-one-piece-dead-or-alive-zoro-nouveau-monde\\\/#breadcrumb\"},\"inLanguage\":\"el\",\"potentialAction\":[{\"@type\":\"ReadAction\",\"target\":[\"https:\\\/\\\/boutique-one-piece.com\\\/figurines-one-piece\\\/figurines-roronoa-zoro\\\/figurine-one-piece-dead-or-alive-zoro-nouveau-monde\\\/\"]}]},{\"@type\":\"ImageObject\",\"inLanguage\":\"el\",\"@id\":\"https:\\\/\\\/boutique-one-piece.com\\\/figurines-one-piece\\\/figurines-roronoa-zoro\\\/figurine-one-piece-dead-or-alive-zoro-nouveau-monde\\\/#primaryimage\",\"url\":\"https:\\\/\\\/boutique-one-piece.com\\\/wp-content\\\/uploads\\\/2022\\\/09\\\/Figurine-One-Piece-Dead-or-Alive-Zoro-Nouveau-Monde.jpg\",\"contentUrl\":\"https:\\\/\\\/boutique-one-piece.com\\\/wp-content\\\/uploads\\\/2022\\\/09\\\/Figurine-One-Piece-Dead-or-Alive-Zoro-Nouveau-Monde.jpg\",\"width\":640,\"height\":640,\"caption\":\"Figurine One Piece Dead or Alive Zoro Nouveau Monde Default Title\"},{\"@type\":\"BreadcrumbList\",\"@id\":\"https:\\\/\\\/boutique-one-piece.com\\\/figurines-one-piece\\\/figurines-roronoa-zoro\\\/figurine-one-piece-dead-or-alive-zoro-nouveau-monde\\\/#breadcrumb\",\"itemListElement\":[{\"@type\":\"ListItem\",\"position\":1,\"name\":\"Home\",\"item\":\"https:\\\/\\\/boutique-one-piece.com\\\/\"},{\"@type\":\"ListItem\",\"position\":2,\"name\":\"Shop\",\"item\":\"https:\\\/\\\/boutique-one-piece.com\\\/shop\\\/\"},{\"@type\":\"ListItem\",\"position\":3,\"name\":\"Figurine One Piece Dead or Alive Zoro Nouveau Monde\"}]},{\"@type\":\"WebSite\",\"@id\":\"https:\\\/\\\/boutique-one-piece.com\\\/#website\",\"url\":\"https:\\\/\\\/boutique-one-piece.com\\\/\",\"name\":\"Boutique One Piece\",\"description\":\"Magasin Sp\u00e9cialis\u00e9 du Manga et l&#039;Anime One Piece\",\"publisher\":{\"@id\":\"https:\\\/\\\/boutique-one-piece.com\\\/#organization\"},\"potentialAction\":[{\"@type\":\"SearchAction\",\"target\":{\"@type\":\"EntryPoint\",\"urlTemplate\":\"https:\\\/\\\/boutique-one-piece.com\\\/?s={search_term_string}\"},\"query-input\":{\"@type\":\"PropertyValueSpecification\",\"valueRequired\":true,\"valueName\":\"search_term_string\"}}],\"inLanguage\":\"el\"},{\"@type\":\"Organization\",\"@id\":\"https:\\\/\\\/boutique-one-piece.com\\\/#organization\",\"name\":\"Boutique One Piece\",\"url\":\"https:\\\/\\\/boutique-one-piece.com\\\/\",\"logo\":{\"@type\":\"ImageObject\",\"inLanguage\":\"el\",\"@id\":\"https:\\\/\\\/boutique-one-piece.com\\\/#\\\/schema\\\/logo\\\/image\\\/\",\"url\":\"https:\\\/\\\/boutique-one-piece.com\\\/wp-content\\\/uploads\\\/2022\\\/09\\\/Logo-01.png\",\"contentUrl\":\"https:\\\/\\\/boutique-one-piece.com\\\/wp-content\\\/uploads\\\/2022\\\/09\\\/Logo-01.png\",\"width\":2318,\"height\":957,\"caption\":\"Boutique One Piece\"},\"image\":{\"@id\":\"https:\\\/\\\/boutique-one-piece.com\\\/#\\\/schema\\\/logo\\\/image\\\/\"}}]}<\/script>\n<!-- \/ Yoast SEO plugin. -->","yoast_head_json":{"title":"\u03a6\u03b9\u03b3\u03bf\u03cd\u03c1\u03b1 One Piece Dead or Alive Zoro New World | \u03a6\u03b9\u03b3\u03bf\u03cd\u03c1\u03b1 One Piece \u2013 One Piece Shop","description":"\u039d\u03b5\u03b1\u03c1\u03ad \u03c0\u03b5\u03b9\u03c1\u03b1\u03c4\u03ae, \u03ae\u03c1\u03b8\u03b5 \u03b7 \u03ce\u03c1\u03b1 \u03bd\u03b1 \u03b1\u03c0\u03bf\u03ba\u03c4\u03ae\u03c3\u03b5\u03b9\u03c2 \u03b1\u03c5\u03c4\u03ae \u03c4\u03b7 \u03c6\u03b9\u03b3\u03bf\u03cd\u03c1\u03b1 One Piece Dead or Alive Zoro New World. \u03a0\u03b9\u03b8\u03b1\u03bd\u03cc\u03c4\u03b1\u03c4\u03b1 \u03b3\u03bd\u03c9\u03c1\u03af\u03b6\u03b5\u03b9\u03c2 \u03cc\u03c4\u03b9 \u03c3\u03c4\u03bf \u03b5\u03c0\u03b5\u03b9\u03c3\u03cc\u03b4\u03b9\u03bf 320, \u03b7 \u03a0\u03b1\u03b3\u03ba\u03cc\u03c3\u03bc\u03b9\u03b1 \u039a\u03c5\u03b2\u03ad\u03c1\u03bd\u03b7\u03c3\u03b7 \u03ad\u03b2\u03b1\u03bb\u03b5 \u03b1\u03bc\u03bf\u03b9\u03b2\u03ae \u03c3\u03c4\u03bf \u03c0\u03bb\u03ae\u03c1\u03c9\u03bc\u03b1 \u03c4\u03bf\u03c5 Straw Hat. \u0397 \u03c3\u03c5\u03bd\u03bf\u03bb\u03b9\u03ba\u03ae \u03b1\u03bc\u03bf\u03b9\u03b2\u03ae \u03b1\u03bd\u03ad\u03c1\u03c7\u03b5\u03c4\u03b1\u03b9 \u03c3\u03b5 600.000.050 \u039c\u03bf\u03cd\u03c1\u03b1. \u038c\u03c3\u03bf\u03bd \u03b1\u03c6\u03bf\u03c1\u03ac...","robots":{"index":"index","follow":"follow","max-snippet":"max-snippet:-1","max-image-preview":"max-image-preview:large","max-video-preview":"max-video-preview:-1"},"canonical":"https:\/\/boutique-one-piece.com\/el\/\u03c6\u03b9\u03b3\u03bf\u03cd\u03c1\u03b5\u03c2-one-piece\/\u03b5\u03b9\u03b4\u03ce\u03bb\u03b9\u03b1-roronoa-zoro\/\u03bc\u03bf\u03bd\u03bf\u03ba\u03cc\u03bc\u03bc\u03b1\u03c4\u03bf-\u03b5\u03b9\u03b4\u03ce\u03bb\u03b9\u03bf-\u03b6\u03cc\u03c1\u03bf-\u03c4\u03bf\u03c5-\u03bd\u03ad\u03bf\u03c5-\u03ba\u03cc\u03c3\/","og_locale":"el_GR","og_type":"article","og_title":"Figurine One Piece Dead or Alive Zoro Nouveau Monde | Figurine One Piece \u2013 Boutique One Piece","og_description":"Jeune pirate, le moment est venu pour toi de te procurer cette Figurine One Piece Dead or Alive Zoro Nouveau Monde. Tu n'es pas sans savoir que le Gouvernement mondial lors de l'\u00e9pisode 320, a mis sur la t\u00eate de l'\u00e9quipage du Chapeau de Paille des primes. Le total de cette prime s'\u00e9l\u00e8ve \u00e0 600 000 050 Berrys. Concernant","og_url":"https:\/\/boutique-one-piece.com\/el\/\u03c6\u03b9\u03b3\u03bf\u03cd\u03c1\u03b5\u03c2-one-piece\/\u03b5\u03b9\u03b4\u03ce\u03bb\u03b9\u03b1-roronoa-zoro\/\u03bc\u03bf\u03bd\u03bf\u03ba\u03cc\u03bc\u03bc\u03b1\u03c4\u03bf-\u03b5\u03b9\u03b4\u03ce\u03bb\u03b9\u03bf-\u03b6\u03cc\u03c1\u03bf-\u03c4\u03bf\u03c5-\u03bd\u03ad\u03bf\u03c5-\u03ba\u03cc\u03c3\/","og_site_name":"Boutique One Piece","article_modified_time":"2024-09-16T12:45:17+00:00","og_image":[{"width":640,"height":640,"url":"https:\/\/boutique-one-piece.com\/wp-content\/uploads\/2022\/09\/Figurine-One-Piece-Dead-or-Alive-Zoro-Nouveau-Monde.jpg","type":"image\/jpeg"}],"twitter_card":"summary_large_image","twitter_misc":{"\u0395\u03ba\u03c4\u03b9\u03bc\u03ce\u03bc\u03b5\u03bd\u03bf\u03c2 \u03c7\u03c1\u03cc\u03bd\u03bf\u03c2 \u03b1\u03bd\u03ac\u03b3\u03bd\u03c9\u03c3\u03b7\u03c2":"2 \u03bb\u03b5\u03c0\u03c4\u03ac"},"schema":{"@context":"https:\/\/schema.org","@graph":[{"@type":"WebPage","@id":"https:\/\/boutique-one-piece.com\/figurines-one-piece\/figurines-roronoa-zoro\/figurine-one-piece-dead-or-alive-zoro-nouveau-monde\/","url":"https:\/\/boutique-one-piece.com\/figurines-one-piece\/figurines-roronoa-zoro\/figurine-one-piece-dead-or-alive-zoro-nouveau-monde\/","name":"\u03a6\u03b9\u03b3\u03bf\u03cd\u03c1\u03b1 One Piece Dead or Alive Zoro New World | \u03a6\u03b9\u03b3\u03bf\u03cd\u03c1\u03b1 One Piece \u2013 One Piece Shop","isPartOf":{"@id":"https:\/\/boutique-one-piece.com\/#website"},"primaryImageOfPage":{"@id":"https:\/\/boutique-one-piece.com\/figurines-one-piece\/figurines-roronoa-zoro\/figurine-one-piece-dead-or-alive-zoro-nouveau-monde\/#primaryimage"},"image":{"@id":"https:\/\/boutique-one-piece.com\/figurines-one-piece\/figurines-roronoa-zoro\/figurine-one-piece-dead-or-alive-zoro-nouveau-monde\/#primaryimage"},"thumbnailUrl":"https:\/\/boutique-one-piece.com\/wp-content\/uploads\/2022\/09\/Figurine-One-Piece-Dead-or-Alive-Zoro-Nouveau-Monde.jpg","datePublished":"2022-09-27T20:53:01+00:00","dateModified":"2024-09-16T12:45:17+00:00","description":"\u039d\u03b5\u03b1\u03c1\u03ad \u03c0\u03b5\u03b9\u03c1\u03b1\u03c4\u03ae, \u03ae\u03c1\u03b8\u03b5 \u03b7 \u03ce\u03c1\u03b1 \u03bd\u03b1 \u03b1\u03c0\u03bf\u03ba\u03c4\u03ae\u03c3\u03b5\u03b9\u03c2 \u03b1\u03c5\u03c4\u03ae \u03c4\u03b7 \u03c6\u03b9\u03b3\u03bf\u03cd\u03c1\u03b1 One Piece Dead or Alive Zoro New World. \u03a0\u03b9\u03b8\u03b1\u03bd\u03cc\u03c4\u03b1\u03c4\u03b1 \u03b3\u03bd\u03c9\u03c1\u03af\u03b6\u03b5\u03b9\u03c2 \u03cc\u03c4\u03b9 \u03c3\u03c4\u03bf \u03b5\u03c0\u03b5\u03b9\u03c3\u03cc\u03b4\u03b9\u03bf 320, \u03b7 \u03a0\u03b1\u03b3\u03ba\u03cc\u03c3\u03bc\u03b9\u03b1 \u039a\u03c5\u03b2\u03ad\u03c1\u03bd\u03b7\u03c3\u03b7 \u03ad\u03b2\u03b1\u03bb\u03b5 \u03b1\u03bc\u03bf\u03b9\u03b2\u03ae \u03c3\u03c4\u03bf \u03c0\u03bb\u03ae\u03c1\u03c9\u03bc\u03b1 \u03c4\u03bf\u03c5 Straw Hat. \u0397 \u03c3\u03c5\u03bd\u03bf\u03bb\u03b9\u03ba\u03ae \u03b1\u03bc\u03bf\u03b9\u03b2\u03ae \u03b1\u03bd\u03ad\u03c1\u03c7\u03b5\u03c4\u03b1\u03b9 \u03c3\u03b5 600.000.050 \u039c\u03bf\u03cd\u03c1\u03b1. \u038c\u03c3\u03bf\u03bd \u03b1\u03c6\u03bf\u03c1\u03ac...","breadcrumb":{"@id":"https:\/\/boutique-one-piece.com\/figurines-one-piece\/figurines-roronoa-zoro\/figurine-one-piece-dead-or-alive-zoro-nouveau-monde\/#breadcrumb"},"inLanguage":"el","potentialAction":[{"@type":"ReadAction","target":["https:\/\/boutique-one-piece.com\/figurines-one-piece\/figurines-roronoa-zoro\/figurine-one-piece-dead-or-alive-zoro-nouveau-monde\/"]}]},{"@type":"ImageObject","inLanguage":"el","@id":"https:\/\/boutique-one-piece.com\/figurines-one-piece\/figurines-roronoa-zoro\/figurine-one-piece-dead-or-alive-zoro-nouveau-monde\/#primaryimage","url":"https:\/\/boutique-one-piece.com\/wp-content\/uploads\/2022\/09\/Figurine-One-Piece-Dead-or-Alive-Zoro-Nouveau-Monde.jpg","contentUrl":"https:\/\/boutique-one-piece.com\/wp-content\/uploads\/2022\/09\/Figurine-One-Piece-Dead-or-Alive-Zoro-Nouveau-Monde.jpg","width":640,"height":640,"caption":"Figurine One Piece Dead or Alive Zoro Nouveau Monde Default Title"},{"@type":"BreadcrumbList","@id":"https:\/\/boutique-one-piece.com\/figurines-one-piece\/figurines-roronoa-zoro\/figurine-one-piece-dead-or-alive-zoro-nouveau-monde\/#breadcrumb","itemListElement":[{"@type":"ListItem","position":1,"name":"Home","item":"https:\/\/boutique-one-piece.com\/"},{"@type":"ListItem","position":2,"name":"Shop","item":"https:\/\/boutique-one-piece.com\/shop\/"},{"@type":"ListItem","position":3,"name":"Figurine One Piece Dead or Alive Zoro Nouveau Monde"}]},{"@type":"WebSite","@id":"https:\/\/boutique-one-piece.com\/#website","url":"https:\/\/boutique-one-piece.com\/","name":"\u039a\u03b1\u03c4\u03ac\u03c3\u03c4\u03b7\u03bc\u03b1 One Piece","description":"\u0395\u03be\u03b5\u03b9\u03b4\u03b9\u03ba\u03b5\u03c5\u03bc\u03ad\u03bd\u03bf \u03ba\u03b1\u03c4\u03ac\u03c3\u03c4\u03b7\u03bc\u03b1 \u03b3\u03b9\u03b1 One Piece Manga \u03ba\u03b1\u03b9 Anime","publisher":{"@id":"https:\/\/boutique-one-piece.com\/#organization"},"potentialAction":[{"@type":"SearchAction","target":{"@type":"EntryPoint","urlTemplate":"https:\/\/boutique-one-piece.com\/?s={search_term_string}"},"query-input":{"@type":"PropertyValueSpecification","valueRequired":true,"valueName":"search_term_string"}}],"inLanguage":"el"},{"@type":"Organization","@id":"https:\/\/boutique-one-piece.com\/#organization","name":"\u039a\u03b1\u03c4\u03ac\u03c3\u03c4\u03b7\u03bc\u03b1 One Piece","url":"https:\/\/boutique-one-piece.com\/","logo":{"@type":"ImageObject","inLanguage":"el","@id":"https:\/\/boutique-one-piece.com\/#\/schema\/logo\/image\/","url":"https:\/\/boutique-one-piece.com\/wp-content\/uploads\/2022\/09\/Logo-01.png","contentUrl":"https:\/\/boutique-one-piece.com\/wp-content\/uploads\/2022\/09\/Logo-01.png","width":2318,"height":957,"caption":"Boutique One Piece"},"image":{"@id":"https:\/\/boutique-one-piece.com\/#\/schema\/logo\/image\/"}}]}},"_links":{"self":[{"href":"https:\/\/boutique-one-piece.com\/el\/wp-json\/wp\/v2\/product\/12012","targetHints":{"allow":["GET"]}}],"collection":[{"href":"https:\/\/boutique-one-piece.com\/el\/wp-json\/wp\/v2\/product"}],"about":[{"href":"https:\/\/boutique-one-piece.com\/el\/wp-json\/wp\/v2\/types\/product"}],"replies":[{"embeddable":true,"href":"https:\/\/boutique-one-piece.com\/el\/wp-json\/wp\/v2\/comments?post=12012"}],"wp:featuredmedia":[{"embeddable":true,"href":"https:\/\/boutique-one-piece.com\/el\/wp-json\/wp\/v2\/media\/12014"}],"wp:attachment":[{"href":"https:\/\/boutique-one-piece.com\/el\/wp-json\/wp\/v2\/media?parent=12012"}],"wp:term":[{"taxonomy":"product_brand","embeddable":true,"href":"https:\/\/boutique-one-piece.com\/el\/wp-json\/wp\/v2\/product_brand?post=12012"},{"taxonomy":"product_cat","embeddable":true,"href":"https:\/\/boutique-one-piece.com\/el\/wp-json\/wp\/v2\/product_cat?post=12012"},{"taxonomy":"product_tag","embeddable":true,"href":"https:\/\/boutique-one-piece.com\/el\/wp-json\/wp\/v2\/product_tag?post=12012"}],"curies":[{"name":"\u03b5\u03c1\u03b3\u03b1\u03c3\u03af\u03b1","href":"https:\/\/api.w.org\/{rel}","templated":true}]}}