{"id":12332,"date":"2022-09-27T20:55:08","date_gmt":"2022-09-27T20:55:08","guid":{"rendered":"https:\/\/boutique-one-piece.com\/uncategorized\/figurine-pop-zoro-bras-droit-de-luffy\/"},"modified":"2026-01-29T07:18:19","modified_gmt":"2026-01-29T07:18:19","slug":"%cf%86%ce%b9%ce%b3%ce%bf%cf%8d%cf%81%ce%b1-zoro-pop-%cf%84%ce%bf-%ce%b4%ce%b5%ce%be%ce%af-%cf%87%ce%ad%cf%81%ce%b9-%cf%84%ce%bf%cf%85-luffy","status":"publish","type":"product","link":"https:\/\/boutique-one-piece.com\/el\/%cf%86%ce%b9%ce%b3%ce%bf%cf%8d%cf%81%ce%b5%cf%82-one-piece\/%cf%86%ce%b9%ce%b3%ce%bf%cf%8d%cf%81%ce%b1-zoro-pop-%cf%84%ce%bf-%ce%b4%ce%b5%ce%be%ce%af-%cf%87%ce%ad%cf%81%ce%b9-%cf%84%ce%bf%cf%85-luffy\/","title":{"rendered":"\u03a0\u03bf\u03c0! \u03a6\u03b9\u03b3\u03bf\u03cd\u03c1\u03b1 Zoro, \u03c4\u03bf \u03b4\u03b5\u03be\u03af \u03c7\u03ad\u03c1\u03b9 \u03c4\u03bf\u03c5 Luffy"},"content":{"rendered":"<h2>\u039d\u03b5\u03b1\u03c1\u03cc \u03bc\u03ad\u03bb\u03bf\u03c2 \u03c4\u03b7\u03c2 \u03bf\u03bc\u03ac\u03b4\u03b1\u03c2 Straw Hat, \u03ae\u03c1\u03b8\u03b5 \u03b7 \u03ce\u03c1\u03b1 \u03bd\u03b1 \u03b1\u03c0\u03bf\u03ba\u03c4\u03ae\u03c3\u03b5\u03b9\u03c2 \u03c4\u03bf \u03b4\u03b5\u03be\u03af \u03c7\u03ad\u03c1\u03b9 \u03b1\u03c5\u03c4\u03ae\u03c2 \u03c4\u03b7\u03c2 \u03c0\u03bf\u03c0 \u03c6\u03b9\u03b3\u03bf\u03cd\u03c1\u03b1\u03c2, \u03c4\u03bf\u03c5 Zoro Luffy.<\/h2>\n<p>\u039d\u03b1 \u03c4\u03b9 \u03c0\u03c1\u03ad\u03c0\u03b5\u03b9 \u03bd\u03b1 \u03be\u03ad\u03c1\u03b5\u03c4\u03b5 \u03b3\u03b9&#039; \u03b1\u03c5\u03c4\u03cc\u03bd. ; <strong> Zoro<\/strong> \u03ae\u03c4\u03b1\u03bd \u03c4\u03bf \u03c0\u03c1\u03ce\u03c4\u03bf \u03bc\u03ad\u03bb\u03bf\u03c2 \u03c0\u03bf\u03c5 \u03b5\u03bd\u03c4\u03ac\u03c7\u03b8\u03b7\u03ba\u03b5 \u03c3\u03c4\u03bf Straw Hat Crew, \u03b5\u03af\u03bd\u03b1\u03b9 \u03bf <strong>\u03c0\u03c1\u03ce\u03c4\u03bf\u03c2 \u03ba\u03b1\u03b9 \u03ba\u03cd\u03c1\u03b9\u03bf\u03c2 \u03be\u03b9\u03c6\u03bf\u03bc\u03ac\u03c7\u03bf\u03c2<\/strong>. \u0397 \u03c6\u03b9\u03bb\u03bf\u03b4\u03bf\u03be\u03af\u03b1 \u03c4\u03bf\u03c5 \u03b5\u03af\u03bd\u03b1\u03b9 \u03bd\u03b1 \u03b3\u03af\u03bd\u03b5\u03b9 \u03bf \u03ba\u03b1\u03bb\u03cd\u03c4\u03b5\u03c1\u03bf\u03c2 \u03be\u03b9\u03c6\u03bf\u03bc\u03ac\u03c7\u03bf\u03c2 \u03c3\u03c4\u03bf\u03bd \u03ba\u03cc\u03c3\u03bc\u03bf \u03ba\u03b1\u03b9 \u03ad\u03c7\u03b5\u03b9 \u03b4\u03b5\u03af\u03be\u03b5\u03b9 \u03c3\u03b9\u03b4\u03b5\u03c1\u03ad\u03bd\u03b9\u03b1 \u03b8\u03ad\u03bb\u03b7\u03c3\u03b7 \u03b3\u03b9\u03b1 \u03bd\u03b1 \u03c4\u03bf \u03c0\u03b5\u03c4\u03cd\u03c7\u03b5\u03b9 \u03b1\u03c5\u03c4\u03cc.<\/p>\n<p>\u0395\u03af\u03bd\u03b1\u03b9 \u03ad\u03bd\u03b1\u03c2 \u03b4\u03b5\u03be\u03b9\u03bf\u03c4\u03ad\u03c7\u03bd\u03b7\u03c2 \u03be\u03b9\u03c6\u03bf\u03bc\u03ac\u03c7\u03bf\u03c2 \u03c0\u03bf\u03c5 \u03bc\u03c0\u03bf\u03c1\u03b5\u03af \u03bd\u03b1 \u03c7\u03c1\u03b7\u03c3\u03b9\u03bc\u03bf\u03c0\u03bf\u03b9\u03ae\u03c3\u03b5\u03b9 \u03b4\u03b9\u03ac\u03c6\u03bf\u03c1\u03b1 \u03c3\u03c4\u03c5\u03bb \u03bc\u03ac\u03c7\u03b7\u03c2, \u03c4\u03bf \u03b9\u03b4\u03b9\u03b1\u03af\u03c4\u03b5\u03c1\u03bf \u03c7\u03b1\u03c1\u03b1\u03ba\u03c4\u03b7\u03c1\u03b9\u03c3\u03c4\u03b9\u03ba\u03cc \u03c4\u03c9\u03bd \u03bf\u03c0\u03bf\u03af\u03c9\u03bd \u03ad\u03b3\u03ba\u03b5\u03b9\u03c4\u03b1\u03b9 \u03c3\u03c4\u03bf\u03bd \u03b1\u03c1\u03b9\u03b8\u03bc\u03cc \u03c4\u03c9\u03bd \u03c3\u03c0\u03b1\u03b8\u03b9\u03ce\u03bd \u03c0\u03bf\u03c5 \u03c7\u03b5\u03b9\u03c1\u03af\u03b6\u03b5\u03c4\u03b1\u03b9. \u039f\u03b9 \u03b9\u03ba\u03b1\u03bd\u03cc\u03c4\u03b7\u03c4\u03ad\u03c2 \u03c4\u03bf\u03c5 \u03c3\u03c4\u03b7 \u03bc\u03ac\u03c7\u03b7 \u03b5\u03af\u03bd\u03b1\u03b9 \u03c4\u03ad\u03c4\u03bf\u03b9\u03b5\u03c2 \u03c0\u03bf\u03c5 \u03bc\u03b5\u03c1\u03b9\u03ba\u03ad\u03c2 \u03c6\u03bf\u03c1\u03ad\u03c2 \u03b4\u03af\u03bd\u03b5\u03b9 \u03c3\u03b5 \u03cc\u03c3\u03bf\u03c5\u03c2 \u03b2\u03c1\u03af\u03c3\u03ba\u03bf\u03bd\u03c4\u03b1\u03b9 \u03b5\u03ba\u03c4\u03cc\u03c2 \u03c0\u03bb\u03b7\u03c1\u03ce\u03bc\u03b1\u03c4\u03bf\u03c2 \u03c4\u03b7\u03bd \u03b5\u03bd\u03c4\u03cd\u03c0\u03c9\u03c3\u03b7 \u03cc\u03c4\u03b9 \u03b5\u03af\u03bd\u03b1\u03b9 \u03bf \u03c0\u03c1\u03b1\u03b3\u03bc\u03b1\u03c4\u03b9\u03ba\u03cc\u03c2 \u039a\u03b1\u03c0\u03b5\u03c4\u03ac\u03bd\u03b9\u03bf\u03c2.<\/p>\n<p>\u0395\u03c0\u03b9\u03c0\u03bb\u03ad\u03bf\u03bd, \u03b1\u03bd \u03c3\u03b1\u03c2 \u03b1\u03c1\u03ad\u03c3\u03b5\u03b9 \u03b9\u03b4\u03b9\u03b1\u03af\u03c4\u03b5\u03c1\u03b1 \u03bf \u03c7\u03b1\u03c1\u03b1\u03ba\u03c4\u03ae\u03c1\u03b1\u03c2 \u0396\u03cc\u03c1\u03bf, \u03bf <a title=\"ONE PIECES \u03a6\u0399\u0393\u039f\u03a5\u03a1\u0391 \u039f \u0396\u039f\u03a1\u039f \u039a\u0391\u0399 \u03a4\u0391 \u03a3\u03a0\u0391\u0398\u0399\u0391 \u03a4\u039f\u03a5\" href=\"https:\/\/boutique-one-piece.com\/el\/figurine-one-piece-%20zoro-et-ses-sabres\/\" target=\"_blank\" rel=\"noopener\" class=\"broken_link\">\u03b5\u03b9\u03b4\u03ce\u03bb\u03b9\u03bf \u03cc\u03c0\u03bf\u03c5 \u03b2\u03c1\u03af\u03c3\u03ba\u03b5\u03c4\u03b1\u03b9 \u03bc\u03b5 \u03c4\u03b1 3 \u03c3\u03c0\u03b1\u03b8\u03b9\u03ac \u03c4\u03bf\u03c5<\/a> \u03b5\u03af\u03bd\u03b1\u03b9 \u03c3\u03c4\u03b1 \u03c7\u03ad\u03c1\u03b9\u03b1 \u03c3\u03b1\u03c2. \u0395\u03c0\u03b9\u03c3\u03c4\u03c1\u03ad\u03c6\u03bf\u03bd\u03c4\u03b1\u03c2 \u03c3\u03c4\u03bf\u03bd \u0396\u03cc\u03c1\u03bf \u03ba\u03b1\u03b9 \u03c4\u03b7 \u03c3\u03c7\u03ad\u03c3\u03b7 \u03c4\u03bf\u03c5 \u03bc\u03b5 \u03c4\u03bf\u03bd \u039b\u03ac\u03c6\u03b9, \u03b8\u03b1 \u03c0\u03c1\u03ad\u03c0\u03b5\u03b9 \u03bd\u03b1 \u03b3\u03bd\u03c9\u03c1\u03af\u03b6\u03b5\u03c4\u03b5 \u03cc\u03c4\u03b9 \u03bf \u0396\u03cc\u03c1\u03bf \u03b5\u03bc\u03c0\u03b9\u03c3\u03c4\u03b5\u03cd\u03b5\u03c4\u03b1\u03b9 \u03b1\u03bd\u03b5\u03c0\u03b9\u03c6\u03cd\u03bb\u03b1\u03ba\u03c4\u03b1 \u03c4\u03bf\u03bd \u039b\u03ac\u03c6\u03b9 \u03ba\u03b1\u03b9 \u03b1\u03ba\u03bf\u03bb\u03bf\u03c5\u03b8\u03b5\u03af \u03c0\u03ac\u03bd\u03c4\u03b1 \u03c4\u03b9\u03c2 \u03b1\u03c0\u03bf\u03c6\u03ac\u03c3\u03b5\u03b9\u03c2 \u03c4\u03bf\u03c5 \u03b1\u03bd\u03b5\u03be\u03ac\u03c1\u03c4\u03b7\u03c4\u03b1 \u03b1\u03c0\u03cc \u03c4\u03b9\u03c2 \u03c3\u03c5\u03bd\u03ad\u03c0\u03b5\u03b9\u03b5\u03c2, \u03b1\u03bd\u03b1\u03b3\u03bd\u03c9\u03c1\u03af\u03b6\u03bf\u03bd\u03c4\u03b1\u03c2 \u03cc\u03c4\u03b9 \u03c0\u03c1\u03cc\u03ba\u03b5\u03b9\u03c4\u03b1\u03b9 \u03b3\u03b9\u03b1 \u03b1\u03c0\u03cc\u03c6\u03b1\u03c3\u03b7 \u03c4\u03bf\u03c5 \u03ba\u03b1\u03c0\u03b5\u03c4\u03ac\u03bd\u03b9\u03bf\u03c5, \u03c4\u03b7\u03bd \u03bf\u03c0\u03bf\u03af\u03b1 \u03c4\u03bf \u03c0\u03bb\u03ae\u03c1\u03c9\u03bc\u03b1 \u03c0\u03c1\u03ad\u03c0\u03b5\u03b9 \u03bd\u03b1 \u03b5\u03ba\u03c4\u03b5\u03bb\u03ad\u03c3\u03b5\u03b9 \u03c7\u03c9\u03c1\u03af\u03c2 \u03b1\u03bc\u03c6\u03b9\u03b2\u03bf\u03bb\u03af\u03b1.<\/p>\n<h3>\u03a3\u03b1\u03c2 \u03ad\u03c7\u03b5\u03b9 \u03ba\u03b5\u03c1\u03b4\u03af\u03c3\u03b5\u03b9, \u03bb\u03bf\u03b9\u03c0\u03cc\u03bd, \u03b7 \u03c0\u03bf\u03c0 \u03c6\u03b9\u03b3\u03bf\u03cd\u03c1\u03b1 \u03c4\u03bf\u03c5 \u0396\u03cc\u03c1\u03bf; \u0391\u03bd \u03bd\u03b1\u03b9, \u03bc\u03b7\u03bd \u03c0\u03b5\u03c1\u03b9\u03bc\u03ad\u03bd\u03b5\u03c4\u03b5 \u03ac\u03bb\u03bb\u03bf \u03ba\u03b1\u03b9 \u03b1\u03b4\u03c1\u03ac\u03be\u03c4\u03b5 \u03c4\u03b7\u03bd \u03b5\u03c5\u03ba\u03b1\u03b9\u03c1\u03af\u03b1 \u03bd\u03b1 \u03b5\u03bd\u03c4\u03b1\u03c7\u03b8\u03b5\u03af\u03c4\u03b5 \u03c3\u03c4\u03bf \u03c0\u03bb\u03ae\u03c1\u03c9\u03bc\u03b1 \u03c4\u03bf\u03c5 Thousand Sunny.<\/h3>\n<p>\u0395\u03af\u03c4\u03b5 \u03b5\u03af\u03c3\u03c4\u03b5 \u03bc\u03b1\u03ba\u03c1\u03bf\u03c7\u03c1\u03cc\u03bd\u03b9\u03bf\u03c2 \u03b8\u03b1\u03c5\u03bc\u03b1\u03c3\u03c4\u03ae\u03c2 \u03b5\u03af\u03c4\u03b5 \u03ad\u03bc\u03c0\u03b5\u03b9\u03c1\u03bf\u03c2 \u03c3\u03c5\u03bb\u03bb\u03ad\u03ba\u03c4\u03b7\u03c2, \u03bc\u03b7\u03bd \u03c8\u03ac\u03c7\u03bd\u03b5\u03c4\u03b5 \u03ac\u03bb\u03bb\u03bf\u2014\u03b1\u03c5\u03c4\u03ac \u03c4\u03b1 \u03b1\u03bd\u03c4\u03b9\u03ba\u03b5\u03af\u03bc\u03b5\u03bd\u03b1 \u03b5\u03af\u03bd\u03b1\u03b9 \u03c3\u03af\u03b3\u03bf\u03c5\u03c1\u03b1 \u03b3\u03b9\u03b1 \u03b5\u03c3\u03ac\u03c2. \u0399\u03b4\u03b1\u03bd\u03b9\u03ba\u03ac \u03b3\u03b9\u03b1 \u03b4\u03ce\u03c1\u03bf, \u03b4\u03b9\u03b1\u03ba\u03cc\u03c3\u03bc\u03b7\u03c3\u03b7 \u03ae \u03c0\u03c1\u03bf\u03c3\u03b8\u03ae\u03ba\u03b7 \u03c3\u03c4\u03b7 \u03c3\u03c5\u03bb\u03bb\u03bf\u03b3\u03ae \u03c3\u03b1\u03c2, \u03b1\u03c5\u03c4\u03ac \u03c4\u03b1 \u03b1\u03bd\u03c4\u03b9\u03ba\u03b5\u03af\u03bc\u03b5\u03bd\u03b1 \u03b8\u03b1 \u03b1\u03bd\u03b1\u03b2\u03b1\u03b8\u03bc\u03af\u03c3\u03bf\u03c5\u03bd \u03c4\u03bf \u03c3\u03c4\u03c5\u03bb \u03c3\u03b1\u03c2. <strong>\u03c4\u03bf \u03c3\u03cd\u03bc\u03c0\u03b1\u03bd One Piece \u03c3\u03bf\u03c5<\/strong>. \u03a0\u03ac\u03c1\u03b5 \u03c4\u03b7\u03bd \u03c4\u03cd\u03c7\u03b7 \u03c3\u03bf\u03c5 \u03c3\u03c4\u03b1 \u03c7\u03ad\u03c1\u03b9\u03b1 \u03c3\u03bf\u03c5. <strong>\u03bd\u03b5\u03b1\u03c1\u03cc\u03c2 \u03c0\u03b5\u03b9\u03c1\u03b1\u03c4\u03ae\u03c2<\/strong> \u03ba\u03b1\u03b9 \u03ad\u03b6\u03b7\u03c3\u03b5 \u03c0\u03bf\u03bb\u03bb\u03ad\u03c2 \u03c0\u03b5\u03c1\u03b9\u03c0\u03ad\u03c4\u03b5\u03b9\u03b5\u03c2, \u03b7 \u03ba\u03b1\u03b8\u03b5\u03bc\u03af\u03b1 \u03c0\u03b9\u03bf \u03c3\u03c5\u03bd\u03b1\u03c1\u03c0\u03b1\u03c3\u03c4\u03b9\u03ba\u03ae \u03b1\u03c0\u03cc \u03c4\u03b7\u03bd \u03c0\u03c1\u03bf\u03b7\u03b3\u03bf\u03cd\u03bc\u03b5\u03bd\u03b7.<\/p>\n<h2>\u03a0\u03bb\u03b7\u03c1\u03bf\u03c6\u03bf\u03c1\u03af\u03b5\u03c2 \u03b3\u03b9\u03b1 \u03c4\u03b7 \u03c6\u03b9\u03b3\u03bf\u03cd\u03c1\u03b1 Pop! Zoro, \u03c4\u03bf \u0394\u03b5\u03be\u03af \u03a7\u03ad\u03c1\u03b9 \u03c4\u03bf\u03c5 Luffy\u00a0<\/h2>\n<ul>\n<li><span><b><u>\u039f\u03bb\u03cc\u03c3\u03c9\u03bc\u03bf \u03b5\u03b9\u03b4\u03ce\u03bb\u03b9\u03bf<\/u><\/b>\u00a0\u03a6\u03b9\u03b3\u03bf\u03cd\u03c1\u03b1 One Piece Premium \u03b3\u03b9\u03b1 \u03b1\u03bb\u03b7\u03b8\u03b9\u03bd\u03bf\u03cd\u03c2 \u03c0\u03b5\u03b9\u03c1\u03b1\u03c4\u03ad\u03c2<\/span><\/li>\n<\/ul>\n<ul>\n<li>\n<b>\u03a5\u03bb\u03b7<\/b><span>\u00a0<\/span>PVC<\/li>\n<\/ul>\n<ul>\n<li><span><strong>\u0394\u03b9\u03ac\u03c3\u03c4\u03b1\u03c3\u03b7<\/strong>\u00a0: 10 \u03b5\u03ba.<\/span><\/li>\n<\/ul>\n<ul>\n<li><span><strong>\u0394\u03a9\u03a1\u0395\u0391\u039d \u03a0\u0391\u03a1\u0391\u0394\u039f\u03a3\u0397<\/strong><\/span><\/li>\n<\/ul>","protected":false},"excerpt":{"rendered":"<p>Jeune membre de l&rsquo;\u00e9quipage de Chapeau de paille, le moment est venu pour toi de te procurer cette Figurine Pop Zoro Bras Droit De Luffy. Voici ce que tu dois savoir \u00e0 son sujet ; Zoro fut le premier membre \u00e0 rejoindre l&rsquo;\u00c9quipage du Chapeau de Paille, il en est le premier et principal \u00e9p\u00e9iste. [&hellip;]<\/p>","protected":false},"featured_media":12334,"comment_status":"open","ping_status":"open","template":"","meta":[],"product_brand":[],"product_cat":[76,334,162,151],"product_tag":[335,113],"class_list":{"0":"post-12332","1":"product","2":"type-product","3":"status-publish","4":"has-post-thumbnail","6":"product_cat-figurines-one-piece","7":"product_cat-figurines-pop-one-piece","8":"product_cat-figurines-roronoa-zoro","9":"product_cat-goodies-roronoa-zoro-one-piece","10":"product_tag-figurine-pop","11":"product_tag-zoro","13":"first","14":"instock","15":"purchasable","16":"product-type-simple"},"yoast_head":"<!-- This site is optimized with the Yoast SEO plugin v27.5 - https:\/\/yoast.com\/product\/yoast-seo-wordpress\/ -->\n<title>Figurine Pop Zoro Bras Droit De Luffy | Figurine One Piece \u2013 Boutique One Piece<\/title>\n<meta name=\"description\" content=\"Jeune membre de l&#039;\u00e9quipage de Chapeau de paille, le moment est venu pour toi de te procurer cette Figurine Pop Zoro Bras Droit De Luffy. Voici ce que tu dois savoir \u00e0 son sujet ; Zoro fut le premier membre \u00e0 rejoindre l&#039;\u00c9quipage du Chapeau de Paille, il en est le premier et principal \u00e9p\u00e9iste. Son ambition est de deveni\" \/>\n<meta name=\"robots\" content=\"index, follow, max-snippet:-1, max-image-preview:large, max-video-preview:-1\" \/>\n<link rel=\"canonical\" href=\"https:\/\/boutique-one-piece.com\/el\/\u03c6\u03b9\u03b3\u03bf\u03cd\u03c1\u03b5\u03c2-one-piece\/\u03c6\u03b9\u03b3\u03bf\u03cd\u03c1\u03b1-zoro-pop-\u03c4\u03bf-\u03b4\u03b5\u03be\u03af-\u03c7\u03ad\u03c1\u03b9-\u03c4\u03bf\u03c5-luffy\/\" \/>\n<meta property=\"og:locale\" content=\"el_GR\" \/>\n<meta property=\"og:type\" content=\"article\" \/>\n<meta property=\"og:title\" content=\"Figurine Pop Zoro Bras Droit De Luffy | Figurine One Piece \u2013 Boutique One Piece\" \/>\n<meta property=\"og:description\" content=\"Jeune membre de l&#039;\u00e9quipage de Chapeau de paille, le moment est venu pour toi de te procurer cette Figurine Pop Zoro Bras Droit De Luffy. Voici ce que tu dois savoir \u00e0 son sujet ; Zoro fut le premier membre \u00e0 rejoindre l&#039;\u00c9quipage du Chapeau de Paille, il en est le premier et principal \u00e9p\u00e9iste. Son ambition est de deveni\" \/>\n<meta property=\"og:url\" content=\"https:\/\/boutique-one-piece.com\/el\/\u03c6\u03b9\u03b3\u03bf\u03cd\u03c1\u03b5\u03c2-one-piece\/\u03c6\u03b9\u03b3\u03bf\u03cd\u03c1\u03b1-zoro-pop-\u03c4\u03bf-\u03b4\u03b5\u03be\u03af-\u03c7\u03ad\u03c1\u03b9-\u03c4\u03bf\u03c5-luffy\/\" \/>\n<meta property=\"og:site_name\" content=\"Boutique One Piece\" \/>\n<meta property=\"article:modified_time\" content=\"2026-01-29T07:18:19+00:00\" \/>\n<meta property=\"og:image\" content=\"https:\/\/boutique-one-piece.com\/wp-content\/uploads\/2022\/09\/Figurine-Pop-Zoro-Bras-Droit-De-Luffy.jpg\" \/>\n\t<meta property=\"og:image:width\" content=\"640\" \/>\n\t<meta property=\"og:image:height\" content=\"640\" \/>\n\t<meta property=\"og:image:type\" content=\"image\/jpeg\" \/>\n<meta name=\"twitter:card\" content=\"summary_large_image\" \/>\n<meta name=\"twitter:label1\" content=\"\u0395\u03ba\u03c4\u03b9\u03bc\u03ce\u03bc\u03b5\u03bd\u03bf\u03c2 \u03c7\u03c1\u03cc\u03bd\u03bf\u03c2 \u03b1\u03bd\u03ac\u03b3\u03bd\u03c9\u03c3\u03b7\u03c2\" \/>\n\t<meta name=\"twitter:data1\" content=\"2 \u03bb\u03b5\u03c0\u03c4\u03ac\" \/>\n<script type=\"application\/ld+json\" class=\"yoast-schema-graph\">{\"@context\":\"https:\\\/\\\/schema.org\",\"@graph\":[{\"@type\":\"WebPage\",\"@id\":\"https:\\\/\\\/boutique-one-piece.com\\\/figurines-one-piece\\\/figurine-pop-zoro-bras-droit-de-luffy\\\/\",\"url\":\"https:\\\/\\\/boutique-one-piece.com\\\/figurines-one-piece\\\/figurine-pop-zoro-bras-droit-de-luffy\\\/\",\"name\":\"Figurine Pop Zoro Bras Droit De Luffy | Figurine One Piece \u2013 Boutique One Piece\",\"isPartOf\":{\"@id\":\"https:\\\/\\\/boutique-one-piece.com\\\/#website\"},\"primaryImageOfPage\":{\"@id\":\"https:\\\/\\\/boutique-one-piece.com\\\/figurines-one-piece\\\/figurine-pop-zoro-bras-droit-de-luffy\\\/#primaryimage\"},\"image\":{\"@id\":\"https:\\\/\\\/boutique-one-piece.com\\\/figurines-one-piece\\\/figurine-pop-zoro-bras-droit-de-luffy\\\/#primaryimage\"},\"thumbnailUrl\":\"https:\\\/\\\/boutique-one-piece.com\\\/wp-content\\\/uploads\\\/2022\\\/09\\\/Figurine-Pop-Zoro-Bras-Droit-De-Luffy.jpg\",\"datePublished\":\"2022-09-27T20:55:08+00:00\",\"dateModified\":\"2026-01-29T07:18:19+00:00\",\"description\":\"Jeune membre de l'\u00e9quipage de Chapeau de paille, le moment est venu pour toi de te procurer cette Figurine Pop Zoro Bras Droit De Luffy. Voici ce que tu dois savoir \u00e0 son sujet ; Zoro fut le premier membre \u00e0 rejoindre l'\u00c9quipage du Chapeau de Paille, il en est le premier et principal \u00e9p\u00e9iste. Son ambition est de deveni\",\"breadcrumb\":{\"@id\":\"https:\\\/\\\/boutique-one-piece.com\\\/figurines-one-piece\\\/figurine-pop-zoro-bras-droit-de-luffy\\\/#breadcrumb\"},\"inLanguage\":\"el\",\"potentialAction\":[{\"@type\":\"ReadAction\",\"target\":[\"https:\\\/\\\/boutique-one-piece.com\\\/figurines-one-piece\\\/figurine-pop-zoro-bras-droit-de-luffy\\\/\"]}]},{\"@type\":\"ImageObject\",\"inLanguage\":\"el\",\"@id\":\"https:\\\/\\\/boutique-one-piece.com\\\/figurines-one-piece\\\/figurine-pop-zoro-bras-droit-de-luffy\\\/#primaryimage\",\"url\":\"https:\\\/\\\/boutique-one-piece.com\\\/wp-content\\\/uploads\\\/2022\\\/09\\\/Figurine-Pop-Zoro-Bras-Droit-De-Luffy.jpg\",\"contentUrl\":\"https:\\\/\\\/boutique-one-piece.com\\\/wp-content\\\/uploads\\\/2022\\\/09\\\/Figurine-Pop-Zoro-Bras-Droit-De-Luffy.jpg\",\"width\":640,\"height\":640,\"caption\":\"Figurine Pop Zoro Bras Droit De Luffy Default Title\"},{\"@type\":\"BreadcrumbList\",\"@id\":\"https:\\\/\\\/boutique-one-piece.com\\\/figurines-one-piece\\\/figurine-pop-zoro-bras-droit-de-luffy\\\/#breadcrumb\",\"itemListElement\":[{\"@type\":\"ListItem\",\"position\":1,\"name\":\"Home\",\"item\":\"https:\\\/\\\/boutique-one-piece.com\\\/\"},{\"@type\":\"ListItem\",\"position\":2,\"name\":\"Shop\",\"item\":\"https:\\\/\\\/boutique-one-piece.com\\\/shop\\\/\"},{\"@type\":\"ListItem\",\"position\":3,\"name\":\"Figurine Pop Zoro Bras Droit De Luffy\"}]},{\"@type\":\"WebSite\",\"@id\":\"https:\\\/\\\/boutique-one-piece.com\\\/#website\",\"url\":\"https:\\\/\\\/boutique-one-piece.com\\\/\",\"name\":\"Boutique One Piece\",\"description\":\"Magasin Sp\u00e9cialis\u00e9 du Manga et l&#039;Anime One Piece\",\"publisher\":{\"@id\":\"https:\\\/\\\/boutique-one-piece.com\\\/#organization\"},\"potentialAction\":[{\"@type\":\"SearchAction\",\"target\":{\"@type\":\"EntryPoint\",\"urlTemplate\":\"https:\\\/\\\/boutique-one-piece.com\\\/?s={search_term_string}\"},\"query-input\":{\"@type\":\"PropertyValueSpecification\",\"valueRequired\":true,\"valueName\":\"search_term_string\"}}],\"inLanguage\":\"el\"},{\"@type\":\"Organization\",\"@id\":\"https:\\\/\\\/boutique-one-piece.com\\\/#organization\",\"name\":\"Boutique One Piece\",\"url\":\"https:\\\/\\\/boutique-one-piece.com\\\/\",\"logo\":{\"@type\":\"ImageObject\",\"inLanguage\":\"el\",\"@id\":\"https:\\\/\\\/boutique-one-piece.com\\\/#\\\/schema\\\/logo\\\/image\\\/\",\"url\":\"https:\\\/\\\/boutique-one-piece.com\\\/wp-content\\\/uploads\\\/2022\\\/09\\\/Logo-01.png\",\"contentUrl\":\"https:\\\/\\\/boutique-one-piece.com\\\/wp-content\\\/uploads\\\/2022\\\/09\\\/Logo-01.png\",\"width\":2318,\"height\":957,\"caption\":\"Boutique One Piece\"},\"image\":{\"@id\":\"https:\\\/\\\/boutique-one-piece.com\\\/#\\\/schema\\\/logo\\\/image\\\/\"}}]}<\/script>\n<!-- \/ Yoast SEO plugin. -->","yoast_head_json":{"title":"Pop Figure Zoro \u0394\u03b5\u03be\u03af \u03a7\u03ad\u03c1\u03b9 \u03c4\u03bf\u03c5 Luffy | One Piece Figure \u2013 One Piece Shop","description":"\u039d\u03b5\u03b1\u03c1\u03cc \u03bc\u03ad\u03bb\u03bf\u03c2 \u03c4\u03b7\u03c2 \u03bf\u03bc\u03ac\u03b4\u03b1\u03c2 Straw Hat, \u03ae\u03c1\u03b8\u03b5 \u03b7 \u03ce\u03c1\u03b1 \u03bd\u03b1 \u03b1\u03c0\u03bf\u03ba\u03c4\u03ae\u03c3\u03b5\u03b9\u03c2 \u03b1\u03c5\u03c4\u03ae \u03c4\u03b7 \u03c6\u03b9\u03b3\u03bf\u03cd\u03c1\u03b1 Zoro Pop!, \u03c4\u03bf \u0394\u03b5\u03be\u03af \u03a7\u03ad\u03c1\u03b9 \u03c4\u03bf\u03c5 Luffy. \u039d\u03b1 \u03c4\u03b9 \u03c0\u03c1\u03ad\u03c0\u03b5\u03b9 \u03bd\u03b1 \u03be\u03ad\u03c1\u03b5\u03b9\u03c2 \u03b3\u03b9&#039; \u03b1\u03c5\u03c4\u03cc\u03bd: \u039f Zoro \u03ae\u03c4\u03b1\u03bd \u03c4\u03bf \u03c0\u03c1\u03ce\u03c4\u03bf \u03bc\u03ad\u03bb\u03bf\u03c2 \u03c0\u03bf\u03c5 \u03b5\u03bd\u03c4\u03ac\u03c7\u03b8\u03b7\u03ba\u03b5 \u03c3\u03c4\u03b7\u03bd \u03bf\u03bc\u03ac\u03b4\u03b1 Straw Hat \u03ba\u03b1\u03b9 \u03b5\u03af\u03bd\u03b1\u03b9 \u03bf \u03c0\u03c1\u03ce\u03c4\u03bf\u03c2 \u03ba\u03b1\u03b9 \u03ba\u03cd\u03c1\u03b9\u03bf\u03c2 \u03be\u03b9\u03c6\u03bf\u03bc\u03ac\u03c7\u03bf\u03c2 \u03c4\u03b7\u03c2. \u0397 \u03c6\u03b9\u03bb\u03bf\u03b4\u03bf\u03be\u03af\u03b1 \u03c4\u03bf\u03c5 \u03b5\u03af\u03bd\u03b1\u03b9 \u03bd\u03b1 \u03b3\u03af\u03bd\u03b5\u03b9...","robots":{"index":"index","follow":"follow","max-snippet":"max-snippet:-1","max-image-preview":"max-image-preview:large","max-video-preview":"max-video-preview:-1"},"canonical":"https:\/\/boutique-one-piece.com\/el\/\u03c6\u03b9\u03b3\u03bf\u03cd\u03c1\u03b5\u03c2-one-piece\/\u03c6\u03b9\u03b3\u03bf\u03cd\u03c1\u03b1-zoro-pop-\u03c4\u03bf-\u03b4\u03b5\u03be\u03af-\u03c7\u03ad\u03c1\u03b9-\u03c4\u03bf\u03c5-luffy\/","og_locale":"el_GR","og_type":"article","og_title":"Figurine Pop Zoro Bras Droit De Luffy | Figurine One Piece \u2013 Boutique One Piece","og_description":"Jeune membre de l'\u00e9quipage de Chapeau de paille, le moment est venu pour toi de te procurer cette Figurine Pop Zoro Bras Droit De Luffy. Voici ce que tu dois savoir \u00e0 son sujet ; Zoro fut le premier membre \u00e0 rejoindre l'\u00c9quipage du Chapeau de Paille, il en est le premier et principal \u00e9p\u00e9iste. Son ambition est de deveni","og_url":"https:\/\/boutique-one-piece.com\/el\/\u03c6\u03b9\u03b3\u03bf\u03cd\u03c1\u03b5\u03c2-one-piece\/\u03c6\u03b9\u03b3\u03bf\u03cd\u03c1\u03b1-zoro-pop-\u03c4\u03bf-\u03b4\u03b5\u03be\u03af-\u03c7\u03ad\u03c1\u03b9-\u03c4\u03bf\u03c5-luffy\/","og_site_name":"Boutique One Piece","article_modified_time":"2026-01-29T07:18:19+00:00","og_image":[{"width":640,"height":640,"url":"https:\/\/boutique-one-piece.com\/wp-content\/uploads\/2022\/09\/Figurine-Pop-Zoro-Bras-Droit-De-Luffy.jpg","type":"image\/jpeg"}],"twitter_card":"summary_large_image","twitter_misc":{"\u0395\u03ba\u03c4\u03b9\u03bc\u03ce\u03bc\u03b5\u03bd\u03bf\u03c2 \u03c7\u03c1\u03cc\u03bd\u03bf\u03c2 \u03b1\u03bd\u03ac\u03b3\u03bd\u03c9\u03c3\u03b7\u03c2":"2 \u03bb\u03b5\u03c0\u03c4\u03ac"},"schema":{"@context":"https:\/\/schema.org","@graph":[{"@type":"WebPage","@id":"https:\/\/boutique-one-piece.com\/figurines-one-piece\/figurine-pop-zoro-bras-droit-de-luffy\/","url":"https:\/\/boutique-one-piece.com\/figurines-one-piece\/figurine-pop-zoro-bras-droit-de-luffy\/","name":"Pop Figure Zoro \u0394\u03b5\u03be\u03af \u03a7\u03ad\u03c1\u03b9 \u03c4\u03bf\u03c5 Luffy | One Piece Figure \u2013 One Piece Shop","isPartOf":{"@id":"https:\/\/boutique-one-piece.com\/#website"},"primaryImageOfPage":{"@id":"https:\/\/boutique-one-piece.com\/figurines-one-piece\/figurine-pop-zoro-bras-droit-de-luffy\/#primaryimage"},"image":{"@id":"https:\/\/boutique-one-piece.com\/figurines-one-piece\/figurine-pop-zoro-bras-droit-de-luffy\/#primaryimage"},"thumbnailUrl":"https:\/\/boutique-one-piece.com\/wp-content\/uploads\/2022\/09\/Figurine-Pop-Zoro-Bras-Droit-De-Luffy.jpg","datePublished":"2022-09-27T20:55:08+00:00","dateModified":"2026-01-29T07:18:19+00:00","description":"\u039d\u03b5\u03b1\u03c1\u03cc \u03bc\u03ad\u03bb\u03bf\u03c2 \u03c4\u03b7\u03c2 \u03bf\u03bc\u03ac\u03b4\u03b1\u03c2 Straw Hat, \u03ae\u03c1\u03b8\u03b5 \u03b7 \u03ce\u03c1\u03b1 \u03bd\u03b1 \u03b1\u03c0\u03bf\u03ba\u03c4\u03ae\u03c3\u03b5\u03b9\u03c2 \u03b1\u03c5\u03c4\u03ae \u03c4\u03b7 \u03c6\u03b9\u03b3\u03bf\u03cd\u03c1\u03b1 Zoro Pop!, \u03c4\u03bf \u0394\u03b5\u03be\u03af \u03a7\u03ad\u03c1\u03b9 \u03c4\u03bf\u03c5 Luffy. \u039d\u03b1 \u03c4\u03b9 \u03c0\u03c1\u03ad\u03c0\u03b5\u03b9 \u03bd\u03b1 \u03be\u03ad\u03c1\u03b5\u03b9\u03c2 \u03b3\u03b9&#039; \u03b1\u03c5\u03c4\u03cc\u03bd: \u039f Zoro \u03ae\u03c4\u03b1\u03bd \u03c4\u03bf \u03c0\u03c1\u03ce\u03c4\u03bf \u03bc\u03ad\u03bb\u03bf\u03c2 \u03c0\u03bf\u03c5 \u03b5\u03bd\u03c4\u03ac\u03c7\u03b8\u03b7\u03ba\u03b5 \u03c3\u03c4\u03b7\u03bd \u03bf\u03bc\u03ac\u03b4\u03b1 Straw Hat \u03ba\u03b1\u03b9 \u03b5\u03af\u03bd\u03b1\u03b9 \u03bf \u03c0\u03c1\u03ce\u03c4\u03bf\u03c2 \u03ba\u03b1\u03b9 \u03ba\u03cd\u03c1\u03b9\u03bf\u03c2 \u03be\u03b9\u03c6\u03bf\u03bc\u03ac\u03c7\u03bf\u03c2 \u03c4\u03b7\u03c2. \u0397 \u03c6\u03b9\u03bb\u03bf\u03b4\u03bf\u03be\u03af\u03b1 \u03c4\u03bf\u03c5 \u03b5\u03af\u03bd\u03b1\u03b9 \u03bd\u03b1 \u03b3\u03af\u03bd\u03b5\u03b9...","breadcrumb":{"@id":"https:\/\/boutique-one-piece.com\/figurines-one-piece\/figurine-pop-zoro-bras-droit-de-luffy\/#breadcrumb"},"inLanguage":"el","potentialAction":[{"@type":"ReadAction","target":["https:\/\/boutique-one-piece.com\/figurines-one-piece\/figurine-pop-zoro-bras-droit-de-luffy\/"]}]},{"@type":"ImageObject","inLanguage":"el","@id":"https:\/\/boutique-one-piece.com\/figurines-one-piece\/figurine-pop-zoro-bras-droit-de-luffy\/#primaryimage","url":"https:\/\/boutique-one-piece.com\/wp-content\/uploads\/2022\/09\/Figurine-Pop-Zoro-Bras-Droit-De-Luffy.jpg","contentUrl":"https:\/\/boutique-one-piece.com\/wp-content\/uploads\/2022\/09\/Figurine-Pop-Zoro-Bras-Droit-De-Luffy.jpg","width":640,"height":640,"caption":"Figurine Pop Zoro Bras Droit De Luffy Default Title"},{"@type":"BreadcrumbList","@id":"https:\/\/boutique-one-piece.com\/figurines-one-piece\/figurine-pop-zoro-bras-droit-de-luffy\/#breadcrumb","itemListElement":[{"@type":"ListItem","position":1,"name":"Home","item":"https:\/\/boutique-one-piece.com\/"},{"@type":"ListItem","position":2,"name":"Shop","item":"https:\/\/boutique-one-piece.com\/shop\/"},{"@type":"ListItem","position":3,"name":"Figurine Pop Zoro Bras Droit De Luffy"}]},{"@type":"WebSite","@id":"https:\/\/boutique-one-piece.com\/#website","url":"https:\/\/boutique-one-piece.com\/","name":"\u039a\u03b1\u03c4\u03ac\u03c3\u03c4\u03b7\u03bc\u03b1 One Piece","description":"\u0395\u03be\u03b5\u03b9\u03b4\u03b9\u03ba\u03b5\u03c5\u03bc\u03ad\u03bd\u03bf \u03ba\u03b1\u03c4\u03ac\u03c3\u03c4\u03b7\u03bc\u03b1 \u03b3\u03b9\u03b1 One Piece Manga \u03ba\u03b1\u03b9 Anime","publisher":{"@id":"https:\/\/boutique-one-piece.com\/#organization"},"potentialAction":[{"@type":"SearchAction","target":{"@type":"EntryPoint","urlTemplate":"https:\/\/boutique-one-piece.com\/?s={search_term_string}"},"query-input":{"@type":"PropertyValueSpecification","valueRequired":true,"valueName":"search_term_string"}}],"inLanguage":"el"},{"@type":"Organization","@id":"https:\/\/boutique-one-piece.com\/#organization","name":"\u039a\u03b1\u03c4\u03ac\u03c3\u03c4\u03b7\u03bc\u03b1 One Piece","url":"https:\/\/boutique-one-piece.com\/","logo":{"@type":"ImageObject","inLanguage":"el","@id":"https:\/\/boutique-one-piece.com\/#\/schema\/logo\/image\/","url":"https:\/\/boutique-one-piece.com\/wp-content\/uploads\/2022\/09\/Logo-01.png","contentUrl":"https:\/\/boutique-one-piece.com\/wp-content\/uploads\/2022\/09\/Logo-01.png","width":2318,"height":957,"caption":"Boutique One Piece"},"image":{"@id":"https:\/\/boutique-one-piece.com\/#\/schema\/logo\/image\/"}}]}},"_links":{"self":[{"href":"https:\/\/boutique-one-piece.com\/el\/wp-json\/wp\/v2\/product\/12332","targetHints":{"allow":["GET"]}}],"collection":[{"href":"https:\/\/boutique-one-piece.com\/el\/wp-json\/wp\/v2\/product"}],"about":[{"href":"https:\/\/boutique-one-piece.com\/el\/wp-json\/wp\/v2\/types\/product"}],"replies":[{"embeddable":true,"href":"https:\/\/boutique-one-piece.com\/el\/wp-json\/wp\/v2\/comments?post=12332"}],"wp:featuredmedia":[{"embeddable":true,"href":"https:\/\/boutique-one-piece.com\/el\/wp-json\/wp\/v2\/media\/12334"}],"wp:attachment":[{"href":"https:\/\/boutique-one-piece.com\/el\/wp-json\/wp\/v2\/media?parent=12332"}],"wp:term":[{"taxonomy":"product_brand","embeddable":true,"href":"https:\/\/boutique-one-piece.com\/el\/wp-json\/wp\/v2\/product_brand?post=12332"},{"taxonomy":"product_cat","embeddable":true,"href":"https:\/\/boutique-one-piece.com\/el\/wp-json\/wp\/v2\/product_cat?post=12332"},{"taxonomy":"product_tag","embeddable":true,"href":"https:\/\/boutique-one-piece.com\/el\/wp-json\/wp\/v2\/product_tag?post=12332"}],"curies":[{"name":"\u03b5\u03c1\u03b3\u03b1\u03c3\u03af\u03b1","href":"https:\/\/api.w.org\/{rel}","templated":true}]}}