{"id":12500,"date":"2022-09-27T20:56:13","date_gmt":"2022-09-27T20:56:13","guid":{"rendered":"https:\/\/boutique-one-piece.com\/uncategorized\/avis-de-recherche-shimotsuki-ryuma-wanted\/"},"modified":"2024-09-16T12:56:20","modified_gmt":"2024-09-16T12:56:20","slug":"%ce%ae%ce%b8%ce%b5%ce%bb%ce%b5-%ce%b5%ce%b9%ce%b4%ce%bf%cf%80%ce%bf%ce%af%ce%b7%cf%83%ce%b7-shimotsuki-ryuma-%ce%ae%ce%b8%ce%b5%ce%bb%ce%b5","status":"publish","type":"product","link":"https:\/\/boutique-one-piece.com\/el\/%ce%b1%cf%86%ce%af%cf%83%ce%b1-%cf%80%ce%bf%cf%85-%ce%b6%ce%b7%cf%84%ce%ae%ce%b8%ce%b7%ce%ba%ce%b5-%ce%b1%cf%80%cf%8c-%cf%84%ce%bf-one-piece\/%ce%ae%ce%b8%ce%b5%ce%bb%ce%b5-%ce%b5%ce%b9%ce%b4%ce%bf%cf%80%ce%bf%ce%af%ce%b7%cf%83%ce%b7-shimotsuki-ryuma-%ce%ae%ce%b8%ce%b5%ce%bb%ce%b5\/","title":{"rendered":"\u0391\u03bd\u03b1\u03ba\u03bf\u03af\u03bd\u03c9\u03c3\u03b7 \u0396\u03b7\u03c4\u03b5\u03af\u03c4\u03b1\u03b9 \u0396\u03b7\u03c4\u03b5\u03af\u03c4\u03b1\u03b9 Shimotsuki Ryuma"},"content":{"rendered":"<h2>\u039d\u03b5\u03b1\u03c1\u03ad \u039d\u03b1\u03cd\u03c4\u03b7, \u03ae\u03c1\u03b8\u03b5 \u03b7 \u03ce\u03c1\u03b1 \u03bd\u03b1 \u03bb\u03ac\u03b2\u03b5\u03b9\u03c2 \u03b1\u03c5\u03c4\u03ae\u03bd \u03c4\u03b7\u03bd \u0395\u03b9\u03b4\u03bf\u03c0\u03bf\u03af\u03b7\u03c3\u03b7 \u039a\u03b1\u03c4\u03b1\u03b4\u03af\u03c9\u03be\u03b7\u03c2 \u03c4\u03bf\u03c5 \u03a3\u03b9\u03bc\u03bf\u03c4\u03c3\u03bf\u03cd\u03ba\u03b9 \u03a1\u03b9\u03bf\u03cd\u03bc\u03b1.<\/h2>\n<p>\u03a9\u03c2 \u03c5\u03c0\u03b5\u03bd\u03b8\u03cd\u03bc\u03b9\u03c3\u03b7, <strong>\u03a1\u03b9\u03bf\u03cd\u03bc\u03b1<\/strong> \u03ae\u03c4\u03b1\u03bd \u03ad\u03bd\u03b1\u03c2 \u03a3\u03b1\u03bc\u03bf\u03c5\u03c1\u03ac\u03b9 \u03b1\u03c0\u03cc \u03c4\u03b7 \u03a7\u03ce\u03c1\u03b1 \u0393\u03bf\u03c5\u03ac\u03bd\u03bf \u03c3\u03c4\u03bf\u03bd \u039d\u03ad\u03bf \u039a\u03cc\u03c3\u03bc\u03bf \u03c0\u03bf\u03c5 \u03c0\u03ad\u03b8\u03b1\u03bd\u03b5 \u03ba\u03b1\u03b9 \u03ae\u03c4\u03b1\u03bd \u03ad\u03bd\u03b1\u03c2 \u03b1\u03c0\u03cc \u03c4\u03bf\u03c5\u03c2 \u03a3\u03c4\u03c1\u03b1\u03c4\u03b7\u03b3\u03bf\u03cd\u03c2 \u0396\u03cc\u03bc\u03c0\u03b9 \u03c0\u03bf\u03c5 \u03b4\u03b7\u03bc\u03b9\u03bf\u03cd\u03c1\u03b3\u03b7\u03c3\u03b5 \u03bf \u0394\u03c1. \u03a7\u03cc\u03b3\u03ba\u03bc\u03c0\u03b1\u03ba \u03c3\u03c4\u03bf Thriller Bark. \u039a\u03b1\u03c4\u03b5\u03af\u03c7\u03b5 <strong>\u0397 \u03c3\u03ba\u03b9\u03ac \u03c4\u03bf\u03c5 \u039c\u03c0\u03c1\u03bf\u03c5\u03ba<\/strong> \u03b3\u03b9\u03b1 5 \u03c7\u03c1\u03cc\u03bd\u03b9\u03b1. \u039c\u03ac\u03bb\u03b9\u03c3\u03c4\u03b1, \u03bc\u03c0\u03bf\u03c1\u03b5\u03af\u03c4\u03b5 \u03ae\u03b4\u03b7 \u03bd\u03b1 \u03c4\u03bf \u03b1\u03c0\u03bf\u03ba\u03c4\u03ae\u03c3\u03b5\u03c4\u03b5.<a title=\"\u03a0\u03a1\u039f\u03a3\u039f\u03a7\u0397 \u03a3\u03a4\u0397\u039d \u0391\u039d\u0391\u0393\u039d\u03a9\u03a1\u0399\u03a3\u0397 \u0393\u0399\u0391 \u03a4\u039f\u039d \u039c\u03a0\u03a1\u039f\u03a5\u039a\" href=\"https:\/\/boutique-one-piece.com\/el\/%ce%b1%cf%86%ce%af%cf%83%ce%b1-%cf%80%ce%bf%cf%85-%ce%b6%ce%b7%cf%84%ce%ae%ce%b8%ce%b7%ce%ba%ce%b5-%ce%b1%cf%80%cf%8c-%cf%84%ce%bf%ce%bd-%ce%bc%cf%80%cf%81%ce%bf%cf%85%ce%ba\/\" target=\"_blank\" rel=\"noopener\">\u0391\u03c6\u03af\u03c3\u03b1 \u03c0\u03bf\u03c5 \u03b6\u03b7\u03c4\u03ae\u03b8\u03b7\u03ba\u03b5 \u03b1\u03c0\u03cc \u03c4\u03bf\u03bd \u039c\u03c0\u03c1\u03bf\u03c5\u03ba<\/a>.<\/p>\n<p>\u0395\u03c0\u03b9\u03c3\u03c4\u03c1\u03ad\u03c6\u03bf\u03bd\u03c4\u03b1\u03c2 \u03c3\u03c4\u03bf\u03bd Ryuma, \u03bf\u03c1\u03af\u03c3\u03c4\u03b5 \u03bc\u03b9\u03b1 \u03b9\u03c3\u03c4\u03bf\u03c1\u03af\u03b1 \u03b3\u03b9&#039; \u03b1\u03c5\u03c4\u03cc\u03bd. \u0388\u03c7\u03b5\u03b9 \u03c4\u03b7\u03bd \u03c0\u03c1\u03bf\u03c3\u03c9\u03c0\u03b9\u03ba\u03cc\u03c4\u03b7\u03c4\u03b1 \u03c4\u03bf\u03c5 Brook \u03b5\u03c0\u03b5\u03b9\u03b4\u03ae \u03ba\u03b1\u03c4\u03ad\u03c7\u03b5\u03b9 \u03c4\u03b7 \u03c3\u03ba\u03b9\u03ac \u03c4\u03bf\u03c5, \u03b1\u03bb\u03bb\u03ac \u03c0\u03b1\u03c1\u03ac \u03c4\u03bf \u03b3\u03b5\u03b3\u03bf\u03bd\u03cc\u03c2 \u03cc\u03c4\u03b9 \u03b5\u03af\u03bd\u03b1\u03b9 \u03b6\u03cc\u03bc\u03c0\u03b9, \u03b4\u03b9\u03b1\u03c4\u03b7\u03c1\u03b5\u03af \u03c4\u03bf \u03c0\u03b1\u03bb\u03b9\u03cc \u03c4\u03bf\u03c5 \u03c0\u03bd\u03b5\u03cd\u03bc\u03b1 \u03c3\u03b1\u03bc\u03bf\u03c5\u03c1\u03ac\u03b9 \u03ba\u03b1\u03b9 \u03bc\u03c0\u03bf\u03c1\u03b5\u03af \u03bd\u03b1 \u03b1\u03bd\u03b1\u03b3\u03bd\u03c9\u03c1\u03af\u03c3\u03b5\u03b9 \u03c4\u03b7\u03bd \u03b9\u03ba\u03b1\u03bd\u03cc\u03c4\u03b7\u03c4\u03b1 \u03c4\u03bf\u03c5 \u03b1\u03bd\u03c4\u03b9\u03c0\u03ac\u03bb\u03bf\u03c5 \u03c4\u03bf\u03c5, \u03cc\u03c0\u03c9\u03c2 \u03c6\u03b1\u03af\u03bd\u03b5\u03c4\u03b1\u03b9 \u03ba\u03b1\u03c4\u03ac \u03c4\u03b7 \u03b4\u03b9\u03ac\u03c1\u03ba\u03b5\u03b9\u03b1 \u03c4\u03b7\u03c2 \u03bc\u03ac\u03c7\u03b7\u03c2 \u03c4\u03bf\u03c5 \u03bc\u03b5 \u03c4\u03bf\u03bd... <strong>Zoro<\/strong>.<\/p>\n<h3>\u039b\u03bf\u03b9\u03c0\u03cc\u03bd, \u03c4\u03b9 \u03c0\u03b5\u03c1\u03b9\u03bc\u03ad\u03bd\u03b5\u03c4\u03b5; \u0391\u03c0\u03bf\u03ba\u03c4\u03ae\u03c3\u03c4\u03b5 \u03c4\u03ce\u03c1\u03b1 \u03c4\u03b7\u03bd \u03b1\u03c6\u03af\u03c3\u03b1 \u03ba\u03b1\u03c4\u03b1\u03b6\u03b7\u03c4\u03bf\u03cd\u03bc\u03b5\u03bd\u03c9\u03bd \u03c4\u03bf\u03c5 Shimotsuki Ryuma. \u038c\u03c0\u03c9\u03c2 \u03bc\u03c0\u03bf\u03c1\u03b5\u03af\u03c4\u03b5 \u03bd\u03b1 \u03b4\u03b5\u03af\u03c4\u03b5, \u03b7 \u03b1\u03bc\u03bf\u03b9\u03b2\u03ae \u03c4\u03bf\u03c5 \u03b5\u03af\u03bd\u03b1\u03b9 1.400.000.000 \u039c\u03bf\u03cd\u03c1\u03b1. \u0391\u03c5\u03c4\u03ae \u03b7 \u03b1\u03c6\u03af\u03c3\u03b1 \u03b5\u03af\u03bd\u03b1\u03b9 \u03bc\u03cc\u03bd\u03bf \u03b3\u03b9\u03b1 \u03b1\u03bb\u03b7\u03b8\u03b9\u03bd\u03bf\u03cd\u03c2 \u03c0\u03b5\u03b9\u03c1\u03b1\u03c4\u03ad\u03c2.<\/h3>\n<p><strong>\u039c\u03bf\u03bd\u03bf\u03ba\u03cc\u03bc\u03bc\u03b1\u03c4\u03bf\u03c2<\/strong> \u03b5\u03af\u03bd\u03b1\u03b9 \u03c4\u03bf manga \u03bc\u03b5 \u03c4\u03b9\u03c2 \u03bc\u03b5\u03b3\u03b1\u03bb\u03cd\u03c4\u03b5\u03c1\u03b5\u03c2 \u03c0\u03c9\u03bb\u03ae\u03c3\u03b5\u03b9\u03c2 \u03c3\u03c4\u03bf\u03bd \u03ba\u03cc\u03c3\u03bc\u03bf. \u039d\u03b1 \u03b5\u03af\u03c3\u03c4\u03b5 \u03c0\u03b5\u03c1\u03ae\u03c6\u03b1\u03bd\u03bf\u03b9 \u03c0\u03bf\u03c5 \u03b5\u03af\u03c3\u03c4\u03b5 \u03bc\u03ad\u03c1\u03bf\u03c2 \u03b1\u03c5\u03c4\u03bf\u03cd \u03c4\u03bf\u03c5 \u03ba\u03b9\u03bd\u03ae\u03bc\u03b1\u03c4\u03bf\u03c2 \u03ba\u03b1\u03b9 \u03bd\u03b1 \u03c3\u03c5\u03bd\u03b5\u03c7\u03af\u03c3\u03b5\u03c4\u03b5 \u03bd\u03b1 \u03b5\u03ba\u03c6\u03c1\u03ac\u03b6\u03b5\u03c4\u03b5 \u03c4\u03bf \u03c0\u03ac\u03b8\u03bf\u03c2 \u03c3\u03b1\u03c2 \u03b3\u03b9\u03b1 \u03b1\u03c5\u03c4\u03cc \u03c4\u03bf \u03c3\u03cd\u03bc\u03c0\u03b1\u03bd. \u0391\u03c0\u03bf\u03ba\u03c4\u03ae\u03c3\u03c4\u03b5 \u03b1\u03c5\u03c4\u03ac \u03c4\u03b1 \u03b8\u03c1\u03c5\u03bb\u03b9\u03ba\u03ac, \u03bc\u03b5\u03b3\u03b5\u03b8\u03c5\u03bc\u03ad\u03bd\u03b1 \u03b1\u03bd\u03c4\u03b9\u03ba\u03b5\u03af\u03bc\u03b5\u03bd\u03b1. <strong>\u03c4\u03bf \u03c3\u03cd\u03bc\u03c0\u03b1\u03bd One Piece \u03c3\u03bf\u03c5<\/strong>. \u0397 \u03bc\u03bf\u03af\u03c1\u03b1 \u03c3\u03bf\u03c5 \u03c9\u03c2 \u03bd\u03b5\u03b1\u03c1\u03cc\u03c2 \u03c0\u03b5\u03b9\u03c1\u03b1\u03c4\u03ae\u03c2 \u03b5\u03af\u03bd\u03b1\u03b9 \u03c3\u03c4\u03b1 \u03c7\u03ad\u03c1\u03b9\u03b1 \u03c3\u03bf\u03c5.<\/p>\n<h2>\u03a0\u03bb\u03b7\u03c1\u03bf\u03c6\u03bf\u03c1\u03af\u03b5\u03c2 \u03b3\u03b9\u03b1 \u03c4\u03b7\u03bd \u03b1\u03c6\u03af\u03c3\u03b1 One Piece Wanted Samurai Ryuma<\/h2>\n<ul>\n<li><span><b><u>\u0391\u03c6\u03af\u03c3\u03b1 One Piece Wanted<\/u><\/b>\u00a0\u039c\u03b9\u03b1 \u03b3\u03bd\u03ae\u03c3\u03b9\u03b1 \u03b1\u03c6\u03af\u03c3\u03b1 \u03c4\u03bf\u03c5 One Piece \u03c0\u03bf\u03c5 \u03b1\u03bd\u03b1\u03b6\u03b7\u03c4\u03b5\u03af\u03c4\u03b1\u03b9 \u03b3\u03b9\u03b1 \u03b1\u03bb\u03b7\u03b8\u03b9\u03bd\u03bf\u03cd\u03c2 \u03c0\u03b5\u03b9\u03c1\u03b1\u03c4\u03ad\u03c2<\/span><\/li>\n<\/ul>\n<ul>\n<li>\n<b><u>Bounty \u03c4\u03bf\u03c5 Shimotsuki Ryuma<\/u><\/b>\u00a01.400.000.000 \u039c\u03bf\u03cd\u03c1\u03b1<\/li>\n<\/ul>\n<ul>\n<li><span><strong>\u0395\u03ba\u03c4\u03cd\u03c0\u03c9\u03c3\u03b7 \u03c5\u03c8\u03b7\u03bb\u03ae\u03c2 \u03c0\u03bf\u03b9\u03cc\u03c4\u03b7\u03c4\u03b1\u03c2<\/strong>\u00a0\u03b1\u03ba\u03c1\u03b9\u03b2\u03ae \u03c7\u03c1\u03ce\u03bc\u03b1\u03c4\u03b1<\/span><\/li>\n<\/ul>\n<ul>\n<li>\n<strong>\u0394\u03b9\u03ac\u03c3\u03c4\u03b1\u03c3\u03b7<\/strong>\u00a0: 51 \u03b5\u03ba. x 36 \u03b5\u03ba.<\/li>\n<\/ul>\n<ul>\n<li><span><strong>\u0394\u03a9\u03a1\u0395\u0391\u039d \u03a0\u0391\u03a1\u0391\u0394\u039f\u03a3\u0397<\/strong><\/span><\/li>\n<\/ul>","protected":false},"excerpt":{"rendered":"<p>Jeune Moussaillon, le moment est venu pour toi de faire l&rsquo;acquisition de cet Avis De Recherche Shimotsuki Ryuma Wanted. Pour rappel, Ryuma \u00e9tait un Samoura\u00ef du Pays des Wa dans le Nouveau Monde qui est mort et qui a \u00e9t\u00e9 l&rsquo;un des G\u00e9n\u00e9raux Zombies cr\u00e9\u00e9 par le Dr. Hogback \u00e0 Thriller Bark. Il a poss\u00e9d\u00e9 [&hellip;]<\/p>","protected":false},"featured_media":12502,"comment_status":"open","ping_status":"open","template":"","meta":[],"product_brand":[],"product_cat":[171],"product_tag":[372],"class_list":{"0":"post-12500","1":"product","2":"type-product","3":"status-publish","4":"has-post-thumbnail","6":"product_cat-avis-de-recherche-one-piece","7":"product_tag-shimotsuki-ryuma","9":"first","10":"instock","11":"purchasable","12":"product-type-simple"},"yoast_head":"<!-- This site is optimized with the Yoast SEO plugin v27.5 - https:\/\/yoast.com\/product\/yoast-seo-wordpress\/ -->\n<title>Avis De Recherche Shimotsuki Ryuma Wanted | Boutique One Piece<\/title>\n<meta name=\"description\" content=\"Jeune Moussaillon, le moment est venu pour toi de faire l&#039;acquisition de cet Avis De Recherche Shimotsuki Ryuma Wanted. Pour rappel, Ryuma \u00e9tait un Samoura\u00ef du Pays des Wa dans le Nouveau Monde qui est mort et qui a \u00e9t\u00e9 l&#039;un des G\u00e9n\u00e9raux Zombies cr\u00e9\u00e9 par le Dr. Hogback \u00e0 Thriller Bark. Il a poss\u00e9d\u00e9 l&#039;ombre de Brook pen\" \/>\n<meta name=\"robots\" content=\"index, follow, max-snippet:-1, max-image-preview:large, max-video-preview:-1\" \/>\n<link rel=\"canonical\" href=\"https:\/\/boutique-one-piece.com\/el\/\u03b1\u03c6\u03af\u03c3\u03b1-\u03c0\u03bf\u03c5-\u03b6\u03b7\u03c4\u03ae\u03b8\u03b7\u03ba\u03b5-\u03b1\u03c0\u03cc-\u03c4\u03bf-one-piece\/\u03ae\u03b8\u03b5\u03bb\u03b5-\u03b5\u03b9\u03b4\u03bf\u03c0\u03bf\u03af\u03b7\u03c3\u03b7-shimotsuki-ryuma-\u03ae\u03b8\u03b5\u03bb\u03b5\/\" \/>\n<meta property=\"og:locale\" content=\"el_GR\" \/>\n<meta property=\"og:type\" content=\"article\" \/>\n<meta property=\"og:title\" content=\"Avis De Recherche Shimotsuki Ryuma Wanted | Boutique One Piece\" \/>\n<meta property=\"og:description\" content=\"Jeune Moussaillon, le moment est venu pour toi de faire l&#039;acquisition de cet Avis De Recherche Shimotsuki Ryuma Wanted. Pour rappel, Ryuma \u00e9tait un Samoura\u00ef du Pays des Wa dans le Nouveau Monde qui est mort et qui a \u00e9t\u00e9 l&#039;un des G\u00e9n\u00e9raux Zombies cr\u00e9\u00e9 par le Dr. Hogback \u00e0 Thriller Bark. Il a poss\u00e9d\u00e9 l&#039;ombre de Brook pen\" \/>\n<meta property=\"og:url\" content=\"https:\/\/boutique-one-piece.com\/el\/\u03b1\u03c6\u03af\u03c3\u03b1-\u03c0\u03bf\u03c5-\u03b6\u03b7\u03c4\u03ae\u03b8\u03b7\u03ba\u03b5-\u03b1\u03c0\u03cc-\u03c4\u03bf-one-piece\/\u03ae\u03b8\u03b5\u03bb\u03b5-\u03b5\u03b9\u03b4\u03bf\u03c0\u03bf\u03af\u03b7\u03c3\u03b7-shimotsuki-ryuma-\u03ae\u03b8\u03b5\u03bb\u03b5\/\" \/>\n<meta property=\"og:site_name\" content=\"Boutique One Piece\" \/>\n<meta property=\"article:modified_time\" content=\"2024-09-16T12:56:20+00:00\" \/>\n<meta property=\"og:image\" content=\"https:\/\/boutique-one-piece.com\/wp-content\/uploads\/2022\/09\/Avis-De-Recherche-Shimotsuki-Ryuma-Wanted-1.jpg\" \/>\n\t<meta property=\"og:image:width\" content=\"796\" \/>\n\t<meta property=\"og:image:height\" content=\"798\" \/>\n\t<meta property=\"og:image:type\" content=\"image\/jpeg\" \/>\n<meta name=\"twitter:card\" content=\"summary_large_image\" \/>\n<meta name=\"twitter:label1\" content=\"\u0395\u03ba\u03c4\u03b9\u03bc\u03ce\u03bc\u03b5\u03bd\u03bf\u03c2 \u03c7\u03c1\u03cc\u03bd\u03bf\u03c2 \u03b1\u03bd\u03ac\u03b3\u03bd\u03c9\u03c3\u03b7\u03c2\" \/>\n\t<meta name=\"twitter:data1\" content=\"1 \u03bb\u03b5\u03c0\u03c4\u03cc\" \/>\n<script type=\"application\/ld+json\" class=\"yoast-schema-graph\">{\"@context\":\"https:\\\/\\\/schema.org\",\"@graph\":[{\"@type\":\"WebPage\",\"@id\":\"https:\\\/\\\/boutique-one-piece.com\\\/avis-de-recherche-one-piece\\\/avis-de-recherche-shimotsuki-ryuma-wanted\\\/\",\"url\":\"https:\\\/\\\/boutique-one-piece.com\\\/avis-de-recherche-one-piece\\\/avis-de-recherche-shimotsuki-ryuma-wanted\\\/\",\"name\":\"Avis De Recherche Shimotsuki Ryuma Wanted | Boutique One Piece\",\"isPartOf\":{\"@id\":\"https:\\\/\\\/boutique-one-piece.com\\\/#website\"},\"primaryImageOfPage\":{\"@id\":\"https:\\\/\\\/boutique-one-piece.com\\\/avis-de-recherche-one-piece\\\/avis-de-recherche-shimotsuki-ryuma-wanted\\\/#primaryimage\"},\"image\":{\"@id\":\"https:\\\/\\\/boutique-one-piece.com\\\/avis-de-recherche-one-piece\\\/avis-de-recherche-shimotsuki-ryuma-wanted\\\/#primaryimage\"},\"thumbnailUrl\":\"https:\\\/\\\/boutique-one-piece.com\\\/wp-content\\\/uploads\\\/2022\\\/09\\\/Avis-De-Recherche-Shimotsuki-Ryuma-Wanted-1.jpg\",\"datePublished\":\"2022-09-27T20:56:13+00:00\",\"dateModified\":\"2024-09-16T12:56:20+00:00\",\"description\":\"Jeune Moussaillon, le moment est venu pour toi de faire l'acquisition de cet Avis De Recherche Shimotsuki Ryuma Wanted. Pour rappel, Ryuma \u00e9tait un Samoura\u00ef du Pays des Wa dans le Nouveau Monde qui est mort et qui a \u00e9t\u00e9 l'un des G\u00e9n\u00e9raux Zombies cr\u00e9\u00e9 par le Dr. Hogback \u00e0 Thriller Bark. Il a poss\u00e9d\u00e9 l'ombre de Brook pen\",\"breadcrumb\":{\"@id\":\"https:\\\/\\\/boutique-one-piece.com\\\/avis-de-recherche-one-piece\\\/avis-de-recherche-shimotsuki-ryuma-wanted\\\/#breadcrumb\"},\"inLanguage\":\"el\",\"potentialAction\":[{\"@type\":\"ReadAction\",\"target\":[\"https:\\\/\\\/boutique-one-piece.com\\\/avis-de-recherche-one-piece\\\/avis-de-recherche-shimotsuki-ryuma-wanted\\\/\"]}]},{\"@type\":\"ImageObject\",\"inLanguage\":\"el\",\"@id\":\"https:\\\/\\\/boutique-one-piece.com\\\/avis-de-recherche-one-piece\\\/avis-de-recherche-shimotsuki-ryuma-wanted\\\/#primaryimage\",\"url\":\"https:\\\/\\\/boutique-one-piece.com\\\/wp-content\\\/uploads\\\/2022\\\/09\\\/Avis-De-Recherche-Shimotsuki-Ryuma-Wanted-1.jpg\",\"contentUrl\":\"https:\\\/\\\/boutique-one-piece.com\\\/wp-content\\\/uploads\\\/2022\\\/09\\\/Avis-De-Recherche-Shimotsuki-Ryuma-Wanted-1.jpg\",\"width\":796,\"height\":798},{\"@type\":\"BreadcrumbList\",\"@id\":\"https:\\\/\\\/boutique-one-piece.com\\\/avis-de-recherche-one-piece\\\/avis-de-recherche-shimotsuki-ryuma-wanted\\\/#breadcrumb\",\"itemListElement\":[{\"@type\":\"ListItem\",\"position\":1,\"name\":\"Home\",\"item\":\"https:\\\/\\\/boutique-one-piece.com\\\/\"},{\"@type\":\"ListItem\",\"position\":2,\"name\":\"Shop\",\"item\":\"https:\\\/\\\/boutique-one-piece.com\\\/shop\\\/\"},{\"@type\":\"ListItem\",\"position\":3,\"name\":\"Avis De Recherche Shimotsuki Ryuma Wanted\"}]},{\"@type\":\"WebSite\",\"@id\":\"https:\\\/\\\/boutique-one-piece.com\\\/#website\",\"url\":\"https:\\\/\\\/boutique-one-piece.com\\\/\",\"name\":\"Boutique One Piece\",\"description\":\"Magasin Sp\u00e9cialis\u00e9 du Manga et l&#039;Anime One Piece\",\"publisher\":{\"@id\":\"https:\\\/\\\/boutique-one-piece.com\\\/#organization\"},\"potentialAction\":[{\"@type\":\"SearchAction\",\"target\":{\"@type\":\"EntryPoint\",\"urlTemplate\":\"https:\\\/\\\/boutique-one-piece.com\\\/?s={search_term_string}\"},\"query-input\":{\"@type\":\"PropertyValueSpecification\",\"valueRequired\":true,\"valueName\":\"search_term_string\"}}],\"inLanguage\":\"el\"},{\"@type\":\"Organization\",\"@id\":\"https:\\\/\\\/boutique-one-piece.com\\\/#organization\",\"name\":\"Boutique One Piece\",\"url\":\"https:\\\/\\\/boutique-one-piece.com\\\/\",\"logo\":{\"@type\":\"ImageObject\",\"inLanguage\":\"el\",\"@id\":\"https:\\\/\\\/boutique-one-piece.com\\\/#\\\/schema\\\/logo\\\/image\\\/\",\"url\":\"https:\\\/\\\/boutique-one-piece.com\\\/wp-content\\\/uploads\\\/2022\\\/09\\\/Logo-01.png\",\"contentUrl\":\"https:\\\/\\\/boutique-one-piece.com\\\/wp-content\\\/uploads\\\/2022\\\/09\\\/Logo-01.png\",\"width\":2318,\"height\":957,\"caption\":\"Boutique One Piece\"},\"image\":{\"@id\":\"https:\\\/\\\/boutique-one-piece.com\\\/#\\\/schema\\\/logo\\\/image\\\/\"}}]}<\/script>\n<!-- \/ Yoast SEO plugin. -->","yoast_head_json":{"title":"\u0391\u03bd\u03b1\u03b6\u03b7\u03c4\u03bf\u03cd\u03bc\u03b5\u03bd\u03b7 \u03b5\u03b9\u03b4\u03bf\u03c0\u03bf\u03af\u03b7\u03c3\u03b7: Shimotsuki Ryuma | One Piece Shop","description":"\u039d\u03b5\u03b1\u03c1\u03ad \u039d\u03b1\u03cd\u03c4\u03b7, \u03ae\u03c1\u03b8\u03b5 \u03b7 \u03ce\u03c1\u03b1 \u03bd\u03b1 \u03b1\u03c0\u03bf\u03ba\u03c4\u03ae\u03c3\u03b5\u03b9\u03c2 \u03b1\u03c5\u03c4\u03ae\u03bd \u03c4\u03b7\u03bd \u03b1\u03c6\u03af\u03c3\u03b1 Shimotsuki Ryuma Wanted. \u03a5\u03c0\u03b5\u03bd\u03b8\u03c5\u03bc\u03af\u03b6\u03bf\u03c5\u03bc\u03b5 \u03cc\u03c4\u03b9 \u03bf Ryuma \u03ae\u03c4\u03b1\u03bd \u03ad\u03bd\u03b1\u03c2 \u03a3\u03b1\u03bc\u03bf\u03c5\u03c1\u03ac\u03b9 \u03b1\u03c0\u03cc \u03c4\u03b7 \u03a7\u03ce\u03c1\u03b1 Wano \u03c3\u03c4\u03bf\u03bd \u039d\u03ad\u03bf \u039a\u03cc\u03c3\u03bc\u03bf \u03c0\u03bf\u03c5 \u03c0\u03ad\u03b8\u03b1\u03bd\u03b5 \u03ba\u03b1\u03b9 \u03ae\u03c4\u03b1\u03bd \u03ad\u03bd\u03b1\u03c2 \u03b1\u03c0\u03cc \u03c4\u03bf\u03c5\u03c2 \u03a3\u03c4\u03c1\u03b1\u03c4\u03b7\u03b3\u03bf\u03cd\u03c2 \u0396\u03cc\u03bc\u03c0\u03b9 \u03c0\u03bf\u03c5 \u03b4\u03b7\u03bc\u03b9\u03bf\u03cd\u03c1\u03b3\u03b7\u03c3\u03b5 \u03bf \u0394\u03c1. Hogback \u03c3\u03c4\u03bf Thriller Bark. \u039a\u03b1\u03c4\u03b5\u03af\u03c7\u03b5 \u03c4\u03b7 \u03c3\u03ba\u03b9\u03ac \u03c4\u03bf\u03c5 Brook.","robots":{"index":"index","follow":"follow","max-snippet":"max-snippet:-1","max-image-preview":"max-image-preview:large","max-video-preview":"max-video-preview:-1"},"canonical":"https:\/\/boutique-one-piece.com\/el\/\u03b1\u03c6\u03af\u03c3\u03b1-\u03c0\u03bf\u03c5-\u03b6\u03b7\u03c4\u03ae\u03b8\u03b7\u03ba\u03b5-\u03b1\u03c0\u03cc-\u03c4\u03bf-one-piece\/\u03ae\u03b8\u03b5\u03bb\u03b5-\u03b5\u03b9\u03b4\u03bf\u03c0\u03bf\u03af\u03b7\u03c3\u03b7-shimotsuki-ryuma-\u03ae\u03b8\u03b5\u03bb\u03b5\/","og_locale":"el_GR","og_type":"article","og_title":"Avis De Recherche Shimotsuki Ryuma Wanted | Boutique One Piece","og_description":"Jeune Moussaillon, le moment est venu pour toi de faire l'acquisition de cet Avis De Recherche Shimotsuki Ryuma Wanted. Pour rappel, Ryuma \u00e9tait un Samoura\u00ef du Pays des Wa dans le Nouveau Monde qui est mort et qui a \u00e9t\u00e9 l'un des G\u00e9n\u00e9raux Zombies cr\u00e9\u00e9 par le Dr. Hogback \u00e0 Thriller Bark. Il a poss\u00e9d\u00e9 l'ombre de Brook pen","og_url":"https:\/\/boutique-one-piece.com\/el\/\u03b1\u03c6\u03af\u03c3\u03b1-\u03c0\u03bf\u03c5-\u03b6\u03b7\u03c4\u03ae\u03b8\u03b7\u03ba\u03b5-\u03b1\u03c0\u03cc-\u03c4\u03bf-one-piece\/\u03ae\u03b8\u03b5\u03bb\u03b5-\u03b5\u03b9\u03b4\u03bf\u03c0\u03bf\u03af\u03b7\u03c3\u03b7-shimotsuki-ryuma-\u03ae\u03b8\u03b5\u03bb\u03b5\/","og_site_name":"Boutique One Piece","article_modified_time":"2024-09-16T12:56:20+00:00","og_image":[{"width":796,"height":798,"url":"https:\/\/boutique-one-piece.com\/wp-content\/uploads\/2022\/09\/Avis-De-Recherche-Shimotsuki-Ryuma-Wanted-1.jpg","type":"image\/jpeg"}],"twitter_card":"summary_large_image","twitter_misc":{"\u0395\u03ba\u03c4\u03b9\u03bc\u03ce\u03bc\u03b5\u03bd\u03bf\u03c2 \u03c7\u03c1\u03cc\u03bd\u03bf\u03c2 \u03b1\u03bd\u03ac\u03b3\u03bd\u03c9\u03c3\u03b7\u03c2":"1 \u03bb\u03b5\u03c0\u03c4\u03cc"},"schema":{"@context":"https:\/\/schema.org","@graph":[{"@type":"WebPage","@id":"https:\/\/boutique-one-piece.com\/avis-de-recherche-one-piece\/avis-de-recherche-shimotsuki-ryuma-wanted\/","url":"https:\/\/boutique-one-piece.com\/avis-de-recherche-one-piece\/avis-de-recherche-shimotsuki-ryuma-wanted\/","name":"\u0391\u03bd\u03b1\u03b6\u03b7\u03c4\u03bf\u03cd\u03bc\u03b5\u03bd\u03b7 \u03b5\u03b9\u03b4\u03bf\u03c0\u03bf\u03af\u03b7\u03c3\u03b7: Shimotsuki Ryuma | One Piece Shop","isPartOf":{"@id":"https:\/\/boutique-one-piece.com\/#website"},"primaryImageOfPage":{"@id":"https:\/\/boutique-one-piece.com\/avis-de-recherche-one-piece\/avis-de-recherche-shimotsuki-ryuma-wanted\/#primaryimage"},"image":{"@id":"https:\/\/boutique-one-piece.com\/avis-de-recherche-one-piece\/avis-de-recherche-shimotsuki-ryuma-wanted\/#primaryimage"},"thumbnailUrl":"https:\/\/boutique-one-piece.com\/wp-content\/uploads\/2022\/09\/Avis-De-Recherche-Shimotsuki-Ryuma-Wanted-1.jpg","datePublished":"2022-09-27T20:56:13+00:00","dateModified":"2024-09-16T12:56:20+00:00","description":"\u039d\u03b5\u03b1\u03c1\u03ad \u039d\u03b1\u03cd\u03c4\u03b7, \u03ae\u03c1\u03b8\u03b5 \u03b7 \u03ce\u03c1\u03b1 \u03bd\u03b1 \u03b1\u03c0\u03bf\u03ba\u03c4\u03ae\u03c3\u03b5\u03b9\u03c2 \u03b1\u03c5\u03c4\u03ae\u03bd \u03c4\u03b7\u03bd \u03b1\u03c6\u03af\u03c3\u03b1 Shimotsuki Ryuma Wanted. \u03a5\u03c0\u03b5\u03bd\u03b8\u03c5\u03bc\u03af\u03b6\u03bf\u03c5\u03bc\u03b5 \u03cc\u03c4\u03b9 \u03bf Ryuma \u03ae\u03c4\u03b1\u03bd \u03ad\u03bd\u03b1\u03c2 \u03a3\u03b1\u03bc\u03bf\u03c5\u03c1\u03ac\u03b9 \u03b1\u03c0\u03cc \u03c4\u03b7 \u03a7\u03ce\u03c1\u03b1 Wano \u03c3\u03c4\u03bf\u03bd \u039d\u03ad\u03bf \u039a\u03cc\u03c3\u03bc\u03bf \u03c0\u03bf\u03c5 \u03c0\u03ad\u03b8\u03b1\u03bd\u03b5 \u03ba\u03b1\u03b9 \u03ae\u03c4\u03b1\u03bd \u03ad\u03bd\u03b1\u03c2 \u03b1\u03c0\u03cc \u03c4\u03bf\u03c5\u03c2 \u03a3\u03c4\u03c1\u03b1\u03c4\u03b7\u03b3\u03bf\u03cd\u03c2 \u0396\u03cc\u03bc\u03c0\u03b9 \u03c0\u03bf\u03c5 \u03b4\u03b7\u03bc\u03b9\u03bf\u03cd\u03c1\u03b3\u03b7\u03c3\u03b5 \u03bf \u0394\u03c1. Hogback \u03c3\u03c4\u03bf Thriller Bark. \u039a\u03b1\u03c4\u03b5\u03af\u03c7\u03b5 \u03c4\u03b7 \u03c3\u03ba\u03b9\u03ac \u03c4\u03bf\u03c5 Brook.","breadcrumb":{"@id":"https:\/\/boutique-one-piece.com\/avis-de-recherche-one-piece\/avis-de-recherche-shimotsuki-ryuma-wanted\/#breadcrumb"},"inLanguage":"el","potentialAction":[{"@type":"ReadAction","target":["https:\/\/boutique-one-piece.com\/avis-de-recherche-one-piece\/avis-de-recherche-shimotsuki-ryuma-wanted\/"]}]},{"@type":"ImageObject","inLanguage":"el","@id":"https:\/\/boutique-one-piece.com\/avis-de-recherche-one-piece\/avis-de-recherche-shimotsuki-ryuma-wanted\/#primaryimage","url":"https:\/\/boutique-one-piece.com\/wp-content\/uploads\/2022\/09\/Avis-De-Recherche-Shimotsuki-Ryuma-Wanted-1.jpg","contentUrl":"https:\/\/boutique-one-piece.com\/wp-content\/uploads\/2022\/09\/Avis-De-Recherche-Shimotsuki-Ryuma-Wanted-1.jpg","width":796,"height":798},{"@type":"BreadcrumbList","@id":"https:\/\/boutique-one-piece.com\/avis-de-recherche-one-piece\/avis-de-recherche-shimotsuki-ryuma-wanted\/#breadcrumb","itemListElement":[{"@type":"ListItem","position":1,"name":"Home","item":"https:\/\/boutique-one-piece.com\/"},{"@type":"ListItem","position":2,"name":"Shop","item":"https:\/\/boutique-one-piece.com\/shop\/"},{"@type":"ListItem","position":3,"name":"Avis De Recherche Shimotsuki Ryuma Wanted"}]},{"@type":"WebSite","@id":"https:\/\/boutique-one-piece.com\/#website","url":"https:\/\/boutique-one-piece.com\/","name":"\u039a\u03b1\u03c4\u03ac\u03c3\u03c4\u03b7\u03bc\u03b1 One Piece","description":"\u0395\u03be\u03b5\u03b9\u03b4\u03b9\u03ba\u03b5\u03c5\u03bc\u03ad\u03bd\u03bf \u03ba\u03b1\u03c4\u03ac\u03c3\u03c4\u03b7\u03bc\u03b1 \u03b3\u03b9\u03b1 One Piece Manga \u03ba\u03b1\u03b9 Anime","publisher":{"@id":"https:\/\/boutique-one-piece.com\/#organization"},"potentialAction":[{"@type":"SearchAction","target":{"@type":"EntryPoint","urlTemplate":"https:\/\/boutique-one-piece.com\/?s={search_term_string}"},"query-input":{"@type":"PropertyValueSpecification","valueRequired":true,"valueName":"search_term_string"}}],"inLanguage":"el"},{"@type":"Organization","@id":"https:\/\/boutique-one-piece.com\/#organization","name":"\u039a\u03b1\u03c4\u03ac\u03c3\u03c4\u03b7\u03bc\u03b1 One Piece","url":"https:\/\/boutique-one-piece.com\/","logo":{"@type":"ImageObject","inLanguage":"el","@id":"https:\/\/boutique-one-piece.com\/#\/schema\/logo\/image\/","url":"https:\/\/boutique-one-piece.com\/wp-content\/uploads\/2022\/09\/Logo-01.png","contentUrl":"https:\/\/boutique-one-piece.com\/wp-content\/uploads\/2022\/09\/Logo-01.png","width":2318,"height":957,"caption":"Boutique One Piece"},"image":{"@id":"https:\/\/boutique-one-piece.com\/#\/schema\/logo\/image\/"}}]}},"_links":{"self":[{"href":"https:\/\/boutique-one-piece.com\/el\/wp-json\/wp\/v2\/product\/12500","targetHints":{"allow":["GET"]}}],"collection":[{"href":"https:\/\/boutique-one-piece.com\/el\/wp-json\/wp\/v2\/product"}],"about":[{"href":"https:\/\/boutique-one-piece.com\/el\/wp-json\/wp\/v2\/types\/product"}],"replies":[{"embeddable":true,"href":"https:\/\/boutique-one-piece.com\/el\/wp-json\/wp\/v2\/comments?post=12500"}],"wp:featuredmedia":[{"embeddable":true,"href":"https:\/\/boutique-one-piece.com\/el\/wp-json\/wp\/v2\/media\/12502"}],"wp:attachment":[{"href":"https:\/\/boutique-one-piece.com\/el\/wp-json\/wp\/v2\/media?parent=12500"}],"wp:term":[{"taxonomy":"product_brand","embeddable":true,"href":"https:\/\/boutique-one-piece.com\/el\/wp-json\/wp\/v2\/product_brand?post=12500"},{"taxonomy":"product_cat","embeddable":true,"href":"https:\/\/boutique-one-piece.com\/el\/wp-json\/wp\/v2\/product_cat?post=12500"},{"taxonomy":"product_tag","embeddable":true,"href":"https:\/\/boutique-one-piece.com\/el\/wp-json\/wp\/v2\/product_tag?post=12500"}],"curies":[{"name":"\u03b5\u03c1\u03b3\u03b1\u03c3\u03af\u03b1","href":"https:\/\/api.w.org\/{rel}","templated":true}]}}