{"id":12635,"date":"2022-09-27T20:57:05","date_gmt":"2022-09-27T20:57:05","guid":{"rendered":"https:\/\/boutique-one-piece.com\/uncategorized\/figurine-one-piece-monkey-d-luffy-roi-des-pirates\/"},"modified":"2024-09-16T12:59:23","modified_gmt":"2024-09-16T12:59:23","slug":"%ce%ad%ce%bd%ce%b1-%ce%ba%ce%bf%ce%bc%ce%bc%ce%ac%cf%84%ce%b9-%ce%b5%ce%b9%ce%b4%cf%8e%ce%bb%ce%b9%ce%bf-%ce%bc%ce%b1%cf%8a%ce%bc%ce%bf%cf%8d-d-luffy-%ce%b2%ce%b1%cf%83%ce%b9%ce%bb%ce%b9%ce%ac%cf%82","status":"publish","type":"product","link":"https:\/\/boutique-one-piece.com\/el\/%ce%ba%ce%b1%ce%bb%ce%bf%cf%8d%ce%b4%ce%b9%ce%b1-one-piece\/%ce%ba%ce%b1%ce%bb%ce%bf%cf%8d%ce%b4%ce%b9%ce%b1-monkey-d-luffy-%ce%ad%ce%bd%ce%b1-%ce%ba%ce%bf%ce%bc%ce%bc%ce%ac%cf%84%ce%b9\/%ce%ad%ce%bd%ce%b1-%ce%ba%ce%bf%ce%bc%ce%bc%ce%ac%cf%84%ce%b9-%ce%b5%ce%b9%ce%b4%cf%8e%ce%bb%ce%b9%ce%bf-%ce%bc%ce%b1%cf%8a%ce%bc%ce%bf%cf%8d-d-luffy-%ce%b2%ce%b1%cf%83%ce%b9%ce%bb%ce%b9%ce%ac%cf%82\/","title":{"rendered":"One Piece \u03a6\u03b9\u03b3\u03bf\u03cd\u03c1\u03b1 Monkey D Luffy King Of The Pirates"},"content":{"rendered":"<h2>\u039d\u03b5\u03b1\u03c1\u03ad \u03c0\u03b5\u03b9\u03c1\u03b1\u03c4\u03ae, \u03ae\u03c1\u03b8\u03b5 \u03b7 \u03ce\u03c1\u03b1 \u03bd\u03b1 \u03b1\u03c0\u03bf\u03ba\u03c4\u03ae\u03c3\u03b5\u03b9\u03c2 \u03b1\u03c5\u03c4\u03ae \u03c4\u03b7\u03bd \u03c6\u03b9\u03b3\u03bf\u03cd\u03c1\u03b1 One Piece Monkey D Luffy King of Pirates.<\/h2>\n<p>\u039d\u03b1 \u03c4\u03b9 \u03c0\u03c1\u03ad\u03c0\u03b5\u03b9 \u03bd\u03b1 \u03be\u03ad\u03c1\u03b5\u03c4\u03b5 \u03b3\u03b9\u03b1 \u03b1\u03c5\u03c4\u03cc\u03bd \u03c4\u03bf\u03bd \u03b4\u03b9\u03ac\u03c3\u03b7\u03bc\u03bf \u03ba\u03b1\u03c0\u03b5\u03c4\u03ac\u03bd\u03b9\u03bf: ; <strong>Monkey D. Luffy<\/strong> \u03b5\u03af\u03bd\u03b1\u03b9 \u03c0\u03b5\u03b9\u03c1\u03b1\u03c4\u03ae\u03c2 \u03ba\u03b1\u03b9 \u03bf \u03ba\u03cd\u03c1\u03b9\u03bf\u03c2 \u03c0\u03c1\u03c9\u03c4\u03b1\u03b3\u03c9\u03bd\u03b9\u03c3\u03c4\u03ae\u03c2 \u03c4\u03bf\u03c5 manga \u03ba\u03b1\u03b9 \u03c4\u03bf\u03c5 anime One Piece. \u0395\u03af\u03bd\u03b1\u03b9 \u03b5\u03c0\u03af\u03c3\u03b7\u03c2 \u03bf \u03b8\u03b5\u03c4\u03cc\u03c2 \u03b1\u03b4\u03b5\u03bb\u03c6\u03cc\u03c2 \u03c4\u03bf\u03c5 \u03b5\u03ba\u03bb\u03b9\u03c0\u03cc\u03bd\u03c4\u03bf\u03c2. <strong>\u03a0\u03cc\u03c1\u03c4\u03b3\u03ba\u03b1\u03c2 \u039d\u03c4. \u0386\u03c3\u03b5<\/strong> \u03ba\u03b1\u03b9 <strong>Sabo<\/strong>. \u0386\u03bb\u03bb\u03c9\u03c3\u03c4\u03b5, \u03b1\u03bd \u03c3\u03b1\u03c2 \u03b1\u03c1\u03ad\u03c3\u03b5\u03b9 \u03b1\u03c5\u03c4\u03ae \u03b7 \u03b1\u03b4\u03b5\u03bb\u03c6\u03b9\u03ba\u03ae \u03bf\u03bc\u03ac\u03b4\u03b1, \u03b7 <a title=\"\u03a3\u0395\u03a4 3 \u03a6\u0399\u0393\u039f\u03a5\u03a1\u0395\u03a3 ONE PIECE FIRE BROTHERS\" href=\"https:\/\/boutique-one-piece.com\/el\/%cf%83%ce%b5%cf%84-3-%cf%86%ce%b9%ce%b3%ce%bf%cf%8d%cf%81%cf%89%ce%bd-one-piece-%ce%bf%ce%b9-%ce%b1%ce%b4%ce%b5%ce%bb%cf%86%ce%bf%ce%af-%cf%84%ce%b7%cf%82-%cf%86%cf%89%cf%84%ce%b9%ce%ac%cf%82\/\" target=\"_blank\" rel=\"noopener\">\u03b5\u03b9\u03b4\u03ce\u03bb\u03b9\u03bf \u03ba\u03b1\u03c4&#039; \u03b5\u03b9\u03ba\u03cc\u03bd\u03b1 \u03c4\u03bf\u03c5\u03c2<\/a> \u03b5\u03af\u03bd\u03b1\u03b9 \u03c3\u03c4\u03b1 \u03c7\u03ad\u03c1\u03b9\u03b1 \u03c3\u03bf\u03c5 \u03b1\u03cd\u03c1\u03b9\u03bf. \u0395\u03c0\u03b9\u03c3\u03c4\u03c1\u03ad\u03c6\u03bf\u03bd\u03c4\u03b1\u03c2 \u03c3\u03c4\u03bf\u03bd Luffy, \u03c4\u03bf \u03c0\u03b9\u03bf \u03b1\u03b3\u03b1\u03c0\u03b7\u03bc\u03ad\u03bd\u03bf \u03c4\u03bf\u03c5 \u03cc\u03bd\u03b5\u03b9\u03c1\u03bf \u03b5\u03af\u03bd\u03b1\u03b9 \u03bd\u03b1 \u03b3\u03af\u03bd\u03b5\u03b9 \u03bf \u0392\u03b1\u03c3\u03b9\u03bb\u03b9\u03ac\u03c2 \u03c4\u03c9\u03bd \u03a0\u03b5\u03b9\u03c1\u03b1\u03c4\u03ce\u03bd \u03b2\u03c1\u03af\u03c3\u03ba\u03bf\u03bd\u03c4\u03b1\u03c2 \u03c4\u03bf\u03bd \u03b8\u03c1\u03c5\u03bb\u03b9\u03ba\u03cc \u03b8\u03b7\u03c3\u03b1\u03c5\u03c1\u03cc One Piece, \u03ba\u03c1\u03c5\u03bc\u03bc\u03ad\u03bd\u03bf \u03ba\u03ac\u03c0\u03bf\u03c5 \u03c3\u03c4\u03bf\u03bd \u03ba\u03cc\u03c3\u03bc\u03bf \u03b1\u03c0\u03cc \u03c4\u03bf\u03bd Gol D. Roger.<\/p>\n<p>\u03a3\u03cd\u03bc\u03c6\u03c9\u03bd\u03b1 \u03bc\u03b5 \u03b1\u03c5\u03c4\u03cc\u03bd, \u03cc\u03bd\u03c4\u03b1\u03c2 <strong>\u03bf \u0386\u03c1\u03c7\u03bf\u03bd\u03c4\u03b1\u03c2 \u03c4\u03c9\u03bd \u03a0\u03b5\u03b9\u03c1\u03b1\u03c4\u03ce\u03bd<\/strong> \u03a3\u03b7\u03bc\u03b1\u03af\u03bd\u03b5\u03b9 \u03bd\u03b1 \u03b5\u03af\u03c3\u03b1\u03b9 \u03ba\u03ac\u03c0\u03bf\u03b9\u03bf\u03c2 \u03c0\u03bf\u03c5 \u03b1\u03c0\u03bf\u03bb\u03b1\u03bc\u03b2\u03ac\u03bd\u03b5\u03b9 \u03b1\u03c0\u03b1\u03c1\u03ac\u03bc\u03b9\u03bb\u03bb\u03b7 \u03b5\u03bb\u03b5\u03c5\u03b8\u03b5\u03c1\u03af\u03b1 \u03c3\u03c4\u03bf\u03bd \u03ba\u03cc\u03c3\u03bc\u03bf. \u03a4\u03ad\u03bb\u03bf\u03c2, \u03b8\u03b1 \u03c0\u03c1\u03ad\u03c0\u03b5\u03b9 \u03bd\u03b1 \u03be\u03ad\u03c1\u03b5\u03b9\u03c2 \u03cc\u03c4\u03b9 \u03ad\u03c6\u03b1\u03b3\u03b5 \u03ad\u03bd\u03b1 \u03a6\u03c1\u03bf\u03cd\u03c4\u03bf \u03c4\u03bf\u03c5 \u0394\u03b9\u03b1\u03b2\u03cc\u03bb\u03bf\u03c5: \u03c4\u03bf \u0393\u03ba\u03cc\u03bc\u03bf\u03c5 \u0393\u03ba\u03cc\u03bc\u03bf\u03c5 \u03bd\u03bf \u039c\u03b9. \u0391\u03c5\u03c4\u03cc \u03c4\u03bf \u03a6\u03c1\u03bf\u03cd\u03c4\u03bf \u03c4\u03bf\u03c5 \u0394\u03b9\u03b1\u03b2\u03cc\u03bb\u03bf\u03c5 \u03c4\u03cd\u03c0\u03bf\u03c5 \u03a0\u03b1\u03c1\u03b1\u03bc\u03ad\u03c4\u03c3\u03b9\u03b1 \u03c0\u03c1\u03bf\u03c3\u03b4\u03af\u03b4\u03b5\u03b9 \u03c3\u03c4\u03bf \u03c3\u03ce\u03bc\u03b1 \u03c4\u03bf\u03c5 \u03c7\u03c1\u03ae\u03c3\u03c4\u03b7 \u03c4\u03bf\u03c5 \u03c4\u03b9\u03c2 \u03af\u03b4\u03b9\u03b5\u03c2 \u03b9\u03b4\u03b9\u03cc\u03c4\u03b7\u03c4\u03b5\u03c2 \u03bc\u03b5 \u03c4\u03bf \u03ba\u03b1\u03bf\u03c5\u03c4\u03c3\u03bf\u03cd\u03ba, \u03ba\u03b1\u03b8\u03b9\u03c3\u03c4\u03ce\u03bd\u03c4\u03b1\u03c2 \u03b1\u03c5\u03c4\u03cc\u03bd \u03c0\u03bf\u03c5 \u03c4\u03bf \u03c4\u03c1\u03ce\u03b5\u03b9 \u03ad\u03bd\u03b1\u03bd \u0386\u03bd\u03b8\u03c1\u03c9\u03c0\u03bf \u03b1\u03c0\u03cc \u039a\u03b1\u03bf\u03c5\u03c4\u03c3\u03bf\u03cd\u03ba.<\/p>\n<h3>\u03a3\u03b1\u03c2 \u03ad\u03c7\u03b5\u03b9 \u03b3\u03bf\u03b7\u03c4\u03b5\u03cd\u03c3\u03b5\u03b9, \u03bb\u03bf\u03b9\u03c0\u03cc\u03bd, \u03b7 \u03c6\u03b9\u03b3\u03bf\u03cd\u03c1\u03b1 Monkey D. Luffy; \u03a0\u03ce\u03c2 \u03b8\u03b1 \u03bc\u03c0\u03bf\u03c1\u03bf\u03cd\u03c3\u03b5 \u03bd\u03b1 \u03bc\u03b7\u03bd \u03c3\u03b1\u03c2 \u03b3\u03bf\u03b7\u03c4\u03b5\u03cd\u03c3\u03b5\u03b9; \u0395\u03bb\u03ac\u03c4\u03b5 \u03bc\u03b1\u03b6\u03af \u03bc\u03b5 \u03c4\u03bf \u03c0\u03bb\u03ae\u03c1\u03c9\u03bc\u03ac \u03c4\u03bf\u03c5 \u03c3\u03c4\u03bf Thousand Sunny. \u03a0\u03bf\u03bb\u03bb\u03ad\u03c2 \u03c0\u03b5\u03c1\u03b9\u03c0\u03ad\u03c4\u03b5\u03b9\u03b5\u03c2 \u03c3\u03b1\u03c2 \u03c0\u03b5\u03c1\u03b9\u03bc\u03ad\u03bd\u03bf\u03c5\u03bd \u03b5\u03ba\u03b5\u03af.<\/h3>\n<p>\u039d\u03b1 \u03b5\u03af\u03c3\u03b1\u03b9 \u03c0\u03b5\u03c1\u03ae\u03c6\u03b1\u03bd\u03bf\u03c2 \u03c0\u03bf\u03c5 \u03b5\u03af\u03c3\u03b1\u03b9 \u03bc\u03ad\u03c1\u03bf\u03c2 \u03c4\u03b7\u03c2 \u03c0\u03b5\u03c1\u03b9\u03c0\u03ad\u03c4\u03b5\u03b9\u03b1\u03c2 <strong>\u039c\u03bf\u03bd\u03bf\u03ba\u03cc\u03bc\u03bc\u03b1\u03c4\u03bf\u03c2<\/strong>. \u0393\u03af\u03bd\u03b5 \u03bc\u03ad\u03bb\u03bf\u03c2 \u03c4\u03bf\u03c5 \u03c0\u03bb\u03b7\u03c1\u03ce\u03bc\u03b1\u03c4\u03bf\u03c2 \u03ba\u03b1\u03b9 \u03b3\u03af\u03bd\u03b5 \u03ad\u03bd\u03b1\u03c2 \u03b4\u03b9\u03ac\u03c3\u03b7\u03bc\u03bf\u03c2 \u03c0\u03b5\u03b9\u03c1\u03b1\u03c4\u03ae\u03c2 \u03bc\u03b1\u03b6\u03af \u03c4\u03bf\u03c5 <strong>\u03bf \u03b1\u03c1\u03c7\u03b7\u03b3\u03cc\u03c2 \u03c3\u03bf\u03c5 \u039b\u03ac\u03c6\u03c5<\/strong>. \u0391\u03c5\u03c4\u03ac \u03c4\u03b1 \u03b8\u03c1\u03c5\u03bb\u03b9\u03ba\u03ac \u03b1\u03bd\u03c4\u03b9\u03ba\u03b5\u03af\u03bc\u03b5\u03bd\u03b1 \u03b5\u03af\u03bd\u03b1\u03b9 \u03b9\u03b4\u03b1\u03bd\u03b9\u03ba\u03ac \u03b3\u03b9\u03b1 \u03b4\u03ce\u03c1\u03b1, \u03b4\u03b9\u03b1\u03ba\u03cc\u03c3\u03bc\u03b7\u03c3\u03b7 \u03ae \u03c3\u03c5\u03bb\u03bb\u03bf\u03b3\u03ae. \u039c\u03b7\u03bd \u03c0\u03b5\u03c1\u03b9\u03bc\u03ad\u03bd\u03b5\u03c4\u03b5 \u03bb\u03bf\u03b9\u03c0\u03cc\u03bd \u03ac\u03bb\u03bb\u03bf \u03ba\u03b1\u03b9 \u03b1\u03b4\u03c1\u03ac\u03be\u03c4\u03b5 \u03b1\u03c5\u03c4\u03ae \u03c4\u03b7\u03bd \u03b5\u03c5\u03ba\u03b1\u03b9\u03c1\u03af\u03b1 \u03b3\u03b9\u03b1 \u03bd\u03b1 \u03b5\u03c0\u03b5\u03ba\u03c4\u03b5\u03af\u03bd\u03b5\u03c4\u03b5 \u03c4\u03bf \u03c3\u03cd\u03bc\u03c0\u03b1\u03bd One Piece.<\/p>\n<h2>\u03a0\u03bb\u03b7\u03c1\u03bf\u03c6\u03bf\u03c1\u03af\u03b5\u03c2 \u03b3\u03b9\u03b1 \u03c4\u03bf \u03b5\u03b9\u03b4\u03ce\u03bb\u03b9\u03bf Monkey D. Luffy King of the Pirates<\/h2>\n<ul>\n<li><span><b><u>\u039f\u03bb\u03cc\u03c3\u03c9\u03bc\u03bf \u03b5\u03b9\u03b4\u03ce\u03bb\u03b9\u03bf<\/u><\/b>\u00a0\u03a6\u03b9\u03b3\u03bf\u03cd\u03c1\u03b1 One Piece Premium \u03b3\u03b9\u03b1 \u03b1\u03bb\u03b7\u03b8\u03b9\u03bd\u03bf\u03cd\u03c2 \u03c0\u03b5\u03b9\u03c1\u03b1\u03c4\u03ad\u03c2<\/span><\/li>\n<\/ul>\n<ul>\n<li>\n<b>\u03a5\u03bb\u03b7<\/b><span>\u00a0<\/span>PVC<\/li>\n<\/ul>\n<ul>\n<li><span><strong>\u0394\u03b9\u03ac\u03c3\u03c4\u03b1\u03c3\u03b7<\/strong>\u00a0: 26 \u03b5\u03ba.<\/span><\/li>\n<\/ul>\n<ul>\n<li><span><strong>\u0394\u03a9\u03a1\u0395\u0391\u039d \u03a0\u0391\u03a1\u0391\u0394\u039f\u03a3\u0397<\/strong><\/span><\/li>\n<\/ul>","protected":false},"excerpt":{"rendered":"<p>Jeune pirate, le moment est venu pour toi de te procurer cette Figurine One Piece Monkey D Luffy Roi Des Pirates. Voici ce que tu dois savoir au sujet de ce c\u00e9l\u00e8bre capitaine ; Monkey D. Luffy est un pirate et le principal protagoniste du manga et anim\u00e9 One Piece. C&rsquo;est aussi le fr\u00e8re adoptif [&hellip;]<\/p>","protected":false},"featured_media":12637,"comment_status":"open","ping_status":"open","template":"","meta":[],"product_brand":[],"product_cat":[181,76,80],"product_tag":[92],"class_list":{"0":"post-12635","1":"product","2":"type-product","3":"status-publish","4":"has-post-thumbnail","6":"product_cat-figurines-monkey-d-luffy","7":"product_cat-figurines-one-piece","8":"product_cat-goodies-monkey-d-luffy-one-piece","9":"product_tag-luffy","11":"first","12":"instock","13":"purchasable","14":"product-type-simple"},"yoast_head":"<!-- This site is optimized with the Yoast SEO plugin v27.5 - https:\/\/yoast.com\/product\/yoast-seo-wordpress\/ -->\n<title>Figurine One Piece Monkey D Luffy Roi Des Pirates | Figurine One Piece \u2013 Boutique One Piece<\/title>\n<meta name=\"description\" content=\"Jeune pirate, le moment est venu pour toi de te procurer cette Figurine One Piece Monkey D Luffy Roi Des Pirates. Voici ce que tu dois savoir au sujet de ce c\u00e9l\u00e8bre capitaine ; Monkey D. Luffy est un pirate et le principal protagoniste du manga et anim\u00e9 One Piece. C&#039;est aussi le fr\u00e8re adoptif du d\u00e9funt Portgas D. Ace e\" \/>\n<meta name=\"robots\" content=\"index, follow, max-snippet:-1, max-image-preview:large, max-video-preview:-1\" \/>\n<link rel=\"canonical\" href=\"https:\/\/boutique-one-piece.com\/el\/\u03c6\u03b9\u03b3\u03bf\u03cd\u03c1\u03b5\u03c2-one-piece\/\u03c6\u03b9\u03b3\u03bf\u03cd\u03c1\u03b5\u03c2-monkey-d-luffy\/\u03ad\u03bd\u03b1-\u03ba\u03bf\u03bc\u03bc\u03ac\u03c4\u03b9-\u03b5\u03b9\u03b4\u03ce\u03bb\u03b9\u03bf-\u03bc\u03b1\u03ca\u03bc\u03bf\u03cd-d-luffy-\u03b2\u03b1\u03c3\u03b9\u03bb\u03b9\u03ac\u03c2\/\" \/>\n<meta property=\"og:locale\" content=\"el_GR\" \/>\n<meta property=\"og:type\" content=\"article\" \/>\n<meta property=\"og:title\" content=\"Figurine One Piece Monkey D Luffy Roi Des Pirates | Figurine One Piece \u2013 Boutique One Piece\" \/>\n<meta property=\"og:description\" content=\"Jeune pirate, le moment est venu pour toi de te procurer cette Figurine One Piece Monkey D Luffy Roi Des Pirates. Voici ce que tu dois savoir au sujet de ce c\u00e9l\u00e8bre capitaine ; Monkey D. Luffy est un pirate et le principal protagoniste du manga et anim\u00e9 One Piece. C&#039;est aussi le fr\u00e8re adoptif du d\u00e9funt Portgas D. Ace e\" \/>\n<meta property=\"og:url\" content=\"https:\/\/boutique-one-piece.com\/el\/\u03c6\u03b9\u03b3\u03bf\u03cd\u03c1\u03b5\u03c2-one-piece\/\u03c6\u03b9\u03b3\u03bf\u03cd\u03c1\u03b5\u03c2-monkey-d-luffy\/\u03ad\u03bd\u03b1-\u03ba\u03bf\u03bc\u03bc\u03ac\u03c4\u03b9-\u03b5\u03b9\u03b4\u03ce\u03bb\u03b9\u03bf-\u03bc\u03b1\u03ca\u03bc\u03bf\u03cd-d-luffy-\u03b2\u03b1\u03c3\u03b9\u03bb\u03b9\u03ac\u03c2\/\" \/>\n<meta property=\"og:site_name\" content=\"Boutique One Piece\" \/>\n<meta property=\"article:modified_time\" content=\"2024-09-16T12:59:23+00:00\" \/>\n<meta property=\"og:image\" content=\"https:\/\/boutique-one-piece.com\/wp-content\/uploads\/2022\/09\/Figurine-One-Piece-Monkey-D-Luffy-Roi-Des-Pirates-1.jpg\" \/>\n\t<meta property=\"og:image:width\" content=\"1000\" \/>\n\t<meta property=\"og:image:height\" content=\"1000\" \/>\n\t<meta property=\"og:image:type\" content=\"image\/jpeg\" \/>\n<meta name=\"twitter:card\" content=\"summary_large_image\" \/>\n<meta name=\"twitter:label1\" content=\"\u0395\u03ba\u03c4\u03b9\u03bc\u03ce\u03bc\u03b5\u03bd\u03bf\u03c2 \u03c7\u03c1\u03cc\u03bd\u03bf\u03c2 \u03b1\u03bd\u03ac\u03b3\u03bd\u03c9\u03c3\u03b7\u03c2\" \/>\n\t<meta name=\"twitter:data1\" content=\"1 \u03bb\u03b5\u03c0\u03c4\u03cc\" \/>\n<script type=\"application\/ld+json\" class=\"yoast-schema-graph\">{\"@context\":\"https:\\\/\\\/schema.org\",\"@graph\":[{\"@type\":\"WebPage\",\"@id\":\"https:\\\/\\\/boutique-one-piece.com\\\/figurines-one-piece\\\/figurines-monkey-d-luffy\\\/figurine-one-piece-monkey-d-luffy-roi-des-pirates\\\/\",\"url\":\"https:\\\/\\\/boutique-one-piece.com\\\/figurines-one-piece\\\/figurines-monkey-d-luffy\\\/figurine-one-piece-monkey-d-luffy-roi-des-pirates\\\/\",\"name\":\"Figurine One Piece Monkey D Luffy Roi Des Pirates | Figurine One Piece \u2013 Boutique One Piece\",\"isPartOf\":{\"@id\":\"https:\\\/\\\/boutique-one-piece.com\\\/#website\"},\"primaryImageOfPage\":{\"@id\":\"https:\\\/\\\/boutique-one-piece.com\\\/figurines-one-piece\\\/figurines-monkey-d-luffy\\\/figurine-one-piece-monkey-d-luffy-roi-des-pirates\\\/#primaryimage\"},\"image\":{\"@id\":\"https:\\\/\\\/boutique-one-piece.com\\\/figurines-one-piece\\\/figurines-monkey-d-luffy\\\/figurine-one-piece-monkey-d-luffy-roi-des-pirates\\\/#primaryimage\"},\"thumbnailUrl\":\"https:\\\/\\\/boutique-one-piece.com\\\/wp-content\\\/uploads\\\/2022\\\/09\\\/Figurine-One-Piece-Monkey-D-Luffy-Roi-Des-Pirates-1.jpg\",\"datePublished\":\"2022-09-27T20:57:05+00:00\",\"dateModified\":\"2024-09-16T12:59:23+00:00\",\"description\":\"Jeune pirate, le moment est venu pour toi de te procurer cette Figurine One Piece Monkey D Luffy Roi Des Pirates. Voici ce que tu dois savoir au sujet de ce c\u00e9l\u00e8bre capitaine ; Monkey D. Luffy est un pirate et le principal protagoniste du manga et anim\u00e9 One Piece. C'est aussi le fr\u00e8re adoptif du d\u00e9funt Portgas D. Ace e\",\"breadcrumb\":{\"@id\":\"https:\\\/\\\/boutique-one-piece.com\\\/figurines-one-piece\\\/figurines-monkey-d-luffy\\\/figurine-one-piece-monkey-d-luffy-roi-des-pirates\\\/#breadcrumb\"},\"inLanguage\":\"el\",\"potentialAction\":[{\"@type\":\"ReadAction\",\"target\":[\"https:\\\/\\\/boutique-one-piece.com\\\/figurines-one-piece\\\/figurines-monkey-d-luffy\\\/figurine-one-piece-monkey-d-luffy-roi-des-pirates\\\/\"]}]},{\"@type\":\"ImageObject\",\"inLanguage\":\"el\",\"@id\":\"https:\\\/\\\/boutique-one-piece.com\\\/figurines-one-piece\\\/figurines-monkey-d-luffy\\\/figurine-one-piece-monkey-d-luffy-roi-des-pirates\\\/#primaryimage\",\"url\":\"https:\\\/\\\/boutique-one-piece.com\\\/wp-content\\\/uploads\\\/2022\\\/09\\\/Figurine-One-Piece-Monkey-D-Luffy-Roi-Des-Pirates-1.jpg\",\"contentUrl\":\"https:\\\/\\\/boutique-one-piece.com\\\/wp-content\\\/uploads\\\/2022\\\/09\\\/Figurine-One-Piece-Monkey-D-Luffy-Roi-Des-Pirates-1.jpg\",\"width\":1000,\"height\":1000},{\"@type\":\"BreadcrumbList\",\"@id\":\"https:\\\/\\\/boutique-one-piece.com\\\/figurines-one-piece\\\/figurines-monkey-d-luffy\\\/figurine-one-piece-monkey-d-luffy-roi-des-pirates\\\/#breadcrumb\",\"itemListElement\":[{\"@type\":\"ListItem\",\"position\":1,\"name\":\"Home\",\"item\":\"https:\\\/\\\/boutique-one-piece.com\\\/\"},{\"@type\":\"ListItem\",\"position\":2,\"name\":\"Shop\",\"item\":\"https:\\\/\\\/boutique-one-piece.com\\\/shop\\\/\"},{\"@type\":\"ListItem\",\"position\":3,\"name\":\"Figurine One Piece Monkey D Luffy Roi Des Pirates\"}]},{\"@type\":\"WebSite\",\"@id\":\"https:\\\/\\\/boutique-one-piece.com\\\/#website\",\"url\":\"https:\\\/\\\/boutique-one-piece.com\\\/\",\"name\":\"Boutique One Piece\",\"description\":\"Magasin Sp\u00e9cialis\u00e9 du Manga et l&#039;Anime One Piece\",\"publisher\":{\"@id\":\"https:\\\/\\\/boutique-one-piece.com\\\/#organization\"},\"potentialAction\":[{\"@type\":\"SearchAction\",\"target\":{\"@type\":\"EntryPoint\",\"urlTemplate\":\"https:\\\/\\\/boutique-one-piece.com\\\/?s={search_term_string}\"},\"query-input\":{\"@type\":\"PropertyValueSpecification\",\"valueRequired\":true,\"valueName\":\"search_term_string\"}}],\"inLanguage\":\"el\"},{\"@type\":\"Organization\",\"@id\":\"https:\\\/\\\/boutique-one-piece.com\\\/#organization\",\"name\":\"Boutique One Piece\",\"url\":\"https:\\\/\\\/boutique-one-piece.com\\\/\",\"logo\":{\"@type\":\"ImageObject\",\"inLanguage\":\"el\",\"@id\":\"https:\\\/\\\/boutique-one-piece.com\\\/#\\\/schema\\\/logo\\\/image\\\/\",\"url\":\"https:\\\/\\\/boutique-one-piece.com\\\/wp-content\\\/uploads\\\/2022\\\/09\\\/Logo-01.png\",\"contentUrl\":\"https:\\\/\\\/boutique-one-piece.com\\\/wp-content\\\/uploads\\\/2022\\\/09\\\/Logo-01.png\",\"width\":2318,\"height\":957,\"caption\":\"Boutique One Piece\"},\"image\":{\"@id\":\"https:\\\/\\\/boutique-one-piece.com\\\/#\\\/schema\\\/logo\\\/image\\\/\"}}]}<\/script>\n<!-- \/ Yoast SEO plugin. -->","yoast_head_json":{"title":"One Piece Monkey D Luffy Pirate King \u03a6\u03b9\u03b3\u03bf\u03cd\u03c1\u03b1 | One Piece Figure \u2013 One Piece Shop","description":"\u039d\u03b5\u03b1\u03c1\u03ad \u03c0\u03b5\u03b9\u03c1\u03b1\u03c4\u03ae, \u03ae\u03c1\u03b8\u03b5 \u03b7 \u03ce\u03c1\u03b1 \u03bd\u03b1 \u03b1\u03c0\u03bf\u03ba\u03c4\u03ae\u03c3\u03b5\u03b9\u03c2 \u03b1\u03c5\u03c4\u03ae \u03c4\u03b7 \u03c6\u03b9\u03b3\u03bf\u03cd\u03c1\u03b1 One Piece Monkey D. Luffy, \u03c4\u03bf\u03bd \u0392\u03b1\u03c3\u03b9\u03bb\u03b9\u03ac \u03c4\u03c9\u03bd \u03a0\u03b5\u03b9\u03c1\u03b1\u03c4\u03ce\u03bd. \u039d\u03b1 \u03c4\u03b9 \u03c0\u03c1\u03ad\u03c0\u03b5\u03b9 \u03bd\u03b1 \u03be\u03ad\u03c1\u03b5\u03b9\u03c2 \u03b3\u03b9\u03b1 \u03b1\u03c5\u03c4\u03cc\u03bd \u03c4\u03bf\u03bd \u03b4\u03b9\u03ac\u03c3\u03b7\u03bc\u03bf \u03ba\u03b1\u03c0\u03b5\u03c4\u03ac\u03bd\u03b9\u03bf: \u039f Monkey D. Luffy \u03b5\u03af\u03bd\u03b1\u03b9 \u03c0\u03b5\u03b9\u03c1\u03b1\u03c4\u03ae\u03c2 \u03ba\u03b1\u03b9 \u03bf \u03ba\u03cd\u03c1\u03b9\u03bf\u03c2 \u03c0\u03c1\u03c9\u03c4\u03b1\u03b3\u03c9\u03bd\u03b9\u03c3\u03c4\u03ae\u03c2 \u03c4\u03bf\u03c5 manga \u03ba\u03b1\u03b9 anime One Piece. \u0395\u03af\u03bd\u03b1\u03b9 \u03b5\u03c0\u03af\u03c3\u03b7\u03c2 \u03bf \u03c5\u03b9\u03bf\u03b8\u03b5\u03c4\u03b7\u03bc\u03ad\u03bd\u03bf\u03c2 \u03b1\u03b4\u03b5\u03c1\u03c6\u03cc\u03c2 \u03c4\u03bf\u03c5 \u03b1\u03b5\u03af\u03bc\u03bd\u03b7\u03c3\u03c4\u03bf\u03c5 Portgas D. Ace.","robots":{"index":"index","follow":"follow","max-snippet":"max-snippet:-1","max-image-preview":"max-image-preview:large","max-video-preview":"max-video-preview:-1"},"canonical":"https:\/\/boutique-one-piece.com\/el\/\u03c6\u03b9\u03b3\u03bf\u03cd\u03c1\u03b5\u03c2-one-piece\/\u03c6\u03b9\u03b3\u03bf\u03cd\u03c1\u03b5\u03c2-monkey-d-luffy\/\u03ad\u03bd\u03b1-\u03ba\u03bf\u03bc\u03bc\u03ac\u03c4\u03b9-\u03b5\u03b9\u03b4\u03ce\u03bb\u03b9\u03bf-\u03bc\u03b1\u03ca\u03bc\u03bf\u03cd-d-luffy-\u03b2\u03b1\u03c3\u03b9\u03bb\u03b9\u03ac\u03c2\/","og_locale":"el_GR","og_type":"article","og_title":"Figurine One Piece Monkey D Luffy Roi Des Pirates | Figurine One Piece \u2013 Boutique One Piece","og_description":"Jeune pirate, le moment est venu pour toi de te procurer cette Figurine One Piece Monkey D Luffy Roi Des Pirates. Voici ce que tu dois savoir au sujet de ce c\u00e9l\u00e8bre capitaine ; Monkey D. Luffy est un pirate et le principal protagoniste du manga et anim\u00e9 One Piece. C'est aussi le fr\u00e8re adoptif du d\u00e9funt Portgas D. Ace e","og_url":"https:\/\/boutique-one-piece.com\/el\/\u03c6\u03b9\u03b3\u03bf\u03cd\u03c1\u03b5\u03c2-one-piece\/\u03c6\u03b9\u03b3\u03bf\u03cd\u03c1\u03b5\u03c2-monkey-d-luffy\/\u03ad\u03bd\u03b1-\u03ba\u03bf\u03bc\u03bc\u03ac\u03c4\u03b9-\u03b5\u03b9\u03b4\u03ce\u03bb\u03b9\u03bf-\u03bc\u03b1\u03ca\u03bc\u03bf\u03cd-d-luffy-\u03b2\u03b1\u03c3\u03b9\u03bb\u03b9\u03ac\u03c2\/","og_site_name":"Boutique One Piece","article_modified_time":"2024-09-16T12:59:23+00:00","og_image":[{"width":1000,"height":1000,"url":"https:\/\/boutique-one-piece.com\/wp-content\/uploads\/2022\/09\/Figurine-One-Piece-Monkey-D-Luffy-Roi-Des-Pirates-1.jpg","type":"image\/jpeg"}],"twitter_card":"summary_large_image","twitter_misc":{"\u0395\u03ba\u03c4\u03b9\u03bc\u03ce\u03bc\u03b5\u03bd\u03bf\u03c2 \u03c7\u03c1\u03cc\u03bd\u03bf\u03c2 \u03b1\u03bd\u03ac\u03b3\u03bd\u03c9\u03c3\u03b7\u03c2":"1 \u03bb\u03b5\u03c0\u03c4\u03cc"},"schema":{"@context":"https:\/\/schema.org","@graph":[{"@type":"WebPage","@id":"https:\/\/boutique-one-piece.com\/figurines-one-piece\/figurines-monkey-d-luffy\/figurine-one-piece-monkey-d-luffy-roi-des-pirates\/","url":"https:\/\/boutique-one-piece.com\/figurines-one-piece\/figurines-monkey-d-luffy\/figurine-one-piece-monkey-d-luffy-roi-des-pirates\/","name":"One Piece Monkey D Luffy Pirate King \u03a6\u03b9\u03b3\u03bf\u03cd\u03c1\u03b1 | One Piece Figure \u2013 One Piece Shop","isPartOf":{"@id":"https:\/\/boutique-one-piece.com\/#website"},"primaryImageOfPage":{"@id":"https:\/\/boutique-one-piece.com\/figurines-one-piece\/figurines-monkey-d-luffy\/figurine-one-piece-monkey-d-luffy-roi-des-pirates\/#primaryimage"},"image":{"@id":"https:\/\/boutique-one-piece.com\/figurines-one-piece\/figurines-monkey-d-luffy\/figurine-one-piece-monkey-d-luffy-roi-des-pirates\/#primaryimage"},"thumbnailUrl":"https:\/\/boutique-one-piece.com\/wp-content\/uploads\/2022\/09\/Figurine-One-Piece-Monkey-D-Luffy-Roi-Des-Pirates-1.jpg","datePublished":"2022-09-27T20:57:05+00:00","dateModified":"2024-09-16T12:59:23+00:00","description":"\u039d\u03b5\u03b1\u03c1\u03ad \u03c0\u03b5\u03b9\u03c1\u03b1\u03c4\u03ae, \u03ae\u03c1\u03b8\u03b5 \u03b7 \u03ce\u03c1\u03b1 \u03bd\u03b1 \u03b1\u03c0\u03bf\u03ba\u03c4\u03ae\u03c3\u03b5\u03b9\u03c2 \u03b1\u03c5\u03c4\u03ae \u03c4\u03b7 \u03c6\u03b9\u03b3\u03bf\u03cd\u03c1\u03b1 One Piece Monkey D. Luffy, \u03c4\u03bf\u03bd \u0392\u03b1\u03c3\u03b9\u03bb\u03b9\u03ac \u03c4\u03c9\u03bd \u03a0\u03b5\u03b9\u03c1\u03b1\u03c4\u03ce\u03bd. \u039d\u03b1 \u03c4\u03b9 \u03c0\u03c1\u03ad\u03c0\u03b5\u03b9 \u03bd\u03b1 \u03be\u03ad\u03c1\u03b5\u03b9\u03c2 \u03b3\u03b9\u03b1 \u03b1\u03c5\u03c4\u03cc\u03bd \u03c4\u03bf\u03bd \u03b4\u03b9\u03ac\u03c3\u03b7\u03bc\u03bf \u03ba\u03b1\u03c0\u03b5\u03c4\u03ac\u03bd\u03b9\u03bf: \u039f Monkey D. Luffy \u03b5\u03af\u03bd\u03b1\u03b9 \u03c0\u03b5\u03b9\u03c1\u03b1\u03c4\u03ae\u03c2 \u03ba\u03b1\u03b9 \u03bf \u03ba\u03cd\u03c1\u03b9\u03bf\u03c2 \u03c0\u03c1\u03c9\u03c4\u03b1\u03b3\u03c9\u03bd\u03b9\u03c3\u03c4\u03ae\u03c2 \u03c4\u03bf\u03c5 manga \u03ba\u03b1\u03b9 anime One Piece. \u0395\u03af\u03bd\u03b1\u03b9 \u03b5\u03c0\u03af\u03c3\u03b7\u03c2 \u03bf \u03c5\u03b9\u03bf\u03b8\u03b5\u03c4\u03b7\u03bc\u03ad\u03bd\u03bf\u03c2 \u03b1\u03b4\u03b5\u03c1\u03c6\u03cc\u03c2 \u03c4\u03bf\u03c5 \u03b1\u03b5\u03af\u03bc\u03bd\u03b7\u03c3\u03c4\u03bf\u03c5 Portgas D. Ace.","breadcrumb":{"@id":"https:\/\/boutique-one-piece.com\/figurines-one-piece\/figurines-monkey-d-luffy\/figurine-one-piece-monkey-d-luffy-roi-des-pirates\/#breadcrumb"},"inLanguage":"el","potentialAction":[{"@type":"ReadAction","target":["https:\/\/boutique-one-piece.com\/figurines-one-piece\/figurines-monkey-d-luffy\/figurine-one-piece-monkey-d-luffy-roi-des-pirates\/"]}]},{"@type":"ImageObject","inLanguage":"el","@id":"https:\/\/boutique-one-piece.com\/figurines-one-piece\/figurines-monkey-d-luffy\/figurine-one-piece-monkey-d-luffy-roi-des-pirates\/#primaryimage","url":"https:\/\/boutique-one-piece.com\/wp-content\/uploads\/2022\/09\/Figurine-One-Piece-Monkey-D-Luffy-Roi-Des-Pirates-1.jpg","contentUrl":"https:\/\/boutique-one-piece.com\/wp-content\/uploads\/2022\/09\/Figurine-One-Piece-Monkey-D-Luffy-Roi-Des-Pirates-1.jpg","width":1000,"height":1000},{"@type":"BreadcrumbList","@id":"https:\/\/boutique-one-piece.com\/figurines-one-piece\/figurines-monkey-d-luffy\/figurine-one-piece-monkey-d-luffy-roi-des-pirates\/#breadcrumb","itemListElement":[{"@type":"ListItem","position":1,"name":"Home","item":"https:\/\/boutique-one-piece.com\/"},{"@type":"ListItem","position":2,"name":"Shop","item":"https:\/\/boutique-one-piece.com\/shop\/"},{"@type":"ListItem","position":3,"name":"Figurine One Piece Monkey D Luffy Roi Des Pirates"}]},{"@type":"WebSite","@id":"https:\/\/boutique-one-piece.com\/#website","url":"https:\/\/boutique-one-piece.com\/","name":"\u039a\u03b1\u03c4\u03ac\u03c3\u03c4\u03b7\u03bc\u03b1 One Piece","description":"\u0395\u03be\u03b5\u03b9\u03b4\u03b9\u03ba\u03b5\u03c5\u03bc\u03ad\u03bd\u03bf \u03ba\u03b1\u03c4\u03ac\u03c3\u03c4\u03b7\u03bc\u03b1 \u03b3\u03b9\u03b1 One Piece Manga \u03ba\u03b1\u03b9 Anime","publisher":{"@id":"https:\/\/boutique-one-piece.com\/#organization"},"potentialAction":[{"@type":"SearchAction","target":{"@type":"EntryPoint","urlTemplate":"https:\/\/boutique-one-piece.com\/?s={search_term_string}"},"query-input":{"@type":"PropertyValueSpecification","valueRequired":true,"valueName":"search_term_string"}}],"inLanguage":"el"},{"@type":"Organization","@id":"https:\/\/boutique-one-piece.com\/#organization","name":"\u039a\u03b1\u03c4\u03ac\u03c3\u03c4\u03b7\u03bc\u03b1 One Piece","url":"https:\/\/boutique-one-piece.com\/","logo":{"@type":"ImageObject","inLanguage":"el","@id":"https:\/\/boutique-one-piece.com\/#\/schema\/logo\/image\/","url":"https:\/\/boutique-one-piece.com\/wp-content\/uploads\/2022\/09\/Logo-01.png","contentUrl":"https:\/\/boutique-one-piece.com\/wp-content\/uploads\/2022\/09\/Logo-01.png","width":2318,"height":957,"caption":"Boutique One Piece"},"image":{"@id":"https:\/\/boutique-one-piece.com\/#\/schema\/logo\/image\/"}}]}},"_links":{"self":[{"href":"https:\/\/boutique-one-piece.com\/el\/wp-json\/wp\/v2\/product\/12635","targetHints":{"allow":["GET"]}}],"collection":[{"href":"https:\/\/boutique-one-piece.com\/el\/wp-json\/wp\/v2\/product"}],"about":[{"href":"https:\/\/boutique-one-piece.com\/el\/wp-json\/wp\/v2\/types\/product"}],"replies":[{"embeddable":true,"href":"https:\/\/boutique-one-piece.com\/el\/wp-json\/wp\/v2\/comments?post=12635"}],"wp:featuredmedia":[{"embeddable":true,"href":"https:\/\/boutique-one-piece.com\/el\/wp-json\/wp\/v2\/media\/12637"}],"wp:attachment":[{"href":"https:\/\/boutique-one-piece.com\/el\/wp-json\/wp\/v2\/media?parent=12635"}],"wp:term":[{"taxonomy":"product_brand","embeddable":true,"href":"https:\/\/boutique-one-piece.com\/el\/wp-json\/wp\/v2\/product_brand?post=12635"},{"taxonomy":"product_cat","embeddable":true,"href":"https:\/\/boutique-one-piece.com\/el\/wp-json\/wp\/v2\/product_cat?post=12635"},{"taxonomy":"product_tag","embeddable":true,"href":"https:\/\/boutique-one-piece.com\/el\/wp-json\/wp\/v2\/product_tag?post=12635"}],"curies":[{"name":"\u03b5\u03c1\u03b3\u03b1\u03c3\u03af\u03b1","href":"https:\/\/api.w.org\/{rel}","templated":true}]}}