{"id":13102,"date":"2022-09-27T21:00:48","date_gmt":"2022-09-27T21:00:48","guid":{"rendered":"https:\/\/boutique-one-piece.com\/uncategorized\/figurine-pop-one-piece-nami\/"},"modified":"2026-01-16T14:23:32","modified_gmt":"2026-01-16T14:23:32","slug":"%cf%86%ce%b9%ce%b3%ce%bf%cf%8d%cf%81%ce%b1-one-piece-nami-pop","status":"publish","type":"product","link":"https:\/\/boutique-one-piece.com\/el\/%ce%ba%ce%b1%ce%bb%ce%bf%cf%8d%ce%b4%ce%b9%ce%b1-one-piece\/%ce%ba%ce%b1%ce%bb%ce%bf%cf%8d%ce%b4%ce%b9%ce%b1-one-piece-%cf%84%ce%b7%cf%82-nami\/%cf%86%ce%b9%ce%b3%ce%bf%cf%8d%cf%81%ce%b1-one-piece-nami-pop\/","title":{"rendered":"\u03a6\u03b9\u03b3\u03bf\u03cd\u03c1\u03b1 One Piece Nami Pop!"},"content":{"rendered":"<h2>\u039d\u03b5\u03b1\u03c1\u03ad \u03c0\u03b5\u03b9\u03c1\u03b1\u03c4\u03ae, \u03ae\u03c1\u03b8\u03b5 \u03b7 \u03ce\u03c1\u03b1 \u03bd\u03b1 \u03b1\u03c0\u03bf\u03ba\u03c4\u03ae\u03c3\u03b5\u03b9\u03c2 \u03b1\u03c5\u03c4\u03ae \u03c4\u03b7\u03bd One Piece \u03a6\u03b9\u03b3\u03bf\u03cd\u03c1\u03b1 Nami Pop.<\/h2>\n<p>\u0391\u03bd\u03b1\u03bc\u03c6\u03af\u03b2\u03bf\u03bb\u03b1 \u03b3\u03bd\u03c9\u03c1\u03af\u03b6\u03b5\u03c4\u03b5 \u03cc\u03c4\u03b9 <strong>Nami<\/strong>, \u03b3\u03bd\u03c9\u03c3\u03c4\u03ae \u03ba\u03b1\u03b9 \u03c9\u03c2 \u00ab\u0397 \u039a\u03bb\u03ad\u03c6\u03c4\u03c1\u03b1 \u0393\u03ac\u03c4\u03b1\u03c2\u00bb, \u03b5\u03af\u03bd\u03b1\u03b9 \u03b7 \u03c0\u03bb\u03bf\u03b7\u03b3\u03cc\u03c2 \u03c4\u03bf\u03c5 \u03c0\u03bb\u03b7\u03c1\u03ce\u03bc\u03b1\u03c4\u03bf\u03c2 Straw Hat. \u0395\u03af\u03bd\u03b1\u03b9 \u03c4\u03bf \u03b4\u03b5\u03cd\u03c4\u03b5\u03c1\u03bf \u03ac\u03c4\u03bf\u03bc\u03bf \u03c0\u03bf\u03c5 \u03b5\u03bd\u03c4\u03ac\u03c3\u03c3\u03b5\u03c4\u03b1\u03b9 \u03c3\u03c4\u03bf \u03c0\u03bb\u03ae\u03c1\u03c9\u03bc\u03b1 \u03bc\u03b5\u03c4\u03ac \u03c4\u03bf\u03bd Zoro. \u0395\u03c0\u03b9\u03c0\u03bb\u03ad\u03bf\u03bd, \u03b7 <a title=\"\u03a6\u0399\u0393\u039f\u03a5\u03a1\u0391 POP RORONOA ZORO \u039c\u0395 \u039f\u03a5\u039b\u0397\" href=\"\/el\/%cf%80%ce%bf%cf%80-%cf%86%ce%b9%ce%b3%ce%bf%cf%8d%cf%81%ce%b1-roronoa-zoro-%ce%bc%ce%b5-%ce%bf%cf%85%ce%bb%ce%ae\/\" target=\"_blank\" rel=\"noopener\">\u03a6\u03b9\u03b3\u03bf\u03cd\u03c1\u03b1 \u03c4\u03bf\u03c5 \u0396\u03cc\u03c1\u03bf \u03a0\u03bf\u03c0 \u03bc\u03b5 \u03c4\u03b7\u03bd \u03bf\u03c5\u03bb\u03ae \u03c4\u03bf\u03c5<\/a> \u03b5\u03af\u03bd\u03b1\u03b9 \u03b5\u03bd\u03c4\u03cc\u03c2 \u03c4\u03c9\u03bd \u03b4\u03c5\u03bd\u03b1\u03c4\u03bf\u03c4\u03ae\u03c4\u03c9\u03bd \u03c3\u03b1\u03c2.<\/p>\n<p>\u0395\u03c0\u03b9\u03c3\u03c4\u03c1\u03ad\u03c6\u03bf\u03bd\u03c4\u03b1\u03c2 \u03c3\u03c4\u03b7 \u039d\u03ac\u03bc\u03b9, \u03bd\u03b1 \u03be\u03ad\u03c1\u03b5\u03c4\u03b5 \u03cc\u03c4\u03b9 \u03c4\u03bf \u03cc\u03bd\u03b5\u03b9\u03c1\u03cc \u03c4\u03b7\u03c2 \u03b5\u03af\u03bd\u03b1\u03b9 \u03bd\u03b1 \u03c3\u03c7\u03b5\u03b4\u03b9\u03ac\u03c3\u03b5\u03b9 \u03ad\u03bd\u03b1\u03bd \u03c0\u03bb\u03ae\u03c1\u03b7 \u03c7\u03ac\u03c1\u03c4\u03b7 \u03c4\u03bf\u03c5 \u03ba\u03cc\u03c3\u03bc\u03bf\u03c5. \u0397 \u03c4\u03c1\u03ad\u03c7\u03bf\u03c5\u03c3\u03b1 \u03b1\u03bc\u03bf\u03b9\u03b2\u03ae \u03c4\u03b7\u03c2 \u03b5\u03af\u03bd\u03b1\u03b9 66.000.000 \u039c\u03bf\u03cd\u03c1\u03b1. \u038c\u03c3\u03bf \u03b3\u03b9\u03b1 \u03c4\u03b7\u03bd \u03b5\u03bc\u03c6\u03ac\u03bd\u03b9\u03c3\u03ae \u03c4\u03b7\u03c2, \u03b7 \u039d\u03ac\u03bc\u03b9 \u03b5\u03af\u03bd\u03b1\u03b9 \u03bc\u03b9\u03b1 <strong>\u03ba\u03bf\u03c1\u03af\u03c4\u03c3\u03b9<\/strong> \u0388\u03c7\u03b5\u03b9 \u03bc\u03ad\u03c4\u03c1\u03b9\u03bf \u03cd\u03c8\u03bf\u03c2 \u03ba\u03b1\u03b9 \u03bb\u03b5\u03c0\u03c4\u03ae \u03c3\u03c9\u03bc\u03b1\u03c4\u03b9\u03ba\u03ae \u03b4\u03b9\u03ac\u03c0\u03bb\u03b1\u03c3\u03b7, \u03bc\u03b5 \u03c0\u03bf\u03c1\u03c4\u03bf\u03ba\u03b1\u03bb\u03af \u03bc\u03b1\u03bb\u03bb\u03b9\u03ac \u03ba\u03b1\u03b9 \u03b1\u03bd\u03bf\u03b9\u03c7\u03c4\u03cc\u03c7\u03c1\u03c9\u03bc\u03b1 \u03ba\u03b1\u03c3\u03c4\u03b1\u03bd\u03ac \u03bc\u03ac\u03c4\u03b9\u03b1. \u03a0\u03bf\u03bb\u03bb\u03bf\u03af \u03ac\u03bd\u03b8\u03c1\u03c9\u03c0\u03bf\u03b9 \u03c3\u03c4\u03b7 \u03c3\u03b5\u03b9\u03c1\u03ac \u03c4\u03b7 \u03b8\u03b5\u03c9\u03c1\u03bf\u03cd\u03bd \u03c0\u03bf\u03bb\u03cd \u03b5\u03bb\u03ba\u03c5\u03c3\u03c4\u03b9\u03ba\u03ae \u03b3\u03c5\u03bd\u03b1\u03af\u03ba\u03b1.<\/p>\n<h3>\u03a3\u03b1\u03c2 \u03ad\u03c7\u03b5\u03b9 \u03b3\u03bf\u03b7\u03c4\u03b5\u03cd\u03c3\u03b5\u03b9, \u03bb\u03bf\u03b9\u03c0\u03cc\u03bd, \u03b7 \u03c6\u03b9\u03b3\u03bf\u03cd\u03c1\u03b1 \u03c4\u03b7\u03c2 Nami Pop!; \u0391\u03bd \u03bd\u03b1\u03b9, \u03bc\u03b7\u03bd \u03c0\u03b5\u03c1\u03b9\u03bc\u03ad\u03bd\u03b5\u03c4\u03b5 \u03ac\u03bb\u03bb\u03bf \u03ba\u03b1\u03b9 \u03b5\u03bb\u03ac\u03c4\u03b5 \u03bd\u03b1 \u03c4\u03b7\u03bd \u03b1\u03ba\u03bf\u03bb\u03bf\u03c5\u03b8\u03ae\u03c3\u03b5\u03c4\u03b5 \u03c3\u03c4\u03bf Thousand Sunny. \u03a3\u03b1\u03c2 \u03c0\u03b5\u03c1\u03b9\u03bc\u03ad\u03bd\u03bf\u03c5\u03bd \u03c0\u03bf\u03bb\u03bb\u03ad\u03c2 \u03c0\u03b5\u03c1\u03b9\u03c0\u03ad\u03c4\u03b5\u03b9\u03b5\u03c2.<\/h3>\n<p>\u0395\u03af\u03c4\u03b5 \u03b5\u03af\u03c3\u03c4\u03b5 \u03c6\u03b1\u03bd\u03b1\u03c4\u03b9\u03ba\u03cc\u03c2 \u03b8\u03b1\u03c5\u03bc\u03b1\u03c3\u03c4\u03ae\u03c2 \u03b5\u03af\u03c4\u03b5 \u03c3\u03bf\u03b2\u03b1\u03c1\u03cc\u03c2 \u03c3\u03c5\u03bb\u03bb\u03ad\u03ba\u03c4\u03b7\u03c2, \u03bc\u03b7\u03bd \u03c8\u03ac\u03c7\u03bd\u03b5\u03c4\u03b5 \u03ac\u03bb\u03bb\u03bf, \u03b2\u03c1\u03af\u03c3\u03ba\u03b5\u03c3\u03c4\u03b5 \u03c3\u03c4\u03bf \u03c3\u03c9\u03c3\u03c4\u03cc \u03bc\u03ad\u03c1\u03bf\u03c2. \u0391\u03c5\u03c4\u03ac<strong> \u03bc\u03c5\u03b8\u03b9\u03ba\u03ac \u03b1\u03bd\u03c4\u03b9\u03ba\u03b5\u03af\u03bc\u03b5\u03bd\u03b1<\/strong>, \u0395\u03af\u03bd\u03b1\u03b9 \u03b9\u03b4\u03b1\u03bd\u03b9\u03ba\u03ac \u03b3\u03b9\u03b1 \u03c3\u03c5\u03bb\u03bb\u03bf\u03b3\u03ae \u03ae \u03b4\u03b9\u03b1\u03ba\u03cc\u03c3\u03bc\u03b7\u03c3\u03b7. \u0391\u03bd\u03b1\u03bc\u03c6\u03af\u03b2\u03bf\u03bb\u03b1 \u03b8\u03b1 \u03b5\u03bc\u03c0\u03bb\u03bf\u03c5\u03c4\u03af\u03c3\u03bf\u03c5\u03bd \u03c4\u03b7 \u03c3\u03c5\u03bb\u03bb\u03bf\u03b3\u03ae \u03c3\u03b1\u03c2. <strong>\u03c4\u03bf \u03c3\u03cd\u03bc\u03c0\u03b1\u03bd One Piece \u03c3\u03bf\u03c5<\/strong>. \u039c\u03b7\u03bd \u03c0\u03b5\u03c1\u03b9\u03bc\u03ad\u03bd\u03b5\u03c4\u03b5 \u03ac\u03bb\u03bb\u03bf, \u03bb\u03bf\u03b9\u03c0\u03cc\u03bd, \u03ba\u03b1\u03b9 \u03b1\u03b4\u03c1\u03ac\u03be\u03c4\u03b5 \u03b1\u03c5\u03c4\u03ae \u03c4\u03b7\u03bd \u03b5\u03c5\u03ba\u03b1\u03b9\u03c1\u03af\u03b1 \u03b3\u03b9\u03b1 \u03bd\u03b1 \u03b6\u03ae\u03c3\u03b5\u03c4\u03b5 \u03c0\u03bf\u03bb\u03bb\u03ad\u03c2 \u03b1\u03ba\u03cc\u03bc\u03b7 \u03c0\u03b5\u03c1\u03b9\u03c0\u03ad\u03c4\u03b5\u03b9\u03b5\u03c2 \u03c3\u03c4\u03bf \u03b1\u03b3\u03b1\u03c0\u03b7\u03bc\u03ad\u03bd\u03bf \u03c3\u03b1\u03c2 \u03c3\u03cd\u03bc\u03c0\u03b1\u03bd \u03ba\u03b9\u03bd\u03bf\u03c5\u03bc\u03ad\u03bd\u03c9\u03bd \u03c3\u03c7\u03b5\u03b4\u03af\u03c9\u03bd.<\/p>\n<h2>\u03a0\u03bb\u03b7\u03c1\u03bf\u03c6\u03bf\u03c1\u03af\u03b5\u03c2 \u03b3\u03b9\u03b1 \u03c4\u03b7 \u03c6\u03b9\u03b3\u03bf\u03cd\u03c1\u03b1 Pop Nami<\/h2>\n<ul>\n<li><b><u>\u039f\u03bb\u03cc\u03c3\u03c9\u03bc\u03bf \u03b5\u03b9\u03b4\u03ce\u03bb\u03b9\u03bf<\/u><\/b>\u00a0\u03a6\u03b9\u03b3\u03bf\u03cd\u03c1\u03b1 One Piece Premium \u03b3\u03b9\u03b1 \u03b1\u03bb\u03b7\u03b8\u03b9\u03bd\u03bf\u03cd\u03c2 \u03c0\u03b5\u03b9\u03c1\u03b1\u03c4\u03ad\u03c2<\/li>\n<\/ul>\n<ul>\n<li><b>\u03a5\u03bb\u03b7<\/b>\u00a0PVC<\/li>\n<\/ul>\n<ul>\n<li><strong>\u0394\u03b9\u03ac\u03c3\u03c4\u03b1\u03c3\u03b7<\/strong>\u00a0: 10 \u03b5\u03ba.<\/li>\n<\/ul>\n<ul>\n<li><strong>\u0394\u03a9\u03a1\u0395\u0391\u039d \u03a0\u0391\u03a1\u0391\u0394\u039f\u03a3\u0397<\/strong><\/li>\n<\/ul>","protected":false},"excerpt":{"rendered":"<p>Jeune pirate, le moment est venu pour toi de te procurer cette Figurine Pop One Piece Nami. Tu n&rsquo;es pas sans savoir que Nami, alias \u00ab\u00a0La Chatte Voleuse\u00a0\u00bb est la navigatrice de L&rsquo;\u00c9quipage du Chapeau de Paille. Elle est la deuxi\u00e8me personne \u00e0 se joindre \u00e0 l&rsquo;\u00e9quipage apr\u00e8s Zoro. D&rsquo;ailleurs, la figurine Pop de Zoro [&hellip;]<\/p>","protected":false},"featured_media":13104,"comment_status":"open","ping_status":"open","template":"","meta":[],"product_brand":[],"product_cat":[152,76,334,153],"product_tag":[335,154],"class_list":{"0":"post-13102","1":"product","2":"type-product","3":"status-publish","4":"has-post-thumbnail","6":"product_cat-figurines-nami","7":"product_cat-figurines-one-piece","8":"product_cat-figurines-pop-one-piece","9":"product_cat-goodies-nami-one-piece","10":"product_tag-figurine-pop","11":"product_tag-nami","13":"first","14":"outofstock","15":"purchasable","16":"product-type-simple"},"yoast_head":"<!-- This site is optimized with the Yoast SEO plugin v27.5 - https:\/\/yoast.com\/product\/yoast-seo-wordpress\/ -->\n<title>Figurine Pop One Piece Nami | Figurine One Piece \u2013 Boutique One Piece<\/title>\n<meta name=\"description\" content=\"Jeune pirate, le moment est venu pour toi de te procurer cette Figurine Pop One Piece Nami. Tu n&#039;es pas sans savoir que Nami, alias &quot;La Chatte Voleuse&quot; est la navigatrice de L&#039;\u00c9quipage du Chapeau de Paille. Elle est la deuxi\u00e8me personne \u00e0 se joindre \u00e0 l&#039;\u00e9quipage apr\u00e8s Zoro. D&#039;ailleurs, la figurine Pop de Zoro avec sa c\" \/>\n<meta name=\"robots\" content=\"index, follow, max-snippet:-1, max-image-preview:large, max-video-preview:-1\" \/>\n<link rel=\"canonical\" href=\"https:\/\/boutique-one-piece.com\/el\/\u03c6\u03b9\u03b3\u03bf\u03cd\u03c1\u03b5\u03c2-one-piece\/\u03c6\u03b9\u03b3\u03bf\u03cd\u03c1\u03b5\u03c2-one-piece-pop\/\u03c6\u03b9\u03b3\u03bf\u03cd\u03c1\u03b1-one-piece-nami-pop\/\" \/>\n<meta property=\"og:locale\" content=\"el_GR\" \/>\n<meta property=\"og:type\" content=\"article\" \/>\n<meta property=\"og:title\" content=\"Figurine Pop One Piece Nami | Figurine One Piece \u2013 Boutique One Piece\" \/>\n<meta property=\"og:description\" content=\"Jeune pirate, le moment est venu pour toi de te procurer cette Figurine Pop One Piece Nami. Tu n&#039;es pas sans savoir que Nami, alias &quot;La Chatte Voleuse&quot; est la navigatrice de L&#039;\u00c9quipage du Chapeau de Paille. Elle est la deuxi\u00e8me personne \u00e0 se joindre \u00e0 l&#039;\u00e9quipage apr\u00e8s Zoro. D&#039;ailleurs, la figurine Pop de Zoro avec sa c\" \/>\n<meta property=\"og:url\" content=\"https:\/\/boutique-one-piece.com\/el\/\u03c6\u03b9\u03b3\u03bf\u03cd\u03c1\u03b5\u03c2-one-piece\/\u03c6\u03b9\u03b3\u03bf\u03cd\u03c1\u03b5\u03c2-one-piece-pop\/\u03c6\u03b9\u03b3\u03bf\u03cd\u03c1\u03b1-one-piece-nami-pop\/\" \/>\n<meta property=\"og:site_name\" content=\"Boutique One Piece\" \/>\n<meta property=\"article:modified_time\" content=\"2026-01-16T14:23:32+00:00\" \/>\n<meta property=\"og:image\" content=\"https:\/\/boutique-one-piece.com\/wp-content\/uploads\/2022\/09\/Figurine-Pop-One-Piece-Nami.jpg\" \/>\n\t<meta property=\"og:image:width\" content=\"640\" \/>\n\t<meta property=\"og:image:height\" content=\"640\" \/>\n\t<meta property=\"og:image:type\" content=\"image\/jpeg\" \/>\n<meta name=\"twitter:card\" content=\"summary_large_image\" \/>\n<meta name=\"twitter:label1\" content=\"\u0395\u03ba\u03c4\u03b9\u03bc\u03ce\u03bc\u03b5\u03bd\u03bf\u03c2 \u03c7\u03c1\u03cc\u03bd\u03bf\u03c2 \u03b1\u03bd\u03ac\u03b3\u03bd\u03c9\u03c3\u03b7\u03c2\" \/>\n\t<meta name=\"twitter:data1\" content=\"2 \u03bb\u03b5\u03c0\u03c4\u03ac\" \/>\n<script type=\"application\/ld+json\" class=\"yoast-schema-graph\">{\"@context\":\"https:\\\/\\\/schema.org\",\"@graph\":[{\"@type\":\"WebPage\",\"@id\":\"https:\\\/\\\/boutique-one-piece.com\\\/figurines-one-piece\\\/figurines-pop-one-piece\\\/figurine-pop-one-piece-nami\\\/\",\"url\":\"https:\\\/\\\/boutique-one-piece.com\\\/figurines-one-piece\\\/figurines-pop-one-piece\\\/figurine-pop-one-piece-nami\\\/\",\"name\":\"Figurine Pop One Piece Nami | Figurine One Piece \u2013 Boutique One Piece\",\"isPartOf\":{\"@id\":\"https:\\\/\\\/boutique-one-piece.com\\\/#website\"},\"primaryImageOfPage\":{\"@id\":\"https:\\\/\\\/boutique-one-piece.com\\\/figurines-one-piece\\\/figurines-pop-one-piece\\\/figurine-pop-one-piece-nami\\\/#primaryimage\"},\"image\":{\"@id\":\"https:\\\/\\\/boutique-one-piece.com\\\/figurines-one-piece\\\/figurines-pop-one-piece\\\/figurine-pop-one-piece-nami\\\/#primaryimage\"},\"thumbnailUrl\":\"https:\\\/\\\/boutique-one-piece.com\\\/wp-content\\\/uploads\\\/2022\\\/09\\\/Figurine-Pop-One-Piece-Nami.jpg\",\"datePublished\":\"2022-09-27T21:00:48+00:00\",\"dateModified\":\"2026-01-16T14:23:32+00:00\",\"description\":\"Jeune pirate, le moment est venu pour toi de te procurer cette Figurine Pop One Piece Nami. Tu n'es pas sans savoir que Nami, alias \\\"La Chatte Voleuse\\\" est la navigatrice de L'\u00c9quipage du Chapeau de Paille. Elle est la deuxi\u00e8me personne \u00e0 se joindre \u00e0 l'\u00e9quipage apr\u00e8s Zoro. D'ailleurs, la figurine Pop de Zoro avec sa c\",\"breadcrumb\":{\"@id\":\"https:\\\/\\\/boutique-one-piece.com\\\/figurines-one-piece\\\/figurines-pop-one-piece\\\/figurine-pop-one-piece-nami\\\/#breadcrumb\"},\"inLanguage\":\"el\",\"potentialAction\":[{\"@type\":\"ReadAction\",\"target\":[\"https:\\\/\\\/boutique-one-piece.com\\\/figurines-one-piece\\\/figurines-pop-one-piece\\\/figurine-pop-one-piece-nami\\\/\"]}]},{\"@type\":\"ImageObject\",\"inLanguage\":\"el\",\"@id\":\"https:\\\/\\\/boutique-one-piece.com\\\/figurines-one-piece\\\/figurines-pop-one-piece\\\/figurine-pop-one-piece-nami\\\/#primaryimage\",\"url\":\"https:\\\/\\\/boutique-one-piece.com\\\/wp-content\\\/uploads\\\/2022\\\/09\\\/Figurine-Pop-One-Piece-Nami.jpg\",\"contentUrl\":\"https:\\\/\\\/boutique-one-piece.com\\\/wp-content\\\/uploads\\\/2022\\\/09\\\/Figurine-Pop-One-Piece-Nami.jpg\",\"width\":640,\"height\":640,\"caption\":\"Figurine Pop One Piece Nami Default Title\"},{\"@type\":\"BreadcrumbList\",\"@id\":\"https:\\\/\\\/boutique-one-piece.com\\\/figurines-one-piece\\\/figurines-pop-one-piece\\\/figurine-pop-one-piece-nami\\\/#breadcrumb\",\"itemListElement\":[{\"@type\":\"ListItem\",\"position\":1,\"name\":\"Home\",\"item\":\"https:\\\/\\\/boutique-one-piece.com\\\/\"},{\"@type\":\"ListItem\",\"position\":2,\"name\":\"Shop\",\"item\":\"https:\\\/\\\/boutique-one-piece.com\\\/shop\\\/\"},{\"@type\":\"ListItem\",\"position\":3,\"name\":\"Figurine Pop One Piece Nami\"}]},{\"@type\":\"WebSite\",\"@id\":\"https:\\\/\\\/boutique-one-piece.com\\\/#website\",\"url\":\"https:\\\/\\\/boutique-one-piece.com\\\/\",\"name\":\"Boutique One Piece\",\"description\":\"Magasin Sp\u00e9cialis\u00e9 du Manga et l&#039;Anime One Piece\",\"publisher\":{\"@id\":\"https:\\\/\\\/boutique-one-piece.com\\\/#organization\"},\"potentialAction\":[{\"@type\":\"SearchAction\",\"target\":{\"@type\":\"EntryPoint\",\"urlTemplate\":\"https:\\\/\\\/boutique-one-piece.com\\\/?s={search_term_string}\"},\"query-input\":{\"@type\":\"PropertyValueSpecification\",\"valueRequired\":true,\"valueName\":\"search_term_string\"}}],\"inLanguage\":\"el\"},{\"@type\":\"Organization\",\"@id\":\"https:\\\/\\\/boutique-one-piece.com\\\/#organization\",\"name\":\"Boutique One Piece\",\"url\":\"https:\\\/\\\/boutique-one-piece.com\\\/\",\"logo\":{\"@type\":\"ImageObject\",\"inLanguage\":\"el\",\"@id\":\"https:\\\/\\\/boutique-one-piece.com\\\/#\\\/schema\\\/logo\\\/image\\\/\",\"url\":\"https:\\\/\\\/boutique-one-piece.com\\\/wp-content\\\/uploads\\\/2022\\\/09\\\/Logo-01.png\",\"contentUrl\":\"https:\\\/\\\/boutique-one-piece.com\\\/wp-content\\\/uploads\\\/2022\\\/09\\\/Logo-01.png\",\"width\":2318,\"height\":957,\"caption\":\"Boutique One Piece\"},\"image\":{\"@id\":\"https:\\\/\\\/boutique-one-piece.com\\\/#\\\/schema\\\/logo\\\/image\\\/\"}}]}<\/script>\n<!-- \/ Yoast SEO plugin. -->","yoast_head_json":{"title":"\u03a6\u03b9\u03b3\u03bf\u03cd\u03c1\u03b1 One Piece Nami Pop | \u03a6\u03b9\u03b3\u03bf\u03cd\u03c1\u03b1 One Piece \u2013 One Piece Shop","description":"\u039d\u03b5\u03b1\u03c1\u03ad \u03c0\u03b5\u03b9\u03c1\u03b1\u03c4\u03ae, \u03ae\u03c1\u03b8\u03b5 \u03b7 \u03ce\u03c1\u03b1 \u03bd\u03b1 \u03b1\u03c0\u03bf\u03ba\u03c4\u03ae\u03c3\u03b5\u03b9\u03c2 \u03b1\u03c5\u03c4\u03ae \u03c4\u03b7 \u03c6\u03b9\u03b3\u03bf\u03cd\u03c1\u03b1 One Piece Nami Pop!. \u03a3\u03af\u03b3\u03bf\u03c5\u03c1\u03b1 \u03b3\u03bd\u03c9\u03c1\u03af\u03b6\u03b5\u03b9\u03c2 \u03cc\u03c4\u03b9 \u03b7 Nami, \u03b3\u03bd\u03c9\u03c3\u03c4\u03ae \u03ba\u03b1\u03b9 \u03c9\u03c2 &quot;\u0397 \u0393\u03ac\u03c4\u03b1-\u0394\u03b9\u03b1\u03c1\u03c1\u03ae\u03ba\u03c4\u03b7\u03c2&quot;, \u03b5\u03af\u03bd\u03b1\u03b9 \u03b7 \u03c0\u03bb\u03bf\u03b7\u03b3\u03cc\u03c2 \u03c4\u03bf\u03c5 \u03c0\u03bb\u03b7\u03c1\u03ce\u03bc\u03b1\u03c4\u03bf\u03c2 Straw Hat. \u0389\u03c4\u03b1\u03bd \u03c4\u03bf \u03b4\u03b5\u03cd\u03c4\u03b5\u03c1\u03bf \u03ac\u03c4\u03bf\u03bc\u03bf \u03c0\u03bf\u03c5 \u03b5\u03bd\u03c4\u03ac\u03c7\u03b8\u03b7\u03ba\u03b5 \u03c3\u03c4\u03bf \u03c0\u03bb\u03ae\u03c1\u03c9\u03bc\u03b1 \u03bc\u03b5\u03c4\u03ac \u03c4\u03bf\u03bd Zoro. \u03a0\u03b1\u03c1\u03b5\u03bc\u03c0\u03b9\u03c0\u03c4\u03cc\u03bd\u03c4\u03c9\u03c2, \u03b7 \u03c6\u03b9\u03b3\u03bf\u03cd\u03c1\u03b1 Zoro Pop! \u03bc\u03b5 \u03c4\u03bf...","robots":{"index":"index","follow":"follow","max-snippet":"max-snippet:-1","max-image-preview":"max-image-preview:large","max-video-preview":"max-video-preview:-1"},"canonical":"https:\/\/boutique-one-piece.com\/el\/\u03c6\u03b9\u03b3\u03bf\u03cd\u03c1\u03b5\u03c2-one-piece\/\u03c6\u03b9\u03b3\u03bf\u03cd\u03c1\u03b5\u03c2-one-piece-pop\/\u03c6\u03b9\u03b3\u03bf\u03cd\u03c1\u03b1-one-piece-nami-pop\/","og_locale":"el_GR","og_type":"article","og_title":"Figurine Pop One Piece Nami | Figurine One Piece \u2013 Boutique One Piece","og_description":"Jeune pirate, le moment est venu pour toi de te procurer cette Figurine Pop One Piece Nami. Tu n'es pas sans savoir que Nami, alias \"La Chatte Voleuse\" est la navigatrice de L'\u00c9quipage du Chapeau de Paille. Elle est la deuxi\u00e8me personne \u00e0 se joindre \u00e0 l'\u00e9quipage apr\u00e8s Zoro. D'ailleurs, la figurine Pop de Zoro avec sa c","og_url":"https:\/\/boutique-one-piece.com\/el\/\u03c6\u03b9\u03b3\u03bf\u03cd\u03c1\u03b5\u03c2-one-piece\/\u03c6\u03b9\u03b3\u03bf\u03cd\u03c1\u03b5\u03c2-one-piece-pop\/\u03c6\u03b9\u03b3\u03bf\u03cd\u03c1\u03b1-one-piece-nami-pop\/","og_site_name":"Boutique One Piece","article_modified_time":"2026-01-16T14:23:32+00:00","og_image":[{"width":640,"height":640,"url":"https:\/\/boutique-one-piece.com\/wp-content\/uploads\/2022\/09\/Figurine-Pop-One-Piece-Nami.jpg","type":"image\/jpeg"}],"twitter_card":"summary_large_image","twitter_misc":{"\u0395\u03ba\u03c4\u03b9\u03bc\u03ce\u03bc\u03b5\u03bd\u03bf\u03c2 \u03c7\u03c1\u03cc\u03bd\u03bf\u03c2 \u03b1\u03bd\u03ac\u03b3\u03bd\u03c9\u03c3\u03b7\u03c2":"2 \u03bb\u03b5\u03c0\u03c4\u03ac"},"schema":{"@context":"https:\/\/schema.org","@graph":[{"@type":"WebPage","@id":"https:\/\/boutique-one-piece.com\/figurines-one-piece\/figurines-pop-one-piece\/figurine-pop-one-piece-nami\/","url":"https:\/\/boutique-one-piece.com\/figurines-one-piece\/figurines-pop-one-piece\/figurine-pop-one-piece-nami\/","name":"\u03a6\u03b9\u03b3\u03bf\u03cd\u03c1\u03b1 One Piece Nami Pop | \u03a6\u03b9\u03b3\u03bf\u03cd\u03c1\u03b1 One Piece \u2013 One Piece Shop","isPartOf":{"@id":"https:\/\/boutique-one-piece.com\/#website"},"primaryImageOfPage":{"@id":"https:\/\/boutique-one-piece.com\/figurines-one-piece\/figurines-pop-one-piece\/figurine-pop-one-piece-nami\/#primaryimage"},"image":{"@id":"https:\/\/boutique-one-piece.com\/figurines-one-piece\/figurines-pop-one-piece\/figurine-pop-one-piece-nami\/#primaryimage"},"thumbnailUrl":"https:\/\/boutique-one-piece.com\/wp-content\/uploads\/2022\/09\/Figurine-Pop-One-Piece-Nami.jpg","datePublished":"2022-09-27T21:00:48+00:00","dateModified":"2026-01-16T14:23:32+00:00","description":"\u039d\u03b5\u03b1\u03c1\u03ad \u03c0\u03b5\u03b9\u03c1\u03b1\u03c4\u03ae, \u03ae\u03c1\u03b8\u03b5 \u03b7 \u03ce\u03c1\u03b1 \u03bd\u03b1 \u03b1\u03c0\u03bf\u03ba\u03c4\u03ae\u03c3\u03b5\u03b9\u03c2 \u03b1\u03c5\u03c4\u03ae \u03c4\u03b7 \u03c6\u03b9\u03b3\u03bf\u03cd\u03c1\u03b1 One Piece Nami Pop!. \u03a3\u03af\u03b3\u03bf\u03c5\u03c1\u03b1 \u03b3\u03bd\u03c9\u03c1\u03af\u03b6\u03b5\u03b9\u03c2 \u03cc\u03c4\u03b9 \u03b7 Nami, \u03b3\u03bd\u03c9\u03c3\u03c4\u03ae \u03ba\u03b1\u03b9 \u03c9\u03c2 &quot;\u0397 \u0393\u03ac\u03c4\u03b1-\u0394\u03b9\u03b1\u03c1\u03c1\u03ae\u03ba\u03c4\u03b7\u03c2&quot;, \u03b5\u03af\u03bd\u03b1\u03b9 \u03b7 \u03c0\u03bb\u03bf\u03b7\u03b3\u03cc\u03c2 \u03c4\u03bf\u03c5 \u03c0\u03bb\u03b7\u03c1\u03ce\u03bc\u03b1\u03c4\u03bf\u03c2 Straw Hat. \u0389\u03c4\u03b1\u03bd \u03c4\u03bf \u03b4\u03b5\u03cd\u03c4\u03b5\u03c1\u03bf \u03ac\u03c4\u03bf\u03bc\u03bf \u03c0\u03bf\u03c5 \u03b5\u03bd\u03c4\u03ac\u03c7\u03b8\u03b7\u03ba\u03b5 \u03c3\u03c4\u03bf \u03c0\u03bb\u03ae\u03c1\u03c9\u03bc\u03b1 \u03bc\u03b5\u03c4\u03ac \u03c4\u03bf\u03bd Zoro. \u03a0\u03b1\u03c1\u03b5\u03bc\u03c0\u03b9\u03c0\u03c4\u03cc\u03bd\u03c4\u03c9\u03c2, \u03b7 \u03c6\u03b9\u03b3\u03bf\u03cd\u03c1\u03b1 Zoro Pop! \u03bc\u03b5 \u03c4\u03bf...","breadcrumb":{"@id":"https:\/\/boutique-one-piece.com\/figurines-one-piece\/figurines-pop-one-piece\/figurine-pop-one-piece-nami\/#breadcrumb"},"inLanguage":"el","potentialAction":[{"@type":"ReadAction","target":["https:\/\/boutique-one-piece.com\/figurines-one-piece\/figurines-pop-one-piece\/figurine-pop-one-piece-nami\/"]}]},{"@type":"ImageObject","inLanguage":"el","@id":"https:\/\/boutique-one-piece.com\/figurines-one-piece\/figurines-pop-one-piece\/figurine-pop-one-piece-nami\/#primaryimage","url":"https:\/\/boutique-one-piece.com\/wp-content\/uploads\/2022\/09\/Figurine-Pop-One-Piece-Nami.jpg","contentUrl":"https:\/\/boutique-one-piece.com\/wp-content\/uploads\/2022\/09\/Figurine-Pop-One-Piece-Nami.jpg","width":640,"height":640,"caption":"Figurine Pop One Piece Nami Default Title"},{"@type":"BreadcrumbList","@id":"https:\/\/boutique-one-piece.com\/figurines-one-piece\/figurines-pop-one-piece\/figurine-pop-one-piece-nami\/#breadcrumb","itemListElement":[{"@type":"ListItem","position":1,"name":"Home","item":"https:\/\/boutique-one-piece.com\/"},{"@type":"ListItem","position":2,"name":"Shop","item":"https:\/\/boutique-one-piece.com\/shop\/"},{"@type":"ListItem","position":3,"name":"Figurine Pop One Piece Nami"}]},{"@type":"WebSite","@id":"https:\/\/boutique-one-piece.com\/#website","url":"https:\/\/boutique-one-piece.com\/","name":"\u039a\u03b1\u03c4\u03ac\u03c3\u03c4\u03b7\u03bc\u03b1 One Piece","description":"\u0395\u03be\u03b5\u03b9\u03b4\u03b9\u03ba\u03b5\u03c5\u03bc\u03ad\u03bd\u03bf \u03ba\u03b1\u03c4\u03ac\u03c3\u03c4\u03b7\u03bc\u03b1 \u03b3\u03b9\u03b1 One Piece Manga \u03ba\u03b1\u03b9 Anime","publisher":{"@id":"https:\/\/boutique-one-piece.com\/#organization"},"potentialAction":[{"@type":"SearchAction","target":{"@type":"EntryPoint","urlTemplate":"https:\/\/boutique-one-piece.com\/?s={search_term_string}"},"query-input":{"@type":"PropertyValueSpecification","valueRequired":true,"valueName":"search_term_string"}}],"inLanguage":"el"},{"@type":"Organization","@id":"https:\/\/boutique-one-piece.com\/#organization","name":"\u039a\u03b1\u03c4\u03ac\u03c3\u03c4\u03b7\u03bc\u03b1 One Piece","url":"https:\/\/boutique-one-piece.com\/","logo":{"@type":"ImageObject","inLanguage":"el","@id":"https:\/\/boutique-one-piece.com\/#\/schema\/logo\/image\/","url":"https:\/\/boutique-one-piece.com\/wp-content\/uploads\/2022\/09\/Logo-01.png","contentUrl":"https:\/\/boutique-one-piece.com\/wp-content\/uploads\/2022\/09\/Logo-01.png","width":2318,"height":957,"caption":"Boutique One Piece"},"image":{"@id":"https:\/\/boutique-one-piece.com\/#\/schema\/logo\/image\/"}}]}},"_links":{"self":[{"href":"https:\/\/boutique-one-piece.com\/el\/wp-json\/wp\/v2\/product\/13102","targetHints":{"allow":["GET"]}}],"collection":[{"href":"https:\/\/boutique-one-piece.com\/el\/wp-json\/wp\/v2\/product"}],"about":[{"href":"https:\/\/boutique-one-piece.com\/el\/wp-json\/wp\/v2\/types\/product"}],"replies":[{"embeddable":true,"href":"https:\/\/boutique-one-piece.com\/el\/wp-json\/wp\/v2\/comments?post=13102"}],"wp:featuredmedia":[{"embeddable":true,"href":"https:\/\/boutique-one-piece.com\/el\/wp-json\/wp\/v2\/media\/13104"}],"wp:attachment":[{"href":"https:\/\/boutique-one-piece.com\/el\/wp-json\/wp\/v2\/media?parent=13102"}],"wp:term":[{"taxonomy":"product_brand","embeddable":true,"href":"https:\/\/boutique-one-piece.com\/el\/wp-json\/wp\/v2\/product_brand?post=13102"},{"taxonomy":"product_cat","embeddable":true,"href":"https:\/\/boutique-one-piece.com\/el\/wp-json\/wp\/v2\/product_cat?post=13102"},{"taxonomy":"product_tag","embeddable":true,"href":"https:\/\/boutique-one-piece.com\/el\/wp-json\/wp\/v2\/product_tag?post=13102"}],"curies":[{"name":"\u03b5\u03c1\u03b3\u03b1\u03c3\u03af\u03b1","href":"https:\/\/api.w.org\/{rel}","templated":true}]}}