{"id":13168,"date":"2022-09-27T21:01:12","date_gmt":"2022-09-27T21:01:12","guid":{"rendered":"https:\/\/boutique-one-piece.com\/uncategorized\/figurine-one-piece-den-den-mushi-jinbe\/"},"modified":"2024-09-16T13:11:12","modified_gmt":"2024-09-16T13:11:12","slug":"%ce%bc%ce%bf%ce%bd%ce%bf%ce%ba%cf%8c%ce%bc%ce%bc%ce%b1%cf%84%ce%bf-%ce%b5%ce%b9%ce%b4%cf%8e%ce%bb%ce%b9%ce%bf-den-den-mushi-jinbe","status":"publish","type":"product","link":"https:\/\/boutique-one-piece.com\/el\/%cf%86%ce%b9%ce%b3%ce%bf%cf%8d%cf%81%ce%b5%cf%82-one-piece\/den-den-mushi-%ce%b5%ce%b9%ce%b4%cf%8e%ce%bb%ce%b9%ce%b1\/%ce%bc%ce%bf%ce%bd%ce%bf%ce%ba%cf%8c%ce%bc%ce%bc%ce%b1%cf%84%ce%bf-%ce%b5%ce%b9%ce%b4%cf%8e%ce%bb%ce%b9%ce%bf-den-den-mushi-jinbe\/","title":{"rendered":"\u03a6\u03b9\u03b3\u03bf\u03cd\u03c1\u03b1 One Piece Den Den Mushi Jinbe"},"content":{"rendered":"<h2>\u039d\u03b5\u03b1\u03c1\u03ad \u03c0\u03b5\u03b9\u03c1\u03b1\u03c4\u03ae, \u03ae\u03c1\u03b8\u03b5 \u03b7 \u03ce\u03c1\u03b1 \u03bd\u03b1 \u03b1\u03c0\u03bf\u03ba\u03c4\u03ae\u03c3\u03b5\u03b9\u03c2 \u03b1\u03c5\u03c4\u03cc \u03c4\u03bf \u03c6\u03b9\u03b3\u03bf\u03cd\u03c1\u03b1 One Piece Den Den Mushi Jinbe.<\/h2>\n<p><strong>\u03a4\u03b7\u03bb\u03ad\u03c6\u03c9\u03bd\u03b1 \u03c3\u03b1\u03bb\u03b9\u03b3\u03ba\u03b1\u03c1\u03b9\u03ce\u03bd<\/strong>, \u03a4\u03b1 \u039d\u03c4\u03b5\u03bd \u039d\u03c4\u03b5\u03bd \u039c\u03bf\u03cd\u03c3\u03b9, \u03b5\u03c0\u03af\u03c3\u03b7\u03c2 \u03b3\u03bd\u03c9\u03c3\u03c4\u03ac \u03c9\u03c2 \u039d\u03c4\u03b5\u03bd \u039d\u03c4\u03b5\u03bd \u039c\u03bf\u03cd\u03c3\u03b9, \u03b5\u03af\u03bd\u03b1\u03b9 \u03c3\u03b1\u03bb\u03b9\u03b3\u03ba\u03ac\u03c1\u03b9\u03b1 \u03c0\u03bf\u03c5 \u03c3\u03c5\u03bd\u03ae\u03b8\u03c9\u03c2 \u03c4\u03b1 \u03b2\u03bb\u03ad\u03c0\u03bf\u03c5\u03bc\u03b5 \u03bc\u03b5 \u03c4\u03b7\u03bb\u03ad\u03c6\u03c9\u03bd\u03b1 \u03ae\/\u03ba\u03b1\u03b9 \u03c6\u03b1\u03be \u03c0\u03c1\u03bf\u03c3\u03b1\u03c1\u03c4\u03b7\u03bc\u03ad\u03bd\u03b1 \u03c3\u03c4\u03bf \u03ba\u03b1\u03b2\u03bf\u03cd\u03ba\u03b9 \u03c4\u03bf\u03c5\u03c2. \u0395\u03c0\u03b9\u03c4\u03c1\u03ad\u03c0\u03bf\u03c5\u03bd \u03c3\u03b5 \u03c0\u03bf\u03bb\u03bb\u03ac \u03ac\u03c4\u03bf\u03bc\u03b1 \u03bd\u03b1 \u03b5\u03c0\u03b9\u03ba\u03bf\u03b9\u03bd\u03c9\u03bd\u03bf\u03cd\u03bd \u03b1\u03ba\u03cc\u03bc\u03b7 \u03ba\u03b1\u03b9 \u03c3\u03b5 \u03c0\u03bf\u03bb\u03cd \u03bc\u03b5\u03b3\u03ac\u03bb\u03b5\u03c2 \u03b1\u03c0\u03bf\u03c3\u03c4\u03ac\u03c3\u03b5\u03b9\u03c2. \u039c\u03b9\u03bc\u03bf\u03cd\u03bd\u03c4\u03b1\u03b9 \u03c4\u03b9\u03c2 \u03c7\u03b5\u03b9\u03c1\u03bf\u03bd\u03bf\u03bc\u03af\u03b5\u03c2 (\u03b5\u03b9\u03b4\u03b9\u03ba\u03ac \u03c4\u03bf\u03c5 \u03c3\u03c4\u03cc\u03bc\u03b1\u03c4\u03bf\u03c2) \u03c4\u03c9\u03bd \u03bf\u03bc\u03b9\u03bb\u03b7\u03c4\u03ce\u03bd.<\/p>\n<p>\u03a4\u03ad\u03bb\u03bf\u03c2, \u03c4\u03bf<strong> Den Den Mushi<\/strong>, \u0393\u03b5\u03bd\u03b9\u03ba\u03ac \u03bc\u03bf\u03b9\u03ac\u03b6\u03bf\u03c5\u03bd \u03bc\u03b5 \u03c4\u03bf\u03bd \u03c7\u03c1\u03ae\u03c3\u03c4\u03b7 \u03c4\u03bf\u03c5\u03c2. \u0395\u03b4\u03ce, \u03bf \u03c7\u03c1\u03ae\u03c3\u03c4\u03b7\u03c2 \u03b5\u03af\u03bd\u03b1\u03b9 \u03bf Jinbe, \u03b3\u03bd\u03c9\u03c3\u03c4\u03cc\u03c2 \u03ba\u03b1\u03b9 \u03c9\u03c2 &quot;\u039f \u03a0\u03b1\u03bb\u03b1\u03b4\u03af\u03bd\u03bf\u03c2 \u03c4\u03c9\u03bd \u0398\u03b1\u03bb\u03b1\u03c3\u03c3\u03ce\u03bd&quot;. \u0395\u03af\u03bd\u03b1\u03b9 \u03b5\u03c0\u03af\u03c3\u03b7\u03c2 \u03bf \u03c0\u03b7\u03b4\u03b1\u03bb\u03b9\u03bf\u03cd\u03c7\u03bf\u03c2 \u03c4\u03bf\u03c5 \u03c0\u03bb\u03b7\u03c1\u03ce\u03bc\u03b1\u03c4\u03bf\u03c2 Straw Hat. \u0395\u03af\u03bd\u03b1\u03b9 \u03b5\u03c0\u03af\u03c3\u03b7\u03bc\u03b1 \u03c4\u03bf \u03b4\u03ad\u03ba\u03b1\u03c4\u03bf \u03bc\u03ad\u03bb\u03bf\u03c2 \u03c4\u03bf\u03c5 \u03c0\u03bb\u03b7\u03c1\u03ce\u03bc\u03b1\u03c4\u03bf\u03c2 Straw Hat \u03ba\u03b1\u03b9 \u03c4\u03bf \u03ad\u03bd\u03b1\u03c4\u03bf \u03c0\u03bf\u03c5 \u03b5\u03bd\u03c4\u03ac\u03c3\u03c3\u03b5\u03c4\u03b1\u03b9 \u03c3\u03c4\u03bf \u03c0\u03bb\u03ae\u03c1\u03c9\u03bc\u03b1 \u03c4\u03bf\u03c5 Luffy. \u03a0\u03b1\u03c1\u03b5\u03bc\u03c0\u03b9\u03c0\u03c4\u03cc\u03bd\u03c4\u03c9\u03c2, \u03b1\u03bd \u03b8\u03ad\u03bb\u03b5\u03c4\u03b5 \u03bd\u03b1 \u03b5\u03c0\u03b5\u03ba\u03c4\u03b5\u03af\u03bd\u03b5\u03c4\u03b5 \u03c4\u03b7 \u03c3\u03c5\u03bb\u03bb\u03bf\u03b3\u03ae \u03c3\u03b1\u03c2 \u03b1\u03c0\u03cc \u03c6\u03b9\u03b3\u03bf\u03cd\u03c1\u03b5\u03c2, \u03c4\u03bf <a title=\"\u03a6\u0399\u0393\u039f\u03a5\u03a1\u0391 JINBE \u03a3\u0395 \u039a\u0399\u03a4\u03a1\u0399\u039d\u039f \u039a\u0399\u039c\u039f\u039d\u039f\" href=\"https:\/\/boutique-one-piece.com\/el\/%ce%ba%ce%af%cf%84%cf%81%ce%b9%ce%bd%ce%bf-%ce%ba%ce%b9%ce%bc%ce%bf%ce%bd%cf%8c-jinbe-%ce%b5%ce%b9%ce%b4%cf%8e%ce%bb%ce%b9%ce%bf\/\" target=\"_blank\" rel=\"noopener\">\u0395\u03b9\u03b4\u03ce\u03bb\u03b9\u03bf Jinbe \u03c3\u03b5 \u03ba\u03b9\u03bc\u03bf\u03bd\u03cc<\/a> \u03b5\u03af\u03bd\u03b1\u03b9 \u03b5\u03bd\u03c4\u03cc\u03c2 \u03c4\u03c9\u03bd \u03b4\u03c5\u03bd\u03b1\u03c4\u03bf\u03c4\u03ae\u03c4\u03c9\u03bd \u03c3\u03b1\u03c2.<\/p>\n<h3>\u03a3\u03b1\u03c2 \u03ad\u03c7\u03b5\u03b9 \u03b3\u03bf\u03b7\u03c4\u03b5\u03cd\u03c3\u03b5\u03b9, \u03bb\u03bf\u03b9\u03c0\u03cc\u03bd, \u03c4\u03bf Den Den Mushi \u03c4\u03bf\u03c5 Jinbe; \u0391\u03bd \u03bd\u03b1\u03b9, \u03be\u03ad\u03c1\u03b5\u03c4\u03b5 \u03c4\u03b9 \u03bd\u03b1 \u03ba\u03ac\u03bd\u03b5\u03c4\u03b5 \u03c3\u03c4\u03b7 \u03c3\u03c5\u03bd\u03ad\u03c7\u03b5\u03b9\u03b1. \u0391\u03bd\u03b1\u03ba\u03b1\u03bb\u03cd\u03c8\u03c4\u03b5 \u03c0\u03bf\u03b9\u03bf \u03bc\u03ae\u03bd\u03c5\u03bc\u03b1 \u03c3\u03b1\u03c2 \u03c0\u03b5\u03c1\u03b9\u03bc\u03ad\u03bd\u03b5\u03b9.<\/h3>\n<p><strong>\u039d\u03b5\u03b1\u03c1\u03cc\u03c2 \u03c0\u03b5\u03b9\u03c1\u03b1\u03c4\u03ae\u03c2<\/strong>, \u03a0\u03ac\u03c1\u03b5 \u03c4\u03b7 \u03bc\u03bf\u03af\u03c1\u03b1 \u03c3\u03bf\u03c5 \u03c3\u03c4\u03b1 \u03c7\u03ad\u03c1\u03b9\u03b1 \u03c3\u03bf\u03c5 \u03ba\u03b1\u03b9 \u03b5\u03c0\u03b9\u03b2\u03b9\u03b2\u03ac\u03c3\u03bf\u03c5 \u03c3\u03c4\u03bf <strong>\u03a7\u03af\u03bb\u03b9\u03b5\u03c2 \u03b7\u03bb\u03b9\u03cc\u03bb\u03bf\u03c5\u03c3\u03c4\u03b5\u03c2<\/strong>. \u03a0\u03bf\u03bb\u03bb\u03ad\u03c2 \u03c0\u03b5\u03c1\u03b9\u03c0\u03ad\u03c4\u03b5\u03b9\u03b5\u03c2 \u03c3\u03b1\u03c2 \u03c0\u03b5\u03c1\u03b9\u03bc\u03ad\u03bd\u03bf\u03c5\u03bd \u03b5\u03ba\u03b5\u03af. \u0391\u03c5\u03c4\u03ac \u03c4\u03b1 \u03bc\u03c5\u03b8\u03b9\u03ba\u03ac \u03b1\u03bd\u03c4\u03b9\u03ba\u03b5\u03af\u03bc\u03b5\u03bd\u03b1 \u03b8\u03b1 \u03c3\u03b1\u03c2 \u03b2\u03c5\u03b8\u03af\u03c3\u03bf\u03c5\u03bd \u03be\u03b1\u03bd\u03ac \u03c3\u03b5 \u03b1\u03c5\u03c4\u03cc \u03c4\u03bf anime, \u03b3\u03b5\u03bc\u03ac\u03c4\u03bf \u03c3\u03c5\u03bd\u03b1\u03c1\u03c0\u03b1\u03c3\u03c4\u03b9\u03ba\u03ad\u03c2 \u03c0\u03b5\u03c1\u03b9\u03c0\u03ad\u03c4\u03b5\u03b9\u03b5\u03c2. \u03a4\u03b9 \u03c0\u03b5\u03c1\u03b9\u03bc\u03ad\u03bd\u03b5\u03c4\u03b5, \u03bb\u03bf\u03b9\u03c0\u03cc\u03bd; \u039c\u03b7\u03bd \u03b4\u03b9\u03c3\u03c4\u03ac\u03c3\u03b5\u03c4\u03b5 \u03ac\u03bb\u03bb\u03bf \u03ba\u03b1\u03b9 \u03b1\u03b4\u03c1\u03ac\u03be\u03c4\u03b5 \u03c4\u03b7\u03bd \u03b5\u03c5\u03ba\u03b1\u03b9\u03c1\u03af\u03b1 \u03bd\u03b1 \u03b5\u03c0\u03b5\u03ba\u03c4\u03b1\u03b8\u03b5\u03af\u03c4\u03b5. <strong>\u03c4\u03bf \u03c3\u03cd\u03bc\u03c0\u03b1\u03bd One Piece \u03c3\u03bf\u03c5<\/strong>.<\/p>\n<h2>\u03a0\u03bb\u03b7\u03c1\u03bf\u03c6\u03bf\u03c1\u03af\u03b5\u03c2 \u03b3\u03b9\u03b1 \u03c4\u03bf \u03b5\u03b9\u03b4\u03ce\u03bb\u03b9\u03bf Den Den Mushi Jinbe\u00a0<\/h2>\n<ul data-mce-fragment=\"1\">\n<li data-mce-fragment=\"1\"><span data-mce-fragment=\"1\"><b data-mce-fragment=\"1\"><u data-mce-fragment=\"1\">\u039f\u03bb\u03cc\u03c3\u03c9\u03bc\u03bf \u03b5\u03b9\u03b4\u03ce\u03bb\u03b9\u03bf<\/u><\/b>\u00a0\u03a6\u03b9\u03b3\u03bf\u03cd\u03c1\u03b1 One Piece Premium \u03b3\u03b9\u03b1 \u03b1\u03bb\u03b7\u03b8\u03b9\u03bd\u03bf\u03cd\u03c2 \u03c0\u03b5\u03b9\u03c1\u03b1\u03c4\u03ad\u03c2<\/span><\/li>\n<\/ul>\n<ul data-mce-fragment=\"1\">\n<li data-mce-fragment=\"1\">\n<b data-mce-fragment=\"1\">\u03a5\u03bb\u03b7<\/b><span data-mce-fragment=\"1\">\u00a0<\/span>PVC<\/li>\n<\/ul>\n<ul data-mce-fragment=\"1\">\n<li data-mce-fragment=\"1\"><span data-mce-fragment=\"1\"><strong data-mce-fragment=\"1\">\u0394\u03b9\u03ac\u03c3\u03c4\u03b1\u03c3\u03b7<\/strong>\u00a0: 12 \u03b5\u03ba.<\/span><\/li>\n<\/ul>\n<ul data-mce-fragment=\"1\">\n<li data-mce-fragment=\"1\"><span data-mce-fragment=\"1\"><strong data-mce-fragment=\"1\">\u0394\u03a9\u03a1\u0395\u0391\u039d \u03a0\u0391\u03a1\u0391\u0394\u039f\u03a3\u0397<\/strong><\/span><\/li>\n<\/ul>","protected":false},"excerpt":{"rendered":"<p>Jeune pirate, le moment est venu pour toi de te procurer cette Figurine One Piece Den Den Mushi Jinbe. Les Escargophones, autrement appel\u00e9 Den Den Mushi, sont des escargots qui sont habituellement vus avec des t\u00e9l\u00e9phones et\/ou des machines fax attach\u00e9s \u00e0 leurs carapaces. Ils permettent \u00e0 plusieurs personnes de communiquer m\u00eame sur de tr\u00e8s [&hellip;]<\/p>","protected":false},"featured_media":13170,"comment_status":"open","ping_status":"open","template":"","meta":[],"product_brand":[],"product_cat":[331,76],"product_tag":[386],"class_list":{"0":"post-13168","1":"product","2":"type-product","3":"status-publish","4":"has-post-thumbnail","6":"product_cat-figurines-den-den-mushi","7":"product_cat-figurines-one-piece","8":"product_tag-den-den-mushi","10":"first","11":"instock","12":"purchasable","13":"product-type-simple"},"yoast_head":"<!-- This site is optimized with the Yoast SEO plugin v27.5 - https:\/\/yoast.com\/product\/yoast-seo-wordpress\/ -->\n<title>Figurine One Piece Den Den Mushi Jinbe | Figurine One Piece \u2013 Boutique One Piece<\/title>\n<meta name=\"description\" content=\"Jeune pirate, le moment est venu pour toi de te procurer cette Figurine One Piece Den Den Mushi Jinbe. Les Escargophones, autrement appel\u00e9 Den Den Mushi, sont des escargots qui sont habituellement vus avec des t\u00e9l\u00e9phones et\/ou des machines fax attach\u00e9s \u00e0 leurs carapaces. Ils permettent \u00e0 plusieurs personnes de communiq\" \/>\n<meta name=\"robots\" content=\"index, follow, max-snippet:-1, max-image-preview:large, max-video-preview:-1\" \/>\n<link rel=\"canonical\" href=\"https:\/\/boutique-one-piece.com\/el\/\u03c6\u03b9\u03b3\u03bf\u03cd\u03c1\u03b5\u03c2-one-piece\/den-den-mushi-\u03b5\u03b9\u03b4\u03ce\u03bb\u03b9\u03b1\/\u03bc\u03bf\u03bd\u03bf\u03ba\u03cc\u03bc\u03bc\u03b1\u03c4\u03bf-\u03b5\u03b9\u03b4\u03ce\u03bb\u03b9\u03bf-den-den-mushi-jinbe\/\" \/>\n<meta property=\"og:locale\" content=\"el_GR\" \/>\n<meta property=\"og:type\" content=\"article\" \/>\n<meta property=\"og:title\" content=\"Figurine One Piece Den Den Mushi Jinbe | Figurine One Piece \u2013 Boutique One Piece\" \/>\n<meta property=\"og:description\" content=\"Jeune pirate, le moment est venu pour toi de te procurer cette Figurine One Piece Den Den Mushi Jinbe. Les Escargophones, autrement appel\u00e9 Den Den Mushi, sont des escargots qui sont habituellement vus avec des t\u00e9l\u00e9phones et\/ou des machines fax attach\u00e9s \u00e0 leurs carapaces. Ils permettent \u00e0 plusieurs personnes de communiq\" \/>\n<meta property=\"og:url\" content=\"https:\/\/boutique-one-piece.com\/el\/\u03c6\u03b9\u03b3\u03bf\u03cd\u03c1\u03b5\u03c2-one-piece\/den-den-mushi-\u03b5\u03b9\u03b4\u03ce\u03bb\u03b9\u03b1\/\u03bc\u03bf\u03bd\u03bf\u03ba\u03cc\u03bc\u03bc\u03b1\u03c4\u03bf-\u03b5\u03b9\u03b4\u03ce\u03bb\u03b9\u03bf-den-den-mushi-jinbe\/\" \/>\n<meta property=\"og:site_name\" content=\"Boutique One Piece\" \/>\n<meta property=\"article:modified_time\" content=\"2024-09-16T13:11:12+00:00\" \/>\n<meta property=\"og:image\" content=\"https:\/\/boutique-one-piece.com\/wp-content\/uploads\/2022\/09\/Figurine-One-Piece-Den-Den-Mushi-Jinbe.jpg\" \/>\n\t<meta property=\"og:image:width\" content=\"640\" \/>\n\t<meta property=\"og:image:height\" content=\"640\" \/>\n\t<meta property=\"og:image:type\" content=\"image\/jpeg\" \/>\n<meta name=\"twitter:card\" content=\"summary_large_image\" \/>\n<meta name=\"twitter:label1\" content=\"\u0395\u03ba\u03c4\u03b9\u03bc\u03ce\u03bc\u03b5\u03bd\u03bf\u03c2 \u03c7\u03c1\u03cc\u03bd\u03bf\u03c2 \u03b1\u03bd\u03ac\u03b3\u03bd\u03c9\u03c3\u03b7\u03c2\" \/>\n\t<meta name=\"twitter:data1\" content=\"1 \u03bb\u03b5\u03c0\u03c4\u03cc\" \/>\n<script type=\"application\/ld+json\" class=\"yoast-schema-graph\">{\"@context\":\"https:\\\/\\\/schema.org\",\"@graph\":[{\"@type\":\"WebPage\",\"@id\":\"https:\\\/\\\/boutique-one-piece.com\\\/figurines-one-piece\\\/figurines-den-den-mushi\\\/figurine-one-piece-den-den-mushi-jinbe\\\/\",\"url\":\"https:\\\/\\\/boutique-one-piece.com\\\/figurines-one-piece\\\/figurines-den-den-mushi\\\/figurine-one-piece-den-den-mushi-jinbe\\\/\",\"name\":\"Figurine One Piece Den Den Mushi Jinbe | Figurine One Piece \u2013 Boutique One Piece\",\"isPartOf\":{\"@id\":\"https:\\\/\\\/boutique-one-piece.com\\\/#website\"},\"primaryImageOfPage\":{\"@id\":\"https:\\\/\\\/boutique-one-piece.com\\\/figurines-one-piece\\\/figurines-den-den-mushi\\\/figurine-one-piece-den-den-mushi-jinbe\\\/#primaryimage\"},\"image\":{\"@id\":\"https:\\\/\\\/boutique-one-piece.com\\\/figurines-one-piece\\\/figurines-den-den-mushi\\\/figurine-one-piece-den-den-mushi-jinbe\\\/#primaryimage\"},\"thumbnailUrl\":\"https:\\\/\\\/boutique-one-piece.com\\\/wp-content\\\/uploads\\\/2022\\\/09\\\/Figurine-One-Piece-Den-Den-Mushi-Jinbe.jpg\",\"datePublished\":\"2022-09-27T21:01:12+00:00\",\"dateModified\":\"2024-09-16T13:11:12+00:00\",\"description\":\"Jeune pirate, le moment est venu pour toi de te procurer cette Figurine One Piece Den Den Mushi Jinbe. Les Escargophones, autrement appel\u00e9 Den Den Mushi, sont des escargots qui sont habituellement vus avec des t\u00e9l\u00e9phones et\\\/ou des machines fax attach\u00e9s \u00e0 leurs carapaces. Ils permettent \u00e0 plusieurs personnes de communiq\",\"breadcrumb\":{\"@id\":\"https:\\\/\\\/boutique-one-piece.com\\\/figurines-one-piece\\\/figurines-den-den-mushi\\\/figurine-one-piece-den-den-mushi-jinbe\\\/#breadcrumb\"},\"inLanguage\":\"el\",\"potentialAction\":[{\"@type\":\"ReadAction\",\"target\":[\"https:\\\/\\\/boutique-one-piece.com\\\/figurines-one-piece\\\/figurines-den-den-mushi\\\/figurine-one-piece-den-den-mushi-jinbe\\\/\"]}]},{\"@type\":\"ImageObject\",\"inLanguage\":\"el\",\"@id\":\"https:\\\/\\\/boutique-one-piece.com\\\/figurines-one-piece\\\/figurines-den-den-mushi\\\/figurine-one-piece-den-den-mushi-jinbe\\\/#primaryimage\",\"url\":\"https:\\\/\\\/boutique-one-piece.com\\\/wp-content\\\/uploads\\\/2022\\\/09\\\/Figurine-One-Piece-Den-Den-Mushi-Jinbe.jpg\",\"contentUrl\":\"https:\\\/\\\/boutique-one-piece.com\\\/wp-content\\\/uploads\\\/2022\\\/09\\\/Figurine-One-Piece-Den-Den-Mushi-Jinbe.jpg\",\"width\":640,\"height\":640,\"caption\":\"Figurine One Piece Den Den Mushi Jinbe Default Title\"},{\"@type\":\"BreadcrumbList\",\"@id\":\"https:\\\/\\\/boutique-one-piece.com\\\/figurines-one-piece\\\/figurines-den-den-mushi\\\/figurine-one-piece-den-den-mushi-jinbe\\\/#breadcrumb\",\"itemListElement\":[{\"@type\":\"ListItem\",\"position\":1,\"name\":\"Home\",\"item\":\"https:\\\/\\\/boutique-one-piece.com\\\/\"},{\"@type\":\"ListItem\",\"position\":2,\"name\":\"Shop\",\"item\":\"https:\\\/\\\/boutique-one-piece.com\\\/shop\\\/\"},{\"@type\":\"ListItem\",\"position\":3,\"name\":\"Figurine One Piece Den Den Mushi Jinbe\"}]},{\"@type\":\"WebSite\",\"@id\":\"https:\\\/\\\/boutique-one-piece.com\\\/#website\",\"url\":\"https:\\\/\\\/boutique-one-piece.com\\\/\",\"name\":\"Boutique One Piece\",\"description\":\"Magasin Sp\u00e9cialis\u00e9 du Manga et l&#039;Anime One Piece\",\"publisher\":{\"@id\":\"https:\\\/\\\/boutique-one-piece.com\\\/#organization\"},\"potentialAction\":[{\"@type\":\"SearchAction\",\"target\":{\"@type\":\"EntryPoint\",\"urlTemplate\":\"https:\\\/\\\/boutique-one-piece.com\\\/?s={search_term_string}\"},\"query-input\":{\"@type\":\"PropertyValueSpecification\",\"valueRequired\":true,\"valueName\":\"search_term_string\"}}],\"inLanguage\":\"el\"},{\"@type\":\"Organization\",\"@id\":\"https:\\\/\\\/boutique-one-piece.com\\\/#organization\",\"name\":\"Boutique One Piece\",\"url\":\"https:\\\/\\\/boutique-one-piece.com\\\/\",\"logo\":{\"@type\":\"ImageObject\",\"inLanguage\":\"el\",\"@id\":\"https:\\\/\\\/boutique-one-piece.com\\\/#\\\/schema\\\/logo\\\/image\\\/\",\"url\":\"https:\\\/\\\/boutique-one-piece.com\\\/wp-content\\\/uploads\\\/2022\\\/09\\\/Logo-01.png\",\"contentUrl\":\"https:\\\/\\\/boutique-one-piece.com\\\/wp-content\\\/uploads\\\/2022\\\/09\\\/Logo-01.png\",\"width\":2318,\"height\":957,\"caption\":\"Boutique One Piece\"},\"image\":{\"@id\":\"https:\\\/\\\/boutique-one-piece.com\\\/#\\\/schema\\\/logo\\\/image\\\/\"}}]}<\/script>\n<!-- \/ Yoast SEO plugin. -->","yoast_head_json":{"title":"\u03a6\u03b9\u03b3\u03bf\u03cd\u03c1\u03b1 One Piece Den Den Mushi Jinbe | \u03a6\u03b9\u03b3\u03bf\u03cd\u03c1\u03b1 One Piece \u2013 One Piece Shop","description":"\u039d\u03b5\u03b1\u03c1\u03ad \u03c0\u03b5\u03b9\u03c1\u03b1\u03c4\u03ae, \u03ae\u03c1\u03b8\u03b5 \u03b7 \u03ce\u03c1\u03b1 \u03bd\u03b1 \u03b1\u03c0\u03bf\u03ba\u03c4\u03ae\u03c3\u03b5\u03b9\u03c2 \u03b1\u03c5\u03c4\u03ae \u03c4\u03b7\u03bd \u03c6\u03b9\u03b3\u03bf\u03cd\u03c1\u03b1 One Piece Den Den Mushi Jinbe. \u03a4\u03b1 Den Den Mushi, \u03b3\u03bd\u03c9\u03c3\u03c4\u03ac \u03ba\u03b1\u03b9 \u03c9\u03c2 Den Den Phones, \u03b5\u03af\u03bd\u03b1\u03b9 \u03c3\u03b1\u03bb\u03b9\u03b3\u03ba\u03ac\u03c1\u03b9\u03b1 \u03c0\u03bf\u03c5 \u03c3\u03c5\u03bd\u03ae\u03b8\u03c9\u03c2 \u03c4\u03b1 \u03b2\u03bb\u03ad\u03c0\u03bf\u03c5\u03bc\u03b5 \u03bc\u03b5 \u03c4\u03b7\u03bb\u03ad\u03c6\u03c9\u03bd\u03b1 \u03ae\/\u03ba\u03b1\u03b9 \u03c6\u03b1\u03be \u03c0\u03c1\u03bf\u03c3\u03b1\u03c1\u03c4\u03b7\u03bc\u03ad\u03bd\u03b1 \u03c3\u03c4\u03b1 \u03ba\u03b1\u03b2\u03bf\u03cd\u03ba\u03b9\u03b1 \u03c4\u03bf\u03c5\u03c2. \u0395\u03c0\u03b9\u03c4\u03c1\u03ad\u03c0\u03bf\u03c5\u03bd \u03c3\u03b5 \u03c0\u03bf\u03bb\u03bb\u03ac \u03ac\u03c4\u03bf\u03bc\u03b1 \u03bd\u03b1 \u03b5\u03c0\u03b9\u03ba\u03bf\u03b9\u03bd\u03c9\u03bd\u03bf\u03cd\u03bd...","robots":{"index":"index","follow":"follow","max-snippet":"max-snippet:-1","max-image-preview":"max-image-preview:large","max-video-preview":"max-video-preview:-1"},"canonical":"https:\/\/boutique-one-piece.com\/el\/\u03c6\u03b9\u03b3\u03bf\u03cd\u03c1\u03b5\u03c2-one-piece\/den-den-mushi-\u03b5\u03b9\u03b4\u03ce\u03bb\u03b9\u03b1\/\u03bc\u03bf\u03bd\u03bf\u03ba\u03cc\u03bc\u03bc\u03b1\u03c4\u03bf-\u03b5\u03b9\u03b4\u03ce\u03bb\u03b9\u03bf-den-den-mushi-jinbe\/","og_locale":"el_GR","og_type":"article","og_title":"Figurine One Piece Den Den Mushi Jinbe | Figurine One Piece \u2013 Boutique One Piece","og_description":"Jeune pirate, le moment est venu pour toi de te procurer cette Figurine One Piece Den Den Mushi Jinbe. Les Escargophones, autrement appel\u00e9 Den Den Mushi, sont des escargots qui sont habituellement vus avec des t\u00e9l\u00e9phones et\/ou des machines fax attach\u00e9s \u00e0 leurs carapaces. Ils permettent \u00e0 plusieurs personnes de communiq","og_url":"https:\/\/boutique-one-piece.com\/el\/\u03c6\u03b9\u03b3\u03bf\u03cd\u03c1\u03b5\u03c2-one-piece\/den-den-mushi-\u03b5\u03b9\u03b4\u03ce\u03bb\u03b9\u03b1\/\u03bc\u03bf\u03bd\u03bf\u03ba\u03cc\u03bc\u03bc\u03b1\u03c4\u03bf-\u03b5\u03b9\u03b4\u03ce\u03bb\u03b9\u03bf-den-den-mushi-jinbe\/","og_site_name":"Boutique One Piece","article_modified_time":"2024-09-16T13:11:12+00:00","og_image":[{"width":640,"height":640,"url":"https:\/\/boutique-one-piece.com\/wp-content\/uploads\/2022\/09\/Figurine-One-Piece-Den-Den-Mushi-Jinbe.jpg","type":"image\/jpeg"}],"twitter_card":"summary_large_image","twitter_misc":{"\u0395\u03ba\u03c4\u03b9\u03bc\u03ce\u03bc\u03b5\u03bd\u03bf\u03c2 \u03c7\u03c1\u03cc\u03bd\u03bf\u03c2 \u03b1\u03bd\u03ac\u03b3\u03bd\u03c9\u03c3\u03b7\u03c2":"1 \u03bb\u03b5\u03c0\u03c4\u03cc"},"schema":{"@context":"https:\/\/schema.org","@graph":[{"@type":"WebPage","@id":"https:\/\/boutique-one-piece.com\/figurines-one-piece\/figurines-den-den-mushi\/figurine-one-piece-den-den-mushi-jinbe\/","url":"https:\/\/boutique-one-piece.com\/figurines-one-piece\/figurines-den-den-mushi\/figurine-one-piece-den-den-mushi-jinbe\/","name":"\u03a6\u03b9\u03b3\u03bf\u03cd\u03c1\u03b1 One Piece Den Den Mushi Jinbe | \u03a6\u03b9\u03b3\u03bf\u03cd\u03c1\u03b1 One Piece \u2013 One Piece Shop","isPartOf":{"@id":"https:\/\/boutique-one-piece.com\/#website"},"primaryImageOfPage":{"@id":"https:\/\/boutique-one-piece.com\/figurines-one-piece\/figurines-den-den-mushi\/figurine-one-piece-den-den-mushi-jinbe\/#primaryimage"},"image":{"@id":"https:\/\/boutique-one-piece.com\/figurines-one-piece\/figurines-den-den-mushi\/figurine-one-piece-den-den-mushi-jinbe\/#primaryimage"},"thumbnailUrl":"https:\/\/boutique-one-piece.com\/wp-content\/uploads\/2022\/09\/Figurine-One-Piece-Den-Den-Mushi-Jinbe.jpg","datePublished":"2022-09-27T21:01:12+00:00","dateModified":"2024-09-16T13:11:12+00:00","description":"\u039d\u03b5\u03b1\u03c1\u03ad \u03c0\u03b5\u03b9\u03c1\u03b1\u03c4\u03ae, \u03ae\u03c1\u03b8\u03b5 \u03b7 \u03ce\u03c1\u03b1 \u03bd\u03b1 \u03b1\u03c0\u03bf\u03ba\u03c4\u03ae\u03c3\u03b5\u03b9\u03c2 \u03b1\u03c5\u03c4\u03ae \u03c4\u03b7\u03bd \u03c6\u03b9\u03b3\u03bf\u03cd\u03c1\u03b1 One Piece Den Den Mushi Jinbe. \u03a4\u03b1 Den Den Mushi, \u03b3\u03bd\u03c9\u03c3\u03c4\u03ac \u03ba\u03b1\u03b9 \u03c9\u03c2 Den Den Phones, \u03b5\u03af\u03bd\u03b1\u03b9 \u03c3\u03b1\u03bb\u03b9\u03b3\u03ba\u03ac\u03c1\u03b9\u03b1 \u03c0\u03bf\u03c5 \u03c3\u03c5\u03bd\u03ae\u03b8\u03c9\u03c2 \u03c4\u03b1 \u03b2\u03bb\u03ad\u03c0\u03bf\u03c5\u03bc\u03b5 \u03bc\u03b5 \u03c4\u03b7\u03bb\u03ad\u03c6\u03c9\u03bd\u03b1 \u03ae\/\u03ba\u03b1\u03b9 \u03c6\u03b1\u03be \u03c0\u03c1\u03bf\u03c3\u03b1\u03c1\u03c4\u03b7\u03bc\u03ad\u03bd\u03b1 \u03c3\u03c4\u03b1 \u03ba\u03b1\u03b2\u03bf\u03cd\u03ba\u03b9\u03b1 \u03c4\u03bf\u03c5\u03c2. \u0395\u03c0\u03b9\u03c4\u03c1\u03ad\u03c0\u03bf\u03c5\u03bd \u03c3\u03b5 \u03c0\u03bf\u03bb\u03bb\u03ac \u03ac\u03c4\u03bf\u03bc\u03b1 \u03bd\u03b1 \u03b5\u03c0\u03b9\u03ba\u03bf\u03b9\u03bd\u03c9\u03bd\u03bf\u03cd\u03bd...","breadcrumb":{"@id":"https:\/\/boutique-one-piece.com\/figurines-one-piece\/figurines-den-den-mushi\/figurine-one-piece-den-den-mushi-jinbe\/#breadcrumb"},"inLanguage":"el","potentialAction":[{"@type":"ReadAction","target":["https:\/\/boutique-one-piece.com\/figurines-one-piece\/figurines-den-den-mushi\/figurine-one-piece-den-den-mushi-jinbe\/"]}]},{"@type":"ImageObject","inLanguage":"el","@id":"https:\/\/boutique-one-piece.com\/figurines-one-piece\/figurines-den-den-mushi\/figurine-one-piece-den-den-mushi-jinbe\/#primaryimage","url":"https:\/\/boutique-one-piece.com\/wp-content\/uploads\/2022\/09\/Figurine-One-Piece-Den-Den-Mushi-Jinbe.jpg","contentUrl":"https:\/\/boutique-one-piece.com\/wp-content\/uploads\/2022\/09\/Figurine-One-Piece-Den-Den-Mushi-Jinbe.jpg","width":640,"height":640,"caption":"Figurine One Piece Den Den Mushi Jinbe Default Title"},{"@type":"BreadcrumbList","@id":"https:\/\/boutique-one-piece.com\/figurines-one-piece\/figurines-den-den-mushi\/figurine-one-piece-den-den-mushi-jinbe\/#breadcrumb","itemListElement":[{"@type":"ListItem","position":1,"name":"Home","item":"https:\/\/boutique-one-piece.com\/"},{"@type":"ListItem","position":2,"name":"Shop","item":"https:\/\/boutique-one-piece.com\/shop\/"},{"@type":"ListItem","position":3,"name":"Figurine One Piece Den Den Mushi Jinbe"}]},{"@type":"WebSite","@id":"https:\/\/boutique-one-piece.com\/#website","url":"https:\/\/boutique-one-piece.com\/","name":"\u039a\u03b1\u03c4\u03ac\u03c3\u03c4\u03b7\u03bc\u03b1 One Piece","description":"\u0395\u03be\u03b5\u03b9\u03b4\u03b9\u03ba\u03b5\u03c5\u03bc\u03ad\u03bd\u03bf \u03ba\u03b1\u03c4\u03ac\u03c3\u03c4\u03b7\u03bc\u03b1 \u03b3\u03b9\u03b1 One Piece Manga \u03ba\u03b1\u03b9 Anime","publisher":{"@id":"https:\/\/boutique-one-piece.com\/#organization"},"potentialAction":[{"@type":"SearchAction","target":{"@type":"EntryPoint","urlTemplate":"https:\/\/boutique-one-piece.com\/?s={search_term_string}"},"query-input":{"@type":"PropertyValueSpecification","valueRequired":true,"valueName":"search_term_string"}}],"inLanguage":"el"},{"@type":"Organization","@id":"https:\/\/boutique-one-piece.com\/#organization","name":"\u039a\u03b1\u03c4\u03ac\u03c3\u03c4\u03b7\u03bc\u03b1 One Piece","url":"https:\/\/boutique-one-piece.com\/","logo":{"@type":"ImageObject","inLanguage":"el","@id":"https:\/\/boutique-one-piece.com\/#\/schema\/logo\/image\/","url":"https:\/\/boutique-one-piece.com\/wp-content\/uploads\/2022\/09\/Logo-01.png","contentUrl":"https:\/\/boutique-one-piece.com\/wp-content\/uploads\/2022\/09\/Logo-01.png","width":2318,"height":957,"caption":"Boutique One Piece"},"image":{"@id":"https:\/\/boutique-one-piece.com\/#\/schema\/logo\/image\/"}}]}},"_links":{"self":[{"href":"https:\/\/boutique-one-piece.com\/el\/wp-json\/wp\/v2\/product\/13168","targetHints":{"allow":["GET"]}}],"collection":[{"href":"https:\/\/boutique-one-piece.com\/el\/wp-json\/wp\/v2\/product"}],"about":[{"href":"https:\/\/boutique-one-piece.com\/el\/wp-json\/wp\/v2\/types\/product"}],"replies":[{"embeddable":true,"href":"https:\/\/boutique-one-piece.com\/el\/wp-json\/wp\/v2\/comments?post=13168"}],"wp:featuredmedia":[{"embeddable":true,"href":"https:\/\/boutique-one-piece.com\/el\/wp-json\/wp\/v2\/media\/13170"}],"wp:attachment":[{"href":"https:\/\/boutique-one-piece.com\/el\/wp-json\/wp\/v2\/media?parent=13168"}],"wp:term":[{"taxonomy":"product_brand","embeddable":true,"href":"https:\/\/boutique-one-piece.com\/el\/wp-json\/wp\/v2\/product_brand?post=13168"},{"taxonomy":"product_cat","embeddable":true,"href":"https:\/\/boutique-one-piece.com\/el\/wp-json\/wp\/v2\/product_cat?post=13168"},{"taxonomy":"product_tag","embeddable":true,"href":"https:\/\/boutique-one-piece.com\/el\/wp-json\/wp\/v2\/product_tag?post=13168"}],"curies":[{"name":"\u03b5\u03c1\u03b3\u03b1\u03c3\u03af\u03b1","href":"https:\/\/api.w.org\/{rel}","templated":true}]}}