{"id":13452,"date":"2022-09-27T21:20:34","date_gmt":"2022-09-27T21:20:34","guid":{"rendered":"https:\/\/boutique-one-piece.com\/uncategorized\/figurine-one-piece-lhomme-poisson-karateka-jinbe\/"},"modified":"2025-10-03T14:07:55","modified_gmt":"2025-10-03T14:07:55","slug":"%ce%bf%ce%bb%cf%8c%cf%83%cf%89%ce%bc%ce%bf-%ce%b5%ce%b9%ce%b4%cf%8e%ce%bb%ce%b9%ce%bf-%cf%88%ce%b1%cf%81%ce%ac-%ce%ba%ce%b1%cf%81%ce%b1%cf%84%ce%ad%ce%ba%ce%b1-%cf%84%ce%b6%ce%b9%ce%bd%ce%bc%cf%80","status":"publish","type":"product","link":"https:\/\/boutique-one-piece.com\/el\/%cf%86%ce%b9%ce%b3%ce%bf%cf%8d%cf%81%ce%b5%cf%82-one-piece\/%ce%b5%ce%b9%ce%b4%cf%8e%ce%bb%ce%b9%ce%b1-jinbe\/%ce%bf%ce%bb%cf%8c%cf%83%cf%89%ce%bc%ce%bf-%ce%b5%ce%b9%ce%b4%cf%8e%ce%bb%ce%b9%ce%bf-%cf%88%ce%b1%cf%81%ce%ac-%ce%ba%ce%b1%cf%81%ce%b1%cf%84%ce%ad%ce%ba%ce%b1-%cf%84%ce%b6%ce%b9%ce%bd%ce%bc%cf%80\/","title":{"rendered":"\u03a6\u03b9\u03b3\u03bf\u03cd\u03c1\u03b1 One Piece Fishman Karateka Jinbe"},"content":{"rendered":"<h2>\u039d\u03b5\u03b1\u03c1\u03ad \u03c0\u03b5\u03b9\u03c1\u03b1\u03c4\u03ae, \u03b1\u03c0\u03ad\u03ba\u03c4\u03b7\u03c3\u03b5 \u03c4\u03ce\u03c1\u03b1 \u03b1\u03c5\u03c4\u03ae \u03c4\u03b7 \u03c6\u03b9\u03b3\u03bf\u03cd\u03c1\u03b1 One Piece Fish Man Karateka Jinbe.<\/h2>\n<p>\u03a4\u03b6\u03af\u03bd\u03bc\u03c0\u03b5 \u03b3\u03bd\u03c9\u03c3\u03c4\u03cc\u03c2 \u03ba\u03b1\u03b9 \u03c9\u03c2 &quot;\u00ab\u00a0<strong>\u039f \u03a0\u03b1\u03bb\u03b1\u03b4\u03af\u03bd\u03bf\u03c2 \u03c4\u03c9\u03bd \u0398\u03b1\u03bb\u03b1\u03c3\u03c3\u03ce\u03bd<\/strong>\u00a0\u00bb\u03b5\u03af\u03bd\u03b1\u03b9 \u03bf \u03c0\u03b7\u03b4\u03b1\u03bb\u03b9\u03bf\u03cd\u03c7\u03bf\u03c2 \u03c4\u03bf\u03c5 \u03c0\u03bb\u03b7\u03c1\u03ce\u03bc\u03b1\u03c4\u03bf\u03c2 Straw Hat. \u0395\u03af\u03bd\u03b1\u03b9 \u03b5\u03c0\u03af\u03c3\u03b7\u03bc\u03b1 \u03c4\u03bf \u03b4\u03ad\u03ba\u03b1\u03c4\u03bf \u03bc\u03ad\u03bb\u03bf\u03c2 \u03c4\u03bf\u03c5 \u03c0\u03bb\u03b7\u03c1\u03ce\u03bc\u03b1\u03c4\u03bf\u03c2 Straw Hat \u03ba\u03b1\u03b9 \u03c4\u03bf \u03ad\u03bd\u03b1\u03c4\u03bf \u03c0\u03bf\u03c5 \u03b5\u03bd\u03c4\u03ac\u03c3\u03c3\u03b5\u03c4\u03b1\u03b9 \u03c3\u03c4\u03bf \u03c0\u03bb\u03ae\u03c1\u03c9\u03bc\u03b1 \u03c4\u03bf\u03c5 Luffy. \u03a0\u03b1\u03c1\u03b5\u03bc\u03c0\u03b9\u03c0\u03c4\u03cc\u03bd\u03c4\u03c9\u03c2, \u03b1\u03bd \u03b8\u03ad\u03bb\u03b5\u03c4\u03b5 \u03bd\u03b1 \u03b5\u03c0\u03b5\u03ba\u03c4\u03b5\u03af\u03bd\u03b5\u03c4\u03b5 \u03c4\u03b7 \u03c3\u03c5\u03bb\u03bb\u03bf\u03b3\u03ae \u03c3\u03b1\u03c2 \u03b1\u03c0\u03cc \u03c6\u03b9\u03b3\u03bf\u03cd\u03c1\u03b5\u03c2, \u03b1\u03c0\u03bf\u03ba\u03c4\u03ae\u03c3\u03c4\u03b5 \u03c4\u03bf <a title=\"\u039c\u039f\u039d\u039f\u039a\u039f\u039c\u039c\u0391\u03a4\u0399 \u03a7\u0391\u03a1\u039f\u03a5\u039c\u0395\u039d\u0397 \u03a6\u0399\u0393\u039f\u03a5\u03a1\u0391 \u039a\u039f\u03a0\u0395\u03a1\" href=\"https:\/\/boutique-one-piece.com\/el\/%ce%ad%ce%bd%ce%b1-%ce%ba%ce%bf%ce%bc%ce%bc%ce%ac%cf%84%ce%b9-%cf%87%ce%b1%cf%81%ce%b9%cf%84%cf%89%ce%bc%ce%ad%ce%bd%ce%bf-%ce%b5%ce%b9%ce%b4%cf%8e%ce%bb%ce%b9%ce%bf-%ce%b5%ce%bb%ce%b9%ce%ba%cf%8c\/\" target=\"_blank\" rel=\"noopener\">\u03a6\u03b9\u03b3\u03bf\u03cd\u03c1\u03b1 Chopper \u03c0\u03bf\u03bb\u03cd &quot;\u03c7\u03b1\u03c1\u03b9\u03c4\u03c9\u03bc\u03ad\u03bd\u03b7&quot;\u00ab<\/a>, \u03bf \u03bf\u03c0\u03bf\u03af\u03bf\u03c2 \u03b5\u03af\u03bd\u03b1\u03b9 \u03ad\u03bd\u03b1 \u03ac\u03bb\u03bb\u03bf \u03bc\u03ad\u03bb\u03bf\u03c2 \u03c4\u03bf\u03c5 \u03c0\u03bb\u03b7\u03c1\u03ce\u03bc\u03b1\u03c4\u03bf\u03c2 \u03c4\u03bf\u03c5 Straw Hat.<\/p>\n<p>\u0395\u03c0\u03b9\u03c3\u03c4\u03c1\u03ad\u03c6\u03bf\u03bd\u03c4\u03b1\u03c2 \u03c3\u03c4\u03bf\u03bd \u03a4\u03b6\u03af\u03bd\u03bc\u03c0\u03b5, \u03b8\u03b1 \u03c0\u03c1\u03ad\u03c0\u03b5\u03b9 \u03bd\u03b1 \u03be\u03ad\u03c1\u03b5\u03c4\u03b5 \u03cc\u03c4\u03b9 \u03b5\u03af\u03bd\u03b1\u03b9 \u03bc\u03ac\u03c3\u03c4\u03bf\u03c1\u03b1\u03c2 \u03c4\u03bf\u03c5<strong> \u0391\u03bc\u03c6\u03af\u03b2\u03b9\u03bf \u039a\u03b1\u03c1\u03ac\u03c4\u03b5. <\/strong>\u039c\u03c0\u03bf\u03c1\u03b5\u03af \u03bd\u03b1 \u03c7\u03c1\u03b7\u03c3\u03b9\u03bc\u03bf\u03c0\u03bf\u03b9\u03ae\u03c3\u03b5\u03b9 \u03b1\u03c5\u03c4\u03ae\u03bd \u03c4\u03b7\u03bd \u03c0\u03bf\u03bb\u03b5\u03bc\u03b9\u03ba\u03ae \u03c4\u03ad\u03c7\u03bd\u03b7 \u03b3\u03b9\u03b1 \u03bd\u03b1 \u03bd\u03b9\u03ba\u03ae\u03c3\u03b5\u03b9 \u03c0\u03bf\u03bb\u03bb\u03bf\u03cd\u03c2 \u03ac\u03bd\u03c4\u03c1\u03b5\u03c2 \u03c4\u03b1\u03c5\u03c4\u03cc\u03c7\u03c1\u03bf\u03bd\u03b1. \u03a4\u03b1 \u03c7\u03c4\u03c5\u03c0\u03ae\u03bc\u03b1\u03c4\u03ac \u03c4\u03bf\u03c5 \u03b5\u03af\u03bd\u03b1\u03b9 \u03c4\u03cc\u03c3\u03bf \u03b4\u03c5\u03bd\u03b1\u03c4\u03ac \u03c0\u03bf\u03c5 \u03b4\u03b5\u03bd \u03c7\u03c1\u03b5\u03b9\u03ac\u03b6\u03b5\u03c4\u03b1\u03b9 \u03bd\u03b1 \u03ad\u03c1\u03b8\u03b5\u03b9 \u03c3\u03b5 \u03c3\u03c9\u03bc\u03b1\u03c4\u03b9\u03ba\u03ae \u03b5\u03c0\u03b1\u03c6\u03ae \u03bc\u03b5 \u03c4\u03bf\u03bd \u03b5\u03c7\u03b8\u03c1\u03cc, \u03ba\u03b1\u03b8\u03ce\u03c2 \u03b1\u03ba\u03cc\u03bc\u03b7 \u03ba\u03b1\u03b9 \u03bf \u03b1\u03ad\u03c1\u03b1\u03c2 \u03c4\u03bf\u03c5\u03c2 \u03b1\u03c0\u03c9\u03b8\u03b5\u03af.<\/p>\n<h3>\u03a3\u03b1\u03c2 \u03b3\u03bf\u03b7\u03c4\u03b5\u03cd\u03b5\u03b9, \u03bb\u03bf\u03b9\u03c0\u03cc\u03bd, \u03b1\u03c5\u03c4\u03ae \u03b7 \u03c6\u03b9\u03b3\u03bf\u03cd\u03c1\u03b1 \u03c4\u03bf\u03c5 \u03bc\u03ac\u03c3\u03c4\u03b5\u03c1 \u03c4\u03bf\u03c5 \u0391\u03bc\u03c6\u03af\u03b2\u03b9\u03bf\u03c5 \u039a\u03b1\u03c1\u03ac\u03c4\u03b5; \u0391\u03bd \u03bd\u03b1\u03b9, \u03bc\u03b7\u03bd \u03b4\u03b9\u03c3\u03c4\u03ac\u03c3\u03b5\u03c4\u03b5 \u03ac\u03bb\u03bb\u03bf \u03ba\u03b1\u03b9 \u03b5\u03bb\u03ac\u03c4\u03b5 \u03bd\u03b1 \u03c4\u03bf\u03bd \u03b1\u03ba\u03bf\u03bb\u03bf\u03c5\u03b8\u03ae\u03c3\u03b5\u03c4\u03b5 \u03c3\u03c4\u03bf Thousand Sunny. \u039f Jinbe \u03af\u03c3\u03c9\u03c2 \u03bc\u03c0\u03bf\u03c1\u03ad\u03c3\u03b5\u03b9 \u03bd\u03b1 \u03c3\u03b1\u03c2 \u03b4\u03b9\u03b4\u03ac\u03be\u03b5\u03b9 \u03bc\u03b5\u03c1\u03b9\u03ba\u03ad\u03c2 \u03c4\u03b5\u03c7\u03bd\u03b9\u03ba\u03ad\u03c2 \u03bc\u03ac\u03c7\u03b7\u03c2.<\/h3>\n<p>\u0395\u03af\u03c4\u03b5 \u03b5\u03af\u03c3\u03c4\u03b5 \u03c6\u03b1\u03bd\u03b1\u03c4\u03b9\u03ba\u03cc\u03c2 \u03b8\u03b1\u03c5\u03bc\u03b1\u03c3\u03c4\u03ae\u03c2 \u03b5\u03af\u03c4\u03b5 \u03ad\u03bc\u03c0\u03b5\u03b9\u03c1\u03bf\u03c2 \u03c3\u03c5\u03bb\u03bb\u03ad\u03ba\u03c4\u03b7\u03c2, \u03b1\u03c5\u03c4\u03ac \u03c4\u03b1 \u03b8\u03c1\u03c5\u03bb\u03b9\u03ba\u03ac \u03b1\u03bd\u03c4\u03b9\u03ba\u03b5\u03af\u03bc\u03b5\u03bd\u03b1 \u03b5\u03af\u03bd\u03b1\u03b9 \u03c3\u03af\u03b3\u03bf\u03c5\u03c1\u03b1 \u03b3\u03b9\u03b1 \u03b5\u03c3\u03ac\u03c2. \u0392\u03c5\u03b8\u03b9\u03c3\u03c4\u03b5\u03af\u03c4\u03b5 \u03c3\u03c4\u03bf... <strong>\u03c4\u03bf \u03c3\u03cd\u03bc\u03c0\u03b1\u03bd \u03c4\u03bf\u03c5 One Piece<\/strong> \u03c7\u03ac\u03c1\u03b7 \u03c3\u03c4\u03b1 \u03b5\u03be\u03b1\u03b9\u03c1\u03b5\u03c4\u03b9\u03ba\u03ac \u03c4\u03bf\u03c5 \u03c0\u03c1\u03bf\u03ca\u03cc\u03bd\u03c4\u03b1. \u03a0\u03ac\u03c1\u03b5 \u03c4\u03b7 \u03bc\u03bf\u03af\u03c1\u03b1 \u03c3\u03bf\u03c5 \u03c3\u03c4\u03b1 \u03c7\u03ad\u03c1\u03b9\u03b1 \u03c3\u03bf\u03c5 \u03ba\u03b1\u03b9 \u03b3\u03af\u03bd\u03b5 \u03bc\u03ad\u03bb\u03bf\u03c2 <strong>\u03c4\u03bf \u03c0\u03bb\u03ae\u03c1\u03c9\u03bc\u03b1 \u03c4\u03bf\u03c5 Straw Hat<\/strong>, \u0397 \u03b5\u03c0\u03bf\u03c7\u03ae \u03c4\u03b7\u03c2 \u03c0\u03b5\u03b9\u03c1\u03b1\u03c4\u03b5\u03af\u03b1\u03c2 \u03b4\u03b5\u03bd \u03ad\u03c7\u03b5\u03b9 \u03c4\u03b5\u03bb\u03b5\u03b9\u03ce\u03c3\u03b5\u03b9!<\/p>\n<h2>\u03a0\u03bb\u03b7\u03c1\u03bf\u03c6\u03bf\u03c1\u03af\u03b5\u03c2 \u03b3\u03b9\u03b1 \u03c4\u03bf \u03b5\u03b9\u03b4\u03ce\u03bb\u03b9\u03bf Jinbe Karateka Fishman\u00a0<\/h2>\n<ul data-mce-fragment=\"1\">\n<li data-mce-fragment=\"1\"><span data-mce-fragment=\"1\"><b data-mce-fragment=\"1\"><u data-mce-fragment=\"1\">\u039f\u03bb\u03cc\u03c3\u03c9\u03bc\u03bf \u03b5\u03b9\u03b4\u03ce\u03bb\u03b9\u03bf<\/u><\/b>\u00a0\u03a6\u03b9\u03b3\u03bf\u03cd\u03c1\u03b1 One Piece Premium \u03b3\u03b9\u03b1 \u03b1\u03bb\u03b7\u03b8\u03b9\u03bd\u03bf\u03cd\u03c2 \u03c0\u03b5\u03b9\u03c1\u03b1\u03c4\u03ad\u03c2<\/span><\/li>\n<\/ul>\n<ul data-mce-fragment=\"1\">\n<li data-mce-fragment=\"1\">\n<b data-mce-fragment=\"1\">\u03a5\u03bb\u03b7<\/b><span data-mce-fragment=\"1\">\u00a0<\/span>PVC<\/li>\n<\/ul>\n<ul data-mce-fragment=\"1\">\n<li data-mce-fragment=\"1\"><span data-mce-fragment=\"1\"><strong data-mce-fragment=\"1\">\u0394\u03b9\u03ac\u03c3\u03c4\u03b1\u03c3\u03b7<\/strong>\u00a0: 15 \u03b5\u03ba.<\/span><\/li>\n<\/ul>\n<ul data-mce-fragment=\"1\">\n<li data-mce-fragment=\"1\"><span data-mce-fragment=\"1\"><strong data-mce-fragment=\"1\">\u0394\u03a9\u03a1\u0395\u0391\u039d \u03a0\u0391\u03a1\u0391\u0394\u039f\u03a3\u0397<\/strong><\/span><\/li>\n<\/ul>","protected":false},"excerpt":{"rendered":"<p>Jeune pirate, procure-toi d\u00e8s \u00e0 pr\u00e9sent cette Figurine One Piece L&rsquo;Homme Poisson Karat\u00e9ka Jinbe. Jinbe aka \u00ab\u00a0Le Paladin des Mers\u00a0\u00bb est le timonier de l&rsquo;\u00c9quipage du Chapeau de Paille. Il est officiellement le dixi\u00e8me membre de l&rsquo;\u00e9quipage du Chapeau de Paille et le neuvi\u00e8me \u00e0 rejoindre l&rsquo;\u00e9quipage de Luffy. D&rsquo;ailleurs, si tu souhaites agrandir ta [&hellip;]<\/p>","protected":false},"featured_media":13454,"comment_status":"open","ping_status":"open","template":"","meta":[],"product_brand":[],"product_cat":[301,76],"product_tag":[274],"class_list":{"0":"post-13452","1":"product","2":"type-product","3":"status-publish","4":"has-post-thumbnail","6":"product_cat-figurines-jinbe","7":"product_cat-figurines-one-piece","8":"product_tag-jinbe","10":"first","11":"instock","12":"purchasable","13":"product-type-simple"},"yoast_head":"<!-- This site is optimized with the Yoast SEO plugin v27.5 - https:\/\/yoast.com\/product\/yoast-seo-wordpress\/ -->\n<title>Figurine One Piece L&#039;Homme Poisson Karat\u00e9ka Jinbe | Figurine One Piece \u2013 Boutique One Piece<\/title>\n<meta name=\"description\" content=\"Jeune pirate, procure-toi d\u00e8s \u00e0 pr\u00e9sent cette Figurine One Piece L&#039;Homme Poisson Karat\u00e9ka Jinbe. Jinbe aka &quot;Le Paladin des Mers&quot; est le timonier de l&#039;\u00c9quipage du Chapeau de Paille. Il est officiellement le dixi\u00e8me membre de l&#039;\u00e9quipage du Chapeau de Paille et le neuvi\u00e8me \u00e0 rejoindre l&#039;\u00e9quipage de Luffy. D&#039;ailleurs, si t\" \/>\n<meta name=\"robots\" content=\"index, follow, max-snippet:-1, max-image-preview:large, max-video-preview:-1\" \/>\n<link rel=\"canonical\" href=\"https:\/\/boutique-one-piece.com\/el\/\u03c6\u03b9\u03b3\u03bf\u03cd\u03c1\u03b5\u03c2-one-piece\/\u03b5\u03b9\u03b4\u03ce\u03bb\u03b9\u03b1-jinbe\/\u03bf\u03bb\u03cc\u03c3\u03c9\u03bc\u03bf-\u03b5\u03b9\u03b4\u03ce\u03bb\u03b9\u03bf-\u03c8\u03b1\u03c1\u03ac-\u03ba\u03b1\u03c1\u03b1\u03c4\u03ad\u03ba\u03b1-\u03c4\u03b6\u03b9\u03bd\u03bc\u03c0\/\" \/>\n<meta property=\"og:locale\" content=\"el_GR\" \/>\n<meta property=\"og:type\" content=\"article\" \/>\n<meta property=\"og:title\" content=\"Figurine One Piece L&#039;Homme Poisson Karat\u00e9ka Jinbe | Figurine One Piece \u2013 Boutique One Piece\" \/>\n<meta property=\"og:description\" content=\"Jeune pirate, procure-toi d\u00e8s \u00e0 pr\u00e9sent cette Figurine One Piece L&#039;Homme Poisson Karat\u00e9ka Jinbe. Jinbe aka &quot;Le Paladin des Mers&quot; est le timonier de l&#039;\u00c9quipage du Chapeau de Paille. Il est officiellement le dixi\u00e8me membre de l&#039;\u00e9quipage du Chapeau de Paille et le neuvi\u00e8me \u00e0 rejoindre l&#039;\u00e9quipage de Luffy. D&#039;ailleurs, si t\" \/>\n<meta property=\"og:url\" content=\"https:\/\/boutique-one-piece.com\/el\/\u03c6\u03b9\u03b3\u03bf\u03cd\u03c1\u03b5\u03c2-one-piece\/\u03b5\u03b9\u03b4\u03ce\u03bb\u03b9\u03b1-jinbe\/\u03bf\u03bb\u03cc\u03c3\u03c9\u03bc\u03bf-\u03b5\u03b9\u03b4\u03ce\u03bb\u03b9\u03bf-\u03c8\u03b1\u03c1\u03ac-\u03ba\u03b1\u03c1\u03b1\u03c4\u03ad\u03ba\u03b1-\u03c4\u03b6\u03b9\u03bd\u03bc\u03c0\/\" \/>\n<meta property=\"og:site_name\" content=\"Boutique One Piece\" \/>\n<meta property=\"article:modified_time\" content=\"2025-10-03T14:07:55+00:00\" \/>\n<meta property=\"og:image\" content=\"https:\/\/boutique-one-piece.com\/wp-content\/uploads\/2022\/09\/Figurine-One-Piece-LHomme-Poisson-Karateka-Jinbe-1.jpg\" \/>\n\t<meta property=\"og:image:width\" content=\"640\" \/>\n\t<meta property=\"og:image:height\" content=\"640\" \/>\n\t<meta property=\"og:image:type\" content=\"image\/jpeg\" \/>\n<meta name=\"twitter:card\" content=\"summary_large_image\" \/>\n<meta name=\"twitter:label1\" content=\"\u0395\u03ba\u03c4\u03b9\u03bc\u03ce\u03bc\u03b5\u03bd\u03bf\u03c2 \u03c7\u03c1\u03cc\u03bd\u03bf\u03c2 \u03b1\u03bd\u03ac\u03b3\u03bd\u03c9\u03c3\u03b7\u03c2\" \/>\n\t<meta name=\"twitter:data1\" content=\"2 \u03bb\u03b5\u03c0\u03c4\u03ac\" \/>\n<script type=\"application\/ld+json\" class=\"yoast-schema-graph\">{\"@context\":\"https:\\\/\\\/schema.org\",\"@graph\":[{\"@type\":\"WebPage\",\"@id\":\"https:\\\/\\\/boutique-one-piece.com\\\/figurines-one-piece\\\/figurines-jinbe\\\/figurine-one-piece-lhomme-poisson-karateka-jinbe\\\/\",\"url\":\"https:\\\/\\\/boutique-one-piece.com\\\/figurines-one-piece\\\/figurines-jinbe\\\/figurine-one-piece-lhomme-poisson-karateka-jinbe\\\/\",\"name\":\"Figurine One Piece L'Homme Poisson Karat\u00e9ka Jinbe | Figurine One Piece \u2013 Boutique One Piece\",\"isPartOf\":{\"@id\":\"https:\\\/\\\/boutique-one-piece.com\\\/#website\"},\"primaryImageOfPage\":{\"@id\":\"https:\\\/\\\/boutique-one-piece.com\\\/figurines-one-piece\\\/figurines-jinbe\\\/figurine-one-piece-lhomme-poisson-karateka-jinbe\\\/#primaryimage\"},\"image\":{\"@id\":\"https:\\\/\\\/boutique-one-piece.com\\\/figurines-one-piece\\\/figurines-jinbe\\\/figurine-one-piece-lhomme-poisson-karateka-jinbe\\\/#primaryimage\"},\"thumbnailUrl\":\"https:\\\/\\\/boutique-one-piece.com\\\/wp-content\\\/uploads\\\/2022\\\/09\\\/Figurine-One-Piece-LHomme-Poisson-Karateka-Jinbe-1.jpg\",\"datePublished\":\"2022-09-27T21:20:34+00:00\",\"dateModified\":\"2025-10-03T14:07:55+00:00\",\"description\":\"Jeune pirate, procure-toi d\u00e8s \u00e0 pr\u00e9sent cette Figurine One Piece L'Homme Poisson Karat\u00e9ka Jinbe. Jinbe aka \\\"Le Paladin des Mers\\\" est le timonier de l'\u00c9quipage du Chapeau de Paille. Il est officiellement le dixi\u00e8me membre de l'\u00e9quipage du Chapeau de Paille et le neuvi\u00e8me \u00e0 rejoindre l'\u00e9quipage de Luffy. D'ailleurs, si t\",\"breadcrumb\":{\"@id\":\"https:\\\/\\\/boutique-one-piece.com\\\/figurines-one-piece\\\/figurines-jinbe\\\/figurine-one-piece-lhomme-poisson-karateka-jinbe\\\/#breadcrumb\"},\"inLanguage\":\"el\",\"potentialAction\":[{\"@type\":\"ReadAction\",\"target\":[\"https:\\\/\\\/boutique-one-piece.com\\\/figurines-one-piece\\\/figurines-jinbe\\\/figurine-one-piece-lhomme-poisson-karateka-jinbe\\\/\"]}]},{\"@type\":\"ImageObject\",\"inLanguage\":\"el\",\"@id\":\"https:\\\/\\\/boutique-one-piece.com\\\/figurines-one-piece\\\/figurines-jinbe\\\/figurine-one-piece-lhomme-poisson-karateka-jinbe\\\/#primaryimage\",\"url\":\"https:\\\/\\\/boutique-one-piece.com\\\/wp-content\\\/uploads\\\/2022\\\/09\\\/Figurine-One-Piece-LHomme-Poisson-Karateka-Jinbe-1.jpg\",\"contentUrl\":\"https:\\\/\\\/boutique-one-piece.com\\\/wp-content\\\/uploads\\\/2022\\\/09\\\/Figurine-One-Piece-LHomme-Poisson-Karateka-Jinbe-1.jpg\",\"width\":640,\"height\":640},{\"@type\":\"BreadcrumbList\",\"@id\":\"https:\\\/\\\/boutique-one-piece.com\\\/figurines-one-piece\\\/figurines-jinbe\\\/figurine-one-piece-lhomme-poisson-karateka-jinbe\\\/#breadcrumb\",\"itemListElement\":[{\"@type\":\"ListItem\",\"position\":1,\"name\":\"Home\",\"item\":\"https:\\\/\\\/boutique-one-piece.com\\\/\"},{\"@type\":\"ListItem\",\"position\":2,\"name\":\"Shop\",\"item\":\"https:\\\/\\\/boutique-one-piece.com\\\/shop\\\/\"},{\"@type\":\"ListItem\",\"position\":3,\"name\":\"Figurine One Piece L&#8217;Homme Poisson Karat\u00e9ka Jinbe\"}]},{\"@type\":\"WebSite\",\"@id\":\"https:\\\/\\\/boutique-one-piece.com\\\/#website\",\"url\":\"https:\\\/\\\/boutique-one-piece.com\\\/\",\"name\":\"Boutique One Piece\",\"description\":\"Magasin Sp\u00e9cialis\u00e9 du Manga et l&#039;Anime One Piece\",\"publisher\":{\"@id\":\"https:\\\/\\\/boutique-one-piece.com\\\/#organization\"},\"potentialAction\":[{\"@type\":\"SearchAction\",\"target\":{\"@type\":\"EntryPoint\",\"urlTemplate\":\"https:\\\/\\\/boutique-one-piece.com\\\/?s={search_term_string}\"},\"query-input\":{\"@type\":\"PropertyValueSpecification\",\"valueRequired\":true,\"valueName\":\"search_term_string\"}}],\"inLanguage\":\"el\"},{\"@type\":\"Organization\",\"@id\":\"https:\\\/\\\/boutique-one-piece.com\\\/#organization\",\"name\":\"Boutique One Piece\",\"url\":\"https:\\\/\\\/boutique-one-piece.com\\\/\",\"logo\":{\"@type\":\"ImageObject\",\"inLanguage\":\"el\",\"@id\":\"https:\\\/\\\/boutique-one-piece.com\\\/#\\\/schema\\\/logo\\\/image\\\/\",\"url\":\"https:\\\/\\\/boutique-one-piece.com\\\/wp-content\\\/uploads\\\/2022\\\/09\\\/Logo-01.png\",\"contentUrl\":\"https:\\\/\\\/boutique-one-piece.com\\\/wp-content\\\/uploads\\\/2022\\\/09\\\/Logo-01.png\",\"width\":2318,\"height\":957,\"caption\":\"Boutique One Piece\"},\"image\":{\"@id\":\"https:\\\/\\\/boutique-one-piece.com\\\/#\\\/schema\\\/logo\\\/image\\\/\"}}]}<\/script>\n<!-- \/ Yoast SEO plugin. -->","yoast_head_json":{"title":"One Piece Fishman Karateka Jinbe \u03a6\u03b9\u03b3\u03bf\u03cd\u03c1\u03b1 | One Piece Figure \u2013 One Piece Shop","description":"\u039d\u03b5\u03b1\u03c1\u03ad \u03c0\u03b5\u03b9\u03c1\u03b1\u03c4\u03ae, \u03b1\u03c0\u03ad\u03ba\u03c4\u03b7\u03c3\u03b5 \u03c4\u03ce\u03c1\u03b1 \u03b1\u03c5\u03c4\u03ae \u03c4\u03b7 \u03c6\u03b9\u03b3\u03bf\u03cd\u03c1\u03b1 Jinbe \u03c4\u03bf\u03c5 One Piece Fish-Man Karate-King! \u039f Jinbe, \u03b3\u03bd\u03c9\u03c3\u03c4\u03cc\u03c2 \u03ba\u03b1\u03b9 \u03c9\u03c2 &quot;\u039f \u03a0\u03b1\u03bb\u03b1\u03b4\u03af\u03bd\u03bf\u03c2 \u03c4\u03c9\u03bd \u0398\u03b1\u03bb\u03b1\u03c3\u03c3\u03ce\u03bd&quot;, \u03b5\u03af\u03bd\u03b1\u03b9 \u03bf \u03c4\u03b9\u03bc\u03bf\u03bd\u03b9\u03ad\u03c1\u03b7\u03c2 \u03c4\u03bf\u03c5 \u03c0\u03bb\u03b7\u03c1\u03ce\u03bc\u03b1\u03c4\u03bf\u03c2 Straw Hat. \u0395\u03af\u03bd\u03b1\u03b9 \u03b5\u03c0\u03af\u03c3\u03b7\u03bc\u03b1 \u03c4\u03bf \u03b4\u03ad\u03ba\u03b1\u03c4\u03bf \u03bc\u03ad\u03bb\u03bf\u03c2 \u03c4\u03bf\u03c5 \u03c0\u03bb\u03b7\u03c1\u03ce\u03bc\u03b1\u03c4\u03bf\u03c2 Straw Hat \u03ba\u03b1\u03b9 \u03c4\u03bf \u03ad\u03bd\u03b1\u03c4\u03bf \u03c0\u03bf\u03c5 \u03b5\u03bd\u03c4\u03ac\u03c3\u03c3\u03b5\u03c4\u03b1\u03b9 \u03c3\u03c4\u03bf \u03c0\u03bb\u03ae\u03c1\u03c9\u03bc\u03b1 \u03c4\u03bf\u03c5 Luffy. \u0395\u03c0\u03b9\u03c0\u03bb\u03ad\u03bf\u03bd, \u03b1\u03bd \u03b5\u03c3\u03cd","robots":{"index":"index","follow":"follow","max-snippet":"max-snippet:-1","max-image-preview":"max-image-preview:large","max-video-preview":"max-video-preview:-1"},"canonical":"https:\/\/boutique-one-piece.com\/el\/\u03c6\u03b9\u03b3\u03bf\u03cd\u03c1\u03b5\u03c2-one-piece\/\u03b5\u03b9\u03b4\u03ce\u03bb\u03b9\u03b1-jinbe\/\u03bf\u03bb\u03cc\u03c3\u03c9\u03bc\u03bf-\u03b5\u03b9\u03b4\u03ce\u03bb\u03b9\u03bf-\u03c8\u03b1\u03c1\u03ac-\u03ba\u03b1\u03c1\u03b1\u03c4\u03ad\u03ba\u03b1-\u03c4\u03b6\u03b9\u03bd\u03bc\u03c0\/","og_locale":"el_GR","og_type":"article","og_title":"Figurine One Piece L'Homme Poisson Karat\u00e9ka Jinbe | Figurine One Piece \u2013 Boutique One Piece","og_description":"Jeune pirate, procure-toi d\u00e8s \u00e0 pr\u00e9sent cette Figurine One Piece L'Homme Poisson Karat\u00e9ka Jinbe. Jinbe aka \"Le Paladin des Mers\" est le timonier de l'\u00c9quipage du Chapeau de Paille. Il est officiellement le dixi\u00e8me membre de l'\u00e9quipage du Chapeau de Paille et le neuvi\u00e8me \u00e0 rejoindre l'\u00e9quipage de Luffy. D'ailleurs, si t","og_url":"https:\/\/boutique-one-piece.com\/el\/\u03c6\u03b9\u03b3\u03bf\u03cd\u03c1\u03b5\u03c2-one-piece\/\u03b5\u03b9\u03b4\u03ce\u03bb\u03b9\u03b1-jinbe\/\u03bf\u03bb\u03cc\u03c3\u03c9\u03bc\u03bf-\u03b5\u03b9\u03b4\u03ce\u03bb\u03b9\u03bf-\u03c8\u03b1\u03c1\u03ac-\u03ba\u03b1\u03c1\u03b1\u03c4\u03ad\u03ba\u03b1-\u03c4\u03b6\u03b9\u03bd\u03bc\u03c0\/","og_site_name":"Boutique One Piece","article_modified_time":"2025-10-03T14:07:55+00:00","og_image":[{"width":640,"height":640,"url":"https:\/\/boutique-one-piece.com\/wp-content\/uploads\/2022\/09\/Figurine-One-Piece-LHomme-Poisson-Karateka-Jinbe-1.jpg","type":"image\/jpeg"}],"twitter_card":"summary_large_image","twitter_misc":{"\u0395\u03ba\u03c4\u03b9\u03bc\u03ce\u03bc\u03b5\u03bd\u03bf\u03c2 \u03c7\u03c1\u03cc\u03bd\u03bf\u03c2 \u03b1\u03bd\u03ac\u03b3\u03bd\u03c9\u03c3\u03b7\u03c2":"2 \u03bb\u03b5\u03c0\u03c4\u03ac"},"schema":{"@context":"https:\/\/schema.org","@graph":[{"@type":"WebPage","@id":"https:\/\/boutique-one-piece.com\/figurines-one-piece\/figurines-jinbe\/figurine-one-piece-lhomme-poisson-karateka-jinbe\/","url":"https:\/\/boutique-one-piece.com\/figurines-one-piece\/figurines-jinbe\/figurine-one-piece-lhomme-poisson-karateka-jinbe\/","name":"One Piece Fishman Karateka Jinbe \u03a6\u03b9\u03b3\u03bf\u03cd\u03c1\u03b1 | One Piece Figure \u2013 One Piece Shop","isPartOf":{"@id":"https:\/\/boutique-one-piece.com\/#website"},"primaryImageOfPage":{"@id":"https:\/\/boutique-one-piece.com\/figurines-one-piece\/figurines-jinbe\/figurine-one-piece-lhomme-poisson-karateka-jinbe\/#primaryimage"},"image":{"@id":"https:\/\/boutique-one-piece.com\/figurines-one-piece\/figurines-jinbe\/figurine-one-piece-lhomme-poisson-karateka-jinbe\/#primaryimage"},"thumbnailUrl":"https:\/\/boutique-one-piece.com\/wp-content\/uploads\/2022\/09\/Figurine-One-Piece-LHomme-Poisson-Karateka-Jinbe-1.jpg","datePublished":"2022-09-27T21:20:34+00:00","dateModified":"2025-10-03T14:07:55+00:00","description":"\u039d\u03b5\u03b1\u03c1\u03ad \u03c0\u03b5\u03b9\u03c1\u03b1\u03c4\u03ae, \u03b1\u03c0\u03ad\u03ba\u03c4\u03b7\u03c3\u03b5 \u03c4\u03ce\u03c1\u03b1 \u03b1\u03c5\u03c4\u03ae \u03c4\u03b7 \u03c6\u03b9\u03b3\u03bf\u03cd\u03c1\u03b1 Jinbe \u03c4\u03bf\u03c5 One Piece Fish-Man Karate-King! \u039f Jinbe, \u03b3\u03bd\u03c9\u03c3\u03c4\u03cc\u03c2 \u03ba\u03b1\u03b9 \u03c9\u03c2 &quot;\u039f \u03a0\u03b1\u03bb\u03b1\u03b4\u03af\u03bd\u03bf\u03c2 \u03c4\u03c9\u03bd \u0398\u03b1\u03bb\u03b1\u03c3\u03c3\u03ce\u03bd&quot;, \u03b5\u03af\u03bd\u03b1\u03b9 \u03bf \u03c4\u03b9\u03bc\u03bf\u03bd\u03b9\u03ad\u03c1\u03b7\u03c2 \u03c4\u03bf\u03c5 \u03c0\u03bb\u03b7\u03c1\u03ce\u03bc\u03b1\u03c4\u03bf\u03c2 Straw Hat. \u0395\u03af\u03bd\u03b1\u03b9 \u03b5\u03c0\u03af\u03c3\u03b7\u03bc\u03b1 \u03c4\u03bf \u03b4\u03ad\u03ba\u03b1\u03c4\u03bf \u03bc\u03ad\u03bb\u03bf\u03c2 \u03c4\u03bf\u03c5 \u03c0\u03bb\u03b7\u03c1\u03ce\u03bc\u03b1\u03c4\u03bf\u03c2 Straw Hat \u03ba\u03b1\u03b9 \u03c4\u03bf \u03ad\u03bd\u03b1\u03c4\u03bf \u03c0\u03bf\u03c5 \u03b5\u03bd\u03c4\u03ac\u03c3\u03c3\u03b5\u03c4\u03b1\u03b9 \u03c3\u03c4\u03bf \u03c0\u03bb\u03ae\u03c1\u03c9\u03bc\u03b1 \u03c4\u03bf\u03c5 Luffy. \u0395\u03c0\u03b9\u03c0\u03bb\u03ad\u03bf\u03bd, \u03b1\u03bd \u03b5\u03c3\u03cd","breadcrumb":{"@id":"https:\/\/boutique-one-piece.com\/figurines-one-piece\/figurines-jinbe\/figurine-one-piece-lhomme-poisson-karateka-jinbe\/#breadcrumb"},"inLanguage":"el","potentialAction":[{"@type":"ReadAction","target":["https:\/\/boutique-one-piece.com\/figurines-one-piece\/figurines-jinbe\/figurine-one-piece-lhomme-poisson-karateka-jinbe\/"]}]},{"@type":"ImageObject","inLanguage":"el","@id":"https:\/\/boutique-one-piece.com\/figurines-one-piece\/figurines-jinbe\/figurine-one-piece-lhomme-poisson-karateka-jinbe\/#primaryimage","url":"https:\/\/boutique-one-piece.com\/wp-content\/uploads\/2022\/09\/Figurine-One-Piece-LHomme-Poisson-Karateka-Jinbe-1.jpg","contentUrl":"https:\/\/boutique-one-piece.com\/wp-content\/uploads\/2022\/09\/Figurine-One-Piece-LHomme-Poisson-Karateka-Jinbe-1.jpg","width":640,"height":640},{"@type":"BreadcrumbList","@id":"https:\/\/boutique-one-piece.com\/figurines-one-piece\/figurines-jinbe\/figurine-one-piece-lhomme-poisson-karateka-jinbe\/#breadcrumb","itemListElement":[{"@type":"ListItem","position":1,"name":"Home","item":"https:\/\/boutique-one-piece.com\/"},{"@type":"ListItem","position":2,"name":"Shop","item":"https:\/\/boutique-one-piece.com\/shop\/"},{"@type":"ListItem","position":3,"name":"Figurine One Piece L&#8217;Homme Poisson Karat\u00e9ka Jinbe"}]},{"@type":"WebSite","@id":"https:\/\/boutique-one-piece.com\/#website","url":"https:\/\/boutique-one-piece.com\/","name":"\u039a\u03b1\u03c4\u03ac\u03c3\u03c4\u03b7\u03bc\u03b1 One Piece","description":"\u0395\u03be\u03b5\u03b9\u03b4\u03b9\u03ba\u03b5\u03c5\u03bc\u03ad\u03bd\u03bf \u03ba\u03b1\u03c4\u03ac\u03c3\u03c4\u03b7\u03bc\u03b1 \u03b3\u03b9\u03b1 One Piece Manga \u03ba\u03b1\u03b9 Anime","publisher":{"@id":"https:\/\/boutique-one-piece.com\/#organization"},"potentialAction":[{"@type":"SearchAction","target":{"@type":"EntryPoint","urlTemplate":"https:\/\/boutique-one-piece.com\/?s={search_term_string}"},"query-input":{"@type":"PropertyValueSpecification","valueRequired":true,"valueName":"search_term_string"}}],"inLanguage":"el"},{"@type":"Organization","@id":"https:\/\/boutique-one-piece.com\/#organization","name":"\u039a\u03b1\u03c4\u03ac\u03c3\u03c4\u03b7\u03bc\u03b1 One Piece","url":"https:\/\/boutique-one-piece.com\/","logo":{"@type":"ImageObject","inLanguage":"el","@id":"https:\/\/boutique-one-piece.com\/#\/schema\/logo\/image\/","url":"https:\/\/boutique-one-piece.com\/wp-content\/uploads\/2022\/09\/Logo-01.png","contentUrl":"https:\/\/boutique-one-piece.com\/wp-content\/uploads\/2022\/09\/Logo-01.png","width":2318,"height":957,"caption":"Boutique One Piece"},"image":{"@id":"https:\/\/boutique-one-piece.com\/#\/schema\/logo\/image\/"}}]}},"_links":{"self":[{"href":"https:\/\/boutique-one-piece.com\/el\/wp-json\/wp\/v2\/product\/13452","targetHints":{"allow":["GET"]}}],"collection":[{"href":"https:\/\/boutique-one-piece.com\/el\/wp-json\/wp\/v2\/product"}],"about":[{"href":"https:\/\/boutique-one-piece.com\/el\/wp-json\/wp\/v2\/types\/product"}],"replies":[{"embeddable":true,"href":"https:\/\/boutique-one-piece.com\/el\/wp-json\/wp\/v2\/comments?post=13452"}],"wp:featuredmedia":[{"embeddable":true,"href":"https:\/\/boutique-one-piece.com\/el\/wp-json\/wp\/v2\/media\/13454"}],"wp:attachment":[{"href":"https:\/\/boutique-one-piece.com\/el\/wp-json\/wp\/v2\/media?parent=13452"}],"wp:term":[{"taxonomy":"product_brand","embeddable":true,"href":"https:\/\/boutique-one-piece.com\/el\/wp-json\/wp\/v2\/product_brand?post=13452"},{"taxonomy":"product_cat","embeddable":true,"href":"https:\/\/boutique-one-piece.com\/el\/wp-json\/wp\/v2\/product_cat?post=13452"},{"taxonomy":"product_tag","embeddable":true,"href":"https:\/\/boutique-one-piece.com\/el\/wp-json\/wp\/v2\/product_tag?post=13452"}],"curies":[{"name":"\u03b5\u03c1\u03b3\u03b1\u03c3\u03af\u03b1","href":"https:\/\/api.w.org\/{rel}","templated":true}]}}