{"id":13687,"date":"2022-09-27T21:22:12","date_gmt":"2022-09-27T21:22:12","guid":{"rendered":"https:\/\/boutique-one-piece.com\/uncategorized\/figurine-one-piece-le-grand-corsaire-mihawk-oeil-de-faucon\/"},"modified":"2024-09-16T13:21:34","modified_gmt":"2024-09-16T13:21:34","slug":"%cf%86%ce%b9%ce%b3%ce%bf%cf%8d%cf%81%ce%b1-one-piece-mihawk-%ce%bf-%ce%bc%ce%b5%ce%b3%ce%ac%ce%bb%ce%bf%cf%82-%cf%80%ce%bf%ce%bb%ce%ad%ce%bc%ce%b1%cf%81%cf%87%ce%bf%cf%82-%cf%84%ce%b7%cf%82-%ce%b8","status":"publish","type":"product","link":"https:\/\/boutique-one-piece.com\/el\/%cf%86%ce%b9%ce%b3%ce%bf%cf%8d%cf%81%ce%b5%cf%82-one-piece\/%cf%86%ce%b9%ce%b3%ce%bf%cf%8d%cf%81%ce%b1-one-piece-mihawk-%ce%bf-%ce%bc%ce%b5%ce%b3%ce%ac%ce%bb%ce%bf%cf%82-%cf%80%ce%bf%ce%bb%ce%ad%ce%bc%ce%b1%cf%81%cf%87%ce%bf%cf%82-%cf%84%ce%b7%cf%82-%ce%b8\/","title":{"rendered":"\u03a6\u03b9\u03b3\u03bf\u03cd\u03c1\u03b1 One Piece: \u039f \u039c\u03b5\u03b3\u03ac\u03bb\u03bf\u03c2 \u03a0\u03bf\u03bb\u03ad\u03bc\u03b1\u03c1\u03c7\u03bf\u03c2 Mihawk Hawkeye"},"content":{"rendered":"<h2>\u039d\u03b5\u03b1\u03c1\u03ad \u03c0\u03b5\u03b9\u03c1\u03b1\u03c4\u03ae, \u03ae\u03c1\u03b8\u03b5 \u03b7 \u03ce\u03c1\u03b1 \u03bd\u03b1 \u03b1\u03c0\u03bf\u03ba\u03c4\u03ae\u03c3\u03b5\u03b9\u03c2 \u03b1\u03c5\u03c4\u03ae \u03c4\u03b7\u03bd One Piece \u03a6\u03b9\u03b3\u03bf\u03cd\u03c1\u03b1, \u03c4\u03bf\u03bd \u039c\u03b5\u03b3\u03ac\u03bb\u03bf \u039a\u03bf\u03c5\u03c1\u03c3\u03ac\u03c1\u03bf Mihawk Hawkeye.<\/h2>\n<p>\u0391\u03bd\u03b1\u03bc\u03c6\u03af\u03b2\u03bf\u03bb\u03b1 \u03b3\u03bd\u03c9\u03c1\u03af\u03b6\u03b5\u03c4\u03b5 \u03cc\u03c4\u03b9 <strong>\u0394\u03c1\u03ac\u03ba\u03bf\u03c5\u03bb\u03b5 \u039c\u03af\u03c7\u03bf\u03ba<\/strong>, \u03b3\u03bd\u03c9\u03c3\u03c4\u03cc\u03c2 \u03bc\u03b5 \u03c4\u03bf \u03c0\u03b1\u03c1\u03b1\u03c4\u03c3\u03bf\u03cd\u03ba\u03bb\u03b9 \u00bbHawkeye\u00ab, \u03b5\u03af\u03bd\u03b1\u03b9 \u03bf \u03c0\u03c1\u03ce\u03c4\u03bf\u03c2 \u03a0\u03bf\u03bb\u03ad\u03bc\u03b1\u03c1\u03c7\u03bf\u03c2 \u03c4\u03b7\u03c2 \u0398\u03ac\u03bb\u03b1\u03c3\u03c3\u03b1\u03c2 \u03c0\u03bf\u03c5 \u03b5\u03bc\u03c6\u03b1\u03bd\u03af\u03b6\u03b5\u03c4\u03b1\u03b9. \u03a0\u03b1\u03c1\u03ad\u03bc\u03b5\u03b9\u03bd\u03b5 \u03a0\u03bf\u03bb\u03ad\u03bc\u03b1\u03c1\u03c7\u03bf\u03c2 \u03bc\u03ad\u03c7\u03c1\u03b9 \u03c4\u03b7 \u03b4\u03b9\u03ac\u03bb\u03c5\u03c3\u03b7 \u03c4\u03b7\u03c2 \u03bf\u03bc\u03ac\u03b4\u03b1\u03c2. \u039a\u03b1\u03c4\u03ad\u03c7\u03b5\u03b9 \u03c4\u03bf\u03bd \u03c4\u03af\u03c4\u03bb\u03bf \u03c4\u03bf\u03c5 \u00bb\u039c\u03b5\u03b3\u03b1\u03bb\u03cd\u03c4\u03b5\u03c1\u03bf\u03c5 \u039e\u03b9\u03c6\u03bf\u03bc\u03ac\u03c7\u03bf\u03c5 \u03c4\u03bf\u03c5 \u039a\u03cc\u03c3\u03bc\u03bf\u03c5\u00bb \u03ba\u03b1\u03b9 \u03ae\u03c4\u03b1\u03bd \u03bf \u03b5\u03ba\u03c0\u03b1\u03b9\u03b4\u03b5\u03c5\u03c4\u03ae\u03c2 \u03c4\u03bf\u03c5<strong> \u0396\u03bf\u03c1\u03cc \u03a1\u03bf\u03c1\u03bf\u03bd\u03cc\u03b1<\/strong> \u03ba\u03b1\u03c4\u03ac \u03c4\u03b7 \u03b4\u03b9\u03ac\u03c1\u03ba\u03b5\u03b9\u03b1 \u03c4\u03b7\u03c2 2\u03b5\u03c4\u03bf\u03cd\u03c2 \u03c0\u03b1\u03c1\u03ac\u03bb\u03b5\u03b9\u03c8\u03b7\u03c2. \u0395\u03c0\u03af\u03c3\u03b7\u03c2, \u03b1\u03bd \u03b8\u03ad\u03bb\u03b5\u03c4\u03b5 \u03bd\u03b1 \u03b5\u03c0\u03b5\u03ba\u03c4\u03b5\u03af\u03bd\u03b5\u03c4\u03b5 \u03c4\u03b7 \u03c3\u03c5\u03bb\u03bb\u03bf\u03b3\u03ae \u03b5\u03b9\u03b4\u03c9\u03bb\u03af\u03c9\u03bd \u03c3\u03b1\u03c2, \u03c4\u03bf <a title=\"ONE PIECES \u03a6\u0399\u0393\u039f\u03a5\u03a1\u0391 \u039f \u0396\u039f\u03a1\u039f \u039a\u0391\u0399 \u03a4\u0391 \u03a3\u03a0\u0391\u0398\u0399\u0391 \u03a4\u039f\u03a5\" href=\"https:\/\/boutique-one-piece.com\/el\/figurine-one-piece-%20zoro-et-ses-sabres\/\" target=\"_blank\" rel=\"noopener\">\u03a6\u03b9\u03b3\u03bf\u03cd\u03c1\u03b1 \u0396\u03cc\u03c1\u03bf \u03bc\u03b5 3 \u03c3\u03c0\u03b1\u03b8\u03b9\u03ac<\/a> \u03b5\u03af\u03bd\u03b1\u03b9 \u03b5\u03bd\u03c4\u03cc\u03c2 \u03c4\u03c9\u03bd \u03b4\u03c5\u03bd\u03b1\u03c4\u03bf\u03c4\u03ae\u03c4\u03c9\u03bd \u03c3\u03b1\u03c2.<\/p>\n<p>\u0395\u03c0\u03b9\u03c3\u03c4\u03c1\u03ad\u03c6\u03bf\u03bd\u03c4\u03b1\u03c2 \u03c3\u03c4\u03bf\u03bd Mihawk, \u03b8\u03b1 \u03c0\u03c1\u03ad\u03c0\u03b5\u03b9 \u03b5\u03c0\u03af\u03c3\u03b7\u03c2 \u03bd\u03b1 \u03be\u03ad\u03c1\u03b5\u03c4\u03b5 \u03cc\u03c4\u03b9 \u03b5\u03af\u03bd\u03b1\u03b9 \u03ad\u03bd\u03b1\u03c2 \u03bc\u03ac\u03c3\u03c4\u03b5\u03c1.<strong> \u03a0\u03b1\u03c1\u03b1\u03c4\u03ae\u03c1\u03b7\u03c3\u03b7 Haki \u03ba\u03b1\u03b9 Armament Haki<\/strong>. \u0394\u03af\u03b4\u03b1\u03be\u03b5 \u03c3\u03c4\u03bf\u03bd \u0396\u03cc\u03c1\u03bf \u03c0\u03ce\u03c2 \u03bd\u03b1 \u03c7\u03c1\u03b7\u03c3\u03b9\u03bc\u03bf\u03c0\u03bf\u03b9\u03b5\u03af \u03c4\u03bf Haki \u038c\u03c0\u03bb\u03c9\u03bd \u03b3\u03b9\u03b1 \u03bd\u03b1 \u03c4\u03bf\u03bd \u03b5\u03bc\u03c0\u03bf\u03b4\u03af\u03c3\u03b5\u03b9 \u03bd\u03b1 \u03c3\u03c0\u03ac\u03c3\u03b5\u03b9 \u03be\u03b1\u03bd\u03ac \u03c4\u03b1 \u03c3\u03c0\u03b1\u03b8\u03b9\u03ac \u03c4\u03bf\u03c5. \u0391\u03c5\u03c4\u03cc \u03c5\u03c0\u03bf\u03bd\u03bf\u03b5\u03af \u03cc\u03c4\u03b9 \u03ba\u03b1\u03c4\u03ad\u03c7\u03b5\u03b9 \u03b5\u03c0\u03b1\u03c1\u03ba\u03ae \u03b3\u03bd\u03ce\u03c3\u03b7 \u03ba\u03b1\u03b9 \u03bc\u03b1\u03b5\u03c3\u03c4\u03c1\u03af\u03b1 \u03b3\u03b9\u03b1 \u03bd\u03b1 \u03b5\u03af\u03bd\u03b1\u03b9 \u03c3\u03b5 \u03b8\u03ad\u03c3\u03b7 \u03bd\u03b1 \u03b4\u03b9\u03b4\u03ac\u03be\u03b5\u03b9 \u03c3\u03b5 \u03ba\u03ac\u03c0\u03bf\u03b9\u03bf\u03bd \u03ac\u03bb\u03bb\u03bf \u03c0\u03ce\u03c2 \u03bd\u03b1 \u03c4\u03bf \u03c7\u03c1\u03b7\u03c3\u03b9\u03bc\u03bf\u03c0\u03bf\u03b9\u03b5\u03af.<\/p>\n<h3>\u039b\u03bf\u03b9\u03c0\u03cc\u03bd, \u03c3\u03b1\u03c2 \u03ad\u03c7\u03b5\u03b9 \u03b3\u03bf\u03b7\u03c4\u03b5\u03cd\u03c3\u03b5\u03b9 \u03b7 \u03c6\u03b9\u03b3\u03bf\u03cd\u03c1\u03b1 \u03c4\u03bf\u03c5 Hawkeye; \u0391\u03bd \u03bd\u03b1\u03b9, \u03bc\u03b7\u03bd \u03b4\u03b9\u03c3\u03c4\u03ac\u03c3\u03b5\u03c4\u03b5 \u03ac\u03bb\u03bb\u03bf \u03ba\u03b1\u03b9 \u03c0\u03c1\u03bf\u03c0\u03bf\u03bd\u03b7\u03b8\u03b5\u03af\u03c4\u03b5 \u03b4\u03af\u03c0\u03bb\u03b1 \u03c3\u03c4\u03bf\u03bd \u03c3\u03c0\u03bf\u03c5\u03b4\u03b1\u03b9\u03cc\u03c4\u03b5\u03c1\u03bf \u03be\u03b9\u03c6\u03bf\u03bc\u03ac\u03c7\u03bf.<\/h3>\n<p><strong>\u039d\u03b5\u03b1\u03c1\u03cc\u03c2 \u03c0\u03b5\u03b9\u03c1\u03b1\u03c4\u03ae\u03c2<\/strong>, \u0389\u03c1\u03b8\u03b5 \u03b7 \u03ce\u03c1\u03b1 \u03bd\u03b1 \u03c0\u03ac\u03c1\u03b5\u03b9\u03c2 \u03c4\u03b7 \u03bc\u03bf\u03af\u03c1\u03b1 \u03c3\u03bf\u03c5 \u03c3\u03c4\u03b1 \u03c7\u03ad\u03c1\u03b9\u03b1 \u03c3\u03bf\u03c5. \u0392\u03c5\u03b8\u03af\u03c3\u03bf\u03c5 \u03c3\u03c4\u03bf\u03bd \u03ba\u03cc\u03c3\u03bc\u03bf \u03c4\u03bf\u03c5 One Piece \u03bc\u03b5 \u03b1\u03c5\u03c4\u03ac \u03c4\u03b1 \u03b8\u03c1\u03c5\u03bb\u03b9\u03ba\u03ac \u03b1\u03bd\u03c4\u03b9\u03ba\u03b5\u03af\u03bc\u03b5\u03bd\u03b1 \u03ba\u03b1\u03b9 \u03b6\u03ae\u03c3\u03b5 \u03b1\u03bc\u03ad\u03c4\u03c1\u03b7\u03c4\u03b5\u03c2 \u03c3\u03c5\u03bd\u03b1\u03c1\u03c0\u03b1\u03c3\u03c4\u03b9\u03ba\u03ad\u03c2 \u03c0\u03b5\u03c1\u03b9\u03c0\u03ad\u03c4\u03b5\u03b9\u03b5\u03c2. \u0391\u03c5\u03c4\u03ac \u03c4\u03b1 \u03b1\u03bd\u03c4\u03b9\u03ba\u03b5\u03af\u03bc\u03b5\u03bd\u03b1 \u03b5\u03af\u03bd\u03b1\u03b9 \u03b9\u03b4\u03b1\u03bd\u03b9\u03ba\u03ac \u03b3\u03b9\u03b1 \u03b4\u03ce\u03c1\u03b1, \u03c3\u03c5\u03bb\u03bb\u03bf\u03b3\u03ad\u03c2 \u03ae \u03b4\u03b9\u03b1\u03ba\u03cc\u03c3\u03bc\u03b7\u03c3\u03b7. \u039c\u03b7\u03bd \u03c0\u03b5\u03c1\u03b9\u03bc\u03ad\u03bd\u03b5\u03b9\u03c2 \u03bb\u03bf\u03b9\u03c0\u03cc\u03bd \u03ac\u03bb\u03bb\u03bf \u03ba\u03b1\u03b9 \u03b5\u03bc\u03c0\u03bb\u03bf\u03c5\u03c4\u03af\u03b6\u03b5\u03b9\u03c2 \u03c4\u03b7 \u03c3\u03c5\u03bb\u03bb\u03bf\u03b3\u03ae \u03c3\u03bf\u03c5! <strong>\u03c4\u03bf \u03c3\u03cd\u03bc\u03c0\u03b1\u03bd One Piece \u03c3\u03bf\u03c5<\/strong>.<\/p>\n<h2>\u03a0\u03bb\u03b7\u03c1\u03bf\u03c6\u03bf\u03c1\u03af\u03b5\u03c2 \u03b3\u03b9\u03b1 \u03c4\u03bf \u03b5\u03b9\u03b4\u03ce\u03bb\u03b9\u03bf Mihawk Hawkeye Warlord\u00a0<\/h2>\n<ul data-mce-fragment=\"1\">\n<li data-mce-fragment=\"1\"><span data-mce-fragment=\"1\"><b data-mce-fragment=\"1\"><u data-mce-fragment=\"1\">\u039f\u03bb\u03cc\u03c3\u03c9\u03bc\u03bf \u03b5\u03b9\u03b4\u03ce\u03bb\u03b9\u03bf<\/u><\/b>\u00a0\u03a6\u03b9\u03b3\u03bf\u03cd\u03c1\u03b1 One Piece Premium \u03b3\u03b9\u03b1 \u03b1\u03bb\u03b7\u03b8\u03b9\u03bd\u03bf\u03cd\u03c2 \u03c0\u03b5\u03b9\u03c1\u03b1\u03c4\u03ad\u03c2<\/span><\/li>\n<\/ul>\n<ul data-mce-fragment=\"1\">\n<li data-mce-fragment=\"1\">\n<b data-mce-fragment=\"1\">\u03a5\u03bb\u03b7<\/b><span data-mce-fragment=\"1\">\u00a0<\/span>PVC<\/li>\n<\/ul>\n<ul data-mce-fragment=\"1\">\n<li data-mce-fragment=\"1\"><span data-mce-fragment=\"1\"><strong data-mce-fragment=\"1\">\u0394\u03b9\u03ac\u03c3\u03c4\u03b1\u03c3\u03b7<\/strong>\u00a0: 15 \u03b5\u03ba.<\/span><\/li>\n<\/ul>\n<ul data-mce-fragment=\"1\">\n<li data-mce-fragment=\"1\"><span data-mce-fragment=\"1\"><strong data-mce-fragment=\"1\">\u0394\u03a9\u03a1\u0395\u0391\u039d \u03a0\u0391\u03a1\u0391\u0394\u039f\u03a3\u0397<\/strong><\/span><\/li>\n<\/ul>","protected":false},"excerpt":{"rendered":"<p>Jeune pirate, le moment est venu pour toi de te procurer cette Figurine One Piece Le Grand Corsaire Mihawk Oeil de Faucon. Tu n&rsquo;es pas sans savoir que Dracule Mihawk, connu sous le surnom d\u0092\u009cil de Faucon\u00a0\u00bb est le premier Capitaine Corsaire \u00e0 appara\u00eetre. Il est rest\u00e9 Capitaine Corsaire jusqu&rsquo;\u00e0 la dissolution de ce groupe. [&hellip;]<\/p>","protected":false},"featured_media":13689,"comment_status":"open","ping_status":"open","template":"","meta":[],"product_brand":[],"product_cat":[76],"product_tag":[272],"class_list":{"0":"post-13687","1":"product","2":"type-product","3":"status-publish","4":"has-post-thumbnail","6":"product_cat-figurines-one-piece","7":"product_tag-mihawk","9":"first","10":"instock","11":"purchasable","12":"product-type-simple"},"yoast_head":"<!-- This site is optimized with the Yoast SEO plugin v27.5 - https:\/\/yoast.com\/product\/yoast-seo-wordpress\/ -->\n<title>Figurine One Piece Le Grand Corsaire Mihawk Oeil de Faucon | Figurine One Piece \u2013 Boutique One Piece<\/title>\n<meta name=\"description\" content=\"Jeune pirate, le moment est venu pour toi de te procurer cette Figurine One Piece Le Grand Corsaire Mihawk Oeil de Faucon. Tu n&#039;es pas sans savoir que Dracule Mihawk, connu sous le surnom d\u2019\u0153il de Faucon&quot; est le premier Capitaine Corsaire \u00e0 appara\u00eetre. Il est rest\u00e9 Capitaine Corsaire jusqu&#039;\u00e0 la dissolution de ce groupe\" \/>\n<meta name=\"robots\" content=\"index, follow, max-snippet:-1, max-image-preview:large, max-video-preview:-1\" \/>\n<link rel=\"canonical\" href=\"https:\/\/boutique-one-piece.com\/el\/\u03c6\u03b9\u03b3\u03bf\u03cd\u03c1\u03b5\u03c2-one-piece\/\u03c6\u03b9\u03b3\u03bf\u03cd\u03c1\u03b1-one-piece-mihawk-\u03bf-\u03bc\u03b5\u03b3\u03ac\u03bb\u03bf\u03c2-\u03c0\u03bf\u03bb\u03ad\u03bc\u03b1\u03c1\u03c7\u03bf\u03c2-\u03c4\u03b7\u03c2-\u03b8\/\" \/>\n<meta property=\"og:locale\" content=\"el_GR\" \/>\n<meta property=\"og:type\" content=\"article\" \/>\n<meta property=\"og:title\" content=\"Figurine One Piece Le Grand Corsaire Mihawk Oeil de Faucon | Figurine One Piece \u2013 Boutique One Piece\" \/>\n<meta property=\"og:description\" content=\"Jeune pirate, le moment est venu pour toi de te procurer cette Figurine One Piece Le Grand Corsaire Mihawk Oeil de Faucon. Tu n&#039;es pas sans savoir que Dracule Mihawk, connu sous le surnom d\u2019\u0153il de Faucon&quot; est le premier Capitaine Corsaire \u00e0 appara\u00eetre. Il est rest\u00e9 Capitaine Corsaire jusqu&#039;\u00e0 la dissolution de ce groupe\" \/>\n<meta property=\"og:url\" content=\"https:\/\/boutique-one-piece.com\/el\/\u03c6\u03b9\u03b3\u03bf\u03cd\u03c1\u03b5\u03c2-one-piece\/\u03c6\u03b9\u03b3\u03bf\u03cd\u03c1\u03b1-one-piece-mihawk-\u03bf-\u03bc\u03b5\u03b3\u03ac\u03bb\u03bf\u03c2-\u03c0\u03bf\u03bb\u03ad\u03bc\u03b1\u03c1\u03c7\u03bf\u03c2-\u03c4\u03b7\u03c2-\u03b8\/\" \/>\n<meta property=\"og:site_name\" content=\"Boutique One Piece\" \/>\n<meta property=\"article:modified_time\" content=\"2024-09-16T13:21:34+00:00\" \/>\n<meta property=\"og:image\" content=\"https:\/\/boutique-one-piece.com\/wp-content\/uploads\/2022\/09\/Figurine-One-Piece-Le-Grand-Corsaire-Mihawk-Oeil-de-Faucon-1.jpg\" \/>\n\t<meta property=\"og:image:width\" content=\"800\" \/>\n\t<meta property=\"og:image:height\" content=\"800\" \/>\n\t<meta property=\"og:image:type\" content=\"image\/jpeg\" \/>\n<meta name=\"twitter:card\" content=\"summary_large_image\" \/>\n<meta name=\"twitter:label1\" content=\"\u0395\u03ba\u03c4\u03b9\u03bc\u03ce\u03bc\u03b5\u03bd\u03bf\u03c2 \u03c7\u03c1\u03cc\u03bd\u03bf\u03c2 \u03b1\u03bd\u03ac\u03b3\u03bd\u03c9\u03c3\u03b7\u03c2\" \/>\n\t<meta name=\"twitter:data1\" content=\"1 \u03bb\u03b5\u03c0\u03c4\u03cc\" \/>\n<script type=\"application\/ld+json\" class=\"yoast-schema-graph\">{\"@context\":\"https:\\\/\\\/schema.org\",\"@graph\":[{\"@type\":\"WebPage\",\"@id\":\"https:\\\/\\\/boutique-one-piece.com\\\/figurines-one-piece\\\/figurine-one-piece-le-grand-corsaire-mihawk-oeil-de-faucon\\\/\",\"url\":\"https:\\\/\\\/boutique-one-piece.com\\\/figurines-one-piece\\\/figurine-one-piece-le-grand-corsaire-mihawk-oeil-de-faucon\\\/\",\"name\":\"Figurine One Piece Le Grand Corsaire Mihawk Oeil de Faucon | Figurine One Piece \u2013 Boutique One Piece\",\"isPartOf\":{\"@id\":\"https:\\\/\\\/boutique-one-piece.com\\\/#website\"},\"primaryImageOfPage\":{\"@id\":\"https:\\\/\\\/boutique-one-piece.com\\\/figurines-one-piece\\\/figurine-one-piece-le-grand-corsaire-mihawk-oeil-de-faucon\\\/#primaryimage\"},\"image\":{\"@id\":\"https:\\\/\\\/boutique-one-piece.com\\\/figurines-one-piece\\\/figurine-one-piece-le-grand-corsaire-mihawk-oeil-de-faucon\\\/#primaryimage\"},\"thumbnailUrl\":\"https:\\\/\\\/boutique-one-piece.com\\\/wp-content\\\/uploads\\\/2022\\\/09\\\/Figurine-One-Piece-Le-Grand-Corsaire-Mihawk-Oeil-de-Faucon-1.jpg\",\"datePublished\":\"2022-09-27T21:22:12+00:00\",\"dateModified\":\"2024-09-16T13:21:34+00:00\",\"description\":\"Jeune pirate, le moment est venu pour toi de te procurer cette Figurine One Piece Le Grand Corsaire Mihawk Oeil de Faucon. Tu n'es pas sans savoir que Dracule Mihawk, connu sous le surnom d\u2019\u0153il de Faucon\\\" est le premier Capitaine Corsaire \u00e0 appara\u00eetre. Il est rest\u00e9 Capitaine Corsaire jusqu'\u00e0 la dissolution de ce groupe\",\"breadcrumb\":{\"@id\":\"https:\\\/\\\/boutique-one-piece.com\\\/figurines-one-piece\\\/figurine-one-piece-le-grand-corsaire-mihawk-oeil-de-faucon\\\/#breadcrumb\"},\"inLanguage\":\"el\",\"potentialAction\":[{\"@type\":\"ReadAction\",\"target\":[\"https:\\\/\\\/boutique-one-piece.com\\\/figurines-one-piece\\\/figurine-one-piece-le-grand-corsaire-mihawk-oeil-de-faucon\\\/\"]}]},{\"@type\":\"ImageObject\",\"inLanguage\":\"el\",\"@id\":\"https:\\\/\\\/boutique-one-piece.com\\\/figurines-one-piece\\\/figurine-one-piece-le-grand-corsaire-mihawk-oeil-de-faucon\\\/#primaryimage\",\"url\":\"https:\\\/\\\/boutique-one-piece.com\\\/wp-content\\\/uploads\\\/2022\\\/09\\\/Figurine-One-Piece-Le-Grand-Corsaire-Mihawk-Oeil-de-Faucon-1.jpg\",\"contentUrl\":\"https:\\\/\\\/boutique-one-piece.com\\\/wp-content\\\/uploads\\\/2022\\\/09\\\/Figurine-One-Piece-Le-Grand-Corsaire-Mihawk-Oeil-de-Faucon-1.jpg\",\"width\":800,\"height\":800},{\"@type\":\"BreadcrumbList\",\"@id\":\"https:\\\/\\\/boutique-one-piece.com\\\/figurines-one-piece\\\/figurine-one-piece-le-grand-corsaire-mihawk-oeil-de-faucon\\\/#breadcrumb\",\"itemListElement\":[{\"@type\":\"ListItem\",\"position\":1,\"name\":\"Home\",\"item\":\"https:\\\/\\\/boutique-one-piece.com\\\/\"},{\"@type\":\"ListItem\",\"position\":2,\"name\":\"Shop\",\"item\":\"https:\\\/\\\/boutique-one-piece.com\\\/shop\\\/\"},{\"@type\":\"ListItem\",\"position\":3,\"name\":\"Figurine One Piece Le Grand Corsaire Mihawk Oeil de Faucon\"}]},{\"@type\":\"WebSite\",\"@id\":\"https:\\\/\\\/boutique-one-piece.com\\\/#website\",\"url\":\"https:\\\/\\\/boutique-one-piece.com\\\/\",\"name\":\"Boutique One Piece\",\"description\":\"Magasin Sp\u00e9cialis\u00e9 du Manga et l&#039;Anime One Piece\",\"publisher\":{\"@id\":\"https:\\\/\\\/boutique-one-piece.com\\\/#organization\"},\"potentialAction\":[{\"@type\":\"SearchAction\",\"target\":{\"@type\":\"EntryPoint\",\"urlTemplate\":\"https:\\\/\\\/boutique-one-piece.com\\\/?s={search_term_string}\"},\"query-input\":{\"@type\":\"PropertyValueSpecification\",\"valueRequired\":true,\"valueName\":\"search_term_string\"}}],\"inLanguage\":\"el\"},{\"@type\":\"Organization\",\"@id\":\"https:\\\/\\\/boutique-one-piece.com\\\/#organization\",\"name\":\"Boutique One Piece\",\"url\":\"https:\\\/\\\/boutique-one-piece.com\\\/\",\"logo\":{\"@type\":\"ImageObject\",\"inLanguage\":\"el\",\"@id\":\"https:\\\/\\\/boutique-one-piece.com\\\/#\\\/schema\\\/logo\\\/image\\\/\",\"url\":\"https:\\\/\\\/boutique-one-piece.com\\\/wp-content\\\/uploads\\\/2022\\\/09\\\/Logo-01.png\",\"contentUrl\":\"https:\\\/\\\/boutique-one-piece.com\\\/wp-content\\\/uploads\\\/2022\\\/09\\\/Logo-01.png\",\"width\":2318,\"height\":957,\"caption\":\"Boutique One Piece\"},\"image\":{\"@id\":\"https:\\\/\\\/boutique-one-piece.com\\\/#\\\/schema\\\/logo\\\/image\\\/\"}}]}<\/script>\n<!-- \/ Yoast SEO plugin. -->","yoast_head_json":{"title":"\u03a6\u03b9\u03b3\u03bf\u03cd\u03c1\u03b1 One Piece: Mihawk \u03bf \u039c\u03ad\u03b3\u03b1\u03c2 \u03a0\u03bf\u03bb\u03ad\u03bc\u03b1\u03c1\u03c7\u03bf\u03c2 (Hawkeye) | \u03a6\u03b9\u03b3\u03bf\u03cd\u03c1\u03b1 One Piece \u2013 One Piece Shop","description":"\u039d\u03b5\u03b1\u03c1\u03ad \u03c0\u03b5\u03b9\u03c1\u03b1\u03c4\u03ae, \u03ae\u03c1\u03b8\u03b5 \u03b7 \u03ce\u03c1\u03b1 \u03bd\u03b1 \u03b1\u03c0\u03bf\u03ba\u03c4\u03ae\u03c3\u03b5\u03b9\u03c2 \u03b1\u03c5\u03c4\u03ae \u03c4\u03b7\u03bd One Piece \u03c6\u03b9\u03b3\u03bf\u03cd\u03c1\u03b1 \u03c4\u03bf\u03c5 \u03a0\u03bf\u03bb\u03ad\u03bc\u03b1\u03c1\u03c7\u03bf\u03c5 \u039c\u03af\u03c7\u03bf\u03ba, \u03a7\u03cc\u03ba\u03b9. \u03a3\u03af\u03b3\u03bf\u03c5\u03c1\u03b1 \u03b3\u03bd\u03c9\u03c1\u03af\u03b6\u03b5\u03b9\u03c2 \u03cc\u03c4\u03b9 \u03bf \u0394\u03c1\u03ac\u03ba\u03bf\u03c5\u03bb\u03b5 \u039c\u03af\u03c7\u03bf\u03ba, \u03b3\u03bd\u03c9\u03c3\u03c4\u03cc\u03c2 \u03c9\u03c2 &quot;\u03a7\u03cc\u03ba\u03b9&quot;, \u03ae\u03c4\u03b1\u03bd \u03bf \u03c0\u03c1\u03ce\u03c4\u03bf\u03c2 \u03a0\u03bf\u03bb\u03ad\u03bc\u03b1\u03c1\u03c7\u03bf\u03c2 \u03c4\u03b7\u03c2 \u0398\u03ac\u03bb\u03b1\u03c3\u03c3\u03b1\u03c2. \u03a0\u03b1\u03c1\u03ad\u03bc\u03b5\u03b9\u03bd\u03b5 \u03a0\u03bf\u03bb\u03ad\u03bc\u03b1\u03c1\u03c7\u03bf\u03c2 \u03bc\u03ad\u03c7\u03c1\u03b9 \u03c4\u03b7 \u03b4\u03b9\u03ac\u03bb\u03c5\u03c3\u03b7 \u03c4\u03b7\u03c2 \u03bf\u03bc\u03ac\u03b4\u03b1\u03c2.","robots":{"index":"index","follow":"follow","max-snippet":"max-snippet:-1","max-image-preview":"max-image-preview:large","max-video-preview":"max-video-preview:-1"},"canonical":"https:\/\/boutique-one-piece.com\/el\/\u03c6\u03b9\u03b3\u03bf\u03cd\u03c1\u03b5\u03c2-one-piece\/\u03c6\u03b9\u03b3\u03bf\u03cd\u03c1\u03b1-one-piece-mihawk-\u03bf-\u03bc\u03b5\u03b3\u03ac\u03bb\u03bf\u03c2-\u03c0\u03bf\u03bb\u03ad\u03bc\u03b1\u03c1\u03c7\u03bf\u03c2-\u03c4\u03b7\u03c2-\u03b8\/","og_locale":"el_GR","og_type":"article","og_title":"Figurine One Piece Le Grand Corsaire Mihawk Oeil de Faucon | Figurine One Piece \u2013 Boutique One Piece","og_description":"Jeune pirate, le moment est venu pour toi de te procurer cette Figurine One Piece Le Grand Corsaire Mihawk Oeil de Faucon. Tu n'es pas sans savoir que Dracule Mihawk, connu sous le surnom d\u2019\u0153il de Faucon\" est le premier Capitaine Corsaire \u00e0 appara\u00eetre. Il est rest\u00e9 Capitaine Corsaire jusqu'\u00e0 la dissolution de ce groupe","og_url":"https:\/\/boutique-one-piece.com\/el\/\u03c6\u03b9\u03b3\u03bf\u03cd\u03c1\u03b5\u03c2-one-piece\/\u03c6\u03b9\u03b3\u03bf\u03cd\u03c1\u03b1-one-piece-mihawk-\u03bf-\u03bc\u03b5\u03b3\u03ac\u03bb\u03bf\u03c2-\u03c0\u03bf\u03bb\u03ad\u03bc\u03b1\u03c1\u03c7\u03bf\u03c2-\u03c4\u03b7\u03c2-\u03b8\/","og_site_name":"Boutique One Piece","article_modified_time":"2024-09-16T13:21:34+00:00","og_image":[{"width":800,"height":800,"url":"https:\/\/boutique-one-piece.com\/wp-content\/uploads\/2022\/09\/Figurine-One-Piece-Le-Grand-Corsaire-Mihawk-Oeil-de-Faucon-1.jpg","type":"image\/jpeg"}],"twitter_card":"summary_large_image","twitter_misc":{"\u0395\u03ba\u03c4\u03b9\u03bc\u03ce\u03bc\u03b5\u03bd\u03bf\u03c2 \u03c7\u03c1\u03cc\u03bd\u03bf\u03c2 \u03b1\u03bd\u03ac\u03b3\u03bd\u03c9\u03c3\u03b7\u03c2":"1 \u03bb\u03b5\u03c0\u03c4\u03cc"},"schema":{"@context":"https:\/\/schema.org","@graph":[{"@type":"WebPage","@id":"https:\/\/boutique-one-piece.com\/figurines-one-piece\/figurine-one-piece-le-grand-corsaire-mihawk-oeil-de-faucon\/","url":"https:\/\/boutique-one-piece.com\/figurines-one-piece\/figurine-one-piece-le-grand-corsaire-mihawk-oeil-de-faucon\/","name":"\u03a6\u03b9\u03b3\u03bf\u03cd\u03c1\u03b1 One Piece: Mihawk \u03bf \u039c\u03ad\u03b3\u03b1\u03c2 \u03a0\u03bf\u03bb\u03ad\u03bc\u03b1\u03c1\u03c7\u03bf\u03c2 (Hawkeye) | \u03a6\u03b9\u03b3\u03bf\u03cd\u03c1\u03b1 One Piece \u2013 One Piece Shop","isPartOf":{"@id":"https:\/\/boutique-one-piece.com\/#website"},"primaryImageOfPage":{"@id":"https:\/\/boutique-one-piece.com\/figurines-one-piece\/figurine-one-piece-le-grand-corsaire-mihawk-oeil-de-faucon\/#primaryimage"},"image":{"@id":"https:\/\/boutique-one-piece.com\/figurines-one-piece\/figurine-one-piece-le-grand-corsaire-mihawk-oeil-de-faucon\/#primaryimage"},"thumbnailUrl":"https:\/\/boutique-one-piece.com\/wp-content\/uploads\/2022\/09\/Figurine-One-Piece-Le-Grand-Corsaire-Mihawk-Oeil-de-Faucon-1.jpg","datePublished":"2022-09-27T21:22:12+00:00","dateModified":"2024-09-16T13:21:34+00:00","description":"\u039d\u03b5\u03b1\u03c1\u03ad \u03c0\u03b5\u03b9\u03c1\u03b1\u03c4\u03ae, \u03ae\u03c1\u03b8\u03b5 \u03b7 \u03ce\u03c1\u03b1 \u03bd\u03b1 \u03b1\u03c0\u03bf\u03ba\u03c4\u03ae\u03c3\u03b5\u03b9\u03c2 \u03b1\u03c5\u03c4\u03ae \u03c4\u03b7\u03bd One Piece \u03c6\u03b9\u03b3\u03bf\u03cd\u03c1\u03b1 \u03c4\u03bf\u03c5 \u03a0\u03bf\u03bb\u03ad\u03bc\u03b1\u03c1\u03c7\u03bf\u03c5 \u039c\u03af\u03c7\u03bf\u03ba, \u03a7\u03cc\u03ba\u03b9. \u03a3\u03af\u03b3\u03bf\u03c5\u03c1\u03b1 \u03b3\u03bd\u03c9\u03c1\u03af\u03b6\u03b5\u03b9\u03c2 \u03cc\u03c4\u03b9 \u03bf \u0394\u03c1\u03ac\u03ba\u03bf\u03c5\u03bb\u03b5 \u039c\u03af\u03c7\u03bf\u03ba, \u03b3\u03bd\u03c9\u03c3\u03c4\u03cc\u03c2 \u03c9\u03c2 &quot;\u03a7\u03cc\u03ba\u03b9&quot;, \u03ae\u03c4\u03b1\u03bd \u03bf \u03c0\u03c1\u03ce\u03c4\u03bf\u03c2 \u03a0\u03bf\u03bb\u03ad\u03bc\u03b1\u03c1\u03c7\u03bf\u03c2 \u03c4\u03b7\u03c2 \u0398\u03ac\u03bb\u03b1\u03c3\u03c3\u03b1\u03c2. \u03a0\u03b1\u03c1\u03ad\u03bc\u03b5\u03b9\u03bd\u03b5 \u03a0\u03bf\u03bb\u03ad\u03bc\u03b1\u03c1\u03c7\u03bf\u03c2 \u03bc\u03ad\u03c7\u03c1\u03b9 \u03c4\u03b7 \u03b4\u03b9\u03ac\u03bb\u03c5\u03c3\u03b7 \u03c4\u03b7\u03c2 \u03bf\u03bc\u03ac\u03b4\u03b1\u03c2.","breadcrumb":{"@id":"https:\/\/boutique-one-piece.com\/figurines-one-piece\/figurine-one-piece-le-grand-corsaire-mihawk-oeil-de-faucon\/#breadcrumb"},"inLanguage":"el","potentialAction":[{"@type":"ReadAction","target":["https:\/\/boutique-one-piece.com\/figurines-one-piece\/figurine-one-piece-le-grand-corsaire-mihawk-oeil-de-faucon\/"]}]},{"@type":"ImageObject","inLanguage":"el","@id":"https:\/\/boutique-one-piece.com\/figurines-one-piece\/figurine-one-piece-le-grand-corsaire-mihawk-oeil-de-faucon\/#primaryimage","url":"https:\/\/boutique-one-piece.com\/wp-content\/uploads\/2022\/09\/Figurine-One-Piece-Le-Grand-Corsaire-Mihawk-Oeil-de-Faucon-1.jpg","contentUrl":"https:\/\/boutique-one-piece.com\/wp-content\/uploads\/2022\/09\/Figurine-One-Piece-Le-Grand-Corsaire-Mihawk-Oeil-de-Faucon-1.jpg","width":800,"height":800},{"@type":"BreadcrumbList","@id":"https:\/\/boutique-one-piece.com\/figurines-one-piece\/figurine-one-piece-le-grand-corsaire-mihawk-oeil-de-faucon\/#breadcrumb","itemListElement":[{"@type":"ListItem","position":1,"name":"Home","item":"https:\/\/boutique-one-piece.com\/"},{"@type":"ListItem","position":2,"name":"Shop","item":"https:\/\/boutique-one-piece.com\/shop\/"},{"@type":"ListItem","position":3,"name":"Figurine One Piece Le Grand Corsaire Mihawk Oeil de Faucon"}]},{"@type":"WebSite","@id":"https:\/\/boutique-one-piece.com\/#website","url":"https:\/\/boutique-one-piece.com\/","name":"\u039a\u03b1\u03c4\u03ac\u03c3\u03c4\u03b7\u03bc\u03b1 One Piece","description":"\u0395\u03be\u03b5\u03b9\u03b4\u03b9\u03ba\u03b5\u03c5\u03bc\u03ad\u03bd\u03bf \u03ba\u03b1\u03c4\u03ac\u03c3\u03c4\u03b7\u03bc\u03b1 \u03b3\u03b9\u03b1 One Piece Manga \u03ba\u03b1\u03b9 Anime","publisher":{"@id":"https:\/\/boutique-one-piece.com\/#organization"},"potentialAction":[{"@type":"SearchAction","target":{"@type":"EntryPoint","urlTemplate":"https:\/\/boutique-one-piece.com\/?s={search_term_string}"},"query-input":{"@type":"PropertyValueSpecification","valueRequired":true,"valueName":"search_term_string"}}],"inLanguage":"el"},{"@type":"Organization","@id":"https:\/\/boutique-one-piece.com\/#organization","name":"\u039a\u03b1\u03c4\u03ac\u03c3\u03c4\u03b7\u03bc\u03b1 One Piece","url":"https:\/\/boutique-one-piece.com\/","logo":{"@type":"ImageObject","inLanguage":"el","@id":"https:\/\/boutique-one-piece.com\/#\/schema\/logo\/image\/","url":"https:\/\/boutique-one-piece.com\/wp-content\/uploads\/2022\/09\/Logo-01.png","contentUrl":"https:\/\/boutique-one-piece.com\/wp-content\/uploads\/2022\/09\/Logo-01.png","width":2318,"height":957,"caption":"Boutique One Piece"},"image":{"@id":"https:\/\/boutique-one-piece.com\/#\/schema\/logo\/image\/"}}]}},"_links":{"self":[{"href":"https:\/\/boutique-one-piece.com\/el\/wp-json\/wp\/v2\/product\/13687","targetHints":{"allow":["GET"]}}],"collection":[{"href":"https:\/\/boutique-one-piece.com\/el\/wp-json\/wp\/v2\/product"}],"about":[{"href":"https:\/\/boutique-one-piece.com\/el\/wp-json\/wp\/v2\/types\/product"}],"replies":[{"embeddable":true,"href":"https:\/\/boutique-one-piece.com\/el\/wp-json\/wp\/v2\/comments?post=13687"}],"wp:featuredmedia":[{"embeddable":true,"href":"https:\/\/boutique-one-piece.com\/el\/wp-json\/wp\/v2\/media\/13689"}],"wp:attachment":[{"href":"https:\/\/boutique-one-piece.com\/el\/wp-json\/wp\/v2\/media?parent=13687"}],"wp:term":[{"taxonomy":"product_brand","embeddable":true,"href":"https:\/\/boutique-one-piece.com\/el\/wp-json\/wp\/v2\/product_brand?post=13687"},{"taxonomy":"product_cat","embeddable":true,"href":"https:\/\/boutique-one-piece.com\/el\/wp-json\/wp\/v2\/product_cat?post=13687"},{"taxonomy":"product_tag","embeddable":true,"href":"https:\/\/boutique-one-piece.com\/el\/wp-json\/wp\/v2\/product_tag?post=13687"}],"curies":[{"name":"\u03b5\u03c1\u03b3\u03b1\u03c3\u03af\u03b1","href":"https:\/\/api.w.org\/{rel}","templated":true}]}}