{"id":13695,"date":"2022-09-27T21:22:12","date_gmt":"2022-09-27T21:22:12","guid":{"rendered":"https:\/\/boutique-one-piece.com\/uncategorized\/figurine-one-piece-tashigi-de-la-marine\/"},"modified":"2024-09-16T13:21:37","modified_gmt":"2024-09-16T13:21:37","slug":"%ce%bd%ce%b1%cf%85%cf%84%ce%b9%ce%ba%cf%8c-%ce%bc%ce%bf%ce%bd%ce%bf%ce%ba%cf%8c%ce%bc%ce%bc%ce%b1%cf%84%ce%bf-%ce%b5%ce%b9%ce%b4%cf%8e%ce%bb%ce%b9%ce%bf-tashigi","status":"publish","type":"product","link":"https:\/\/boutique-one-piece.com\/el\/%cf%86%ce%b9%ce%b3%ce%bf%cf%8d%cf%81%ce%b5%cf%82-one-piece\/%ce%bd%ce%b1%cf%85%cf%84%ce%b9%ce%ba%cf%8c-%ce%bc%ce%bf%ce%bd%ce%bf%ce%ba%cf%8c%ce%bc%ce%bc%ce%b1%cf%84%ce%bf-%ce%b5%ce%b9%ce%b4%cf%8e%ce%bb%ce%b9%ce%bf-tashigi\/","title":{"rendered":"\u03a6\u03b9\u03b3\u03bf\u03cd\u03c1\u03b1 One Piece Tashigi \u03c4\u03bf\u03c5 \u039d\u03b1\u03c5\u03c4\u03b9\u03ba\u03bf\u03cd"},"content":{"rendered":"<h2>\u039d\u03b5\u03b1\u03c1\u03ad \u03c0\u03b5\u03b9\u03c1\u03b1\u03c4\u03ae, \u03ae\u03c1\u03b8\u03b5 \u03b7 \u03ce\u03c1\u03b1 \u03bd\u03b1 \u03b1\u03c0\u03bf\u03ba\u03c4\u03ae\u03c3\u03b5\u03b9\u03c2 \u03b1\u03c5\u03c4\u03cc \u03c4\u03bf \u039f\u03bb\u03cc\u03c3\u03c9\u03bc\u03bf \u0398\u03b1\u03bb\u03ac\u03c3\u03c3\u03b9\u03bf \u03a6\u03b9\u03b3\u03bf\u03cd\u03c1\u03b1 Tashigi.<\/h2>\n<p>\u0398\u03b1 \u03ad\u03c0\u03c1\u03b5\u03c0\u03b5 \u03bd\u03b1 \u03c4\u03bf \u03be\u03ad\u03c1\u03b5\u03b9\u03c2 \u03b1\u03c5\u03c4\u03cc <strong>\u03a4\u03b1\u03c3\u03af\u03b3\u03ba\u03b9<\/strong> \u03b5\u03af\u03bd\u03b1\u03b9 \u03bc\u03b9\u03b1 \u03bd\u03b5\u03b1\u03c1\u03ae \u03bb\u03bf\u03c7\u03b1\u03b3\u03cc\u03c2 \u03c3\u03c4\u03bf \u039d\u03b1\u03c5\u03c4\u03b9\u03ba\u03cc \u03c0\u03bf\u03c5 \u03c5\u03c0\u03b7\u03c1\u03b5\u03c4\u03b5\u03af \u03c5\u03c0\u03cc \u03c4\u03b7 \u03b4\u03b9\u03bf\u03af\u03ba\u03b7\u03c3\u03b7 \u03c4\u03bf\u03c5 <strong>\u0391\u03bd\u03c4\u03b9\u03bd\u03b1\u03cd\u03b1\u03c1\u03c7\u03bf\u03c2 \u039a\u03b1\u03c0\u03bd\u03b9\u03c3\u03c4\u03ae\u03c2<\/strong>. \u0395\u03af\u03bd\u03b1\u03b9 \u03b5\u03c0\u03af\u03c3\u03b7\u03c2 \u03ad\u03bd\u03b1\u03c2 \u03b1\u03c0\u03cc \u03c4\u03bf\u03c5\u03c2 \u03b5\u03c0\u03b1\u03bd\u03b1\u03bb\u03b1\u03bc\u03b2\u03b1\u03bd\u03cc\u03bc\u03b5\u03bd\u03bf\u03c5\u03c2 \u03b1\u03bd\u03c4\u03b9\u03c0\u03ac\u03bb\u03bf\u03c5\u03c2 \u03c4\u03b7\u03c2 \u03bf\u03bc\u03ac\u03b4\u03b1\u03c2 Straw Hat Crew. \u0395\u03c0\u03b9\u03c0\u03bb\u03ad\u03bf\u03bd, \u03b1\u03bd \u03b8\u03ad\u03bb\u03b5\u03c4\u03b5 \u03bd\u03b1 \u03b5\u03c0\u03b5\u03ba\u03c4\u03b5\u03af\u03bd\u03b5\u03c4\u03b5 \u03c4\u03b7 \u03c3\u03c5\u03bb\u03bb\u03bf\u03b3\u03ae \u03c3\u03b1\u03c2 \u03b1\u03c0\u03cc \u03c6\u03b9\u03b3\u03bf\u03cd\u03c1\u03b5\u03c2, \u03c4\u03bf <a title=\"\u039f\u03bb\u03cc\u03c3\u03c9\u03bc\u03b7 \u03a6\u03b9\u03b3\u03bf\u03cd\u03c1\u03b1 \u039a\u03b1\u03c0\u03bd\u03b9\u03c3\u03c4\u03ae\u03c2 \u03c4\u03bf\u03c5 \u039d\u03b1\u03c5\u03c4\u03b9\u03ba\u03bf\u03cd\" href=\"https:\/\/boutique-one-piece.com\/el\/%ce%bc%ce%bf%ce%bd%ce%bf%ce%ba%cf%8c%ce%bc%ce%bc%ce%b1%cf%84%ce%bf-%ce%b5%ce%b9%ce%b4%cf%8e%ce%bb%ce%b9%ce%bf-%ce%ba%ce%b1%cf%80%ce%bd%ce%b9%cf%83%cf%84%ce%ae-%ce%bd%ce%b1%cf%85%cf%84%ce%b9%ce%ba\/\" target=\"_blank\" rel=\"noopener\">\u03a6\u03b9\u03b3\u03bf\u03cd\u03c1\u03b1 \u03ba\u03b1\u03c0\u03bd\u03b9\u03c3\u03c4\u03ae<\/a> \u03b5\u03af\u03bd\u03b1\u03b9 \u03b5\u03bd\u03c4\u03cc\u03c2 \u03c4\u03c9\u03bd \u03b4\u03c5\u03bd\u03b1\u03c4\u03bf\u03c4\u03ae\u03c4\u03c9\u03bd \u03c3\u03b1\u03c2.<\/p>\n<p>\u0395\u03c0\u03b9\u03c3\u03c4\u03c1\u03ad\u03c6\u03bf\u03bd\u03c4\u03b1\u03c2 \u03c3\u03c4\u03b7\u03bd \u03a4\u03b1\u03c3\u03af\u03b3\u03ba\u03b9, \u03b5\u03af\u03bd\u03b1\u03b9 \u03bc\u03b9\u03b1 \u03c0\u03bf\u03bb\u03cd \u03b8\u03b1\u03c1\u03c1\u03b1\u03bb\u03ad\u03b1 \u03ba\u03b1\u03b9 \u03c4\u03bf\u03bb\u03bc\u03b7\u03c1\u03ae \u03b3\u03c5\u03bd\u03b1\u03af\u03ba\u03b1 \u03cc\u03c4\u03b1\u03bd \u03c0\u03bf\u03bb\u03b5\u03bc\u03ac \u03c4\u03bf\u03c5\u03c2 \u03b1\u03bd\u03c4\u03b9\u03c0\u03ac\u03bb\u03bf\u03c5\u03c2 \u03c4\u03b7\u03c2. \u0391\u03bd\u03c4\u03b9\u03bc\u03b5\u03c4\u03c9\u03c0\u03af\u03b6\u03b5\u03b9 \u03cc\u03c0\u03bf\u03b9\u03bf\u03bd \u03b8\u03b5\u03c9\u03c1\u03b5\u03af \u03b5\u03c7\u03b8\u03c1\u03cc, \u03b1\u03bd\u03b5\u03be\u03ac\u03c1\u03c4\u03b7\u03c4\u03b1 \u03b1\u03c0\u03cc \u03c4\u03b7 \u03c6\u03ae\u03bc\u03b7 \u03c4\u03bf\u03c5. \u03a9\u03c3\u03c4\u03cc\u03c3\u03bf, \u03ad\u03c7\u03b5\u03b9 \u03c3\u03c5\u03c7\u03bd\u03ac \u03b7\u03c4\u03c4\u03b7\u03b8\u03b5\u03af \u03b1\u03c0\u03cc \u03c4\u03bf\u03c5\u03c2 \u03b1\u03bd\u03c4\u03b9\u03c0\u03ac\u03bb\u03bf\u03c5\u03c2 \u03c4\u03b7\u03c2, \u03ba\u03b1\u03b8\u03ce\u03c2 \u03b5\u03c0\u03b9\u03c4\u03af\u03b8\u03b5\u03c4\u03b1\u03b9 \u03bc\u03b5 \u03c4\u03b1 \u03bc\u03bf\u03cd\u03c4\u03c1\u03b1 \u03c7\u03c9\u03c1\u03af\u03c2 \u03bd\u03b1 \u03c4\u03bf \u03c3\u03ba\u03b5\u03c6\u03c4\u03b5\u03af, \u03ba\u03ac\u03c4\u03b9 \u03b3\u03b9\u03b1 \u03c4\u03bf \u03bf\u03c0\u03bf\u03af\u03bf \u03bf \u03a3\u03bc\u03cc\u03ba\u03b5\u03c1 \u03c4\u03b7\u03bd \u03b5\u03c0\u03b9\u03ba\u03c1\u03af\u03bd\u03b5\u03b9 \u03c3\u03c5\u03c7\u03bd\u03ac.<\/p>\n<p>\u038c\u03c0\u03c9\u03c2 \u03ba\u03b1\u03b9 \u03b7 \u039a\u03bf\u03cd\u03b9\u03bd\u03b1, \u03ad\u03c7\u03b5\u03b9 \u03ad\u03bd\u03b1 \u03c3\u03cd\u03bc\u03c0\u03bb\u03b5\u03b3\u03bc\u03b1 \u03ba\u03b1\u03c4\u03c9\u03c4\u03b5\u03c1\u03cc\u03c4\u03b7\u03c4\u03b1\u03c2 \u03b1\u03c0\u03ad\u03bd\u03b1\u03bd\u03c4\u03b9 \u03c3\u03c4\u03bf\u03c5\u03c2 \u03ac\u03bd\u03c4\u03c1\u03b5\u03c2 \u03ba\u03b1\u03b9 \u03bc\u03b5\u03c4\u03b1\u03bd\u03b9\u03ce\u03bd\u03b5\u03b9 \u03c0\u03bf\u03c5 \u03b3\u03b5\u03bd\u03bd\u03ae\u03b8\u03b7\u03ba\u03b5 \u03b3\u03c5\u03bd\u03b1\u03af\u03ba\u03b1. \u039c\u03b9\u03c3\u03b5\u03af \u03bd\u03b1 \u03c4\u03b7\u03bd \u03c5\u03c0\u03bf\u03c4\u03b9\u03bc\u03bf\u03cd\u03bd \u03b5\u03c0\u03b5\u03b9\u03b4\u03ae \u03b5\u03af\u03bd\u03b1\u03b9 \u03b3\u03c5\u03bd\u03b1\u03af\u03ba\u03b1 \u03ba\u03b1\u03b9 \u03b8\u03ad\u03bb\u03b5\u03b9 \u03bd\u03b1 \u03c4\u03b7\u03c2 \u03c6\u03ad\u03c1\u03bf\u03bd\u03c4\u03b1\u03b9 \u03c9\u03c2 \u03af\u03c3\u03b7 \u03bc\u03b5 \u03c4\u03bf\u03c5\u03c2 \u03ac\u03bd\u03c4\u03c1\u03b5\u03c2. \u0388\u03c7\u03b5\u03b9 \u03bc\u03b9\u03b1 \u03b1\u03b3\u03bf\u03c1\u03bf\u03ba\u03cc\u03c1\u03b9\u03c4\u03c3\u03bf \u03c0\u03bb\u03b5\u03c5\u03c1\u03ac, \u03b7 \u03bf\u03c0\u03bf\u03af\u03b1 <strong>\u03c4\u03bf \u03b5\u03bd\u03b4\u03b9\u03b1\u03c6\u03ad\u03c1\u03bf\u03bd \u03c4\u03bf\u03c5 \u03b3\u03b9\u03b1 \u03c4\u03b1 \u03c3\u03c0\u03b1\u03b8\u03b9\u03ac<\/strong>.<\/p>\n<h3>\u03a3\u03b1\u03c2 \u03ad\u03c7\u03b5\u03b9 \u03b3\u03bf\u03b7\u03c4\u03b5\u03cd\u03c3\u03b5\u03b9, \u03bb\u03bf\u03b9\u03c0\u03cc\u03bd, \u03b7 \u03c6\u03b9\u03b3\u03bf\u03cd\u03c1\u03b1 Tashigi; \u0391\u03bd \u03bd\u03b1\u03b9, \u03b1\u03ba\u03bf\u03bb\u03bf\u03c5\u03b8\u03ae\u03c3\u03c4\u03b5 \u03c4\u03b7\u03bd \u03c3\u03c4\u03bf \u03bd\u03b1\u03c5\u03c4\u03b9\u03ba\u03cc. \u03a3\u03b1\u03c2 \u03c0\u03b5\u03c1\u03b9\u03bc\u03ad\u03bd\u03bf\u03c5\u03bd \u03c0\u03bf\u03bb\u03bb\u03ad\u03c2 \u03c0\u03b5\u03c1\u03b9\u03c0\u03ad\u03c4\u03b5\u03b9\u03b5\u03c2.<\/h3>\n<p>\u0395\u03af\u03c4\u03b5 \u03b5\u03af\u03c3\u03c4\u03b5 \u03c6\u03b1\u03bd\u03b1\u03c4\u03b9\u03ba\u03cc\u03c2 \u03b8\u03b1\u03c5\u03bc\u03b1\u03c3\u03c4\u03ae\u03c2 \u03b5\u03af\u03c4\u03b5 \u03ad\u03bc\u03c0\u03b5\u03b9\u03c1\u03bf\u03c2 \u03c3\u03c5\u03bb\u03bb\u03ad\u03ba\u03c4\u03b7\u03c2, \u03b1\u03c5\u03c4\u03ac \u03c4\u03b1 \u03b1\u03bd\u03c4\u03b9\u03ba\u03b5\u03af\u03bc\u03b5\u03bd\u03b1 \u03b5\u03af\u03bd\u03b1\u03b9 \u03c3\u03af\u03b3\u03bf\u03c5\u03c1\u03b1 \u03b3\u03b9\u03b1 \u03b5\u03c3\u03ac\u03c2. \u0395\u03af\u03bd\u03b1\u03b9 \u03b9\u03b4\u03b1\u03bd\u03b9\u03ba\u03ac \u03b3\u03b9\u03b1 \u03b4\u03ce\u03c1\u03bf, \u03b4\u03b9\u03b1\u03ba\u03cc\u03c3\u03bc\u03b7\u03c3\u03b7 \u03ae \u03c0\u03c1\u03bf\u03c3\u03b8\u03ae\u03ba\u03b7 \u03c3\u03c4\u03b7 \u03c3\u03c5\u03bb\u03bb\u03bf\u03b3\u03ae \u03c3\u03b1\u03c2. \u039c\u03b7\u03bd \u03c0\u03b5\u03c1\u03b9\u03bc\u03ad\u03bd\u03b5\u03c4\u03b5 \u03ac\u03bb\u03bb\u03bf \u03ba\u03b1\u03b9 \u03b1\u03b4\u03c1\u03ac\u03be\u03c4\u03b5 \u03b1\u03c5\u03c4\u03ae \u03c4\u03b7\u03bd \u03b5\u03c5\u03ba\u03b1\u03b9\u03c1\u03af\u03b1 \u03b3\u03b9\u03b1 \u03bd\u03b1 \u03b5\u03c0\u03b5\u03ba\u03c4\u03b5\u03af\u03bd\u03b5\u03c4\u03b5 \u03c4\u03b7 \u03c3\u03c5\u03bb\u03bb\u03bf\u03b3\u03ae \u03c3\u03b1\u03c2. <strong>\u03c4\u03bf \u03c3\u03cd\u03bc\u03c0\u03b1\u03bd One Piece \u03c3\u03bf\u03c5<\/strong>. \u0388\u03bd\u03b1 \u03c0\u03c1\u03ac\u03b3\u03bc\u03b1 \u03b5\u03af\u03bd\u03b1\u03b9 \u03c3\u03af\u03b3\u03bf\u03c5\u03c1\u03bf, <strong>\u03c0\u03b5\u03b9\u03c1\u03b1\u03c4\u03b5\u03af\u03b1<\/strong> \u0394\u03b5\u03bd \u03c4\u03b5\u03bb\u03b5\u03b9\u03ce\u03bd\u03b5\u03b9 \u03c0\u03bf\u03c4\u03ad!<\/p>\n<h2>\u03a0\u03bb\u03b7\u03c1\u03bf\u03c6\u03bf\u03c1\u03af\u03b5\u03c2 \u03b3\u03b9\u03b1 \u03c4\u03b7 \u0398\u03b1\u03bb\u03ac\u03c3\u03c3\u03b9\u03b1 \u03a6\u03b9\u03b3\u03bf\u03cd\u03c1\u03b1 Tashigi\u00a0<\/h2>\n<ul data-mce-fragment=\"1\">\n<li data-mce-fragment=\"1\"><span data-mce-fragment=\"1\"><b data-mce-fragment=\"1\"><u data-mce-fragment=\"1\">\u039f\u03bb\u03cc\u03c3\u03c9\u03bc\u03bf \u03b5\u03b9\u03b4\u03ce\u03bb\u03b9\u03bf<\/u><\/b>\u00a0\u03a6\u03b9\u03b3\u03bf\u03cd\u03c1\u03b1 One Piece Premium \u03b3\u03b9\u03b1 \u03b1\u03bb\u03b7\u03b8\u03b9\u03bd\u03bf\u03cd\u03c2 \u03c0\u03b5\u03b9\u03c1\u03b1\u03c4\u03ad\u03c2<\/span><\/li>\n<\/ul>\n<ul data-mce-fragment=\"1\">\n<li data-mce-fragment=\"1\">\n<b data-mce-fragment=\"1\">\u03a5\u03bb\u03b7<\/b><span data-mce-fragment=\"1\">\u00a0<\/span>PVC<\/li>\n<\/ul>\n<ul data-mce-fragment=\"1\">\n<li data-mce-fragment=\"1\"><span data-mce-fragment=\"1\"><strong data-mce-fragment=\"1\">\u0394\u03b9\u03ac\u03c3\u03c4\u03b1\u03c3\u03b7<\/strong>\u00a0: 15 \u03b5\u03ba.<\/span><\/li>\n<\/ul>\n<ul data-mce-fragment=\"1\">\n<li data-mce-fragment=\"1\"><span data-mce-fragment=\"1\"><strong data-mce-fragment=\"1\">\u0394\u03a9\u03a1\u0395\u0391\u039d \u03a0\u0391\u03a1\u0391\u0394\u039f\u03a3\u0397<\/strong><\/span><\/li>\n<\/ul>","protected":false},"excerpt":{"rendered":"<p>Jeune pirate, le moment est venu pour toi d&rsquo;acqu\u00e9rir cette Figurine One Piece Tashigi de la Marine. Tu dois savoir que Tashigi est une jeune femme Capitaine de la Marine servant sous les ordres du Vice-Amiral Smoker. C&rsquo;est \u00e9galement l&rsquo;un des adversaires r\u00e9currents de l&rsquo;\u00c9quipage du Chapeau de Paille. D&rsquo;ailleurs, si tu souhaites agrandir ta [&hellip;]<\/p>","protected":false},"featured_media":13697,"comment_status":"open","ping_status":"open","template":"","meta":[],"product_brand":[],"product_cat":[76],"product_tag":[397],"class_list":{"0":"post-13695","1":"product","2":"type-product","3":"status-publish","4":"has-post-thumbnail","6":"product_cat-figurines-one-piece","7":"product_tag-tashigi","9":"first","10":"instock","11":"purchasable","12":"product-type-simple"},"yoast_head":"<!-- This site is optimized with the Yoast SEO plugin v27.5 - https:\/\/yoast.com\/product\/yoast-seo-wordpress\/ -->\n<title>Figurine One Piece Tashigi de la Marine | Figurine One Piece \u2013 Boutique One Piece<\/title>\n<meta name=\"description\" content=\"Jeune pirate, le moment est venu pour toi d&#039;acqu\u00e9rir cette Figurine One Piece Tashigi de la Marine. Tu dois savoir que Tashigi est une jeune femme Capitaine de la Marine servant sous les ordres du Vice-Amiral Smoker. C&#039;est \u00e9galement l&#039;un des adversaires r\u00e9currents de l&#039;\u00c9quipage du Chapeau de Paille. D&#039;ailleurs, si tu s\" \/>\n<meta name=\"robots\" content=\"index, follow, max-snippet:-1, max-image-preview:large, max-video-preview:-1\" \/>\n<link rel=\"canonical\" href=\"https:\/\/boutique-one-piece.com\/el\/\u03c6\u03b9\u03b3\u03bf\u03cd\u03c1\u03b5\u03c2-one-piece\/\u03bd\u03b1\u03c5\u03c4\u03b9\u03ba\u03cc-\u03bc\u03bf\u03bd\u03bf\u03ba\u03cc\u03bc\u03bc\u03b1\u03c4\u03bf-\u03b5\u03b9\u03b4\u03ce\u03bb\u03b9\u03bf-tashigi\/\" \/>\n<meta property=\"og:locale\" content=\"el_GR\" \/>\n<meta property=\"og:type\" content=\"article\" \/>\n<meta property=\"og:title\" content=\"Figurine One Piece Tashigi de la Marine | Figurine One Piece \u2013 Boutique One Piece\" \/>\n<meta property=\"og:description\" content=\"Jeune pirate, le moment est venu pour toi d&#039;acqu\u00e9rir cette Figurine One Piece Tashigi de la Marine. Tu dois savoir que Tashigi est une jeune femme Capitaine de la Marine servant sous les ordres du Vice-Amiral Smoker. C&#039;est \u00e9galement l&#039;un des adversaires r\u00e9currents de l&#039;\u00c9quipage du Chapeau de Paille. D&#039;ailleurs, si tu s\" \/>\n<meta property=\"og:url\" content=\"https:\/\/boutique-one-piece.com\/el\/\u03c6\u03b9\u03b3\u03bf\u03cd\u03c1\u03b5\u03c2-one-piece\/\u03bd\u03b1\u03c5\u03c4\u03b9\u03ba\u03cc-\u03bc\u03bf\u03bd\u03bf\u03ba\u03cc\u03bc\u03bc\u03b1\u03c4\u03bf-\u03b5\u03b9\u03b4\u03ce\u03bb\u03b9\u03bf-tashigi\/\" \/>\n<meta property=\"og:site_name\" content=\"Boutique One Piece\" \/>\n<meta property=\"article:modified_time\" content=\"2024-09-16T13:21:37+00:00\" \/>\n<meta property=\"og:image\" content=\"https:\/\/boutique-one-piece.com\/wp-content\/uploads\/2022\/09\/Figurine-One-Piece-Tashigi-de-la-Marine-1.jpg\" \/>\n\t<meta property=\"og:image:width\" content=\"640\" \/>\n\t<meta property=\"og:image:height\" content=\"640\" \/>\n\t<meta property=\"og:image:type\" content=\"image\/jpeg\" \/>\n<meta name=\"twitter:card\" content=\"summary_large_image\" \/>\n<meta name=\"twitter:label1\" content=\"\u0395\u03ba\u03c4\u03b9\u03bc\u03ce\u03bc\u03b5\u03bd\u03bf\u03c2 \u03c7\u03c1\u03cc\u03bd\u03bf\u03c2 \u03b1\u03bd\u03ac\u03b3\u03bd\u03c9\u03c3\u03b7\u03c2\" \/>\n\t<meta name=\"twitter:data1\" content=\"1 \u03bb\u03b5\u03c0\u03c4\u03cc\" \/>\n<script type=\"application\/ld+json\" class=\"yoast-schema-graph\">{\"@context\":\"https:\\\/\\\/schema.org\",\"@graph\":[{\"@type\":\"WebPage\",\"@id\":\"https:\\\/\\\/boutique-one-piece.com\\\/figurines-one-piece\\\/figurine-one-piece-tashigi-de-la-marine\\\/\",\"url\":\"https:\\\/\\\/boutique-one-piece.com\\\/figurines-one-piece\\\/figurine-one-piece-tashigi-de-la-marine\\\/\",\"name\":\"Figurine One Piece Tashigi de la Marine | Figurine One Piece \u2013 Boutique One Piece\",\"isPartOf\":{\"@id\":\"https:\\\/\\\/boutique-one-piece.com\\\/#website\"},\"primaryImageOfPage\":{\"@id\":\"https:\\\/\\\/boutique-one-piece.com\\\/figurines-one-piece\\\/figurine-one-piece-tashigi-de-la-marine\\\/#primaryimage\"},\"image\":{\"@id\":\"https:\\\/\\\/boutique-one-piece.com\\\/figurines-one-piece\\\/figurine-one-piece-tashigi-de-la-marine\\\/#primaryimage\"},\"thumbnailUrl\":\"https:\\\/\\\/boutique-one-piece.com\\\/wp-content\\\/uploads\\\/2022\\\/09\\\/Figurine-One-Piece-Tashigi-de-la-Marine-1.jpg\",\"datePublished\":\"2022-09-27T21:22:12+00:00\",\"dateModified\":\"2024-09-16T13:21:37+00:00\",\"description\":\"Jeune pirate, le moment est venu pour toi d'acqu\u00e9rir cette Figurine One Piece Tashigi de la Marine. Tu dois savoir que Tashigi est une jeune femme Capitaine de la Marine servant sous les ordres du Vice-Amiral Smoker. C'est \u00e9galement l'un des adversaires r\u00e9currents de l'\u00c9quipage du Chapeau de Paille. D'ailleurs, si tu s\",\"breadcrumb\":{\"@id\":\"https:\\\/\\\/boutique-one-piece.com\\\/figurines-one-piece\\\/figurine-one-piece-tashigi-de-la-marine\\\/#breadcrumb\"},\"inLanguage\":\"el\",\"potentialAction\":[{\"@type\":\"ReadAction\",\"target\":[\"https:\\\/\\\/boutique-one-piece.com\\\/figurines-one-piece\\\/figurine-one-piece-tashigi-de-la-marine\\\/\"]}]},{\"@type\":\"ImageObject\",\"inLanguage\":\"el\",\"@id\":\"https:\\\/\\\/boutique-one-piece.com\\\/figurines-one-piece\\\/figurine-one-piece-tashigi-de-la-marine\\\/#primaryimage\",\"url\":\"https:\\\/\\\/boutique-one-piece.com\\\/wp-content\\\/uploads\\\/2022\\\/09\\\/Figurine-One-Piece-Tashigi-de-la-Marine-1.jpg\",\"contentUrl\":\"https:\\\/\\\/boutique-one-piece.com\\\/wp-content\\\/uploads\\\/2022\\\/09\\\/Figurine-One-Piece-Tashigi-de-la-Marine-1.jpg\",\"width\":640,\"height\":640},{\"@type\":\"BreadcrumbList\",\"@id\":\"https:\\\/\\\/boutique-one-piece.com\\\/figurines-one-piece\\\/figurine-one-piece-tashigi-de-la-marine\\\/#breadcrumb\",\"itemListElement\":[{\"@type\":\"ListItem\",\"position\":1,\"name\":\"Home\",\"item\":\"https:\\\/\\\/boutique-one-piece.com\\\/\"},{\"@type\":\"ListItem\",\"position\":2,\"name\":\"Shop\",\"item\":\"https:\\\/\\\/boutique-one-piece.com\\\/shop\\\/\"},{\"@type\":\"ListItem\",\"position\":3,\"name\":\"Figurine One Piece Tashigi de la Marine\"}]},{\"@type\":\"WebSite\",\"@id\":\"https:\\\/\\\/boutique-one-piece.com\\\/#website\",\"url\":\"https:\\\/\\\/boutique-one-piece.com\\\/\",\"name\":\"Boutique One Piece\",\"description\":\"Magasin Sp\u00e9cialis\u00e9 du Manga et l&#039;Anime One Piece\",\"publisher\":{\"@id\":\"https:\\\/\\\/boutique-one-piece.com\\\/#organization\"},\"potentialAction\":[{\"@type\":\"SearchAction\",\"target\":{\"@type\":\"EntryPoint\",\"urlTemplate\":\"https:\\\/\\\/boutique-one-piece.com\\\/?s={search_term_string}\"},\"query-input\":{\"@type\":\"PropertyValueSpecification\",\"valueRequired\":true,\"valueName\":\"search_term_string\"}}],\"inLanguage\":\"el\"},{\"@type\":\"Organization\",\"@id\":\"https:\\\/\\\/boutique-one-piece.com\\\/#organization\",\"name\":\"Boutique One Piece\",\"url\":\"https:\\\/\\\/boutique-one-piece.com\\\/\",\"logo\":{\"@type\":\"ImageObject\",\"inLanguage\":\"el\",\"@id\":\"https:\\\/\\\/boutique-one-piece.com\\\/#\\\/schema\\\/logo\\\/image\\\/\",\"url\":\"https:\\\/\\\/boutique-one-piece.com\\\/wp-content\\\/uploads\\\/2022\\\/09\\\/Logo-01.png\",\"contentUrl\":\"https:\\\/\\\/boutique-one-piece.com\\\/wp-content\\\/uploads\\\/2022\\\/09\\\/Logo-01.png\",\"width\":2318,\"height\":957,\"caption\":\"Boutique One Piece\"},\"image\":{\"@id\":\"https:\\\/\\\/boutique-one-piece.com\\\/#\\\/schema\\\/logo\\\/image\\\/\"}}]}<\/script>\n<!-- \/ Yoast SEO plugin. -->","yoast_head_json":{"title":"\u03a6\u03b9\u03b3\u03bf\u03cd\u03c1\u03b1 One Piece Tashigi of the Navy | \u03a6\u03b9\u03b3\u03bf\u03cd\u03c1\u03b1 One Piece \u2013 One Piece Shop","description":"\u039d\u03b5\u03b1\u03c1\u03ad \u03c0\u03b5\u03b9\u03c1\u03b1\u03c4\u03ae, \u03ae\u03c1\u03b8\u03b5 \u03b7 \u03ce\u03c1\u03b1 \u03bd\u03b1 \u03b1\u03c0\u03bf\u03ba\u03c4\u03ae\u03c3\u03b5\u03b9\u03c2 \u03b1\u03c5\u03c4\u03ae \u03c4\u03b7\u03bd One Piece \u03c6\u03b9\u03b3\u03bf\u03cd\u03c1\u03b1 Tashigi Marine. \u0398\u03b1 \u03c0\u03c1\u03ad\u03c0\u03b5\u03b9 \u03bd\u03b1 \u03be\u03ad\u03c1\u03b5\u03b9\u03c2 \u03cc\u03c4\u03b9 \u03b7 Tashigi \u03b5\u03af\u03bd\u03b1\u03b9 \u03bc\u03b9\u03b1 \u03bd\u03b5\u03b1\u03c1\u03ae \u03ba\u03b1\u03c0\u03b5\u03c4\u03ac\u03bd\u03b9\u03c3\u03c3\u03b1 \u03c0\u03b5\u03b6\u03bf\u03bd\u03b1\u03c5\u03c4\u03ce\u03bd \u03c0\u03bf\u03c5 \u03c5\u03c0\u03b7\u03c1\u03b5\u03c4\u03b5\u03af \u03c5\u03c0\u03cc \u03c4\u03bf\u03bd \u0391\u03bd\u03c4\u03b9\u03bd\u03b1\u03cd\u03b1\u03c1\u03c7\u03bf Smoker. \u0395\u03af\u03bd\u03b1\u03b9 \u03b5\u03c0\u03af\u03c3\u03b7\u03c2 \u03bc\u03b9\u03b1 \u03b1\u03c0\u03cc \u03c4\u03b9\u03c2 \u03b5\u03c0\u03b1\u03bd\u03b1\u03bb\u03b1\u03bc\u03b2\u03b1\u03bd\u03cc\u03bc\u03b5\u03bd\u03b5\u03c2 \u03b1\u03bd\u03c4\u03b9\u03c0\u03ac\u03bb\u03bf\u03c5\u03c2 \u03c4\u03bf\u03c5 \u03c0\u03bb\u03b7\u03c1\u03ce\u03bc\u03b1\u03c4\u03bf\u03c2 Straw Hat. \u0395\u03c0\u03b9\u03c0\u03bb\u03ad\u03bf\u03bd, \u03b1\u03bd \u03b5\u03c3\u03cd...","robots":{"index":"index","follow":"follow","max-snippet":"max-snippet:-1","max-image-preview":"max-image-preview:large","max-video-preview":"max-video-preview:-1"},"canonical":"https:\/\/boutique-one-piece.com\/el\/\u03c6\u03b9\u03b3\u03bf\u03cd\u03c1\u03b5\u03c2-one-piece\/\u03bd\u03b1\u03c5\u03c4\u03b9\u03ba\u03cc-\u03bc\u03bf\u03bd\u03bf\u03ba\u03cc\u03bc\u03bc\u03b1\u03c4\u03bf-\u03b5\u03b9\u03b4\u03ce\u03bb\u03b9\u03bf-tashigi\/","og_locale":"el_GR","og_type":"article","og_title":"Figurine One Piece Tashigi de la Marine | Figurine One Piece \u2013 Boutique One Piece","og_description":"Jeune pirate, le moment est venu pour toi d'acqu\u00e9rir cette Figurine One Piece Tashigi de la Marine. Tu dois savoir que Tashigi est une jeune femme Capitaine de la Marine servant sous les ordres du Vice-Amiral Smoker. C'est \u00e9galement l'un des adversaires r\u00e9currents de l'\u00c9quipage du Chapeau de Paille. D'ailleurs, si tu s","og_url":"https:\/\/boutique-one-piece.com\/el\/\u03c6\u03b9\u03b3\u03bf\u03cd\u03c1\u03b5\u03c2-one-piece\/\u03bd\u03b1\u03c5\u03c4\u03b9\u03ba\u03cc-\u03bc\u03bf\u03bd\u03bf\u03ba\u03cc\u03bc\u03bc\u03b1\u03c4\u03bf-\u03b5\u03b9\u03b4\u03ce\u03bb\u03b9\u03bf-tashigi\/","og_site_name":"Boutique One Piece","article_modified_time":"2024-09-16T13:21:37+00:00","og_image":[{"width":640,"height":640,"url":"https:\/\/boutique-one-piece.com\/wp-content\/uploads\/2022\/09\/Figurine-One-Piece-Tashigi-de-la-Marine-1.jpg","type":"image\/jpeg"}],"twitter_card":"summary_large_image","twitter_misc":{"\u0395\u03ba\u03c4\u03b9\u03bc\u03ce\u03bc\u03b5\u03bd\u03bf\u03c2 \u03c7\u03c1\u03cc\u03bd\u03bf\u03c2 \u03b1\u03bd\u03ac\u03b3\u03bd\u03c9\u03c3\u03b7\u03c2":"1 \u03bb\u03b5\u03c0\u03c4\u03cc"},"schema":{"@context":"https:\/\/schema.org","@graph":[{"@type":"WebPage","@id":"https:\/\/boutique-one-piece.com\/figurines-one-piece\/figurine-one-piece-tashigi-de-la-marine\/","url":"https:\/\/boutique-one-piece.com\/figurines-one-piece\/figurine-one-piece-tashigi-de-la-marine\/","name":"\u03a6\u03b9\u03b3\u03bf\u03cd\u03c1\u03b1 One Piece Tashigi of the Navy | \u03a6\u03b9\u03b3\u03bf\u03cd\u03c1\u03b1 One Piece \u2013 One Piece Shop","isPartOf":{"@id":"https:\/\/boutique-one-piece.com\/#website"},"primaryImageOfPage":{"@id":"https:\/\/boutique-one-piece.com\/figurines-one-piece\/figurine-one-piece-tashigi-de-la-marine\/#primaryimage"},"image":{"@id":"https:\/\/boutique-one-piece.com\/figurines-one-piece\/figurine-one-piece-tashigi-de-la-marine\/#primaryimage"},"thumbnailUrl":"https:\/\/boutique-one-piece.com\/wp-content\/uploads\/2022\/09\/Figurine-One-Piece-Tashigi-de-la-Marine-1.jpg","datePublished":"2022-09-27T21:22:12+00:00","dateModified":"2024-09-16T13:21:37+00:00","description":"\u039d\u03b5\u03b1\u03c1\u03ad \u03c0\u03b5\u03b9\u03c1\u03b1\u03c4\u03ae, \u03ae\u03c1\u03b8\u03b5 \u03b7 \u03ce\u03c1\u03b1 \u03bd\u03b1 \u03b1\u03c0\u03bf\u03ba\u03c4\u03ae\u03c3\u03b5\u03b9\u03c2 \u03b1\u03c5\u03c4\u03ae \u03c4\u03b7\u03bd One Piece \u03c6\u03b9\u03b3\u03bf\u03cd\u03c1\u03b1 Tashigi Marine. \u0398\u03b1 \u03c0\u03c1\u03ad\u03c0\u03b5\u03b9 \u03bd\u03b1 \u03be\u03ad\u03c1\u03b5\u03b9\u03c2 \u03cc\u03c4\u03b9 \u03b7 Tashigi \u03b5\u03af\u03bd\u03b1\u03b9 \u03bc\u03b9\u03b1 \u03bd\u03b5\u03b1\u03c1\u03ae \u03ba\u03b1\u03c0\u03b5\u03c4\u03ac\u03bd\u03b9\u03c3\u03c3\u03b1 \u03c0\u03b5\u03b6\u03bf\u03bd\u03b1\u03c5\u03c4\u03ce\u03bd \u03c0\u03bf\u03c5 \u03c5\u03c0\u03b7\u03c1\u03b5\u03c4\u03b5\u03af \u03c5\u03c0\u03cc \u03c4\u03bf\u03bd \u0391\u03bd\u03c4\u03b9\u03bd\u03b1\u03cd\u03b1\u03c1\u03c7\u03bf Smoker. \u0395\u03af\u03bd\u03b1\u03b9 \u03b5\u03c0\u03af\u03c3\u03b7\u03c2 \u03bc\u03b9\u03b1 \u03b1\u03c0\u03cc \u03c4\u03b9\u03c2 \u03b5\u03c0\u03b1\u03bd\u03b1\u03bb\u03b1\u03bc\u03b2\u03b1\u03bd\u03cc\u03bc\u03b5\u03bd\u03b5\u03c2 \u03b1\u03bd\u03c4\u03b9\u03c0\u03ac\u03bb\u03bf\u03c5\u03c2 \u03c4\u03bf\u03c5 \u03c0\u03bb\u03b7\u03c1\u03ce\u03bc\u03b1\u03c4\u03bf\u03c2 Straw Hat. \u0395\u03c0\u03b9\u03c0\u03bb\u03ad\u03bf\u03bd, \u03b1\u03bd \u03b5\u03c3\u03cd...","breadcrumb":{"@id":"https:\/\/boutique-one-piece.com\/figurines-one-piece\/figurine-one-piece-tashigi-de-la-marine\/#breadcrumb"},"inLanguage":"el","potentialAction":[{"@type":"ReadAction","target":["https:\/\/boutique-one-piece.com\/figurines-one-piece\/figurine-one-piece-tashigi-de-la-marine\/"]}]},{"@type":"ImageObject","inLanguage":"el","@id":"https:\/\/boutique-one-piece.com\/figurines-one-piece\/figurine-one-piece-tashigi-de-la-marine\/#primaryimage","url":"https:\/\/boutique-one-piece.com\/wp-content\/uploads\/2022\/09\/Figurine-One-Piece-Tashigi-de-la-Marine-1.jpg","contentUrl":"https:\/\/boutique-one-piece.com\/wp-content\/uploads\/2022\/09\/Figurine-One-Piece-Tashigi-de-la-Marine-1.jpg","width":640,"height":640},{"@type":"BreadcrumbList","@id":"https:\/\/boutique-one-piece.com\/figurines-one-piece\/figurine-one-piece-tashigi-de-la-marine\/#breadcrumb","itemListElement":[{"@type":"ListItem","position":1,"name":"Home","item":"https:\/\/boutique-one-piece.com\/"},{"@type":"ListItem","position":2,"name":"Shop","item":"https:\/\/boutique-one-piece.com\/shop\/"},{"@type":"ListItem","position":3,"name":"Figurine One Piece Tashigi de la Marine"}]},{"@type":"WebSite","@id":"https:\/\/boutique-one-piece.com\/#website","url":"https:\/\/boutique-one-piece.com\/","name":"\u039a\u03b1\u03c4\u03ac\u03c3\u03c4\u03b7\u03bc\u03b1 One Piece","description":"\u0395\u03be\u03b5\u03b9\u03b4\u03b9\u03ba\u03b5\u03c5\u03bc\u03ad\u03bd\u03bf \u03ba\u03b1\u03c4\u03ac\u03c3\u03c4\u03b7\u03bc\u03b1 \u03b3\u03b9\u03b1 One Piece Manga \u03ba\u03b1\u03b9 Anime","publisher":{"@id":"https:\/\/boutique-one-piece.com\/#organization"},"potentialAction":[{"@type":"SearchAction","target":{"@type":"EntryPoint","urlTemplate":"https:\/\/boutique-one-piece.com\/?s={search_term_string}"},"query-input":{"@type":"PropertyValueSpecification","valueRequired":true,"valueName":"search_term_string"}}],"inLanguage":"el"},{"@type":"Organization","@id":"https:\/\/boutique-one-piece.com\/#organization","name":"\u039a\u03b1\u03c4\u03ac\u03c3\u03c4\u03b7\u03bc\u03b1 One Piece","url":"https:\/\/boutique-one-piece.com\/","logo":{"@type":"ImageObject","inLanguage":"el","@id":"https:\/\/boutique-one-piece.com\/#\/schema\/logo\/image\/","url":"https:\/\/boutique-one-piece.com\/wp-content\/uploads\/2022\/09\/Logo-01.png","contentUrl":"https:\/\/boutique-one-piece.com\/wp-content\/uploads\/2022\/09\/Logo-01.png","width":2318,"height":957,"caption":"Boutique One Piece"},"image":{"@id":"https:\/\/boutique-one-piece.com\/#\/schema\/logo\/image\/"}}]}},"_links":{"self":[{"href":"https:\/\/boutique-one-piece.com\/el\/wp-json\/wp\/v2\/product\/13695","targetHints":{"allow":["GET"]}}],"collection":[{"href":"https:\/\/boutique-one-piece.com\/el\/wp-json\/wp\/v2\/product"}],"about":[{"href":"https:\/\/boutique-one-piece.com\/el\/wp-json\/wp\/v2\/types\/product"}],"replies":[{"embeddable":true,"href":"https:\/\/boutique-one-piece.com\/el\/wp-json\/wp\/v2\/comments?post=13695"}],"wp:featuredmedia":[{"embeddable":true,"href":"https:\/\/boutique-one-piece.com\/el\/wp-json\/wp\/v2\/media\/13697"}],"wp:attachment":[{"href":"https:\/\/boutique-one-piece.com\/el\/wp-json\/wp\/v2\/media?parent=13695"}],"wp:term":[{"taxonomy":"product_brand","embeddable":true,"href":"https:\/\/boutique-one-piece.com\/el\/wp-json\/wp\/v2\/product_brand?post=13695"},{"taxonomy":"product_cat","embeddable":true,"href":"https:\/\/boutique-one-piece.com\/el\/wp-json\/wp\/v2\/product_cat?post=13695"},{"taxonomy":"product_tag","embeddable":true,"href":"https:\/\/boutique-one-piece.com\/el\/wp-json\/wp\/v2\/product_tag?post=13695"}],"curies":[{"name":"\u03b5\u03c1\u03b3\u03b1\u03c3\u03af\u03b1","href":"https:\/\/api.w.org\/{rel}","templated":true}]}}