{"id":14600,"date":"2022-09-27T21:33:15","date_gmt":"2022-09-27T21:33:15","guid":{"rendered":"https:\/\/boutique-one-piece.com\/uncategorized\/avis-de-recherche-alvida-wanted\/"},"modified":"2024-09-16T13:45:06","modified_gmt":"2024-09-16T13:45:06","slug":"%ce%b1%cf%86%ce%af%cf%83%ce%b1-%ce%b6%ce%b7%cf%84%ce%b5%ce%af%cf%84%ce%b1%ce%b9-%ce%b7-%ce%b1%ce%bb%ce%b2%ce%af%ce%bd%cf%84%ce%b1","status":"publish","type":"product","link":"https:\/\/boutique-one-piece.com\/el\/%ce%b1%cf%86%ce%af%cf%83%ce%b1-%cf%80%ce%bf%cf%85-%ce%b6%ce%b7%cf%84%ce%ae%ce%b8%ce%b7%ce%ba%ce%b5-%ce%b1%cf%80%cf%8c-%cf%84%ce%bf-one-piece\/%ce%b1%cf%86%ce%af%cf%83%ce%b1-%ce%b6%ce%b7%cf%84%ce%b5%ce%af%cf%84%ce%b1%ce%b9-%ce%b7-%ce%b1%ce%bb%ce%b2%ce%af%ce%bd%cf%84%ce%b1\/","title":{"rendered":"\u0395\u03b9\u03b4\u03bf\u03c0\u03bf\u03af\u03b7\u03c3\u03b7 \u03ba\u03b1\u03c4\u03b1\u03b4\u03af\u03ba\u03b7\u03c2 \u03b3\u03b9\u03b1 \u03c4\u03b7\u03bd Alvida"},"content":{"rendered":"<h2>\u03a7\u03b1\u03c1\u03af\u03c3\u03c4\u03b5 \u03c3\u03c4\u03bf\u03bd \u03b5\u03b1\u03c5\u03c4\u03cc \u03c3\u03b1\u03c2 \u03bc\u03b9\u03b1 \u03b1\u03c6\u03af\u03c3\u03b1 \u03c0\u03bf\u03c5 \u03c3\u03c5\u03bd\u03b4\u03c5\u03ac\u03b6\u03b5\u03b9 \u03bc\u03b9\u03b1 \u03cc\u03bc\u03bf\u03c1\u03c6\u03b7 \u03b3\u03c5\u03bd\u03b1\u03af\u03ba\u03b1 \u03ba\u03b1\u03b9 \u03c0\u03b5\u03b9\u03c1\u03b1\u03c4\u03b5\u03af\u03b1. \u0391\u03c5\u03c4\u03ae \u03b7 \u03b1\u03c6\u03af\u03c3\u03b1 Alvida Wanted \u03b8\u03b1 \u03b1\u03c0\u03bf\u03c4\u03b5\u03bb\u03ad\u03c3\u03b5\u03b9 \u03bc\u03b9\u03b1 \u03b5\u03be\u03b1\u03b9\u03c1\u03b5\u03c4\u03b9\u03ba\u03ae \u03b4\u03b9\u03b1\u03ba\u03cc\u03c3\u03bc\u03b7\u03c3\u03b7 \u03b3\u03b9\u03b1 \u03c4\u03bf\u03c5\u03c2 \u03c4\u03bf\u03af\u03c7\u03bf\u03c5\u03c2 \u03c3\u03b1\u03c2.<\/h2>\n<p>\u0397 \u0391\u03bb\u03b2\u03af\u03b4\u03b1 \u03b5\u03af\u03bd\u03b1\u03b9 \u03b7 <strong>\u03c0\u03c1\u03ce\u03c4\u03bf\u03c2 \u03ba\u03b1\u03c0\u03b5\u03c4\u03ac\u03bd\u03b9\u03bf\u03c2<\/strong> \u0388\u03bd\u03b1\u03c2 \u03c0\u03b5\u03b9\u03c1\u03b1\u03c4\u03ae\u03c2 \u03c0\u03bf\u03c5 \u03c3\u03c5\u03bd\u03b1\u03bd\u03c4\u03ac \u03bf \u039b\u03ac\u03c6\u03b9 \u03c3\u03c4\u03b7\u03bd \u03b1\u03c1\u03c7\u03ae \u03c4\u03b7\u03c2 \u03c0\u03b5\u03c1\u03b9\u03c0\u03ad\u03c4\u03b5\u03b9\u03ac\u03c2 \u03c4\u03bf\u03c5. \u0395\u03af\u03bd\u03b1\u03b9 \u03bc\u03b9\u03b1 \u03c0\u03b1\u03c7\u03cd\u03c3\u03b1\u03c1\u03ba\u03b7 \u03b3\u03c5\u03bd\u03b1\u03af\u03ba\u03b1 \u03c0\u03bf\u03c5 \u03c0\u03b1\u03bb\u03b5\u03cd\u03b5\u03b9 \u03bc\u03b5 \u03ad\u03bd\u03b1 \u03bc\u03b5\u03b3\u03ac\u03bb\u03bf...<strong> \u03bb\u03ad\u03c3\u03c7\u03b7<\/strong>, \u0397 Alvida \u03b5\u03af\u03bd\u03b1\u03b9 \u03b5\u03c0\u03af\u03c3\u03b7\u03c2 \u03bc\u03b9\u03b1 \u03c3\u03c7\u03bf\u03bb\u03b1\u03c3\u03c4\u03b9\u03ba\u03ae \u03b3\u03c5\u03bd\u03b1\u03af\u03ba\u03b1 \u03c0\u03bf\u03c5 \u03b4\u03b5\u03bd \u03b1\u03bd\u03c4\u03ad\u03c7\u03b5\u03b9 \u03c4\u03b7 \u03c3\u03ba\u03cc\u03bd\u03b7 \u03ae \u03bf\u03c4\u03b9\u03b4\u03ae\u03c0\u03bf\u03c4\u03b5 \u03c3\u03c7\u03b5\u03c4\u03af\u03b6\u03b5\u03c4\u03b1\u03b9 \u03bc\u03b5 \u03c4\u03b7 \u03b2\u03c1\u03c9\u03bc\u03b9\u03ac. \u0389\u03c4\u03b1\u03bd \u03b5\u03c0\u03af\u03c3\u03b7\u03c2 \u03c3\u03c4\u03bf \u03c0\u03bb\u03bf\u03af\u03bf \u03c4\u03b7\u03c2 \u03c0\u03bf\u03c5 \u03ba\u03b1\u03c4\u03ad\u03bb\u03b7\u03be\u03b5 \u03bf Coby, \u03b5\u03c1\u03b3\u03b1\u03b6\u03cc\u03bc\u03b5\u03bd\u03bf\u03c2 \u03c9\u03c2 \u03c5\u03c0\u03b7\u03c1\u03ad\u03c4\u03c1\u03b9\u03b1 \u03ba\u03b1\u03b9 \u03bf\u03c5\u03c3\u03b9\u03b1\u03c3\u03c4\u03b9\u03ba\u03ac \u03c3\u03ba\u03bb\u03ac\u03b2\u03bf\u03c2 \u03c4\u03b7\u03c2 Alvida. \u0391\u03c5\u03c4\u03ae \u03ba\u03b1\u03b9 \u03c4\u03bf \u03bc\u03b5\u03b3\u03b1\u03bb\u03cd\u03c4\u03b5\u03c1\u03bf \u03bc\u03ad\u03c1\u03bf\u03c2 \u03c4\u03bf\u03c5 \u03c0\u03bb\u03b7\u03c1\u03ce\u03bc\u03b1\u03c4\u03cc\u03c2 \u03c4\u03b7\u03c2 \u03b8\u03b1 \u03bd\u03b9\u03ba\u03b7\u03b8\u03bf\u03cd\u03bd \u03b1\u03c0\u03cc \u03c4\u03bf\u03bd Luffy, \u03bf \u03bf\u03c0\u03bf\u03af\u03bf\u03c2 \u03b8\u03b1 \u03b4\u03c1\u03b1\u03c0\u03b5\u03c4\u03b5\u03cd\u03c3\u03b5\u03b9 \u03b1\u03c0\u03cc \u03c4\u03bf \u03c0\u03bb\u03bf\u03af\u03bf \u03c4\u03bf\u03c5 \u03bc\u03b5 \u03c4\u03bf\u03bd Coby.<\/p>\n<h3>\u0395\u03af\u03c3\u03c4\u03b5 \u03ad\u03c4\u03bf\u03b9\u03bc\u03bf\u03b9 \u03bd\u03b1 \u03be\u03b5\u03ba\u03b9\u03bd\u03ae\u03c3\u03b5\u03c4\u03b5 \u03bc\u03b9\u03b1 \u03c3\u03c5\u03bb\u03bb\u03bf\u03b3\u03ae \u03b1\u03c6\u03b9\u03c3\u03ce\u03bd \u03bc\u03b5 \u03b1\u03c5\u03c4\u03ae\u03bd \u03c4\u03b7\u03bd \u03b1\u03c6\u03af\u03c3\u03b1 Alvida Wanted;<\/h3>\n<p>\u0391\u03c1\u03b3\u03cc\u03c4\u03b5\u03c1\u03b1 \u03c3\u03c4\u03b7\u03bd \u03c0\u03b5\u03c1\u03b9\u03c0\u03ad\u03c4\u03b5\u03b9\u03b1, \u03b7 \u0391\u03bb\u03b2\u03af\u03bd\u03c4\u03b1 \u03c4\u03c1\u03ce\u03b5\u03b9 \u03c4\u03bf \u03a6\u03c1\u03bf\u03cd\u03c4\u03bf \u03c4\u03bf\u03c5 \u0394\u03b9\u03b1\u03b2\u03cc\u03bb\u03bf\u03c5 <strong>\u03a3\u03bf\u03cd\u03bc\u03c0\u03b5 \u03a3\u03bf\u03cd\u03bc\u03c0\u03b5 \u03bd\u03bf \u03bc\u03af<\/strong>, \u03ba\u03ac\u03c4\u03b9 \u03c0\u03bf\u03c5 \u03b8\u03b1 \u03b1\u03bb\u03bb\u03ac\u03be\u03b5\u03b9 \u03c4\u03b7\u03bd \u03b5\u03bc\u03c6\u03ac\u03bd\u03b9\u03c3\u03ae \u03c4\u03b7\u03c2. \u0398\u03b1 \u03b3\u03af\u03bd\u03b5\u03b9 \u03c0\u03bf\u03bb\u03cd \u03c0\u03b9\u03bf \u03bb\u03b5\u03c0\u03c4\u03ae \u03ba\u03b1\u03b9 \u03c4\u03bf \u03c0\u03bb\u03ae\u03c1\u03c9\u03bc\u03ac \u03c4\u03b7\u03c2 \u03b8\u03b1 \u03c0\u03ad\u03c3\u03b5\u03b9 \u03ba\u03ac\u03c4\u03c9 \u03b1\u03c0\u03cc \u03c4\u03b7 \u03bc\u03b1\u03b3\u03b5\u03af\u03b1 \u03c4\u03b7\u03c2. \u03a4\u03b7\u03c2 \u03b5\u03c0\u03b9\u03c4\u03c1\u03ad\u03c0\u03b5\u03b9 \u03bd\u03b1 \u03ba\u03ac\u03bd\u03b5\u03b9 \u03c4\u03b1 \u03c0\u03ac\u03bd\u03c4\u03b1 \u03bd\u03b1 \u03b3\u03bb\u03b9\u03c3\u03c4\u03c1\u03bf\u03cd\u03bd \u03b1\u03c0\u03cc \u03c4\u03bf \u03b4\u03ad\u03c1\u03bc\u03b1 \u03c4\u03b7\u03c2, \u03c3\u03c5\u03bc\u03c0\u03b5\u03c1\u03b9\u03bb\u03b1\u03bc\u03b2\u03b1\u03bd\u03bf\u03bc\u03ad\u03bd\u03c9\u03bd \u03c4\u03c9\u03bd \u03c3\u03c9\u03bc\u03b1\u03c4\u03b9\u03ba\u03ce\u03bd \u03b5\u03c0\u03b9\u03b8\u03ad\u03c3\u03b5\u03c9\u03bd. \u03a4\u03bf \u03c7\u03c1\u03b7\u03c3\u03b9\u03bc\u03bf\u03c0\u03bf\u03b9\u03b5\u03af \u03b5\u03c0\u03af\u03c3\u03b7\u03c2 \u03b3\u03b9\u03b1 \u03bd\u03b1 \u03ba\u03b9\u03bd\u03b5\u03af\u03c4\u03b1\u03b9 \u03b3\u03bb\u03b9\u03c3\u03c4\u03c1\u03ce\u03bd\u03c4\u03b1\u03c2, \u03b1\u03c0\u03bf\u03ba\u03c4\u03ce\u03bd\u03c4\u03b1\u03c2 \u03ad\u03c4\u03c3\u03b9 \u03c4\u03b1\u03c7\u03cd\u03c4\u03b7\u03c4\u03b1. \u03a3\u03c5\u03bc\u03bc\u03b1\u03c7\u03b5\u03af \u03bc\u03b5 <strong>\u039c\u03c0\u03ac\u03b3\u03ba\u03b9 \u03bf \u039a\u03bb\u03cc\u03bf\u03c5\u03bd<\/strong> \u03ba\u03b1\u03b9 \u03b8\u03b1 \u03b1\u03bd\u03b1\u03bb\u03ac\u03b2\u03b5\u03b9 \u03b1\u03ba\u03cc\u03bc\u03b7 \u03ba\u03b1\u03b9 \u03c4\u03b7 \u03b4\u03b9\u03bf\u03af\u03ba\u03b7\u03c3\u03b7 \u03c4\u03bf\u03c5 \u03c0\u03bb\u03b7\u03c1\u03ce\u03bc\u03b1\u03c4\u03cc\u03c2 \u03c4\u03bf\u03c5 \u03cc\u03c4\u03b1\u03bd \u03c6\u03c5\u03bb\u03b1\u03ba\u03b9\u03c3\u03c4\u03bf\u03cd\u03bd \u03c3\u03c4\u03bf Impel Down. \u03a4\u03bf \u03ba\u03b5\u03c6\u03ac\u03bb\u03b9 \u03c4\u03bf\u03c5 \u03b1\u03be\u03af\u03b6\u03b5\u03b9 5 \u03b5\u03ba\u03b1\u03c4\u03bf\u03bc\u03bc\u03cd\u03c1\u03b9\u03b1 \u03bc\u03bf\u03cd\u03c1\u03b1.<\/p>\n<p>\u0395\u03c0\u03af\u03c3\u03b7\u03c2, \u03b5\u03bd\u03b4\u03af\u03b4\u03b5\u03b9 \u03c3\u03b5 \u03b1\u03c5\u03c4\u03cc <a href=\"https:\/\/boutique-one-piece.com\/el\/%ce%b1%cf%86%ce%af%cf%83%ce%b1-%cf%80%ce%bf%cf%85-%ce%b6%ce%b7%cf%84%ce%bf%cf%8d%ce%bd-%ce%bf%ce%b9-one-piece-%ce%b6%ce%b7%cf%84%ce%b5%ce%af%cf%84%ce%b1%ce%b9-%ce%b7-nico-robin\/\" target=\"_blank\" title=\"\u0397 Nico Robin \u03ae\u03b8\u03b5\u03bb\u03b5 \u03b1\u03c6\u03af\u03c3\u03b1\" rel=\"noopener noreferrer\">\u0395\u03b9\u03b4\u03bf\u03c0\u03bf\u03af\u03b7\u03c3\u03b7 \u03ba\u03b1\u03c4\u03b1\u03b4\u03af\u03ba\u03b7\u03c2 \u03b3\u03b9\u03b1 \u03c4\u03bf\u03bd \u039d\u03af\u03ba\u03bf \u03a1\u03cc\u03bc\u03c0\u03b9\u03bd<\/a>.<\/p>\n<p>\u00a0<\/p>\n<h2>\u03a0\u03bb\u03b7\u03c1\u03bf\u03c6\u03bf\u03c1\u03af\u03b5\u03c2 \u03b3\u03b9\u03b1 \u03c4\u03b7\u03bd \u03b1\u03c6\u03af\u03c3\u03b1 One Piece Wanted Alvida<\/h2>\n<ul>\n<li><span><b><u>\u0391\u03c6\u03af\u03c3\u03b1 One Piece Wanted<\/u><\/b>\u00a0\u039c\u03b9\u03b1 \u03b3\u03bd\u03ae\u03c3\u03b9\u03b1 \u03b1\u03c6\u03af\u03c3\u03b1 \u03c4\u03bf\u03c5 One Piece \u03c0\u03bf\u03c5 \u03b1\u03bd\u03b1\u03b6\u03b7\u03c4\u03b5\u03af\u03c4\u03b1\u03b9 \u03b3\u03b9\u03b1 \u03b1\u03bb\u03b7\u03b8\u03b9\u03bd\u03bf\u03cd\u03c2 \u03c0\u03b5\u03b9\u03c1\u03b1\u03c4\u03ad\u03c2<\/span><\/li>\n<\/ul>\n<ul>\n<li>\n<b><u>\u039c\u03c0\u03cc\u03bd\u03bf\u03c5\u03c2 \u03c4\u03b7\u03c2 Alvida<\/u><\/b>\u00a05.000.000 \u039c\u03bf\u03cd\u03c1\u03b1<\/li>\n<\/ul>\n<ul>\n<li><span><strong>\u0395\u03ba\u03c4\u03cd\u03c0\u03c9\u03c3\u03b7 \u03c5\u03c8\u03b7\u03bb\u03ae\u03c2 \u03c0\u03bf\u03b9\u03cc\u03c4\u03b7\u03c4\u03b1\u03c2<\/strong>\u00a0\u03b1\u03ba\u03c1\u03b9\u03b2\u03ae \u03c7\u03c1\u03ce\u03bc\u03b1\u03c4\u03b1<\/span><\/li>\n<\/ul>\n<ul>\n<li>\n<strong>\u0394\u03b9\u03ac\u03c3\u03c4\u03b1\u03c3\u03b7<\/strong>\u00a0: 51 \u03b5\u03ba. x 36 \u03b5\u03ba.<\/li>\n<\/ul>\n<ul>\n<li><span><strong>\u0394\u03a9\u03a1\u0395\u0391\u039d \u03a0\u0391\u03a1\u0391\u0394\u039f\u03a3\u0397<\/strong><\/span><\/li>\n<\/ul>","protected":false},"excerpt":{"rendered":"<p>Laisse-toi tenter par une affiche qui allie jolie femme et piraterie. Cet avis de Recherche Alvida Wanted fera office de d\u00e9cor sur tes murs. Alvida est la premi\u00e8re capitaine pirate que rencontre Luffy lorsqu&rsquo;il d\u00e9bute son aventure. C&rsquo;est une femme ob\u00e8se qui se bat avec une grosse massue, et qui force son \u00e9quipage \u00e0 dire [&hellip;]<\/p>","protected":false},"featured_media":14602,"comment_status":"open","ping_status":"open","template":"","meta":[],"product_brand":[],"product_cat":[171],"product_tag":[],"class_list":{"0":"post-14600","1":"product","2":"type-product","3":"status-publish","4":"has-post-thumbnail","6":"product_cat-avis-de-recherche-one-piece","8":"first","9":"instock","10":"purchasable","11":"product-type-simple"},"yoast_head":"<!-- This site is optimized with the Yoast SEO plugin v27.5 - https:\/\/yoast.com\/product\/yoast-seo-wordpress\/ -->\n<title>Avis De Recherche Alvida Wanted | D\u00e9coration One Piece \u2013 Boutique One Piece<\/title>\n<meta name=\"description\" content=\"Laisse-toi tenter par une affiche qui allie jolie femme et piraterie. Cet avis de Recherche Alvida Wanted fera office de d\u00e9cor sur tes murs. Alvida est la premi\u00e8re capitaine pirate que rencontre Luffy lorsqu&#039;il d\u00e9bute son aventure. C&#039;est une femme ob\u00e8se qui se bat avec une grosse massue, et qui force son \u00e9quipage \u00e0 dir\" \/>\n<meta name=\"robots\" content=\"index, follow, max-snippet:-1, max-image-preview:large, max-video-preview:-1\" \/>\n<link rel=\"canonical\" href=\"https:\/\/boutique-one-piece.com\/el\/\u03b1\u03c6\u03af\u03c3\u03b1-\u03c0\u03bf\u03c5-\u03b6\u03b7\u03c4\u03ae\u03b8\u03b7\u03ba\u03b5-\u03b1\u03c0\u03cc-\u03c4\u03bf-one-piece\/\u03b1\u03c6\u03af\u03c3\u03b1-\u03b6\u03b7\u03c4\u03b5\u03af\u03c4\u03b1\u03b9-\u03b7-\u03b1\u03bb\u03b2\u03af\u03bd\u03c4\u03b1\/\" \/>\n<meta property=\"og:locale\" content=\"el_GR\" \/>\n<meta property=\"og:type\" content=\"article\" \/>\n<meta property=\"og:title\" content=\"Avis De Recherche Alvida Wanted | D\u00e9coration One Piece \u2013 Boutique One Piece\" \/>\n<meta property=\"og:description\" content=\"Laisse-toi tenter par une affiche qui allie jolie femme et piraterie. Cet avis de Recherche Alvida Wanted fera office de d\u00e9cor sur tes murs. Alvida est la premi\u00e8re capitaine pirate que rencontre Luffy lorsqu&#039;il d\u00e9bute son aventure. C&#039;est une femme ob\u00e8se qui se bat avec une grosse massue, et qui force son \u00e9quipage \u00e0 dir\" \/>\n<meta property=\"og:url\" content=\"https:\/\/boutique-one-piece.com\/el\/\u03b1\u03c6\u03af\u03c3\u03b1-\u03c0\u03bf\u03c5-\u03b6\u03b7\u03c4\u03ae\u03b8\u03b7\u03ba\u03b5-\u03b1\u03c0\u03cc-\u03c4\u03bf-one-piece\/\u03b1\u03c6\u03af\u03c3\u03b1-\u03b6\u03b7\u03c4\u03b5\u03af\u03c4\u03b1\u03b9-\u03b7-\u03b1\u03bb\u03b2\u03af\u03bd\u03c4\u03b1\/\" \/>\n<meta property=\"og:site_name\" content=\"Boutique One Piece\" \/>\n<meta property=\"article:modified_time\" content=\"2024-09-16T13:45:06+00:00\" \/>\n<meta property=\"og:image\" content=\"https:\/\/boutique-one-piece.com\/wp-content\/uploads\/2022\/09\/Avis-De-Recherche-Alvida-Wanted-1.jpg\" \/>\n\t<meta property=\"og:image:width\" content=\"797\" \/>\n\t<meta property=\"og:image:height\" content=\"798\" \/>\n\t<meta property=\"og:image:type\" content=\"image\/jpeg\" \/>\n<meta name=\"twitter:card\" content=\"summary_large_image\" \/>\n<meta name=\"twitter:label1\" content=\"\u0395\u03ba\u03c4\u03b9\u03bc\u03ce\u03bc\u03b5\u03bd\u03bf\u03c2 \u03c7\u03c1\u03cc\u03bd\u03bf\u03c2 \u03b1\u03bd\u03ac\u03b3\u03bd\u03c9\u03c3\u03b7\u03c2\" \/>\n\t<meta name=\"twitter:data1\" content=\"1 \u03bb\u03b5\u03c0\u03c4\u03cc\" \/>\n<script type=\"application\/ld+json\" class=\"yoast-schema-graph\">{\"@context\":\"https:\\\/\\\/schema.org\",\"@graph\":[{\"@type\":\"WebPage\",\"@id\":\"https:\\\/\\\/boutique-one-piece.com\\\/avis-de-recherche-one-piece\\\/avis-de-recherche-alvida-wanted\\\/\",\"url\":\"https:\\\/\\\/boutique-one-piece.com\\\/avis-de-recherche-one-piece\\\/avis-de-recherche-alvida-wanted\\\/\",\"name\":\"Avis De Recherche Alvida Wanted | D\u00e9coration One Piece \u2013 Boutique One Piece\",\"isPartOf\":{\"@id\":\"https:\\\/\\\/boutique-one-piece.com\\\/#website\"},\"primaryImageOfPage\":{\"@id\":\"https:\\\/\\\/boutique-one-piece.com\\\/avis-de-recherche-one-piece\\\/avis-de-recherche-alvida-wanted\\\/#primaryimage\"},\"image\":{\"@id\":\"https:\\\/\\\/boutique-one-piece.com\\\/avis-de-recherche-one-piece\\\/avis-de-recherche-alvida-wanted\\\/#primaryimage\"},\"thumbnailUrl\":\"https:\\\/\\\/boutique-one-piece.com\\\/wp-content\\\/uploads\\\/2022\\\/09\\\/Avis-De-Recherche-Alvida-Wanted-1.jpg\",\"datePublished\":\"2022-09-27T21:33:15+00:00\",\"dateModified\":\"2024-09-16T13:45:06+00:00\",\"description\":\"Laisse-toi tenter par une affiche qui allie jolie femme et piraterie. Cet avis de Recherche Alvida Wanted fera office de d\u00e9cor sur tes murs. Alvida est la premi\u00e8re capitaine pirate que rencontre Luffy lorsqu'il d\u00e9bute son aventure. C'est une femme ob\u00e8se qui se bat avec une grosse massue, et qui force son \u00e9quipage \u00e0 dir\",\"breadcrumb\":{\"@id\":\"https:\\\/\\\/boutique-one-piece.com\\\/avis-de-recherche-one-piece\\\/avis-de-recherche-alvida-wanted\\\/#breadcrumb\"},\"inLanguage\":\"el\",\"potentialAction\":[{\"@type\":\"ReadAction\",\"target\":[\"https:\\\/\\\/boutique-one-piece.com\\\/avis-de-recherche-one-piece\\\/avis-de-recherche-alvida-wanted\\\/\"]}]},{\"@type\":\"ImageObject\",\"inLanguage\":\"el\",\"@id\":\"https:\\\/\\\/boutique-one-piece.com\\\/avis-de-recherche-one-piece\\\/avis-de-recherche-alvida-wanted\\\/#primaryimage\",\"url\":\"https:\\\/\\\/boutique-one-piece.com\\\/wp-content\\\/uploads\\\/2022\\\/09\\\/Avis-De-Recherche-Alvida-Wanted-1.jpg\",\"contentUrl\":\"https:\\\/\\\/boutique-one-piece.com\\\/wp-content\\\/uploads\\\/2022\\\/09\\\/Avis-De-Recherche-Alvida-Wanted-1.jpg\",\"width\":797,\"height\":798},{\"@type\":\"BreadcrumbList\",\"@id\":\"https:\\\/\\\/boutique-one-piece.com\\\/avis-de-recherche-one-piece\\\/avis-de-recherche-alvida-wanted\\\/#breadcrumb\",\"itemListElement\":[{\"@type\":\"ListItem\",\"position\":1,\"name\":\"Home\",\"item\":\"https:\\\/\\\/boutique-one-piece.com\\\/\"},{\"@type\":\"ListItem\",\"position\":2,\"name\":\"Shop\",\"item\":\"https:\\\/\\\/boutique-one-piece.com\\\/shop\\\/\"},{\"@type\":\"ListItem\",\"position\":3,\"name\":\"Avis De Recherche Alvida Wanted\"}]},{\"@type\":\"WebSite\",\"@id\":\"https:\\\/\\\/boutique-one-piece.com\\\/#website\",\"url\":\"https:\\\/\\\/boutique-one-piece.com\\\/\",\"name\":\"Boutique One Piece\",\"description\":\"Magasin Sp\u00e9cialis\u00e9 du Manga et l&#039;Anime One Piece\",\"publisher\":{\"@id\":\"https:\\\/\\\/boutique-one-piece.com\\\/#organization\"},\"potentialAction\":[{\"@type\":\"SearchAction\",\"target\":{\"@type\":\"EntryPoint\",\"urlTemplate\":\"https:\\\/\\\/boutique-one-piece.com\\\/?s={search_term_string}\"},\"query-input\":{\"@type\":\"PropertyValueSpecification\",\"valueRequired\":true,\"valueName\":\"search_term_string\"}}],\"inLanguage\":\"el\"},{\"@type\":\"Organization\",\"@id\":\"https:\\\/\\\/boutique-one-piece.com\\\/#organization\",\"name\":\"Boutique One Piece\",\"url\":\"https:\\\/\\\/boutique-one-piece.com\\\/\",\"logo\":{\"@type\":\"ImageObject\",\"inLanguage\":\"el\",\"@id\":\"https:\\\/\\\/boutique-one-piece.com\\\/#\\\/schema\\\/logo\\\/image\\\/\",\"url\":\"https:\\\/\\\/boutique-one-piece.com\\\/wp-content\\\/uploads\\\/2022\\\/09\\\/Logo-01.png\",\"contentUrl\":\"https:\\\/\\\/boutique-one-piece.com\\\/wp-content\\\/uploads\\\/2022\\\/09\\\/Logo-01.png\",\"width\":2318,\"height\":957,\"caption\":\"Boutique One Piece\"},\"image\":{\"@id\":\"https:\\\/\\\/boutique-one-piece.com\\\/#\\\/schema\\\/logo\\\/image\\\/\"}}]}<\/script>\n<!-- \/ Yoast SEO plugin. -->","yoast_head_json":{"title":"\u0391\u03bd\u03b1\u03ba\u03bf\u03af\u03bd\u03c9\u03c3\u03b7 \u0396\u03ae\u03c4\u03b7\u03c3\u03b7\u03c2 Alvida | \u0394\u03b9\u03b1\u03ba\u03bf\u03c3\u03bc\u03ae\u03c3\u03b5\u03b9\u03c2 \u039f\u03bb\u03cc\u03c3\u03c9\u03bc\u03b7\u03c2 \u03a7\u03c1\u03ae\u03c3\u03b7\u03c2 \u2013 One Piece Shop","description":"\u039a\u03b5\u03c1\u03ac\u03c3\u03c4\u03b5 \u03c4\u03bf\u03bd \u03b5\u03b1\u03c5\u03c4\u03cc \u03c3\u03b1\u03c2 \u03bc\u03b9\u03b1 \u03b1\u03c6\u03af\u03c3\u03b1 \u03c0\u03bf\u03c5 \u03c3\u03c5\u03bd\u03b4\u03c5\u03ac\u03b6\u03b5\u03b9 \u03bc\u03b9\u03b1 \u03cc\u03bc\u03bf\u03c1\u03c6\u03b7 \u03b3\u03c5\u03bd\u03b1\u03af\u03ba\u03b1 \u03ba\u03b1\u03b9 \u03c0\u03b5\u03b9\u03c1\u03b1\u03c4\u03b5\u03af\u03b1. \u0391\u03c5\u03c4\u03ae \u03b7 \u03b1\u03c6\u03af\u03c3\u03b1 &quot;\u0396\u03b7\u03c4\u03b5\u03af\u03c4\u03b1\u03b9 \u03b7 Alvida&quot; \u03b8\u03b1 \u03b1\u03c0\u03bf\u03c4\u03b5\u03bb\u03ad\u03c3\u03b5\u03b9 \u03bc\u03b9\u03b1 \u03c5\u03c0\u03ad\u03c1\u03bf\u03c7\u03b7 \u03b4\u03b9\u03b1\u03ba\u03cc\u03c3\u03bc\u03b7\u03c3\u03b7 \u03b3\u03b9\u03b1 \u03c4\u03bf\u03c5\u03c2 \u03c4\u03bf\u03af\u03c7\u03bf\u03c5\u03c2 \u03c3\u03b1\u03c2. \u0397 Alvida \u03b5\u03af\u03bd\u03b1\u03b9 \u03b7 \u03c0\u03c1\u03ce\u03c4\u03b7 \u03c0\u03b5\u03b9\u03c1\u03b1\u03c4\u03b9\u03ba\u03ae \u03ba\u03b1\u03c0\u03b5\u03c4\u03ac\u03bd\u03b9\u03c3\u03c3\u03b1 \u03c0\u03bf\u03c5 \u03c3\u03c5\u03bd\u03b1\u03bd\u03c4\u03ac \u03bf Luffy \u03cc\u03c4\u03b1\u03bd \u03be\u03b5\u03ba\u03b9\u03bd\u03ac \u03c4\u03b7\u03bd \u03c0\u03b5\u03c1\u03b9\u03c0\u03ad\u03c4\u03b5\u03b9\u03ac \u03c4\u03bf\u03c5. \u0395\u03af\u03bd\u03b1\u03b9 \u03bc\u03b9\u03b1 \u03c0\u03b1\u03c7\u03cd\u03c3\u03b1\u03c1\u03ba\u03b7 \u03b3\u03c5\u03bd\u03b1\u03af\u03ba\u03b1 \u03c0\u03bf\u03c5 \u03c4\u03c3\u03b1\u03ba\u03ce\u03bd\u03b5\u03c4\u03b1\u03b9 \u03bc\u03b5 \u03ad\u03bd\u03b1 \u03bc\u03b5\u03b3\u03ac\u03bb\u03bf \u03c1\u03cc\u03c0\u03b1\u03bb\u03bf \u03ba\u03b1\u03b9 \u03b1\u03bd\u03b1\u03b3\u03ba\u03ac\u03b6\u03b5\u03b9 \u03c4\u03bf \u03c0\u03bb\u03ae\u03c1\u03c9\u03bc\u03ac \u03c4\u03b7\u03c2 \u03bd\u03b1...","robots":{"index":"index","follow":"follow","max-snippet":"max-snippet:-1","max-image-preview":"max-image-preview:large","max-video-preview":"max-video-preview:-1"},"canonical":"https:\/\/boutique-one-piece.com\/el\/\u03b1\u03c6\u03af\u03c3\u03b1-\u03c0\u03bf\u03c5-\u03b6\u03b7\u03c4\u03ae\u03b8\u03b7\u03ba\u03b5-\u03b1\u03c0\u03cc-\u03c4\u03bf-one-piece\/\u03b1\u03c6\u03af\u03c3\u03b1-\u03b6\u03b7\u03c4\u03b5\u03af\u03c4\u03b1\u03b9-\u03b7-\u03b1\u03bb\u03b2\u03af\u03bd\u03c4\u03b1\/","og_locale":"el_GR","og_type":"article","og_title":"Avis De Recherche Alvida Wanted | D\u00e9coration One Piece \u2013 Boutique One Piece","og_description":"Laisse-toi tenter par une affiche qui allie jolie femme et piraterie. Cet avis de Recherche Alvida Wanted fera office de d\u00e9cor sur tes murs. Alvida est la premi\u00e8re capitaine pirate que rencontre Luffy lorsqu'il d\u00e9bute son aventure. C'est une femme ob\u00e8se qui se bat avec une grosse massue, et qui force son \u00e9quipage \u00e0 dir","og_url":"https:\/\/boutique-one-piece.com\/el\/\u03b1\u03c6\u03af\u03c3\u03b1-\u03c0\u03bf\u03c5-\u03b6\u03b7\u03c4\u03ae\u03b8\u03b7\u03ba\u03b5-\u03b1\u03c0\u03cc-\u03c4\u03bf-one-piece\/\u03b1\u03c6\u03af\u03c3\u03b1-\u03b6\u03b7\u03c4\u03b5\u03af\u03c4\u03b1\u03b9-\u03b7-\u03b1\u03bb\u03b2\u03af\u03bd\u03c4\u03b1\/","og_site_name":"Boutique One Piece","article_modified_time":"2024-09-16T13:45:06+00:00","og_image":[{"width":797,"height":798,"url":"https:\/\/boutique-one-piece.com\/wp-content\/uploads\/2022\/09\/Avis-De-Recherche-Alvida-Wanted-1.jpg","type":"image\/jpeg"}],"twitter_card":"summary_large_image","twitter_misc":{"\u0395\u03ba\u03c4\u03b9\u03bc\u03ce\u03bc\u03b5\u03bd\u03bf\u03c2 \u03c7\u03c1\u03cc\u03bd\u03bf\u03c2 \u03b1\u03bd\u03ac\u03b3\u03bd\u03c9\u03c3\u03b7\u03c2":"1 \u03bb\u03b5\u03c0\u03c4\u03cc"},"schema":{"@context":"https:\/\/schema.org","@graph":[{"@type":"WebPage","@id":"https:\/\/boutique-one-piece.com\/avis-de-recherche-one-piece\/avis-de-recherche-alvida-wanted\/","url":"https:\/\/boutique-one-piece.com\/avis-de-recherche-one-piece\/avis-de-recherche-alvida-wanted\/","name":"\u0391\u03bd\u03b1\u03ba\u03bf\u03af\u03bd\u03c9\u03c3\u03b7 \u0396\u03ae\u03c4\u03b7\u03c3\u03b7\u03c2 Alvida | \u0394\u03b9\u03b1\u03ba\u03bf\u03c3\u03bc\u03ae\u03c3\u03b5\u03b9\u03c2 \u039f\u03bb\u03cc\u03c3\u03c9\u03bc\u03b7\u03c2 \u03a7\u03c1\u03ae\u03c3\u03b7\u03c2 \u2013 One Piece Shop","isPartOf":{"@id":"https:\/\/boutique-one-piece.com\/#website"},"primaryImageOfPage":{"@id":"https:\/\/boutique-one-piece.com\/avis-de-recherche-one-piece\/avis-de-recherche-alvida-wanted\/#primaryimage"},"image":{"@id":"https:\/\/boutique-one-piece.com\/avis-de-recherche-one-piece\/avis-de-recherche-alvida-wanted\/#primaryimage"},"thumbnailUrl":"https:\/\/boutique-one-piece.com\/wp-content\/uploads\/2022\/09\/Avis-De-Recherche-Alvida-Wanted-1.jpg","datePublished":"2022-09-27T21:33:15+00:00","dateModified":"2024-09-16T13:45:06+00:00","description":"\u039a\u03b5\u03c1\u03ac\u03c3\u03c4\u03b5 \u03c4\u03bf\u03bd \u03b5\u03b1\u03c5\u03c4\u03cc \u03c3\u03b1\u03c2 \u03bc\u03b9\u03b1 \u03b1\u03c6\u03af\u03c3\u03b1 \u03c0\u03bf\u03c5 \u03c3\u03c5\u03bd\u03b4\u03c5\u03ac\u03b6\u03b5\u03b9 \u03bc\u03b9\u03b1 \u03cc\u03bc\u03bf\u03c1\u03c6\u03b7 \u03b3\u03c5\u03bd\u03b1\u03af\u03ba\u03b1 \u03ba\u03b1\u03b9 \u03c0\u03b5\u03b9\u03c1\u03b1\u03c4\u03b5\u03af\u03b1. \u0391\u03c5\u03c4\u03ae \u03b7 \u03b1\u03c6\u03af\u03c3\u03b1 &quot;\u0396\u03b7\u03c4\u03b5\u03af\u03c4\u03b1\u03b9 \u03b7 Alvida&quot; \u03b8\u03b1 \u03b1\u03c0\u03bf\u03c4\u03b5\u03bb\u03ad\u03c3\u03b5\u03b9 \u03bc\u03b9\u03b1 \u03c5\u03c0\u03ad\u03c1\u03bf\u03c7\u03b7 \u03b4\u03b9\u03b1\u03ba\u03cc\u03c3\u03bc\u03b7\u03c3\u03b7 \u03b3\u03b9\u03b1 \u03c4\u03bf\u03c5\u03c2 \u03c4\u03bf\u03af\u03c7\u03bf\u03c5\u03c2 \u03c3\u03b1\u03c2. \u0397 Alvida \u03b5\u03af\u03bd\u03b1\u03b9 \u03b7 \u03c0\u03c1\u03ce\u03c4\u03b7 \u03c0\u03b5\u03b9\u03c1\u03b1\u03c4\u03b9\u03ba\u03ae \u03ba\u03b1\u03c0\u03b5\u03c4\u03ac\u03bd\u03b9\u03c3\u03c3\u03b1 \u03c0\u03bf\u03c5 \u03c3\u03c5\u03bd\u03b1\u03bd\u03c4\u03ac \u03bf Luffy \u03cc\u03c4\u03b1\u03bd \u03be\u03b5\u03ba\u03b9\u03bd\u03ac \u03c4\u03b7\u03bd \u03c0\u03b5\u03c1\u03b9\u03c0\u03ad\u03c4\u03b5\u03b9\u03ac \u03c4\u03bf\u03c5. \u0395\u03af\u03bd\u03b1\u03b9 \u03bc\u03b9\u03b1 \u03c0\u03b1\u03c7\u03cd\u03c3\u03b1\u03c1\u03ba\u03b7 \u03b3\u03c5\u03bd\u03b1\u03af\u03ba\u03b1 \u03c0\u03bf\u03c5 \u03c4\u03c3\u03b1\u03ba\u03ce\u03bd\u03b5\u03c4\u03b1\u03b9 \u03bc\u03b5 \u03ad\u03bd\u03b1 \u03bc\u03b5\u03b3\u03ac\u03bb\u03bf \u03c1\u03cc\u03c0\u03b1\u03bb\u03bf \u03ba\u03b1\u03b9 \u03b1\u03bd\u03b1\u03b3\u03ba\u03ac\u03b6\u03b5\u03b9 \u03c4\u03bf \u03c0\u03bb\u03ae\u03c1\u03c9\u03bc\u03ac \u03c4\u03b7\u03c2 \u03bd\u03b1...","breadcrumb":{"@id":"https:\/\/boutique-one-piece.com\/avis-de-recherche-one-piece\/avis-de-recherche-alvida-wanted\/#breadcrumb"},"inLanguage":"el","potentialAction":[{"@type":"ReadAction","target":["https:\/\/boutique-one-piece.com\/avis-de-recherche-one-piece\/avis-de-recherche-alvida-wanted\/"]}]},{"@type":"ImageObject","inLanguage":"el","@id":"https:\/\/boutique-one-piece.com\/avis-de-recherche-one-piece\/avis-de-recherche-alvida-wanted\/#primaryimage","url":"https:\/\/boutique-one-piece.com\/wp-content\/uploads\/2022\/09\/Avis-De-Recherche-Alvida-Wanted-1.jpg","contentUrl":"https:\/\/boutique-one-piece.com\/wp-content\/uploads\/2022\/09\/Avis-De-Recherche-Alvida-Wanted-1.jpg","width":797,"height":798},{"@type":"BreadcrumbList","@id":"https:\/\/boutique-one-piece.com\/avis-de-recherche-one-piece\/avis-de-recherche-alvida-wanted\/#breadcrumb","itemListElement":[{"@type":"ListItem","position":1,"name":"Home","item":"https:\/\/boutique-one-piece.com\/"},{"@type":"ListItem","position":2,"name":"Shop","item":"https:\/\/boutique-one-piece.com\/shop\/"},{"@type":"ListItem","position":3,"name":"Avis De Recherche Alvida Wanted"}]},{"@type":"WebSite","@id":"https:\/\/boutique-one-piece.com\/#website","url":"https:\/\/boutique-one-piece.com\/","name":"\u039a\u03b1\u03c4\u03ac\u03c3\u03c4\u03b7\u03bc\u03b1 One Piece","description":"\u0395\u03be\u03b5\u03b9\u03b4\u03b9\u03ba\u03b5\u03c5\u03bc\u03ad\u03bd\u03bf \u03ba\u03b1\u03c4\u03ac\u03c3\u03c4\u03b7\u03bc\u03b1 \u03b3\u03b9\u03b1 One Piece Manga \u03ba\u03b1\u03b9 Anime","publisher":{"@id":"https:\/\/boutique-one-piece.com\/#organization"},"potentialAction":[{"@type":"SearchAction","target":{"@type":"EntryPoint","urlTemplate":"https:\/\/boutique-one-piece.com\/?s={search_term_string}"},"query-input":{"@type":"PropertyValueSpecification","valueRequired":true,"valueName":"search_term_string"}}],"inLanguage":"el"},{"@type":"Organization","@id":"https:\/\/boutique-one-piece.com\/#organization","name":"\u039a\u03b1\u03c4\u03ac\u03c3\u03c4\u03b7\u03bc\u03b1 One Piece","url":"https:\/\/boutique-one-piece.com\/","logo":{"@type":"ImageObject","inLanguage":"el","@id":"https:\/\/boutique-one-piece.com\/#\/schema\/logo\/image\/","url":"https:\/\/boutique-one-piece.com\/wp-content\/uploads\/2022\/09\/Logo-01.png","contentUrl":"https:\/\/boutique-one-piece.com\/wp-content\/uploads\/2022\/09\/Logo-01.png","width":2318,"height":957,"caption":"Boutique One Piece"},"image":{"@id":"https:\/\/boutique-one-piece.com\/#\/schema\/logo\/image\/"}}]}},"_links":{"self":[{"href":"https:\/\/boutique-one-piece.com\/el\/wp-json\/wp\/v2\/product\/14600","targetHints":{"allow":["GET"]}}],"collection":[{"href":"https:\/\/boutique-one-piece.com\/el\/wp-json\/wp\/v2\/product"}],"about":[{"href":"https:\/\/boutique-one-piece.com\/el\/wp-json\/wp\/v2\/types\/product"}],"replies":[{"embeddable":true,"href":"https:\/\/boutique-one-piece.com\/el\/wp-json\/wp\/v2\/comments?post=14600"}],"wp:featuredmedia":[{"embeddable":true,"href":"https:\/\/boutique-one-piece.com\/el\/wp-json\/wp\/v2\/media\/14602"}],"wp:attachment":[{"href":"https:\/\/boutique-one-piece.com\/el\/wp-json\/wp\/v2\/media?parent=14600"}],"wp:term":[{"taxonomy":"product_brand","embeddable":true,"href":"https:\/\/boutique-one-piece.com\/el\/wp-json\/wp\/v2\/product_brand?post=14600"},{"taxonomy":"product_cat","embeddable":true,"href":"https:\/\/boutique-one-piece.com\/el\/wp-json\/wp\/v2\/product_cat?post=14600"},{"taxonomy":"product_tag","embeddable":true,"href":"https:\/\/boutique-one-piece.com\/el\/wp-json\/wp\/v2\/product_tag?post=14600"}],"curies":[{"name":"\u03b5\u03c1\u03b3\u03b1\u03c3\u03af\u03b1","href":"https:\/\/api.w.org\/{rel}","templated":true}]}}