{"id":16610,"date":"2022-09-27T21:54:38","date_gmt":"2022-09-27T21:54:38","guid":{"rendered":"https:\/\/boutique-one-piece.com\/uncategorized\/t-shirt-one-piece-ace-le-fils-de-roger\/"},"modified":"2024-09-16T14:44:03","modified_gmt":"2024-09-16T14:44:03","slug":"%ce%bc%cf%80%ce%bb%ce%bf%cf%85%ce%b6%ce%ac%ce%ba%ce%b9-one-piece-%ce%bc%ce%b5-%cf%84%ce%bf%ce%bd-ace-%cf%84%ce%bf%ce%bd-%ce%b3%ce%b9%ce%bf-%cf%84%ce%bf%cf%85-roger","status":"publish","type":"product","link":"https:\/\/boutique-one-piece.com\/el\/%ce%bf%ce%bb%cf%8c%cf%83%cf%89%ce%bc%ce%b1-%cf%81%ce%bf%cf%8d%cf%87%ce%b1\/%ce%bc%cf%80%ce%bb%ce%bf%cf%85%ce%b6%ce%ac%ce%ba%ce%b9%ce%b1-one-piece\/%ce%bc%cf%80%ce%bb%ce%bf%cf%85%ce%b6%ce%ac%ce%ba%ce%b9-one-piece-%ce%bc%ce%b5-%cf%84%ce%bf%ce%bd-ace-%cf%84%ce%bf%ce%bd-%ce%b3%ce%b9%ce%bf-%cf%84%ce%bf%cf%85-roger\/","title":{"rendered":"\u039c\u03c0\u03bb\u03bf\u03cd\u03b6\u03b1 One Piece Ace the Son of Roger"},"content":{"rendered":"<h2 >\u03a0\u03bb\u03b7\u03c1\u03bf\u03c6\u03bf\u03c1\u03af\u03b5\u03c2 \u03b3\u03b9\u03b1 \u03c4\u03bf \u03bc\u03c0\u03bb\u03bf\u03c5\u03b6\u03ac\u03ba\u03b9:\u00a0<\/h2>\n<ul >\n<li >\u00a0<strong >\u03a4\u03b6\u03ad\u03c1\u03c3\u03b5\u03ca \u03c5\u03c8\u03b7\u03bb\u03ae\u03c2 \u03c0\u03bf\u03b9\u03cc\u03c4\u03b7\u03c4\u03b1\u03c2\u00a0<\/strong>: \u03ad\u03c7\u03b5\u03b9 \u03ad\u03bd\u03b1\u00a0<strong >\u03c5\u03c8\u03b7\u03bb\u03cc \u03b2\u03ac\u03c1\u03bf\u03c2<\/strong>, \u03bc\u03b5 \u03c0\u03bf\u03b9\u03bf\u03c4\u03b9\u03ba\u03ac \u03c5\u03bb\u03b9\u03ba\u03ac<\/li>\n<\/ul>\n<ul >\n<li >\n<strong >\u03a7\u03b1\u03bb\u03b1\u03c1\u03ae \u03b5\u03c6\u03b1\u03c1\u03bc\u03bf\u03b3\u03ae<\/strong>\u00a0:\u00a0\u00a0<strong >\u03bc\u03c0\u03bb\u03bf\u03c5\u03b6\u03ac\u03ba\u03b9<\/strong>\u00a0\u03bc\u03b5 \u03ad\u03bd\u03b1\u00a0<strong >\u03c6\u03b1\u03c1\u03b4\u03b9\u03ac \u03ba\u03bf\u03c0\u03ae<\/strong>, \u03b3\u03b9\u03b1 \u03b5\u03c0\u03b9\u03c0\u03bb\u03ad\u03bf\u03bd \u03ac\u03bd\u03b5\u03c3\u03b7<\/li>\n<\/ul>\n<ul >\n<li >\n<strong >\u03a0\u03bf\u03bb\u03cd \u03ac\u03bd\u03b5\u03c4\u03bf\u00a0<\/strong>\u03bc\u03b5 \u03b1\u03c5\u03c4\u03ac\u00a0<strong >\u03af\u03bd\u03b5\u03c2<\/strong>\u00a0\u03c4\u03bf\u03c5\u00a0<strong >\u03b2\u03b1\u03bc\u03b2\u03ac\u03ba\u03b9<\/strong>\u00a0\u03bc\u03b5\u03b3\u03ac\u03bb\u03bf\u03c2\u00a0<strong >\u03bc\u03b1\u03bb\u03b1\u03ba\u03cc\u03c2<\/strong>, \u03b4\u03b5\u03bd \u03c5\u03c0\u03ac\u03c1\u03c7\u03b5\u03b9\u00a0<strong >\u03c4\u03c1\u03b9\u03b2\u03ae<\/strong>\n<\/li>\n<\/ul>\n<ul >\n<li >\n<strong >\u03a4\u03c1\u03b9\u03c3\u03b4\u03b9\u03ac\u03c3\u03c4\u03b1\u03c4\u03b7 \u03c8\u03b7\u03c6\u03b9\u03b1\u03ba\u03ae \u03b5\u03ba\u03c4\u03cd\u03c0\u03c9\u03c3\u03b7<\/strong>\u00a0:\u00a0<strong >\u03c4\u03c5\u03c0\u03c9\u03bc\u03ad\u03bd\u03bf \u03bc\u03c0\u03bb\u03bf\u03c5\u03b6\u03ac\u03ba\u03b9<\/strong>\u00a0\u03bc\u03b5 \u03c0\u03c1\u03c9\u03c4\u03cc\u03c4\u03c5\u03c0\u03bf \u03c3\u03c7\u03ad\u03b4\u03b9\u03bf,\u00a0<strong >\u0395\u03ba\u03c4\u03cd\u03c0\u03c9\u03c3\u03b7 \u03c3\u03b5 \u03ba\u03b1\u03bc\u03b2\u03ac<\/strong>\n<\/li>\n<\/ul>\n<ul >\n<li >\n<strong >\u039f\u03c1\u03b3\u03b1\u03bd\u03b9\u03ba\u03cc \u03b2\u03b1\u03bc\u03b2\u03ac\u03ba\u03b9\u00a0<\/strong>: \u03c0\u03bf\u03b9\u03bf\u03c4\u03b9\u03ba\u03cc \u03b2\u03b1\u03bc\u03b2\u03ac\u03ba\u03b9 \u03bc\u03b5\u00a0<strong >\u03b5\u03be\u03b1\u03b9\u03c1\u03b5\u03c4\u03b9\u03ba\u03ac \u03bc\u03b1\u03ba\u03c1\u03b9\u03ad\u03c2 \u03af\u03bd\u03b5\u03c2<\/strong>\n<\/li>\n<\/ul>\n<ul >\n<li >\n<strong >\u0394\u03c9\u03c1\u03b5\u03ac\u03bd \u03c0\u03b1\u03c1\u03ac\u03b4\u03bf\u03c3\u03b7\u00a0<\/strong>\u03b3\u03b9\u03b1 \u03bf\u03c0\u03bf\u03b9\u03b1\u03b4\u03ae\u03c0\u03bf\u03c4\u03b5 \u03b1\u03b3\u03bf\u03c1\u03ac<\/li>\n<\/ul>","protected":false},"excerpt":{"rendered":"<p>\u03a0\u03bb\u03b7\u03c1\u03bf\u03c6\u03bf\u03c1\u03af\u03b5\u03c2 \u03b3\u03b9\u03b1 \u03c4\u03bf T-Shirt: \u03a4\u03b6\u03ad\u03c1\u03c3\u03b5\u03ca \u03c5\u03c8\u03b7\u03bb\u03ae\u03c2 \u03c0\u03bf\u03b9\u03cc\u03c4\u03b7\u03c4\u03b1\u03c2: \u038e\u03c6\u03b1\u03c3\u03bc\u03b1 \u03c5\u03c8\u03b7\u03bb\u03ae\u03c2 \u03c0\u03bf\u03b9\u03cc\u03c4\u03b7\u03c4\u03b1\u03c2 \u03bc\u03b5 \u03c5\u03c8\u03b7\u03bb\u03cc \u03b2\u03ac\u03c1\u03bf\u03c2. \u03a7\u03b1\u03bb\u03b1\u03c1\u03ae \u03b5\u03c6\u03b1\u03c1\u03bc\u03bf\u03b3\u03ae: \u039c\u03c0\u03bb\u03bf\u03cd\u03b6\u03b1 \u03bc\u03b5 \u03c6\u03b1\u03c1\u03b4\u03b9\u03ac \u03b5\u03c6\u03b1\u03c1\u03bc\u03bf\u03b3\u03ae \u03b3\u03b9\u03b1 \u03b5\u03c0\u03b9\u03c0\u03bb\u03ad\u03bf\u03bd \u03ac\u03bd\u03b5\u03c3\u03b7. \u03a0\u03bf\u03bb\u03cd \u03ac\u03bd\u03b5\u03c4\u03bf: \u039f\u03b9 \u03b5\u03be\u03b1\u03b9\u03c1\u03b5\u03c4\u03b9\u03ba\u03ac \u03b1\u03c0\u03b1\u03bb\u03ad\u03c2 \u03af\u03bd\u03b5\u03c2 \u03b2\u03b1\u03bc\u03b2\u03b1\u03ba\u03b9\u03bf\u03cd \u03b1\u03c0\u03bf\u03c4\u03c1\u03ad\u03c0\u03bf\u03c5\u03bd \u03c4\u03b7\u03bd \u03c4\u03c1\u03b9\u03b2\u03ae. \u03a8\u03b7\u03c6\u03b9\u03b1\u03ba\u03ae \u03b5\u03ba\u03c4\u03cd\u03c0\u03c9\u03c3\u03b7 3D: \u03a4\u03c5\u03c0\u03c9\u03bc\u03ad\u03bd\u03bf \u03bc\u03b5 \u03c0\u03c1\u03c9\u03c4\u03cc\u03c4\u03c5\u03c0\u03bf \u03c3\u03c7\u03ad\u03b4\u03b9\u03bf. \u0395\u03ba\u03c4\u03cd\u03c0\u03c9\u03c3\u03b7 \u03c3\u03b5 \u03ba\u03b1\u03bc\u03b2\u03ac. \u039f\u03c1\u03b3\u03b1\u03bd\u03b9\u03ba\u03cc \u03b2\u03b1\u03bc\u03b2\u03ac\u03ba\u03b9: \u0392\u03b1\u03bc\u03b2\u03ac\u03ba\u03b9 \u03c5\u03c8\u03b7\u03bb\u03ae\u03c2 \u03c0\u03bf\u03b9\u03cc\u03c4\u03b7\u03c4\u03b1\u03c2 \u03bc\u03b5 \u03b5\u03be\u03b1\u03b9\u03c1\u03b5\u03c4\u03b9\u03ba\u03ac \u03bc\u03b1\u03ba\u03c1\u03b9\u03ad\u03c2 \u03af\u03bd\u03b5\u03c2. \u0394\u03c9\u03c1\u03b5\u03ac\u03bd \u03b1\u03c0\u03bf\u03c3\u03c4\u03bf\u03bb\u03ae \u03c3\u03b5 \u03cc\u03bb\u03b5\u03c2 \u03c4\u03b9\u03c2 \u03b1\u03b3\u03bf\u03c1\u03ad\u03c2.<\/p>","protected":false},"featured_media":16612,"comment_status":"open","ping_status":"open","template":"","meta":[],"product_brand":[],"product_cat":[53],"product_tag":[],"class_list":{"0":"post-16610","1":"product","2":"type-product","3":"status-publish","4":"has-post-thumbnail","6":"product_cat-t-shirts-one-piece","8":"first","9":"instock","10":"purchasable","11":"product-type-variable","12":"has-default-attributes"},"yoast_head":"<!-- This site is optimized with the Yoast SEO plugin v27.5 - https:\/\/yoast.com\/product\/yoast-seo-wordpress\/ -->\n<title>T-Shirt One Piece Ace Le Fils De Roger | Boutique One Piece<\/title>\n<meta name=\"description\" content=\"Informations sur le\u00a0T-Shirt\u00a0:\u00a0 \u00a0Maillot de qualit\u00e9 sup\u00e9rieure\u00a0:\u00a0poss\u00e8de un\u00a0grammage \u00e9lev\u00e9, avec des mat\u00e9riaux de qualit\u00e9s Coupe Ample\u00a0:\u00a0\u00a0tee-shirt\u00a0avec une\u00a0coupe\u00a0large, pour plus de confort Tr\u00e8s confortable\u00a0: avec ces\u00a0fibres\u00a0de\u00a0coton\u00a0super\u00a0doux, il n&#039;y a pas\u00a0de\u00a0frottements Impression digitale 3D\u00a0:\u00a0t-shirt imprim\u00e9\u00a0avec\" \/>\n<meta name=\"robots\" content=\"index, follow, max-snippet:-1, max-image-preview:large, max-video-preview:-1\" \/>\n<link rel=\"canonical\" href=\"https:\/\/boutique-one-piece.com\/el\/\u03bf\u03bb\u03cc\u03c3\u03c9\u03bc\u03b1-\u03c1\u03bf\u03cd\u03c7\u03b1\/\u03bc\u03c0\u03bb\u03bf\u03c5\u03b6\u03ac\u03ba\u03b9\u03b1-one-piece\/\u03bc\u03c0\u03bb\u03bf\u03c5\u03b6\u03ac\u03ba\u03b9-one-piece-\u03bc\u03b5-\u03c4\u03bf\u03bd-ace-\u03c4\u03bf\u03bd-\u03b3\u03b9\u03bf-\u03c4\u03bf\u03c5-roger\/\" \/>\n<meta property=\"og:locale\" content=\"el_GR\" \/>\n<meta property=\"og:type\" content=\"article\" \/>\n<meta property=\"og:title\" content=\"T-Shirt One Piece Ace Le Fils De Roger | Boutique One Piece\" \/>\n<meta property=\"og:description\" content=\"Informations sur le\u00a0T-Shirt\u00a0:\u00a0 \u00a0Maillot de qualit\u00e9 sup\u00e9rieure\u00a0:\u00a0poss\u00e8de un\u00a0grammage \u00e9lev\u00e9, avec des mat\u00e9riaux de qualit\u00e9s Coupe Ample\u00a0:\u00a0\u00a0tee-shirt\u00a0avec une\u00a0coupe\u00a0large, pour plus de confort Tr\u00e8s confortable\u00a0: avec ces\u00a0fibres\u00a0de\u00a0coton\u00a0super\u00a0doux, il n&#039;y a pas\u00a0de\u00a0frottements Impression digitale 3D\u00a0:\u00a0t-shirt imprim\u00e9\u00a0avec\" \/>\n<meta property=\"og:url\" content=\"https:\/\/boutique-one-piece.com\/el\/\u03bf\u03bb\u03cc\u03c3\u03c9\u03bc\u03b1-\u03c1\u03bf\u03cd\u03c7\u03b1\/\u03bc\u03c0\u03bb\u03bf\u03c5\u03b6\u03ac\u03ba\u03b9\u03b1-one-piece\/\u03bc\u03c0\u03bb\u03bf\u03c5\u03b6\u03ac\u03ba\u03b9-one-piece-\u03bc\u03b5-\u03c4\u03bf\u03bd-ace-\u03c4\u03bf\u03bd-\u03b3\u03b9\u03bf-\u03c4\u03bf\u03c5-roger\/\" \/>\n<meta property=\"og:site_name\" content=\"Boutique One Piece\" \/>\n<meta property=\"article:modified_time\" content=\"2024-09-16T14:44:03+00:00\" \/>\n<meta property=\"og:image\" content=\"https:\/\/boutique-one-piece.com\/wp-content\/uploads\/2022\/09\/T-Shirt-One-Piece-Ace-Le-Fils-De-Roger-1.jpg\" \/>\n\t<meta property=\"og:image:width\" content=\"800\" \/>\n\t<meta property=\"og:image:height\" content=\"800\" \/>\n\t<meta property=\"og:image:type\" content=\"image\/jpeg\" \/>\n<meta name=\"twitter:card\" content=\"summary_large_image\" \/>\n<script type=\"application\/ld+json\" class=\"yoast-schema-graph\">{\"@context\":\"https:\\\/\\\/schema.org\",\"@graph\":[{\"@type\":\"WebPage\",\"@id\":\"https:\\\/\\\/boutique-one-piece.com\\\/vetements-one-piece\\\/t-shirts-one-piece\\\/t-shirt-one-piece-ace-le-fils-de-roger\\\/\",\"url\":\"https:\\\/\\\/boutique-one-piece.com\\\/vetements-one-piece\\\/t-shirts-one-piece\\\/t-shirt-one-piece-ace-le-fils-de-roger\\\/\",\"name\":\"T-Shirt One Piece Ace Le Fils De Roger | Boutique One Piece\",\"isPartOf\":{\"@id\":\"https:\\\/\\\/boutique-one-piece.com\\\/#website\"},\"primaryImageOfPage\":{\"@id\":\"https:\\\/\\\/boutique-one-piece.com\\\/vetements-one-piece\\\/t-shirts-one-piece\\\/t-shirt-one-piece-ace-le-fils-de-roger\\\/#primaryimage\"},\"image\":{\"@id\":\"https:\\\/\\\/boutique-one-piece.com\\\/vetements-one-piece\\\/t-shirts-one-piece\\\/t-shirt-one-piece-ace-le-fils-de-roger\\\/#primaryimage\"},\"thumbnailUrl\":\"https:\\\/\\\/boutique-one-piece.com\\\/wp-content\\\/uploads\\\/2022\\\/09\\\/T-Shirt-One-Piece-Ace-Le-Fils-De-Roger-1.jpg\",\"datePublished\":\"2022-09-27T21:54:38+00:00\",\"dateModified\":\"2024-09-16T14:44:03+00:00\",\"description\":\"Informations sur le\u00a0T-Shirt\u00a0:\u00a0 \u00a0Maillot de qualit\u00e9 sup\u00e9rieure\u00a0:\u00a0poss\u00e8de un\u00a0grammage \u00e9lev\u00e9, avec des mat\u00e9riaux de qualit\u00e9s Coupe Ample\u00a0:\u00a0\u00a0tee-shirt\u00a0avec une\u00a0coupe\u00a0large, pour plus de confort Tr\u00e8s confortable\u00a0: avec ces\u00a0fibres\u00a0de\u00a0coton\u00a0super\u00a0doux, il n'y a pas\u00a0de\u00a0frottements Impression digitale 3D\u00a0:\u00a0t-shirt imprim\u00e9\u00a0avec\",\"breadcrumb\":{\"@id\":\"https:\\\/\\\/boutique-one-piece.com\\\/vetements-one-piece\\\/t-shirts-one-piece\\\/t-shirt-one-piece-ace-le-fils-de-roger\\\/#breadcrumb\"},\"inLanguage\":\"el\",\"potentialAction\":[{\"@type\":\"ReadAction\",\"target\":[\"https:\\\/\\\/boutique-one-piece.com\\\/vetements-one-piece\\\/t-shirts-one-piece\\\/t-shirt-one-piece-ace-le-fils-de-roger\\\/\"]}]},{\"@type\":\"ImageObject\",\"inLanguage\":\"el\",\"@id\":\"https:\\\/\\\/boutique-one-piece.com\\\/vetements-one-piece\\\/t-shirts-one-piece\\\/t-shirt-one-piece-ace-le-fils-de-roger\\\/#primaryimage\",\"url\":\"https:\\\/\\\/boutique-one-piece.com\\\/wp-content\\\/uploads\\\/2022\\\/09\\\/T-Shirt-One-Piece-Ace-Le-Fils-De-Roger-1.jpg\",\"contentUrl\":\"https:\\\/\\\/boutique-one-piece.com\\\/wp-content\\\/uploads\\\/2022\\\/09\\\/T-Shirt-One-Piece-Ace-Le-Fils-De-Roger-1.jpg\",\"width\":800,\"height\":800},{\"@type\":\"BreadcrumbList\",\"@id\":\"https:\\\/\\\/boutique-one-piece.com\\\/vetements-one-piece\\\/t-shirts-one-piece\\\/t-shirt-one-piece-ace-le-fils-de-roger\\\/#breadcrumb\",\"itemListElement\":[{\"@type\":\"ListItem\",\"position\":1,\"name\":\"Home\",\"item\":\"https:\\\/\\\/boutique-one-piece.com\\\/\"},{\"@type\":\"ListItem\",\"position\":2,\"name\":\"Shop\",\"item\":\"https:\\\/\\\/boutique-one-piece.com\\\/shop\\\/\"},{\"@type\":\"ListItem\",\"position\":3,\"name\":\"T-Shirt One Piece Ace Le Fils De Roger\"}]},{\"@type\":\"WebSite\",\"@id\":\"https:\\\/\\\/boutique-one-piece.com\\\/#website\",\"url\":\"https:\\\/\\\/boutique-one-piece.com\\\/\",\"name\":\"Boutique One Piece\",\"description\":\"Magasin Sp\u00e9cialis\u00e9 du Manga et l&#039;Anime One Piece\",\"publisher\":{\"@id\":\"https:\\\/\\\/boutique-one-piece.com\\\/#organization\"},\"potentialAction\":[{\"@type\":\"SearchAction\",\"target\":{\"@type\":\"EntryPoint\",\"urlTemplate\":\"https:\\\/\\\/boutique-one-piece.com\\\/?s={search_term_string}\"},\"query-input\":{\"@type\":\"PropertyValueSpecification\",\"valueRequired\":true,\"valueName\":\"search_term_string\"}}],\"inLanguage\":\"el\"},{\"@type\":\"Organization\",\"@id\":\"https:\\\/\\\/boutique-one-piece.com\\\/#organization\",\"name\":\"Boutique One Piece\",\"url\":\"https:\\\/\\\/boutique-one-piece.com\\\/\",\"logo\":{\"@type\":\"ImageObject\",\"inLanguage\":\"el\",\"@id\":\"https:\\\/\\\/boutique-one-piece.com\\\/#\\\/schema\\\/logo\\\/image\\\/\",\"url\":\"https:\\\/\\\/boutique-one-piece.com\\\/wp-content\\\/uploads\\\/2022\\\/09\\\/Logo-01.png\",\"contentUrl\":\"https:\\\/\\\/boutique-one-piece.com\\\/wp-content\\\/uploads\\\/2022\\\/09\\\/Logo-01.png\",\"width\":2318,\"height\":957,\"caption\":\"Boutique One Piece\"},\"image\":{\"@id\":\"https:\\\/\\\/boutique-one-piece.com\\\/#\\\/schema\\\/logo\\\/image\\\/\"}}]}<\/script>\n<!-- \/ Yoast SEO plugin. -->","yoast_head_json":{"title":"\u039c\u03c0\u03bb\u03bf\u03cd\u03b6\u03b1 One Piece Ace the Son of Roger | \u039a\u03b1\u03c4\u03ac\u03c3\u03c4\u03b7\u03bc\u03b1 One Piece","description":"\u03a0\u03bb\u03b7\u03c1\u03bf\u03c6\u03bf\u03c1\u03af\u03b5\u03c2 \u03b3\u03b9\u03b1 \u03c4\u03bf T-Shirt: \u03a4\u03b6\u03ad\u03c1\u03c3\u03b5\u03ca \u03c5\u03c8\u03b7\u03bb\u03ae\u03c2 \u03c0\u03bf\u03b9\u03cc\u03c4\u03b7\u03c4\u03b1\u03c2: \u038e\u03c6\u03b1\u03c3\u03bc\u03b1 \u03c5\u03c8\u03b7\u03bb\u03ae\u03c2 \u03c0\u03bf\u03b9\u03cc\u03c4\u03b7\u03c4\u03b1\u03c2 \u03bc\u03b5 \u03c5\u03c8\u03b7\u03bb\u03cc \u03b2\u03ac\u03c1\u03bf\u03c2. \u03a7\u03b1\u03bb\u03b1\u03c1\u03ae \u03b5\u03c6\u03b1\u03c1\u03bc\u03bf\u03b3\u03ae: \u039c\u03c0\u03bb\u03bf\u03cd\u03b6\u03b1 \u03bc\u03b5 \u03c6\u03b1\u03c1\u03b4\u03b9\u03ac \u03b5\u03c6\u03b1\u03c1\u03bc\u03bf\u03b3\u03ae \u03b3\u03b9\u03b1 \u03b5\u03c0\u03b9\u03c0\u03bb\u03ad\u03bf\u03bd \u03ac\u03bd\u03b5\u03c3\u03b7. \u03a0\u03bf\u03bb\u03cd \u03ac\u03bd\u03b5\u03c4\u03bf: \u039f\u03b9 \u03b5\u03be\u03b1\u03b9\u03c1\u03b5\u03c4\u03b9\u03ba\u03ac \u03b1\u03c0\u03b1\u03bb\u03ad\u03c2 \u03b2\u03b1\u03bc\u03b2\u03b1\u03ba\u03b5\u03c1\u03ad\u03c2 \u03af\u03bd\u03b5\u03c2 \u03b1\u03c0\u03bf\u03c4\u03c1\u03ad\u03c0\u03bf\u03c5\u03bd \u03c4\u03b7\u03bd \u03c4\u03c1\u03b9\u03b2\u03ae. \u03a4\u03c1\u03b9\u03c3\u03b4\u03b9\u03ac\u03c3\u03c4\u03b1\u03c4\u03b7 \u03c8\u03b7\u03c6\u03b9\u03b1\u03ba\u03ae \u03b5\u03ba\u03c4\u03cd\u03c0\u03c9\u03c3\u03b7: \u03a4\u03c5\u03c0\u03c9\u03bc\u03ad\u03bd\u03bf \u03bc\u03c0\u03bb\u03bf\u03c5\u03b6\u03ac\u03ba\u03b9 \u03bc\u03b5","robots":{"index":"index","follow":"follow","max-snippet":"max-snippet:-1","max-image-preview":"max-image-preview:large","max-video-preview":"max-video-preview:-1"},"canonical":"https:\/\/boutique-one-piece.com\/el\/\u03bf\u03bb\u03cc\u03c3\u03c9\u03bc\u03b1-\u03c1\u03bf\u03cd\u03c7\u03b1\/\u03bc\u03c0\u03bb\u03bf\u03c5\u03b6\u03ac\u03ba\u03b9\u03b1-one-piece\/\u03bc\u03c0\u03bb\u03bf\u03c5\u03b6\u03ac\u03ba\u03b9-one-piece-\u03bc\u03b5-\u03c4\u03bf\u03bd-ace-\u03c4\u03bf\u03bd-\u03b3\u03b9\u03bf-\u03c4\u03bf\u03c5-roger\/","og_locale":"el_GR","og_type":"article","og_title":"T-Shirt One Piece Ace Le Fils De Roger | Boutique One Piece","og_description":"Informations sur le\u00a0T-Shirt\u00a0:\u00a0 \u00a0Maillot de qualit\u00e9 sup\u00e9rieure\u00a0:\u00a0poss\u00e8de un\u00a0grammage \u00e9lev\u00e9, avec des mat\u00e9riaux de qualit\u00e9s Coupe Ample\u00a0:\u00a0\u00a0tee-shirt\u00a0avec une\u00a0coupe\u00a0large, pour plus de confort Tr\u00e8s confortable\u00a0: avec ces\u00a0fibres\u00a0de\u00a0coton\u00a0super\u00a0doux, il n'y a pas\u00a0de\u00a0frottements Impression digitale 3D\u00a0:\u00a0t-shirt imprim\u00e9\u00a0avec","og_url":"https:\/\/boutique-one-piece.com\/el\/\u03bf\u03bb\u03cc\u03c3\u03c9\u03bc\u03b1-\u03c1\u03bf\u03cd\u03c7\u03b1\/\u03bc\u03c0\u03bb\u03bf\u03c5\u03b6\u03ac\u03ba\u03b9\u03b1-one-piece\/\u03bc\u03c0\u03bb\u03bf\u03c5\u03b6\u03ac\u03ba\u03b9-one-piece-\u03bc\u03b5-\u03c4\u03bf\u03bd-ace-\u03c4\u03bf\u03bd-\u03b3\u03b9\u03bf-\u03c4\u03bf\u03c5-roger\/","og_site_name":"Boutique One Piece","article_modified_time":"2024-09-16T14:44:03+00:00","og_image":[{"width":800,"height":800,"url":"https:\/\/boutique-one-piece.com\/wp-content\/uploads\/2022\/09\/T-Shirt-One-Piece-Ace-Le-Fils-De-Roger-1.jpg","type":"image\/jpeg"}],"twitter_card":"summary_large_image","schema":{"@context":"https:\/\/schema.org","@graph":[{"@type":"WebPage","@id":"https:\/\/boutique-one-piece.com\/vetements-one-piece\/t-shirts-one-piece\/t-shirt-one-piece-ace-le-fils-de-roger\/","url":"https:\/\/boutique-one-piece.com\/vetements-one-piece\/t-shirts-one-piece\/t-shirt-one-piece-ace-le-fils-de-roger\/","name":"\u039c\u03c0\u03bb\u03bf\u03cd\u03b6\u03b1 One Piece Ace the Son of Roger | \u039a\u03b1\u03c4\u03ac\u03c3\u03c4\u03b7\u03bc\u03b1 One Piece","isPartOf":{"@id":"https:\/\/boutique-one-piece.com\/#website"},"primaryImageOfPage":{"@id":"https:\/\/boutique-one-piece.com\/vetements-one-piece\/t-shirts-one-piece\/t-shirt-one-piece-ace-le-fils-de-roger\/#primaryimage"},"image":{"@id":"https:\/\/boutique-one-piece.com\/vetements-one-piece\/t-shirts-one-piece\/t-shirt-one-piece-ace-le-fils-de-roger\/#primaryimage"},"thumbnailUrl":"https:\/\/boutique-one-piece.com\/wp-content\/uploads\/2022\/09\/T-Shirt-One-Piece-Ace-Le-Fils-De-Roger-1.jpg","datePublished":"2022-09-27T21:54:38+00:00","dateModified":"2024-09-16T14:44:03+00:00","description":"\u03a0\u03bb\u03b7\u03c1\u03bf\u03c6\u03bf\u03c1\u03af\u03b5\u03c2 \u03b3\u03b9\u03b1 \u03c4\u03bf T-Shirt: \u03a4\u03b6\u03ad\u03c1\u03c3\u03b5\u03ca \u03c5\u03c8\u03b7\u03bb\u03ae\u03c2 \u03c0\u03bf\u03b9\u03cc\u03c4\u03b7\u03c4\u03b1\u03c2: \u038e\u03c6\u03b1\u03c3\u03bc\u03b1 \u03c5\u03c8\u03b7\u03bb\u03ae\u03c2 \u03c0\u03bf\u03b9\u03cc\u03c4\u03b7\u03c4\u03b1\u03c2 \u03bc\u03b5 \u03c5\u03c8\u03b7\u03bb\u03cc \u03b2\u03ac\u03c1\u03bf\u03c2. \u03a7\u03b1\u03bb\u03b1\u03c1\u03ae \u03b5\u03c6\u03b1\u03c1\u03bc\u03bf\u03b3\u03ae: \u039c\u03c0\u03bb\u03bf\u03cd\u03b6\u03b1 \u03bc\u03b5 \u03c6\u03b1\u03c1\u03b4\u03b9\u03ac \u03b5\u03c6\u03b1\u03c1\u03bc\u03bf\u03b3\u03ae \u03b3\u03b9\u03b1 \u03b5\u03c0\u03b9\u03c0\u03bb\u03ad\u03bf\u03bd \u03ac\u03bd\u03b5\u03c3\u03b7. \u03a0\u03bf\u03bb\u03cd \u03ac\u03bd\u03b5\u03c4\u03bf: \u039f\u03b9 \u03b5\u03be\u03b1\u03b9\u03c1\u03b5\u03c4\u03b9\u03ba\u03ac \u03b1\u03c0\u03b1\u03bb\u03ad\u03c2 \u03b2\u03b1\u03bc\u03b2\u03b1\u03ba\u03b5\u03c1\u03ad\u03c2 \u03af\u03bd\u03b5\u03c2 \u03b1\u03c0\u03bf\u03c4\u03c1\u03ad\u03c0\u03bf\u03c5\u03bd \u03c4\u03b7\u03bd \u03c4\u03c1\u03b9\u03b2\u03ae. \u03a4\u03c1\u03b9\u03c3\u03b4\u03b9\u03ac\u03c3\u03c4\u03b1\u03c4\u03b7 \u03c8\u03b7\u03c6\u03b9\u03b1\u03ba\u03ae \u03b5\u03ba\u03c4\u03cd\u03c0\u03c9\u03c3\u03b7: \u03a4\u03c5\u03c0\u03c9\u03bc\u03ad\u03bd\u03bf \u03bc\u03c0\u03bb\u03bf\u03c5\u03b6\u03ac\u03ba\u03b9 \u03bc\u03b5","breadcrumb":{"@id":"https:\/\/boutique-one-piece.com\/vetements-one-piece\/t-shirts-one-piece\/t-shirt-one-piece-ace-le-fils-de-roger\/#breadcrumb"},"inLanguage":"el","potentialAction":[{"@type":"ReadAction","target":["https:\/\/boutique-one-piece.com\/vetements-one-piece\/t-shirts-one-piece\/t-shirt-one-piece-ace-le-fils-de-roger\/"]}]},{"@type":"ImageObject","inLanguage":"el","@id":"https:\/\/boutique-one-piece.com\/vetements-one-piece\/t-shirts-one-piece\/t-shirt-one-piece-ace-le-fils-de-roger\/#primaryimage","url":"https:\/\/boutique-one-piece.com\/wp-content\/uploads\/2022\/09\/T-Shirt-One-Piece-Ace-Le-Fils-De-Roger-1.jpg","contentUrl":"https:\/\/boutique-one-piece.com\/wp-content\/uploads\/2022\/09\/T-Shirt-One-Piece-Ace-Le-Fils-De-Roger-1.jpg","width":800,"height":800},{"@type":"BreadcrumbList","@id":"https:\/\/boutique-one-piece.com\/vetements-one-piece\/t-shirts-one-piece\/t-shirt-one-piece-ace-le-fils-de-roger\/#breadcrumb","itemListElement":[{"@type":"ListItem","position":1,"name":"Home","item":"https:\/\/boutique-one-piece.com\/"},{"@type":"ListItem","position":2,"name":"Shop","item":"https:\/\/boutique-one-piece.com\/shop\/"},{"@type":"ListItem","position":3,"name":"T-Shirt One Piece Ace Le Fils De Roger"}]},{"@type":"WebSite","@id":"https:\/\/boutique-one-piece.com\/#website","url":"https:\/\/boutique-one-piece.com\/","name":"\u039a\u03b1\u03c4\u03ac\u03c3\u03c4\u03b7\u03bc\u03b1 One Piece","description":"\u0395\u03be\u03b5\u03b9\u03b4\u03b9\u03ba\u03b5\u03c5\u03bc\u03ad\u03bd\u03bf \u03ba\u03b1\u03c4\u03ac\u03c3\u03c4\u03b7\u03bc\u03b1 \u03b3\u03b9\u03b1 One Piece Manga \u03ba\u03b1\u03b9 Anime","publisher":{"@id":"https:\/\/boutique-one-piece.com\/#organization"},"potentialAction":[{"@type":"SearchAction","target":{"@type":"EntryPoint","urlTemplate":"https:\/\/boutique-one-piece.com\/?s={search_term_string}"},"query-input":{"@type":"PropertyValueSpecification","valueRequired":true,"valueName":"search_term_string"}}],"inLanguage":"el"},{"@type":"Organization","@id":"https:\/\/boutique-one-piece.com\/#organization","name":"\u039a\u03b1\u03c4\u03ac\u03c3\u03c4\u03b7\u03bc\u03b1 One Piece","url":"https:\/\/boutique-one-piece.com\/","logo":{"@type":"ImageObject","inLanguage":"el","@id":"https:\/\/boutique-one-piece.com\/#\/schema\/logo\/image\/","url":"https:\/\/boutique-one-piece.com\/wp-content\/uploads\/2022\/09\/Logo-01.png","contentUrl":"https:\/\/boutique-one-piece.com\/wp-content\/uploads\/2022\/09\/Logo-01.png","width":2318,"height":957,"caption":"Boutique One Piece"},"image":{"@id":"https:\/\/boutique-one-piece.com\/#\/schema\/logo\/image\/"}}]}},"_links":{"self":[{"href":"https:\/\/boutique-one-piece.com\/el\/wp-json\/wp\/v2\/product\/16610","targetHints":{"allow":["GET"]}}],"collection":[{"href":"https:\/\/boutique-one-piece.com\/el\/wp-json\/wp\/v2\/product"}],"about":[{"href":"https:\/\/boutique-one-piece.com\/el\/wp-json\/wp\/v2\/types\/product"}],"replies":[{"embeddable":true,"href":"https:\/\/boutique-one-piece.com\/el\/wp-json\/wp\/v2\/comments?post=16610"}],"wp:featuredmedia":[{"embeddable":true,"href":"https:\/\/boutique-one-piece.com\/el\/wp-json\/wp\/v2\/media\/16612"}],"wp:attachment":[{"href":"https:\/\/boutique-one-piece.com\/el\/wp-json\/wp\/v2\/media?parent=16610"}],"wp:term":[{"taxonomy":"product_brand","embeddable":true,"href":"https:\/\/boutique-one-piece.com\/el\/wp-json\/wp\/v2\/product_brand?post=16610"},{"taxonomy":"product_cat","embeddable":true,"href":"https:\/\/boutique-one-piece.com\/el\/wp-json\/wp\/v2\/product_cat?post=16610"},{"taxonomy":"product_tag","embeddable":true,"href":"https:\/\/boutique-one-piece.com\/el\/wp-json\/wp\/v2\/product_tag?post=16610"}],"curies":[{"name":"\u03b5\u03c1\u03b3\u03b1\u03c3\u03af\u03b1","href":"https:\/\/api.w.org\/{rel}","templated":true}]}}