{"id":8161,"date":"2022-09-27T18:53:21","date_gmt":"2022-09-27T18:53:21","guid":{"rendered":"https:\/\/boutique-one-piece.com\/uncategorized\/pull-one-piece-mini-monkey-d-luffy\/"},"modified":"2026-03-05T01:14:09","modified_gmt":"2026-03-05T01:14:09","slug":"%ce%bf%ce%bb%cf%8c%cf%83%cf%89%ce%bc%ce%bf-%ce%bc%ce%af%ce%bd%ce%b9-%cf%80%ce%bf%cf%85%ce%bb%cf%8c%ce%b2%ce%b5%cf%81-monkey-d-luffy","status":"publish","type":"product","link":"https:\/\/boutique-one-piece.com\/el\/%ce%ba%ce%b1%ce%bb%ce%bf%cf%8d%ce%b4%ce%b9%ce%b1-one-piece\/%ce%ba%ce%b1%ce%bb%ce%bf%cf%8d%ce%b4%ce%b9%ce%b1-monkey-d-luffy-%ce%ad%ce%bd%ce%b1-%ce%ba%ce%bf%ce%bc%ce%bc%ce%ac%cf%84%ce%b9\/%ce%bf%ce%bb%cf%8c%cf%83%cf%89%ce%bc%ce%bf-%ce%bc%ce%af%ce%bd%ce%b9-%cf%80%ce%bf%cf%85%ce%bb%cf%8c%ce%b2%ce%b5%cf%81-monkey-d-luffy\/","title":{"rendered":"\u039f\u03bb\u03cc\u03c3\u03c9\u03bc\u03bf \u03bc\u03af\u03bd\u03b9 \u03c0\u03bf\u03c5\u03bb\u03cc\u03b2\u03b5\u03c1 Monkey D. Luffy"},"content":{"rendered":"<h2><b>\u039f\u03bb\u03cc\u03c3\u03c9\u03bc\u03bf \u03c6\u03bf\u03cd\u03c4\u03b5\u03c1 \u03bc\u03b5 \u03ba\u03bf\u03c5\u03ba\u03bf\u03cd\u03bb\u03b1 Mini Luffy Straw Hat - \u03a5\u03c8\u03b7\u03bb\u03ae\u03c2 \u03c0\u03bf\u03b9\u03cc\u03c4\u03b7\u03c4\u03b1\u03c2: \u039c\u03bf\u03b9\u03c1\u03b1\u03c3\u03c4\u03b5\u03af\u03c4\u03b5 \u03c4\u03bf \u03c0\u03ac\u03b8\u03bf\u03c2 \u03c3\u03b1\u03c2 \u03b3\u03b9\u03b1 \u03c4\u03bf\u03bd \u03ba\u03cc\u03c3\u03bc\u03bf \u03c4\u03c9\u03bd \u03c0\u03b5\u03b9\u03c1\u03b1\u03c4\u03ce\u03bd \u03bc\u03b5 \u03c3\u03c4\u03c5\u03bb! \u039a\u03b1\u03b9 \u03b3\u03af\u03bd\u03b5\u03c4\u03b5 \u03bc\u03ad\u03bb\u03bf\u03c2 \u03c4\u03b7\u03c2 \u03bf\u03bc\u03ac\u03b4\u03b1\u03c2 Straw Hat!<\/b><\/h2>\n<ul>\n<li>\n<strong>\u03a0\u03bf\u03c5\u03bb\u03cc\u03b2\u03b5\u03c1 \u03c5\u03c8\u03b7\u03bb\u03ae\u03c2 \u03c0\u03bf\u03b9\u03cc\u03c4\u03b7\u03c4\u03b1\u03c2 \u03bc\u03b5 \u03ad\u03bd\u03b1 \u03ba\u03bf\u03bc\u03bc\u03ac\u03c4\u03b9&nbsp;<\/strong><span>:&nbsp;<\/span>\u0388\u03c7\u03b5\u03b9 \u03bc\u03b5\u03b3\u03ac\u03bb\u03bf \u03b2\u03ac\u03c1\u03bf\u03c2 \u03ba\u03b1\u03b9 \u03b5\u03af\u03bd\u03b1\u03b9 \u03ba\u03b1\u03c4\u03b1\u03c3\u03ba\u03b5\u03c5\u03b1\u03c3\u03bc\u03ad\u03bd\u03bf \u03b1\u03c0\u03cc \u03c0\u03bf\u03b9\u03bf\u03c4\u03b9\u03ba\u03ac \u03c5\u03bb\u03b9\u03ba\u03ac.<\/li>\n<\/ul>\n<ul>\n<li>\n<strong>\u039c\u03b5\u03b3\u03ac\u03bb\u03b7 \u03b5\u03c5\u03b5\u03bb\u03b9\u03be\u03af\u03b1&nbsp;<\/strong>\u03a7\u03ac\u03c1\u03b7 \u03c3\u03c4\u03b7\u03bd \u03b5\u03bb\u03b1\u03c3\u03c4\u03b9\u03ba\u03cc\u03c4\u03b7\u03c4\u03ac \u03c4\u03bf\u03c5, \u03b4\u03b5\u03bd \u03b6\u03b1\u03c1\u03ce\u03bd\u03b5\u03b9.<\/li>\n<\/ul>\n<ul>\n<li>\n<strong>\u03a0\u03bf\u03bb\u03cd \u03ac\u03bd\u03b5\u03c4\u03bf <\/strong>\u039c\u03b5 \u03b1\u03c5\u03c4\u03ad\u03c2 \u03c4\u03b9\u03c2 \u03b5\u03be\u03b1\u03b9\u03c1\u03b5\u03c4\u03b9\u03ba\u03ac \u03b1\u03c0\u03b1\u03bb\u03ad\u03c2 \u03af\u03bd\u03b5\u03c2 \u03b2\u03b1\u03bc\u03b2\u03b1\u03ba\u03b9\u03bf\u03cd, \u03b4\u03b5\u03bd \u03c5\u03c0\u03ac\u03c1\u03c7\u03b5\u03b9 \u03c4\u03c1\u03b9\u03b2\u03ae.<\/li>\n<\/ul>\n<ul>\n<li>\u03a4\u03c1\u03b9\u03c3\u03b4\u03b9\u03ac\u03c3\u03c4\u03b1\u03c4\u03b7 \u03c8\u03b7\u03c6\u03b9\u03b1\u03ba\u03ae \u03b5\u03ba\u03c4\u03cd\u03c0\u03c9\u03c3\u03b7, \u03c0\u03c1\u03c9\u03c4\u03cc\u03c4\u03c5\u03c0\u03bf \u03c3\u03c7\u03ad\u03b4\u03b9\u03bf<\/li>\n<\/ul>\n<ul>\n<li>\n<b>\u0392\u03b1\u03bc\u03b2\u03ac\u03ba\u03b9<\/b><strong>&nbsp;\u03bf\u03c1\u03b3\u03b1\u03bd\u03b9\u03ba\u03cc\u03c2&nbsp;<\/strong>\u0392\u03b1\u03bc\u03b2\u03ac\u03ba\u03b9 \u03c5\u03c8\u03b7\u03bb\u03ae\u03c2 \u03c0\u03bf\u03b9\u03cc\u03c4\u03b7\u03c4\u03b1\u03c2 \u03bc\u03b5 \u03b5\u03be\u03b1\u03b9\u03c1\u03b5\u03c4\u03b9\u03ba\u03ac \u03bc\u03b1\u03ba\u03c1\u03b9\u03ad\u03c2 \u03af\u03bd\u03b5\u03c2<\/li>\n<\/ul>\n<ul>\n<li>\n<strong>\u0394\u03c9\u03c1\u03b5\u03ac\u03bd \u03c0\u03b1\u03c1\u03ac\u03b4\u03bf\u03c3\u03b7&nbsp;<\/strong>\u03b3\u03b9\u03b1 \u03bf\u03c0\u03bf\u03b9\u03b1\u03b4\u03ae\u03c0\u03bf\u03c4\u03b5 \u03b1\u03b3\u03bf\u03c1\u03ac<strong>&nbsp;<\/strong><\/li>\n<\/ul>\n<p>\u039c\u03b7\u03bd \u03be\u03b5\u03c7\u03ac\u03c3\u03b5\u03c4\u03b5 \u03bd\u03b1 \u03c1\u03af\u03be\u03b5\u03c4\u03b5 \u03bc\u03b9\u03b1 \u03bc\u03b1\u03c4\u03b9\u03ac \u03c3\u03c4\u03bf\u03bd \u03c0\u03b1\u03c1\u03b1\u03ba\u03ac\u03c4\u03c9 \u03bf\u03b4\u03b7\u03b3\u03cc \u03bc\u03b5\u03b3\u03b5\u03b8\u03ce\u03bd.<\/p>\n<p><img decoding=\"async\" src=\"https:\/\/cdn.shopify.com\/s\/files\/1\/0087\/7556\/5348\/files\/boutque_one__piece__tableau__taille__pull_f532488a-6714-48f5-a98b-56bde6264406_large.jpg?v=1559838932\" alt=\"\u03a0\u03af\u03bd\u03b1\u03ba\u03b1\u03c2 \u03bf\u03b4\u03b7\u03b3\u03ce\u03bd \u03bc\u03b5\u03b3\u03b5\u03b8\u03ce\u03bd \u03ba\u03b1\u03c4\u03b1\u03c3\u03c4\u03ae\u03bc\u03b1\u03c4\u03bf\u03c2 One Piece\"><\/p>\n<h3>\u039f\u03b4\u03b7\u03b3\u03af\u03b5\u03c2 \u03c0\u03bb\u03cd\u03c3\u03b7\u03c2:<\/h3>\n<ul>\n<li>\u03a0\u03bb\u03cd\u03c3\u03b9\u03bc\u03bf \u03c3\u03c4\u03bf \u03c0\u03bb\u03c5\u03bd\u03c4\u03ae\u03c1\u03b9\u03bf \u03c3\u03c4\u03bf\u03c5\u03c2 30\u00b0C, \u03b5\u03c5\u03b1\u03af\u03c3\u03b8\u03b7\u03c4\u03bf \u03c0\u03c1\u03cc\u03b3\u03c1\u03b1\u03bc\u03bc\u03b1<\/li>\n<\/ul>\n<ul>\n<li>\u03a3\u03b9\u03b4\u03b5\u03c1\u03ce\u03c3\u03c4\u03b5 \u03c3\u03c4\u03b7\u03bd \u03c0\u03af\u03c3\u03c9 \u03c0\u03bb\u03b5\u03c5\u03c1\u03ac<\/li>\n<\/ul>\n<p>\u0393\u03b9\u03b1 <strong>\u03b4\u03b9\u03b1\u03c4\u03b7\u03c1\u03ae\u03c3\u03c4\u03b5 \u03c4\u03b7\u03bd \u03c0\u03bf\u03b9\u03cc\u03c4\u03b7\u03c4\u03b1<\/strong> \u03b1\u03c5\u03c4\u03bf\u03cd <strong>\u03b6\u03b1\u03ba\u03ad\u03c4\u03b1<\/strong><strong>&nbsp;\u039c\u03bf\u03bd\u03bf\u03ba\u03cc\u03bc\u03bc\u03b1\u03c4\u03bf\u03c2<\/strong>, \u03c3\u03b1\u03c2 \u03c3\u03c5\u03bd\u03b9\u03c3\u03c4\u03bf\u03cd\u03bc\u03b5 \u03bd\u03b1 <strong>\u03c3\u03b5\u03b2\u03b1\u03c3\u03bc\u03cc\u03c2<\/strong> \u039f <strong>\u03bf\u03b4\u03b7\u03b3\u03af\u03b5\u03c2 \u03c0\u03bb\u03cd\u03c3\u03b7\u03c2<\/strong>.<\/p>","protected":false},"excerpt":{"rendered":"<p>Pull&nbsp;\u00e0 Capuche One Piece&nbsp;Mini Luffy au Chapeau de Paille&nbsp;de Tr\u00e8s Haute Qualit\u00e9 : Partage ta Passion pour L&rsquo;univers des Pirates avec Style ! Et Rejoins l&rsquo;\u00c9quipage des Mugiwara Pull&nbsp;One Piece&nbsp;de qualit\u00e9 sup\u00e9rieur&nbsp;:&nbsp;poc\u00e8de un grammage \u00e9lev\u00e9 avec des mat\u00e9riaux de qualit\u00e9s Grande souplesse&nbsp;: gr\u00e2ce \u00e0 son \u00e9lasticit\u00e9, il ne se froisse pas Tr\u00e8s confortable : avec [&hellip;]<\/p>","protected":false},"featured_media":8163,"comment_status":"open","ping_status":"open","template":"","meta":[],"product_brand":[],"product_cat":[80,81,54],"product_tag":[82,83,84,85,86,87,88,89,91,90,92,93,94,95,96,97,98,99,100,101,102,103],"class_list":{"0":"post-8161","1":"product","2":"type-product","3":"status-publish","4":"has-post-thumbnail","6":"product_cat-goodies-monkey-d-luffy-one-piece","7":"product_cat-pulls-one-piece","8":"product_cat-vetements-one-piece","9":"product_tag-100-coton","10":"product_tag-blanc","11":"product_tag-capuche","12":"product_tag-femme","13":"product_tag-gris","14":"product_tag-haute-qualite","15":"product_tag-homme","16":"product_tag-hoodie","17":"product_tag-impression-3d-manga","18":"product_tag-impression-par-sublimation","19":"product_tag-luffy","20":"product_tag-manche-longue","21":"product_tag-manga","22":"product_tag-mini-luffy","23":"product_tag-monkey-d-luffy","24":"product_tag-mugiwara","25":"product_tag-noir","26":"product_tag-one-piece","27":"product_tag-pas-chere","28":"product_tag-pull","29":"product_tag-rose","30":"product_tag-sweat","32":"first","33":"instock","34":"purchasable","35":"product-type-variable"},"yoast_head":"<!-- This site is optimized with the Yoast SEO plugin v27.5 - https:\/\/yoast.com\/product\/yoast-seo-wordpress\/ -->\n<title>Pull One Piece Mini Monkey D. Luffy | Boutique One Piece<\/title>\n<meta name=\"description\" content=\"Pull \u00e0 Capuche One Piece Mini Luffy au Chapeau de Paille de Tr\u00e8s Haute Qualit\u00e9 Partage ta Passion pour L&#039;univers des Pirates avec Style ! Et Rejoins l&#039;\u00c9quipage\" \/>\n<meta name=\"robots\" content=\"index, follow, max-snippet:-1, max-image-preview:large, max-video-preview:-1\" \/>\n<link rel=\"canonical\" href=\"https:\/\/boutique-one-piece.com\/el\/\u03bf\u03bb\u03cc\u03c3\u03c9\u03bc\u03b1-\u03c1\u03bf\u03cd\u03c7\u03b1\/\u03c0\u03bf\u03c5\u03bb\u03cc\u03b2\u03b5\u03c1-\u03bf\u03bb\u03cc\u03c3\u03c9\u03bc\u03bf\/\u03bf\u03bb\u03cc\u03c3\u03c9\u03bc\u03bf-\u03bc\u03af\u03bd\u03b9-\u03c0\u03bf\u03c5\u03bb\u03cc\u03b2\u03b5\u03c1-monkey-d-luffy\/\" \/>\n<meta property=\"og:locale\" content=\"el_GR\" \/>\n<meta property=\"og:type\" content=\"article\" \/>\n<meta property=\"og:title\" content=\"Pull One Piece Mini Monkey D. Luffy | Boutique One Piece\" \/>\n<meta property=\"og:description\" content=\"Pull \u00e0 Capuche One Piece Mini Luffy au Chapeau de Paille de Tr\u00e8s Haute Qualit\u00e9 Partage ta Passion pour L&#039;univers des Pirates avec Style ! Et Rejoins l&#039;\u00c9quipage\" \/>\n<meta property=\"og:url\" content=\"https:\/\/boutique-one-piece.com\/el\/\u03bf\u03bb\u03cc\u03c3\u03c9\u03bc\u03b1-\u03c1\u03bf\u03cd\u03c7\u03b1\/\u03c0\u03bf\u03c5\u03bb\u03cc\u03b2\u03b5\u03c1-\u03bf\u03bb\u03cc\u03c3\u03c9\u03bc\u03bf\/\u03bf\u03bb\u03cc\u03c3\u03c9\u03bc\u03bf-\u03bc\u03af\u03bd\u03b9-\u03c0\u03bf\u03c5\u03bb\u03cc\u03b2\u03b5\u03c1-monkey-d-luffy\/\" \/>\n<meta property=\"og:site_name\" content=\"Boutique One Piece\" \/>\n<meta property=\"article:modified_time\" content=\"2026-03-05T01:14:09+00:00\" \/>\n<meta property=\"og:image\" content=\"https:\/\/boutique-one-piece.com\/wp-content\/uploads\/2022\/09\/Pull-One-Piece-Mini-Monkey-D.-Luffy.jpg\" \/>\n\t<meta property=\"og:image:width\" content=\"600\" \/>\n\t<meta property=\"og:image:height\" content=\"600\" \/>\n\t<meta property=\"og:image:type\" content=\"image\/jpeg\" \/>\n<meta name=\"twitter:card\" content=\"summary_large_image\" \/>\n<meta name=\"twitter:label1\" content=\"\u0395\u03ba\u03c4\u03b9\u03bc\u03ce\u03bc\u03b5\u03bd\u03bf\u03c2 \u03c7\u03c1\u03cc\u03bd\u03bf\u03c2 \u03b1\u03bd\u03ac\u03b3\u03bd\u03c9\u03c3\u03b7\u03c2\" \/>\n\t<meta name=\"twitter:data1\" content=\"2 \u03bb\u03b5\u03c0\u03c4\u03ac\" \/>\n<script type=\"application\/ld+json\" class=\"yoast-schema-graph\">{\"@context\":\"https:\\\/\\\/schema.org\",\"@graph\":[{\"@type\":\"WebPage\",\"@id\":\"https:\\\/\\\/boutique-one-piece.com\\\/vetements-one-piece\\\/pulls-one-piece\\\/pull-one-piece-mini-monkey-d-luffy\\\/\",\"url\":\"https:\\\/\\\/boutique-one-piece.com\\\/vetements-one-piece\\\/pulls-one-piece\\\/pull-one-piece-mini-monkey-d-luffy\\\/\",\"name\":\"Pull One Piece Mini Monkey D. Luffy | Boutique One Piece\",\"isPartOf\":{\"@id\":\"https:\\\/\\\/boutique-one-piece.com\\\/#website\"},\"primaryImageOfPage\":{\"@id\":\"https:\\\/\\\/boutique-one-piece.com\\\/vetements-one-piece\\\/pulls-one-piece\\\/pull-one-piece-mini-monkey-d-luffy\\\/#primaryimage\"},\"image\":{\"@id\":\"https:\\\/\\\/boutique-one-piece.com\\\/vetements-one-piece\\\/pulls-one-piece\\\/pull-one-piece-mini-monkey-d-luffy\\\/#primaryimage\"},\"thumbnailUrl\":\"https:\\\/\\\/boutique-one-piece.com\\\/wp-content\\\/uploads\\\/2022\\\/09\\\/Pull-One-Piece-Mini-Monkey-D.-Luffy.jpg\",\"datePublished\":\"2022-09-27T18:53:21+00:00\",\"dateModified\":\"2026-03-05T01:14:09+00:00\",\"description\":\"Pull \u00e0 Capuche One Piece Mini Luffy au Chapeau de Paille de Tr\u00e8s Haute Qualit\u00e9 Partage ta Passion pour L'univers des Pirates avec Style ! Et Rejoins l'\u00c9quipage\",\"breadcrumb\":{\"@id\":\"https:\\\/\\\/boutique-one-piece.com\\\/vetements-one-piece\\\/pulls-one-piece\\\/pull-one-piece-mini-monkey-d-luffy\\\/#breadcrumb\"},\"inLanguage\":\"el\",\"potentialAction\":[{\"@type\":\"ReadAction\",\"target\":[\"https:\\\/\\\/boutique-one-piece.com\\\/vetements-one-piece\\\/pulls-one-piece\\\/pull-one-piece-mini-monkey-d-luffy\\\/\"]}]},{\"@type\":\"ImageObject\",\"inLanguage\":\"el\",\"@id\":\"https:\\\/\\\/boutique-one-piece.com\\\/vetements-one-piece\\\/pulls-one-piece\\\/pull-one-piece-mini-monkey-d-luffy\\\/#primaryimage\",\"url\":\"https:\\\/\\\/boutique-one-piece.com\\\/wp-content\\\/uploads\\\/2022\\\/09\\\/Pull-One-Piece-Mini-Monkey-D.-Luffy.jpg\",\"contentUrl\":\"https:\\\/\\\/boutique-one-piece.com\\\/wp-content\\\/uploads\\\/2022\\\/09\\\/Pull-One-Piece-Mini-Monkey-D.-Luffy.jpg\",\"width\":600,\"height\":600,\"caption\":\"Pull One Piece Mini Monkey D. LuffyBlancxxl\"},{\"@type\":\"BreadcrumbList\",\"@id\":\"https:\\\/\\\/boutique-one-piece.com\\\/vetements-one-piece\\\/pulls-one-piece\\\/pull-one-piece-mini-monkey-d-luffy\\\/#breadcrumb\",\"itemListElement\":[{\"@type\":\"ListItem\",\"position\":1,\"name\":\"Home\",\"item\":\"https:\\\/\\\/boutique-one-piece.com\\\/\"},{\"@type\":\"ListItem\",\"position\":2,\"name\":\"Shop\",\"item\":\"https:\\\/\\\/boutique-one-piece.com\\\/shop\\\/\"},{\"@type\":\"ListItem\",\"position\":3,\"name\":\"Pull One Piece Mini Monkey D. Luffy\"}]},{\"@type\":\"WebSite\",\"@id\":\"https:\\\/\\\/boutique-one-piece.com\\\/#website\",\"url\":\"https:\\\/\\\/boutique-one-piece.com\\\/\",\"name\":\"Boutique One Piece\",\"description\":\"Magasin Sp\u00e9cialis\u00e9 du Manga et l&#039;Anime One Piece\",\"publisher\":{\"@id\":\"https:\\\/\\\/boutique-one-piece.com\\\/#organization\"},\"potentialAction\":[{\"@type\":\"SearchAction\",\"target\":{\"@type\":\"EntryPoint\",\"urlTemplate\":\"https:\\\/\\\/boutique-one-piece.com\\\/?s={search_term_string}\"},\"query-input\":{\"@type\":\"PropertyValueSpecification\",\"valueRequired\":true,\"valueName\":\"search_term_string\"}}],\"inLanguage\":\"el\"},{\"@type\":\"Organization\",\"@id\":\"https:\\\/\\\/boutique-one-piece.com\\\/#organization\",\"name\":\"Boutique One Piece\",\"url\":\"https:\\\/\\\/boutique-one-piece.com\\\/\",\"logo\":{\"@type\":\"ImageObject\",\"inLanguage\":\"el\",\"@id\":\"https:\\\/\\\/boutique-one-piece.com\\\/#\\\/schema\\\/logo\\\/image\\\/\",\"url\":\"https:\\\/\\\/boutique-one-piece.com\\\/wp-content\\\/uploads\\\/2022\\\/09\\\/Logo-01.png\",\"contentUrl\":\"https:\\\/\\\/boutique-one-piece.com\\\/wp-content\\\/uploads\\\/2022\\\/09\\\/Logo-01.png\",\"width\":2318,\"height\":957,\"caption\":\"Boutique One Piece\"},\"image\":{\"@id\":\"https:\\\/\\\/boutique-one-piece.com\\\/#\\\/schema\\\/logo\\\/image\\\/\"}}]}<\/script>\n<!-- \/ Yoast SEO plugin. -->","yoast_head_json":{"title":"\u03a0\u03bf\u03c5\u03bb\u03cc\u03b2\u03b5\u03c1 One Piece Mini Monkey D. Luffy | One Piece Shop","description":"\u039f\u03bb\u03cc\u03c3\u03c9\u03bc\u03bf \u03c6\u03bf\u03cd\u03c4\u03b5\u03c1 \u03bc\u03b5 \u03ba\u03bf\u03c5\u03ba\u03bf\u03cd\u03bb\u03b1 Mini Luffy Straw Hat - \u03a5\u03c8\u03b7\u03bb\u03ae\u03c2 \u03c0\u03bf\u03b9\u03cc\u03c4\u03b7\u03c4\u03b1\u03c2! \u039c\u03bf\u03b9\u03c1\u03b1\u03c3\u03c4\u03b5\u03af\u03c4\u03b5 \u03c4\u03bf \u03c0\u03ac\u03b8\u03bf\u03c2 \u03c3\u03b1\u03c2 \u03b3\u03b9\u03b1 \u03c4\u03bf\u03bd \u03ba\u03cc\u03c3\u03bc\u03bf \u03c4\u03c9\u03bd \u03c0\u03b5\u03b9\u03c1\u03b1\u03c4\u03ce\u03bd \u03bc\u03b5 \u03c3\u03c4\u03c5\u03bb! \u039a\u03b1\u03b9 \u03b3\u03af\u03bd\u03b5\u03c4\u03b5 \u03bc\u03ad\u03bb\u03bf\u03c2 \u03c4\u03b7\u03c2 \u03bf\u03bc\u03ac\u03b4\u03b1\u03c2!","robots":{"index":"index","follow":"follow","max-snippet":"max-snippet:-1","max-image-preview":"max-image-preview:large","max-video-preview":"max-video-preview:-1"},"canonical":"https:\/\/boutique-one-piece.com\/el\/\u03bf\u03bb\u03cc\u03c3\u03c9\u03bc\u03b1-\u03c1\u03bf\u03cd\u03c7\u03b1\/\u03c0\u03bf\u03c5\u03bb\u03cc\u03b2\u03b5\u03c1-\u03bf\u03bb\u03cc\u03c3\u03c9\u03bc\u03bf\/\u03bf\u03bb\u03cc\u03c3\u03c9\u03bc\u03bf-\u03bc\u03af\u03bd\u03b9-\u03c0\u03bf\u03c5\u03bb\u03cc\u03b2\u03b5\u03c1-monkey-d-luffy\/","og_locale":"el_GR","og_type":"article","og_title":"Pull One Piece Mini Monkey D. Luffy | Boutique One Piece","og_description":"Pull \u00e0 Capuche One Piece Mini Luffy au Chapeau de Paille de Tr\u00e8s Haute Qualit\u00e9 Partage ta Passion pour L'univers des Pirates avec Style ! Et Rejoins l'\u00c9quipage","og_url":"https:\/\/boutique-one-piece.com\/el\/\u03bf\u03bb\u03cc\u03c3\u03c9\u03bc\u03b1-\u03c1\u03bf\u03cd\u03c7\u03b1\/\u03c0\u03bf\u03c5\u03bb\u03cc\u03b2\u03b5\u03c1-\u03bf\u03bb\u03cc\u03c3\u03c9\u03bc\u03bf\/\u03bf\u03bb\u03cc\u03c3\u03c9\u03bc\u03bf-\u03bc\u03af\u03bd\u03b9-\u03c0\u03bf\u03c5\u03bb\u03cc\u03b2\u03b5\u03c1-monkey-d-luffy\/","og_site_name":"Boutique One Piece","article_modified_time":"2026-03-05T01:14:09+00:00","og_image":[{"width":600,"height":600,"url":"https:\/\/boutique-one-piece.com\/wp-content\/uploads\/2022\/09\/Pull-One-Piece-Mini-Monkey-D.-Luffy.jpg","type":"image\/jpeg"}],"twitter_card":"summary_large_image","twitter_misc":{"\u0395\u03ba\u03c4\u03b9\u03bc\u03ce\u03bc\u03b5\u03bd\u03bf\u03c2 \u03c7\u03c1\u03cc\u03bd\u03bf\u03c2 \u03b1\u03bd\u03ac\u03b3\u03bd\u03c9\u03c3\u03b7\u03c2":"2 \u03bb\u03b5\u03c0\u03c4\u03ac"},"schema":{"@context":"https:\/\/schema.org","@graph":[{"@type":"WebPage","@id":"https:\/\/boutique-one-piece.com\/vetements-one-piece\/pulls-one-piece\/pull-one-piece-mini-monkey-d-luffy\/","url":"https:\/\/boutique-one-piece.com\/vetements-one-piece\/pulls-one-piece\/pull-one-piece-mini-monkey-d-luffy\/","name":"\u03a0\u03bf\u03c5\u03bb\u03cc\u03b2\u03b5\u03c1 One Piece Mini Monkey D. Luffy | One Piece Shop","isPartOf":{"@id":"https:\/\/boutique-one-piece.com\/#website"},"primaryImageOfPage":{"@id":"https:\/\/boutique-one-piece.com\/vetements-one-piece\/pulls-one-piece\/pull-one-piece-mini-monkey-d-luffy\/#primaryimage"},"image":{"@id":"https:\/\/boutique-one-piece.com\/vetements-one-piece\/pulls-one-piece\/pull-one-piece-mini-monkey-d-luffy\/#primaryimage"},"thumbnailUrl":"https:\/\/boutique-one-piece.com\/wp-content\/uploads\/2022\/09\/Pull-One-Piece-Mini-Monkey-D.-Luffy.jpg","datePublished":"2022-09-27T18:53:21+00:00","dateModified":"2026-03-05T01:14:09+00:00","description":"\u039f\u03bb\u03cc\u03c3\u03c9\u03bc\u03bf \u03c6\u03bf\u03cd\u03c4\u03b5\u03c1 \u03bc\u03b5 \u03ba\u03bf\u03c5\u03ba\u03bf\u03cd\u03bb\u03b1 Mini Luffy Straw Hat - \u03a5\u03c8\u03b7\u03bb\u03ae\u03c2 \u03c0\u03bf\u03b9\u03cc\u03c4\u03b7\u03c4\u03b1\u03c2! \u039c\u03bf\u03b9\u03c1\u03b1\u03c3\u03c4\u03b5\u03af\u03c4\u03b5 \u03c4\u03bf \u03c0\u03ac\u03b8\u03bf\u03c2 \u03c3\u03b1\u03c2 \u03b3\u03b9\u03b1 \u03c4\u03bf\u03bd \u03ba\u03cc\u03c3\u03bc\u03bf \u03c4\u03c9\u03bd \u03c0\u03b5\u03b9\u03c1\u03b1\u03c4\u03ce\u03bd \u03bc\u03b5 \u03c3\u03c4\u03c5\u03bb! \u039a\u03b1\u03b9 \u03b3\u03af\u03bd\u03b5\u03c4\u03b5 \u03bc\u03ad\u03bb\u03bf\u03c2 \u03c4\u03b7\u03c2 \u03bf\u03bc\u03ac\u03b4\u03b1\u03c2!","breadcrumb":{"@id":"https:\/\/boutique-one-piece.com\/vetements-one-piece\/pulls-one-piece\/pull-one-piece-mini-monkey-d-luffy\/#breadcrumb"},"inLanguage":"el","potentialAction":[{"@type":"ReadAction","target":["https:\/\/boutique-one-piece.com\/vetements-one-piece\/pulls-one-piece\/pull-one-piece-mini-monkey-d-luffy\/"]}]},{"@type":"ImageObject","inLanguage":"el","@id":"https:\/\/boutique-one-piece.com\/vetements-one-piece\/pulls-one-piece\/pull-one-piece-mini-monkey-d-luffy\/#primaryimage","url":"https:\/\/boutique-one-piece.com\/wp-content\/uploads\/2022\/09\/Pull-One-Piece-Mini-Monkey-D.-Luffy.jpg","contentUrl":"https:\/\/boutique-one-piece.com\/wp-content\/uploads\/2022\/09\/Pull-One-Piece-Mini-Monkey-D.-Luffy.jpg","width":600,"height":600,"caption":"Pull One Piece Mini Monkey D. LuffyBlancxxl"},{"@type":"BreadcrumbList","@id":"https:\/\/boutique-one-piece.com\/vetements-one-piece\/pulls-one-piece\/pull-one-piece-mini-monkey-d-luffy\/#breadcrumb","itemListElement":[{"@type":"ListItem","position":1,"name":"Home","item":"https:\/\/boutique-one-piece.com\/"},{"@type":"ListItem","position":2,"name":"Shop","item":"https:\/\/boutique-one-piece.com\/shop\/"},{"@type":"ListItem","position":3,"name":"Pull One Piece Mini Monkey D. Luffy"}]},{"@type":"WebSite","@id":"https:\/\/boutique-one-piece.com\/#website","url":"https:\/\/boutique-one-piece.com\/","name":"\u039a\u03b1\u03c4\u03ac\u03c3\u03c4\u03b7\u03bc\u03b1 One Piece","description":"\u0395\u03be\u03b5\u03b9\u03b4\u03b9\u03ba\u03b5\u03c5\u03bc\u03ad\u03bd\u03bf \u03ba\u03b1\u03c4\u03ac\u03c3\u03c4\u03b7\u03bc\u03b1 \u03b3\u03b9\u03b1 One Piece Manga \u03ba\u03b1\u03b9 Anime","publisher":{"@id":"https:\/\/boutique-one-piece.com\/#organization"},"potentialAction":[{"@type":"SearchAction","target":{"@type":"EntryPoint","urlTemplate":"https:\/\/boutique-one-piece.com\/?s={search_term_string}"},"query-input":{"@type":"PropertyValueSpecification","valueRequired":true,"valueName":"search_term_string"}}],"inLanguage":"el"},{"@type":"Organization","@id":"https:\/\/boutique-one-piece.com\/#organization","name":"\u039a\u03b1\u03c4\u03ac\u03c3\u03c4\u03b7\u03bc\u03b1 One Piece","url":"https:\/\/boutique-one-piece.com\/","logo":{"@type":"ImageObject","inLanguage":"el","@id":"https:\/\/boutique-one-piece.com\/#\/schema\/logo\/image\/","url":"https:\/\/boutique-one-piece.com\/wp-content\/uploads\/2022\/09\/Logo-01.png","contentUrl":"https:\/\/boutique-one-piece.com\/wp-content\/uploads\/2022\/09\/Logo-01.png","width":2318,"height":957,"caption":"Boutique One Piece"},"image":{"@id":"https:\/\/boutique-one-piece.com\/#\/schema\/logo\/image\/"}}]}},"_links":{"self":[{"href":"https:\/\/boutique-one-piece.com\/el\/wp-json\/wp\/v2\/product\/8161","targetHints":{"allow":["GET"]}}],"collection":[{"href":"https:\/\/boutique-one-piece.com\/el\/wp-json\/wp\/v2\/product"}],"about":[{"href":"https:\/\/boutique-one-piece.com\/el\/wp-json\/wp\/v2\/types\/product"}],"replies":[{"embeddable":true,"href":"https:\/\/boutique-one-piece.com\/el\/wp-json\/wp\/v2\/comments?post=8161"}],"wp:featuredmedia":[{"embeddable":true,"href":"https:\/\/boutique-one-piece.com\/el\/wp-json\/wp\/v2\/media\/8163"}],"wp:attachment":[{"href":"https:\/\/boutique-one-piece.com\/el\/wp-json\/wp\/v2\/media?parent=8161"}],"wp:term":[{"taxonomy":"product_brand","embeddable":true,"href":"https:\/\/boutique-one-piece.com\/el\/wp-json\/wp\/v2\/product_brand?post=8161"},{"taxonomy":"product_cat","embeddable":true,"href":"https:\/\/boutique-one-piece.com\/el\/wp-json\/wp\/v2\/product_cat?post=8161"},{"taxonomy":"product_tag","embeddable":true,"href":"https:\/\/boutique-one-piece.com\/el\/wp-json\/wp\/v2\/product_tag?post=8161"}],"curies":[{"name":"\u03b5\u03c1\u03b3\u03b1\u03c3\u03af\u03b1","href":"https:\/\/api.w.org\/{rel}","templated":true}]}}