{"id":8245,"date":"2022-09-27T18:53:47","date_gmt":"2022-09-27T18:53:47","guid":{"rendered":"https:\/\/boutique-one-piece.com\/uncategorized\/replique-one-piece-thousand-sunny\/"},"modified":"2024-09-16T11:14:25","modified_gmt":"2024-09-16T11:14:25","slug":"%ce%b1%ce%bd%cf%84%ce%af%ce%b3%cf%81%ce%b1%cf%86%ce%bf-%ce%b5%ce%bd%cf%8c%cf%82-%ce%ba%ce%bf%ce%bc%ce%bc%ce%b1%cf%84%ce%b9%ce%bf%cf%8d-%cf%87%ce%b9%ce%bb%ce%b9%ce%ac%ce%b4%cf%89%ce%bd-%ce%b7%ce%bb","status":"publish","type":"product","link":"https:\/\/boutique-one-piece.com\/el\/%cf%86%ce%b9%ce%b3%ce%bf%cf%8d%cf%81%ce%b5%cf%82-one-piece\/%ce%b1%ce%bd%cf%84%ce%af%ce%b3%cf%81%ce%b1%cf%86%ce%bf-%ce%b5%ce%bd%cf%8c%cf%82-%ce%ba%ce%bf%ce%bc%ce%bc%ce%b1%cf%84%ce%b9%ce%bf%cf%8d-%cf%87%ce%b9%ce%bb%ce%b9%ce%ac%ce%b4%cf%89%ce%bd-%ce%b7%ce%bb\/","title":{"rendered":"\u03a7\u03af\u03bb\u03b9\u03b5\u03c2 \u03b7\u03bb\u03b9\u03cc\u03bb\u03bf\u03c5\u03c3\u03c4\u03b5\u03c2 \u03b2\u03ac\u03c1\u03ba\u03b5\u03c2"},"content":{"rendered":"<h2>\u039d\u03b5\u03b1\u03c1\u03ad \u03c0\u03b5\u03b9\u03c1\u03b1\u03c4\u03ae, \u03bc\u03c0\u03b5\u03c2 \u03c3\u03c4\u03b7\u03bd \u03c0\u03b5\u03c1\u03b9\u03c0\u03ad\u03c4\u03b5\u03b9\u03b1 \u03c4\u03bf\u03c5 One Piece. \u0393\u03b9\u03b1 \u03bd\u03b1 \u03c4\u03bf \u03ba\u03ac\u03bd\u03b5\u03b9\u03c2 \u03b1\u03c5\u03c4\u03cc, \u03b1\u03c0\u03cc\u03ba\u03c4\u03b7\u03c3\u03b5 \u03c4\u03ce\u03c1\u03b1 \u03b1\u03c5\u03c4\u03ae \u03c4\u03b7\u03bd \u03c6\u03b9\u03b3\u03bf\u03cd\u03c1\u03b1 Sunny One Piece.<\/h2>\n<p>\u0391\u03bd\u03b1\u03bc\u03c6\u03af\u03b2\u03bf\u03bb\u03b1 \u03b3\u03bd\u03c9\u03c1\u03af\u03b6\u03b5\u03c4\u03b5 \u03cc\u03c4\u03b9 <strong>\u03a7\u03af\u03bb\u03b9\u03b5\u03c2 \u03b7\u03bb\u03b9\u03cc\u03bb\u03bf\u03c5\u03c3\u03c4\u03b5\u03c2<\/strong>, \u03c4\u03bf \u03bf\u03c0\u03bf\u03af\u03bf \u03bf \u03a6\u03c1\u03ac\u03bd\u03ba\u03b9, \u03bf \u03c3\u03c7\u03b5\u03b4\u03b9\u03b1\u03c3\u03c4\u03ae\u03c2 \u03c4\u03bf\u03c5, \u03c4\u03bf\u03c5 \u03ad\u03b4\u03c9\u03c3\u03b5 \u03c4\u03bf \u03c7\u03b1\u03ca\u03b4\u03b5\u03c5\u03c4\u03b9\u03ba\u03cc \u03c0\u03b1\u03c1\u03b1\u03c4\u03c3\u03bf\u03cd\u03ba\u03bb\u03b9 \u03a3\u03ac\u03bd\u03b9, \u03b5\u03af\u03bd\u03b1\u03b9 \u03c4\u03bf \u03b4\u03b5\u03cd\u03c4\u03b5\u03c1\u03bf \u03ba\u03b1\u03b9 \u03c4\u03c1\u03ad\u03c7\u03bf\u03bd \u03c0\u03bb\u03bf\u03af\u03bf \u03c4\u03bf\u03c5 <strong>\u0397 \u03bf\u03bc\u03ac\u03b4\u03b1 \u03c4\u03bf\u03c5 \u03c8\u03ac\u03b8\u03b9\u03bd\u03bf\u03c5 \u03ba\u03b1\u03c0\u03ad\u03bb\u03bf\u03c5<\/strong>. \u0391\u03c5\u03c4\u03cc\u03c2 \u03b4\u03b9\u03b1\u03b4\u03ad\u03c7\u03b5\u03c4\u03b1\u03b9 \u03c4\u03bf\u03bd <strong>Vogue Merry<\/strong> \u03b5\u03c0\u03b5\u03b9\u03b4\u03ae \u03bf \u03c4\u03b5\u03bb\u03b5\u03c5\u03c4\u03b1\u03af\u03bf\u03c2 \u03b2\u03c1\u03b9\u03c3\u03ba\u03cc\u03c4\u03b1\u03bd \u03c3\u03b5 \u03c0\u03bf\u03bb\u03cd \u03ac\u03c3\u03c7\u03b7\u03bc\u03b7 \u03ba\u03b1\u03c4\u03ac\u03c3\u03c4\u03b1\u03c3\u03b7 \u03b3\u03b9\u03b1 \u03bd\u03b1 \u03c4\u03bf\u03c5\u03c2 \u03b5\u03c0\u03b9\u03c4\u03c1\u03ad\u03c8\u03b5\u03b9 \u03bd\u03b1 \u03c3\u03c5\u03bd\u03b5\u03c7\u03af\u03c3\u03bf\u03c5\u03bd \u03c4\u03b7\u03bd \u03c0\u03b5\u03c1\u03b9\u03c0\u03ad\u03c4\u03b5\u03b9\u03ac \u03c4\u03bf\u03c5\u03c2.<\/p>\n<p>\u0395\u03af\u03bd\u03b1\u03b9 \u03ad\u03bd\u03b1 \u03c3\u03c4\u03b9\u03b2\u03b1\u03c1\u03cc \u03c0\u03bb\u03bf\u03af\u03bf, \u03b4\u03b9\u03c0\u03bb\u03ac\u03c3\u03b9\u03bf \u03c3\u03b5 \u03bc\u03ad\u03b3\u03b5\u03b8\u03bf\u03c2 \u03b1\u03c0\u03cc \u03c4\u03bf Going Merry. \u03a0\u03b5\u03c1\u03b9\u03ad\u03c7\u03b5\u03b9 \u03b4\u03b9\u03ac\u03c6\u03bf\u03c1\u03b5\u03c2 \u03c0\u03c1\u03bf\u03c3\u03b8\u03ae\u03ba\u03b5\u03c2 \u03c0\u03bf\u03c5 \u03ae\u03b8\u03b5\u03bb\u03b5 \u03c4\u03bf \u03c0\u03bb\u03ae\u03c1\u03c9\u03bc\u03b1 \u03c0\u03c1\u03b9\u03bd \u03c6\u03c4\u03ac\u03c3\u03b5\u03b9 \u03c3\u03c4\u03bf Water 7. \u03a4\u03bf Water 7 \u03b5\u03af\u03bd\u03b1\u03b9 \u03bc\u03b9\u03b1 \u03c0\u03cc\u03bb\u03b7 \u03b3\u03bd\u03c9\u03c3\u03c4\u03ae \u03b3\u03b9\u03b1 \u03c4\u03bf\u03c5\u03c2 \u03bd\u03b1\u03c5\u03c0\u03b7\u03b3\u03bf\u03cd\u03c2 \u03c4\u03b7\u03c2 \u03bc\u03b5 \u03b5\u03be\u03b1\u03b9\u03c1\u03b5\u03c4\u03b9\u03ba\u03ad\u03c2 \u03b4\u03b5\u03be\u03b9\u03cc\u03c4\u03b7\u03c4\u03b5\u03c2 \u03c3\u03c4\u03b7\u03bd \u03ba\u03b1\u03c4\u03b1\u03c3\u03ba\u03b5\u03c5\u03ae \u03ba\u03ac\u03b8\u03b5 \u03b5\u03af\u03b4\u03bf\u03c5\u03c2 \u03c3\u03ba\u03b1\u03c6\u03ce\u03bd. \u03a4\u03ad\u03bb\u03bf\u03c2, \u03c9\u03c2 \u03b3\u03bd\u03ae\u03c3\u03b9\u03bf\u03c2 \u03b8\u03b1\u03c5\u03bc\u03b1\u03c3\u03c4\u03ae\u03c2 \u03c4\u03b7\u03c2 \u03c3\u03b5\u03b9\u03c1\u03ac\u03c2, \u03bc\u03b7\u03bd \u03c4\u03bf \u03c7\u03ac\u03c3\u03b5\u03c4\u03b5! <a title=\"\u0388\u03bd\u03b1 \u03ba\u03bf\u03bc\u03bc\u03ac\u03c4\u03b9 \u03c0\u03b1\u03b9\u03c7\u03bd\u03af\u03b4\u03b9 Going Merry Boat\" href=\"https:\/\/boutique-one-piece.com\/el\/%cf%86%ce%b9%ce%b3%ce%bf%cf%8d%cf%81%ce%b5%cf%82-one-piece\/%cf%80%cf%81%ce%bf%cf%8a%cf%8c%ce%bd%cf%84%ce%b1\/%ce%b1%ce%bd%cf%84%ce%af%ce%b3%cf%81%ce%b1%cf%86%ce%bf-%ce%b5%ce%bd%cf%8c%cf%82-%cf%84%ce%b5%ce%bc%ce%b1%cf%87%ce%af%ce%bf%cf%85-vogue-merry\/\" target=\"_blank\" rel=\"noopener\">\u03b1\u03bd\u03c4\u03af\u03b3\u03c1\u03b1\u03c6\u03bf \u03c4\u03bf\u03c5 Going Merry<\/a>.<\/p>\n<h3>\u03a3\u03b1\u03c2 \u03ad\u03c7\u03b5\u03b9 \u03b3\u03bf\u03b7\u03c4\u03b5\u03cd\u03c3\u03b5\u03b9, \u03bb\u03bf\u03b9\u03c0\u03cc\u03bd, \u03c4\u03bf \u03b1\u03bd\u03c4\u03af\u03b3\u03c1\u03b1\u03c6\u03bf \u03c4\u03bf\u03c5 Thousand Sunny; \u0391\u03bd \u03bd\u03b1\u03b9, \u03bc\u03b7\u03bd \u03b4\u03b9\u03c3\u03c4\u03ac\u03c3\u03b5\u03c4\u03b5 \u03ac\u03bb\u03bb\u03bf \u03ba\u03b1\u03b9 \u03b5\u03c0\u03b9\u03b2\u03b9\u03b2\u03b1\u03c3\u03c4\u03b5\u03af\u03c4\u03b5 \u03c3\u03c4\u03bf \u03c0\u03bb\u03bf\u03af\u03bf \u03bc\u03b1\u03b6\u03af \u03bc\u03b5 \u03cc\u03bb\u03bf \u03c4\u03bf \u03c0\u03bb\u03ae\u03c1\u03c9\u03bc\u03b1.<\/h3>\n<p>\u039d\u03b5\u03b1\u03c1\u03cc\u03c2 \u03c0\u03b5\u03b9\u03c1\u03b1\u03c4\u03ae\u03c2, \u03be\u03b5\u03ba\u03af\u03bd\u03b7\u03c3\u03b5 \u03bd\u03b1 \u03ba\u03b1\u03c4\u03b1\u03ba\u03c4\u03ae\u03c3\u03b5\u03b9 \u03c4\u03bf<strong> \u039f \u03b8\u03b7\u03c3\u03b1\u03c5\u03c1\u03cc\u03c2 \u03b5\u03bd\u03cc\u03c2 \u03ba\u03bf\u03bc\u03bc\u03b1\u03c4\u03b9\u03bf\u03cd<\/strong>. \u0397 \u03bf\u03bc\u03ac\u03b4\u03b1 \u03c4\u03bf\u03c5 Straw Hat \u03c3\u03b5 \u03c0\u03b5\u03c1\u03b9\u03bc\u03ad\u03bd\u03b5\u03b9. \u0391\u03c0\u03bf\u03ba\u03c4\u03ae\u03c3\u03c4\u03b5 \u03c4\u03ce\u03c1\u03b1 \u03b1\u03c5\u03c4\u03ac \u03c4\u03b1 \u03b1\u03bd\u03c4\u03b9\u03ba\u03b5\u03af\u03bc\u03b5\u03bd\u03b1 \u03b1\u03c0\u03cc \u03b1\u03c5\u03c4\u03cc \u03c4\u03bf \u03b5\u03c0\u03b9\u03ba\u03cc \u03ad\u03c0\u03bf\u03c2. \u0399\u03b4\u03b1\u03bd\u03b9\u03ba\u03ac \u03b3\u03b9\u03b1 \u03b4\u03ce\u03c1\u03b1, \u03b4\u03b9\u03b1\u03ba\u03cc\u03c3\u03bc\u03b7\u03c3\u03b7 \u03ae \u03c3\u03c5\u03bb\u03bb\u03bf\u03b3\u03ae, \u03b1\u03c5\u03c4\u03ac \u03c4\u03b1 \u03b1\u03bd\u03c4\u03b9\u03ba\u03b5\u03af\u03bc\u03b5\u03bd\u03b1 \u03b8\u03b1 \u03b5\u03c0\u03b5\u03ba\u03c4\u03b5\u03af\u03bd\u03bf\u03c5\u03bd \u03c4\u03bf \u03c3\u03cd\u03bc\u03c0\u03b1\u03bd \u03c4\u03bf\u03c5 One Piece. \u0393\u03af\u03bd\u03b5\u03c4\u03b5 \u03c0\u03bb\u03ae\u03c1\u03b5\u03c2 \u03bc\u03ad\u03bb\u03bf\u03c2 \u03c4\u03b7\u03c2 \u03bf\u03bc\u03ac\u03b4\u03b1\u03c2!, <strong>\u03bd\u03b5\u03b1\u03c1\u03cc\u03c2 \u03c0\u03b5\u03b9\u03c1\u03b1\u03c4\u03ae\u03c2<\/strong>. \u0397 \u03c0\u03b5\u03c1\u03b9\u03c0\u03ad\u03c4\u03b5\u03b9\u03b1 \u03bc\u03cc\u03bb\u03b9\u03c2 \u03be\u03b5\u03ba\u03af\u03bd\u03b7\u03c3\u03b5!<\/p>\n<h2>\u03a0\u03bb\u03b7\u03c1\u03bf\u03c6\u03bf\u03c1\u03af\u03b5\u03c2 \u03b3\u03b9\u03b1 \u03c4\u03bf \u03b5\u03b9\u03b4\u03ce\u03bb\u03b9\u03bf Thousand Sunny\u00a0<\/h2>\n<ul>\n<li><span><b><u>\u039f\u03bb\u03cc\u03c3\u03c9\u03bc\u03bf \u03b5\u03b9\u03b4\u03ce\u03bb\u03b9\u03bf<\/u><\/b>\u00a0\u03a6\u03b9\u03b3\u03bf\u03cd\u03c1\u03b1 One Piece Premium \u03b3\u03b9\u03b1 \u03b1\u03bb\u03b7\u03b8\u03b9\u03bd\u03bf\u03cd\u03c2 \u03c0\u03b5\u03b9\u03c1\u03b1\u03c4\u03ad\u03c2<\/span><\/li>\n<\/ul>\n<ul>\n<li>\n<b>\u03a5\u03bb\u03b7<\/b><span>\u00a0<\/span>PVC<\/li>\n<\/ul>\n<ul>\n<li><span><strong>\u0394\u03b9\u03ac\u03c3\u03c4\u03b1\u03c3\u03b7<\/strong>\u00a0: 28 \u03b5\u03ba.<\/span><\/li>\n<\/ul>\n<ul>\n<li><span><strong>\u0394\u03a9\u03a1\u0395\u0391\u039d \u03a0\u0391\u03a1\u0391\u0394\u039f\u03a3\u0397<\/strong><\/span><\/li>\n<\/ul>","protected":false},"excerpt":{"rendered":"<p>Jeune pirate, rejoins l&rsquo;aventure One Piece. Pour ce faire procure-toi d\u00e8s maintenant cette\u00a0Figurine\u00a0Sunny One Piece. Tu n&rsquo;es pas sans savoir que le Thousand Sunny, que Franky, son concepteur, surnomme tendrement Sunny, est le second et actuel navire de L&rsquo;\u00c9quipage du Chapeau de Paille. Il succ\u00e8de au Vogue Merry car ce dernier \u00e9tait en trop mauvais [&hellip;]<\/p>","protected":false},"featured_media":8247,"comment_status":"open","ping_status":"open","template":"","meta":[],"product_brand":[],"product_cat":[76],"product_tag":[138,139],"class_list":{"0":"post-8245","1":"product","2":"type-product","3":"status-publish","4":"has-post-thumbnail","6":"product_cat-figurines-one-piece","7":"product_tag-bateau","8":"product_tag-sunny","10":"first","11":"instock","12":"purchasable","13":"product-type-simple"},"yoast_head":"<!-- This site is optimized with the Yoast SEO plugin v27.5 - https:\/\/yoast.com\/product\/yoast-seo-wordpress\/ -->\n<title>Figurine Thousand Sunny One Piece | Boutique One Piece<\/title>\n<meta name=\"description\" content=\"Jeune pirate, rejoins l&#039;aventure One Piece. Pour ce faire procure-toi d\u00e8s maintenant cette\u00a0Figurine\u00a0Sunny One Piece. Tu n&#039;es pas sans savoir que le Thousand Sunny, que Franky, son concepteur, surnomme tendrement Sunny, est le second et actuel navire de L&#039;\u00c9quipage du Chapeau de Paille. Il succ\u00e8de au Vogue Merry car ce d\" \/>\n<meta name=\"robots\" content=\"index, follow, max-snippet:-1, max-image-preview:large, max-video-preview:-1\" \/>\n<link rel=\"canonical\" href=\"https:\/\/boutique-one-piece.com\/el\/\u03c6\u03b9\u03b3\u03bf\u03cd\u03c1\u03b5\u03c2-one-piece\/\u03b1\u03bd\u03c4\u03af\u03b3\u03c1\u03b1\u03c6\u03bf-\u03b5\u03bd\u03cc\u03c2-\u03ba\u03bf\u03bc\u03bc\u03b1\u03c4\u03b9\u03bf\u03cd-\u03c7\u03b9\u03bb\u03b9\u03ac\u03b4\u03c9\u03bd-\u03b7\u03bb\/\" \/>\n<meta property=\"og:locale\" content=\"el_GR\" \/>\n<meta property=\"og:type\" content=\"article\" \/>\n<meta property=\"og:title\" content=\"Figurine Thousand Sunny One Piece | Boutique One Piece\" \/>\n<meta property=\"og:description\" content=\"Jeune pirate, rejoins l&#039;aventure One Piece. Pour ce faire procure-toi d\u00e8s maintenant cette\u00a0Figurine\u00a0Sunny One Piece. Tu n&#039;es pas sans savoir que le Thousand Sunny, que Franky, son concepteur, surnomme tendrement Sunny, est le second et actuel navire de L&#039;\u00c9quipage du Chapeau de Paille. Il succ\u00e8de au Vogue Merry car ce d\" \/>\n<meta property=\"og:url\" content=\"https:\/\/boutique-one-piece.com\/el\/\u03c6\u03b9\u03b3\u03bf\u03cd\u03c1\u03b5\u03c2-one-piece\/\u03b1\u03bd\u03c4\u03af\u03b3\u03c1\u03b1\u03c6\u03bf-\u03b5\u03bd\u03cc\u03c2-\u03ba\u03bf\u03bc\u03bc\u03b1\u03c4\u03b9\u03bf\u03cd-\u03c7\u03b9\u03bb\u03b9\u03ac\u03b4\u03c9\u03bd-\u03b7\u03bb\/\" \/>\n<meta property=\"og:site_name\" content=\"Boutique One Piece\" \/>\n<meta property=\"article:modified_time\" content=\"2024-09-16T11:14:25+00:00\" \/>\n<meta property=\"og:image\" content=\"https:\/\/boutique-one-piece.com\/wp-content\/uploads\/2022\/09\/Bateau-Thousand-Sunny.jpg\" \/>\n\t<meta property=\"og:image:width\" content=\"638\" \/>\n\t<meta property=\"og:image:height\" content=\"640\" \/>\n\t<meta property=\"og:image:type\" content=\"image\/jpeg\" \/>\n<meta name=\"twitter:card\" content=\"summary_large_image\" \/>\n<meta name=\"twitter:label1\" content=\"\u0395\u03ba\u03c4\u03b9\u03bc\u03ce\u03bc\u03b5\u03bd\u03bf\u03c2 \u03c7\u03c1\u03cc\u03bd\u03bf\u03c2 \u03b1\u03bd\u03ac\u03b3\u03bd\u03c9\u03c3\u03b7\u03c2\" \/>\n\t<meta name=\"twitter:data1\" content=\"2 \u03bb\u03b5\u03c0\u03c4\u03ac\" \/>\n<script type=\"application\/ld+json\" class=\"yoast-schema-graph\">{\"@context\":\"https:\\\/\\\/schema.org\",\"@graph\":[{\"@type\":\"WebPage\",\"@id\":\"https:\\\/\\\/boutique-one-piece.com\\\/figurines-one-piece\\\/replique-one-piece-thousand-sunny\\\/\",\"url\":\"https:\\\/\\\/boutique-one-piece.com\\\/figurines-one-piece\\\/replique-one-piece-thousand-sunny\\\/\",\"name\":\"Figurine Thousand Sunny One Piece | Boutique One Piece\",\"isPartOf\":{\"@id\":\"https:\\\/\\\/boutique-one-piece.com\\\/#website\"},\"primaryImageOfPage\":{\"@id\":\"https:\\\/\\\/boutique-one-piece.com\\\/figurines-one-piece\\\/replique-one-piece-thousand-sunny\\\/#primaryimage\"},\"image\":{\"@id\":\"https:\\\/\\\/boutique-one-piece.com\\\/figurines-one-piece\\\/replique-one-piece-thousand-sunny\\\/#primaryimage\"},\"thumbnailUrl\":\"https:\\\/\\\/boutique-one-piece.com\\\/wp-content\\\/uploads\\\/2022\\\/09\\\/Bateau-Thousand-Sunny.jpg\",\"datePublished\":\"2022-09-27T18:53:47+00:00\",\"dateModified\":\"2024-09-16T11:14:25+00:00\",\"description\":\"Jeune pirate, rejoins l'aventure One Piece. Pour ce faire procure-toi d\u00e8s maintenant cette\u00a0Figurine\u00a0Sunny One Piece. Tu n'es pas sans savoir que le Thousand Sunny, que Franky, son concepteur, surnomme tendrement Sunny, est le second et actuel navire de L'\u00c9quipage du Chapeau de Paille. Il succ\u00e8de au Vogue Merry car ce d\",\"breadcrumb\":{\"@id\":\"https:\\\/\\\/boutique-one-piece.com\\\/figurines-one-piece\\\/replique-one-piece-thousand-sunny\\\/#breadcrumb\"},\"inLanguage\":\"el\",\"potentialAction\":[{\"@type\":\"ReadAction\",\"target\":[\"https:\\\/\\\/boutique-one-piece.com\\\/figurines-one-piece\\\/replique-one-piece-thousand-sunny\\\/\"]}]},{\"@type\":\"ImageObject\",\"inLanguage\":\"el\",\"@id\":\"https:\\\/\\\/boutique-one-piece.com\\\/figurines-one-piece\\\/replique-one-piece-thousand-sunny\\\/#primaryimage\",\"url\":\"https:\\\/\\\/boutique-one-piece.com\\\/wp-content\\\/uploads\\\/2022\\\/09\\\/Bateau-Thousand-Sunny.jpg\",\"contentUrl\":\"https:\\\/\\\/boutique-one-piece.com\\\/wp-content\\\/uploads\\\/2022\\\/09\\\/Bateau-Thousand-Sunny.jpg\",\"width\":638,\"height\":640,\"caption\":\"Bateau Thousand SunnyDefault Title\"},{\"@type\":\"BreadcrumbList\",\"@id\":\"https:\\\/\\\/boutique-one-piece.com\\\/figurines-one-piece\\\/replique-one-piece-thousand-sunny\\\/#breadcrumb\",\"itemListElement\":[{\"@type\":\"ListItem\",\"position\":1,\"name\":\"Home\",\"item\":\"https:\\\/\\\/boutique-one-piece.com\\\/\"},{\"@type\":\"ListItem\",\"position\":2,\"name\":\"Shop\",\"item\":\"https:\\\/\\\/boutique-one-piece.com\\\/shop\\\/\"},{\"@type\":\"ListItem\",\"position\":3,\"name\":\"Bateau Thousand Sunny\"}]},{\"@type\":\"WebSite\",\"@id\":\"https:\\\/\\\/boutique-one-piece.com\\\/#website\",\"url\":\"https:\\\/\\\/boutique-one-piece.com\\\/\",\"name\":\"Boutique One Piece\",\"description\":\"Magasin Sp\u00e9cialis\u00e9 du Manga et l&#039;Anime One Piece\",\"publisher\":{\"@id\":\"https:\\\/\\\/boutique-one-piece.com\\\/#organization\"},\"potentialAction\":[{\"@type\":\"SearchAction\",\"target\":{\"@type\":\"EntryPoint\",\"urlTemplate\":\"https:\\\/\\\/boutique-one-piece.com\\\/?s={search_term_string}\"},\"query-input\":{\"@type\":\"PropertyValueSpecification\",\"valueRequired\":true,\"valueName\":\"search_term_string\"}}],\"inLanguage\":\"el\"},{\"@type\":\"Organization\",\"@id\":\"https:\\\/\\\/boutique-one-piece.com\\\/#organization\",\"name\":\"Boutique One Piece\",\"url\":\"https:\\\/\\\/boutique-one-piece.com\\\/\",\"logo\":{\"@type\":\"ImageObject\",\"inLanguage\":\"el\",\"@id\":\"https:\\\/\\\/boutique-one-piece.com\\\/#\\\/schema\\\/logo\\\/image\\\/\",\"url\":\"https:\\\/\\\/boutique-one-piece.com\\\/wp-content\\\/uploads\\\/2022\\\/09\\\/Logo-01.png\",\"contentUrl\":\"https:\\\/\\\/boutique-one-piece.com\\\/wp-content\\\/uploads\\\/2022\\\/09\\\/Logo-01.png\",\"width\":2318,\"height\":957,\"caption\":\"Boutique One Piece\"},\"image\":{\"@id\":\"https:\\\/\\\/boutique-one-piece.com\\\/#\\\/schema\\\/logo\\\/image\\\/\"}}]}<\/script>\n<!-- \/ Yoast SEO plugin. -->","yoast_head_json":{"title":"\u03a6\u03b9\u03b3\u03bf\u03cd\u03c1\u03b1 One Piece Thousand Sunny | \u039a\u03b1\u03c4\u03ac\u03c3\u03c4\u03b7\u03bc\u03b1 One Piece","description":"\u039d\u03b5\u03b1\u03c1\u03ad \u03c0\u03b5\u03b9\u03c1\u03b1\u03c4\u03ae, \u03bc\u03c0\u03b5\u03c2 \u03c3\u03c4\u03b7\u03bd \u03c0\u03b5\u03c1\u03b9\u03c0\u03ad\u03c4\u03b5\u03b9\u03b1 \u03c4\u03bf\u03c5 One Piece! \u0393\u03b9\u03b1 \u03bd\u03b1 \u03c4\u03bf \u03ba\u03ac\u03bd\u03b5\u03b9\u03c2 \u03b1\u03c5\u03c4\u03cc, \u03b1\u03c0\u03ad\u03ba\u03c4\u03b7\u03c3\u03b5 \u03c4\u03ce\u03c1\u03b1 \u03b1\u03c5\u03c4\u03ae \u03c4\u03b7 \u03c6\u03b9\u03b3\u03bf\u03cd\u03c1\u03b1 Sunny One Piece. \u03a0\u03b9\u03b8\u03b1\u03bd\u03cc\u03c4\u03b1\u03c4\u03b1 \u03b3\u03bd\u03c9\u03c1\u03af\u03b6\u03b5\u03b9\u03c2 \u03cc\u03c4\u03b9 \u03c4\u03bf Thousand Sunny, \u03bc\u03b5 \u03c4\u03bf \u03c7\u03b1\u03ca\u03b4\u03b5\u03bc\u03ad\u03bd\u03bf \u03c0\u03b1\u03c1\u03b1\u03c4\u03c3\u03bf\u03cd\u03ba\u03bb\u03b9 Sunny \u03b1\u03c0\u03cc \u03c4\u03bf\u03bd \u03c3\u03c7\u03b5\u03b4\u03b9\u03b1\u03c3\u03c4\u03ae \u03c4\u03bf\u03c5 Franky, \u03b5\u03af\u03bd\u03b1\u03b9 \u03c4\u03bf \u03b4\u03b5\u03cd\u03c4\u03b5\u03c1\u03bf \u03ba\u03b1\u03b9 \u03c4\u03c1\u03ad\u03c7\u03bf\u03bd \u03c0\u03bb\u03bf\u03af\u03bf \u03c4\u03bf\u03c5 \u03c0\u03bb\u03b7\u03c1\u03ce\u03bc\u03b1\u03c4\u03bf\u03c2 Straw Hat. \u0394\u03b9\u03b1\u03b4\u03ad\u03c7\u03b8\u03b7\u03ba\u03b5 \u03c4\u03bf Going Merry \u03b5\u03c0\u03b5\u03b9\u03b4\u03ae \u03b1\u03c5\u03c4\u03cc...","robots":{"index":"index","follow":"follow","max-snippet":"max-snippet:-1","max-image-preview":"max-image-preview:large","max-video-preview":"max-video-preview:-1"},"canonical":"https:\/\/boutique-one-piece.com\/el\/\u03c6\u03b9\u03b3\u03bf\u03cd\u03c1\u03b5\u03c2-one-piece\/\u03b1\u03bd\u03c4\u03af\u03b3\u03c1\u03b1\u03c6\u03bf-\u03b5\u03bd\u03cc\u03c2-\u03ba\u03bf\u03bc\u03bc\u03b1\u03c4\u03b9\u03bf\u03cd-\u03c7\u03b9\u03bb\u03b9\u03ac\u03b4\u03c9\u03bd-\u03b7\u03bb\/","og_locale":"el_GR","og_type":"article","og_title":"Figurine Thousand Sunny One Piece | Boutique One Piece","og_description":"Jeune pirate, rejoins l'aventure One Piece. Pour ce faire procure-toi d\u00e8s maintenant cette\u00a0Figurine\u00a0Sunny One Piece. Tu n'es pas sans savoir que le Thousand Sunny, que Franky, son concepteur, surnomme tendrement Sunny, est le second et actuel navire de L'\u00c9quipage du Chapeau de Paille. Il succ\u00e8de au Vogue Merry car ce d","og_url":"https:\/\/boutique-one-piece.com\/el\/\u03c6\u03b9\u03b3\u03bf\u03cd\u03c1\u03b5\u03c2-one-piece\/\u03b1\u03bd\u03c4\u03af\u03b3\u03c1\u03b1\u03c6\u03bf-\u03b5\u03bd\u03cc\u03c2-\u03ba\u03bf\u03bc\u03bc\u03b1\u03c4\u03b9\u03bf\u03cd-\u03c7\u03b9\u03bb\u03b9\u03ac\u03b4\u03c9\u03bd-\u03b7\u03bb\/","og_site_name":"Boutique One Piece","article_modified_time":"2024-09-16T11:14:25+00:00","og_image":[{"width":638,"height":640,"url":"https:\/\/boutique-one-piece.com\/wp-content\/uploads\/2022\/09\/Bateau-Thousand-Sunny.jpg","type":"image\/jpeg"}],"twitter_card":"summary_large_image","twitter_misc":{"\u0395\u03ba\u03c4\u03b9\u03bc\u03ce\u03bc\u03b5\u03bd\u03bf\u03c2 \u03c7\u03c1\u03cc\u03bd\u03bf\u03c2 \u03b1\u03bd\u03ac\u03b3\u03bd\u03c9\u03c3\u03b7\u03c2":"2 \u03bb\u03b5\u03c0\u03c4\u03ac"},"schema":{"@context":"https:\/\/schema.org","@graph":[{"@type":"WebPage","@id":"https:\/\/boutique-one-piece.com\/figurines-one-piece\/replique-one-piece-thousand-sunny\/","url":"https:\/\/boutique-one-piece.com\/figurines-one-piece\/replique-one-piece-thousand-sunny\/","name":"\u03a6\u03b9\u03b3\u03bf\u03cd\u03c1\u03b1 One Piece Thousand Sunny | \u039a\u03b1\u03c4\u03ac\u03c3\u03c4\u03b7\u03bc\u03b1 One Piece","isPartOf":{"@id":"https:\/\/boutique-one-piece.com\/#website"},"primaryImageOfPage":{"@id":"https:\/\/boutique-one-piece.com\/figurines-one-piece\/replique-one-piece-thousand-sunny\/#primaryimage"},"image":{"@id":"https:\/\/boutique-one-piece.com\/figurines-one-piece\/replique-one-piece-thousand-sunny\/#primaryimage"},"thumbnailUrl":"https:\/\/boutique-one-piece.com\/wp-content\/uploads\/2022\/09\/Bateau-Thousand-Sunny.jpg","datePublished":"2022-09-27T18:53:47+00:00","dateModified":"2024-09-16T11:14:25+00:00","description":"\u039d\u03b5\u03b1\u03c1\u03ad \u03c0\u03b5\u03b9\u03c1\u03b1\u03c4\u03ae, \u03bc\u03c0\u03b5\u03c2 \u03c3\u03c4\u03b7\u03bd \u03c0\u03b5\u03c1\u03b9\u03c0\u03ad\u03c4\u03b5\u03b9\u03b1 \u03c4\u03bf\u03c5 One Piece! \u0393\u03b9\u03b1 \u03bd\u03b1 \u03c4\u03bf \u03ba\u03ac\u03bd\u03b5\u03b9\u03c2 \u03b1\u03c5\u03c4\u03cc, \u03b1\u03c0\u03ad\u03ba\u03c4\u03b7\u03c3\u03b5 \u03c4\u03ce\u03c1\u03b1 \u03b1\u03c5\u03c4\u03ae \u03c4\u03b7 \u03c6\u03b9\u03b3\u03bf\u03cd\u03c1\u03b1 Sunny One Piece. \u03a0\u03b9\u03b8\u03b1\u03bd\u03cc\u03c4\u03b1\u03c4\u03b1 \u03b3\u03bd\u03c9\u03c1\u03af\u03b6\u03b5\u03b9\u03c2 \u03cc\u03c4\u03b9 \u03c4\u03bf Thousand Sunny, \u03bc\u03b5 \u03c4\u03bf \u03c7\u03b1\u03ca\u03b4\u03b5\u03bc\u03ad\u03bd\u03bf \u03c0\u03b1\u03c1\u03b1\u03c4\u03c3\u03bf\u03cd\u03ba\u03bb\u03b9 Sunny \u03b1\u03c0\u03cc \u03c4\u03bf\u03bd \u03c3\u03c7\u03b5\u03b4\u03b9\u03b1\u03c3\u03c4\u03ae \u03c4\u03bf\u03c5 Franky, \u03b5\u03af\u03bd\u03b1\u03b9 \u03c4\u03bf \u03b4\u03b5\u03cd\u03c4\u03b5\u03c1\u03bf \u03ba\u03b1\u03b9 \u03c4\u03c1\u03ad\u03c7\u03bf\u03bd \u03c0\u03bb\u03bf\u03af\u03bf \u03c4\u03bf\u03c5 \u03c0\u03bb\u03b7\u03c1\u03ce\u03bc\u03b1\u03c4\u03bf\u03c2 Straw Hat. \u0394\u03b9\u03b1\u03b4\u03ad\u03c7\u03b8\u03b7\u03ba\u03b5 \u03c4\u03bf Going Merry \u03b5\u03c0\u03b5\u03b9\u03b4\u03ae \u03b1\u03c5\u03c4\u03cc...","breadcrumb":{"@id":"https:\/\/boutique-one-piece.com\/figurines-one-piece\/replique-one-piece-thousand-sunny\/#breadcrumb"},"inLanguage":"el","potentialAction":[{"@type":"ReadAction","target":["https:\/\/boutique-one-piece.com\/figurines-one-piece\/replique-one-piece-thousand-sunny\/"]}]},{"@type":"ImageObject","inLanguage":"el","@id":"https:\/\/boutique-one-piece.com\/figurines-one-piece\/replique-one-piece-thousand-sunny\/#primaryimage","url":"https:\/\/boutique-one-piece.com\/wp-content\/uploads\/2022\/09\/Bateau-Thousand-Sunny.jpg","contentUrl":"https:\/\/boutique-one-piece.com\/wp-content\/uploads\/2022\/09\/Bateau-Thousand-Sunny.jpg","width":638,"height":640,"caption":"Bateau Thousand SunnyDefault Title"},{"@type":"BreadcrumbList","@id":"https:\/\/boutique-one-piece.com\/figurines-one-piece\/replique-one-piece-thousand-sunny\/#breadcrumb","itemListElement":[{"@type":"ListItem","position":1,"name":"Home","item":"https:\/\/boutique-one-piece.com\/"},{"@type":"ListItem","position":2,"name":"Shop","item":"https:\/\/boutique-one-piece.com\/shop\/"},{"@type":"ListItem","position":3,"name":"Bateau Thousand Sunny"}]},{"@type":"WebSite","@id":"https:\/\/boutique-one-piece.com\/#website","url":"https:\/\/boutique-one-piece.com\/","name":"\u039a\u03b1\u03c4\u03ac\u03c3\u03c4\u03b7\u03bc\u03b1 One Piece","description":"\u0395\u03be\u03b5\u03b9\u03b4\u03b9\u03ba\u03b5\u03c5\u03bc\u03ad\u03bd\u03bf \u03ba\u03b1\u03c4\u03ac\u03c3\u03c4\u03b7\u03bc\u03b1 \u03b3\u03b9\u03b1 One Piece Manga \u03ba\u03b1\u03b9 Anime","publisher":{"@id":"https:\/\/boutique-one-piece.com\/#organization"},"potentialAction":[{"@type":"SearchAction","target":{"@type":"EntryPoint","urlTemplate":"https:\/\/boutique-one-piece.com\/?s={search_term_string}"},"query-input":{"@type":"PropertyValueSpecification","valueRequired":true,"valueName":"search_term_string"}}],"inLanguage":"el"},{"@type":"Organization","@id":"https:\/\/boutique-one-piece.com\/#organization","name":"\u039a\u03b1\u03c4\u03ac\u03c3\u03c4\u03b7\u03bc\u03b1 One Piece","url":"https:\/\/boutique-one-piece.com\/","logo":{"@type":"ImageObject","inLanguage":"el","@id":"https:\/\/boutique-one-piece.com\/#\/schema\/logo\/image\/","url":"https:\/\/boutique-one-piece.com\/wp-content\/uploads\/2022\/09\/Logo-01.png","contentUrl":"https:\/\/boutique-one-piece.com\/wp-content\/uploads\/2022\/09\/Logo-01.png","width":2318,"height":957,"caption":"Boutique One Piece"},"image":{"@id":"https:\/\/boutique-one-piece.com\/#\/schema\/logo\/image\/"}}]}},"_links":{"self":[{"href":"https:\/\/boutique-one-piece.com\/el\/wp-json\/wp\/v2\/product\/8245","targetHints":{"allow":["GET"]}}],"collection":[{"href":"https:\/\/boutique-one-piece.com\/el\/wp-json\/wp\/v2\/product"}],"about":[{"href":"https:\/\/boutique-one-piece.com\/el\/wp-json\/wp\/v2\/types\/product"}],"replies":[{"embeddable":true,"href":"https:\/\/boutique-one-piece.com\/el\/wp-json\/wp\/v2\/comments?post=8245"}],"wp:featuredmedia":[{"embeddable":true,"href":"https:\/\/boutique-one-piece.com\/el\/wp-json\/wp\/v2\/media\/8247"}],"wp:attachment":[{"href":"https:\/\/boutique-one-piece.com\/el\/wp-json\/wp\/v2\/media?parent=8245"}],"wp:term":[{"taxonomy":"product_brand","embeddable":true,"href":"https:\/\/boutique-one-piece.com\/el\/wp-json\/wp\/v2\/product_brand?post=8245"},{"taxonomy":"product_cat","embeddable":true,"href":"https:\/\/boutique-one-piece.com\/el\/wp-json\/wp\/v2\/product_cat?post=8245"},{"taxonomy":"product_tag","embeddable":true,"href":"https:\/\/boutique-one-piece.com\/el\/wp-json\/wp\/v2\/product_tag?post=8245"}],"curies":[{"name":"\u03b5\u03c1\u03b3\u03b1\u03c3\u03af\u03b1","href":"https:\/\/api.w.org\/{rel}","templated":true}]}}