{"id":8318,"date":"2022-09-27T18:54:00","date_gmt":"2022-09-27T18:54:00","guid":{"rendered":"https:\/\/boutique-one-piece.com\/uncategorized\/figurine-one-piece-zoro-roronoa-technique-a-3-sabres\/"},"modified":"2024-09-16T11:16:13","modified_gmt":"2024-09-16T11:16:13","slug":"%ce%bf%ce%bb%ce%bf%ce%ba%cf%8c%ce%bc%ce%bc%ce%b1%cf%84%ce%bf-%ce%b5%ce%b9%ce%b4%cf%8e%ce%bb%ce%b9%ce%bf-%cf%84%ce%b5%cf%87%ce%bd%ce%b9%ce%ba%ce%ae%cf%82-zoro-roronoa-%ce%bc%ce%b5-3-%cf%83%cf%80%ce%b1","status":"publish","type":"product","link":"https:\/\/boutique-one-piece.com\/el\/%ce%ba%ce%b1%ce%bb%ce%bf%cf%8d%ce%b4%ce%b9%ce%b1-one-piece\/roronoa-zoro-%ce%ad%ce%bd%ce%b1-%ce%ba%ce%bf%ce%bc%ce%bc%ce%ac%cf%84%ce%b9-%ce%ba%ce%b1%ce%bb%ce%bf%cf%8d%ce%b4%ce%b9%ce%b1\/%ce%bf%ce%bb%ce%bf%ce%ba%cf%8c%ce%bc%ce%bc%ce%b1%cf%84%ce%bf-%ce%b5%ce%b9%ce%b4%cf%8e%ce%bb%ce%b9%ce%bf-%cf%84%ce%b5%cf%87%ce%bd%ce%b9%ce%ba%ce%ae%cf%82-zoro-roronoa-%ce%bc%ce%b5-3-%cf%83%cf%80%ce%b1\/","title":{"rendered":"One Piece \u03a6\u03b9\u03b3\u03bf\u03cd\u03c1\u03b1 \u0396\u03cc\u03c1\u03bf \u03a1\u03bf\u03c1\u03bf\u03bd\u03cc\u03b1 \u03bc\u03b5 \u03a4\u03c1\u03af\u03b1 \u03a3\u03c0\u03b1\u03b8\u03b9\u03ac"},"content":{"rendered":"<h2>\u039d\u03b5\u03b1\u03c1\u03ad \u03c0\u03b5\u03b9\u03c1\u03b1\u03c4\u03ae, \u03ae\u03c1\u03b8\u03b5 \u03b7 \u03ce\u03c1\u03b1 \u03bd\u03b1 \u03b1\u03c0\u03bf\u03ba\u03c4\u03ae\u03c3\u03b5\u03b9\u03c2 \u03b1\u03c5\u03c4\u03cc \u03c4\u03bf One Piece \u03a6\u03b9\u03b3\u03bf\u03cd\u03c1\u03b1 \u03a4\u03b5\u03c7\u03bd\u03b9\u03ba\u03ae\u03c2 3 \u03a3\u03c0\u03b1\u03b8\u03b9\u03ce\u03bd Zoro Roronoa.<\/h2>\n<p>\u039d\u03b1 \u03c4\u03b9 \u03c0\u03c1\u03ad\u03c0\u03b5\u03b9 \u03bd\u03b1 \u03be\u03ad\u03c1\u03b5\u03c4\u03b5 \u03b3\u03b9&#039; \u03b1\u03c5\u03c4\u03cc\u03bd. ; <strong>Roronoa Zoro<\/strong> \u0389\u03c4\u03b1\u03bd \u03c4\u03bf \u03c0\u03c1\u03ce\u03c4\u03bf \u03bc\u03ad\u03bb\u03bf\u03c2 \u03c0\u03bf\u03c5 \u03b5\u03bd\u03c4\u03ac\u03c7\u03b8\u03b7\u03ba\u03b5 \u03c3\u03c4\u03bf Straw Hat Crew. \u0395\u03af\u03bd\u03b1\u03b9 \u03b5\u03c0\u03af\u03c3\u03b7\u03c2 \u03bf \u03c0\u03c1\u03ce\u03c4\u03bf\u03c2 \u03ba\u03b1\u03b9 \u03ba\u03bf\u03c1\u03c5\u03c6\u03b1\u03af\u03bf\u03c2 \u03be\u03b9\u03c6\u03bf\u03bc\u03ac\u03c7\u03bf\u03c2 \u03c4\u03bf\u03c5. \u0397 \u03c6\u03b9\u03bb\u03bf\u03b4\u03bf\u03be\u03af\u03b1 \u03c4\u03bf\u03c5 \u03b5\u03af\u03bd\u03b1\u03b9 \u03bd\u03b1 \u03b3\u03af\u03bd\u03b5\u03b9 <strong>\u03bf \u03ba\u03b1\u03bb\u03cd\u03c4\u03b5\u03c1\u03bf\u03c2 \u03be\u03b9\u03c6\u03bf\u03bc\u03ac\u03c7\u03bf\u03c2<\/strong> \u03c3\u03c4\u03bf\u03bd \u03ba\u03cc\u03c3\u03bc\u03bf \u03ba\u03b1\u03b9 \u03ad\u03c7\u03b5\u03b9 \u03b5\u03c0\u03af\u03c3\u03b7\u03c2 \u03b4\u03b5\u03af\u03be\u03b5\u03b9 \u03c3\u03b9\u03b4\u03b5\u03c1\u03ad\u03bd\u03b9\u03b1 \u03b8\u03ad\u03bb\u03b7\u03c3\u03b7 \u03b3\u03b9\u03b1 \u03bd\u03b1 \u03c4\u03bf \u03c0\u03b5\u03c4\u03cd\u03c7\u03b5\u03b9.<\/p>\n<p>\u0395\u03af\u03bd\u03b1\u03b9 \u03ad\u03bd\u03b1\u03c2 \u03b4\u03b5\u03be\u03b9\u03bf\u03c4\u03ad\u03c7\u03bd\u03b7\u03c2 \u03be\u03b9\u03c6\u03bf\u03bc\u03ac\u03c7\u03bf\u03c2 \u03c0\u03bf\u03c5 \u03bc\u03c0\u03bf\u03c1\u03b5\u03af \u03bd\u03b1 \u03c7\u03c1\u03b7\u03c3\u03b9\u03bc\u03bf\u03c0\u03bf\u03b9\u03ae\u03c3\u03b5\u03b9 \u03b4\u03b9\u03ac\u03c6\u03bf\u03c1\u03b1 \u03c3\u03c4\u03c5\u03bb \u03bc\u03ac\u03c7\u03b7\u03c2, \u03c4\u03bf \u03c0\u03b9\u03bf \u03c7\u03b1\u03c1\u03b1\u03ba\u03c4\u03b7\u03c1\u03b9\u03c3\u03c4\u03b9\u03ba\u03cc \u03b1\u03c0\u03cc \u03c4\u03b1 \u03bf\u03c0\u03bf\u03af\u03b1 \u03b5\u03af\u03bd\u03b1\u03b9 \u03bf \u03b1\u03c1\u03b9\u03b8\u03bc\u03cc\u03c2 \u03c4\u03c9\u03bd \u03c3\u03c0\u03b1\u03b8\u03b9\u03ce\u03bd \u03c0\u03bf\u03c5 \u03c7\u03b5\u03b9\u03c1\u03af\u03b6\u03b5\u03c4\u03b1\u03b9. \u039f\u03b9 \u03b9\u03ba\u03b1\u03bd\u03cc\u03c4\u03b7\u03c4\u03ad\u03c2 \u03c4\u03bf\u03c5 \u03c3\u03c4\u03b7 \u03bc\u03ac\u03c7\u03b7 \u03b5\u03af\u03bd\u03b1\u03b9 \u03c4\u03ad\u03c4\u03bf\u03b9\u03b5\u03c2 \u03c0\u03bf\u03c5 \u03bc\u03b5\u03c1\u03b9\u03ba\u03ad\u03c2 \u03c6\u03bf\u03c1\u03ad\u03c2 \u03b4\u03af\u03bd\u03b5\u03b9 \u03c3\u03b5 \u03cc\u03c3\u03bf\u03c5\u03c2 \u03b2\u03c1\u03af\u03c3\u03ba\u03bf\u03bd\u03c4\u03b1\u03b9 \u03b5\u03ba\u03c4\u03cc\u03c2 \u03c0\u03bb\u03b7\u03c1\u03ce\u03bc\u03b1\u03c4\u03bf\u03c2 \u03c4\u03b7\u03bd \u03b5\u03bd\u03c4\u03cd\u03c0\u03c9\u03c3\u03b7 \u03cc\u03c4\u03b9 \u03b5\u03af\u03bd\u03b1\u03b9 \u03bf \u03c0\u03c1\u03b1\u03b3\u03bc\u03b1\u03c4\u03b9\u03ba\u03cc\u03c2 \u039a\u03b1\u03c0\u03b5\u03c4\u03ac\u03bd\u03b9\u03bf\u03c2. \u039c\u03ac\u03bb\u03b9\u03c3\u03c4\u03b1, \u03b1\u03bd \u03c3\u03b1\u03c2 \u03b1\u03c1\u03ad\u03c3\u03b5\u03b9 \u03b9\u03b4\u03b9\u03b1\u03af\u03c4\u03b5\u03c1\u03b1 \u03b1\u03c5\u03c4\u03cc\u03c2 \u03bf \u03c7\u03b1\u03c1\u03b1\u03ba\u03c4\u03ae\u03c1\u03b1\u03c2, \u03bf <a title=\"\u03a6\u0399\u0393\u039f\u03a5\u03a1\u0391 \u039f\u03a0\u039b\u0399\u03a3\u039c\u039f\u03a5 ONE PIECE ZORO HAKI\" href=\"https:\/\/boutique-one-piece.com\/el\/one-piece-%20zoro-haki-de-larmement\/\" target=\"_blank\" rel=\"noopener\">\u039f\u03c0\u03bb\u03b9\u03c3\u03c4\u03b9\u03ba\u03cc \u03b5\u03b9\u03b4\u03ce\u03bb\u03b9\u03bf Zoro Haki<\/a> \u03b5\u03af\u03bd\u03b1\u03b9 \u03b5\u03bd\u03c4\u03cc\u03c2 \u03c4\u03c9\u03bd \u03b4\u03c5\u03bd\u03b1\u03c4\u03bf\u03c4\u03ae\u03c4\u03c9\u03bd \u03c3\u03b1\u03c2.<\/p>\n<h3>\u03a3\u03b1\u03c2 \u03ad\u03c7\u03b5\u03b9 \u03b3\u03bf\u03b7\u03c4\u03b5\u03cd\u03c3\u03b5\u03b9, \u03bb\u03bf\u03b9\u03c0\u03cc\u03bd, \u03b1\u03c5\u03c4\u03ae \u03b7 \u03c6\u03b9\u03b3\u03bf\u03cd\u03c1\u03b1 \u03b5\u03bd\u03cc\u03c2 \u03b4\u03b9\u03ac\u03c3\u03b7\u03bc\u03bf\u03c5 \u03be\u03b9\u03c6\u03bf\u03bc\u03ac\u03c7\u03bf\u03c5; \u0391\u03bd \u03bd\u03b1\u03b9, \u03bc\u03b7\u03bd \u03b4\u03b9\u03c3\u03c4\u03ac\u03c3\u03b5\u03c4\u03b5 \u03ac\u03bb\u03bb\u03bf \u03ba\u03b1\u03b9 \u03c0\u03bf\u03bb\u03b5\u03bc\u03ae\u03c3\u03c4\u03b5 \u03c3\u03c4\u03bf \u03c0\u03bb\u03b5\u03c5\u03c1\u03cc \u03c4\u03bf\u03c5. \u03a3\u03b1\u03c2 \u03c0\u03b5\u03c1\u03b9\u03bc\u03ad\u03bd\u03bf\u03c5\u03bd \u03c0\u03bf\u03bb\u03bb\u03ad\u03c2 \u03c0\u03b5\u03c1\u03b9\u03c0\u03ad\u03c4\u03b5\u03b9\u03b5\u03c2.<\/h3>\n<p><strong>\u039c\u03bf\u03bd\u03bf\u03ba\u03cc\u03bc\u03bc\u03b1\u03c4\u03bf\u03c2<\/strong> \u03b5\u03af\u03bd\u03b1\u03b9 \u03c4\u03bf manga \u03bc\u03b5 \u03c4\u03b9\u03c2 \u03bc\u03b5\u03b3\u03b1\u03bb\u03cd\u03c4\u03b5\u03c1\u03b5\u03c2 \u03c0\u03c9\u03bb\u03ae\u03c3\u03b5\u03b9\u03c2 \u03c3\u03c4\u03bf\u03bd \u03ba\u03cc\u03c3\u03bc\u03bf. \u039d\u03b1 \u03b5\u03af\u03c3\u03c4\u03b5 \u03c0\u03b5\u03c1\u03ae\u03c6\u03b1\u03bd\u03bf\u03b9 \u03c0\u03bf\u03c5 \u03b5\u03af\u03c3\u03c4\u03b5 \u03bc\u03ad\u03c1\u03bf\u03c2 \u03c4\u03b7\u03c2 \u03c0\u03b5\u03c1\u03b9\u03c0\u03ad\u03c4\u03b5\u03b9\u03b1\u03c2 \u03ba\u03b1\u03b9 \u03c3\u03c5\u03bd\u03b5\u03c7\u03af\u03c3\u03c4\u03b5 \u03bd\u03b1 \u03b5\u03ba\u03c6\u03c1\u03ac\u03b6\u03b5\u03c4\u03b5 \u03c4\u03bf \u03c0\u03ac\u03b8\u03bf\u03c2 \u03c3\u03b1\u03c2 \u03b3\u03b9\u03b1 \u03b1\u03c5\u03c4\u03cc \u03c4\u03bf \u03c3\u03cd\u03bc\u03c0\u03b1\u03bd. \u0391\u03c5\u03c4\u03ac \u03c4\u03b1 \u03b1\u03bd\u03c4\u03b9\u03ba\u03b5\u03af\u03bc\u03b5\u03bd\u03b1 \u03b5\u03af\u03bd\u03b1\u03b9 \u03b9\u03b4\u03b1\u03bd\u03b9\u03ba\u03ac \u03b3\u03b9\u03b1 \u03b4\u03ce\u03c1\u03b1, \u03c3\u03c5\u03bb\u03bb\u03bf\u03b3\u03ad\u03c2 \u03ae \u03b4\u03b9\u03b1\u03ba\u03cc\u03c3\u03bc\u03b7\u03c3\u03b7. \u039c\u03b7\u03bd \u03c0\u03b5\u03c1\u03b9\u03bc\u03ad\u03bd\u03b5\u03c4\u03b5 \u03ac\u03bb\u03bb\u03bf!<strong> \u03bd\u03b5\u03b1\u03c1\u03cc\u03c2 \u03c0\u03b5\u03b9\u03c1\u03b1\u03c4\u03ae\u03c2<\/strong>, \u03a0\u03ac\u03c1\u03b5 \u03c4\u03b7 \u03bc\u03bf\u03af\u03c1\u03b1 \u03c3\u03bf\u03c5 \u03c3\u03c4\u03b1 \u03c7\u03ad\u03c1\u03b9\u03b1 \u03c3\u03bf\u03c5 \u03ba\u03b1\u03b9 \u03b5\u03c0\u03b9\u03b2\u03b9\u03b2\u03ac\u03c3\u03bf\u03c5 \u03c3\u03c4\u03bf Thousand Sunny.<\/p>\n<h2>\u03a0\u03bb\u03b7\u03c1\u03bf\u03c6\u03bf\u03c1\u03af\u03b5\u03c2 \u03b3\u03b9\u03b1 \u03c4\u03b7 \u03c6\u03b9\u03b3\u03bf\u03cd\u03c1\u03b1 Zoro Roronoa \u03bc\u03b5 \u03c4\u03c1\u03af\u03b1 \u03c3\u03c0\u03b1\u03b8\u03b9\u03ac\u00a0<\/h2>\n<ul>\n<li><span><b><u>\u039f\u03bb\u03cc\u03c3\u03c9\u03bc\u03bf \u03b5\u03b9\u03b4\u03ce\u03bb\u03b9\u03bf<\/u><\/b>\u00a0\u03a6\u03b9\u03b3\u03bf\u03cd\u03c1\u03b1 One Piece Premium \u03b3\u03b9\u03b1 \u03b1\u03bb\u03b7\u03b8\u03b9\u03bd\u03bf\u03cd\u03c2 \u03c0\u03b5\u03b9\u03c1\u03b1\u03c4\u03ad\u03c2<\/span><\/li>\n<\/ul>\n<ul>\n<li>\n<b>\u03a5\u03bb\u03b7<\/b><span>\u00a0<\/span>PVC<\/li>\n<\/ul>\n<ul>\n<li><span><strong>\u0394\u03b9\u03ac\u03c3\u03c4\u03b1\u03c3\u03b7<\/strong>\u00a0: 20 \u03b5\u03ba.<\/span><\/li>\n<\/ul>\n<ul>\n<li><span><strong>\u0394\u03a9\u03a1\u0395\u0391\u039d \u03a0\u0391\u03a1\u0391\u0394\u039f\u03a3\u0397<\/strong><\/span><\/li>\n<\/ul>","protected":false},"excerpt":{"rendered":"<p>Jeune pirate, le moment est venu pour toi d&rsquo;acqu\u00e9rir cette Figurine One Piece Zoro Roronoa Technique \u00e0 3 Sabres. Voici ce que tu dois savoir \u00e0 son sujet ; Roronoa Zoro fut le premier membre \u00e0 rejoindre l&rsquo;\u00c9quipage du Chapeau de Paille. Il en est d&rsquo;ailleurs le premier et principal \u00e9p\u00e9iste. Son ambition est de [&hellip;]<\/p>","protected":false},"featured_media":8320,"comment_status":"open","ping_status":"open","template":"","meta":[],"product_brand":[],"product_cat":[76,162,151],"product_tag":[113],"class_list":{"0":"post-8318","1":"product","2":"type-product","3":"status-publish","4":"has-post-thumbnail","6":"product_cat-figurines-one-piece","7":"product_cat-figurines-roronoa-zoro","8":"product_cat-goodies-roronoa-zoro-one-piece","9":"product_tag-zoro","11":"first","12":"instock","13":"purchasable","14":"product-type-simple"},"yoast_head":"<!-- This site is optimized with the Yoast SEO plugin v27.5 - https:\/\/yoast.com\/product\/yoast-seo-wordpress\/ -->\n<title>Figurine One Piece Zoro Roronoa Technique \u00e0 3 Sabres | Figurine One Piece \u2013 Boutique One Piece<\/title>\n<meta name=\"description\" content=\"Jeune pirate, le moment est venu pour toi d&#039;acqu\u00e9rir cette Figurine One Piece Zoro Roronoa Technique \u00e0 3 Sabres. Voici ce que tu dois savoir \u00e0 son sujet ; Roronoa Zoro fut le premier membre \u00e0 rejoindre l&#039;\u00c9quipage du Chapeau de Paille. Il en est d&#039;ailleurs le premier et principal \u00e9p\u00e9iste. Son ambition est de devenir le\" \/>\n<meta name=\"robots\" content=\"index, follow, max-snippet:-1, max-image-preview:large, max-video-preview:-1\" \/>\n<link rel=\"canonical\" href=\"https:\/\/boutique-one-piece.com\/el\/\u03c6\u03b9\u03b3\u03bf\u03cd\u03c1\u03b5\u03c2-one-piece\/\u03b5\u03b9\u03b4\u03ce\u03bb\u03b9\u03b1-roronoa-zoro\/\u03bf\u03bb\u03bf\u03ba\u03cc\u03bc\u03bc\u03b1\u03c4\u03bf-\u03b5\u03b9\u03b4\u03ce\u03bb\u03b9\u03bf-\u03c4\u03b5\u03c7\u03bd\u03b9\u03ba\u03ae\u03c2-zoro-roronoa-\u03bc\u03b5-3-\u03c3\u03c0\u03b1\/\" \/>\n<meta property=\"og:locale\" content=\"el_GR\" \/>\n<meta property=\"og:type\" content=\"article\" \/>\n<meta property=\"og:title\" content=\"Figurine One Piece Zoro Roronoa Technique \u00e0 3 Sabres | Figurine One Piece \u2013 Boutique One Piece\" \/>\n<meta property=\"og:description\" content=\"Jeune pirate, le moment est venu pour toi d&#039;acqu\u00e9rir cette Figurine One Piece Zoro Roronoa Technique \u00e0 3 Sabres. Voici ce que tu dois savoir \u00e0 son sujet ; Roronoa Zoro fut le premier membre \u00e0 rejoindre l&#039;\u00c9quipage du Chapeau de Paille. Il en est d&#039;ailleurs le premier et principal \u00e9p\u00e9iste. Son ambition est de devenir le\" \/>\n<meta property=\"og:url\" content=\"https:\/\/boutique-one-piece.com\/el\/\u03c6\u03b9\u03b3\u03bf\u03cd\u03c1\u03b5\u03c2-one-piece\/\u03b5\u03b9\u03b4\u03ce\u03bb\u03b9\u03b1-roronoa-zoro\/\u03bf\u03bb\u03bf\u03ba\u03cc\u03bc\u03bc\u03b1\u03c4\u03bf-\u03b5\u03b9\u03b4\u03ce\u03bb\u03b9\u03bf-\u03c4\u03b5\u03c7\u03bd\u03b9\u03ba\u03ae\u03c2-zoro-roronoa-\u03bc\u03b5-3-\u03c3\u03c0\u03b1\/\" \/>\n<meta property=\"og:site_name\" content=\"Boutique One Piece\" \/>\n<meta property=\"article:modified_time\" content=\"2024-09-16T11:16:13+00:00\" \/>\n<meta property=\"og:image\" content=\"https:\/\/boutique-one-piece.com\/wp-content\/uploads\/2022\/09\/Figurine-One-Piece-Zoro-Roronoa-Technique-a-3-Sabres-1.jpg\" \/>\n\t<meta property=\"og:image:width\" content=\"960\" \/>\n\t<meta property=\"og:image:height\" content=\"960\" \/>\n\t<meta property=\"og:image:type\" content=\"image\/jpeg\" \/>\n<meta name=\"twitter:card\" content=\"summary_large_image\" \/>\n<meta name=\"twitter:label1\" content=\"\u0395\u03ba\u03c4\u03b9\u03bc\u03ce\u03bc\u03b5\u03bd\u03bf\u03c2 \u03c7\u03c1\u03cc\u03bd\u03bf\u03c2 \u03b1\u03bd\u03ac\u03b3\u03bd\u03c9\u03c3\u03b7\u03c2\" \/>\n\t<meta name=\"twitter:data1\" content=\"1 \u03bb\u03b5\u03c0\u03c4\u03cc\" \/>\n<script type=\"application\/ld+json\" class=\"yoast-schema-graph\">{\"@context\":\"https:\\\/\\\/schema.org\",\"@graph\":[{\"@type\":\"WebPage\",\"@id\":\"https:\\\/\\\/boutique-one-piece.com\\\/figurines-one-piece\\\/figurines-roronoa-zoro\\\/figurine-one-piece-zoro-roronoa-technique-a-3-sabres\\\/\",\"url\":\"https:\\\/\\\/boutique-one-piece.com\\\/figurines-one-piece\\\/figurines-roronoa-zoro\\\/figurine-one-piece-zoro-roronoa-technique-a-3-sabres\\\/\",\"name\":\"Figurine One Piece Zoro Roronoa Technique \u00e0 3 Sabres | Figurine One Piece \u2013 Boutique One Piece\",\"isPartOf\":{\"@id\":\"https:\\\/\\\/boutique-one-piece.com\\\/#website\"},\"primaryImageOfPage\":{\"@id\":\"https:\\\/\\\/boutique-one-piece.com\\\/figurines-one-piece\\\/figurines-roronoa-zoro\\\/figurine-one-piece-zoro-roronoa-technique-a-3-sabres\\\/#primaryimage\"},\"image\":{\"@id\":\"https:\\\/\\\/boutique-one-piece.com\\\/figurines-one-piece\\\/figurines-roronoa-zoro\\\/figurine-one-piece-zoro-roronoa-technique-a-3-sabres\\\/#primaryimage\"},\"thumbnailUrl\":\"https:\\\/\\\/boutique-one-piece.com\\\/wp-content\\\/uploads\\\/2022\\\/09\\\/Figurine-One-Piece-Zoro-Roronoa-Technique-a-3-Sabres-1.jpg\",\"datePublished\":\"2022-09-27T18:54:00+00:00\",\"dateModified\":\"2024-09-16T11:16:13+00:00\",\"description\":\"Jeune pirate, le moment est venu pour toi d'acqu\u00e9rir cette Figurine One Piece Zoro Roronoa Technique \u00e0 3 Sabres. Voici ce que tu dois savoir \u00e0 son sujet ; Roronoa Zoro fut le premier membre \u00e0 rejoindre l'\u00c9quipage du Chapeau de Paille. Il en est d'ailleurs le premier et principal \u00e9p\u00e9iste. Son ambition est de devenir le\",\"breadcrumb\":{\"@id\":\"https:\\\/\\\/boutique-one-piece.com\\\/figurines-one-piece\\\/figurines-roronoa-zoro\\\/figurine-one-piece-zoro-roronoa-technique-a-3-sabres\\\/#breadcrumb\"},\"inLanguage\":\"el\",\"potentialAction\":[{\"@type\":\"ReadAction\",\"target\":[\"https:\\\/\\\/boutique-one-piece.com\\\/figurines-one-piece\\\/figurines-roronoa-zoro\\\/figurine-one-piece-zoro-roronoa-technique-a-3-sabres\\\/\"]}]},{\"@type\":\"ImageObject\",\"inLanguage\":\"el\",\"@id\":\"https:\\\/\\\/boutique-one-piece.com\\\/figurines-one-piece\\\/figurines-roronoa-zoro\\\/figurine-one-piece-zoro-roronoa-technique-a-3-sabres\\\/#primaryimage\",\"url\":\"https:\\\/\\\/boutique-one-piece.com\\\/wp-content\\\/uploads\\\/2022\\\/09\\\/Figurine-One-Piece-Zoro-Roronoa-Technique-a-3-Sabres-1.jpg\",\"contentUrl\":\"https:\\\/\\\/boutique-one-piece.com\\\/wp-content\\\/uploads\\\/2022\\\/09\\\/Figurine-One-Piece-Zoro-Roronoa-Technique-a-3-Sabres-1.jpg\",\"width\":960,\"height\":960},{\"@type\":\"BreadcrumbList\",\"@id\":\"https:\\\/\\\/boutique-one-piece.com\\\/figurines-one-piece\\\/figurines-roronoa-zoro\\\/figurine-one-piece-zoro-roronoa-technique-a-3-sabres\\\/#breadcrumb\",\"itemListElement\":[{\"@type\":\"ListItem\",\"position\":1,\"name\":\"Home\",\"item\":\"https:\\\/\\\/boutique-one-piece.com\\\/\"},{\"@type\":\"ListItem\",\"position\":2,\"name\":\"Shop\",\"item\":\"https:\\\/\\\/boutique-one-piece.com\\\/shop\\\/\"},{\"@type\":\"ListItem\",\"position\":3,\"name\":\"Figurine One Piece Zoro Roronoa Technique \u00e0 3 Sabres\"}]},{\"@type\":\"WebSite\",\"@id\":\"https:\\\/\\\/boutique-one-piece.com\\\/#website\",\"url\":\"https:\\\/\\\/boutique-one-piece.com\\\/\",\"name\":\"Boutique One Piece\",\"description\":\"Magasin Sp\u00e9cialis\u00e9 du Manga et l&#039;Anime One Piece\",\"publisher\":{\"@id\":\"https:\\\/\\\/boutique-one-piece.com\\\/#organization\"},\"potentialAction\":[{\"@type\":\"SearchAction\",\"target\":{\"@type\":\"EntryPoint\",\"urlTemplate\":\"https:\\\/\\\/boutique-one-piece.com\\\/?s={search_term_string}\"},\"query-input\":{\"@type\":\"PropertyValueSpecification\",\"valueRequired\":true,\"valueName\":\"search_term_string\"}}],\"inLanguage\":\"el\"},{\"@type\":\"Organization\",\"@id\":\"https:\\\/\\\/boutique-one-piece.com\\\/#organization\",\"name\":\"Boutique One Piece\",\"url\":\"https:\\\/\\\/boutique-one-piece.com\\\/\",\"logo\":{\"@type\":\"ImageObject\",\"inLanguage\":\"el\",\"@id\":\"https:\\\/\\\/boutique-one-piece.com\\\/#\\\/schema\\\/logo\\\/image\\\/\",\"url\":\"https:\\\/\\\/boutique-one-piece.com\\\/wp-content\\\/uploads\\\/2022\\\/09\\\/Logo-01.png\",\"contentUrl\":\"https:\\\/\\\/boutique-one-piece.com\\\/wp-content\\\/uploads\\\/2022\\\/09\\\/Logo-01.png\",\"width\":2318,\"height\":957,\"caption\":\"Boutique One Piece\"},\"image\":{\"@id\":\"https:\\\/\\\/boutique-one-piece.com\\\/#\\\/schema\\\/logo\\\/image\\\/\"}}]}<\/script>\n<!-- \/ Yoast SEO plugin. -->","yoast_head_json":{"title":"\u03a6\u03b9\u03b3\u03bf\u03cd\u03c1\u03b1 One Piece Zoro Roronoa \u03bc\u03b5 3 \u03a3\u03c0\u03b1\u03b8\u03b9\u03ac | \u03a6\u03b9\u03b3\u03bf\u03cd\u03c1\u03b1 One Piece \u2013 One Piece Shop","description":"\u039d\u03b5\u03b1\u03c1\u03ad \u03c0\u03b5\u03b9\u03c1\u03b1\u03c4\u03ae, \u03ae\u03c1\u03b8\u03b5 \u03b7 \u03ce\u03c1\u03b1 \u03bd\u03b1 \u03b1\u03c0\u03bf\u03ba\u03c4\u03ae\u03c3\u03b5\u03b9\u03c2 \u03b1\u03c5\u03c4\u03ae \u03c4\u03b7\u03bd One Piece \u03a6\u03b9\u03b3\u03bf\u03cd\u03c1\u03b1 \u03a4\u03b5\u03c7\u03bd\u03b9\u03ba\u03ae\u03c2 \u03a4\u03c1\u03b9\u03ce\u03bd \u03a3\u03c0\u03b1\u03b8\u03b9\u03ce\u03bd \u03c4\u03bf\u03c5 \u0396\u03cc\u03c1\u03bf \u03a1\u03bf\u03c1\u03bf\u03bd\u03cc\u03b1. \u039d\u03b1 \u03c4\u03b9 \u03c0\u03c1\u03ad\u03c0\u03b5\u03b9 \u03bd\u03b1 \u03be\u03ad\u03c1\u03b5\u03b9\u03c2 \u03b3\u03b9&#039; \u03b1\u03c5\u03c4\u03cc\u03bd: \u039f \u03a1\u03bf\u03c1\u03bf\u03bd\u03cc\u03b1 \u0396\u03cc\u03c1\u03bf \u03ae\u03c4\u03b1\u03bd \u03c4\u03bf \u03c0\u03c1\u03ce\u03c4\u03bf \u03bc\u03ad\u03bb\u03bf\u03c2 \u03c0\u03bf\u03c5 \u03b5\u03bd\u03c4\u03ac\u03c7\u03b8\u03b7\u03ba\u03b5 \u03c3\u03c4\u03b7\u03bd \u03bf\u03bc\u03ac\u03b4\u03b1 Straw Hat. \u0395\u03af\u03bd\u03b1\u03b9 \u03b5\u03c0\u03af\u03c3\u03b7\u03c2 \u03bf \u03c0\u03c1\u03ce\u03c4\u03bf\u03c2 \u03ba\u03b1\u03b9 \u03ba\u03cd\u03c1\u03b9\u03bf\u03c2 \u03be\u03b9\u03c6\u03bf\u03bc\u03ac\u03c7\u03bf\u03c2 \u03c4\u03b7\u03c2. \u0397 \u03c6\u03b9\u03bb\u03bf\u03b4\u03bf\u03be\u03af\u03b1 \u03c4\u03bf\u03c5 \u03b5\u03af\u03bd\u03b1\u03b9 \u03bd\u03b1 \u03b3\u03af\u03bd\u03b5\u03b9 \u03bf","robots":{"index":"index","follow":"follow","max-snippet":"max-snippet:-1","max-image-preview":"max-image-preview:large","max-video-preview":"max-video-preview:-1"},"canonical":"https:\/\/boutique-one-piece.com\/el\/\u03c6\u03b9\u03b3\u03bf\u03cd\u03c1\u03b5\u03c2-one-piece\/\u03b5\u03b9\u03b4\u03ce\u03bb\u03b9\u03b1-roronoa-zoro\/\u03bf\u03bb\u03bf\u03ba\u03cc\u03bc\u03bc\u03b1\u03c4\u03bf-\u03b5\u03b9\u03b4\u03ce\u03bb\u03b9\u03bf-\u03c4\u03b5\u03c7\u03bd\u03b9\u03ba\u03ae\u03c2-zoro-roronoa-\u03bc\u03b5-3-\u03c3\u03c0\u03b1\/","og_locale":"el_GR","og_type":"article","og_title":"Figurine One Piece Zoro Roronoa Technique \u00e0 3 Sabres | Figurine One Piece \u2013 Boutique One Piece","og_description":"Jeune pirate, le moment est venu pour toi d'acqu\u00e9rir cette Figurine One Piece Zoro Roronoa Technique \u00e0 3 Sabres. Voici ce que tu dois savoir \u00e0 son sujet ; Roronoa Zoro fut le premier membre \u00e0 rejoindre l'\u00c9quipage du Chapeau de Paille. Il en est d'ailleurs le premier et principal \u00e9p\u00e9iste. Son ambition est de devenir le","og_url":"https:\/\/boutique-one-piece.com\/el\/\u03c6\u03b9\u03b3\u03bf\u03cd\u03c1\u03b5\u03c2-one-piece\/\u03b5\u03b9\u03b4\u03ce\u03bb\u03b9\u03b1-roronoa-zoro\/\u03bf\u03bb\u03bf\u03ba\u03cc\u03bc\u03bc\u03b1\u03c4\u03bf-\u03b5\u03b9\u03b4\u03ce\u03bb\u03b9\u03bf-\u03c4\u03b5\u03c7\u03bd\u03b9\u03ba\u03ae\u03c2-zoro-roronoa-\u03bc\u03b5-3-\u03c3\u03c0\u03b1\/","og_site_name":"Boutique One Piece","article_modified_time":"2024-09-16T11:16:13+00:00","og_image":[{"width":960,"height":960,"url":"https:\/\/boutique-one-piece.com\/wp-content\/uploads\/2022\/09\/Figurine-One-Piece-Zoro-Roronoa-Technique-a-3-Sabres-1.jpg","type":"image\/jpeg"}],"twitter_card":"summary_large_image","twitter_misc":{"\u0395\u03ba\u03c4\u03b9\u03bc\u03ce\u03bc\u03b5\u03bd\u03bf\u03c2 \u03c7\u03c1\u03cc\u03bd\u03bf\u03c2 \u03b1\u03bd\u03ac\u03b3\u03bd\u03c9\u03c3\u03b7\u03c2":"1 \u03bb\u03b5\u03c0\u03c4\u03cc"},"schema":{"@context":"https:\/\/schema.org","@graph":[{"@type":"WebPage","@id":"https:\/\/boutique-one-piece.com\/figurines-one-piece\/figurines-roronoa-zoro\/figurine-one-piece-zoro-roronoa-technique-a-3-sabres\/","url":"https:\/\/boutique-one-piece.com\/figurines-one-piece\/figurines-roronoa-zoro\/figurine-one-piece-zoro-roronoa-technique-a-3-sabres\/","name":"\u03a6\u03b9\u03b3\u03bf\u03cd\u03c1\u03b1 One Piece Zoro Roronoa \u03bc\u03b5 3 \u03a3\u03c0\u03b1\u03b8\u03b9\u03ac | \u03a6\u03b9\u03b3\u03bf\u03cd\u03c1\u03b1 One Piece \u2013 One Piece Shop","isPartOf":{"@id":"https:\/\/boutique-one-piece.com\/#website"},"primaryImageOfPage":{"@id":"https:\/\/boutique-one-piece.com\/figurines-one-piece\/figurines-roronoa-zoro\/figurine-one-piece-zoro-roronoa-technique-a-3-sabres\/#primaryimage"},"image":{"@id":"https:\/\/boutique-one-piece.com\/figurines-one-piece\/figurines-roronoa-zoro\/figurine-one-piece-zoro-roronoa-technique-a-3-sabres\/#primaryimage"},"thumbnailUrl":"https:\/\/boutique-one-piece.com\/wp-content\/uploads\/2022\/09\/Figurine-One-Piece-Zoro-Roronoa-Technique-a-3-Sabres-1.jpg","datePublished":"2022-09-27T18:54:00+00:00","dateModified":"2024-09-16T11:16:13+00:00","description":"\u039d\u03b5\u03b1\u03c1\u03ad \u03c0\u03b5\u03b9\u03c1\u03b1\u03c4\u03ae, \u03ae\u03c1\u03b8\u03b5 \u03b7 \u03ce\u03c1\u03b1 \u03bd\u03b1 \u03b1\u03c0\u03bf\u03ba\u03c4\u03ae\u03c3\u03b5\u03b9\u03c2 \u03b1\u03c5\u03c4\u03ae \u03c4\u03b7\u03bd One Piece \u03a6\u03b9\u03b3\u03bf\u03cd\u03c1\u03b1 \u03a4\u03b5\u03c7\u03bd\u03b9\u03ba\u03ae\u03c2 \u03a4\u03c1\u03b9\u03ce\u03bd \u03a3\u03c0\u03b1\u03b8\u03b9\u03ce\u03bd \u03c4\u03bf\u03c5 \u0396\u03cc\u03c1\u03bf \u03a1\u03bf\u03c1\u03bf\u03bd\u03cc\u03b1. \u039d\u03b1 \u03c4\u03b9 \u03c0\u03c1\u03ad\u03c0\u03b5\u03b9 \u03bd\u03b1 \u03be\u03ad\u03c1\u03b5\u03b9\u03c2 \u03b3\u03b9&#039; \u03b1\u03c5\u03c4\u03cc\u03bd: \u039f \u03a1\u03bf\u03c1\u03bf\u03bd\u03cc\u03b1 \u0396\u03cc\u03c1\u03bf \u03ae\u03c4\u03b1\u03bd \u03c4\u03bf \u03c0\u03c1\u03ce\u03c4\u03bf \u03bc\u03ad\u03bb\u03bf\u03c2 \u03c0\u03bf\u03c5 \u03b5\u03bd\u03c4\u03ac\u03c7\u03b8\u03b7\u03ba\u03b5 \u03c3\u03c4\u03b7\u03bd \u03bf\u03bc\u03ac\u03b4\u03b1 Straw Hat. \u0395\u03af\u03bd\u03b1\u03b9 \u03b5\u03c0\u03af\u03c3\u03b7\u03c2 \u03bf \u03c0\u03c1\u03ce\u03c4\u03bf\u03c2 \u03ba\u03b1\u03b9 \u03ba\u03cd\u03c1\u03b9\u03bf\u03c2 \u03be\u03b9\u03c6\u03bf\u03bc\u03ac\u03c7\u03bf\u03c2 \u03c4\u03b7\u03c2. \u0397 \u03c6\u03b9\u03bb\u03bf\u03b4\u03bf\u03be\u03af\u03b1 \u03c4\u03bf\u03c5 \u03b5\u03af\u03bd\u03b1\u03b9 \u03bd\u03b1 \u03b3\u03af\u03bd\u03b5\u03b9 \u03bf","breadcrumb":{"@id":"https:\/\/boutique-one-piece.com\/figurines-one-piece\/figurines-roronoa-zoro\/figurine-one-piece-zoro-roronoa-technique-a-3-sabres\/#breadcrumb"},"inLanguage":"el","potentialAction":[{"@type":"ReadAction","target":["https:\/\/boutique-one-piece.com\/figurines-one-piece\/figurines-roronoa-zoro\/figurine-one-piece-zoro-roronoa-technique-a-3-sabres\/"]}]},{"@type":"ImageObject","inLanguage":"el","@id":"https:\/\/boutique-one-piece.com\/figurines-one-piece\/figurines-roronoa-zoro\/figurine-one-piece-zoro-roronoa-technique-a-3-sabres\/#primaryimage","url":"https:\/\/boutique-one-piece.com\/wp-content\/uploads\/2022\/09\/Figurine-One-Piece-Zoro-Roronoa-Technique-a-3-Sabres-1.jpg","contentUrl":"https:\/\/boutique-one-piece.com\/wp-content\/uploads\/2022\/09\/Figurine-One-Piece-Zoro-Roronoa-Technique-a-3-Sabres-1.jpg","width":960,"height":960},{"@type":"BreadcrumbList","@id":"https:\/\/boutique-one-piece.com\/figurines-one-piece\/figurines-roronoa-zoro\/figurine-one-piece-zoro-roronoa-technique-a-3-sabres\/#breadcrumb","itemListElement":[{"@type":"ListItem","position":1,"name":"Home","item":"https:\/\/boutique-one-piece.com\/"},{"@type":"ListItem","position":2,"name":"Shop","item":"https:\/\/boutique-one-piece.com\/shop\/"},{"@type":"ListItem","position":3,"name":"Figurine One Piece Zoro Roronoa Technique \u00e0 3 Sabres"}]},{"@type":"WebSite","@id":"https:\/\/boutique-one-piece.com\/#website","url":"https:\/\/boutique-one-piece.com\/","name":"\u039a\u03b1\u03c4\u03ac\u03c3\u03c4\u03b7\u03bc\u03b1 One Piece","description":"\u0395\u03be\u03b5\u03b9\u03b4\u03b9\u03ba\u03b5\u03c5\u03bc\u03ad\u03bd\u03bf \u03ba\u03b1\u03c4\u03ac\u03c3\u03c4\u03b7\u03bc\u03b1 \u03b3\u03b9\u03b1 One Piece Manga \u03ba\u03b1\u03b9 Anime","publisher":{"@id":"https:\/\/boutique-one-piece.com\/#organization"},"potentialAction":[{"@type":"SearchAction","target":{"@type":"EntryPoint","urlTemplate":"https:\/\/boutique-one-piece.com\/?s={search_term_string}"},"query-input":{"@type":"PropertyValueSpecification","valueRequired":true,"valueName":"search_term_string"}}],"inLanguage":"el"},{"@type":"Organization","@id":"https:\/\/boutique-one-piece.com\/#organization","name":"\u039a\u03b1\u03c4\u03ac\u03c3\u03c4\u03b7\u03bc\u03b1 One Piece","url":"https:\/\/boutique-one-piece.com\/","logo":{"@type":"ImageObject","inLanguage":"el","@id":"https:\/\/boutique-one-piece.com\/#\/schema\/logo\/image\/","url":"https:\/\/boutique-one-piece.com\/wp-content\/uploads\/2022\/09\/Logo-01.png","contentUrl":"https:\/\/boutique-one-piece.com\/wp-content\/uploads\/2022\/09\/Logo-01.png","width":2318,"height":957,"caption":"Boutique One Piece"},"image":{"@id":"https:\/\/boutique-one-piece.com\/#\/schema\/logo\/image\/"}}]}},"_links":{"self":[{"href":"https:\/\/boutique-one-piece.com\/el\/wp-json\/wp\/v2\/product\/8318","targetHints":{"allow":["GET"]}}],"collection":[{"href":"https:\/\/boutique-one-piece.com\/el\/wp-json\/wp\/v2\/product"}],"about":[{"href":"https:\/\/boutique-one-piece.com\/el\/wp-json\/wp\/v2\/types\/product"}],"replies":[{"embeddable":true,"href":"https:\/\/boutique-one-piece.com\/el\/wp-json\/wp\/v2\/comments?post=8318"}],"wp:featuredmedia":[{"embeddable":true,"href":"https:\/\/boutique-one-piece.com\/el\/wp-json\/wp\/v2\/media\/8320"}],"wp:attachment":[{"href":"https:\/\/boutique-one-piece.com\/el\/wp-json\/wp\/v2\/media?parent=8318"}],"wp:term":[{"taxonomy":"product_brand","embeddable":true,"href":"https:\/\/boutique-one-piece.com\/el\/wp-json\/wp\/v2\/product_brand?post=8318"},{"taxonomy":"product_cat","embeddable":true,"href":"https:\/\/boutique-one-piece.com\/el\/wp-json\/wp\/v2\/product_cat?post=8318"},{"taxonomy":"product_tag","embeddable":true,"href":"https:\/\/boutique-one-piece.com\/el\/wp-json\/wp\/v2\/product_tag?post=8318"}],"curies":[{"name":"\u03b5\u03c1\u03b3\u03b1\u03c3\u03af\u03b1","href":"https:\/\/api.w.org\/{rel}","templated":true}]}}