{"id":8359,"date":"2022-09-27T18:54:22","date_gmt":"2022-09-27T18:54:22","guid":{"rendered":"https:\/\/boutique-one-piece.com\/uncategorized\/figurine-one-piece-sexy-cowboy-nami\/"},"modified":"2024-09-16T11:17:13","modified_gmt":"2024-09-16T11:17:13","slug":"%ce%bf%ce%bb%cf%8c%cf%83%cf%89%ce%bc%ce%b7-%cf%86%ce%b9%ce%b3%ce%bf%cf%8d%cf%81%ce%b1-%cf%83%ce%ad%ce%be%ce%b9-%ce%ba%ce%b1%ce%bf%cf%85%ce%bc%cf%80%cf%8c%ce%b9-nami","status":"publish","type":"product","link":"https:\/\/boutique-one-piece.com\/el\/%ce%ba%ce%b1%ce%bb%ce%bf%cf%8d%ce%b4%ce%b9%ce%b1-one-piece\/%ce%ba%ce%b1%ce%bb%ce%bf%cf%8d%ce%b4%ce%b9%ce%b1-one-piece-%cf%84%ce%b7%cf%82-nami\/%ce%bf%ce%bb%cf%8c%cf%83%cf%89%ce%bc%ce%b7-%cf%86%ce%b9%ce%b3%ce%bf%cf%8d%cf%81%ce%b1-%cf%83%ce%ad%ce%be%ce%b9-%ce%ba%ce%b1%ce%bf%cf%85%ce%bc%cf%80%cf%8c%ce%b9-nami\/","title":{"rendered":"\u03a3\u03ad\u03be\u03b9 \u039f\u03bb\u03cc\u03c3\u03c9\u03bc\u03b7 \u03a6\u03b9\u03b3\u03bf\u03cd\u03c1\u03b1 \u039a\u03ac\u03bf\u03c5\u03bc\u03c0\u03bf\u03ca \u039d\u03ac\u03bc\u03b9"},"content":{"rendered":"<h2>\u039d\u03b5\u03b1\u03c1\u03ad \u03c0\u03b5\u03b9\u03c1\u03b1\u03c4\u03ae, \u03ae\u03c1\u03b8\u03b5 \u03b7 \u03ce\u03c1\u03b1 \u03bd\u03b1 \u03b1\u03c0\u03bf\u03ba\u03c4\u03ae\u03c3\u03b5\u03b9\u03c2 \u03b1\u03c5\u03c4\u03cc \u03c4\u03bf \u03bf\u03bb\u03cc\u03c3\u03c9\u03bc\u03bf \u03c3\u03ad\u03be\u03b9 \u03ba\u03b1\u03bf\u03c5\u03bc\u03c0\u03cc\u03b9\u03ba\u03bf \u03c6\u03b9\u03b3\u03bf\u03cd\u03c1\u03b1 Nami.<\/h2>\n<p>\u0395\u03bb\u03ac\u03c4\u03b5 \u03bd\u03b1 \u03b3\u03bd\u03c9\u03c1\u03b9\u03c3\u03c4\u03bf\u03cd\u03bc\u03b5 <strong>Nami<\/strong>, \u03bd\u03c4\u03c5\u03bc\u03ad\u03bd\u03b7 \u03ba\u03b1\u03bf\u03c5\u03bc\u03c0\u03cc\u03b9. \u039d\u03b1 \u03c4\u03b9 \u03c0\u03c1\u03ad\u03c0\u03b5\u03b9 \u03bd\u03b1 \u03be\u03ad\u03c1\u03b5\u03c4\u03b5 \u03b3\u03b9&#039; \u03b1\u03c5\u03c4\u03ae\u03bd: \u03b7 \u039d\u03ac\u03bc\u03b9, \u03b3\u03bd\u03c9\u03c3\u03c4\u03ae \u03ba\u03b1\u03b9 \u03c9\u03c2 \u00ab\u0397 \u039a\u03bb\u03ad\u03c6\u03c4\u03c1\u03b1 \u0393\u03ac\u03c4\u03b1\u03c2\u00bb, \u03b5\u03af\u03bd\u03b1\u03b9 \u03b7<strong> \u03c0\u03bb\u03bf\u03b7\u03b3\u03cc\u03c2 \u03c4\u03bf\u03c5 The Crew<\/strong> \u03c4\u03bf\u03c5 \u03a8\u03ac\u03b8\u03b9\u03bd\u03bf\u03c5 \u039a\u03b1\u03c0\u03ad\u03bb\u03bf\u03c5. \u0395\u03af\u03bd\u03b1\u03b9 \u03c4\u03bf \u03b4\u03b5\u03cd\u03c4\u03b5\u03c1\u03bf \u03ac\u03c4\u03bf\u03bc\u03bf \u03c0\u03bf\u03c5 \u03b5\u03bd\u03c4\u03ac\u03c3\u03c3\u03b5\u03c4\u03b1\u03b9 \u03c3\u03c4\u03bf \u03c0\u03bb\u03ae\u03c1\u03c9\u03bc\u03b1 \u03bc\u03b5\u03c4\u03ac \u03c4\u03bf\u03bd \u0396\u03cc\u03c1\u03bf. \u00ab\u03a0\u03c1\u03cc\u03b4\u03c9\u03c3\u03b5\u00bb \u03b3\u03b9\u03b1 \u03bb\u03af\u03b3\u03bf \u03c4\u03bf \u03c0\u03bb\u03ae\u03c1\u03c9\u03bc\u03b1 \u03c4\u03bf\u03c5 \u03a8\u03ac\u03b8\u03b9\u03bd\u03bf\u03c5 \u039a\u03b1\u03c0\u03ad\u03bb\u03bf\u03c5 \u03ba\u03b1\u03c4\u03ac \u03c4\u03b7 \u03b4\u03b9\u03ac\u03c1\u03ba\u03b5\u03b9\u03b1 \u03c4\u03bf\u03c5 Baratie Arc \u03ba\u03b1\u03b9 \u03b5\u03bd\u03c4\u03ac\u03c7\u03b8\u03b7\u03ba\u03b5 \u03b5\u03c0\u03af\u03c3\u03b7\u03bc\u03b1 \u03c3\u03b5 \u03b1\u03c5\u03c4\u03bf\u03cd\u03c2 \u03c3\u03c4\u03bf \u03c4\u03ad\u03bb\u03bf\u03c2 \u03c4\u03bf\u03c5 Arlong Arc, \u03b1\u03c6\u03bf\u03cd \u03b1\u03c0\u03bf\u03ba\u03b1\u03bb\u03cd\u03c6\u03b8\u03b7\u03ba\u03b1\u03bd \u03c4\u03bf \u03c0\u03b1\u03c1\u03b5\u03bb\u03b8\u03cc\u03bd \u03ba\u03b1\u03b9 \u03bf\u03b9 \u03c0\u03c1\u03bf\u03b8\u03ad\u03c3\u03b5\u03b9\u03c2 \u03c4\u03b7\u03c2.<\/p>\n<p>\u03a4\u03bf \u03cc\u03bd\u03b5\u03b9\u03c1\u03cc \u03c4\u03bf\u03c5 \u03b5\u03af\u03bd\u03b1\u03b9 \u03bd\u03b1 \u03c3\u03c7\u03b5\u03b4\u03b9\u03ac\u03c3\u03b5\u03b9 \u03ad\u03bd\u03b1\u03bd \u03c0\u03bb\u03ae\u03c1\u03b7 \u03c7\u03ac\u03c1\u03c4\u03b7 \u03c4\u03bf\u03c5 \u03ba\u03cc\u03c3\u03bc\u03bf\u03c5. \u0397 \u03c4\u03c1\u03ad\u03c7\u03bf\u03c5\u03c3\u03b1 \u03b1\u03bc\u03bf\u03b9\u03b2\u03ae \u03c4\u03bf\u03c5 \u03b5\u03af\u03bd\u03b1\u03b9 66.000.000 \u039c\u03bf\u03cd\u03c1\u03b1. \u03a0\u03b1\u03c1\u03b5\u03bc\u03c0\u03b9\u03c0\u03c4\u03cc\u03bd\u03c4\u03c9\u03c2, \u03b1\u03bd \u03b8\u03ad\u03bb\u03b5\u03c4\u03b5 \u03bd\u03b1 \u03b5\u03c0\u03b5\u03ba\u03c4\u03b5\u03af\u03bd\u03b5\u03c4\u03b5 \u03c4\u03b7 \u03c3\u03c5\u03bb\u03bb\u03bf\u03b3\u03ae \u03c3\u03b1\u03c2 \u03b1\u03c0\u03cc \u03c6\u03b9\u03b3\u03bf\u03cd\u03c1\u03b5\u03c2, \u03c4\u03bf <a title=\"\u03a6\u0399\u0393\u039f\u03a5\u03a1\u0391 \u0395\u039d\u039f\u03a3 \u039a\u039f\u039c\u039c\u0391\u03a4\u0399\u039f\u03a5 LUFFY \u039a\u0391\u039f\u03a5\u039c\u03a0\u039f\u03aa\" href=\"https:\/\/boutique-one-piece.com\/el\/%ce%bc%ce%bf%ce%bd%ce%bf%ce%ba%cf%8c%ce%bc%ce%bc%ce%b1%cf%84%ce%bf-%ce%ba%ce%b1%ce%bf%cf%85%ce%bc%cf%80%cf%8c%ce%b9%ce%ba%ce%bf-%ce%b5%ce%b9%ce%b4%cf%8e%ce%bb%ce%b9%ce%bf-luffy\/\" target=\"_blank\" rel=\"noopener\">\u03a6\u03b9\u03b3\u03bf\u03cd\u03c1\u03b1 Luffy \u03bd\u03c4\u03c5\u03bc\u03ad\u03bd\u03b7 \u03c9\u03c2 \u03ba\u03b1\u03bf\u03c5\u03bc\u03c0\u03cc\u03b9<\/a> \u03b5\u03af\u03bd\u03b1\u03b9 \u03b5\u03bd\u03c4\u03cc\u03c2 \u03c4\u03c9\u03bd \u03b4\u03c5\u03bd\u03b1\u03c4\u03bf\u03c4\u03ae\u03c4\u03c9\u03bd \u03c3\u03b1\u03c2.<\/p>\n<h3>\u03a3\u03b1\u03c2 \u03ad\u03c7\u03b5\u03b9 \u03b3\u03bf\u03b7\u03c4\u03b5\u03cd\u03c3\u03b5\u03b9, \u03bb\u03bf\u03b9\u03c0\u03cc\u03bd, \u03b7 \u03c6\u03b9\u03b3\u03bf\u03cd\u03c1\u03b1 \u03c4\u03b7\u03c2 \u03c5\u03c0\u03ad\u03c1\u03bf\u03c7\u03b7\u03c2 \u039d\u03ac\u03bc\u03b9; \u0391\u03bd \u03bd\u03b1\u03b9, \u03bc\u03b7 \u03b4\u03b9\u03c3\u03c4\u03ac\u03c3\u03b5\u03c4\u03b5 \u03ba\u03b1\u03b9 \u03b1\u03b4\u03c1\u03ac\u03be\u03c4\u03b5 \u03c4\u03b7\u03bd \u03b5\u03c5\u03ba\u03b1\u03b9\u03c1\u03af\u03b1 \u03bd\u03b1 \u03b3\u03af\u03bd\u03b5\u03c4\u03b5 \u03bc\u03ad\u03bb\u03bf\u03c2 \u03c4\u03bf\u03c5 \u03c0\u03bb\u03b7\u03c1\u03ce\u03bc\u03b1\u03c4\u03bf\u03c2 \u03c4\u03bf\u03c5 &quot;Mugiwara no Luffy&quot;.<\/h3>\n<p><strong>\u039c\u03bf\u03bd\u03bf\u03ba\u03cc\u03bc\u03bc\u03b1\u03c4\u03bf\u03c2<\/strong> \u03b5\u03af\u03bd\u03b1\u03b9 \u03c4\u03bf manga \u03bc\u03b5 \u03c4\u03b9\u03c2 \u03bc\u03b5\u03b3\u03b1\u03bb\u03cd\u03c4\u03b5\u03c1\u03b5\u03c2 \u03c0\u03c9\u03bb\u03ae\u03c3\u03b5\u03b9\u03c2 \u03c3\u03c4\u03bf\u03bd \u03ba\u03cc\u03c3\u03bc\u03bf. \u039d\u03b1 \u03b5\u03af\u03c3\u03c4\u03b5 \u03c0\u03b5\u03c1\u03ae\u03c6\u03b1\u03bd\u03bf\u03b9 \u03c0\u03bf\u03c5 \u03c3\u03c5\u03bc\u03bc\u03b5\u03c4\u03ad\u03c7\u03b5\u03c4\u03b5 \u03c3\u03b5 \u03b1\u03c5\u03c4\u03ae\u03bd \u03c4\u03b7\u03bd \u03c0\u03b5\u03c1\u03b9\u03c0\u03ad\u03c4\u03b5\u03b9\u03b1 \u03ba\u03b1\u03b9 \u03c3\u03c5\u03bd\u03b5\u03c7\u03af\u03c3\u03c4\u03b5 \u03bd\u03b1 \u03b4\u03b5\u03af\u03c7\u03bd\u03b5\u03c4\u03b5 \u03c4\u03bf\u03bd \u03b5\u03bd\u03b8\u03bf\u03c5\u03c3\u03b9\u03b1\u03c3\u03bc\u03cc \u03c3\u03b1\u03c2 \u03b3\u03b9\u03b1 \u03b1\u03c5\u03c4\u03cc \u03c4\u03bf anime. \u0391\u03c5\u03c4\u03ac \u03c4\u03b1 \u03b1\u03bd\u03c4\u03b9\u03ba\u03b5\u03af\u03bc\u03b5\u03bd\u03b1 \u03b5\u03af\u03bd\u03b1\u03b9 \u03b9\u03b4\u03b1\u03bd\u03b9\u03ba\u03ac \u03b3\u03b9\u03b1 \u03b4\u03ce\u03c1\u03b1, \u03b4\u03b9\u03b1\u03ba\u03cc\u03c3\u03bc\u03b7\u03c3\u03b7 \u03ae \u03c3\u03c5\u03bb\u03bb\u03bf\u03b3\u03ae. \u03a4\u03b9 \u03c0\u03b5\u03c1\u03b9\u03bc\u03ad\u03bd\u03b5\u03c4\u03b5 \u03bb\u03bf\u03b9\u03c0\u03cc\u03bd; \u0391\u03b4\u03c1\u03ac\u03be\u03c4\u03b5 \u03c4\u03b7\u03bd \u03b5\u03c5\u03ba\u03b1\u03b9\u03c1\u03af\u03b1 \u03bd\u03b1 \u03b3\u03af\u03bd\u03b5\u03c4\u03b5 \u03c0\u03b5\u03b9\u03c1\u03b1\u03c4\u03ae\u03c2 \u03bc\u03b1\u03b6\u03af \u03bc\u03b5... <strong>\u039b\u03ac\u03c6\u03b9<\/strong> \u03ba\u03b1\u03b9 \u03c4\u03bf \u03c0\u03bb\u03ae\u03c1\u03c9\u03bc\u03ac \u03c4\u03bf\u03c5.<\/p>\n<h2>\u03a0\u03bb\u03b7\u03c1\u03bf\u03c6\u03bf\u03c1\u03af\u03b5\u03c2 \u03b3\u03b9\u03b1 \u03c4\u03bf \u03a3\u03ad\u03be\u03b9 \u03a6\u03b9\u03b3\u03bf\u03cd\u03c1\u03b1 \u039a\u03ac\u03bf\u03c5\u03bc\u03c0\u03bf\u03ca \u039d\u03ac\u03bc\u03b9\u00a0<\/h2>\n<ul>\n<li><span><b><u>\u039f\u03bb\u03cc\u03c3\u03c9\u03bc\u03bf \u03b5\u03b9\u03b4\u03ce\u03bb\u03b9\u03bf<\/u><\/b>\u00a0\u03a6\u03b9\u03b3\u03bf\u03cd\u03c1\u03b1 One Piece Premium \u03b3\u03b9\u03b1 \u03b1\u03bb\u03b7\u03b8\u03b9\u03bd\u03bf\u03cd\u03c2 \u03c0\u03b5\u03b9\u03c1\u03b1\u03c4\u03ad\u03c2<\/span><\/li>\n<\/ul>\n<ul>\n<li>\n<b>\u03a5\u03bb\u03b7<\/b><span>\u00a0<\/span>PVC<\/li>\n<\/ul>\n<ul>\n<li><span><strong>\u0394\u03b9\u03ac\u03c3\u03c4\u03b1\u03c3\u03b7<\/strong>\u00a0: 19 \u03b5\u03ba.<\/span><\/li>\n<\/ul>\n<ul>\n<li><span><strong>\u0394\u03a9\u03a1\u0395\u0391\u039d \u03a0\u0391\u03a1\u0391\u0394\u039f\u03a3\u0397<\/strong><\/span><\/li>\n<\/ul>","protected":false},"excerpt":{"rendered":"<p>Jeune pirate, le moment est venu pour toi de te procurer cette Figurine One Piece Sexy Cowboy Nami. Viens donc faire la rencontre de Nami, habill\u00e9e en Cowboy. Voici ce que tu dois savoir \u00e0 son sujet ; Nami, alias \u00ab\u00a0La Chatte Voleuse\u00a0\u00bb est la navigatrice de L&rsquo;\u00c9quipage du Chapeau de Paille. Elle est la [&hellip;]<\/p>","protected":false},"featured_media":8361,"comment_status":"open","ping_status":"open","template":"","meta":[],"product_brand":[],"product_cat":[152,76,153],"product_tag":[154],"class_list":{"0":"post-8359","1":"product","2":"type-product","3":"status-publish","4":"has-post-thumbnail","6":"product_cat-figurines-nami","7":"product_cat-figurines-one-piece","8":"product_cat-goodies-nami-one-piece","9":"product_tag-nami","11":"first","12":"instock","13":"purchasable","14":"product-type-simple"},"yoast_head":"<!-- This site is optimized with the Yoast SEO plugin v27.5 - https:\/\/yoast.com\/product\/yoast-seo-wordpress\/ -->\n<title>Figurine One Piece Sexy Cowboy Nami | Figurine One Piece \u2013 Boutique One Piece<\/title>\n<meta name=\"description\" content=\"Jeune pirate, le moment est venu pour toi de te procurer cette Figurine One Piece Sexy Cowboy Nami. Viens donc faire la rencontre de Nami, habill\u00e9e en Cowboy. Voici ce que tu dois savoir \u00e0 son sujet ; Nami, alias &quot;La Chatte Voleuse&quot; est la navigatrice de L&#039;\u00c9quipage du Chapeau de Paille. Elle est la deuxi\u00e8me personne \u00e0\" \/>\n<meta name=\"robots\" content=\"index, follow, max-snippet:-1, max-image-preview:large, max-video-preview:-1\" \/>\n<link rel=\"canonical\" href=\"https:\/\/boutique-one-piece.com\/el\/\u03ba\u03b1\u03bb\u03bf\u03cd\u03b4\u03b9\u03b1-one-piece\/\u03ba\u03b1\u03bb\u03bf\u03cd\u03b4\u03b9\u03b1-one-piece-\u03c4\u03b7\u03c2-nami\/\u03bf\u03bb\u03cc\u03c3\u03c9\u03bc\u03b7-\u03c6\u03b9\u03b3\u03bf\u03cd\u03c1\u03b1-\u03c3\u03ad\u03be\u03b9-\u03ba\u03b1\u03bf\u03c5\u03bc\u03c0\u03cc\u03b9-nami\/\" \/>\n<meta property=\"og:locale\" content=\"el_GR\" \/>\n<meta property=\"og:type\" content=\"article\" \/>\n<meta property=\"og:title\" content=\"Figurine One Piece Sexy Cowboy Nami | Figurine One Piece \u2013 Boutique One Piece\" \/>\n<meta property=\"og:description\" content=\"Jeune pirate, le moment est venu pour toi de te procurer cette Figurine One Piece Sexy Cowboy Nami. Viens donc faire la rencontre de Nami, habill\u00e9e en Cowboy. Voici ce que tu dois savoir \u00e0 son sujet ; Nami, alias &quot;La Chatte Voleuse&quot; est la navigatrice de L&#039;\u00c9quipage du Chapeau de Paille. Elle est la deuxi\u00e8me personne \u00e0\" \/>\n<meta property=\"og:url\" content=\"https:\/\/boutique-one-piece.com\/el\/\u03ba\u03b1\u03bb\u03bf\u03cd\u03b4\u03b9\u03b1-one-piece\/\u03ba\u03b1\u03bb\u03bf\u03cd\u03b4\u03b9\u03b1-one-piece-\u03c4\u03b7\u03c2-nami\/\u03bf\u03bb\u03cc\u03c3\u03c9\u03bc\u03b7-\u03c6\u03b9\u03b3\u03bf\u03cd\u03c1\u03b1-\u03c3\u03ad\u03be\u03b9-\u03ba\u03b1\u03bf\u03c5\u03bc\u03c0\u03cc\u03b9-nami\/\" \/>\n<meta property=\"og:site_name\" content=\"Boutique One Piece\" \/>\n<meta property=\"article:modified_time\" content=\"2024-09-16T11:17:13+00:00\" \/>\n<meta property=\"og:image\" content=\"https:\/\/boutique-one-piece.com\/wp-content\/uploads\/2022\/09\/Figurine-One-Piece-Sexy-Cowboy-Nami.jpg\" \/>\n\t<meta property=\"og:image:width\" content=\"640\" \/>\n\t<meta property=\"og:image:height\" content=\"640\" \/>\n\t<meta property=\"og:image:type\" content=\"image\/jpeg\" \/>\n<meta name=\"twitter:card\" content=\"summary_large_image\" \/>\n<meta name=\"twitter:label1\" content=\"\u0395\u03ba\u03c4\u03b9\u03bc\u03ce\u03bc\u03b5\u03bd\u03bf\u03c2 \u03c7\u03c1\u03cc\u03bd\u03bf\u03c2 \u03b1\u03bd\u03ac\u03b3\u03bd\u03c9\u03c3\u03b7\u03c2\" \/>\n\t<meta name=\"twitter:data1\" content=\"2 \u03bb\u03b5\u03c0\u03c4\u03ac\" \/>\n<script type=\"application\/ld+json\" class=\"yoast-schema-graph\">{\"@context\":\"https:\\\/\\\/schema.org\",\"@graph\":[{\"@type\":\"WebPage\",\"@id\":\"https:\\\/\\\/boutique-one-piece.com\\\/goodies-one-piece\\\/goodies-nami-one-piece\\\/figurine-one-piece-sexy-cowboy-nami\\\/\",\"url\":\"https:\\\/\\\/boutique-one-piece.com\\\/goodies-one-piece\\\/goodies-nami-one-piece\\\/figurine-one-piece-sexy-cowboy-nami\\\/\",\"name\":\"Figurine One Piece Sexy Cowboy Nami | Figurine One Piece \u2013 Boutique One Piece\",\"isPartOf\":{\"@id\":\"https:\\\/\\\/boutique-one-piece.com\\\/#website\"},\"primaryImageOfPage\":{\"@id\":\"https:\\\/\\\/boutique-one-piece.com\\\/goodies-one-piece\\\/goodies-nami-one-piece\\\/figurine-one-piece-sexy-cowboy-nami\\\/#primaryimage\"},\"image\":{\"@id\":\"https:\\\/\\\/boutique-one-piece.com\\\/goodies-one-piece\\\/goodies-nami-one-piece\\\/figurine-one-piece-sexy-cowboy-nami\\\/#primaryimage\"},\"thumbnailUrl\":\"https:\\\/\\\/boutique-one-piece.com\\\/wp-content\\\/uploads\\\/2022\\\/09\\\/Figurine-One-Piece-Sexy-Cowboy-Nami.jpg\",\"datePublished\":\"2022-09-27T18:54:22+00:00\",\"dateModified\":\"2024-09-16T11:17:13+00:00\",\"description\":\"Jeune pirate, le moment est venu pour toi de te procurer cette Figurine One Piece Sexy Cowboy Nami. Viens donc faire la rencontre de Nami, habill\u00e9e en Cowboy. Voici ce que tu dois savoir \u00e0 son sujet ; Nami, alias \\\"La Chatte Voleuse\\\" est la navigatrice de L'\u00c9quipage du Chapeau de Paille. Elle est la deuxi\u00e8me personne \u00e0\",\"breadcrumb\":{\"@id\":\"https:\\\/\\\/boutique-one-piece.com\\\/goodies-one-piece\\\/goodies-nami-one-piece\\\/figurine-one-piece-sexy-cowboy-nami\\\/#breadcrumb\"},\"inLanguage\":\"el\",\"potentialAction\":[{\"@type\":\"ReadAction\",\"target\":[\"https:\\\/\\\/boutique-one-piece.com\\\/goodies-one-piece\\\/goodies-nami-one-piece\\\/figurine-one-piece-sexy-cowboy-nami\\\/\"]}]},{\"@type\":\"ImageObject\",\"inLanguage\":\"el\",\"@id\":\"https:\\\/\\\/boutique-one-piece.com\\\/goodies-one-piece\\\/goodies-nami-one-piece\\\/figurine-one-piece-sexy-cowboy-nami\\\/#primaryimage\",\"url\":\"https:\\\/\\\/boutique-one-piece.com\\\/wp-content\\\/uploads\\\/2022\\\/09\\\/Figurine-One-Piece-Sexy-Cowboy-Nami.jpg\",\"contentUrl\":\"https:\\\/\\\/boutique-one-piece.com\\\/wp-content\\\/uploads\\\/2022\\\/09\\\/Figurine-One-Piece-Sexy-Cowboy-Nami.jpg\",\"width\":640,\"height\":640,\"caption\":\"Figurine One Piece Sexy Cowboy NamiDefault Title\"},{\"@type\":\"BreadcrumbList\",\"@id\":\"https:\\\/\\\/boutique-one-piece.com\\\/goodies-one-piece\\\/goodies-nami-one-piece\\\/figurine-one-piece-sexy-cowboy-nami\\\/#breadcrumb\",\"itemListElement\":[{\"@type\":\"ListItem\",\"position\":1,\"name\":\"Home\",\"item\":\"https:\\\/\\\/boutique-one-piece.com\\\/\"},{\"@type\":\"ListItem\",\"position\":2,\"name\":\"Shop\",\"item\":\"https:\\\/\\\/boutique-one-piece.com\\\/shop\\\/\"},{\"@type\":\"ListItem\",\"position\":3,\"name\":\"Figurine One Piece Sexy Cowboy Nami\"}]},{\"@type\":\"WebSite\",\"@id\":\"https:\\\/\\\/boutique-one-piece.com\\\/#website\",\"url\":\"https:\\\/\\\/boutique-one-piece.com\\\/\",\"name\":\"Boutique One Piece\",\"description\":\"Magasin Sp\u00e9cialis\u00e9 du Manga et l&#039;Anime One Piece\",\"publisher\":{\"@id\":\"https:\\\/\\\/boutique-one-piece.com\\\/#organization\"},\"potentialAction\":[{\"@type\":\"SearchAction\",\"target\":{\"@type\":\"EntryPoint\",\"urlTemplate\":\"https:\\\/\\\/boutique-one-piece.com\\\/?s={search_term_string}\"},\"query-input\":{\"@type\":\"PropertyValueSpecification\",\"valueRequired\":true,\"valueName\":\"search_term_string\"}}],\"inLanguage\":\"el\"},{\"@type\":\"Organization\",\"@id\":\"https:\\\/\\\/boutique-one-piece.com\\\/#organization\",\"name\":\"Boutique One Piece\",\"url\":\"https:\\\/\\\/boutique-one-piece.com\\\/\",\"logo\":{\"@type\":\"ImageObject\",\"inLanguage\":\"el\",\"@id\":\"https:\\\/\\\/boutique-one-piece.com\\\/#\\\/schema\\\/logo\\\/image\\\/\",\"url\":\"https:\\\/\\\/boutique-one-piece.com\\\/wp-content\\\/uploads\\\/2022\\\/09\\\/Logo-01.png\",\"contentUrl\":\"https:\\\/\\\/boutique-one-piece.com\\\/wp-content\\\/uploads\\\/2022\\\/09\\\/Logo-01.png\",\"width\":2318,\"height\":957,\"caption\":\"Boutique One Piece\"},\"image\":{\"@id\":\"https:\\\/\\\/boutique-one-piece.com\\\/#\\\/schema\\\/logo\\\/image\\\/\"}}]}<\/script>\n<!-- \/ Yoast SEO plugin. -->","yoast_head_json":{"title":"\u03a3\u03ad\u03be\u03b9 \u039f\u03bb\u03cc\u03c3\u03c9\u03bc\u03b7 \u03a6\u03b9\u03b3\u03bf\u03cd\u03c1\u03b1 \u039a\u03ac\u03bf\u03c5\u03bc\u03c0\u03bf\u03ca \u039d\u03ac\u03bc\u03b9 | \u039f\u03bb\u03cc\u03c3\u03c9\u03bc\u03b7 \u03a6\u03b9\u03b3\u03bf\u03cd\u03c1\u03b1 \u2013 One Piece Shop","description":"\u039d\u03b5\u03b1\u03c1\u03ae \u03c0\u03b5\u03b9\u03c1\u03b1\u03c4\u03ae, \u03ae\u03c1\u03b8\u03b5 \u03b7 \u03ce\u03c1\u03b1 \u03bd\u03b1 \u03b1\u03c0\u03bf\u03ba\u03c4\u03ae\u03c3\u03b5\u03b9\u03c2 \u03b1\u03c5\u03c4\u03ae \u03c4\u03b7\u03bd \u03bf\u03bb\u03cc\u03c3\u03c9\u03bc\u03b7 \u03c3\u03ad\u03be\u03b9 \u03ba\u03b1\u03bf\u03c5\u03bc\u03c0\u03cc\u03b9 \u03c6\u03b9\u03b3\u03bf\u03cd\u03c1\u03b1 Nami. \u0388\u03bb\u03b1 \u03bd\u03b1 \u03b3\u03bd\u03c9\u03c1\u03af\u03c3\u03b5\u03b9\u03c2 \u03c4\u03b7 Nami, \u03bd\u03c4\u03c5\u03bc\u03ad\u03bd\u03b7 \u03ba\u03b1\u03bf\u03c5\u03bc\u03c0\u03cc\u03b9. \u039d\u03b1 \u03c4\u03b9 \u03c0\u03c1\u03ad\u03c0\u03b5\u03b9 \u03bd\u03b1 \u03be\u03ad\u03c1\u03b5\u03b9\u03c2 \u03b3\u03b9&#039; \u03b1\u03c5\u03c4\u03ae\u03bd: \u0397 Nami, \u03b3\u03bd\u03c9\u03c3\u03c4\u03ae \u03ba\u03b1\u03b9 \u03c9\u03c2 &quot;\u0397 \u0393\u03ac\u03c4\u03b1-\u0394\u03b9\u03b1\u03c1\u03c1\u03ae\u03ba\u03c4\u03b7\u03c2&quot;, \u03b5\u03af\u03bd\u03b1\u03b9 \u03b7 \u03c0\u03bb\u03bf\u03b7\u03b3\u03cc\u03c2 \u03c4\u03b7\u03c2 \u03bf\u03bc\u03ac\u03b4\u03b1\u03c2 Straw Hat Crew. \u0395\u03af\u03bd\u03b1\u03b9 \u03c4\u03bf \u03b4\u03b5\u03cd\u03c4\u03b5\u03c1\u03bf \u03ac\u03c4\u03bf\u03bc\u03bf \u03c0\u03bf\u03c5...","robots":{"index":"index","follow":"follow","max-snippet":"max-snippet:-1","max-image-preview":"max-image-preview:large","max-video-preview":"max-video-preview:-1"},"canonical":"https:\/\/boutique-one-piece.com\/el\/\u03ba\u03b1\u03bb\u03bf\u03cd\u03b4\u03b9\u03b1-one-piece\/\u03ba\u03b1\u03bb\u03bf\u03cd\u03b4\u03b9\u03b1-one-piece-\u03c4\u03b7\u03c2-nami\/\u03bf\u03bb\u03cc\u03c3\u03c9\u03bc\u03b7-\u03c6\u03b9\u03b3\u03bf\u03cd\u03c1\u03b1-\u03c3\u03ad\u03be\u03b9-\u03ba\u03b1\u03bf\u03c5\u03bc\u03c0\u03cc\u03b9-nami\/","og_locale":"el_GR","og_type":"article","og_title":"Figurine One Piece Sexy Cowboy Nami | Figurine One Piece \u2013 Boutique One Piece","og_description":"Jeune pirate, le moment est venu pour toi de te procurer cette Figurine One Piece Sexy Cowboy Nami. Viens donc faire la rencontre de Nami, habill\u00e9e en Cowboy. Voici ce que tu dois savoir \u00e0 son sujet ; Nami, alias \"La Chatte Voleuse\" est la navigatrice de L'\u00c9quipage du Chapeau de Paille. Elle est la deuxi\u00e8me personne \u00e0","og_url":"https:\/\/boutique-one-piece.com\/el\/\u03ba\u03b1\u03bb\u03bf\u03cd\u03b4\u03b9\u03b1-one-piece\/\u03ba\u03b1\u03bb\u03bf\u03cd\u03b4\u03b9\u03b1-one-piece-\u03c4\u03b7\u03c2-nami\/\u03bf\u03bb\u03cc\u03c3\u03c9\u03bc\u03b7-\u03c6\u03b9\u03b3\u03bf\u03cd\u03c1\u03b1-\u03c3\u03ad\u03be\u03b9-\u03ba\u03b1\u03bf\u03c5\u03bc\u03c0\u03cc\u03b9-nami\/","og_site_name":"Boutique One Piece","article_modified_time":"2024-09-16T11:17:13+00:00","og_image":[{"width":640,"height":640,"url":"https:\/\/boutique-one-piece.com\/wp-content\/uploads\/2022\/09\/Figurine-One-Piece-Sexy-Cowboy-Nami.jpg","type":"image\/jpeg"}],"twitter_card":"summary_large_image","twitter_misc":{"\u0395\u03ba\u03c4\u03b9\u03bc\u03ce\u03bc\u03b5\u03bd\u03bf\u03c2 \u03c7\u03c1\u03cc\u03bd\u03bf\u03c2 \u03b1\u03bd\u03ac\u03b3\u03bd\u03c9\u03c3\u03b7\u03c2":"2 \u03bb\u03b5\u03c0\u03c4\u03ac"},"schema":{"@context":"https:\/\/schema.org","@graph":[{"@type":"WebPage","@id":"https:\/\/boutique-one-piece.com\/goodies-one-piece\/goodies-nami-one-piece\/figurine-one-piece-sexy-cowboy-nami\/","url":"https:\/\/boutique-one-piece.com\/goodies-one-piece\/goodies-nami-one-piece\/figurine-one-piece-sexy-cowboy-nami\/","name":"\u03a3\u03ad\u03be\u03b9 \u039f\u03bb\u03cc\u03c3\u03c9\u03bc\u03b7 \u03a6\u03b9\u03b3\u03bf\u03cd\u03c1\u03b1 \u039a\u03ac\u03bf\u03c5\u03bc\u03c0\u03bf\u03ca \u039d\u03ac\u03bc\u03b9 | \u039f\u03bb\u03cc\u03c3\u03c9\u03bc\u03b7 \u03a6\u03b9\u03b3\u03bf\u03cd\u03c1\u03b1 \u2013 One Piece Shop","isPartOf":{"@id":"https:\/\/boutique-one-piece.com\/#website"},"primaryImageOfPage":{"@id":"https:\/\/boutique-one-piece.com\/goodies-one-piece\/goodies-nami-one-piece\/figurine-one-piece-sexy-cowboy-nami\/#primaryimage"},"image":{"@id":"https:\/\/boutique-one-piece.com\/goodies-one-piece\/goodies-nami-one-piece\/figurine-one-piece-sexy-cowboy-nami\/#primaryimage"},"thumbnailUrl":"https:\/\/boutique-one-piece.com\/wp-content\/uploads\/2022\/09\/Figurine-One-Piece-Sexy-Cowboy-Nami.jpg","datePublished":"2022-09-27T18:54:22+00:00","dateModified":"2024-09-16T11:17:13+00:00","description":"\u039d\u03b5\u03b1\u03c1\u03ae \u03c0\u03b5\u03b9\u03c1\u03b1\u03c4\u03ae, \u03ae\u03c1\u03b8\u03b5 \u03b7 \u03ce\u03c1\u03b1 \u03bd\u03b1 \u03b1\u03c0\u03bf\u03ba\u03c4\u03ae\u03c3\u03b5\u03b9\u03c2 \u03b1\u03c5\u03c4\u03ae \u03c4\u03b7\u03bd \u03bf\u03bb\u03cc\u03c3\u03c9\u03bc\u03b7 \u03c3\u03ad\u03be\u03b9 \u03ba\u03b1\u03bf\u03c5\u03bc\u03c0\u03cc\u03b9 \u03c6\u03b9\u03b3\u03bf\u03cd\u03c1\u03b1 Nami. \u0388\u03bb\u03b1 \u03bd\u03b1 \u03b3\u03bd\u03c9\u03c1\u03af\u03c3\u03b5\u03b9\u03c2 \u03c4\u03b7 Nami, \u03bd\u03c4\u03c5\u03bc\u03ad\u03bd\u03b7 \u03ba\u03b1\u03bf\u03c5\u03bc\u03c0\u03cc\u03b9. \u039d\u03b1 \u03c4\u03b9 \u03c0\u03c1\u03ad\u03c0\u03b5\u03b9 \u03bd\u03b1 \u03be\u03ad\u03c1\u03b5\u03b9\u03c2 \u03b3\u03b9&#039; \u03b1\u03c5\u03c4\u03ae\u03bd: \u0397 Nami, \u03b3\u03bd\u03c9\u03c3\u03c4\u03ae \u03ba\u03b1\u03b9 \u03c9\u03c2 &quot;\u0397 \u0393\u03ac\u03c4\u03b1-\u0394\u03b9\u03b1\u03c1\u03c1\u03ae\u03ba\u03c4\u03b7\u03c2&quot;, \u03b5\u03af\u03bd\u03b1\u03b9 \u03b7 \u03c0\u03bb\u03bf\u03b7\u03b3\u03cc\u03c2 \u03c4\u03b7\u03c2 \u03bf\u03bc\u03ac\u03b4\u03b1\u03c2 Straw Hat Crew. \u0395\u03af\u03bd\u03b1\u03b9 \u03c4\u03bf \u03b4\u03b5\u03cd\u03c4\u03b5\u03c1\u03bf \u03ac\u03c4\u03bf\u03bc\u03bf \u03c0\u03bf\u03c5...","breadcrumb":{"@id":"https:\/\/boutique-one-piece.com\/goodies-one-piece\/goodies-nami-one-piece\/figurine-one-piece-sexy-cowboy-nami\/#breadcrumb"},"inLanguage":"el","potentialAction":[{"@type":"ReadAction","target":["https:\/\/boutique-one-piece.com\/goodies-one-piece\/goodies-nami-one-piece\/figurine-one-piece-sexy-cowboy-nami\/"]}]},{"@type":"ImageObject","inLanguage":"el","@id":"https:\/\/boutique-one-piece.com\/goodies-one-piece\/goodies-nami-one-piece\/figurine-one-piece-sexy-cowboy-nami\/#primaryimage","url":"https:\/\/boutique-one-piece.com\/wp-content\/uploads\/2022\/09\/Figurine-One-Piece-Sexy-Cowboy-Nami.jpg","contentUrl":"https:\/\/boutique-one-piece.com\/wp-content\/uploads\/2022\/09\/Figurine-One-Piece-Sexy-Cowboy-Nami.jpg","width":640,"height":640,"caption":"Figurine One Piece Sexy Cowboy NamiDefault Title"},{"@type":"BreadcrumbList","@id":"https:\/\/boutique-one-piece.com\/goodies-one-piece\/goodies-nami-one-piece\/figurine-one-piece-sexy-cowboy-nami\/#breadcrumb","itemListElement":[{"@type":"ListItem","position":1,"name":"Home","item":"https:\/\/boutique-one-piece.com\/"},{"@type":"ListItem","position":2,"name":"Shop","item":"https:\/\/boutique-one-piece.com\/shop\/"},{"@type":"ListItem","position":3,"name":"Figurine One Piece Sexy Cowboy Nami"}]},{"@type":"WebSite","@id":"https:\/\/boutique-one-piece.com\/#website","url":"https:\/\/boutique-one-piece.com\/","name":"\u039a\u03b1\u03c4\u03ac\u03c3\u03c4\u03b7\u03bc\u03b1 One Piece","description":"\u0395\u03be\u03b5\u03b9\u03b4\u03b9\u03ba\u03b5\u03c5\u03bc\u03ad\u03bd\u03bf \u03ba\u03b1\u03c4\u03ac\u03c3\u03c4\u03b7\u03bc\u03b1 \u03b3\u03b9\u03b1 One Piece Manga \u03ba\u03b1\u03b9 Anime","publisher":{"@id":"https:\/\/boutique-one-piece.com\/#organization"},"potentialAction":[{"@type":"SearchAction","target":{"@type":"EntryPoint","urlTemplate":"https:\/\/boutique-one-piece.com\/?s={search_term_string}"},"query-input":{"@type":"PropertyValueSpecification","valueRequired":true,"valueName":"search_term_string"}}],"inLanguage":"el"},{"@type":"Organization","@id":"https:\/\/boutique-one-piece.com\/#organization","name":"\u039a\u03b1\u03c4\u03ac\u03c3\u03c4\u03b7\u03bc\u03b1 One Piece","url":"https:\/\/boutique-one-piece.com\/","logo":{"@type":"ImageObject","inLanguage":"el","@id":"https:\/\/boutique-one-piece.com\/#\/schema\/logo\/image\/","url":"https:\/\/boutique-one-piece.com\/wp-content\/uploads\/2022\/09\/Logo-01.png","contentUrl":"https:\/\/boutique-one-piece.com\/wp-content\/uploads\/2022\/09\/Logo-01.png","width":2318,"height":957,"caption":"Boutique One Piece"},"image":{"@id":"https:\/\/boutique-one-piece.com\/#\/schema\/logo\/image\/"}}]}},"_links":{"self":[{"href":"https:\/\/boutique-one-piece.com\/el\/wp-json\/wp\/v2\/product\/8359","targetHints":{"allow":["GET"]}}],"collection":[{"href":"https:\/\/boutique-one-piece.com\/el\/wp-json\/wp\/v2\/product"}],"about":[{"href":"https:\/\/boutique-one-piece.com\/el\/wp-json\/wp\/v2\/types\/product"}],"replies":[{"embeddable":true,"href":"https:\/\/boutique-one-piece.com\/el\/wp-json\/wp\/v2\/comments?post=8359"}],"wp:featuredmedia":[{"embeddable":true,"href":"https:\/\/boutique-one-piece.com\/el\/wp-json\/wp\/v2\/media\/8361"}],"wp:attachment":[{"href":"https:\/\/boutique-one-piece.com\/el\/wp-json\/wp\/v2\/media?parent=8359"}],"wp:term":[{"taxonomy":"product_brand","embeddable":true,"href":"https:\/\/boutique-one-piece.com\/el\/wp-json\/wp\/v2\/product_brand?post=8359"},{"taxonomy":"product_cat","embeddable":true,"href":"https:\/\/boutique-one-piece.com\/el\/wp-json\/wp\/v2\/product_cat?post=8359"},{"taxonomy":"product_tag","embeddable":true,"href":"https:\/\/boutique-one-piece.com\/el\/wp-json\/wp\/v2\/product_tag?post=8359"}],"curies":[{"name":"\u03b5\u03c1\u03b3\u03b1\u03c3\u03af\u03b1","href":"https:\/\/api.w.org\/{rel}","templated":true}]}}