{"id":8382,"date":"2022-09-27T18:54:22","date_gmt":"2022-09-27T18:54:22","guid":{"rendered":"https:\/\/boutique-one-piece.com\/uncategorized\/peluche-tony-tony-chopper\/"},"modified":"2026-04-09T14:38:32","modified_gmt":"2026-04-09T14:38:32","slug":"%ce%bb%ce%bf%cf%8d%cf%84%cf%81%ce%b9%ce%bd%ce%bf-%cf%80%ce%b1%ce%b9%cf%87%ce%bd%ce%af%ce%b4%ce%b9-tony-the-chopper","status":"publish","type":"product","link":"https:\/\/boutique-one-piece.com\/el\/%ce%ba%ce%b1%ce%bb%ce%bf%cf%8d%ce%b4%ce%b9%ce%b1-one-piece\/%ce%ba%ce%b1%ce%bb%ce%bf%cf%8d%ce%b4%ce%b9%ce%b1-tony-tony-chopper-%ce%ad%ce%bd%ce%b1-%ce%ba%ce%bf%ce%bc%ce%bc%ce%ac%cf%84%ce%b9\/%ce%bb%ce%bf%cf%8d%cf%84%cf%81%ce%b9%ce%bd%ce%bf-%cf%80%ce%b1%ce%b9%cf%87%ce%bd%ce%af%ce%b4%ce%b9-tony-the-chopper\/","title":{"rendered":"\u039b\u03bf\u03cd\u03c4\u03c1\u03b9\u03bd\u03bf \u03c0\u03b1\u03b9\u03c7\u03bd\u03af\u03b4\u03b9 Tony Tony Chopper"},"content":{"rendered":"<h2>\u039d\u03b5\u03b1\u03c1\u03ad \u03c0\u03b5\u03b9\u03c1\u03b1\u03c4\u03ae, \u03ae\u03c1\u03b8\u03b5 \u03b7 \u03ce\u03c1\u03b1 \u03bd\u03b1 \u03b1\u03c0\u03bf\u03ba\u03c4\u03ae\u03c3\u03b5\u03b9\u03c2 \u03b1\u03c5\u03c4\u03cc \u03c4\u03bf \u03bb\u03bf\u03cd\u03c4\u03c1\u03b9\u03bd\u03bf Tony Tony Chopper.<\/h2>\n<p><strong>\u03a4\u03cc\u03bd\u03b9 \u03a4\u03cc\u03bd\u03b9 \u03a4\u03c3\u03cc\u03c0\u03b5\u03c1<\/strong>, \u03b5\u03af\u03bd\u03b1\u03b9 \u03bf \u03b3\u03b9\u03b1\u03c4\u03c1\u03cc\u03c2 \u03c4\u03b7\u03c2 \u03bf\u03bc\u03ac\u03b4\u03b1\u03c2 Straw Hat Crew. \u039f Chopper \u03b5\u03af\u03bd\u03b1\u03b9 \u03ad\u03bd\u03b1\u03c2 \u03c4\u03ac\u03c1\u03b1\u03bd\u03b4\u03bf\u03c2 \u03c0\u03bf\u03c5 \u03ad\u03c6\u03b1\u03b3\u03b5 \u03c4\u03bf <strong>\u03a7\u03af\u03c4\u03bf \u03a7\u03af\u03c4\u03bf \u03bd\u03bf \u039c\u03b9<\/strong>, \u03b5\u03c0\u03b9\u03c4\u03c1\u03ad\u03c0\u03bf\u03bd\u03c4\u03ac\u03c2 \u03c4\u03bf\u03c5 \u03bd\u03b1 \u03bc\u03b5\u03c4\u03b1\u03bc\u03bf\u03c1\u03c6\u03c9\u03b8\u03b5\u03af \u03c3\u03b5 \u03ac\u03bd\u03b8\u03c1\u03c9\u03c0\u03bf. \u0395\u03c0\u03b9\u03c0\u03bb\u03ad\u03bf\u03bd, \u03c4\u03bf <a title=\"\u039b\u03bf\u03cd\u03c4\u03c1\u03b9\u03bd\u03bf Cosplay Chopper Luffy\" href=\"https:\/\/boutique-one-piece.com\/el\/%ce%bb%ce%bf%cf%8d%cf%84%cf%81%ce%b9%ce%bd%ce%bf-cosplay-%ce%bc%ce%b5-%cf%84%cf%83%cf%8c%cf%80%ce%b5%cf%81-luffy\/\" target=\"_blank\" rel=\"noopener\">\u039b\u03bf\u03cd\u03c4\u03c1\u03b9\u03bd\u03bf cosplay \u03c4\u03bf\u03c5 Tony Chopper \u03bc\u03b5 \u03c4\u03bf\u03bd Luffy<\/a> \u03b5\u03af\u03bd\u03b1\u03b9 \u03c3\u03c4\u03b7 \u03b4\u03b9\u03ac\u03b8\u03b5\u03c3\u03ae \u03c3\u03b1\u03c2. \u03a4\u03bf\u03cd\u03c4\u03bf\u03c5 \u03bb\u03b5\u03c7\u03b8\u03ad\u03bd\u03c4\u03bf\u03c2, \u03bf\u03c1\u03af\u03c3\u03c4\u03b5 \u03ad\u03bd\u03b1 \u03bc\u03ad\u03c1\u03bf\u03c2 \u03c4\u03b7\u03c2 \u03b9\u03c3\u03c4\u03bf\u03c1\u03af\u03b1\u03c2 \u03c4\u03bf\u03c5: \u0392\u03c1\u03ad\u03b8\u03b7\u03ba\u03b5 \u03b5\u03c4\u03bf\u03b9\u03bc\u03bf\u03b8\u03ac\u03bd\u03b1\u03c4\u03bf\u03c2 \u03b1\u03c0\u03cc \u03c4\u03bf\u03bd \u0394\u03c1. \u03a7\u03b9\u03bb\u03bf\u03c5\u03bb\u03bf\u03cd\u03ba, \u03bf \u03bf\u03c0\u03bf\u03af\u03bf\u03c2 \u03c4\u03bf\u03bd \u03c6\u03c1\u03cc\u03bd\u03c4\u03b9\u03c3\u03b5 \u03bc\u03ad\u03c7\u03c1\u03b9 \u03bd\u03b1 \u03b1\u03bd\u03b1\u03c1\u03c1\u03ce\u03c3\u03b5\u03b9 \u03ba\u03b1\u03b9 \u03c4\u03bf\u03bd \u03bf\u03bd\u03cc\u03bc\u03b1\u03c3\u03b5 \u03a4\u03cc\u03bd\u03b9 \u03a4\u03cc\u03bd\u03b9 \u03a4\u03c3\u03cc\u03c0\u03b5\u03c1. \u03a3\u03c4\u03b7 \u03c3\u03c5\u03bd\u03ad\u03c7\u03b5\u03b9\u03b1 \u03c4\u03bf\u03bd \u03c0\u03c1\u03bf\u03c3\u03ad\u03bb\u03b1\u03b2\u03b5 \u03c9\u03c2 \u03b2\u03bf\u03b7\u03b8\u03cc \u03c4\u03bf\u03c5.<\/p>\n<p>\u03a3\u03c4\u03b7 \u03c3\u03c5\u03bd\u03ad\u03c7\u03b5\u03b9\u03b1, \u03b3\u03af\u03bd\u03b5\u03c4\u03b1\u03b9 \u03c3\u03b1\u03bd \u03c0\u03b1\u03c4\u03ad\u03c1\u03b1\u03c2 \u03b3\u03b9\u03b1 \u03c4\u03bf\u03bd \u03bd\u03b5\u03b1\u03c1\u03cc \u03c4\u03ac\u03c1\u03b1\u03bd\u03b4\u03bf, \u03b4\u03b9\u03b4\u03ac\u03c3\u03ba\u03bf\u03bd\u03c4\u03ac\u03c2 \u03c4\u03bf\u03c5 \u03c4\u03b7 \u03c6\u03b9\u03bb\u03bf\u03c3\u03bf\u03c6\u03af\u03b1 \u03b6\u03c9\u03ae\u03c2 \u03c4\u03bf\u03c5 \u03c0\u03bf\u03c5 \u03b2\u03b1\u03c3\u03af\u03b6\u03b5\u03c4\u03b1\u03b9 \u03c3\u03c4\u03b7 \u03b4\u03c5\u03bd\u03b1\u03c4\u03cc\u03c4\u03b7\u03c4\u03b1 \u03b8\u03b5\u03c1\u03b1\u03c0\u03b5\u03af\u03b1\u03c2 \u03cc\u03bb\u03c9\u03bd \u03c4\u03c9\u03bd \u03b1\u03c3\u03b8\u03b5\u03bd\u03b5\u03b9\u03ce\u03bd \u03ba\u03b1\u03b9 \u03c3\u03c4\u03b7 \u03bb\u03b1\u03c4\u03c1\u03b5\u03af\u03b1 \u03c4\u03bf\u03c5 \u00ab\u03a4\u03b6\u03cc\u03bb\u03b9 \u03a1\u03cc\u03c4\u03b6\u03b5\u03c1\u00bb, \u03c4\u03b7\u03c2 \u03c0\u03b5\u03b9\u03c1\u03b1\u03c4\u03b9\u03ba\u03ae\u03c2 \u03c3\u03b7\u03bc\u03b1\u03af\u03b1\u03c2, \u03c9\u03c2 \u03c3\u03cd\u03bc\u03b2\u03bf\u03bb\u03bf \u03b5\u03bb\u03b5\u03c5\u03b8\u03b5\u03c1\u03af\u03b1\u03c2 \u03ba\u03b1\u03b9 \u03b4\u03cd\u03bd\u03b1\u03bc\u03b7\u03c2 \u03b5\u03bd\u03ac\u03bd\u03c4\u03b9\u03b1 \u03c3\u03c4\u03b7\u03bd \u03b1\u03b4\u03b9\u03ba\u03af\u03b1. \u03a0\u03b7\u03b3\u03b1\u03af\u03bd\u03bf\u03c5\u03bd \u03b1\u03c0\u03cc \u03c3\u03c0\u03af\u03c4\u03b9 \u03c3\u03b5 \u03c3\u03c0\u03af\u03c4\u03b9 \u03b3\u03b9\u03b1 \u03bd\u03b1 \u03b8\u03b5\u03c1\u03b1\u03c0\u03b5\u03cd\u03c3\u03bf\u03c5\u03bd \u03c4\u03bf\u03c5\u03c2 \u03b1\u03c1\u03c1\u03ce\u03c3\u03c4\u03bf\u03c5\u03c2. <strong>\u03a7\u03b9\u03bb\u03bf\u03c5\u03bb\u03bf\u03cd\u03ba<\/strong> \u0388\u03c7\u03bf\u03bd\u03c4\u03b1\u03c2 \u03c4\u03b7 \u03c6\u03ae\u03bc\u03b7 \u03c4\u03bf\u03c5 \u03c4\u03c3\u03b1\u03c1\u03bb\u03b1\u03c4\u03ac\u03bd\u03bf\u03c5, \u03b4\u03b5\u03bd \u03b5\u03af\u03bd\u03b1\u03b9 \u03c0\u03ac\u03bd\u03c4\u03b1 \u03b5\u03c5\u03c0\u03c1\u03cc\u03c3\u03b4\u03b5\u03ba\u03c4\u03bf\u03c2. \u0391\u03bb\u03bb\u03ac \u03b1\u03c5\u03c4\u03cc \u03b4\u03b5\u03bd \u03c4\u03bf\u03c5\u03c2 \u03b5\u03bc\u03c0\u03bf\u03b4\u03af\u03b6\u03b5\u03b9 \u03bd\u03b1 \u03b1\u03ba\u03bf\u03bb\u03bf\u03c5\u03b8\u03bf\u03cd\u03bd \u03c4\u03b7 \u03c6\u03b9\u03bb\u03bf\u03c3\u03bf\u03c6\u03af\u03b1 \u03c4\u03bf\u03c5 \u0394\u03cc\u03ba\u03c4\u03bf\u03c1\u03b1.<\/p>\n<h3>\u03a3\u03b1\u03c2 \u03b3\u03bf\u03b7\u03c4\u03b5\u03cd\u03b5\u03b9, \u03bb\u03bf\u03b9\u03c0\u03cc\u03bd, \u03bf \u03c7\u03b1\u03c1\u03b1\u03ba\u03c4\u03ae\u03c1\u03b1\u03c2 \u03c4\u03bf\u03c5 \u03a4\u03cc\u03bd\u03b9 \u03a4\u03cc\u03bd\u03b9 \u03a4\u03c3\u03cc\u03c0\u03b5\u03c1; \u0391\u03bd \u03bd\u03b1\u03b9, \u03b1\u03b4\u03c1\u03ac\u03be\u03c4\u03b5 \u03c4\u03b7\u03bd \u03b5\u03c5\u03ba\u03b1\u03b9\u03c1\u03af\u03b1 \u03bd\u03b1 \u03b3\u03af\u03bd\u03b5\u03c4\u03b5 \u03bc\u03ad\u03bb\u03bf\u03c2 \u03c4\u03bf\u03c5 \u03c0\u03bb\u03b7\u03c1\u03ce\u03bc\u03b1\u03c4\u03cc\u03c2 \u03c4\u03bf\u03c5. \u03a3\u03b1\u03c2 \u03c0\u03b5\u03c1\u03b9\u03bc\u03ad\u03bd\u03bf\u03c5\u03bd \u03c0\u03bf\u03bb\u03bb\u03ad\u03c2 \u03c0\u03b5\u03c1\u03b9\u03c0\u03ad\u03c4\u03b5\u03b9\u03b5\u03c2.<\/h3>\n<p>\u0395\u03af\u03c4\u03b5 \u03b5\u03af\u03c3\u03c4\u03b5 \u03bc\u03b1\u03ba\u03c1\u03bf\u03c7\u03c1\u03cc\u03bd\u03b9\u03bf\u03c2 \u03b8\u03b1\u03c5\u03bc\u03b1\u03c3\u03c4\u03ae\u03c2 \u03b5\u03af\u03c4\u03b5 \u03c3\u03bf\u03b2\u03b1\u03c1\u03cc\u03c2 \u03c3\u03c5\u03bb\u03bb\u03ad\u03ba\u03c4\u03b7\u03c2, \u03bc\u03b7\u03bd \u03c8\u03ac\u03c7\u03bd\u03b5\u03c4\u03b5 \u03ac\u03bb\u03bb\u03bf, \u03b1\u03c5\u03c4\u03ac \u03c4\u03b1 \u03b1\u03bd\u03c4\u03b9\u03ba\u03b5\u03af\u03bc\u03b5\u03bd\u03b1 \u03b5\u03af\u03bd\u03b1\u03b9 \u03c3\u03af\u03b3\u03bf\u03c5\u03c1\u03b1 \u03b3\u03b9\u03b1 \u03b5\u03c3\u03ac\u03c2. \u0399\u03b4\u03b1\u03bd\u03b9\u03ba\u03ac \u03b3\u03b9\u03b1 \u03b4\u03ce\u03c1\u03bf, \u03b4\u03b9\u03b1\u03c3\u03ba\u03ad\u03b4\u03b1\u03c3\u03b7 \u03ae \u03c0\u03c1\u03bf\u03c3\u03b8\u03ae\u03ba\u03b7 \u03c3\u03c4\u03b7 \u03c3\u03c5\u03bb\u03bb\u03bf\u03b3\u03ae \u03c3\u03b1\u03c2, \u03b1\u03c5\u03c4\u03ac \u03c4\u03b1 \u03b1\u03bd\u03c4\u03b9\u03ba\u03b5\u03af\u03bc\u03b5\u03bd\u03b1 \u03b8\u03b1 \u03b5\u03bc\u03c0\u03bb\u03bf\u03c5\u03c4\u03af\u03c3\u03bf\u03c5\u03bd \u03c4\u03b7 \u03c3\u03c5\u03bb\u03bb\u03bf\u03b3\u03ae \u03c3\u03b1\u03c2. <strong>\u03c4\u03bf \u03c3\u03cd\u03bc\u03c0\u03b1\u03bd One Piece \u03c3\u03bf\u03c5<\/strong>. \u0395\u03bd\u03b1\u03c0\u03cc\u03ba\u03b5\u03b9\u03c4\u03b1\u03b9 \u03b1\u03c0\u03bf\u03ba\u03bb\u03b5\u03b9\u03c3\u03c4\u03b9\u03ba\u03ac \u03c3\u03b5 \u03b5\u03c3\u03ac\u03c2 \u03bd\u03b1 \u03c3\u03c5\u03bd\u03b5\u03c7\u03af\u03c3\u03b5\u03c4\u03b5 \u03c4\u03b7\u03bd \u03b1\u03bd\u03b1\u03b6\u03ae\u03c4\u03b7\u03c3\u03ae \u03c3\u03b1\u03c2 \u03b3\u03b9\u03b1 \u03bd\u03b1 \u03b2\u03c1\u03b5\u03af\u03c4\u03b5 \u03c4\u03bf <strong>\u03b8\u03b7\u03c3\u03b1\u03c5\u03c1\u03cc\u03c2<\/strong> \u03b4\u03b5\u03bd \u03b5\u03af\u03c7\u03b5 \u03b1\u03bd\u03b1\u03ba\u03b1\u03bb\u03c5\u03c6\u03b8\u03b5\u03af \u03c0\u03bf\u03c4\u03ad \u03c0\u03c1\u03b9\u03bd.<\/p>\n<h2>\u03a0\u03bb\u03b7\u03c1\u03bf\u03c6\u03bf\u03c1\u03af\u03b5\u03c2 \u03b3\u03b9\u03b1 \u03c4\u03bf \u03b2\u03b5\u03bb\u03bf\u03cd\u03b4\u03b9\u03bd\u03bf \u03bf\u03bb\u03cc\u03c3\u03c9\u03bc\u03bf \u03c4\u03c3\u03cc\u03c0\u03b5\u03c1:<\/h2>\n<ul>\n<li>\u00a0<b>\u03a4\u03cd\u03c0\u03bf\u03c2 \u03c0\u03c1\u03bf\u03ca\u03cc\u03bd\u03c4\u03bf\u03c2<\/b><span>\u00a0<\/span>\u039b\u03bf\u03cd\u03c4\u03c1\u03b9\u03bd\u03bf \u03c0\u03b1\u03b9\u03c7\u03bd\u03af\u03b4\u03b9 manga One Piece<\/li>\n<\/ul>\n<ul>\n<li>\n<b>\u03a7\u03c1\u03ae\u03c3\u03b7 \u03c4\u03bf\u03c5 Peluce<\/b>\u00a0\u03a0\u03b1\u03b9\u03c7\u03bd\u03af\u03b4\u03b9\u03b1, \u03b4\u03b9\u03b1\u03ba\u03bf\u03c3\u03bc\u03b7\u03c4\u03b9\u03ba\u03ac, \u03c3\u03c5\u03bb\u03bb\u03b5\u03ba\u03c4\u03b9\u03ba\u03ac \u03b5\u03af\u03b4\u03b7, \u03b4\u03ce\u03c1\u03b1<\/li>\n<\/ul>\n<ul>\n<li>\n<b>\u038c\u03bd\u03bf\u03bc\u03b1 \u03c7\u03b1\u03c1\u03b1\u03ba\u03c4\u03ae\u03c1\u03b1<\/b>\u00a0\u03a4\u03cc\u03bd\u03b9 \u03a4\u03c3\u03cc\u03c0\u03b5\u03c1<\/li>\n<\/ul>\n<ul>\n<li>\n<b>\u039c\u03ad\u03b3\u03b5\u03b8\u03bf\u03c2 \u03bb\u03bf\u03cd\u03c4\u03c1\u03b9\u03bd\u03bf\u03c5 \u03c0\u03b1\u03b9\u03c7\u03bd\u03b9\u03b4\u03b9\u03bf\u03cd<\/b>\u00a0: 30 \u03b5\u03ba\u03b1\u03c4\u03bf\u03c3\u03c4\u03ac<\/li>\n<\/ul>\n<ul>\n<li>\n<b>\u03a5\u03bb\u03b7<\/b>\u00a0\u0392\u03b1\u03bc\u03b2\u03ac\u03ba\u03b9<\/li>\n<\/ul>\n<ul>\n<li>\n<b>\u03a3\u03c5\u03bd\u03b9\u03c3\u03c4\u03ce\u03bc\u03b5\u03bd\u03b7 \u03b7\u03bb\u03b9\u03ba\u03af\u03b1<\/b>\u00a0: \u03c0\u03b5\u03c1\u03b9\u03c3\u03c3\u03cc\u03c4\u03b5\u03c1\u03bf \u03b1\u03c0\u03cc 3 \u03c7\u03c1\u03cc\u03bd\u03b9\u03b1<\/li>\n<\/ul>\n<ul>\n<li>\n<b>\u0394\u03c9\u03c1\u03b5\u03ac\u03bd \u03c0\u03b1\u03c1\u03ac\u03b4\u03bf\u03c3\u03b7<\/b> \u03b3\u03b9\u03b1 \u03bf\u03c0\u03bf\u03b9\u03b1\u03b4\u03ae\u03c0\u03bf\u03c4\u03b5 \u03b1\u03b3\u03bf\u03c1\u03ac<\/li>\n<\/ul>","protected":false},"excerpt":{"rendered":"<p>Jeune pirate, le moment est venu pour toi d&rsquo;acqu\u00e9rir cette Peluche Tony Tony Chopper. Tony Tony Chopper, est le docteur de l&rsquo;\u00c9quipage du Chapeau de Paille. Chopper est un renne qui a mang\u00e9 le Hito Hito no Mi, lui permettant de se transformer en humain. D\u0092ailleurs, la peluche Tony Chopper cosplay avec Luffy est \u00e0 [&hellip;]<\/p>","protected":false},"featured_media":8384,"comment_status":"open","ping_status":"open","template":"","meta":[],"product_brand":[],"product_cat":[163,177],"product_tag":[165],"class_list":{"0":"post-8382","1":"product","2":"type-product","3":"status-publish","4":"has-post-thumbnail","6":"product_cat-goodies-tony-tony-chopper-one-piece","7":"product_cat-peluches-one-piece","8":"product_tag-chopper","10":"first","11":"instock","12":"purchasable","13":"product-type-simple"},"yoast_head":"<!-- This site is optimized with the Yoast SEO plugin v27.5 - https:\/\/yoast.com\/product\/yoast-seo-wordpress\/ -->\n<title>Peluche Tony Tony Chopper | Boutique One Piece<\/title>\n<meta name=\"description\" content=\"D\u00e9couvrez la peluche One Piece Chopper, elle est aussi douce que mignonne ! Commencez votre aventure de pirate \u00e0 la recherche du One Piece dans l&#039;\u00e9quipage du Chapeau de Paille\" \/>\n<meta name=\"robots\" content=\"index, follow, max-snippet:-1, max-image-preview:large, max-video-preview:-1\" \/>\n<link rel=\"canonical\" href=\"https:\/\/boutique-one-piece.com\/el\/\u03bb\u03bf\u03cd\u03c4\u03c1\u03b9\u03bd\u03b1-\u03c0\u03b1\u03b9\u03c7\u03bd\u03af\u03b4\u03b9\u03b1-one-piece\/\u03bb\u03bf\u03cd\u03c4\u03c1\u03b9\u03bd\u03bf-\u03c0\u03b1\u03b9\u03c7\u03bd\u03af\u03b4\u03b9-tony-the-chopper\/\" \/>\n<meta property=\"og:locale\" content=\"el_GR\" \/>\n<meta property=\"og:type\" content=\"article\" \/>\n<meta property=\"og:title\" content=\"Peluche Tony Tony Chopper | Boutique One Piece\" \/>\n<meta property=\"og:description\" content=\"D\u00e9couvrez la peluche One Piece Chopper, elle est aussi douce que mignonne ! Commencez votre aventure de pirate \u00e0 la recherche du One Piece dans l&#039;\u00e9quipage du Chapeau de Paille\" \/>\n<meta property=\"og:url\" content=\"https:\/\/boutique-one-piece.com\/el\/\u03bb\u03bf\u03cd\u03c4\u03c1\u03b9\u03bd\u03b1-\u03c0\u03b1\u03b9\u03c7\u03bd\u03af\u03b4\u03b9\u03b1-one-piece\/\u03bb\u03bf\u03cd\u03c4\u03c1\u03b9\u03bd\u03bf-\u03c0\u03b1\u03b9\u03c7\u03bd\u03af\u03b4\u03b9-tony-the-chopper\/\" \/>\n<meta property=\"og:site_name\" content=\"Boutique One Piece\" \/>\n<meta property=\"article:modified_time\" content=\"2026-04-09T14:38:32+00:00\" \/>\n<meta property=\"og:image\" content=\"https:\/\/boutique-one-piece.com\/wp-content\/uploads\/2022\/09\/Peluche-Tony-Tony-Chopper-1.png\" \/>\n\t<meta property=\"og:image:width\" content=\"500\" \/>\n\t<meta property=\"og:image:height\" content=\"500\" \/>\n\t<meta property=\"og:image:type\" content=\"image\/png\" \/>\n<meta name=\"twitter:card\" content=\"summary_large_image\" \/>\n<meta name=\"twitter:label1\" content=\"\u0395\u03ba\u03c4\u03b9\u03bc\u03ce\u03bc\u03b5\u03bd\u03bf\u03c2 \u03c7\u03c1\u03cc\u03bd\u03bf\u03c2 \u03b1\u03bd\u03ac\u03b3\u03bd\u03c9\u03c3\u03b7\u03c2\" \/>\n\t<meta name=\"twitter:data1\" content=\"2 \u03bb\u03b5\u03c0\u03c4\u03ac\" \/>\n<script type=\"application\/ld+json\" class=\"yoast-schema-graph\">{\"@context\":\"https:\\\/\\\/schema.org\",\"@graph\":[{\"@type\":\"WebPage\",\"@id\":\"https:\\\/\\\/boutique-one-piece.com\\\/peluches-one-piece\\\/peluche-tony-tony-chopper\\\/\",\"url\":\"https:\\\/\\\/boutique-one-piece.com\\\/peluches-one-piece\\\/peluche-tony-tony-chopper\\\/\",\"name\":\"Peluche Tony Tony Chopper | Boutique One Piece\",\"isPartOf\":{\"@id\":\"https:\\\/\\\/boutique-one-piece.com\\\/#website\"},\"primaryImageOfPage\":{\"@id\":\"https:\\\/\\\/boutique-one-piece.com\\\/peluches-one-piece\\\/peluche-tony-tony-chopper\\\/#primaryimage\"},\"image\":{\"@id\":\"https:\\\/\\\/boutique-one-piece.com\\\/peluches-one-piece\\\/peluche-tony-tony-chopper\\\/#primaryimage\"},\"thumbnailUrl\":\"https:\\\/\\\/boutique-one-piece.com\\\/wp-content\\\/uploads\\\/2022\\\/09\\\/Peluche-Tony-Tony-Chopper-1.png\",\"datePublished\":\"2022-09-27T18:54:22+00:00\",\"dateModified\":\"2026-04-09T14:38:32+00:00\",\"description\":\"D\u00e9couvrez la peluche One Piece Chopper, elle est aussi douce que mignonne ! Commencez votre aventure de pirate \u00e0 la recherche du One Piece dans l'\u00e9quipage du Chapeau de Paille\",\"breadcrumb\":{\"@id\":\"https:\\\/\\\/boutique-one-piece.com\\\/peluches-one-piece\\\/peluche-tony-tony-chopper\\\/#breadcrumb\"},\"inLanguage\":\"el\",\"potentialAction\":[{\"@type\":\"ReadAction\",\"target\":[\"https:\\\/\\\/boutique-one-piece.com\\\/peluches-one-piece\\\/peluche-tony-tony-chopper\\\/\"]}]},{\"@type\":\"ImageObject\",\"inLanguage\":\"el\",\"@id\":\"https:\\\/\\\/boutique-one-piece.com\\\/peluches-one-piece\\\/peluche-tony-tony-chopper\\\/#primaryimage\",\"url\":\"https:\\\/\\\/boutique-one-piece.com\\\/wp-content\\\/uploads\\\/2022\\\/09\\\/Peluche-Tony-Tony-Chopper-1.png\",\"contentUrl\":\"https:\\\/\\\/boutique-one-piece.com\\\/wp-content\\\/uploads\\\/2022\\\/09\\\/Peluche-Tony-Tony-Chopper-1.png\",\"width\":500,\"height\":500},{\"@type\":\"BreadcrumbList\",\"@id\":\"https:\\\/\\\/boutique-one-piece.com\\\/peluches-one-piece\\\/peluche-tony-tony-chopper\\\/#breadcrumb\",\"itemListElement\":[{\"@type\":\"ListItem\",\"position\":1,\"name\":\"Home\",\"item\":\"https:\\\/\\\/boutique-one-piece.com\\\/\"},{\"@type\":\"ListItem\",\"position\":2,\"name\":\"Shop\",\"item\":\"https:\\\/\\\/boutique-one-piece.com\\\/shop\\\/\"},{\"@type\":\"ListItem\",\"position\":3,\"name\":\"Peluche Tony Tony Chopper\"}]},{\"@type\":\"WebSite\",\"@id\":\"https:\\\/\\\/boutique-one-piece.com\\\/#website\",\"url\":\"https:\\\/\\\/boutique-one-piece.com\\\/\",\"name\":\"Boutique One Piece\",\"description\":\"Magasin Sp\u00e9cialis\u00e9 du Manga et l&#039;Anime One Piece\",\"publisher\":{\"@id\":\"https:\\\/\\\/boutique-one-piece.com\\\/#organization\"},\"potentialAction\":[{\"@type\":\"SearchAction\",\"target\":{\"@type\":\"EntryPoint\",\"urlTemplate\":\"https:\\\/\\\/boutique-one-piece.com\\\/?s={search_term_string}\"},\"query-input\":{\"@type\":\"PropertyValueSpecification\",\"valueRequired\":true,\"valueName\":\"search_term_string\"}}],\"inLanguage\":\"el\"},{\"@type\":\"Organization\",\"@id\":\"https:\\\/\\\/boutique-one-piece.com\\\/#organization\",\"name\":\"Boutique One Piece\",\"url\":\"https:\\\/\\\/boutique-one-piece.com\\\/\",\"logo\":{\"@type\":\"ImageObject\",\"inLanguage\":\"el\",\"@id\":\"https:\\\/\\\/boutique-one-piece.com\\\/#\\\/schema\\\/logo\\\/image\\\/\",\"url\":\"https:\\\/\\\/boutique-one-piece.com\\\/wp-content\\\/uploads\\\/2022\\\/09\\\/Logo-01.png\",\"contentUrl\":\"https:\\\/\\\/boutique-one-piece.com\\\/wp-content\\\/uploads\\\/2022\\\/09\\\/Logo-01.png\",\"width\":2318,\"height\":957,\"caption\":\"Boutique One Piece\"},\"image\":{\"@id\":\"https:\\\/\\\/boutique-one-piece.com\\\/#\\\/schema\\\/logo\\\/image\\\/\"}}]}<\/script>\n<!-- \/ Yoast SEO plugin. -->","yoast_head_json":{"title":"\u039b\u03bf\u03cd\u03c4\u03c1\u03b9\u03bd\u03bf Tony Tony Chopper | \u039a\u03b1\u03c4\u03ac\u03c3\u03c4\u03b7\u03bc\u03b1 \u039f\u03bb\u03cc\u03c3\u03c9\u03bc\u03c9\u03bd \u03a0\u03b9\u03ac\u03c4\u03c9\u03bd","description":"\u0391\u03bd\u03b1\u03ba\u03b1\u03bb\u03cd\u03c8\u03c4\u03b5 \u03c4\u03bf \u03bb\u03bf\u03cd\u03c4\u03c1\u03b9\u03bd\u03bf One Piece Chopper, \u03b5\u03af\u03bd\u03b1\u03b9 \u03c4\u03cc\u03c3\u03bf \u03b1\u03c0\u03b1\u03bb\u03cc \u03cc\u03c3\u03bf \u03ba\u03b1\u03b9 \u03c7\u03b1\u03c1\u03b9\u03c4\u03c9\u03bc\u03ad\u03bd\u03bf! \u039e\u03b5\u03ba\u03b9\u03bd\u03ae\u03c3\u03c4\u03b5 \u03c4\u03b7\u03bd \u03c0\u03b5\u03b9\u03c1\u03b1\u03c4\u03b9\u03ba\u03ae \u03c3\u03b1\u03c2 \u03c0\u03b5\u03c1\u03b9\u03c0\u03ad\u03c4\u03b5\u03b9\u03b1 \u03b1\u03bd\u03b1\u03b6\u03b7\u03c4\u03ce\u03bd\u03c4\u03b1\u03c2 \u03c4\u03bf One Piece \u03bc\u03b5 \u03c4\u03b7\u03bd \u03bf\u03bc\u03ac\u03b4\u03b1 Straw Hat.","robots":{"index":"index","follow":"follow","max-snippet":"max-snippet:-1","max-image-preview":"max-image-preview:large","max-video-preview":"max-video-preview:-1"},"canonical":"https:\/\/boutique-one-piece.com\/el\/\u03bb\u03bf\u03cd\u03c4\u03c1\u03b9\u03bd\u03b1-\u03c0\u03b1\u03b9\u03c7\u03bd\u03af\u03b4\u03b9\u03b1-one-piece\/\u03bb\u03bf\u03cd\u03c4\u03c1\u03b9\u03bd\u03bf-\u03c0\u03b1\u03b9\u03c7\u03bd\u03af\u03b4\u03b9-tony-the-chopper\/","og_locale":"el_GR","og_type":"article","og_title":"Peluche Tony Tony Chopper | Boutique One Piece","og_description":"D\u00e9couvrez la peluche One Piece Chopper, elle est aussi douce que mignonne ! Commencez votre aventure de pirate \u00e0 la recherche du One Piece dans l'\u00e9quipage du Chapeau de Paille","og_url":"https:\/\/boutique-one-piece.com\/el\/\u03bb\u03bf\u03cd\u03c4\u03c1\u03b9\u03bd\u03b1-\u03c0\u03b1\u03b9\u03c7\u03bd\u03af\u03b4\u03b9\u03b1-one-piece\/\u03bb\u03bf\u03cd\u03c4\u03c1\u03b9\u03bd\u03bf-\u03c0\u03b1\u03b9\u03c7\u03bd\u03af\u03b4\u03b9-tony-the-chopper\/","og_site_name":"Boutique One Piece","article_modified_time":"2026-04-09T14:38:32+00:00","og_image":[{"width":500,"height":500,"url":"https:\/\/boutique-one-piece.com\/wp-content\/uploads\/2022\/09\/Peluche-Tony-Tony-Chopper-1.png","type":"image\/png"}],"twitter_card":"summary_large_image","twitter_misc":{"\u0395\u03ba\u03c4\u03b9\u03bc\u03ce\u03bc\u03b5\u03bd\u03bf\u03c2 \u03c7\u03c1\u03cc\u03bd\u03bf\u03c2 \u03b1\u03bd\u03ac\u03b3\u03bd\u03c9\u03c3\u03b7\u03c2":"2 \u03bb\u03b5\u03c0\u03c4\u03ac"},"schema":{"@context":"https:\/\/schema.org","@graph":[{"@type":"WebPage","@id":"https:\/\/boutique-one-piece.com\/peluches-one-piece\/peluche-tony-tony-chopper\/","url":"https:\/\/boutique-one-piece.com\/peluches-one-piece\/peluche-tony-tony-chopper\/","name":"\u039b\u03bf\u03cd\u03c4\u03c1\u03b9\u03bd\u03bf Tony Tony Chopper | \u039a\u03b1\u03c4\u03ac\u03c3\u03c4\u03b7\u03bc\u03b1 \u039f\u03bb\u03cc\u03c3\u03c9\u03bc\u03c9\u03bd \u03a0\u03b9\u03ac\u03c4\u03c9\u03bd","isPartOf":{"@id":"https:\/\/boutique-one-piece.com\/#website"},"primaryImageOfPage":{"@id":"https:\/\/boutique-one-piece.com\/peluches-one-piece\/peluche-tony-tony-chopper\/#primaryimage"},"image":{"@id":"https:\/\/boutique-one-piece.com\/peluches-one-piece\/peluche-tony-tony-chopper\/#primaryimage"},"thumbnailUrl":"https:\/\/boutique-one-piece.com\/wp-content\/uploads\/2022\/09\/Peluche-Tony-Tony-Chopper-1.png","datePublished":"2022-09-27T18:54:22+00:00","dateModified":"2026-04-09T14:38:32+00:00","description":"\u0391\u03bd\u03b1\u03ba\u03b1\u03bb\u03cd\u03c8\u03c4\u03b5 \u03c4\u03bf \u03bb\u03bf\u03cd\u03c4\u03c1\u03b9\u03bd\u03bf One Piece Chopper, \u03b5\u03af\u03bd\u03b1\u03b9 \u03c4\u03cc\u03c3\u03bf \u03b1\u03c0\u03b1\u03bb\u03cc \u03cc\u03c3\u03bf \u03ba\u03b1\u03b9 \u03c7\u03b1\u03c1\u03b9\u03c4\u03c9\u03bc\u03ad\u03bd\u03bf! \u039e\u03b5\u03ba\u03b9\u03bd\u03ae\u03c3\u03c4\u03b5 \u03c4\u03b7\u03bd \u03c0\u03b5\u03b9\u03c1\u03b1\u03c4\u03b9\u03ba\u03ae \u03c3\u03b1\u03c2 \u03c0\u03b5\u03c1\u03b9\u03c0\u03ad\u03c4\u03b5\u03b9\u03b1 \u03b1\u03bd\u03b1\u03b6\u03b7\u03c4\u03ce\u03bd\u03c4\u03b1\u03c2 \u03c4\u03bf One Piece \u03bc\u03b5 \u03c4\u03b7\u03bd \u03bf\u03bc\u03ac\u03b4\u03b1 Straw Hat.","breadcrumb":{"@id":"https:\/\/boutique-one-piece.com\/peluches-one-piece\/peluche-tony-tony-chopper\/#breadcrumb"},"inLanguage":"el","potentialAction":[{"@type":"ReadAction","target":["https:\/\/boutique-one-piece.com\/peluches-one-piece\/peluche-tony-tony-chopper\/"]}]},{"@type":"ImageObject","inLanguage":"el","@id":"https:\/\/boutique-one-piece.com\/peluches-one-piece\/peluche-tony-tony-chopper\/#primaryimage","url":"https:\/\/boutique-one-piece.com\/wp-content\/uploads\/2022\/09\/Peluche-Tony-Tony-Chopper-1.png","contentUrl":"https:\/\/boutique-one-piece.com\/wp-content\/uploads\/2022\/09\/Peluche-Tony-Tony-Chopper-1.png","width":500,"height":500},{"@type":"BreadcrumbList","@id":"https:\/\/boutique-one-piece.com\/peluches-one-piece\/peluche-tony-tony-chopper\/#breadcrumb","itemListElement":[{"@type":"ListItem","position":1,"name":"Home","item":"https:\/\/boutique-one-piece.com\/"},{"@type":"ListItem","position":2,"name":"Shop","item":"https:\/\/boutique-one-piece.com\/shop\/"},{"@type":"ListItem","position":3,"name":"Peluche Tony Tony Chopper"}]},{"@type":"WebSite","@id":"https:\/\/boutique-one-piece.com\/#website","url":"https:\/\/boutique-one-piece.com\/","name":"\u039a\u03b1\u03c4\u03ac\u03c3\u03c4\u03b7\u03bc\u03b1 One Piece","description":"\u0395\u03be\u03b5\u03b9\u03b4\u03b9\u03ba\u03b5\u03c5\u03bc\u03ad\u03bd\u03bf \u03ba\u03b1\u03c4\u03ac\u03c3\u03c4\u03b7\u03bc\u03b1 \u03b3\u03b9\u03b1 One Piece Manga \u03ba\u03b1\u03b9 Anime","publisher":{"@id":"https:\/\/boutique-one-piece.com\/#organization"},"potentialAction":[{"@type":"SearchAction","target":{"@type":"EntryPoint","urlTemplate":"https:\/\/boutique-one-piece.com\/?s={search_term_string}"},"query-input":{"@type":"PropertyValueSpecification","valueRequired":true,"valueName":"search_term_string"}}],"inLanguage":"el"},{"@type":"Organization","@id":"https:\/\/boutique-one-piece.com\/#organization","name":"\u039a\u03b1\u03c4\u03ac\u03c3\u03c4\u03b7\u03bc\u03b1 One Piece","url":"https:\/\/boutique-one-piece.com\/","logo":{"@type":"ImageObject","inLanguage":"el","@id":"https:\/\/boutique-one-piece.com\/#\/schema\/logo\/image\/","url":"https:\/\/boutique-one-piece.com\/wp-content\/uploads\/2022\/09\/Logo-01.png","contentUrl":"https:\/\/boutique-one-piece.com\/wp-content\/uploads\/2022\/09\/Logo-01.png","width":2318,"height":957,"caption":"Boutique One Piece"},"image":{"@id":"https:\/\/boutique-one-piece.com\/#\/schema\/logo\/image\/"}}]}},"_links":{"self":[{"href":"https:\/\/boutique-one-piece.com\/el\/wp-json\/wp\/v2\/product\/8382","targetHints":{"allow":["GET"]}}],"collection":[{"href":"https:\/\/boutique-one-piece.com\/el\/wp-json\/wp\/v2\/product"}],"about":[{"href":"https:\/\/boutique-one-piece.com\/el\/wp-json\/wp\/v2\/types\/product"}],"replies":[{"embeddable":true,"href":"https:\/\/boutique-one-piece.com\/el\/wp-json\/wp\/v2\/comments?post=8382"}],"wp:featuredmedia":[{"embeddable":true,"href":"https:\/\/boutique-one-piece.com\/el\/wp-json\/wp\/v2\/media\/8384"}],"wp:attachment":[{"href":"https:\/\/boutique-one-piece.com\/el\/wp-json\/wp\/v2\/media?parent=8382"}],"wp:term":[{"taxonomy":"product_brand","embeddable":true,"href":"https:\/\/boutique-one-piece.com\/el\/wp-json\/wp\/v2\/product_brand?post=8382"},{"taxonomy":"product_cat","embeddable":true,"href":"https:\/\/boutique-one-piece.com\/el\/wp-json\/wp\/v2\/product_cat?post=8382"},{"taxonomy":"product_tag","embeddable":true,"href":"https:\/\/boutique-one-piece.com\/el\/wp-json\/wp\/v2\/product_tag?post=8382"}],"curies":[{"name":"\u03b5\u03c1\u03b3\u03b1\u03c3\u03af\u03b1","href":"https:\/\/api.w.org\/{rel}","templated":true}]}}